{"id":4103,"date":"2023-08-25T13:03:52","date_gmt":"2023-08-25T13:03:52","guid":{"rendered":"https:\/\/egytourpackages.com\/product\/tagesausflug-dendera-und-abydos-ab-luxor\/"},"modified":"2026-01-09T12:03:26","modified_gmt":"2026-01-09T12:03:26","slug":"tagesausflug-dendera-und-abydos-ab-luxor","status":"publish","type":"product","link":"https:\/\/egytourpackages.com\/de\/touren\/tagesausflug-dendera-und-abydos-ab-luxor\/","title":{"rendered":"Tagesausflug Dendera und Abydos ab Luxor"},"content":{"rendered":"<p><strong><span style=\"color: #ff6600;\">Tagesausflug Dendera und Abydos ab Luxor<\/span><\/strong><\/p>\n<p>Buchen Sie Ihren bereichernden <strong>Tagesausflug Dendera und Abydos ab Luxor<\/strong>\u00a0und erkunden Sie zwei der sch\u00f6nsten pharaonischen Tempel w\u00e4hrend Ihrer <strong>Luxor Tagestouren<\/strong>. Diese umfassende <strong>Luxor nach Dendera und Abydos Tour<\/strong> bietet eine einzigartige Gelegenheit, Tempel zu erkunden, die selten in Standard-Reiserouten enthalten sind. Ihre <strong>private Dendera Abydos Tour Luxor<\/strong> beginnt mit einem Besuch des pr\u00e4chtigen <strong>Hathor-Tempels Dendera Luxor<\/strong>, der f\u00fcr seine lebendigen astronomischen Decken und die Darstellung von <strong>Kleopatra VII<\/strong> bekannt ist. Anschlie\u00dfend begeben Sie sich in die heilige Stadt Abydos, um die tiefgr\u00fcndige <strong>Abydos Tempel Tour ab Luxor<\/strong> zu erkunden, insbesondere den beeindruckenden <strong>Tempel von Sethos I.<\/strong>, ber\u00fchmt f\u00fcr seine detailreiche <strong>K\u00f6nigsliste<\/strong> und atemberaubenden erhabenen Reliefs. Diese <strong>Luxor Ausfl\u00fcge Dendera Abydos<\/strong> Reise enth\u00fcllt die Kunstfertigkeit und tiefe religi\u00f6se Bedeutung des alten \u00c4gypten abseits der Menschenmassen und sorgt f\u00fcr ein wirklich unvergessliches historisches Erlebnis.<\/p>\n<h3><span style=\"color: #ff6600;\">Tour Details<\/span><\/h3>\n<p>Dauer: 1 Tag<\/p>\n<p>Tour-Ort: Dendera \/ Abydos<\/p>\n<p>Verf\u00fcgbarkeit der Tour: T\u00e4glich<\/p>\n<p>Abholung &amp; R\u00fccktransfer: Ihr Hotel in Luxor<\/p>\n<p>Tour-Typ: Privat<\/p>\n<p>Rollstuhlgerecht: Zug\u00e4nglich<\/p>\n<h3><span style=\"color: #ff6600;\">Tour H\u00f6hepunkte<\/span><\/h3>\n<ul>\n<li>Hathor-Tempel in Dendera<\/li>\n<li>Isis-Kapelle<\/li>\n<li>Dendera Krypten<\/li>\n<li>Sethos I. Tempel in Abydos<\/li>\n<li>Osireion-Tempel von au\u00dfen<\/li>\n<li>Ramses II. Tempel in Abydos<\/li>\n<\/ul>\n<h3><span style=\"color: #ff6600;\">Inklusive<\/span><\/h3>\n<ul>\n<li>Hin- und R\u00fccktransfer mit modernem klimatisiertem Fahrzeug<\/li>\n<li>\u00c4gyptologe als Reisef\u00fchrer<\/li>\n<li>Eintrittsgelder f\u00fcr alle Sehensw\u00fcrdigkeiten<\/li>\n<li>Mittagessen in einem lokalen Restaurant in Abydos<\/li>\n<\/ul>\n<h3><span style=\"color: #ff6600;\">Exklusive<\/span><\/h3>\n<ul>\n<li>Getr\u00e4nke w\u00e4hrend des Mittagessens<\/li>\n<li>Trinkgelder<\/li>\n<\/ul>\n<h3><span style=\"color: #ff6600;\">Was einzupacken<\/span><\/h3>\n<ul>\n<li>Hut, Sonnenbrille &amp; Sonnencreme<\/li>\n<li>Bequeme Schuhe und Kleidung<\/li>\n<li>Etwas Kleingeld f\u00fcr pers\u00f6nliche Ausgaben<\/li>\n<\/ul>\n<h3><span style=\"color: #ff6600;\">Reiseroute<\/span><\/h3>\n<p>Ihr Tag beginnt nach der Abholung von Ihrem Hotel in Luxor und der Fahrt zum <strong>Hathor-Tempel<\/strong> in Dendera. Bei der Ankunft genie\u00dfen Sie es, von Ihrem Reisef\u00fchrer etwas \u00fcber die alte <strong>\u00e4gyptische Mythologie<\/strong> zu erfahren. Der Dendera-Tempel ist ein H\u00f6hepunkt Ihrer <strong>Luxor nach Dendera und Abydos Tour<\/strong>, da er einer der am besten erhaltenen Tempelkomplexe in ganz \u00c4gypten ist. Tats\u00e4chlich begann der Bau dieses Tempels mit <strong>Pepi I.<\/strong> aus der sechsten Dynastie, dem <strong>Alten Reich<\/strong>, dann <strong>Mentuhotep III.<\/strong>, <strong>Thutmosis III.<\/strong>, Nektanebo II. bis zur R\u00f6merzeit. In der Zwischenzeit haben viele r\u00f6mische Kaiser den Tempel erweitert, wie Domitian, <strong>Trajan<\/strong>, Claudius, Nero und <strong>Tiberius<\/strong>.<\/p>\n<p>Dar\u00fcber hinaus zeigen die Reliefs des Hathor-Tempels alte <strong>\u00e4gyptische Feste<\/strong>, insbesondere das wundersch\u00f6ne Fest der Wiedervereinigung zwischen <strong>Horus von Edfu<\/strong> und Hathor von Dendera. Auch der alte <strong>Neujahrstag<\/strong> zusammen mit den <strong>Dendera Krypten<\/strong> und den <strong>Tierkreiszeichen<\/strong> geh\u00f6ren zu den Tempel-Highlights bei <strong>\u00c4gypten Touren<\/strong>. Der Dendera-Tempel verf\u00fcgt au\u00dferdem \u00fcber 14 unterirdische Krypten mit dem ber\u00fchmten Dendera-Gl\u00fchbirnen-Design. Dar\u00fcber hinaus ist Dendera einzigartig f\u00fcr seine prominente Darstellung von <strong>Kleopatra VII.<\/strong> und ihrem Sohn Caesarion an einer seiner Au\u00dfenw\u00e4nde. Am Ende Ihrer Tour haben Sie etwas Freizeit, um Fotos zu machen, bevor wir Sie zur n\u00e4chsten Station, dem Tempel von Sethos I., fahren.<\/p>\n<h3><span style=\"color: #ff6600;\">Abydos Tempel<\/span><\/h3>\n<p>Nach einer kurzen Fahrt zum Abydos-Tempel werden Sie von der sch\u00f6nen Farbe des Abydos-Tempels von Pharao Sethos I. bei <strong>\u00c4gypten Tagestouren<\/strong> begeistert sein. Die <strong>Abydos Tempel Tour ab Luxor<\/strong> konzentriert sich haupts\u00e4chlich auf den pr\u00e4chtigen <strong>Tempel von Sethos I.<\/strong>, ein Meisterwerk des Neuen Reiches und ein H\u00f6hepunkt jeder umfassenden <strong>Luxor nach Dendera und Abydos Tour<\/strong>. Tats\u00e4chlich war Abydos das Hauptkultzentrum f\u00fcr den Gott <strong>Osiris<\/strong>, der als seine Grabst\u00e4tte galt, was es zu einem wichtigen Wallfahrtsziel f\u00fcr die alten \u00c4gypter machte, die Segnungen f\u00fcr das Jenseits suchten. Erkunden Sie die 7 Schreine von Horus, <strong>Isis<\/strong>, <strong>Osiris<\/strong>, Ptah, Re-Harachte, Amun-Re und auch einen f\u00fcr Sethos selbst. Ein weiteres Schl\u00fcsselmerkmal im Tempel ist die ber\u00fchmte <strong>Abydos K\u00f6nigsliste<\/strong> mit den Kartuschen von 76 K\u00f6nigen aus der <strong>pr\u00e4dynastischen Periode<\/strong>, von Menes bis Sethos selbst.<\/p>\n<p>\u00dcber den Haupttempel hinaus erkunden Sie auch das r\u00e4tselhafte <strong>Osireion<\/strong>, eine einzigartige unterirdische megalithische Struktur hinter dem Tempel von Sethos I., die als symbolisches Grab f\u00fcr Osiris selbst gilt. Diese <strong>private Dendera Abydos Tour Luxor<\/strong> bietet ein ruhiges und zutiefst spirituelles Erlebnis, das es Ihnen erm\u00f6glicht, sich mit den Wurzeln der alt\u00e4gyptischen \u00dcberzeugungen zu verbinden. Am Ende Ihrer \u00c4gypten-Touren nach Dendera Abydos fahren wir Sie zur\u00fcck zu Ihrem Hotel in Luxor.<\/p>\n<h3><span style=\"color: #ff6600;\">Tagesausflug Dendera und Abydos ab Luxor Preis<\/span><\/h3>\n<p>Erwachsenenpreis = 100 \u20ac<\/p>\n<p>Kinder 0-5 Jahre = kostenfrei<\/p>\n<p>Kinder 5-11 Jahre = 50% des Erwachsenenpreises<\/p>\n<h3><span style=\"color: #ff6600;\">Buchung<\/span><\/h3>\n<p>Sie k\u00f6nnen Ihre Tour per WhatsApp buchen oder uns eine E-Mail senden und erhalten die Best\u00e4tigung vor Ort. Bitte senden Sie uns Ihren Hotelnamen, Zimmernummer und Reisepasskopien.<\/p>\n<p><strong>WhatsApp +201000852186 <\/strong><\/p>\n<p>info@egytourpackages.com<\/p>\n<h3><span style=\"color: #ff6600;\">Jetzt buchen &amp; vor Ort bezahlen <\/span><\/h3>\n<p>Buchen Sie Ihre Lieblingstour und bezahlen Sie am Reisetag<\/p>\n<h3><span style=\"color: #ff6600;\">Zahlung<\/span><\/h3>\n<p>Sie k\u00f6nnen in \u00e4gyptischen Pfund, $, \u20ac oder \u00a3 bezahlen.<\/p>\n<h3><span style=\"color: #ff6600;\">Stornierungsbedingungen<\/span><\/h3>\n<p>Kostenlose Stornierung bis zu 24 Stunden im Voraus Stornierung am Morgen 50% des Preises<\/p>\n","protected":false},"excerpt":{"rendered":"<hr data-sourcepos=\"1:1-1:3\" \/>\n<p data-sourcepos=\"2:1-2:183\">Tagesausflug Dendera &amp; Abydos ab Luxor: Entdecken Sie die Dendera-Gl\u00fchbirne, Krypten, Osiris-Kapelle, K\u00f6nigsliste Abydos, Osireion &amp; Ramses-Tempel.<\/p>\n","protected":false},"featured_media":2957,"comment_status":"open","ping_status":"closed","template":"","meta":[],"product_brand":[],"product_cat":[1494],"product_tag":[1558,1559],"class_list":{"0":"post-4103","1":"product","2":"type-product","3":"status-publish","4":"has-post-thumbnail","6":"product_cat-touren","7":"product_tag-abydos-tempel","8":"product_tag-dendera-tempel","9":"tour_category-agypten-tagestouren","10":"tour_category-luxor-tagestouren","12":"first","13":"instock","14":"sale","15":"shipping-taxable","16":"purchasable","17":"product-type-tour","18":"has-default-attributes"},"yoast_head":"<!-- This site is optimized with the Yoast SEO Premium plugin v27.4 (Yoast SEO v27.4) - https:\/\/yoast.com\/product\/yoast-seo-premium-wordpress\/ -->\n<title>Tagesausflug Dendera und Abydos ab Luxor | Top Luxor Ausfl\u00fcge<\/title>\n<meta name=\"description\" content=\"Tagesausflug Dendera und Abydos ab Luxor : Entdecken Sie die Dendera-Gl\u00fchbirne, Krypten, Osiris-Kapelle, K\u00f6nigsliste Abydos, Osireion &amp; Ramses-Tempel.\" \/>\n<meta name=\"robots\" content=\"index, follow, max-snippet:-1, max-image-preview:large, max-video-preview:-1\" \/>\n<link rel=\"canonical\" href=\"https:\/\/egytourpackages.com\/de\/touren\/tagesausflug-dendera-und-abydos-ab-luxor\/\" \/>\n<meta property=\"og:locale\" content=\"de_DE\" \/>\n<meta property=\"og:type\" content=\"article\" \/>\n<meta property=\"og:title\" content=\"Tagesausflug Dendera und Abydos ab Luxor\" \/>\n<meta property=\"og:description\" content=\"Tagesausflug Dendera &amp; Abydos ab Luxor: Entdecken Sie die Dendera-Gl\u00fchbirne, Krypten, Osiris-Kapelle, K\u00f6nigsliste Abydos, Osireion &amp; Ramses-Tempel.\" \/>\n<meta property=\"og:url\" content=\"https:\/\/egytourpackages.com\/de\/touren\/tagesausflug-dendera-und-abydos-ab-luxor\/\" \/>\n<meta property=\"og:site_name\" content=\"\u00c4gypten-Reisepakete\" \/>\n<meta property=\"article:publisher\" content=\"https:\/\/www.facebook.com\/egytourpackages\" \/>\n<meta property=\"article:modified_time\" content=\"2026-01-09T12:03:26+00:00\" \/>\n<meta property=\"og:image\" content=\"https:\/\/egytourpackages.com\/wp-content\/uploads\/2023\/08\/Dendera-temple-Qena-1024x768.jpg\" \/>\n<meta name=\"twitter:card\" content=\"summary_large_image\" \/>\n<meta name=\"twitter:title\" content=\"Tagesausflug Dendera und Abydos ab Luxor\" \/>\n<meta name=\"twitter:description\" content=\"Tagesausflug Dendera und Abydos ab Luxor | Entdecken Sie die Dendera-Gl\u00fchbirne, die Dendera Krypten, die Osiris-Kapelle, die K\u00f6nigsliste von Abydos, das Osireion und den Ramses-Tempel.\" \/>\n<meta name=\"twitter:image\" content=\"https:\/\/egytourpackages.com\/wp-content\/uploads\/2023\/08\/Dendera-temple-Qena-1024x768.jpg\" \/>\n<meta name=\"twitter:label1\" content=\"Preis\" \/>\n\t<meta name=\"twitter:data1\" content=\"&euro;100\" \/>\n\t<meta name=\"twitter:label2\" content=\"Verf\u00fcgbarkeit\" \/>\n\t<meta name=\"twitter:data2\" content=\"Auf Lager\" \/>\n<script type=\"application\/ld+json\" class=\"yoast-schema-graph\">{\"@context\":\"https:\\\/\\\/schema.org\",\"@graph\":[{\"@type\":\"WebPage\",\"@id\":\"https:\\\/\\\/egytourpackages.com\\\/de\\\/touren\\\/tagesausflug-dendera-und-abydos-ab-luxor\\\/\",\"url\":\"https:\\\/\\\/egytourpackages.com\\\/de\\\/touren\\\/tagesausflug-dendera-und-abydos-ab-luxor\\\/\",\"name\":\"Tagesausflug Dendera und Abydos ab Luxor | Top Luxor Ausfl\u00fcge\",\"isPartOf\":{\"@id\":\"https:\\\/\\\/egytourpackages.com\\\/de\\\/#website\"},\"primaryImageOfPage\":{\"@id\":\"https:\\\/\\\/egytourpackages.com\\\/de\\\/touren\\\/tagesausflug-dendera-und-abydos-ab-luxor\\\/#primaryimage\"},\"image\":{\"@id\":\"https:\\\/\\\/egytourpackages.com\\\/de\\\/touren\\\/tagesausflug-dendera-und-abydos-ab-luxor\\\/#primaryimage\"},\"thumbnailUrl\":\"https:\\\/\\\/egytourpackages.com\\\/wp-content\\\/uploads\\\/2023\\\/08\\\/Dendera-temple-Qena.jpg\",\"datePublished\":\"2023-08-25T13:03:52+00:00\",\"dateModified\":\"2026-01-09T12:03:26+00:00\",\"description\":\"Tagesausflug Dendera und Abydos ab Luxor : Entdecken Sie die Dendera-Gl\u00fchbirne, Krypten, Osiris-Kapelle, K\u00f6nigsliste Abydos, Osireion & Ramses-Tempel.\",\"breadcrumb\":{\"@id\":\"https:\\\/\\\/egytourpackages.com\\\/de\\\/touren\\\/tagesausflug-dendera-und-abydos-ab-luxor\\\/#breadcrumb\"},\"inLanguage\":\"de\",\"potentialAction\":[{\"@type\":\"ReadAction\",\"target\":[\"https:\\\/\\\/egytourpackages.com\\\/de\\\/touren\\\/tagesausflug-dendera-und-abydos-ab-luxor\\\/\"]}]},{\"@type\":\"ImageObject\",\"inLanguage\":\"de\",\"@id\":\"https:\\\/\\\/egytourpackages.com\\\/de\\\/touren\\\/tagesausflug-dendera-und-abydos-ab-luxor\\\/#primaryimage\",\"url\":\"https:\\\/\\\/egytourpackages.com\\\/wp-content\\\/uploads\\\/2023\\\/08\\\/Dendera-temple-Qena.jpg\",\"contentUrl\":\"https:\\\/\\\/egytourpackages.com\\\/wp-content\\\/uploads\\\/2023\\\/08\\\/Dendera-temple-Qena.jpg\",\"width\":2000,\"height\":1500,\"caption\":\"Dendera Tempel, Qena\"},{\"@type\":\"BreadcrumbList\",\"@id\":\"https:\\\/\\\/egytourpackages.com\\\/de\\\/touren\\\/tagesausflug-dendera-und-abydos-ab-luxor\\\/#breadcrumb\",\"itemListElement\":[{\"@type\":\"ListItem\",\"position\":1,\"name\":\"Startseite\",\"item\":\"https:\\\/\\\/egytourpackages.com\\\/de\\\/\"},{\"@type\":\"ListItem\",\"position\":2,\"name\":\"Shop\",\"item\":\"https:\\\/\\\/egytourpackages.com\\\/de\\\/shop\\\/\"},{\"@type\":\"ListItem\",\"position\":3,\"name\":\"Tagesausflug Dendera und Abydos ab Luxor\"}]},{\"@type\":\"WebSite\",\"@id\":\"https:\\\/\\\/egytourpackages.com\\\/de\\\/#website\",\"url\":\"https:\\\/\\\/egytourpackages.com\\\/de\\\/\",\"name\":\"Egy tour packages\",\"description\":\"\",\"publisher\":{\"@id\":\"https:\\\/\\\/egytourpackages.com\\\/de\\\/#organization\"},\"potentialAction\":[{\"@type\":\"SearchAction\",\"target\":{\"@type\":\"EntryPoint\",\"urlTemplate\":\"https:\\\/\\\/egytourpackages.com\\\/de\\\/?s={search_term_string}\"},\"query-input\":{\"@type\":\"PropertyValueSpecification\",\"valueRequired\":true,\"valueName\":\"search_term_string\"}}],\"inLanguage\":\"de\"},{\"@type\":[\"Organization\",\"Place\",\"TravelAgency\"],\"@id\":\"https:\\\/\\\/egytourpackages.com\\\/de\\\/#organization\",\"name\":\"egypt tour packages\",\"alternateName\":\"egypt tour packages\",\"url\":\"https:\\\/\\\/egytourpackages.com\\\/de\\\/\",\"logo\":{\"@id\":\"https:\\\/\\\/egytourpackages.com\\\/de\\\/touren\\\/tagesausflug-dendera-und-abydos-ab-luxor\\\/#local-main-organization-logo\"},\"image\":{\"@id\":\"https:\\\/\\\/egytourpackages.com\\\/de\\\/touren\\\/tagesausflug-dendera-und-abydos-ab-luxor\\\/#local-main-organization-logo\"},\"sameAs\":[\"https:\\\/\\\/www.facebook.com\\\/egytourpackages\"],\"legalName\":\"Egy tour packages\",\"address\":{\"@id\":\"https:\\\/\\\/egytourpackages.com\\\/de\\\/touren\\\/tagesausflug-dendera-und-abydos-ab-luxor\\\/#local-main-place-address\"},\"telephone\":[\"00201000852186\",\"00201028685533\"],\"contactPoint\":{\"@type\":\"ContactPoint\",\"telephone\":\"00201000852186\"},\"openingHoursSpecification\":[{\"@type\":\"OpeningHoursSpecification\",\"dayOfWeek\":[\"Monday\",\"Tuesday\",\"Wednesday\",\"Thursday\",\"Friday\",\"Saturday\",\"Sunday\"],\"opens\":\"00:00\",\"closes\":\"23:59\"}],\"email\":\"info@egytourpackages.com\",\"areaServed\":\"Cairo, Hurghada, Luxor, Sharm El Sheikh, Marsa Alam, Aswan\",\"priceRange\":\"$\",\"currenciesAccepted\":\"euro\",\"paymentAccepted\":\"Payment links online\"},{\"@type\":\"PostalAddress\",\"@id\":\"https:\\\/\\\/egytourpackages.com\\\/de\\\/touren\\\/tagesausflug-dendera-und-abydos-ab-luxor\\\/#local-main-place-address\",\"streetAddress\":\"Mubarak 8, Al Kawthar District, Hurghada\",\"addressLocality\":\"Hurghada\",\"postalCode\":\"84511\",\"addressRegion\":\"Red Sea\",\"addressCountry\":\"EG\"},{\"@type\":\"ImageObject\",\"inLanguage\":\"de\",\"@id\":\"https:\\\/\\\/egytourpackages.com\\\/de\\\/touren\\\/tagesausflug-dendera-und-abydos-ab-luxor\\\/#local-main-organization-logo\",\"url\":\"https:\\\/\\\/egytourpackages.com\\\/wp-content\\\/uploads\\\/2025\\\/12\\\/Turquoise-Dahabiya-Nile-Cruise-1.jpeg\",\"contentUrl\":\"https:\\\/\\\/egytourpackages.com\\\/wp-content\\\/uploads\\\/2025\\\/12\\\/Turquoise-Dahabiya-Nile-Cruise-1.jpeg\",\"width\":1040,\"height\":694,\"caption\":\"egypt tour packages\"}]}<\/script>\n<meta property=\"product:brand\" content=\"\u00c4gypten Tagestouren\" \/>\n<meta property=\"product:price:amount\" content=\"100\" \/>\n<meta property=\"product:price:currency\" content=\"EUR\" \/>\n<meta property=\"og:availability\" content=\"instock\" \/>\n<meta property=\"product:availability\" content=\"instock\" \/>\n<meta property=\"product:retailer_item_id\" content=\"LDT01\" \/>\n<meta property=\"product:condition\" content=\"new\" \/>\n<meta name=\"geo.placename\" content=\"Hurghada\" \/>\n<meta name=\"geo.region\" content=\"\u00c4gypten\" \/>\n<!-- \/ Yoast SEO Premium plugin. -->","yoast_head_json":{"title":"Tagesausflug Dendera und Abydos ab Luxor | Top Luxor Ausfl\u00fcge","description":"Tagesausflug Dendera und Abydos ab Luxor : Entdecken Sie die Dendera-Gl\u00fchbirne, Krypten, Osiris-Kapelle, K\u00f6nigsliste Abydos, Osireion & Ramses-Tempel.","robots":{"index":"index","follow":"follow","max-snippet":"max-snippet:-1","max-image-preview":"max-image-preview:large","max-video-preview":"max-video-preview:-1"},"canonical":"https:\/\/egytourpackages.com\/de\/touren\/tagesausflug-dendera-und-abydos-ab-luxor\/","og_locale":"de_DE","og_type":"article","og_title":"Tagesausflug Dendera und Abydos ab Luxor","og_description":"Tagesausflug Dendera & Abydos ab Luxor: Entdecken Sie die Dendera-Gl\u00fchbirne, Krypten, Osiris-Kapelle, K\u00f6nigsliste Abydos, Osireion & Ramses-Tempel.","og_url":"https:\/\/egytourpackages.com\/de\/touren\/tagesausflug-dendera-und-abydos-ab-luxor\/","og_site_name":"\u00c4gypten-Reisepakete","article_publisher":"https:\/\/www.facebook.com\/egytourpackages","article_modified_time":"2026-01-09T12:03:26+00:00","og_image":[{"url":"https:\/\/egytourpackages.com\/wp-content\/uploads\/2023\/08\/Dendera-temple-Qena-1024x768.jpg","type":"","width":"","height":""}],"twitter_card":"summary_large_image","twitter_title":"Tagesausflug Dendera und Abydos ab Luxor","twitter_description":"Tagesausflug Dendera und Abydos ab Luxor | Entdecken Sie die Dendera-Gl\u00fchbirne, die Dendera Krypten, die Osiris-Kapelle, die K\u00f6nigsliste von Abydos, das Osireion und den Ramses-Tempel.","twitter_image":"https:\/\/egytourpackages.com\/wp-content\/uploads\/2023\/08\/Dendera-temple-Qena-1024x768.jpg","twitter_misc":{"Preis":"&euro;100","Verf\u00fcgbarkeit":"Auf Lager"},"schema":{"@context":"https:\/\/schema.org","@graph":[{"@type":"WebPage","@id":"https:\/\/egytourpackages.com\/de\/touren\/tagesausflug-dendera-und-abydos-ab-luxor\/","url":"https:\/\/egytourpackages.com\/de\/touren\/tagesausflug-dendera-und-abydos-ab-luxor\/","name":"Tagesausflug Dendera und Abydos ab Luxor | Top Luxor Ausfl\u00fcge","isPartOf":{"@id":"https:\/\/egytourpackages.com\/de\/#website"},"primaryImageOfPage":{"@id":"https:\/\/egytourpackages.com\/de\/touren\/tagesausflug-dendera-und-abydos-ab-luxor\/#primaryimage"},"image":{"@id":"https:\/\/egytourpackages.com\/de\/touren\/tagesausflug-dendera-und-abydos-ab-luxor\/#primaryimage"},"thumbnailUrl":"https:\/\/egytourpackages.com\/wp-content\/uploads\/2023\/08\/Dendera-temple-Qena.jpg","datePublished":"2023-08-25T13:03:52+00:00","dateModified":"2026-01-09T12:03:26+00:00","description":"Tagesausflug Dendera und Abydos ab Luxor : Entdecken Sie die Dendera-Gl\u00fchbirne, Krypten, Osiris-Kapelle, K\u00f6nigsliste Abydos, Osireion & Ramses-Tempel.","breadcrumb":{"@id":"https:\/\/egytourpackages.com\/de\/touren\/tagesausflug-dendera-und-abydos-ab-luxor\/#breadcrumb"},"inLanguage":"de","potentialAction":[{"@type":"ReadAction","target":["https:\/\/egytourpackages.com\/de\/touren\/tagesausflug-dendera-und-abydos-ab-luxor\/"]}]},{"@type":"ImageObject","inLanguage":"de","@id":"https:\/\/egytourpackages.com\/de\/touren\/tagesausflug-dendera-und-abydos-ab-luxor\/#primaryimage","url":"https:\/\/egytourpackages.com\/wp-content\/uploads\/2023\/08\/Dendera-temple-Qena.jpg","contentUrl":"https:\/\/egytourpackages.com\/wp-content\/uploads\/2023\/08\/Dendera-temple-Qena.jpg","width":2000,"height":1500,"caption":"Dendera Tempel, Qena"},{"@type":"BreadcrumbList","@id":"https:\/\/egytourpackages.com\/de\/touren\/tagesausflug-dendera-und-abydos-ab-luxor\/#breadcrumb","itemListElement":[{"@type":"ListItem","position":1,"name":"Startseite","item":"https:\/\/egytourpackages.com\/de\/"},{"@type":"ListItem","position":2,"name":"Shop","item":"https:\/\/egytourpackages.com\/de\/shop\/"},{"@type":"ListItem","position":3,"name":"Tagesausflug Dendera und Abydos ab Luxor"}]},{"@type":"WebSite","@id":"https:\/\/egytourpackages.com\/de\/#website","url":"https:\/\/egytourpackages.com\/de\/","name":"Egy tour packages","description":"","publisher":{"@id":"https:\/\/egytourpackages.com\/de\/#organization"},"potentialAction":[{"@type":"SearchAction","target":{"@type":"EntryPoint","urlTemplate":"https:\/\/egytourpackages.com\/de\/?s={search_term_string}"},"query-input":{"@type":"PropertyValueSpecification","valueRequired":true,"valueName":"search_term_string"}}],"inLanguage":"de"},{"@type":["Organization","Place","TravelAgency"],"@id":"https:\/\/egytourpackages.com\/de\/#organization","name":"egypt tour packages","alternateName":"egypt tour packages","url":"https:\/\/egytourpackages.com\/de\/","logo":{"@id":"https:\/\/egytourpackages.com\/de\/touren\/tagesausflug-dendera-und-abydos-ab-luxor\/#local-main-organization-logo"},"image":{"@id":"https:\/\/egytourpackages.com\/de\/touren\/tagesausflug-dendera-und-abydos-ab-luxor\/#local-main-organization-logo"},"sameAs":["https:\/\/www.facebook.com\/egytourpackages"],"legalName":"Egy tour packages","address":{"@id":"https:\/\/egytourpackages.com\/de\/touren\/tagesausflug-dendera-und-abydos-ab-luxor\/#local-main-place-address"},"telephone":["00201000852186","00201028685533"],"contactPoint":{"@type":"ContactPoint","telephone":"00201000852186"},"openingHoursSpecification":[{"@type":"OpeningHoursSpecification","dayOfWeek":["Monday","Tuesday","Wednesday","Thursday","Friday","Saturday","Sunday"],"opens":"00:00","closes":"23:59"}],"email":"info@egytourpackages.com","areaServed":"Cairo, Hurghada, Luxor, Sharm El Sheikh, Marsa Alam, Aswan","priceRange":"$","currenciesAccepted":"euro","paymentAccepted":"Payment links online"},{"@type":"PostalAddress","@id":"https:\/\/egytourpackages.com\/de\/touren\/tagesausflug-dendera-und-abydos-ab-luxor\/#local-main-place-address","streetAddress":"Mubarak 8, Al Kawthar District, Hurghada","addressLocality":"Hurghada","postalCode":"84511","addressRegion":"Red Sea","addressCountry":"EG"},{"@type":"ImageObject","inLanguage":"de","@id":"https:\/\/egytourpackages.com\/de\/touren\/tagesausflug-dendera-und-abydos-ab-luxor\/#local-main-organization-logo","url":"https:\/\/egytourpackages.com\/wp-content\/uploads\/2025\/12\/Turquoise-Dahabiya-Nile-Cruise-1.jpeg","contentUrl":"https:\/\/egytourpackages.com\/wp-content\/uploads\/2025\/12\/Turquoise-Dahabiya-Nile-Cruise-1.jpeg","width":1040,"height":694,"caption":"egypt tour packages"}]},"product_brand":"\u00c4gypten Tagestouren","product_price_amount":"100","product_price_currency":"EUR","og_availability":"instock","product_availability":"instock","product_retailer_item_id":"LDT01","product_condition":"new","geo.placename":"Hurghada","geo.region":"\u00c4gypten"},"_links":{"self":[{"href":"https:\/\/egytourpackages.com\/de\/wp-json\/wp\/v2\/product\/4103","targetHints":{"allow":["GET"]}}],"collection":[{"href":"https:\/\/egytourpackages.com\/de\/wp-json\/wp\/v2\/product"}],"about":[{"href":"https:\/\/egytourpackages.com\/de\/wp-json\/wp\/v2\/types\/product"}],"replies":[{"embeddable":true,"href":"https:\/\/egytourpackages.com\/de\/wp-json\/wp\/v2\/comments?post=4103"}],"wp:featuredmedia":[{"embeddable":true,"href":"https:\/\/egytourpackages.com\/de\/wp-json\/wp\/v2\/media\/2957"}],"wp:attachment":[{"href":"https:\/\/egytourpackages.com\/de\/wp-json\/wp\/v2\/media?parent=4103"}],"wp:term":[{"taxonomy":"product_brand","embeddable":true,"href":"https:\/\/egytourpackages.com\/de\/wp-json\/wp\/v2\/product_brand?post=4103"},{"taxonomy":"product_cat","embeddable":true,"href":"https:\/\/egytourpackages.com\/de\/wp-json\/wp\/v2\/product_cat?post=4103"},{"taxonomy":"product_tag","embeddable":true,"href":"https:\/\/egytourpackages.com\/de\/wp-json\/wp\/v2\/product_tag?post=4103"}],"curies":[{"name":"wp","href":"https:\/\/api.w.org\/{rel}","templated":true}]}}