{"id":4168,"date":"2025-05-25T16:32:39","date_gmt":"2025-05-25T16:32:39","guid":{"rendered":"https:\/\/egytourpackages.com\/product\/wadi-el-gemal-safari-ab-marsa-alam\/"},"modified":"2026-01-04T11:04:57","modified_gmt":"2026-01-04T11:04:57","slug":"wadi-el-gemal-safari-ab-marsa-alam","status":"publish","type":"product","link":"https:\/\/egytourpackages.com\/de\/touren\/wadi-el-gemal-safari-ab-marsa-alam\/","title":{"rendered":"Wadi El Gemal Safari ab Marsa Alam"},"content":{"rendered":"<p><strong><span style=\"color: #ff6600;\">Wadi El Gemal Safari ab Marsa Alam<\/span><\/strong><\/p>\n<h3><span style=\"color: #ff6600;\">\u00dcberblick<\/span><\/h3>\n<p><strong>Buchen Sie Ihre Wadi El Gemal Safari ab Marsa Alam<\/strong> und erleben Sie die <strong>Beduinen-Traditionen<\/strong>, insbesondere der <strong>Ababda-St\u00e4mme<\/strong>. Genie\u00dfen Sie ein unvergessliches Abenteuer ins Herz der <strong>\u00d6stlichen W\u00fcste<\/strong> mit unserer <strong>Wadi El Gemal Safari ab Marsa Alam<\/strong>. Tats\u00e4chlich besuchen Sie <strong>Smaragdminen<\/strong>, den <strong>Cleopatra-Tempel<\/strong> aus der R\u00f6merzeit, Akazienb\u00e4ume und medizinische Pflanzenstr\u00e4ucher. Unsere <strong>Marsa Alam Touren<\/strong> bieten diese einzigartige Gelegenheit, Naturorte zu erkunden, die Geschichten erz\u00e4hlen, die \u00e4lter sind als die Pyramiden. W\u00e4hrenddessen bietet <strong>Egy Tour Packages<\/strong> diese <strong>\u00c4gypten-Touren<\/strong> mit <strong>professionellen W\u00fcstenf\u00fchrern<\/strong>, komfortablen <strong>4&#215;4 Jeeps<\/strong> und bestem Service an.<\/p>\n<h3><span style=\"color: #ff6600;\">Tour Details<\/span><\/h3>\n<ul>\n<li>Dauer: 6 Stunden<\/li>\n<li>Tourort: \u00d6stliche W\u00fcste Marsa Alam<\/li>\n<li>Verf\u00fcgbarkeit: Auf Anfrage<\/li>\n<li>Abholung &amp; R\u00fccktransfer: Hotels in Marsa Alam<\/li>\n<li>Tour-Typ: Gruppe<\/li>\n<li>Rollstuhlgerecht: Zug\u00e4nglich<\/li>\n<\/ul>\n<h3><span style=\"color: #ff6600;\">Tour-H\u00f6hepunkte<\/span><\/h3>\n<ul>\n<li>Beduinen-Lebensstil erkunden<\/li>\n<li>Cleopatra-Tempel<\/li>\n<li>Smaragdminen<\/li>\n<\/ul>\n<h3><span style=\"color: #ff6600;\">Inklusivleistungen<\/span><\/h3>\n<ul>\n<li>Abholung &amp; R\u00fccktransfer von Hotels in Marsa Alam<\/li>\n<li>Professioneller W\u00fcstenf\u00fchrer<\/li>\n<li>Beduinendorf-Tour mit Beduinen-Tee<\/li>\n<li>Alle Servicegeb\u00fchren und Steuern sind im Preis inbegriffen<\/li>\n<\/ul>\n<h3><span style=\"color: #ff6600;\">Exklusivleistungen<\/span><\/h3>\n<ul>\n<li>Nationalpark (5 Euro pro Person)<\/li>\n<li>Trinkgelder<\/li>\n<li>Alles, was nicht im Programm erw\u00e4hnt ist<\/li>\n<\/ul>\n<h3><span style=\"color: #ff6600;\">Was mitzunehmen ist<\/span><\/h3>\n<ul>\n<li>Kopie des Reisepasses<\/li>\n<li>Hut, Sonnenbrille &amp; Sonnencreme<\/li>\n<li>Bequeme Schuhe und Kleidung<\/li>\n<\/ul>\n<h2><span style=\"color: #ff6600;\">Reiseverlauf<\/span><\/h2>\n<p>Die <strong>Super Safari Wadi El Gemal<\/strong> ist eine <strong>Offroad-Tour<\/strong> mit einem aufregenden Sonnenuntergang. Die <strong>Safari Wadi El Gemal<\/strong> kombiniert Kultur mit Spa\u00df und Abenteuer. Genie\u00dfen Sie ein unvergessliches Abenteuer ins Herz der <strong>\u00d6stlichen W\u00fcste<\/strong> mit unserer <strong>Wadi El Gemal Safari ab Marsa Alam<\/strong>. Die Reise beginnt gegen 12:00 Uhr mittags von den Hotels und endet gegen 19:00 Uhr. Verlassen Sie die Stadt <strong>Marsa Alam<\/strong> und begeben Sie sich auf ein echtes <strong>W\u00fcstenabenteuer<\/strong>. Auf dem Weg zu den Stopps k\u00f6nnen Sie deutlich sehen, was als Fata Morgana bezeichnet wird. Genie\u00dfen Sie <strong>Panoramaaussichten<\/strong> auf die W\u00fcste von der Bergspitze aus, w\u00e4hrend Sie zum Camp fahren. Wir empfehlen dringend, Fotos von allem um Sie herum zu machen, um sie mit Ihren Freunden zu teilen.<\/p>\n<p>Sobald Ihr <strong>Jeep<\/strong> Sie ins Gel\u00e4nde f\u00e4hrt und gekonnt die D\u00fcnen durchquert, h\u00e4lt Ihr F\u00fchrer Sie in der N\u00e4he des <strong>Akazienbaums<\/strong> an. Beduinen glauben, dass der Baum Stabilit\u00e4t und Gl\u00fcck symbolisiert. Begeben Sie sich in ein Gebiet, das als <strong>Heilpflanzenstr\u00e4ucher<\/strong> bekannt ist, wo Sie einen Flusskrebsbaum sehen werden. Unterwegs h\u00f6ren Sie dem F\u00fchrer zu, der Informationen \u00fcber <strong>Wadi El Gemal<\/strong> und den <strong>Kamel-Canyon<\/strong> teilt. Der <strong>Kamel-Canyon<\/strong> ist ein Ort, an dem Sie mit 100%iger Wahrscheinlichkeit Kamele und einen nat\u00fcrlichen Brunnen sehen werden. Bereiten Sie Ihre Kamera vor, um unvergessliche Fotos vom Canyon und den Kamelen zu machen. Halten Sie dann an den <strong>r\u00f6mischen Tempeln der Cleopatra<\/strong> in einem r\u00f6mischen Dorf an. Nicht weit davon entfernt befinden sich die Ruinen von Mietskasernen der Arbeiter aller Arten von Steinbl\u00f6cken und den <strong>Smaragdminen<\/strong>.<\/p>\n<p>Beenden Sie schlie\u00dflich Ihre <strong>Safari-Reise<\/strong> mit einem k\u00f6stlichen, frisch zubereiteten <strong>Beduinen-Mahl<\/strong> und nippen Sie an s\u00fc\u00dfem Kr\u00e4utertee, einem Moment wahrer W\u00fcstengastfreundschaft.<\/p>\n<h3><span style=\"color: #ff6600;\">Hinweis<\/span><\/h3>\n<p>Bitte beachten Sie, dass die Reise f\u00fcr Babys bis drei Jahre aufgrund der unebenen W\u00fcste nicht empfohlen wird.<\/p>\n<h3><span style=\"color: #ff6600;\">Wadi El Gemal Safari ab Marsa Alam Preis<\/span><\/h3>\n<p>Erwachsenenpreis: 80\u00a0\u20ac<\/p>\n<p>Kinder 0-5 Jahre: Kostenlos<\/p>\n<p>Kinder 5-11 Jahre: 50 % des Erwachsenenpreises<\/p>\n<h3><span style=\"color: #ff6600;\">Buchung<\/span><\/h3>\n<p>Sie k\u00f6nnen Ihre Tour \u00fcber WhatsApp oder per E-Mail buchen und erhalten sofort eine Best\u00e4tigung.<\/p>\n<p>Bitte senden Sie uns Ihren Hotelnamen, Zimmernummer und Reisepasskopien.<\/p>\n<p><strong>WhatsApp:<\/strong> +201000852186<\/p>\n<p>info@egytourpackages.com<\/p>\n<h3><span style=\"color: #ff6600;\">Jetzt buchen &amp; vor Ort bezahlen <\/span><\/h3>\n<p>Buchen Sie Ihre Lieblingstour und bezahlen Sie am Reisetag.<\/p>\n<h3><span style=\"color: #ff6600;\">Zahlung<\/span><\/h3>\n<p>Sie k\u00f6nnen in \u00e4gyptischen Pfund, $, \u20ac oder \u00a3 bezahlen.<\/p>\n<h3><span style=\"color: #ff6600;\">Stornierungsbedingungen<\/span><\/h3>\n<ul>\n<li>Kostenlose Stornierung bis 24 Stunden im Voraus.<\/li>\n<li>Morgenstornierung betr\u00e4gt 50 % des Preises.<\/li>\n<\/ul>\n","protected":false},"excerpt":{"rendered":"<p>Wadi El Gemal Safari ab Marsa Alam | Erleben Sie die pure Natur der \u00d6stlichen W\u00fcste von Marsa Alam und besuchen Sie den Cleopatra-Tempel und die Smaragdminen.<\/p>\n","protected":false},"featured_media":3648,"comment_status":"open","ping_status":"closed","template":"","meta":[],"product_brand":[],"product_cat":[1494],"product_tag":[1495,1496],"class_list":{"0":"post-4168","1":"product","2":"type-product","3":"status-publish","4":"has-post-thumbnail","6":"product_cat-touren","7":"product_tag-agypten-tagestouren","8":"product_tag-marsa-alam-ausfluge","9":"tour_category-agypten-tagestouren","10":"tour_category-marsa-alam-ausfluge","12":"first","13":"instock","14":"sale","15":"shipping-taxable","16":"purchasable","17":"product-type-tour"},"yoast_head":"<!-- This site is optimized with the Yoast SEO Premium plugin v27.2 (Yoast SEO v27.2) - https:\/\/yoast.com\/product\/yoast-seo-premium-wordpress\/ -->\n<title>Wadi El Gemal Safari ab Marsa Alam | Marsa Alam Ausfl\u00fcge<\/title>\n<meta name=\"description\" content=\"Wadi El Gemal Safari ab Marsa Alam | Erleben Sie die pure Natur der \u00d6stlichen W\u00fcste von Marsa Alam und besuchen Sie den Cleopatra-Tempel und die Smaragdminen.\" \/>\n<meta name=\"robots\" content=\"index, follow, max-snippet:-1, max-image-preview:large, max-video-preview:-1\" \/>\n<link rel=\"canonical\" href=\"https:\/\/egytourpackages.com\/de\/touren\/wadi-el-gemal-safari-ab-marsa-alam\/\" \/>\n<meta property=\"og:locale\" content=\"de_DE\" \/>\n<meta property=\"og:type\" content=\"article\" \/>\n<meta property=\"og:title\" content=\"Wadi El Gemal Safari ab Marsa Alam\" \/>\n<meta property=\"og:description\" content=\"Wadi El Gemal Safari ab Marsa Alam | Erleben Sie die pure Natur der \u00d6stlichen W\u00fcste von Marsa Alam und besuchen Sie den Cleopatra-Tempel und die Smaragdminen.\" \/>\n<meta property=\"og:url\" content=\"https:\/\/egytourpackages.com\/de\/touren\/wadi-el-gemal-safari-ab-marsa-alam\/\" \/>\n<meta property=\"og:site_name\" content=\"\u00c4gypten-Reisepakete\" \/>\n<meta property=\"article:publisher\" content=\"https:\/\/www.facebook.com\/egytourpackages\" \/>\n<meta property=\"article:modified_time\" content=\"2026-01-04T11:04:57+00:00\" \/>\n<meta property=\"og:image\" content=\"https:\/\/egytourpackages.com\/wp-content\/uploads\/2025\/05\/Eastern-desert-Marsa-Alam.jpg\" \/>\n\t<meta property=\"og:image:width\" content=\"1800\" \/>\n\t<meta property=\"og:image:height\" content=\"1200\" \/>\n\t<meta property=\"og:image:type\" content=\"image\/jpeg\" \/>\n<meta name=\"twitter:card\" content=\"summary_large_image\" \/>\n<meta name=\"twitter:title\" content=\"Wadi El Gemal Safari ab Marsa Alam\" \/>\n<meta name=\"twitter:label1\" content=\"Preis\" \/>\n\t<meta name=\"twitter:data1\" content=\"&euro;80\" \/>\n\t<meta name=\"twitter:label2\" content=\"Verf\u00fcgbarkeit\" \/>\n\t<meta name=\"twitter:data2\" content=\"Auf Lager\" \/>\n<script type=\"application\/ld+json\" class=\"yoast-schema-graph\">{\"@context\":\"https:\/\/schema.org\",\"@graph\":[{\"@type\":\"WebPage\",\"@id\":\"https:\/\/egytourpackages.com\/de\/touren\/wadi-el-gemal-safari-ab-marsa-alam\/\",\"url\":\"https:\/\/egytourpackages.com\/de\/touren\/wadi-el-gemal-safari-ab-marsa-alam\/\",\"name\":\"Wadi El Gemal Safari ab Marsa Alam | Marsa Alam Ausfl\u00fcge\",\"isPartOf\":{\"@id\":\"https:\/\/egytourpackages.com\/de\/#website\"},\"primaryImageOfPage\":{\"@id\":\"https:\/\/egytourpackages.com\/de\/touren\/wadi-el-gemal-safari-ab-marsa-alam\/#primaryimage\"},\"image\":{\"@id\":\"https:\/\/egytourpackages.com\/de\/touren\/wadi-el-gemal-safari-ab-marsa-alam\/#primaryimage\"},\"thumbnailUrl\":\"https:\/\/egytourpackages.com\/wp-content\/uploads\/2025\/05\/Eastern-desert-Marsa-Alam.jpg\",\"datePublished\":\"2025-05-25T16:32:39+00:00\",\"dateModified\":\"2026-01-04T11:04:57+00:00\",\"description\":\"Wadi El Gemal Safari ab Marsa Alam | Erleben Sie die pure Natur der \u00d6stlichen W\u00fcste von Marsa Alam und besuchen Sie den Cleopatra-Tempel und die Smaragdminen.\",\"breadcrumb\":{\"@id\":\"https:\/\/egytourpackages.com\/de\/touren\/wadi-el-gemal-safari-ab-marsa-alam\/#breadcrumb\"},\"inLanguage\":\"de\",\"potentialAction\":[{\"@type\":\"ReadAction\",\"target\":[\"https:\/\/egytourpackages.com\/de\/touren\/wadi-el-gemal-safari-ab-marsa-alam\/\"]}]},{\"@type\":\"ImageObject\",\"inLanguage\":\"de\",\"@id\":\"https:\/\/egytourpackages.com\/de\/touren\/wadi-el-gemal-safari-ab-marsa-alam\/#primaryimage\",\"url\":\"https:\/\/egytourpackages.com\/wp-content\/uploads\/2025\/05\/Eastern-desert-Marsa-Alam.jpg\",\"contentUrl\":\"https:\/\/egytourpackages.com\/wp-content\/uploads\/2025\/05\/Eastern-desert-Marsa-Alam.jpg\",\"width\":1800,\"height\":1200,\"caption\":\"Wadi El Gemal Safari ab Marsa Alam\"},{\"@type\":\"BreadcrumbList\",\"@id\":\"https:\/\/egytourpackages.com\/de\/touren\/wadi-el-gemal-safari-ab-marsa-alam\/#breadcrumb\",\"itemListElement\":[{\"@type\":\"ListItem\",\"position\":1,\"name\":\"Startseite\",\"item\":\"https:\/\/egytourpackages.com\/de\/\"},{\"@type\":\"ListItem\",\"position\":2,\"name\":\"Shop\",\"item\":\"https:\/\/egytourpackages.com\/de\/shop\/\"},{\"@type\":\"ListItem\",\"position\":3,\"name\":\"Wadi El Gemal Safari ab Marsa Alam\"}]},{\"@type\":\"WebSite\",\"@id\":\"https:\/\/egytourpackages.com\/de\/#website\",\"url\":\"https:\/\/egytourpackages.com\/de\/\",\"name\":\"Egy tour packages\",\"description\":\"\",\"publisher\":{\"@id\":\"https:\/\/egytourpackages.com\/de\/#organization\"},\"potentialAction\":[{\"@type\":\"SearchAction\",\"target\":{\"@type\":\"EntryPoint\",\"urlTemplate\":\"https:\/\/egytourpackages.com\/de\/?s={search_term_string}\"},\"query-input\":{\"@type\":\"PropertyValueSpecification\",\"valueRequired\":true,\"valueName\":\"search_term_string\"}}],\"inLanguage\":\"de\"},{\"@type\":[\"Organization\",\"Place\",\"TravelAgency\"],\"@id\":\"https:\/\/egytourpackages.com\/de\/#organization\",\"name\":\"egypt tour packages\",\"alternateName\":\"egypt tour packages\",\"url\":\"https:\/\/egytourpackages.com\/de\/\",\"logo\":{\"@id\":\"https:\/\/egytourpackages.com\/de\/touren\/wadi-el-gemal-safari-ab-marsa-alam\/#local-main-organization-logo\"},\"image\":{\"@id\":\"https:\/\/egytourpackages.com\/de\/touren\/wadi-el-gemal-safari-ab-marsa-alam\/#local-main-organization-logo\"},\"sameAs\":[\"https:\/\/www.facebook.com\/egytourpackages\"],\"legalName\":\"Egy tour packages\",\"address\":{\"@id\":\"https:\/\/egytourpackages.com\/de\/touren\/wadi-el-gemal-safari-ab-marsa-alam\/#local-main-place-address\"},\"telephone\":[\"00201000852186\",\"00201028685533\"],\"contactPoint\":{\"@type\":\"ContactPoint\",\"telephone\":\"00201000852186\"},\"openingHoursSpecification\":[{\"@type\":\"OpeningHoursSpecification\",\"dayOfWeek\":[\"Monday\",\"Tuesday\",\"Wednesday\",\"Thursday\",\"Friday\",\"Saturday\",\"Sunday\"],\"opens\":\"00:00\",\"closes\":\"23:59\"}],\"email\":\"info@egytourpackages.com\",\"areaServed\":\"Cairo, Hurghada, Luxor, Sharm El Sheikh, Marsa Alam, Aswan\",\"priceRange\":\"$\",\"currenciesAccepted\":\"euro\",\"paymentAccepted\":\"Payment links online\"},{\"@type\":\"PostalAddress\",\"@id\":\"https:\/\/egytourpackages.com\/de\/touren\/wadi-el-gemal-safari-ab-marsa-alam\/#local-main-place-address\",\"streetAddress\":\"Mubarak 8, Al Kawthar District, Hurghada\",\"addressLocality\":\"Hurghada\",\"postalCode\":\"84511\",\"addressRegion\":\"Red Sea\",\"addressCountry\":\"EG\"},{\"@type\":\"ImageObject\",\"inLanguage\":\"de\",\"@id\":\"https:\/\/egytourpackages.com\/de\/touren\/wadi-el-gemal-safari-ab-marsa-alam\/#local-main-organization-logo\",\"url\":\"https:\/\/egytourpackages.com\/wp-content\/uploads\/2025\/12\/Turquoise-Dahabiya-Nile-Cruise-1.jpeg\",\"contentUrl\":\"https:\/\/egytourpackages.com\/wp-content\/uploads\/2025\/12\/Turquoise-Dahabiya-Nile-Cruise-1.jpeg\",\"width\":1040,\"height\":694,\"caption\":\"egypt tour packages\"}]}<\/script>\n<meta property=\"product:brand\" content=\"\u00c4gypten Tagestouren\" \/>\n<meta property=\"product:price:amount\" content=\"80\" \/>\n<meta property=\"product:price:currency\" content=\"EUR\" \/>\n<meta property=\"og:availability\" content=\"instock\" \/>\n<meta property=\"product:availability\" content=\"instock\" \/>\n<meta property=\"product:retailer_item_id\" content=\"MAT09\" \/>\n<meta property=\"product:condition\" content=\"new\" \/>\n<meta name=\"geo.placename\" content=\"Hurghada\" \/>\n<meta name=\"geo.region\" content=\"\u00c4gypten\" \/>\n<!-- \/ Yoast SEO Premium plugin. -->","yoast_head_json":{"title":"Wadi El Gemal Safari ab Marsa Alam | Marsa Alam Ausfl\u00fcge","description":"Wadi El Gemal Safari ab Marsa Alam | Erleben Sie die pure Natur der \u00d6stlichen W\u00fcste von Marsa Alam und besuchen Sie den Cleopatra-Tempel und die Smaragdminen.","robots":{"index":"index","follow":"follow","max-snippet":"max-snippet:-1","max-image-preview":"max-image-preview:large","max-video-preview":"max-video-preview:-1"},"canonical":"https:\/\/egytourpackages.com\/de\/touren\/wadi-el-gemal-safari-ab-marsa-alam\/","og_locale":"de_DE","og_type":"article","og_title":"Wadi El Gemal Safari ab Marsa Alam","og_description":"Wadi El Gemal Safari ab Marsa Alam | Erleben Sie die pure Natur der \u00d6stlichen W\u00fcste von Marsa Alam und besuchen Sie den Cleopatra-Tempel und die Smaragdminen.","og_url":"https:\/\/egytourpackages.com\/de\/touren\/wadi-el-gemal-safari-ab-marsa-alam\/","og_site_name":"\u00c4gypten-Reisepakete","article_publisher":"https:\/\/www.facebook.com\/egytourpackages","article_modified_time":"2026-01-04T11:04:57+00:00","og_image":[{"width":1800,"height":1200,"url":"https:\/\/egytourpackages.com\/wp-content\/uploads\/2025\/05\/Eastern-desert-Marsa-Alam.jpg","type":"image\/jpeg"}],"twitter_card":"summary_large_image","twitter_title":"Wadi El Gemal Safari ab Marsa Alam","twitter_misc":{"Preis":"&euro;80","Verf\u00fcgbarkeit":"Auf Lager"},"schema":{"@context":"https:\/\/schema.org","@graph":[{"@type":"WebPage","@id":"https:\/\/egytourpackages.com\/de\/touren\/wadi-el-gemal-safari-ab-marsa-alam\/","url":"https:\/\/egytourpackages.com\/de\/touren\/wadi-el-gemal-safari-ab-marsa-alam\/","name":"Wadi El Gemal Safari ab Marsa Alam | Marsa Alam Ausfl\u00fcge","isPartOf":{"@id":"https:\/\/egytourpackages.com\/de\/#website"},"primaryImageOfPage":{"@id":"https:\/\/egytourpackages.com\/de\/touren\/wadi-el-gemal-safari-ab-marsa-alam\/#primaryimage"},"image":{"@id":"https:\/\/egytourpackages.com\/de\/touren\/wadi-el-gemal-safari-ab-marsa-alam\/#primaryimage"},"thumbnailUrl":"https:\/\/egytourpackages.com\/wp-content\/uploads\/2025\/05\/Eastern-desert-Marsa-Alam.jpg","datePublished":"2025-05-25T16:32:39+00:00","dateModified":"2026-01-04T11:04:57+00:00","description":"Wadi El Gemal Safari ab Marsa Alam | Erleben Sie die pure Natur der \u00d6stlichen W\u00fcste von Marsa Alam und besuchen Sie den Cleopatra-Tempel und die Smaragdminen.","breadcrumb":{"@id":"https:\/\/egytourpackages.com\/de\/touren\/wadi-el-gemal-safari-ab-marsa-alam\/#breadcrumb"},"inLanguage":"de","potentialAction":[{"@type":"ReadAction","target":["https:\/\/egytourpackages.com\/de\/touren\/wadi-el-gemal-safari-ab-marsa-alam\/"]}]},{"@type":"ImageObject","inLanguage":"de","@id":"https:\/\/egytourpackages.com\/de\/touren\/wadi-el-gemal-safari-ab-marsa-alam\/#primaryimage","url":"https:\/\/egytourpackages.com\/wp-content\/uploads\/2025\/05\/Eastern-desert-Marsa-Alam.jpg","contentUrl":"https:\/\/egytourpackages.com\/wp-content\/uploads\/2025\/05\/Eastern-desert-Marsa-Alam.jpg","width":1800,"height":1200,"caption":"Wadi El Gemal Safari ab Marsa Alam"},{"@type":"BreadcrumbList","@id":"https:\/\/egytourpackages.com\/de\/touren\/wadi-el-gemal-safari-ab-marsa-alam\/#breadcrumb","itemListElement":[{"@type":"ListItem","position":1,"name":"Startseite","item":"https:\/\/egytourpackages.com\/de\/"},{"@type":"ListItem","position":2,"name":"Shop","item":"https:\/\/egytourpackages.com\/de\/shop\/"},{"@type":"ListItem","position":3,"name":"Wadi El Gemal Safari ab Marsa Alam"}]},{"@type":"WebSite","@id":"https:\/\/egytourpackages.com\/de\/#website","url":"https:\/\/egytourpackages.com\/de\/","name":"Egy tour packages","description":"","publisher":{"@id":"https:\/\/egytourpackages.com\/de\/#organization"},"potentialAction":[{"@type":"SearchAction","target":{"@type":"EntryPoint","urlTemplate":"https:\/\/egytourpackages.com\/de\/?s={search_term_string}"},"query-input":{"@type":"PropertyValueSpecification","valueRequired":true,"valueName":"search_term_string"}}],"inLanguage":"de"},{"@type":["Organization","Place","TravelAgency"],"@id":"https:\/\/egytourpackages.com\/de\/#organization","name":"egypt tour packages","alternateName":"egypt tour packages","url":"https:\/\/egytourpackages.com\/de\/","logo":{"@id":"https:\/\/egytourpackages.com\/de\/touren\/wadi-el-gemal-safari-ab-marsa-alam\/#local-main-organization-logo"},"image":{"@id":"https:\/\/egytourpackages.com\/de\/touren\/wadi-el-gemal-safari-ab-marsa-alam\/#local-main-organization-logo"},"sameAs":["https:\/\/www.facebook.com\/egytourpackages"],"legalName":"Egy tour packages","address":{"@id":"https:\/\/egytourpackages.com\/de\/touren\/wadi-el-gemal-safari-ab-marsa-alam\/#local-main-place-address"},"telephone":["00201000852186","00201028685533"],"contactPoint":{"@type":"ContactPoint","telephone":"00201000852186"},"openingHoursSpecification":[{"@type":"OpeningHoursSpecification","dayOfWeek":["Monday","Tuesday","Wednesday","Thursday","Friday","Saturday","Sunday"],"opens":"00:00","closes":"23:59"}],"email":"info@egytourpackages.com","areaServed":"Cairo, Hurghada, Luxor, Sharm El Sheikh, Marsa Alam, Aswan","priceRange":"$","currenciesAccepted":"euro","paymentAccepted":"Payment links online"},{"@type":"PostalAddress","@id":"https:\/\/egytourpackages.com\/de\/touren\/wadi-el-gemal-safari-ab-marsa-alam\/#local-main-place-address","streetAddress":"Mubarak 8, Al Kawthar District, Hurghada","addressLocality":"Hurghada","postalCode":"84511","addressRegion":"Red Sea","addressCountry":"EG"},{"@type":"ImageObject","inLanguage":"de","@id":"https:\/\/egytourpackages.com\/de\/touren\/wadi-el-gemal-safari-ab-marsa-alam\/#local-main-organization-logo","url":"https:\/\/egytourpackages.com\/wp-content\/uploads\/2025\/12\/Turquoise-Dahabiya-Nile-Cruise-1.jpeg","contentUrl":"https:\/\/egytourpackages.com\/wp-content\/uploads\/2025\/12\/Turquoise-Dahabiya-Nile-Cruise-1.jpeg","width":1040,"height":694,"caption":"egypt tour packages"}]},"product_brand":"\u00c4gypten Tagestouren","product_price_amount":"80","product_price_currency":"EUR","og_availability":"instock","product_availability":"instock","product_retailer_item_id":"MAT09","product_condition":"new","geo.placename":"Hurghada","geo.region":"\u00c4gypten"},"_links":{"self":[{"href":"https:\/\/egytourpackages.com\/de\/wp-json\/wp\/v2\/product\/4168","targetHints":{"allow":["GET"]}}],"collection":[{"href":"https:\/\/egytourpackages.com\/de\/wp-json\/wp\/v2\/product"}],"about":[{"href":"https:\/\/egytourpackages.com\/de\/wp-json\/wp\/v2\/types\/product"}],"replies":[{"embeddable":true,"href":"https:\/\/egytourpackages.com\/de\/wp-json\/wp\/v2\/comments?post=4168"}],"wp:featuredmedia":[{"embeddable":true,"href":"https:\/\/egytourpackages.com\/de\/wp-json\/wp\/v2\/media\/3648"}],"wp:attachment":[{"href":"https:\/\/egytourpackages.com\/de\/wp-json\/wp\/v2\/media?parent=4168"}],"wp:term":[{"taxonomy":"product_brand","embeddable":true,"href":"https:\/\/egytourpackages.com\/de\/wp-json\/wp\/v2\/product_brand?post=4168"},{"taxonomy":"product_cat","embeddable":true,"href":"https:\/\/egytourpackages.com\/de\/wp-json\/wp\/v2\/product_cat?post=4168"},{"taxonomy":"product_tag","embeddable":true,"href":"https:\/\/egytourpackages.com\/de\/wp-json\/wp\/v2\/product_tag?post=4168"}],"curies":[{"name":"wp","href":"https:\/\/api.w.org\/{rel}","templated":true}]}}