{"id":4254,"date":"2025-06-16T11:42:16","date_gmt":"2025-06-16T11:42:16","guid":{"rendered":"https:\/\/egytourpackages.com\/product\/morgen-quad-tour-ab-soma-bay\/"},"modified":"2026-01-28T23:51:48","modified_gmt":"2026-01-28T23:51:48","slug":"morgen-quad-tour-ab-soma-bay","status":"publish","type":"product","link":"https:\/\/egytourpackages.com\/de\/touren\/morgen-quad-tour-ab-soma-bay\/","title":{"rendered":"Morgen-Quad-Tour ab Soma Bay"},"content":{"rendered":"<p><span style=\"color: #ff6600;\"><strong>Morgen-Quad-Tour ab Soma Bay<\/strong><\/span><\/p>\n<p>W\u00fcstenabenteuer Hurghada \/ Quad-Touren am Morgen \/ ATV-Touren bei Sonnenaufgang \/ Beduinendorf \/ Online buchen \/ Keine Stornogeb\u00fchren \/ Zahlung vor Ort \/ Keine zus\u00e4tzlichen Geb\u00fchren<\/p>\n<h3>\u00dcbersicht<\/h3>\n<p>Begeben Sie sich auf eine aufregende <strong>Quad-Bike-Tour am Morgen ab Soma Bay<\/strong> f\u00fcr das ultimative <strong>W\u00fcstensafari-Abenteuer<\/strong>! Dieser beliebte <strong>Ausflug ab Soma Bay<\/strong> bietet ein unvergessliches Erlebnis, das den Nervenkitzel des Quadfahrens (oder <strong>ATV-Fahrens<\/strong>) durch die weite \u00e4gyptische W\u00fcste mit einem fesselnden kulturellen Eintauchen verbindet. Sie rasen \u00fcber sandige Ebenen, genie\u00dfen die frische Morgenluft und die atemberaubende W\u00fcstenlandschaft. Der H\u00f6hepunkt f\u00fcr viele ist der Besuch eines traditionellen <strong>Beduinendorfes<\/strong>, wo Sie einen authentischen <strong>Kamelritt<\/strong> erleben und bei einer Tasse traditionellem Tee etwas \u00fcber deren einzigartige Lebensweise erfahren k\u00f6nnen. Perfekt f\u00fcr alle, die ein <strong>W\u00fcstenabenteuer<\/strong> suchen, bietet diese <strong>Quad-Tour ab Soma Bay<\/strong> eine dynamische und unvergessliche M\u00f6glichkeit, \u00c4gyptens atemberaubende Natur und lokale Kultur zu erkunden. Buchen Sie noch heute Ihre <strong>Morgen-W\u00fcstensafari<\/strong> f\u00fcr einen actionreichen Start in den Tag!<\/p>\n<h3>Details<\/h3>\n<p><strong>Dauer<\/strong>: 4 Stunden Ausflug, inklusive Transfers.<\/p>\n<p><strong>Abholzeit<\/strong>: Morgens um 07:00 Uhr<\/p>\n<p><strong>Art des Ausflugs<\/strong>: Gruppe.<\/p>\n<p><strong>Verf\u00fcgbarkeit<\/strong>: T\u00e4glich.<\/p>\n<p><strong>Dauer<\/strong>: 3 Stunden ohne Transfer.<\/p>\n<p><strong>Gruppengr\u00f6\u00dfe<\/strong>: 6-15 Personen.<\/p>\n<p><strong>Sprachen<\/strong>: Erfahrener englischsprachiger Guide.<\/p>\n<p><strong>Zeitplan<\/strong>: Online buchen.<\/p>\n<p><strong>Abholung und R\u00fccktransfer<\/strong>: Hotels in Soma Bay<\/p>\n<h3>Highlights<\/h3>\n<ul>\n<li>25 km ATV-Fahrt<\/li>\n<li>Beduinendorf<\/li>\n<li>Kamelritt<\/li>\n<\/ul>\n<h3>Im Preis inbegriffen<\/h3>\n<ul>\n<li>Abholung vom Hotel und R\u00fccktransfer<\/li>\n<li>Taxis<\/li>\n<li>W\u00fcstenguide<\/li>\n<li>Wasser<\/li>\n<li>Helm<\/li>\n<\/ul>\n<h3>Nicht inbegriffen<\/h3>\n<ul>\n<li>Trinkgelder<\/li>\n<li>Beduinenschal<\/li>\n<li>Schutzbrille<\/li>\n<li>DVD oder Fotos vom Kameramann<\/li>\n<li>Alle nicht enthaltenen Extras<\/li>\n<\/ul>\n<h2>Reiseplan<\/h2>\n<p><strong>7:00 Uhr: Abholung vom Hotel &amp; Transfer<\/strong><\/p>\n<p>Beginnen Sie Ihren aufregenden Tag mit einem komfortablen, klimatisierten Transfer direkt von Ihrem Hotel in Soma Bay.<\/p>\n<p><strong>08:00 Uhr: Ankunft &amp; Sicherheitseinweisung<\/strong><\/p>\n<p>Sie erreichen das Quad-Zentrum, werden von freundlichen lokalen Guides begr\u00fc\u00dft und erhalten dann eine umfassende Sicherheitseinweisung zur sicheren und effektiven Bedienung der Quads (ATVs). Helme werden gestellt und sind obligatorisch. Sie haben die M\u00f6glichkeit, das Quadfahren in einem ausgewiesenen Bereich zu \u00fcben, um sicherzustellen, dass Sie sich wohlf\u00fchlen, bevor Sie in die W\u00fcste fahren.<\/p>\n<p><strong>9:30 Uhr: Spannende Quad-Bike-W\u00fcstensafari<\/strong><\/p>\n<p>Beginnen Sie Ihre Quad-Bike-W\u00fcstensafari! Fahren Sie durch die atemberaubende, weite \u00e4gyptische W\u00fcste, navigieren Sie auf sandigen Pfaden und genie\u00dfen Sie die offene Weite. Ihr Guide f\u00fchrt Sie auch zu unglaublichen Aussichtspunkten, die Ihnen die M\u00f6glichkeit bieten, atemberaubende Fotos der W\u00fcstenlandschaft zu machen, besonders wenn die Sonne h\u00f6her steigt. Sp\u00fcren Sie den Wind in Ihren Haaren und die Aufregung, \u00fcber die D\u00fcnen zu rasen.<\/p>\n<p><strong>10:00 Uhr: Kulturelles Erlebnis im Beduinendorf<\/strong><\/p>\n<p>Fahren Sie mit Ihrem Quad weiter in die W\u00fcste, um ein authentisches <strong>Beduinendorf<\/strong> zu erreichen. Dort treffen Sie die gastfreundlichen Beduinen und erhalten Einblicke in ihre traditionelle Lebensweise. Danach erleben Sie einen friedlichen <strong>Kamelritt<\/strong> durch die W\u00fcste, ein wahrhaft ikonisches \u00e4gyptisches Erlebnis. Entspannen Sie sich und genie\u00dfen Sie kostenloses Mineralwasser, Softdrinks und traditionellen Beduinentee.<\/p>\n<p><strong>11:00 Uhr: R\u00fcckfahrt mit dem Quad<\/strong><\/p>\n<p>Steigen Sie wieder auf Ihr Quad f\u00fcr eine weitere aufregende Fahrt zur\u00fcck zur Quad-Station. Dies bietet weitere M\u00f6glichkeiten, die weiten W\u00fcstenlandschaften zu genie\u00dfen.<\/p>\n<p><strong>12:00 Uhr: R\u00fccktransfer zum Hotel<\/strong><\/p>\n<p>Steigen Sie in Ihren klimatisierten Transfer zur\u00fcck zu Ihrem Hotel in Soma Bay und lassen Sie Ihr unglaubliches W\u00fcstenabenteuer Revue passieren.<\/p>\n<h3>Was Sie f\u00fcr Ihre Quad-Bike-Tour am Morgen mitbringen sollten<\/h3>\n<ul>\n<li>Bequeme Kleidung<\/li>\n<li>Geschlossene Schuhe<\/li>\n<li>Sonnenbrille<\/li>\n<li>Sonnencreme<\/li>\n<li>Schal<\/li>\n<li>Kleiner Rucksack<\/li>\n<\/ul>\n<h3>Warum eine Quad-Bike-Tour am Morgen w\u00e4hlen?<\/h3>\n<ul>\n<li>Vermeidung der Mittagshitze<\/li>\n<li>Atemberaubende Sonnenaufgangsm\u00f6glichkeiten<\/li>\n<li>Familienfreundlich<\/li>\n<li>Unvergessliches Erlebnis<\/li>\n<\/ul>\n<h3>Hinweis<\/h3>\n<p>Kinder unter 14 Jahren d\u00fcrfen kein Quad fahren.<\/p>\n<h3>Preis Quad-Bike-Tour am Morgen ab Soma Bay<\/h3>\n<p>Erwachsenenpreis: 35 $<\/p>\n<p>Kinder 0-5 Jahre: Kostenlos<\/p>\n<p>Kinder 5-11 Jahre: 50% des Erwachsenenpreises<\/p>\n<h3>Buchung<\/h3>\n<p>Sie k\u00f6nnen Ihre Tour per WhatsApp oder E-Mail buchen. Sie erhalten sofort eine Best\u00e4tigung. Bitte senden Sie uns Ihren Hotelnamen, Zimmernummer und Reisepasskopien.<\/p>\n<p><strong>WhatsApp<\/strong>: +201000852186<\/p>\n<p><strong>E-Mail<\/strong>: info@egytourpackages.com<\/p>\n<h3>Jetzt buchen &amp; vor Ort bezahlen<\/h3>\n<p>Buchen Sie Ihre Lieblingstour und bezahlen Sie am Tag Ihrer Reise.<\/p>\n<p><strong>Zahlung<\/strong> Sie k\u00f6nnen in \u00e4gyptischen Pfund, $, \u20ac oder \u00a3 bezahlen.<\/p>\n<h3>Stornierungsbedingungen<\/h3>\n<ul>\n<li>Kostenlose Stornierung bis zu 24 Stunden im Voraus<\/li>\n<li>Morgendliche Stornierung betr\u00e4gt 50% des Preises<\/li>\n<\/ul>\n","protected":false},"excerpt":{"rendered":"<p>Morgen-Quad-Tour ab Soma Bay | Genie\u00dfen Sie eine W\u00fcstensafari mit einer ATV-Fahrt, einem Kamelritt und dem Besuch eines Beduinendorfes. Jetzt buchen!<\/p>\n","protected":false},"featured_media":4247,"comment_status":"closed","ping_status":"closed","template":"","meta":[],"product_brand":[],"product_cat":[1494],"product_tag":[1495,1505,1976],"class_list":{"0":"post-4254","1":"product","2":"type-product","3":"status-publish","4":"has-post-thumbnail","6":"product_cat-touren","7":"product_tag-agypten-tagestouren","8":"product_tag-soma-bay-ausfluge","9":"product_tag-wustensafari-touren","10":"tour_category-agypten-tagestouren","11":"tour_category-hurghada-wustensafari-touren","12":"tour_category-soma-bay-ausfluge","14":"first","15":"instock","16":"sale","17":"shipping-taxable","18":"purchasable","19":"product-type-tour","20":"has-default-attributes"},"yoast_head":"<!-- This site is optimized with the Yoast SEO Premium plugin v27.4 (Yoast SEO v27.4) - https:\/\/yoast.com\/product\/yoast-seo-premium-wordpress\/ -->\n<title>Morgen-Quad-Tour ab Soma Bay<\/title>\n<meta name=\"description\" content=\"Morgen-Quad-Tour ab Soma Bay | Genie\u00dfen Sie eine W\u00fcstensafari mit einer ATV-Fahrt, einem Kamelritt und dem Besuch eines Beduinendorfes. Jetzt buchen!\" \/>\n<meta name=\"robots\" content=\"index, follow, max-snippet:-1, max-image-preview:large, max-video-preview:-1\" \/>\n<link rel=\"canonical\" href=\"https:\/\/egytourpackages.com\/de\/touren\/morgen-quad-tour-ab-soma-bay\/\" \/>\n<meta property=\"og:locale\" content=\"de_DE\" \/>\n<meta property=\"og:type\" content=\"article\" \/>\n<meta property=\"og:title\" content=\"Quad-Bike-Tour am Morgen ab Soma Bay\" \/>\n<meta property=\"og:description\" content=\"Morgen-Quad-Tour ab Soma Bay | Genie\u00dfen Sie eine W\u00fcstensafari mit einer ATV-Fahrt, einem Kamelritt und dem Besuch eines Beduinendorfes. Jetzt buchen!\" \/>\n<meta property=\"og:url\" content=\"https:\/\/egytourpackages.com\/de\/touren\/morgen-quad-tour-ab-soma-bay\/\" \/>\n<meta property=\"og:site_name\" content=\"\u00c4gypten-Reisepakete\" \/>\n<meta property=\"article:publisher\" content=\"https:\/\/www.facebook.com\/egytourpackages\" \/>\n<meta property=\"article:modified_time\" content=\"2026-01-28T23:51:48+00:00\" \/>\n<meta property=\"og:image\" content=\"https:\/\/egytourpackages.com\/wp-content\/uploads\/2025\/06\/Morning-Quad-Bike-Tour-from-Soma-Bay-2.jpeg\" \/>\n\t<meta property=\"og:image:width\" content=\"1500\" \/>\n\t<meta property=\"og:image:height\" content=\"1000\" \/>\n\t<meta property=\"og:image:type\" content=\"image\/jpeg\" \/>\n<meta name=\"twitter:card\" content=\"summary_large_image\" \/>\n<meta name=\"twitter:title\" content=\"Morgen-Quad-Tour ab Soma Bay\" \/>\n<meta name=\"twitter:label1\" content=\"Preis\" \/>\n\t<meta name=\"twitter:data1\" content=\"&euro;35\" \/>\n\t<meta name=\"twitter:label2\" content=\"Verf\u00fcgbarkeit\" \/>\n\t<meta name=\"twitter:data2\" content=\"Auf Lager\" \/>\n<script type=\"application\/ld+json\" class=\"yoast-schema-graph\">{\"@context\":\"https:\\\/\\\/schema.org\",\"@graph\":[{\"@type\":\"WebPage\",\"@id\":\"https:\\\/\\\/egytourpackages.com\\\/de\\\/touren\\\/morgen-quad-tour-ab-soma-bay\\\/\",\"url\":\"https:\\\/\\\/egytourpackages.com\\\/de\\\/touren\\\/morgen-quad-tour-ab-soma-bay\\\/\",\"name\":\"Morgen-Quad-Tour ab Soma Bay\",\"isPartOf\":{\"@id\":\"https:\\\/\\\/egytourpackages.com\\\/de\\\/#website\"},\"primaryImageOfPage\":{\"@id\":\"https:\\\/\\\/egytourpackages.com\\\/de\\\/touren\\\/morgen-quad-tour-ab-soma-bay\\\/#primaryimage\"},\"image\":{\"@id\":\"https:\\\/\\\/egytourpackages.com\\\/de\\\/touren\\\/morgen-quad-tour-ab-soma-bay\\\/#primaryimage\"},\"thumbnailUrl\":\"https:\\\/\\\/egytourpackages.com\\\/wp-content\\\/uploads\\\/2025\\\/06\\\/Morning-Quad-Bike-Tour-from-Soma-Bay-2.jpeg\",\"datePublished\":\"2025-06-16T11:42:16+00:00\",\"dateModified\":\"2026-01-28T23:51:48+00:00\",\"description\":\"Morgen-Quad-Tour ab Soma Bay | Genie\u00dfen Sie eine W\u00fcstensafari mit einer ATV-Fahrt, einem Kamelritt und dem Besuch eines Beduinendorfes. Jetzt buchen!\",\"breadcrumb\":{\"@id\":\"https:\\\/\\\/egytourpackages.com\\\/de\\\/touren\\\/morgen-quad-tour-ab-soma-bay\\\/#breadcrumb\"},\"inLanguage\":\"de\",\"potentialAction\":[{\"@type\":\"ReadAction\",\"target\":[\"https:\\\/\\\/egytourpackages.com\\\/de\\\/touren\\\/morgen-quad-tour-ab-soma-bay\\\/\"]}]},{\"@type\":\"ImageObject\",\"inLanguage\":\"de\",\"@id\":\"https:\\\/\\\/egytourpackages.com\\\/de\\\/touren\\\/morgen-quad-tour-ab-soma-bay\\\/#primaryimage\",\"url\":\"https:\\\/\\\/egytourpackages.com\\\/wp-content\\\/uploads\\\/2025\\\/06\\\/Morning-Quad-Bike-Tour-from-Soma-Bay-2.jpeg\",\"contentUrl\":\"https:\\\/\\\/egytourpackages.com\\\/wp-content\\\/uploads\\\/2025\\\/06\\\/Morning-Quad-Bike-Tour-from-Soma-Bay-2.jpeg\",\"width\":1500,\"height\":1000,\"caption\":\"Morgen-Quad-Tour ab Soma Bay\"},{\"@type\":\"BreadcrumbList\",\"@id\":\"https:\\\/\\\/egytourpackages.com\\\/de\\\/touren\\\/morgen-quad-tour-ab-soma-bay\\\/#breadcrumb\",\"itemListElement\":[{\"@type\":\"ListItem\",\"position\":1,\"name\":\"Startseite\",\"item\":\"https:\\\/\\\/egytourpackages.com\\\/de\\\/\"},{\"@type\":\"ListItem\",\"position\":2,\"name\":\"Shop\",\"item\":\"https:\\\/\\\/egytourpackages.com\\\/de\\\/shop\\\/\"},{\"@type\":\"ListItem\",\"position\":3,\"name\":\"Morgen-Quad-Tour ab Soma Bay\"}]},{\"@type\":\"WebSite\",\"@id\":\"https:\\\/\\\/egytourpackages.com\\\/de\\\/#website\",\"url\":\"https:\\\/\\\/egytourpackages.com\\\/de\\\/\",\"name\":\"Egy tour packages\",\"description\":\"\",\"publisher\":{\"@id\":\"https:\\\/\\\/egytourpackages.com\\\/de\\\/#organization\"},\"potentialAction\":[{\"@type\":\"SearchAction\",\"target\":{\"@type\":\"EntryPoint\",\"urlTemplate\":\"https:\\\/\\\/egytourpackages.com\\\/de\\\/?s={search_term_string}\"},\"query-input\":{\"@type\":\"PropertyValueSpecification\",\"valueRequired\":true,\"valueName\":\"search_term_string\"}}],\"inLanguage\":\"de\"},{\"@type\":[\"Organization\",\"Place\",\"TravelAgency\"],\"@id\":\"https:\\\/\\\/egytourpackages.com\\\/de\\\/#organization\",\"name\":\"egypt tour packages\",\"alternateName\":\"egypt tour packages\",\"url\":\"https:\\\/\\\/egytourpackages.com\\\/de\\\/\",\"logo\":{\"@id\":\"https:\\\/\\\/egytourpackages.com\\\/de\\\/touren\\\/morgen-quad-tour-ab-soma-bay\\\/#local-main-organization-logo\"},\"image\":{\"@id\":\"https:\\\/\\\/egytourpackages.com\\\/de\\\/touren\\\/morgen-quad-tour-ab-soma-bay\\\/#local-main-organization-logo\"},\"sameAs\":[\"https:\\\/\\\/www.facebook.com\\\/egytourpackages\"],\"legalName\":\"Egy tour packages\",\"address\":{\"@id\":\"https:\\\/\\\/egytourpackages.com\\\/de\\\/touren\\\/morgen-quad-tour-ab-soma-bay\\\/#local-main-place-address\"},\"telephone\":[\"00201000852186\",\"00201028685533\"],\"contactPoint\":{\"@type\":\"ContactPoint\",\"telephone\":\"00201000852186\"},\"openingHoursSpecification\":[{\"@type\":\"OpeningHoursSpecification\",\"dayOfWeek\":[\"Monday\",\"Tuesday\",\"Wednesday\",\"Thursday\",\"Friday\",\"Saturday\",\"Sunday\"],\"opens\":\"00:00\",\"closes\":\"23:59\"}],\"email\":\"info@egytourpackages.com\",\"areaServed\":\"Cairo, Hurghada, Luxor, Sharm El Sheikh, Marsa Alam, Aswan\",\"priceRange\":\"$\",\"currenciesAccepted\":\"euro\",\"paymentAccepted\":\"Payment links online\"},{\"@type\":\"PostalAddress\",\"@id\":\"https:\\\/\\\/egytourpackages.com\\\/de\\\/touren\\\/morgen-quad-tour-ab-soma-bay\\\/#local-main-place-address\",\"streetAddress\":\"Mubarak 8, Al Kawthar District, Hurghada\",\"addressLocality\":\"Hurghada\",\"postalCode\":\"84511\",\"addressRegion\":\"Red Sea\",\"addressCountry\":\"EG\"},{\"@type\":\"ImageObject\",\"inLanguage\":\"de\",\"@id\":\"https:\\\/\\\/egytourpackages.com\\\/de\\\/touren\\\/morgen-quad-tour-ab-soma-bay\\\/#local-main-organization-logo\",\"url\":\"https:\\\/\\\/egytourpackages.com\\\/wp-content\\\/uploads\\\/2025\\\/12\\\/Turquoise-Dahabiya-Nile-Cruise-1.jpeg\",\"contentUrl\":\"https:\\\/\\\/egytourpackages.com\\\/wp-content\\\/uploads\\\/2025\\\/12\\\/Turquoise-Dahabiya-Nile-Cruise-1.jpeg\",\"width\":1040,\"height\":694,\"caption\":\"egypt tour packages\"}]}<\/script>\n<meta property=\"product:brand\" content=\"\u00c4gypten Tagestouren\" \/>\n<meta property=\"product:price:amount\" content=\"35\" \/>\n<meta property=\"product:price:currency\" content=\"EUR\" \/>\n<meta property=\"og:availability\" content=\"instock\" \/>\n<meta property=\"product:availability\" content=\"instock\" \/>\n<meta property=\"product:retailer_item_id\" content=\"SBE09\" \/>\n<meta property=\"product:condition\" content=\"new\" \/>\n<meta name=\"geo.placename\" content=\"Hurghada\" \/>\n<meta name=\"geo.region\" content=\"\u00c4gypten\" \/>\n<!-- \/ Yoast SEO Premium plugin. -->","yoast_head_json":{"title":"Morgen-Quad-Tour ab Soma Bay","description":"Morgen-Quad-Tour ab Soma Bay | Genie\u00dfen Sie eine W\u00fcstensafari mit einer ATV-Fahrt, einem Kamelritt und dem Besuch eines Beduinendorfes. Jetzt buchen!","robots":{"index":"index","follow":"follow","max-snippet":"max-snippet:-1","max-image-preview":"max-image-preview:large","max-video-preview":"max-video-preview:-1"},"canonical":"https:\/\/egytourpackages.com\/de\/touren\/morgen-quad-tour-ab-soma-bay\/","og_locale":"de_DE","og_type":"article","og_title":"Quad-Bike-Tour am Morgen ab Soma Bay","og_description":"Morgen-Quad-Tour ab Soma Bay | Genie\u00dfen Sie eine W\u00fcstensafari mit einer ATV-Fahrt, einem Kamelritt und dem Besuch eines Beduinendorfes. Jetzt buchen!","og_url":"https:\/\/egytourpackages.com\/de\/touren\/morgen-quad-tour-ab-soma-bay\/","og_site_name":"\u00c4gypten-Reisepakete","article_publisher":"https:\/\/www.facebook.com\/egytourpackages","article_modified_time":"2026-01-28T23:51:48+00:00","og_image":[{"width":1500,"height":1000,"url":"https:\/\/egytourpackages.com\/wp-content\/uploads\/2025\/06\/Morning-Quad-Bike-Tour-from-Soma-Bay-2.jpeg","type":"image\/jpeg"}],"twitter_card":"summary_large_image","twitter_title":"Morgen-Quad-Tour ab Soma Bay","twitter_misc":{"Preis":"&euro;35","Verf\u00fcgbarkeit":"Auf Lager"},"schema":{"@context":"https:\/\/schema.org","@graph":[{"@type":"WebPage","@id":"https:\/\/egytourpackages.com\/de\/touren\/morgen-quad-tour-ab-soma-bay\/","url":"https:\/\/egytourpackages.com\/de\/touren\/morgen-quad-tour-ab-soma-bay\/","name":"Morgen-Quad-Tour ab Soma Bay","isPartOf":{"@id":"https:\/\/egytourpackages.com\/de\/#website"},"primaryImageOfPage":{"@id":"https:\/\/egytourpackages.com\/de\/touren\/morgen-quad-tour-ab-soma-bay\/#primaryimage"},"image":{"@id":"https:\/\/egytourpackages.com\/de\/touren\/morgen-quad-tour-ab-soma-bay\/#primaryimage"},"thumbnailUrl":"https:\/\/egytourpackages.com\/wp-content\/uploads\/2025\/06\/Morning-Quad-Bike-Tour-from-Soma-Bay-2.jpeg","datePublished":"2025-06-16T11:42:16+00:00","dateModified":"2026-01-28T23:51:48+00:00","description":"Morgen-Quad-Tour ab Soma Bay | Genie\u00dfen Sie eine W\u00fcstensafari mit einer ATV-Fahrt, einem Kamelritt und dem Besuch eines Beduinendorfes. Jetzt buchen!","breadcrumb":{"@id":"https:\/\/egytourpackages.com\/de\/touren\/morgen-quad-tour-ab-soma-bay\/#breadcrumb"},"inLanguage":"de","potentialAction":[{"@type":"ReadAction","target":["https:\/\/egytourpackages.com\/de\/touren\/morgen-quad-tour-ab-soma-bay\/"]}]},{"@type":"ImageObject","inLanguage":"de","@id":"https:\/\/egytourpackages.com\/de\/touren\/morgen-quad-tour-ab-soma-bay\/#primaryimage","url":"https:\/\/egytourpackages.com\/wp-content\/uploads\/2025\/06\/Morning-Quad-Bike-Tour-from-Soma-Bay-2.jpeg","contentUrl":"https:\/\/egytourpackages.com\/wp-content\/uploads\/2025\/06\/Morning-Quad-Bike-Tour-from-Soma-Bay-2.jpeg","width":1500,"height":1000,"caption":"Morgen-Quad-Tour ab Soma Bay"},{"@type":"BreadcrumbList","@id":"https:\/\/egytourpackages.com\/de\/touren\/morgen-quad-tour-ab-soma-bay\/#breadcrumb","itemListElement":[{"@type":"ListItem","position":1,"name":"Startseite","item":"https:\/\/egytourpackages.com\/de\/"},{"@type":"ListItem","position":2,"name":"Shop","item":"https:\/\/egytourpackages.com\/de\/shop\/"},{"@type":"ListItem","position":3,"name":"Morgen-Quad-Tour ab Soma Bay"}]},{"@type":"WebSite","@id":"https:\/\/egytourpackages.com\/de\/#website","url":"https:\/\/egytourpackages.com\/de\/","name":"Egy tour packages","description":"","publisher":{"@id":"https:\/\/egytourpackages.com\/de\/#organization"},"potentialAction":[{"@type":"SearchAction","target":{"@type":"EntryPoint","urlTemplate":"https:\/\/egytourpackages.com\/de\/?s={search_term_string}"},"query-input":{"@type":"PropertyValueSpecification","valueRequired":true,"valueName":"search_term_string"}}],"inLanguage":"de"},{"@type":["Organization","Place","TravelAgency"],"@id":"https:\/\/egytourpackages.com\/de\/#organization","name":"egypt tour packages","alternateName":"egypt tour packages","url":"https:\/\/egytourpackages.com\/de\/","logo":{"@id":"https:\/\/egytourpackages.com\/de\/touren\/morgen-quad-tour-ab-soma-bay\/#local-main-organization-logo"},"image":{"@id":"https:\/\/egytourpackages.com\/de\/touren\/morgen-quad-tour-ab-soma-bay\/#local-main-organization-logo"},"sameAs":["https:\/\/www.facebook.com\/egytourpackages"],"legalName":"Egy tour packages","address":{"@id":"https:\/\/egytourpackages.com\/de\/touren\/morgen-quad-tour-ab-soma-bay\/#local-main-place-address"},"telephone":["00201000852186","00201028685533"],"contactPoint":{"@type":"ContactPoint","telephone":"00201000852186"},"openingHoursSpecification":[{"@type":"OpeningHoursSpecification","dayOfWeek":["Monday","Tuesday","Wednesday","Thursday","Friday","Saturday","Sunday"],"opens":"00:00","closes":"23:59"}],"email":"info@egytourpackages.com","areaServed":"Cairo, Hurghada, Luxor, Sharm El Sheikh, Marsa Alam, Aswan","priceRange":"$","currenciesAccepted":"euro","paymentAccepted":"Payment links online"},{"@type":"PostalAddress","@id":"https:\/\/egytourpackages.com\/de\/touren\/morgen-quad-tour-ab-soma-bay\/#local-main-place-address","streetAddress":"Mubarak 8, Al Kawthar District, Hurghada","addressLocality":"Hurghada","postalCode":"84511","addressRegion":"Red Sea","addressCountry":"EG"},{"@type":"ImageObject","inLanguage":"de","@id":"https:\/\/egytourpackages.com\/de\/touren\/morgen-quad-tour-ab-soma-bay\/#local-main-organization-logo","url":"https:\/\/egytourpackages.com\/wp-content\/uploads\/2025\/12\/Turquoise-Dahabiya-Nile-Cruise-1.jpeg","contentUrl":"https:\/\/egytourpackages.com\/wp-content\/uploads\/2025\/12\/Turquoise-Dahabiya-Nile-Cruise-1.jpeg","width":1040,"height":694,"caption":"egypt tour packages"}]},"product_brand":"\u00c4gypten Tagestouren","product_price_amount":"35","product_price_currency":"EUR","og_availability":"instock","product_availability":"instock","product_retailer_item_id":"SBE09","product_condition":"new","geo.placename":"Hurghada","geo.region":"\u00c4gypten"},"_links":{"self":[{"href":"https:\/\/egytourpackages.com\/de\/wp-json\/wp\/v2\/product\/4254","targetHints":{"allow":["GET"]}}],"collection":[{"href":"https:\/\/egytourpackages.com\/de\/wp-json\/wp\/v2\/product"}],"about":[{"href":"https:\/\/egytourpackages.com\/de\/wp-json\/wp\/v2\/types\/product"}],"replies":[{"embeddable":true,"href":"https:\/\/egytourpackages.com\/de\/wp-json\/wp\/v2\/comments?post=4254"}],"wp:featuredmedia":[{"embeddable":true,"href":"https:\/\/egytourpackages.com\/de\/wp-json\/wp\/v2\/media\/4247"}],"wp:attachment":[{"href":"https:\/\/egytourpackages.com\/de\/wp-json\/wp\/v2\/media?parent=4254"}],"wp:term":[{"taxonomy":"product_brand","embeddable":true,"href":"https:\/\/egytourpackages.com\/de\/wp-json\/wp\/v2\/product_brand?post=4254"},{"taxonomy":"product_cat","embeddable":true,"href":"https:\/\/egytourpackages.com\/de\/wp-json\/wp\/v2\/product_cat?post=4254"},{"taxonomy":"product_tag","embeddable":true,"href":"https:\/\/egytourpackages.com\/de\/wp-json\/wp\/v2\/product_tag?post=4254"}],"curies":[{"name":"wp","href":"https:\/\/api.w.org\/{rel}","templated":true}]}}