{"id":4276,"date":"2023-08-22T10:53:55","date_gmt":"2023-08-22T10:53:55","guid":{"rendered":"https:\/\/egytourpackages.com\/product\/makadi-bay-schnorcheltrip\/"},"modified":"2026-01-28T20:43:50","modified_gmt":"2026-01-28T20:43:50","slug":"makadi-bay-schnorcheltrip","status":"publish","type":"product","link":"https:\/\/egytourpackages.com\/de\/touren\/makadi-bay-schnorcheltrip\/","title":{"rendered":"Makadi Bay Schnorcheltrip"},"content":{"rendered":"<p><span style=\"color: #ff6600;\"><strong>Makadi Bay Schnorcheltrip | Die besten Aktivit\u00e4ten in Hurghada<\/strong><\/span><\/p>\n<p><strong>Buchen Sie jetzt<\/strong> einen unvergesslichen <strong>Schnorcheltrip in Makadi Bay<\/strong>, ein ganzt\u00e4giges Abenteuer, perfekt um die lebendige <strong>Unterwasserwelt des Roten Meeres<\/strong> zu erkunden. Diese beliebte <strong>Bootstour ab Makadi Bay<\/strong> bietet ein au\u00dfergew\u00f6hnliches Preis-Leistungs-Verh\u00e4ltnis, das atemberaubende Unterwassererkundungen mit Komfort an Bord verbindet. Ihre Reise beinhaltet <strong>zwei Schnorchelstopps<\/strong> an verschiedenen, spektakul\u00e4ren Orten, oft bekannte Spots wie die <strong>Giftun Insel<\/strong>, <strong>Orange Bay<\/strong> oder die unber\u00fchrten <strong>Korallenriffe<\/strong> in der N\u00e4he von Makadi Bay, wo Sie farbenfrohe Fische und vielf\u00e4ltige Korallenformationen entdecken werden.<\/p>\n<p>Um Ihre aquatischen Eskapaden zu st\u00e4rken, wird ein k\u00f6stliches, <strong>frisch zubereitetes Mittagessen<\/strong> an Bord serviert, sodass Sie eine Mahlzeit inmitten der atemberaubenden Ausblicke auf das Rote Meer genie\u00dfen k\u00f6nnen. Bleiben Sie den ganzen Tag \u00fcber erfrischt mit einer Auswahl an <strong>hei\u00dfen und alkoholfreien Getr\u00e4nken an Bord<\/strong>, die maximalen Komfort unter der \u00e4gyptischen Sonne gew\u00e4hrleisten. F\u00fcr eine zus\u00e4tzliche Portion Adrenalin und Spa\u00df beinhaltet diese <strong>Makadi Bay Tour<\/strong> typischerweise aufregende <strong>Wassersportarten<\/strong>, wie rasante Fahrten mit dem <strong>Bananenboot<\/strong> und <strong>Sofa-Boot<\/strong>, die unvergessliche Momente f\u00fcr Familien und Freunde gleicherma\u00dfen bieten. Erleben Sie das Beste der <strong>Makadi Bay Ausfl\u00fcge<\/strong> mit diesem umfassenden Schnorchel- und Freizeitpaket, das einen Tag voller Entdeckung und Begeisterung in den <strong>kristallklaren Gew\u00e4ssern des Roten Meeres<\/strong> verspricht.<\/p>\n<h3><span style=\"color: #ff6600;\">Tour-Highlights<\/span><\/h3>\n<p>Zwei Schnorchelstopps an zwei verschiedenen Orten<\/p>\n<p>Frisch zubereitetes Mittagessen an Bord<\/p>\n<p>Hei\u00dfe und alkoholfreie Getr\u00e4nke an Bord<\/p>\n<p>Wassersport wie Bananenboot und Sofa-Boot<\/p>\n<h3><span style=\"color: #ff6600;\">Tour-Details<\/span><\/h3>\n<ul>\n<li>Dauer: 8 Stunden<\/li>\n<li>Tourort: Rotes Meer<\/li>\n<li>Verf\u00fcgbarkeit: T\u00e4glich<\/li>\n<li>Tour-Typ: Gruppe<\/li>\n<li>Abholung &amp; R\u00fccktransfer: Ihr Hotel in Makadi Bay<\/li>\n<li>Rollstuhlgerecht: Zug\u00e4nglich<\/li>\n<\/ul>\n<h3><span style=\"color: #ff6600;\">In diesem Tour enthalten<\/span><\/h3>\n<ul>\n<li>Hin- und R\u00fccktransfer von Ihrem Hotel in Makadi Bay<\/li>\n<li>Schnorchelausr\u00fcstung wie Schwimmweste, Maske, Flossen<\/li>\n<li>Schnorchelf\u00fchrer<\/li>\n<li>Frisch zubereitetes Mittagessen an Bord<\/li>\n<li>Mineralwasser, hei\u00dfe und kalte Getr\u00e4nke den ganzen Tag<\/li>\n<\/ul>\n<h3><span style=\"color: #ff6600;\">In diesem Tour ausgeschlossen<\/span><\/h3>\n<ul>\n<li>DVD und Fotos vom Kameramann<\/li>\n<li>Trinkgeld<\/li>\n<li>Tauchen<\/li>\n<\/ul>\n<h3><span style=\"color: #ff6600;\">Was Sie mitnehmen sollten<\/span><\/h3>\n<ul>\n<li>Ihr eigenes Handtuch vom Hotel<\/li>\n<li>Hut oder Schal<\/li>\n<li>Sonnencreme<\/li>\n<li>Sonnenbrille<\/li>\n<li>Bequeme Schuhe<\/li>\n<li>Badeanzug<\/li>\n<li>Etwas Bargeld f\u00fcr Ihre pers\u00f6nlichen Ausgaben<\/li>\n<\/ul>\n<h3><span style=\"color: #ff6600;\">Schnorchel-Bootstour von Makadi Bay Preis<\/span><\/h3>\n<ul>\n<li>Erwachsenenpreis = 30 $<\/li>\n<li>Kinder 0-5 Jahre = kostenlos<\/li>\n<li>Kinder 5-11 Jahre = 50% des Erwachsenenpreises<\/li>\n<\/ul>\n<p><strong>Buchung<\/strong> Sie k\u00f6nnen Ihre Tour per WhatsApp oder E-Mail <strong>buchen<\/strong> und erhalten die Best\u00e4tigung direkt vor Ort. Bitte senden Sie uns Ihren Hotelnamen, Zimmernummer, Passkopien.<\/p>\n<p><strong>WhatsApp: +201000852186 <\/strong><\/p>\n<p>E-Mail: info@egytourpackages.com<\/p>\n<h3><span style=\"color: #ff6600;\">Jetzt buchen &amp; vor Ort bezahlen <\/span><\/h3>\n<p>Buchen Sie Ihre Lieblingstour und zahlen Sie am Tag des Ausflugs.<\/p>\n<h3><span style=\"color: #ff6600;\">Stornierungsbedingungen<\/span><\/h3>\n<ul>\n<li>Kostenlose Stornierung bis zu 24 Stunden im Voraus<\/li>\n<li>Stornierung am Morgen: 50% des Preises<\/li>\n<\/ul>\n","protected":false},"excerpt":{"rendered":"<p>Makadi Bay Schnorcheltrip | Erkunden Sie die besten Schnorchelpl\u00e4tze in Hurghada, die Korallenriffe des Roten Meeres, die Fische des Roten Meeres und die Unterwasserwelt des Roten Meeres.<\/p>\n","protected":false},"featured_media":2939,"comment_status":"open","ping_status":"closed","template":"","meta":[],"product_brand":[],"product_cat":[1494],"product_tag":[1987],"class_list":{"0":"post-4276","1":"product","2":"type-product","3":"status-publish","4":"has-post-thumbnail","6":"product_cat-touren","7":"product_tag-schnorchel-bootstour","8":"tour_category-agypten-tagestouren","9":"tour_category-hurghada-schnorchelausfluge","10":"tour_category-makadi-bay-ausfluge","12":"first","13":"instock","14":"sale","15":"shipping-taxable","16":"purchasable","17":"product-type-tour","18":"has-default-attributes"},"yoast_head":"<!-- This site is optimized with the Yoast SEO Premium plugin v27.2 (Yoast SEO v27.2) - https:\/\/yoast.com\/product\/yoast-seo-premium-wordpress\/ -->\n<title>Makadi Bay Schnorcheltrip | Beste Makadi Bay Ausfl\u00fcge<\/title>\n<meta name=\"description\" content=\"Makadi Bay Schnorcheltrip: Entdecken Sie Hurghadas beste Schnorchelpl\u00e4tze! Tauchen Sie ein in die Korallenriffe, Fische &amp; die faszinierende Unterwasserwelt.\" \/>\n<meta name=\"robots\" content=\"index, follow, max-snippet:-1, max-image-preview:large, max-video-preview:-1\" \/>\n<link rel=\"canonical\" href=\"https:\/\/egytourpackages.com\/de\/touren\/makadi-bay-schnorcheltrip\/\" \/>\n<meta property=\"og:locale\" content=\"de_DE\" \/>\n<meta property=\"og:type\" content=\"article\" \/>\n<meta property=\"og:title\" content=\"Makadi Bay Schnorcheltrip\" \/>\n<meta property=\"og:description\" content=\"Makadi Bay Schnorcheltrip | Erkunden Sie die besten Schnorchelpl\u00e4tze in Hurghada, die Korallenriffe des Roten Meeres, die Fische des Roten Meeres und die Unterwasserwelt des Roten Meeres.\" \/>\n<meta property=\"og:url\" content=\"https:\/\/egytourpackages.com\/de\/touren\/makadi-bay-schnorcheltrip\/\" \/>\n<meta property=\"og:site_name\" content=\"\u00c4gypten-Reisepakete\" \/>\n<meta property=\"article:publisher\" content=\"https:\/\/www.facebook.com\/egytourpackages\" \/>\n<meta property=\"article:modified_time\" content=\"2026-01-28T20:43:50+00:00\" \/>\n<meta property=\"og:image\" content=\"https:\/\/egytourpackages.com\/wp-content\/uploads\/2023\/08\/Makadi-Bay-best-Snorkeling-Trip-1024x682.jpg\" \/>\n<meta name=\"twitter:card\" content=\"summary_large_image\" \/>\n<meta name=\"twitter:title\" content=\"Makadi Bay Schnorcheltrip\" \/>\n<meta name=\"twitter:description\" content=\"Makadi Bay Schnorcheltrip | Erkunden Sie die besten Schnorchelpl\u00e4tze in Hurghada, die Korallenriffe des Roten Meeres, die Fische des Roten Meeres und die Unterwasserwelt des Roten Meeres.\" \/>\n<meta name=\"twitter:image\" content=\"https:\/\/egytourpackages.com\/wp-content\/uploads\/2023\/08\/Makadi-Bay-best-Snorkeling-Trip-1024x682.jpg\" \/>\n<meta name=\"twitter:label1\" content=\"Preis\" \/>\n\t<meta name=\"twitter:data1\" content=\"&euro;30\" \/>\n\t<meta name=\"twitter:label2\" content=\"Verf\u00fcgbarkeit\" \/>\n\t<meta name=\"twitter:data2\" content=\"Auf Lager\" \/>\n<script type=\"application\/ld+json\" class=\"yoast-schema-graph\">{\"@context\":\"https:\/\/schema.org\",\"@graph\":[{\"@type\":\"WebPage\",\"@id\":\"https:\/\/egytourpackages.com\/de\/touren\/makadi-bay-schnorcheltrip\/\",\"url\":\"https:\/\/egytourpackages.com\/de\/touren\/makadi-bay-schnorcheltrip\/\",\"name\":\"Makadi Bay Schnorcheltrip | Beste Makadi Bay Ausfl\u00fcge\",\"isPartOf\":{\"@id\":\"https:\/\/egytourpackages.com\/de\/#website\"},\"primaryImageOfPage\":{\"@id\":\"https:\/\/egytourpackages.com\/de\/touren\/makadi-bay-schnorcheltrip\/#primaryimage\"},\"image\":{\"@id\":\"https:\/\/egytourpackages.com\/de\/touren\/makadi-bay-schnorcheltrip\/#primaryimage\"},\"thumbnailUrl\":\"https:\/\/egytourpackages.com\/wp-content\/uploads\/2023\/08\/Makadi-Bay-best-Snorkeling-Trip.jpg\",\"datePublished\":\"2023-08-22T10:53:55+00:00\",\"dateModified\":\"2026-01-28T20:43:50+00:00\",\"description\":\"Makadi Bay Schnorcheltrip: Entdecken Sie Hurghadas beste Schnorchelpl\u00e4tze! Tauchen Sie ein in die Korallenriffe, Fische & die faszinierende Unterwasserwelt.\",\"breadcrumb\":{\"@id\":\"https:\/\/egytourpackages.com\/de\/touren\/makadi-bay-schnorcheltrip\/#breadcrumb\"},\"inLanguage\":\"de\",\"potentialAction\":[{\"@type\":\"ReadAction\",\"target\":[\"https:\/\/egytourpackages.com\/de\/touren\/makadi-bay-schnorcheltrip\/\"]}]},{\"@type\":\"ImageObject\",\"inLanguage\":\"de\",\"@id\":\"https:\/\/egytourpackages.com\/de\/touren\/makadi-bay-schnorcheltrip\/#primaryimage\",\"url\":\"https:\/\/egytourpackages.com\/wp-content\/uploads\/2023\/08\/Makadi-Bay-best-Snorkeling-Trip.jpg\",\"contentUrl\":\"https:\/\/egytourpackages.com\/wp-content\/uploads\/2023\/08\/Makadi-Bay-best-Snorkeling-Trip.jpg\",\"width\":2000,\"height\":1333,\"caption\":\"Makadi Bay Schnorcheltrip\"},{\"@type\":\"BreadcrumbList\",\"@id\":\"https:\/\/egytourpackages.com\/de\/touren\/makadi-bay-schnorcheltrip\/#breadcrumb\",\"itemListElement\":[{\"@type\":\"ListItem\",\"position\":1,\"name\":\"Startseite\",\"item\":\"https:\/\/egytourpackages.com\/de\/\"},{\"@type\":\"ListItem\",\"position\":2,\"name\":\"Shop\",\"item\":\"https:\/\/egytourpackages.com\/de\/shop\/\"},{\"@type\":\"ListItem\",\"position\":3,\"name\":\"Makadi Bay Schnorcheltrip\"}]},{\"@type\":\"WebSite\",\"@id\":\"https:\/\/egytourpackages.com\/de\/#website\",\"url\":\"https:\/\/egytourpackages.com\/de\/\",\"name\":\"Egy tour packages\",\"description\":\"\",\"publisher\":{\"@id\":\"https:\/\/egytourpackages.com\/de\/#organization\"},\"potentialAction\":[{\"@type\":\"SearchAction\",\"target\":{\"@type\":\"EntryPoint\",\"urlTemplate\":\"https:\/\/egytourpackages.com\/de\/?s={search_term_string}\"},\"query-input\":{\"@type\":\"PropertyValueSpecification\",\"valueRequired\":true,\"valueName\":\"search_term_string\"}}],\"inLanguage\":\"de\"},{\"@type\":[\"Organization\",\"Place\",\"TravelAgency\"],\"@id\":\"https:\/\/egytourpackages.com\/de\/#organization\",\"name\":\"egypt tour packages\",\"alternateName\":\"egypt tour packages\",\"url\":\"https:\/\/egytourpackages.com\/de\/\",\"logo\":{\"@id\":\"https:\/\/egytourpackages.com\/de\/touren\/makadi-bay-schnorcheltrip\/#local-main-organization-logo\"},\"image\":{\"@id\":\"https:\/\/egytourpackages.com\/de\/touren\/makadi-bay-schnorcheltrip\/#local-main-organization-logo\"},\"sameAs\":[\"https:\/\/www.facebook.com\/egytourpackages\"],\"legalName\":\"Egy tour packages\",\"address\":{\"@id\":\"https:\/\/egytourpackages.com\/de\/touren\/makadi-bay-schnorcheltrip\/#local-main-place-address\"},\"telephone\":[\"00201000852186\",\"00201028685533\"],\"contactPoint\":{\"@type\":\"ContactPoint\",\"telephone\":\"00201000852186\"},\"openingHoursSpecification\":[{\"@type\":\"OpeningHoursSpecification\",\"dayOfWeek\":[\"Monday\",\"Tuesday\",\"Wednesday\",\"Thursday\",\"Friday\",\"Saturday\",\"Sunday\"],\"opens\":\"00:00\",\"closes\":\"23:59\"}],\"email\":\"info@egytourpackages.com\",\"areaServed\":\"Cairo, Hurghada, Luxor, Sharm El Sheikh, Marsa Alam, Aswan\",\"priceRange\":\"$\",\"currenciesAccepted\":\"euro\",\"paymentAccepted\":\"Payment links online\"},{\"@type\":\"PostalAddress\",\"@id\":\"https:\/\/egytourpackages.com\/de\/touren\/makadi-bay-schnorcheltrip\/#local-main-place-address\",\"streetAddress\":\"Mubarak 8, Al Kawthar District, Hurghada\",\"addressLocality\":\"Hurghada\",\"postalCode\":\"84511\",\"addressRegion\":\"Red Sea\",\"addressCountry\":\"EG\"},{\"@type\":\"ImageObject\",\"inLanguage\":\"de\",\"@id\":\"https:\/\/egytourpackages.com\/de\/touren\/makadi-bay-schnorcheltrip\/#local-main-organization-logo\",\"url\":\"https:\/\/egytourpackages.com\/wp-content\/uploads\/2025\/12\/Turquoise-Dahabiya-Nile-Cruise-1.jpeg\",\"contentUrl\":\"https:\/\/egytourpackages.com\/wp-content\/uploads\/2025\/12\/Turquoise-Dahabiya-Nile-Cruise-1.jpeg\",\"width\":1040,\"height\":694,\"caption\":\"egypt tour packages\"}]}<\/script>\n<meta property=\"product:brand\" content=\"\u00c4gypten Tagestouren\" \/>\n<meta property=\"product:price:amount\" content=\"30\" \/>\n<meta property=\"product:price:currency\" content=\"EUR\" \/>\n<meta property=\"og:availability\" content=\"instock\" \/>\n<meta property=\"product:availability\" content=\"instock\" \/>\n<meta property=\"product:retailer_item_id\" content=\"MBE05\" \/>\n<meta property=\"product:condition\" content=\"new\" \/>\n<meta name=\"geo.placename\" content=\"Hurghada\" \/>\n<meta name=\"geo.region\" content=\"\u00c4gypten\" \/>\n<!-- \/ Yoast SEO Premium plugin. -->","yoast_head_json":{"title":"Makadi Bay Schnorcheltrip | Beste Makadi Bay Ausfl\u00fcge","description":"Makadi Bay Schnorcheltrip: Entdecken Sie Hurghadas beste Schnorchelpl\u00e4tze! Tauchen Sie ein in die Korallenriffe, Fische & die faszinierende Unterwasserwelt.","robots":{"index":"index","follow":"follow","max-snippet":"max-snippet:-1","max-image-preview":"max-image-preview:large","max-video-preview":"max-video-preview:-1"},"canonical":"https:\/\/egytourpackages.com\/de\/touren\/makadi-bay-schnorcheltrip\/","og_locale":"de_DE","og_type":"article","og_title":"Makadi Bay Schnorcheltrip","og_description":"Makadi Bay Schnorcheltrip | Erkunden Sie die besten Schnorchelpl\u00e4tze in Hurghada, die Korallenriffe des Roten Meeres, die Fische des Roten Meeres und die Unterwasserwelt des Roten Meeres.","og_url":"https:\/\/egytourpackages.com\/de\/touren\/makadi-bay-schnorcheltrip\/","og_site_name":"\u00c4gypten-Reisepakete","article_publisher":"https:\/\/www.facebook.com\/egytourpackages","article_modified_time":"2026-01-28T20:43:50+00:00","og_image":[{"url":"https:\/\/egytourpackages.com\/wp-content\/uploads\/2023\/08\/Makadi-Bay-best-Snorkeling-Trip-1024x682.jpg","type":"","width":"","height":""}],"twitter_card":"summary_large_image","twitter_title":"Makadi Bay Schnorcheltrip","twitter_description":"Makadi Bay Schnorcheltrip | Erkunden Sie die besten Schnorchelpl\u00e4tze in Hurghada, die Korallenriffe des Roten Meeres, die Fische des Roten Meeres und die Unterwasserwelt des Roten Meeres.","twitter_image":"https:\/\/egytourpackages.com\/wp-content\/uploads\/2023\/08\/Makadi-Bay-best-Snorkeling-Trip-1024x682.jpg","twitter_misc":{"Preis":"&euro;30","Verf\u00fcgbarkeit":"Auf Lager"},"schema":{"@context":"https:\/\/schema.org","@graph":[{"@type":"WebPage","@id":"https:\/\/egytourpackages.com\/de\/touren\/makadi-bay-schnorcheltrip\/","url":"https:\/\/egytourpackages.com\/de\/touren\/makadi-bay-schnorcheltrip\/","name":"Makadi Bay Schnorcheltrip | Beste Makadi Bay Ausfl\u00fcge","isPartOf":{"@id":"https:\/\/egytourpackages.com\/de\/#website"},"primaryImageOfPage":{"@id":"https:\/\/egytourpackages.com\/de\/touren\/makadi-bay-schnorcheltrip\/#primaryimage"},"image":{"@id":"https:\/\/egytourpackages.com\/de\/touren\/makadi-bay-schnorcheltrip\/#primaryimage"},"thumbnailUrl":"https:\/\/egytourpackages.com\/wp-content\/uploads\/2023\/08\/Makadi-Bay-best-Snorkeling-Trip.jpg","datePublished":"2023-08-22T10:53:55+00:00","dateModified":"2026-01-28T20:43:50+00:00","description":"Makadi Bay Schnorcheltrip: Entdecken Sie Hurghadas beste Schnorchelpl\u00e4tze! Tauchen Sie ein in die Korallenriffe, Fische & die faszinierende Unterwasserwelt.","breadcrumb":{"@id":"https:\/\/egytourpackages.com\/de\/touren\/makadi-bay-schnorcheltrip\/#breadcrumb"},"inLanguage":"de","potentialAction":[{"@type":"ReadAction","target":["https:\/\/egytourpackages.com\/de\/touren\/makadi-bay-schnorcheltrip\/"]}]},{"@type":"ImageObject","inLanguage":"de","@id":"https:\/\/egytourpackages.com\/de\/touren\/makadi-bay-schnorcheltrip\/#primaryimage","url":"https:\/\/egytourpackages.com\/wp-content\/uploads\/2023\/08\/Makadi-Bay-best-Snorkeling-Trip.jpg","contentUrl":"https:\/\/egytourpackages.com\/wp-content\/uploads\/2023\/08\/Makadi-Bay-best-Snorkeling-Trip.jpg","width":2000,"height":1333,"caption":"Makadi Bay Schnorcheltrip"},{"@type":"BreadcrumbList","@id":"https:\/\/egytourpackages.com\/de\/touren\/makadi-bay-schnorcheltrip\/#breadcrumb","itemListElement":[{"@type":"ListItem","position":1,"name":"Startseite","item":"https:\/\/egytourpackages.com\/de\/"},{"@type":"ListItem","position":2,"name":"Shop","item":"https:\/\/egytourpackages.com\/de\/shop\/"},{"@type":"ListItem","position":3,"name":"Makadi Bay Schnorcheltrip"}]},{"@type":"WebSite","@id":"https:\/\/egytourpackages.com\/de\/#website","url":"https:\/\/egytourpackages.com\/de\/","name":"Egy tour packages","description":"","publisher":{"@id":"https:\/\/egytourpackages.com\/de\/#organization"},"potentialAction":[{"@type":"SearchAction","target":{"@type":"EntryPoint","urlTemplate":"https:\/\/egytourpackages.com\/de\/?s={search_term_string}"},"query-input":{"@type":"PropertyValueSpecification","valueRequired":true,"valueName":"search_term_string"}}],"inLanguage":"de"},{"@type":["Organization","Place","TravelAgency"],"@id":"https:\/\/egytourpackages.com\/de\/#organization","name":"egypt tour packages","alternateName":"egypt tour packages","url":"https:\/\/egytourpackages.com\/de\/","logo":{"@id":"https:\/\/egytourpackages.com\/de\/touren\/makadi-bay-schnorcheltrip\/#local-main-organization-logo"},"image":{"@id":"https:\/\/egytourpackages.com\/de\/touren\/makadi-bay-schnorcheltrip\/#local-main-organization-logo"},"sameAs":["https:\/\/www.facebook.com\/egytourpackages"],"legalName":"Egy tour packages","address":{"@id":"https:\/\/egytourpackages.com\/de\/touren\/makadi-bay-schnorcheltrip\/#local-main-place-address"},"telephone":["00201000852186","00201028685533"],"contactPoint":{"@type":"ContactPoint","telephone":"00201000852186"},"openingHoursSpecification":[{"@type":"OpeningHoursSpecification","dayOfWeek":["Monday","Tuesday","Wednesday","Thursday","Friday","Saturday","Sunday"],"opens":"00:00","closes":"23:59"}],"email":"info@egytourpackages.com","areaServed":"Cairo, Hurghada, Luxor, Sharm El Sheikh, Marsa Alam, Aswan","priceRange":"$","currenciesAccepted":"euro","paymentAccepted":"Payment links online"},{"@type":"PostalAddress","@id":"https:\/\/egytourpackages.com\/de\/touren\/makadi-bay-schnorcheltrip\/#local-main-place-address","streetAddress":"Mubarak 8, Al Kawthar District, Hurghada","addressLocality":"Hurghada","postalCode":"84511","addressRegion":"Red Sea","addressCountry":"EG"},{"@type":"ImageObject","inLanguage":"de","@id":"https:\/\/egytourpackages.com\/de\/touren\/makadi-bay-schnorcheltrip\/#local-main-organization-logo","url":"https:\/\/egytourpackages.com\/wp-content\/uploads\/2025\/12\/Turquoise-Dahabiya-Nile-Cruise-1.jpeg","contentUrl":"https:\/\/egytourpackages.com\/wp-content\/uploads\/2025\/12\/Turquoise-Dahabiya-Nile-Cruise-1.jpeg","width":1040,"height":694,"caption":"egypt tour packages"}]},"product_brand":"\u00c4gypten Tagestouren","product_price_amount":"30","product_price_currency":"EUR","og_availability":"instock","product_availability":"instock","product_retailer_item_id":"MBE05","product_condition":"new","geo.placename":"Hurghada","geo.region":"\u00c4gypten"},"_links":{"self":[{"href":"https:\/\/egytourpackages.com\/de\/wp-json\/wp\/v2\/product\/4276","targetHints":{"allow":["GET"]}}],"collection":[{"href":"https:\/\/egytourpackages.com\/de\/wp-json\/wp\/v2\/product"}],"about":[{"href":"https:\/\/egytourpackages.com\/de\/wp-json\/wp\/v2\/types\/product"}],"replies":[{"embeddable":true,"href":"https:\/\/egytourpackages.com\/de\/wp-json\/wp\/v2\/comments?post=4276"}],"wp:featuredmedia":[{"embeddable":true,"href":"https:\/\/egytourpackages.com\/de\/wp-json\/wp\/v2\/media\/2939"}],"wp:attachment":[{"href":"https:\/\/egytourpackages.com\/de\/wp-json\/wp\/v2\/media?parent=4276"}],"wp:term":[{"taxonomy":"product_brand","embeddable":true,"href":"https:\/\/egytourpackages.com\/de\/wp-json\/wp\/v2\/product_brand?post=4276"},{"taxonomy":"product_cat","embeddable":true,"href":"https:\/\/egytourpackages.com\/de\/wp-json\/wp\/v2\/product_cat?post=4276"},{"taxonomy":"product_tag","embeddable":true,"href":"https:\/\/egytourpackages.com\/de\/wp-json\/wp\/v2\/product_tag?post=4276"}],"curies":[{"name":"wp","href":"https:\/\/api.w.org\/{rel}","templated":true}]}}