{"id":4463,"date":"2023-07-12T00:56:52","date_gmt":"2023-07-12T00:56:52","guid":{"rendered":"https:\/\/egytourpackages.com\/product\/private-tour-nach-luxor-ab-marsa-alam\/"},"modified":"2026-01-07T18:27:58","modified_gmt":"2026-01-07T18:27:58","slug":"private-tour-nach-luxor-ab-marsa-alam","status":"publish","type":"product","link":"https:\/\/egytourpackages.com\/de\/touren\/private-tour-nach-luxor-ab-marsa-alam\/","title":{"rendered":"Private Tour nach Luxor ab Marsa Alam"},"content":{"rendered":"<p><span style=\"color: #ff6600;\"><strong>Private Tour nach Luxor ab Marsa Alam | Bestpreis-Garantie<\/strong><\/span><\/p>\n<p>Buchen Sie eine <strong>private Tour nach Luxor ab Marsa Alam<\/strong> und erkunden Sie einige der besten <strong>\u00c4gypten Touristenattraktionen<\/strong> mit <strong>\u00c4gypten Tagestouren<\/strong>. <strong>Egy Tour Packages<\/strong> bietet <strong>Marsa Alam Touren<\/strong> an, um die <strong>Luxor Sehensw\u00fcrdigkeiten<\/strong> am Ostufer des Nils und am Westufer zu erkunden. Tats\u00e4chlich beinhaltet Ihre Tour zum Ostufer von Luxor den <strong>Amun Tempel<\/strong> oder den <strong>Karnak Tempelkomplex<\/strong>, der den <strong>Mut Tempel<\/strong>, die <strong>Rote Kapelle<\/strong>, die <strong>Wei\u00dfe Kapelle<\/strong>, den <strong>Ptah Tempel<\/strong> und die <strong>Festhalle Thutmosis&#8216; III.<\/strong> umfasst. Au\u00dferdem k\u00f6nnen Sie die <strong>Gro\u00dfe Hypostylhalle<\/strong>, den <strong>Botanischen Garten<\/strong>, den <strong>Hatschepsut Obelisken<\/strong>, den <strong>Heiligen See<\/strong>, den <strong>Skarab\u00e4us<\/strong> und den <strong>Luxor Cache<\/strong> bewundern. Des Weiteren erz\u00e4hlen die beeindruckenden Wandreliefs von t\u00e4glichen Ritualen des Tempels, der Landwirtschaft im alten \u00c4gypten, der Religion im alten \u00c4gypten und den Bestattungsbr\u00e4uchen.<\/p>\n<p>Tats\u00e4chlich umfassen Ihre <strong>Luxor Touren<\/strong> das <strong>Tal der K\u00f6nige<\/strong> und das <strong>Tutanchamun Grab<\/strong>. Auch der Totentempel der <strong>Hatschepsut<\/strong> in <strong>Deir el-Bahari<\/strong> und die ber\u00fchmten <strong>Memnonkolosse<\/strong> des Amenhotep III. In der Tat ist Luxor sehr reich an Geschichte und Attraktionen, insbesondere am Westufer, wie das <strong>Ramesseum<\/strong>, die <strong>Gr\u00e4ber der Adeligen<\/strong>, der <strong>Habu Tempel<\/strong> und das <strong>Tal der K\u00f6niginnen<\/strong>.<\/p>\n<p>Ihre private Luxor Tour ab Marsa Alam wird von einem erfahrenen Guide begleitet, der alle Ihre Fragen beantwortet und Ihnen etwas \u00fcber die <strong>alt\u00e4gyptische Zivilisation<\/strong> und die <strong>alt\u00e4gyptische Geschichte<\/strong> erkl\u00e4rt. W\u00e4hrenddessen lernen Sie die Arbeiter von <strong>Deir el-Medina<\/strong> kennen, die die Gr\u00e4ber des Tals der K\u00f6nige bauten, und deren t\u00e4gliches Leben. Das ist noch nicht alles, er wird Ihnen etwas \u00fcber die <strong>\u00e4gyptischen G\u00f6tter<\/strong>, die <strong>\u00e4gyptische Mythologie<\/strong> und \u00e4gyptische Legenden und Mythen erkl\u00e4ren.<\/p>\n<h3><span style=\"color: #ff6600;\">Tour Details<\/span><\/h3>\n<ul>\n<li>Dauer: 17 Stunden<\/li>\n<li>Tour-Ort: <strong>Luxor<\/strong><\/li>\n<li>Tour-Verf\u00fcgbarkeit: T\u00e4glich<\/li>\n<li>Abholung &amp; R\u00fccktransfer: Ihr Hotel in Marsa Alam<\/li>\n<li>Tour-Typ: Privat<\/li>\n<li>Rollstuhlgerecht: Ja<\/li>\n<\/ul>\n<h3><span style=\"color: #ff6600;\">Inklusivleistungen<\/span><\/h3>\n<ul>\n<li>Rundtransfer mit privatem, neuwertigem Fahrzeug<\/li>\n<li>Erfahrener Arch\u00e4ologe-Reiseleiter<\/li>\n<li>Eintrittsgelder f\u00fcr alle Sehensw\u00fcrdigkeiten<\/li>\n<li>Mittagessen in einem lokalen Restaurant<\/li>\n<\/ul>\n<h3><span style=\"color: #ff6600;\">Exklusivleistungen<\/span><\/h3>\n<ul>\n<li>Getr\u00e4nke w\u00e4hrend des Mittagessens<\/li>\n<li>KV9 \u2013 Ramses V., Ramses VI. Grab<\/li>\n<li>KV17 \u2013 Seti I.<\/li>\n<li>KV62 \u2013 Tutanchamun<\/li>\n<li>Trinkgelder<\/li>\n<\/ul>\n<h3><span style=\"color: #ff6600;\">Was Sie mitnehmen sollten<\/span><\/h3>\n<ul>\n<li>Hut, Sonnenbrille &amp; Sonnencreme<\/li>\n<li>Bequeme Schuhe und Kleidung<\/li>\n<\/ul>\n<h2><span style=\"color: #ff6600;\">Reiseverlauf<\/span><\/h2>\n<h3>04:00 Uhr: Abholung vom Hotel<\/h3>\n<p>Abholzeit von Ihrem Hotel in Marsa Alam.<\/p>\n<h3>06:00 Uhr: Safaga Checkpoint<\/h3>\n<p>Beginn der Fahrt vom Safaga Checkpoint nach Luxor f\u00fcr alle Reisebusse, die nach Luxor fahren.<\/p>\n<h3>07:00 Uhr: Kurze Pause<\/h3>\n<p>20 Minuten Kaffeepause in einer gem\u00fctlichen Lounge, um die Toilette zu benutzen (10 EGP pro Person), Ihr Fr\u00fchst\u00fcck zu genie\u00dfen, etwas zu trinken und dann die Fahrt nach Luxor fortzusetzen.<\/p>\n<h3>09:30 Uhr: Karnak-Tempelkomplex<\/h3>\n<p>Der <strong>Karnak-Tempelkomplex<\/strong>, am Ostufer von Luxor gelegen, dessen Bau \u00fcber 2.000 Jahre dauerte. Sie k\u00f6nnen <strong>Heilige Seen<\/strong>, riesige <strong>Obelisken<\/strong> und kleinere Tempel und Kapellen erkunden, die verschiedenen Gottheiten wie <strong>Amun, Mut und Chonsu<\/strong> gewidmet sind. Au\u00dferdem k\u00f6nnen Sie die kolossale <strong>Gro\u00dfe Hypostylhalle<\/strong> mit ihren 134 massiven S\u00e4ulen, die <strong>Rote Kapelle<\/strong>, die <strong>Wei\u00dfe Kapelle<\/strong>, den <strong>Mut Tempel<\/strong>, den <strong>Skarab\u00e4us<\/strong> und den <strong>Botanischen Garten<\/strong> bestaunen.<\/p>\n<h3>11:30 Uhr: Mittagessen<\/h3>\n<p>Genie\u00dfen Sie Ihr frisch zubereitetes Mittagessen in einem lokalen Restaurant mit der M\u00f6glichkeit vegetarischer Mahlzeiten.<\/p>\n<h3>12:15 Uhr: Kurze Nilkreuzfahrt<\/h3>\n<p>Genie\u00dfen Sie eine <strong>30-min\u00fctige Nilbootsfahrt in Luxor<\/strong> und erleben Sie das lokale Leben entlang der Flussufer. Machen Sie atemberaubende Fotos von Luxors ikonischen Wahrzeichen aus einer einzigartigen Perspektive. Tats\u00e4chlich ist es eine ideale M\u00f6glichkeit, die nat\u00fcrliche Sch\u00f6nheit zu sch\u00e4tzen, die die \u00e4gyptische Zivilisation \u00fcber Jahrtausende hinweg ern\u00e4hrt hat, und sich die unz\u00e4hligen Reisen vorzustellen, die Pharaonen, K\u00f6niginnen und einfache Leute im Laufe der Geschichte auf diesen Gew\u00e4ssern unternommen haben.<\/p>\n<h3>12:50 Uhr: Memnonkolosse<\/h3>\n<p>Die <strong>Memnonkolosse<\/strong> sind zwei monumentale Steinstatuen von <strong>Pharao Amenhotep III.<\/strong>, die beeindruckend am Westufer von Luxor stehen. Diese \u00fcber 18 Meter hohen Statuen bewachten einst den Eingang zu seinem riesigen <strong>Totentempel<\/strong>, der heute weitgehend in Ruinen liegt. Diese \u00fcber 3.400 Jahre alten <strong>alt\u00e4gyptischen Monumente<\/strong> sind bekannt f\u00fcr ihre imposante Gr\u00f6\u00dfe und das historische Ph\u00e4nomen der \u201esingenden\u201c Statue, die Besucher auf jeder <strong>Luxor Sightseeing Tour<\/strong> in ihren Bann zieht.<\/p>\n<h3>13:15 Uhr: Tal der K\u00f6nige<\/h3>\n<p>Diese ikonische <strong>arch\u00e4ologische St\u00e4tte<\/strong> ist ein Haupt-Highlight jeder <strong>Luxor Tagestour<\/strong> ab Hurghada wegen der reich verzierten unterirdischen Gr\u00e4ber. Jedes Grab bietet einen einzigartigen Einblick in die aufwendigen Bestattungsrituale und die Kunst des <strong>alten \u00c4gypten<\/strong>, was es zu einem unverzichtbaren Bestandteil Ihres <strong>\u00c4gypten Urlaubs<\/strong> macht. Dies ist die k\u00f6nigliche Nekropole, in der Pharaonen des Neuen Reiches, darunter <strong>Hatschepsut, Ramses, Amenhotep und Tutanchamun<\/strong>, beigesetzt wurden. Mit Ihrem Eintrittsticket k\u00f6nnen Sie 3 Gr\u00e4ber besuchen und kostenlos Fotos im Inneren machen. Diese drei Gr\u00e4ber k\u00f6nnten 3 der folgenden Gr\u00e4ber sein:<\/p>\n<ul>\n<li>(KV 02) Ramses IV.<\/li>\n<li>Grab Ramses III. (KV 11)<\/li>\n<li>Grab Ramses IX. (KV 6)<\/li>\n<li>Merenptah Grab (KV 8)<\/li>\n<\/ul>\n<p>Das Grab der Tausert und des Sethnacht (KV 14) Nachdem Sie Ihre 3 Gr\u00e4ber besucht und Fotos von der astronomischen Decke der Gr\u00e4ber gemacht haben, sind Sie bereit f\u00fcr Ihren letzten Halt.<\/p>\n<h3>14:45 Uhr: Hatschepsut-Tempel<\/h3>\n<p>Der <strong>Totentempel der K\u00f6nigin Hatschepsut<\/strong>, in Deir el-Bahari gelegen und in die Klippen gehauen. Tats\u00e4chlich steht dieser <strong>antike Tempel<\/strong> als m\u00e4chtiges Symbol weiblicher Herrschaft und k\u00fcnstlerischer Leistung im <strong>Neuen Reich<\/strong>. Zu den <strong>Hauptattraktionen<\/strong> geh\u00f6ren die wundersch\u00f6n geschnitzten Reliefs, die Hatschepsuts g\u00f6ttliche Geburt, ihre ber\u00fchmte Expedition in das mystische Land <strong>Punt<\/strong> und Szenen ihrer Kr\u00f6nung erz\u00e4hlen. Am Ende Ihrer <strong>Luxor Tagestour ab Marsa Alam<\/strong> kehren Sie zu Ihrem Hotel zur\u00fcck.<\/p>\n","protected":false},"excerpt":{"rendered":"<p>Private Tour nach Luxor ab Marsa Alam | Erkunden Sie das antike Theben und besuchen Sie das Tal der K\u00f6nige, den Hatschepsut-Tempel, den Karnak-Tempel und den Luxor-Tempel mit einem erfahrenen Reiseleiter.<\/p>\n","protected":false},"featured_media":2834,"comment_status":"open","ping_status":"closed","template":"","meta":[],"product_brand":[],"product_cat":[1494],"product_tag":[2346,1496],"class_list":{"0":"post-4463","1":"product","2":"type-product","3":"status-publish","4":"has-post-thumbnail","6":"product_cat-touren","7":"product_tag-luxor-tagestour","8":"product_tag-marsa-alam-ausfluge","9":"tour_category-agypten-tagestouren","10":"tour_category-marsa-alam-ausfluge","12":"first","13":"instock","14":"sale","15":"shipping-taxable","16":"purchasable","17":"product-type-tour","18":"has-default-attributes"},"yoast_head":"<!-- This site is optimized with the Yoast SEO Premium plugin v27.2 (Yoast SEO v27.2) - https:\/\/yoast.com\/product\/yoast-seo-premium-wordpress\/ -->\n<title>Private Tour nach Luxor ab Marsa Alam | Marsa Alam Touren<\/title>\n<meta name=\"description\" content=\"Private Tour nach Luxor ab Marsa Alam: Erkunden Sie antikes Theben! Besuchen Sie Tal der K\u00f6nige, Hatschepsut-, Karnak- &amp; Luxor-Tempel mit Experten.\" \/>\n<meta name=\"robots\" content=\"index, follow, max-snippet:-1, max-image-preview:large, max-video-preview:-1\" \/>\n<link rel=\"canonical\" href=\"https:\/\/egytourpackages.com\/de\/touren\/private-tour-nach-luxor-ab-marsa-alam\/\" \/>\n<meta property=\"og:locale\" content=\"de_DE\" \/>\n<meta property=\"og:type\" content=\"article\" \/>\n<meta property=\"og:title\" content=\"Private Tour nach Luxor ab Marsa Alam\" \/>\n<meta property=\"og:description\" content=\"Private Tour nach Luxor ab Marsa Alam | Erkunden Sie das antike Theben und besuchen Sie das Tal der K\u00f6nige, den Hatschepsut-Tempel, den Karnak-Tempel und den Luxor-Tempel mit einem erfahrenen Reiseleiter.\" \/>\n<meta property=\"og:url\" content=\"https:\/\/egytourpackages.com\/de\/touren\/private-tour-nach-luxor-ab-marsa-alam\/\" \/>\n<meta property=\"og:site_name\" content=\"\u00c4gypten-Reisepakete\" \/>\n<meta property=\"article:publisher\" content=\"https:\/\/www.facebook.com\/egytourpackages\" \/>\n<meta property=\"article:modified_time\" content=\"2026-01-07T18:27:58+00:00\" \/>\n<meta property=\"og:image\" content=\"https:\/\/egytourpackages.com\/wp-content\/uploads\/2023\/07\/Valley-of-the-Kings-Luxor-west-bank-1024x682.jpg\" \/>\n<meta name=\"twitter:card\" content=\"summary_large_image\" \/>\n<meta name=\"twitter:title\" content=\"Private Tour nach Luxor ab Marsa Alam\" \/>\n<meta name=\"twitter:description\" content=\"Private Tour nach Luxor ab Marsa Alam | Erkunden Sie das antike Theben und besuchen Sie das Tal der K\u00f6nige, den Hatschepsut-Tempel, den Karnak-Tempel und den Luxor-Tempel mit einem erfahrenen Reiseleiter.\" \/>\n<meta name=\"twitter:image\" content=\"https:\/\/egytourpackages.com\/wp-content\/uploads\/2023\/07\/Valley-of-the-Kings-Luxor-west-bank-1024x682.jpg\" \/>\n<meta name=\"twitter:label1\" content=\"Preis\" \/>\n\t<meta name=\"twitter:data1\" content=\"&euro;150\" \/>\n\t<meta name=\"twitter:label2\" content=\"Verf\u00fcgbarkeit\" \/>\n\t<meta name=\"twitter:data2\" content=\"Auf Lager\" \/>\n<script type=\"application\/ld+json\" class=\"yoast-schema-graph\">{\"@context\":\"https:\/\/schema.org\",\"@graph\":[{\"@type\":\"WebPage\",\"@id\":\"https:\/\/egytourpackages.com\/de\/touren\/private-tour-nach-luxor-ab-marsa-alam\/\",\"url\":\"https:\/\/egytourpackages.com\/de\/touren\/private-tour-nach-luxor-ab-marsa-alam\/\",\"name\":\"Private Tour nach Luxor ab Marsa Alam | Marsa Alam Touren\",\"isPartOf\":{\"@id\":\"https:\/\/egytourpackages.com\/de\/#website\"},\"primaryImageOfPage\":{\"@id\":\"https:\/\/egytourpackages.com\/de\/touren\/private-tour-nach-luxor-ab-marsa-alam\/#primaryimage\"},\"image\":{\"@id\":\"https:\/\/egytourpackages.com\/de\/touren\/private-tour-nach-luxor-ab-marsa-alam\/#primaryimage\"},\"thumbnailUrl\":\"https:\/\/egytourpackages.com\/wp-content\/uploads\/2023\/07\/Valley-of-the-Kings-Luxor-west-bank.jpg\",\"datePublished\":\"2023-07-12T00:56:52+00:00\",\"dateModified\":\"2026-01-07T18:27:58+00:00\",\"description\":\"Private Tour nach Luxor ab Marsa Alam: Erkunden Sie antikes Theben! Besuchen Sie Tal der K\u00f6nige, Hatschepsut-, Karnak- & Luxor-Tempel mit Experten.\",\"breadcrumb\":{\"@id\":\"https:\/\/egytourpackages.com\/de\/touren\/private-tour-nach-luxor-ab-marsa-alam\/#breadcrumb\"},\"inLanguage\":\"de\",\"potentialAction\":[{\"@type\":\"ReadAction\",\"target\":[\"https:\/\/egytourpackages.com\/de\/touren\/private-tour-nach-luxor-ab-marsa-alam\/\"]}]},{\"@type\":\"ImageObject\",\"inLanguage\":\"de\",\"@id\":\"https:\/\/egytourpackages.com\/de\/touren\/private-tour-nach-luxor-ab-marsa-alam\/#primaryimage\",\"url\":\"https:\/\/egytourpackages.com\/wp-content\/uploads\/2023\/07\/Valley-of-the-Kings-Luxor-west-bank.jpg\",\"contentUrl\":\"https:\/\/egytourpackages.com\/wp-content\/uploads\/2023\/07\/Valley-of-the-Kings-Luxor-west-bank.jpg\",\"width\":2000,\"height\":1333,\"caption\":\"Tal der K\u00f6nige, Luxor Westufer\"},{\"@type\":\"BreadcrumbList\",\"@id\":\"https:\/\/egytourpackages.com\/de\/touren\/private-tour-nach-luxor-ab-marsa-alam\/#breadcrumb\",\"itemListElement\":[{\"@type\":\"ListItem\",\"position\":1,\"name\":\"Startseite\",\"item\":\"https:\/\/egytourpackages.com\/de\/\"},{\"@type\":\"ListItem\",\"position\":2,\"name\":\"Shop\",\"item\":\"https:\/\/egytourpackages.com\/de\/shop\/\"},{\"@type\":\"ListItem\",\"position\":3,\"name\":\"Private Tour nach Luxor ab Marsa Alam\"}]},{\"@type\":\"WebSite\",\"@id\":\"https:\/\/egytourpackages.com\/de\/#website\",\"url\":\"https:\/\/egytourpackages.com\/de\/\",\"name\":\"Egy tour packages\",\"description\":\"\",\"publisher\":{\"@id\":\"https:\/\/egytourpackages.com\/de\/#organization\"},\"potentialAction\":[{\"@type\":\"SearchAction\",\"target\":{\"@type\":\"EntryPoint\",\"urlTemplate\":\"https:\/\/egytourpackages.com\/de\/?s={search_term_string}\"},\"query-input\":{\"@type\":\"PropertyValueSpecification\",\"valueRequired\":true,\"valueName\":\"search_term_string\"}}],\"inLanguage\":\"de\"},{\"@type\":[\"Organization\",\"Place\",\"TravelAgency\"],\"@id\":\"https:\/\/egytourpackages.com\/de\/#organization\",\"name\":\"egypt tour packages\",\"alternateName\":\"egypt tour packages\",\"url\":\"https:\/\/egytourpackages.com\/de\/\",\"logo\":{\"@id\":\"https:\/\/egytourpackages.com\/de\/touren\/private-tour-nach-luxor-ab-marsa-alam\/#local-main-organization-logo\"},\"image\":{\"@id\":\"https:\/\/egytourpackages.com\/de\/touren\/private-tour-nach-luxor-ab-marsa-alam\/#local-main-organization-logo\"},\"sameAs\":[\"https:\/\/www.facebook.com\/egytourpackages\"],\"legalName\":\"Egy tour packages\",\"address\":{\"@id\":\"https:\/\/egytourpackages.com\/de\/touren\/private-tour-nach-luxor-ab-marsa-alam\/#local-main-place-address\"},\"telephone\":[\"00201000852186\",\"00201028685533\"],\"contactPoint\":{\"@type\":\"ContactPoint\",\"telephone\":\"00201000852186\"},\"openingHoursSpecification\":[{\"@type\":\"OpeningHoursSpecification\",\"dayOfWeek\":[\"Monday\",\"Tuesday\",\"Wednesday\",\"Thursday\",\"Friday\",\"Saturday\",\"Sunday\"],\"opens\":\"00:00\",\"closes\":\"23:59\"}],\"email\":\"info@egytourpackages.com\",\"areaServed\":\"Cairo, Hurghada, Luxor, Sharm El Sheikh, Marsa Alam, Aswan\",\"priceRange\":\"$\",\"currenciesAccepted\":\"euro\",\"paymentAccepted\":\"Payment links online\"},{\"@type\":\"PostalAddress\",\"@id\":\"https:\/\/egytourpackages.com\/de\/touren\/private-tour-nach-luxor-ab-marsa-alam\/#local-main-place-address\",\"streetAddress\":\"Mubarak 8, Al Kawthar District, Hurghada\",\"addressLocality\":\"Hurghada\",\"postalCode\":\"84511\",\"addressRegion\":\"Red Sea\",\"addressCountry\":\"EG\"},{\"@type\":\"ImageObject\",\"inLanguage\":\"de\",\"@id\":\"https:\/\/egytourpackages.com\/de\/touren\/private-tour-nach-luxor-ab-marsa-alam\/#local-main-organization-logo\",\"url\":\"https:\/\/egytourpackages.com\/wp-content\/uploads\/2025\/12\/Turquoise-Dahabiya-Nile-Cruise-1.jpeg\",\"contentUrl\":\"https:\/\/egytourpackages.com\/wp-content\/uploads\/2025\/12\/Turquoise-Dahabiya-Nile-Cruise-1.jpeg\",\"width\":1040,\"height\":694,\"caption\":\"egypt tour packages\"}]}<\/script>\n<meta property=\"product:brand\" content=\"\u00c4gypten Tagestouren\" \/>\n<meta property=\"product:price:amount\" content=\"150\" \/>\n<meta property=\"product:price:currency\" content=\"EUR\" \/>\n<meta property=\"og:availability\" content=\"instock\" \/>\n<meta property=\"product:availability\" content=\"instock\" \/>\n<meta property=\"product:retailer_item_id\" content=\"MAT15\" \/>\n<meta property=\"product:condition\" content=\"new\" \/>\n<meta name=\"geo.placename\" content=\"Hurghada\" \/>\n<meta name=\"geo.region\" content=\"\u00c4gypten\" \/>\n<!-- \/ Yoast SEO Premium plugin. -->","yoast_head_json":{"title":"Private Tour nach Luxor ab Marsa Alam | Marsa Alam Touren","description":"Private Tour nach Luxor ab Marsa Alam: Erkunden Sie antikes Theben! Besuchen Sie Tal der K\u00f6nige, Hatschepsut-, Karnak- & Luxor-Tempel mit Experten.","robots":{"index":"index","follow":"follow","max-snippet":"max-snippet:-1","max-image-preview":"max-image-preview:large","max-video-preview":"max-video-preview:-1"},"canonical":"https:\/\/egytourpackages.com\/de\/touren\/private-tour-nach-luxor-ab-marsa-alam\/","og_locale":"de_DE","og_type":"article","og_title":"Private Tour nach Luxor ab Marsa Alam","og_description":"Private Tour nach Luxor ab Marsa Alam | Erkunden Sie das antike Theben und besuchen Sie das Tal der K\u00f6nige, den Hatschepsut-Tempel, den Karnak-Tempel und den Luxor-Tempel mit einem erfahrenen Reiseleiter.","og_url":"https:\/\/egytourpackages.com\/de\/touren\/private-tour-nach-luxor-ab-marsa-alam\/","og_site_name":"\u00c4gypten-Reisepakete","article_publisher":"https:\/\/www.facebook.com\/egytourpackages","article_modified_time":"2026-01-07T18:27:58+00:00","og_image":[{"url":"https:\/\/egytourpackages.com\/wp-content\/uploads\/2023\/07\/Valley-of-the-Kings-Luxor-west-bank-1024x682.jpg","type":"","width":"","height":""}],"twitter_card":"summary_large_image","twitter_title":"Private Tour nach Luxor ab Marsa Alam","twitter_description":"Private Tour nach Luxor ab Marsa Alam | Erkunden Sie das antike Theben und besuchen Sie das Tal der K\u00f6nige, den Hatschepsut-Tempel, den Karnak-Tempel und den Luxor-Tempel mit einem erfahrenen Reiseleiter.","twitter_image":"https:\/\/egytourpackages.com\/wp-content\/uploads\/2023\/07\/Valley-of-the-Kings-Luxor-west-bank-1024x682.jpg","twitter_misc":{"Preis":"&euro;150","Verf\u00fcgbarkeit":"Auf Lager"},"schema":{"@context":"https:\/\/schema.org","@graph":[{"@type":"WebPage","@id":"https:\/\/egytourpackages.com\/de\/touren\/private-tour-nach-luxor-ab-marsa-alam\/","url":"https:\/\/egytourpackages.com\/de\/touren\/private-tour-nach-luxor-ab-marsa-alam\/","name":"Private Tour nach Luxor ab Marsa Alam | Marsa Alam Touren","isPartOf":{"@id":"https:\/\/egytourpackages.com\/de\/#website"},"primaryImageOfPage":{"@id":"https:\/\/egytourpackages.com\/de\/touren\/private-tour-nach-luxor-ab-marsa-alam\/#primaryimage"},"image":{"@id":"https:\/\/egytourpackages.com\/de\/touren\/private-tour-nach-luxor-ab-marsa-alam\/#primaryimage"},"thumbnailUrl":"https:\/\/egytourpackages.com\/wp-content\/uploads\/2023\/07\/Valley-of-the-Kings-Luxor-west-bank.jpg","datePublished":"2023-07-12T00:56:52+00:00","dateModified":"2026-01-07T18:27:58+00:00","description":"Private Tour nach Luxor ab Marsa Alam: Erkunden Sie antikes Theben! Besuchen Sie Tal der K\u00f6nige, Hatschepsut-, Karnak- & Luxor-Tempel mit Experten.","breadcrumb":{"@id":"https:\/\/egytourpackages.com\/de\/touren\/private-tour-nach-luxor-ab-marsa-alam\/#breadcrumb"},"inLanguage":"de","potentialAction":[{"@type":"ReadAction","target":["https:\/\/egytourpackages.com\/de\/touren\/private-tour-nach-luxor-ab-marsa-alam\/"]}]},{"@type":"ImageObject","inLanguage":"de","@id":"https:\/\/egytourpackages.com\/de\/touren\/private-tour-nach-luxor-ab-marsa-alam\/#primaryimage","url":"https:\/\/egytourpackages.com\/wp-content\/uploads\/2023\/07\/Valley-of-the-Kings-Luxor-west-bank.jpg","contentUrl":"https:\/\/egytourpackages.com\/wp-content\/uploads\/2023\/07\/Valley-of-the-Kings-Luxor-west-bank.jpg","width":2000,"height":1333,"caption":"Tal der K\u00f6nige, Luxor Westufer"},{"@type":"BreadcrumbList","@id":"https:\/\/egytourpackages.com\/de\/touren\/private-tour-nach-luxor-ab-marsa-alam\/#breadcrumb","itemListElement":[{"@type":"ListItem","position":1,"name":"Startseite","item":"https:\/\/egytourpackages.com\/de\/"},{"@type":"ListItem","position":2,"name":"Shop","item":"https:\/\/egytourpackages.com\/de\/shop\/"},{"@type":"ListItem","position":3,"name":"Private Tour nach Luxor ab Marsa Alam"}]},{"@type":"WebSite","@id":"https:\/\/egytourpackages.com\/de\/#website","url":"https:\/\/egytourpackages.com\/de\/","name":"Egy tour packages","description":"","publisher":{"@id":"https:\/\/egytourpackages.com\/de\/#organization"},"potentialAction":[{"@type":"SearchAction","target":{"@type":"EntryPoint","urlTemplate":"https:\/\/egytourpackages.com\/de\/?s={search_term_string}"},"query-input":{"@type":"PropertyValueSpecification","valueRequired":true,"valueName":"search_term_string"}}],"inLanguage":"de"},{"@type":["Organization","Place","TravelAgency"],"@id":"https:\/\/egytourpackages.com\/de\/#organization","name":"egypt tour packages","alternateName":"egypt tour packages","url":"https:\/\/egytourpackages.com\/de\/","logo":{"@id":"https:\/\/egytourpackages.com\/de\/touren\/private-tour-nach-luxor-ab-marsa-alam\/#local-main-organization-logo"},"image":{"@id":"https:\/\/egytourpackages.com\/de\/touren\/private-tour-nach-luxor-ab-marsa-alam\/#local-main-organization-logo"},"sameAs":["https:\/\/www.facebook.com\/egytourpackages"],"legalName":"Egy tour packages","address":{"@id":"https:\/\/egytourpackages.com\/de\/touren\/private-tour-nach-luxor-ab-marsa-alam\/#local-main-place-address"},"telephone":["00201000852186","00201028685533"],"contactPoint":{"@type":"ContactPoint","telephone":"00201000852186"},"openingHoursSpecification":[{"@type":"OpeningHoursSpecification","dayOfWeek":["Monday","Tuesday","Wednesday","Thursday","Friday","Saturday","Sunday"],"opens":"00:00","closes":"23:59"}],"email":"info@egytourpackages.com","areaServed":"Cairo, Hurghada, Luxor, Sharm El Sheikh, Marsa Alam, Aswan","priceRange":"$","currenciesAccepted":"euro","paymentAccepted":"Payment links online"},{"@type":"PostalAddress","@id":"https:\/\/egytourpackages.com\/de\/touren\/private-tour-nach-luxor-ab-marsa-alam\/#local-main-place-address","streetAddress":"Mubarak 8, Al Kawthar District, Hurghada","addressLocality":"Hurghada","postalCode":"84511","addressRegion":"Red Sea","addressCountry":"EG"},{"@type":"ImageObject","inLanguage":"de","@id":"https:\/\/egytourpackages.com\/de\/touren\/private-tour-nach-luxor-ab-marsa-alam\/#local-main-organization-logo","url":"https:\/\/egytourpackages.com\/wp-content\/uploads\/2025\/12\/Turquoise-Dahabiya-Nile-Cruise-1.jpeg","contentUrl":"https:\/\/egytourpackages.com\/wp-content\/uploads\/2025\/12\/Turquoise-Dahabiya-Nile-Cruise-1.jpeg","width":1040,"height":694,"caption":"egypt tour packages"}]},"product_brand":"\u00c4gypten Tagestouren","product_price_amount":"150","product_price_currency":"EUR","og_availability":"instock","product_availability":"instock","product_retailer_item_id":"MAT15","product_condition":"new","geo.placename":"Hurghada","geo.region":"\u00c4gypten"},"_links":{"self":[{"href":"https:\/\/egytourpackages.com\/de\/wp-json\/wp\/v2\/product\/4463","targetHints":{"allow":["GET"]}}],"collection":[{"href":"https:\/\/egytourpackages.com\/de\/wp-json\/wp\/v2\/product"}],"about":[{"href":"https:\/\/egytourpackages.com\/de\/wp-json\/wp\/v2\/types\/product"}],"replies":[{"embeddable":true,"href":"https:\/\/egytourpackages.com\/de\/wp-json\/wp\/v2\/comments?post=4463"}],"wp:featuredmedia":[{"embeddable":true,"href":"https:\/\/egytourpackages.com\/de\/wp-json\/wp\/v2\/media\/2834"}],"wp:attachment":[{"href":"https:\/\/egytourpackages.com\/de\/wp-json\/wp\/v2\/media?parent=4463"}],"wp:term":[{"taxonomy":"product_brand","embeddable":true,"href":"https:\/\/egytourpackages.com\/de\/wp-json\/wp\/v2\/product_brand?post=4463"},{"taxonomy":"product_cat","embeddable":true,"href":"https:\/\/egytourpackages.com\/de\/wp-json\/wp\/v2\/product_cat?post=4463"},{"taxonomy":"product_tag","embeddable":true,"href":"https:\/\/egytourpackages.com\/de\/wp-json\/wp\/v2\/product_tag?post=4463"}],"curies":[{"name":"wp","href":"https:\/\/api.w.org\/{rel}","templated":true}]}}