{"id":4465,"date":"2023-07-12T15:57:51","date_gmt":"2023-07-12T15:57:51","guid":{"rendered":"https:\/\/egytourpackages.com\/product\/dendera-und-abydos-ab-marsa-alam-beste-marsa-alam-ausfluege\/"},"modified":"2026-01-07T18:18:10","modified_gmt":"2026-01-07T18:18:10","slug":"dendera-und-abydos-ab-marsa-alam-beste-marsa-alam-ausfluege","status":"publish","type":"product","link":"https:\/\/egytourpackages.com\/de\/touren\/dendera-und-abydos-ab-marsa-alam-beste-marsa-alam-ausfluege\/","title":{"rendered":"Dendera und Abydos ab Marsa Alam | Beste Marsa Alam Ausfl\u00fcge"},"content":{"rendered":"<p><span style=\"color: #ff6600;\"><strong>Dendera und Abydos ab Marsa Alam | Beste Marsa Alam Ausfl\u00fcge<\/strong><\/span><\/p>\n<p><strong>Dendera und Abydos ab Marsa Alam<\/strong> ist die beste M\u00f6glichkeit, den am besten erhaltenen Tempel \u00c4gyptens, den <strong>Dendera Tempel<\/strong>, mit <strong>\u00c4gypten Touren<\/strong> zu erkunden. Tats\u00e4chlich bieten <strong>Marsa Alam Touren<\/strong> diese einzigartige Reise zu zwei der farbenpr\u00e4chtigsten Tempel \u00c4gyptens, dem <strong>Abydos Tempel<\/strong> und dem <strong>Dendera Tempel<\/strong>. Buchen Sie die besten <strong>\u00c4gypten Tagesausfl\u00fcge<\/strong> ab Marsa Alam und bestaunen Sie den <strong>Dendera Zodiac<\/strong>, die <strong>Dendera Gl\u00fchbirne<\/strong>, das Mammisi und die Himmelsdecke sowie atemberaubende Reliefs. Dar\u00fcber hinaus besuchen Sie den <strong>Tempel von Seti I.<\/strong> in Abydos mit seiner einzigartigen <strong>Abydos K\u00f6nigsliste<\/strong> und dem mysteri\u00f6sen <strong>Osireion<\/strong>. <strong>Kontaktieren Sie uns<\/strong>, und wir organisieren diese private Tour f\u00fcr Sie mit einem talentierten \u00c4gyptologen-Reiseleiter und einem privaten Auto mit den besten Dienstleistungen.<\/p>\n<h3><span style=\"color: #ff6600;\">Tour Details<\/span><\/h3>\n<ul>\n<li>Dauer: 1 Tag<\/li>\n<li>Tour-Ort: <strong>Dendera \/ Abydos<\/strong><\/li>\n<li>Tour-Verf\u00fcgbarkeit: T\u00e4glich<\/li>\n<li>Abholung &amp; R\u00fccktransfer: Ihr Hotel in Marsa Alam<\/li>\n<li>Tour-Typ: Privat<\/li>\n<li>Rollstuhlgerecht: Ja<\/li>\n<\/ul>\n<h3><span style=\"color: #ff6600;\">In dieser Tour enthalten<\/span><\/h3>\n<ul>\n<li>Rundtransfer mit privatem, neuwertigem Fahrzeug<\/li>\n<li>Erfahrener \u00c4gyptologe-Reiseleiter<\/li>\n<li>Eintrittsgelder f\u00fcr alle Sehensw\u00fcrdigkeiten<\/li>\n<li>Mittagessen in einem lokalen Restaurant<\/li>\n<li>Wasser w\u00e4hrend des Tages<\/li>\n<\/ul>\n<h3><span style=\"color: #ff6600;\">In dieser Tour nicht enthalten<\/span><\/h3>\n<ul>\n<li>Getr\u00e4nke w\u00e4hrend des Mittagessens<\/li>\n<li>Trinkgelder<\/li>\n<\/ul>\n<h3><span style=\"color: #ff6600;\">Was Sie mitnehmen sollten<\/span><\/h3>\n<ul>\n<li>Hut, Sonnenbrille &amp; Sonnencreme<\/li>\n<li>Bequeme Schuhe und Kleidung<\/li>\n<\/ul>\n<h2><span style=\"color: #ff6600;\">Reiseverlauf<\/span><\/h2>\n<p>Ihr Reiseleiter erwartet Sie an der Rezeption Ihres Hotels, um Ihnen bei der Abholung Ihrer am Vortag bestellten Fr\u00fchst\u00fcckspakete zu helfen. Dann beginnen Sie Ihre <strong>Marsa Alam Touren<\/strong> nach <strong>Dendera<\/strong> und <strong>Abydos<\/strong> mit einer kurzen Pause f\u00fcr Fr\u00fchst\u00fcck und Toilettenbesuch unterwegs. Nach Ihrer Ankunft in Qena beginnen Sie Ihre Tagestour mit dem <strong>Hathor Tempel<\/strong> am Westufer des Nils.<\/p>\n<h3><span style=\"color: #ff6600;\">Dendera Tempelkomplex: Das Heiligtum der Hathor<\/span><\/h3>\n<p>Nach Ihrer Ankunft in Qena ist Ihr erster Halt der pr\u00e4chtige <strong>Dendera Tempelkomplex<\/strong>, der der G\u00f6ttin <strong>Hathor<\/strong>, der G\u00f6ttin der Liebe, Sch\u00f6nheit und Freude, gewidmet ist. Dieser <strong>Ptolem\u00e4ische Tempel<\/strong> gilt als einer der am besten erhaltenen und architektonisch vollst\u00e4ndigsten Tempel ganz \u00c4gyptens. Tats\u00e4chlich k\u00f6nnen Sie hier viele einzigartige Orte erkunden, die Sie in keinem anderen <strong>\u00c4gyptischen Tempel<\/strong> sehen k\u00f6nnen. Zum Beispiel zwei <strong>Mammisi<\/strong>, eines aus der Zeit Nektanebos&#8216; der <strong>30. Dynastie<\/strong> und eines aus der <strong>R\u00f6merzeit<\/strong>. Dar\u00fcber hinaus folgt die Koptische Kirche dem basilikalen Stil wie alle \u00e4gyptischen Kirchen. Da Dendera zu dieser Zeit der <strong>Herz-Chakra-Tempel<\/strong> und ein ber\u00fchmtes Heilzentrum war, ist ein <strong>Sanatorium<\/strong> hier ein Hauptmerkmal.<\/p>\n<p>Ein Nilometer befindet sich noch immer in der N\u00e4he des <strong>Heiligen Sees<\/strong> und die einzige Darstellung von <strong>Kleopatra<\/strong> und ihrem Sohn an der Au\u00dfenwand des Tempels. Dar\u00fcber hinaus ist die <strong>Isis-Kapelle<\/strong> f\u00fcr ihre energetische Atmosph\u00e4re bekannt, und alle \u00e4gyptischen Kronen wurden hier zum ersten und letzten Mal entworfen.<\/p>\n<p>Im Inneren des Tempels k\u00f6nnen Sie die erste <strong>Hypostylhalle<\/strong> mit all den <strong>Tierkreiszeichen<\/strong>, Tag- und Nachtstunden, <strong>Mondphasen<\/strong> und Konstellationen bewundern. Tief im Tempel k\u00f6nnen Sie einige der <strong>Krypten<\/strong> des Tempels, den Nut-Raum und das Allerheiligste betreten. Auf dem Dach k\u00f6nnen Sie den ber\u00fchmten <strong>Dendera Zodiac<\/strong> mit seinen astronomischen Decken und den <strong>Osiris-Mythos<\/strong> im Osiris-Raum bestaunen. Schlie\u00dflich k\u00f6nnen Sie atemberaubende Fotos machen, bevor wir zum n\u00e4chsten Halt weiterfahren.<\/p>\n<h3><span style=\"color: #ff6600;\">Abydos Tempel &amp; Das Osireion<\/span><\/h3>\n<p>Als N\u00e4chstes kommt die heilige St\u00e4tte von <strong>Abydos<\/strong>, Heimat des majest\u00e4tischen <strong>Tempels von Seti I.<\/strong> Dieser Tempel ist ber\u00fchmt f\u00fcr seine au\u00dfergew\u00f6hnlich hochwertigen Basreliefs, die oft zu den sch\u00f6nsten im <strong>alten \u00c4gypten<\/strong> gez\u00e4hlt werden. Erkunden Sie seine sieben Kapellen, die jeweils verschiedenen Gottheiten und Seti I. selbst gewidmet sind, und erleben Sie die ber\u00fchmte <strong>Abydos K\u00f6nigsliste<\/strong>, eine entscheidende historische Aufzeichnung der <strong>\u00e4gyptischen Pharaonen<\/strong>. Auch die von <strong>Ramses<\/strong> hinzugef\u00fcgten Teile des Tempels und die Liste seiner S\u00f6hne und T\u00f6chter sollten Sie nicht verpassen. Dar\u00fcber hinaus k\u00f6nnen Sie seine Hochreliefszenen mit den Basreliefszenen seines Vaters vergleichen. Schlie\u00dflich werfen Sie einen Blick auf das, was als <strong>Abydos Helikopter<\/strong> und <strong>U-Boot<\/strong> bezeichnet wird, bevor Sie Ihre Tour zum n\u00e4chsten Halt fortsetzen.<\/p>\n<h3><span style=\"color: #ff6600;\">Osireion<\/span><\/h3>\n<p>Jetzt ist es Zeit, das mysteri\u00f6se <strong>Osireion<\/strong> von au\u00dfen zu besuchen, eine r\u00e4tselhafte antike Struktur, die mit <strong>Osiris<\/strong>, dem Gott des Jenseits, in Verbindung gebracht wird. Dieses einzigartige Geb\u00e4ude liegt etwa 15 m tiefer als der Tempel und weist die ber\u00fchmte auf Granit gemei\u00dfelte <strong>Blume des Lebens<\/strong> auf, eines der bis heute ungel\u00f6sten Probleme.<\/p>\n<h3><span style=\"color: #ff6600;\">Tempel Ramses II.<\/span><\/h3>\n<p>Ein kurzer Spaziergang durch die arch\u00e4ologische Landschaft bringt Sie dann zu den beeindruckenden Ruinen des <strong>Tempels Ramses II.<\/strong>, wo Sie einige der wundersch\u00f6nen Farben und Schnitzereien des <strong>Neuen Reiches<\/strong> bewundern k\u00f6nnen.<\/p>\n<h3><span style=\"color: #ff6600;\">Mittagessen <\/span><\/h3>\n<p>Bereiten Sie sich auf ein hausgemachtes Mittagessen in einem lokalen Haus vor, bevor Sie bequem zur\u00fcckfahren.<\/p>\n<h3><span style=\"color: #ff6600;\">Dendera und Abydos ab Marsa Alam Preis<\/span><\/h3>\n<p>Preis f\u00fcr Erwachsene = 160 \u20ac<\/p>\n<p>Kinder 0-5 Jahre = kostenlos<\/p>\n<p>Kinder 5-11 Jahre = 50 % des Erwachsenenpreises<\/p>\n<h3><span style=\"color: #ff6600;\">Buchung<\/span><\/h3>\n<p>Sie k\u00f6nnen Ihre <strong>Makadi Bay Ausfl\u00fcge<\/strong> Tour \u00fcber WhatsApp buchen oder uns eine E-Mail senden, und Sie erhalten sofort die Best\u00e4tigung. Bitte senden Sie uns Ihren Hotelnamen, Zimmernummer und Passkopien.<\/p>\n<p>WhatsApp <strong>+201000852186<\/strong><\/p>\n<p>info@egytourpackages.com<\/p>\n<h3><span style=\"color: #ff6600;\">Jetzt buchen &amp; vor Ort bezahlen<\/span><\/h3>\n<p>Buchen Sie Ihre Lieblingstour und bezahlen Sie am Reisetag.<\/p>\n<h3>Zahlung<\/h3>\n<p>Sie k\u00f6nnen in \u00c4gyptischen Pfund, $, \u20ac oder \u00a3 bezahlen.<\/p>\n<h3><span style=\"color: #ff6600;\">Stornierungsbedingungen<\/span><\/h3>\n<p>Stornierung bis zu 24 Stunden im Voraus kostenfrei. Stornierung am Morgen 50 % des Preises.<\/p>\n","protected":false},"excerpt":{"rendered":"<p>Dendera und Abydos ab Marsa Alam | Erkunden Sie den Hathor-Tempel in Dendera und den Abydos-Tempel, der Osiris, Isis, Horus, Ptah, Rahorakhty und Ramses gewidmet ist.<\/p>\n","protected":false},"featured_media":2843,"comment_status":"open","ping_status":"closed","template":"","meta":[],"product_brand":[],"product_cat":[1494],"product_tag":[2620,1495,1744,1496],"class_list":{"0":"post-4465","1":"product","2":"type-product","3":"status-publish","4":"has-post-thumbnail","6":"product_cat-touren","7":"product_tag-agypten-rundreisen","8":"product_tag-agypten-tagestouren","9":"product_tag-agypten-touren","10":"product_tag-marsa-alam-ausfluge","11":"tour_category-agypten-tagestouren","12":"tour_category-marsa-alam-ausfluge","14":"first","15":"instock","16":"sale","17":"shipping-taxable","18":"purchasable","19":"product-type-tour","20":"has-default-attributes"},"yoast_head":"<!-- This site is optimized with the Yoast SEO Premium plugin v27.4 (Yoast SEO v27.4) - https:\/\/yoast.com\/product\/yoast-seo-premium-wordpress\/ -->\n<title>Dendera und Abydos ab Marsa Alam | Marsa Alam ausfl\u00fcge<\/title>\n<meta name=\"description\" content=\"Dendera und Abydos ab Marsa Alam : Erkunden Sie den Hathor-Tempel in Dendera &amp; den Abydos-Tempel, gewidmet Osiris, Isis, Horus, Ptah, Rahorakhty &amp; Ramses.\" \/>\n<meta name=\"robots\" content=\"index, follow, max-snippet:-1, max-image-preview:large, max-video-preview:-1\" \/>\n<link rel=\"canonical\" href=\"https:\/\/egytourpackages.com\/de\/touren\/dendera-und-abydos-ab-marsa-alam-beste-marsa-alam-ausfluege\/\" \/>\n<meta property=\"og:locale\" content=\"de_DE\" \/>\n<meta property=\"og:type\" content=\"article\" \/>\n<meta property=\"og:title\" content=\"Dendera und Abydos ab Marsa Alam\" \/>\n<meta property=\"og:description\" content=\"Dendera und Abydos ab Marsa Alam | Erkunden Sie den Hathor-Tempel in Dendera und den Abydos-Tempel, der Osiris, Isis, Horus, Ptah, Rahorakhty und Ramses gewidmet ist.\" \/>\n<meta property=\"og:url\" content=\"https:\/\/egytourpackages.com\/de\/touren\/dendera-und-abydos-ab-marsa-alam-beste-marsa-alam-ausfluege\/\" \/>\n<meta property=\"og:site_name\" content=\"\u00c4gypten-Reisepakete\" \/>\n<meta property=\"article:publisher\" content=\"https:\/\/www.facebook.com\/egytourpackages\" \/>\n<meta property=\"article:modified_time\" content=\"2026-01-07T18:18:10+00:00\" \/>\n<meta property=\"og:image\" content=\"https:\/\/egytourpackages.com\/wp-content\/uploads\/2023\/07\/Dendera-temple-Qena.jpg\" \/>\n\t<meta property=\"og:image:width\" content=\"2000\" \/>\n\t<meta property=\"og:image:height\" content=\"1333\" \/>\n\t<meta property=\"og:image:type\" content=\"image\/jpeg\" \/>\n<meta name=\"twitter:card\" content=\"summary_large_image\" \/>\n<meta name=\"twitter:title\" content=\"Dendera und Abydos ab Marsa Alam\" \/>\n<meta name=\"twitter:description\" content=\"Dendera und Abydos ab Marsa Alam | Erkunden Sie den Hathor-Tempel in Dendera und den Abydos-Tempel, der Osiris, Isis, Horus, Ptah, Rahorakhty und Ramses gewidmet ist.\" \/>\n<meta name=\"twitter:label1\" content=\"Preis\" \/>\n\t<meta name=\"twitter:data1\" content=\"&euro;150\" \/>\n\t<meta name=\"twitter:label2\" content=\"Verf\u00fcgbarkeit\" \/>\n\t<meta name=\"twitter:data2\" content=\"Auf Lager\" \/>\n<script type=\"application\/ld+json\" class=\"yoast-schema-graph\">{\"@context\":\"https:\\\/\\\/schema.org\",\"@graph\":[{\"@type\":\"WebPage\",\"@id\":\"https:\\\/\\\/egytourpackages.com\\\/de\\\/touren\\\/dendera-und-abydos-ab-marsa-alam-beste-marsa-alam-ausfluege\\\/\",\"url\":\"https:\\\/\\\/egytourpackages.com\\\/de\\\/touren\\\/dendera-und-abydos-ab-marsa-alam-beste-marsa-alam-ausfluege\\\/\",\"name\":\"Dendera und Abydos ab Marsa Alam | Marsa Alam ausfl\u00fcge\",\"isPartOf\":{\"@id\":\"https:\\\/\\\/egytourpackages.com\\\/de\\\/#website\"},\"primaryImageOfPage\":{\"@id\":\"https:\\\/\\\/egytourpackages.com\\\/de\\\/touren\\\/dendera-und-abydos-ab-marsa-alam-beste-marsa-alam-ausfluege\\\/#primaryimage\"},\"image\":{\"@id\":\"https:\\\/\\\/egytourpackages.com\\\/de\\\/touren\\\/dendera-und-abydos-ab-marsa-alam-beste-marsa-alam-ausfluege\\\/#primaryimage\"},\"thumbnailUrl\":\"https:\\\/\\\/egytourpackages.com\\\/wp-content\\\/uploads\\\/2023\\\/07\\\/Dendera-temple-Qena.jpg\",\"datePublished\":\"2023-07-12T15:57:51+00:00\",\"dateModified\":\"2026-01-07T18:18:10+00:00\",\"description\":\"Dendera und Abydos ab Marsa Alam : Erkunden Sie den Hathor-Tempel in Dendera & den Abydos-Tempel, gewidmet Osiris, Isis, Horus, Ptah, Rahorakhty & Ramses.\",\"breadcrumb\":{\"@id\":\"https:\\\/\\\/egytourpackages.com\\\/de\\\/touren\\\/dendera-und-abydos-ab-marsa-alam-beste-marsa-alam-ausfluege\\\/#breadcrumb\"},\"inLanguage\":\"de\",\"potentialAction\":[{\"@type\":\"ReadAction\",\"target\":[\"https:\\\/\\\/egytourpackages.com\\\/de\\\/touren\\\/dendera-und-abydos-ab-marsa-alam-beste-marsa-alam-ausfluege\\\/\"]}]},{\"@type\":\"ImageObject\",\"inLanguage\":\"de\",\"@id\":\"https:\\\/\\\/egytourpackages.com\\\/de\\\/touren\\\/dendera-und-abydos-ab-marsa-alam-beste-marsa-alam-ausfluege\\\/#primaryimage\",\"url\":\"https:\\\/\\\/egytourpackages.com\\\/wp-content\\\/uploads\\\/2023\\\/07\\\/Dendera-temple-Qena.jpg\",\"contentUrl\":\"https:\\\/\\\/egytourpackages.com\\\/wp-content\\\/uploads\\\/2023\\\/07\\\/Dendera-temple-Qena.jpg\",\"width\":2000,\"height\":1333,\"caption\":\"Dendera und Abydos ab Marsa Alam\"},{\"@type\":\"BreadcrumbList\",\"@id\":\"https:\\\/\\\/egytourpackages.com\\\/de\\\/touren\\\/dendera-und-abydos-ab-marsa-alam-beste-marsa-alam-ausfluege\\\/#breadcrumb\",\"itemListElement\":[{\"@type\":\"ListItem\",\"position\":1,\"name\":\"Startseite\",\"item\":\"https:\\\/\\\/egytourpackages.com\\\/de\\\/\"},{\"@type\":\"ListItem\",\"position\":2,\"name\":\"Shop\",\"item\":\"https:\\\/\\\/egytourpackages.com\\\/de\\\/shop\\\/\"},{\"@type\":\"ListItem\",\"position\":3,\"name\":\"Dendera und Abydos ab Marsa Alam | Beste Marsa Alam Ausfl\u00fcge\"}]},{\"@type\":\"WebSite\",\"@id\":\"https:\\\/\\\/egytourpackages.com\\\/de\\\/#website\",\"url\":\"https:\\\/\\\/egytourpackages.com\\\/de\\\/\",\"name\":\"Egy tour packages\",\"description\":\"\",\"publisher\":{\"@id\":\"https:\\\/\\\/egytourpackages.com\\\/de\\\/#organization\"},\"potentialAction\":[{\"@type\":\"SearchAction\",\"target\":{\"@type\":\"EntryPoint\",\"urlTemplate\":\"https:\\\/\\\/egytourpackages.com\\\/de\\\/?s={search_term_string}\"},\"query-input\":{\"@type\":\"PropertyValueSpecification\",\"valueRequired\":true,\"valueName\":\"search_term_string\"}}],\"inLanguage\":\"de\"},{\"@type\":[\"Organization\",\"Place\",\"TravelAgency\"],\"@id\":\"https:\\\/\\\/egytourpackages.com\\\/de\\\/#organization\",\"name\":\"egypt tour packages\",\"alternateName\":\"egypt tour packages\",\"url\":\"https:\\\/\\\/egytourpackages.com\\\/de\\\/\",\"logo\":{\"@id\":\"https:\\\/\\\/egytourpackages.com\\\/de\\\/touren\\\/dendera-und-abydos-ab-marsa-alam-beste-marsa-alam-ausfluege\\\/#local-main-organization-logo\"},\"image\":{\"@id\":\"https:\\\/\\\/egytourpackages.com\\\/de\\\/touren\\\/dendera-und-abydos-ab-marsa-alam-beste-marsa-alam-ausfluege\\\/#local-main-organization-logo\"},\"sameAs\":[\"https:\\\/\\\/www.facebook.com\\\/egytourpackages\"],\"legalName\":\"Egy tour packages\",\"address\":{\"@id\":\"https:\\\/\\\/egytourpackages.com\\\/de\\\/touren\\\/dendera-und-abydos-ab-marsa-alam-beste-marsa-alam-ausfluege\\\/#local-main-place-address\"},\"telephone\":[\"00201000852186\",\"00201028685533\"],\"contactPoint\":{\"@type\":\"ContactPoint\",\"telephone\":\"00201000852186\"},\"openingHoursSpecification\":[{\"@type\":\"OpeningHoursSpecification\",\"dayOfWeek\":[\"Monday\",\"Tuesday\",\"Wednesday\",\"Thursday\",\"Friday\",\"Saturday\",\"Sunday\"],\"opens\":\"00:00\",\"closes\":\"23:59\"}],\"email\":\"info@egytourpackages.com\",\"areaServed\":\"Cairo, Hurghada, Luxor, Sharm El Sheikh, Marsa Alam, Aswan\",\"priceRange\":\"$\",\"currenciesAccepted\":\"euro\",\"paymentAccepted\":\"Payment links online\"},{\"@type\":\"PostalAddress\",\"@id\":\"https:\\\/\\\/egytourpackages.com\\\/de\\\/touren\\\/dendera-und-abydos-ab-marsa-alam-beste-marsa-alam-ausfluege\\\/#local-main-place-address\",\"streetAddress\":\"Mubarak 8, Al Kawthar District, Hurghada\",\"addressLocality\":\"Hurghada\",\"postalCode\":\"84511\",\"addressRegion\":\"Red Sea\",\"addressCountry\":\"EG\"},{\"@type\":\"ImageObject\",\"inLanguage\":\"de\",\"@id\":\"https:\\\/\\\/egytourpackages.com\\\/de\\\/touren\\\/dendera-und-abydos-ab-marsa-alam-beste-marsa-alam-ausfluege\\\/#local-main-organization-logo\",\"url\":\"https:\\\/\\\/egytourpackages.com\\\/wp-content\\\/uploads\\\/2025\\\/12\\\/Turquoise-Dahabiya-Nile-Cruise-1.jpeg\",\"contentUrl\":\"https:\\\/\\\/egytourpackages.com\\\/wp-content\\\/uploads\\\/2025\\\/12\\\/Turquoise-Dahabiya-Nile-Cruise-1.jpeg\",\"width\":1040,\"height\":694,\"caption\":\"egypt tour packages\"}]}<\/script>\n<meta property=\"product:brand\" content=\"\u00c4gypten Tagestouren\" \/>\n<meta property=\"product:price:amount\" content=\"150\" \/>\n<meta property=\"product:price:currency\" content=\"EUR\" \/>\n<meta property=\"og:availability\" content=\"instock\" \/>\n<meta property=\"product:availability\" content=\"instock\" \/>\n<meta property=\"product:retailer_item_id\" content=\"MAT04\" \/>\n<meta property=\"product:condition\" content=\"new\" \/>\n<meta name=\"geo.placename\" content=\"Hurghada\" \/>\n<meta name=\"geo.region\" content=\"\u00c4gypten\" \/>\n<!-- \/ Yoast SEO Premium plugin. -->","yoast_head_json":{"title":"Dendera und Abydos ab Marsa Alam | Marsa Alam ausfl\u00fcge","description":"Dendera und Abydos ab Marsa Alam : Erkunden Sie den Hathor-Tempel in Dendera & den Abydos-Tempel, gewidmet Osiris, Isis, Horus, Ptah, Rahorakhty & Ramses.","robots":{"index":"index","follow":"follow","max-snippet":"max-snippet:-1","max-image-preview":"max-image-preview:large","max-video-preview":"max-video-preview:-1"},"canonical":"https:\/\/egytourpackages.com\/de\/touren\/dendera-und-abydos-ab-marsa-alam-beste-marsa-alam-ausfluege\/","og_locale":"de_DE","og_type":"article","og_title":"Dendera und Abydos ab Marsa Alam","og_description":"Dendera und Abydos ab Marsa Alam | Erkunden Sie den Hathor-Tempel in Dendera und den Abydos-Tempel, der Osiris, Isis, Horus, Ptah, Rahorakhty und Ramses gewidmet ist.","og_url":"https:\/\/egytourpackages.com\/de\/touren\/dendera-und-abydos-ab-marsa-alam-beste-marsa-alam-ausfluege\/","og_site_name":"\u00c4gypten-Reisepakete","article_publisher":"https:\/\/www.facebook.com\/egytourpackages","article_modified_time":"2026-01-07T18:18:10+00:00","og_image":[{"width":2000,"height":1333,"url":"https:\/\/egytourpackages.com\/wp-content\/uploads\/2023\/07\/Dendera-temple-Qena.jpg","type":"image\/jpeg"}],"twitter_card":"summary_large_image","twitter_title":"Dendera und Abydos ab Marsa Alam","twitter_description":"Dendera und Abydos ab Marsa Alam | Erkunden Sie den Hathor-Tempel in Dendera und den Abydos-Tempel, der Osiris, Isis, Horus, Ptah, Rahorakhty und Ramses gewidmet ist.","twitter_misc":{"Preis":"&euro;150","Verf\u00fcgbarkeit":"Auf Lager"},"schema":{"@context":"https:\/\/schema.org","@graph":[{"@type":"WebPage","@id":"https:\/\/egytourpackages.com\/de\/touren\/dendera-und-abydos-ab-marsa-alam-beste-marsa-alam-ausfluege\/","url":"https:\/\/egytourpackages.com\/de\/touren\/dendera-und-abydos-ab-marsa-alam-beste-marsa-alam-ausfluege\/","name":"Dendera und Abydos ab Marsa Alam | Marsa Alam ausfl\u00fcge","isPartOf":{"@id":"https:\/\/egytourpackages.com\/de\/#website"},"primaryImageOfPage":{"@id":"https:\/\/egytourpackages.com\/de\/touren\/dendera-und-abydos-ab-marsa-alam-beste-marsa-alam-ausfluege\/#primaryimage"},"image":{"@id":"https:\/\/egytourpackages.com\/de\/touren\/dendera-und-abydos-ab-marsa-alam-beste-marsa-alam-ausfluege\/#primaryimage"},"thumbnailUrl":"https:\/\/egytourpackages.com\/wp-content\/uploads\/2023\/07\/Dendera-temple-Qena.jpg","datePublished":"2023-07-12T15:57:51+00:00","dateModified":"2026-01-07T18:18:10+00:00","description":"Dendera und Abydos ab Marsa Alam : Erkunden Sie den Hathor-Tempel in Dendera & den Abydos-Tempel, gewidmet Osiris, Isis, Horus, Ptah, Rahorakhty & Ramses.","breadcrumb":{"@id":"https:\/\/egytourpackages.com\/de\/touren\/dendera-und-abydos-ab-marsa-alam-beste-marsa-alam-ausfluege\/#breadcrumb"},"inLanguage":"de","potentialAction":[{"@type":"ReadAction","target":["https:\/\/egytourpackages.com\/de\/touren\/dendera-und-abydos-ab-marsa-alam-beste-marsa-alam-ausfluege\/"]}]},{"@type":"ImageObject","inLanguage":"de","@id":"https:\/\/egytourpackages.com\/de\/touren\/dendera-und-abydos-ab-marsa-alam-beste-marsa-alam-ausfluege\/#primaryimage","url":"https:\/\/egytourpackages.com\/wp-content\/uploads\/2023\/07\/Dendera-temple-Qena.jpg","contentUrl":"https:\/\/egytourpackages.com\/wp-content\/uploads\/2023\/07\/Dendera-temple-Qena.jpg","width":2000,"height":1333,"caption":"Dendera und Abydos ab Marsa Alam"},{"@type":"BreadcrumbList","@id":"https:\/\/egytourpackages.com\/de\/touren\/dendera-und-abydos-ab-marsa-alam-beste-marsa-alam-ausfluege\/#breadcrumb","itemListElement":[{"@type":"ListItem","position":1,"name":"Startseite","item":"https:\/\/egytourpackages.com\/de\/"},{"@type":"ListItem","position":2,"name":"Shop","item":"https:\/\/egytourpackages.com\/de\/shop\/"},{"@type":"ListItem","position":3,"name":"Dendera und Abydos ab Marsa Alam | Beste Marsa Alam Ausfl\u00fcge"}]},{"@type":"WebSite","@id":"https:\/\/egytourpackages.com\/de\/#website","url":"https:\/\/egytourpackages.com\/de\/","name":"Egy tour packages","description":"","publisher":{"@id":"https:\/\/egytourpackages.com\/de\/#organization"},"potentialAction":[{"@type":"SearchAction","target":{"@type":"EntryPoint","urlTemplate":"https:\/\/egytourpackages.com\/de\/?s={search_term_string}"},"query-input":{"@type":"PropertyValueSpecification","valueRequired":true,"valueName":"search_term_string"}}],"inLanguage":"de"},{"@type":["Organization","Place","TravelAgency"],"@id":"https:\/\/egytourpackages.com\/de\/#organization","name":"egypt tour packages","alternateName":"egypt tour packages","url":"https:\/\/egytourpackages.com\/de\/","logo":{"@id":"https:\/\/egytourpackages.com\/de\/touren\/dendera-und-abydos-ab-marsa-alam-beste-marsa-alam-ausfluege\/#local-main-organization-logo"},"image":{"@id":"https:\/\/egytourpackages.com\/de\/touren\/dendera-und-abydos-ab-marsa-alam-beste-marsa-alam-ausfluege\/#local-main-organization-logo"},"sameAs":["https:\/\/www.facebook.com\/egytourpackages"],"legalName":"Egy tour packages","address":{"@id":"https:\/\/egytourpackages.com\/de\/touren\/dendera-und-abydos-ab-marsa-alam-beste-marsa-alam-ausfluege\/#local-main-place-address"},"telephone":["00201000852186","00201028685533"],"contactPoint":{"@type":"ContactPoint","telephone":"00201000852186"},"openingHoursSpecification":[{"@type":"OpeningHoursSpecification","dayOfWeek":["Monday","Tuesday","Wednesday","Thursday","Friday","Saturday","Sunday"],"opens":"00:00","closes":"23:59"}],"email":"info@egytourpackages.com","areaServed":"Cairo, Hurghada, Luxor, Sharm El Sheikh, Marsa Alam, Aswan","priceRange":"$","currenciesAccepted":"euro","paymentAccepted":"Payment links online"},{"@type":"PostalAddress","@id":"https:\/\/egytourpackages.com\/de\/touren\/dendera-und-abydos-ab-marsa-alam-beste-marsa-alam-ausfluege\/#local-main-place-address","streetAddress":"Mubarak 8, Al Kawthar District, Hurghada","addressLocality":"Hurghada","postalCode":"84511","addressRegion":"Red Sea","addressCountry":"EG"},{"@type":"ImageObject","inLanguage":"de","@id":"https:\/\/egytourpackages.com\/de\/touren\/dendera-und-abydos-ab-marsa-alam-beste-marsa-alam-ausfluege\/#local-main-organization-logo","url":"https:\/\/egytourpackages.com\/wp-content\/uploads\/2025\/12\/Turquoise-Dahabiya-Nile-Cruise-1.jpeg","contentUrl":"https:\/\/egytourpackages.com\/wp-content\/uploads\/2025\/12\/Turquoise-Dahabiya-Nile-Cruise-1.jpeg","width":1040,"height":694,"caption":"egypt tour packages"}]},"product_brand":"\u00c4gypten Tagestouren","product_price_amount":"150","product_price_currency":"EUR","og_availability":"instock","product_availability":"instock","product_retailer_item_id":"MAT04","product_condition":"new","geo.placename":"Hurghada","geo.region":"\u00c4gypten"},"_links":{"self":[{"href":"https:\/\/egytourpackages.com\/de\/wp-json\/wp\/v2\/product\/4465","targetHints":{"allow":["GET"]}}],"collection":[{"href":"https:\/\/egytourpackages.com\/de\/wp-json\/wp\/v2\/product"}],"about":[{"href":"https:\/\/egytourpackages.com\/de\/wp-json\/wp\/v2\/types\/product"}],"replies":[{"embeddable":true,"href":"https:\/\/egytourpackages.com\/de\/wp-json\/wp\/v2\/comments?post=4465"}],"wp:featuredmedia":[{"embeddable":true,"href":"https:\/\/egytourpackages.com\/de\/wp-json\/wp\/v2\/media\/2843"}],"wp:attachment":[{"href":"https:\/\/egytourpackages.com\/de\/wp-json\/wp\/v2\/media?parent=4465"}],"wp:term":[{"taxonomy":"product_brand","embeddable":true,"href":"https:\/\/egytourpackages.com\/de\/wp-json\/wp\/v2\/product_brand?post=4465"},{"taxonomy":"product_cat","embeddable":true,"href":"https:\/\/egytourpackages.com\/de\/wp-json\/wp\/v2\/product_cat?post=4465"},{"taxonomy":"product_tag","embeddable":true,"href":"https:\/\/egytourpackages.com\/de\/wp-json\/wp\/v2\/product_tag?post=4465"}],"curies":[{"name":"wp","href":"https:\/\/api.w.org\/{rel}","templated":true}]}}