{"id":4693,"date":"2023-09-30T17:58:24","date_gmt":"2023-09-30T17:58:24","guid":{"rendered":"https:\/\/egytourpackages.com\/product\/3-tage-kairo-und-bahariya-oase-ab-hurghada\/"},"modified":"2026-01-27T01:01:17","modified_gmt":"2026-01-27T01:01:17","slug":"3-tage-kairo-und-bahariya-oase-ab-hurghada","status":"publish","type":"product","link":"https:\/\/egytourpackages.com\/de\/touren\/3-tage-kairo-und-bahariya-oase-ab-hurghada\/","title":{"rendered":"3 Tage Kairo und Bahariya Oase ab Hurghada"},"content":{"rendered":"<p><strong><span style=\"color: #ff6600;\">3 Tage Kairo und Bahariya Oase ab Hurghada | Beste Hurghada Tagesausfl\u00fcge<\/span><\/strong><\/p>\n<p><strong>3 Tage Kairo und Bahariya Oase ab Hurghada<\/strong> ist einer der <strong>besten Tagesausfl\u00fcge von Hurghada<\/strong> f\u00fcr alle, die mehr \u00fcber die <strong>alt\u00e4gyptische Geschichte<\/strong> und die <strong>alt\u00e4gyptische Zivilisation<\/strong> erfahren m\u00f6chten. Genie\u00dfen Sie eine private Tour mit einem privaten Auto und Guide, um die <strong>Sehensw\u00fcrdigkeiten Kairos<\/strong> auf Ihren <strong>Kairo Tagesausfl\u00fcgen<\/strong> zu erkunden. Neben Attraktionen in Kairo wie dem <strong>Gro\u00dfen \u00c4gyptischen Museum<\/strong>, den <strong>Cheops-Pyramiden<\/strong>, der <strong>Gro\u00dfen Sphinx<\/strong> und den <strong>Gizeh Pyramiden<\/strong> werden Sie auch die <strong>Oasen \u00c4gyptens<\/strong> erleben. Zum Beispiel entdecken Sie die <strong>Schwarze W\u00fcste<\/strong>, die <strong>Wei\u00dfe W\u00fcste<\/strong>, den <strong>Kristallberg<\/strong> und das Dorf El Heiz als Teil Ihrer <strong>\u00c4gypten Reisepakete<\/strong>. Egy Tour Packages bietet <strong>Familienpakete<\/strong>, <strong>klassische Tourenpakete<\/strong>, <strong>W\u00fcstensafari Pakete<\/strong> und <strong>Luxuspakete<\/strong>, um Ihnen die besten <strong>\u00c4gypten Reisen<\/strong> zu erm\u00f6glichen.<\/p>\n<h3><span style=\"color: #ff6600;\">Tour Details<\/span><\/h3>\n<ul>\n<li><strong>Dauer<\/strong>: 3 Tage \/ 2 N\u00e4chte<\/li>\n<li><strong>Tourorte<\/strong>: <strong>Kairo<\/strong> \/ <strong>Bahariya<\/strong> \/ <strong>Farafra<\/strong><\/li>\n<li><strong>Verf\u00fcgbarkeit der Tour<\/strong>: T\u00e4glich auf Anfrage<\/li>\n<li><strong>Abholung &amp; R\u00fcckgabe<\/strong>: Hotels in <strong>Hurghada<\/strong>, Makadi Bay, Soma Bay, El Gouna, Sahl Hasheesh<\/li>\n<li><strong>Tourtyp<\/strong>: Privat<\/li>\n<\/ul>\n<h3><span style=\"color: #ff6600;\">Tour Highlights<\/span><\/h3>\n<ul>\n<li>Kairo Sehensw\u00fcrdigkeiten<\/li>\n<li>Bahariya und Farafra Oasen Attraktionen<\/li>\n<\/ul>\n<h2><span style=\"color: #ff6600;\">Reiseverlauf<\/span><\/h2>\n<h3><span style=\"color: #ff6600;\">Tag 1 Hurghada &#8211; Kairo<\/span><\/h3>\n<p>Ihr \u00c4gyptologe und Reiseleiter wird Sie in der Hotellobby treffen, um Ihr Abenteuer der <strong>\u00c4gypten Reisepakete<\/strong> zu beginnen. Nehmen Sie Ihre Fr\u00fchst\u00fccksboxen, die Sie einen Tag zuvor in der Hotellobby bestellt haben, und steigen Sie dann in Ihr klimatisiertes Auto, um Ihre Fahrt nach <strong>Kairo<\/strong> anzutreten. Sie passieren den Kontrollpunkt ab 03:00 Uhr morgens und legen unterwegs gegen 06:00 Uhr eine Kaffeepause ein. Nach der Ankunft in <strong>Kairo<\/strong> beginnen Sie Ihre Erkundung der <strong>Kairo Sehensw\u00fcrdigkeiten<\/strong> mit einer der Top-Attraktionen.<\/p>\n<p><strong>\u00c4gyptisches Museum<\/strong><\/p>\n<p>Genie\u00dfen Sie etwa zwei Stunden lang das Staunen \u00fcber die <strong>\u00e4gyptischen Artefakte<\/strong> aus verschiedenen Epochen wie der pr\u00e4historischen Zeit, dem <strong>Alten Reich<\/strong>, dem <strong>Mittleren Reich<\/strong>, dem <strong>Neuen Reich<\/strong> und der Sp\u00e4tzeit. Sehen Sie sich einen Teil der <strong>Tutanchamun-Sch\u00e4tze<\/strong>, Tiermumien, <strong>Hatschepsut-Statuen<\/strong> und einige Stelen an. Gehen Sie mit Ihrem Guide weiter, um Sarkophage, Fischerboote, Schmuck, Papyri und die <strong>Echnaton-Galerie<\/strong> zu sehen. Am Ende der Tour gehen Sie zum Mittagessen in ein lokales Restaurant, bevor Sie zu Ihrem n\u00e4chsten Halt weiterfahren.<\/p>\n<p><strong>Gizeh Pyramiden<\/strong><\/p>\n<p>\u00d6ffnen Sie Ihr Herz und Ihren Geist und h\u00f6ren Sie von Ihrem Guide die vier wichtigsten Fragen, die Ihnen beim Besuch der Pyramiden in den Sinn kommen k\u00f6nnten: Wie wurden die Pyramiden gebaut? Wer hat die Pyramiden gebaut? Warum wurden sie gebaut? Und wer hat sie gebaut? Beginnen Sie Ihre Tour zu den <strong>Gizeh Pyramiden<\/strong> mit der <strong>Cheops-Pyramide<\/strong>, besuchen Sie dann die <strong>K\u00f6niginnenpyramiden<\/strong>, die <strong>Chephren-Pyramide<\/strong> und enden Sie mit der <strong>Mykerinos-Pyramide<\/strong>. Sp\u00e4ter besuchen Sie den Mumifizierungstempel und die <strong>Gro\u00dfe Sphinx<\/strong>.<\/p>\n<p>Am Ende der Tour begleiten Sie Ihren Guide zu Ihrem Hotel in <strong>Kairo<\/strong>, um einen reibungslosen Check-in und eine \u00dcbernachtung im Hotel zu haben.<\/p>\n<p><strong>Mahlzeiten<\/strong>: Mittagessen<\/p>\n<h3><span style=\"color: #ff6600;\">Tag 2 Kairo &#8211; Bahariya<\/span><\/h3>\n<p>Holen Sie sich Ihr leckeres Fr\u00fchst\u00fcck im Hotel, dann beginnt Ihre Fahrt zur <strong>Bahariya Oase<\/strong>, die etwa vier Stunden dauert, mit einer kurzen Pause f\u00fcr Kaffee und Toilette. Bei der Ankunft in <strong>Bahariya<\/strong> wird Sie der W\u00fcstensafari-Guide von Egy Tour Packages in seinem Haus willkommen hei\u00dfen, um Ihre Tour mit einem sehr k\u00f6stlichen hausgemachten Mittagessen mit hei\u00dfen und kalten Getr\u00e4nken zu beginnen. Dann steigen Sie in Ihren 4&#215;4-Jeep, um Ihr W\u00fcstenabenteuer zu starten.<\/p>\n<p>Sie beginnen Ihre <strong>Bahariya Tour<\/strong> mit der <strong>Schwarzen W\u00fcste<\/strong>, wo Sie den <strong>Berg El Marsos<\/strong> und andere Gipfel sehen k\u00f6nnen, die mit Schichten aus schwarzem Pulver und Steinen bedeckt sind. Sobald Sie spazieren gegangen sind oder geklettert sind oder ein paar sch\u00f6ne Fotos gemacht haben, fahren wir zu unserem n\u00e4chsten Halt, der <strong>kalten Quelle El Heiz<\/strong>. Ziehen Sie Ihren Bikini an und genie\u00dfen Sie eine frische Dusche mit typischem Tee mit Minze, bevor wir zum <strong>Kristallberg<\/strong> fahren. Es ist ein erstaunlicher Ort, der aus Quarzkristall besteht und irgendwie ein sehr energetischer Ort ist.<\/p>\n<p>Ein weiterer Halt auf dem Weg zur <strong>Wei\u00dfen W\u00fcste<\/strong> ist das Aqabat-Gebiet oder das <strong>Tal von Aqabat<\/strong> mit erstaunlichen Steinformationen, die zu den Sandd\u00fcnen f\u00fchren, wo Sie <strong>Sandboarding<\/strong> genie\u00dfen k\u00f6nnen. Nachdem wir viel Spa\u00df beim Sandboarding hatten, passieren wir die <strong>Alte Wei\u00dfe W\u00fcste<\/strong> auf dem Weg zur <strong>Neuen Wei\u00dfen W\u00fcste<\/strong>. Sie verbringen die Nacht beim <strong>Camping<\/strong> in der neuen Wei\u00dfen W\u00fcste, genie\u00dfen ein BBQ-Abendessen unter den Sternen und schlafen in einem Einzel- oder Doppelzelt.<\/p>\n<p><strong>Mahlzeiten<\/strong>: Fr\u00fchst\u00fcck, Mittagessen, Abendessen<\/p>\n<h3><span style=\"color: #ff6600;\">Tag 3 Bahariya Oase &#8211; Kairo &#8211; Hurghada<\/span><\/h3>\n<p>Genie\u00dfen Sie Ihr Fr\u00fchst\u00fcck auf dem <strong>Campingplatz<\/strong>, bevor wir uns auf den Weg machen, um die <strong>Neue Wei\u00dfe W\u00fcste<\/strong>, den <strong>Baum des Lebens<\/strong>, das <strong>Tal der Tische<\/strong> und den erstaunlichen <strong>Hasenstein<\/strong>, <strong>H\u00fchnchenstein<\/strong>, <strong>Kegelstein<\/strong> zu erkunden, bevor wir unsere R\u00fcckreise nach <strong>Bahariya<\/strong> antreten. Genie\u00dfen Sie Ihr hausgemachtes Mittagessen, bevor Sie Ihre R\u00fcckreise nach <strong>Kairo<\/strong> und weiter nach <strong>Hurghada<\/strong> antreten.<\/p>\n<p><strong>Mahlzeiten<\/strong>: Fr\u00fchst\u00fcck, Mittagessen<\/p>\n<h3><span style=\"color: #ff6600;\">Kairo und Bahariya Oase ab Hurghada Preis<\/span><\/h3>\n<ul>\n<li>Erwachsenenpreis = 450 $<\/li>\n<li>Kinder 0-5 Jahre = kostenlos<\/li>\n<li>Kinder 5-11 Jahre = 50% des Erwachsenenpreises<\/li>\n<\/ul>\n<h3><span style=\"color: #ff6600;\">Buchung<\/span><\/h3>\n<p>Sie k\u00f6nnen Ihre Tour \u00fcber <strong>WhatsApp<\/strong> oder per <strong>E-Mail<\/strong> buchen und erhalten die Best\u00e4tigung sofort.<\/p>\n<p>Bitte senden Sie uns Ihren Hotelnamen, Zimmernummer und Kopien Ihres Reisepasses.<\/p>\n<p><strong>WhatsApp<\/strong>: +201000852186<\/p>\n<h3><span style=\"color: #ff6600;\">Jetzt Buchen &amp; Vor Ort Bezahlen <\/span><\/h3>\n<p>Buchen Sie Ihre Lieblingstour und zahlen Sie am Reisetag.<\/p>\n<h3><span style=\"color: #ff6600;\">Zahlung<\/span><\/h3>\n<p>Sie k\u00f6nnen in <strong>\u00c4gyptischen Pfund<\/strong>, $, \u20ac oder \u00a3 bezahlen.<\/p>\n<p><strong>Stornierungsbedingungen<\/strong><\/p>\n<ul>\n<li>Stornierung ist bis 24 Stunden im Voraus kostenlos.<\/li>\n<li>Stornierung am Morgen kostet 50% des Preises.<\/li>\n<\/ul>\n","protected":false},"excerpt":{"rendered":"<p>Erleben Sie 3 Tage Kairo und Bahariya Oase ab Hurghada! Entdecken Sie Pyramiden, Sphinx und die faszinierende W\u00fcste. Einzigartiges \u00c4gypten-Erlebnis!<\/p>\n","protected":false},"featured_media":3008,"comment_status":"open","ping_status":"closed","template":"","meta":[],"product_brand":[],"product_cat":[1494],"product_tag":[1983,2026,2495,1527],"class_list":{"0":"post-4693","1":"product","2":"type-product","3":"status-publish","4":"has-post-thumbnail","6":"product_cat-touren","7":"product_tag-bahariya-oase","8":"product_tag-groses-agyptisches-museum","9":"product_tag-hurghada-de","10":"product_tag-pyramiden-von-gizeh","11":"tour_category-3-tage-aegypten-rundreisen","12":"tour_category-agypten-tagestouren","13":"tour_category-hurghada-ausfluge","15":"first","16":"instock","17":"sale","18":"shipping-taxable","19":"purchasable","20":"product-type-tour","21":"has-default-attributes"},"yoast_head":"<!-- This site is optimized with the Yoast SEO Premium plugin v27.4 (Yoast SEO v27.4) - https:\/\/yoast.com\/product\/yoast-seo-premium-wordpress\/ -->\n<title>3 Tage Kairo und Bahariya Oase ab Hurghada<\/title>\n<meta name=\"description\" content=\"Erleben Sie 3 Tage Kairo und Bahariya Oase ab Hurghada! Entdecken Sie Pyramiden, Sphinx und die faszinierende W\u00fcste. Einzigartiges \u00c4gypten-Erlebnis!\" \/>\n<meta name=\"robots\" content=\"index, follow, max-snippet:-1, max-image-preview:large, max-video-preview:-1\" \/>\n<link rel=\"canonical\" href=\"https:\/\/egytourpackages.com\/de\/touren\/3-tage-kairo-und-bahariya-oase-ab-hurghada\/\" \/>\n<meta property=\"og:locale\" content=\"de_DE\" \/>\n<meta property=\"og:type\" content=\"article\" \/>\n<meta property=\"og:title\" content=\"3 Tage Kairo und Bahariya Oase ab Hurghada\" \/>\n<meta property=\"og:description\" content=\"Erleben Sie 3 Tage Kairo und Bahariya Oase ab Hurghada! Entdecken Sie Pyramiden, Sphinx und die faszinierende W\u00fcste. Einzigartiges \u00c4gypten-Erlebnis!\" \/>\n<meta property=\"og:url\" content=\"https:\/\/egytourpackages.com\/de\/touren\/3-tage-kairo-und-bahariya-oase-ab-hurghada\/\" \/>\n<meta property=\"og:site_name\" content=\"\u00c4gypten-Reisepakete\" \/>\n<meta property=\"article:publisher\" content=\"https:\/\/www.facebook.com\/egytourpackages\" \/>\n<meta property=\"article:modified_time\" content=\"2026-01-27T01:01:17+00:00\" \/>\n<meta property=\"og:image\" content=\"https:\/\/egytourpackages.com\/wp-content\/uploads\/2023\/09\/Camping-site-white-desert.jpg\" \/>\n\t<meta property=\"og:image:width\" content=\"2000\" \/>\n\t<meta property=\"og:image:height\" content=\"1500\" \/>\n\t<meta property=\"og:image:type\" content=\"image\/jpeg\" \/>\n<meta name=\"twitter:card\" content=\"summary_large_image\" \/>\n<meta name=\"twitter:title\" content=\"3 Tage Kairo und Bahariya Oase ab Hurghada\" \/>\n<meta name=\"twitter:description\" content=\"Erleben Sie 3 Tage Kairo und Bahariya Oase ab Hurghada! Entdecken Sie Pyramiden, Sphinx und die faszinierende W\u00fcste. Einzigartiges \u00c4gypten-Erlebnis!\" \/>\n<meta name=\"twitter:label1\" content=\"Preis\" \/>\n\t<meta name=\"twitter:data1\" content=\"&euro;490\" \/>\n\t<meta name=\"twitter:label2\" content=\"Verf\u00fcgbarkeit\" \/>\n\t<meta name=\"twitter:data2\" content=\"Auf Lager\" \/>\n<script type=\"application\/ld+json\" class=\"yoast-schema-graph\">{\"@context\":\"https:\\\/\\\/schema.org\",\"@graph\":[{\"@type\":\"WebPage\",\"@id\":\"https:\\\/\\\/egytourpackages.com\\\/de\\\/touren\\\/3-tage-kairo-und-bahariya-oase-ab-hurghada\\\/\",\"url\":\"https:\\\/\\\/egytourpackages.com\\\/de\\\/touren\\\/3-tage-kairo-und-bahariya-oase-ab-hurghada\\\/\",\"name\":\"3 Tage Kairo und Bahariya Oase ab Hurghada\",\"isPartOf\":{\"@id\":\"https:\\\/\\\/egytourpackages.com\\\/de\\\/#website\"},\"primaryImageOfPage\":{\"@id\":\"https:\\\/\\\/egytourpackages.com\\\/de\\\/touren\\\/3-tage-kairo-und-bahariya-oase-ab-hurghada\\\/#primaryimage\"},\"image\":{\"@id\":\"https:\\\/\\\/egytourpackages.com\\\/de\\\/touren\\\/3-tage-kairo-und-bahariya-oase-ab-hurghada\\\/#primaryimage\"},\"thumbnailUrl\":\"https:\\\/\\\/egytourpackages.com\\\/wp-content\\\/uploads\\\/2023\\\/09\\\/Camping-site-white-desert.jpg\",\"datePublished\":\"2023-09-30T17:58:24+00:00\",\"dateModified\":\"2026-01-27T01:01:17+00:00\",\"description\":\"Erleben Sie 3 Tage Kairo und Bahariya Oase ab Hurghada! Entdecken Sie Pyramiden, Sphinx und die faszinierende W\u00fcste. Einzigartiges \u00c4gypten-Erlebnis!\",\"breadcrumb\":{\"@id\":\"https:\\\/\\\/egytourpackages.com\\\/de\\\/touren\\\/3-tage-kairo-und-bahariya-oase-ab-hurghada\\\/#breadcrumb\"},\"inLanguage\":\"de\",\"potentialAction\":[{\"@type\":\"ReadAction\",\"target\":[\"https:\\\/\\\/egytourpackages.com\\\/de\\\/touren\\\/3-tage-kairo-und-bahariya-oase-ab-hurghada\\\/\"]}]},{\"@type\":\"ImageObject\",\"inLanguage\":\"de\",\"@id\":\"https:\\\/\\\/egytourpackages.com\\\/de\\\/touren\\\/3-tage-kairo-und-bahariya-oase-ab-hurghada\\\/#primaryimage\",\"url\":\"https:\\\/\\\/egytourpackages.com\\\/wp-content\\\/uploads\\\/2023\\\/09\\\/Camping-site-white-desert.jpg\",\"contentUrl\":\"https:\\\/\\\/egytourpackages.com\\\/wp-content\\\/uploads\\\/2023\\\/09\\\/Camping-site-white-desert.jpg\",\"width\":2000,\"height\":1500,\"caption\":\"3 Tage Kairo und Bahariya Oase ab Hurghada\"},{\"@type\":\"BreadcrumbList\",\"@id\":\"https:\\\/\\\/egytourpackages.com\\\/de\\\/touren\\\/3-tage-kairo-und-bahariya-oase-ab-hurghada\\\/#breadcrumb\",\"itemListElement\":[{\"@type\":\"ListItem\",\"position\":1,\"name\":\"Startseite\",\"item\":\"https:\\\/\\\/egytourpackages.com\\\/de\\\/\"},{\"@type\":\"ListItem\",\"position\":2,\"name\":\"Shop\",\"item\":\"https:\\\/\\\/egytourpackages.com\\\/de\\\/shop\\\/\"},{\"@type\":\"ListItem\",\"position\":3,\"name\":\"3 Tage Kairo und Bahariya Oase ab Hurghada\"}]},{\"@type\":\"WebSite\",\"@id\":\"https:\\\/\\\/egytourpackages.com\\\/de\\\/#website\",\"url\":\"https:\\\/\\\/egytourpackages.com\\\/de\\\/\",\"name\":\"Egy tour packages\",\"description\":\"\",\"publisher\":{\"@id\":\"https:\\\/\\\/egytourpackages.com\\\/de\\\/#organization\"},\"potentialAction\":[{\"@type\":\"SearchAction\",\"target\":{\"@type\":\"EntryPoint\",\"urlTemplate\":\"https:\\\/\\\/egytourpackages.com\\\/de\\\/?s={search_term_string}\"},\"query-input\":{\"@type\":\"PropertyValueSpecification\",\"valueRequired\":true,\"valueName\":\"search_term_string\"}}],\"inLanguage\":\"de\"},{\"@type\":[\"Organization\",\"Place\",\"TravelAgency\"],\"@id\":\"https:\\\/\\\/egytourpackages.com\\\/de\\\/#organization\",\"name\":\"egypt tour packages\",\"alternateName\":\"egypt tour packages\",\"url\":\"https:\\\/\\\/egytourpackages.com\\\/de\\\/\",\"logo\":{\"@id\":\"https:\\\/\\\/egytourpackages.com\\\/de\\\/touren\\\/3-tage-kairo-und-bahariya-oase-ab-hurghada\\\/#local-main-organization-logo\"},\"image\":{\"@id\":\"https:\\\/\\\/egytourpackages.com\\\/de\\\/touren\\\/3-tage-kairo-und-bahariya-oase-ab-hurghada\\\/#local-main-organization-logo\"},\"sameAs\":[\"https:\\\/\\\/www.facebook.com\\\/egytourpackages\"],\"legalName\":\"Egy tour packages\",\"address\":{\"@id\":\"https:\\\/\\\/egytourpackages.com\\\/de\\\/touren\\\/3-tage-kairo-und-bahariya-oase-ab-hurghada\\\/#local-main-place-address\"},\"telephone\":[\"00201000852186\",\"00201028685533\"],\"contactPoint\":{\"@type\":\"ContactPoint\",\"telephone\":\"00201000852186\"},\"openingHoursSpecification\":[{\"@type\":\"OpeningHoursSpecification\",\"dayOfWeek\":[\"Monday\",\"Tuesday\",\"Wednesday\",\"Thursday\",\"Friday\",\"Saturday\",\"Sunday\"],\"opens\":\"00:00\",\"closes\":\"23:59\"}],\"email\":\"info@egytourpackages.com\",\"areaServed\":\"Cairo, Hurghada, Luxor, Sharm El Sheikh, Marsa Alam, Aswan\",\"priceRange\":\"$\",\"currenciesAccepted\":\"euro\",\"paymentAccepted\":\"Payment links online\"},{\"@type\":\"PostalAddress\",\"@id\":\"https:\\\/\\\/egytourpackages.com\\\/de\\\/touren\\\/3-tage-kairo-und-bahariya-oase-ab-hurghada\\\/#local-main-place-address\",\"streetAddress\":\"Mubarak 8, Al Kawthar District, Hurghada\",\"addressLocality\":\"Hurghada\",\"postalCode\":\"84511\",\"addressRegion\":\"Red Sea\",\"addressCountry\":\"EG\"},{\"@type\":\"ImageObject\",\"inLanguage\":\"de\",\"@id\":\"https:\\\/\\\/egytourpackages.com\\\/de\\\/touren\\\/3-tage-kairo-und-bahariya-oase-ab-hurghada\\\/#local-main-organization-logo\",\"url\":\"https:\\\/\\\/egytourpackages.com\\\/wp-content\\\/uploads\\\/2025\\\/12\\\/Turquoise-Dahabiya-Nile-Cruise-1.jpeg\",\"contentUrl\":\"https:\\\/\\\/egytourpackages.com\\\/wp-content\\\/uploads\\\/2025\\\/12\\\/Turquoise-Dahabiya-Nile-Cruise-1.jpeg\",\"width\":1040,\"height\":694,\"caption\":\"egypt tour packages\"}]}<\/script>\n<meta property=\"product:brand\" content=\"3 Tage \u00c4gypten Rundreisen\" \/>\n<meta property=\"product:price:amount\" content=\"490\" \/>\n<meta property=\"product:price:currency\" content=\"EUR\" \/>\n<meta property=\"og:availability\" content=\"instock\" \/>\n<meta property=\"product:availability\" content=\"instock\" \/>\n<meta property=\"product:retailer_item_id\" content=\"HDT05\" \/>\n<meta property=\"product:condition\" content=\"new\" \/>\n<meta name=\"geo.placename\" content=\"Hurghada\" \/>\n<meta name=\"geo.region\" content=\"\u00c4gypten\" \/>\n<!-- \/ Yoast SEO Premium plugin. -->","yoast_head_json":{"title":"3 Tage Kairo und Bahariya Oase ab Hurghada","description":"Erleben Sie 3 Tage Kairo und Bahariya Oase ab Hurghada! Entdecken Sie Pyramiden, Sphinx und die faszinierende W\u00fcste. Einzigartiges \u00c4gypten-Erlebnis!","robots":{"index":"index","follow":"follow","max-snippet":"max-snippet:-1","max-image-preview":"max-image-preview:large","max-video-preview":"max-video-preview:-1"},"canonical":"https:\/\/egytourpackages.com\/de\/touren\/3-tage-kairo-und-bahariya-oase-ab-hurghada\/","og_locale":"de_DE","og_type":"article","og_title":"3 Tage Kairo und Bahariya Oase ab Hurghada","og_description":"Erleben Sie 3 Tage Kairo und Bahariya Oase ab Hurghada! Entdecken Sie Pyramiden, Sphinx und die faszinierende W\u00fcste. Einzigartiges \u00c4gypten-Erlebnis!","og_url":"https:\/\/egytourpackages.com\/de\/touren\/3-tage-kairo-und-bahariya-oase-ab-hurghada\/","og_site_name":"\u00c4gypten-Reisepakete","article_publisher":"https:\/\/www.facebook.com\/egytourpackages","article_modified_time":"2026-01-27T01:01:17+00:00","og_image":[{"width":2000,"height":1500,"url":"https:\/\/egytourpackages.com\/wp-content\/uploads\/2023\/09\/Camping-site-white-desert.jpg","type":"image\/jpeg"}],"twitter_card":"summary_large_image","twitter_title":"3 Tage Kairo und Bahariya Oase ab Hurghada","twitter_description":"Erleben Sie 3 Tage Kairo und Bahariya Oase ab Hurghada! Entdecken Sie Pyramiden, Sphinx und die faszinierende W\u00fcste. Einzigartiges \u00c4gypten-Erlebnis!","twitter_misc":{"Preis":"&euro;490","Verf\u00fcgbarkeit":"Auf Lager"},"schema":{"@context":"https:\/\/schema.org","@graph":[{"@type":"WebPage","@id":"https:\/\/egytourpackages.com\/de\/touren\/3-tage-kairo-und-bahariya-oase-ab-hurghada\/","url":"https:\/\/egytourpackages.com\/de\/touren\/3-tage-kairo-und-bahariya-oase-ab-hurghada\/","name":"3 Tage Kairo und Bahariya Oase ab Hurghada","isPartOf":{"@id":"https:\/\/egytourpackages.com\/de\/#website"},"primaryImageOfPage":{"@id":"https:\/\/egytourpackages.com\/de\/touren\/3-tage-kairo-und-bahariya-oase-ab-hurghada\/#primaryimage"},"image":{"@id":"https:\/\/egytourpackages.com\/de\/touren\/3-tage-kairo-und-bahariya-oase-ab-hurghada\/#primaryimage"},"thumbnailUrl":"https:\/\/egytourpackages.com\/wp-content\/uploads\/2023\/09\/Camping-site-white-desert.jpg","datePublished":"2023-09-30T17:58:24+00:00","dateModified":"2026-01-27T01:01:17+00:00","description":"Erleben Sie 3 Tage Kairo und Bahariya Oase ab Hurghada! Entdecken Sie Pyramiden, Sphinx und die faszinierende W\u00fcste. Einzigartiges \u00c4gypten-Erlebnis!","breadcrumb":{"@id":"https:\/\/egytourpackages.com\/de\/touren\/3-tage-kairo-und-bahariya-oase-ab-hurghada\/#breadcrumb"},"inLanguage":"de","potentialAction":[{"@type":"ReadAction","target":["https:\/\/egytourpackages.com\/de\/touren\/3-tage-kairo-und-bahariya-oase-ab-hurghada\/"]}]},{"@type":"ImageObject","inLanguage":"de","@id":"https:\/\/egytourpackages.com\/de\/touren\/3-tage-kairo-und-bahariya-oase-ab-hurghada\/#primaryimage","url":"https:\/\/egytourpackages.com\/wp-content\/uploads\/2023\/09\/Camping-site-white-desert.jpg","contentUrl":"https:\/\/egytourpackages.com\/wp-content\/uploads\/2023\/09\/Camping-site-white-desert.jpg","width":2000,"height":1500,"caption":"3 Tage Kairo und Bahariya Oase ab Hurghada"},{"@type":"BreadcrumbList","@id":"https:\/\/egytourpackages.com\/de\/touren\/3-tage-kairo-und-bahariya-oase-ab-hurghada\/#breadcrumb","itemListElement":[{"@type":"ListItem","position":1,"name":"Startseite","item":"https:\/\/egytourpackages.com\/de\/"},{"@type":"ListItem","position":2,"name":"Shop","item":"https:\/\/egytourpackages.com\/de\/shop\/"},{"@type":"ListItem","position":3,"name":"3 Tage Kairo und Bahariya Oase ab Hurghada"}]},{"@type":"WebSite","@id":"https:\/\/egytourpackages.com\/de\/#website","url":"https:\/\/egytourpackages.com\/de\/","name":"Egy tour packages","description":"","publisher":{"@id":"https:\/\/egytourpackages.com\/de\/#organization"},"potentialAction":[{"@type":"SearchAction","target":{"@type":"EntryPoint","urlTemplate":"https:\/\/egytourpackages.com\/de\/?s={search_term_string}"},"query-input":{"@type":"PropertyValueSpecification","valueRequired":true,"valueName":"search_term_string"}}],"inLanguage":"de"},{"@type":["Organization","Place","TravelAgency"],"@id":"https:\/\/egytourpackages.com\/de\/#organization","name":"egypt tour packages","alternateName":"egypt tour packages","url":"https:\/\/egytourpackages.com\/de\/","logo":{"@id":"https:\/\/egytourpackages.com\/de\/touren\/3-tage-kairo-und-bahariya-oase-ab-hurghada\/#local-main-organization-logo"},"image":{"@id":"https:\/\/egytourpackages.com\/de\/touren\/3-tage-kairo-und-bahariya-oase-ab-hurghada\/#local-main-organization-logo"},"sameAs":["https:\/\/www.facebook.com\/egytourpackages"],"legalName":"Egy tour packages","address":{"@id":"https:\/\/egytourpackages.com\/de\/touren\/3-tage-kairo-und-bahariya-oase-ab-hurghada\/#local-main-place-address"},"telephone":["00201000852186","00201028685533"],"contactPoint":{"@type":"ContactPoint","telephone":"00201000852186"},"openingHoursSpecification":[{"@type":"OpeningHoursSpecification","dayOfWeek":["Monday","Tuesday","Wednesday","Thursday","Friday","Saturday","Sunday"],"opens":"00:00","closes":"23:59"}],"email":"info@egytourpackages.com","areaServed":"Cairo, Hurghada, Luxor, Sharm El Sheikh, Marsa Alam, Aswan","priceRange":"$","currenciesAccepted":"euro","paymentAccepted":"Payment links online"},{"@type":"PostalAddress","@id":"https:\/\/egytourpackages.com\/de\/touren\/3-tage-kairo-und-bahariya-oase-ab-hurghada\/#local-main-place-address","streetAddress":"Mubarak 8, Al Kawthar District, Hurghada","addressLocality":"Hurghada","postalCode":"84511","addressRegion":"Red Sea","addressCountry":"EG"},{"@type":"ImageObject","inLanguage":"de","@id":"https:\/\/egytourpackages.com\/de\/touren\/3-tage-kairo-und-bahariya-oase-ab-hurghada\/#local-main-organization-logo","url":"https:\/\/egytourpackages.com\/wp-content\/uploads\/2025\/12\/Turquoise-Dahabiya-Nile-Cruise-1.jpeg","contentUrl":"https:\/\/egytourpackages.com\/wp-content\/uploads\/2025\/12\/Turquoise-Dahabiya-Nile-Cruise-1.jpeg","width":1040,"height":694,"caption":"egypt tour packages"}]},"product_brand":"3 Tage \u00c4gypten Rundreisen","product_price_amount":"490","product_price_currency":"EUR","og_availability":"instock","product_availability":"instock","product_retailer_item_id":"HDT05","product_condition":"new","geo.placename":"Hurghada","geo.region":"\u00c4gypten"},"_links":{"self":[{"href":"https:\/\/egytourpackages.com\/de\/wp-json\/wp\/v2\/product\/4693","targetHints":{"allow":["GET"]}}],"collection":[{"href":"https:\/\/egytourpackages.com\/de\/wp-json\/wp\/v2\/product"}],"about":[{"href":"https:\/\/egytourpackages.com\/de\/wp-json\/wp\/v2\/types\/product"}],"replies":[{"embeddable":true,"href":"https:\/\/egytourpackages.com\/de\/wp-json\/wp\/v2\/comments?post=4693"}],"wp:featuredmedia":[{"embeddable":true,"href":"https:\/\/egytourpackages.com\/de\/wp-json\/wp\/v2\/media\/3008"}],"wp:attachment":[{"href":"https:\/\/egytourpackages.com\/de\/wp-json\/wp\/v2\/media?parent=4693"}],"wp:term":[{"taxonomy":"product_brand","embeddable":true,"href":"https:\/\/egytourpackages.com\/de\/wp-json\/wp\/v2\/product_brand?post=4693"},{"taxonomy":"product_cat","embeddable":true,"href":"https:\/\/egytourpackages.com\/de\/wp-json\/wp\/v2\/product_cat?post=4693"},{"taxonomy":"product_tag","embeddable":true,"href":"https:\/\/egytourpackages.com\/de\/wp-json\/wp\/v2\/product_tag?post=4693"}],"curies":[{"name":"wp","href":"https:\/\/api.w.org\/{rel}","templated":true}]}}