{"id":4800,"date":"2024-07-23T17:28:16","date_gmt":"2024-07-23T17:28:16","guid":{"rendered":"https:\/\/egytourpackages.com\/product\/morgendliche-quad-wuestensafari-ab-marsa-alam\/"},"modified":"2026-01-05T22:09:31","modified_gmt":"2026-01-05T22:09:31","slug":"morgendliche-quad-wuestensafari-ab-marsa-alam","status":"publish","type":"product","link":"https:\/\/egytourpackages.com\/de\/touren\/morgendliche-quad-wuestensafari-ab-marsa-alam\/","title":{"rendered":"Morgendliche Quad W\u00fcstensafari ab Marsa Alam"},"content":{"rendered":"<p><strong><span style=\"color: #ff6600;\">Morgendliche Quad W\u00fcstensafari ab Marsa Alam<\/span><\/strong><\/p>\n<p>Machen Sie sich bereit f\u00fcr Ihre morgendliche <strong>Quad-W\u00fcstensafari ab Marsa Alam<\/strong> und lernen Sie die Beduinen-Traditionen auf unseren <strong>\u00c4gypten-Touren<\/strong> kennen. Entfesseln Sie Ihren Abenteuergeist mit einer aufregenden <strong>Morgendliche Quad-W\u00fcstensafari ab Marsa Alam<\/strong>! Tats\u00e4chlich bieten <strong>Marsa Alam Touren<\/strong> die perfekte Mischung aus Adrenalin, atemberaubender Natur und einem Vorgeschmack auf das <strong>\u00e4gyptische W\u00fcstenabenteuer<\/strong>. Entfliehen Sie dem Resort und tauchen Sie tief in den goldenen Sand ein f\u00fcr ein unvergessliches Erlebnis. Tats\u00e4chlich werden Sie w\u00e4hrend der <strong>\u00c4gypten Tagesausfl\u00fcge<\/strong> <strong>ATV-Fahrten<\/strong> \u00fcber die Sandd\u00fcnen der \u00f6stlichen W\u00fcste genie\u00dfen. Schlie\u00dflich bieten <strong>Marsa Alam Touren<\/strong> diese W\u00fcstensafaris als eine der <strong>besten Aktivit\u00e4ten in Marsa Alam<\/strong> an. Kontaktieren Sie uns und seien Sie bereit f\u00fcr ein unvergessliches morgendliches Abenteuer.<\/p>\n<h3><span style=\"color: #ff6600;\">Details<\/span><\/h3>\n<ul>\n<li><strong>Dauer:<\/strong> 6 Stunden<\/li>\n<li><strong>Tour-Ort:<\/strong> \u00d6stliche W\u00fcste Marsa Alam<\/li>\n<li><strong>Tour-Verf\u00fcgbarkeit:<\/strong> Auf Anfrage<\/li>\n<li><strong>Abholung &amp; R\u00fccktransfer:<\/strong> Hotels in Marsa Alam<\/li>\n<li><strong>Tour-Typ:<\/strong> Gruppe \/ Privat<\/li>\n<li><strong>Rollstuhl:<\/strong> Zug\u00e4nglich<\/li>\n<\/ul>\n<h3><span style=\"color: #ff6600;\">H\u00f6hepunkte<\/span><\/h3>\n<ul>\n<li>ATV-Fahrt f\u00fcr ca. 35 km<\/li>\n<li>Kamelritt<\/li>\n<li>Beduinen-Lebensstil erkunden<\/li>\n<\/ul>\n<h3><span style=\"color: #ff6600;\">Inklusive<\/span><\/h3>\n<ul>\n<li>Abholung und R\u00fccktransfer von den Hotels in Marsa Alam<\/li>\n<li>Professioneller W\u00fcstenf\u00fchrer<\/li>\n<li>Kamelritt in der W\u00fcste von Marsa Alam<\/li>\n<li>Beduinen-Dorf-Tour mit Beduinen-Tee<\/li>\n<li>Testfahrt vor Tourbeginn<\/li>\n<li>Einzel- oder Doppel-ATV (Strandbuggy)<\/li>\n<li>Alle Servicegeb\u00fchren und Steuern sind im Preis inbegriffen<\/li>\n<\/ul>\n<h3>Exklusive<\/h3>\n<ul>\n<li>DVD und Fotos vom Kameramann<\/li>\n<li>Trinkgeld<\/li>\n<li>Alles, was nicht im Programm erw\u00e4hnt ist<\/li>\n<\/ul>\n<h3><span style=\"color: #ff6600;\">Was Sie mitnehmen sollten<\/span><\/h3>\n<ul>\n<li>Kopie Ihres Reisepasses<\/li>\n<li>Hut, Sonnenbrille &amp; Sonnencreme<\/li>\n<li>Bequeme Schuhe und Kleidung<\/li>\n<\/ul>\n<h3><span style=\"color: #ff6600;\">Bitte beachten Sie<\/span><\/h3>\n<ul>\n<li>Sie d\u00fcrfen ATV-Fahrzeuge ab einem Alter von 16 Jahren fahren<\/li>\n<li>Alle unsere Ausfl\u00fcge sind voll versichert<\/li>\n<li>Helme werden empfohlen<\/li>\n<li>Zus\u00e4tzlich gegen Geb\u00fchr:<\/li>\n<li>T\u00fccher (5 Euro)<\/li>\n<li>Schutzbrillen zum Mieten (2 Euro pro St\u00fcck)<\/li>\n<\/ul>\n<h3><span style=\"color: #ff6600;\">Reiseroute Morgendliche Quad-W\u00fcstensafari Reiseroute ab Marsa Alam<\/span><\/h3>\n<p>Begeben Sie sich auf eine aufregende <strong>Morgendliche Quad-W\u00fcstensafari ab Marsa Alam<\/strong>, ein spannendes 3-4-st\u00fcndiges Abenteuer. Ihre <strong>Marsa Alam Quad-Tour<\/strong> beginnt mit einer bequemen Hotelabholung, die Sie zur Quad-Station tief in der <strong>W\u00fcste von Marsa Alam<\/strong> bringt. Nach einer gr\u00fcndlichen Sicherheitseinweisung und der Bereitstellung der Ausr\u00fcstung entfesseln Sie Ihren Abenteuergeist bei einem 1- bis 1,5-st\u00fcndigen <strong>Quad-Erlebnis<\/strong>, bei dem Sie <strong>Sandd\u00fcnen<\/strong> und weite <strong>W\u00fcstenlandschaften<\/strong> durchqueren.<\/p>\n<p>Diese adrenalingeladene Fahrt bietet unglaubliche <strong>W\u00fcstenblicke<\/strong>. Die Safari beinhaltet einen kulturellen Stopp in einem authentischen <strong>Beduinen-Dorf<\/strong>, wo Sie traditionellen Tee genie\u00dfen und etwas \u00fcber das lokale Leben erfahren, mit einem optionalen <strong>Kamelritt<\/strong>. W\u00e4hrend der gesamten <strong>W\u00fcstenexkursion<\/strong> k\u00f6nnen Sie atemberaubende Fotos von der einzigartigen Landschaft machen. Die Tour endet mit einem bequemen Transfer zur\u00fcck zu Ihrem <strong>Hotel in Marsa Alam<\/strong>, was sie zu einer der <strong>besten Aktivit\u00e4ten in Marsa Alam<\/strong> f\u00fcr Abenteuerlustige macht. Buchen Sie noch heute Ihre <strong>Marsa Alam Quad-W\u00fcstensafari<\/strong> und schaffen Sie unvergessliche Erinnerungen im Herzen der \u00e4gyptischen W\u00fcste! Dies ist zweifellos eine der <strong>besten Aktivit\u00e4ten in Marsa Alam<\/strong> f\u00fcr Abenteuerbegeisterte.<\/p>\n<h3><span style=\"color: #ff6600;\">Morgendliche Quad W\u00fcstensafari ab Marsa Alam Preis<\/span><\/h3>\n<ul>\n<li>Erwachsenenpreis = 35 \u20ac<\/li>\n<li>Kinder 0-5 Jahre = kostenlos<\/li>\n<li>Kinder 5-11 Jahre = 50 % des Erwachsenenpreises<\/li>\n<\/ul>\n<h3><span style=\"color: #ff6600;\">Buchung<\/span><\/h3>\n<p>Sie k\u00f6nnen Ihre Tour per WhatsApp oder E-Mail buchen und erhalten die Best\u00e4tigung vor Ort. Bitte senden Sie uns Ihren Hotelnamen, Zimmernummer und Reisepasskopien.<\/p>\n<p>WhatsApp: +201000852186<\/p>\n<p>info@egytourpackages.com<\/p>\n<h3><span style=\"color: #ff6600;\">Jetzt buchen &amp; vor Ort bezahlen<\/span><\/h3>\n<p>Buchen Sie Ihre Lieblingstour und bezahlen Sie am Tag der Reise<\/p>\n<h3><span style=\"color: #ff6600;\">Zahlung<\/span><\/h3>\n<p>Sie k\u00f6nnen in \u00e4gyptischen Pfund, $, \u20ac oder \u00a3 bezahlen.<\/p>\n<h3><span style=\"color: #ff6600;\">Stornierungsbedingungen<\/span><\/h3>\n<ul>\n<li>Kostenlose Stornierung bis zu 24 Stunden im Voraus<\/li>\n<li>Morgendliche Stornierung betr\u00e4gt 50 % des Preises<\/li>\n<\/ul>\n","protected":false},"excerpt":{"rendered":"<p>Aufregende Morgendliche Quad W\u00fcstensafari ab Marsa Alam. Fahren Sie \u00fcber D\u00fcnen, besuchen Sie ein Beduinendorf und erleben Sie, inklusive ATV-Fahrt.<\/p>\n","protected":false},"featured_media":3459,"comment_status":"open","ping_status":"closed","template":"","meta":[],"product_brand":[],"product_cat":[1494],"product_tag":[1495,2630,1496],"class_list":{"0":"post-4800","1":"product","2":"type-product","3":"status-publish","4":"has-post-thumbnail","6":"product_cat-touren","7":"product_tag-agypten-tagestouren","8":"product_tag-atv-fahrt","9":"product_tag-marsa-alam-ausfluge","10":"tour_category-agypten-tagestouren","11":"tour_category-marsa-alam-ausfluge","13":"first","14":"instock","15":"sale","16":"shipping-taxable","17":"purchasable","18":"product-type-tour","19":"has-default-attributes"},"yoast_head":"<!-- This site is optimized with the Yoast SEO Premium plugin v27.2 (Yoast SEO v27.2) - https:\/\/yoast.com\/product\/yoast-seo-premium-wordpress\/ -->\n<title>Morgendliche Quad W\u00fcstensafari ab Marsa Alam<\/title>\n<meta name=\"description\" content=\"Aufregende Morgendliche Quad W\u00fcstensafari ab Marsa Alam. Fahren Sie \u00fcber D\u00fcnen, besuchen Sie ein Beduinendorf und erleben Sie, inklusive ATV-Fahrt.\" \/>\n<meta name=\"robots\" content=\"index, follow, max-snippet:-1, max-image-preview:large, max-video-preview:-1\" \/>\n<link rel=\"canonical\" href=\"https:\/\/egytourpackages.com\/de\/touren\/morgendliche-quad-wuestensafari-ab-marsa-alam\/\" \/>\n<meta property=\"og:locale\" content=\"de_DE\" \/>\n<meta property=\"og:type\" content=\"article\" \/>\n<meta property=\"og:title\" content=\"Morgendliche Quad W\u00fcstensafari ab Marsa Alam\" \/>\n<meta property=\"og:description\" content=\"Aufregende Morgendliche Quad W\u00fcstensafari ab Marsa Alam. Fahren Sie \u00fcber D\u00fcnen, besuchen Sie ein Beduinendorf und erleben Sie, inklusive ATV-Fahrt.\" \/>\n<meta property=\"og:url\" content=\"https:\/\/egytourpackages.com\/de\/touren\/morgendliche-quad-wuestensafari-ab-marsa-alam\/\" \/>\n<meta property=\"og:site_name\" content=\"\u00c4gypten-Reisepakete\" \/>\n<meta property=\"article:publisher\" content=\"https:\/\/www.facebook.com\/egytourpackages\" \/>\n<meta property=\"article:modified_time\" content=\"2026-01-05T22:09:31+00:00\" \/>\n<meta property=\"og:image\" content=\"https:\/\/egytourpackages.com\/wp-content\/uploads\/2024\/07\/Quad-Bike-desert-Safari-1024x682.jpeg\" \/>\n<meta name=\"twitter:card\" content=\"summary_large_image\" \/>\n<meta name=\"twitter:title\" content=\"Morgendliche Quad W\u00fcstensafari ab Marsa Alam\" \/>\n<meta name=\"twitter:label1\" content=\"Preis\" \/>\n\t<meta name=\"twitter:data1\" content=\"&euro;35\" \/>\n\t<meta name=\"twitter:label2\" content=\"Verf\u00fcgbarkeit\" \/>\n\t<meta name=\"twitter:data2\" content=\"Auf Lager\" \/>\n<script type=\"application\/ld+json\" class=\"yoast-schema-graph\">{\"@context\":\"https:\/\/schema.org\",\"@graph\":[{\"@type\":\"WebPage\",\"@id\":\"https:\/\/egytourpackages.com\/de\/touren\/morgendliche-quad-wuestensafari-ab-marsa-alam\/\",\"url\":\"https:\/\/egytourpackages.com\/de\/touren\/morgendliche-quad-wuestensafari-ab-marsa-alam\/\",\"name\":\"Morgendliche Quad W\u00fcstensafari ab Marsa Alam\",\"isPartOf\":{\"@id\":\"https:\/\/egytourpackages.com\/de\/#website\"},\"primaryImageOfPage\":{\"@id\":\"https:\/\/egytourpackages.com\/de\/touren\/morgendliche-quad-wuestensafari-ab-marsa-alam\/#primaryimage\"},\"image\":{\"@id\":\"https:\/\/egytourpackages.com\/de\/touren\/morgendliche-quad-wuestensafari-ab-marsa-alam\/#primaryimage\"},\"thumbnailUrl\":\"https:\/\/egytourpackages.com\/wp-content\/uploads\/2024\/07\/Quad-Bike-desert-Safari.jpeg\",\"datePublished\":\"2024-07-23T17:28:16+00:00\",\"dateModified\":\"2026-01-05T22:09:31+00:00\",\"description\":\"Aufregende Morgendliche Quad W\u00fcstensafari ab Marsa Alam. Fahren Sie \u00fcber D\u00fcnen, besuchen Sie ein Beduinendorf und erleben Sie, inklusive ATV-Fahrt.\",\"breadcrumb\":{\"@id\":\"https:\/\/egytourpackages.com\/de\/touren\/morgendliche-quad-wuestensafari-ab-marsa-alam\/#breadcrumb\"},\"inLanguage\":\"de\",\"potentialAction\":[{\"@type\":\"ReadAction\",\"target\":[\"https:\/\/egytourpackages.com\/de\/touren\/morgendliche-quad-wuestensafari-ab-marsa-alam\/\"]}]},{\"@type\":\"ImageObject\",\"inLanguage\":\"de\",\"@id\":\"https:\/\/egytourpackages.com\/de\/touren\/morgendliche-quad-wuestensafari-ab-marsa-alam\/#primaryimage\",\"url\":\"https:\/\/egytourpackages.com\/wp-content\/uploads\/2024\/07\/Quad-Bike-desert-Safari.jpeg\",\"contentUrl\":\"https:\/\/egytourpackages.com\/wp-content\/uploads\/2024\/07\/Quad-Bike-desert-Safari.jpeg\",\"width\":1280,\"height\":853,\"caption\":\"Morgendliche Quad W\u00fcstensafari ab Marsa Alam\"},{\"@type\":\"BreadcrumbList\",\"@id\":\"https:\/\/egytourpackages.com\/de\/touren\/morgendliche-quad-wuestensafari-ab-marsa-alam\/#breadcrumb\",\"itemListElement\":[{\"@type\":\"ListItem\",\"position\":1,\"name\":\"Startseite\",\"item\":\"https:\/\/egytourpackages.com\/de\/\"},{\"@type\":\"ListItem\",\"position\":2,\"name\":\"Shop\",\"item\":\"https:\/\/egytourpackages.com\/de\/shop\/\"},{\"@type\":\"ListItem\",\"position\":3,\"name\":\"Morgendliche Quad W\u00fcstensafari ab Marsa Alam\"}]},{\"@type\":\"WebSite\",\"@id\":\"https:\/\/egytourpackages.com\/de\/#website\",\"url\":\"https:\/\/egytourpackages.com\/de\/\",\"name\":\"Egy tour packages\",\"description\":\"\",\"publisher\":{\"@id\":\"https:\/\/egytourpackages.com\/de\/#organization\"},\"potentialAction\":[{\"@type\":\"SearchAction\",\"target\":{\"@type\":\"EntryPoint\",\"urlTemplate\":\"https:\/\/egytourpackages.com\/de\/?s={search_term_string}\"},\"query-input\":{\"@type\":\"PropertyValueSpecification\",\"valueRequired\":true,\"valueName\":\"search_term_string\"}}],\"inLanguage\":\"de\"},{\"@type\":[\"Organization\",\"Place\",\"TravelAgency\"],\"@id\":\"https:\/\/egytourpackages.com\/de\/#organization\",\"name\":\"egypt tour packages\",\"alternateName\":\"egypt tour packages\",\"url\":\"https:\/\/egytourpackages.com\/de\/\",\"logo\":{\"@id\":\"https:\/\/egytourpackages.com\/de\/touren\/morgendliche-quad-wuestensafari-ab-marsa-alam\/#local-main-organization-logo\"},\"image\":{\"@id\":\"https:\/\/egytourpackages.com\/de\/touren\/morgendliche-quad-wuestensafari-ab-marsa-alam\/#local-main-organization-logo\"},\"sameAs\":[\"https:\/\/www.facebook.com\/egytourpackages\"],\"legalName\":\"Egy tour packages\",\"address\":{\"@id\":\"https:\/\/egytourpackages.com\/de\/touren\/morgendliche-quad-wuestensafari-ab-marsa-alam\/#local-main-place-address\"},\"telephone\":[\"00201000852186\",\"00201028685533\"],\"contactPoint\":{\"@type\":\"ContactPoint\",\"telephone\":\"00201000852186\"},\"openingHoursSpecification\":[{\"@type\":\"OpeningHoursSpecification\",\"dayOfWeek\":[\"Monday\",\"Tuesday\",\"Wednesday\",\"Thursday\",\"Friday\",\"Saturday\",\"Sunday\"],\"opens\":\"00:00\",\"closes\":\"23:59\"}],\"email\":\"info@egytourpackages.com\",\"areaServed\":\"Cairo, Hurghada, Luxor, Sharm El Sheikh, Marsa Alam, Aswan\",\"priceRange\":\"$\",\"currenciesAccepted\":\"euro\",\"paymentAccepted\":\"Payment links online\"},{\"@type\":\"PostalAddress\",\"@id\":\"https:\/\/egytourpackages.com\/de\/touren\/morgendliche-quad-wuestensafari-ab-marsa-alam\/#local-main-place-address\",\"streetAddress\":\"Mubarak 8, Al Kawthar District, Hurghada\",\"addressLocality\":\"Hurghada\",\"postalCode\":\"84511\",\"addressRegion\":\"Red Sea\",\"addressCountry\":\"EG\"},{\"@type\":\"ImageObject\",\"inLanguage\":\"de\",\"@id\":\"https:\/\/egytourpackages.com\/de\/touren\/morgendliche-quad-wuestensafari-ab-marsa-alam\/#local-main-organization-logo\",\"url\":\"https:\/\/egytourpackages.com\/wp-content\/uploads\/2025\/12\/Turquoise-Dahabiya-Nile-Cruise-1.jpeg\",\"contentUrl\":\"https:\/\/egytourpackages.com\/wp-content\/uploads\/2025\/12\/Turquoise-Dahabiya-Nile-Cruise-1.jpeg\",\"width\":1040,\"height\":694,\"caption\":\"egypt tour packages\"}]}<\/script>\n<meta property=\"product:brand\" content=\"\u00c4gypten Tagestouren\" \/>\n<meta property=\"product:price:amount\" content=\"35\" \/>\n<meta property=\"product:price:currency\" content=\"EUR\" \/>\n<meta property=\"og:availability\" content=\"instock\" \/>\n<meta property=\"product:availability\" content=\"instock\" \/>\n<meta property=\"product:retailer_item_id\" content=\"MAT06\" \/>\n<meta property=\"product:condition\" content=\"new\" \/>\n<meta name=\"geo.placename\" content=\"Hurghada\" \/>\n<meta name=\"geo.region\" content=\"\u00c4gypten\" \/>\n<!-- \/ Yoast SEO Premium plugin. -->","yoast_head_json":{"title":"Morgendliche Quad W\u00fcstensafari ab Marsa Alam","description":"Aufregende Morgendliche Quad W\u00fcstensafari ab Marsa Alam. Fahren Sie \u00fcber D\u00fcnen, besuchen Sie ein Beduinendorf und erleben Sie, inklusive ATV-Fahrt.","robots":{"index":"index","follow":"follow","max-snippet":"max-snippet:-1","max-image-preview":"max-image-preview:large","max-video-preview":"max-video-preview:-1"},"canonical":"https:\/\/egytourpackages.com\/de\/touren\/morgendliche-quad-wuestensafari-ab-marsa-alam\/","og_locale":"de_DE","og_type":"article","og_title":"Morgendliche Quad W\u00fcstensafari ab Marsa Alam","og_description":"Aufregende Morgendliche Quad W\u00fcstensafari ab Marsa Alam. Fahren Sie \u00fcber D\u00fcnen, besuchen Sie ein Beduinendorf und erleben Sie, inklusive ATV-Fahrt.","og_url":"https:\/\/egytourpackages.com\/de\/touren\/morgendliche-quad-wuestensafari-ab-marsa-alam\/","og_site_name":"\u00c4gypten-Reisepakete","article_publisher":"https:\/\/www.facebook.com\/egytourpackages","article_modified_time":"2026-01-05T22:09:31+00:00","og_image":[{"url":"https:\/\/egytourpackages.com\/wp-content\/uploads\/2024\/07\/Quad-Bike-desert-Safari-1024x682.jpeg","type":"","width":"","height":""}],"twitter_card":"summary_large_image","twitter_title":"Morgendliche Quad W\u00fcstensafari ab Marsa Alam","twitter_misc":{"Preis":"&euro;35","Verf\u00fcgbarkeit":"Auf Lager"},"schema":{"@context":"https:\/\/schema.org","@graph":[{"@type":"WebPage","@id":"https:\/\/egytourpackages.com\/de\/touren\/morgendliche-quad-wuestensafari-ab-marsa-alam\/","url":"https:\/\/egytourpackages.com\/de\/touren\/morgendliche-quad-wuestensafari-ab-marsa-alam\/","name":"Morgendliche Quad W\u00fcstensafari ab Marsa Alam","isPartOf":{"@id":"https:\/\/egytourpackages.com\/de\/#website"},"primaryImageOfPage":{"@id":"https:\/\/egytourpackages.com\/de\/touren\/morgendliche-quad-wuestensafari-ab-marsa-alam\/#primaryimage"},"image":{"@id":"https:\/\/egytourpackages.com\/de\/touren\/morgendliche-quad-wuestensafari-ab-marsa-alam\/#primaryimage"},"thumbnailUrl":"https:\/\/egytourpackages.com\/wp-content\/uploads\/2024\/07\/Quad-Bike-desert-Safari.jpeg","datePublished":"2024-07-23T17:28:16+00:00","dateModified":"2026-01-05T22:09:31+00:00","description":"Aufregende Morgendliche Quad W\u00fcstensafari ab Marsa Alam. Fahren Sie \u00fcber D\u00fcnen, besuchen Sie ein Beduinendorf und erleben Sie, inklusive ATV-Fahrt.","breadcrumb":{"@id":"https:\/\/egytourpackages.com\/de\/touren\/morgendliche-quad-wuestensafari-ab-marsa-alam\/#breadcrumb"},"inLanguage":"de","potentialAction":[{"@type":"ReadAction","target":["https:\/\/egytourpackages.com\/de\/touren\/morgendliche-quad-wuestensafari-ab-marsa-alam\/"]}]},{"@type":"ImageObject","inLanguage":"de","@id":"https:\/\/egytourpackages.com\/de\/touren\/morgendliche-quad-wuestensafari-ab-marsa-alam\/#primaryimage","url":"https:\/\/egytourpackages.com\/wp-content\/uploads\/2024\/07\/Quad-Bike-desert-Safari.jpeg","contentUrl":"https:\/\/egytourpackages.com\/wp-content\/uploads\/2024\/07\/Quad-Bike-desert-Safari.jpeg","width":1280,"height":853,"caption":"Morgendliche Quad W\u00fcstensafari ab Marsa Alam"},{"@type":"BreadcrumbList","@id":"https:\/\/egytourpackages.com\/de\/touren\/morgendliche-quad-wuestensafari-ab-marsa-alam\/#breadcrumb","itemListElement":[{"@type":"ListItem","position":1,"name":"Startseite","item":"https:\/\/egytourpackages.com\/de\/"},{"@type":"ListItem","position":2,"name":"Shop","item":"https:\/\/egytourpackages.com\/de\/shop\/"},{"@type":"ListItem","position":3,"name":"Morgendliche Quad W\u00fcstensafari ab Marsa Alam"}]},{"@type":"WebSite","@id":"https:\/\/egytourpackages.com\/de\/#website","url":"https:\/\/egytourpackages.com\/de\/","name":"Egy tour packages","description":"","publisher":{"@id":"https:\/\/egytourpackages.com\/de\/#organization"},"potentialAction":[{"@type":"SearchAction","target":{"@type":"EntryPoint","urlTemplate":"https:\/\/egytourpackages.com\/de\/?s={search_term_string}"},"query-input":{"@type":"PropertyValueSpecification","valueRequired":true,"valueName":"search_term_string"}}],"inLanguage":"de"},{"@type":["Organization","Place","TravelAgency"],"@id":"https:\/\/egytourpackages.com\/de\/#organization","name":"egypt tour packages","alternateName":"egypt tour packages","url":"https:\/\/egytourpackages.com\/de\/","logo":{"@id":"https:\/\/egytourpackages.com\/de\/touren\/morgendliche-quad-wuestensafari-ab-marsa-alam\/#local-main-organization-logo"},"image":{"@id":"https:\/\/egytourpackages.com\/de\/touren\/morgendliche-quad-wuestensafari-ab-marsa-alam\/#local-main-organization-logo"},"sameAs":["https:\/\/www.facebook.com\/egytourpackages"],"legalName":"Egy tour packages","address":{"@id":"https:\/\/egytourpackages.com\/de\/touren\/morgendliche-quad-wuestensafari-ab-marsa-alam\/#local-main-place-address"},"telephone":["00201000852186","00201028685533"],"contactPoint":{"@type":"ContactPoint","telephone":"00201000852186"},"openingHoursSpecification":[{"@type":"OpeningHoursSpecification","dayOfWeek":["Monday","Tuesday","Wednesday","Thursday","Friday","Saturday","Sunday"],"opens":"00:00","closes":"23:59"}],"email":"info@egytourpackages.com","areaServed":"Cairo, Hurghada, Luxor, Sharm El Sheikh, Marsa Alam, Aswan","priceRange":"$","currenciesAccepted":"euro","paymentAccepted":"Payment links online"},{"@type":"PostalAddress","@id":"https:\/\/egytourpackages.com\/de\/touren\/morgendliche-quad-wuestensafari-ab-marsa-alam\/#local-main-place-address","streetAddress":"Mubarak 8, Al Kawthar District, Hurghada","addressLocality":"Hurghada","postalCode":"84511","addressRegion":"Red Sea","addressCountry":"EG"},{"@type":"ImageObject","inLanguage":"de","@id":"https:\/\/egytourpackages.com\/de\/touren\/morgendliche-quad-wuestensafari-ab-marsa-alam\/#local-main-organization-logo","url":"https:\/\/egytourpackages.com\/wp-content\/uploads\/2025\/12\/Turquoise-Dahabiya-Nile-Cruise-1.jpeg","contentUrl":"https:\/\/egytourpackages.com\/wp-content\/uploads\/2025\/12\/Turquoise-Dahabiya-Nile-Cruise-1.jpeg","width":1040,"height":694,"caption":"egypt tour packages"}]},"product_brand":"\u00c4gypten Tagestouren","product_price_amount":"35","product_price_currency":"EUR","og_availability":"instock","product_availability":"instock","product_retailer_item_id":"MAT06","product_condition":"new","geo.placename":"Hurghada","geo.region":"\u00c4gypten"},"_links":{"self":[{"href":"https:\/\/egytourpackages.com\/de\/wp-json\/wp\/v2\/product\/4800","targetHints":{"allow":["GET"]}}],"collection":[{"href":"https:\/\/egytourpackages.com\/de\/wp-json\/wp\/v2\/product"}],"about":[{"href":"https:\/\/egytourpackages.com\/de\/wp-json\/wp\/v2\/types\/product"}],"replies":[{"embeddable":true,"href":"https:\/\/egytourpackages.com\/de\/wp-json\/wp\/v2\/comments?post=4800"}],"wp:featuredmedia":[{"embeddable":true,"href":"https:\/\/egytourpackages.com\/de\/wp-json\/wp\/v2\/media\/3459"}],"wp:attachment":[{"href":"https:\/\/egytourpackages.com\/de\/wp-json\/wp\/v2\/media?parent=4800"}],"wp:term":[{"taxonomy":"product_brand","embeddable":true,"href":"https:\/\/egytourpackages.com\/de\/wp-json\/wp\/v2\/product_brand?post=4800"},{"taxonomy":"product_cat","embeddable":true,"href":"https:\/\/egytourpackages.com\/de\/wp-json\/wp\/v2\/product_cat?post=4800"},{"taxonomy":"product_tag","embeddable":true,"href":"https:\/\/egytourpackages.com\/de\/wp-json\/wp\/v2\/product_tag?post=4800"}],"curies":[{"name":"wp","href":"https:\/\/api.w.org\/{rel}","templated":true}]}}