{"id":4832,"date":"2023-07-13T02:26:31","date_gmt":"2023-07-13T02:26:31","guid":{"rendered":"https:\/\/egytourpackages.com\/product\/marsa-mubarak-schnorchelausflug-ab-marsa-alam\/"},"modified":"2026-01-07T21:26:32","modified_gmt":"2026-01-07T21:26:32","slug":"marsa-mubarak-schnorchelausflug-ab-marsa-alam","status":"publish","type":"product","link":"https:\/\/egytourpackages.com\/de\/touren\/marsa-mubarak-schnorchelausflug-ab-marsa-alam\/","title":{"rendered":"Marsa Mubarak Schnorchelausflug ab Marsa Alam"},"content":{"rendered":"<p><strong><span style=\"color: #ff6600;\">Marsa Mubarak Schnorchelausflug ab Marsa Alam<\/span><\/strong><\/p>\n<h2><span style=\"color: #ff6600;\">\u00dcberblick<\/span><\/h2>\n<p>Bereiten Sie sich auf einen <strong>Marsa Mubarak Schnorchelausflug ab Marsa Alam<\/strong> vor und tauchen Sie ein in die unber\u00fchrte Sch\u00f6nheit der \u00e4gyptischen Unterwasserwelt. Diese <strong>Rotes Meer Schnorcheltour<\/strong> bietet eine unvergleichliche Gelegenheit, lebendige, unber\u00fchrte Meereslebewesen hautnah zu erleben, was sie zu einem H\u00f6hepunkt aller <strong>Marsa Alam Touren<\/strong> macht.<\/p>\n<p><strong>Marsa Mubarak<\/strong>, oft &#8222;Turtle Bay&#8220; genannt, ist ein unber\u00fchrtes Meeresschutzgebiet und ein ideales Ziel f\u00fcr Schnorchler und Taucher. Es ist als einer der <strong>besten Schnorchelpl\u00e4tze in Marsa Alam<\/strong> bekannt und verf\u00fcgt \u00fcber ein au\u00dfergew\u00f6hnliches marines \u00d6kosystem.<\/p>\n<p>Auf dieser fantastischen <strong>\u00c4gypten Tagestour<\/strong> haben Sie die einzigartige Gelegenheit, <strong>mit Delfinen in Marsa Alam zu schwimmen<\/strong>, majest\u00e4tische <strong>gr\u00fcne Meeresschildkr\u00f6ten<\/strong> anmutig gleiten zu sehen und, wenn Sie Gl\u00fcck haben, sogar den schwer fassbaren Dugong (Seekuh) in seinem nat\u00fcrlichen Lebensraum zu entdecken.<\/p>\n<p>Verbinden Sie sich wieder mit der Natur und entdecken Sie eine vielf\u00e4ltige Reihe neuer Meeresarten in den kristallklaren Gew\u00e4ssern des Roten Meeres. Dieser <strong>Marsa Alam Ausflug<\/strong> wird durchweg als eine der <strong>besten Aktivit\u00e4ten in Marsa Alam<\/strong> bewertet und verspricht ein unvergessliches Abenteuer f\u00fcr alle Altersgruppen. Verpassen Sie nicht dieses Top-bewertete Schnorchelerlebnis in \u00c4gypten!<\/p>\n<h3><span style=\"color: #ff6600;\">Tour Details<\/span><\/h3>\n<ul>\n<li><strong>Dauer<\/strong>: 8 Stunden<\/li>\n<li><strong>Tourort<\/strong>: Porto Ghalib, Marsa Alam<\/li>\n<li><strong>Verf\u00fcgbarkeit der Tour<\/strong>: T\u00e4glich<\/li>\n<li><strong>Abholung &amp; R\u00fccktransfer<\/strong>: Ihr Hotel in Marsa Alam<\/li>\n<li><strong>Tourtyp<\/strong>: Freizeittour<\/li>\n<li><strong>Rollstuhl<\/strong>: Nicht zug\u00e4nglich<\/li>\n<\/ul>\n<h3><span style=\"color: #ff6600;\">Im Reisepreis enthalten<\/span><\/h3>\n<ul>\n<li>Hin- und R\u00fccktransfer<\/li>\n<li>Mittagessen an Bord der Luxusyacht<\/li>\n<li>Schnorchelausr\u00fcstung<\/li>\n<li>Schnorchelf\u00fchrer<\/li>\n<li>Hei\u00dfe und alkoholfreie Getr\u00e4nke<\/li>\n<\/ul>\n<h3><span style=\"color: #ff6600;\">Nicht inbegriffen im Marsa Mubarak Ausflug<\/span><\/h3>\n<ul>\n<li>DVD und Fotos vom Kameramann<\/li>\n<li>Tauchen (Scuba Diving)<\/li>\n<li>Trinkgelder<\/li>\n<li>Naturschutzgeb\u00fchr von 5 USD pro Person<\/li>\n<\/ul>\n<h3><span style=\"color: #ff6600;\">Was einzupacken ist<\/span><\/h3>\n<ul>\n<li>Strandtuch vom Hotel<\/li>\n<li>Hut oder Schal<\/li>\n<li>Sonnencreme<\/li>\n<li>Badeanzug<\/li>\n<li>Kopie Ihres Reisepasses<\/li>\n<\/ul>\n<h3><span style=\"color: #ff6600;\">Reiseroute<\/span><\/h3>\n<p>Beginnen Sie einen unvergesslichen <strong>Ganztages-Schnorchelausflug nach Marsa Mubarak ab Marsa Alam<\/strong>, ein wirklich au\u00dfergew\u00f6hnliches <strong>Rotes Meer Schnorchelerlebnis<\/strong>. Ihr Abenteuer beginnt mit einer bequemen Hotelabholung in Marsa Alam, die Sie zum Pier bringt, wo Ihr Boot wartet.<\/p>\n<p>Die Crew wird Sie an Bord begr\u00fc\u00dfen und Sie erhalten eine umfassende Einweisung von Ihrem erfahrenen <strong>Schnorchelf\u00fchrer<\/strong> in die Sicherheitsverfahren und den Tagesplan. Danach fahren Sie zu Ihrem ersten Schnorchelstopp, oft einem wundersch\u00f6nen Korallenriff wie Marsa El Shouna, bekannt f\u00fcr seine vielf\u00e4ltigen harten und weichen Korallen und reichlich vorhandenen Rifffische.<\/p>\n<p>Nach einem frisch zubereiteten Mittagessen an Bord der Yacht fahren Sie zu den unber\u00fchrten Gew\u00e4ssern der <strong>Marsa Mubarak Bucht<\/strong>, die f\u00fcr ihre unglaubliche marine Artenvielfalt bekannt ist.<\/p>\n<p>Den ganzen Tag \u00fcber werden Sie mehrere Stopps zum <strong>Schnorcheln<\/strong> einlegen, gef\u00fchrt von erfahrenen Instruktoren, die Sie zu den besten Pl\u00e4tzen f\u00fchren. Tauchen Sie ein in das kristallklare t\u00fcrkisfarbene Wasser, um lebendige <strong>Korallenriffe<\/strong> voller bunter Fische zu entdecken. Der H\u00f6hepunkt dieses <strong>Marsa Alam Ausflugs<\/strong> ist die M\u00f6glichkeit, <strong>mit Dugongs zu schwimmen<\/strong> und majest\u00e4tische <strong>gr\u00fcne Meeresschildkr\u00f6ten<\/strong> in ihrem nat\u00fcrlichen Lebensraum zu begegnen.<\/p>\n<p>Es ist also ein erstaunlicher Ort zum <strong>Tauchen<\/strong> f\u00fcr Anf\u00e4nger und Profis gleicherma\u00dfen. Nach einem ganzen Tag voller Wasserexploration kehren Sie zum Pier zur\u00fcck und werden zu Ihrem Hotel in Marsa Alam gebracht, nachdem Sie das Beste der <strong>Meereslebewesen von Marsa Mubarak<\/strong> erlebt haben.<\/p>\n<h3><span style=\"color: #ff6600;\">Marsa Mubarak Schnorchelausflug ab Marsa Alam Preis<\/span><\/h3>\n<ul>\n<li><strong>Erwachsenenpreis<\/strong> = 50 \u20ac<\/li>\n<li><strong>Kinder 0-5 Jahre<\/strong> = kostenlos<\/li>\n<li><strong>Kinder 5-11 Jahre<\/strong> = 50% des Erwachsenenpreises<\/li>\n<\/ul>\n<h3><span style=\"color: #ff6600;\">Buchung<\/span><\/h3>\n<p>Sie k\u00f6nnen Ihre Tour per WhatsApp oder E-Mail buchen und erhalten die Best\u00e4tigung vor Ort.<\/p>\n<p>Bitte senden Sie uns Ihren Hotelnamen, Zimmernummer und Reisepasskopien.<\/p>\n<p><strong>WhatsApp<\/strong>: +201000852186<\/p>\n<p><strong>E-Mail<\/strong>: info@egytourpackages.com<\/p>\n<h3><span style=\"color: #ff6600;\">Jetzt buchen &amp; vor Ort bezahlen<\/span><\/h3>\n<p>Buchen Sie Ihre Lieblingstour und bezahlen Sie am Tag der Reise.<\/p>\n<h3><span style=\"color: #ff6600;\">Zahlung<\/span><\/h3>\n<p>Sie k\u00f6nnen in \u00e4gyptischen Pfund, $, \u20ac oder \u00a3 bezahlen.<\/p>\n<h3><span style=\"color: #ff6600;\">Stornierungsbedingungen<\/span><\/h3>\n<ul>\n<li>Kostenlose Stornierung bis zu 24 Stunden im Voraus<\/li>\n<li>Stornierung am Morgen (gleicher Tag) betr\u00e4gt 50% des Preises<\/li>\n<\/ul>\n<h3><span style=\"color: #ff6600;\">Hinweis:<\/span><\/h3>\n<p>Das <strong>Wetter<\/strong> spielt eine gro\u00dfe Rolle f\u00fcr die Verf\u00fcgbarkeit dieser Tour, da diese Tour bei <strong>schlechten Wetterbedingungen<\/strong> abgesagt werden kann.<\/p>\n","protected":false},"excerpt":{"rendered":"<p>Marsa Mubarak Schnorchelausflug ab Marsa Alam! Schwimmen Sie mit Dugongs, Schildkr\u00f6ten und bunten Riffen im Roten Meer. Buchen Sie Ihr Abenteuer!<\/p>\n","protected":false},"featured_media":2861,"comment_status":"open","ping_status":"closed","template":"","meta":[],"product_brand":[],"product_cat":[1494],"product_tag":[1495,1496,2634],"class_list":{"0":"post-4832","1":"product","2":"type-product","3":"status-publish","4":"has-post-thumbnail","6":"product_cat-touren","7":"product_tag-agypten-tagestouren","8":"product_tag-marsa-alam-ausfluge","9":"product_tag-marsa-mubarak-de","10":"tour_category-agypten-tagestouren","11":"tour_category-marsa-alam-ausfluge","13":"first","14":"instock","15":"sale","16":"shipping-taxable","17":"purchasable","18":"product-type-tour","19":"has-default-attributes"},"yoast_head":"<!-- This site is optimized with the Yoast SEO Premium plugin v27.2 (Yoast SEO v27.2) - https:\/\/yoast.com\/product\/yoast-seo-premium-wordpress\/ -->\n<title>Marsa Mubarak Schnorchelausflug ab Marsa Alam<\/title>\n<meta name=\"description\" content=\"Marsa Mubarak Schnorchelausflug ab Marsa Alam! Schwimmen Sie mit Dugongs, Schildkr\u00f6ten und bunten Riffen im Roten Meer. Buchen Sie Ihr Abenteuer!\" \/>\n<meta name=\"robots\" content=\"index, follow, max-snippet:-1, max-image-preview:large, max-video-preview:-1\" \/>\n<link rel=\"canonical\" href=\"https:\/\/egytourpackages.com\/de\/touren\/marsa-mubarak-schnorchelausflug-ab-marsa-alam\/\" \/>\n<meta property=\"og:locale\" content=\"de_DE\" \/>\n<meta property=\"og:type\" content=\"article\" \/>\n<meta property=\"og:title\" content=\"Marsa Mubarak Schnorchelausflug ab Marsa Alam\" \/>\n<meta property=\"og:description\" content=\"Marsa Mubarak Schnorchelausflug ab Marsa Alam! Schwimmen Sie mit Dugongs, Schildkr\u00f6ten und bunten Riffen im Roten Meer. Buchen Sie Ihr Abenteuer!\" \/>\n<meta property=\"og:url\" content=\"https:\/\/egytourpackages.com\/de\/touren\/marsa-mubarak-schnorchelausflug-ab-marsa-alam\/\" \/>\n<meta property=\"og:site_name\" content=\"\u00c4gypten-Reisepakete\" \/>\n<meta property=\"article:publisher\" content=\"https:\/\/www.facebook.com\/egytourpackages\" \/>\n<meta property=\"article:modified_time\" content=\"2026-01-07T21:26:32+00:00\" \/>\n<meta property=\"og:image\" content=\"https:\/\/egytourpackages.com\/wp-content\/uploads\/2023\/07\/Marsa-Mubarak-Snorkeling-trip.jpeg\" \/>\n<meta name=\"twitter:card\" content=\"summary_large_image\" \/>\n<meta name=\"twitter:title\" content=\"Marsa Mubarak Schnorchelausflug ab Marsa Alam\" \/>\n<meta name=\"twitter:description\" content=\"Marsa Mubarak Schnorchelausflug ab Marsa Alam! Schwimmen Sie mit Dugongs, Schildkr\u00f6ten und bunten Riffen im Roten Meer. Buchen Sie Ihr Abenteuer!\" \/>\n<meta name=\"twitter:image\" content=\"https:\/\/egytourpackages.com\/wp-content\/uploads\/2023\/07\/Marsa-Mubarak-Snorkeling-trip.jpeg\" \/>\n<meta name=\"twitter:label1\" content=\"Preis\" \/>\n\t<meta name=\"twitter:data1\" content=\"&euro;50\" \/>\n\t<meta name=\"twitter:label2\" content=\"Verf\u00fcgbarkeit\" \/>\n\t<meta name=\"twitter:data2\" content=\"Auf Lager\" \/>\n<script type=\"application\/ld+json\" class=\"yoast-schema-graph\">{\"@context\":\"https:\/\/schema.org\",\"@graph\":[{\"@type\":\"WebPage\",\"@id\":\"https:\/\/egytourpackages.com\/de\/touren\/marsa-mubarak-schnorchelausflug-ab-marsa-alam\/\",\"url\":\"https:\/\/egytourpackages.com\/de\/touren\/marsa-mubarak-schnorchelausflug-ab-marsa-alam\/\",\"name\":\"Marsa Mubarak Schnorchelausflug ab Marsa Alam\",\"isPartOf\":{\"@id\":\"https:\/\/egytourpackages.com\/de\/#website\"},\"primaryImageOfPage\":{\"@id\":\"https:\/\/egytourpackages.com\/de\/touren\/marsa-mubarak-schnorchelausflug-ab-marsa-alam\/#primaryimage\"},\"image\":{\"@id\":\"https:\/\/egytourpackages.com\/de\/touren\/marsa-mubarak-schnorchelausflug-ab-marsa-alam\/#primaryimage\"},\"thumbnailUrl\":\"https:\/\/egytourpackages.com\/wp-content\/uploads\/2023\/07\/Marsa-Mubarak-Snorkeling-trip.jpeg\",\"datePublished\":\"2023-07-13T02:26:31+00:00\",\"dateModified\":\"2026-01-07T21:26:32+00:00\",\"description\":\"Marsa Mubarak Schnorchelausflug ab Marsa Alam! Schwimmen Sie mit Dugongs, Schildkr\u00f6ten und bunten Riffen im Roten Meer. Buchen Sie Ihr Abenteuer!\",\"breadcrumb\":{\"@id\":\"https:\/\/egytourpackages.com\/de\/touren\/marsa-mubarak-schnorchelausflug-ab-marsa-alam\/#breadcrumb\"},\"inLanguage\":\"de\",\"potentialAction\":[{\"@type\":\"ReadAction\",\"target\":[\"https:\/\/egytourpackages.com\/de\/touren\/marsa-mubarak-schnorchelausflug-ab-marsa-alam\/\"]}]},{\"@type\":\"ImageObject\",\"inLanguage\":\"de\",\"@id\":\"https:\/\/egytourpackages.com\/de\/touren\/marsa-mubarak-schnorchelausflug-ab-marsa-alam\/#primaryimage\",\"url\":\"https:\/\/egytourpackages.com\/wp-content\/uploads\/2023\/07\/Marsa-Mubarak-Snorkeling-trip.jpeg\",\"contentUrl\":\"https:\/\/egytourpackages.com\/wp-content\/uploads\/2023\/07\/Marsa-Mubarak-Snorkeling-trip.jpeg\",\"width\":960,\"height\":864,\"caption\":\"Marsa Mubarak Schnorcheltrip\"},{\"@type\":\"BreadcrumbList\",\"@id\":\"https:\/\/egytourpackages.com\/de\/touren\/marsa-mubarak-schnorchelausflug-ab-marsa-alam\/#breadcrumb\",\"itemListElement\":[{\"@type\":\"ListItem\",\"position\":1,\"name\":\"Startseite\",\"item\":\"https:\/\/egytourpackages.com\/de\/\"},{\"@type\":\"ListItem\",\"position\":2,\"name\":\"Shop\",\"item\":\"https:\/\/egytourpackages.com\/de\/shop\/\"},{\"@type\":\"ListItem\",\"position\":3,\"name\":\"Marsa Mubarak Schnorchelausflug ab Marsa Alam\"}]},{\"@type\":\"WebSite\",\"@id\":\"https:\/\/egytourpackages.com\/de\/#website\",\"url\":\"https:\/\/egytourpackages.com\/de\/\",\"name\":\"Egy tour packages\",\"description\":\"\",\"publisher\":{\"@id\":\"https:\/\/egytourpackages.com\/de\/#organization\"},\"potentialAction\":[{\"@type\":\"SearchAction\",\"target\":{\"@type\":\"EntryPoint\",\"urlTemplate\":\"https:\/\/egytourpackages.com\/de\/?s={search_term_string}\"},\"query-input\":{\"@type\":\"PropertyValueSpecification\",\"valueRequired\":true,\"valueName\":\"search_term_string\"}}],\"inLanguage\":\"de\"},{\"@type\":[\"Organization\",\"Place\",\"TravelAgency\"],\"@id\":\"https:\/\/egytourpackages.com\/de\/#organization\",\"name\":\"egypt tour packages\",\"alternateName\":\"egypt tour packages\",\"url\":\"https:\/\/egytourpackages.com\/de\/\",\"logo\":{\"@id\":\"https:\/\/egytourpackages.com\/de\/touren\/marsa-mubarak-schnorchelausflug-ab-marsa-alam\/#local-main-organization-logo\"},\"image\":{\"@id\":\"https:\/\/egytourpackages.com\/de\/touren\/marsa-mubarak-schnorchelausflug-ab-marsa-alam\/#local-main-organization-logo\"},\"sameAs\":[\"https:\/\/www.facebook.com\/egytourpackages\"],\"legalName\":\"Egy tour packages\",\"address\":{\"@id\":\"https:\/\/egytourpackages.com\/de\/touren\/marsa-mubarak-schnorchelausflug-ab-marsa-alam\/#local-main-place-address\"},\"telephone\":[\"00201000852186\",\"00201028685533\"],\"contactPoint\":{\"@type\":\"ContactPoint\",\"telephone\":\"00201000852186\"},\"openingHoursSpecification\":[{\"@type\":\"OpeningHoursSpecification\",\"dayOfWeek\":[\"Monday\",\"Tuesday\",\"Wednesday\",\"Thursday\",\"Friday\",\"Saturday\",\"Sunday\"],\"opens\":\"00:00\",\"closes\":\"23:59\"}],\"email\":\"info@egytourpackages.com\",\"areaServed\":\"Cairo, Hurghada, Luxor, Sharm El Sheikh, Marsa Alam, Aswan\",\"priceRange\":\"$\",\"currenciesAccepted\":\"euro\",\"paymentAccepted\":\"Payment links online\"},{\"@type\":\"PostalAddress\",\"@id\":\"https:\/\/egytourpackages.com\/de\/touren\/marsa-mubarak-schnorchelausflug-ab-marsa-alam\/#local-main-place-address\",\"streetAddress\":\"Mubarak 8, Al Kawthar District, Hurghada\",\"addressLocality\":\"Hurghada\",\"postalCode\":\"84511\",\"addressRegion\":\"Red Sea\",\"addressCountry\":\"EG\"},{\"@type\":\"ImageObject\",\"inLanguage\":\"de\",\"@id\":\"https:\/\/egytourpackages.com\/de\/touren\/marsa-mubarak-schnorchelausflug-ab-marsa-alam\/#local-main-organization-logo\",\"url\":\"https:\/\/egytourpackages.com\/wp-content\/uploads\/2025\/12\/Turquoise-Dahabiya-Nile-Cruise-1.jpeg\",\"contentUrl\":\"https:\/\/egytourpackages.com\/wp-content\/uploads\/2025\/12\/Turquoise-Dahabiya-Nile-Cruise-1.jpeg\",\"width\":1040,\"height\":694,\"caption\":\"egypt tour packages\"}]}<\/script>\n<meta property=\"product:brand\" content=\"\u00c4gypten Tagestouren\" \/>\n<meta property=\"product:price:amount\" content=\"50\" \/>\n<meta property=\"product:price:currency\" content=\"EUR\" \/>\n<meta property=\"og:availability\" content=\"instock\" \/>\n<meta property=\"product:availability\" content=\"instock\" \/>\n<meta property=\"product:retailer_item_id\" content=\"MAT10\" \/>\n<meta property=\"product:condition\" content=\"new\" \/>\n<meta name=\"geo.placename\" content=\"Hurghada\" \/>\n<meta name=\"geo.region\" content=\"\u00c4gypten\" \/>\n<!-- \/ Yoast SEO Premium plugin. -->","yoast_head_json":{"title":"Marsa Mubarak Schnorchelausflug ab Marsa Alam","description":"Marsa Mubarak Schnorchelausflug ab Marsa Alam! Schwimmen Sie mit Dugongs, Schildkr\u00f6ten und bunten Riffen im Roten Meer. Buchen Sie Ihr Abenteuer!","robots":{"index":"index","follow":"follow","max-snippet":"max-snippet:-1","max-image-preview":"max-image-preview:large","max-video-preview":"max-video-preview:-1"},"canonical":"https:\/\/egytourpackages.com\/de\/touren\/marsa-mubarak-schnorchelausflug-ab-marsa-alam\/","og_locale":"de_DE","og_type":"article","og_title":"Marsa Mubarak Schnorchelausflug ab Marsa Alam","og_description":"Marsa Mubarak Schnorchelausflug ab Marsa Alam! Schwimmen Sie mit Dugongs, Schildkr\u00f6ten und bunten Riffen im Roten Meer. Buchen Sie Ihr Abenteuer!","og_url":"https:\/\/egytourpackages.com\/de\/touren\/marsa-mubarak-schnorchelausflug-ab-marsa-alam\/","og_site_name":"\u00c4gypten-Reisepakete","article_publisher":"https:\/\/www.facebook.com\/egytourpackages","article_modified_time":"2026-01-07T21:26:32+00:00","og_image":[{"url":"https:\/\/egytourpackages.com\/wp-content\/uploads\/2023\/07\/Marsa-Mubarak-Snorkeling-trip.jpeg","type":"","width":"","height":""}],"twitter_card":"summary_large_image","twitter_title":"Marsa Mubarak Schnorchelausflug ab Marsa Alam","twitter_description":"Marsa Mubarak Schnorchelausflug ab Marsa Alam! Schwimmen Sie mit Dugongs, Schildkr\u00f6ten und bunten Riffen im Roten Meer. Buchen Sie Ihr Abenteuer!","twitter_image":"https:\/\/egytourpackages.com\/wp-content\/uploads\/2023\/07\/Marsa-Mubarak-Snorkeling-trip.jpeg","twitter_misc":{"Preis":"&euro;50","Verf\u00fcgbarkeit":"Auf Lager"},"schema":{"@context":"https:\/\/schema.org","@graph":[{"@type":"WebPage","@id":"https:\/\/egytourpackages.com\/de\/touren\/marsa-mubarak-schnorchelausflug-ab-marsa-alam\/","url":"https:\/\/egytourpackages.com\/de\/touren\/marsa-mubarak-schnorchelausflug-ab-marsa-alam\/","name":"Marsa Mubarak Schnorchelausflug ab Marsa Alam","isPartOf":{"@id":"https:\/\/egytourpackages.com\/de\/#website"},"primaryImageOfPage":{"@id":"https:\/\/egytourpackages.com\/de\/touren\/marsa-mubarak-schnorchelausflug-ab-marsa-alam\/#primaryimage"},"image":{"@id":"https:\/\/egytourpackages.com\/de\/touren\/marsa-mubarak-schnorchelausflug-ab-marsa-alam\/#primaryimage"},"thumbnailUrl":"https:\/\/egytourpackages.com\/wp-content\/uploads\/2023\/07\/Marsa-Mubarak-Snorkeling-trip.jpeg","datePublished":"2023-07-13T02:26:31+00:00","dateModified":"2026-01-07T21:26:32+00:00","description":"Marsa Mubarak Schnorchelausflug ab Marsa Alam! Schwimmen Sie mit Dugongs, Schildkr\u00f6ten und bunten Riffen im Roten Meer. Buchen Sie Ihr Abenteuer!","breadcrumb":{"@id":"https:\/\/egytourpackages.com\/de\/touren\/marsa-mubarak-schnorchelausflug-ab-marsa-alam\/#breadcrumb"},"inLanguage":"de","potentialAction":[{"@type":"ReadAction","target":["https:\/\/egytourpackages.com\/de\/touren\/marsa-mubarak-schnorchelausflug-ab-marsa-alam\/"]}]},{"@type":"ImageObject","inLanguage":"de","@id":"https:\/\/egytourpackages.com\/de\/touren\/marsa-mubarak-schnorchelausflug-ab-marsa-alam\/#primaryimage","url":"https:\/\/egytourpackages.com\/wp-content\/uploads\/2023\/07\/Marsa-Mubarak-Snorkeling-trip.jpeg","contentUrl":"https:\/\/egytourpackages.com\/wp-content\/uploads\/2023\/07\/Marsa-Mubarak-Snorkeling-trip.jpeg","width":960,"height":864,"caption":"Marsa Mubarak Schnorcheltrip"},{"@type":"BreadcrumbList","@id":"https:\/\/egytourpackages.com\/de\/touren\/marsa-mubarak-schnorchelausflug-ab-marsa-alam\/#breadcrumb","itemListElement":[{"@type":"ListItem","position":1,"name":"Startseite","item":"https:\/\/egytourpackages.com\/de\/"},{"@type":"ListItem","position":2,"name":"Shop","item":"https:\/\/egytourpackages.com\/de\/shop\/"},{"@type":"ListItem","position":3,"name":"Marsa Mubarak Schnorchelausflug ab Marsa Alam"}]},{"@type":"WebSite","@id":"https:\/\/egytourpackages.com\/de\/#website","url":"https:\/\/egytourpackages.com\/de\/","name":"Egy tour packages","description":"","publisher":{"@id":"https:\/\/egytourpackages.com\/de\/#organization"},"potentialAction":[{"@type":"SearchAction","target":{"@type":"EntryPoint","urlTemplate":"https:\/\/egytourpackages.com\/de\/?s={search_term_string}"},"query-input":{"@type":"PropertyValueSpecification","valueRequired":true,"valueName":"search_term_string"}}],"inLanguage":"de"},{"@type":["Organization","Place","TravelAgency"],"@id":"https:\/\/egytourpackages.com\/de\/#organization","name":"egypt tour packages","alternateName":"egypt tour packages","url":"https:\/\/egytourpackages.com\/de\/","logo":{"@id":"https:\/\/egytourpackages.com\/de\/touren\/marsa-mubarak-schnorchelausflug-ab-marsa-alam\/#local-main-organization-logo"},"image":{"@id":"https:\/\/egytourpackages.com\/de\/touren\/marsa-mubarak-schnorchelausflug-ab-marsa-alam\/#local-main-organization-logo"},"sameAs":["https:\/\/www.facebook.com\/egytourpackages"],"legalName":"Egy tour packages","address":{"@id":"https:\/\/egytourpackages.com\/de\/touren\/marsa-mubarak-schnorchelausflug-ab-marsa-alam\/#local-main-place-address"},"telephone":["00201000852186","00201028685533"],"contactPoint":{"@type":"ContactPoint","telephone":"00201000852186"},"openingHoursSpecification":[{"@type":"OpeningHoursSpecification","dayOfWeek":["Monday","Tuesday","Wednesday","Thursday","Friday","Saturday","Sunday"],"opens":"00:00","closes":"23:59"}],"email":"info@egytourpackages.com","areaServed":"Cairo, Hurghada, Luxor, Sharm El Sheikh, Marsa Alam, Aswan","priceRange":"$","currenciesAccepted":"euro","paymentAccepted":"Payment links online"},{"@type":"PostalAddress","@id":"https:\/\/egytourpackages.com\/de\/touren\/marsa-mubarak-schnorchelausflug-ab-marsa-alam\/#local-main-place-address","streetAddress":"Mubarak 8, Al Kawthar District, Hurghada","addressLocality":"Hurghada","postalCode":"84511","addressRegion":"Red Sea","addressCountry":"EG"},{"@type":"ImageObject","inLanguage":"de","@id":"https:\/\/egytourpackages.com\/de\/touren\/marsa-mubarak-schnorchelausflug-ab-marsa-alam\/#local-main-organization-logo","url":"https:\/\/egytourpackages.com\/wp-content\/uploads\/2025\/12\/Turquoise-Dahabiya-Nile-Cruise-1.jpeg","contentUrl":"https:\/\/egytourpackages.com\/wp-content\/uploads\/2025\/12\/Turquoise-Dahabiya-Nile-Cruise-1.jpeg","width":1040,"height":694,"caption":"egypt tour packages"}]},"product_brand":"\u00c4gypten Tagestouren","product_price_amount":"50","product_price_currency":"EUR","og_availability":"instock","product_availability":"instock","product_retailer_item_id":"MAT10","product_condition":"new","geo.placename":"Hurghada","geo.region":"\u00c4gypten"},"_links":{"self":[{"href":"https:\/\/egytourpackages.com\/de\/wp-json\/wp\/v2\/product\/4832","targetHints":{"allow":["GET"]}}],"collection":[{"href":"https:\/\/egytourpackages.com\/de\/wp-json\/wp\/v2\/product"}],"about":[{"href":"https:\/\/egytourpackages.com\/de\/wp-json\/wp\/v2\/types\/product"}],"replies":[{"embeddable":true,"href":"https:\/\/egytourpackages.com\/de\/wp-json\/wp\/v2\/comments?post=4832"}],"wp:featuredmedia":[{"embeddable":true,"href":"https:\/\/egytourpackages.com\/de\/wp-json\/wp\/v2\/media\/2861"}],"wp:attachment":[{"href":"https:\/\/egytourpackages.com\/de\/wp-json\/wp\/v2\/media?parent=4832"}],"wp:term":[{"taxonomy":"product_brand","embeddable":true,"href":"https:\/\/egytourpackages.com\/de\/wp-json\/wp\/v2\/product_brand?post=4832"},{"taxonomy":"product_cat","embeddable":true,"href":"https:\/\/egytourpackages.com\/de\/wp-json\/wp\/v2\/product_cat?post=4832"},{"taxonomy":"product_tag","embeddable":true,"href":"https:\/\/egytourpackages.com\/de\/wp-json\/wp\/v2\/product_tag?post=4832"}],"curies":[{"name":"wp","href":"https:\/\/api.w.org\/{rel}","templated":true}]}}