{"id":4835,"date":"2023-07-12T20:20:51","date_gmt":"2023-07-12T20:20:51","guid":{"rendered":"https:\/\/egytourpackages.com\/product\/schwimmen-mit-delfinen-im-sataya-riff\/"},"modified":"2026-01-07T18:29:54","modified_gmt":"2026-01-07T18:29:54","slug":"schwimmen-mit-delfinen-im-sataya-riff","status":"publish","type":"product","link":"https:\/\/egytourpackages.com\/de\/touren\/schwimmen-mit-delfinen-im-sataya-riff\/","title":{"rendered":"Schwimmen mit Delfinen im Sataya Riff"},"content":{"rendered":"<p><span style=\"color: #ff6600;\">Schwimmen mit Delfinen im Sataya Riff<\/span><\/p>\n<h2><span style=\"color: #ff6600;\">\u00dcberblick<\/span><\/h2>\n<p>Tauchen Sie ein in ein unvergleichliches <strong>Schwimmen mit Delfinen im Sataya Riff<\/strong> ab Marsa Alam, ein wahrhaft magisches <strong>Rotes Meer Erlebnis<\/strong>. Tats\u00e4chlich ist das \u201e<strong>Delfinhaus<\/strong>\u201c im Sataya Riff einer der weltweit bekanntesten nat\u00fcrlichen Lebensr\u00e4ume f\u00fcr gro\u00dfe Gruppen wilder <strong>Spinnerdelfine<\/strong>. Es bietet eine ethische und unvergessliche <strong>Delfinbegegnung ab Marsa Alam<\/strong>. Dieser ganzt\u00e4gige <strong>Bootsausflug von Marsa Alam<\/strong> bietet eine unglaubliche Gelegenheit, mit <strong>wilden Delfinen in \u00c4gypten<\/strong> zu schwimmen und diese pr\u00e4chtigen Kreaturen in ihrer nat\u00fcrlichen Umgebung zu beobachten. \u00dcber das aufregende <strong>Delfinschwimmen<\/strong> hinaus k\u00f6nnen G\u00e4ste au\u00dfergew\u00f6hnliches <strong>Schnorcheln am Sataya Riff<\/strong> inmitten lebendiger Koralleng\u00e4rten und einer vielf\u00e4ltigen Unterwasserwelt genie\u00dfen.<\/p>\n<p>Perfekt f\u00fcr Naturliebhaber und Abenteuerlustige verspricht eine <strong>Sataya Riff Delfin Tour ab Marsa Alam<\/strong> ein lebenslanges Erlebnis der Interaktion mit Delfinen in den unber\u00fchrten Gew\u00e4ssern des \u00e4gyptischen Roten Meeres. Dies macht sie zu einem top-bewerteten <strong>Marsa Alam Ausflug<\/strong>.<\/p>\n<h3><span style=\"color: #ff6600;\">Details<\/span><\/h3>\n<ul>\n<li><strong>Dauer<\/strong>: 1 Tag<\/li>\n<li><strong>Tourort<\/strong>: Marsa Alam<\/li>\n<li><strong>Verf\u00fcgbarkeit der Tour<\/strong>: Samstag \u2013 Montag \u2013 Mittwoch<\/li>\n<li><strong>Abholung &amp; R\u00fccktransfer<\/strong>: Ihr Hotel in Marsa Alam<\/li>\n<li><strong>Tourtyp<\/strong>: Erholungstour<\/li>\n<li><strong>Rollstuhlgerecht<\/strong>: zug\u00e4nglich<\/li>\n<\/ul>\n<h3><span style=\"color: #ff6600;\">Inklusivleistungen<\/span><\/h3>\n<ul>\n<li>Hin- und R\u00fccktransfer von Ihrem Hotel<\/li>\n<li>Mittagessen an Bord<\/li>\n<li>Schnorchelausr\u00fcstung<\/li>\n<li>Schnorchelf\u00fchrer<\/li>\n<\/ul>\n<h3><span style=\"color: #ff6600;\">Exklusivleistungen<\/span><\/h3>\n<ul>\n<li>Trinkgelder<\/li>\n<li>DVD und Fotos vom Kameramann<\/li>\n<li>Tauchen<\/li>\n<\/ul>\n<h3><span style=\"color: #ff6600;\">Was Sie einpacken sollten<\/span><\/h3>\n<ul>\n<li>Strandtuch vom Hotel<\/li>\n<li>Hut oder Schal<\/li>\n<li>Sonnencreme<\/li>\n<li>Badekleidung<\/li>\n<li>Kleingeld<\/li>\n<\/ul>\n<h2><span style=\"color: #ff6600;\">Reiseverlauf<\/span><\/h2>\n<p><strong>Schwimmen mit Delfinen im Sataya Riff \u00c4gypten<\/strong> ist ein unvergessliches <strong>Lebensereignis<\/strong>, das Sie nie vergessen werden. Tats\u00e4chlich ist das <strong>Sataya Riff Delfinhaus<\/strong> ber\u00fchmt f\u00fcr <strong>Spinnerdelfine<\/strong>, die die Sataya-Lagune als ihr Zuhause betrachten. In der Tat geh\u00f6rt dieser <strong>Schnorcheltrip zum Sataya Delfinhaus<\/strong> zu den top <strong>Touristenattraktionen in Marsa Alam<\/strong>. Stellen Sie sich vor, Sie verbringen den ganzen Tag <strong>mit Delfinen schwimmend<\/strong> in ihrem Zuhause und spielen mit diesen S\u00e4ugetieren.<\/p>\n<p>Entdecken Sie das <strong>Meeresleben im Roten Meer<\/strong>, die <strong>Korallen im Roten Meer<\/strong>, die <strong>Fische im Roten Meer<\/strong>, und schwimmen Sie mit <strong>Delfinen<\/strong>. Erfahren Sie mehr \u00fcber <strong>Delfine in \u00c4gypten<\/strong>, wie Sie es noch nie zuvor getan haben. Dar\u00fcber hinaus k\u00f6nnen Sie, wenn Sie <strong>Tauchen im Roten Meer<\/strong> ausprobieren m\u00f6chten, dies gegen Aufpreis tun.<\/p>\n<h3><span style=\"color: #ff6600;\">Schwimmen mit Delfinen Sataya Riff \u00c4gypten Preis<\/span><\/h3>\n<p>Gesamtpreis <strong>60\u20ac pro Person<\/strong><\/p>\n<h3><span style=\"color: #ff6600;\">Buchung<\/span><\/h3>\n<ul>\n<li>Sie k\u00f6nnen Ihre <strong>Tour buchen<\/strong> \u00fcber <strong>WhatsApp<\/strong> oder senden Sie uns eine <strong>E-Mail<\/strong>, und Sie erhalten die Best\u00e4tigung sofort.<\/li>\n<li>Bitte senden Sie uns Ihren <strong>Hotelnamen<\/strong>, die <strong>Zimmernummer<\/strong> und <strong>Passkopien<\/strong>.<\/li>\n<\/ul>\n<p><strong>WhatsApp<\/strong>: +201000852186<\/p>\n<p><strong>info@egytourpackages.com<\/strong><\/p>\n<h3><span style=\"color: #ff6600;\">Jetzt buchen &amp; vor Ort bezahlen<\/span><\/h3>\n<p>Buchen Sie Ihre Lieblingstour und bezahlen Sie am Tag des Ausflugs.<\/p>\n<h3><span style=\"color: #ff6600;\">Zahlung<\/span><\/h3>\n<p>Sie k\u00f6nnen in <strong>\u00c4gyptischen Pfund, $, \u20ac oder \u00a3<\/strong> bezahlen.<\/p>\n<h3><span style=\"color: #ff6600;\">Stornierungsbedingungen<\/span><\/h3>\n<ul>\n<li>Kostenlose Stornierung bis zu 24 Stunden im Voraus.<\/li>\n<li>Stornierung am Morgen betr\u00e4gt 50% des Preises.<\/li>\n<\/ul>\n","protected":false},"excerpt":{"rendered":"<p>Schwimmen mit Delfinen im Sataya Riff! Erleben Sie ein unvergessliches Schnorchel- oder Tauchabenteuer. Buchen Sie noch heute Ihre Sataya Riff Tour!<\/p>\n","protected":false},"featured_media":2849,"comment_status":"open","ping_status":"closed","template":"","meta":[],"product_brand":[],"product_cat":[1494],"product_tag":[1495,1496,2639,2638],"class_list":{"0":"post-4835","1":"product","2":"type-product","3":"status-publish","4":"has-post-thumbnail","6":"product_cat-touren","7":"product_tag-agypten-tagestouren","8":"product_tag-marsa-alam-ausfluge","9":"product_tag-marsa-alam-urlaub","10":"product_tag-tauchen-rotes-meer","11":"tour_category-agypten-tagestouren","12":"tour_category-marsa-alam-ausfluge","14":"first","15":"instock","16":"sale","17":"shipping-taxable","18":"purchasable","19":"product-type-tour","20":"has-default-attributes"},"yoast_head":"<!-- This site is optimized with the Yoast SEO Premium plugin v27.2 (Yoast SEO v27.2) - https:\/\/yoast.com\/product\/yoast-seo-premium-wordpress\/ -->\n<title>Schwimmen mit Delfinen im Sataya Riff<\/title>\n<meta name=\"description\" content=\"Schwimmen mit Delfinen im Sataya Riff! Erleben Sie ein unvergessliches Schnorchel- oder Tauchabenteuer. Buchen Sie noch heute Ihre Sataya Riff Tour!\" \/>\n<meta name=\"robots\" content=\"index, follow, max-snippet:-1, max-image-preview:large, max-video-preview:-1\" \/>\n<link rel=\"canonical\" href=\"https:\/\/egytourpackages.com\/de\/touren\/schwimmen-mit-delfinen-im-sataya-riff\/\" \/>\n<meta property=\"og:locale\" content=\"de_DE\" \/>\n<meta property=\"og:type\" content=\"article\" \/>\n<meta property=\"og:title\" content=\"Schwimmen mit Delfinen im Sataya Riff\" \/>\n<meta property=\"og:description\" content=\"Schwimmen mit Delfinen im Sataya Riff! Erleben Sie ein unvergessliches Schnorchel- oder Tauchabenteuer. Buchen Sie noch heute Ihre Sataya Riff Tour!\" \/>\n<meta property=\"og:url\" content=\"https:\/\/egytourpackages.com\/de\/touren\/schwimmen-mit-delfinen-im-sataya-riff\/\" \/>\n<meta property=\"og:site_name\" content=\"\u00c4gypten-Reisepakete\" \/>\n<meta property=\"article:publisher\" content=\"https:\/\/www.facebook.com\/egytourpackages\" \/>\n<meta property=\"article:modified_time\" content=\"2026-01-07T18:29:54+00:00\" \/>\n<meta property=\"og:image\" content=\"https:\/\/egytourpackages.com\/wp-content\/uploads\/2023\/07\/Dolphins-in-Sataya-Reef.jpg\" \/>\n<meta name=\"twitter:card\" content=\"summary_large_image\" \/>\n<meta name=\"twitter:title\" content=\"Schwimmen mit Delfinen im Sataya Riff\" \/>\n<meta name=\"twitter:description\" content=\"Schwimmen mit Delfinen im Sataya Riff! Erleben Sie ein unvergessliches Schnorchel- oder Tauchabenteuer. Buchen Sie noch heute Ihre Sataya Riff Tour!\" \/>\n<meta name=\"twitter:image\" content=\"https:\/\/egytourpackages.com\/wp-content\/uploads\/2023\/07\/Dolphins-in-Sataya-Reef.jpg\" \/>\n<meta name=\"twitter:label1\" content=\"Preis\" \/>\n\t<meta name=\"twitter:data1\" content=\"&euro;60\" \/>\n\t<meta name=\"twitter:label2\" content=\"Verf\u00fcgbarkeit\" \/>\n\t<meta name=\"twitter:data2\" content=\"Auf Lager\" \/>\n<script type=\"application\/ld+json\" class=\"yoast-schema-graph\">{\"@context\":\"https:\/\/schema.org\",\"@graph\":[{\"@type\":\"WebPage\",\"@id\":\"https:\/\/egytourpackages.com\/de\/touren\/schwimmen-mit-delfinen-im-sataya-riff\/\",\"url\":\"https:\/\/egytourpackages.com\/de\/touren\/schwimmen-mit-delfinen-im-sataya-riff\/\",\"name\":\"Schwimmen mit Delfinen im Sataya Riff\",\"isPartOf\":{\"@id\":\"https:\/\/egytourpackages.com\/de\/#website\"},\"primaryImageOfPage\":{\"@id\":\"https:\/\/egytourpackages.com\/de\/touren\/schwimmen-mit-delfinen-im-sataya-riff\/#primaryimage\"},\"image\":{\"@id\":\"https:\/\/egytourpackages.com\/de\/touren\/schwimmen-mit-delfinen-im-sataya-riff\/#primaryimage\"},\"thumbnailUrl\":\"https:\/\/egytourpackages.com\/wp-content\/uploads\/2023\/07\/Sataya-Dolphin-House.jpg\",\"datePublished\":\"2023-07-12T20:20:51+00:00\",\"dateModified\":\"2026-01-07T18:29:54+00:00\",\"description\":\"Schwimmen mit Delfinen im Sataya Riff! Erleben Sie ein unvergessliches Schnorchel- oder Tauchabenteuer. Buchen Sie noch heute Ihre Sataya Riff Tour!\",\"breadcrumb\":{\"@id\":\"https:\/\/egytourpackages.com\/de\/touren\/schwimmen-mit-delfinen-im-sataya-riff\/#breadcrumb\"},\"inLanguage\":\"de\",\"potentialAction\":[{\"@type\":\"ReadAction\",\"target\":[\"https:\/\/egytourpackages.com\/de\/touren\/schwimmen-mit-delfinen-im-sataya-riff\/\"]}]},{\"@type\":\"ImageObject\",\"inLanguage\":\"de\",\"@id\":\"https:\/\/egytourpackages.com\/de\/touren\/schwimmen-mit-delfinen-im-sataya-riff\/#primaryimage\",\"url\":\"https:\/\/egytourpackages.com\/wp-content\/uploads\/2023\/07\/Sataya-Dolphin-House.jpg\",\"contentUrl\":\"https:\/\/egytourpackages.com\/wp-content\/uploads\/2023\/07\/Sataya-Dolphin-House.jpg\",\"width\":1000,\"height\":659,\"caption\":\"Sataya Delfinhaus\"},{\"@type\":\"BreadcrumbList\",\"@id\":\"https:\/\/egytourpackages.com\/de\/touren\/schwimmen-mit-delfinen-im-sataya-riff\/#breadcrumb\",\"itemListElement\":[{\"@type\":\"ListItem\",\"position\":1,\"name\":\"Startseite\",\"item\":\"https:\/\/egytourpackages.com\/de\/\"},{\"@type\":\"ListItem\",\"position\":2,\"name\":\"Shop\",\"item\":\"https:\/\/egytourpackages.com\/de\/shop\/\"},{\"@type\":\"ListItem\",\"position\":3,\"name\":\"Schwimmen mit Delfinen im Sataya Riff\"}]},{\"@type\":\"WebSite\",\"@id\":\"https:\/\/egytourpackages.com\/de\/#website\",\"url\":\"https:\/\/egytourpackages.com\/de\/\",\"name\":\"Egy tour packages\",\"description\":\"\",\"publisher\":{\"@id\":\"https:\/\/egytourpackages.com\/de\/#organization\"},\"potentialAction\":[{\"@type\":\"SearchAction\",\"target\":{\"@type\":\"EntryPoint\",\"urlTemplate\":\"https:\/\/egytourpackages.com\/de\/?s={search_term_string}\"},\"query-input\":{\"@type\":\"PropertyValueSpecification\",\"valueRequired\":true,\"valueName\":\"search_term_string\"}}],\"inLanguage\":\"de\"},{\"@type\":[\"Organization\",\"Place\",\"TravelAgency\"],\"@id\":\"https:\/\/egytourpackages.com\/de\/#organization\",\"name\":\"egypt tour packages\",\"alternateName\":\"egypt tour packages\",\"url\":\"https:\/\/egytourpackages.com\/de\/\",\"logo\":{\"@id\":\"https:\/\/egytourpackages.com\/de\/touren\/schwimmen-mit-delfinen-im-sataya-riff\/#local-main-organization-logo\"},\"image\":{\"@id\":\"https:\/\/egytourpackages.com\/de\/touren\/schwimmen-mit-delfinen-im-sataya-riff\/#local-main-organization-logo\"},\"sameAs\":[\"https:\/\/www.facebook.com\/egytourpackages\"],\"legalName\":\"Egy tour packages\",\"address\":{\"@id\":\"https:\/\/egytourpackages.com\/de\/touren\/schwimmen-mit-delfinen-im-sataya-riff\/#local-main-place-address\"},\"telephone\":[\"00201000852186\",\"00201028685533\"],\"contactPoint\":{\"@type\":\"ContactPoint\",\"telephone\":\"00201000852186\"},\"openingHoursSpecification\":[{\"@type\":\"OpeningHoursSpecification\",\"dayOfWeek\":[\"Monday\",\"Tuesday\",\"Wednesday\",\"Thursday\",\"Friday\",\"Saturday\",\"Sunday\"],\"opens\":\"00:00\",\"closes\":\"23:59\"}],\"email\":\"info@egytourpackages.com\",\"areaServed\":\"Cairo, Hurghada, Luxor, Sharm El Sheikh, Marsa Alam, Aswan\",\"priceRange\":\"$\",\"currenciesAccepted\":\"euro\",\"paymentAccepted\":\"Payment links online\"},{\"@type\":\"PostalAddress\",\"@id\":\"https:\/\/egytourpackages.com\/de\/touren\/schwimmen-mit-delfinen-im-sataya-riff\/#local-main-place-address\",\"streetAddress\":\"Mubarak 8, Al Kawthar District, Hurghada\",\"addressLocality\":\"Hurghada\",\"postalCode\":\"84511\",\"addressRegion\":\"Red Sea\",\"addressCountry\":\"EG\"},{\"@type\":\"ImageObject\",\"inLanguage\":\"de\",\"@id\":\"https:\/\/egytourpackages.com\/de\/touren\/schwimmen-mit-delfinen-im-sataya-riff\/#local-main-organization-logo\",\"url\":\"https:\/\/egytourpackages.com\/wp-content\/uploads\/2025\/12\/Turquoise-Dahabiya-Nile-Cruise-1.jpeg\",\"contentUrl\":\"https:\/\/egytourpackages.com\/wp-content\/uploads\/2025\/12\/Turquoise-Dahabiya-Nile-Cruise-1.jpeg\",\"width\":1040,\"height\":694,\"caption\":\"egypt tour packages\"}]}<\/script>\n<meta property=\"product:brand\" content=\"\u00c4gypten Tagestouren\" \/>\n<meta property=\"product:price:amount\" content=\"60\" \/>\n<meta property=\"product:price:currency\" content=\"EUR\" \/>\n<meta property=\"og:availability\" content=\"instock\" \/>\n<meta property=\"product:availability\" content=\"instock\" \/>\n<meta property=\"product:retailer_item_id\" content=\"MAT14\" \/>\n<meta property=\"product:condition\" content=\"new\" \/>\n<meta name=\"geo.placename\" content=\"Hurghada\" \/>\n<meta name=\"geo.region\" content=\"\u00c4gypten\" \/>\n<!-- \/ Yoast SEO Premium plugin. -->","yoast_head_json":{"title":"Schwimmen mit Delfinen im Sataya Riff","description":"Schwimmen mit Delfinen im Sataya Riff! Erleben Sie ein unvergessliches Schnorchel- oder Tauchabenteuer. Buchen Sie noch heute Ihre Sataya Riff Tour!","robots":{"index":"index","follow":"follow","max-snippet":"max-snippet:-1","max-image-preview":"max-image-preview:large","max-video-preview":"max-video-preview:-1"},"canonical":"https:\/\/egytourpackages.com\/de\/touren\/schwimmen-mit-delfinen-im-sataya-riff\/","og_locale":"de_DE","og_type":"article","og_title":"Schwimmen mit Delfinen im Sataya Riff","og_description":"Schwimmen mit Delfinen im Sataya Riff! Erleben Sie ein unvergessliches Schnorchel- oder Tauchabenteuer. Buchen Sie noch heute Ihre Sataya Riff Tour!","og_url":"https:\/\/egytourpackages.com\/de\/touren\/schwimmen-mit-delfinen-im-sataya-riff\/","og_site_name":"\u00c4gypten-Reisepakete","article_publisher":"https:\/\/www.facebook.com\/egytourpackages","article_modified_time":"2026-01-07T18:29:54+00:00","og_image":[{"url":"https:\/\/egytourpackages.com\/wp-content\/uploads\/2023\/07\/Dolphins-in-Sataya-Reef.jpg","type":"","width":"","height":""}],"twitter_card":"summary_large_image","twitter_title":"Schwimmen mit Delfinen im Sataya Riff","twitter_description":"Schwimmen mit Delfinen im Sataya Riff! Erleben Sie ein unvergessliches Schnorchel- oder Tauchabenteuer. Buchen Sie noch heute Ihre Sataya Riff Tour!","twitter_image":"https:\/\/egytourpackages.com\/wp-content\/uploads\/2023\/07\/Dolphins-in-Sataya-Reef.jpg","twitter_misc":{"Preis":"&euro;60","Verf\u00fcgbarkeit":"Auf Lager"},"schema":{"@context":"https:\/\/schema.org","@graph":[{"@type":"WebPage","@id":"https:\/\/egytourpackages.com\/de\/touren\/schwimmen-mit-delfinen-im-sataya-riff\/","url":"https:\/\/egytourpackages.com\/de\/touren\/schwimmen-mit-delfinen-im-sataya-riff\/","name":"Schwimmen mit Delfinen im Sataya Riff","isPartOf":{"@id":"https:\/\/egytourpackages.com\/de\/#website"},"primaryImageOfPage":{"@id":"https:\/\/egytourpackages.com\/de\/touren\/schwimmen-mit-delfinen-im-sataya-riff\/#primaryimage"},"image":{"@id":"https:\/\/egytourpackages.com\/de\/touren\/schwimmen-mit-delfinen-im-sataya-riff\/#primaryimage"},"thumbnailUrl":"https:\/\/egytourpackages.com\/wp-content\/uploads\/2023\/07\/Sataya-Dolphin-House.jpg","datePublished":"2023-07-12T20:20:51+00:00","dateModified":"2026-01-07T18:29:54+00:00","description":"Schwimmen mit Delfinen im Sataya Riff! Erleben Sie ein unvergessliches Schnorchel- oder Tauchabenteuer. Buchen Sie noch heute Ihre Sataya Riff Tour!","breadcrumb":{"@id":"https:\/\/egytourpackages.com\/de\/touren\/schwimmen-mit-delfinen-im-sataya-riff\/#breadcrumb"},"inLanguage":"de","potentialAction":[{"@type":"ReadAction","target":["https:\/\/egytourpackages.com\/de\/touren\/schwimmen-mit-delfinen-im-sataya-riff\/"]}]},{"@type":"ImageObject","inLanguage":"de","@id":"https:\/\/egytourpackages.com\/de\/touren\/schwimmen-mit-delfinen-im-sataya-riff\/#primaryimage","url":"https:\/\/egytourpackages.com\/wp-content\/uploads\/2023\/07\/Sataya-Dolphin-House.jpg","contentUrl":"https:\/\/egytourpackages.com\/wp-content\/uploads\/2023\/07\/Sataya-Dolphin-House.jpg","width":1000,"height":659,"caption":"Sataya Delfinhaus"},{"@type":"BreadcrumbList","@id":"https:\/\/egytourpackages.com\/de\/touren\/schwimmen-mit-delfinen-im-sataya-riff\/#breadcrumb","itemListElement":[{"@type":"ListItem","position":1,"name":"Startseite","item":"https:\/\/egytourpackages.com\/de\/"},{"@type":"ListItem","position":2,"name":"Shop","item":"https:\/\/egytourpackages.com\/de\/shop\/"},{"@type":"ListItem","position":3,"name":"Schwimmen mit Delfinen im Sataya Riff"}]},{"@type":"WebSite","@id":"https:\/\/egytourpackages.com\/de\/#website","url":"https:\/\/egytourpackages.com\/de\/","name":"Egy tour packages","description":"","publisher":{"@id":"https:\/\/egytourpackages.com\/de\/#organization"},"potentialAction":[{"@type":"SearchAction","target":{"@type":"EntryPoint","urlTemplate":"https:\/\/egytourpackages.com\/de\/?s={search_term_string}"},"query-input":{"@type":"PropertyValueSpecification","valueRequired":true,"valueName":"search_term_string"}}],"inLanguage":"de"},{"@type":["Organization","Place","TravelAgency"],"@id":"https:\/\/egytourpackages.com\/de\/#organization","name":"egypt tour packages","alternateName":"egypt tour packages","url":"https:\/\/egytourpackages.com\/de\/","logo":{"@id":"https:\/\/egytourpackages.com\/de\/touren\/schwimmen-mit-delfinen-im-sataya-riff\/#local-main-organization-logo"},"image":{"@id":"https:\/\/egytourpackages.com\/de\/touren\/schwimmen-mit-delfinen-im-sataya-riff\/#local-main-organization-logo"},"sameAs":["https:\/\/www.facebook.com\/egytourpackages"],"legalName":"Egy tour packages","address":{"@id":"https:\/\/egytourpackages.com\/de\/touren\/schwimmen-mit-delfinen-im-sataya-riff\/#local-main-place-address"},"telephone":["00201000852186","00201028685533"],"contactPoint":{"@type":"ContactPoint","telephone":"00201000852186"},"openingHoursSpecification":[{"@type":"OpeningHoursSpecification","dayOfWeek":["Monday","Tuesday","Wednesday","Thursday","Friday","Saturday","Sunday"],"opens":"00:00","closes":"23:59"}],"email":"info@egytourpackages.com","areaServed":"Cairo, Hurghada, Luxor, Sharm El Sheikh, Marsa Alam, Aswan","priceRange":"$","currenciesAccepted":"euro","paymentAccepted":"Payment links online"},{"@type":"PostalAddress","@id":"https:\/\/egytourpackages.com\/de\/touren\/schwimmen-mit-delfinen-im-sataya-riff\/#local-main-place-address","streetAddress":"Mubarak 8, Al Kawthar District, Hurghada","addressLocality":"Hurghada","postalCode":"84511","addressRegion":"Red Sea","addressCountry":"EG"},{"@type":"ImageObject","inLanguage":"de","@id":"https:\/\/egytourpackages.com\/de\/touren\/schwimmen-mit-delfinen-im-sataya-riff\/#local-main-organization-logo","url":"https:\/\/egytourpackages.com\/wp-content\/uploads\/2025\/12\/Turquoise-Dahabiya-Nile-Cruise-1.jpeg","contentUrl":"https:\/\/egytourpackages.com\/wp-content\/uploads\/2025\/12\/Turquoise-Dahabiya-Nile-Cruise-1.jpeg","width":1040,"height":694,"caption":"egypt tour packages"}]},"product_brand":"\u00c4gypten Tagestouren","product_price_amount":"60","product_price_currency":"EUR","og_availability":"instock","product_availability":"instock","product_retailer_item_id":"MAT14","product_condition":"new","geo.placename":"Hurghada","geo.region":"\u00c4gypten"},"_links":{"self":[{"href":"https:\/\/egytourpackages.com\/de\/wp-json\/wp\/v2\/product\/4835","targetHints":{"allow":["GET"]}}],"collection":[{"href":"https:\/\/egytourpackages.com\/de\/wp-json\/wp\/v2\/product"}],"about":[{"href":"https:\/\/egytourpackages.com\/de\/wp-json\/wp\/v2\/types\/product"}],"replies":[{"embeddable":true,"href":"https:\/\/egytourpackages.com\/de\/wp-json\/wp\/v2\/comments?post=4835"}],"wp:featuredmedia":[{"embeddable":true,"href":"https:\/\/egytourpackages.com\/de\/wp-json\/wp\/v2\/media\/2849"}],"wp:attachment":[{"href":"https:\/\/egytourpackages.com\/de\/wp-json\/wp\/v2\/media?parent=4835"}],"wp:term":[{"taxonomy":"product_brand","embeddable":true,"href":"https:\/\/egytourpackages.com\/de\/wp-json\/wp\/v2\/product_brand?post=4835"},{"taxonomy":"product_cat","embeddable":true,"href":"https:\/\/egytourpackages.com\/de\/wp-json\/wp\/v2\/product_cat?post=4835"},{"taxonomy":"product_tag","embeddable":true,"href":"https:\/\/egytourpackages.com\/de\/wp-json\/wp\/v2\/product_tag?post=4835"}],"curies":[{"name":"wp","href":"https:\/\/api.w.org\/{rel}","templated":true}]}}