{"id":4847,"date":"2023-08-29T23:30:52","date_gmt":"2023-08-29T23:30:52","guid":{"rendered":"https:\/\/egytourpackages.com\/product\/abu-simbel-von-assuan-mit-dem-bus\/"},"modified":"2026-01-28T18:02:41","modified_gmt":"2026-01-28T18:02:41","slug":"abu-simbel-von-assuan-mit-dem-bus","status":"publish","type":"product","link":"https:\/\/egytourpackages.com\/de\/touren\/abu-simbel-von-assuan-mit-dem-bus\/","title":{"rendered":"Abu Simbel von Assuan mit dem Bus"},"content":{"rendered":"<p><strong><span style=\"color: #ff6600;\">Abu Simbel von Assuan mit dem Bus<\/span><\/strong><\/p>\n<p>Buchen Sie Ihre bemerkenswerte <strong>Abu Simbel Tour von Assuan mit dem Bus<\/strong> und entdecken Sie zwei der pr\u00e4chtigsten <strong>alt\u00e4gyptischen Tempel<\/strong> \u00c4gyptens, eingebettet am ruhigen <strong>Nassersee<\/strong>. Dieser <strong>Assuan Tagesausflug<\/strong> ist Ihre Chance, die Pracht von <strong>Abu Simbel<\/strong> hautnah zu erleben.<\/p>\n<p>Sie werden den monumentalen <strong>Gro\u00dfen Tempel von Ramses II.<\/strong> erkunden, der sofort an seinen vier kolossalen Statuen des Pharaos, die den Eingang bewachen, zu erkennen ist. Gleich daneben entdecken Sie den eleganten <strong>Tempel der Nefertari<\/strong>, der K\u00f6nigin Nefertari gewidmet und in der unverwechselbaren Form der <strong>G\u00f6ttin Hathor<\/strong> erbaut wurde.<\/p>\n<p>Diese <strong>Sightseeing-Tour in Assuan<\/strong> ist nicht nur eine Besichtigung von Tempeln; es ist eine immersive Reise in das Herz der <strong>alt\u00e4gyptischen Zivilisation<\/strong>. Tats\u00e4chlich erfahren Sie mehr \u00fcber <strong>Ramses II.<\/strong>, einen der ber\u00fchmtesten Pharaonen \u00c4gyptens, und die geliebte <strong>K\u00f6nigin Nefertari<\/strong>. Tauchen Sie ein in die <strong>alt\u00e4gyptische Geschichte<\/strong> und die faszinierende Periode des <strong>Neuen Reiches<\/strong>, w\u00e4hrend Sie diese architektonischen Wunder bestaunen. Machen Sie sich bereit f\u00fcr ein Abenteuer, das die Vergangenheit zum Leben erweckt!<\/p>\n<h3><span style=\"color: #ff6600;\">Tourdetails<\/span><\/h3>\n<ul>\n<li><strong>Dauer<\/strong>: 1 Tag<\/li>\n<li><strong>Tourort<\/strong>: Abu Simbel<\/li>\n<li><strong>Verf\u00fcgbarkeit der Tour<\/strong>: T\u00e4glich<\/li>\n<li><strong>Abholung &amp; R\u00fccktransfer<\/strong>: Ihr Hotel in Assuan \/ Nilkreuzfahrt<\/li>\n<li><strong>Tourtyp<\/strong>: Privat<\/li>\n<li><strong>Rollstuhl<\/strong>: Zug\u00e4nglich<\/li>\n<\/ul>\n<h3><span style=\"color: #ff6600;\">H\u00f6hepunkte<\/span><\/h3>\n<ul>\n<li>Nassersee<\/li>\n<li>Der Gro\u00dfe Tempel von Abu Simbel<\/li>\n<li>Hathor-Tempel<\/li>\n<\/ul>\n<h3><span style=\"color: #ff6600;\">Inbegriffen<\/span><\/h3>\n<ul>\n<li>Hin- und R\u00fccktransfer mit modernem A\/C-Fahrzeug<\/li>\n<li>Experten-\u00c4gyptologe als F\u00fchrer<\/li>\n<li>Eintrittsgelder f\u00fcr alle Sehensw\u00fcrdigkeiten<\/li>\n<\/ul>\n<h3><span style=\"color: #ff6600;\">Ausgeschlossen<\/span><\/h3>\n<ul>\n<li>Trinkgelder<\/li>\n<\/ul>\n<h3><span style=\"color: #ff6600;\">Was Sie einpacken sollten<\/span><\/h3>\n<ul>\n<li>Hut, Sonnenbrille &amp; Sonnencreme<\/li>\n<li>Bequeme Schuhe und Kleidung<\/li>\n<\/ul>\n<h2><span style=\"color: #ff6600;\">Reiseroute<\/span><\/h2>\n<h3><span style=\"color: #ff6600;\">Abu Simbel Bustour von Assuan<\/span><\/h3>\n<p>Sie treffen Ihren erfahrenen Guide in der Lobby Ihres Hotels oder auf Ihrer <strong>Nilkreuzfahrt<\/strong>. Von dort aus begeben Sie sich auf eine komfortable, etwa <strong>3,5-st\u00fcndige Busfahrt<\/strong> nach S\u00fcden, die etwa 300 km von Assuan nach Abu Simbel umfasst, mit einer kurzen Komfortpause unterwegs.<\/p>\n<h3><span style=\"color: #ff6600;\">Erkundung der Tempel von Abu Simbel<\/span><\/h3>\n<p>Nach der Ankunft beginnt Ihre <strong>Assuan-Tagestour nach Abu Simbel<\/strong> wirklich. Sie genie\u00dfen einen malerischen <strong>10-min\u00fctigen Spaziergang<\/strong> entlang der ruhigen Ufer des <strong>Nassersees<\/strong>, der Sie direkt zum pr\u00e4chtigen Abu Simbel-Komplex f\u00fchrt. Sie haben etwa <strong>zwei Stunden<\/strong> Zeit, diese beiden unglaublichen Tempel an ihrem atemberaubenden neuen Standort zu erkunden und zu bestaunen.<\/p>\n<h3><span style=\"color: #ff6600;\">Der Gro\u00dfe Tempel von Ramses II.<\/span><\/h3>\n<p>Bereiten Sie sich darauf vor, vom <strong>Gro\u00dfen Tempel von Ramses II.<\/strong> beeindruckt zu sein, einem monumentalen Zeugnis alt\u00e4gyptischer Macht und Kunstfertigkeit. Dieser gro\u00dfe Tempel, der in die Sandsteinfelsen gehauen wurde, war den G\u00f6ttern <strong>Amun<\/strong>, <strong>Ra-Harachte<\/strong> und <strong>Ptah<\/strong> gewidmet und erinnert stolz an Ramses des Gro\u00dfen Sieg in der <strong>Schlacht von Kadesch<\/strong>. Im Inneren entdecken Sie faszinierende Opferdarstellungen, die den K\u00f6nig vor verschiedenen <strong>alt\u00e4gyptischen G\u00f6ttern und G\u00f6ttinnen<\/strong>, einschlie\u00dflich <strong>Osiris<\/strong>, zeigen.<\/p>\n<h3><span style=\"color: #ff6600;\">Der Tempel der Hathor und Nefertari<\/span><\/h3>\n<p>Nach der Erkundung des Gro\u00dfen Tempels begeben Sie sich zum ebenso beeindruckenden <strong>Tempel der Hathor und Nefertari<\/strong>. Dieser kleinere, aber exquisit detaillierte Tempel ist der <strong>G\u00f6ttin Hathor<\/strong> und Ramses II. geliebter Gro\u00dfer K\u00f6niglicher Gemahlin Nefertari gewidmet. Hier bewundern Sie wundersch\u00f6ne Szenen von Nefertari in Andacht vor Gottheiten wie <strong>Hathor<\/strong>, <strong>Seshat<\/strong>, <strong>Amun<\/strong> und <strong>Re<\/strong>.<\/p>\n<h3><span style=\"color: #ff6600;\">R\u00fcckreise nach Assuan<\/span><\/h3>\n<p>Am Ende Ihrer bemerkenswerten <strong>\u00c4gypten-Tour nach Abu Simbel<\/strong> steigen Sie in Ihren Bus f\u00fcr die R\u00fcckfahrt nach Assuan.<\/p>\n<p>Dieser <strong>\u00c4gypten-Reiseplan<\/strong> bietet eine umfassende und unvergessliche M\u00f6glichkeit, die Gr\u00f6\u00dfe von Abu Simbel zu erleben.<\/p>\n<h3><span style=\"color: #ff6600;\">Abu Simbel von Assuan mit dem Bus Preis<\/span><\/h3>\n<ul>\n<li>Erwachsenenpreis = 70 \u20ac<\/li>\n<li>Kinder 0-5 Jahre = kostenlos<\/li>\n<li>Kinder 5-11 Jahre = 50% des Erwachsenenpreises<\/li>\n<\/ul>\n<h3><span style=\"color: #ff6600;\">Buchung<\/span><\/h3>\n<p>Sie k\u00f6nnen Ihre Tour per WhatsApp oder E-Mail buchen und erhalten die Best\u00e4tigung vor Ort.<\/p>\n<p>Bitte senden Sie uns Ihren Hotelnamen, Zimmernummer und Reisepasskopien.<\/p>\n<p><strong>WhatsApp<\/strong>: +201000852186<\/p>\n<p><strong>E-Mail<\/strong>: info@egytourpackages.com<\/p>\n<h3><span style=\"color: #ff6600;\">Jetzt buchen &amp; vor Ort bezahlen<\/span><\/h3>\n<p>Buchen Sie Ihre Lieblingstour und bezahlen Sie am Tag der Reise.<\/p>\n<h3><span style=\"color: #ff6600;\">Zahlung<\/span><\/h3>\n<p>Sie k\u00f6nnen in \u00e4gyptischen Pfund, $, \u20ac oder \u00a3 bezahlen.<\/p>\n<h3><span style=\"color: #ff6600;\">Stornierungsbedingungen<\/span><\/h3>\n<ul>\n<li>Kostenlose Stornierung bis zu 24 Stunden im Voraus<\/li>\n<li>Stornierung am Morgen (gleicher Tag) betr\u00e4gt 50% des Preises<\/li>\n<\/ul>\n","protected":false},"excerpt":{"rendered":"<p>Abu Simbel z Asu\u00e1nu autobusem, Entdecken Sie die beeindruckenden Tempel von Abu Simbel auf einer komfortablen Busreise ab Assuan. Jetzt buchen<\/p>\n","protected":false},"featured_media":2972,"comment_status":"open","ping_status":"closed","template":"","meta":[],"product_brand":[],"product_cat":[1494],"product_tag":[1741,1495,1510],"class_list":{"0":"post-4847","1":"product","2":"type-product","3":"status-publish","4":"has-post-thumbnail","6":"product_cat-touren","7":"product_tag-abu-simbel-tempel-tour","8":"product_tag-agypten-tagestouren","9":"product_tag-assuan-tagestouren","10":"tour_category-agypten-tagestouren","11":"tour_category-assuan-tagestouren","13":"first","14":"instock","15":"sale","16":"shipping-taxable","17":"purchasable","18":"product-type-tour","19":"has-default-attributes"},"yoast_head":"<!-- This site is optimized with the Yoast SEO Premium plugin v27.4 (Yoast SEO v27.4) - https:\/\/yoast.com\/product\/yoast-seo-premium-wordpress\/ -->\n<title>Abu Simbel von Assuan mit dem Bus | Beste \u00c4gypten Touren<\/title>\n<meta name=\"description\" content=\"Abu Simbel z Asu\u00e1nu autobusem, Entdecken Sie die beeindruckenden Tempel von Abu Simbel auf einer komfortablen Busreise ab Assuan. Jetzt buchen\" \/>\n<meta name=\"robots\" content=\"index, follow, max-snippet:-1, max-image-preview:large, max-video-preview:-1\" \/>\n<link rel=\"canonical\" href=\"https:\/\/egytourpackages.com\/de\/touren\/abu-simbel-von-assuan-mit-dem-bus\/\" \/>\n<meta property=\"og:locale\" content=\"de_DE\" \/>\n<meta property=\"og:type\" content=\"article\" \/>\n<meta property=\"og:title\" content=\"Abu Simbel von Assuan mit dem Bus\" \/>\n<meta property=\"og:description\" content=\"Abu Simbel z Asu\u00e1nu autobusem, Entdecken Sie die beeindruckenden Tempel von Abu Simbel auf einer komfortablen Busreise ab Assuan. Jetzt buchen\" \/>\n<meta property=\"og:url\" content=\"https:\/\/egytourpackages.com\/de\/touren\/abu-simbel-von-assuan-mit-dem-bus\/\" \/>\n<meta property=\"og:site_name\" content=\"\u00c4gypten-Reisepakete\" \/>\n<meta property=\"article:publisher\" content=\"https:\/\/www.facebook.com\/egytourpackages\" \/>\n<meta property=\"article:modified_time\" content=\"2026-01-28T18:02:41+00:00\" \/>\n<meta property=\"og:image\" content=\"https:\/\/egytourpackages.com\/wp-content\/uploads\/2023\/08\/Abu-Simbel-from-Aswan-1024x682.jpg\" \/>\n<meta name=\"twitter:card\" content=\"summary_large_image\" \/>\n<meta name=\"twitter:title\" content=\"Abu Simbel von Assuan mit dem Bus\" \/>\n<meta name=\"twitter:description\" content=\"Abu Simbel z Asu\u00e1nu autobusem, Entdecken Sie die beeindruckenden Tempel von Abu Simbel auf einer komfortablen Busreise ab Assuan. Jetzt buchen\" \/>\n<meta name=\"twitter:image\" content=\"https:\/\/egytourpackages.com\/wp-content\/uploads\/2023\/08\/Abu-Simbel-from-Aswan-1024x682.jpg\" \/>\n<meta name=\"twitter:label1\" content=\"Preis\" \/>\n\t<meta name=\"twitter:data1\" content=\"&euro;0\" \/>\n\t<meta name=\"twitter:label2\" content=\"Verf\u00fcgbarkeit\" \/>\n\t<meta name=\"twitter:data2\" content=\"Auf Lager\" \/>\n<script type=\"application\/ld+json\" class=\"yoast-schema-graph\">{\"@context\":\"https:\\\/\\\/schema.org\",\"@graph\":[{\"@type\":\"WebPage\",\"@id\":\"https:\\\/\\\/egytourpackages.com\\\/de\\\/touren\\\/abu-simbel-von-assuan-mit-dem-bus\\\/\",\"url\":\"https:\\\/\\\/egytourpackages.com\\\/de\\\/touren\\\/abu-simbel-von-assuan-mit-dem-bus\\\/\",\"name\":\"Abu Simbel von Assuan mit dem Bus | Beste \u00c4gypten Touren\",\"isPartOf\":{\"@id\":\"https:\\\/\\\/egytourpackages.com\\\/de\\\/#website\"},\"primaryImageOfPage\":{\"@id\":\"https:\\\/\\\/egytourpackages.com\\\/de\\\/touren\\\/abu-simbel-von-assuan-mit-dem-bus\\\/#primaryimage\"},\"image\":{\"@id\":\"https:\\\/\\\/egytourpackages.com\\\/de\\\/touren\\\/abu-simbel-von-assuan-mit-dem-bus\\\/#primaryimage\"},\"thumbnailUrl\":\"https:\\\/\\\/egytourpackages.com\\\/wp-content\\\/uploads\\\/2023\\\/08\\\/Abu-Simbel-from-Aswan.jpg\",\"datePublished\":\"2023-08-29T23:30:52+00:00\",\"dateModified\":\"2026-01-28T18:02:41+00:00\",\"description\":\"Abu Simbel z Asu\u00e1nu autobusem, Entdecken Sie die beeindruckenden Tempel von Abu Simbel auf einer komfortablen Busreise ab Assuan. Jetzt buchen\",\"breadcrumb\":{\"@id\":\"https:\\\/\\\/egytourpackages.com\\\/de\\\/touren\\\/abu-simbel-von-assuan-mit-dem-bus\\\/#breadcrumb\"},\"inLanguage\":\"de\",\"potentialAction\":[{\"@type\":\"ReadAction\",\"target\":[\"https:\\\/\\\/egytourpackages.com\\\/de\\\/touren\\\/abu-simbel-von-assuan-mit-dem-bus\\\/\"]}]},{\"@type\":\"ImageObject\",\"inLanguage\":\"de\",\"@id\":\"https:\\\/\\\/egytourpackages.com\\\/de\\\/touren\\\/abu-simbel-von-assuan-mit-dem-bus\\\/#primaryimage\",\"url\":\"https:\\\/\\\/egytourpackages.com\\\/wp-content\\\/uploads\\\/2023\\\/08\\\/Abu-Simbel-from-Aswan.jpg\",\"contentUrl\":\"https:\\\/\\\/egytourpackages.com\\\/wp-content\\\/uploads\\\/2023\\\/08\\\/Abu-Simbel-from-Aswan.jpg\",\"width\":2000,\"height\":1333,\"caption\":\"Abu Simbel von Assuan mit dem Bus\"},{\"@type\":\"BreadcrumbList\",\"@id\":\"https:\\\/\\\/egytourpackages.com\\\/de\\\/touren\\\/abu-simbel-von-assuan-mit-dem-bus\\\/#breadcrumb\",\"itemListElement\":[{\"@type\":\"ListItem\",\"position\":1,\"name\":\"Startseite\",\"item\":\"https:\\\/\\\/egytourpackages.com\\\/de\\\/\"},{\"@type\":\"ListItem\",\"position\":2,\"name\":\"Shop\",\"item\":\"https:\\\/\\\/egytourpackages.com\\\/de\\\/shop\\\/\"},{\"@type\":\"ListItem\",\"position\":3,\"name\":\"Abu Simbel von Assuan mit dem Bus\"}]},{\"@type\":\"WebSite\",\"@id\":\"https:\\\/\\\/egytourpackages.com\\\/de\\\/#website\",\"url\":\"https:\\\/\\\/egytourpackages.com\\\/de\\\/\",\"name\":\"Egy tour packages\",\"description\":\"\",\"publisher\":{\"@id\":\"https:\\\/\\\/egytourpackages.com\\\/de\\\/#organization\"},\"potentialAction\":[{\"@type\":\"SearchAction\",\"target\":{\"@type\":\"EntryPoint\",\"urlTemplate\":\"https:\\\/\\\/egytourpackages.com\\\/de\\\/?s={search_term_string}\"},\"query-input\":{\"@type\":\"PropertyValueSpecification\",\"valueRequired\":true,\"valueName\":\"search_term_string\"}}],\"inLanguage\":\"de\"},{\"@type\":[\"Organization\",\"Place\",\"TravelAgency\"],\"@id\":\"https:\\\/\\\/egytourpackages.com\\\/de\\\/#organization\",\"name\":\"egypt tour packages\",\"alternateName\":\"egypt tour packages\",\"url\":\"https:\\\/\\\/egytourpackages.com\\\/de\\\/\",\"logo\":{\"@id\":\"https:\\\/\\\/egytourpackages.com\\\/de\\\/touren\\\/abu-simbel-von-assuan-mit-dem-bus\\\/#local-main-organization-logo\"},\"image\":{\"@id\":\"https:\\\/\\\/egytourpackages.com\\\/de\\\/touren\\\/abu-simbel-von-assuan-mit-dem-bus\\\/#local-main-organization-logo\"},\"sameAs\":[\"https:\\\/\\\/www.facebook.com\\\/egytourpackages\"],\"legalName\":\"Egy tour packages\",\"address\":{\"@id\":\"https:\\\/\\\/egytourpackages.com\\\/de\\\/touren\\\/abu-simbel-von-assuan-mit-dem-bus\\\/#local-main-place-address\"},\"telephone\":[\"00201000852186\",\"00201028685533\"],\"contactPoint\":{\"@type\":\"ContactPoint\",\"telephone\":\"00201000852186\"},\"openingHoursSpecification\":[{\"@type\":\"OpeningHoursSpecification\",\"dayOfWeek\":[\"Monday\",\"Tuesday\",\"Wednesday\",\"Thursday\",\"Friday\",\"Saturday\",\"Sunday\"],\"opens\":\"00:00\",\"closes\":\"23:59\"}],\"email\":\"info@egytourpackages.com\",\"areaServed\":\"Cairo, Hurghada, Luxor, Sharm El Sheikh, Marsa Alam, Aswan\",\"priceRange\":\"$\",\"currenciesAccepted\":\"euro\",\"paymentAccepted\":\"Payment links online\"},{\"@type\":\"PostalAddress\",\"@id\":\"https:\\\/\\\/egytourpackages.com\\\/de\\\/touren\\\/abu-simbel-von-assuan-mit-dem-bus\\\/#local-main-place-address\",\"streetAddress\":\"Mubarak 8, Al Kawthar District, Hurghada\",\"addressLocality\":\"Hurghada\",\"postalCode\":\"84511\",\"addressRegion\":\"Red Sea\",\"addressCountry\":\"EG\"},{\"@type\":\"ImageObject\",\"inLanguage\":\"de\",\"@id\":\"https:\\\/\\\/egytourpackages.com\\\/de\\\/touren\\\/abu-simbel-von-assuan-mit-dem-bus\\\/#local-main-organization-logo\",\"url\":\"https:\\\/\\\/egytourpackages.com\\\/wp-content\\\/uploads\\\/2025\\\/12\\\/Turquoise-Dahabiya-Nile-Cruise-1.jpeg\",\"contentUrl\":\"https:\\\/\\\/egytourpackages.com\\\/wp-content\\\/uploads\\\/2025\\\/12\\\/Turquoise-Dahabiya-Nile-Cruise-1.jpeg\",\"width\":1040,\"height\":694,\"caption\":\"egypt tour packages\"}]}<\/script>\n<meta property=\"product:brand\" content=\"\u00c4gypten Tagestouren\" \/>\n<meta property=\"product:price:amount\" content=\"0\" \/>\n<meta property=\"product:price:currency\" content=\"EUR\" \/>\n<meta property=\"og:availability\" content=\"instock\" \/>\n<meta property=\"product:availability\" content=\"instock\" \/>\n<meta property=\"product:retailer_item_id\" content=\"ADT01\" \/>\n<meta property=\"product:condition\" content=\"new\" \/>\n<meta name=\"geo.placename\" content=\"Hurghada\" \/>\n<meta name=\"geo.region\" content=\"\u00c4gypten\" \/>\n<!-- \/ Yoast SEO Premium plugin. -->","yoast_head_json":{"title":"Abu Simbel von Assuan mit dem Bus | Beste \u00c4gypten Touren","description":"Abu Simbel z Asu\u00e1nu autobusem, Entdecken Sie die beeindruckenden Tempel von Abu Simbel auf einer komfortablen Busreise ab Assuan. Jetzt buchen","robots":{"index":"index","follow":"follow","max-snippet":"max-snippet:-1","max-image-preview":"max-image-preview:large","max-video-preview":"max-video-preview:-1"},"canonical":"https:\/\/egytourpackages.com\/de\/touren\/abu-simbel-von-assuan-mit-dem-bus\/","og_locale":"de_DE","og_type":"article","og_title":"Abu Simbel von Assuan mit dem Bus","og_description":"Abu Simbel z Asu\u00e1nu autobusem, Entdecken Sie die beeindruckenden Tempel von Abu Simbel auf einer komfortablen Busreise ab Assuan. Jetzt buchen","og_url":"https:\/\/egytourpackages.com\/de\/touren\/abu-simbel-von-assuan-mit-dem-bus\/","og_site_name":"\u00c4gypten-Reisepakete","article_publisher":"https:\/\/www.facebook.com\/egytourpackages","article_modified_time":"2026-01-28T18:02:41+00:00","og_image":[{"url":"https:\/\/egytourpackages.com\/wp-content\/uploads\/2023\/08\/Abu-Simbel-from-Aswan-1024x682.jpg","type":"","width":"","height":""}],"twitter_card":"summary_large_image","twitter_title":"Abu Simbel von Assuan mit dem Bus","twitter_description":"Abu Simbel z Asu\u00e1nu autobusem, Entdecken Sie die beeindruckenden Tempel von Abu Simbel auf einer komfortablen Busreise ab Assuan. Jetzt buchen","twitter_image":"https:\/\/egytourpackages.com\/wp-content\/uploads\/2023\/08\/Abu-Simbel-from-Aswan-1024x682.jpg","twitter_misc":{"Preis":"&euro;0","Verf\u00fcgbarkeit":"Auf Lager"},"schema":{"@context":"https:\/\/schema.org","@graph":[{"@type":"WebPage","@id":"https:\/\/egytourpackages.com\/de\/touren\/abu-simbel-von-assuan-mit-dem-bus\/","url":"https:\/\/egytourpackages.com\/de\/touren\/abu-simbel-von-assuan-mit-dem-bus\/","name":"Abu Simbel von Assuan mit dem Bus | Beste \u00c4gypten Touren","isPartOf":{"@id":"https:\/\/egytourpackages.com\/de\/#website"},"primaryImageOfPage":{"@id":"https:\/\/egytourpackages.com\/de\/touren\/abu-simbel-von-assuan-mit-dem-bus\/#primaryimage"},"image":{"@id":"https:\/\/egytourpackages.com\/de\/touren\/abu-simbel-von-assuan-mit-dem-bus\/#primaryimage"},"thumbnailUrl":"https:\/\/egytourpackages.com\/wp-content\/uploads\/2023\/08\/Abu-Simbel-from-Aswan.jpg","datePublished":"2023-08-29T23:30:52+00:00","dateModified":"2026-01-28T18:02:41+00:00","description":"Abu Simbel z Asu\u00e1nu autobusem, Entdecken Sie die beeindruckenden Tempel von Abu Simbel auf einer komfortablen Busreise ab Assuan. Jetzt buchen","breadcrumb":{"@id":"https:\/\/egytourpackages.com\/de\/touren\/abu-simbel-von-assuan-mit-dem-bus\/#breadcrumb"},"inLanguage":"de","potentialAction":[{"@type":"ReadAction","target":["https:\/\/egytourpackages.com\/de\/touren\/abu-simbel-von-assuan-mit-dem-bus\/"]}]},{"@type":"ImageObject","inLanguage":"de","@id":"https:\/\/egytourpackages.com\/de\/touren\/abu-simbel-von-assuan-mit-dem-bus\/#primaryimage","url":"https:\/\/egytourpackages.com\/wp-content\/uploads\/2023\/08\/Abu-Simbel-from-Aswan.jpg","contentUrl":"https:\/\/egytourpackages.com\/wp-content\/uploads\/2023\/08\/Abu-Simbel-from-Aswan.jpg","width":2000,"height":1333,"caption":"Abu Simbel von Assuan mit dem Bus"},{"@type":"BreadcrumbList","@id":"https:\/\/egytourpackages.com\/de\/touren\/abu-simbel-von-assuan-mit-dem-bus\/#breadcrumb","itemListElement":[{"@type":"ListItem","position":1,"name":"Startseite","item":"https:\/\/egytourpackages.com\/de\/"},{"@type":"ListItem","position":2,"name":"Shop","item":"https:\/\/egytourpackages.com\/de\/shop\/"},{"@type":"ListItem","position":3,"name":"Abu Simbel von Assuan mit dem Bus"}]},{"@type":"WebSite","@id":"https:\/\/egytourpackages.com\/de\/#website","url":"https:\/\/egytourpackages.com\/de\/","name":"Egy tour packages","description":"","publisher":{"@id":"https:\/\/egytourpackages.com\/de\/#organization"},"potentialAction":[{"@type":"SearchAction","target":{"@type":"EntryPoint","urlTemplate":"https:\/\/egytourpackages.com\/de\/?s={search_term_string}"},"query-input":{"@type":"PropertyValueSpecification","valueRequired":true,"valueName":"search_term_string"}}],"inLanguage":"de"},{"@type":["Organization","Place","TravelAgency"],"@id":"https:\/\/egytourpackages.com\/de\/#organization","name":"egypt tour packages","alternateName":"egypt tour packages","url":"https:\/\/egytourpackages.com\/de\/","logo":{"@id":"https:\/\/egytourpackages.com\/de\/touren\/abu-simbel-von-assuan-mit-dem-bus\/#local-main-organization-logo"},"image":{"@id":"https:\/\/egytourpackages.com\/de\/touren\/abu-simbel-von-assuan-mit-dem-bus\/#local-main-organization-logo"},"sameAs":["https:\/\/www.facebook.com\/egytourpackages"],"legalName":"Egy tour packages","address":{"@id":"https:\/\/egytourpackages.com\/de\/touren\/abu-simbel-von-assuan-mit-dem-bus\/#local-main-place-address"},"telephone":["00201000852186","00201028685533"],"contactPoint":{"@type":"ContactPoint","telephone":"00201000852186"},"openingHoursSpecification":[{"@type":"OpeningHoursSpecification","dayOfWeek":["Monday","Tuesday","Wednesday","Thursday","Friday","Saturday","Sunday"],"opens":"00:00","closes":"23:59"}],"email":"info@egytourpackages.com","areaServed":"Cairo, Hurghada, Luxor, Sharm El Sheikh, Marsa Alam, Aswan","priceRange":"$","currenciesAccepted":"euro","paymentAccepted":"Payment links online"},{"@type":"PostalAddress","@id":"https:\/\/egytourpackages.com\/de\/touren\/abu-simbel-von-assuan-mit-dem-bus\/#local-main-place-address","streetAddress":"Mubarak 8, Al Kawthar District, Hurghada","addressLocality":"Hurghada","postalCode":"84511","addressRegion":"Red Sea","addressCountry":"EG"},{"@type":"ImageObject","inLanguage":"de","@id":"https:\/\/egytourpackages.com\/de\/touren\/abu-simbel-von-assuan-mit-dem-bus\/#local-main-organization-logo","url":"https:\/\/egytourpackages.com\/wp-content\/uploads\/2025\/12\/Turquoise-Dahabiya-Nile-Cruise-1.jpeg","contentUrl":"https:\/\/egytourpackages.com\/wp-content\/uploads\/2025\/12\/Turquoise-Dahabiya-Nile-Cruise-1.jpeg","width":1040,"height":694,"caption":"egypt tour packages"}]},"product_brand":"\u00c4gypten Tagestouren","product_price_currency":"EUR","og_availability":"instock","product_availability":"instock","product_retailer_item_id":"ADT01","product_condition":"new","geo.placename":"Hurghada","geo.region":"\u00c4gypten"},"_links":{"self":[{"href":"https:\/\/egytourpackages.com\/de\/wp-json\/wp\/v2\/product\/4847","targetHints":{"allow":["GET"]}}],"collection":[{"href":"https:\/\/egytourpackages.com\/de\/wp-json\/wp\/v2\/product"}],"about":[{"href":"https:\/\/egytourpackages.com\/de\/wp-json\/wp\/v2\/types\/product"}],"replies":[{"embeddable":true,"href":"https:\/\/egytourpackages.com\/de\/wp-json\/wp\/v2\/comments?post=4847"}],"wp:featuredmedia":[{"embeddable":true,"href":"https:\/\/egytourpackages.com\/de\/wp-json\/wp\/v2\/media\/2972"}],"wp:attachment":[{"href":"https:\/\/egytourpackages.com\/de\/wp-json\/wp\/v2\/media?parent=4847"}],"wp:term":[{"taxonomy":"product_brand","embeddable":true,"href":"https:\/\/egytourpackages.com\/de\/wp-json\/wp\/v2\/product_brand?post=4847"},{"taxonomy":"product_cat","embeddable":true,"href":"https:\/\/egytourpackages.com\/de\/wp-json\/wp\/v2\/product_cat?post=4847"},{"taxonomy":"product_tag","embeddable":true,"href":"https:\/\/egytourpackages.com\/de\/wp-json\/wp\/v2\/product_tag?post=4847"}],"curies":[{"name":"wp","href":"https:\/\/api.w.org\/{rel}","templated":true}]}}