{"id":4877,"date":"2023-08-25T15:34:23","date_gmt":"2023-08-25T15:34:23","guid":{"rendered":"https:\/\/egytourpackages.com\/product\/private-tour-zum-karnak-tempel-von-luxor\/"},"modified":"2026-01-09T12:11:28","modified_gmt":"2026-01-09T12:11:28","slug":"private-tour-zum-karnak-tempel-von-luxor","status":"publish","type":"product","link":"https:\/\/egytourpackages.com\/de\/touren\/private-tour-zum-karnak-tempel-von-luxor\/","title":{"rendered":"Private Tour zum Karnak Tempel von Luxor"},"content":{"rendered":"<p><strong><span style=\"color: #ff6600;\">Private Tour zum Karnak Tempel von Luxor<\/span><\/strong><\/p>\n<p>Eine <strong>private Tour zum Karnak-Tempel von Luxor<\/strong> ist eine wunderbare M\u00f6glichkeit, die <strong>alt\u00e4gyptische Architektur<\/strong> w\u00e4hrend der <strong>Luxor Tagestouren<\/strong> zu erleben. Au\u00dferdem erfahren Sie mehr \u00fcber <strong>alt\u00e4gyptische G\u00f6tter<\/strong>, <strong>Mythologie<\/strong> und die <strong>alt\u00e4gyptische Religion<\/strong> mit unseren <strong>\u00c4gypten Touren<\/strong>. Dabei lernen Sie gro\u00dfe <strong>Pharaonen<\/strong> des alten \u00c4gypten wie Ramses den Gro\u00dfen, Thutmose III., <strong>Tutanchamun<\/strong>, Seti I., Hatschepsut und Amenhotep III. kennen. Dar\u00fcber hinaus war der Tempel <strong>Amon<\/strong>, seiner Frau Mut und ihrem Sohn Khonsu in unseren <strong>\u00c4gypten Tagestouren<\/strong> gewidmet.<\/p>\n<h3><span style=\"color: #ff6600;\">Tourdetails<\/span><\/h3>\n<ul>\n<li><strong>Dauer:<\/strong> Halbtagesausflug<\/li>\n<li><strong>Tourort:<\/strong> Ostufer von Luxor<\/li>\n<li><strong>Verf\u00fcgbarkeit:<\/strong> T\u00e4glich<\/li>\n<li><strong>Abholung &amp; R\u00fccktransfer:<\/strong> Ihr Hotel in Luxor oder Nilkreuzfahrtschiff<\/li>\n<li><strong>Tourtyp:<\/strong> Privat<\/li>\n<li><strong>Rollstuhlgerecht:<\/strong> Zug\u00e4nglich<\/li>\n<\/ul>\n<h3><span style=\"color: #ff6600;\">Tour-Highlights<\/span><\/h3>\n<ul>\n<li>Karnak-Tempelkomplex<\/li>\n<\/ul>\n<h3><span style=\"color: #ff6600;\">Inklusive<\/span><\/h3>\n<ul>\n<li>Hin- und R\u00fccktransfer mit privatem Neufahrzeug<\/li>\n<li>Erfahrener \u00c4gyptologe als Reisef\u00fchrer<\/li>\n<li>Eintrittsgeb\u00fchr f\u00fcr den Karnak-Tempel<\/li>\n<\/ul>\n<h3><span style=\"color: #ff6600;\">Exklusive<\/span><\/h3>\n<ul>\n<li>Trinkgelder<\/li>\n<\/ul>\n<h3><span style=\"color: #ff6600;\">Was Sie einpacken sollten<\/span><\/h3>\n<ul>\n<li>Hut, Sonnenbrille &amp; Sonnencreme<\/li>\n<li>Bequeme Schuhe und Kleidung<\/li>\n<\/ul>\n<h2><span style=\"color: #ff6600;\">Reiseverlauf<\/span><\/h2>\n<p>Zur vereinbarten Zeit empf\u00e4ngt Sie Ihr privater <strong>\u00c4gyptologe<\/strong> in der Lobby Ihres Hotels, bereit, Ihre unvergessliche <strong>Luxor-Tagestour<\/strong> zum <strong>Karnak-Tempelkomplex<\/strong> zu beginnen, eine der <strong>besten Aktivit\u00e4ten in Luxor<\/strong>.<\/p>\n<p>Dieser weitl\u00e4ufige <strong>alt\u00e4gyptische Tempel<\/strong>, oft als die gr\u00f6\u00dfte religi\u00f6se St\u00e4tte der Welt bezeichnet, bietet einen unvergleichlichen Einblick in die <strong>alt\u00e4gyptische Zivilisation<\/strong> und <strong>alt\u00e4gyptische Geschichte<\/strong>. Ihr fachkundiger Reisef\u00fchrer wird Sie auf einer umfassenden <strong>Karnak-Tempel-Tour<\/strong> durch die wichtigsten Bereiche dieser monumentalen <strong>UNESCO-Weltkulturerbest\u00e4tte<\/strong> f\u00fchren.<\/p>\n<p>Sie spazieren \u00fcber die historische <strong>Sphingenallee<\/strong>, bestaunen den hoch aufragenden <strong>Pylon von Nektanebos I.<\/strong> und erkunden die exquisit erhaltene <strong>Barkenkapelle von Sethos II.<\/strong><\/p>\n<p>Au\u00dferdem entdecken Sie die einzigartige <strong>Rote Kapelle der Hatschepsut<\/strong> und die elegante <strong>Wei\u00dfe Kapelle des Senusret I.<\/strong> Tauchen Sie ein in die Pracht des <strong>Tempels von Ramses III.<\/strong> und die beeindruckende <strong>Festhalle des Thutmose III.<\/strong> Lassen Sie sich von der schieren Gr\u00f6\u00dfe der <strong>Gro\u00dfen Hypostylhalle<\/strong> mit ihrem Wald kolossaler S\u00e4ulen beeindrucken.<\/p>\n<p>Dar\u00fcber hinaus umfasst Ihre <strong>private Tour<\/strong> Besuche des heiligen <strong>Ptah-Tempels<\/strong>, der <strong>Sekhmet-Kapelle<\/strong> und des ruhigen <strong>Khonsu-Tempels<\/strong>. Erfahren Sie mehr \u00fcber bedeutende <strong>Feste im alten \u00c4gypten<\/strong>, einschlie\u00dflich des ber\u00fchmten <strong>Opet-Festes<\/strong>.<\/p>\n<p>Erleben Sie den majest\u00e4tischen <strong>Hatschepsut-Obelisken<\/strong>, sinnieren Sie am mystischen <strong>Heiligen See<\/strong> und ber\u00fchren Sie die verehrte <strong>Gro\u00dfe Skarab\u00e4us-Statue<\/strong> f\u00fcr Gl\u00fcck. Sie erkunden auch die alte <strong>Osiris-Kapelle<\/strong> und den faszinierenden <strong>Botanischen Garten des Thutmose III.<\/strong><\/p>\n<p>Am Ende Ihrer immersiven <strong>Karnak-Sightseeing-Tour<\/strong> bringt Sie Ihr privates Fahrzeug bequem zur\u00fcck zu Ihrem Hotel in Luxor und beendet damit Ihre unglaubliche Reise durch das <strong>alte Theben<\/strong>.<\/p>\n<h3><span style=\"color: #ff6600;\">Preis f\u00fcr Private Tour zum Karnak-Tempel von Luxor<\/span><\/h3>\n<ul>\n<li>Erwachsenenpreis = 40 $<\/li>\n<li>Kinder 0-5 Jahre = kostenlos<\/li>\n<li>Kinder 5-11 Jahre = 50 % des Erwachsenenpreises<\/li>\n<\/ul>\n<h3><span style=\"color: #ff6600;\">Buchung<\/span><\/h3>\n<p>Sie k\u00f6nnen Ihre Tour \u00fcber WhatsApp buchen oder uns eine E-Mail senden und erhalten die Best\u00e4tigung sofort.<\/p>\n<p>Bitte senden Sie uns Ihren Hotelnamen, Zimmernummer und Passkopien.<\/p>\n<p><strong>WhatsApp:<\/strong> +201000852186<\/p>\n<p><strong>E-Mail:<\/strong> info@egytourpackages.com<\/p>\n<h3><span style=\"color: #ff6600;\">Jetzt buchen &amp; vor Ort bezahlen<\/span><\/h3>\n<p>Buchen Sie Ihre Lieblingstour und bezahlen Sie am Reisetag.<\/p>\n<h3><span style=\"color: #ff6600;\">Zahlung<\/span><\/h3>\n<p>Sie k\u00f6nnen in \u00c4gyptischen Pfund, $, \u20ac oder \u00a3 bezahlen.<\/p>\n<h3><span style=\"color: #ff6600;\">Stornierungsbedingungen<\/span><\/h3>\n<ul>\n<li>Kostenlose Stornierung bis zu 24 Stunden im Voraus<\/li>\n<li>Morgendliche Stornierung betr\u00e4gt 50 % des Preises<\/li>\n<\/ul>\n","protected":false},"excerpt":{"rendered":"<p>Private Tour zum Karnak Tempel von Luxor| Entdecken Sie den gro\u00dfen Amun-Tempel und erfahren Sie mehr \u00fcber die alt\u00e4gyptische Geschichte, Religio<\/p>\n","protected":false},"featured_media":2960,"comment_status":"open","ping_status":"closed","template":"","meta":[],"product_brand":[],"product_cat":[1494],"product_tag":[1495,1516,2655],"class_list":{"0":"post-4877","1":"product","2":"type-product","3":"status-publish","4":"has-post-thumbnail","6":"product_cat-touren","7":"product_tag-agypten-tagestouren","8":"product_tag-karnak-tempel","9":"product_tag-luxor-tagestouren","10":"tour_category-agypten-tagestouren","11":"tour_category-luxor-tagestouren","13":"first","14":"instock","15":"sale","16":"shipping-taxable","17":"purchasable","18":"product-type-tour","19":"has-default-attributes"},"yoast_head":"<!-- This site is optimized with the Yoast SEO Premium plugin v27.4 (Yoast SEO v27.4) - https:\/\/yoast.com\/product\/yoast-seo-premium-wordpress\/ -->\n<title>Private Tour zum Karnak Tempel von Luxor<\/title>\n<meta name=\"description\" content=\"Private Tour zum Karnak Tempel von Luxor| Entdecken Sie den gro\u00dfen Amun-Tempel und erfahren Sie mehr \u00fcber die alt\u00e4gyptische Geschichte, Religio\" \/>\n<meta name=\"robots\" content=\"index, follow, max-snippet:-1, max-image-preview:large, max-video-preview:-1\" \/>\n<link rel=\"canonical\" href=\"https:\/\/egytourpackages.com\/de\/touren\/private-tour-zum-karnak-tempel-von-luxor\/\" \/>\n<meta property=\"og:locale\" content=\"de_DE\" \/>\n<meta property=\"og:type\" content=\"article\" \/>\n<meta property=\"og:title\" content=\"Private Tour zum Karnak Tempel von Luxor\" \/>\n<meta property=\"og:description\" content=\"Private Tour zum Karnak Tempel von Luxor| Entdecken Sie den gro\u00dfen Amun-Tempel und erfahren Sie mehr \u00fcber die alt\u00e4gyptische Geschichte, Religio\" \/>\n<meta property=\"og:url\" content=\"https:\/\/egytourpackages.com\/de\/touren\/private-tour-zum-karnak-tempel-von-luxor\/\" \/>\n<meta property=\"og:site_name\" content=\"\u00c4gypten-Reisepakete\" \/>\n<meta property=\"article:publisher\" content=\"https:\/\/www.facebook.com\/egytourpackages\" \/>\n<meta property=\"article:modified_time\" content=\"2026-01-09T12:11:28+00:00\" \/>\n<meta property=\"og:image\" content=\"https:\/\/egytourpackages.com\/wp-content\/uploads\/2023\/08\/Karnak-Temple-Complex-1024x682.jpg\" \/>\n<meta name=\"twitter:card\" content=\"summary_large_image\" \/>\n<meta name=\"twitter:title\" content=\"Private Tour zum Karnak Tempel von Luxor\" \/>\n<meta name=\"twitter:description\" content=\"Private Tour zum Karnak Tempel von Luxor| Entdecken Sie den gro\u00dfen Amun-Tempel und erfahren Sie mehr \u00fcber die alt\u00e4gyptische Geschichte, Religio\" \/>\n<meta name=\"twitter:image\" content=\"https:\/\/egytourpackages.com\/wp-content\/uploads\/2023\/08\/Karnak-Temple-Complex-1024x682.jpg\" \/>\n<meta name=\"twitter:label1\" content=\"Preis\" \/>\n\t<meta name=\"twitter:data1\" content=\"&euro;40\" \/>\n\t<meta name=\"twitter:label2\" content=\"Verf\u00fcgbarkeit\" \/>\n\t<meta name=\"twitter:data2\" content=\"Auf Lager\" \/>\n<script type=\"application\/ld+json\" class=\"yoast-schema-graph\">{\"@context\":\"https:\\\/\\\/schema.org\",\"@graph\":[{\"@type\":\"WebPage\",\"@id\":\"https:\\\/\\\/egytourpackages.com\\\/de\\\/touren\\\/private-tour-zum-karnak-tempel-von-luxor\\\/\",\"url\":\"https:\\\/\\\/egytourpackages.com\\\/de\\\/touren\\\/private-tour-zum-karnak-tempel-von-luxor\\\/\",\"name\":\"Private Tour zum Karnak Tempel von Luxor\",\"isPartOf\":{\"@id\":\"https:\\\/\\\/egytourpackages.com\\\/de\\\/#website\"},\"primaryImageOfPage\":{\"@id\":\"https:\\\/\\\/egytourpackages.com\\\/de\\\/touren\\\/private-tour-zum-karnak-tempel-von-luxor\\\/#primaryimage\"},\"image\":{\"@id\":\"https:\\\/\\\/egytourpackages.com\\\/de\\\/touren\\\/private-tour-zum-karnak-tempel-von-luxor\\\/#primaryimage\"},\"thumbnailUrl\":\"https:\\\/\\\/egytourpackages.com\\\/wp-content\\\/uploads\\\/2023\\\/08\\\/Karnak-Temple-Complex.jpg\",\"datePublished\":\"2023-08-25T15:34:23+00:00\",\"dateModified\":\"2026-01-09T12:11:28+00:00\",\"description\":\"Private Tour zum Karnak Tempel von Luxor| Entdecken Sie den gro\u00dfen Amun-Tempel und erfahren Sie mehr \u00fcber die alt\u00e4gyptische Geschichte, Religio\",\"breadcrumb\":{\"@id\":\"https:\\\/\\\/egytourpackages.com\\\/de\\\/touren\\\/private-tour-zum-karnak-tempel-von-luxor\\\/#breadcrumb\"},\"inLanguage\":\"de\",\"potentialAction\":[{\"@type\":\"ReadAction\",\"target\":[\"https:\\\/\\\/egytourpackages.com\\\/de\\\/touren\\\/private-tour-zum-karnak-tempel-von-luxor\\\/\"]}]},{\"@type\":\"ImageObject\",\"inLanguage\":\"de\",\"@id\":\"https:\\\/\\\/egytourpackages.com\\\/de\\\/touren\\\/private-tour-zum-karnak-tempel-von-luxor\\\/#primaryimage\",\"url\":\"https:\\\/\\\/egytourpackages.com\\\/wp-content\\\/uploads\\\/2023\\\/08\\\/Karnak-Temple-Complex.jpg\",\"contentUrl\":\"https:\\\/\\\/egytourpackages.com\\\/wp-content\\\/uploads\\\/2023\\\/08\\\/Karnak-Temple-Complex.jpg\",\"width\":2000,\"height\":1333,\"caption\":\"Karnak-Tempelkomplex\"},{\"@type\":\"BreadcrumbList\",\"@id\":\"https:\\\/\\\/egytourpackages.com\\\/de\\\/touren\\\/private-tour-zum-karnak-tempel-von-luxor\\\/#breadcrumb\",\"itemListElement\":[{\"@type\":\"ListItem\",\"position\":1,\"name\":\"Startseite\",\"item\":\"https:\\\/\\\/egytourpackages.com\\\/de\\\/\"},{\"@type\":\"ListItem\",\"position\":2,\"name\":\"Shop\",\"item\":\"https:\\\/\\\/egytourpackages.com\\\/de\\\/shop\\\/\"},{\"@type\":\"ListItem\",\"position\":3,\"name\":\"Private Tour zum Karnak Tempel von Luxor\"}]},{\"@type\":\"WebSite\",\"@id\":\"https:\\\/\\\/egytourpackages.com\\\/de\\\/#website\",\"url\":\"https:\\\/\\\/egytourpackages.com\\\/de\\\/\",\"name\":\"Egy tour packages\",\"description\":\"\",\"publisher\":{\"@id\":\"https:\\\/\\\/egytourpackages.com\\\/de\\\/#organization\"},\"potentialAction\":[{\"@type\":\"SearchAction\",\"target\":{\"@type\":\"EntryPoint\",\"urlTemplate\":\"https:\\\/\\\/egytourpackages.com\\\/de\\\/?s={search_term_string}\"},\"query-input\":{\"@type\":\"PropertyValueSpecification\",\"valueRequired\":true,\"valueName\":\"search_term_string\"}}],\"inLanguage\":\"de\"},{\"@type\":[\"Organization\",\"Place\",\"TravelAgency\"],\"@id\":\"https:\\\/\\\/egytourpackages.com\\\/de\\\/#organization\",\"name\":\"egypt tour packages\",\"alternateName\":\"egypt tour packages\",\"url\":\"https:\\\/\\\/egytourpackages.com\\\/de\\\/\",\"logo\":{\"@id\":\"https:\\\/\\\/egytourpackages.com\\\/de\\\/touren\\\/private-tour-zum-karnak-tempel-von-luxor\\\/#local-main-organization-logo\"},\"image\":{\"@id\":\"https:\\\/\\\/egytourpackages.com\\\/de\\\/touren\\\/private-tour-zum-karnak-tempel-von-luxor\\\/#local-main-organization-logo\"},\"sameAs\":[\"https:\\\/\\\/www.facebook.com\\\/egytourpackages\"],\"legalName\":\"Egy tour packages\",\"address\":{\"@id\":\"https:\\\/\\\/egytourpackages.com\\\/de\\\/touren\\\/private-tour-zum-karnak-tempel-von-luxor\\\/#local-main-place-address\"},\"telephone\":[\"00201000852186\",\"00201028685533\"],\"contactPoint\":{\"@type\":\"ContactPoint\",\"telephone\":\"00201000852186\"},\"openingHoursSpecification\":[{\"@type\":\"OpeningHoursSpecification\",\"dayOfWeek\":[\"Monday\",\"Tuesday\",\"Wednesday\",\"Thursday\",\"Friday\",\"Saturday\",\"Sunday\"],\"opens\":\"00:00\",\"closes\":\"23:59\"}],\"email\":\"info@egytourpackages.com\",\"areaServed\":\"Cairo, Hurghada, Luxor, Sharm El Sheikh, Marsa Alam, Aswan\",\"priceRange\":\"$\",\"currenciesAccepted\":\"euro\",\"paymentAccepted\":\"Payment links online\"},{\"@type\":\"PostalAddress\",\"@id\":\"https:\\\/\\\/egytourpackages.com\\\/de\\\/touren\\\/private-tour-zum-karnak-tempel-von-luxor\\\/#local-main-place-address\",\"streetAddress\":\"Mubarak 8, Al Kawthar District, Hurghada\",\"addressLocality\":\"Hurghada\",\"postalCode\":\"84511\",\"addressRegion\":\"Red Sea\",\"addressCountry\":\"EG\"},{\"@type\":\"ImageObject\",\"inLanguage\":\"de\",\"@id\":\"https:\\\/\\\/egytourpackages.com\\\/de\\\/touren\\\/private-tour-zum-karnak-tempel-von-luxor\\\/#local-main-organization-logo\",\"url\":\"https:\\\/\\\/egytourpackages.com\\\/wp-content\\\/uploads\\\/2025\\\/12\\\/Turquoise-Dahabiya-Nile-Cruise-1.jpeg\",\"contentUrl\":\"https:\\\/\\\/egytourpackages.com\\\/wp-content\\\/uploads\\\/2025\\\/12\\\/Turquoise-Dahabiya-Nile-Cruise-1.jpeg\",\"width\":1040,\"height\":694,\"caption\":\"egypt tour packages\"}]}<\/script>\n<meta property=\"product:brand\" content=\"\u00c4gypten Tagestouren\" \/>\n<meta property=\"product:price:amount\" content=\"40\" \/>\n<meta property=\"product:price:currency\" content=\"EUR\" \/>\n<meta property=\"og:availability\" content=\"instock\" \/>\n<meta property=\"product:availability\" content=\"instock\" \/>\n<meta property=\"product:retailer_item_id\" content=\"LDT02\" \/>\n<meta property=\"product:condition\" content=\"new\" \/>\n<meta name=\"geo.placename\" content=\"Hurghada\" \/>\n<meta name=\"geo.region\" content=\"\u00c4gypten\" \/>\n<!-- \/ Yoast SEO Premium plugin. -->","yoast_head_json":{"title":"Private Tour zum Karnak Tempel von Luxor","description":"Private Tour zum Karnak Tempel von Luxor| Entdecken Sie den gro\u00dfen Amun-Tempel und erfahren Sie mehr \u00fcber die alt\u00e4gyptische Geschichte, Religio","robots":{"index":"index","follow":"follow","max-snippet":"max-snippet:-1","max-image-preview":"max-image-preview:large","max-video-preview":"max-video-preview:-1"},"canonical":"https:\/\/egytourpackages.com\/de\/touren\/private-tour-zum-karnak-tempel-von-luxor\/","og_locale":"de_DE","og_type":"article","og_title":"Private Tour zum Karnak Tempel von Luxor","og_description":"Private Tour zum Karnak Tempel von Luxor| Entdecken Sie den gro\u00dfen Amun-Tempel und erfahren Sie mehr \u00fcber die alt\u00e4gyptische Geschichte, Religio","og_url":"https:\/\/egytourpackages.com\/de\/touren\/private-tour-zum-karnak-tempel-von-luxor\/","og_site_name":"\u00c4gypten-Reisepakete","article_publisher":"https:\/\/www.facebook.com\/egytourpackages","article_modified_time":"2026-01-09T12:11:28+00:00","og_image":[{"url":"https:\/\/egytourpackages.com\/wp-content\/uploads\/2023\/08\/Karnak-Temple-Complex-1024x682.jpg","type":"","width":"","height":""}],"twitter_card":"summary_large_image","twitter_title":"Private Tour zum Karnak Tempel von Luxor","twitter_description":"Private Tour zum Karnak Tempel von Luxor| Entdecken Sie den gro\u00dfen Amun-Tempel und erfahren Sie mehr \u00fcber die alt\u00e4gyptische Geschichte, Religio","twitter_image":"https:\/\/egytourpackages.com\/wp-content\/uploads\/2023\/08\/Karnak-Temple-Complex-1024x682.jpg","twitter_misc":{"Preis":"&euro;40","Verf\u00fcgbarkeit":"Auf Lager"},"schema":{"@context":"https:\/\/schema.org","@graph":[{"@type":"WebPage","@id":"https:\/\/egytourpackages.com\/de\/touren\/private-tour-zum-karnak-tempel-von-luxor\/","url":"https:\/\/egytourpackages.com\/de\/touren\/private-tour-zum-karnak-tempel-von-luxor\/","name":"Private Tour zum Karnak Tempel von Luxor","isPartOf":{"@id":"https:\/\/egytourpackages.com\/de\/#website"},"primaryImageOfPage":{"@id":"https:\/\/egytourpackages.com\/de\/touren\/private-tour-zum-karnak-tempel-von-luxor\/#primaryimage"},"image":{"@id":"https:\/\/egytourpackages.com\/de\/touren\/private-tour-zum-karnak-tempel-von-luxor\/#primaryimage"},"thumbnailUrl":"https:\/\/egytourpackages.com\/wp-content\/uploads\/2023\/08\/Karnak-Temple-Complex.jpg","datePublished":"2023-08-25T15:34:23+00:00","dateModified":"2026-01-09T12:11:28+00:00","description":"Private Tour zum Karnak Tempel von Luxor| Entdecken Sie den gro\u00dfen Amun-Tempel und erfahren Sie mehr \u00fcber die alt\u00e4gyptische Geschichte, Religio","breadcrumb":{"@id":"https:\/\/egytourpackages.com\/de\/touren\/private-tour-zum-karnak-tempel-von-luxor\/#breadcrumb"},"inLanguage":"de","potentialAction":[{"@type":"ReadAction","target":["https:\/\/egytourpackages.com\/de\/touren\/private-tour-zum-karnak-tempel-von-luxor\/"]}]},{"@type":"ImageObject","inLanguage":"de","@id":"https:\/\/egytourpackages.com\/de\/touren\/private-tour-zum-karnak-tempel-von-luxor\/#primaryimage","url":"https:\/\/egytourpackages.com\/wp-content\/uploads\/2023\/08\/Karnak-Temple-Complex.jpg","contentUrl":"https:\/\/egytourpackages.com\/wp-content\/uploads\/2023\/08\/Karnak-Temple-Complex.jpg","width":2000,"height":1333,"caption":"Karnak-Tempelkomplex"},{"@type":"BreadcrumbList","@id":"https:\/\/egytourpackages.com\/de\/touren\/private-tour-zum-karnak-tempel-von-luxor\/#breadcrumb","itemListElement":[{"@type":"ListItem","position":1,"name":"Startseite","item":"https:\/\/egytourpackages.com\/de\/"},{"@type":"ListItem","position":2,"name":"Shop","item":"https:\/\/egytourpackages.com\/de\/shop\/"},{"@type":"ListItem","position":3,"name":"Private Tour zum Karnak Tempel von Luxor"}]},{"@type":"WebSite","@id":"https:\/\/egytourpackages.com\/de\/#website","url":"https:\/\/egytourpackages.com\/de\/","name":"Egy tour packages","description":"","publisher":{"@id":"https:\/\/egytourpackages.com\/de\/#organization"},"potentialAction":[{"@type":"SearchAction","target":{"@type":"EntryPoint","urlTemplate":"https:\/\/egytourpackages.com\/de\/?s={search_term_string}"},"query-input":{"@type":"PropertyValueSpecification","valueRequired":true,"valueName":"search_term_string"}}],"inLanguage":"de"},{"@type":["Organization","Place","TravelAgency"],"@id":"https:\/\/egytourpackages.com\/de\/#organization","name":"egypt tour packages","alternateName":"egypt tour packages","url":"https:\/\/egytourpackages.com\/de\/","logo":{"@id":"https:\/\/egytourpackages.com\/de\/touren\/private-tour-zum-karnak-tempel-von-luxor\/#local-main-organization-logo"},"image":{"@id":"https:\/\/egytourpackages.com\/de\/touren\/private-tour-zum-karnak-tempel-von-luxor\/#local-main-organization-logo"},"sameAs":["https:\/\/www.facebook.com\/egytourpackages"],"legalName":"Egy tour packages","address":{"@id":"https:\/\/egytourpackages.com\/de\/touren\/private-tour-zum-karnak-tempel-von-luxor\/#local-main-place-address"},"telephone":["00201000852186","00201028685533"],"contactPoint":{"@type":"ContactPoint","telephone":"00201000852186"},"openingHoursSpecification":[{"@type":"OpeningHoursSpecification","dayOfWeek":["Monday","Tuesday","Wednesday","Thursday","Friday","Saturday","Sunday"],"opens":"00:00","closes":"23:59"}],"email":"info@egytourpackages.com","areaServed":"Cairo, Hurghada, Luxor, Sharm El Sheikh, Marsa Alam, Aswan","priceRange":"$","currenciesAccepted":"euro","paymentAccepted":"Payment links online"},{"@type":"PostalAddress","@id":"https:\/\/egytourpackages.com\/de\/touren\/private-tour-zum-karnak-tempel-von-luxor\/#local-main-place-address","streetAddress":"Mubarak 8, Al Kawthar District, Hurghada","addressLocality":"Hurghada","postalCode":"84511","addressRegion":"Red Sea","addressCountry":"EG"},{"@type":"ImageObject","inLanguage":"de","@id":"https:\/\/egytourpackages.com\/de\/touren\/private-tour-zum-karnak-tempel-von-luxor\/#local-main-organization-logo","url":"https:\/\/egytourpackages.com\/wp-content\/uploads\/2025\/12\/Turquoise-Dahabiya-Nile-Cruise-1.jpeg","contentUrl":"https:\/\/egytourpackages.com\/wp-content\/uploads\/2025\/12\/Turquoise-Dahabiya-Nile-Cruise-1.jpeg","width":1040,"height":694,"caption":"egypt tour packages"}]},"product_brand":"\u00c4gypten Tagestouren","product_price_amount":"40","product_price_currency":"EUR","og_availability":"instock","product_availability":"instock","product_retailer_item_id":"LDT02","product_condition":"new","geo.placename":"Hurghada","geo.region":"\u00c4gypten"},"_links":{"self":[{"href":"https:\/\/egytourpackages.com\/de\/wp-json\/wp\/v2\/product\/4877","targetHints":{"allow":["GET"]}}],"collection":[{"href":"https:\/\/egytourpackages.com\/de\/wp-json\/wp\/v2\/product"}],"about":[{"href":"https:\/\/egytourpackages.com\/de\/wp-json\/wp\/v2\/types\/product"}],"replies":[{"embeddable":true,"href":"https:\/\/egytourpackages.com\/de\/wp-json\/wp\/v2\/comments?post=4877"}],"wp:featuredmedia":[{"embeddable":true,"href":"https:\/\/egytourpackages.com\/de\/wp-json\/wp\/v2\/media\/2960"}],"wp:attachment":[{"href":"https:\/\/egytourpackages.com\/de\/wp-json\/wp\/v2\/media?parent=4877"}],"wp:term":[{"taxonomy":"product_brand","embeddable":true,"href":"https:\/\/egytourpackages.com\/de\/wp-json\/wp\/v2\/product_brand?post=4877"},{"taxonomy":"product_cat","embeddable":true,"href":"https:\/\/egytourpackages.com\/de\/wp-json\/wp\/v2\/product_cat?post=4877"},{"taxonomy":"product_tag","embeddable":true,"href":"https:\/\/egytourpackages.com\/de\/wp-json\/wp\/v2\/product_tag?post=4877"}],"curies":[{"name":"wp","href":"https:\/\/api.w.org\/{rel}","templated":true}]}}