{"id":4921,"date":"2025-07-06T05:29:09","date_gmt":"2025-07-06T05:29:09","guid":{"rendered":"https:\/\/egytourpackages.com\/product\/orange-bay-hurghada-schnorchelausflug\/"},"modified":"2026-01-28T23:54:38","modified_gmt":"2026-01-28T23:54:38","slug":"orange-bay-hurghada-schnorchelausflug","status":"publish","type":"product","link":"https:\/\/egytourpackages.com\/de\/touren\/orange-bay-hurghada-schnorchelausflug\/","title":{"rendered":"Orange Bay Hurghada Schnorchelausflug"},"content":{"rendered":"<p><strong><span style=\"color: #ff6600;\">Orange Bay Hurghada Schnorchelausflug<\/span><\/strong><\/p>\n<p><span style=\"color: #ff6600;\">\u00dcberblick<\/span><\/p>\n<p>Machen Sie sich bereit f\u00fcr den <strong>Orange Bay Hurghada Schnorchel-Ausflug<\/strong>, ein wirklich einzigartiges und lohnenswertes Erlebnis in Hurghada! Dieser <strong>Bootsausflug von Hurghada<\/strong> zum <strong>Giftun Inseln Nationalpark<\/strong> ist eine ideale <a href=\"https:\/\/egytourpackages.com\/de\/Reisekategorie\/hurghada-ausfluge\/\">Hurghada Exkursion<\/a> f\u00fcr jedermann. Von <strong>Familien mit Kindern<\/strong> und <strong>romantischen Paaren<\/strong>, die ein <strong>romantik Abenteuer<\/strong> suchen, bis hin zu <strong>Alleinreisenden<\/strong> und <strong>Senioren mit eingeschr\u00e4nkter Mobilit\u00e4t<\/strong>, die <strong>Single Urlaube \u00fcber 50<\/strong> suchen.<\/p>\n<p>Wenn Sie nach den <strong>besten Familienstrandurlauben g\u00fcnstig<\/strong> oder einem atemberaubenden <strong>Karibik Urlaubsort f\u00fcr Familien<\/strong> suchen, dann ist dieses <strong>\u201cMalediven \u00c4gyptens\u201d<\/strong> oder <strong>Rotes Meer Paradies<\/strong> genau das Richtige.<\/p>\n<p>Orange Bay Hurghada, als Teil des <strong>Giftun Inseln Nationalparks<\/strong>, bietet weichen, wei\u00dfen Sand und faszinierendes <strong>t\u00fcrkisfarbenes Wasser<\/strong>. Tats\u00e4chlich bietet ein <strong>Bootsausflug von Hurghada<\/strong> zur Orange Bay beispielloses <strong>Schnorcheln in Hurghada<\/strong>, das reiche <strong>Korallenriffe<\/strong> und vielf\u00e4ltiges <strong>Meeresleben<\/strong> offenbart. Es ist perfekt f\u00fcr einen <strong>familienfreundlichen Tagesausflug<\/strong>, der Entspannung am wundersch\u00f6nen <strong>Orange Bay Strand<\/strong> mit aufregenden <strong>Wassersport<\/strong>-Aktivit\u00e4ten und k\u00f6stlichen Mittagessen an Bord verbindet.<\/p>\n<h3><span style=\"color: #ff6600;\">Details<\/span><\/h3>\n<ul>\n<li>Dauer: 7 Stunden<\/li>\n<li>Tour Ort: Hurghada \u2013 Rotes Meer<\/li>\n<li>Verf\u00fcgbarkeit: T\u00e4glich<\/li>\n<li>Tour Typ: Gruppe<\/li>\n<li>Abholung &amp; R\u00fccktransfer: Ihr Hotel in Hurghada<\/li>\n<li>Rollstuhlgerecht: Zug\u00e4nglich<\/li>\n<\/ul>\n<h3><span style=\"color: #ff6600;\">Inklusivleistungen<\/span><\/h3>\n<ul>\n<li>Hin- und R\u00fccktransfer<\/li>\n<li>Schnorchelausr\u00fcstung<\/li>\n<li>Professioneller Schnorchel-Guide<\/li>\n<li>Zeit auf Orange Bay Island<\/li>\n<li>Zwei Schnorchel-Stopps<\/li>\n<li>Mittagsbuffet<\/li>\n<li>Alkoholfreie Getr\u00e4nke &amp; Mineralwasser<\/li>\n<li>Wassersport<\/li>\n<li>Eintrittsgeb\u00fchr Nationalpark<\/li>\n<\/ul>\n<h3><span style=\"color: #ff6600;\">Exklusivleistungen<\/span><\/h3>\n<ul>\n<li>Transfers von Hotels au\u00dferhalb des Stadtzentrums von Hurghada<strong>:<\/strong> Ein Aufpreis f\u00e4llt oft f\u00fcr Abholungen von Gebieten wie Makadi Bay, Soma Bay, Sahl Hasheesh und El Gouna an (10 $ pro Person).<\/li>\n<li>Getr\u00e4nke auf Orange Bay Island<\/li>\n<li>Trinkgelder<\/li>\n<li>Pers\u00f6nliche Ausgaben<\/li>\n<li>Unterwasserfotografie-\/Videografie-Dienste<\/li>\n<\/ul>\n<h3><span style=\"color: #ff6600;\">Was mitnehmen<\/span><\/h3>\n<p>Um einen komfortablen und angenehmen Tag zu gew\u00e4hrleisten, packen Sie Folgendes ein:<\/p>\n<ul>\n<li>Badebekleidung<\/li>\n<li>Handtuch<\/li>\n<li>Sonnencreme<\/li>\n<li>Hut<\/li>\n<li>Sonnenbrille<\/li>\n<li>Wasserschuhe\/Riffschuhe<\/li>\n<li>Kamera (wasserdicht\/Unterwasser)<\/li>\n<li>Kleiner Rucksack oder Tagesrucksack<\/li>\n<li>Bargeld<\/li>\n<li>Reisepass oder Personalausweis (eine Kopie ist normalerweise ausreichend)<\/li>\n<li>Reisekrankheit Medikamente<\/li>\n<\/ul>\n<h2><span style=\"color: #ff6600;\">Orange Bay Hurghada Schnorchel-Ausflug Reiseroute<\/span><\/h2>\n<h3><span style=\"color: #ff6600;\">Morgenliche Hotelabholung<\/span><\/h3>\n<p>Ihr <strong>Orange Bay Hurghada Schnorchel-Erlebnis<\/strong> beginnt mit einem komfortablen, klimatisierten Transfer direkt von Ihrem Hotel in Hurghada. F\u00fcr Hotels au\u00dferhalb des Zentrums von Hurghada (wie Makadi Bay, Soma Bay, Sahl Hasheesh, El Gouna) kann ein kleiner Aufpreis anfallen.<\/p>\n<h3><span style=\"color: #ff6600;\">Ankunft am Yachthafen<\/span><\/h3>\n<p>Bei der Ankunft am Yachthafen werden Sie herzlich von der Bootsbesatzung empfangen und besteigen Ihre ger\u00e4umige Yacht. Sie k\u00f6nnen sich nun auf dem Sonnendeck oder an der Rezeption aufhalten, oder Sie erhalten eine <strong>hochwertige Schnorchelausr\u00fcstung<\/strong> (Maske, Flossen, Schwimmweste).<\/p>\n<h3><span style=\"color: #ff6600;\">Fahrt zur Orange Bay<\/span><\/h3>\n<p>Sobald Sie die Orange Bay Insel erreichen, entdecken Sie den unber\u00fchrten <strong>weichen, wei\u00dfen Sand<\/strong> und das unglaublich <strong>klare Wasser<\/strong> der Orange Bay. Sie haben viel Freizeit zur Entspannung und zum Vergn\u00fcgen. Ob Sie auf einem Sitzsack entspannen, ein erfrischendes Bad in den flachen Lagunen nehmen oder einfach die Sonne genie\u00dfen. Tats\u00e4chlich bietet Orange Bay wunderbare <strong>Aktivit\u00e4ten f\u00fcr Kinder, Familien und romantische Paare<\/strong>. Es ist eine der <strong>besten Hurghada Inseln f\u00fcr Hochzeitsreisende<\/strong>, die eine Abwechslung suchen und aus der Routine ausbrechen m\u00f6chten. Auch eine der sch\u00f6nsten und <strong>lustigsten Aktivit\u00e4ten drau\u00dfen mit Freunden<\/strong> von Hurghada Hotels aus. Hier haben Sie viele M\u00f6glichkeiten, einfach am weichen, wei\u00dfen Sandstrand zu entspannen, in den flachen, kristallklaren Lagunen zu schwimmen oder entlang der malerischen K\u00fcste zu schlendern.<\/p>\n<h3><span style=\"color: #ff6600;\">Erster Schnorchel-Stopp<\/span><\/h3>\n<p>Nach etwa 90 Minuten auf Orange Bay f\u00e4hrt das Boot zu einem der lebhaftesten Korallenriff-Standorte des Roten Meeres. Gef\u00fchrt von einem erfahrenen <strong>Schnorchel-Guide<\/strong> tauchen Sie in die Unterwasserwelt ein und entdecken farbenpr\u00e4chtige Fische, komplexe Korallenformationen und faszinierendes Meeresleben.<\/p>\n<h3><span style=\"color: #ff6600;\">K\u00f6stliches Mittagsbuffet an Bord<\/span><\/h3>\n<p>Nach der ersten Schnorchelsession kehren Sie zum Boot zur\u00fcck f\u00fcr ein frisch zubereitetes Mittagsbuffet. Erwarten Sie eine Vielzahl von Gerichten, oft einschlie\u00dflich gegrilltem H\u00e4hnchen oder K\u00f6fte, Reis, Pasta, Salaten und frischem Obst. Alkoholfreie Getr\u00e4nke und Mineralwasser werden typischerweise w\u00e4hrend der gesamten Kreuzfahrt serviert.<\/p>\n<h3><span style=\"color: #ff6600;\">Zweiter Schnorchel-Stopp<\/span><\/h3>\n<p>Das Boot f\u00e4hrt zu einem weiteren fantastischen Schnorchelplatz und bietet die M\u00f6glichkeit, einen anderen Abschnitt des Riffs zu erkunden und noch mehr Meereswunder zu entdecken.<\/p>\n<h3><span style=\"color: #ff6600;\">Wassersport-Spa\u00df (Bananenboot\/Sofa-Boot)<\/span><\/h3>\n<p>Beenden Sie Ihren Tag mit aufregenden Wasseraktivit\u00e4ten wie einer Bananenboot- oder Sofa-Bootsfahrt, gezogen von einem Schnellboot, die Ihrem Tag einen zus\u00e4tzlichen Nervenkitzel verleiht.<\/p>\n<h3><span style=\"color: #ff6600;\">R\u00fcckkehr zum Yachthafen &amp; Hotel-R\u00fccktransfer<\/span><\/h3>\n<p>Schlie\u00dflich f\u00e4hrt das Boot zur\u00fcck zum Yachthafen von Hurghada. Von dort werden Sie zur\u00fcck zu Ihrem Hotel gebracht, womit Ihr unvergesslicher <strong>Orange Bay Schnorcheltour<\/strong> endet. Ein <strong>Orange Bay Hurghada Schnorchelausflug<\/strong> bietet eine unvergleichliche Gelegenheit, die nat\u00fcrliche Sch\u00f6nheit des <strong>Roten Meeres<\/strong> zu erleben.<\/p>\n<h3><span style=\"color: #ff6600;\">Orange Bay Hurghada Preis<\/span><\/h3>\n<ul>\n<li>Erwachsener Preis = 25 \u20ac<\/li>\n<li>Kinder 0-5 Jahre = kostenlos<\/li>\n<li>Kinder 5-11 Jahre = 50% des Erwachsenenpreises<\/li>\n<\/ul>\n<h3><span style=\"color: #ff6600;\">Buchung<\/span><\/h3>\n<p>Sie k\u00f6nnen Ihre Tour per WhatsApp buchen oder uns eine E-Mail senden und Sie erhalten die Best\u00e4tigung vor Ort. Bitte senden Sie uns Ihren Hotelnamen, Zimmernummer, Passkopien.<\/p>\n<ul>\n<li>WhatsApp: +201000852186<\/li>\n<li>info@egytourpackages.com<\/li>\n<\/ul>\n<h3><span style=\"color: #ff6600;\">Jetzt buchen &amp; vor Ort bezahlen <\/span><\/h3>\n<p>Buchen Sie Ihre Lieblingstour und bezahlen Sie am Reisetag.<\/p>\n<h3><span style=\"color: #ff6600;\">Zahlung<\/span><\/h3>\n<p>Sie k\u00f6nnen in \u00c4gyptischen Pfund, $, \u20ac oder \u00a3 bezahlen.<\/p>\n<h3><span style=\"color: #ff6600;\">Stornierungsbedingungen<\/span><\/h3>\n<p>Stornierung ist bis 24 Stunden im Voraus kostenlos. Morgenstornierung betr\u00e4gt 50% des Preises.<\/p>\n","protected":false},"excerpt":{"rendered":"<p>Entdecken Sie Orange Bay Hurghada Schnorchelausflug: unber\u00fchrte wei\u00dfe Sandstr\u00e4nde, kristallklares Wasser &amp; lebendiges Meeresleben. Perfekt f\u00fcr Entspannung<\/p>\n","protected":false},"featured_media":4917,"comment_status":"closed","ping_status":"closed","template":"","meta":[],"product_brand":[],"product_cat":[1494],"product_tag":[1495,2754,1503,1545],"class_list":{"0":"post-4921","1":"product","2":"type-product","3":"status-publish","4":"has-post-thumbnail","6":"product_cat-touren","7":"product_tag-agypten-tagestouren","8":"product_tag-hurghada-aktivitaten","9":"product_tag-hurghada-ausfluge","10":"product_tag-hurghada-pauschalreisen","11":"tour_category-agypten-tagestouren","12":"tour_category-hurghada-ausfluge","13":"tour_category-hurghada-schnorchelausfluge","15":"first","16":"instock","17":"sale","18":"shipping-taxable","19":"purchasable","20":"product-type-tour","21":"has-default-attributes"},"yoast_head":"<!-- This site is optimized with the Yoast SEO Premium plugin v27.2 (Yoast SEO v27.2) - https:\/\/yoast.com\/product\/yoast-seo-premium-wordpress\/ -->\n<title>Orange Bay Hurghada Schnorchelausflug<\/title>\n<meta name=\"description\" content=\"Entdecken Sie Orange Bay Hurghada Schnorchelausflug: unber\u00fchrte wei\u00dfe Sandstr\u00e4nde, kristallklares Wasser &amp; lebendiges Meeresleben. Perfekt f\u00fcr Entspannung\" \/>\n<meta name=\"robots\" content=\"index, follow, max-snippet:-1, max-image-preview:large, max-video-preview:-1\" \/>\n<link rel=\"canonical\" href=\"https:\/\/egytourpackages.com\/de\/touren\/orange-bay-hurghada-schnorchelausflug\/\" \/>\n<meta property=\"og:locale\" content=\"de_DE\" \/>\n<meta property=\"og:type\" content=\"article\" \/>\n<meta property=\"og:title\" content=\"Orange Bay Hurghada Schnorchelausflug\" \/>\n<meta property=\"og:description\" content=\"Entdecken Sie Orange Bay Hurghada Schnorchelausflug: unber\u00fchrte wei\u00dfe Sandstr\u00e4nde, kristallklares Wasser &amp; lebendiges Meeresleben. Perfekt f\u00fcr Entspannung\" \/>\n<meta property=\"og:url\" content=\"https:\/\/egytourpackages.com\/de\/touren\/orange-bay-hurghada-schnorchelausflug\/\" \/>\n<meta property=\"og:site_name\" content=\"\u00c4gypten-Reisepakete\" \/>\n<meta property=\"article:publisher\" content=\"https:\/\/www.facebook.com\/egytourpackages\" \/>\n<meta property=\"article:modified_time\" content=\"2026-01-28T23:54:38+00:00\" \/>\n<meta property=\"og:image\" content=\"https:\/\/egytourpackages.com\/wp-content\/uploads\/2025\/07\/Orange-Bay-Hurghada-1024x768.jpg\" \/>\n<meta name=\"twitter:card\" content=\"summary_large_image\" \/>\n<meta name=\"twitter:title\" content=\"Orange Bay Hurghada Schnorchelausflug\" \/>\n<meta name=\"twitter:label1\" content=\"Preis\" \/>\n\t<meta name=\"twitter:data1\" content=\"&euro;25\" \/>\n\t<meta name=\"twitter:label2\" content=\"Verf\u00fcgbarkeit\" \/>\n\t<meta name=\"twitter:data2\" content=\"Auf Lager\" \/>\n<script type=\"application\/ld+json\" class=\"yoast-schema-graph\">{\"@context\":\"https:\/\/schema.org\",\"@graph\":[{\"@type\":\"WebPage\",\"@id\":\"https:\/\/egytourpackages.com\/de\/touren\/orange-bay-hurghada-schnorchelausflug\/\",\"url\":\"https:\/\/egytourpackages.com\/de\/touren\/orange-bay-hurghada-schnorchelausflug\/\",\"name\":\"Orange Bay Hurghada Schnorchelausflug\",\"isPartOf\":{\"@id\":\"https:\/\/egytourpackages.com\/de\/#website\"},\"primaryImageOfPage\":{\"@id\":\"https:\/\/egytourpackages.com\/de\/touren\/orange-bay-hurghada-schnorchelausflug\/#primaryimage\"},\"image\":{\"@id\":\"https:\/\/egytourpackages.com\/de\/touren\/orange-bay-hurghada-schnorchelausflug\/#primaryimage\"},\"thumbnailUrl\":\"https:\/\/egytourpackages.com\/wp-content\/uploads\/2025\/07\/Orange-Bay-Hurghada.jpg\",\"datePublished\":\"2025-07-06T05:29:09+00:00\",\"dateModified\":\"2026-01-28T23:54:38+00:00\",\"description\":\"Entdecken Sie Orange Bay Hurghada Schnorchelausflug: unber\u00fchrte wei\u00dfe Sandstr\u00e4nde, kristallklares Wasser & lebendiges Meeresleben. Perfekt f\u00fcr Entspannung\",\"breadcrumb\":{\"@id\":\"https:\/\/egytourpackages.com\/de\/touren\/orange-bay-hurghada-schnorchelausflug\/#breadcrumb\"},\"inLanguage\":\"de\",\"potentialAction\":[{\"@type\":\"ReadAction\",\"target\":[\"https:\/\/egytourpackages.com\/de\/touren\/orange-bay-hurghada-schnorchelausflug\/\"]}]},{\"@type\":\"ImageObject\",\"inLanguage\":\"de\",\"@id\":\"https:\/\/egytourpackages.com\/de\/touren\/orange-bay-hurghada-schnorchelausflug\/#primaryimage\",\"url\":\"https:\/\/egytourpackages.com\/wp-content\/uploads\/2025\/07\/Orange-Bay-Hurghada.jpg\",\"contentUrl\":\"https:\/\/egytourpackages.com\/wp-content\/uploads\/2025\/07\/Orange-Bay-Hurghada.jpg\",\"width\":1800,\"height\":1350,\"caption\":\"Orange Bay Hurghada\"},{\"@type\":\"BreadcrumbList\",\"@id\":\"https:\/\/egytourpackages.com\/de\/touren\/orange-bay-hurghada-schnorchelausflug\/#breadcrumb\",\"itemListElement\":[{\"@type\":\"ListItem\",\"position\":1,\"name\":\"Startseite\",\"item\":\"https:\/\/egytourpackages.com\/de\/\"},{\"@type\":\"ListItem\",\"position\":2,\"name\":\"Shop\",\"item\":\"https:\/\/egytourpackages.com\/de\/shop\/\"},{\"@type\":\"ListItem\",\"position\":3,\"name\":\"Orange Bay Hurghada Schnorchelausflug\"}]},{\"@type\":\"WebSite\",\"@id\":\"https:\/\/egytourpackages.com\/de\/#website\",\"url\":\"https:\/\/egytourpackages.com\/de\/\",\"name\":\"Egy tour packages\",\"description\":\"\",\"publisher\":{\"@id\":\"https:\/\/egytourpackages.com\/de\/#organization\"},\"potentialAction\":[{\"@type\":\"SearchAction\",\"target\":{\"@type\":\"EntryPoint\",\"urlTemplate\":\"https:\/\/egytourpackages.com\/de\/?s={search_term_string}\"},\"query-input\":{\"@type\":\"PropertyValueSpecification\",\"valueRequired\":true,\"valueName\":\"search_term_string\"}}],\"inLanguage\":\"de\"},{\"@type\":[\"Organization\",\"Place\",\"TravelAgency\"],\"@id\":\"https:\/\/egytourpackages.com\/de\/#organization\",\"name\":\"egypt tour packages\",\"alternateName\":\"egypt tour packages\",\"url\":\"https:\/\/egytourpackages.com\/de\/\",\"logo\":{\"@id\":\"https:\/\/egytourpackages.com\/de\/touren\/orange-bay-hurghada-schnorchelausflug\/#local-main-organization-logo\"},\"image\":{\"@id\":\"https:\/\/egytourpackages.com\/de\/touren\/orange-bay-hurghada-schnorchelausflug\/#local-main-organization-logo\"},\"sameAs\":[\"https:\/\/www.facebook.com\/egytourpackages\"],\"legalName\":\"Egy tour packages\",\"address\":{\"@id\":\"https:\/\/egytourpackages.com\/de\/touren\/orange-bay-hurghada-schnorchelausflug\/#local-main-place-address\"},\"telephone\":[\"00201000852186\",\"00201028685533\"],\"contactPoint\":{\"@type\":\"ContactPoint\",\"telephone\":\"00201000852186\"},\"openingHoursSpecification\":[{\"@type\":\"OpeningHoursSpecification\",\"dayOfWeek\":[\"Monday\",\"Tuesday\",\"Wednesday\",\"Thursday\",\"Friday\",\"Saturday\",\"Sunday\"],\"opens\":\"00:00\",\"closes\":\"23:59\"}],\"email\":\"info@egytourpackages.com\",\"areaServed\":\"Cairo, Hurghada, Luxor, Sharm El Sheikh, Marsa Alam, Aswan\",\"priceRange\":\"$\",\"currenciesAccepted\":\"euro\",\"paymentAccepted\":\"Payment links online\"},{\"@type\":\"PostalAddress\",\"@id\":\"https:\/\/egytourpackages.com\/de\/touren\/orange-bay-hurghada-schnorchelausflug\/#local-main-place-address\",\"streetAddress\":\"Mubarak 8, Al Kawthar District, Hurghada\",\"addressLocality\":\"Hurghada\",\"postalCode\":\"84511\",\"addressRegion\":\"Red Sea\",\"addressCountry\":\"EG\"},{\"@type\":\"ImageObject\",\"inLanguage\":\"de\",\"@id\":\"https:\/\/egytourpackages.com\/de\/touren\/orange-bay-hurghada-schnorchelausflug\/#local-main-organization-logo\",\"url\":\"https:\/\/egytourpackages.com\/wp-content\/uploads\/2025\/12\/Turquoise-Dahabiya-Nile-Cruise-1.jpeg\",\"contentUrl\":\"https:\/\/egytourpackages.com\/wp-content\/uploads\/2025\/12\/Turquoise-Dahabiya-Nile-Cruise-1.jpeg\",\"width\":1040,\"height\":694,\"caption\":\"egypt tour packages\"}]}<\/script>\n<meta property=\"product:brand\" content=\"\u00c4gypten Tagestouren\" \/>\n<meta property=\"product:price:amount\" content=\"25\" \/>\n<meta property=\"product:price:currency\" content=\"EUR\" \/>\n<meta property=\"og:availability\" content=\"instock\" \/>\n<meta property=\"product:availability\" content=\"instock\" \/>\n<meta property=\"product:retailer_item_id\" content=\"HDT21\" \/>\n<meta property=\"product:condition\" content=\"new\" \/>\n<meta name=\"geo.placename\" content=\"Hurghada\" \/>\n<meta name=\"geo.region\" content=\"\u00c4gypten\" \/>\n<!-- \/ Yoast SEO Premium plugin. -->","yoast_head_json":{"title":"Orange Bay Hurghada Schnorchelausflug","description":"Entdecken Sie Orange Bay Hurghada Schnorchelausflug: unber\u00fchrte wei\u00dfe Sandstr\u00e4nde, kristallklares Wasser & lebendiges Meeresleben. Perfekt f\u00fcr Entspannung","robots":{"index":"index","follow":"follow","max-snippet":"max-snippet:-1","max-image-preview":"max-image-preview:large","max-video-preview":"max-video-preview:-1"},"canonical":"https:\/\/egytourpackages.com\/de\/touren\/orange-bay-hurghada-schnorchelausflug\/","og_locale":"de_DE","og_type":"article","og_title":"Orange Bay Hurghada Schnorchelausflug","og_description":"Entdecken Sie Orange Bay Hurghada Schnorchelausflug: unber\u00fchrte wei\u00dfe Sandstr\u00e4nde, kristallklares Wasser & lebendiges Meeresleben. Perfekt f\u00fcr Entspannung","og_url":"https:\/\/egytourpackages.com\/de\/touren\/orange-bay-hurghada-schnorchelausflug\/","og_site_name":"\u00c4gypten-Reisepakete","article_publisher":"https:\/\/www.facebook.com\/egytourpackages","article_modified_time":"2026-01-28T23:54:38+00:00","og_image":[{"url":"https:\/\/egytourpackages.com\/wp-content\/uploads\/2025\/07\/Orange-Bay-Hurghada-1024x768.jpg","type":"","width":"","height":""}],"twitter_card":"summary_large_image","twitter_title":"Orange Bay Hurghada Schnorchelausflug","twitter_misc":{"Preis":"&euro;25","Verf\u00fcgbarkeit":"Auf Lager"},"schema":{"@context":"https:\/\/schema.org","@graph":[{"@type":"WebPage","@id":"https:\/\/egytourpackages.com\/de\/touren\/orange-bay-hurghada-schnorchelausflug\/","url":"https:\/\/egytourpackages.com\/de\/touren\/orange-bay-hurghada-schnorchelausflug\/","name":"Orange Bay Hurghada Schnorchelausflug","isPartOf":{"@id":"https:\/\/egytourpackages.com\/de\/#website"},"primaryImageOfPage":{"@id":"https:\/\/egytourpackages.com\/de\/touren\/orange-bay-hurghada-schnorchelausflug\/#primaryimage"},"image":{"@id":"https:\/\/egytourpackages.com\/de\/touren\/orange-bay-hurghada-schnorchelausflug\/#primaryimage"},"thumbnailUrl":"https:\/\/egytourpackages.com\/wp-content\/uploads\/2025\/07\/Orange-Bay-Hurghada.jpg","datePublished":"2025-07-06T05:29:09+00:00","dateModified":"2026-01-28T23:54:38+00:00","description":"Entdecken Sie Orange Bay Hurghada Schnorchelausflug: unber\u00fchrte wei\u00dfe Sandstr\u00e4nde, kristallklares Wasser & lebendiges Meeresleben. Perfekt f\u00fcr Entspannung","breadcrumb":{"@id":"https:\/\/egytourpackages.com\/de\/touren\/orange-bay-hurghada-schnorchelausflug\/#breadcrumb"},"inLanguage":"de","potentialAction":[{"@type":"ReadAction","target":["https:\/\/egytourpackages.com\/de\/touren\/orange-bay-hurghada-schnorchelausflug\/"]}]},{"@type":"ImageObject","inLanguage":"de","@id":"https:\/\/egytourpackages.com\/de\/touren\/orange-bay-hurghada-schnorchelausflug\/#primaryimage","url":"https:\/\/egytourpackages.com\/wp-content\/uploads\/2025\/07\/Orange-Bay-Hurghada.jpg","contentUrl":"https:\/\/egytourpackages.com\/wp-content\/uploads\/2025\/07\/Orange-Bay-Hurghada.jpg","width":1800,"height":1350,"caption":"Orange Bay Hurghada"},{"@type":"BreadcrumbList","@id":"https:\/\/egytourpackages.com\/de\/touren\/orange-bay-hurghada-schnorchelausflug\/#breadcrumb","itemListElement":[{"@type":"ListItem","position":1,"name":"Startseite","item":"https:\/\/egytourpackages.com\/de\/"},{"@type":"ListItem","position":2,"name":"Shop","item":"https:\/\/egytourpackages.com\/de\/shop\/"},{"@type":"ListItem","position":3,"name":"Orange Bay Hurghada Schnorchelausflug"}]},{"@type":"WebSite","@id":"https:\/\/egytourpackages.com\/de\/#website","url":"https:\/\/egytourpackages.com\/de\/","name":"Egy tour packages","description":"","publisher":{"@id":"https:\/\/egytourpackages.com\/de\/#organization"},"potentialAction":[{"@type":"SearchAction","target":{"@type":"EntryPoint","urlTemplate":"https:\/\/egytourpackages.com\/de\/?s={search_term_string}"},"query-input":{"@type":"PropertyValueSpecification","valueRequired":true,"valueName":"search_term_string"}}],"inLanguage":"de"},{"@type":["Organization","Place","TravelAgency"],"@id":"https:\/\/egytourpackages.com\/de\/#organization","name":"egypt tour packages","alternateName":"egypt tour packages","url":"https:\/\/egytourpackages.com\/de\/","logo":{"@id":"https:\/\/egytourpackages.com\/de\/touren\/orange-bay-hurghada-schnorchelausflug\/#local-main-organization-logo"},"image":{"@id":"https:\/\/egytourpackages.com\/de\/touren\/orange-bay-hurghada-schnorchelausflug\/#local-main-organization-logo"},"sameAs":["https:\/\/www.facebook.com\/egytourpackages"],"legalName":"Egy tour packages","address":{"@id":"https:\/\/egytourpackages.com\/de\/touren\/orange-bay-hurghada-schnorchelausflug\/#local-main-place-address"},"telephone":["00201000852186","00201028685533"],"contactPoint":{"@type":"ContactPoint","telephone":"00201000852186"},"openingHoursSpecification":[{"@type":"OpeningHoursSpecification","dayOfWeek":["Monday","Tuesday","Wednesday","Thursday","Friday","Saturday","Sunday"],"opens":"00:00","closes":"23:59"}],"email":"info@egytourpackages.com","areaServed":"Cairo, Hurghada, Luxor, Sharm El Sheikh, Marsa Alam, Aswan","priceRange":"$","currenciesAccepted":"euro","paymentAccepted":"Payment links online"},{"@type":"PostalAddress","@id":"https:\/\/egytourpackages.com\/de\/touren\/orange-bay-hurghada-schnorchelausflug\/#local-main-place-address","streetAddress":"Mubarak 8, Al Kawthar District, Hurghada","addressLocality":"Hurghada","postalCode":"84511","addressRegion":"Red Sea","addressCountry":"EG"},{"@type":"ImageObject","inLanguage":"de","@id":"https:\/\/egytourpackages.com\/de\/touren\/orange-bay-hurghada-schnorchelausflug\/#local-main-organization-logo","url":"https:\/\/egytourpackages.com\/wp-content\/uploads\/2025\/12\/Turquoise-Dahabiya-Nile-Cruise-1.jpeg","contentUrl":"https:\/\/egytourpackages.com\/wp-content\/uploads\/2025\/12\/Turquoise-Dahabiya-Nile-Cruise-1.jpeg","width":1040,"height":694,"caption":"egypt tour packages"}]},"product_brand":"\u00c4gypten Tagestouren","product_price_amount":"25","product_price_currency":"EUR","og_availability":"instock","product_availability":"instock","product_retailer_item_id":"HDT21","product_condition":"new","geo.placename":"Hurghada","geo.region":"\u00c4gypten"},"_links":{"self":[{"href":"https:\/\/egytourpackages.com\/de\/wp-json\/wp\/v2\/product\/4921","targetHints":{"allow":["GET"]}}],"collection":[{"href":"https:\/\/egytourpackages.com\/de\/wp-json\/wp\/v2\/product"}],"about":[{"href":"https:\/\/egytourpackages.com\/de\/wp-json\/wp\/v2\/types\/product"}],"replies":[{"embeddable":true,"href":"https:\/\/egytourpackages.com\/de\/wp-json\/wp\/v2\/comments?post=4921"}],"wp:featuredmedia":[{"embeddable":true,"href":"https:\/\/egytourpackages.com\/de\/wp-json\/wp\/v2\/media\/4917"}],"wp:attachment":[{"href":"https:\/\/egytourpackages.com\/de\/wp-json\/wp\/v2\/media?parent=4921"}],"wp:term":[{"taxonomy":"product_brand","embeddable":true,"href":"https:\/\/egytourpackages.com\/de\/wp-json\/wp\/v2\/product_brand?post=4921"},{"taxonomy":"product_cat","embeddable":true,"href":"https:\/\/egytourpackages.com\/de\/wp-json\/wp\/v2\/product_cat?post=4921"},{"taxonomy":"product_tag","embeddable":true,"href":"https:\/\/egytourpackages.com\/de\/wp-json\/wp\/v2\/product_tag?post=4921"}],"curies":[{"name":"wp","href":"https:\/\/api.w.org\/{rel}","templated":true}]}}