{"id":4964,"date":"2023-07-15T00:02:49","date_gmt":"2023-07-15T00:02:49","guid":{"rendered":"https:\/\/egytourpackages.com\/product\/dendera-und-abydos-ab-makadi-bay\/"},"modified":"2026-01-28T17:52:52","modified_gmt":"2026-01-28T17:52:52","slug":"dendera-und-abydos-ab-makadi-bay","status":"publish","type":"product","link":"https:\/\/egytourpackages.com\/de\/touren\/dendera-und-abydos-ab-makadi-bay\/","title":{"rendered":"Dendera und Abydos ab Makadi Bay"},"content":{"rendered":"<p><strong><span style=\"color: #ff6600;\">Dendera und Abydos ab Makadi Bay | Beste Makadi Bay Ausfl\u00fcge<\/span><\/strong><\/p>\n<p>Entdecken Sie das Beste der <strong>alt\u00e4gyptischen Geschichte<\/strong> mit unserem exklusiven Ausflug <strong>Dendera und Abydos ab Makadi Bay<\/strong>. Diese faszinierende <strong>Privattour<\/strong> bietet eine einzigartige Gelegenheit, zwei der <strong>am besten erhaltenen Tempel \u00c4gyptens<\/strong> zu erkunden, abseits der ausgetretenen Touristenpfade, was ein intimeres und ruhigeres Erlebnis gew\u00e4hrleistet.<\/p>\n<p>Ihr <strong>Makadi Bay Ausflug<\/strong> beginnt mit einem komfortablen <strong>privaten Transfer<\/strong> durch das malerische Niltal, das Ihnen auf dem Weg zu diesen heiligen St\u00e4tten malerische Ausblicke bietet. Zuerst erreichen Sie den pr\u00e4chtigen <strong>Tempelkomplex von Dendera<\/strong>, der der <strong>G\u00f6ttin Hathor<\/strong> gewidmet ist. Bestaunen Sie hier die lebendigen, gut erhaltenen Reliefs, den ber\u00fchmten <strong>Tierkreis von Dendera<\/strong>, die <strong>Krypten<\/strong> und haben Sie sogar Zugang zum Tempeldach f\u00fcr atemberaubende Panoramablicke.<\/p>\n<p>Setzen Sie Ihre <strong>\u00c4gypten-Tour<\/strong> fort zur heiligen Stadt Abydos, Heimat des verehrten <strong>Tempels von Seti I<\/strong>. Dieser Ort ist von zentraler Bedeutung f\u00fcr die <strong>alt\u00e4gyptische Mythologie<\/strong> als Kultzentrum des Osiris. Erleben Sie die erstaunlich detaillierte <strong>K\u00f6nigsliste von Abydos<\/strong> und die kunstvollen, erhabenen Reliefs, die zu den sch\u00f6nsten in <strong>\u00c4gypten<\/strong> z\u00e4hlen.<\/p>\n<p>Diese <strong>Ganztagestour<\/strong> von Ihrem <strong>Hotel in Makadi Bay<\/strong> verbindet Sie mit Jahrtausenden von Geschichte und spiritueller Bedeutung und bietet ein <strong>unvergessliches Kulturerlebnis<\/strong> abseits der Menschenmassen. Sichern Sie sich Ihre <strong>Dendera und Abydos Tour<\/strong> f\u00fcr einen wirklich einzigartigen Einblick in <strong>\u00c4gyptens verborgene Sch\u00e4tze<\/strong>.<\/p>\n<h3><span style=\"color: #ff6600;\">Tour-Details<\/span><\/h3>\n<ul>\n<li>Dauer: 1 Tag<\/li>\n<li>Tour-Ort: Dendera \/ Abydos<\/li>\n<li>Tour-Verf\u00fcgbarkeit: T\u00e4glich<\/li>\n<li>Abholung &amp; R\u00fccktransfer: Ihr Hotel in Marsa Alam<\/li>\n<li>Tour-Typ: Privat<\/li>\n<li>Geeignet f\u00fcr: Paare, Familien, Senioren<\/li>\n<li>Rollstuhl: Zug\u00e4nglich<\/li>\n<\/ul>\n<h3><span style=\"color: #ff6600;\">Inklusive<\/span><\/h3>\n<ul>\n<li>Hin- und R\u00fccktransfer mit privatem Neufahrzeug<\/li>\n<li>Erfahrener \u00c4gyptologe als Reisef\u00fchrer<\/li>\n<li>Eintrittsgelder f\u00fcr alle Sehensw\u00fcrdigkeiten<\/li>\n<li>Mittagessen in einem lokalen Restaurant<\/li>\n<li>Wasser w\u00e4hrend des Tages<\/li>\n<\/ul>\n<h3><span style=\"color: #ff6600;\">Exklusive<\/span><\/h3>\n<ul>\n<li>Getr\u00e4nke w\u00e4hrend des Mittagessens<\/li>\n<li>Trinkgelder<\/li>\n<\/ul>\n<h3><span style=\"color: #ff6600;\">Was Sie mitnehmen sollten<\/span><\/h3>\n<ul>\n<li>Hut, Sonnenbrille &amp; Sonnencreme<\/li>\n<li>Bequeme Schuhe und Kleidung<\/li>\n<\/ul>\n<h2><span style=\"color: #ff6600;\">Reiseroute<\/span><\/h2>\n<p>Treffen Sie Ihren Reiseleiter in der Lobby Ihres Hotels gegen 05:00 Uhr morgens, um Ihre Ganztagestour zum <strong>Dendera-Tempel<\/strong> und <strong>Abydos-Tempel<\/strong> zu beginnen. Die Entfernung zwischen Makadi Bay und dem Dendera-Tempel betr\u00e4gt etwa 200 km und dauert ca. 3 Stunden mit einer kurzen Pause unterwegs. Tats\u00e4chlich beginnen Sie Ihren <strong>Hurghada-Ausflug<\/strong> mit einem der am besten erhaltenen Tempel \u00c4gyptens, zusammen mit dem Horus-Tempel in <strong>Edfu<\/strong>, dem <strong>Dendera-Tempel<\/strong>.<\/p>\n<h3><span style=\"color: #ff6600;\">Dendera-Tempel (Hathor-Tempel)<\/span><\/h3>\n<p>Erkunden Sie die <strong>alt\u00e4gyptische Geschichte<\/strong>, die reiche <strong>alt\u00e4gyptische Zivilisation<\/strong> und die <strong>alt\u00e4gyptische Religion<\/strong> w\u00e4hrend der <strong>griechisch-r\u00f6mischen Zeit<\/strong>. Entdecken Sie das <strong>r\u00f6mische Mammisi<\/strong>, das <strong>pharaonische Mammisi<\/strong>, das <strong>Sanatorium<\/strong>, die <strong>Isis-Kapelle<\/strong>, die <strong>Osiris-Kapelle<\/strong>, die <strong>Hathor-Kapelle<\/strong>. Besuchen Sie au\u00dferdem die <strong>Dendera-Krypten<\/strong>, sehen Sie die <strong>Dendera-Lampe<\/strong> und erfahren Sie mehr \u00fcber <strong>Feste im alten \u00c4gypten<\/strong>, insbesondere die <strong>Gute Vereinigung<\/strong> zwischen Hathor und Horus von Edfu.<\/p>\n<p>Am Ende der Dendera-Tempel-Tour fahren Sie zum Abydos-Tempel im Gouvernement Sohag.<\/p>\n<h3><span style=\"color: #ff6600;\">Abydos-Tempel<\/span><\/h3>\n<p>Der <strong>Abydos-Tempel<\/strong> ist ein weiterer beeindruckender <strong>pharaonischer Tempel<\/strong> in \u00c4gypten und einer der farbenpr\u00e4chtigsten Tempel. Tats\u00e4chlich widmete K\u00f6nig <strong>Seti I<\/strong> den Tempel haupts\u00e4chlich den <strong>G\u00f6ttern Osiris, Isis, Horus, Rahorakhty, Ptah<\/strong>. Sp\u00e4ter vollendeten seine S\u00f6hne <strong>Ramesses II<\/strong> und <strong>Merenptah<\/strong> den Tempel. Die Abydos-Tempel sind eine unserer Quellen \u00fcber <strong>alt\u00e4gyptische Legenden<\/strong>, wie die ber\u00fchmte <strong>Legende von Isis und Osiris<\/strong>.<\/p>\n<p>Der Tempel enth\u00e4lt auch eine der ber\u00fchmten <strong>K\u00f6nigslisten<\/strong>, die 64 Namen der Vorfahren von Seti I enth\u00e4lt, beginnend mit <strong>Menes<\/strong> und endend mit Seti selbst. W\u00e4hrend Sie in der Gegend sind, sollten Sie <strong>Osireion, Shunet El Zebib, das Grab von Om Seti<\/strong>, die Gr\u00e4ber der <strong>fr\u00fchdynastischen Periode<\/strong>, <strong>Kom El Sultan<\/strong> und den <strong>Tempel Ramses des Gro\u00dfen<\/strong> nicht verpassen.<\/p>\n<p>Am Ende Ihrer Tour fahren wir Sie zur\u00fcck zu Ihrem Hotel in Hurghada.<\/p>\n<h3><span style=\"color: #ff6600;\">Dendera und Abydos ab Makadi Bay Preis<\/span><\/h3>\n<ul>\n<li>Erwachsenenpreis = 140 \u20ac<\/li>\n<li>Kinder 0-5 Jahre = kostenlos<\/li>\n<li>Kinder 5-11 Jahre = 50% des Erwachsenenpreises<\/li>\n<\/ul>\n<h3><span style=\"color: #ff6600;\">Buchung<\/span><\/h3>\n<p>Sie k\u00f6nnen Ihre <strong>Makadi Bay Ausfl\u00fcge<\/strong> Tour \u00fcber WhatsApp buchen oder uns eine E-Mail senden und erhalten die Best\u00e4tigung sofort.<\/p>\n<p>Bitte senden Sie uns Ihren Hotelnamen, Zimmernummer und Reisepasskopien.<\/p>\n<p><strong>WhatsApp<\/strong>: +201000852186<\/p>\n<p>info@egytourpackages.com<\/p>\n<h3><span style=\"color: #ff6600;\">Jetzt buchen &amp; vor Ort bezahlen <\/span><\/h3>\n<p>Buchen Sie Ihre Lieblingstour und bezahlen Sie am Reisetag<\/p>\n<h3><span style=\"color: #ff6600;\">Zahlung<\/span><\/h3>\n<p>Sie k\u00f6nnen in \u00e4gyptischen Pfund, $, \u20ac oder \u00a3 bezahlen.<\/p>\n<h3><span style=\"color: #ff6600;\">Stornierungsbedingungen<\/span><\/h3>\n<p>Kostenlose Stornierung bis zu 24 Stunden im Voraus. Morgendliche Stornierung ist 50% des Preises.<\/p>\n","protected":false},"excerpt":{"rendered":"<p>Entdecken Sie Dendera und Abydos ab Makadi Bay ! Private Tour zu \u00c4gyptens verborgenen Tempeln. Erleben Sie Geschichte, Mythologie &amp; Kultur. Jetzt buchen!<\/p>\n","protected":false},"featured_media":2873,"comment_status":"open","ping_status":"closed","template":"","meta":[],"product_brand":[],"product_cat":[1494],"product_tag":[1558,1559],"class_list":{"0":"post-4964","1":"product","2":"type-product","3":"status-publish","4":"has-post-thumbnail","6":"product_cat-touren","7":"product_tag-abydos-tempel","8":"product_tag-dendera-tempel","9":"tour_category-agypten-tagestouren","10":"tour_category-luxor-touren-ab-hurghada","11":"tour_category-makadi-bay-ausfluge","13":"first","14":"instock","15":"sale","16":"shipping-taxable","17":"purchasable","18":"product-type-tour","19":"has-default-attributes"},"yoast_head":"<!-- This site is optimized with the Yoast SEO Premium plugin v27.2 (Yoast SEO v27.2) - https:\/\/yoast.com\/product\/yoast-seo-premium-wordpress\/ -->\n<title>Dendera und Abydos ab Makadi Bay<\/title>\n<meta name=\"description\" content=\"Entdecken Sie Dendera und Abydos ab Makadi Bay ! Private Tour zu \u00c4gyptens verborgenen Tempeln. Erleben Sie Geschichte, Mythologie &amp; Kultur. Jetzt buchen!\" \/>\n<meta name=\"robots\" content=\"index, follow, max-snippet:-1, max-image-preview:large, max-video-preview:-1\" \/>\n<link rel=\"canonical\" href=\"https:\/\/egytourpackages.com\/de\/touren\/dendera-und-abydos-ab-makadi-bay\/\" \/>\n<meta property=\"og:locale\" content=\"de_DE\" \/>\n<meta property=\"og:type\" content=\"article\" \/>\n<meta property=\"og:title\" content=\"Dendera und Abydos ab Makadi Bay\" \/>\n<meta property=\"og:description\" content=\"Entdecken Sie Dendera und Abydos ab Makadi Bay ! Private Tour zu \u00c4gyptens verborgenen Tempeln. Erleben Sie Geschichte, Mythologie &amp; Kultur. Jetzt buchen!\" \/>\n<meta property=\"og:url\" content=\"https:\/\/egytourpackages.com\/de\/touren\/dendera-und-abydos-ab-makadi-bay\/\" \/>\n<meta property=\"og:site_name\" content=\"\u00c4gypten-Reisepakete\" \/>\n<meta property=\"article:publisher\" content=\"https:\/\/www.facebook.com\/egytourpackages\" \/>\n<meta property=\"article:modified_time\" content=\"2026-01-28T17:52:52+00:00\" \/>\n<meta property=\"og:image\" content=\"https:\/\/egytourpackages.com\/wp-content\/uploads\/2023\/07\/Dendera-temple-1024x682.jpg\" \/>\n<meta name=\"twitter:card\" content=\"summary_large_image\" \/>\n<meta name=\"twitter:title\" content=\"Dendera und Abydos ab Makadi Bay\" \/>\n<meta name=\"twitter:description\" content=\"Entdecken Sie Dendera und Abydos ab Makadi Bay ! Private Tour zu \u00c4gyptens verborgenen Tempeln. Erleben Sie Geschichte, Mythologie &amp; Kultur. Jetzt buchen!\" \/>\n<meta name=\"twitter:image\" content=\"https:\/\/egytourpackages.com\/wp-content\/uploads\/2023\/07\/Dendera-Mammisi-1024x682.jpg\" \/>\n<meta name=\"twitter:label1\" content=\"Preis\" \/>\n\t<meta name=\"twitter:data1\" content=\"&euro;140\" \/>\n\t<meta name=\"twitter:label2\" content=\"Verf\u00fcgbarkeit\" \/>\n\t<meta name=\"twitter:data2\" content=\"Auf Lager\" \/>\n<script type=\"application\/ld+json\" class=\"yoast-schema-graph\">{\"@context\":\"https:\/\/schema.org\",\"@graph\":[{\"@type\":\"WebPage\",\"@id\":\"https:\/\/egytourpackages.com\/de\/touren\/dendera-und-abydos-ab-makadi-bay\/\",\"url\":\"https:\/\/egytourpackages.com\/de\/touren\/dendera-und-abydos-ab-makadi-bay\/\",\"name\":\"Dendera und Abydos ab Makadi Bay\",\"isPartOf\":{\"@id\":\"https:\/\/egytourpackages.com\/de\/#website\"},\"primaryImageOfPage\":{\"@id\":\"https:\/\/egytourpackages.com\/de\/touren\/dendera-und-abydos-ab-makadi-bay\/#primaryimage\"},\"image\":{\"@id\":\"https:\/\/egytourpackages.com\/de\/touren\/dendera-und-abydos-ab-makadi-bay\/#primaryimage\"},\"thumbnailUrl\":\"https:\/\/egytourpackages.com\/wp-content\/uploads\/2023\/07\/Dendera-temple.jpg\",\"datePublished\":\"2023-07-15T00:02:49+00:00\",\"dateModified\":\"2026-01-28T17:52:52+00:00\",\"description\":\"Entdecken Sie Dendera und Abydos ab Makadi Bay ! Private Tour zu \u00c4gyptens verborgenen Tempeln. Erleben Sie Geschichte, Mythologie & Kultur. Jetzt buchen!\",\"breadcrumb\":{\"@id\":\"https:\/\/egytourpackages.com\/de\/touren\/dendera-und-abydos-ab-makadi-bay\/#breadcrumb\"},\"inLanguage\":\"de\",\"potentialAction\":[{\"@type\":\"ReadAction\",\"target\":[\"https:\/\/egytourpackages.com\/de\/touren\/dendera-und-abydos-ab-makadi-bay\/\"]}]},{\"@type\":\"ImageObject\",\"inLanguage\":\"de\",\"@id\":\"https:\/\/egytourpackages.com\/de\/touren\/dendera-und-abydos-ab-makadi-bay\/#primaryimage\",\"url\":\"https:\/\/egytourpackages.com\/wp-content\/uploads\/2023\/07\/Dendera-temple.jpg\",\"contentUrl\":\"https:\/\/egytourpackages.com\/wp-content\/uploads\/2023\/07\/Dendera-temple.jpg\",\"width\":2000,\"height\":1333,\"caption\":\"Dendera und Abydos ab Makadi Bay\"},{\"@type\":\"BreadcrumbList\",\"@id\":\"https:\/\/egytourpackages.com\/de\/touren\/dendera-und-abydos-ab-makadi-bay\/#breadcrumb\",\"itemListElement\":[{\"@type\":\"ListItem\",\"position\":1,\"name\":\"Startseite\",\"item\":\"https:\/\/egytourpackages.com\/de\/\"},{\"@type\":\"ListItem\",\"position\":2,\"name\":\"Shop\",\"item\":\"https:\/\/egytourpackages.com\/de\/shop\/\"},{\"@type\":\"ListItem\",\"position\":3,\"name\":\"Dendera und Abydos ab Makadi Bay\"}]},{\"@type\":\"WebSite\",\"@id\":\"https:\/\/egytourpackages.com\/de\/#website\",\"url\":\"https:\/\/egytourpackages.com\/de\/\",\"name\":\"Egy tour packages\",\"description\":\"\",\"publisher\":{\"@id\":\"https:\/\/egytourpackages.com\/de\/#organization\"},\"potentialAction\":[{\"@type\":\"SearchAction\",\"target\":{\"@type\":\"EntryPoint\",\"urlTemplate\":\"https:\/\/egytourpackages.com\/de\/?s={search_term_string}\"},\"query-input\":{\"@type\":\"PropertyValueSpecification\",\"valueRequired\":true,\"valueName\":\"search_term_string\"}}],\"inLanguage\":\"de\"},{\"@type\":[\"Organization\",\"Place\",\"TravelAgency\"],\"@id\":\"https:\/\/egytourpackages.com\/de\/#organization\",\"name\":\"egypt tour packages\",\"alternateName\":\"egypt tour packages\",\"url\":\"https:\/\/egytourpackages.com\/de\/\",\"logo\":{\"@id\":\"https:\/\/egytourpackages.com\/de\/touren\/dendera-und-abydos-ab-makadi-bay\/#local-main-organization-logo\"},\"image\":{\"@id\":\"https:\/\/egytourpackages.com\/de\/touren\/dendera-und-abydos-ab-makadi-bay\/#local-main-organization-logo\"},\"sameAs\":[\"https:\/\/www.facebook.com\/egytourpackages\"],\"legalName\":\"Egy tour packages\",\"address\":{\"@id\":\"https:\/\/egytourpackages.com\/de\/touren\/dendera-und-abydos-ab-makadi-bay\/#local-main-place-address\"},\"telephone\":[\"00201000852186\",\"00201028685533\"],\"contactPoint\":{\"@type\":\"ContactPoint\",\"telephone\":\"00201000852186\"},\"openingHoursSpecification\":[{\"@type\":\"OpeningHoursSpecification\",\"dayOfWeek\":[\"Monday\",\"Tuesday\",\"Wednesday\",\"Thursday\",\"Friday\",\"Saturday\",\"Sunday\"],\"opens\":\"00:00\",\"closes\":\"23:59\"}],\"email\":\"info@egytourpackages.com\",\"areaServed\":\"Cairo, Hurghada, Luxor, Sharm El Sheikh, Marsa Alam, Aswan\",\"priceRange\":\"$\",\"currenciesAccepted\":\"euro\",\"paymentAccepted\":\"Payment links online\"},{\"@type\":\"PostalAddress\",\"@id\":\"https:\/\/egytourpackages.com\/de\/touren\/dendera-und-abydos-ab-makadi-bay\/#local-main-place-address\",\"streetAddress\":\"Mubarak 8, Al Kawthar District, Hurghada\",\"addressLocality\":\"Hurghada\",\"postalCode\":\"84511\",\"addressRegion\":\"Red Sea\",\"addressCountry\":\"EG\"},{\"@type\":\"ImageObject\",\"inLanguage\":\"de\",\"@id\":\"https:\/\/egytourpackages.com\/de\/touren\/dendera-und-abydos-ab-makadi-bay\/#local-main-organization-logo\",\"url\":\"https:\/\/egytourpackages.com\/wp-content\/uploads\/2025\/12\/Turquoise-Dahabiya-Nile-Cruise-1.jpeg\",\"contentUrl\":\"https:\/\/egytourpackages.com\/wp-content\/uploads\/2025\/12\/Turquoise-Dahabiya-Nile-Cruise-1.jpeg\",\"width\":1040,\"height\":694,\"caption\":\"egypt tour packages\"}]}<\/script>\n<meta property=\"product:brand\" content=\"\u00c4gypten Tagestouren\" \/>\n<meta property=\"product:price:amount\" content=\"140\" \/>\n<meta property=\"product:price:currency\" content=\"EUR\" \/>\n<meta property=\"og:availability\" content=\"instock\" \/>\n<meta property=\"product:availability\" content=\"instock\" \/>\n<meta property=\"product:retailer_item_id\" content=\"MBE04\" \/>\n<meta property=\"product:condition\" content=\"new\" \/>\n<meta name=\"geo.placename\" content=\"Hurghada\" \/>\n<meta name=\"geo.region\" content=\"\u00c4gypten\" \/>\n<!-- \/ Yoast SEO Premium plugin. -->","yoast_head_json":{"title":"Dendera und Abydos ab Makadi Bay","description":"Entdecken Sie Dendera und Abydos ab Makadi Bay ! Private Tour zu \u00c4gyptens verborgenen Tempeln. Erleben Sie Geschichte, Mythologie & Kultur. Jetzt buchen!","robots":{"index":"index","follow":"follow","max-snippet":"max-snippet:-1","max-image-preview":"max-image-preview:large","max-video-preview":"max-video-preview:-1"},"canonical":"https:\/\/egytourpackages.com\/de\/touren\/dendera-und-abydos-ab-makadi-bay\/","og_locale":"de_DE","og_type":"article","og_title":"Dendera und Abydos ab Makadi Bay","og_description":"Entdecken Sie Dendera und Abydos ab Makadi Bay ! Private Tour zu \u00c4gyptens verborgenen Tempeln. Erleben Sie Geschichte, Mythologie & Kultur. Jetzt buchen!","og_url":"https:\/\/egytourpackages.com\/de\/touren\/dendera-und-abydos-ab-makadi-bay\/","og_site_name":"\u00c4gypten-Reisepakete","article_publisher":"https:\/\/www.facebook.com\/egytourpackages","article_modified_time":"2026-01-28T17:52:52+00:00","og_image":[{"url":"https:\/\/egytourpackages.com\/wp-content\/uploads\/2023\/07\/Dendera-temple-1024x682.jpg","type":"","width":"","height":""}],"twitter_card":"summary_large_image","twitter_title":"Dendera und Abydos ab Makadi Bay","twitter_description":"Entdecken Sie Dendera und Abydos ab Makadi Bay ! Private Tour zu \u00c4gyptens verborgenen Tempeln. Erleben Sie Geschichte, Mythologie & Kultur. Jetzt buchen!","twitter_image":"https:\/\/egytourpackages.com\/wp-content\/uploads\/2023\/07\/Dendera-Mammisi-1024x682.jpg","twitter_misc":{"Preis":"&euro;140","Verf\u00fcgbarkeit":"Auf Lager"},"schema":{"@context":"https:\/\/schema.org","@graph":[{"@type":"WebPage","@id":"https:\/\/egytourpackages.com\/de\/touren\/dendera-und-abydos-ab-makadi-bay\/","url":"https:\/\/egytourpackages.com\/de\/touren\/dendera-und-abydos-ab-makadi-bay\/","name":"Dendera und Abydos ab Makadi Bay","isPartOf":{"@id":"https:\/\/egytourpackages.com\/de\/#website"},"primaryImageOfPage":{"@id":"https:\/\/egytourpackages.com\/de\/touren\/dendera-und-abydos-ab-makadi-bay\/#primaryimage"},"image":{"@id":"https:\/\/egytourpackages.com\/de\/touren\/dendera-und-abydos-ab-makadi-bay\/#primaryimage"},"thumbnailUrl":"https:\/\/egytourpackages.com\/wp-content\/uploads\/2023\/07\/Dendera-temple.jpg","datePublished":"2023-07-15T00:02:49+00:00","dateModified":"2026-01-28T17:52:52+00:00","description":"Entdecken Sie Dendera und Abydos ab Makadi Bay ! Private Tour zu \u00c4gyptens verborgenen Tempeln. Erleben Sie Geschichte, Mythologie & Kultur. Jetzt buchen!","breadcrumb":{"@id":"https:\/\/egytourpackages.com\/de\/touren\/dendera-und-abydos-ab-makadi-bay\/#breadcrumb"},"inLanguage":"de","potentialAction":[{"@type":"ReadAction","target":["https:\/\/egytourpackages.com\/de\/touren\/dendera-und-abydos-ab-makadi-bay\/"]}]},{"@type":"ImageObject","inLanguage":"de","@id":"https:\/\/egytourpackages.com\/de\/touren\/dendera-und-abydos-ab-makadi-bay\/#primaryimage","url":"https:\/\/egytourpackages.com\/wp-content\/uploads\/2023\/07\/Dendera-temple.jpg","contentUrl":"https:\/\/egytourpackages.com\/wp-content\/uploads\/2023\/07\/Dendera-temple.jpg","width":2000,"height":1333,"caption":"Dendera und Abydos ab Makadi Bay"},{"@type":"BreadcrumbList","@id":"https:\/\/egytourpackages.com\/de\/touren\/dendera-und-abydos-ab-makadi-bay\/#breadcrumb","itemListElement":[{"@type":"ListItem","position":1,"name":"Startseite","item":"https:\/\/egytourpackages.com\/de\/"},{"@type":"ListItem","position":2,"name":"Shop","item":"https:\/\/egytourpackages.com\/de\/shop\/"},{"@type":"ListItem","position":3,"name":"Dendera und Abydos ab Makadi Bay"}]},{"@type":"WebSite","@id":"https:\/\/egytourpackages.com\/de\/#website","url":"https:\/\/egytourpackages.com\/de\/","name":"Egy tour packages","description":"","publisher":{"@id":"https:\/\/egytourpackages.com\/de\/#organization"},"potentialAction":[{"@type":"SearchAction","target":{"@type":"EntryPoint","urlTemplate":"https:\/\/egytourpackages.com\/de\/?s={search_term_string}"},"query-input":{"@type":"PropertyValueSpecification","valueRequired":true,"valueName":"search_term_string"}}],"inLanguage":"de"},{"@type":["Organization","Place","TravelAgency"],"@id":"https:\/\/egytourpackages.com\/de\/#organization","name":"egypt tour packages","alternateName":"egypt tour packages","url":"https:\/\/egytourpackages.com\/de\/","logo":{"@id":"https:\/\/egytourpackages.com\/de\/touren\/dendera-und-abydos-ab-makadi-bay\/#local-main-organization-logo"},"image":{"@id":"https:\/\/egytourpackages.com\/de\/touren\/dendera-und-abydos-ab-makadi-bay\/#local-main-organization-logo"},"sameAs":["https:\/\/www.facebook.com\/egytourpackages"],"legalName":"Egy tour packages","address":{"@id":"https:\/\/egytourpackages.com\/de\/touren\/dendera-und-abydos-ab-makadi-bay\/#local-main-place-address"},"telephone":["00201000852186","00201028685533"],"contactPoint":{"@type":"ContactPoint","telephone":"00201000852186"},"openingHoursSpecification":[{"@type":"OpeningHoursSpecification","dayOfWeek":["Monday","Tuesday","Wednesday","Thursday","Friday","Saturday","Sunday"],"opens":"00:00","closes":"23:59"}],"email":"info@egytourpackages.com","areaServed":"Cairo, Hurghada, Luxor, Sharm El Sheikh, Marsa Alam, Aswan","priceRange":"$","currenciesAccepted":"euro","paymentAccepted":"Payment links online"},{"@type":"PostalAddress","@id":"https:\/\/egytourpackages.com\/de\/touren\/dendera-und-abydos-ab-makadi-bay\/#local-main-place-address","streetAddress":"Mubarak 8, Al Kawthar District, Hurghada","addressLocality":"Hurghada","postalCode":"84511","addressRegion":"Red Sea","addressCountry":"EG"},{"@type":"ImageObject","inLanguage":"de","@id":"https:\/\/egytourpackages.com\/de\/touren\/dendera-und-abydos-ab-makadi-bay\/#local-main-organization-logo","url":"https:\/\/egytourpackages.com\/wp-content\/uploads\/2025\/12\/Turquoise-Dahabiya-Nile-Cruise-1.jpeg","contentUrl":"https:\/\/egytourpackages.com\/wp-content\/uploads\/2025\/12\/Turquoise-Dahabiya-Nile-Cruise-1.jpeg","width":1040,"height":694,"caption":"egypt tour packages"}]},"product_brand":"\u00c4gypten Tagestouren","product_price_amount":"140","product_price_currency":"EUR","og_availability":"instock","product_availability":"instock","product_retailer_item_id":"MBE04","product_condition":"new","geo.placename":"Hurghada","geo.region":"\u00c4gypten"},"_links":{"self":[{"href":"https:\/\/egytourpackages.com\/de\/wp-json\/wp\/v2\/product\/4964","targetHints":{"allow":["GET"]}}],"collection":[{"href":"https:\/\/egytourpackages.com\/de\/wp-json\/wp\/v2\/product"}],"about":[{"href":"https:\/\/egytourpackages.com\/de\/wp-json\/wp\/v2\/types\/product"}],"replies":[{"embeddable":true,"href":"https:\/\/egytourpackages.com\/de\/wp-json\/wp\/v2\/comments?post=4964"}],"wp:featuredmedia":[{"embeddable":true,"href":"https:\/\/egytourpackages.com\/de\/wp-json\/wp\/v2\/media\/2873"}],"wp:attachment":[{"href":"https:\/\/egytourpackages.com\/de\/wp-json\/wp\/v2\/media?parent=4964"}],"wp:term":[{"taxonomy":"product_brand","embeddable":true,"href":"https:\/\/egytourpackages.com\/de\/wp-json\/wp\/v2\/product_brand?post=4964"},{"taxonomy":"product_cat","embeddable":true,"href":"https:\/\/egytourpackages.com\/de\/wp-json\/wp\/v2\/product_cat?post=4964"},{"taxonomy":"product_tag","embeddable":true,"href":"https:\/\/egytourpackages.com\/de\/wp-json\/wp\/v2\/product_tag?post=4964"}],"curies":[{"name":"wp","href":"https:\/\/api.w.org\/{rel}","templated":true}]}}