{"id":4970,"date":"2023-01-27T01:37:43","date_gmt":"2023-01-27T01:37:43","guid":{"rendered":"https:\/\/egytourpackages.com\/product\/parasailing-hurghada-die-besten-aktivitaeten-in-hurghada\/"},"modified":"2026-01-28T21:42:18","modified_gmt":"2026-01-28T21:42:18","slug":"parasailing-hurghada-die-besten-aktivitaeten-in-hurghada","status":"publish","type":"product","link":"https:\/\/egytourpackages.com\/de\/touren\/parasailing-hurghada-die-besten-aktivitaeten-in-hurghada\/","title":{"rendered":"Parasailing Hurghada | Die besten Aktivit\u00e4ten in Hurghada"},"content":{"rendered":"<p><strong><span style=\"color: #ff6600;\">Parasailing Hurghada Trip<\/span><\/strong><\/p>\n<p><strong>| Rotes Meer Abenteuer | Die besten Aktivit\u00e4ten in Hurghada<\/strong><\/p>\n<p><strong>Parasailing Hurghada<\/strong> bietet ein unvergleichliches Abenteuer, das den Nervenkitzel des Fliegens mit der atemberaubenden Sch\u00f6nheit des <strong>Roten Meeres<\/strong> verbindet. Es ist mehr als nur eine Fahrt; es ist eine einzigartige Gelegenheit, die atemberaubende K\u00fcste und das lebendige Wasser Hurghadas aus einer spektakul\u00e4ren neuen Perspektive zu sehen.<\/p>\n<p>Als eine der <strong>besten \u00c4gypten-Tagestouren<\/strong> ist <strong>Parasailing in Hurghada<\/strong> perfekt f\u00fcr jeden, der ein unvergessliches und aufregendes Erlebnis sucht. Egal, ob Sie ein Adrenalin-Enthusiast sind oder einfach nur unglaubliche Panoramafotos machen m\u00f6chten, diese Aktivit\u00e4t liefert.<\/p>\n<p>Sie starten und landen typischerweise direkt von der Bootsplattform aus, was es zu einem reibungslosen und zug\u00e4nglichen Erlebnis f\u00fcr die meisten Menschen macht, auch f\u00fcr diejenigen ohne Vorkenntnisse.<\/p>\n<p>Von hoch oben erhalten Sie eine spektakul\u00e4re <strong>Vogelperspektive<\/strong> auf die lebhaften Korallenriffe, die gesch\u00e4ftige K\u00fcste und die ferne W\u00fcstenlandschaft.<\/p>\n<p>Suchen Sie weitere <strong>beste Aktivit\u00e4ten in Hurghada<\/strong>? <strong>Kontaktieren Sie uns<\/strong> bei <strong>Egy Tour Packages<\/strong>, um eine gro\u00dfe Auswahl an unvergesslichen Ausfl\u00fcgen zu entdecken, die Ihre Reise wirklich besonders machen werden.<\/p>\n<p>Die meisten Parasailing-Ausfl\u00fcge in Hurghada dauern etwa <strong>10-15 Minuten in der Luft<\/strong>, wobei die gesamte Aktivit\u00e4t, einschlie\u00dflich Bootstransfer und Sicherheitsunterweisung, etwa eine Stunde in Anspruch nimmt.<\/p>\n<h3><span style=\"color: #ff6600;\">Details<\/span><\/h3>\n<ul>\n<li><strong>Dauer<\/strong>: 2 Stunden<\/li>\n<li><strong>Abholung &amp; R\u00fccktransfer<\/strong>: Hotels in Hurghada, Makadi Bay, Soma Bay, Sahl Hasheesh, El Gouna, Safaga<\/li>\n<li><strong>Tour-Typ<\/strong>: <strong>Beste Aktivit\u00e4ten Hurghada<\/strong><\/li>\n<li><strong>Verf\u00fcgbarkeit der Aktivit\u00e4t<\/strong>: T\u00e4glich auf Anfrage<\/li>\n<li><strong>Tour-Ort<\/strong>: Hurghada<\/li>\n<li><strong>Physische Anforderungen<\/strong>: Parasailing erfordert ein gewisses Ma\u00df an k\u00f6rperlicher Fitness<\/li>\n<li><strong>Rollstuhl<\/strong>: nicht erlaubt<\/li>\n<\/ul>\n<h2><span style=\"color: #ff6600;\">Reiseverlauf<\/span><\/h2>\n<p><strong>Parasailing Hurghada<\/strong> ist eine aufregende M\u00f6glichkeit, das wundersch\u00f6ne Rote Meer aus der Vogelperspektive zu erkunden. Egal, ob Sie ein erfahrener Nervenkitzel-Suchender oder ein Abenteurer zum ersten Mal sind, Parasailing ist ein Erlebnis, das Sie nie vergessen werden. Es ist eine gro\u00dfartige M\u00f6glichkeit, den Nervenkitzel des Fliegens zu erleben und dabei atemberaubende Ausblicke auf die umliegende Landschaft zu genie\u00dfen.<\/p>\n<p>Wenn Sie Ihren <strong>Parasailing-Ausflug in Hurghada<\/strong> bei <strong>Egy Tour Packages<\/strong> buchen, beginnt Ihr Abenteuer mit einem komfortablen <strong>privaten Transfer<\/strong> direkt von Ihrem Hotel zur belebten Hurghada Marina. Dort gehen Sie an Bord Ihres leistungsstarken Schnellbootes, das Sie schnell zum idealen Startplatz bringt, typischerweise nur eine 10-min\u00fctige Fahrt vom Ufer entfernt.<\/p>\n<p>Bevor Sie aufsteigen, wird unser erfahrenes Team eine umfassende <strong>Sicherheitsunterweisung<\/strong> geben, um sicherzustellen, dass Sie sich vollkommen sicher und bereit f\u00fcr Ihren Flug f\u00fchlen. Dann sp\u00fcren Sie das unglaubliche Gef\u00fchl, sanft in die Luft gehoben zu werden, sanft hinter dem Boot gezogen, w\u00e4hrend Sie sicher an Ihrem Parasail befestigt sind.<\/p>\n<p>Ihr Flug selbst dauert etwa <strong>10-15 Minuten<\/strong> und erreicht eine aufregende H\u00f6he von etwa <strong>500 Fu\u00df<\/strong>, w\u00e4hrend das Boot mit einer Geschwindigkeit von 20-25 Meilen pro Stunde f\u00e4hrt. W\u00e4hrend Ihrer Flugreise wird das professionelle Bootspersonal die volle Kontrolle \u00fcber den Parasail behalten, Ihre Sicherheit priorisieren und es Ihnen erm\u00f6glichen, sich einfach zu entspannen und die unglaublichen Ausblicke zu genie\u00dfen.<\/p>\n<p><strong>Perfekt f\u00fcr Alle<\/strong><\/p>\n<p><strong>Parasailing in Hurghada<\/strong> ist f\u00fcr alle konzipiert, von <strong>Anf\u00e4ngern bis zu erfahrenen Abenteurern<\/strong>, und ist perfekt f\u00fcr Einzelpersonen, <strong>Paare, Freunde oder sogar Hochzeitsreisende<\/strong>. Es ist wirklich eine der <strong>besten Aktivit\u00e4ten in Hurghada<\/strong> f\u00fcr jeden, der seinem Urlaub am Roten Meer einen einzigartigen Nervenkitzel und eine spektakul\u00e4re Perspektive verleihen m\u00f6chte.<\/p>\n<h3><span style=\"color: #ff6600;\">Inklusive<\/span><\/h3>\n<ul>\n<li>Abholung und R\u00fccktransfer von Ihrem Hotel<\/li>\n<li>Parasailing 10 Minuten in der Luft<\/li>\n<li>Schnellboottour<\/li>\n<li>Alle Geb\u00fchren und Steuern<\/li>\n<\/ul>\n<h3><span style=\"color: #ff6600;\">Exklusive<\/span><\/h3>\n<ul>\n<li>Trinkgelder<\/li>\n<li>Fotos oder Videos vom Kameramann<\/li>\n<\/ul>\n<h3><span style=\"color: #ff6600;\">Parasailing-Ausflug vom Roten Meer Hurghada: Sicherheitsvorkehrungen<\/span><\/h3>\n<ul>\n<li>Stellen Sie sicher, dass Sie vor dem Flug die Sicherheitsunterweisung anh\u00f6ren, eine Schwimmweste tragen und die Ausr\u00fcstung vor dem Flug \u00fcberpr\u00fcfen.<\/li>\n<li>Befolgen Sie jederzeit die Anweisungen des Bootspersonals.<\/li>\n<li>Tragen Sie bequeme Kleidung und Schuhe, die nass werden k\u00f6nnen, und vergessen Sie nicht, eine Kamera mitzubringen, um die sch\u00f6nen Ausblicke festzuhalten.<\/li>\n<li>Wenn Sie sich nicht wohl f\u00fchlen, k\u00f6nnen Sie sich jederzeit daf\u00fcr entscheiden, alleine oder mit einem Partner zu fliegen.<\/li>\n<\/ul>\n<h3><span style=\"color: #ff6600;\">Hotels au\u00dferhalb Hurghadas f\u00fcr Parasailing-Ausfl\u00fcge<\/span><\/h3>\n<ul>\n<li>Buchung einer g\u00fcnstigen Parasailing-Tour, Fallschirm-Aktivit\u00e4t von <strong>El Gouna<\/strong> mit einer zus\u00e4tzlichen Geb\u00fchr von 15 $ pro Person.<\/li>\n<li>Von <strong>Sahl Hasheesh<\/strong> mit einer zus\u00e4tzlichen Geb\u00fchr von 15 $ pro Person.<\/li>\n<li><strong>Makadi Bay<\/strong> Hotels mit einer zus\u00e4tzlichen Geb\u00fchr von 15 $ pro Person.<\/li>\n<li>Hotels in <strong>Soma Bay<\/strong> mit einer zus\u00e4tzlichen Geb\u00fchr von 15 $ pro Person.<\/li>\n<li>Buchung eines g\u00fcnstigen Parasailing-Ausflugs, Fallschirm-Aktivit\u00e4ten von <strong>Safaga<\/strong> mit einer zus\u00e4tzlichen Geb\u00fchr von 15 $ pro Person.<\/li>\n<\/ul>\n<h3><span style=\"color: #ff6600;\">Was Sie vor dem Parasailing in Hurghada wissen m\u00fcssen?<\/span><\/h3>\n<ul>\n<li>Das maximale Gewicht f\u00fcr Tandem-Parasailing betr\u00e4gt 150 kg f\u00fcr Paare.<\/li>\n<li>Das Mindestalter f\u00fcr einen Einzelflieger betr\u00e4gt 16 Jahre.<\/li>\n<li>Kinder unter 16 Jahren m\u00fcssen von einem Erwachsenen begleitet werden.<\/li>\n<li>Die beste Zeit f\u00fcr Parasailing in Hurghada ist nach Sonnenaufgang und vor Sonnenuntergang, um die El Mina Moschee, den Fischmarkt, die Neue Marina und die Berge des Roten Meeres zu sehen.<\/li>\n<li>Vermeiden Sie Parasailing-Touren bei Regen, schlechtem Wetter und Gewittern.<\/li>\n<li>Ein Parasailing-Trip erfordert keine Vorkenntnisse, aber ein Gleitschirmflug erfordert vorherige Erfahrung.<\/li>\n<li>Achten Sie auf die Kleidung, die Sie je nach Jahreszeit tragen.<\/li>\n<\/ul>\n<h3><span style=\"color: #ff6600;\">Wie funktioniert die Parasailing-Technik bei der Parasailing-Tour?<\/span><\/h3>\n<p>Sie werden an einem Parasail befestigt, der mit einem Boot verbunden ist. Dann startet das Boot, und Sie werden dahinter hergezogen. Die Fallschirme steigen 50 Meter hoch und halten eine konstante H\u00f6he, bis das Boot langsamer wird und Sie wieder auf dem Boot landen.<\/p>\n<h3><span style=\"color: #ff6600;\">Was Sie beim Hochfliegen mit einem Parasail erwarten k\u00f6nnen?<\/span><\/h3>\n<p>&#8222;Genie\u00dfen Sie eine Vogelperspektive auf Hurghadas atemberaubende Str\u00e4nde und kristallklares Wasser mit den wichtigsten Touristenattraktionen Hurghadas wie:<\/p>\n<ul>\n<li>Hurghada Marina<\/li>\n<li>El Mina Moschee<\/li>\n<li>Giftun Insel<\/li>\n<li>Saqqala Platz<\/li>\n<li>Fischmarkt<\/li>\n<li>Scharm El-Scheich auf der anderen Seite des Roten Meeres<\/li>\n<li>Orange Bay Insel<\/li>\n<\/ul>\n<h3><span style=\"color: #ff6600;\">Parasailing Hurghada Preis<\/span><\/h3>\n<ul>\n<li>Einzelpreis f\u00fcr Erwachsene = 30 \u20ac<\/li>\n<li>Kinder 0-5 Jahre = kostenlos<\/li>\n<li>Kinder 5-11 Jahre = 50% des Erwachsenenpreises<\/li>\n<\/ul>\n<h3><span style=\"color: #ff6600;\">Buchung<\/span><\/h3>\n<p>Sie k\u00f6nnen Ihre Tour \u00fcber WhatsApp buchen oder uns eine E-Mail senden, und Sie erhalten die Best\u00e4tigung vor Ort.<\/p>\n<p>Bitte senden Sie uns Ihren Hotelnamen, Zimmernummer, Passkopien.<\/p>\n<p><strong>WhatsApp<\/strong>:+201000852186<\/p>\n<p>info@egytourpackages.com<\/p>\n<h3><span style=\"color: #ff6600;\">Jetzt buchen<\/span><\/h3>\n<p>Buchen Sie Ihre Lieblings-5-Tages-Tour Luxor, Assuan und Abu Simbel und erhalten Sie die Best\u00e4tigung vor Ort.<\/p>\n<h3><span style=\"color: #ff6600;\">Zahlungsbedingungen<\/span><\/h3>\n<p>Sie k\u00f6nnen in \u00e4gyptischen Pfund, $, \u20ac oder \u00a3 bezahlen.<\/p>\n<h3><span style=\"color: #ff6600;\">Stornierungsbedingungen<\/span><\/h3>\n<p>Stornierung ist bis zu 2 Tage im Voraus kostenlos.<\/p>\n","protected":false},"excerpt":{"rendered":"<p>Erleben Sie Parasailing Hurghada! Schweben Sie \u00fcber dem Roten Meer &amp; genie\u00dfen Sie atemberaubende Ausblicke. unvergesslich. Buchen Sie jetzt Ihr Abenteuer!<\/p>\n","protected":false},"featured_media":2726,"comment_status":"open","ping_status":"closed","template":"","meta":[],"product_brand":[],"product_cat":[1494],"product_tag":[1495,2754,1503],"class_list":{"0":"post-4970","1":"product","2":"type-product","3":"status-publish","4":"has-post-thumbnail","6":"product_cat-touren","7":"product_tag-agypten-tagestouren","8":"product_tag-hurghada-aktivitaten","9":"product_tag-hurghada-ausfluge","10":"tour_category-agypten-tagestouren","11":"tour_category-hurghada-ausfluge","13":"first","14":"instock","15":"sale","16":"shipping-taxable","17":"purchasable","18":"product-type-tour","19":"has-default-attributes"},"yoast_head":"<!-- This site is optimized with the Yoast SEO Premium plugin v27.4 (Yoast SEO v27.4) - https:\/\/yoast.com\/product\/yoast-seo-premium-wordpress\/ -->\n<title>Parasailing Hurghada | Die besten Aktivit\u00e4ten in Hurghada<\/title>\n<meta name=\"description\" content=\"Erleben Sie Parasailing Hurghada! Schweben Sie \u00fcber dem Roten Meer &amp; genie\u00dfen Sie atemberaubende Ausblicke. unvergesslich. Buchen Sie jetzt Ihr Abenteuer!\" \/>\n<meta name=\"robots\" content=\"index, follow, max-snippet:-1, max-image-preview:large, max-video-preview:-1\" \/>\n<link rel=\"canonical\" href=\"https:\/\/egytourpackages.com\/de\/touren\/parasailing-hurghada-die-besten-aktivitaeten-in-hurghada\/\" \/>\n<meta property=\"og:locale\" content=\"de_DE\" \/>\n<meta property=\"og:type\" content=\"article\" \/>\n<meta property=\"og:title\" content=\"Parasailing Hurghada\" \/>\n<meta property=\"og:description\" content=\"Erleben Sie Parasailing Hurghada! Schweben Sie \u00fcber dem Roten Meer &amp; genie\u00dfen Sie atemberaubende Ausblicke. unvergesslich. Buchen Sie jetzt Ihr Abenteuer!\" \/>\n<meta property=\"og:url\" content=\"https:\/\/egytourpackages.com\/de\/touren\/parasailing-hurghada-die-besten-aktivitaeten-in-hurghada\/\" \/>\n<meta property=\"og:site_name\" content=\"\u00c4gypten-Reisepakete\" \/>\n<meta property=\"article:publisher\" content=\"https:\/\/www.facebook.com\/egytourpackages\" \/>\n<meta property=\"article:modified_time\" content=\"2026-01-28T21:42:18+00:00\" \/>\n<meta property=\"og:image\" content=\"https:\/\/egytourpackages.com\/wp-content\/uploads\/2023\/01\/parasailing-Hurghada.jpg\" \/>\n<meta name=\"twitter:card\" content=\"summary_large_image\" \/>\n<meta name=\"twitter:title\" content=\"Parasailing Hurghada\" \/>\n<meta name=\"twitter:description\" content=\"Erleben Sie Parasailing Hurghada! Schweben Sie \u00fcber dem Roten Meer &amp; genie\u00dfen Sie atemberaubende Ausblicke. unvergesslich. Buchen Sie jetzt Ihr Abenteuer!\" \/>\n<meta name=\"twitter:image\" content=\"https:\/\/egytourpackages.com\/wp-content\/uploads\/2023\/01\/parasailing-Hurghada.jpg\" \/>\n<meta name=\"twitter:label1\" content=\"Preis\" \/>\n\t<meta name=\"twitter:data1\" content=\"&euro;30\" \/>\n\t<meta name=\"twitter:label2\" content=\"Verf\u00fcgbarkeit\" \/>\n\t<meta name=\"twitter:data2\" content=\"Auf Lager\" \/>\n<script type=\"application\/ld+json\" class=\"yoast-schema-graph\">{\"@context\":\"https:\\\/\\\/schema.org\",\"@graph\":[{\"@type\":\"WebPage\",\"@id\":\"https:\\\/\\\/egytourpackages.com\\\/de\\\/touren\\\/parasailing-hurghada-die-besten-aktivitaeten-in-hurghada\\\/\",\"url\":\"https:\\\/\\\/egytourpackages.com\\\/de\\\/touren\\\/parasailing-hurghada-die-besten-aktivitaeten-in-hurghada\\\/\",\"name\":\"Parasailing Hurghada | Die besten Aktivit\u00e4ten in Hurghada\",\"isPartOf\":{\"@id\":\"https:\\\/\\\/egytourpackages.com\\\/de\\\/#website\"},\"primaryImageOfPage\":{\"@id\":\"https:\\\/\\\/egytourpackages.com\\\/de\\\/touren\\\/parasailing-hurghada-die-besten-aktivitaeten-in-hurghada\\\/#primaryimage\"},\"image\":{\"@id\":\"https:\\\/\\\/egytourpackages.com\\\/de\\\/touren\\\/parasailing-hurghada-die-besten-aktivitaeten-in-hurghada\\\/#primaryimage\"},\"thumbnailUrl\":\"https:\\\/\\\/egytourpackages.com\\\/wp-content\\\/uploads\\\/2023\\\/01\\\/parasailing-Hurghada.jpg\",\"datePublished\":\"2023-01-27T01:37:43+00:00\",\"dateModified\":\"2026-01-28T21:42:18+00:00\",\"description\":\"Erleben Sie Parasailing Hurghada! Schweben Sie \u00fcber dem Roten Meer & genie\u00dfen Sie atemberaubende Ausblicke. unvergesslich. Buchen Sie jetzt Ihr Abenteuer!\",\"breadcrumb\":{\"@id\":\"https:\\\/\\\/egytourpackages.com\\\/de\\\/touren\\\/parasailing-hurghada-die-besten-aktivitaeten-in-hurghada\\\/#breadcrumb\"},\"inLanguage\":\"de\",\"potentialAction\":[{\"@type\":\"ReadAction\",\"target\":[\"https:\\\/\\\/egytourpackages.com\\\/de\\\/touren\\\/parasailing-hurghada-die-besten-aktivitaeten-in-hurghada\\\/\"]}]},{\"@type\":\"ImageObject\",\"inLanguage\":\"de\",\"@id\":\"https:\\\/\\\/egytourpackages.com\\\/de\\\/touren\\\/parasailing-hurghada-die-besten-aktivitaeten-in-hurghada\\\/#primaryimage\",\"url\":\"https:\\\/\\\/egytourpackages.com\\\/wp-content\\\/uploads\\\/2023\\\/01\\\/parasailing-Hurghada.jpg\",\"contentUrl\":\"https:\\\/\\\/egytourpackages.com\\\/wp-content\\\/uploads\\\/2023\\\/01\\\/parasailing-Hurghada.jpg\",\"width\":990,\"height\":742,\"caption\":\"Parasailing Hurghada\"},{\"@type\":\"BreadcrumbList\",\"@id\":\"https:\\\/\\\/egytourpackages.com\\\/de\\\/touren\\\/parasailing-hurghada-die-besten-aktivitaeten-in-hurghada\\\/#breadcrumb\",\"itemListElement\":[{\"@type\":\"ListItem\",\"position\":1,\"name\":\"Startseite\",\"item\":\"https:\\\/\\\/egytourpackages.com\\\/de\\\/\"},{\"@type\":\"ListItem\",\"position\":2,\"name\":\"Shop\",\"item\":\"https:\\\/\\\/egytourpackages.com\\\/de\\\/shop\\\/\"},{\"@type\":\"ListItem\",\"position\":3,\"name\":\"Parasailing Hurghada | Die besten Aktivit\u00e4ten in Hurghada\"}]},{\"@type\":\"WebSite\",\"@id\":\"https:\\\/\\\/egytourpackages.com\\\/de\\\/#website\",\"url\":\"https:\\\/\\\/egytourpackages.com\\\/de\\\/\",\"name\":\"Egy tour packages\",\"description\":\"\",\"publisher\":{\"@id\":\"https:\\\/\\\/egytourpackages.com\\\/de\\\/#organization\"},\"potentialAction\":[{\"@type\":\"SearchAction\",\"target\":{\"@type\":\"EntryPoint\",\"urlTemplate\":\"https:\\\/\\\/egytourpackages.com\\\/de\\\/?s={search_term_string}\"},\"query-input\":{\"@type\":\"PropertyValueSpecification\",\"valueRequired\":true,\"valueName\":\"search_term_string\"}}],\"inLanguage\":\"de\"},{\"@type\":[\"Organization\",\"Place\",\"TravelAgency\"],\"@id\":\"https:\\\/\\\/egytourpackages.com\\\/de\\\/#organization\",\"name\":\"egypt tour packages\",\"alternateName\":\"egypt tour packages\",\"url\":\"https:\\\/\\\/egytourpackages.com\\\/de\\\/\",\"logo\":{\"@id\":\"https:\\\/\\\/egytourpackages.com\\\/de\\\/touren\\\/parasailing-hurghada-die-besten-aktivitaeten-in-hurghada\\\/#local-main-organization-logo\"},\"image\":{\"@id\":\"https:\\\/\\\/egytourpackages.com\\\/de\\\/touren\\\/parasailing-hurghada-die-besten-aktivitaeten-in-hurghada\\\/#local-main-organization-logo\"},\"sameAs\":[\"https:\\\/\\\/www.facebook.com\\\/egytourpackages\"],\"legalName\":\"Egy tour packages\",\"address\":{\"@id\":\"https:\\\/\\\/egytourpackages.com\\\/de\\\/touren\\\/parasailing-hurghada-die-besten-aktivitaeten-in-hurghada\\\/#local-main-place-address\"},\"telephone\":[\"00201000852186\",\"00201028685533\"],\"contactPoint\":{\"@type\":\"ContactPoint\",\"telephone\":\"00201000852186\"},\"openingHoursSpecification\":[{\"@type\":\"OpeningHoursSpecification\",\"dayOfWeek\":[\"Monday\",\"Tuesday\",\"Wednesday\",\"Thursday\",\"Friday\",\"Saturday\",\"Sunday\"],\"opens\":\"00:00\",\"closes\":\"23:59\"}],\"email\":\"info@egytourpackages.com\",\"areaServed\":\"Cairo, Hurghada, Luxor, Sharm El Sheikh, Marsa Alam, Aswan\",\"priceRange\":\"$\",\"currenciesAccepted\":\"euro\",\"paymentAccepted\":\"Payment links online\"},{\"@type\":\"PostalAddress\",\"@id\":\"https:\\\/\\\/egytourpackages.com\\\/de\\\/touren\\\/parasailing-hurghada-die-besten-aktivitaeten-in-hurghada\\\/#local-main-place-address\",\"streetAddress\":\"Mubarak 8, Al Kawthar District, Hurghada\",\"addressLocality\":\"Hurghada\",\"postalCode\":\"84511\",\"addressRegion\":\"Red Sea\",\"addressCountry\":\"EG\"},{\"@type\":\"ImageObject\",\"inLanguage\":\"de\",\"@id\":\"https:\\\/\\\/egytourpackages.com\\\/de\\\/touren\\\/parasailing-hurghada-die-besten-aktivitaeten-in-hurghada\\\/#local-main-organization-logo\",\"url\":\"https:\\\/\\\/egytourpackages.com\\\/wp-content\\\/uploads\\\/2025\\\/12\\\/Turquoise-Dahabiya-Nile-Cruise-1.jpeg\",\"contentUrl\":\"https:\\\/\\\/egytourpackages.com\\\/wp-content\\\/uploads\\\/2025\\\/12\\\/Turquoise-Dahabiya-Nile-Cruise-1.jpeg\",\"width\":1040,\"height\":694,\"caption\":\"egypt tour packages\"}]}<\/script>\n<meta property=\"product:brand\" content=\"\u00c4gypten Tagestouren\" \/>\n<meta property=\"product:price:amount\" content=\"30\" \/>\n<meta property=\"product:price:currency\" content=\"EUR\" \/>\n<meta property=\"og:availability\" content=\"instock\" \/>\n<meta property=\"product:availability\" content=\"instock\" \/>\n<meta property=\"product:retailer_item_id\" content=\"HDT01\" \/>\n<meta property=\"product:condition\" content=\"new\" \/>\n<meta name=\"geo.placename\" content=\"Hurghada\" \/>\n<meta name=\"geo.region\" content=\"\u00c4gypten\" \/>\n<!-- \/ Yoast SEO Premium plugin. -->","yoast_head_json":{"title":"Parasailing Hurghada | Die besten Aktivit\u00e4ten in Hurghada","description":"Erleben Sie Parasailing Hurghada! Schweben Sie \u00fcber dem Roten Meer & genie\u00dfen Sie atemberaubende Ausblicke. unvergesslich. Buchen Sie jetzt Ihr Abenteuer!","robots":{"index":"index","follow":"follow","max-snippet":"max-snippet:-1","max-image-preview":"max-image-preview:large","max-video-preview":"max-video-preview:-1"},"canonical":"https:\/\/egytourpackages.com\/de\/touren\/parasailing-hurghada-die-besten-aktivitaeten-in-hurghada\/","og_locale":"de_DE","og_type":"article","og_title":"Parasailing Hurghada","og_description":"Erleben Sie Parasailing Hurghada! Schweben Sie \u00fcber dem Roten Meer & genie\u00dfen Sie atemberaubende Ausblicke. unvergesslich. Buchen Sie jetzt Ihr Abenteuer!","og_url":"https:\/\/egytourpackages.com\/de\/touren\/parasailing-hurghada-die-besten-aktivitaeten-in-hurghada\/","og_site_name":"\u00c4gypten-Reisepakete","article_publisher":"https:\/\/www.facebook.com\/egytourpackages","article_modified_time":"2026-01-28T21:42:18+00:00","og_image":[{"url":"https:\/\/egytourpackages.com\/wp-content\/uploads\/2023\/01\/parasailing-Hurghada.jpg","type":"","width":"","height":""}],"twitter_card":"summary_large_image","twitter_title":"Parasailing Hurghada","twitter_description":"Erleben Sie Parasailing Hurghada! Schweben Sie \u00fcber dem Roten Meer & genie\u00dfen Sie atemberaubende Ausblicke. unvergesslich. Buchen Sie jetzt Ihr Abenteuer!","twitter_image":"https:\/\/egytourpackages.com\/wp-content\/uploads\/2023\/01\/parasailing-Hurghada.jpg","twitter_misc":{"Preis":"&euro;30","Verf\u00fcgbarkeit":"Auf Lager"},"schema":{"@context":"https:\/\/schema.org","@graph":[{"@type":"WebPage","@id":"https:\/\/egytourpackages.com\/de\/touren\/parasailing-hurghada-die-besten-aktivitaeten-in-hurghada\/","url":"https:\/\/egytourpackages.com\/de\/touren\/parasailing-hurghada-die-besten-aktivitaeten-in-hurghada\/","name":"Parasailing Hurghada | Die besten Aktivit\u00e4ten in Hurghada","isPartOf":{"@id":"https:\/\/egytourpackages.com\/de\/#website"},"primaryImageOfPage":{"@id":"https:\/\/egytourpackages.com\/de\/touren\/parasailing-hurghada-die-besten-aktivitaeten-in-hurghada\/#primaryimage"},"image":{"@id":"https:\/\/egytourpackages.com\/de\/touren\/parasailing-hurghada-die-besten-aktivitaeten-in-hurghada\/#primaryimage"},"thumbnailUrl":"https:\/\/egytourpackages.com\/wp-content\/uploads\/2023\/01\/parasailing-Hurghada.jpg","datePublished":"2023-01-27T01:37:43+00:00","dateModified":"2026-01-28T21:42:18+00:00","description":"Erleben Sie Parasailing Hurghada! Schweben Sie \u00fcber dem Roten Meer & genie\u00dfen Sie atemberaubende Ausblicke. unvergesslich. Buchen Sie jetzt Ihr Abenteuer!","breadcrumb":{"@id":"https:\/\/egytourpackages.com\/de\/touren\/parasailing-hurghada-die-besten-aktivitaeten-in-hurghada\/#breadcrumb"},"inLanguage":"de","potentialAction":[{"@type":"ReadAction","target":["https:\/\/egytourpackages.com\/de\/touren\/parasailing-hurghada-die-besten-aktivitaeten-in-hurghada\/"]}]},{"@type":"ImageObject","inLanguage":"de","@id":"https:\/\/egytourpackages.com\/de\/touren\/parasailing-hurghada-die-besten-aktivitaeten-in-hurghada\/#primaryimage","url":"https:\/\/egytourpackages.com\/wp-content\/uploads\/2023\/01\/parasailing-Hurghada.jpg","contentUrl":"https:\/\/egytourpackages.com\/wp-content\/uploads\/2023\/01\/parasailing-Hurghada.jpg","width":990,"height":742,"caption":"Parasailing Hurghada"},{"@type":"BreadcrumbList","@id":"https:\/\/egytourpackages.com\/de\/touren\/parasailing-hurghada-die-besten-aktivitaeten-in-hurghada\/#breadcrumb","itemListElement":[{"@type":"ListItem","position":1,"name":"Startseite","item":"https:\/\/egytourpackages.com\/de\/"},{"@type":"ListItem","position":2,"name":"Shop","item":"https:\/\/egytourpackages.com\/de\/shop\/"},{"@type":"ListItem","position":3,"name":"Parasailing Hurghada | Die besten Aktivit\u00e4ten in Hurghada"}]},{"@type":"WebSite","@id":"https:\/\/egytourpackages.com\/de\/#website","url":"https:\/\/egytourpackages.com\/de\/","name":"Egy tour packages","description":"","publisher":{"@id":"https:\/\/egytourpackages.com\/de\/#organization"},"potentialAction":[{"@type":"SearchAction","target":{"@type":"EntryPoint","urlTemplate":"https:\/\/egytourpackages.com\/de\/?s={search_term_string}"},"query-input":{"@type":"PropertyValueSpecification","valueRequired":true,"valueName":"search_term_string"}}],"inLanguage":"de"},{"@type":["Organization","Place","TravelAgency"],"@id":"https:\/\/egytourpackages.com\/de\/#organization","name":"egypt tour packages","alternateName":"egypt tour packages","url":"https:\/\/egytourpackages.com\/de\/","logo":{"@id":"https:\/\/egytourpackages.com\/de\/touren\/parasailing-hurghada-die-besten-aktivitaeten-in-hurghada\/#local-main-organization-logo"},"image":{"@id":"https:\/\/egytourpackages.com\/de\/touren\/parasailing-hurghada-die-besten-aktivitaeten-in-hurghada\/#local-main-organization-logo"},"sameAs":["https:\/\/www.facebook.com\/egytourpackages"],"legalName":"Egy tour packages","address":{"@id":"https:\/\/egytourpackages.com\/de\/touren\/parasailing-hurghada-die-besten-aktivitaeten-in-hurghada\/#local-main-place-address"},"telephone":["00201000852186","00201028685533"],"contactPoint":{"@type":"ContactPoint","telephone":"00201000852186"},"openingHoursSpecification":[{"@type":"OpeningHoursSpecification","dayOfWeek":["Monday","Tuesday","Wednesday","Thursday","Friday","Saturday","Sunday"],"opens":"00:00","closes":"23:59"}],"email":"info@egytourpackages.com","areaServed":"Cairo, Hurghada, Luxor, Sharm El Sheikh, Marsa Alam, Aswan","priceRange":"$","currenciesAccepted":"euro","paymentAccepted":"Payment links online"},{"@type":"PostalAddress","@id":"https:\/\/egytourpackages.com\/de\/touren\/parasailing-hurghada-die-besten-aktivitaeten-in-hurghada\/#local-main-place-address","streetAddress":"Mubarak 8, Al Kawthar District, Hurghada","addressLocality":"Hurghada","postalCode":"84511","addressRegion":"Red Sea","addressCountry":"EG"},{"@type":"ImageObject","inLanguage":"de","@id":"https:\/\/egytourpackages.com\/de\/touren\/parasailing-hurghada-die-besten-aktivitaeten-in-hurghada\/#local-main-organization-logo","url":"https:\/\/egytourpackages.com\/wp-content\/uploads\/2025\/12\/Turquoise-Dahabiya-Nile-Cruise-1.jpeg","contentUrl":"https:\/\/egytourpackages.com\/wp-content\/uploads\/2025\/12\/Turquoise-Dahabiya-Nile-Cruise-1.jpeg","width":1040,"height":694,"caption":"egypt tour packages"}]},"product_brand":"\u00c4gypten Tagestouren","product_price_amount":"30","product_price_currency":"EUR","og_availability":"instock","product_availability":"instock","product_retailer_item_id":"HDT01","product_condition":"new","geo.placename":"Hurghada","geo.region":"\u00c4gypten"},"_links":{"self":[{"href":"https:\/\/egytourpackages.com\/de\/wp-json\/wp\/v2\/product\/4970","targetHints":{"allow":["GET"]}}],"collection":[{"href":"https:\/\/egytourpackages.com\/de\/wp-json\/wp\/v2\/product"}],"about":[{"href":"https:\/\/egytourpackages.com\/de\/wp-json\/wp\/v2\/types\/product"}],"replies":[{"embeddable":true,"href":"https:\/\/egytourpackages.com\/de\/wp-json\/wp\/v2\/comments?post=4970"}],"wp:featuredmedia":[{"embeddable":true,"href":"https:\/\/egytourpackages.com\/de\/wp-json\/wp\/v2\/media\/2726"}],"wp:attachment":[{"href":"https:\/\/egytourpackages.com\/de\/wp-json\/wp\/v2\/media?parent=4970"}],"wp:term":[{"taxonomy":"product_brand","embeddable":true,"href":"https:\/\/egytourpackages.com\/de\/wp-json\/wp\/v2\/product_brand?post=4970"},{"taxonomy":"product_cat","embeddable":true,"href":"https:\/\/egytourpackages.com\/de\/wp-json\/wp\/v2\/product_cat?post=4970"},{"taxonomy":"product_tag","embeddable":true,"href":"https:\/\/egytourpackages.com\/de\/wp-json\/wp\/v2\/product_tag?post=4970"}],"curies":[{"name":"wp","href":"https:\/\/api.w.org\/{rel}","templated":true}]}}