{"id":5028,"date":"2023-09-16T13:09:23","date_gmt":"2023-09-16T13:09:23","guid":{"rendered":"https:\/\/egytourpackages.com\/product\/3-tages-ausflug-in-die-weisse-wueste-und-zur-djara-hoehle-ab-kairo\/"},"modified":"2026-01-09T00:09:15","modified_gmt":"2026-01-09T00:09:15","slug":"3-tages-ausflug-in-die-weisse-wueste-und-zur-djara-hoehle-ab-kairo","status":"publish","type":"product","link":"https:\/\/egytourpackages.com\/de\/touren\/3-tages-ausflug-in-die-weisse-wueste-und-zur-djara-hoehle-ab-kairo\/","title":{"rendered":"3-Tages Ausflug in die Wei\u00dfe W\u00fcste und zur Djara-H\u00f6hle ab Kairo"},"content":{"rendered":"<p><strong><span style=\"color: #ff6600;\">3-Tages Ausflug in die Wei\u00dfe W\u00fcste und zur Djara-H\u00f6hle ab Kairo<\/span><\/strong><\/p>\n<h2><span style=\"color: #ff6600;\">\u00dcbersicht<\/span><\/h2>\n<p>Egy Tour Packages bietet ein <strong>3-t\u00e4giges Abenteuer in der Wei\u00dfen W\u00fcste und der Djara-H\u00f6hle<\/strong>, ein wahrhaft <strong>einzigartiges Reiseerlebnis<\/strong>, konzipiert f\u00fcr <strong>Hochzeitsreisende, Familien und Gruppen<\/strong>, die einen au\u00dfergew\u00f6hnlichen Ausflug in <strong>\u00c4gyptens Westliche W\u00fcste<\/strong> suchen. Diese sorgf\u00e4ltig zusammengestellte <strong>W\u00fcstensafari in \u00c4gypten<\/strong> verspricht <strong>atemberaubende W\u00fcstenlandschaften<\/strong> und unvergleichliche <strong>Gelegenheiten zur Sternenbeobachtung<\/strong>.<\/p>\n<p>Ihre Reise beinhaltet den <strong>Nationalpark Wei\u00dfe W\u00fcste<\/strong>, bekannt f\u00fcr seine kreidewei\u00dfen Felsformationen, die von Wind und Zeit geformt wurden. Dar\u00fcber hinaus ist das wahre Highlight die Erkundung der <strong>Djara-H\u00f6hle<\/strong>, ein verstecktes Juwel der <strong>Westlichen W\u00fcste<\/strong>. Diese alte, fossilienreiche H\u00f6hle beeindruckt mit Stalaktiten und Stalagmiten und bietet einen faszinierenden Einblick in die geologische Geschichte sowie ein wirklich exklusives <strong>W\u00fcstenexpeditions-Erlebnis<\/strong>.<\/p>\n<p>Verpassen Sie nicht die Gelegenheit, diese au\u00dfergew\u00f6hnliche <strong>3-t\u00e4gige Wei\u00dfe W\u00fcste und Djara-H\u00f6hle Tour<\/strong> zu buchen. Kontaktieren Sie uns noch heute, um Ihren ultimativen <strong>\u00c4gypten-Urlaub<\/strong> zu planen und die Magie der W\u00fcste zu entdecken!<\/p>\n<h3><span style=\"color: #ff6600;\">Details<\/span><\/h3>\n<ul>\n<li><strong>Dauer:<\/strong> 3 Tage \/ 2 N\u00e4chte<\/li>\n<li><strong>Reiseziel:<\/strong> Westliche W\u00fcste<\/li>\n<li><strong>Verf\u00fcgbarkeit der Tour:<\/strong> T\u00e4glich<\/li>\n<li><strong>Abholung &amp; R\u00fccktransfer:<\/strong> Kairo<\/li>\n<li><strong>Tour-Typ:<\/strong> Privat<\/li>\n<li><strong>Rollstuhlgerecht:<\/strong> Zug\u00e4nglich<\/li>\n<\/ul>\n<h3><span style=\"color: #ff6600;\">Inklusive Leistungen<\/span><\/h3>\n<ul>\n<li>Transfer von Kairo zur Bahariya-Oase mit modernem klimatisiertem Fahrzeug<\/li>\n<li>Erfahrener W\u00fcstenf\u00fchrer<\/li>\n<li>Alle Steuern und Geb\u00fchren<\/li>\n<li>Alle Mahlzeiten w\u00e4hrend der Reise<\/li>\n<li>Schlafs\u00e4cke, Zelte<\/li>\n<\/ul>\n<h3><span style=\"color: #ff6600;\">Exklusive Leistungen<\/span><\/h3>\n<ul>\n<li>Trinkgelder<\/li>\n<li>Alle pers\u00f6nlichen Ausgaben<\/li>\n<\/ul>\n<h3><span style=\"color: #ff6600;\">Was Sie mitnehmen sollten<\/span><\/h3>\n<ul>\n<li>Hut, Sonnenbrille &amp; Sonnencreme<\/li>\n<li>Bequeme Schuhe und Kleidung<\/li>\n<li>Warme Kleidung im Winter<\/li>\n<\/ul>\n<h2><span style=\"color: #ff6600;\">Reiseverlauf<\/span><\/h2>\n<h3><span style=\"color: #ff6600;\">Tag 1: Kairo \u2013 Bahariya-Oase<\/span><\/h3>\n<p>Nach Ihrem Fr\u00fchst\u00fcck in Ihrem Hotel in Kairo beginnen Sie Ihre Reise zur Bahariya-Oase. Die Fahrt dauert etwa vier Stunden mit einer kurzen Pause unterwegs. Bei Ihrer Ankunft beginnen Sie Ihre <strong>W\u00fcstensafari-Touren<\/strong> mit einem k\u00f6stlichen Mittagessen in einem lokalen Haus. Nach Ihrer Ankunft in der Bahariya-Oase werden Sie mit einem k\u00f6stlichen Mittagessen in einem lokalen Haus empfangen, das Ihnen einen Vorgeschmack auf die regionale Gastfreundschaft bietet, bevor Sie in die weite W\u00fcste aufbrechen. Nach dem Mittagessen steigen Sie in einen komfortablen 4&#215;4-Jeep und sind bereit, einige der ikonischsten Landschaften der Westlichen W\u00fcste zu erkunden.<\/p>\n<p>Ihr Abenteuer f\u00fchrt Sie zuerst in die <strong>Schwarze W\u00fcste<\/strong>, die sich durch ihre vulkanf\u00f6rmigen H\u00fcgel und markanten dunklen Steine auszeichnet. Anschlie\u00dfend besuchen Sie das <strong>Dorf El Heiz<\/strong>, wo Sie die erfrischende <strong>kalte Quelle<\/strong> inmitten der W\u00fcstenhitze erleben k\u00f6nnen.<\/p>\n<p>Die Reise geht weiter zum malerischen <strong>Aqabat-Tal<\/strong>, einem atemberaubenden Gebiet mit vielf\u00e4ltigen Felsformationen, bevor es weiter zu den aufregenden <strong>Sandd\u00fcnen<\/strong> geht, wo Sie die M\u00f6glichkeit haben, <strong>Sandboarding<\/strong> f\u00fcr einen unvergesslichen Adrenalinkick auszuprobieren. Sp\u00e4ter erreichen Sie die <strong>Alte Wei\u00dfe W\u00fcste<\/strong> und erleben den Vorl\u00e4ufer der noch dramatischeren Formationen. Schlie\u00dflich endet Ihr Tag mit <strong>Camping im Nationalpark Wei\u00dfe W\u00fcste<\/strong>, einem unvergleichlichen Erlebnis. W\u00e4hrend die D\u00e4mmerung hereinbricht, genie\u00dfen Sie ein <strong>BBQ-Abendessen<\/strong> unter den klaren W\u00fcstensternen und schaffen so einen wahrhaft magischen Abschluss Ihres ersten Tages.<\/p>\n<p><strong>Mahlzeiten:<\/strong> Mittagessen, Abendessen<\/p>\n<h3><span style=\"color: #ff6600;\">Tag 2: Farafra \u2013 Djara-H\u00f6hle<\/span><\/h3>\n<p>Ihr zweiter Tag beginnt mit einem k\u00f6stlichen Fr\u00fchst\u00fcck direkt in Ihrem Lager in der Wei\u00dfen W\u00fcste. Nach einem erfrischenden Start begeben Sie sich auf eine spannende Expedition zur abgelegenen und faszinierenden <strong>Djara-H\u00f6hle<\/strong>, die etwa 150 km von der <strong>Wei\u00dfen W\u00fcste<\/strong> entfernt liegt. Diese Reise f\u00fchrt Sie tiefer in die unber\u00fchrte Sch\u00f6nheit der Westlichen W\u00fcste.<\/p>\n<p>Bei Ihrer Ankunft an der <strong>Djara-H\u00f6hle<\/strong> haben Sie ausreichend Zeit, ihre verborgenen Wunder zu erkunden. Bestaunen Sie die komplizierten und alten Stalaktiten- und Stalagmitenformationen, ein Zeugnis von Millionen Jahren geologischer Aktivit\u00e4t. Nehmen Sie sich Zeit, die versteinerten Sch\u00e4tze und die einzigartige Felskunst der H\u00f6hle zu entdecken, die ein wirklich exklusives <strong>W\u00fcstenexpeditions-Erlebnis<\/strong> bieten. Verbringen Sie so viel Zeit, wie Sie m\u00f6chten, und tauchen Sie ein in die stille Erhabenheit dieses Naturwunders. Nach Ihrer Erkundung wird ein k\u00f6stliches Mittagessen in der faszinierenden <strong>Djara-H\u00f6hlenregion<\/strong> serviert, sodass Sie sich entspannen und \u00fcber die Entdeckungen des Vormittags inmitten der atemberaubenden W\u00fcstenlandschaft nachdenken k\u00f6nnen.<\/p>\n<p>Nach einer s\u00e4ttigenden Mahlzeit treten Sie die R\u00fcckreise zur bezaubernden <strong>Wei\u00dfen W\u00fcste<\/strong> an, wo Sie sich f\u00fcr eine weitere unvergessliche Nacht unter den Sternen niederlassen werden.<\/p>\n<p><strong>Mahlzeiten:<\/strong> Fr\u00fchst\u00fcck, Mittagessen, Abendessen<\/p>\n<h3><span style=\"color: #ff6600;\">Tag 3: Bahariya \u2013 Kairo<\/span><\/h3>\n<p>Ihr letzter Tag in der bezaubernden Wei\u00dfen W\u00fcste beginnt mit einem herzhaften Fr\u00fchst\u00fcck inmitten der reinen, friedlichen Natur Ihres Zeltlagers. Nach dem Packen beginnen Sie Ihre malerische Fahrt in Richtung Bahariya-Oase. Unterwegs setzt sich Ihr Abenteuer mit einem Halt am <strong>Kristallberg<\/strong> fort, einer einzigartigen geologischen Formation, die mit Quarzkristallen glitzert und ein faszinierendes Naturspektakel sowie ausgezeichnete Fotom\u00f6glichkeiten bietet.<\/p>\n<p>Nach Ihrem Quellenbesuch kehren Sie zur Bahariya-Oase zur\u00fcck, wo Sie ein k\u00f6stliches traditionelles Mittagessen in einem lokalen Haus erwartet. Nach einer s\u00e4ttigenden Mahlzeit beginnen Sie Ihren komfortablen Transfer zur\u00fcck nach Kairo und beenden Ihre unvergessliche <strong>3-t\u00e4gige Expedition in die Wei\u00dfe W\u00fcste und zur Djara-H\u00f6hle<\/strong>.<\/p>\n<p><strong>Mahlzeiten:<\/strong> Fr\u00fchst\u00fcck, Mittagessen<\/p>\n<h3><span style=\"color: #ff6600;\">3-Tages-Trip Wei\u00dfe W\u00fcste und Djara-H\u00f6hle Preis<\/span><\/h3>\n<ul>\n<li>Erwachsenenpreis = 300 $<\/li>\n<li>Kinder 0-5 Jahre = kostenfrei<\/li>\n<li>Kinder 5-11 Jahre = 50% des Erwachsenenpreises<\/li>\n<\/ul>\n<h3><span style=\"color: #ff6600;\">Buchung<\/span><\/h3>\n<p>Sie k\u00f6nnen Ihre Tour \u00fcber WhatsApp buchen oder uns eine E-Mail senden und erhalten die Best\u00e4tigung sofort.<\/p>\n<p>Bitte senden Sie uns Ihren Hotelnamen, Zimmernummer und Reisepasskopien.<\/p>\n<p>WhatsApp: +201000852186<\/p>\n<p>info@egytourpackages.com<\/p>\n<h3><span style=\"color: #ff6600;\">Jetzt buchen<\/span><\/h3>\n<p>Buchen Sie Ihre bevorzugten <strong>\u00c4gypten W\u00fcstensafari-Touren<\/strong> und erhalten Sie die Best\u00e4tigung sofort.<\/p>\n<h3><span style=\"color: #ff6600;\">Zahlung<\/span><\/h3>\n<p>Sie k\u00f6nnen in \u00e4gyptischen Pfund, $, \u20ac oder \u00a3 bezahlen.<\/p>\n<h3><span style=\"color: #ff6600;\">Stornierungsbedingungen<\/span><\/h3>\n<p>Kostenlose Stornierung bis zu 2 Tage im Voraus.<\/p>\n","protected":false},"excerpt":{"rendered":"<p>Erleben Sie die 3-Tages Ausflug in die Wei\u00dfe W\u00fcste und zur Djara-H\u00f6hle ab Kairo. Entdecken Sie einzigartige Landschaften, Sternebeobachtung &amp; Geschichte.<\/p>\n","protected":false},"featured_media":2990,"comment_status":"open","ping_status":"closed","template":"","meta":[],"product_brand":[],"product_cat":[1494],"product_tag":[2613,1983,2774],"class_list":{"0":"post-5028","1":"product","2":"type-product","3":"status-publish","4":"has-post-thumbnail","6":"product_cat-touren","7":"product_tag-agypten-wustensafari-touren","8":"product_tag-bahariya-oase","9":"product_tag-schwarze-wuste","10":"tour_category-agypten-reisepakete","11":"tour_category-agypten-wustensafari-touren","13":"first","14":"instock","15":"sale","16":"shipping-taxable","17":"purchasable","18":"product-type-tour","19":"has-default-attributes"},"yoast_head":"<!-- This site is optimized with the Yoast SEO Premium plugin v27.4 (Yoast SEO v27.4) - https:\/\/yoast.com\/product\/yoast-seo-premium-wordpress\/ -->\n<title>3-Tages Ausflug in die Wei\u00dfe W\u00fcste und zur Djara-H\u00f6hle ab Kairo<\/title>\n<meta name=\"description\" content=\"Erleben Sie die 3-Tages Ausflug in die Wei\u00dfe W\u00fcste und zur Djara-H\u00f6hle ab Kairo. Entdecken Sie einzigartige Landschaften, Sternebeobachtung &amp; Geschichte.\" \/>\n<meta name=\"robots\" content=\"index, follow, max-snippet:-1, max-image-preview:large, max-video-preview:-1\" \/>\n<link rel=\"canonical\" href=\"https:\/\/egytourpackages.com\/de\/touren\/3-tages-ausflug-in-die-weisse-wueste-und-zur-djara-hoehle-ab-kairo\/\" \/>\n<meta property=\"og:locale\" content=\"de_DE\" \/>\n<meta property=\"og:type\" content=\"article\" \/>\n<meta property=\"og:title\" content=\"3-Tages Ausflug in die Wei\u00dfe W\u00fcste und zur Djara-H\u00f6hle ab Kairo\" \/>\n<meta property=\"og:description\" content=\"Erleben Sie die 3-Tages Ausflug in die Wei\u00dfe W\u00fcste und zur Djara-H\u00f6hle ab Kairo. Entdecken Sie einzigartige Landschaften, Sternebeobachtung &amp; Geschichte.\" \/>\n<meta property=\"og:url\" content=\"https:\/\/egytourpackages.com\/de\/touren\/3-tages-ausflug-in-die-weisse-wueste-und-zur-djara-hoehle-ab-kairo\/\" \/>\n<meta property=\"og:site_name\" content=\"\u00c4gypten-Reisepakete\" \/>\n<meta property=\"article:publisher\" content=\"https:\/\/www.facebook.com\/egytourpackages\" \/>\n<meta property=\"article:modified_time\" content=\"2026-01-09T00:09:15+00:00\" \/>\n<meta property=\"og:image\" content=\"https:\/\/egytourpackages.com\/wp-content\/uploads\/2023\/09\/Old-White-Desert.jpg\" \/>\n\t<meta property=\"og:image:width\" content=\"2000\" \/>\n\t<meta property=\"og:image:height\" content=\"1500\" \/>\n\t<meta property=\"og:image:type\" content=\"image\/jpeg\" \/>\n<meta name=\"twitter:card\" content=\"summary_large_image\" \/>\n<meta name=\"twitter:title\" content=\"3-Tages Ausflug in die Wei\u00dfe W\u00fcste und zur Djara-H\u00f6hle ab Kairo\" \/>\n<meta name=\"twitter:description\" content=\"Erleben Sie die 3-Tages Ausflug in die Wei\u00dfe W\u00fcste und zur Djara-H\u00f6hle ab Kairo. Entdecken Sie einzigartige Landschaften, Sternebeobachtung &amp; Geschichte.\" \/>\n<meta name=\"twitter:label1\" content=\"Preis\" \/>\n\t<meta name=\"twitter:data1\" content=\"&euro;290\" \/>\n\t<meta name=\"twitter:label2\" content=\"Verf\u00fcgbarkeit\" \/>\n\t<meta name=\"twitter:data2\" content=\"Auf Lager\" \/>\n<script type=\"application\/ld+json\" class=\"yoast-schema-graph\">{\"@context\":\"https:\\\/\\\/schema.org\",\"@graph\":[{\"@type\":\"WebPage\",\"@id\":\"https:\\\/\\\/egytourpackages.com\\\/de\\\/touren\\\/3-tages-ausflug-in-die-weisse-wueste-und-zur-djara-hoehle-ab-kairo\\\/\",\"url\":\"https:\\\/\\\/egytourpackages.com\\\/de\\\/touren\\\/3-tages-ausflug-in-die-weisse-wueste-und-zur-djara-hoehle-ab-kairo\\\/\",\"name\":\"3-Tages Ausflug in die Wei\u00dfe W\u00fcste und zur Djara-H\u00f6hle ab Kairo\",\"isPartOf\":{\"@id\":\"https:\\\/\\\/egytourpackages.com\\\/de\\\/#website\"},\"primaryImageOfPage\":{\"@id\":\"https:\\\/\\\/egytourpackages.com\\\/de\\\/touren\\\/3-tages-ausflug-in-die-weisse-wueste-und-zur-djara-hoehle-ab-kairo\\\/#primaryimage\"},\"image\":{\"@id\":\"https:\\\/\\\/egytourpackages.com\\\/de\\\/touren\\\/3-tages-ausflug-in-die-weisse-wueste-und-zur-djara-hoehle-ab-kairo\\\/#primaryimage\"},\"thumbnailUrl\":\"https:\\\/\\\/egytourpackages.com\\\/wp-content\\\/uploads\\\/2023\\\/09\\\/Old-White-Desert.jpg\",\"datePublished\":\"2023-09-16T13:09:23+00:00\",\"dateModified\":\"2026-01-09T00:09:15+00:00\",\"description\":\"Erleben Sie die 3-Tages Ausflug in die Wei\u00dfe W\u00fcste und zur Djara-H\u00f6hle ab Kairo. Entdecken Sie einzigartige Landschaften, Sternebeobachtung & Geschichte.\",\"breadcrumb\":{\"@id\":\"https:\\\/\\\/egytourpackages.com\\\/de\\\/touren\\\/3-tages-ausflug-in-die-weisse-wueste-und-zur-djara-hoehle-ab-kairo\\\/#breadcrumb\"},\"inLanguage\":\"de\",\"potentialAction\":[{\"@type\":\"ReadAction\",\"target\":[\"https:\\\/\\\/egytourpackages.com\\\/de\\\/touren\\\/3-tages-ausflug-in-die-weisse-wueste-und-zur-djara-hoehle-ab-kairo\\\/\"]}]},{\"@type\":\"ImageObject\",\"inLanguage\":\"de\",\"@id\":\"https:\\\/\\\/egytourpackages.com\\\/de\\\/touren\\\/3-tages-ausflug-in-die-weisse-wueste-und-zur-djara-hoehle-ab-kairo\\\/#primaryimage\",\"url\":\"https:\\\/\\\/egytourpackages.com\\\/wp-content\\\/uploads\\\/2023\\\/09\\\/Old-White-Desert.jpg\",\"contentUrl\":\"https:\\\/\\\/egytourpackages.com\\\/wp-content\\\/uploads\\\/2023\\\/09\\\/Old-White-Desert.jpg\",\"width\":2000,\"height\":1500,\"caption\":\"Wei\u00dfe W\u00fcste und Djara-H\u00f6hle\"},{\"@type\":\"BreadcrumbList\",\"@id\":\"https:\\\/\\\/egytourpackages.com\\\/de\\\/touren\\\/3-tages-ausflug-in-die-weisse-wueste-und-zur-djara-hoehle-ab-kairo\\\/#breadcrumb\",\"itemListElement\":[{\"@type\":\"ListItem\",\"position\":1,\"name\":\"Startseite\",\"item\":\"https:\\\/\\\/egytourpackages.com\\\/de\\\/\"},{\"@type\":\"ListItem\",\"position\":2,\"name\":\"Shop\",\"item\":\"https:\\\/\\\/egytourpackages.com\\\/de\\\/shop\\\/\"},{\"@type\":\"ListItem\",\"position\":3,\"name\":\"3-Tages Ausflug in die Wei\u00dfe W\u00fcste und zur Djara-H\u00f6hle ab Kairo\"}]},{\"@type\":\"WebSite\",\"@id\":\"https:\\\/\\\/egytourpackages.com\\\/de\\\/#website\",\"url\":\"https:\\\/\\\/egytourpackages.com\\\/de\\\/\",\"name\":\"Egy tour packages\",\"description\":\"\",\"publisher\":{\"@id\":\"https:\\\/\\\/egytourpackages.com\\\/de\\\/#organization\"},\"potentialAction\":[{\"@type\":\"SearchAction\",\"target\":{\"@type\":\"EntryPoint\",\"urlTemplate\":\"https:\\\/\\\/egytourpackages.com\\\/de\\\/?s={search_term_string}\"},\"query-input\":{\"@type\":\"PropertyValueSpecification\",\"valueRequired\":true,\"valueName\":\"search_term_string\"}}],\"inLanguage\":\"de\"},{\"@type\":[\"Organization\",\"Place\",\"TravelAgency\"],\"@id\":\"https:\\\/\\\/egytourpackages.com\\\/de\\\/#organization\",\"name\":\"egypt tour packages\",\"alternateName\":\"egypt tour packages\",\"url\":\"https:\\\/\\\/egytourpackages.com\\\/de\\\/\",\"logo\":{\"@id\":\"https:\\\/\\\/egytourpackages.com\\\/de\\\/touren\\\/3-tages-ausflug-in-die-weisse-wueste-und-zur-djara-hoehle-ab-kairo\\\/#local-main-organization-logo\"},\"image\":{\"@id\":\"https:\\\/\\\/egytourpackages.com\\\/de\\\/touren\\\/3-tages-ausflug-in-die-weisse-wueste-und-zur-djara-hoehle-ab-kairo\\\/#local-main-organization-logo\"},\"sameAs\":[\"https:\\\/\\\/www.facebook.com\\\/egytourpackages\"],\"legalName\":\"Egy tour packages\",\"address\":{\"@id\":\"https:\\\/\\\/egytourpackages.com\\\/de\\\/touren\\\/3-tages-ausflug-in-die-weisse-wueste-und-zur-djara-hoehle-ab-kairo\\\/#local-main-place-address\"},\"telephone\":[\"00201000852186\",\"00201028685533\"],\"contactPoint\":{\"@type\":\"ContactPoint\",\"telephone\":\"00201000852186\"},\"openingHoursSpecification\":[{\"@type\":\"OpeningHoursSpecification\",\"dayOfWeek\":[\"Monday\",\"Tuesday\",\"Wednesday\",\"Thursday\",\"Friday\",\"Saturday\",\"Sunday\"],\"opens\":\"00:00\",\"closes\":\"23:59\"}],\"email\":\"info@egytourpackages.com\",\"areaServed\":\"Cairo, Hurghada, Luxor, Sharm El Sheikh, Marsa Alam, Aswan\",\"priceRange\":\"$\",\"currenciesAccepted\":\"euro\",\"paymentAccepted\":\"Payment links online\"},{\"@type\":\"PostalAddress\",\"@id\":\"https:\\\/\\\/egytourpackages.com\\\/de\\\/touren\\\/3-tages-ausflug-in-die-weisse-wueste-und-zur-djara-hoehle-ab-kairo\\\/#local-main-place-address\",\"streetAddress\":\"Mubarak 8, Al Kawthar District, Hurghada\",\"addressLocality\":\"Hurghada\",\"postalCode\":\"84511\",\"addressRegion\":\"Red Sea\",\"addressCountry\":\"EG\"},{\"@type\":\"ImageObject\",\"inLanguage\":\"de\",\"@id\":\"https:\\\/\\\/egytourpackages.com\\\/de\\\/touren\\\/3-tages-ausflug-in-die-weisse-wueste-und-zur-djara-hoehle-ab-kairo\\\/#local-main-organization-logo\",\"url\":\"https:\\\/\\\/egytourpackages.com\\\/wp-content\\\/uploads\\\/2025\\\/12\\\/Turquoise-Dahabiya-Nile-Cruise-1.jpeg\",\"contentUrl\":\"https:\\\/\\\/egytourpackages.com\\\/wp-content\\\/uploads\\\/2025\\\/12\\\/Turquoise-Dahabiya-Nile-Cruise-1.jpeg\",\"width\":1040,\"height\":694,\"caption\":\"egypt tour packages\"}]}<\/script>\n<meta property=\"product:brand\" content=\"\u00c4gypten Rundreisen\" \/>\n<meta property=\"product:price:amount\" content=\"290\" \/>\n<meta property=\"product:price:currency\" content=\"EUR\" \/>\n<meta property=\"og:availability\" content=\"instock\" \/>\n<meta property=\"product:availability\" content=\"instock\" \/>\n<meta property=\"product:retailer_item_id\" content=\"EDST01\" \/>\n<meta property=\"product:condition\" content=\"new\" \/>\n<meta name=\"geo.placename\" content=\"Hurghada\" \/>\n<meta name=\"geo.region\" content=\"\u00c4gypten\" \/>\n<!-- \/ Yoast SEO Premium plugin. -->","yoast_head_json":{"title":"3-Tages Ausflug in die Wei\u00dfe W\u00fcste und zur Djara-H\u00f6hle ab Kairo","description":"Erleben Sie die 3-Tages Ausflug in die Wei\u00dfe W\u00fcste und zur Djara-H\u00f6hle ab Kairo. Entdecken Sie einzigartige Landschaften, Sternebeobachtung & Geschichte.","robots":{"index":"index","follow":"follow","max-snippet":"max-snippet:-1","max-image-preview":"max-image-preview:large","max-video-preview":"max-video-preview:-1"},"canonical":"https:\/\/egytourpackages.com\/de\/touren\/3-tages-ausflug-in-die-weisse-wueste-und-zur-djara-hoehle-ab-kairo\/","og_locale":"de_DE","og_type":"article","og_title":"3-Tages Ausflug in die Wei\u00dfe W\u00fcste und zur Djara-H\u00f6hle ab Kairo","og_description":"Erleben Sie die 3-Tages Ausflug in die Wei\u00dfe W\u00fcste und zur Djara-H\u00f6hle ab Kairo. Entdecken Sie einzigartige Landschaften, Sternebeobachtung & Geschichte.","og_url":"https:\/\/egytourpackages.com\/de\/touren\/3-tages-ausflug-in-die-weisse-wueste-und-zur-djara-hoehle-ab-kairo\/","og_site_name":"\u00c4gypten-Reisepakete","article_publisher":"https:\/\/www.facebook.com\/egytourpackages","article_modified_time":"2026-01-09T00:09:15+00:00","og_image":[{"width":2000,"height":1500,"url":"https:\/\/egytourpackages.com\/wp-content\/uploads\/2023\/09\/Old-White-Desert.jpg","type":"image\/jpeg"}],"twitter_card":"summary_large_image","twitter_title":"3-Tages Ausflug in die Wei\u00dfe W\u00fcste und zur Djara-H\u00f6hle ab Kairo","twitter_description":"Erleben Sie die 3-Tages Ausflug in die Wei\u00dfe W\u00fcste und zur Djara-H\u00f6hle ab Kairo. Entdecken Sie einzigartige Landschaften, Sternebeobachtung & Geschichte.","twitter_misc":{"Preis":"&euro;290","Verf\u00fcgbarkeit":"Auf Lager"},"schema":{"@context":"https:\/\/schema.org","@graph":[{"@type":"WebPage","@id":"https:\/\/egytourpackages.com\/de\/touren\/3-tages-ausflug-in-die-weisse-wueste-und-zur-djara-hoehle-ab-kairo\/","url":"https:\/\/egytourpackages.com\/de\/touren\/3-tages-ausflug-in-die-weisse-wueste-und-zur-djara-hoehle-ab-kairo\/","name":"3-Tages Ausflug in die Wei\u00dfe W\u00fcste und zur Djara-H\u00f6hle ab Kairo","isPartOf":{"@id":"https:\/\/egytourpackages.com\/de\/#website"},"primaryImageOfPage":{"@id":"https:\/\/egytourpackages.com\/de\/touren\/3-tages-ausflug-in-die-weisse-wueste-und-zur-djara-hoehle-ab-kairo\/#primaryimage"},"image":{"@id":"https:\/\/egytourpackages.com\/de\/touren\/3-tages-ausflug-in-die-weisse-wueste-und-zur-djara-hoehle-ab-kairo\/#primaryimage"},"thumbnailUrl":"https:\/\/egytourpackages.com\/wp-content\/uploads\/2023\/09\/Old-White-Desert.jpg","datePublished":"2023-09-16T13:09:23+00:00","dateModified":"2026-01-09T00:09:15+00:00","description":"Erleben Sie die 3-Tages Ausflug in die Wei\u00dfe W\u00fcste und zur Djara-H\u00f6hle ab Kairo. Entdecken Sie einzigartige Landschaften, Sternebeobachtung & Geschichte.","breadcrumb":{"@id":"https:\/\/egytourpackages.com\/de\/touren\/3-tages-ausflug-in-die-weisse-wueste-und-zur-djara-hoehle-ab-kairo\/#breadcrumb"},"inLanguage":"de","potentialAction":[{"@type":"ReadAction","target":["https:\/\/egytourpackages.com\/de\/touren\/3-tages-ausflug-in-die-weisse-wueste-und-zur-djara-hoehle-ab-kairo\/"]}]},{"@type":"ImageObject","inLanguage":"de","@id":"https:\/\/egytourpackages.com\/de\/touren\/3-tages-ausflug-in-die-weisse-wueste-und-zur-djara-hoehle-ab-kairo\/#primaryimage","url":"https:\/\/egytourpackages.com\/wp-content\/uploads\/2023\/09\/Old-White-Desert.jpg","contentUrl":"https:\/\/egytourpackages.com\/wp-content\/uploads\/2023\/09\/Old-White-Desert.jpg","width":2000,"height":1500,"caption":"Wei\u00dfe W\u00fcste und Djara-H\u00f6hle"},{"@type":"BreadcrumbList","@id":"https:\/\/egytourpackages.com\/de\/touren\/3-tages-ausflug-in-die-weisse-wueste-und-zur-djara-hoehle-ab-kairo\/#breadcrumb","itemListElement":[{"@type":"ListItem","position":1,"name":"Startseite","item":"https:\/\/egytourpackages.com\/de\/"},{"@type":"ListItem","position":2,"name":"Shop","item":"https:\/\/egytourpackages.com\/de\/shop\/"},{"@type":"ListItem","position":3,"name":"3-Tages Ausflug in die Wei\u00dfe W\u00fcste und zur Djara-H\u00f6hle ab Kairo"}]},{"@type":"WebSite","@id":"https:\/\/egytourpackages.com\/de\/#website","url":"https:\/\/egytourpackages.com\/de\/","name":"Egy tour packages","description":"","publisher":{"@id":"https:\/\/egytourpackages.com\/de\/#organization"},"potentialAction":[{"@type":"SearchAction","target":{"@type":"EntryPoint","urlTemplate":"https:\/\/egytourpackages.com\/de\/?s={search_term_string}"},"query-input":{"@type":"PropertyValueSpecification","valueRequired":true,"valueName":"search_term_string"}}],"inLanguage":"de"},{"@type":["Organization","Place","TravelAgency"],"@id":"https:\/\/egytourpackages.com\/de\/#organization","name":"egypt tour packages","alternateName":"egypt tour packages","url":"https:\/\/egytourpackages.com\/de\/","logo":{"@id":"https:\/\/egytourpackages.com\/de\/touren\/3-tages-ausflug-in-die-weisse-wueste-und-zur-djara-hoehle-ab-kairo\/#local-main-organization-logo"},"image":{"@id":"https:\/\/egytourpackages.com\/de\/touren\/3-tages-ausflug-in-die-weisse-wueste-und-zur-djara-hoehle-ab-kairo\/#local-main-organization-logo"},"sameAs":["https:\/\/www.facebook.com\/egytourpackages"],"legalName":"Egy tour packages","address":{"@id":"https:\/\/egytourpackages.com\/de\/touren\/3-tages-ausflug-in-die-weisse-wueste-und-zur-djara-hoehle-ab-kairo\/#local-main-place-address"},"telephone":["00201000852186","00201028685533"],"contactPoint":{"@type":"ContactPoint","telephone":"00201000852186"},"openingHoursSpecification":[{"@type":"OpeningHoursSpecification","dayOfWeek":["Monday","Tuesday","Wednesday","Thursday","Friday","Saturday","Sunday"],"opens":"00:00","closes":"23:59"}],"email":"info@egytourpackages.com","areaServed":"Cairo, Hurghada, Luxor, Sharm El Sheikh, Marsa Alam, Aswan","priceRange":"$","currenciesAccepted":"euro","paymentAccepted":"Payment links online"},{"@type":"PostalAddress","@id":"https:\/\/egytourpackages.com\/de\/touren\/3-tages-ausflug-in-die-weisse-wueste-und-zur-djara-hoehle-ab-kairo\/#local-main-place-address","streetAddress":"Mubarak 8, Al Kawthar District, Hurghada","addressLocality":"Hurghada","postalCode":"84511","addressRegion":"Red Sea","addressCountry":"EG"},{"@type":"ImageObject","inLanguage":"de","@id":"https:\/\/egytourpackages.com\/de\/touren\/3-tages-ausflug-in-die-weisse-wueste-und-zur-djara-hoehle-ab-kairo\/#local-main-organization-logo","url":"https:\/\/egytourpackages.com\/wp-content\/uploads\/2025\/12\/Turquoise-Dahabiya-Nile-Cruise-1.jpeg","contentUrl":"https:\/\/egytourpackages.com\/wp-content\/uploads\/2025\/12\/Turquoise-Dahabiya-Nile-Cruise-1.jpeg","width":1040,"height":694,"caption":"egypt tour packages"}]},"product_brand":"\u00c4gypten Rundreisen","product_price_amount":"290","product_price_currency":"EUR","og_availability":"instock","product_availability":"instock","product_retailer_item_id":"EDST01","product_condition":"new","geo.placename":"Hurghada","geo.region":"\u00c4gypten"},"_links":{"self":[{"href":"https:\/\/egytourpackages.com\/de\/wp-json\/wp\/v2\/product\/5028","targetHints":{"allow":["GET"]}}],"collection":[{"href":"https:\/\/egytourpackages.com\/de\/wp-json\/wp\/v2\/product"}],"about":[{"href":"https:\/\/egytourpackages.com\/de\/wp-json\/wp\/v2\/types\/product"}],"replies":[{"embeddable":true,"href":"https:\/\/egytourpackages.com\/de\/wp-json\/wp\/v2\/comments?post=5028"}],"wp:featuredmedia":[{"embeddable":true,"href":"https:\/\/egytourpackages.com\/de\/wp-json\/wp\/v2\/media\/2990"}],"wp:attachment":[{"href":"https:\/\/egytourpackages.com\/de\/wp-json\/wp\/v2\/media?parent=5028"}],"wp:term":[{"taxonomy":"product_brand","embeddable":true,"href":"https:\/\/egytourpackages.com\/de\/wp-json\/wp\/v2\/product_brand?post=5028"},{"taxonomy":"product_cat","embeddable":true,"href":"https:\/\/egytourpackages.com\/de\/wp-json\/wp\/v2\/product_cat?post=5028"},{"taxonomy":"product_tag","embeddable":true,"href":"https:\/\/egytourpackages.com\/de\/wp-json\/wp\/v2\/product_tag?post=5028"}],"curies":[{"name":"wp","href":"https:\/\/api.w.org\/{rel}","templated":true}]}}