{"id":5073,"date":"2023-08-22T16:55:59","date_gmt":"2023-08-22T16:55:59","guid":{"rendered":"https:\/\/egytourpackages.com\/product\/schnorchel-bootsausflug-ab-soma-bay\/"},"modified":"2026-01-28T20:39:51","modified_gmt":"2026-01-28T20:39:51","slug":"schnorchel-bootsausflug-ab-soma-bay","status":"publish","type":"product","link":"https:\/\/egytourpackages.com\/de\/touren\/schnorchel-bootsausflug-ab-soma-bay\/","title":{"rendered":"Schnorchel Bootsausflug ab Soma Bay"},"content":{"rendered":"<p><strong><span style=\"color: #ff6600;\">Schnorchel-Bootsausflug ab Soma Bay<\/span><\/strong><\/p>\n<p>Buchen Sie Ihren <strong>Schnorchel-Bootsausflug ab Soma Bay<\/strong> und erkunden Sie die <strong>Korallenriffe des Roten Meeres<\/strong> mit \u00c4gypten-Touren. W\u00e4hlen Sie zwischen der <strong>Giftun Caribbean Insel<\/strong> oder der <strong>Orange Bay Insel<\/strong>, um anderthalb Stunden zu verbringen. Egy Tour Packages bietet diesen <strong>Schnorchelausflug ab Soma Bay<\/strong> an, damit Sie die <strong>Unterwasserwelt des Roten Meeres<\/strong> genie\u00dfen und einige der <strong>besten Schnorchelpl\u00e4tze in Hurghada<\/strong> mit einem Schnorchelf\u00fchrer und einer Luxusyacht w\u00e4hrend Ihrer <strong>\u00c4gypten-Tagestouren<\/strong> erkunden k\u00f6nnen. Gleichzeitig k\u00f6nnen <strong>Soma Bay Ausfl\u00fcge<\/strong> zur Paradise Insel oder Orange Bay Insel mit einem <strong>privaten Schnellboot<\/strong> oder einer <strong>privaten Yacht<\/strong> durchgef\u00fchrt werden.<\/p>\n<p><strong>Familienfreundliche Abenteuer im Roten Meer<\/strong><\/p>\n<p>Schaffen Sie unvergessliche <strong>Familienurlaubserinnerungen<\/strong> mit unseren <strong>familienfreundlichen Ausfl\u00fcgen<\/strong>. Kinder und Erwachsene gleicherma\u00dfen werden von der faszinierenden <strong>Meereswelt<\/strong>, den bunten Fischen und den komplexen Korallenriffen direkt unter der Oberfl\u00e4che begeistert sein.<\/p>\n<p><strong>Spannende Gruppen- &amp; Freundesausfl\u00fcge:<\/strong><\/p>\n<p>F\u00fcr ein erstaunliches und <strong>aufregendes Abenteuer<\/strong> mit Ihren engsten Begleitern sind unsere <strong>Luxusyacht-Touren<\/strong> von Soma Bay Hotels die <strong>besten Aktivit\u00e4ten, die man mit Freunden unternehmen kann<\/strong>. Diese <strong>all-inclusive Luxus-Schnorcheltrips<\/strong> beinhalten erfrischende Getr\u00e4nke und 5-Sterne-Service w\u00e4hrend Ihrer gesamten Reise.<\/p>\n<p><strong>Romantische Ausfl\u00fcge f\u00fcr Paare:<\/strong><\/p>\n<p>Egal, ob Sie einen <strong>Valentinstag-Ausflug<\/strong> planen, ein <strong>Jubil\u00e4um<\/strong> feiern oder einfach <strong>sch\u00f6ne Feiertage f\u00fcr Paare<\/strong> suchen, unsere kurzen Halb- oder Ganztagestouren bieten die perfekte Kulisse f\u00fcr romantische Momente unter der strahlenden Sonne.<\/p>\n<p><strong>Barrierefreie &amp; Seniorenfreundliche Touren:<\/strong><\/p>\n<p>Unsere ganzt\u00e4gigen Yacht-Touren sind sorgf\u00e4ltig konzipiert, um zu den <strong>besten barrierefreien Reisen<\/strong> zu geh\u00f6ren und bieten ein inklusives Erlebnis f\u00fcr Menschen mit besonderen Bed\u00fcrfnissen.<\/p>\n<h3><span style=\"color: #ff6600;\">Tourdetails<\/span><\/h3>\n<ul>\n<li>Dauer: 8 Stunden<\/li>\n<li>Ort: Rotes Meer<\/li>\n<li>Verf\u00fcgbarkeit: T\u00e4glich<\/li>\n<li>Tour-Typ: Gruppe<\/li>\n<li>Abholung &amp; R\u00fccktransfer: Ihr Hotel in Soma Bay<\/li>\n<li>Rollstuhl: Zug\u00e4nglich<\/li>\n<\/ul>\n<h3><span style=\"color: #ff6600;\">Inbegriffen in dieser Tour<\/span><\/h3>\n<ul>\n<li>Hin- und R\u00fccktransfer von Ihrem Hotel in Soma Bay<\/li>\n<li>Schnorchelausr\u00fcstung wie Schwimmweste, Maske, Flossen<\/li>\n<li>Schnorchelf\u00fchrer<\/li>\n<li>Frisch zubereitetes Mittagessen an Bord<\/li>\n<li>Mineralwasser, warme und kalte Getr\u00e4nke den ganzen Tag<\/li>\n<\/ul>\n<h3><span style=\"color: #ff6600;\">Ausgeschlossen in dieser Tour<\/span><\/h3>\n<ul>\n<li>DVD und Fotos vom Kameramann<\/li>\n<li>Trinkgelder<\/li>\n<li>Tauchen<\/li>\n<\/ul>\n<h3><span style=\"color: #ff6600;\">Was Sie mitnehmen sollten<\/span><\/h3>\n<ul>\n<li>Ihr eigenes Handtuch vom Hotel<\/li>\n<li>Hut oder Schal<\/li>\n<li>Sonnencreme<\/li>\n<li>Sonnenbrille<\/li>\n<li>Bequeme Schuhe<\/li>\n<li>Badeanzug<\/li>\n<li>Etwas Bargeld f\u00fcr pers\u00f6nliche Ausgaben<\/li>\n<\/ul>\n<h2><span style=\"color: #ff6600;\">Reiseroute<\/span><\/h2>\n<p>Ihr aufregender <strong>Schnorchelausflug in Soma Bay<\/strong> beginnt mit einer bequemen <strong>Abholung<\/strong> von Ihrem Hotel in Soma Bay oder Safaga. Genie\u00dfen Sie einen malerischen Transfer zum lebhaften Hurghada Marina, wo Ihr luxuri\u00f6ses Boot auf Sie wartet.<\/p>\n<p>An Bord werden wir <strong>in Richtung der atemberaubendsten Schnorchelpl\u00e4tze des Roten Meeres segeln<\/strong>. Unser erster Halt bringt uns zu einem unglaublichen <strong>Schnorchelplatz<\/strong>, wo Sie in kristallklares Wasser eintauchen, das von lebendiger Unterwasserwelt und atemberaubenden Korallenriffen wimmelt.<\/p>\n<p>Anschlie\u00dfend fahren wir zu einem <strong>zweiten fantastischen Schnorchelplatz<\/strong>, der weitere M\u00f6glichkeiten bietet, die Wunder unter Wasser zu erkunden.<\/p>\n<p>Nach einer aufregenden Zeit im Wasser wird ein k\u00f6stliches <strong>offenes Mittagsbuffet<\/strong> direkt an Bord serviert, sodass Sie sich st\u00e4rken k\u00f6nnen, w\u00e4hrend Sie den Panoramablick auf das Meer genie\u00dfen. Der Spa\u00df geht weiter mit aufregenden <strong>Wassersportarten<\/strong>, einschlie\u00dflich spannender Sofa- und Bananenbootfahrten.<\/p>\n<p>Mit dem Ausklingen des Tages treten wir die R\u00fcckreise an und kehren zum Hurghada Marina zur\u00fcck. Von dort werden Sie direkt zu Ihrem Hotel in Soma Bay oder Safaga zur\u00fcckgebracht, womit ein Tag voller unvergesslicher <strong>Rotes Meer Abenteuer<\/strong> endet.<\/p>\n<h3><span style=\"color: #ff6600;\">Bestens empfohlene Schnorchel-Bootsausfl\u00fcge ab Soma Bay<\/span><\/h3>\n<ul>\n<li>Soma Bay Delfinhaus Schnorchel Tagesausflug<\/li>\n<li>Paradise Insel Schnorcheltrip ab Soma Bay<\/li>\n<li>Orange Bay Insel Schnorcheltrip ab Soma Bay<\/li>\n<li>Piraten-Segelbootausflug ab Soma Bay<\/li>\n<li>Eden Insel Tagesnutzung ab Soma Bay<\/li>\n<li>Mahmya Insel Schnorcheln Soma Bay<\/li>\n<\/ul>\n<h3><span style=\"color: #ff6600;\">Praktischer Hinweis<\/span><\/h3>\n<p>Im Voraus buchen: Besonders in der Hochsaison ist es ratsam, Ihren Soma Bay Bootsausflug im Voraus zu buchen, um sich Ihren Platz zu sichern.<\/p>\n<h3><span style=\"color: #ff6600;\">Schnorcheltrip Preis<\/span><\/h3>\n<ul>\n<li>Erwachsenenpreis = 35 \u20ac<\/li>\n<li>Kleinkinder 0-5 Jahre = kostenlos<\/li>\n<li>Kinder 5-11 Jahre = 50% des Erwachsenenpreises<\/li>\n<\/ul>\n<h3><span style=\"color: #ff6600;\">Buchung<\/span><\/h3>\n<p>Sie k\u00f6nnen Ihre Tour \u00fcber WhatsApp buchen oder uns eine E-Mail senden und erhalten die Best\u00e4tigung vor Ort.<\/p>\n<p>Bitte senden Sie uns Ihren Hotelnamen, Zimmernummer und Passkopien.<\/p>\n<p>WhatsApp: +201000852186<\/p>\n<p>info@egytourpackages.com<\/p>\n<h3><span style=\"color: #ff6600;\">Jetzt buchen &amp; vor Ort bezahlen<\/span><\/h3>\n<p>Buchen Sie Ihre Lieblingstour und bezahlen Sie am Tag des Ausflugs.<\/p>\n<h3><span style=\"color: #ff6600;\">Zahlung<\/span><\/h3>\n<p>Sie k\u00f6nnen in \u00e4gyptischen Pfund, $, \u20ac oder \u00a3 bezahlen.<\/p>\n<h3><span style=\"color: #ff6600;\">Stornierungsbedingungen<\/span><\/h3>\n<ul>\n<li>Kostenlose Stornierung bis zu 24 Stunden im Voraus<\/li>\n<li>Morgendliche Stornierung (am selben Tag) = 50% des Preises<\/li>\n<\/ul>\n","protected":false},"excerpt":{"rendered":"<p>Entdecken Sie das Rote Meer! Buchen Sie Ihren Schnorchel Bootsausflug ab Soma Bay &amp; erleben Sie die faszinierende Unterwasserwelt \u00c4gyptens. Jetzt Traumtrip<\/p>\n","protected":false},"featured_media":2951,"comment_status":"open","ping_status":"closed","template":"","meta":[],"product_brand":[],"product_cat":[1494],"product_tag":[1495,2794,1503,1505],"class_list":{"0":"post-5073","1":"product","2":"type-product","3":"status-publish","4":"has-post-thumbnail","6":"product_cat-touren","7":"product_tag-agypten-tagestouren","8":"product_tag-bester-schnorchel-bootsausflug","9":"product_tag-hurghada-ausfluge","10":"product_tag-soma-bay-ausfluge","11":"tour_category-agypten-tagestouren","12":"tour_category-hurghada-schnorchelausfluge","13":"tour_category-soma-bay-ausfluge","15":"first","16":"instock","17":"sale","18":"shipping-taxable","19":"purchasable","20":"product-type-tour","21":"has-default-attributes"},"yoast_head":"<!-- This site is optimized with the Yoast SEO Premium plugin v27.4 (Yoast SEO v27.4) - https:\/\/yoast.com\/product\/yoast-seo-premium-wordpress\/ -->\n<title>Schnorchel Bootsausflug ab Soma Bay<\/title>\n<meta name=\"description\" content=\"Entdecken Sie das Rote Meer! Buchen Sie Ihren Schnorchel Bootsausflug ab Soma Bay &amp; erleben Sie die faszinierende Unterwasserwelt \u00c4gyptens. Jetzt Traumtrip\" \/>\n<meta name=\"robots\" content=\"index, follow, max-snippet:-1, max-image-preview:large, max-video-preview:-1\" \/>\n<link rel=\"canonical\" href=\"https:\/\/egytourpackages.com\/de\/touren\/schnorchel-bootsausflug-ab-soma-bay\/\" \/>\n<meta property=\"og:locale\" content=\"de_DE\" \/>\n<meta property=\"og:type\" content=\"article\" \/>\n<meta property=\"og:title\" content=\"Schnorchel Bootsausflug ab Soma Bay\" \/>\n<meta property=\"og:description\" content=\"Entdecken Sie das Rote Meer! Buchen Sie Ihren Schnorchel Bootsausflug ab Soma Bay &amp; erleben Sie die faszinierende Unterwasserwelt \u00c4gyptens. Jetzt Traumtrip\" \/>\n<meta property=\"og:url\" content=\"https:\/\/egytourpackages.com\/de\/touren\/schnorchel-bootsausflug-ab-soma-bay\/\" \/>\n<meta property=\"og:site_name\" content=\"\u00c4gypten-Reisepakete\" \/>\n<meta property=\"article:publisher\" content=\"https:\/\/www.facebook.com\/egytourpackages\" \/>\n<meta property=\"article:modified_time\" content=\"2026-01-28T20:39:51+00:00\" \/>\n<meta property=\"og:image\" content=\"https:\/\/egytourpackages.com\/wp-content\/uploads\/2023\/08\/Snorkeling-Boat-Trip-from-Soma-Bay-1024x682.jpg\" \/>\n<meta name=\"twitter:card\" content=\"summary_large_image\" \/>\n<meta name=\"twitter:title\" content=\"Schnorchel Bootsausflug ab Soma Bay\" \/>\n<meta name=\"twitter:description\" content=\"Entdecken Sie das Rote Meer! Buchen Sie Ihren Schnorchel Bootsausflug ab Soma Bay &amp; erleben Sie die faszinierende Unterwasserwelt \u00c4gyptens. Jetzt Traumtrip\" \/>\n<meta name=\"twitter:image\" content=\"https:\/\/egytourpackages.com\/wp-content\/uploads\/2023\/08\/Snorkeling-Boat-Trip-from-Soma-Bay-1024x682.jpg\" \/>\n<meta name=\"twitter:label1\" content=\"Preis\" \/>\n\t<meta name=\"twitter:data1\" content=\"&euro;35\" \/>\n\t<meta name=\"twitter:label2\" content=\"Verf\u00fcgbarkeit\" \/>\n\t<meta name=\"twitter:data2\" content=\"Auf Lager\" \/>\n<script type=\"application\/ld+json\" class=\"yoast-schema-graph\">{\"@context\":\"https:\\\/\\\/schema.org\",\"@graph\":[{\"@type\":\"WebPage\",\"@id\":\"https:\\\/\\\/egytourpackages.com\\\/de\\\/touren\\\/schnorchel-bootsausflug-ab-soma-bay\\\/\",\"url\":\"https:\\\/\\\/egytourpackages.com\\\/de\\\/touren\\\/schnorchel-bootsausflug-ab-soma-bay\\\/\",\"name\":\"Schnorchel Bootsausflug ab Soma Bay\",\"isPartOf\":{\"@id\":\"https:\\\/\\\/egytourpackages.com\\\/de\\\/#website\"},\"primaryImageOfPage\":{\"@id\":\"https:\\\/\\\/egytourpackages.com\\\/de\\\/touren\\\/schnorchel-bootsausflug-ab-soma-bay\\\/#primaryimage\"},\"image\":{\"@id\":\"https:\\\/\\\/egytourpackages.com\\\/de\\\/touren\\\/schnorchel-bootsausflug-ab-soma-bay\\\/#primaryimage\"},\"thumbnailUrl\":\"https:\\\/\\\/egytourpackages.com\\\/wp-content\\\/uploads\\\/2023\\\/08\\\/Snorkeling-Boat-Trip-from-Soma-Bay.jpg\",\"datePublished\":\"2023-08-22T16:55:59+00:00\",\"dateModified\":\"2026-01-28T20:39:51+00:00\",\"description\":\"Entdecken Sie das Rote Meer! Buchen Sie Ihren Schnorchel Bootsausflug ab Soma Bay & erleben Sie die faszinierende Unterwasserwelt \u00c4gyptens. Jetzt Traumtrip\",\"breadcrumb\":{\"@id\":\"https:\\\/\\\/egytourpackages.com\\\/de\\\/touren\\\/schnorchel-bootsausflug-ab-soma-bay\\\/#breadcrumb\"},\"inLanguage\":\"de\",\"potentialAction\":[{\"@type\":\"ReadAction\",\"target\":[\"https:\\\/\\\/egytourpackages.com\\\/de\\\/touren\\\/schnorchel-bootsausflug-ab-soma-bay\\\/\"]}]},{\"@type\":\"ImageObject\",\"inLanguage\":\"de\",\"@id\":\"https:\\\/\\\/egytourpackages.com\\\/de\\\/touren\\\/schnorchel-bootsausflug-ab-soma-bay\\\/#primaryimage\",\"url\":\"https:\\\/\\\/egytourpackages.com\\\/wp-content\\\/uploads\\\/2023\\\/08\\\/Snorkeling-Boat-Trip-from-Soma-Bay.jpg\",\"contentUrl\":\"https:\\\/\\\/egytourpackages.com\\\/wp-content\\\/uploads\\\/2023\\\/08\\\/Snorkeling-Boat-Trip-from-Soma-Bay.jpg\",\"width\":2000,\"height\":1333,\"caption\":\"Schnorchel Bootsausflug ab Soma Bay\"},{\"@type\":\"BreadcrumbList\",\"@id\":\"https:\\\/\\\/egytourpackages.com\\\/de\\\/touren\\\/schnorchel-bootsausflug-ab-soma-bay\\\/#breadcrumb\",\"itemListElement\":[{\"@type\":\"ListItem\",\"position\":1,\"name\":\"Startseite\",\"item\":\"https:\\\/\\\/egytourpackages.com\\\/de\\\/\"},{\"@type\":\"ListItem\",\"position\":2,\"name\":\"Shop\",\"item\":\"https:\\\/\\\/egytourpackages.com\\\/de\\\/shop\\\/\"},{\"@type\":\"ListItem\",\"position\":3,\"name\":\"Schnorchel Bootsausflug ab Soma Bay\"}]},{\"@type\":\"WebSite\",\"@id\":\"https:\\\/\\\/egytourpackages.com\\\/de\\\/#website\",\"url\":\"https:\\\/\\\/egytourpackages.com\\\/de\\\/\",\"name\":\"Egy tour packages\",\"description\":\"\",\"publisher\":{\"@id\":\"https:\\\/\\\/egytourpackages.com\\\/de\\\/#organization\"},\"potentialAction\":[{\"@type\":\"SearchAction\",\"target\":{\"@type\":\"EntryPoint\",\"urlTemplate\":\"https:\\\/\\\/egytourpackages.com\\\/de\\\/?s={search_term_string}\"},\"query-input\":{\"@type\":\"PropertyValueSpecification\",\"valueRequired\":true,\"valueName\":\"search_term_string\"}}],\"inLanguage\":\"de\"},{\"@type\":[\"Organization\",\"Place\",\"TravelAgency\"],\"@id\":\"https:\\\/\\\/egytourpackages.com\\\/de\\\/#organization\",\"name\":\"egypt tour packages\",\"alternateName\":\"egypt tour packages\",\"url\":\"https:\\\/\\\/egytourpackages.com\\\/de\\\/\",\"logo\":{\"@id\":\"https:\\\/\\\/egytourpackages.com\\\/de\\\/touren\\\/schnorchel-bootsausflug-ab-soma-bay\\\/#local-main-organization-logo\"},\"image\":{\"@id\":\"https:\\\/\\\/egytourpackages.com\\\/de\\\/touren\\\/schnorchel-bootsausflug-ab-soma-bay\\\/#local-main-organization-logo\"},\"sameAs\":[\"https:\\\/\\\/www.facebook.com\\\/egytourpackages\"],\"legalName\":\"Egy tour packages\",\"address\":{\"@id\":\"https:\\\/\\\/egytourpackages.com\\\/de\\\/touren\\\/schnorchel-bootsausflug-ab-soma-bay\\\/#local-main-place-address\"},\"telephone\":[\"00201000852186\",\"00201028685533\"],\"contactPoint\":{\"@type\":\"ContactPoint\",\"telephone\":\"00201000852186\"},\"openingHoursSpecification\":[{\"@type\":\"OpeningHoursSpecification\",\"dayOfWeek\":[\"Monday\",\"Tuesday\",\"Wednesday\",\"Thursday\",\"Friday\",\"Saturday\",\"Sunday\"],\"opens\":\"00:00\",\"closes\":\"23:59\"}],\"email\":\"info@egytourpackages.com\",\"areaServed\":\"Cairo, Hurghada, Luxor, Sharm El Sheikh, Marsa Alam, Aswan\",\"priceRange\":\"$\",\"currenciesAccepted\":\"euro\",\"paymentAccepted\":\"Payment links online\"},{\"@type\":\"PostalAddress\",\"@id\":\"https:\\\/\\\/egytourpackages.com\\\/de\\\/touren\\\/schnorchel-bootsausflug-ab-soma-bay\\\/#local-main-place-address\",\"streetAddress\":\"Mubarak 8, Al Kawthar District, Hurghada\",\"addressLocality\":\"Hurghada\",\"postalCode\":\"84511\",\"addressRegion\":\"Red Sea\",\"addressCountry\":\"EG\"},{\"@type\":\"ImageObject\",\"inLanguage\":\"de\",\"@id\":\"https:\\\/\\\/egytourpackages.com\\\/de\\\/touren\\\/schnorchel-bootsausflug-ab-soma-bay\\\/#local-main-organization-logo\",\"url\":\"https:\\\/\\\/egytourpackages.com\\\/wp-content\\\/uploads\\\/2025\\\/12\\\/Turquoise-Dahabiya-Nile-Cruise-1.jpeg\",\"contentUrl\":\"https:\\\/\\\/egytourpackages.com\\\/wp-content\\\/uploads\\\/2025\\\/12\\\/Turquoise-Dahabiya-Nile-Cruise-1.jpeg\",\"width\":1040,\"height\":694,\"caption\":\"egypt tour packages\"}]}<\/script>\n<meta property=\"product:brand\" content=\"\u00c4gypten Tagestouren\" \/>\n<meta property=\"product:price:amount\" content=\"35\" \/>\n<meta property=\"product:price:currency\" content=\"EUR\" \/>\n<meta property=\"og:availability\" content=\"instock\" \/>\n<meta property=\"product:availability\" content=\"instock\" \/>\n<meta property=\"product:retailer_item_id\" content=\"SBE03\" \/>\n<meta property=\"product:condition\" content=\"new\" \/>\n<meta name=\"geo.placename\" content=\"Hurghada\" \/>\n<meta name=\"geo.region\" content=\"\u00c4gypten\" \/>\n<!-- \/ Yoast SEO Premium plugin. -->","yoast_head_json":{"title":"Schnorchel Bootsausflug ab Soma Bay","description":"Entdecken Sie das Rote Meer! Buchen Sie Ihren Schnorchel Bootsausflug ab Soma Bay & erleben Sie die faszinierende Unterwasserwelt \u00c4gyptens. Jetzt Traumtrip","robots":{"index":"index","follow":"follow","max-snippet":"max-snippet:-1","max-image-preview":"max-image-preview:large","max-video-preview":"max-video-preview:-1"},"canonical":"https:\/\/egytourpackages.com\/de\/touren\/schnorchel-bootsausflug-ab-soma-bay\/","og_locale":"de_DE","og_type":"article","og_title":"Schnorchel Bootsausflug ab Soma Bay","og_description":"Entdecken Sie das Rote Meer! Buchen Sie Ihren Schnorchel Bootsausflug ab Soma Bay & erleben Sie die faszinierende Unterwasserwelt \u00c4gyptens. Jetzt Traumtrip","og_url":"https:\/\/egytourpackages.com\/de\/touren\/schnorchel-bootsausflug-ab-soma-bay\/","og_site_name":"\u00c4gypten-Reisepakete","article_publisher":"https:\/\/www.facebook.com\/egytourpackages","article_modified_time":"2026-01-28T20:39:51+00:00","og_image":[{"url":"https:\/\/egytourpackages.com\/wp-content\/uploads\/2023\/08\/Snorkeling-Boat-Trip-from-Soma-Bay-1024x682.jpg","type":"","width":"","height":""}],"twitter_card":"summary_large_image","twitter_title":"Schnorchel Bootsausflug ab Soma Bay","twitter_description":"Entdecken Sie das Rote Meer! Buchen Sie Ihren Schnorchel Bootsausflug ab Soma Bay & erleben Sie die faszinierende Unterwasserwelt \u00c4gyptens. Jetzt Traumtrip","twitter_image":"https:\/\/egytourpackages.com\/wp-content\/uploads\/2023\/08\/Snorkeling-Boat-Trip-from-Soma-Bay-1024x682.jpg","twitter_misc":{"Preis":"&euro;35","Verf\u00fcgbarkeit":"Auf Lager"},"schema":{"@context":"https:\/\/schema.org","@graph":[{"@type":"WebPage","@id":"https:\/\/egytourpackages.com\/de\/touren\/schnorchel-bootsausflug-ab-soma-bay\/","url":"https:\/\/egytourpackages.com\/de\/touren\/schnorchel-bootsausflug-ab-soma-bay\/","name":"Schnorchel Bootsausflug ab Soma Bay","isPartOf":{"@id":"https:\/\/egytourpackages.com\/de\/#website"},"primaryImageOfPage":{"@id":"https:\/\/egytourpackages.com\/de\/touren\/schnorchel-bootsausflug-ab-soma-bay\/#primaryimage"},"image":{"@id":"https:\/\/egytourpackages.com\/de\/touren\/schnorchel-bootsausflug-ab-soma-bay\/#primaryimage"},"thumbnailUrl":"https:\/\/egytourpackages.com\/wp-content\/uploads\/2023\/08\/Snorkeling-Boat-Trip-from-Soma-Bay.jpg","datePublished":"2023-08-22T16:55:59+00:00","dateModified":"2026-01-28T20:39:51+00:00","description":"Entdecken Sie das Rote Meer! Buchen Sie Ihren Schnorchel Bootsausflug ab Soma Bay & erleben Sie die faszinierende Unterwasserwelt \u00c4gyptens. Jetzt Traumtrip","breadcrumb":{"@id":"https:\/\/egytourpackages.com\/de\/touren\/schnorchel-bootsausflug-ab-soma-bay\/#breadcrumb"},"inLanguage":"de","potentialAction":[{"@type":"ReadAction","target":["https:\/\/egytourpackages.com\/de\/touren\/schnorchel-bootsausflug-ab-soma-bay\/"]}]},{"@type":"ImageObject","inLanguage":"de","@id":"https:\/\/egytourpackages.com\/de\/touren\/schnorchel-bootsausflug-ab-soma-bay\/#primaryimage","url":"https:\/\/egytourpackages.com\/wp-content\/uploads\/2023\/08\/Snorkeling-Boat-Trip-from-Soma-Bay.jpg","contentUrl":"https:\/\/egytourpackages.com\/wp-content\/uploads\/2023\/08\/Snorkeling-Boat-Trip-from-Soma-Bay.jpg","width":2000,"height":1333,"caption":"Schnorchel Bootsausflug ab Soma Bay"},{"@type":"BreadcrumbList","@id":"https:\/\/egytourpackages.com\/de\/touren\/schnorchel-bootsausflug-ab-soma-bay\/#breadcrumb","itemListElement":[{"@type":"ListItem","position":1,"name":"Startseite","item":"https:\/\/egytourpackages.com\/de\/"},{"@type":"ListItem","position":2,"name":"Shop","item":"https:\/\/egytourpackages.com\/de\/shop\/"},{"@type":"ListItem","position":3,"name":"Schnorchel Bootsausflug ab Soma Bay"}]},{"@type":"WebSite","@id":"https:\/\/egytourpackages.com\/de\/#website","url":"https:\/\/egytourpackages.com\/de\/","name":"Egy tour packages","description":"","publisher":{"@id":"https:\/\/egytourpackages.com\/de\/#organization"},"potentialAction":[{"@type":"SearchAction","target":{"@type":"EntryPoint","urlTemplate":"https:\/\/egytourpackages.com\/de\/?s={search_term_string}"},"query-input":{"@type":"PropertyValueSpecification","valueRequired":true,"valueName":"search_term_string"}}],"inLanguage":"de"},{"@type":["Organization","Place","TravelAgency"],"@id":"https:\/\/egytourpackages.com\/de\/#organization","name":"egypt tour packages","alternateName":"egypt tour packages","url":"https:\/\/egytourpackages.com\/de\/","logo":{"@id":"https:\/\/egytourpackages.com\/de\/touren\/schnorchel-bootsausflug-ab-soma-bay\/#local-main-organization-logo"},"image":{"@id":"https:\/\/egytourpackages.com\/de\/touren\/schnorchel-bootsausflug-ab-soma-bay\/#local-main-organization-logo"},"sameAs":["https:\/\/www.facebook.com\/egytourpackages"],"legalName":"Egy tour packages","address":{"@id":"https:\/\/egytourpackages.com\/de\/touren\/schnorchel-bootsausflug-ab-soma-bay\/#local-main-place-address"},"telephone":["00201000852186","00201028685533"],"contactPoint":{"@type":"ContactPoint","telephone":"00201000852186"},"openingHoursSpecification":[{"@type":"OpeningHoursSpecification","dayOfWeek":["Monday","Tuesday","Wednesday","Thursday","Friday","Saturday","Sunday"],"opens":"00:00","closes":"23:59"}],"email":"info@egytourpackages.com","areaServed":"Cairo, Hurghada, Luxor, Sharm El Sheikh, Marsa Alam, Aswan","priceRange":"$","currenciesAccepted":"euro","paymentAccepted":"Payment links online"},{"@type":"PostalAddress","@id":"https:\/\/egytourpackages.com\/de\/touren\/schnorchel-bootsausflug-ab-soma-bay\/#local-main-place-address","streetAddress":"Mubarak 8, Al Kawthar District, Hurghada","addressLocality":"Hurghada","postalCode":"84511","addressRegion":"Red Sea","addressCountry":"EG"},{"@type":"ImageObject","inLanguage":"de","@id":"https:\/\/egytourpackages.com\/de\/touren\/schnorchel-bootsausflug-ab-soma-bay\/#local-main-organization-logo","url":"https:\/\/egytourpackages.com\/wp-content\/uploads\/2025\/12\/Turquoise-Dahabiya-Nile-Cruise-1.jpeg","contentUrl":"https:\/\/egytourpackages.com\/wp-content\/uploads\/2025\/12\/Turquoise-Dahabiya-Nile-Cruise-1.jpeg","width":1040,"height":694,"caption":"egypt tour packages"}]},"product_brand":"\u00c4gypten Tagestouren","product_price_amount":"35","product_price_currency":"EUR","og_availability":"instock","product_availability":"instock","product_retailer_item_id":"SBE03","product_condition":"new","geo.placename":"Hurghada","geo.region":"\u00c4gypten"},"_links":{"self":[{"href":"https:\/\/egytourpackages.com\/de\/wp-json\/wp\/v2\/product\/5073","targetHints":{"allow":["GET"]}}],"collection":[{"href":"https:\/\/egytourpackages.com\/de\/wp-json\/wp\/v2\/product"}],"about":[{"href":"https:\/\/egytourpackages.com\/de\/wp-json\/wp\/v2\/types\/product"}],"replies":[{"embeddable":true,"href":"https:\/\/egytourpackages.com\/de\/wp-json\/wp\/v2\/comments?post=5073"}],"wp:featuredmedia":[{"embeddable":true,"href":"https:\/\/egytourpackages.com\/de\/wp-json\/wp\/v2\/media\/2951"}],"wp:attachment":[{"href":"https:\/\/egytourpackages.com\/de\/wp-json\/wp\/v2\/media?parent=5073"}],"wp:term":[{"taxonomy":"product_brand","embeddable":true,"href":"https:\/\/egytourpackages.com\/de\/wp-json\/wp\/v2\/product_brand?post=5073"},{"taxonomy":"product_cat","embeddable":true,"href":"https:\/\/egytourpackages.com\/de\/wp-json\/wp\/v2\/product_cat?post=5073"},{"taxonomy":"product_tag","embeddable":true,"href":"https:\/\/egytourpackages.com\/de\/wp-json\/wp\/v2\/product_tag?post=5073"}],"curies":[{"name":"wp","href":"https:\/\/api.w.org\/{rel}","templated":true}]}}