{"id":5076,"date":"2023-08-22T12:03:48","date_gmt":"2023-08-22T12:03:48","guid":{"rendered":"https:\/\/egytourpackages.com\/product\/el-gouna-schnorchelausflug\/"},"modified":"2026-01-28T20:35:18","modified_gmt":"2026-01-28T20:35:18","slug":"el-gouna-schnorchelausflug","status":"publish","type":"product","link":"https:\/\/egytourpackages.com\/de\/touren\/el-gouna-schnorchelausflug\/","title":{"rendered":"El Gouna Schnorchelausflug"},"content":{"rendered":"<p><strong><span style=\"color: #ff6600;\">El Gouna Schnorchelausflug | Beste El Gouna Ausfl\u00fcge<\/span><\/strong><\/p>\n<p>Buchen Sie Ihr ultimatives <strong>Rotes Meer Abenteuer<\/strong> mit unseren unvergleichlichen <strong>Schnorchelausfl\u00fcgen El Gouna<\/strong>. Konzipiert f\u00fcr <strong>Familienspa\u00df<\/strong>, <strong>romantische Kurzurlaube<\/strong> und aufregende <strong>Gruppenreisen<\/strong>, bieten unsere <strong>El Gouna Touren<\/strong> ein immersives Erlebnis in die lebendige Unterwasserwelt und sorgen f\u00fcr unvergessliche Momente f\u00fcr alle.<\/p>\n<p>Entdecken Sie die <strong>besten Schnorchelpl\u00e4tze<\/strong> im Roten Meer, bekannt f\u00fcr ihr kristallklares Wasser und bl\u00fchende Meeres\u00f6kosysteme. Wir stellen hochwertige <strong>Schnorchelausr\u00fcstung<\/strong> f\u00fcr alle Altersgruppen und Gr\u00f6\u00dfen zur Verf\u00fcgung, und ein <strong>professioneller Schnorchelf\u00fchrer<\/strong> ist stets zur Stelle, um Nichtschwimmern zu helfen, um Sicherheit und Freude f\u00fcr alle zu gew\u00e4hrleisten.<\/p>\n<p><strong>El Gouna Ausfl\u00fcge<\/strong> sind perfekt f\u00fcr <strong>Freundesgruppen<\/strong>. Tats\u00e4chlich bieten unsere <strong>Freundestouren<\/strong> einzigartige <strong>Aktivit\u00e4ten f\u00fcr Freunde<\/strong>, wie das Schwimmen neben wundersch\u00f6nen bunten Fischen und pr\u00e4chtigen Korallenriffen, das Aufnehmen atemberaubender <strong>Unterwasserfotos<\/strong> und sogar die M\u00f6glichkeit, in tiefere Gew\u00e4sser zu tauchen, f\u00fcr ein neues <strong>aufregendes Erlebnis<\/strong> voller <strong>Spannung und Nervenkitzel<\/strong>.<\/p>\n<p>Wir richten uns auch an <strong>Urlaube f\u00fcr reifere Singles<\/strong> und bieten bereichernde <strong>Lernreisen f\u00fcr Senioren<\/strong> an. Mit einem engagierten professionellen Team gew\u00e4hrleisten wir komfortable und angenehme <strong>Tagesausfl\u00fcge f\u00fcr Senioren<\/strong> und Rollstuhlfahrer, die w\u00e4hrend der gesamten Reise einen aufmerksamen Service bieten.<\/p>\n<p>Unsere <strong>sch\u00f6nen Urlaube f\u00fcr Paare<\/strong> f\u00fcgen mit einer aufregenden Bananenbootfahrt zus\u00e4tzlichen Nervenkitzel hinzu, was diese zu einigen der <strong>besten Kurzurlaube f\u00fcr Paare<\/strong> macht. Schlie\u00dflich bieten unsere <strong>familienfreundlichen Ausfl\u00fcge<\/strong> Kindern und Erwachsenen gleicherma\u00dfen die erstaunliche M\u00f6glichkeit, von der faszinierenden Unterwasserwelt, bunten Fischen und komplizierten Korallenriffen direkt unter der Oberfl\u00e4che begeistert zu sein.<\/p>\n<h3><span style=\"color: #ff6600;\">Tourdetails<\/span><\/h3>\n<ul>\n<li>Dauer: 8 Stunden<\/li>\n<li>Tourort: Rotes Meer<\/li>\n<li>Verf\u00fcgbarkeit: T\u00e4glich<\/li>\n<li>Tour-Typ: Gruppe<\/li>\n<li>Abholung &amp; R\u00fccktransfer: Ihr Hotel in El Gouna<\/li>\n<li>Rollstuhl: Zug\u00e4nglich<\/li>\n<\/ul>\n<h3><span style=\"color: #ff6600;\">Inbegriffen in dieser Tour<\/span><\/h3>\n<ul>\n<li>Hin- und R\u00fccktransfer von Ihrem Hotel in El Gouna<\/li>\n<li>Schnorchelausr\u00fcstung wie Schwimmweste, Maske, Flossen<\/li>\n<li>Schnorchelf\u00fchrer<\/li>\n<li>Frisch zubereitetes Mittagessen an Bord<\/li>\n<li>Mineralwasser, warme und kalte Getr\u00e4nke den ganzen Tag<\/li>\n<\/ul>\n<h3><span style=\"color: #ff6600;\">Ausgeschlossen in dieser Tour<\/span><\/h3>\n<ul>\n<li>DVD und Fotos vom Kameramann<\/li>\n<li>Trinkgelder<\/li>\n<li>Tauchen<\/li>\n<\/ul>\n<h3><span style=\"color: #ff6600;\">Was Sie mitnehmen sollten<\/span><\/h3>\n<ul>\n<li>Ihr eigenes Handtuch vom Hotel<\/li>\n<li>Hut oder Schal<\/li>\n<li>Sonnencreme<\/li>\n<li>Sonnenbrille<\/li>\n<li>Bequeme Schuhe<\/li>\n<li>Badeanzug<\/li>\n<li>Etwas Bargeld f\u00fcr Ihre pers\u00f6nlichen Ausgaben<\/li>\n<\/ul>\n<h2><span style=\"color: #ff6600;\">Reiseroute<\/span><\/h2>\n<p>Ihr aufregender <strong>El Gouna Schnorchelausflug<\/strong> beginnt mit einer bequemen <strong>Abholung<\/strong> von Ihrem El Gouna Hotel. Genie\u00dfen Sie einen malerischen Transfer zum lebhaften Hurghada Marina, wo Ihr luxuri\u00f6ses Boot auf Sie wartet.<\/p>\n<p>An Bord werden wir <strong>in Richtung der atemberaubendsten Schnorchelpl\u00e4tze des Roten Meeres segeln<\/strong>. Unser erster Halt bringt uns zu einem unglaublichen <strong>Schnorchelplatz<\/strong>, wo Sie in kristallklares Wasser eintauchen, das von lebendiger Meereswelt und atemberaubenden Korallenriffen wimmelt.<\/p>\n<p>Anschlie\u00dfend fahren wir zu einem <strong>zweiten fantastischen Schnorchelplatz<\/strong>, der weitere M\u00f6glichkeiten bietet, die Unterwasserwunder zu erkunden.<\/p>\n<p>Nach einer aufregenden Zeit im Wasser wird ein k\u00f6stliches <strong>offenes Mittagsbuffet<\/strong> direkt an Bord serviert, sodass Sie sich st\u00e4rken k\u00f6nnen, w\u00e4hrend Sie den Panoramablick auf das Meer genie\u00dfen. Der Spa\u00df geht weiter mit aufregenden <strong>Wassersportarten<\/strong>, einschlie\u00dflich spannender Sofa- und Bananenbootfahrten.<\/p>\n<p>Wenn der Tag zu Ende geht, treten wir die R\u00fcckreise an und kehren zum Hurghada Marina zur\u00fcck. Von dort werden Sie direkt zu Ihrem Hotel in El Gouna zur\u00fcckgebracht, womit ein Tag voller unvergesslicher <strong>Rotes Meer Abenteuer<\/strong> endet.<\/p>\n<h3><span style=\"color: #ff6600;\">Bestens empfohlene Schnorchel-Bootsausfl\u00fcge El Gouna<\/span><\/h3>\n<ul>\n<li>Delfinhaus Schnorchel Tagesausflug ab El Gouna<\/li>\n<li>Paradise Insel Schnorcheltrip ab El Gouna<\/li>\n<li>Orange Bay Insel Schnorcheltrip ab El Gouna<\/li>\n<li>Piraten-Segelbootausflug ab El Gouna<\/li>\n<li>Eden Insel Tagesnutzung ab El Gouna<\/li>\n<li>Mahmya Insel Schnorcheln El Gouna<\/li>\n<\/ul>\n<h2><span style=\"color: #ff6600;\">Praktischer Hinweis<\/span><\/h2>\n<p><strong>Im Voraus buchen:<\/strong> Besonders in der Hochsaison ist es ratsam, Ihren <strong>El Gouna Bootsausflug<\/strong> im Voraus zu buchen, um sich Ihren Platz zu sichern.<\/p>\n<h3><span style=\"color: #ff6600;\">Schnorchel-Bootsausflug ab El Gouna Preis<\/span><\/h3>\n<ul>\n<li>Erwachsenenpreis = 35 \u20ac<\/li>\n<li>Kleinkinder 0-5 Jahre = kostenlos<\/li>\n<li>Kinder 5-11 Jahre = 50% des Erwachsenenpreises<\/li>\n<\/ul>\n<h3><span style=\"color: #ff6600;\">Buchung<\/span><\/h3>\n<p>Sie k\u00f6nnen Ihre Tour \u00fcber WhatsApp buchen oder uns eine E-Mail senden und erhalten die Best\u00e4tigung vor Ort.<\/p>\n<p>Bitte senden Sie uns Ihren Hotelnamen, Zimmernummer und Passkopien.<\/p>\n<p>WhatsApp: +201000852186<\/p>\n<p>info@ehytourpackages.com<\/p>\n<h3><span style=\"color: #ff6600;\">Jetzt buchen &amp; vor Ort bezahlen<\/span><\/h3>\n<p>Buchen Sie Ihre Lieblingstour und bezahlen Sie am Tag des Ausflugs.<\/p>\n<h3><span style=\"color: #ff6600;\">Zahlung<\/span><\/h3>\n<p>Sie k\u00f6nnen in \u00e4gyptischen Pfund, $, \u20ac oder \u00a3 bezahlen.<\/p>\n<h3><span style=\"color: #ff6600;\">Stornierungsbedingungen<\/span><\/h3>\n<ul>\n<li>Kostenlose Stornierung bis zu 24 Stunden im Voraus<\/li>\n<li>Morgendliche Stornierung = 50% des Preises<\/li>\n<\/ul>\n","protected":false},"excerpt":{"rendered":"<p>Erleben Sie einen El Gouna Schnorchelausflug im Roten Meer! Entdecken Sie Korallenriffe &amp; bunte Fische. Buchen Sie jetzt Ihr Schnorchelabenteuer in El Gouna<\/p>\n","protected":false},"featured_media":2948,"comment_status":"open","ping_status":"closed","template":"","meta":[],"product_brand":[],"product_cat":[1494],"product_tag":[1495,1507,2797,1987],"class_list":{"0":"post-5076","1":"product","2":"type-product","3":"status-publish","4":"has-post-thumbnail","6":"product_cat-touren","7":"product_tag-agypten-tagestouren","8":"product_tag-el-gouna-ausfluge","9":"product_tag-le-migliori-cose-da-fare-a-el-gouna-de","10":"product_tag-schnorchel-bootstour","11":"tour_category-agypten-tagestouren","12":"tour_category-el-gouna-ausfluge","13":"tour_category-hurghada-schnorchelausfluge","15":"first","16":"instock","17":"sale","18":"shipping-taxable","19":"purchasable","20":"product-type-tour","21":"has-default-attributes"},"yoast_head":"<!-- This site is optimized with the Yoast SEO Premium plugin v27.2 (Yoast SEO v27.2) - https:\/\/yoast.com\/product\/yoast-seo-premium-wordpress\/ -->\n<title>El Gouna Schnorchelausflug | \u00c4gypten Reisepakete<\/title>\n<meta name=\"description\" content=\"Erleben Sie einen El Gouna Schnorchelausflug im Roten Meer! Entdecken Sie Korallenriffe &amp; bunte Fische. Buchen Sie jetzt Ihr Schnorchelabenteuer in El Gouna\" \/>\n<meta name=\"robots\" content=\"index, follow, max-snippet:-1, max-image-preview:large, max-video-preview:-1\" \/>\n<link rel=\"canonical\" href=\"https:\/\/egytourpackages.com\/de\/touren\/el-gouna-schnorchelausflug\/\" \/>\n<meta property=\"og:locale\" content=\"de_DE\" \/>\n<meta property=\"og:type\" content=\"article\" \/>\n<meta property=\"og:title\" content=\"El Gouna Schnorchelausflug\" \/>\n<meta property=\"og:description\" content=\"Erleben Sie einen El Gouna Schnorchelausflug im Roten Meer! Entdecken Sie Korallenriffe &amp; bunte Fische. Buchen Sie jetzt Ihr Schnorchelabenteuer in El Gouna\" \/>\n<meta property=\"og:url\" content=\"https:\/\/egytourpackages.com\/de\/touren\/el-gouna-schnorchelausflug\/\" \/>\n<meta property=\"og:site_name\" content=\"\u00c4gypten-Reisepakete\" \/>\n<meta property=\"article:publisher\" content=\"https:\/\/www.facebook.com\/egytourpackages\" \/>\n<meta property=\"article:modified_time\" content=\"2026-01-28T20:35:18+00:00\" \/>\n<meta property=\"og:image\" content=\"https:\/\/egytourpackages.com\/wp-content\/uploads\/2023\/08\/El-Gouna-Best-Snorkeling-Trip-1024x682.jpg\" \/>\n<meta name=\"twitter:card\" content=\"summary_large_image\" \/>\n<meta name=\"twitter:title\" content=\"El Gouna Schnorchelausflug\" \/>\n<meta name=\"twitter:description\" content=\"Erleben Sie einen El Gouna Schnorchelausflug im Roten Meer! Entdecken Sie Korallenriffe &amp; bunte Fische. Buchen Sie jetzt Ihr Schnorchelabenteuer in El Gouna\" \/>\n<meta name=\"twitter:image\" content=\"https:\/\/egytourpackages.com\/wp-content\/uploads\/2023\/08\/El-Gouna-Best-Snorkeling-Trip-1024x682.jpg\" \/>\n<meta name=\"twitter:label1\" content=\"Preis\" \/>\n\t<meta name=\"twitter:data1\" content=\"&euro;35\" \/>\n\t<meta name=\"twitter:label2\" content=\"Verf\u00fcgbarkeit\" \/>\n\t<meta name=\"twitter:data2\" content=\"Auf Lager\" \/>\n<script type=\"application\/ld+json\" class=\"yoast-schema-graph\">{\"@context\":\"https:\/\/schema.org\",\"@graph\":[{\"@type\":\"WebPage\",\"@id\":\"https:\/\/egytourpackages.com\/de\/touren\/el-gouna-schnorchelausflug\/\",\"url\":\"https:\/\/egytourpackages.com\/de\/touren\/el-gouna-schnorchelausflug\/\",\"name\":\"El Gouna Schnorchelausflug | \u00c4gypten Reisepakete\",\"isPartOf\":{\"@id\":\"https:\/\/egytourpackages.com\/de\/#website\"},\"primaryImageOfPage\":{\"@id\":\"https:\/\/egytourpackages.com\/de\/touren\/el-gouna-schnorchelausflug\/#primaryimage\"},\"image\":{\"@id\":\"https:\/\/egytourpackages.com\/de\/touren\/el-gouna-schnorchelausflug\/#primaryimage\"},\"thumbnailUrl\":\"https:\/\/egytourpackages.com\/wp-content\/uploads\/2023\/08\/El-Gouna-Best-Snorkeling-Trip.jpg\",\"datePublished\":\"2023-08-22T12:03:48+00:00\",\"dateModified\":\"2026-01-28T20:35:18+00:00\",\"description\":\"Erleben Sie einen El Gouna Schnorchelausflug im Roten Meer! Entdecken Sie Korallenriffe & bunte Fische. Buchen Sie jetzt Ihr Schnorchelabenteuer in El Gouna\",\"breadcrumb\":{\"@id\":\"https:\/\/egytourpackages.com\/de\/touren\/el-gouna-schnorchelausflug\/#breadcrumb\"},\"inLanguage\":\"de\",\"potentialAction\":[{\"@type\":\"ReadAction\",\"target\":[\"https:\/\/egytourpackages.com\/de\/touren\/el-gouna-schnorchelausflug\/\"]}]},{\"@type\":\"ImageObject\",\"inLanguage\":\"de\",\"@id\":\"https:\/\/egytourpackages.com\/de\/touren\/el-gouna-schnorchelausflug\/#primaryimage\",\"url\":\"https:\/\/egytourpackages.com\/wp-content\/uploads\/2023\/08\/El-Gouna-Best-Snorkeling-Trip.jpg\",\"contentUrl\":\"https:\/\/egytourpackages.com\/wp-content\/uploads\/2023\/08\/El-Gouna-Best-Snorkeling-Trip.jpg\",\"width\":2000,\"height\":1333,\"caption\":\"El Gouna Schnorchelausflug\"},{\"@type\":\"BreadcrumbList\",\"@id\":\"https:\/\/egytourpackages.com\/de\/touren\/el-gouna-schnorchelausflug\/#breadcrumb\",\"itemListElement\":[{\"@type\":\"ListItem\",\"position\":1,\"name\":\"Startseite\",\"item\":\"https:\/\/egytourpackages.com\/de\/\"},{\"@type\":\"ListItem\",\"position\":2,\"name\":\"Shop\",\"item\":\"https:\/\/egytourpackages.com\/de\/shop\/\"},{\"@type\":\"ListItem\",\"position\":3,\"name\":\"El Gouna Schnorchelausflug\"}]},{\"@type\":\"WebSite\",\"@id\":\"https:\/\/egytourpackages.com\/de\/#website\",\"url\":\"https:\/\/egytourpackages.com\/de\/\",\"name\":\"Egy tour packages\",\"description\":\"\",\"publisher\":{\"@id\":\"https:\/\/egytourpackages.com\/de\/#organization\"},\"potentialAction\":[{\"@type\":\"SearchAction\",\"target\":{\"@type\":\"EntryPoint\",\"urlTemplate\":\"https:\/\/egytourpackages.com\/de\/?s={search_term_string}\"},\"query-input\":{\"@type\":\"PropertyValueSpecification\",\"valueRequired\":true,\"valueName\":\"search_term_string\"}}],\"inLanguage\":\"de\"},{\"@type\":[\"Organization\",\"Place\",\"TravelAgency\"],\"@id\":\"https:\/\/egytourpackages.com\/de\/#organization\",\"name\":\"egypt tour packages\",\"alternateName\":\"egypt tour packages\",\"url\":\"https:\/\/egytourpackages.com\/de\/\",\"logo\":{\"@id\":\"https:\/\/egytourpackages.com\/de\/touren\/el-gouna-schnorchelausflug\/#local-main-organization-logo\"},\"image\":{\"@id\":\"https:\/\/egytourpackages.com\/de\/touren\/el-gouna-schnorchelausflug\/#local-main-organization-logo\"},\"sameAs\":[\"https:\/\/www.facebook.com\/egytourpackages\"],\"legalName\":\"Egy tour packages\",\"address\":{\"@id\":\"https:\/\/egytourpackages.com\/de\/touren\/el-gouna-schnorchelausflug\/#local-main-place-address\"},\"telephone\":[\"00201000852186\",\"00201028685533\"],\"contactPoint\":{\"@type\":\"ContactPoint\",\"telephone\":\"00201000852186\"},\"openingHoursSpecification\":[{\"@type\":\"OpeningHoursSpecification\",\"dayOfWeek\":[\"Monday\",\"Tuesday\",\"Wednesday\",\"Thursday\",\"Friday\",\"Saturday\",\"Sunday\"],\"opens\":\"00:00\",\"closes\":\"23:59\"}],\"email\":\"info@egytourpackages.com\",\"areaServed\":\"Cairo, Hurghada, Luxor, Sharm El Sheikh, Marsa Alam, Aswan\",\"priceRange\":\"$\",\"currenciesAccepted\":\"euro\",\"paymentAccepted\":\"Payment links online\"},{\"@type\":\"PostalAddress\",\"@id\":\"https:\/\/egytourpackages.com\/de\/touren\/el-gouna-schnorchelausflug\/#local-main-place-address\",\"streetAddress\":\"Mubarak 8, Al Kawthar District, Hurghada\",\"addressLocality\":\"Hurghada\",\"postalCode\":\"84511\",\"addressRegion\":\"Red Sea\",\"addressCountry\":\"EG\"},{\"@type\":\"ImageObject\",\"inLanguage\":\"de\",\"@id\":\"https:\/\/egytourpackages.com\/de\/touren\/el-gouna-schnorchelausflug\/#local-main-organization-logo\",\"url\":\"https:\/\/egytourpackages.com\/wp-content\/uploads\/2025\/12\/Turquoise-Dahabiya-Nile-Cruise-1.jpeg\",\"contentUrl\":\"https:\/\/egytourpackages.com\/wp-content\/uploads\/2025\/12\/Turquoise-Dahabiya-Nile-Cruise-1.jpeg\",\"width\":1040,\"height\":694,\"caption\":\"egypt tour packages\"}]}<\/script>\n<meta property=\"product:brand\" content=\"\u00c4gypten Tagestouren\" \/>\n<meta property=\"product:price:amount\" content=\"35\" \/>\n<meta property=\"product:price:currency\" content=\"EUR\" \/>\n<meta property=\"og:availability\" content=\"instock\" \/>\n<meta property=\"product:availability\" content=\"instock\" \/>\n<meta property=\"product:retailer_item_id\" content=\"GDT06\" \/>\n<meta property=\"product:condition\" content=\"new\" \/>\n<meta name=\"geo.placename\" content=\"Hurghada\" \/>\n<meta name=\"geo.region\" content=\"\u00c4gypten\" \/>\n<!-- \/ Yoast SEO Premium plugin. -->","yoast_head_json":{"title":"El Gouna Schnorchelausflug | \u00c4gypten Reisepakete","description":"Erleben Sie einen El Gouna Schnorchelausflug im Roten Meer! Entdecken Sie Korallenriffe & bunte Fische. Buchen Sie jetzt Ihr Schnorchelabenteuer in El Gouna","robots":{"index":"index","follow":"follow","max-snippet":"max-snippet:-1","max-image-preview":"max-image-preview:large","max-video-preview":"max-video-preview:-1"},"canonical":"https:\/\/egytourpackages.com\/de\/touren\/el-gouna-schnorchelausflug\/","og_locale":"de_DE","og_type":"article","og_title":"El Gouna Schnorchelausflug","og_description":"Erleben Sie einen El Gouna Schnorchelausflug im Roten Meer! Entdecken Sie Korallenriffe & bunte Fische. Buchen Sie jetzt Ihr Schnorchelabenteuer in El Gouna","og_url":"https:\/\/egytourpackages.com\/de\/touren\/el-gouna-schnorchelausflug\/","og_site_name":"\u00c4gypten-Reisepakete","article_publisher":"https:\/\/www.facebook.com\/egytourpackages","article_modified_time":"2026-01-28T20:35:18+00:00","og_image":[{"url":"https:\/\/egytourpackages.com\/wp-content\/uploads\/2023\/08\/El-Gouna-Best-Snorkeling-Trip-1024x682.jpg","type":"","width":"","height":""}],"twitter_card":"summary_large_image","twitter_title":"El Gouna Schnorchelausflug","twitter_description":"Erleben Sie einen El Gouna Schnorchelausflug im Roten Meer! Entdecken Sie Korallenriffe & bunte Fische. Buchen Sie jetzt Ihr Schnorchelabenteuer in El Gouna","twitter_image":"https:\/\/egytourpackages.com\/wp-content\/uploads\/2023\/08\/El-Gouna-Best-Snorkeling-Trip-1024x682.jpg","twitter_misc":{"Preis":"&euro;35","Verf\u00fcgbarkeit":"Auf Lager"},"schema":{"@context":"https:\/\/schema.org","@graph":[{"@type":"WebPage","@id":"https:\/\/egytourpackages.com\/de\/touren\/el-gouna-schnorchelausflug\/","url":"https:\/\/egytourpackages.com\/de\/touren\/el-gouna-schnorchelausflug\/","name":"El Gouna Schnorchelausflug | \u00c4gypten Reisepakete","isPartOf":{"@id":"https:\/\/egytourpackages.com\/de\/#website"},"primaryImageOfPage":{"@id":"https:\/\/egytourpackages.com\/de\/touren\/el-gouna-schnorchelausflug\/#primaryimage"},"image":{"@id":"https:\/\/egytourpackages.com\/de\/touren\/el-gouna-schnorchelausflug\/#primaryimage"},"thumbnailUrl":"https:\/\/egytourpackages.com\/wp-content\/uploads\/2023\/08\/El-Gouna-Best-Snorkeling-Trip.jpg","datePublished":"2023-08-22T12:03:48+00:00","dateModified":"2026-01-28T20:35:18+00:00","description":"Erleben Sie einen El Gouna Schnorchelausflug im Roten Meer! Entdecken Sie Korallenriffe & bunte Fische. Buchen Sie jetzt Ihr Schnorchelabenteuer in El Gouna","breadcrumb":{"@id":"https:\/\/egytourpackages.com\/de\/touren\/el-gouna-schnorchelausflug\/#breadcrumb"},"inLanguage":"de","potentialAction":[{"@type":"ReadAction","target":["https:\/\/egytourpackages.com\/de\/touren\/el-gouna-schnorchelausflug\/"]}]},{"@type":"ImageObject","inLanguage":"de","@id":"https:\/\/egytourpackages.com\/de\/touren\/el-gouna-schnorchelausflug\/#primaryimage","url":"https:\/\/egytourpackages.com\/wp-content\/uploads\/2023\/08\/El-Gouna-Best-Snorkeling-Trip.jpg","contentUrl":"https:\/\/egytourpackages.com\/wp-content\/uploads\/2023\/08\/El-Gouna-Best-Snorkeling-Trip.jpg","width":2000,"height":1333,"caption":"El Gouna Schnorchelausflug"},{"@type":"BreadcrumbList","@id":"https:\/\/egytourpackages.com\/de\/touren\/el-gouna-schnorchelausflug\/#breadcrumb","itemListElement":[{"@type":"ListItem","position":1,"name":"Startseite","item":"https:\/\/egytourpackages.com\/de\/"},{"@type":"ListItem","position":2,"name":"Shop","item":"https:\/\/egytourpackages.com\/de\/shop\/"},{"@type":"ListItem","position":3,"name":"El Gouna Schnorchelausflug"}]},{"@type":"WebSite","@id":"https:\/\/egytourpackages.com\/de\/#website","url":"https:\/\/egytourpackages.com\/de\/","name":"Egy tour packages","description":"","publisher":{"@id":"https:\/\/egytourpackages.com\/de\/#organization"},"potentialAction":[{"@type":"SearchAction","target":{"@type":"EntryPoint","urlTemplate":"https:\/\/egytourpackages.com\/de\/?s={search_term_string}"},"query-input":{"@type":"PropertyValueSpecification","valueRequired":true,"valueName":"search_term_string"}}],"inLanguage":"de"},{"@type":["Organization","Place","TravelAgency"],"@id":"https:\/\/egytourpackages.com\/de\/#organization","name":"egypt tour packages","alternateName":"egypt tour packages","url":"https:\/\/egytourpackages.com\/de\/","logo":{"@id":"https:\/\/egytourpackages.com\/de\/touren\/el-gouna-schnorchelausflug\/#local-main-organization-logo"},"image":{"@id":"https:\/\/egytourpackages.com\/de\/touren\/el-gouna-schnorchelausflug\/#local-main-organization-logo"},"sameAs":["https:\/\/www.facebook.com\/egytourpackages"],"legalName":"Egy tour packages","address":{"@id":"https:\/\/egytourpackages.com\/de\/touren\/el-gouna-schnorchelausflug\/#local-main-place-address"},"telephone":["00201000852186","00201028685533"],"contactPoint":{"@type":"ContactPoint","telephone":"00201000852186"},"openingHoursSpecification":[{"@type":"OpeningHoursSpecification","dayOfWeek":["Monday","Tuesday","Wednesday","Thursday","Friday","Saturday","Sunday"],"opens":"00:00","closes":"23:59"}],"email":"info@egytourpackages.com","areaServed":"Cairo, Hurghada, Luxor, Sharm El Sheikh, Marsa Alam, Aswan","priceRange":"$","currenciesAccepted":"euro","paymentAccepted":"Payment links online"},{"@type":"PostalAddress","@id":"https:\/\/egytourpackages.com\/de\/touren\/el-gouna-schnorchelausflug\/#local-main-place-address","streetAddress":"Mubarak 8, Al Kawthar District, Hurghada","addressLocality":"Hurghada","postalCode":"84511","addressRegion":"Red Sea","addressCountry":"EG"},{"@type":"ImageObject","inLanguage":"de","@id":"https:\/\/egytourpackages.com\/de\/touren\/el-gouna-schnorchelausflug\/#local-main-organization-logo","url":"https:\/\/egytourpackages.com\/wp-content\/uploads\/2025\/12\/Turquoise-Dahabiya-Nile-Cruise-1.jpeg","contentUrl":"https:\/\/egytourpackages.com\/wp-content\/uploads\/2025\/12\/Turquoise-Dahabiya-Nile-Cruise-1.jpeg","width":1040,"height":694,"caption":"egypt tour packages"}]},"product_brand":"\u00c4gypten Tagestouren","product_price_amount":"35","product_price_currency":"EUR","og_availability":"instock","product_availability":"instock","product_retailer_item_id":"GDT06","product_condition":"new","geo.placename":"Hurghada","geo.region":"\u00c4gypten"},"_links":{"self":[{"href":"https:\/\/egytourpackages.com\/de\/wp-json\/wp\/v2\/product\/5076","targetHints":{"allow":["GET"]}}],"collection":[{"href":"https:\/\/egytourpackages.com\/de\/wp-json\/wp\/v2\/product"}],"about":[{"href":"https:\/\/egytourpackages.com\/de\/wp-json\/wp\/v2\/types\/product"}],"replies":[{"embeddable":true,"href":"https:\/\/egytourpackages.com\/de\/wp-json\/wp\/v2\/comments?post=5076"}],"wp:featuredmedia":[{"embeddable":true,"href":"https:\/\/egytourpackages.com\/de\/wp-json\/wp\/v2\/media\/2948"}],"wp:attachment":[{"href":"https:\/\/egytourpackages.com\/de\/wp-json\/wp\/v2\/media?parent=5076"}],"wp:term":[{"taxonomy":"product_brand","embeddable":true,"href":"https:\/\/egytourpackages.com\/de\/wp-json\/wp\/v2\/product_brand?post=5076"},{"taxonomy":"product_cat","embeddable":true,"href":"https:\/\/egytourpackages.com\/de\/wp-json\/wp\/v2\/product_cat?post=5076"},{"taxonomy":"product_tag","embeddable":true,"href":"https:\/\/egytourpackages.com\/de\/wp-json\/wp\/v2\/product_tag?post=5076"}],"curies":[{"name":"wp","href":"https:\/\/api.w.org\/{rel}","templated":true}]}}