{"id":5120,"date":"2023-07-13T16:37:24","date_gmt":"2023-07-13T16:37:24","guid":{"rendered":"https:\/\/egytourpackages.com\/product\/privater-kairo-tagesausflug-ab-makadi-bay\/"},"modified":"2026-01-28T23:29:33","modified_gmt":"2026-01-28T23:29:33","slug":"privater-kairo-tagesausflug-ab-makadi-bay","status":"publish","type":"product","link":"https:\/\/egytourpackages.com\/de\/touren\/privater-kairo-tagesausflug-ab-makadi-bay\/","title":{"rendered":"Privater Kairo Tagesausflug ab Makadi Bay"},"content":{"rendered":"<p><strong><span style=\"color: #ff6600;\">Privater Kairo Tagesausflug ab Makadi Bay<\/span><\/strong><\/p>\n<p>Ein <strong>privater Kairo Tagesausflug ab Makadi Bay<\/strong> ist die <strong>beste Art<\/strong>, die <strong>Pyramiden von Gizeh<\/strong> und das <strong>Gro\u00dfe \u00c4gyptische Museum<\/strong> privat zu erkunden. Ihr Abenteuer beginnt mit einem <strong>privaten, klimatisierten Transfer<\/strong> von Ihrem Hotel in Makadi Bay, der eine komfortable, etwa <strong>5-6-st\u00fcndige Fahrt<\/strong> nach Kairo gew\u00e4hrleistet. Bei Ihrer Ankunft f\u00fchrt Sie Ihr <strong>engagierter \u00c4gyptologen-Reisef\u00fchrer<\/strong> zum beeindruckenden <strong>Pyramidenkomplex von Gizeh<\/strong>. Erleben Sie die <strong>ikonische Gro\u00dfe Pyramide von Gizeh<\/strong>, die <strong>Sphinx<\/strong> und die <strong>Pyramiden von Chephren und Mykerinos<\/strong>, wahre <strong>antike Weltwunder<\/strong>.<\/p>\n<p>Als N\u00e4chstes tauchen Sie ein in die riesige Artefaktsammlung des <strong>Gro\u00dfen \u00c4gyptischen Museums (GEM)<\/strong>, wo Sie die <strong>Sch\u00e4tze Tutanchamuns<\/strong> und Jahrtausende der Geschichte entdecken werden. Genie\u00dfen Sie ein <strong>k\u00f6stliches Mittagessen in einem lokalen Restaurant<\/strong> in der N\u00e4he der Pyramiden, bevor Sie entspannt nach Makadi Bay zur\u00fcckkehren. Diese <strong>private Tour<\/strong> garantiert ein au\u00dfergew\u00f6hnliches und bereicherndes Erlebnis, das Kairos bedeutendste <strong>historische St\u00e4tten<\/strong> hervorhebt.<\/p>\n<h3><span style=\"color: #ff6600;\">Tour Details<\/span><\/h3>\n<ul>\n<li>Dauer: 18 Stunden<\/li>\n<li>Tourort: Gizeh &amp; Kairo<\/li>\n<li>Verf\u00fcgbarkeit: T\u00e4glich<\/li>\n<li>Abholung &amp; R\u00fccktransfer: Hotel in Makadi Bay<\/li>\n<li>Tour-Typ: Privat<\/li>\n<li>Geeignet f\u00fcr: Paare, Familien, Senioren<\/li>\n<li>Rollstuhlgerecht: Zug\u00e4nglich<\/li>\n<\/ul>\n<h3><span style=\"color: #ff6600;\">Tour Highlights<\/span><\/h3>\n<ul>\n<li>Pyramiden von Gizeh<\/li>\n<li>Die Gro\u00dfe Sphinx<\/li>\n<li>Taltempel<\/li>\n<li>Gr\u00e4ber der Pyramidenbauer<\/li>\n<li>Das Gro\u00dfe \u00c4gyptische Museum (GEM)<\/li>\n<\/ul>\n<h3><span style=\"color: #ff6600;\">Inklusive Leistungen<\/span><\/h3>\n<ul>\n<li>Rundtransfer mit klimatisiertem Fahrzeug<\/li>\n<li>Eintrittsgelder f\u00fcr alle Sehensw\u00fcrdigkeiten im Kairo-Programm<\/li>\n<li>\u00c4gyptologen-Reisef\u00fchrer<\/li>\n<li>Mittagessen<\/li>\n<\/ul>\n<h3><span style=\"color: #ff6600;\">Exklusive Leistungen<\/span><\/h3>\n<ul>\n<li>Getr\u00e4nke w\u00e4hrend des Mittagessens<\/li>\n<li>Eintrittsgeb\u00fchr f\u00fcr die Cheops-Pyramide &amp; Chephren-Pyramide (innen)<\/li>\n<li>Trinkgelder<\/li>\n<\/ul>\n<h3><span style=\"color: #ff6600;\">Was Sie packen sollten<\/span><\/h3>\n<ul>\n<li>Bequeme Schuhe und Kleidung, besonders im Sommer<\/li>\n<li>Warme Kleidung im Winter<\/li>\n<li>Sonnenbrille, Hut oder Schal<\/li>\n<li>Sonnencreme im Sommer<\/li>\n<\/ul>\n<h3><span style=\"color: #ff6600;\">Reiseverlauf<\/span><\/h3>\n<p>Entdecken Sie eine exklusive <strong>private Reise von Makadi Bay nach Kairo<\/strong>, die f\u00fcr Reisende konzipiert wurde, die eine eingehende Erkundung der <strong>ikonischen Wahrzeichen<\/strong> des alten \u00c4gypten suchen.<\/p>\n<h3><span style=\"color: #ff6600;\">GEM (Grand Egyptian Museum)<\/span><\/h3>\n<p>Erleben Sie einen wirklich <strong>einzigartigen Besuch<\/strong> im <strong>Gro\u00dfen \u00c4gyptischen Museum (GEM)<\/strong>, dem <strong>weltweit gr\u00f6\u00dften arch\u00e4ologischen Museum<\/strong>, das einer einzigen Zivilisation gewidmet ist. Es liegt nur <strong>2 Kilometer von den Pyramiden von Gizeh<\/strong> entfernt. Tats\u00e4chlich beherbergt das GEM \u00fcber <strong>100.000 Artefakte<\/strong>, die die reiche Geschichte \u00c4gyptens umfassen, von <strong>pr\u00e4historischen Zeiten<\/strong> bis zur <strong>griechisch-r\u00f6mischen Periode<\/strong>. Wandeln Sie durch riesige Ausstellungshallen, steigen Sie die beeindruckende <strong>Gro\u00dfe Treppe<\/strong> hinauf, die mit monumentalen Statuen geschm\u00fcckt ist.<\/p>\n<p>Das GEM verspricht, ein lebendiger kultureller Knotenpunkt und ein wahres Tor zum <strong>alten \u00c4gypten<\/strong> zu sein, mit einem markanten <strong>Panoramablick auf die Pyramiden<\/strong>. Bereiten Sie sich auch darauf vor, von der <strong>vollst\u00e4ndigen Tutanchamun-Sammlung<\/strong> fasziniert zu sein, wobei viele der <strong>5.000 unbezahlbaren Artefakte<\/strong> zum allerersten Mal zusammen ausgestellt werden. Von der ikonischen <strong>goldenen Maske<\/strong> bis zu den Streitwagen und pers\u00f6nlichen Besitzt\u00fcmern des Kindk\u00f6nigs, zusammen mit dem faszinierenden <strong>Solarboot-Museum<\/strong>, das das 4.600 Jahre alte Gef\u00e4\u00df von K\u00f6nig Cheops beherbergt (gegen Geb\u00fchr).<\/p>\n<h3><span style=\"color: #ff6600;\">Mittagessen<\/span><\/h3>\n<p>Ihr Mittagessen nehmen Sie in einem <strong>lokalen Restaurant in der N\u00e4he der Pyramiden<\/strong> ein.<\/p>\n<h3><span style=\"color: #ff6600;\">Pyramidenkomplex von Gizeh<\/span><\/h3>\n<p>Ihre Erkundung beginnt mit der <strong>ehrfurchtgebietenden Cheops-Pyramide<\/strong>, auch bekannt als die <strong>Gro\u00dfe Pyramide von Gizeh<\/strong>. Als gr\u00f6\u00dfte und \u00e4lteste der drei ist sie das einzige verbleibende Wunder der antiken Welt. Sie werden von ihrer schieren Gr\u00f6\u00dfe staunen und \u00fcber die Geheimnisse ihrer Konstruktion nachdenken.<\/p>\n<p>Direkt s\u00fcdwestlich steht die <strong>Chephren-Pyramide<\/strong>, die aufgrund ihres erh\u00f6hten Grundfelsfundaments und der Reste ihrer urspr\u00fcnglichen Kalksteinverkleidung an der Spitze fast so hoch wie die Cheops-Pyramide erscheint. Ihr umgebender Komplex, einschlie\u00dflich ihres gut erhaltenen Taltempels, bietet einzigartige Einblicke in k\u00f6nigliche Bestattungsrituale.<\/p>\n<p>Weiter entlang des Plateaus liegt die <strong>Mykerinos-Pyramide<\/strong>, die kleinste der drei, die sich durch ihre urspr\u00fcnglichen Granitverkleidungssteine an der Basis auszeichnet.<\/p>\n<p>Angrenzend an die Hauptpyramiden entdecken Sie die <strong>K\u00f6niginnenpyramiden<\/strong>, kleinere Satellitenstrukturen, die als Grabst\u00e4tten der Frauen der Pharaonen und hochrangiger weiblicher Mitglieder der k\u00f6niglichen Familie gelten. Diese bieten einen faszinierenden Einblick in das Leben und die Rollen k\u00f6niglicher Frauen im alten \u00c4gypten.<\/p>\n<p>F\u00fcr eine tiefere menschliche Perspektive ist ein Besuch der <strong>Gr\u00e4ber der Pyramidenbauer<\/strong> unerl\u00e4sslich. Diese bescheidenen Lehmziegel- und Steingr\u00e4ber, die im Arbeiterdorf entdeckt wurden, enth\u00fcllen das t\u00e4gliche Leben, die medizinische Versorgung und die soziale Organisation der erfahrenen Handwerker und Arbeiter, die diese monumentalen Bauwerke errichteten.<\/p>\n<p>Schlie\u00dflich bewacht die majest\u00e4tische <strong>Gro\u00dfe Sphinx<\/strong> den gesamten Komplex, eine kolossale Kalksteinstatue mit dem K\u00f6rper eines L\u00f6wen und dem Kopf eines Menschen, die vermutlich <strong>Pharao Chephren<\/strong> darstellt.<\/p>\n<p>Am Ende Ihres Tages f\u00e4hrt Sie Ihr Fahrer zur\u00fcck zu Ihrem Hotel in Makadi Bay. <strong>Mahlzeiten:<\/strong> Fr\u00fchst\u00fcck, Mittagessen<\/p>\n<h3><span style=\"color: #ff6600;\">Privater Kairo Tagesausflug ab Makadi Bay Preise<\/span><\/h3>\n<ul>\n<li>Erwachsenenpreis = 150 \u20ac<\/li>\n<li>Kleinkinder 0-5 Jahre = kostenlos<\/li>\n<li>Kinder 5-11 Jahre = 50 % des Erwachsenenpreises<\/li>\n<\/ul>\n<h3><span style=\"color: #ff6600;\">Buchung<\/span><\/h3>\n<p>Sie k\u00f6nnen Ihre <strong>Makadi Bay Ausfl\u00fcge<\/strong> Tour \u00fcber WhatsApp buchen oder uns eine E-Mail senden und erhalten sofort eine Best\u00e4tigung. Bitte senden Sie uns Ihren Hotelnamen, Zimmernummer, Passkopien.<\/p>\n<p>WhatsApp: +201000852186<\/p>\n<p>info@egytourpackages.com<\/p>\n<h3><span style=\"color: #ff6600;\">Jetzt buchen &amp; vor Ort bezahlen <\/span><\/h3>\n<p>Buchen Sie Ihre Lieblingstour und zahlen Sie am Reisetag.<\/p>\n<h3><span style=\"color: #ff6600;\">Zahlung<\/span><\/h3>\n<p>Sie k\u00f6nnen in \u00c4gyptischen Pfund, $, \u20ac oder \u00a3 bezahlen.<\/p>\n<h3><span style=\"color: #ff6600;\">Stornierungsbedingungen<\/span><\/h3>\n<ul>\n<li>Kostenlose Stornierung bis zu 24 Stunden im Voraus<\/li>\n<li>Stornierung am Morgen betr\u00e4gt 50 % des Preises<\/li>\n<\/ul>\n","protected":false},"excerpt":{"rendered":"<p>Erleben Sie einen Privater Kairo Tagesausflug ab Makadi Bay zu den Pyramiden von Gizeh &amp; dem \u00c4gyptischen Museum. Komfortabler Transfer, Deutsch Reisef\u00fchrer<\/p>\n","protected":false},"featured_media":2870,"comment_status":"open","ping_status":"closed","template":"","meta":[],"product_brand":[],"product_cat":[1494],"product_tag":[1932,1527],"class_list":{"0":"post-5120","1":"product","2":"type-product","3":"status-publish","4":"has-post-thumbnail","6":"product_cat-touren","7":"product_tag-makadi-bay-ausfluge","8":"product_tag-pyramiden-von-gizeh","9":"tour_category-agypten-tagestouren","10":"tour_category-kairo-rundreisen-ab-hurghada","11":"tour_category-makadi-bay-ausfluge","13":"first","14":"instock","15":"sale","16":"shipping-taxable","17":"purchasable","18":"product-type-tour","19":"has-default-attributes"},"yoast_head":"<!-- This site is optimized with the Yoast SEO Premium plugin v27.4 (Yoast SEO v27.4) - https:\/\/yoast.com\/product\/yoast-seo-premium-wordpress\/ -->\n<title>Privater Kairo Tagesausflug ab Makadi Bay<\/title>\n<meta name=\"description\" content=\"Erleben Sie einen Privater Kairo Tagesausflug ab Makadi Bay zu den Pyramiden von Gizeh &amp; dem \u00c4gyptischen Museum. Komfortabler Transfer, Deutsch Reisef\u00fchrer\" \/>\n<meta name=\"robots\" content=\"index, follow, max-snippet:-1, max-image-preview:large, max-video-preview:-1\" \/>\n<link rel=\"canonical\" href=\"https:\/\/egytourpackages.com\/de\/touren\/privater-kairo-tagesausflug-ab-makadi-bay\/\" \/>\n<meta property=\"og:locale\" content=\"de_DE\" \/>\n<meta property=\"og:type\" content=\"article\" \/>\n<meta property=\"og:title\" content=\"Privater Kairo Tagesausflug ab Makadi Bay\" \/>\n<meta property=\"og:description\" content=\"Erleben Sie einen Privater Kairo Tagesausflug ab Makadi Bay zu den Pyramiden von Gizeh &amp; dem \u00c4gyptischen Museum. Komfortabler Transfer, Deutsch Reisef\u00fchrer\" \/>\n<meta property=\"og:url\" content=\"https:\/\/egytourpackages.com\/de\/touren\/privater-kairo-tagesausflug-ab-makadi-bay\/\" \/>\n<meta property=\"og:site_name\" content=\"\u00c4gypten-Reisepakete\" \/>\n<meta property=\"article:publisher\" content=\"https:\/\/www.facebook.com\/egytourpackages\" \/>\n<meta property=\"article:modified_time\" content=\"2026-01-28T23:29:33+00:00\" \/>\n<meta property=\"og:image\" content=\"https:\/\/egytourpackages.com\/wp-content\/uploads\/2023\/07\/Cheops-Pyramid.jpg\" \/>\n\t<meta property=\"og:image:width\" content=\"2000\" \/>\n\t<meta property=\"og:image:height\" content=\"1333\" \/>\n\t<meta property=\"og:image:type\" content=\"image\/jpeg\" \/>\n<meta name=\"twitter:card\" content=\"summary_large_image\" \/>\n<meta name=\"twitter:description\" content=\"Erleben Sie einen Privater Kairo Tagesausflug ab Makadi Bay zu den Pyramiden von Gizeh &amp; dem \u00c4gyptischen Museum. Komfortabler Transfer, Deutsch Reisef\u00fchrer\" \/>\n<meta name=\"twitter:label1\" content=\"Preis\" \/>\n\t<meta name=\"twitter:data1\" content=\"&euro;150\" \/>\n\t<meta name=\"twitter:label2\" content=\"Verf\u00fcgbarkeit\" \/>\n\t<meta name=\"twitter:data2\" content=\"Auf Lager\" \/>\n<script type=\"application\/ld+json\" class=\"yoast-schema-graph\">{\"@context\":\"https:\\\/\\\/schema.org\",\"@graph\":[{\"@type\":\"WebPage\",\"@id\":\"https:\\\/\\\/egytourpackages.com\\\/de\\\/touren\\\/privater-kairo-tagesausflug-ab-makadi-bay\\\/\",\"url\":\"https:\\\/\\\/egytourpackages.com\\\/de\\\/touren\\\/privater-kairo-tagesausflug-ab-makadi-bay\\\/\",\"name\":\"Privater Kairo Tagesausflug ab Makadi Bay\",\"isPartOf\":{\"@id\":\"https:\\\/\\\/egytourpackages.com\\\/de\\\/#website\"},\"primaryImageOfPage\":{\"@id\":\"https:\\\/\\\/egytourpackages.com\\\/de\\\/touren\\\/privater-kairo-tagesausflug-ab-makadi-bay\\\/#primaryimage\"},\"image\":{\"@id\":\"https:\\\/\\\/egytourpackages.com\\\/de\\\/touren\\\/privater-kairo-tagesausflug-ab-makadi-bay\\\/#primaryimage\"},\"thumbnailUrl\":\"https:\\\/\\\/egytourpackages.com\\\/wp-content\\\/uploads\\\/2023\\\/07\\\/Cheops-Pyramid.jpg\",\"datePublished\":\"2023-07-13T16:37:24+00:00\",\"dateModified\":\"2026-01-28T23:29:33+00:00\",\"description\":\"Erleben Sie einen Privater Kairo Tagesausflug ab Makadi Bay zu den Pyramiden von Gizeh & dem \u00c4gyptischen Museum. Komfortabler Transfer, Deutsch Reisef\u00fchrer\",\"breadcrumb\":{\"@id\":\"https:\\\/\\\/egytourpackages.com\\\/de\\\/touren\\\/privater-kairo-tagesausflug-ab-makadi-bay\\\/#breadcrumb\"},\"inLanguage\":\"de\",\"potentialAction\":[{\"@type\":\"ReadAction\",\"target\":[\"https:\\\/\\\/egytourpackages.com\\\/de\\\/touren\\\/privater-kairo-tagesausflug-ab-makadi-bay\\\/\"]}]},{\"@type\":\"ImageObject\",\"inLanguage\":\"de\",\"@id\":\"https:\\\/\\\/egytourpackages.com\\\/de\\\/touren\\\/privater-kairo-tagesausflug-ab-makadi-bay\\\/#primaryimage\",\"url\":\"https:\\\/\\\/egytourpackages.com\\\/wp-content\\\/uploads\\\/2023\\\/07\\\/Cheops-Pyramid.jpg\",\"contentUrl\":\"https:\\\/\\\/egytourpackages.com\\\/wp-content\\\/uploads\\\/2023\\\/07\\\/Cheops-Pyramid.jpg\",\"width\":2000,\"height\":1333,\"caption\":\"Cheops-Pyramide\"},{\"@type\":\"BreadcrumbList\",\"@id\":\"https:\\\/\\\/egytourpackages.com\\\/de\\\/touren\\\/privater-kairo-tagesausflug-ab-makadi-bay\\\/#breadcrumb\",\"itemListElement\":[{\"@type\":\"ListItem\",\"position\":1,\"name\":\"Startseite\",\"item\":\"https:\\\/\\\/egytourpackages.com\\\/de\\\/\"},{\"@type\":\"ListItem\",\"position\":2,\"name\":\"Shop\",\"item\":\"https:\\\/\\\/egytourpackages.com\\\/de\\\/shop\\\/\"},{\"@type\":\"ListItem\",\"position\":3,\"name\":\"Privater Kairo Tagesausflug ab Makadi Bay\"}]},{\"@type\":\"WebSite\",\"@id\":\"https:\\\/\\\/egytourpackages.com\\\/de\\\/#website\",\"url\":\"https:\\\/\\\/egytourpackages.com\\\/de\\\/\",\"name\":\"Egy tour packages\",\"description\":\"\",\"publisher\":{\"@id\":\"https:\\\/\\\/egytourpackages.com\\\/de\\\/#organization\"},\"potentialAction\":[{\"@type\":\"SearchAction\",\"target\":{\"@type\":\"EntryPoint\",\"urlTemplate\":\"https:\\\/\\\/egytourpackages.com\\\/de\\\/?s={search_term_string}\"},\"query-input\":{\"@type\":\"PropertyValueSpecification\",\"valueRequired\":true,\"valueName\":\"search_term_string\"}}],\"inLanguage\":\"de\"},{\"@type\":[\"Organization\",\"Place\",\"TravelAgency\"],\"@id\":\"https:\\\/\\\/egytourpackages.com\\\/de\\\/#organization\",\"name\":\"egypt tour packages\",\"alternateName\":\"egypt tour packages\",\"url\":\"https:\\\/\\\/egytourpackages.com\\\/de\\\/\",\"logo\":{\"@id\":\"https:\\\/\\\/egytourpackages.com\\\/de\\\/touren\\\/privater-kairo-tagesausflug-ab-makadi-bay\\\/#local-main-organization-logo\"},\"image\":{\"@id\":\"https:\\\/\\\/egytourpackages.com\\\/de\\\/touren\\\/privater-kairo-tagesausflug-ab-makadi-bay\\\/#local-main-organization-logo\"},\"sameAs\":[\"https:\\\/\\\/www.facebook.com\\\/egytourpackages\"],\"legalName\":\"Egy tour packages\",\"address\":{\"@id\":\"https:\\\/\\\/egytourpackages.com\\\/de\\\/touren\\\/privater-kairo-tagesausflug-ab-makadi-bay\\\/#local-main-place-address\"},\"telephone\":[\"00201000852186\",\"00201028685533\"],\"contactPoint\":{\"@type\":\"ContactPoint\",\"telephone\":\"00201000852186\"},\"openingHoursSpecification\":[{\"@type\":\"OpeningHoursSpecification\",\"dayOfWeek\":[\"Monday\",\"Tuesday\",\"Wednesday\",\"Thursday\",\"Friday\",\"Saturday\",\"Sunday\"],\"opens\":\"00:00\",\"closes\":\"23:59\"}],\"email\":\"info@egytourpackages.com\",\"areaServed\":\"Cairo, Hurghada, Luxor, Sharm El Sheikh, Marsa Alam, Aswan\",\"priceRange\":\"$\",\"currenciesAccepted\":\"euro\",\"paymentAccepted\":\"Payment links online\"},{\"@type\":\"PostalAddress\",\"@id\":\"https:\\\/\\\/egytourpackages.com\\\/de\\\/touren\\\/privater-kairo-tagesausflug-ab-makadi-bay\\\/#local-main-place-address\",\"streetAddress\":\"Mubarak 8, Al Kawthar District, Hurghada\",\"addressLocality\":\"Hurghada\",\"postalCode\":\"84511\",\"addressRegion\":\"Red Sea\",\"addressCountry\":\"EG\"},{\"@type\":\"ImageObject\",\"inLanguage\":\"de\",\"@id\":\"https:\\\/\\\/egytourpackages.com\\\/de\\\/touren\\\/privater-kairo-tagesausflug-ab-makadi-bay\\\/#local-main-organization-logo\",\"url\":\"https:\\\/\\\/egytourpackages.com\\\/wp-content\\\/uploads\\\/2025\\\/12\\\/Turquoise-Dahabiya-Nile-Cruise-1.jpeg\",\"contentUrl\":\"https:\\\/\\\/egytourpackages.com\\\/wp-content\\\/uploads\\\/2025\\\/12\\\/Turquoise-Dahabiya-Nile-Cruise-1.jpeg\",\"width\":1040,\"height\":694,\"caption\":\"egypt tour packages\"}]}<\/script>\n<meta property=\"product:brand\" content=\"\u00c4gypten Tagestouren\" \/>\n<meta property=\"product:price:amount\" content=\"150\" \/>\n<meta property=\"product:price:currency\" content=\"EUR\" \/>\n<meta property=\"og:availability\" content=\"instock\" \/>\n<meta property=\"product:availability\" content=\"instock\" \/>\n<meta property=\"product:retailer_item_id\" content=\"MBE06\" \/>\n<meta property=\"product:condition\" content=\"new\" \/>\n<meta name=\"geo.placename\" content=\"Hurghada\" \/>\n<meta name=\"geo.region\" content=\"\u00c4gypten\" \/>\n<!-- \/ Yoast SEO Premium plugin. -->","yoast_head_json":{"title":"Privater Kairo Tagesausflug ab Makadi Bay","description":"Erleben Sie einen Privater Kairo Tagesausflug ab Makadi Bay zu den Pyramiden von Gizeh & dem \u00c4gyptischen Museum. Komfortabler Transfer, Deutsch Reisef\u00fchrer","robots":{"index":"index","follow":"follow","max-snippet":"max-snippet:-1","max-image-preview":"max-image-preview:large","max-video-preview":"max-video-preview:-1"},"canonical":"https:\/\/egytourpackages.com\/de\/touren\/privater-kairo-tagesausflug-ab-makadi-bay\/","og_locale":"de_DE","og_type":"article","og_title":"Privater Kairo Tagesausflug ab Makadi Bay","og_description":"Erleben Sie einen Privater Kairo Tagesausflug ab Makadi Bay zu den Pyramiden von Gizeh & dem \u00c4gyptischen Museum. Komfortabler Transfer, Deutsch Reisef\u00fchrer","og_url":"https:\/\/egytourpackages.com\/de\/touren\/privater-kairo-tagesausflug-ab-makadi-bay\/","og_site_name":"\u00c4gypten-Reisepakete","article_publisher":"https:\/\/www.facebook.com\/egytourpackages","article_modified_time":"2026-01-28T23:29:33+00:00","og_image":[{"width":2000,"height":1333,"url":"https:\/\/egytourpackages.com\/wp-content\/uploads\/2023\/07\/Cheops-Pyramid.jpg","type":"image\/jpeg"}],"twitter_card":"summary_large_image","twitter_description":"Erleben Sie einen Privater Kairo Tagesausflug ab Makadi Bay zu den Pyramiden von Gizeh & dem \u00c4gyptischen Museum. Komfortabler Transfer, Deutsch Reisef\u00fchrer","twitter_misc":{"Preis":"&euro;150","Verf\u00fcgbarkeit":"Auf Lager"},"schema":{"@context":"https:\/\/schema.org","@graph":[{"@type":"WebPage","@id":"https:\/\/egytourpackages.com\/de\/touren\/privater-kairo-tagesausflug-ab-makadi-bay\/","url":"https:\/\/egytourpackages.com\/de\/touren\/privater-kairo-tagesausflug-ab-makadi-bay\/","name":"Privater Kairo Tagesausflug ab Makadi Bay","isPartOf":{"@id":"https:\/\/egytourpackages.com\/de\/#website"},"primaryImageOfPage":{"@id":"https:\/\/egytourpackages.com\/de\/touren\/privater-kairo-tagesausflug-ab-makadi-bay\/#primaryimage"},"image":{"@id":"https:\/\/egytourpackages.com\/de\/touren\/privater-kairo-tagesausflug-ab-makadi-bay\/#primaryimage"},"thumbnailUrl":"https:\/\/egytourpackages.com\/wp-content\/uploads\/2023\/07\/Cheops-Pyramid.jpg","datePublished":"2023-07-13T16:37:24+00:00","dateModified":"2026-01-28T23:29:33+00:00","description":"Erleben Sie einen Privater Kairo Tagesausflug ab Makadi Bay zu den Pyramiden von Gizeh & dem \u00c4gyptischen Museum. Komfortabler Transfer, Deutsch Reisef\u00fchrer","breadcrumb":{"@id":"https:\/\/egytourpackages.com\/de\/touren\/privater-kairo-tagesausflug-ab-makadi-bay\/#breadcrumb"},"inLanguage":"de","potentialAction":[{"@type":"ReadAction","target":["https:\/\/egytourpackages.com\/de\/touren\/privater-kairo-tagesausflug-ab-makadi-bay\/"]}]},{"@type":"ImageObject","inLanguage":"de","@id":"https:\/\/egytourpackages.com\/de\/touren\/privater-kairo-tagesausflug-ab-makadi-bay\/#primaryimage","url":"https:\/\/egytourpackages.com\/wp-content\/uploads\/2023\/07\/Cheops-Pyramid.jpg","contentUrl":"https:\/\/egytourpackages.com\/wp-content\/uploads\/2023\/07\/Cheops-Pyramid.jpg","width":2000,"height":1333,"caption":"Cheops-Pyramide"},{"@type":"BreadcrumbList","@id":"https:\/\/egytourpackages.com\/de\/touren\/privater-kairo-tagesausflug-ab-makadi-bay\/#breadcrumb","itemListElement":[{"@type":"ListItem","position":1,"name":"Startseite","item":"https:\/\/egytourpackages.com\/de\/"},{"@type":"ListItem","position":2,"name":"Shop","item":"https:\/\/egytourpackages.com\/de\/shop\/"},{"@type":"ListItem","position":3,"name":"Privater Kairo Tagesausflug ab Makadi Bay"}]},{"@type":"WebSite","@id":"https:\/\/egytourpackages.com\/de\/#website","url":"https:\/\/egytourpackages.com\/de\/","name":"Egy tour packages","description":"","publisher":{"@id":"https:\/\/egytourpackages.com\/de\/#organization"},"potentialAction":[{"@type":"SearchAction","target":{"@type":"EntryPoint","urlTemplate":"https:\/\/egytourpackages.com\/de\/?s={search_term_string}"},"query-input":{"@type":"PropertyValueSpecification","valueRequired":true,"valueName":"search_term_string"}}],"inLanguage":"de"},{"@type":["Organization","Place","TravelAgency"],"@id":"https:\/\/egytourpackages.com\/de\/#organization","name":"egypt tour packages","alternateName":"egypt tour packages","url":"https:\/\/egytourpackages.com\/de\/","logo":{"@id":"https:\/\/egytourpackages.com\/de\/touren\/privater-kairo-tagesausflug-ab-makadi-bay\/#local-main-organization-logo"},"image":{"@id":"https:\/\/egytourpackages.com\/de\/touren\/privater-kairo-tagesausflug-ab-makadi-bay\/#local-main-organization-logo"},"sameAs":["https:\/\/www.facebook.com\/egytourpackages"],"legalName":"Egy tour packages","address":{"@id":"https:\/\/egytourpackages.com\/de\/touren\/privater-kairo-tagesausflug-ab-makadi-bay\/#local-main-place-address"},"telephone":["00201000852186","00201028685533"],"contactPoint":{"@type":"ContactPoint","telephone":"00201000852186"},"openingHoursSpecification":[{"@type":"OpeningHoursSpecification","dayOfWeek":["Monday","Tuesday","Wednesday","Thursday","Friday","Saturday","Sunday"],"opens":"00:00","closes":"23:59"}],"email":"info@egytourpackages.com","areaServed":"Cairo, Hurghada, Luxor, Sharm El Sheikh, Marsa Alam, Aswan","priceRange":"$","currenciesAccepted":"euro","paymentAccepted":"Payment links online"},{"@type":"PostalAddress","@id":"https:\/\/egytourpackages.com\/de\/touren\/privater-kairo-tagesausflug-ab-makadi-bay\/#local-main-place-address","streetAddress":"Mubarak 8, Al Kawthar District, Hurghada","addressLocality":"Hurghada","postalCode":"84511","addressRegion":"Red Sea","addressCountry":"EG"},{"@type":"ImageObject","inLanguage":"de","@id":"https:\/\/egytourpackages.com\/de\/touren\/privater-kairo-tagesausflug-ab-makadi-bay\/#local-main-organization-logo","url":"https:\/\/egytourpackages.com\/wp-content\/uploads\/2025\/12\/Turquoise-Dahabiya-Nile-Cruise-1.jpeg","contentUrl":"https:\/\/egytourpackages.com\/wp-content\/uploads\/2025\/12\/Turquoise-Dahabiya-Nile-Cruise-1.jpeg","width":1040,"height":694,"caption":"egypt tour packages"}]},"product_brand":"\u00c4gypten Tagestouren","product_price_amount":"150","product_price_currency":"EUR","og_availability":"instock","product_availability":"instock","product_retailer_item_id":"MBE06","product_condition":"new","geo.placename":"Hurghada","geo.region":"\u00c4gypten"},"_links":{"self":[{"href":"https:\/\/egytourpackages.com\/de\/wp-json\/wp\/v2\/product\/5120","targetHints":{"allow":["GET"]}}],"collection":[{"href":"https:\/\/egytourpackages.com\/de\/wp-json\/wp\/v2\/product"}],"about":[{"href":"https:\/\/egytourpackages.com\/de\/wp-json\/wp\/v2\/types\/product"}],"replies":[{"embeddable":true,"href":"https:\/\/egytourpackages.com\/de\/wp-json\/wp\/v2\/comments?post=5120"}],"wp:featuredmedia":[{"embeddable":true,"href":"https:\/\/egytourpackages.com\/de\/wp-json\/wp\/v2\/media\/2870"}],"wp:attachment":[{"href":"https:\/\/egytourpackages.com\/de\/wp-json\/wp\/v2\/media?parent=5120"}],"wp:term":[{"taxonomy":"product_brand","embeddable":true,"href":"https:\/\/egytourpackages.com\/de\/wp-json\/wp\/v2\/product_brand?post=5120"},{"taxonomy":"product_cat","embeddable":true,"href":"https:\/\/egytourpackages.com\/de\/wp-json\/wp\/v2\/product_cat?post=5120"},{"taxonomy":"product_tag","embeddable":true,"href":"https:\/\/egytourpackages.com\/de\/wp-json\/wp\/v2\/product_tag?post=5120"}],"curies":[{"name":"wp","href":"https:\/\/api.w.org\/{rel}","templated":true}]}}