{"id":5139,"date":"2024-06-19T17:32:40","date_gmt":"2024-06-19T17:32:40","guid":{"rendered":"https:\/\/egytourpackages.com\/product\/4-tage-nassersee-kreuzfahrt-abu-simbel-nach-assuan\/"},"modified":"2026-01-12T23:27:04","modified_gmt":"2026-01-12T23:27:04","slug":"4-tage-nassersee-kreuzfahrt-abu-simbel-nach-assuan","status":"publish","type":"product","link":"https:\/\/egytourpackages.com\/de\/touren\/4-tage-nassersee-kreuzfahrt-abu-simbel-nach-assuan\/","title":{"rendered":"4 Tage Nassersee Kreuzfahrt Abu Simbel nach Assuan"},"content":{"rendered":"<p><strong><span style=\"color: #ff6600;\">4 Tage Nassersee Kreuzfahrt Abu Simbel nach Assuan<\/span><\/strong><\/p>\n<p><strong>\u00a0<\/strong>Die Buchung einer 4 Tage Nassersee Kreuzfahrt Abu Simbel nach Assuan ist die beste Option, um sich zu entspannen und den Besuch aller <strong>nubischen Tempel<\/strong> und <strong>\u00e4gyptischen historischen St\u00e4tten<\/strong> mit unseren <strong>\u00c4gypten-Touren<\/strong> zu genie\u00dfen.<\/p>\n<p>Entdecken Sie die Wiege der <strong>alt\u00e4gyptischen Zivilisation<\/strong>, w\u00e4hrend Sie \u00fcber die ruhigen Gew\u00e4sser des <strong>Nassersees<\/strong> segeln, eine einzigartige Alternative zu traditionellen <strong>Nilkreuzfahrten<\/strong>. Tats\u00e4chlich bieten unsere <strong>Nassersee-Kreuzfahrtangebote<\/strong> unvergleichliche M\u00f6glichkeiten, ikonische Wahrzeichen zu bestaunen, darunter die pr\u00e4chtigen <strong>Tempel von Abu Simbel<\/strong>, den faszinierenden <strong>Wadi El Seboua Tempel<\/strong>, das beeindruckende <strong>Beit El Wali<\/strong> und den ber\u00fchmten <strong>Kalabscha-Tempel<\/strong>.<\/p>\n<p>Als f\u00fchrender Anbieter von <strong>\u00c4gypten-Reisen<\/strong> und <strong>Nilkreuzfahrt-Urlauben<\/strong> verpflichten wir uns, au\u00dfergew\u00f6hnlichen Service zu bieten. Ihr <strong>Nassersee-Abenteuer<\/strong> beinhaltet die Begleitung durch einen erfahrenen <strong>\u00c4gyptologen-Reiseleiter<\/strong>, der ein bereicherndes und lehrreiches Erlebnis garantiert, das <strong>lebenslange Erinnerungen<\/strong> schaffen wird.<\/p>\n<p>Sichern Sie sich noch heute Ihre <strong>Nassersee-Kreuzfahrtbuchung<\/strong> und profitieren Sie von unserem <strong>24\/7-Kundensupport<\/strong>, <strong>sofortiger Best\u00e4tigung<\/strong> und <strong>kostenlosen Buchungsoptionen<\/strong>. Erkunden Sie das <strong>Beste von \u00c4gypten<\/strong> mit unseren hoch bewerteten <strong>Kreuzfahrtpaketen von Abu Simbel nach Assuan<\/strong> und tauchen Sie tief in das Herz des <strong>Alten \u00c4gypten<\/strong> ein.<\/p>\n<h3><span style=\"color: #ff6600;\">Tourdetails<\/span><\/h3>\n<ul>\n<li>Dauer: 4 Tage \/ 3 N\u00e4chte<\/li>\n<li>Tour-Ort: Abu Simbel, Assuan (jeden Freitag)<\/li>\n<li>Tour-Verf\u00fcgbarkeit: Auf Anfrage<\/li>\n<li>Abholung &amp; R\u00fccktransfer: Assuan \/ Assuan<\/li>\n<li>Tour-Typ: Privat<\/li>\n<li>Geeignet f\u00fcr: Paare, Familien, Senioren<\/li>\n<li>Rollstuhl: Zug\u00e4nglich<\/li>\n<\/ul>\n<h3><span style=\"color: #ff6600;\">Tour-Highlights<\/span><\/h3>\n<ul>\n<li>Tempel von Abu Simbel<\/li>\n<li>Kasr Ibrim<\/li>\n<li>Tempel von Amada<\/li>\n<li>Tempel von Wadi El Seboua<\/li>\n<li>Tempel von Dakka<\/li>\n<li>Tempel von Muharraq<\/li>\n<li>Kalabscha-Tempel<\/li>\n<li>Beit El Wali<\/li>\n<li>Kiosk von Kertassi<\/li>\n<\/ul>\n<h3><span style=\"color: #ff6600;\">Inklusive in dieser Tour<\/span><\/h3>\n<ul>\n<li>Meet &amp; Assist Services f\u00fcr Ankunft und Abreise<\/li>\n<li>Rundtransfer mit modernem, klimatisiertem Fahrzeug<\/li>\n<li>3 N\u00e4chte an Bord einer 5***** Nilkreuzfahrt auf Basis Vollpension<\/li>\n<li>Eintrittsgelder f\u00fcr alle Sehensw\u00fcrdigkeiten<\/li>\n<li>\u00c4gyptologe-Reiseleiter<\/li>\n<\/ul>\n<h3><span style=\"color: #ff6600;\">Exklusive in dieser Tour<\/span><\/h3>\n<ul>\n<li>Getr\u00e4nke an Bord<\/li>\n<li>Eintrittsgeld f\u00fcr die Ton- und Lichtshow von Abu Simbel<\/li>\n<li>Trinkgelder gem\u00e4\u00df lokaler Traditionen<\/li>\n<\/ul>\n<h3><span style=\"color: #ff6600;\">Was Sie Packen Sollten<\/span><\/h3>\n<ul>\n<li>Bequeme Schuhe und Kleidung<\/li>\n<li>Warme Kleidung im Winter<\/li>\n<li>Sonnenbrille<\/li>\n<li>Hut oder Schal<\/li>\n<li>Sonnencreme<\/li>\n<\/ul>\n<h2><span style=\"color: #ff6600;\">Reiseverlauf<\/span><\/h2>\n<h3><span style=\"color: #ff6600;\">Tag 1, Montag: Assuan &#8211; Abu Simbel<\/span><\/h3>\n<p>Ihr Reiseleiter von Egy Tour Packages wird Sie in Assuan treffen, um Sie zum <strong>Dorf Abu Simbel<\/strong> zu begleiten und Ihre <strong>4-t\u00e4gige Nassersee-Kreuzfahrt von Abu Simbel nach Assuan<\/strong> zu beginnen. Bei der Ankunft checken Sie ein und genie\u00dfen Ihr <strong>Mittagessen<\/strong> an Bord der <strong>Nilkreuzfahrt<\/strong>. Sp\u00e4ter beginnen Sie Ihre <strong>Abu Simbel Tour<\/strong> mit Ihrem <strong>Arch\u00e4ologen-Reiseleiter<\/strong>, der Ihnen sein umfangreiches Wissen \u00fcber die Tempel vermitteln wird.<\/p>\n<p>Die Tempel befinden sich nicht mehr an ihrem urspr\u00fcnglichen Ort, sondern wurden abgetragen, entfernt und 220 Meter vom urspr\u00fcnglichen Ort entfernt und 65 Meter h\u00f6her wieder aufgebaut. Tats\u00e4chlich wurden die beiden Tempel von Pharao <strong>Ramses dem Gro\u00dfen<\/strong> f\u00fcr sich selbst als Gott mit Amun, Rahorakhty und Ptah sowie der zweite f\u00fcr seine Frau <strong>Nefertari<\/strong> als Hathor erbaut. Sie werden sich Zeit nehmen, den Besuch der beiden Tempel zu genie\u00dfen, bevor Sie zur <strong>Nilkreuzfahrt<\/strong> f\u00fcr <strong>Abendessen<\/strong> und \u00dcbernachtung zur\u00fcckkehren. Dar\u00fcber hinaus besteht abends die M\u00f6glichkeit, die <strong>Ton- und Lichtshow in Abu Simbel<\/strong> gegen Geb\u00fchr zu besuchen.<\/p>\n<p><strong>Mahlzeiten:<\/strong> Mittagessen, Abendessen<\/p>\n<h3><span style=\"color: #ff6600;\">Tag 2, Dienstag: Kasr Ibrim \u2013 Amada \u2013 Wadi El Seboua<\/span><\/h3>\n<p>Genie\u00dfen Sie Ihr <strong>Fr\u00fchst\u00fcck<\/strong> an Bord der <strong>Nilkreuzfahrt<\/strong>, bevor das Schiff etwa 230 km in Richtung <strong>Kasr Ibrim<\/strong> segelt. Leider ist die St\u00e4tte nicht ge\u00f6ffnet, aber das Schiff wird in der N\u00e4he des Tempels anhalten, damit Sie Fotos vom Sonnendeck aus machen k\u00f6nnen. N\u00e4chster Halt ist der <strong>Amada-Tempel<\/strong>, der \u00e4lteste <strong>nubische Tempel<\/strong> am Westufer des Nils, der auf <strong>Thutmosis III<\/strong> und <strong>Amenophis II<\/strong> (18. Dynastie) zur\u00fcckgeht.<\/p>\n<p>Der Tempel war den G\u00f6ttern Amun Ra und Ra Hor Akhty gewidmet. Danach fahren Sie weiter zum <strong>El Derr Tempel<\/strong>, der stark besch\u00e4digt ist. Die Tour wird zum <strong>Grab von Penout<\/strong> fortgesetzt, einem m\u00e4chtigen nubischen Vizek\u00f6nig, der im 11. Jahrhundert v. Chr. f\u00fcr die Lieferung von Steinen f\u00fcr die Statuen von <strong>Ramses VI<\/strong> zust\u00e4ndig war. Das Grab weist sehr sch\u00f6ne, lebendige Malereien \u00fcber das <strong>nubische Leben<\/strong> und viele Jenseits-Szenen auf. Genie\u00dfen Sie das <strong>Mittagessen<\/strong> an Bord und segeln Sie nach <strong>Wadi El Seboua<\/strong> zur \u00dcbernachtung.<\/p>\n<p><strong>Mahlzeiten:<\/strong> Fr\u00fchst\u00fcck, Mittagessen, Abendessen<\/p>\n<h3><span style=\"color: #ff6600;\">Tag 3, Mittwoch: Wadi El Seboua<\/span><\/h3>\n<p>Genie\u00dfen Sie Ihr <strong>Fr\u00fchst\u00fcck<\/strong> an Bord und schlie\u00dfen Sie sich dann Ihrem Reiseleiter f\u00fcr den Besuch eines der nach dem Bau des Assuan-Hochdamms verlegten Tempel an, <strong>Wadi El Seboua<\/strong>. Tats\u00e4chlich ist der Tempel der zweitgr\u00f6\u00dfte der <strong>nubischen Tempel<\/strong> nach dem gro\u00dfen <strong>Tempel von Abu Simbel<\/strong>. Er war den G\u00f6ttern Amun Ra und Ra Hor Akhty gewidmet. Danach besuchen Sie den <strong>Tempel von Dakka<\/strong> und den <strong>Tempel von Muharraq<\/strong> unweit von Wadi El Seboua. Genie\u00dfen Sie das <strong>Mittagessen<\/strong> an Bord der Kreuzfahrt, dann segeln Sie nach <strong>Assuan<\/strong> zur \u00dcbernachtung. <strong>Mahlzeiten:<\/strong> Fr\u00fchst\u00fcck, Mittagessen, Abendessen<\/p>\n<h3><span style=\"color: #ff6600;\">Tag 4, Donnerstag: Ausschiffung<\/span><\/h3>\n<p>Genie\u00dfen Sie Ihr letztes <strong>Fr\u00fchst\u00fcck<\/strong> an Bord und beginnen Sie dann Ihre Tour zum gr\u00f6\u00dften freistehenden Tempel in Nubien, dem <strong>Kalabscha-Tempel<\/strong>. Danach, am selben Ort und hinter dem Kalabscha-Tempel, steht ein weiterer wundersch\u00f6ner Tempel aus dem 13. Jahrhundert namens <strong>Beit El Wali<\/strong>. Der <strong>Tempel von Beit El Wali<\/strong> war der Verehrung der G\u00f6tter Amun, dem K\u00f6nig der G\u00f6tter, und dem Gott Chnum gewidmet. Anschlie\u00dfend beenden Sie die Tour mit dem <strong>Kiosk von Kertassi<\/strong>, bevor wir Sie zu Ihrem gew\u00fcnschten Ziel in Assuan bringen.<\/p>\n<p><strong>Mahlzeiten:<\/strong> Fr\u00fchst\u00fcck<\/p>\n<h3><span style=\"color: #ff6600;\">Preise<\/span><\/h3>\n<p>Die Preise verstehen sich in $ pro Person und Reise, au\u00dfer w\u00e4hrend der Weihnachts-, Neujahrs- und Osterferien.<\/p>\n<h3><span style=\"color: #ff6600;\">Preis f\u00fcr 4 Tage Nassersee-Kreuzfahrt Abu Simbel &#8211; Assuan<\/span><\/h3>\n<ul>\n<li>Erwachsenenpreis = 950 $<\/li>\n<li>Kinder 0-5 Jahre = kostenlos<\/li>\n<li>Kinder 5-11 Jahre = 50% des Erwachsenenpreises<\/li>\n<\/ul>\n<h3><span style=\"color: #ff6600;\">Buchung<\/span><\/h3>\n<p>Sie k\u00f6nnen Ihre Tour per <strong>WhatsApp<\/strong> oder <strong>E-Mail<\/strong> buchen und erhalten die Best\u00e4tigung sofort. Bitte senden Sie uns Ihren Hotelnamen, Zimmernummer und Passkopien.<\/p>\n<p><strong>WhatsApp:<\/strong> +201000852186<\/p>\n<p><strong>info@egytourpackages.com<\/strong><\/p>\n<h3><span style=\"color: #ff6600;\">Jetzt Buchen &amp; Vor Ort Bezahlen<\/span><\/h3>\n<p>Buchen Sie Ihre Lieblingstour und bezahlen Sie am Reisetag.<\/p>\n<h3><span style=\"color: #ff6600;\">Zahlung<\/span><\/h3>\n<p>Sie k\u00f6nnen in \u00c4gyptischen Pfund, $, \u20ac oder \u00a3 bezahlen.<\/p>\n<h3><span style=\"color: #ff6600;\">Stornierungsbedingungen<\/span><\/h3>\n<ul>\n<li>Die Stornierung ist kostenlos bis zu zwei Wochen im Voraus.<\/li>\n<li>Die Stornierung am Morgen betr\u00e4gt 100% des Preises.<\/li>\n<\/ul>\n","protected":false},"excerpt":{"rendered":"<p>Sichern Sie Ihre 4 Tage Nassersee Kreuzfahrt Abu Simbel nach Assuan. Entdecken Sie antike Tempel, nubische Kultur &amp; UNESCO-St\u00e4tten in \u00c4gypten. Jetzt buchen!<\/p>\n","protected":false},"featured_media":3240,"comment_status":"open","ping_status":"closed","template":"","meta":[],"product_brand":[],"product_cat":[1494],"product_tag":[1741,1529,1528,1499],"class_list":{"0":"post-5139","1":"product","2":"type-product","3":"status-publish","4":"has-post-thumbnail","6":"product_cat-touren","7":"product_tag-abu-simbel-tempel-tour","8":"product_tag-agypten-pauschalreisen","9":"product_tag-agypten-urlaubspaket","10":"product_tag-nilkreuzfahrten-in-agypten","11":"tour_category-4-tage-agypten-rundreisen","12":"tour_category-agypten-reisepakete","13":"tour_category-nilkreuzfahrten-ab-luxor-und-assuan","14":"tour_category-nilkreuzfahrten-in-agypten","16":"first","17":"instock","18":"sale","19":"shipping-taxable","20":"purchasable","21":"product-type-tour","22":"has-default-attributes"},"yoast_head":"<!-- This site is optimized with the Yoast SEO Premium plugin v27.4 (Yoast SEO v27.4) - https:\/\/yoast.com\/product\/yoast-seo-premium-wordpress\/ -->\n<title>4 Tage Nassersee Kreuzfahrt Abu Simbel nach Assuan<\/title>\n<meta name=\"description\" content=\"Sichern Sie Ihre 4 Tage Nassersee Kreuzfahrt Abu Simbel nach Assuan. Entdecken Sie antike Tempel, nubische Kultur &amp; UNESCO-St\u00e4tten in \u00c4gypten. Jetzt buchen!\" \/>\n<meta name=\"robots\" content=\"index, follow, max-snippet:-1, max-image-preview:large, max-video-preview:-1\" \/>\n<link rel=\"canonical\" href=\"https:\/\/egytourpackages.com\/de\/touren\/4-tage-nassersee-kreuzfahrt-abu-simbel-nach-assuan\/\" \/>\n<meta property=\"og:locale\" content=\"de_DE\" \/>\n<meta property=\"og:type\" content=\"article\" \/>\n<meta property=\"og:title\" content=\"4 Tage Nassersee Kreuzfahrt Abu Simbel nach Assuan\" \/>\n<meta property=\"og:description\" content=\"Sichern Sie Ihre 4 Tage Nassersee Kreuzfahrt Abu Simbel nach Assuan. Entdecken Sie antike Tempel, nubische Kultur &amp; UNESCO-St\u00e4tten in \u00c4gypten. Jetzt buchen!\" \/>\n<meta property=\"og:url\" content=\"https:\/\/egytourpackages.com\/de\/touren\/4-tage-nassersee-kreuzfahrt-abu-simbel-nach-assuan\/\" \/>\n<meta property=\"og:site_name\" content=\"\u00c4gypten-Reisepakete\" \/>\n<meta property=\"article:publisher\" content=\"https:\/\/www.facebook.com\/egytourpackages\" \/>\n<meta property=\"article:modified_time\" content=\"2026-01-12T23:27:04+00:00\" \/>\n<meta property=\"og:image\" content=\"https:\/\/egytourpackages.com\/wp-content\/uploads\/2024\/06\/Abu-Simbel-temple-1024x683.jpg\" \/>\n<meta name=\"twitter:card\" content=\"summary_large_image\" \/>\n<meta name=\"twitter:title\" content=\"4 Tage Nassersee Kreuzfahrt Abu Simbel nach Assuan\" \/>\n<meta name=\"twitter:label1\" content=\"Preis\" \/>\n\t<meta name=\"twitter:data1\" content=\"&euro;950\" \/>\n\t<meta name=\"twitter:label2\" content=\"Verf\u00fcgbarkeit\" \/>\n\t<meta name=\"twitter:data2\" content=\"Auf Lager\" \/>\n<script type=\"application\/ld+json\" class=\"yoast-schema-graph\">{\"@context\":\"https:\\\/\\\/schema.org\",\"@graph\":[{\"@type\":\"WebPage\",\"@id\":\"https:\\\/\\\/egytourpackages.com\\\/de\\\/touren\\\/4-tage-nassersee-kreuzfahrt-abu-simbel-nach-assuan\\\/\",\"url\":\"https:\\\/\\\/egytourpackages.com\\\/de\\\/touren\\\/4-tage-nassersee-kreuzfahrt-abu-simbel-nach-assuan\\\/\",\"name\":\"4 Tage Nassersee Kreuzfahrt Abu Simbel nach Assuan\",\"isPartOf\":{\"@id\":\"https:\\\/\\\/egytourpackages.com\\\/de\\\/#website\"},\"primaryImageOfPage\":{\"@id\":\"https:\\\/\\\/egytourpackages.com\\\/de\\\/touren\\\/4-tage-nassersee-kreuzfahrt-abu-simbel-nach-assuan\\\/#primaryimage\"},\"image\":{\"@id\":\"https:\\\/\\\/egytourpackages.com\\\/de\\\/touren\\\/4-tage-nassersee-kreuzfahrt-abu-simbel-nach-assuan\\\/#primaryimage\"},\"thumbnailUrl\":\"https:\\\/\\\/egytourpackages.com\\\/wp-content\\\/uploads\\\/2024\\\/06\\\/Abu-Simbel-temple.jpg\",\"datePublished\":\"2024-06-19T17:32:40+00:00\",\"dateModified\":\"2026-01-12T23:27:04+00:00\",\"description\":\"Sichern Sie Ihre 4 Tage Nassersee Kreuzfahrt Abu Simbel nach Assuan. Entdecken Sie antike Tempel, nubische Kultur & UNESCO-St\u00e4tten in \u00c4gypten. Jetzt buchen!\",\"breadcrumb\":{\"@id\":\"https:\\\/\\\/egytourpackages.com\\\/de\\\/touren\\\/4-tage-nassersee-kreuzfahrt-abu-simbel-nach-assuan\\\/#breadcrumb\"},\"inLanguage\":\"de\",\"potentialAction\":[{\"@type\":\"ReadAction\",\"target\":[\"https:\\\/\\\/egytourpackages.com\\\/de\\\/touren\\\/4-tage-nassersee-kreuzfahrt-abu-simbel-nach-assuan\\\/\"]}]},{\"@type\":\"ImageObject\",\"inLanguage\":\"de\",\"@id\":\"https:\\\/\\\/egytourpackages.com\\\/de\\\/touren\\\/4-tage-nassersee-kreuzfahrt-abu-simbel-nach-assuan\\\/#primaryimage\",\"url\":\"https:\\\/\\\/egytourpackages.com\\\/wp-content\\\/uploads\\\/2024\\\/06\\\/Abu-Simbel-temple.jpg\",\"contentUrl\":\"https:\\\/\\\/egytourpackages.com\\\/wp-content\\\/uploads\\\/2024\\\/06\\\/Abu-Simbel-temple.jpg\",\"width\":1950,\"height\":1300,\"caption\":\"4 Tage Nassersee Kreuzfahrt Abu Simbel nach Assuan\"},{\"@type\":\"BreadcrumbList\",\"@id\":\"https:\\\/\\\/egytourpackages.com\\\/de\\\/touren\\\/4-tage-nassersee-kreuzfahrt-abu-simbel-nach-assuan\\\/#breadcrumb\",\"itemListElement\":[{\"@type\":\"ListItem\",\"position\":1,\"name\":\"Startseite\",\"item\":\"https:\\\/\\\/egytourpackages.com\\\/de\\\/\"},{\"@type\":\"ListItem\",\"position\":2,\"name\":\"Shop\",\"item\":\"https:\\\/\\\/egytourpackages.com\\\/de\\\/shop\\\/\"},{\"@type\":\"ListItem\",\"position\":3,\"name\":\"4 Tage Nassersee Kreuzfahrt Abu Simbel nach Assuan\"}]},{\"@type\":\"WebSite\",\"@id\":\"https:\\\/\\\/egytourpackages.com\\\/de\\\/#website\",\"url\":\"https:\\\/\\\/egytourpackages.com\\\/de\\\/\",\"name\":\"Egy tour packages\",\"description\":\"\",\"publisher\":{\"@id\":\"https:\\\/\\\/egytourpackages.com\\\/de\\\/#organization\"},\"potentialAction\":[{\"@type\":\"SearchAction\",\"target\":{\"@type\":\"EntryPoint\",\"urlTemplate\":\"https:\\\/\\\/egytourpackages.com\\\/de\\\/?s={search_term_string}\"},\"query-input\":{\"@type\":\"PropertyValueSpecification\",\"valueRequired\":true,\"valueName\":\"search_term_string\"}}],\"inLanguage\":\"de\"},{\"@type\":[\"Organization\",\"Place\",\"TravelAgency\"],\"@id\":\"https:\\\/\\\/egytourpackages.com\\\/de\\\/#organization\",\"name\":\"egypt tour packages\",\"alternateName\":\"egypt tour packages\",\"url\":\"https:\\\/\\\/egytourpackages.com\\\/de\\\/\",\"logo\":{\"@id\":\"https:\\\/\\\/egytourpackages.com\\\/de\\\/touren\\\/4-tage-nassersee-kreuzfahrt-abu-simbel-nach-assuan\\\/#local-main-organization-logo\"},\"image\":{\"@id\":\"https:\\\/\\\/egytourpackages.com\\\/de\\\/touren\\\/4-tage-nassersee-kreuzfahrt-abu-simbel-nach-assuan\\\/#local-main-organization-logo\"},\"sameAs\":[\"https:\\\/\\\/www.facebook.com\\\/egytourpackages\"],\"legalName\":\"Egy tour packages\",\"address\":{\"@id\":\"https:\\\/\\\/egytourpackages.com\\\/de\\\/touren\\\/4-tage-nassersee-kreuzfahrt-abu-simbel-nach-assuan\\\/#local-main-place-address\"},\"telephone\":[\"00201000852186\",\"00201028685533\"],\"contactPoint\":{\"@type\":\"ContactPoint\",\"telephone\":\"00201000852186\"},\"openingHoursSpecification\":[{\"@type\":\"OpeningHoursSpecification\",\"dayOfWeek\":[\"Monday\",\"Tuesday\",\"Wednesday\",\"Thursday\",\"Friday\",\"Saturday\",\"Sunday\"],\"opens\":\"00:00\",\"closes\":\"23:59\"}],\"email\":\"info@egytourpackages.com\",\"areaServed\":\"Cairo, Hurghada, Luxor, Sharm El Sheikh, Marsa Alam, Aswan\",\"priceRange\":\"$\",\"currenciesAccepted\":\"euro\",\"paymentAccepted\":\"Payment links online\"},{\"@type\":\"PostalAddress\",\"@id\":\"https:\\\/\\\/egytourpackages.com\\\/de\\\/touren\\\/4-tage-nassersee-kreuzfahrt-abu-simbel-nach-assuan\\\/#local-main-place-address\",\"streetAddress\":\"Mubarak 8, Al Kawthar District, Hurghada\",\"addressLocality\":\"Hurghada\",\"postalCode\":\"84511\",\"addressRegion\":\"Red Sea\",\"addressCountry\":\"EG\"},{\"@type\":\"ImageObject\",\"inLanguage\":\"de\",\"@id\":\"https:\\\/\\\/egytourpackages.com\\\/de\\\/touren\\\/4-tage-nassersee-kreuzfahrt-abu-simbel-nach-assuan\\\/#local-main-organization-logo\",\"url\":\"https:\\\/\\\/egytourpackages.com\\\/wp-content\\\/uploads\\\/2025\\\/12\\\/Turquoise-Dahabiya-Nile-Cruise-1.jpeg\",\"contentUrl\":\"https:\\\/\\\/egytourpackages.com\\\/wp-content\\\/uploads\\\/2025\\\/12\\\/Turquoise-Dahabiya-Nile-Cruise-1.jpeg\",\"width\":1040,\"height\":694,\"caption\":\"egypt tour packages\"}]}<\/script>\n<meta property=\"product:brand\" content=\"4 Tage \u00c4gypten Rundreisen\" \/>\n<meta property=\"product:price:amount\" content=\"950\" \/>\n<meta property=\"product:price:currency\" content=\"EUR\" \/>\n<meta property=\"og:availability\" content=\"instock\" \/>\n<meta property=\"product:availability\" content=\"instock\" \/>\n<meta property=\"product:retailer_item_id\" content=\"ENCT14\" \/>\n<meta property=\"product:condition\" content=\"new\" \/>\n<meta name=\"geo.placename\" content=\"Hurghada\" \/>\n<meta name=\"geo.region\" content=\"\u00c4gypten\" \/>\n<!-- \/ Yoast SEO Premium plugin. -->","yoast_head_json":{"title":"4 Tage Nassersee Kreuzfahrt Abu Simbel nach Assuan","description":"Sichern Sie Ihre 4 Tage Nassersee Kreuzfahrt Abu Simbel nach Assuan. Entdecken Sie antike Tempel, nubische Kultur & UNESCO-St\u00e4tten in \u00c4gypten. Jetzt buchen!","robots":{"index":"index","follow":"follow","max-snippet":"max-snippet:-1","max-image-preview":"max-image-preview:large","max-video-preview":"max-video-preview:-1"},"canonical":"https:\/\/egytourpackages.com\/de\/touren\/4-tage-nassersee-kreuzfahrt-abu-simbel-nach-assuan\/","og_locale":"de_DE","og_type":"article","og_title":"4 Tage Nassersee Kreuzfahrt Abu Simbel nach Assuan","og_description":"Sichern Sie Ihre 4 Tage Nassersee Kreuzfahrt Abu Simbel nach Assuan. Entdecken Sie antike Tempel, nubische Kultur & UNESCO-St\u00e4tten in \u00c4gypten. Jetzt buchen!","og_url":"https:\/\/egytourpackages.com\/de\/touren\/4-tage-nassersee-kreuzfahrt-abu-simbel-nach-assuan\/","og_site_name":"\u00c4gypten-Reisepakete","article_publisher":"https:\/\/www.facebook.com\/egytourpackages","article_modified_time":"2026-01-12T23:27:04+00:00","og_image":[{"url":"https:\/\/egytourpackages.com\/wp-content\/uploads\/2024\/06\/Abu-Simbel-temple-1024x683.jpg","type":"","width":"","height":""}],"twitter_card":"summary_large_image","twitter_title":"4 Tage Nassersee Kreuzfahrt Abu Simbel nach Assuan","twitter_misc":{"Preis":"&euro;950","Verf\u00fcgbarkeit":"Auf Lager"},"schema":{"@context":"https:\/\/schema.org","@graph":[{"@type":"WebPage","@id":"https:\/\/egytourpackages.com\/de\/touren\/4-tage-nassersee-kreuzfahrt-abu-simbel-nach-assuan\/","url":"https:\/\/egytourpackages.com\/de\/touren\/4-tage-nassersee-kreuzfahrt-abu-simbel-nach-assuan\/","name":"4 Tage Nassersee Kreuzfahrt Abu Simbel nach Assuan","isPartOf":{"@id":"https:\/\/egytourpackages.com\/de\/#website"},"primaryImageOfPage":{"@id":"https:\/\/egytourpackages.com\/de\/touren\/4-tage-nassersee-kreuzfahrt-abu-simbel-nach-assuan\/#primaryimage"},"image":{"@id":"https:\/\/egytourpackages.com\/de\/touren\/4-tage-nassersee-kreuzfahrt-abu-simbel-nach-assuan\/#primaryimage"},"thumbnailUrl":"https:\/\/egytourpackages.com\/wp-content\/uploads\/2024\/06\/Abu-Simbel-temple.jpg","datePublished":"2024-06-19T17:32:40+00:00","dateModified":"2026-01-12T23:27:04+00:00","description":"Sichern Sie Ihre 4 Tage Nassersee Kreuzfahrt Abu Simbel nach Assuan. Entdecken Sie antike Tempel, nubische Kultur & UNESCO-St\u00e4tten in \u00c4gypten. Jetzt buchen!","breadcrumb":{"@id":"https:\/\/egytourpackages.com\/de\/touren\/4-tage-nassersee-kreuzfahrt-abu-simbel-nach-assuan\/#breadcrumb"},"inLanguage":"de","potentialAction":[{"@type":"ReadAction","target":["https:\/\/egytourpackages.com\/de\/touren\/4-tage-nassersee-kreuzfahrt-abu-simbel-nach-assuan\/"]}]},{"@type":"ImageObject","inLanguage":"de","@id":"https:\/\/egytourpackages.com\/de\/touren\/4-tage-nassersee-kreuzfahrt-abu-simbel-nach-assuan\/#primaryimage","url":"https:\/\/egytourpackages.com\/wp-content\/uploads\/2024\/06\/Abu-Simbel-temple.jpg","contentUrl":"https:\/\/egytourpackages.com\/wp-content\/uploads\/2024\/06\/Abu-Simbel-temple.jpg","width":1950,"height":1300,"caption":"4 Tage Nassersee Kreuzfahrt Abu Simbel nach Assuan"},{"@type":"BreadcrumbList","@id":"https:\/\/egytourpackages.com\/de\/touren\/4-tage-nassersee-kreuzfahrt-abu-simbel-nach-assuan\/#breadcrumb","itemListElement":[{"@type":"ListItem","position":1,"name":"Startseite","item":"https:\/\/egytourpackages.com\/de\/"},{"@type":"ListItem","position":2,"name":"Shop","item":"https:\/\/egytourpackages.com\/de\/shop\/"},{"@type":"ListItem","position":3,"name":"4 Tage Nassersee Kreuzfahrt Abu Simbel nach Assuan"}]},{"@type":"WebSite","@id":"https:\/\/egytourpackages.com\/de\/#website","url":"https:\/\/egytourpackages.com\/de\/","name":"Egy tour packages","description":"","publisher":{"@id":"https:\/\/egytourpackages.com\/de\/#organization"},"potentialAction":[{"@type":"SearchAction","target":{"@type":"EntryPoint","urlTemplate":"https:\/\/egytourpackages.com\/de\/?s={search_term_string}"},"query-input":{"@type":"PropertyValueSpecification","valueRequired":true,"valueName":"search_term_string"}}],"inLanguage":"de"},{"@type":["Organization","Place","TravelAgency"],"@id":"https:\/\/egytourpackages.com\/de\/#organization","name":"egypt tour packages","alternateName":"egypt tour packages","url":"https:\/\/egytourpackages.com\/de\/","logo":{"@id":"https:\/\/egytourpackages.com\/de\/touren\/4-tage-nassersee-kreuzfahrt-abu-simbel-nach-assuan\/#local-main-organization-logo"},"image":{"@id":"https:\/\/egytourpackages.com\/de\/touren\/4-tage-nassersee-kreuzfahrt-abu-simbel-nach-assuan\/#local-main-organization-logo"},"sameAs":["https:\/\/www.facebook.com\/egytourpackages"],"legalName":"Egy tour packages","address":{"@id":"https:\/\/egytourpackages.com\/de\/touren\/4-tage-nassersee-kreuzfahrt-abu-simbel-nach-assuan\/#local-main-place-address"},"telephone":["00201000852186","00201028685533"],"contactPoint":{"@type":"ContactPoint","telephone":"00201000852186"},"openingHoursSpecification":[{"@type":"OpeningHoursSpecification","dayOfWeek":["Monday","Tuesday","Wednesday","Thursday","Friday","Saturday","Sunday"],"opens":"00:00","closes":"23:59"}],"email":"info@egytourpackages.com","areaServed":"Cairo, Hurghada, Luxor, Sharm El Sheikh, Marsa Alam, Aswan","priceRange":"$","currenciesAccepted":"euro","paymentAccepted":"Payment links online"},{"@type":"PostalAddress","@id":"https:\/\/egytourpackages.com\/de\/touren\/4-tage-nassersee-kreuzfahrt-abu-simbel-nach-assuan\/#local-main-place-address","streetAddress":"Mubarak 8, Al Kawthar District, Hurghada","addressLocality":"Hurghada","postalCode":"84511","addressRegion":"Red Sea","addressCountry":"EG"},{"@type":"ImageObject","inLanguage":"de","@id":"https:\/\/egytourpackages.com\/de\/touren\/4-tage-nassersee-kreuzfahrt-abu-simbel-nach-assuan\/#local-main-organization-logo","url":"https:\/\/egytourpackages.com\/wp-content\/uploads\/2025\/12\/Turquoise-Dahabiya-Nile-Cruise-1.jpeg","contentUrl":"https:\/\/egytourpackages.com\/wp-content\/uploads\/2025\/12\/Turquoise-Dahabiya-Nile-Cruise-1.jpeg","width":1040,"height":694,"caption":"egypt tour packages"}]},"product_brand":"4 Tage \u00c4gypten Rundreisen","product_price_amount":"950","product_price_currency":"EUR","og_availability":"instock","product_availability":"instock","product_retailer_item_id":"ENCT14","product_condition":"new","geo.placename":"Hurghada","geo.region":"\u00c4gypten"},"_links":{"self":[{"href":"https:\/\/egytourpackages.com\/de\/wp-json\/wp\/v2\/product\/5139","targetHints":{"allow":["GET"]}}],"collection":[{"href":"https:\/\/egytourpackages.com\/de\/wp-json\/wp\/v2\/product"}],"about":[{"href":"https:\/\/egytourpackages.com\/de\/wp-json\/wp\/v2\/types\/product"}],"replies":[{"embeddable":true,"href":"https:\/\/egytourpackages.com\/de\/wp-json\/wp\/v2\/comments?post=5139"}],"wp:featuredmedia":[{"embeddable":true,"href":"https:\/\/egytourpackages.com\/de\/wp-json\/wp\/v2\/media\/3240"}],"wp:attachment":[{"href":"https:\/\/egytourpackages.com\/de\/wp-json\/wp\/v2\/media?parent=5139"}],"wp:term":[{"taxonomy":"product_brand","embeddable":true,"href":"https:\/\/egytourpackages.com\/de\/wp-json\/wp\/v2\/product_brand?post=5139"},{"taxonomy":"product_cat","embeddable":true,"href":"https:\/\/egytourpackages.com\/de\/wp-json\/wp\/v2\/product_cat?post=5139"},{"taxonomy":"product_tag","embeddable":true,"href":"https:\/\/egytourpackages.com\/de\/wp-json\/wp\/v2\/product_tag?post=5139"}],"curies":[{"name":"wp","href":"https:\/\/api.w.org\/{rel}","templated":true}]}}