{"id":5147,"date":"2023-07-27T00:03:11","date_gmt":"2023-07-27T00:03:11","guid":{"rendered":"https:\/\/egytourpackages.com\/product\/private-kairo-tagestouren-ab-sahl-hasheesh\/"},"modified":"2026-01-28T20:56:24","modified_gmt":"2026-01-28T20:56:24","slug":"private-kairo-tagestouren-ab-sahl-hasheesh","status":"publish","type":"product","link":"https:\/\/egytourpackages.com\/de\/touren\/private-kairo-tagestouren-ab-sahl-hasheesh\/","title":{"rendered":"Private Kairo Tagestouren ab Sahl Hasheesh"},"content":{"rendered":"<p><strong><span style=\"color: #ff6600;\">Private Kairo Tagestouren ab Sahl Hasheesh<\/span><\/strong><\/p>\n<p>Begeben Sie sich auf eine unvergessliche <strong>private Kairo Tagestour<\/strong> ab Sahl Hasheesh, weithin als einer der <strong>besten Ausfl\u00fcge<\/strong> ab Sahl Hasheesh angesehen. Diese exklusiven <strong>\u00c4gypten Tagestouren<\/strong> bieten eine luxuri\u00f6se M\u00f6glichkeit, die H\u00f6hepunkte Kairos zu erkunden. Tats\u00e4chlich konzentriert sich die Reise auf Kairos ikonischste <strong>Sehensw\u00fcrdigkeiten<\/strong>, beginnend mit dem ehrfurchtgebietenden <strong>Gizeh Pyramiden Komplex<\/strong>. Bestaunen Sie die <strong>Gro\u00dfe Pyramide von Cheops (Khufu)<\/strong>, die <strong>Chephren Pyramide<\/strong> und die <strong>Menkaure Pyramide<\/strong>, wahrhaftig <strong>antike Wunder<\/strong>. Stehen Sie vor der r\u00e4tselhaften <strong>Gro\u00dfen Sphinx<\/strong>, dem W\u00e4chter des Plateaus.<\/p>\n<p>Nach Ihrem monumentalen Besuch genie\u00dfen Sie ein k\u00f6stliches <strong>Mittagessen<\/strong> in einem lokalen Restaurant. Sp\u00e4ter setzen Sie Ihre Reise in die Geschichte im <strong>Gro\u00dfen \u00c4gyptischen Museum (GEM)<\/strong> fort, dem jetzt <strong>weltgr\u00f6\u00dften arch\u00e4ologischen Museum<\/strong>. Hier werden Sie von den unvergleichlichen <strong>Tutanchamun Sch\u00e4tzen<\/strong> fasziniert sein, einschlie\u00dflich seiner ber\u00fchmten <strong>goldenen Maske des K\u00f6nigs Tut<\/strong>, die in ihrer Gesamtheit ausgestellt ist. Diese <strong>private Tour<\/strong> gew\u00e4hrleistet eine komfortable, aufschlussreiche und umfassende Erkundung der bedeutendsten historischen und kulturellen Wahrzeichen Kairos.<\/p>\n<h3><span style=\"color: #ff6600;\">Details<\/span><\/h3>\n<ul>\n<li>Dauer: 18 Stunden<\/li>\n<li>Tourort: Gizeh &amp; Kairo<\/li>\n<li>Verf\u00fcgbarkeit der Tour: T\u00e4glich<\/li>\n<li>Abholung &amp; R\u00fccktransfer: Sahl Hasheesh Hotels<\/li>\n<li>Tourtyp: Privat<\/li>\n<li>Rollstuhlgerecht: Zug\u00e4nglich<\/li>\n<\/ul>\n<h3><span style=\"color: #ff6600;\">Tour-Highlights<\/span><\/h3>\n<ul>\n<li>Gizeh Pyramiden<\/li>\n<li>Die Gro\u00dfe Sphinx<\/li>\n<li>Taltempel<\/li>\n<li>Gr\u00e4ber der Pyramidenbauer<\/li>\n<li>Das Gro\u00dfe \u00c4gyptische Museum<\/li>\n<\/ul>\n<h3><span style=\"color: #ff6600;\">Inklusivleistungen<\/span><\/h3>\n<ul>\n<li>Hin- und R\u00fccktransfer mit neuem, klimatisiertem Fahrzeug<\/li>\n<li>Eintrittsgelder f\u00fcr alle Besichtigungen<\/li>\n<li>\u00c4gyptologe Reisef\u00fchrer<\/li>\n<li>Mittagessen<\/li>\n<\/ul>\n<h3><span style=\"color: #ff6600;\">Exklusivleistungen<\/span><\/h3>\n<ul>\n<li>Getr\u00e4nke w\u00e4hrend des Mittagessens<\/li>\n<li>Eintrittsgeld f\u00fcr die Cheops-Pyramide &amp; Chephren-Pyramide<\/li>\n<li>Trinkgelder<\/li>\n<\/ul>\n<h3><span style=\"color: #ff6600;\">Was Sie einpacken sollten<\/span><\/h3>\n<ul>\n<li>Bequeme Schuhe und Kleidung, besonders im Sommer<\/li>\n<li>Warme Kleidung im Winter<\/li>\n<li>Sonnenbrille, Hut oder Schal<\/li>\n<li>Sonnencreme im Sommer<\/li>\n<\/ul>\n<h2><span style=\"color: #ff6600;\">Reiseverlauf<\/span><\/h2>\n<p><strong><span style=\"color: #ff6600;\">Hotelabholung 02.00 Uhr<\/span><\/strong><\/p>\n<p>Ihr Reisef\u00fchrer holt Sie an der Rezeption Ihres Hotels ab.<\/p>\n<p><strong><span style=\"color: #ff6600;\">Kaffeepause 06.00 Uhr<\/span><\/strong><\/p>\n<p>Genie\u00dfen Sie eine kurze Pause in der Zaafarana Lounge, um zu fr\u00fchst\u00fccken und die Toilette zu benutzen (10 L.E pro Person).<\/p>\n<h3><span style=\"color: #ff6600;\">Gizeh Pyramiden Komplex 09.00 Uhr<\/span><\/h3>\n<p>Sie beginnen Ihre Kairo-Tagestour am Westufer des Nils, wo Sie das Gizeh-Plateau besuchen werden. Die Pyramiden sind das einzige verbliebene <strong>Weltwunder der Antike<\/strong> und ein <strong>UNESCO-Weltkulturerbe<\/strong>, das eine unvergessliche Gelegenheit bietet, die Geheimnisse und <strong>ikonischen Wahrzeichen<\/strong> zu erkunden. Tats\u00e4chlich beginnt Ihre Erkundung mit der <strong>Gro\u00dfen Pyramide von Cheops (Khufu)<\/strong>, der gr\u00f6\u00dften und \u00e4ltesten der drei. In der N\u00e4he finden Sie die <strong>Chephren Pyramide (Khafre)<\/strong>, die sich durch ihre verbliebenen Verkleidungssteine auszeichnet. Dann die kleinere, aber bedeutsame <strong>Menkaure Pyramide<\/strong>, die beide zum dramatischen Panorama des Plateaus beitragen.<\/p>\n<p>Tauchen Sie tiefer in die k\u00f6nigliche Nekropole ein, indem Sie die <strong>K\u00f6niginnen-Pyramiden<\/strong> besuchen, insbesondere die faszinierende St\u00e4tte, die mit der <strong>Hetepheres-Pyramide<\/strong>, der Mutter von Khufu, verbunden ist, deren intakte Grabinhalte unsch\u00e4tzbare Einblicke in die Bestattungspraktiken des Alten Reiches lieferten. Erleben Sie die faszinierenden <strong>Bootsgruben<\/strong>, wo das bemerkenswert erhaltene <strong>Cheops-Boot (Sonnenbarke)<\/strong> entdeckt wurde, ein zeremonielles Schiff, das den Pharao ins Jenseits transportieren sollte (heute im Gro\u00dfen \u00c4gyptischen Museum untergebracht).<\/p>\n<p>Gewinnen Sie eine einzigartige Perspektiven auf die monumentale Konstruktion, indem Sie die <strong>Gr\u00e4ber der Pyramidenbauer<\/strong> erkunden, die einen Einblick in das Leben und die Organisation der erfahrenen Handwerker geben, die diese Wunder bauten. Besuchen Sie als N\u00e4chstes den <strong>Taltempel<\/strong>, auch bekannt als <strong>Mumifizierungstempel<\/strong>, ein wichtiger Teil des Bestattungskomplexes, wo der K\u00f6rper des Pharaos f\u00fcr die Ewigkeit vorbereitet wurde. Schlie\u00dflich stehen Sie vor der r\u00e4tselhaften <strong>Gro\u00dfen Sphinx<\/strong>, der kolossalen halb L\u00f6wen-, halb menschlichen Statue, die das Plateau bewacht. Zwischen ihren Pfoten liegt die <strong>Traumstele von Thutmosis IV<\/strong>, eine bedeutende Inschrift, die den g\u00f6ttlichen Traum des Pharaos erz\u00e4hlt, der zur Restaurierung der Sphinx f\u00fchrte und seinen Anspruch auf den Thron festigte.<\/p>\n<h3><span style=\"color: #ff6600;\">12.00 Uhr Mittagessen<\/span><\/h3>\n<p>Genie\u00dfen Sie Ihr Mittagessen in einem lokalen Restaurant, mit der M\u00f6glichkeit einer vegetarischen Mahlzeit.<\/p>\n<h3><span style=\"color: #ff6600;\">13.00 Uhr Das Gro\u00dfe \u00c4gyptische Museum<\/span><\/h3>\n<p>Das <strong>Gro\u00dfe \u00c4gyptische Museum (GEM)<\/strong> ist das <strong>weltgr\u00f6\u00dfte arch\u00e4ologische Museum<\/strong> und eine <strong>Must-See-Attraktion<\/strong> in der N\u00e4he der Gizeh-Pyramiden. Bei Ihrer Ankunft werden Sie vom beeindruckenden <strong>H\u00e4ngenden Obelisken<\/strong> begr\u00fc\u00dft, einem Zeugnis moderner Ingenieurskunst, die antike Artefakte wundersch\u00f6n integriert. Sobald Sie eintreten, werden Sie von den monumentalen <strong>Kolossen von Ramses dem Gro\u00dfen<\/strong> empfangen.<\/p>\n<p>Neben dem goldenen K\u00f6nig entdecken Sie weitere au\u00dfergew\u00f6hnliche Exponate, darunter die <strong>Sch\u00e4tze des Silberk\u00f6nigs Psusennes I<\/strong> aus der 21. Dynastie. Begegnen Sie der r\u00e4tselhaften <strong>Hetepheres-Sphinx<\/strong> und lassen Sie sich von den komplizierten <strong>Holzmodellen<\/strong> faszinieren, Miniaturszenen, die das t\u00e4gliche Leben und Aktivit\u00e4ten darstellen.<\/p>\n<p>Das Museum beherbergt auch andere wertvolle Artefakte wie die <strong>Amarna-Briefe<\/strong>, alte diplomatische Korrespondenz, und verschiedene <strong>Papyri<\/strong>, die Einblicke in das administrative und religi\u00f6se Leben bieten. Ein besonders bedeutendes St\u00fcck ist die <strong>Hathor-Kapelle vom Tempel Mentuhotep II in Deir El Bahari, Luxor<\/strong>. Das GEM bietet eine immersive Reise durch Jahrtausende \u00e4gyptischer Zivilisation und macht es zu einem unverzichtbaren <strong>\u00c4gypten-Highlight<\/strong>.<\/p>\n<p>Das absolute Highlight f\u00fcr viele sind die <strong>kompletten Tutanchamun-Sch\u00e4tze<\/strong> aus seinem Grab im Tal der K\u00f6nige in Luxor. Dazu geh\u00f6ren die goldene <strong>Maske des K\u00f6nigs Tut<\/strong>, sein <strong>goldener Sarkophag<\/strong>, die <strong>Kanopengef\u00e4\u00dfe<\/strong>, die seine Organe enthielten, und der opulente <strong>Thron des Tutanchamun<\/strong>.<\/p>\n<h3><span style=\"color: #ff6600;\">Kairo nach Sahl Hasheesh 15.00 Uhr<\/span><\/h3>\n<p>Am Ende Ihrer privaten Kairo-Tagestour ab Sahl Hasheesh treten Sie die R\u00fcckreise nach Hurghada an, mit einer kurzen Pause f\u00fcr die Toilette oder Kaffee.<\/p>\n<h3><span style=\"color: #ff6600;\">Private Kairo Tagestouren ab Sahl Hasheesh Preise<\/span><\/h3>\n<ul>\n<li>Erwachsenenpreis = 140 \u20ac<\/li>\n<li>Kleinkinder 0-5 Jahre = kostenfrei<\/li>\n<li>Kinder 5-11 Jahre = 50% des Erwachsenenpreises<\/li>\n<\/ul>\n<h3><span style=\"color: #ff6600;\">Buchung <\/span><\/h3>\n<p>Sie k\u00f6nnen Ihre Tour per WhatsApp oder E-Mail buchen und erhalten die Best\u00e4tigung sofort. Bitte senden Sie uns Ihren Hotelnamen, Zimmernummer, Reisepasskopien.<\/p>\n<p>WhatsApp: +201000852186<\/p>\n<p>info@egytourpackages.com<\/p>\n<h3><span style=\"color: #ff6600;\">Jetzt buchen &amp; vor Ort bezahlen<\/span><\/h3>\n<p>Buchen Sie Ihre bevorzugten Sahl Hasheesh Tagestouren und bezahlen Sie am Reisetag.<\/p>\n<h3><span style=\"color: #ff6600;\">Zahlung<\/span><\/h3>\n<p>Sie k\u00f6nnen in \u00e4gyptischen Pfund, $, \u20ac oder \u00a3 bezahlen.<\/p>\n<h3><span style=\"color: #ff6600;\">Stornierungsbedingungen<\/span><\/h3>\n<ul>\n<li>Kostenlose Stornierung bis zu 24 Stunden im Voraus<\/li>\n<li>Stornierung am Morgen betr\u00e4gt 50% des Preises<\/li>\n<\/ul>\n","protected":false},"excerpt":{"rendered":"<p>Erleben Sie exklusive Private Kairo Tagestouren ab Sahl Hasheesh. Entdecken Sie Pyramiden, Sphinx &amp; das \u00c4gyptische Museum. Luxus &amp; Kultur pur!<\/p>\n","protected":false},"featured_media":2900,"comment_status":"open","ping_status":"closed","template":"","meta":[],"product_brand":[],"product_cat":[1494],"product_tag":[1495,1744,1527,1546],"class_list":{"0":"post-5147","1":"product","2":"type-product","3":"status-publish","4":"has-post-thumbnail","6":"product_cat-touren","7":"product_tag-agypten-tagestouren","8":"product_tag-agypten-touren","9":"product_tag-pyramiden-von-gizeh","10":"product_tag-sahl-hasheesh-ausfluge","11":"tour_category-agypten-tagestouren","12":"tour_category-kairo-rundreisen-ab-hurghada","13":"tour_category-sahl-hasheesh-ausfluge","15":"first","16":"instock","17":"sale","18":"shipping-taxable","19":"purchasable","20":"product-type-tour","21":"has-default-attributes"},"yoast_head":"<!-- This site is optimized with the Yoast SEO Premium plugin v27.2 (Yoast SEO v27.2) - https:\/\/yoast.com\/product\/yoast-seo-premium-wordpress\/ -->\n<title>Private Kairo Tagestouren ab Sahl Hasheesh | Sahl Hasheesh Touren<\/title>\n<meta name=\"description\" content=\"Erleben Sie exklusive Private Kairo Tagestouren ab Sahl Hasheesh. Entdecken Sie Pyramiden, Sphinx &amp; das \u00c4gyptische Museum. Luxus &amp; Kultur pur!\" \/>\n<meta name=\"robots\" content=\"index, follow, max-snippet:-1, max-image-preview:large, max-video-preview:-1\" \/>\n<link rel=\"canonical\" href=\"https:\/\/egytourpackages.com\/de\/touren\/private-kairo-tagestouren-ab-sahl-hasheesh\/\" \/>\n<meta property=\"og:locale\" content=\"de_DE\" \/>\n<meta property=\"og:type\" content=\"article\" \/>\n<meta property=\"og:title\" content=\"Private Kairo Tagestouren ab Sahl Hasheesh\" \/>\n<meta property=\"og:description\" content=\"Erleben Sie exklusive Private Kairo Tagestouren ab Sahl Hasheesh. Entdecken Sie Pyramiden, Sphinx &amp; das \u00c4gyptische Museum. Luxus &amp; Kultur pur!\" \/>\n<meta property=\"og:url\" content=\"https:\/\/egytourpackages.com\/de\/touren\/private-kairo-tagestouren-ab-sahl-hasheesh\/\" \/>\n<meta property=\"og:site_name\" content=\"\u00c4gypten-Reisepakete\" \/>\n<meta property=\"article:publisher\" content=\"https:\/\/www.facebook.com\/egytourpackages\" \/>\n<meta property=\"article:modified_time\" content=\"2026-01-28T20:56:24+00:00\" \/>\n<meta property=\"og:image\" content=\"https:\/\/egytourpackages.com\/wp-content\/uploads\/2023\/08\/Giza-Pyramids-1024x768.jpg\" \/>\n<meta name=\"twitter:card\" content=\"summary_large_image\" \/>\n<meta name=\"twitter:title\" content=\"Private Kairo Tagestouren ab Sahl Hasheesh\" \/>\n<meta name=\"twitter:description\" content=\"Erleben Sie exklusive Private Kairo Tagestouren ab Sahl Hasheesh. Entdecken Sie Pyramiden, Sphinx &amp; das \u00c4gyptische Museum. Luxus &amp; Kultur pur!\" \/>\n<meta name=\"twitter:label1\" content=\"Preis\" \/>\n\t<meta name=\"twitter:data1\" content=\"&euro;150\" \/>\n\t<meta name=\"twitter:label2\" content=\"Verf\u00fcgbarkeit\" \/>\n\t<meta name=\"twitter:data2\" content=\"Auf Lager\" \/>\n<script type=\"application\/ld+json\" class=\"yoast-schema-graph\">{\"@context\":\"https:\/\/schema.org\",\"@graph\":[{\"@type\":\"WebPage\",\"@id\":\"https:\/\/egytourpackages.com\/de\/touren\/private-kairo-tagestouren-ab-sahl-hasheesh\/\",\"url\":\"https:\/\/egytourpackages.com\/de\/touren\/private-kairo-tagestouren-ab-sahl-hasheesh\/\",\"name\":\"Private Kairo Tagestouren ab Sahl Hasheesh | Sahl Hasheesh Touren\",\"isPartOf\":{\"@id\":\"https:\/\/egytourpackages.com\/de\/#website\"},\"primaryImageOfPage\":{\"@id\":\"https:\/\/egytourpackages.com\/de\/touren\/private-kairo-tagestouren-ab-sahl-hasheesh\/#primaryimage\"},\"image\":{\"@id\":\"https:\/\/egytourpackages.com\/de\/touren\/private-kairo-tagestouren-ab-sahl-hasheesh\/#primaryimage\"},\"thumbnailUrl\":\"https:\/\/egytourpackages.com\/wp-content\/uploads\/2023\/07\/Giza-Pyramids-1.jpg\",\"datePublished\":\"2023-07-27T00:03:11+00:00\",\"dateModified\":\"2026-01-28T20:56:24+00:00\",\"description\":\"Erleben Sie exklusive Private Kairo Tagestouren ab Sahl Hasheesh. Entdecken Sie Pyramiden, Sphinx & das \u00c4gyptische Museum. Luxus & Kultur pur!\",\"breadcrumb\":{\"@id\":\"https:\/\/egytourpackages.com\/de\/touren\/private-kairo-tagestouren-ab-sahl-hasheesh\/#breadcrumb\"},\"inLanguage\":\"de\",\"potentialAction\":[{\"@type\":\"ReadAction\",\"target\":[\"https:\/\/egytourpackages.com\/de\/touren\/private-kairo-tagestouren-ab-sahl-hasheesh\/\"]}]},{\"@type\":\"ImageObject\",\"inLanguage\":\"de\",\"@id\":\"https:\/\/egytourpackages.com\/de\/touren\/private-kairo-tagestouren-ab-sahl-hasheesh\/#primaryimage\",\"url\":\"https:\/\/egytourpackages.com\/wp-content\/uploads\/2023\/07\/Giza-Pyramids-1.jpg\",\"contentUrl\":\"https:\/\/egytourpackages.com\/wp-content\/uploads\/2023\/07\/Giza-Pyramids-1.jpg\",\"width\":2000,\"height\":1500,\"caption\":\"Private Kairo Tagestouren ab Sahl Hasheesh\"},{\"@type\":\"BreadcrumbList\",\"@id\":\"https:\/\/egytourpackages.com\/de\/touren\/private-kairo-tagestouren-ab-sahl-hasheesh\/#breadcrumb\",\"itemListElement\":[{\"@type\":\"ListItem\",\"position\":1,\"name\":\"Startseite\",\"item\":\"https:\/\/egytourpackages.com\/de\/\"},{\"@type\":\"ListItem\",\"position\":2,\"name\":\"Shop\",\"item\":\"https:\/\/egytourpackages.com\/de\/shop\/\"},{\"@type\":\"ListItem\",\"position\":3,\"name\":\"Private Kairo Tagestouren ab Sahl Hasheesh\"}]},{\"@type\":\"WebSite\",\"@id\":\"https:\/\/egytourpackages.com\/de\/#website\",\"url\":\"https:\/\/egytourpackages.com\/de\/\",\"name\":\"Egy tour packages\",\"description\":\"\",\"publisher\":{\"@id\":\"https:\/\/egytourpackages.com\/de\/#organization\"},\"potentialAction\":[{\"@type\":\"SearchAction\",\"target\":{\"@type\":\"EntryPoint\",\"urlTemplate\":\"https:\/\/egytourpackages.com\/de\/?s={search_term_string}\"},\"query-input\":{\"@type\":\"PropertyValueSpecification\",\"valueRequired\":true,\"valueName\":\"search_term_string\"}}],\"inLanguage\":\"de\"},{\"@type\":[\"Organization\",\"Place\",\"TravelAgency\"],\"@id\":\"https:\/\/egytourpackages.com\/de\/#organization\",\"name\":\"egypt tour packages\",\"alternateName\":\"egypt tour packages\",\"url\":\"https:\/\/egytourpackages.com\/de\/\",\"logo\":{\"@id\":\"https:\/\/egytourpackages.com\/de\/touren\/private-kairo-tagestouren-ab-sahl-hasheesh\/#local-main-organization-logo\"},\"image\":{\"@id\":\"https:\/\/egytourpackages.com\/de\/touren\/private-kairo-tagestouren-ab-sahl-hasheesh\/#local-main-organization-logo\"},\"sameAs\":[\"https:\/\/www.facebook.com\/egytourpackages\"],\"legalName\":\"Egy tour packages\",\"address\":{\"@id\":\"https:\/\/egytourpackages.com\/de\/touren\/private-kairo-tagestouren-ab-sahl-hasheesh\/#local-main-place-address\"},\"telephone\":[\"00201000852186\",\"00201028685533\"],\"contactPoint\":{\"@type\":\"ContactPoint\",\"telephone\":\"00201000852186\"},\"openingHoursSpecification\":[{\"@type\":\"OpeningHoursSpecification\",\"dayOfWeek\":[\"Monday\",\"Tuesday\",\"Wednesday\",\"Thursday\",\"Friday\",\"Saturday\",\"Sunday\"],\"opens\":\"00:00\",\"closes\":\"23:59\"}],\"email\":\"info@egytourpackages.com\",\"areaServed\":\"Cairo, Hurghada, Luxor, Sharm El Sheikh, Marsa Alam, Aswan\",\"priceRange\":\"$\",\"currenciesAccepted\":\"euro\",\"paymentAccepted\":\"Payment links online\"},{\"@type\":\"PostalAddress\",\"@id\":\"https:\/\/egytourpackages.com\/de\/touren\/private-kairo-tagestouren-ab-sahl-hasheesh\/#local-main-place-address\",\"streetAddress\":\"Mubarak 8, Al Kawthar District, Hurghada\",\"addressLocality\":\"Hurghada\",\"postalCode\":\"84511\",\"addressRegion\":\"Red Sea\",\"addressCountry\":\"EG\"},{\"@type\":\"ImageObject\",\"inLanguage\":\"de\",\"@id\":\"https:\/\/egytourpackages.com\/de\/touren\/private-kairo-tagestouren-ab-sahl-hasheesh\/#local-main-organization-logo\",\"url\":\"https:\/\/egytourpackages.com\/wp-content\/uploads\/2025\/12\/Turquoise-Dahabiya-Nile-Cruise-1.jpeg\",\"contentUrl\":\"https:\/\/egytourpackages.com\/wp-content\/uploads\/2025\/12\/Turquoise-Dahabiya-Nile-Cruise-1.jpeg\",\"width\":1040,\"height\":694,\"caption\":\"egypt tour packages\"}]}<\/script>\n<meta property=\"product:brand\" content=\"\u00c4gypten Tagestouren\" \/>\n<meta property=\"product:price:amount\" content=\"150\" \/>\n<meta property=\"product:price:currency\" content=\"EUR\" \/>\n<meta property=\"og:availability\" content=\"instock\" \/>\n<meta property=\"product:availability\" content=\"instock\" \/>\n<meta property=\"product:retailer_item_id\" content=\"SHDT01\" \/>\n<meta property=\"product:condition\" content=\"new\" \/>\n<meta name=\"geo.placename\" content=\"Hurghada\" \/>\n<meta name=\"geo.region\" content=\"\u00c4gypten\" \/>\n<!-- \/ Yoast SEO Premium plugin. -->","yoast_head_json":{"title":"Private Kairo Tagestouren ab Sahl Hasheesh | Sahl Hasheesh Touren","description":"Erleben Sie exklusive Private Kairo Tagestouren ab Sahl Hasheesh. Entdecken Sie Pyramiden, Sphinx & das \u00c4gyptische Museum. Luxus & Kultur pur!","robots":{"index":"index","follow":"follow","max-snippet":"max-snippet:-1","max-image-preview":"max-image-preview:large","max-video-preview":"max-video-preview:-1"},"canonical":"https:\/\/egytourpackages.com\/de\/touren\/private-kairo-tagestouren-ab-sahl-hasheesh\/","og_locale":"de_DE","og_type":"article","og_title":"Private Kairo Tagestouren ab Sahl Hasheesh","og_description":"Erleben Sie exklusive Private Kairo Tagestouren ab Sahl Hasheesh. Entdecken Sie Pyramiden, Sphinx & das \u00c4gyptische Museum. Luxus & Kultur pur!","og_url":"https:\/\/egytourpackages.com\/de\/touren\/private-kairo-tagestouren-ab-sahl-hasheesh\/","og_site_name":"\u00c4gypten-Reisepakete","article_publisher":"https:\/\/www.facebook.com\/egytourpackages","article_modified_time":"2026-01-28T20:56:24+00:00","og_image":[{"url":"https:\/\/egytourpackages.com\/wp-content\/uploads\/2023\/08\/Giza-Pyramids-1024x768.jpg","type":"","width":"","height":""}],"twitter_card":"summary_large_image","twitter_title":"Private Kairo Tagestouren ab Sahl Hasheesh","twitter_description":"Erleben Sie exklusive Private Kairo Tagestouren ab Sahl Hasheesh. Entdecken Sie Pyramiden, Sphinx & das \u00c4gyptische Museum. Luxus & Kultur pur!","twitter_misc":{"Preis":"&euro;150","Verf\u00fcgbarkeit":"Auf Lager"},"schema":{"@context":"https:\/\/schema.org","@graph":[{"@type":"WebPage","@id":"https:\/\/egytourpackages.com\/de\/touren\/private-kairo-tagestouren-ab-sahl-hasheesh\/","url":"https:\/\/egytourpackages.com\/de\/touren\/private-kairo-tagestouren-ab-sahl-hasheesh\/","name":"Private Kairo Tagestouren ab Sahl Hasheesh | Sahl Hasheesh Touren","isPartOf":{"@id":"https:\/\/egytourpackages.com\/de\/#website"},"primaryImageOfPage":{"@id":"https:\/\/egytourpackages.com\/de\/touren\/private-kairo-tagestouren-ab-sahl-hasheesh\/#primaryimage"},"image":{"@id":"https:\/\/egytourpackages.com\/de\/touren\/private-kairo-tagestouren-ab-sahl-hasheesh\/#primaryimage"},"thumbnailUrl":"https:\/\/egytourpackages.com\/wp-content\/uploads\/2023\/07\/Giza-Pyramids-1.jpg","datePublished":"2023-07-27T00:03:11+00:00","dateModified":"2026-01-28T20:56:24+00:00","description":"Erleben Sie exklusive Private Kairo Tagestouren ab Sahl Hasheesh. Entdecken Sie Pyramiden, Sphinx & das \u00c4gyptische Museum. Luxus & Kultur pur!","breadcrumb":{"@id":"https:\/\/egytourpackages.com\/de\/touren\/private-kairo-tagestouren-ab-sahl-hasheesh\/#breadcrumb"},"inLanguage":"de","potentialAction":[{"@type":"ReadAction","target":["https:\/\/egytourpackages.com\/de\/touren\/private-kairo-tagestouren-ab-sahl-hasheesh\/"]}]},{"@type":"ImageObject","inLanguage":"de","@id":"https:\/\/egytourpackages.com\/de\/touren\/private-kairo-tagestouren-ab-sahl-hasheesh\/#primaryimage","url":"https:\/\/egytourpackages.com\/wp-content\/uploads\/2023\/07\/Giza-Pyramids-1.jpg","contentUrl":"https:\/\/egytourpackages.com\/wp-content\/uploads\/2023\/07\/Giza-Pyramids-1.jpg","width":2000,"height":1500,"caption":"Private Kairo Tagestouren ab Sahl Hasheesh"},{"@type":"BreadcrumbList","@id":"https:\/\/egytourpackages.com\/de\/touren\/private-kairo-tagestouren-ab-sahl-hasheesh\/#breadcrumb","itemListElement":[{"@type":"ListItem","position":1,"name":"Startseite","item":"https:\/\/egytourpackages.com\/de\/"},{"@type":"ListItem","position":2,"name":"Shop","item":"https:\/\/egytourpackages.com\/de\/shop\/"},{"@type":"ListItem","position":3,"name":"Private Kairo Tagestouren ab Sahl Hasheesh"}]},{"@type":"WebSite","@id":"https:\/\/egytourpackages.com\/de\/#website","url":"https:\/\/egytourpackages.com\/de\/","name":"Egy tour packages","description":"","publisher":{"@id":"https:\/\/egytourpackages.com\/de\/#organization"},"potentialAction":[{"@type":"SearchAction","target":{"@type":"EntryPoint","urlTemplate":"https:\/\/egytourpackages.com\/de\/?s={search_term_string}"},"query-input":{"@type":"PropertyValueSpecification","valueRequired":true,"valueName":"search_term_string"}}],"inLanguage":"de"},{"@type":["Organization","Place","TravelAgency"],"@id":"https:\/\/egytourpackages.com\/de\/#organization","name":"egypt tour packages","alternateName":"egypt tour packages","url":"https:\/\/egytourpackages.com\/de\/","logo":{"@id":"https:\/\/egytourpackages.com\/de\/touren\/private-kairo-tagestouren-ab-sahl-hasheesh\/#local-main-organization-logo"},"image":{"@id":"https:\/\/egytourpackages.com\/de\/touren\/private-kairo-tagestouren-ab-sahl-hasheesh\/#local-main-organization-logo"},"sameAs":["https:\/\/www.facebook.com\/egytourpackages"],"legalName":"Egy tour packages","address":{"@id":"https:\/\/egytourpackages.com\/de\/touren\/private-kairo-tagestouren-ab-sahl-hasheesh\/#local-main-place-address"},"telephone":["00201000852186","00201028685533"],"contactPoint":{"@type":"ContactPoint","telephone":"00201000852186"},"openingHoursSpecification":[{"@type":"OpeningHoursSpecification","dayOfWeek":["Monday","Tuesday","Wednesday","Thursday","Friday","Saturday","Sunday"],"opens":"00:00","closes":"23:59"}],"email":"info@egytourpackages.com","areaServed":"Cairo, Hurghada, Luxor, Sharm El Sheikh, Marsa Alam, Aswan","priceRange":"$","currenciesAccepted":"euro","paymentAccepted":"Payment links online"},{"@type":"PostalAddress","@id":"https:\/\/egytourpackages.com\/de\/touren\/private-kairo-tagestouren-ab-sahl-hasheesh\/#local-main-place-address","streetAddress":"Mubarak 8, Al Kawthar District, Hurghada","addressLocality":"Hurghada","postalCode":"84511","addressRegion":"Red Sea","addressCountry":"EG"},{"@type":"ImageObject","inLanguage":"de","@id":"https:\/\/egytourpackages.com\/de\/touren\/private-kairo-tagestouren-ab-sahl-hasheesh\/#local-main-organization-logo","url":"https:\/\/egytourpackages.com\/wp-content\/uploads\/2025\/12\/Turquoise-Dahabiya-Nile-Cruise-1.jpeg","contentUrl":"https:\/\/egytourpackages.com\/wp-content\/uploads\/2025\/12\/Turquoise-Dahabiya-Nile-Cruise-1.jpeg","width":1040,"height":694,"caption":"egypt tour packages"}]},"product_brand":"\u00c4gypten Tagestouren","product_price_amount":"150","product_price_currency":"EUR","og_availability":"instock","product_availability":"instock","product_retailer_item_id":"SHDT01","product_condition":"new","geo.placename":"Hurghada","geo.region":"\u00c4gypten"},"_links":{"self":[{"href":"https:\/\/egytourpackages.com\/de\/wp-json\/wp\/v2\/product\/5147","targetHints":{"allow":["GET"]}}],"collection":[{"href":"https:\/\/egytourpackages.com\/de\/wp-json\/wp\/v2\/product"}],"about":[{"href":"https:\/\/egytourpackages.com\/de\/wp-json\/wp\/v2\/types\/product"}],"replies":[{"embeddable":true,"href":"https:\/\/egytourpackages.com\/de\/wp-json\/wp\/v2\/comments?post=5147"}],"wp:featuredmedia":[{"embeddable":true,"href":"https:\/\/egytourpackages.com\/de\/wp-json\/wp\/v2\/media\/2900"}],"wp:attachment":[{"href":"https:\/\/egytourpackages.com\/de\/wp-json\/wp\/v2\/media?parent=5147"}],"wp:term":[{"taxonomy":"product_brand","embeddable":true,"href":"https:\/\/egytourpackages.com\/de\/wp-json\/wp\/v2\/product_brand?post=5147"},{"taxonomy":"product_cat","embeddable":true,"href":"https:\/\/egytourpackages.com\/de\/wp-json\/wp\/v2\/product_cat?post=5147"},{"taxonomy":"product_tag","embeddable":true,"href":"https:\/\/egytourpackages.com\/de\/wp-json\/wp\/v2\/product_tag?post=5147"}],"curies":[{"name":"wp","href":"https:\/\/api.w.org\/{rel}","templated":true}]}}