{"id":5150,"date":"2024-06-23T07:56:43","date_gmt":"2024-06-23T07:56:43","guid":{"rendered":"https:\/\/egytourpackages.com\/product\/tagesausflug-nach-luxor-ab-sahl-hasheesh\/"},"modified":"2026-01-28T10:40:41","modified_gmt":"2026-01-28T10:40:41","slug":"tagesausflug-nach-luxor-ab-sahl-hasheesh","status":"publish","type":"product","link":"https:\/\/egytourpackages.com\/de\/touren\/tagesausflug-nach-luxor-ab-sahl-hasheesh\/","title":{"rendered":"Tagesausflug nach Luxor ab Sahl Hasheesh"},"content":{"rendered":"<p><strong><span style=\"color: #ff6600;\">Tagesausflug nach Luxor ab Sahl Hasheesh | Gruppentour max. 8 Personen<\/span><\/strong><\/p>\n<p>Dieser <strong>Tagesausflug nach Luxor von Sahl Hasheesh<\/strong> bietet eine umfassende Erkundung der bekanntesten Sehensw\u00fcrdigkeiten Luxors. Fr\u00fch morgens von Ihrem Hotel in Sahl Hasheesh abgeholt, genie\u00dfen Sie einen komfortablen, klimatisierten Transfer von ca. 3,5 bis 4 Stunden durch die \u00f6stliche W\u00fcste.<\/p>\n<p>Ihre Reise in die Geschichte beginnt am Westufer von Luxor, wo Sie das legend\u00e4re <strong>Tal der K\u00f6nige<\/strong>, die Grabst\u00e4tte der Pharaonen, einschlie\u00dflich des ber\u00fchmten <strong>Grabes von Tutanchamun<\/strong>, erkunden werden. Bestaunen Sie die lebendigen Hieroglyphen und die kunstvollen Kunstwerke in den alten Grabkammern.<\/p>\n<p>Als N\u00e4chstes besuchen Sie den pr\u00e4chtigen <strong>Tempel der Hatschepsut<\/strong>, einen beeindruckenden Terrassentempel, der \u00c4gyptens m\u00e4chtiger <strong>Pharaonin<\/strong> gewidmet ist. Schlie\u00dfen Sie Ihr Abenteuer am Westufer mit einem Stopp an den kolossalen <strong>Memnonkolossen<\/strong> ab, zwei massiven Statuen, die den Totentempel von <strong>Amenhotep III.<\/strong> bewachen.<\/p>\n<p>Nach einem k\u00f6stlichen Mittagessen in einem lokalen Restaurant geht es am Ostufer weiter mit den Highlights von Luxor. Hier schlendern Sie durch den weitl\u00e4ufigen <strong>Karnak-Tempelkomplex<\/strong>, ein beeindruckendes Labyrinth aus Tempeln, Kapellen und Pylonen, das Jahrhunderte von Bauarbeiten verschiedener Pharaonen repr\u00e4sentiert. Diese <strong>Luxor-Touren<\/strong> bieten einen unvergesslichen Einblick in \u00c4gyptens reiche historische Vergangenheit und stellen sicher, dass Sie das Beste dieser antiken Stadt erleben, bevor Sie nach Sahl Hasheesh zur\u00fcckkehren.<\/p>\n<h3><span style=\"color: #ff6600;\">Details<\/span><\/h3>\n<ul>\n<li>Dauer: 14 Stunden<\/li>\n<li>Standort der Tour: Luxor<\/li>\n<li>Verf\u00fcgbarkeit der Tour: T\u00e4glich<\/li>\n<li>Abholung &amp; R\u00fccktransfer: Ihr Hotel in Sahl Hasheesh<\/li>\n<li>Art der Tour: Gruppentour max. 8 Personen<\/li>\n<li>Rollstuhlgerecht: Zug\u00e4nglich<\/li>\n<\/ul>\n<h3><span style=\"color: #ff6600;\">Inklusivleistungen<\/span><\/h3>\n<ul>\n<li>Hin- und R\u00fccktransfer mit neuem Fahrzeug<\/li>\n<li>Erfahrener \u00c4gyptologen-Guide<\/li>\n<li>Mittagessen in einem lokalen Restaurant<\/li>\n<\/ul>\n<h3><span style=\"color: #ff6600;\">Exklusivleistungen<\/span><\/h3>\n<ul>\n<li>Getr\u00e4nke w\u00e4hrend des Mittagessens<\/li>\n<li>Optionale 30-min\u00fctige Motorboot-Tour (10 \u20ac in bar vor Ort zu zahlen)<\/li>\n<li>KV9 \u2013 Ramesses V., Ramesses VI. Grab<\/li>\n<li>KV17 \u2013 Seti I. Grab<\/li>\n<li>KV62 \u2013 Tutanchamun Grab<\/li>\n<li>Trinkgelder<\/li>\n<\/ul>\n<h3><span style=\"color: #ff6600;\">Was Sie mitnehmen sollten<\/span><\/h3>\n<ul>\n<li>Hut, Sonnenbrille &amp; Sonnencreme<\/li>\n<li>Bequeme Schuhe und Kleidung<\/li>\n<li>Kleingeld f\u00fcr die Toilette<\/li>\n<\/ul>\n<h2><span style=\"color: #ff6600;\">Reiseroute<\/span><\/h2>\n<p><span style=\"color: #ff6600;\"><strong>04:00 Uhr Hotelabholung<\/strong><\/span><\/p>\n<p>Wir holen Sie in Ihrer Hotellobby ab, um Ihre Luxor-Sehensw\u00fcrdigkeiten-Tour ab Sahl Hasheesh zu beginnen.<\/p>\n<p><span style=\"color: #ff6600;\"><strong>Kurze Pause<\/strong> Gegen <strong>07:00 Uhr<\/strong><\/span><\/p>\n<p>genie\u00dfen Sie eine 20-min\u00fctige Kaffeepause in einer gem\u00fctlichen Lounge, um die Toilette zu benutzen (20 L.E pro Person), zu fr\u00fchst\u00fccken und ein Getr\u00e4nk zu genie\u00dfen.<\/p>\n<h3><span style=\"color: #ff6600;\">Memnonkolosse<\/span><\/h3>\n<p>Zu den <strong>Luxor-Sehensw\u00fcrdigkeiten<\/strong> am Westufer des Nils geh\u00f6ren die ber\u00fchmten Statuen von <strong>Amenhotep III.<\/strong>, bekannt als <strong>Memnonkolosse<\/strong>. Einst schm\u00fcckten sie den Eingang des gr\u00f6\u00dften <strong>Mumifizierungstempels<\/strong> am Westufer von Luxor.<\/p>\n<h3><span style=\"color: #ff6600;\">Tal der K\u00f6nige<\/span><\/h3>\n<p>Tats\u00e4chlich geh\u00f6rt der Besuch des <strong>Tals der K\u00f6nige<\/strong> zu den <strong>besten Aktivit\u00e4ten in \u00c4gypten<\/strong>. Dieses ikonische <strong>UNESCO-Weltkulturerbe<\/strong> diente als <strong>k\u00f6nigliche Grabst\u00e4tte<\/strong> f\u00fcr Pharaonen und m\u00e4chtige Adlige des <strong>Neuen Reiches<\/strong> (18. bis 20. Dynastie). Tief in den W\u00fcstenfelsen gehauen, wurden diese aufwendigen <strong>Gr\u00e4ber<\/strong> entworfen, um die ewige Ruhe der Pharaonen zu sch\u00fctzen und ihre Seelen ins Jenseits zu f\u00fchren.<\/p>\n<p>W\u00e4hrend \u00fcber 60 Gr\u00e4ber bekannt sind, sind nur 7 Gr\u00e4ber abwechselnd f\u00fcr die \u00d6ffentlichkeit zug\u00e4nglich, um deren Erhaltung zu unterst\u00fctzen. Zu den H\u00f6hepunkten geh\u00f6rt oft das relativ kleine, aber ber\u00fchmterweise intakte <strong>Grab von Tutanchamun (KV62)<\/strong>, das von Howard Carter entdeckt wurde und in dem Sie noch immer die Mumie des jungen K\u00f6nigs sehen k\u00f6nnen. Andere h\u00e4ufig ge\u00f6ffnete Gr\u00e4ber, wie die von <strong>Ramses III. (KV11)<\/strong> und <strong>Ramses IV. (KV2)<\/strong>, zeigen atemberaubend lebendige <strong>Hieroglyphen<\/strong> und detaillierte Wandmalereien, die funer\u00e4re Texte und mythologische Szenen darstellen. Gegen eine zus\u00e4tzliche Geb\u00fchr k\u00f6nnen Sie das pr\u00e4chtige <strong>Grab von Seti I. (KV17)<\/strong> betreten, das f\u00fcr seine au\u00dfergew\u00f6hnliche Kunstfertigkeit und Erhaltung bekannt ist. Jedes Grab bietet einen einzigartigen Einblick in die \u00dcberzeugungen und die k\u00fcnstlerische Meisterschaft des alten \u00c4gypten.<\/p>\n<p>Nach dem Besuch Ihrer 3 Gr\u00e4ber und einigen Fotos der religi\u00f6sen B\u00fccher, die die W\u00e4nde schm\u00fccken, wie das <strong>Totenbuch<\/strong>, die <strong>Mund\u00f6ffnung<\/strong>, das <strong>Buch des Akr<\/strong> und die <strong>heilige Kuh<\/strong>, fahren Sie zu Ihrem n\u00e4chsten Halt.<\/p>\n<h3><span style=\"color: #ff6600;\">Hatschepsut-Tempel<\/span><\/h3>\n<p>Der Totentempel der Hatschepsut, auch bekannt als <strong>Djeser-Djeseru<\/strong> (&#8222;Heiligstes der Heiligt\u00fcmer&#8220;), ist ein atemberaubendes Meisterwerk der alt\u00e4gyptischen Architektur, einzigartig in die Klippen von <strong>Deir el-Bahari<\/strong> am Westufer von Luxor gehauen. Dieser Terrassentempel, erbaut f\u00fcr die beeindruckende <strong>Pharaonin Hatschepsut<\/strong> (ca. 1479-1458 v. Chr.), ist ein Zeugnis ihrer erfolgreichen Herrschaft und ihres Ehrgeizes.<\/p>\n<p>Tats\u00e4chlich ist unter seinen vielen <strong>Highlights<\/strong> die <strong>Hathor-Kapelle<\/strong> besonders bemerkenswert. Sie ist der G\u00f6ttin der Liebe, Musik und Mutterschaft gewidmet und weist unverwechselbare Hathor-Kopf-S\u00e4ulen und lebendige Reliefs auf, die die G\u00f6ttin als Kuh darstellen und Fruchtbarkeit und Wohlstand symbolisieren. Angrenzend befindet sich die <strong>Anubis-Kapelle<\/strong>, die den schakalk\u00f6pfigen Gott der Einbalsamierung und der Unterwelt ehrt, mit Szenen, die seine Rolle in den Bestattungsriten zeigen.<\/p>\n<p>Eines der bekanntesten Merkmale des Tempels sind die Reliefs, die die <strong>Punt-Expedition<\/strong> w\u00fcrdigen. Diese detaillierten Schnitzereien zeigen anschaulich Hatschepsuts erfolgreiche Handelsmission in das exotische <strong>Land Punt<\/strong>. Obwohl nicht explizit als gro\u00dffl\u00e4chige <strong>Landwirtschaft im alten \u00c4gypten<\/strong> dargestellt, unterst\u00fctzte der durch solche Expeditionen gebrachte Wohlstand indirekt die landwirtschaftlichen Grundlagen der Nation. Au\u00dferdem gibt es die wundersch\u00f6nen Szenen der <strong>Reliefs der G\u00f6ttlichen Geburt<\/strong>, eine Reihe von Schnitzereien, die grafisch die mythologische Empf\u00e4ngnis Hatschepsuts durch den Gott Amun erz\u00e4hlen. Schlie\u00dflich diente das <strong>Allerheiligste des Amun<\/strong> als Heiligtum f\u00fcr die Hauptgottheit Amun-Re.<\/p>\n<p>Am Ende der Tour fahren Sie zum Mittagessen.<\/p>\n<h3><span style=\"color: #ff6600;\">Mittagessen<\/span><\/h3>\n<p>Genie\u00dfen Sie Ihr frisch zubereitetes Mittagessen in einem lokalen Restaurant mit der M\u00f6glichkeit vegetarischer Mahlzeiten.<\/p>\n<h3><span style=\"color: #ff6600;\">Karnak-Tempelkomplex<\/span><\/h3>\n<p>Der <strong>Karnak-Tempelkomplex<\/strong> ist ein <strong>UNESCO-Weltkulturerbe<\/strong> und die <strong>gr\u00f6\u00dfte antike religi\u00f6se St\u00e4tte der Welt<\/strong>, wirklich eine <strong>Must-See-Attraktion<\/strong> f\u00fcr jeden Reisenden nach \u00c4gypten.<\/p>\n<p>Ihre Erkundung beginnt entlang der k\u00fcrzlich restaurierten <strong>Allee der Sphingen<\/strong>. Beim Betreten werden Sie von der Gro\u00dfartigkeit der <strong>Gro\u00dfen Hypostylhalle<\/strong> begeistert sein. Dieser Wald aus 134 kolossalen S\u00e4ulen, viele noch lebendig mit Originalfarbe, schafft ein beeindruckendes Schauspiel, wobei <strong>hieroglyphische Reliefs<\/strong> fast jede Oberfl\u00e4che bedecken.<\/p>\n<p>Entdecken Sie den hoch aufragenden <strong>Hatschepsut-Obelisken<\/strong>, einen der gr\u00f6\u00dften antiken Obelisken, der noch immer in \u00c4gypten steht. Verpassen Sie nicht den <strong>Heiligen See<\/strong>, ein rechteckiges Gew\u00e4sser, das von Priestern f\u00fcr <strong>Reinigungsrituale<\/strong> genutzt wurde. Bevor Sie gehen, sollten Sie unbedingt die gro\u00dfe <strong>Skarab\u00e4us-Statue<\/strong> umrunden, von der angenommen wird, dass sie Gl\u00fcck und Fruchtbarkeit bringt, wenn sie umrundet wird. Karnak bietet einen unvergleichlichen Einblick in die monumentale Gr\u00f6\u00dfe und die tiefgreifenden religi\u00f6sen \u00dcberzeugungen des alten \u00c4gypten und ist damit ein <strong>wesentliches Luxor-Highlight<\/strong>.<\/p>\n<p>Am Ende Ihrer Karnak-Tour gehen Sie zum Mittagessen in ein lokales Restaurant.<\/p>\n<h3><span style=\"color: #ff6600;\">Preis f\u00fcr den Tagesausflug nach Luxor ab Sahl Hasheesh<\/span><\/h3>\n<ul>\n<li>Erwachsenenpreis = 70 \u20ac<\/li>\n<li>Kinder 0-5 Jahre = kostenlos<\/li>\n<li>Kinder 5-11 Jahre = 50% des Erwachsenenpreises<\/li>\n<\/ul>\n<h3><span style=\"color: #ff6600;\">Buchung<\/span><\/h3>\n<p>Sie k\u00f6nnen Ihre Tour per WhatsApp oder E-Mail buchen und erhalten die Best\u00e4tigung sofort. Bitte senden Sie uns Ihren Hotelnamen, Zimmernummer und Kopien Ihres Reisepasses.<\/p>\n<p>WhatsApp: +201000852186<\/p>\n<p>info@egytourpackages.com<\/p>\n<h3><span style=\"color: #ff6600;\">Jetzt buchen &amp; vor Ort bezahlen<\/span><\/h3>\n<p>Buchen Sie Ihre Lieblingstour und zahlen Sie am Reisetag.<\/p>\n<h3><span style=\"color: #ff6600;\">Zahlung<\/span><\/h3>\n<p>Sie k\u00f6nnen in \u00c4gyptischen Pfund, $, \u20ac oder \u00a3 bezahlen.<\/p>\n<h3><span style=\"color: #ff6600;\">Stornierungsbedingungen<\/span><\/h3>\n<ul>\n<li>Kostenlose Stornierung bis zu 24 Stunden im Voraus<\/li>\n<li>Stornierung am Morgen betr\u00e4gt 50% des Preises<\/li>\n<\/ul>\n","protected":false},"excerpt":{"rendered":"<p>Tagesausflug nach Luxor ab Sahl Hasheesh ! Besuchen Sie das Tal der K\u00f6nige, Hatschepsut-Tempel &amp; Karnak. Gruppentour, max. 8 Personen. Buchen Sie<\/p>\n","protected":false},"featured_media":3246,"comment_status":"open","ping_status":"closed","template":"","meta":[],"product_brand":[],"product_cat":[1494],"product_tag":[1495,1516,1546],"class_list":{"0":"post-5150","1":"product","2":"type-product","3":"status-publish","4":"has-post-thumbnail","6":"product_cat-touren","7":"product_tag-agypten-tagestouren","8":"product_tag-karnak-tempel","9":"product_tag-sahl-hasheesh-ausfluge","10":"tour_category-agypten-tagestouren","11":"tour_category-luxor-touren-ab-hurghada","12":"tour_category-sahl-hasheesh-ausfluge","14":"first","15":"instock","16":"sale","17":"shipping-taxable","18":"purchasable","19":"product-type-tour","20":"has-default-attributes"},"yoast_head":"<!-- This site is optimized with the Yoast SEO Premium plugin v27.2 (Yoast SEO v27.2) - https:\/\/yoast.com\/product\/yoast-seo-premium-wordpress\/ -->\n<title>Tagesausflug nach Luxor ab Sahl Hasheesh<\/title>\n<meta name=\"description\" content=\"Tagesausflug nach Luxor ab Sahl Hasheesh ! Besuchen Sie das Tal der K\u00f6nige, Hatschepsut-Tempel &amp; Karnak. Gruppentour, max. 8 Personen. Buchen Sie\" \/>\n<meta name=\"robots\" content=\"index, follow, max-snippet:-1, max-image-preview:large, max-video-preview:-1\" \/>\n<link rel=\"canonical\" href=\"https:\/\/egytourpackages.com\/de\/touren\/tagesausflug-nach-luxor-ab-sahl-hasheesh\/\" \/>\n<meta property=\"og:locale\" content=\"de_DE\" \/>\n<meta property=\"og:type\" content=\"article\" \/>\n<meta property=\"og:title\" content=\"Tagesausflug nach Luxor ab Sahl Hasheesh\" \/>\n<meta property=\"og:description\" content=\"Tagesausflug nach Luxor ab Sahl Hasheesh ! Besuchen Sie das Tal der K\u00f6nige, Hatschepsut-Tempel &amp; Karnak. Gruppentour, max. 8 Personen. Buchen Sie\" \/>\n<meta property=\"og:url\" content=\"https:\/\/egytourpackages.com\/de\/touren\/tagesausflug-nach-luxor-ab-sahl-hasheesh\/\" \/>\n<meta property=\"og:site_name\" content=\"\u00c4gypten-Reisepakete\" \/>\n<meta property=\"article:publisher\" content=\"https:\/\/www.facebook.com\/egytourpackages\" \/>\n<meta property=\"article:modified_time\" content=\"2026-01-28T10:40:41+00:00\" \/>\n<meta property=\"og:image\" content=\"https:\/\/egytourpackages.com\/wp-content\/uploads\/2024\/06\/Medinet-Habu-Luxor-1024x768.jpg\" \/>\n<meta name=\"twitter:card\" content=\"summary_large_image\" \/>\n<meta name=\"twitter:title\" content=\"Tagesausflug nach Luxor ab Sahl Hasheesh\" \/>\n<meta name=\"twitter:label1\" content=\"Preis\" \/>\n\t<meta name=\"twitter:data1\" content=\"&euro;70\" \/>\n\t<meta name=\"twitter:label2\" content=\"Verf\u00fcgbarkeit\" \/>\n\t<meta name=\"twitter:data2\" content=\"Auf Lager\" \/>\n<script type=\"application\/ld+json\" class=\"yoast-schema-graph\">{\"@context\":\"https:\/\/schema.org\",\"@graph\":[{\"@type\":\"WebPage\",\"@id\":\"https:\/\/egytourpackages.com\/de\/touren\/tagesausflug-nach-luxor-ab-sahl-hasheesh\/\",\"url\":\"https:\/\/egytourpackages.com\/de\/touren\/tagesausflug-nach-luxor-ab-sahl-hasheesh\/\",\"name\":\"Tagesausflug nach Luxor ab Sahl Hasheesh\",\"isPartOf\":{\"@id\":\"https:\/\/egytourpackages.com\/de\/#website\"},\"primaryImageOfPage\":{\"@id\":\"https:\/\/egytourpackages.com\/de\/touren\/tagesausflug-nach-luxor-ab-sahl-hasheesh\/#primaryimage\"},\"image\":{\"@id\":\"https:\/\/egytourpackages.com\/de\/touren\/tagesausflug-nach-luxor-ab-sahl-hasheesh\/#primaryimage\"},\"thumbnailUrl\":\"https:\/\/egytourpackages.com\/wp-content\/uploads\/2024\/06\/Medinet-Habu-Luxor.jpg\",\"datePublished\":\"2024-06-23T07:56:43+00:00\",\"dateModified\":\"2026-01-28T10:40:41+00:00\",\"description\":\"Tagesausflug nach Luxor ab Sahl Hasheesh ! Besuchen Sie das Tal der K\u00f6nige, Hatschepsut-Tempel & Karnak. Gruppentour, max. 8 Personen. Buchen Sie\",\"breadcrumb\":{\"@id\":\"https:\/\/egytourpackages.com\/de\/touren\/tagesausflug-nach-luxor-ab-sahl-hasheesh\/#breadcrumb\"},\"inLanguage\":\"de\",\"potentialAction\":[{\"@type\":\"ReadAction\",\"target\":[\"https:\/\/egytourpackages.com\/de\/touren\/tagesausflug-nach-luxor-ab-sahl-hasheesh\/\"]}]},{\"@type\":\"ImageObject\",\"inLanguage\":\"de\",\"@id\":\"https:\/\/egytourpackages.com\/de\/touren\/tagesausflug-nach-luxor-ab-sahl-hasheesh\/#primaryimage\",\"url\":\"https:\/\/egytourpackages.com\/wp-content\/uploads\/2024\/06\/Medinet-Habu-Luxor.jpg\",\"contentUrl\":\"https:\/\/egytourpackages.com\/wp-content\/uploads\/2024\/06\/Medinet-Habu-Luxor.jpg\",\"width\":2000,\"height\":1500,\"caption\":\"Tagesausflug nach Luxor ab Sahl Hasheesh\"},{\"@type\":\"BreadcrumbList\",\"@id\":\"https:\/\/egytourpackages.com\/de\/touren\/tagesausflug-nach-luxor-ab-sahl-hasheesh\/#breadcrumb\",\"itemListElement\":[{\"@type\":\"ListItem\",\"position\":1,\"name\":\"Startseite\",\"item\":\"https:\/\/egytourpackages.com\/de\/\"},{\"@type\":\"ListItem\",\"position\":2,\"name\":\"Shop\",\"item\":\"https:\/\/egytourpackages.com\/de\/shop\/\"},{\"@type\":\"ListItem\",\"position\":3,\"name\":\"Tagesausflug nach Luxor ab Sahl Hasheesh\"}]},{\"@type\":\"WebSite\",\"@id\":\"https:\/\/egytourpackages.com\/de\/#website\",\"url\":\"https:\/\/egytourpackages.com\/de\/\",\"name\":\"Egy tour packages\",\"description\":\"\",\"publisher\":{\"@id\":\"https:\/\/egytourpackages.com\/de\/#organization\"},\"potentialAction\":[{\"@type\":\"SearchAction\",\"target\":{\"@type\":\"EntryPoint\",\"urlTemplate\":\"https:\/\/egytourpackages.com\/de\/?s={search_term_string}\"},\"query-input\":{\"@type\":\"PropertyValueSpecification\",\"valueRequired\":true,\"valueName\":\"search_term_string\"}}],\"inLanguage\":\"de\"},{\"@type\":[\"Organization\",\"Place\",\"TravelAgency\"],\"@id\":\"https:\/\/egytourpackages.com\/de\/#organization\",\"name\":\"egypt tour packages\",\"alternateName\":\"egypt tour packages\",\"url\":\"https:\/\/egytourpackages.com\/de\/\",\"logo\":{\"@id\":\"https:\/\/egytourpackages.com\/de\/touren\/tagesausflug-nach-luxor-ab-sahl-hasheesh\/#local-main-organization-logo\"},\"image\":{\"@id\":\"https:\/\/egytourpackages.com\/de\/touren\/tagesausflug-nach-luxor-ab-sahl-hasheesh\/#local-main-organization-logo\"},\"sameAs\":[\"https:\/\/www.facebook.com\/egytourpackages\"],\"legalName\":\"Egy tour packages\",\"address\":{\"@id\":\"https:\/\/egytourpackages.com\/de\/touren\/tagesausflug-nach-luxor-ab-sahl-hasheesh\/#local-main-place-address\"},\"telephone\":[\"00201000852186\",\"00201028685533\"],\"contactPoint\":{\"@type\":\"ContactPoint\",\"telephone\":\"00201000852186\"},\"openingHoursSpecification\":[{\"@type\":\"OpeningHoursSpecification\",\"dayOfWeek\":[\"Monday\",\"Tuesday\",\"Wednesday\",\"Thursday\",\"Friday\",\"Saturday\",\"Sunday\"],\"opens\":\"00:00\",\"closes\":\"23:59\"}],\"email\":\"info@egytourpackages.com\",\"areaServed\":\"Cairo, Hurghada, Luxor, Sharm El Sheikh, Marsa Alam, Aswan\",\"priceRange\":\"$\",\"currenciesAccepted\":\"euro\",\"paymentAccepted\":\"Payment links online\"},{\"@type\":\"PostalAddress\",\"@id\":\"https:\/\/egytourpackages.com\/de\/touren\/tagesausflug-nach-luxor-ab-sahl-hasheesh\/#local-main-place-address\",\"streetAddress\":\"Mubarak 8, Al Kawthar District, Hurghada\",\"addressLocality\":\"Hurghada\",\"postalCode\":\"84511\",\"addressRegion\":\"Red Sea\",\"addressCountry\":\"EG\"},{\"@type\":\"ImageObject\",\"inLanguage\":\"de\",\"@id\":\"https:\/\/egytourpackages.com\/de\/touren\/tagesausflug-nach-luxor-ab-sahl-hasheesh\/#local-main-organization-logo\",\"url\":\"https:\/\/egytourpackages.com\/wp-content\/uploads\/2025\/12\/Turquoise-Dahabiya-Nile-Cruise-1.jpeg\",\"contentUrl\":\"https:\/\/egytourpackages.com\/wp-content\/uploads\/2025\/12\/Turquoise-Dahabiya-Nile-Cruise-1.jpeg\",\"width\":1040,\"height\":694,\"caption\":\"egypt tour packages\"}]}<\/script>\n<meta property=\"product:brand\" content=\"\u00c4gypten Tagestouren\" \/>\n<meta property=\"product:price:amount\" content=\"70\" \/>\n<meta property=\"product:price:currency\" content=\"EUR\" \/>\n<meta property=\"og:availability\" content=\"instock\" \/>\n<meta property=\"product:availability\" content=\"instock\" \/>\n<meta property=\"product:retailer_item_id\" content=\"SHDT04\" \/>\n<meta property=\"product:condition\" content=\"new\" \/>\n<meta name=\"geo.placename\" content=\"Hurghada\" \/>\n<meta name=\"geo.region\" content=\"\u00c4gypten\" \/>\n<!-- \/ Yoast SEO Premium plugin. -->","yoast_head_json":{"title":"Tagesausflug nach Luxor ab Sahl Hasheesh","description":"Tagesausflug nach Luxor ab Sahl Hasheesh ! Besuchen Sie das Tal der K\u00f6nige, Hatschepsut-Tempel & Karnak. Gruppentour, max. 8 Personen. Buchen Sie","robots":{"index":"index","follow":"follow","max-snippet":"max-snippet:-1","max-image-preview":"max-image-preview:large","max-video-preview":"max-video-preview:-1"},"canonical":"https:\/\/egytourpackages.com\/de\/touren\/tagesausflug-nach-luxor-ab-sahl-hasheesh\/","og_locale":"de_DE","og_type":"article","og_title":"Tagesausflug nach Luxor ab Sahl Hasheesh","og_description":"Tagesausflug nach Luxor ab Sahl Hasheesh ! Besuchen Sie das Tal der K\u00f6nige, Hatschepsut-Tempel & Karnak. Gruppentour, max. 8 Personen. Buchen Sie","og_url":"https:\/\/egytourpackages.com\/de\/touren\/tagesausflug-nach-luxor-ab-sahl-hasheesh\/","og_site_name":"\u00c4gypten-Reisepakete","article_publisher":"https:\/\/www.facebook.com\/egytourpackages","article_modified_time":"2026-01-28T10:40:41+00:00","og_image":[{"url":"https:\/\/egytourpackages.com\/wp-content\/uploads\/2024\/06\/Medinet-Habu-Luxor-1024x768.jpg","type":"","width":"","height":""}],"twitter_card":"summary_large_image","twitter_title":"Tagesausflug nach Luxor ab Sahl Hasheesh","twitter_misc":{"Preis":"&euro;70","Verf\u00fcgbarkeit":"Auf Lager"},"schema":{"@context":"https:\/\/schema.org","@graph":[{"@type":"WebPage","@id":"https:\/\/egytourpackages.com\/de\/touren\/tagesausflug-nach-luxor-ab-sahl-hasheesh\/","url":"https:\/\/egytourpackages.com\/de\/touren\/tagesausflug-nach-luxor-ab-sahl-hasheesh\/","name":"Tagesausflug nach Luxor ab Sahl Hasheesh","isPartOf":{"@id":"https:\/\/egytourpackages.com\/de\/#website"},"primaryImageOfPage":{"@id":"https:\/\/egytourpackages.com\/de\/touren\/tagesausflug-nach-luxor-ab-sahl-hasheesh\/#primaryimage"},"image":{"@id":"https:\/\/egytourpackages.com\/de\/touren\/tagesausflug-nach-luxor-ab-sahl-hasheesh\/#primaryimage"},"thumbnailUrl":"https:\/\/egytourpackages.com\/wp-content\/uploads\/2024\/06\/Medinet-Habu-Luxor.jpg","datePublished":"2024-06-23T07:56:43+00:00","dateModified":"2026-01-28T10:40:41+00:00","description":"Tagesausflug nach Luxor ab Sahl Hasheesh ! Besuchen Sie das Tal der K\u00f6nige, Hatschepsut-Tempel & Karnak. Gruppentour, max. 8 Personen. Buchen Sie","breadcrumb":{"@id":"https:\/\/egytourpackages.com\/de\/touren\/tagesausflug-nach-luxor-ab-sahl-hasheesh\/#breadcrumb"},"inLanguage":"de","potentialAction":[{"@type":"ReadAction","target":["https:\/\/egytourpackages.com\/de\/touren\/tagesausflug-nach-luxor-ab-sahl-hasheesh\/"]}]},{"@type":"ImageObject","inLanguage":"de","@id":"https:\/\/egytourpackages.com\/de\/touren\/tagesausflug-nach-luxor-ab-sahl-hasheesh\/#primaryimage","url":"https:\/\/egytourpackages.com\/wp-content\/uploads\/2024\/06\/Medinet-Habu-Luxor.jpg","contentUrl":"https:\/\/egytourpackages.com\/wp-content\/uploads\/2024\/06\/Medinet-Habu-Luxor.jpg","width":2000,"height":1500,"caption":"Tagesausflug nach Luxor ab Sahl Hasheesh"},{"@type":"BreadcrumbList","@id":"https:\/\/egytourpackages.com\/de\/touren\/tagesausflug-nach-luxor-ab-sahl-hasheesh\/#breadcrumb","itemListElement":[{"@type":"ListItem","position":1,"name":"Startseite","item":"https:\/\/egytourpackages.com\/de\/"},{"@type":"ListItem","position":2,"name":"Shop","item":"https:\/\/egytourpackages.com\/de\/shop\/"},{"@type":"ListItem","position":3,"name":"Tagesausflug nach Luxor ab Sahl Hasheesh"}]},{"@type":"WebSite","@id":"https:\/\/egytourpackages.com\/de\/#website","url":"https:\/\/egytourpackages.com\/de\/","name":"Egy tour packages","description":"","publisher":{"@id":"https:\/\/egytourpackages.com\/de\/#organization"},"potentialAction":[{"@type":"SearchAction","target":{"@type":"EntryPoint","urlTemplate":"https:\/\/egytourpackages.com\/de\/?s={search_term_string}"},"query-input":{"@type":"PropertyValueSpecification","valueRequired":true,"valueName":"search_term_string"}}],"inLanguage":"de"},{"@type":["Organization","Place","TravelAgency"],"@id":"https:\/\/egytourpackages.com\/de\/#organization","name":"egypt tour packages","alternateName":"egypt tour packages","url":"https:\/\/egytourpackages.com\/de\/","logo":{"@id":"https:\/\/egytourpackages.com\/de\/touren\/tagesausflug-nach-luxor-ab-sahl-hasheesh\/#local-main-organization-logo"},"image":{"@id":"https:\/\/egytourpackages.com\/de\/touren\/tagesausflug-nach-luxor-ab-sahl-hasheesh\/#local-main-organization-logo"},"sameAs":["https:\/\/www.facebook.com\/egytourpackages"],"legalName":"Egy tour packages","address":{"@id":"https:\/\/egytourpackages.com\/de\/touren\/tagesausflug-nach-luxor-ab-sahl-hasheesh\/#local-main-place-address"},"telephone":["00201000852186","00201028685533"],"contactPoint":{"@type":"ContactPoint","telephone":"00201000852186"},"openingHoursSpecification":[{"@type":"OpeningHoursSpecification","dayOfWeek":["Monday","Tuesday","Wednesday","Thursday","Friday","Saturday","Sunday"],"opens":"00:00","closes":"23:59"}],"email":"info@egytourpackages.com","areaServed":"Cairo, Hurghada, Luxor, Sharm El Sheikh, Marsa Alam, Aswan","priceRange":"$","currenciesAccepted":"euro","paymentAccepted":"Payment links online"},{"@type":"PostalAddress","@id":"https:\/\/egytourpackages.com\/de\/touren\/tagesausflug-nach-luxor-ab-sahl-hasheesh\/#local-main-place-address","streetAddress":"Mubarak 8, Al Kawthar District, Hurghada","addressLocality":"Hurghada","postalCode":"84511","addressRegion":"Red Sea","addressCountry":"EG"},{"@type":"ImageObject","inLanguage":"de","@id":"https:\/\/egytourpackages.com\/de\/touren\/tagesausflug-nach-luxor-ab-sahl-hasheesh\/#local-main-organization-logo","url":"https:\/\/egytourpackages.com\/wp-content\/uploads\/2025\/12\/Turquoise-Dahabiya-Nile-Cruise-1.jpeg","contentUrl":"https:\/\/egytourpackages.com\/wp-content\/uploads\/2025\/12\/Turquoise-Dahabiya-Nile-Cruise-1.jpeg","width":1040,"height":694,"caption":"egypt tour packages"}]},"product_brand":"\u00c4gypten Tagestouren","product_price_amount":"70","product_price_currency":"EUR","og_availability":"instock","product_availability":"instock","product_retailer_item_id":"SHDT04","product_condition":"new","geo.placename":"Hurghada","geo.region":"\u00c4gypten"},"_links":{"self":[{"href":"https:\/\/egytourpackages.com\/de\/wp-json\/wp\/v2\/product\/5150","targetHints":{"allow":["GET"]}}],"collection":[{"href":"https:\/\/egytourpackages.com\/de\/wp-json\/wp\/v2\/product"}],"about":[{"href":"https:\/\/egytourpackages.com\/de\/wp-json\/wp\/v2\/types\/product"}],"replies":[{"embeddable":true,"href":"https:\/\/egytourpackages.com\/de\/wp-json\/wp\/v2\/comments?post=5150"}],"wp:featuredmedia":[{"embeddable":true,"href":"https:\/\/egytourpackages.com\/de\/wp-json\/wp\/v2\/media\/3246"}],"wp:attachment":[{"href":"https:\/\/egytourpackages.com\/de\/wp-json\/wp\/v2\/media?parent=5150"}],"wp:term":[{"taxonomy":"product_brand","embeddable":true,"href":"https:\/\/egytourpackages.com\/de\/wp-json\/wp\/v2\/product_brand?post=5150"},{"taxonomy":"product_cat","embeddable":true,"href":"https:\/\/egytourpackages.com\/de\/wp-json\/wp\/v2\/product_cat?post=5150"},{"taxonomy":"product_tag","embeddable":true,"href":"https:\/\/egytourpackages.com\/de\/wp-json\/wp\/v2\/product_tag?post=5150"}],"curies":[{"name":"wp","href":"https:\/\/api.w.org\/{rel}","templated":true}]}}