{"id":5162,"date":"2023-08-18T04:22:21","date_gmt":"2023-08-18T04:22:21","guid":{"rendered":"https:\/\/egytourpackages.com\/product\/private-tagestour-nach-alexandria-von-kairo\/"},"modified":"2026-01-08T12:13:04","modified_gmt":"2026-01-08T12:13:04","slug":"private-tagestour-nach-alexandria-von-kairo","status":"publish","type":"product","link":"https:\/\/egytourpackages.com\/de\/touren\/private-tagestour-nach-alexandria-von-kairo\/","title":{"rendered":"Private Tagestour nach Alexandria von Kairo"},"content":{"rendered":"<p><strong><span style=\"color: #ff6600;\">Private Tagestour nach Alexandria von Kairo<\/span><\/strong><\/p>\n<p>Begeben Sie sich auf eine unvergessliche <strong>private Tagestour nach Alexandria von Kairo<\/strong>, Ihr Tor zu <strong>\u00c4gyptens Mittelmeerjuwel<\/strong>. Dieser <strong>Ganztagesausflug<\/strong> bietet eine einzigartige Gelegenheit, die reichen <strong>historischen und kulturellen Highlights Alexandrias<\/strong> zu erkunden, einer Stadt, die ber\u00fchmt von <strong>Alexander dem Gro\u00dfen<\/strong> gegr\u00fcndet wurde. Unsere <strong>private Tour von Kairo nach Alexandria<\/strong> garantiert komfortable, klimatisierte Transfers direkt von Ihrem Hotel, w\u00e4hrend Sie von einem erfahrenen <strong>\u00c4gyptologen-Guide<\/strong> begleitet werden.<\/p>\n<h3><span style=\"color: #ff6600;\">Entdecken Sie Alexandrias ikonische Attraktionen<\/span><\/h3>\n<p>Ihr sorgf\u00e4ltig geplanter <strong>\u00c4gypten-Reiseplan<\/strong> umfasst die ber\u00fchmten <strong>Katakomben von Kom El Shoqafa<\/strong>, eine antike r\u00f6mische Begr\u00e4bnisst\u00e4tte, die <strong>pharaonische, griechische und r\u00f6mische Kunst<\/strong> meisterhaft miteinander verbindet. Als N\u00e4chstes werden Sie den <strong>Pompeius-S\u00e4ule<\/strong>, eine hoch aufragende r\u00f6mische Triumphs\u00e4ule, bestaunen. Ein H\u00f6hepunkt f\u00fcr viele ist die pr\u00e4chtige <strong>Bibliotheca Alexandrina<\/strong>, ein modernes architektonisches Meisterwerk und eine tiefgreifende Hommage an die legend\u00e4re <strong>antike Bibliothek von Alexandria<\/strong>, wo Sie ihre intellektuelle Atmosph\u00e4re voll und ganz aufnehmen k\u00f6nnen.<\/p>\n<p>Kein <strong>Alexandria-Tagesausflug<\/strong> ist wirklich vollst\u00e4ndig ohne den Besuch der <strong>Zitadelle von Qaitbay<\/strong>, einer imposanten Festung aus dem 15. Jahrhundert, die genau an der Stelle des antiken <strong>Leuchtturms von Alexandria<\/strong> (Pharos), einem der <strong>Sieben Weltwunder der Antike<\/strong>, erbaut wurde und von au\u00dfen atemberaubende Meerblicke bietet.<\/p>\n<p>Genie\u00dfen Sie ein k\u00f6stliches <strong>Mittagessen in einem lokalen Fischrestaurant<\/strong> mit Blick auf das atemberaubende Mittelmeer. Ihr fachkundiger Reisef\u00fchrer wird faszinierende Einblicke in <strong>Alexandrias bewegte Vergangenheit<\/strong> geben, von ihren <strong>hellenistischen Urspr\u00fcngen<\/strong> bis zu ihrem modernen Charme, um ein personalisiertes und wirklich bereicherndes Erlebnis auf dieser au\u00dfergew\u00f6hnlichen <strong>Kairo-Tagestour<\/strong> zu gew\u00e4hrleisten.<\/p>\n<h3><span style=\"color: #ff6600;\">Tourdetails<\/span><\/h3>\n<ul>\n<li>Dauer: 10 Stunden<\/li>\n<li>Tourort: Alexandria<\/li>\n<li>Verf\u00fcgbarkeit der Tour: T\u00e4glich<\/li>\n<li>Abholung &amp; R\u00fccktransfer: Hotels in Kairo &amp; Gizeh<\/li>\n<li>Tourtyp: Privat<\/li>\n<\/ul>\n<h3><span style=\"color: #ff6600;\">Tour-Highlights<\/span><\/h3>\n<ul>\n<li>Pompeius-S\u00e4ule<\/li>\n<li>Alexandria Serapeum<\/li>\n<li>Katakomben von Kom El Shoqafa<\/li>\n<li>Zitadelle von Qaitbay &amp; Der Pharos von Alexandria<\/li>\n<li>Bibliotheca Alexandrina<\/li>\n<\/ul>\n<h3><span style=\"color: #ff6600;\">Inklusivleistungen<\/span><\/h3>\n<ul>\n<li>Hin- und R\u00fccktransfer mit modernem, klimatisiertem Fahrzeug<\/li>\n<li>Experten-Arch\u00e4ologen-Guide<\/li>\n<li>Mittagessen<\/li>\n<li>Wasser w\u00e4hrend der Tour<\/li>\n<\/ul>\n<h3><span style=\"color: #ff6600;\">Exklusivleistungen<\/span><\/h3>\n<ul>\n<li>Trinkgelder<\/li>\n<li>Pers\u00f6nliche Ausgaben<\/li>\n<li>Eintrittsgeb\u00fchr f\u00fcr die Zitadelle<\/li>\n<\/ul>\n<h3><span style=\"color: #ff6600;\">Was Sie einpacken sollten<\/span><\/h3>\n<ul>\n<li>Sonnencreme und Sonnenbrille<\/li>\n<li>Hut oder Schal<\/li>\n<\/ul>\n<h2><span style=\"color: #ff6600;\">Reiseverlauf<\/span><\/h2>\n<p>Zur vereinbarten Zeit erwartet Sie Ihr Reiseleiter in Ihrer Hotellobby in <strong>Kairo<\/strong> oder <strong>Gizeh<\/strong>, um Ihre <strong>Kairo-Tagestouren nach Alexandria<\/strong> zu beginnen. Die Entfernung zwischen <strong>Kairo<\/strong> und <strong>Alexandria<\/strong> betr\u00e4gt etwa 300 km und die Fahrt dauert mit einer kurzen Pause etwa 4 Stunden. Bei Ihrer Ankunft beginnen Sie Ihre <strong>Alexandria-Attraktionen<\/strong> mit einem der <strong>besten Dinge, die man in Alexandria tun kann<\/strong>.<\/p>\n<h3><span style=\"color: #ff6600;\">7:00 Uhr \u2013 7:30 Uhr: Abholung vom Hotel in Kairo\/Gizeh<\/span><\/h3>\n<p>Ihr Fahrer und erfahrener <strong>\u00c4gyptologe-Guide<\/strong> holen Sie direkt von Ihrem Hotel ab und beginnen Ihren komfortablen <strong>privaten Transfer nach Alexandria<\/strong>. Die Fahrt dauert in der Regel etwa 2,5-3 Stunden und bietet malerische Ausblicke auf das <strong>\u00c4gyptische Delta<\/strong>.<\/p>\n<h3><span style=\"color: #ff6600;\">10:30 Uhr \u2013 11:30 Uhr: Pompeius-S\u00e4ule &amp; Serapeum<\/span><\/h3>\n<p>Ihr erster historischer Halt in <strong>Alexandria<\/strong> ist die beeindruckende <strong>Pompeius-S\u00e4ule<\/strong>, eine kolossale r\u00f6mische Triumphs\u00e4ule, die majest\u00e4tisch auf einem Felsvorsprung steht. Obwohl f\u00e4lschlicherweise nach <strong>Pompeius<\/strong> benannt, wurde diese hoch aufragende Granits\u00e4ule tats\u00e4chlich zu Ehren von <strong>Kaiser Diokletian<\/strong> errichtet. Sie ist das letzte verbliebene Relikt des antiken <strong>Serapeum von Alexandria<\/strong>, einem gro\u00dfen Tempelkomplex, der dem griechisch-\u00e4gyptischen <strong>Gott Serapis<\/strong> gewidmet war. Ihr Reisef\u00fchrer wird Sie durch die arch\u00e4ologische St\u00e4tte f\u00fchren und die Bedeutung des Tempels sowie die <strong>\u201eTochterbibliothek\u201c<\/strong> detailliert beschreiben, die hier einst stand, ein Ableger der <strong>Gro\u00dfen Bibliothek<\/strong>. Sie werden die umliegenden Ruinen erkunden, einschlie\u00dflich unterirdischer Galerien, die einst heilige Tierbestattungen beherbergten.<\/p>\n<h3><span style=\"color: #ff6600;\">11:45 Uhr \u2013 13:00 Uhr: Katakomben von Kom El Shoqafa<\/span><\/h3>\n<p>Begeben Sie sich in die faszinierende Unterwelt der <strong>Katakomben von Kom El Shoqafa<\/strong>, einer der gr\u00f6\u00dften r\u00f6mischen Begr\u00e4bnisst\u00e4tten in <strong>\u00c4gypten<\/strong>. Diese mehrstufige Nekropole verbindet auf einzigartige Weise alt\u00e4gyptische, griechische und r\u00f6mische Kunststile und Begr\u00e4bnissitten und schafft so ein fesselndes <strong>unterirdisches Labyrinth<\/strong>. Erkunden Sie die komplizierten Kammern, Sarkophage und das <strong>r\u00f6mische Triclinium<\/strong> (Bankettsaal f\u00fcr Trauerrituale) und gewinnen Sie Einblicke in die Bestattungspraktiken der damaligen Zeit.<\/p>\n<h2><span style=\"color: #ff6600;\">Mittagessen<\/span><\/h2>\n<h3><span style=\"color: #ff6600;\">13:15 Uhr \u2013 14:15 Uhr: Mittagessen in einem lokalen Restaurant<\/span><\/h3>\n<p>Genie\u00dfen Sie ein k\u00f6stliches <strong>Mittagessen in einem lokalen Fischrestaurant<\/strong> mit Blick auf das wundersch\u00f6ne Mittelmeer. Informieren Sie Ihren Reiseleiter auch, wenn Sie eine vegetarische Mahlzeit oder H\u00fchnchen w\u00fcnschen.<\/p>\n<h3><span style=\"color: #ff6600;\">14:30 Uhr \u2013 15:30 Uhr: Bibliotheca Alexandrina (Bibliothek von Alexandria)<\/span><\/h3>\n<p>Erleben Sie die architektonische Brillanz der modernen <strong>Bibliotheca Alexandrina<\/strong>. Diese atemberaubende moderne Bibliothek und Kulturzentrum ist eine gro\u00dfartige Hommage an die <strong>antike Bibliothek von Alexandria<\/strong>. Sie werden eine F\u00fchrung durch das weitl\u00e4ufige \u00c4u\u00dfere, das einzigartige Design und den offenen Hof genie\u00dfen, wo Statuen historischer Pers\u00f6nlichkeiten wie <strong>Alexander der Gro\u00dfe<\/strong> ausgestellt sind.<\/p>\n<h2><span style=\"color: #ff6600;\">K\u00fcstenfestung &amp; R\u00fcckkehr<\/span><\/h2>\n<h3><span style=\"color: #ff6600;\">15:45 Uhr \u2013 16:30 Uhr: Zitadelle von Qaitbay Beenden Sie<\/span><\/h3>\n<p>Ihre Tour mit einem Besuch der <strong>Zitadelle von Qaitbay<\/strong> von au\u00dfen. Diese ikonische Verteidigungsfestung aus dem 15. Jahrhundert steht stolz an der Stelle des <strong>antiken Leuchtturms von Alexandria<\/strong> (Pharos), einem der <strong>Sieben Weltwunder der Antike<\/strong>.<\/p>\n<h3><span style=\"color: #ff6600;\">16:45 Uhr: Abreise von Alexandria nach Kairo.<\/span><\/h3>\n<p>Beginnen Sie Ihren komfortablen <strong>privaten Transfer zur\u00fcck nach Kairo<\/strong>, w\u00e4hrend Sie \u00fcber die vielf\u00e4ltige Geschichte und das charmante K\u00fcstenambiente von <strong>Alexandria<\/strong> nachdenken.<\/p>\n<h3><span style=\"color: #ff6600;\">19:30 Uhr \u2013 20:00 Uhr<\/span><\/h3>\n<p>R\u00fccktransfer zum Hotel in Kairo\/Gizeh. Sie kommen wieder in Ihrem Hotel an und beenden Ihre unvergessliche <strong>private Tagestour nach Alexandria von Kairo<\/strong>, bei der Sie das Beste dieser historischen Stadt erlebt haben.<\/p>\n<h3><span style=\"color: #ff6600;\">Private Tagestour nach Alexandria von Kairo Preis<\/span><\/h3>\n<ul>\n<li>Erwachsenenpreis: 100 \u20ac<\/li>\n<li>Kinder 0-5 Jahre: Kostenlos<\/li>\n<li>Kinder 5-11 Jahre: 50 % des Erwachsenenpreises<\/li>\n<\/ul>\n<h3><span style=\"color: #ff6600;\">Buchung<\/span><\/h3>\n<p>Sie k\u00f6nnen Ihre Tour \u00fcber <strong>WhatsApp<\/strong> buchen oder uns eine E-Mail senden, und Sie erhalten die Best\u00e4tigung sofort. Bitte senden Sie uns Ihren Hotelnamen, Zimmernummer, Passkopien.<\/p>\n<p><strong>WhatsApp:<\/strong> +201000852186<\/p>\n<p><strong>E-Mail:<\/strong> info@egytourpackages.com<\/p>\n<h3><span style=\"color: #ff6600;\">Jetzt buchen &amp; vor Ort bezahlen<\/span><\/h3>\n<p>Buchen Sie Ihre Lieblingstour und bezahlen Sie am Reisetag.<\/p>\n<h3><span style=\"color: #ff6600;\">Stornierungsbedingungen<\/span><\/h3>\n<ul>\n<li>Kostenlose Stornierung bis zu 24 Stunden im Voraus<\/li>\n<li>Stornierung am Morgen: 50 % des Preises<\/li>\n<\/ul>\n","protected":false},"excerpt":{"rendered":"<p>Entdecken Sie Private Tagestour nach Alexandria von Kairo! Erkunden Sie antike Wunder, die Bibliothek und die Zitadelle. Buchen Sie Ihr \u00c4gypten-Abenteuer.<\/p>\n","protected":false},"featured_media":2927,"comment_status":"open","ping_status":"closed","template":"","meta":[],"product_brand":[],"product_cat":[1494],"product_tag":[1495,1518],"class_list":{"0":"post-5162","1":"product","2":"type-product","3":"status-publish","4":"has-post-thumbnail","6":"product_cat-touren","7":"product_tag-agypten-tagestouren","8":"product_tag-tagesausfluge-in-kairo","9":"tour_category-agypten-tagestouren","10":"tour_category-tagesausfluge-in-kairo","12":"first","13":"instock","14":"sale","15":"shipping-taxable","16":"purchasable","17":"product-type-tour","18":"has-default-attributes"},"yoast_head":"<!-- This site is optimized with the Yoast SEO Premium plugin v27.4 (Yoast SEO v27.4) - https:\/\/yoast.com\/product\/yoast-seo-premium-wordpress\/ -->\n<title>Private Tagestour nach Alexandria von Kairo | Die besten Tagestouren in Kairo<\/title>\n<meta name=\"description\" content=\"Entdecken Sie Private Tagestour nach Alexandria von Kairo! Erkunden Sie antike Wunder, die Bibliothek und die Zitadelle. Buchen Sie Ihr \u00c4gypten-Abenteuer.\" \/>\n<meta name=\"robots\" content=\"index, follow, max-snippet:-1, max-image-preview:large, max-video-preview:-1\" \/>\n<link rel=\"canonical\" href=\"https:\/\/egytourpackages.com\/de\/touren\/private-tagestour-nach-alexandria-von-kairo\/\" \/>\n<meta property=\"og:locale\" content=\"de_DE\" \/>\n<meta property=\"og:type\" content=\"article\" \/>\n<meta property=\"og:title\" content=\"Private Tagestour nach Alexandria von Kairo\" \/>\n<meta property=\"og:description\" content=\"Entdecken Sie Private Tagestour nach Alexandria von Kairo! Erkunden Sie antike Wunder, die Bibliothek und die Zitadelle. Buchen Sie Ihr \u00c4gypten-Abenteuer.\" \/>\n<meta property=\"og:url\" content=\"https:\/\/egytourpackages.com\/de\/touren\/private-tagestour-nach-alexandria-von-kairo\/\" \/>\n<meta property=\"og:site_name\" content=\"\u00c4gypten-Reisepakete\" \/>\n<meta property=\"article:publisher\" content=\"https:\/\/www.facebook.com\/egytourpackages\" \/>\n<meta property=\"article:modified_time\" content=\"2026-01-08T12:13:04+00:00\" \/>\n<meta property=\"og:image\" content=\"https:\/\/egytourpackages.com\/wp-content\/uploads\/2023\/08\/Pompey-Pillar-Alexandria-1024x682.jpg\" \/>\n<meta name=\"twitter:card\" content=\"summary_large_image\" \/>\n<meta name=\"twitter:title\" content=\"Private Tagestour nach Alexandria von Kairo\" \/>\n<meta name=\"twitter:description\" content=\"Entdecken Sie Private Tagestour nach Alexandria von Kairo! Erkunden Sie antike Wunder, die Bibliothek und die Zitadelle. Buchen Sie Ihr \u00c4gypten-Abenteuer.\" \/>\n<meta name=\"twitter:image\" content=\"https:\/\/egytourpackages.com\/wp-content\/uploads\/2023\/08\/Pompey-Pillar-Alexandria-1024x682.jpg\" \/>\n<meta name=\"twitter:label1\" content=\"Preis\" \/>\n\t<meta name=\"twitter:data1\" content=\"&euro;90\" \/>\n\t<meta name=\"twitter:label2\" content=\"Verf\u00fcgbarkeit\" \/>\n\t<meta name=\"twitter:data2\" content=\"Auf Lager\" \/>\n<script type=\"application\/ld+json\" class=\"yoast-schema-graph\">{\"@context\":\"https:\\\/\\\/schema.org\",\"@graph\":[{\"@type\":\"WebPage\",\"@id\":\"https:\\\/\\\/egytourpackages.com\\\/de\\\/touren\\\/private-tagestour-nach-alexandria-von-kairo\\\/\",\"url\":\"https:\\\/\\\/egytourpackages.com\\\/de\\\/touren\\\/private-tagestour-nach-alexandria-von-kairo\\\/\",\"name\":\"Private Tagestour nach Alexandria von Kairo | Die besten Tagestouren in Kairo\",\"isPartOf\":{\"@id\":\"https:\\\/\\\/egytourpackages.com\\\/de\\\/#website\"},\"primaryImageOfPage\":{\"@id\":\"https:\\\/\\\/egytourpackages.com\\\/de\\\/touren\\\/private-tagestour-nach-alexandria-von-kairo\\\/#primaryimage\"},\"image\":{\"@id\":\"https:\\\/\\\/egytourpackages.com\\\/de\\\/touren\\\/private-tagestour-nach-alexandria-von-kairo\\\/#primaryimage\"},\"thumbnailUrl\":\"https:\\\/\\\/egytourpackages.com\\\/wp-content\\\/uploads\\\/2023\\\/08\\\/Pompey-Pillar-Alexandria.jpg\",\"datePublished\":\"2023-08-18T04:22:21+00:00\",\"dateModified\":\"2026-01-08T12:13:04+00:00\",\"description\":\"Entdecken Sie Private Tagestour nach Alexandria von Kairo! Erkunden Sie antike Wunder, die Bibliothek und die Zitadelle. Buchen Sie Ihr \u00c4gypten-Abenteuer.\",\"breadcrumb\":{\"@id\":\"https:\\\/\\\/egytourpackages.com\\\/de\\\/touren\\\/private-tagestour-nach-alexandria-von-kairo\\\/#breadcrumb\"},\"inLanguage\":\"de\",\"potentialAction\":[{\"@type\":\"ReadAction\",\"target\":[\"https:\\\/\\\/egytourpackages.com\\\/de\\\/touren\\\/private-tagestour-nach-alexandria-von-kairo\\\/\"]}]},{\"@type\":\"ImageObject\",\"inLanguage\":\"de\",\"@id\":\"https:\\\/\\\/egytourpackages.com\\\/de\\\/touren\\\/private-tagestour-nach-alexandria-von-kairo\\\/#primaryimage\",\"url\":\"https:\\\/\\\/egytourpackages.com\\\/wp-content\\\/uploads\\\/2023\\\/08\\\/Pompey-Pillar-Alexandria.jpg\",\"contentUrl\":\"https:\\\/\\\/egytourpackages.com\\\/wp-content\\\/uploads\\\/2023\\\/08\\\/Pompey-Pillar-Alexandria.jpg\",\"width\":2000,\"height\":1333,\"caption\":\"Private Tagestour nach Alexandria von Kairo\"},{\"@type\":\"BreadcrumbList\",\"@id\":\"https:\\\/\\\/egytourpackages.com\\\/de\\\/touren\\\/private-tagestour-nach-alexandria-von-kairo\\\/#breadcrumb\",\"itemListElement\":[{\"@type\":\"ListItem\",\"position\":1,\"name\":\"Startseite\",\"item\":\"https:\\\/\\\/egytourpackages.com\\\/de\\\/\"},{\"@type\":\"ListItem\",\"position\":2,\"name\":\"Shop\",\"item\":\"https:\\\/\\\/egytourpackages.com\\\/de\\\/shop\\\/\"},{\"@type\":\"ListItem\",\"position\":3,\"name\":\"Private Tagestour nach Alexandria von Kairo\"}]},{\"@type\":\"WebSite\",\"@id\":\"https:\\\/\\\/egytourpackages.com\\\/de\\\/#website\",\"url\":\"https:\\\/\\\/egytourpackages.com\\\/de\\\/\",\"name\":\"Egy tour packages\",\"description\":\"\",\"publisher\":{\"@id\":\"https:\\\/\\\/egytourpackages.com\\\/de\\\/#organization\"},\"potentialAction\":[{\"@type\":\"SearchAction\",\"target\":{\"@type\":\"EntryPoint\",\"urlTemplate\":\"https:\\\/\\\/egytourpackages.com\\\/de\\\/?s={search_term_string}\"},\"query-input\":{\"@type\":\"PropertyValueSpecification\",\"valueRequired\":true,\"valueName\":\"search_term_string\"}}],\"inLanguage\":\"de\"},{\"@type\":[\"Organization\",\"Place\",\"TravelAgency\"],\"@id\":\"https:\\\/\\\/egytourpackages.com\\\/de\\\/#organization\",\"name\":\"egypt tour packages\",\"alternateName\":\"egypt tour packages\",\"url\":\"https:\\\/\\\/egytourpackages.com\\\/de\\\/\",\"logo\":{\"@id\":\"https:\\\/\\\/egytourpackages.com\\\/de\\\/touren\\\/private-tagestour-nach-alexandria-von-kairo\\\/#local-main-organization-logo\"},\"image\":{\"@id\":\"https:\\\/\\\/egytourpackages.com\\\/de\\\/touren\\\/private-tagestour-nach-alexandria-von-kairo\\\/#local-main-organization-logo\"},\"sameAs\":[\"https:\\\/\\\/www.facebook.com\\\/egytourpackages\"],\"legalName\":\"Egy tour packages\",\"address\":{\"@id\":\"https:\\\/\\\/egytourpackages.com\\\/de\\\/touren\\\/private-tagestour-nach-alexandria-von-kairo\\\/#local-main-place-address\"},\"telephone\":[\"00201000852186\",\"00201028685533\"],\"contactPoint\":{\"@type\":\"ContactPoint\",\"telephone\":\"00201000852186\"},\"openingHoursSpecification\":[{\"@type\":\"OpeningHoursSpecification\",\"dayOfWeek\":[\"Monday\",\"Tuesday\",\"Wednesday\",\"Thursday\",\"Friday\",\"Saturday\",\"Sunday\"],\"opens\":\"00:00\",\"closes\":\"23:59\"}],\"email\":\"info@egytourpackages.com\",\"areaServed\":\"Cairo, Hurghada, Luxor, Sharm El Sheikh, Marsa Alam, Aswan\",\"priceRange\":\"$\",\"currenciesAccepted\":\"euro\",\"paymentAccepted\":\"Payment links online\"},{\"@type\":\"PostalAddress\",\"@id\":\"https:\\\/\\\/egytourpackages.com\\\/de\\\/touren\\\/private-tagestour-nach-alexandria-von-kairo\\\/#local-main-place-address\",\"streetAddress\":\"Mubarak 8, Al Kawthar District, Hurghada\",\"addressLocality\":\"Hurghada\",\"postalCode\":\"84511\",\"addressRegion\":\"Red Sea\",\"addressCountry\":\"EG\"},{\"@type\":\"ImageObject\",\"inLanguage\":\"de\",\"@id\":\"https:\\\/\\\/egytourpackages.com\\\/de\\\/touren\\\/private-tagestour-nach-alexandria-von-kairo\\\/#local-main-organization-logo\",\"url\":\"https:\\\/\\\/egytourpackages.com\\\/wp-content\\\/uploads\\\/2025\\\/12\\\/Turquoise-Dahabiya-Nile-Cruise-1.jpeg\",\"contentUrl\":\"https:\\\/\\\/egytourpackages.com\\\/wp-content\\\/uploads\\\/2025\\\/12\\\/Turquoise-Dahabiya-Nile-Cruise-1.jpeg\",\"width\":1040,\"height\":694,\"caption\":\"egypt tour packages\"}]}<\/script>\n<meta property=\"product:brand\" content=\"\u00c4gypten Tagestouren\" \/>\n<meta property=\"product:price:amount\" content=\"90\" \/>\n<meta property=\"product:price:currency\" content=\"EUR\" \/>\n<meta property=\"og:availability\" content=\"instock\" \/>\n<meta property=\"product:availability\" content=\"instock\" \/>\n<meta property=\"product:retailer_item_id\" content=\"CDT03\" \/>\n<meta property=\"product:condition\" content=\"new\" \/>\n<meta name=\"geo.placename\" content=\"Hurghada\" \/>\n<meta name=\"geo.region\" content=\"\u00c4gypten\" \/>\n<!-- \/ Yoast SEO Premium plugin. -->","yoast_head_json":{"title":"Private Tagestour nach Alexandria von Kairo | Die besten Tagestouren in Kairo","description":"Entdecken Sie Private Tagestour nach Alexandria von Kairo! Erkunden Sie antike Wunder, die Bibliothek und die Zitadelle. Buchen Sie Ihr \u00c4gypten-Abenteuer.","robots":{"index":"index","follow":"follow","max-snippet":"max-snippet:-1","max-image-preview":"max-image-preview:large","max-video-preview":"max-video-preview:-1"},"canonical":"https:\/\/egytourpackages.com\/de\/touren\/private-tagestour-nach-alexandria-von-kairo\/","og_locale":"de_DE","og_type":"article","og_title":"Private Tagestour nach Alexandria von Kairo","og_description":"Entdecken Sie Private Tagestour nach Alexandria von Kairo! Erkunden Sie antike Wunder, die Bibliothek und die Zitadelle. Buchen Sie Ihr \u00c4gypten-Abenteuer.","og_url":"https:\/\/egytourpackages.com\/de\/touren\/private-tagestour-nach-alexandria-von-kairo\/","og_site_name":"\u00c4gypten-Reisepakete","article_publisher":"https:\/\/www.facebook.com\/egytourpackages","article_modified_time":"2026-01-08T12:13:04+00:00","og_image":[{"url":"https:\/\/egytourpackages.com\/wp-content\/uploads\/2023\/08\/Pompey-Pillar-Alexandria-1024x682.jpg","type":"","width":"","height":""}],"twitter_card":"summary_large_image","twitter_title":"Private Tagestour nach Alexandria von Kairo","twitter_description":"Entdecken Sie Private Tagestour nach Alexandria von Kairo! Erkunden Sie antike Wunder, die Bibliothek und die Zitadelle. Buchen Sie Ihr \u00c4gypten-Abenteuer.","twitter_image":"https:\/\/egytourpackages.com\/wp-content\/uploads\/2023\/08\/Pompey-Pillar-Alexandria-1024x682.jpg","twitter_misc":{"Preis":"&euro;90","Verf\u00fcgbarkeit":"Auf Lager"},"schema":{"@context":"https:\/\/schema.org","@graph":[{"@type":"WebPage","@id":"https:\/\/egytourpackages.com\/de\/touren\/private-tagestour-nach-alexandria-von-kairo\/","url":"https:\/\/egytourpackages.com\/de\/touren\/private-tagestour-nach-alexandria-von-kairo\/","name":"Private Tagestour nach Alexandria von Kairo | Die besten Tagestouren in Kairo","isPartOf":{"@id":"https:\/\/egytourpackages.com\/de\/#website"},"primaryImageOfPage":{"@id":"https:\/\/egytourpackages.com\/de\/touren\/private-tagestour-nach-alexandria-von-kairo\/#primaryimage"},"image":{"@id":"https:\/\/egytourpackages.com\/de\/touren\/private-tagestour-nach-alexandria-von-kairo\/#primaryimage"},"thumbnailUrl":"https:\/\/egytourpackages.com\/wp-content\/uploads\/2023\/08\/Pompey-Pillar-Alexandria.jpg","datePublished":"2023-08-18T04:22:21+00:00","dateModified":"2026-01-08T12:13:04+00:00","description":"Entdecken Sie Private Tagestour nach Alexandria von Kairo! Erkunden Sie antike Wunder, die Bibliothek und die Zitadelle. Buchen Sie Ihr \u00c4gypten-Abenteuer.","breadcrumb":{"@id":"https:\/\/egytourpackages.com\/de\/touren\/private-tagestour-nach-alexandria-von-kairo\/#breadcrumb"},"inLanguage":"de","potentialAction":[{"@type":"ReadAction","target":["https:\/\/egytourpackages.com\/de\/touren\/private-tagestour-nach-alexandria-von-kairo\/"]}]},{"@type":"ImageObject","inLanguage":"de","@id":"https:\/\/egytourpackages.com\/de\/touren\/private-tagestour-nach-alexandria-von-kairo\/#primaryimage","url":"https:\/\/egytourpackages.com\/wp-content\/uploads\/2023\/08\/Pompey-Pillar-Alexandria.jpg","contentUrl":"https:\/\/egytourpackages.com\/wp-content\/uploads\/2023\/08\/Pompey-Pillar-Alexandria.jpg","width":2000,"height":1333,"caption":"Private Tagestour nach Alexandria von Kairo"},{"@type":"BreadcrumbList","@id":"https:\/\/egytourpackages.com\/de\/touren\/private-tagestour-nach-alexandria-von-kairo\/#breadcrumb","itemListElement":[{"@type":"ListItem","position":1,"name":"Startseite","item":"https:\/\/egytourpackages.com\/de\/"},{"@type":"ListItem","position":2,"name":"Shop","item":"https:\/\/egytourpackages.com\/de\/shop\/"},{"@type":"ListItem","position":3,"name":"Private Tagestour nach Alexandria von Kairo"}]},{"@type":"WebSite","@id":"https:\/\/egytourpackages.com\/de\/#website","url":"https:\/\/egytourpackages.com\/de\/","name":"Egy tour packages","description":"","publisher":{"@id":"https:\/\/egytourpackages.com\/de\/#organization"},"potentialAction":[{"@type":"SearchAction","target":{"@type":"EntryPoint","urlTemplate":"https:\/\/egytourpackages.com\/de\/?s={search_term_string}"},"query-input":{"@type":"PropertyValueSpecification","valueRequired":true,"valueName":"search_term_string"}}],"inLanguage":"de"},{"@type":["Organization","Place","TravelAgency"],"@id":"https:\/\/egytourpackages.com\/de\/#organization","name":"egypt tour packages","alternateName":"egypt tour packages","url":"https:\/\/egytourpackages.com\/de\/","logo":{"@id":"https:\/\/egytourpackages.com\/de\/touren\/private-tagestour-nach-alexandria-von-kairo\/#local-main-organization-logo"},"image":{"@id":"https:\/\/egytourpackages.com\/de\/touren\/private-tagestour-nach-alexandria-von-kairo\/#local-main-organization-logo"},"sameAs":["https:\/\/www.facebook.com\/egytourpackages"],"legalName":"Egy tour packages","address":{"@id":"https:\/\/egytourpackages.com\/de\/touren\/private-tagestour-nach-alexandria-von-kairo\/#local-main-place-address"},"telephone":["00201000852186","00201028685533"],"contactPoint":{"@type":"ContactPoint","telephone":"00201000852186"},"openingHoursSpecification":[{"@type":"OpeningHoursSpecification","dayOfWeek":["Monday","Tuesday","Wednesday","Thursday","Friday","Saturday","Sunday"],"opens":"00:00","closes":"23:59"}],"email":"info@egytourpackages.com","areaServed":"Cairo, Hurghada, Luxor, Sharm El Sheikh, Marsa Alam, Aswan","priceRange":"$","currenciesAccepted":"euro","paymentAccepted":"Payment links online"},{"@type":"PostalAddress","@id":"https:\/\/egytourpackages.com\/de\/touren\/private-tagestour-nach-alexandria-von-kairo\/#local-main-place-address","streetAddress":"Mubarak 8, Al Kawthar District, Hurghada","addressLocality":"Hurghada","postalCode":"84511","addressRegion":"Red Sea","addressCountry":"EG"},{"@type":"ImageObject","inLanguage":"de","@id":"https:\/\/egytourpackages.com\/de\/touren\/private-tagestour-nach-alexandria-von-kairo\/#local-main-organization-logo","url":"https:\/\/egytourpackages.com\/wp-content\/uploads\/2025\/12\/Turquoise-Dahabiya-Nile-Cruise-1.jpeg","contentUrl":"https:\/\/egytourpackages.com\/wp-content\/uploads\/2025\/12\/Turquoise-Dahabiya-Nile-Cruise-1.jpeg","width":1040,"height":694,"caption":"egypt tour packages"}]},"product_brand":"\u00c4gypten Tagestouren","product_price_amount":"90","product_price_currency":"EUR","og_availability":"instock","product_availability":"instock","product_retailer_item_id":"CDT03","product_condition":"new","geo.placename":"Hurghada","geo.region":"\u00c4gypten"},"_links":{"self":[{"href":"https:\/\/egytourpackages.com\/de\/wp-json\/wp\/v2\/product\/5162","targetHints":{"allow":["GET"]}}],"collection":[{"href":"https:\/\/egytourpackages.com\/de\/wp-json\/wp\/v2\/product"}],"about":[{"href":"https:\/\/egytourpackages.com\/de\/wp-json\/wp\/v2\/types\/product"}],"replies":[{"embeddable":true,"href":"https:\/\/egytourpackages.com\/de\/wp-json\/wp\/v2\/comments?post=5162"}],"wp:featuredmedia":[{"embeddable":true,"href":"https:\/\/egytourpackages.com\/de\/wp-json\/wp\/v2\/media\/2927"}],"wp:attachment":[{"href":"https:\/\/egytourpackages.com\/de\/wp-json\/wp\/v2\/media?parent=5162"}],"wp:term":[{"taxonomy":"product_brand","embeddable":true,"href":"https:\/\/egytourpackages.com\/de\/wp-json\/wp\/v2\/product_brand?post=5162"},{"taxonomy":"product_cat","embeddable":true,"href":"https:\/\/egytourpackages.com\/de\/wp-json\/wp\/v2\/product_cat?post=5162"},{"taxonomy":"product_tag","embeddable":true,"href":"https:\/\/egytourpackages.com\/de\/wp-json\/wp\/v2\/product_tag?post=5162"}],"curies":[{"name":"wp","href":"https:\/\/api.w.org\/{rel}","templated":true}]}}