{"id":5246,"date":"2024-06-24T06:27:47","date_gmt":"2024-06-24T06:27:47","guid":{"rendered":"https:\/\/egytourpackages.com\/product\/tagesausflug-von-safaga-nach-luxor\/"},"modified":"2026-01-28T11:11:06","modified_gmt":"2026-01-28T11:11:06","slug":"tagesausflug-von-safaga-nach-luxor","status":"publish","type":"product","link":"https:\/\/egytourpackages.com\/de\/touren\/tagesausflug-von-safaga-nach-luxor\/","title":{"rendered":"Tagesausflug von Safaga nach Luxor"},"content":{"rendered":"<p><strong><span style=\"color: #ff6600;\">Tagesausflug von Safaga nach Luxor <\/span><\/strong><\/p>\n<p>Der <strong>Tagesausflug von Safaga nach Luxor<\/strong> ist die beste M\u00f6glichkeit, die <strong>Top-Touristenattraktionen in Luxor<\/strong> oder <strong>Theben<\/strong> mit <strong>\u00c4gypten-Touren<\/strong> zu erkunden. W\u00e4hrend der <strong>\u00c4gypten-Tagestouren<\/strong> entdecken Sie ikonische St\u00e4tten wie das <strong>Tal der K\u00f6nige<\/strong> mit der M\u00f6glichkeit, das ber\u00fchmte <strong>Tutanchamun-Grab<\/strong> zu betreten. Au\u00dferdem sehen Sie den <strong>Totentempel der Hatschepsut<\/strong>, der von ihrem Ingenieur Senmut neben dem Mentuhotep-Tempel und dem <strong>Thutmosis III.-Tempel<\/strong> in <strong>Deir El Bahari<\/strong> f\u00fcr <strong>Gott Amun<\/strong> erbaut wurde.<\/p>\n<p>Sie werden auch die ber\u00fchmten Statuen von <strong>Amenhotep III.<\/strong> besuchen, die als <strong>Memnonkolosse<\/strong> bekannt sind. Ihr erfahrener Arch\u00e4ologenf\u00fchrer wird Sie in die <strong>alt\u00e4gyptische Geschichte<\/strong> und die <strong>alt\u00e4gyptische Religion<\/strong> einf\u00fchren, um Ihre Reise lehrreich und unvergesslich zu machen. Erfahren Sie mehr \u00fcber die ber\u00fchmten <strong>\u00e4gyptischen Pharaonen<\/strong> w\u00e4hrend des <strong>Neuen Reiches<\/strong> wie <strong>Ramses der Gro\u00dfe<\/strong>, <strong>Hatschepsut<\/strong>, <strong>Merenptah<\/strong> und <strong>Amenhotep<\/strong>. W\u00e4hrenddessen k\u00f6nnen Sie den ganzen Tag lang Fotos machen, wohin Sie auch gehen, insbesondere von hieroglyphischen Reliefs an den W\u00e4nden der pharaonischen Gr\u00e4ber im <strong>Tal der K\u00f6nige<\/strong>.<\/p>\n<h3><span style=\"color: #ff6600;\">Tourdetails<\/span><\/h3>\n<ul>\n<li>Dauer: 1 Tag<\/li>\n<li>Tourort: Luxor<\/li>\n<li>Verf\u00fcgbarkeit der Tour: Auf Anfrage<\/li>\n<li>Abholung &amp; R\u00fccktransfer: Hotels in Safaga<\/li>\n<li>Tourtyp: Privat<\/li>\n<\/ul>\n<h3><span style=\"color: #ff6600;\">H\u00f6hepunkte der Tour<\/span><\/h3>\n<ul>\n<li>Tal der K\u00f6nige<\/li>\n<li>Totentempel der Hatschepsut<\/li>\n<li>Memnonkolosse<\/li>\n<li>Karnak-Tempel<\/li>\n<li>Kurze Fahrt mit dem Motorboot<\/li>\n<li>Mittagessen<\/li>\n<\/ul>\n<h3><span style=\"color: #ff6600;\">Inklusive<\/span><\/h3>\n<ul>\n<li>Hin- und R\u00fccktransfer mit modernem, neuem, klimatisiertem Fahrzeug<\/li>\n<li>Eintrittsgelder f\u00fcr alle im Programm genannten Sehensw\u00fcrdigkeiten<\/li>\n<li>Mittagessen in einem lokalen Restaurant<\/li>\n<li>Erfahrener Reisef\u00fchrer<\/li>\n<li>Wasser w\u00e4hrend der Tour<\/li>\n<\/ul>\n<h3><span style=\"color: #ff6600;\">Exklusive<\/span><\/h3>\n<ul>\n<li>Getr\u00e4nke w\u00e4hrend des Mittagessens<\/li>\n<li>Die zus\u00e4tzlichen Gr\u00e4ber im Tal der K\u00f6nige<\/li>\n<li>Trinkgeld f\u00fcr den Reisef\u00fchrer und den Fahrer<\/li>\n<\/ul>\n<h3><span style=\"color: #ff6600;\">Was Sie packen sollten<\/span><\/h3>\n<ul>\n<li>Bequeme Schuhe, da die meisten Orte sandige oder steinige Wege sind<\/li>\n<li>Sonnenbrille<\/li>\n<li>Sonnencreme<\/li>\n<li>Hut<\/li>\n<\/ul>\n<h2><span style=\"color: #ff6600;\">Reiseverlauf<\/span><\/h2>\n<p>Wir holen Sie in der Lobby Ihres Hotels in Safaga ab, um Ihren <strong>Tagesausflug von Safaga nach Luxor<\/strong> zu beginnen. Die Entfernung zwischen Safaga und Luxor betr\u00e4gt etwa 220 km und die Fahrt dauert etwa 3 Stunden. Nach Ihrer Ankunft beginnen Sie Ihre ganzt\u00e4gige Tour mit Ihrem erfahrenen F\u00fchrer zu den <strong>Sehensw\u00fcrdigkeiten von Luxor<\/strong>.<\/p>\n<h3><span style=\"color: #ff6600;\">Tal der K\u00f6nige: Reise ins Jenseits der Pharaonen<\/span><\/h3>\n<p>Das <strong>Tal der K\u00f6nige<\/strong> war die Grabst\u00e4tte der Pharaonen der 18., 19. und 20. Dynastie. Entdecken Sie alte \u00e4gyptische Bestattungsrituale, w\u00e4hrend Sie in diese bemerkenswerten in den Fels gehauenen Gr\u00e4ber eintauchen. Bewundern Sie die komplizierten Hieroglyphen und lebendigen Gem\u00e4lde, die die W\u00e4nde schm\u00fccken und heilige religi\u00f6se Texte wie das <strong>Totenbuch<\/strong>, das <strong>Buch von Tag und Nacht<\/strong> und die Szenen des <strong>J\u00fcngsten Gerichts<\/strong> illustrieren. Gewinnen Sie tiefe Einblicke in die \u00dcberzeugungen und die Reise der Pharaonen in ihrem Streben nach ewigem Leben.<\/p>\n<h3><span style=\"color: #ff6600;\">Optionale Grabbesuche (zus\u00e4tzliche Kosten)<\/span><\/h3>\n<p>F\u00fcr diejenigen, die mehr erkunden m\u00f6chten, ist der Eintritt zu ausgew\u00e4hlten Gr\u00e4bern wie <strong>Tutanchamuns Grab<\/strong>, <strong>Sethos I. Grab<\/strong> und <strong>Ramses V. Grab<\/strong> gegen Aufpreis erh\u00e4ltlich.<\/p>\n<h3><span style=\"color: #ff6600;\">Hatschepsut-Tempel: Eine Hommage an eine weibliche Pharaonin<\/span><\/h3>\n<p>Fahren Sie weiter zum pr\u00e4chtigen <strong>Tempel der Hatschepsut<\/strong>, einem atemberaubenden architektonischen Meisterwerk, eingebettet in die Klippen von <strong>Deir el-Bahari<\/strong>. Dieser Totentempel, von der m\u00e4chtigen weiblichen Pharaonin Hatschepsut selbst ausgew\u00e4hlt, ist ein Zeugnis ihrer Herrschaft und ihres g\u00f6ttlichen Rechts. Erkunden Sie die verschiedenen Terrassen und Kolonnaden und bestaunen Sie die erhaltenen Sphinxstatuen, die einst den Prozessionsweg s\u00e4umten. Entdecken Sie die wundersch\u00f6n erhaltene <strong>Hathor-Kapelle<\/strong> und die <strong>Anubis-Kapelle<\/strong>, die jeweils mit komplizierten Reliefs verziert sind, die alte Gottheiten und Rituale darstellen.<\/p>\n<p>Schlie\u00dfen Sie Ihren Besuch im <strong>Allerheiligsten<\/strong> ab, dem innersten Heiligtum des Tempels, und stellen Sie sich die heiligen Zeremonien vor, die einst in diesen geweihten Mauern stattfanden.<\/p>\n<p>Beobachten Sie die umliegende Landschaft, in der K\u00f6nige in der N\u00e4he ihrer verehrten K\u00f6nigin beigesetzt wurden, was die historische Bedeutung dieser au\u00dfergew\u00f6hnlichen St\u00e4tte erh\u00f6ht.<\/p>\n<h3><span style=\"color: #ff6600;\">Memnonkolosse<\/span><\/h3>\n<p>Die majest\u00e4tischen <strong>Memnonkolosse<\/strong> sind zwei kolossale Statuen, die den Eingang zum gro\u00dfen Totentempel des Pharaos <strong>Amenhotep III.<\/strong> bewachten, ein Tempel, der leider im Laufe der Zeit fast vollst\u00e4ndig verschwunden ist.<\/p>\n<p>Trotz des Verschwindens des Tempels selbst bleiben diese hoch aufragenden Bildnisse, die Amenhotep III. sitzend darstellen, ein m\u00e4chtiges Zeugnis f\u00fcr die Gr\u00f6\u00dfe und den Ehrgeiz der alt\u00e4gyptischen Architektur. Wenn Sie sie betrachten, stellen Sie sich den immensen Komplex vor, der sie einst umgab. Obwohl nur Fragmente \u2013 einige Stelen, verstreute B\u00fcsten und die Basis einiger S\u00e4ulen \u2013 erhalten sind, bietet die schiere Gr\u00f6\u00dfe der Kolosse einen lebhaften Einblick in den ehemaligen Glanz dieser heiligen St\u00e4tte am Westufer von Luxor.<\/p>\n<h3><span style=\"color: #ff6600;\">Kurze Motorbootfahrt: Luxor vom Nil aus<\/span><\/h3>\n<p>Erleben Sie den Zauber von Luxor aus einer einzigartigen Perspektive mit einer optionalen <strong>30-min\u00fctigen Motorbootfahrt<\/strong> auf dem majest\u00e4tischen Nil. Gleiten Sie \u00fcber das ruhige Wasser und erleben Sie, wie die ikonischen Wahrzeichen von Luxor vom Fluss aus zum Leben erwachen. H\u00f6hepunkte dieser malerischen Fahrt sind atemberaubende Ausblicke auf den beleuchteten <strong>Luxor-Tempel<\/strong> und den gro\u00dfen <strong>Winterpalast<\/strong>, neben anderen faszinierenden Sehensw\u00fcrdigkeiten entlang der Flussufer.<\/p>\n<h3><span style=\"color: #ff6600;\">Mittagessen<\/span><\/h3>\n<p>Genie\u00dfen Sie ein frisch zubereitetes Mittagessen in einem lokalen Restaurant am Nil.<\/p>\n<h3><span style=\"color: #ff6600;\">Karnak-Tempelkomplex<\/span><\/h3>\n<p>Schlie\u00dfen Sie Ihre unvergessliche Luxor-Erkundung mit einem Besuch des unvergleichlichen <strong>Karnak-Tempelkomplexes<\/strong> ab, der gr\u00f6\u00dften antiken Kultst\u00e4tte der Welt. Begleitet von Ihrem erfahrenen F\u00fchrer, lassen Sie sich von der schieren Gr\u00f6\u00dfe und den komplizierten Details dieses monumentalen Zeugnisses pharaonischer Macht und Hingabe beeindrucken.<\/p>\n<p>Schlendern Sie durch die hoch aufragenden <strong>Pylonen<\/strong>, erkunden Sie die unz\u00e4hligen <strong>Schreine<\/strong> und bestaunen Sie die atemberaubende <strong>Gro\u00dfe Hypostylhalle<\/strong> mit ihrem Wald aus kolossalen S\u00e4ulen. Entdecken Sie den ruhigen <strong>Heiligen See<\/strong>, der einst f\u00fcr rituelle Reinigungen genutzt wurde.<\/p>\n<p>Vergessen Sie nicht die Tradition, <strong>siebenmal<\/strong> um die <strong>Skarab\u00e4us-Statue<\/strong> zu gehen, damit Ihre W\u00fcnsche in Erf\u00fcllung gehen! Achten Sie auch auf die wundersch\u00f6ne <strong>Rote Kapelle<\/strong> und die <strong>Wei\u00dfe Kapelle<\/strong>, verborgene Sch\u00e4tze in diesem weitl\u00e4ufigen Komplex, die einzigartige Einblicke in die alt\u00e4gyptische Kunst und Geschichte bieten.<\/p>\n<h3><span style=\"color: #ff6600;\">Tagesausflug von Safaga nach Luxor Preis<\/span><\/h3>\n<ul>\n<li>Erwachsenenpreis = 145 \u20ac<\/li>\n<li>Kleinkinder 0-5 Jahre = kostenlos<\/li>\n<li>Kinder 5-11 Jahre = 50% des Erwachsenenpreises<\/li>\n<\/ul>\n<h3><span style=\"color: #ff6600;\">Buchung<\/span><\/h3>\n<p>Sie k\u00f6nnen Ihre Tour \u00fcber WhatsApp buchen oder uns eine E-Mail senden und erhalten die Best\u00e4tigung vor Ort.<\/p>\n<p>Bitte senden Sie uns Ihren Hotelnamen, Ihre Zimmernummer und Kopien Ihrer Reisep\u00e4sse.<\/p>\n<p>WhatsApp: +201000852186<\/p>\n<p>info@egytourpackages.com<\/p>\n<h3><span style=\"color: #ff6600;\">Stornierungsbedingungen<\/span><\/h3>\n<p>Sie k\u00f6nnen jederzeit bis zu 24 Stunden vor der Reise stornieren.<\/p>\n<h3><span style=\"color: #ff6600;\">Wichtiger Hinweis<\/span><\/h3>\n<p>Bitte beachten Sie, dass wir gem\u00e4\u00df \u00e4gyptischem Gesetz einen Tag vor der Reise die Reiseerlaubnis beantragen m\u00fcssen. Senden Sie uns daher bitte Ihre Reisepasskopien, Zimmernummer und den Namen Ihres Kreuzfahrtschiffes mindestens zwei Tage vorher.<\/p>\n","protected":false},"excerpt":{"rendered":"<p>Erleben Sie den Tagesausflug von Safaga nach Luxor! Entdecken Sie das Tal der K\u00f6nige, den Hatschepsut-Tempel &amp; mehr. Buchen Sie jetzt Ihr \u00c4gypten-Abenteuer!<\/p>\n","protected":false},"featured_media":3255,"comment_status":"open","ping_status":"closed","template":"","meta":[],"product_brand":[],"product_cat":[1494],"product_tag":[1529,1495,1744,1505],"class_list":{"0":"post-5246","1":"product","2":"type-product","3":"status-publish","4":"has-post-thumbnail","6":"product_cat-touren","7":"product_tag-agypten-pauschalreisen","8":"product_tag-agypten-tagestouren","9":"product_tag-agypten-touren","10":"product_tag-soma-bay-ausfluge","11":"tour_category-agypten-tagestouren","12":"tour_category-luxor-touren-ab-hurghada","13":"tour_category-soma-bay-ausfluge","14":"tour_category-tagesausfluge-ab-safaga","16":"first","17":"instock","18":"sale","19":"shipping-taxable","20":"purchasable","21":"product-type-tour","22":"has-default-attributes"},"yoast_head":"<!-- This site is optimized with the Yoast SEO Premium plugin v27.4 (Yoast SEO v27.4) - https:\/\/yoast.com\/product\/yoast-seo-premium-wordpress\/ -->\n<title>Tagesausflug von Safaga nach Luxor | Kostenlos buchen<\/title>\n<meta name=\"description\" content=\"Erleben Sie den Tagesausflug von Safaga nach Luxor! Entdecken Sie das Tal der K\u00f6nige, den Hatschepsut-Tempel &amp; mehr. Buchen Sie jetzt Ihr \u00c4gypten-Abenteuer!\" \/>\n<meta name=\"robots\" content=\"index, follow, max-snippet:-1, max-image-preview:large, max-video-preview:-1\" \/>\n<link rel=\"canonical\" href=\"https:\/\/egytourpackages.com\/de\/touren\/tagesausflug-von-safaga-nach-luxor\/\" \/>\n<meta property=\"og:locale\" content=\"de_DE\" \/>\n<meta property=\"og:type\" content=\"article\" \/>\n<meta property=\"og:title\" content=\"Tagesausflug von Safaga nach Luxor\" \/>\n<meta property=\"og:description\" content=\"Erleben Sie den Tagesausflug von Safaga nach Luxor! Entdecken Sie das Tal der K\u00f6nige, den Hatschepsut-Tempel &amp; mehr. Buchen Sie jetzt Ihr \u00c4gypten-Abenteuer!\" \/>\n<meta property=\"og:url\" content=\"https:\/\/egytourpackages.com\/de\/touren\/tagesausflug-von-safaga-nach-luxor\/\" \/>\n<meta property=\"og:site_name\" content=\"\u00c4gypten-Reisepakete\" \/>\n<meta property=\"article:publisher\" content=\"https:\/\/www.facebook.com\/egytourpackages\" \/>\n<meta property=\"article:modified_time\" content=\"2026-01-28T11:11:06+00:00\" \/>\n<meta property=\"og:image\" content=\"https:\/\/egytourpackages.com\/wp-content\/uploads\/2024\/06\/Valley-of-the-Kings-Luxor-1-1024x682.jpg\" \/>\n<meta name=\"twitter:card\" content=\"summary_large_image\" \/>\n<meta name=\"twitter:title\" content=\"Tagesausflug von Safaga nach Luxor\" \/>\n<meta name=\"twitter:label1\" content=\"Preis\" \/>\n\t<meta name=\"twitter:data1\" content=\"&euro;145\" \/>\n\t<meta name=\"twitter:label2\" content=\"Verf\u00fcgbarkeit\" \/>\n\t<meta name=\"twitter:data2\" content=\"Auf Lager\" \/>\n<script type=\"application\/ld+json\" class=\"yoast-schema-graph\">{\"@context\":\"https:\\\/\\\/schema.org\",\"@graph\":[{\"@type\":\"WebPage\",\"@id\":\"https:\\\/\\\/egytourpackages.com\\\/de\\\/touren\\\/tagesausflug-von-safaga-nach-luxor\\\/\",\"url\":\"https:\\\/\\\/egytourpackages.com\\\/de\\\/touren\\\/tagesausflug-von-safaga-nach-luxor\\\/\",\"name\":\"Tagesausflug von Safaga nach Luxor | Kostenlos buchen\",\"isPartOf\":{\"@id\":\"https:\\\/\\\/egytourpackages.com\\\/de\\\/#website\"},\"primaryImageOfPage\":{\"@id\":\"https:\\\/\\\/egytourpackages.com\\\/de\\\/touren\\\/tagesausflug-von-safaga-nach-luxor\\\/#primaryimage\"},\"image\":{\"@id\":\"https:\\\/\\\/egytourpackages.com\\\/de\\\/touren\\\/tagesausflug-von-safaga-nach-luxor\\\/#primaryimage\"},\"thumbnailUrl\":\"https:\\\/\\\/egytourpackages.com\\\/wp-content\\\/uploads\\\/2024\\\/06\\\/Valley-of-the-Kings-Luxor-1.jpg\",\"datePublished\":\"2024-06-24T06:27:47+00:00\",\"dateModified\":\"2026-01-28T11:11:06+00:00\",\"description\":\"Erleben Sie den Tagesausflug von Safaga nach Luxor! Entdecken Sie das Tal der K\u00f6nige, den Hatschepsut-Tempel & mehr. Buchen Sie jetzt Ihr \u00c4gypten-Abenteuer!\",\"breadcrumb\":{\"@id\":\"https:\\\/\\\/egytourpackages.com\\\/de\\\/touren\\\/tagesausflug-von-safaga-nach-luxor\\\/#breadcrumb\"},\"inLanguage\":\"de\",\"potentialAction\":[{\"@type\":\"ReadAction\",\"target\":[\"https:\\\/\\\/egytourpackages.com\\\/de\\\/touren\\\/tagesausflug-von-safaga-nach-luxor\\\/\"]}]},{\"@type\":\"ImageObject\",\"inLanguage\":\"de\",\"@id\":\"https:\\\/\\\/egytourpackages.com\\\/de\\\/touren\\\/tagesausflug-von-safaga-nach-luxor\\\/#primaryimage\",\"url\":\"https:\\\/\\\/egytourpackages.com\\\/wp-content\\\/uploads\\\/2024\\\/06\\\/Valley-of-the-Kings-Luxor-1.jpg\",\"contentUrl\":\"https:\\\/\\\/egytourpackages.com\\\/wp-content\\\/uploads\\\/2024\\\/06\\\/Valley-of-the-Kings-Luxor-1.jpg\",\"width\":2000,\"height\":1333,\"caption\":\"Tagesausflug von Safaga nach Luxor\"},{\"@type\":\"BreadcrumbList\",\"@id\":\"https:\\\/\\\/egytourpackages.com\\\/de\\\/touren\\\/tagesausflug-von-safaga-nach-luxor\\\/#breadcrumb\",\"itemListElement\":[{\"@type\":\"ListItem\",\"position\":1,\"name\":\"Startseite\",\"item\":\"https:\\\/\\\/egytourpackages.com\\\/de\\\/\"},{\"@type\":\"ListItem\",\"position\":2,\"name\":\"Shop\",\"item\":\"https:\\\/\\\/egytourpackages.com\\\/de\\\/shop\\\/\"},{\"@type\":\"ListItem\",\"position\":3,\"name\":\"Tagesausflug von Safaga nach Luxor\"}]},{\"@type\":\"WebSite\",\"@id\":\"https:\\\/\\\/egytourpackages.com\\\/de\\\/#website\",\"url\":\"https:\\\/\\\/egytourpackages.com\\\/de\\\/\",\"name\":\"Egy tour packages\",\"description\":\"\",\"publisher\":{\"@id\":\"https:\\\/\\\/egytourpackages.com\\\/de\\\/#organization\"},\"potentialAction\":[{\"@type\":\"SearchAction\",\"target\":{\"@type\":\"EntryPoint\",\"urlTemplate\":\"https:\\\/\\\/egytourpackages.com\\\/de\\\/?s={search_term_string}\"},\"query-input\":{\"@type\":\"PropertyValueSpecification\",\"valueRequired\":true,\"valueName\":\"search_term_string\"}}],\"inLanguage\":\"de\"},{\"@type\":[\"Organization\",\"Place\",\"TravelAgency\"],\"@id\":\"https:\\\/\\\/egytourpackages.com\\\/de\\\/#organization\",\"name\":\"egypt tour packages\",\"alternateName\":\"egypt tour packages\",\"url\":\"https:\\\/\\\/egytourpackages.com\\\/de\\\/\",\"logo\":{\"@id\":\"https:\\\/\\\/egytourpackages.com\\\/de\\\/touren\\\/tagesausflug-von-safaga-nach-luxor\\\/#local-main-organization-logo\"},\"image\":{\"@id\":\"https:\\\/\\\/egytourpackages.com\\\/de\\\/touren\\\/tagesausflug-von-safaga-nach-luxor\\\/#local-main-organization-logo\"},\"sameAs\":[\"https:\\\/\\\/www.facebook.com\\\/egytourpackages\"],\"legalName\":\"Egy tour packages\",\"address\":{\"@id\":\"https:\\\/\\\/egytourpackages.com\\\/de\\\/touren\\\/tagesausflug-von-safaga-nach-luxor\\\/#local-main-place-address\"},\"telephone\":[\"00201000852186\",\"00201028685533\"],\"contactPoint\":{\"@type\":\"ContactPoint\",\"telephone\":\"00201000852186\"},\"openingHoursSpecification\":[{\"@type\":\"OpeningHoursSpecification\",\"dayOfWeek\":[\"Monday\",\"Tuesday\",\"Wednesday\",\"Thursday\",\"Friday\",\"Saturday\",\"Sunday\"],\"opens\":\"00:00\",\"closes\":\"23:59\"}],\"email\":\"info@egytourpackages.com\",\"areaServed\":\"Cairo, Hurghada, Luxor, Sharm El Sheikh, Marsa Alam, Aswan\",\"priceRange\":\"$\",\"currenciesAccepted\":\"euro\",\"paymentAccepted\":\"Payment links online\"},{\"@type\":\"PostalAddress\",\"@id\":\"https:\\\/\\\/egytourpackages.com\\\/de\\\/touren\\\/tagesausflug-von-safaga-nach-luxor\\\/#local-main-place-address\",\"streetAddress\":\"Mubarak 8, Al Kawthar District, Hurghada\",\"addressLocality\":\"Hurghada\",\"postalCode\":\"84511\",\"addressRegion\":\"Red Sea\",\"addressCountry\":\"EG\"},{\"@type\":\"ImageObject\",\"inLanguage\":\"de\",\"@id\":\"https:\\\/\\\/egytourpackages.com\\\/de\\\/touren\\\/tagesausflug-von-safaga-nach-luxor\\\/#local-main-organization-logo\",\"url\":\"https:\\\/\\\/egytourpackages.com\\\/wp-content\\\/uploads\\\/2025\\\/12\\\/Turquoise-Dahabiya-Nile-Cruise-1.jpeg\",\"contentUrl\":\"https:\\\/\\\/egytourpackages.com\\\/wp-content\\\/uploads\\\/2025\\\/12\\\/Turquoise-Dahabiya-Nile-Cruise-1.jpeg\",\"width\":1040,\"height\":694,\"caption\":\"egypt tour packages\"}]}<\/script>\n<meta property=\"product:brand\" content=\"\u00c4gypten Tagestouren\" \/>\n<meta property=\"product:price:amount\" content=\"145\" \/>\n<meta property=\"product:price:currency\" content=\"EUR\" \/>\n<meta property=\"og:availability\" content=\"instock\" \/>\n<meta property=\"product:availability\" content=\"instock\" \/>\n<meta property=\"product:retailer_item_id\" content=\"SDT02\" \/>\n<meta property=\"product:condition\" content=\"new\" \/>\n<meta name=\"geo.placename\" content=\"Hurghada\" \/>\n<meta name=\"geo.region\" content=\"\u00c4gypten\" \/>\n<!-- \/ Yoast SEO Premium plugin. -->","yoast_head_json":{"title":"Tagesausflug von Safaga nach Luxor | Kostenlos buchen","description":"Erleben Sie den Tagesausflug von Safaga nach Luxor! Entdecken Sie das Tal der K\u00f6nige, den Hatschepsut-Tempel & mehr. Buchen Sie jetzt Ihr \u00c4gypten-Abenteuer!","robots":{"index":"index","follow":"follow","max-snippet":"max-snippet:-1","max-image-preview":"max-image-preview:large","max-video-preview":"max-video-preview:-1"},"canonical":"https:\/\/egytourpackages.com\/de\/touren\/tagesausflug-von-safaga-nach-luxor\/","og_locale":"de_DE","og_type":"article","og_title":"Tagesausflug von Safaga nach Luxor","og_description":"Erleben Sie den Tagesausflug von Safaga nach Luxor! Entdecken Sie das Tal der K\u00f6nige, den Hatschepsut-Tempel & mehr. Buchen Sie jetzt Ihr \u00c4gypten-Abenteuer!","og_url":"https:\/\/egytourpackages.com\/de\/touren\/tagesausflug-von-safaga-nach-luxor\/","og_site_name":"\u00c4gypten-Reisepakete","article_publisher":"https:\/\/www.facebook.com\/egytourpackages","article_modified_time":"2026-01-28T11:11:06+00:00","og_image":[{"url":"https:\/\/egytourpackages.com\/wp-content\/uploads\/2024\/06\/Valley-of-the-Kings-Luxor-1-1024x682.jpg","type":"","width":"","height":""}],"twitter_card":"summary_large_image","twitter_title":"Tagesausflug von Safaga nach Luxor","twitter_misc":{"Preis":"&euro;145","Verf\u00fcgbarkeit":"Auf Lager"},"schema":{"@context":"https:\/\/schema.org","@graph":[{"@type":"WebPage","@id":"https:\/\/egytourpackages.com\/de\/touren\/tagesausflug-von-safaga-nach-luxor\/","url":"https:\/\/egytourpackages.com\/de\/touren\/tagesausflug-von-safaga-nach-luxor\/","name":"Tagesausflug von Safaga nach Luxor | Kostenlos buchen","isPartOf":{"@id":"https:\/\/egytourpackages.com\/de\/#website"},"primaryImageOfPage":{"@id":"https:\/\/egytourpackages.com\/de\/touren\/tagesausflug-von-safaga-nach-luxor\/#primaryimage"},"image":{"@id":"https:\/\/egytourpackages.com\/de\/touren\/tagesausflug-von-safaga-nach-luxor\/#primaryimage"},"thumbnailUrl":"https:\/\/egytourpackages.com\/wp-content\/uploads\/2024\/06\/Valley-of-the-Kings-Luxor-1.jpg","datePublished":"2024-06-24T06:27:47+00:00","dateModified":"2026-01-28T11:11:06+00:00","description":"Erleben Sie den Tagesausflug von Safaga nach Luxor! Entdecken Sie das Tal der K\u00f6nige, den Hatschepsut-Tempel & mehr. Buchen Sie jetzt Ihr \u00c4gypten-Abenteuer!","breadcrumb":{"@id":"https:\/\/egytourpackages.com\/de\/touren\/tagesausflug-von-safaga-nach-luxor\/#breadcrumb"},"inLanguage":"de","potentialAction":[{"@type":"ReadAction","target":["https:\/\/egytourpackages.com\/de\/touren\/tagesausflug-von-safaga-nach-luxor\/"]}]},{"@type":"ImageObject","inLanguage":"de","@id":"https:\/\/egytourpackages.com\/de\/touren\/tagesausflug-von-safaga-nach-luxor\/#primaryimage","url":"https:\/\/egytourpackages.com\/wp-content\/uploads\/2024\/06\/Valley-of-the-Kings-Luxor-1.jpg","contentUrl":"https:\/\/egytourpackages.com\/wp-content\/uploads\/2024\/06\/Valley-of-the-Kings-Luxor-1.jpg","width":2000,"height":1333,"caption":"Tagesausflug von Safaga nach Luxor"},{"@type":"BreadcrumbList","@id":"https:\/\/egytourpackages.com\/de\/touren\/tagesausflug-von-safaga-nach-luxor\/#breadcrumb","itemListElement":[{"@type":"ListItem","position":1,"name":"Startseite","item":"https:\/\/egytourpackages.com\/de\/"},{"@type":"ListItem","position":2,"name":"Shop","item":"https:\/\/egytourpackages.com\/de\/shop\/"},{"@type":"ListItem","position":3,"name":"Tagesausflug von Safaga nach Luxor"}]},{"@type":"WebSite","@id":"https:\/\/egytourpackages.com\/de\/#website","url":"https:\/\/egytourpackages.com\/de\/","name":"Egy tour packages","description":"","publisher":{"@id":"https:\/\/egytourpackages.com\/de\/#organization"},"potentialAction":[{"@type":"SearchAction","target":{"@type":"EntryPoint","urlTemplate":"https:\/\/egytourpackages.com\/de\/?s={search_term_string}"},"query-input":{"@type":"PropertyValueSpecification","valueRequired":true,"valueName":"search_term_string"}}],"inLanguage":"de"},{"@type":["Organization","Place","TravelAgency"],"@id":"https:\/\/egytourpackages.com\/de\/#organization","name":"egypt tour packages","alternateName":"egypt tour packages","url":"https:\/\/egytourpackages.com\/de\/","logo":{"@id":"https:\/\/egytourpackages.com\/de\/touren\/tagesausflug-von-safaga-nach-luxor\/#local-main-organization-logo"},"image":{"@id":"https:\/\/egytourpackages.com\/de\/touren\/tagesausflug-von-safaga-nach-luxor\/#local-main-organization-logo"},"sameAs":["https:\/\/www.facebook.com\/egytourpackages"],"legalName":"Egy tour packages","address":{"@id":"https:\/\/egytourpackages.com\/de\/touren\/tagesausflug-von-safaga-nach-luxor\/#local-main-place-address"},"telephone":["00201000852186","00201028685533"],"contactPoint":{"@type":"ContactPoint","telephone":"00201000852186"},"openingHoursSpecification":[{"@type":"OpeningHoursSpecification","dayOfWeek":["Monday","Tuesday","Wednesday","Thursday","Friday","Saturday","Sunday"],"opens":"00:00","closes":"23:59"}],"email":"info@egytourpackages.com","areaServed":"Cairo, Hurghada, Luxor, Sharm El Sheikh, Marsa Alam, Aswan","priceRange":"$","currenciesAccepted":"euro","paymentAccepted":"Payment links online"},{"@type":"PostalAddress","@id":"https:\/\/egytourpackages.com\/de\/touren\/tagesausflug-von-safaga-nach-luxor\/#local-main-place-address","streetAddress":"Mubarak 8, Al Kawthar District, Hurghada","addressLocality":"Hurghada","postalCode":"84511","addressRegion":"Red Sea","addressCountry":"EG"},{"@type":"ImageObject","inLanguage":"de","@id":"https:\/\/egytourpackages.com\/de\/touren\/tagesausflug-von-safaga-nach-luxor\/#local-main-organization-logo","url":"https:\/\/egytourpackages.com\/wp-content\/uploads\/2025\/12\/Turquoise-Dahabiya-Nile-Cruise-1.jpeg","contentUrl":"https:\/\/egytourpackages.com\/wp-content\/uploads\/2025\/12\/Turquoise-Dahabiya-Nile-Cruise-1.jpeg","width":1040,"height":694,"caption":"egypt tour packages"}]},"product_brand":"\u00c4gypten Tagestouren","product_price_amount":"145","product_price_currency":"EUR","og_availability":"instock","product_availability":"instock","product_retailer_item_id":"SDT02","product_condition":"new","geo.placename":"Hurghada","geo.region":"\u00c4gypten"},"_links":{"self":[{"href":"https:\/\/egytourpackages.com\/de\/wp-json\/wp\/v2\/product\/5246","targetHints":{"allow":["GET"]}}],"collection":[{"href":"https:\/\/egytourpackages.com\/de\/wp-json\/wp\/v2\/product"}],"about":[{"href":"https:\/\/egytourpackages.com\/de\/wp-json\/wp\/v2\/types\/product"}],"replies":[{"embeddable":true,"href":"https:\/\/egytourpackages.com\/de\/wp-json\/wp\/v2\/comments?post=5246"}],"wp:featuredmedia":[{"embeddable":true,"href":"https:\/\/egytourpackages.com\/de\/wp-json\/wp\/v2\/media\/3255"}],"wp:attachment":[{"href":"https:\/\/egytourpackages.com\/de\/wp-json\/wp\/v2\/media?parent=5246"}],"wp:term":[{"taxonomy":"product_brand","embeddable":true,"href":"https:\/\/egytourpackages.com\/de\/wp-json\/wp\/v2\/product_brand?post=5246"},{"taxonomy":"product_cat","embeddable":true,"href":"https:\/\/egytourpackages.com\/de\/wp-json\/wp\/v2\/product_cat?post=5246"},{"taxonomy":"product_tag","embeddable":true,"href":"https:\/\/egytourpackages.com\/de\/wp-json\/wp\/v2\/product_tag?post=5246"}],"curies":[{"name":"wp","href":"https:\/\/api.w.org\/{rel}","templated":true}]}}