{"id":5249,"date":"2024-06-23T23:59:46","date_gmt":"2024-06-23T23:59:46","guid":{"rendered":"https:\/\/egytourpackages.com\/product\/ausfluege-nach-luxor-ab-soma-bay\/"},"modified":"2026-01-28T10:50:37","modified_gmt":"2026-01-28T10:50:37","slug":"ausfluege-nach-luxor-ab-soma-bay","status":"publish","type":"product","link":"https:\/\/egytourpackages.com\/de\/touren\/ausfluege-nach-luxor-ab-soma-bay\/","title":{"rendered":"Ausfl\u00fcge nach Luxor ab Soma Bay"},"content":{"rendered":"<p><strong><span style=\"color: #ff6600;\">Ausfl\u00fcge nach Luxor ab Soma Bay<\/span><\/strong><\/p>\n<p>Erleben Sie <strong>Luxor<\/strong> ganz nach Ihren W\u00fcnschen mit unserem exklusiven <strong>privaten Tagesausflug von Soma Bay<\/strong>! Diese flexible Tour erm\u00f6glicht es Ihnen, <strong>Ihre vier bevorzugten Besichtigungsziele in Luxor<\/strong> selbst zu w\u00e4hlen und Ihr historisches Abenteuer genau auf Ihre Interessen abzustimmen.<\/p>\n<p><strong>Privatfahrzeug &amp; Reisegenehmigung<\/strong><\/p>\n<p>Genie\u00dfen Sie einen komfortablen und direkten <strong>Transfer von Soma Bay nach Luxor<\/strong> in einem Privatfahrzeug, einschlie\u00dflich aller notwendigen Reisegenehmigungen. Dieser Service kostet <strong>130 $ pro Fahrzeug f\u00fcr bis zu 3 Personen<\/strong> und bietet ein ausgezeichnetes Preis-Leistungs-Verh\u00e4ltnis f\u00fcr kleine Gruppen.<\/p>\n<p><strong>Volle Flexibilit\u00e4t<\/strong><\/p>\n<p>Sie entscheiden, welche vier St\u00e4tten Sie besuchen und wie lange Sie an jeder verbringen m\u00f6chten. Sie zahlen nur die Eintrittsgelder f\u00fcr die von Ihnen gew\u00e4hlten Attraktionen.<\/p>\n<p><strong>Verbessern Sie Ihr Erlebnis (Optional, gegen Aufpreis)<\/strong><\/p>\n<p><strong>Experten-\u00c4gyptologe als Reisef\u00fchrer<\/strong><\/p>\n<p>F\u00fcr ein tieferes Verst\u00e4ndnis der reichen Geschichte und unglaublichen Monumente Luxors k\u00f6nnen wir einen qualifizierten <strong>\u00c4gyptologen als Reisef\u00fchrer<\/strong> arrangieren, der Sie w\u00e4hrend Ihrer gew\u00e4hlten Reiseroute begleitet.<\/p>\n<p>Gestalten Sie Ihren perfekten <strong>Luxor Tagesausflug<\/strong> und konzentrieren Sie sich auf die Wunder, die Sie am meisten faszinieren!<\/p>\n<h3><span style=\"color: #ff6600;\">Tourdetails<\/span><\/h3>\n<ul>\n<li>Dauer: 14 Stunden<\/li>\n<li>Tourort: Luxor<\/li>\n<li>Tourverf\u00fcgbarkeit: T\u00e4glich<\/li>\n<li>Abholung &amp; R\u00fccktransfer: Ihr Hotel in Soma Bay<\/li>\n<li>Tourtyp: Privat<\/li>\n<li>Rollstuhlgerecht: Zug\u00e4nglich<\/li>\n<\/ul>\n<h3><span style=\"color: #ff6600;\">Inklusive<\/span><\/h3>\n<ul>\n<li>Privater Hin- und R\u00fccktransfer mit neuem Fahrzeug<\/li>\n<li>Mittagessen in einem lokalen Restaurant<\/li>\n<\/ul>\n<h3><span style=\"color: #ff6600;\">Exklusive<\/span><\/h3>\n<ul>\n<li>Getr\u00e4nke w\u00e4hrend des Mittagessens<\/li>\n<li>Eintrittsgelder zu den besuchten St\u00e4tten<\/li>\n<li>Optionaler 30-min\u00fctiger Motorboot-Tour (10 \u20ac in bar vor Ort zu zahlen)<\/li>\n<li>\u00c4gyptologe als Reisef\u00fchrer bei Bedarf<\/li>\n<li>Trinkgeld<\/li>\n<\/ul>\n<h3><span style=\"color: #ff6600;\">Was Sie mitnehmen sollten<\/span><\/h3>\n<ul>\n<li>Hut, Sonnenbrille &amp; Sonnencreme<\/li>\n<li>Bequeme Schuhe und Kleidung<\/li>\n<li>Kleingeld f\u00fcr die Toilette<\/li>\n<\/ul>\n<h2><span style=\"color: #ff6600;\">Reiseverlauf<\/span><\/h2>\n<p><span style=\"color: #ff6600;\"><strong>05:00 Uhr Hotelabholung<\/strong> <\/span><\/p>\n<p>Wir holen Sie in der Lobby Ihres Hotels ab, um Ihren <strong>Luxor Sehensw\u00fcrdigkeiten-Tour von Soma Bay<\/strong> zu beginnen.<\/p>\n<p><span style=\"color: #ff6600;\"><strong>Kurze Pause<\/strong> <\/span><\/p>\n<p>Gegen 07:00 Uhr genie\u00dfen Sie eine 20-min\u00fctige Kaffeepause in einer gem\u00fctlichen Lounge, um die Toilette zu benutzen (20 L.E. pro Person), Ihr Fr\u00fchst\u00fcck einzunehmen und ein Getr\u00e4nk zu genie\u00dfen.<\/p>\n<h3><span style=\"color: #ff6600;\">Luxor Attraktionen am Ostufer <\/span><\/h3>\n<p>Ihre Tour beinhaltet 4 Besichtigungen am Ost- und Westufer des Nils in Luxor. Sie k\u00f6nnen zwischen den folgenden Attraktionen w\u00e4hlen, was immer Sie m\u00f6chten:<\/p>\n<ul>\n<li><strong>Karnak-Tempelkomplex am Ostufer von Luxor<\/strong><\/li>\n<li><strong>Luxor-Tempel am Ostufer von Luxor<\/strong><\/li>\n<\/ul>\n<h3><span style=\"color: #ff6600;\">Luxor Attraktionen am Westufer<\/span><\/h3>\n<ul>\n<li><strong>Memnon-Kolosse<\/strong><\/li>\n<li><strong>Hatschepsut-Tempel<\/strong><\/li>\n<li><strong>Medinet Habu<\/strong><\/li>\n<li><strong>Tal der Noblen<\/strong><\/li>\n<li><strong>Tal der K\u00f6niginnen<\/strong><\/li>\n<li><strong>Ramesseum<\/strong><\/li>\n<li><strong>Deir El Medina<\/strong><\/li>\n<li><strong>Tal der K\u00f6nige<\/strong><\/li>\n<\/ul>\n<p>Tats\u00e4chlich ist eine der besten <strong>Aktivit\u00e4ten in \u00c4gypten<\/strong> der Besuch des <strong>Tals der K\u00f6nige<\/strong> mit seinen erstaunlichen 62 Gr\u00e4bern. Mit Ihrer Eintrittskarte k\u00f6nnen Sie 3 Gr\u00e4ber besuchen und kostenlos Fotos im Inneren machen. Diese drei Gr\u00e4ber k\u00f6nnten 3 der folgenden Gr\u00e4ber sein:<\/p>\n<ul>\n<li><strong>(KV 02) Ramses IV.<\/strong><\/li>\n<li><strong>Grab von Ramses III. (KV 11)<\/strong><\/li>\n<li><strong>Grab von Ramses IX. KV 6<\/strong><\/li>\n<li><strong>Merenptah-Grab (KV 8)<\/strong><\/li>\n<li><strong>Das Grab von Tausert und Setnakht (KV 14)<\/strong><\/li>\n<li><strong>Das Grab von Ramses I. ist KV16<\/strong><\/li>\n<\/ul>\n<p>Sobald Sie Ihre vier Orte am Ostufer, Westufer oder beides besucht haben, f\u00e4hrt Sie Ihr Fahrer zur\u00fcck zu Ihrem Hotel in Soma Bay.<\/p>\n<h3><span style=\"color: #ff6600;\">Ausfl\u00fcge nach Luxor ab Soma Bay Preis<\/span><\/h3>\n<ul>\n<li>Erwachsenenpreis = 150 \u20ac<\/li>\n<li>Kleinkinder 0-5 Jahre = kostenlos<\/li>\n<li>Kinder 5-11 Jahre = 50% des Erwachsenenpreises<\/li>\n<\/ul>\n<p>(maximal 3 Personen)<\/p>\n<h3><span style=\"color: #ff6600;\">Buchung<\/span><\/h3>\n<ul>\n<li>Sie k\u00f6nnen Ihre Tour \u00fcber WhatsApp buchen oder uns eine E-Mail senden und Sie erhalten die Best\u00e4tigung vor Ort.<\/li>\n<li>Bitte senden Sie uns Ihren Hotelnamen, die Zimmernummer und Kopien Ihrer Reisep\u00e4sse.<\/li>\n<\/ul>\n<p>WhatsApp: +201000852186<\/p>\n<p>info@egytourpackages.com<\/p>\n<h3><span style=\"color: #ff6600;\">Jetzt buchen &amp; vor Ort bezahlen<\/span><\/h3>\n<p>Buchen Sie Ihre Lieblingstour und bezahlen Sie am Reisetag.<\/p>\n<h3><span style=\"color: #ff6600;\">Zahlung<\/span><\/h3>\n<p>Sie k\u00f6nnen in \u00e4gyptischen Pfund, $, \u20ac oder \u00a3 bezahlen.<\/p>\n<h3><span style=\"color: #ff6600;\">Stornierungsbedingungen<\/span><\/h3>\n<ul>\n<li>Kostenlose Stornierung bis zu 24 Stunden im Voraus<\/li>\n<li>Morgenstornierung betr\u00e4gt 50 % des Preises<\/li>\n<\/ul>\n","protected":false},"excerpt":{"rendered":"<p>Ausfl\u00fcge nach Luxor ab Soma Bay: Entdecken Sie privat das Tal der K\u00f6nige, Karnak &amp; mehr. Ihr individuelles \u00c4gypten-Abenteuer wartet!<\/p>\n","protected":false},"featured_media":3249,"comment_status":"open","ping_status":"closed","template":"","meta":[],"product_brand":[],"product_cat":[1494],"product_tag":[1516,1505],"class_list":{"0":"post-5249","1":"product","2":"type-product","3":"status-publish","4":"has-post-thumbnail","6":"product_cat-touren","7":"product_tag-karnak-tempel","8":"product_tag-soma-bay-ausfluge","9":"tour_category-agypten-tagestouren","10":"tour_category-luxor-touren-ab-hurghada","11":"tour_category-soma-bay-ausfluge","13":"first","14":"instock","15":"sale","16":"shipping-taxable","17":"purchasable","18":"product-type-tour","19":"has-default-attributes"},"yoast_head":"<!-- This site is optimized with the Yoast SEO Premium plugin v27.4 (Yoast SEO v27.4) - https:\/\/yoast.com\/product\/yoast-seo-premium-wordpress\/ -->\n<title>Ausfl\u00fcge nach Luxor ab Soma Bay | Privatreise Luxor<\/title>\n<meta name=\"description\" content=\"Ausfl\u00fcge nach Luxor ab Soma Bay: Entdecken Sie privat das Tal der K\u00f6nige, Karnak &amp; mehr. Ihr individuelles \u00c4gypten-Abenteuer wartet!\" \/>\n<meta name=\"robots\" content=\"index, follow, max-snippet:-1, max-image-preview:large, max-video-preview:-1\" \/>\n<link rel=\"canonical\" href=\"https:\/\/egytourpackages.com\/de\/touren\/ausfluege-nach-luxor-ab-soma-bay\/\" \/>\n<meta property=\"og:locale\" content=\"de_DE\" \/>\n<meta property=\"og:type\" content=\"article\" \/>\n<meta property=\"og:title\" content=\"Ausfl\u00fcge nach Luxor ab Soma Bay\" \/>\n<meta property=\"og:description\" content=\"Ausfl\u00fcge nach Luxor ab Soma Bay: Entdecken Sie privat das Tal der K\u00f6nige, Karnak &amp; mehr. Ihr individuelles \u00c4gypten-Abenteuer wartet!\" \/>\n<meta property=\"og:url\" content=\"https:\/\/egytourpackages.com\/de\/touren\/ausfluege-nach-luxor-ab-soma-bay\/\" \/>\n<meta property=\"og:site_name\" content=\"\u00c4gypten-Reisepakete\" \/>\n<meta property=\"article:publisher\" content=\"https:\/\/www.facebook.com\/egytourpackages\" \/>\n<meta property=\"article:modified_time\" content=\"2026-01-28T10:50:37+00:00\" \/>\n<meta property=\"og:image\" content=\"https:\/\/egytourpackages.com\/wp-content\/uploads\/2024\/06\/Karnak-temple-Luxor-1024x682.jpg\" \/>\n<meta name=\"twitter:card\" content=\"summary_large_image\" \/>\n<meta name=\"twitter:title\" content=\"Ausfl\u00fcge nach Luxor ab Soma Bay\" \/>\n<meta name=\"twitter:label1\" content=\"Preis\" \/>\n\t<meta name=\"twitter:data1\" content=\"&euro;150\" \/>\n\t<meta name=\"twitter:label2\" content=\"Verf\u00fcgbarkeit\" \/>\n\t<meta name=\"twitter:data2\" content=\"Auf Lager\" \/>\n<script type=\"application\/ld+json\" class=\"yoast-schema-graph\">{\"@context\":\"https:\\\/\\\/schema.org\",\"@graph\":[{\"@type\":\"WebPage\",\"@id\":\"https:\\\/\\\/egytourpackages.com\\\/de\\\/touren\\\/ausfluege-nach-luxor-ab-soma-bay\\\/\",\"url\":\"https:\\\/\\\/egytourpackages.com\\\/de\\\/touren\\\/ausfluege-nach-luxor-ab-soma-bay\\\/\",\"name\":\"Ausfl\u00fcge nach Luxor ab Soma Bay | Privatreise Luxor\",\"isPartOf\":{\"@id\":\"https:\\\/\\\/egytourpackages.com\\\/de\\\/#website\"},\"primaryImageOfPage\":{\"@id\":\"https:\\\/\\\/egytourpackages.com\\\/de\\\/touren\\\/ausfluege-nach-luxor-ab-soma-bay\\\/#primaryimage\"},\"image\":{\"@id\":\"https:\\\/\\\/egytourpackages.com\\\/de\\\/touren\\\/ausfluege-nach-luxor-ab-soma-bay\\\/#primaryimage\"},\"thumbnailUrl\":\"https:\\\/\\\/egytourpackages.com\\\/wp-content\\\/uploads\\\/2024\\\/06\\\/Karnak-temple-Luxor.jpg\",\"datePublished\":\"2024-06-23T23:59:46+00:00\",\"dateModified\":\"2026-01-28T10:50:37+00:00\",\"description\":\"Ausfl\u00fcge nach Luxor ab Soma Bay: Entdecken Sie privat das Tal der K\u00f6nige, Karnak & mehr. Ihr individuelles \u00c4gypten-Abenteuer wartet!\",\"breadcrumb\":{\"@id\":\"https:\\\/\\\/egytourpackages.com\\\/de\\\/touren\\\/ausfluege-nach-luxor-ab-soma-bay\\\/#breadcrumb\"},\"inLanguage\":\"de\",\"potentialAction\":[{\"@type\":\"ReadAction\",\"target\":[\"https:\\\/\\\/egytourpackages.com\\\/de\\\/touren\\\/ausfluege-nach-luxor-ab-soma-bay\\\/\"]}]},{\"@type\":\"ImageObject\",\"inLanguage\":\"de\",\"@id\":\"https:\\\/\\\/egytourpackages.com\\\/de\\\/touren\\\/ausfluege-nach-luxor-ab-soma-bay\\\/#primaryimage\",\"url\":\"https:\\\/\\\/egytourpackages.com\\\/wp-content\\\/uploads\\\/2024\\\/06\\\/Karnak-temple-Luxor.jpg\",\"contentUrl\":\"https:\\\/\\\/egytourpackages.com\\\/wp-content\\\/uploads\\\/2024\\\/06\\\/Karnak-temple-Luxor.jpg\",\"width\":2000,\"height\":1333,\"caption\":\"Ausfl\u00fcge nach Luxor ab Soma Bay\"},{\"@type\":\"BreadcrumbList\",\"@id\":\"https:\\\/\\\/egytourpackages.com\\\/de\\\/touren\\\/ausfluege-nach-luxor-ab-soma-bay\\\/#breadcrumb\",\"itemListElement\":[{\"@type\":\"ListItem\",\"position\":1,\"name\":\"Startseite\",\"item\":\"https:\\\/\\\/egytourpackages.com\\\/de\\\/\"},{\"@type\":\"ListItem\",\"position\":2,\"name\":\"Shop\",\"item\":\"https:\\\/\\\/egytourpackages.com\\\/de\\\/shop\\\/\"},{\"@type\":\"ListItem\",\"position\":3,\"name\":\"Ausfl\u00fcge nach Luxor ab Soma Bay\"}]},{\"@type\":\"WebSite\",\"@id\":\"https:\\\/\\\/egytourpackages.com\\\/de\\\/#website\",\"url\":\"https:\\\/\\\/egytourpackages.com\\\/de\\\/\",\"name\":\"Egy tour packages\",\"description\":\"\",\"publisher\":{\"@id\":\"https:\\\/\\\/egytourpackages.com\\\/de\\\/#organization\"},\"potentialAction\":[{\"@type\":\"SearchAction\",\"target\":{\"@type\":\"EntryPoint\",\"urlTemplate\":\"https:\\\/\\\/egytourpackages.com\\\/de\\\/?s={search_term_string}\"},\"query-input\":{\"@type\":\"PropertyValueSpecification\",\"valueRequired\":true,\"valueName\":\"search_term_string\"}}],\"inLanguage\":\"de\"},{\"@type\":[\"Organization\",\"Place\",\"TravelAgency\"],\"@id\":\"https:\\\/\\\/egytourpackages.com\\\/de\\\/#organization\",\"name\":\"egypt tour packages\",\"alternateName\":\"egypt tour packages\",\"url\":\"https:\\\/\\\/egytourpackages.com\\\/de\\\/\",\"logo\":{\"@id\":\"https:\\\/\\\/egytourpackages.com\\\/de\\\/touren\\\/ausfluege-nach-luxor-ab-soma-bay\\\/#local-main-organization-logo\"},\"image\":{\"@id\":\"https:\\\/\\\/egytourpackages.com\\\/de\\\/touren\\\/ausfluege-nach-luxor-ab-soma-bay\\\/#local-main-organization-logo\"},\"sameAs\":[\"https:\\\/\\\/www.facebook.com\\\/egytourpackages\"],\"legalName\":\"Egy tour packages\",\"address\":{\"@id\":\"https:\\\/\\\/egytourpackages.com\\\/de\\\/touren\\\/ausfluege-nach-luxor-ab-soma-bay\\\/#local-main-place-address\"},\"telephone\":[\"00201000852186\",\"00201028685533\"],\"contactPoint\":{\"@type\":\"ContactPoint\",\"telephone\":\"00201000852186\"},\"openingHoursSpecification\":[{\"@type\":\"OpeningHoursSpecification\",\"dayOfWeek\":[\"Monday\",\"Tuesday\",\"Wednesday\",\"Thursday\",\"Friday\",\"Saturday\",\"Sunday\"],\"opens\":\"00:00\",\"closes\":\"23:59\"}],\"email\":\"info@egytourpackages.com\",\"areaServed\":\"Cairo, Hurghada, Luxor, Sharm El Sheikh, Marsa Alam, Aswan\",\"priceRange\":\"$\",\"currenciesAccepted\":\"euro\",\"paymentAccepted\":\"Payment links online\"},{\"@type\":\"PostalAddress\",\"@id\":\"https:\\\/\\\/egytourpackages.com\\\/de\\\/touren\\\/ausfluege-nach-luxor-ab-soma-bay\\\/#local-main-place-address\",\"streetAddress\":\"Mubarak 8, Al Kawthar District, Hurghada\",\"addressLocality\":\"Hurghada\",\"postalCode\":\"84511\",\"addressRegion\":\"Red Sea\",\"addressCountry\":\"EG\"},{\"@type\":\"ImageObject\",\"inLanguage\":\"de\",\"@id\":\"https:\\\/\\\/egytourpackages.com\\\/de\\\/touren\\\/ausfluege-nach-luxor-ab-soma-bay\\\/#local-main-organization-logo\",\"url\":\"https:\\\/\\\/egytourpackages.com\\\/wp-content\\\/uploads\\\/2025\\\/12\\\/Turquoise-Dahabiya-Nile-Cruise-1.jpeg\",\"contentUrl\":\"https:\\\/\\\/egytourpackages.com\\\/wp-content\\\/uploads\\\/2025\\\/12\\\/Turquoise-Dahabiya-Nile-Cruise-1.jpeg\",\"width\":1040,\"height\":694,\"caption\":\"egypt tour packages\"}]}<\/script>\n<meta property=\"product:brand\" content=\"\u00c4gypten Tagestouren\" \/>\n<meta property=\"product:price:amount\" content=\"150\" \/>\n<meta property=\"product:price:currency\" content=\"EUR\" \/>\n<meta property=\"og:availability\" content=\"instock\" \/>\n<meta property=\"product:availability\" content=\"instock\" \/>\n<meta property=\"product:retailer_item_id\" content=\"SBE05\" \/>\n<meta property=\"product:condition\" content=\"new\" \/>\n<meta name=\"geo.placename\" content=\"Hurghada\" \/>\n<meta name=\"geo.region\" content=\"\u00c4gypten\" \/>\n<!-- \/ Yoast SEO Premium plugin. -->","yoast_head_json":{"title":"Ausfl\u00fcge nach Luxor ab Soma Bay | Privatreise Luxor","description":"Ausfl\u00fcge nach Luxor ab Soma Bay: Entdecken Sie privat das Tal der K\u00f6nige, Karnak & mehr. Ihr individuelles \u00c4gypten-Abenteuer wartet!","robots":{"index":"index","follow":"follow","max-snippet":"max-snippet:-1","max-image-preview":"max-image-preview:large","max-video-preview":"max-video-preview:-1"},"canonical":"https:\/\/egytourpackages.com\/de\/touren\/ausfluege-nach-luxor-ab-soma-bay\/","og_locale":"de_DE","og_type":"article","og_title":"Ausfl\u00fcge nach Luxor ab Soma Bay","og_description":"Ausfl\u00fcge nach Luxor ab Soma Bay: Entdecken Sie privat das Tal der K\u00f6nige, Karnak & mehr. Ihr individuelles \u00c4gypten-Abenteuer wartet!","og_url":"https:\/\/egytourpackages.com\/de\/touren\/ausfluege-nach-luxor-ab-soma-bay\/","og_site_name":"\u00c4gypten-Reisepakete","article_publisher":"https:\/\/www.facebook.com\/egytourpackages","article_modified_time":"2026-01-28T10:50:37+00:00","og_image":[{"url":"https:\/\/egytourpackages.com\/wp-content\/uploads\/2024\/06\/Karnak-temple-Luxor-1024x682.jpg","type":"","width":"","height":""}],"twitter_card":"summary_large_image","twitter_title":"Ausfl\u00fcge nach Luxor ab Soma Bay","twitter_misc":{"Preis":"&euro;150","Verf\u00fcgbarkeit":"Auf Lager"},"schema":{"@context":"https:\/\/schema.org","@graph":[{"@type":"WebPage","@id":"https:\/\/egytourpackages.com\/de\/touren\/ausfluege-nach-luxor-ab-soma-bay\/","url":"https:\/\/egytourpackages.com\/de\/touren\/ausfluege-nach-luxor-ab-soma-bay\/","name":"Ausfl\u00fcge nach Luxor ab Soma Bay | Privatreise Luxor","isPartOf":{"@id":"https:\/\/egytourpackages.com\/de\/#website"},"primaryImageOfPage":{"@id":"https:\/\/egytourpackages.com\/de\/touren\/ausfluege-nach-luxor-ab-soma-bay\/#primaryimage"},"image":{"@id":"https:\/\/egytourpackages.com\/de\/touren\/ausfluege-nach-luxor-ab-soma-bay\/#primaryimage"},"thumbnailUrl":"https:\/\/egytourpackages.com\/wp-content\/uploads\/2024\/06\/Karnak-temple-Luxor.jpg","datePublished":"2024-06-23T23:59:46+00:00","dateModified":"2026-01-28T10:50:37+00:00","description":"Ausfl\u00fcge nach Luxor ab Soma Bay: Entdecken Sie privat das Tal der K\u00f6nige, Karnak & mehr. Ihr individuelles \u00c4gypten-Abenteuer wartet!","breadcrumb":{"@id":"https:\/\/egytourpackages.com\/de\/touren\/ausfluege-nach-luxor-ab-soma-bay\/#breadcrumb"},"inLanguage":"de","potentialAction":[{"@type":"ReadAction","target":["https:\/\/egytourpackages.com\/de\/touren\/ausfluege-nach-luxor-ab-soma-bay\/"]}]},{"@type":"ImageObject","inLanguage":"de","@id":"https:\/\/egytourpackages.com\/de\/touren\/ausfluege-nach-luxor-ab-soma-bay\/#primaryimage","url":"https:\/\/egytourpackages.com\/wp-content\/uploads\/2024\/06\/Karnak-temple-Luxor.jpg","contentUrl":"https:\/\/egytourpackages.com\/wp-content\/uploads\/2024\/06\/Karnak-temple-Luxor.jpg","width":2000,"height":1333,"caption":"Ausfl\u00fcge nach Luxor ab Soma Bay"},{"@type":"BreadcrumbList","@id":"https:\/\/egytourpackages.com\/de\/touren\/ausfluege-nach-luxor-ab-soma-bay\/#breadcrumb","itemListElement":[{"@type":"ListItem","position":1,"name":"Startseite","item":"https:\/\/egytourpackages.com\/de\/"},{"@type":"ListItem","position":2,"name":"Shop","item":"https:\/\/egytourpackages.com\/de\/shop\/"},{"@type":"ListItem","position":3,"name":"Ausfl\u00fcge nach Luxor ab Soma Bay"}]},{"@type":"WebSite","@id":"https:\/\/egytourpackages.com\/de\/#website","url":"https:\/\/egytourpackages.com\/de\/","name":"Egy tour packages","description":"","publisher":{"@id":"https:\/\/egytourpackages.com\/de\/#organization"},"potentialAction":[{"@type":"SearchAction","target":{"@type":"EntryPoint","urlTemplate":"https:\/\/egytourpackages.com\/de\/?s={search_term_string}"},"query-input":{"@type":"PropertyValueSpecification","valueRequired":true,"valueName":"search_term_string"}}],"inLanguage":"de"},{"@type":["Organization","Place","TravelAgency"],"@id":"https:\/\/egytourpackages.com\/de\/#organization","name":"egypt tour packages","alternateName":"egypt tour packages","url":"https:\/\/egytourpackages.com\/de\/","logo":{"@id":"https:\/\/egytourpackages.com\/de\/touren\/ausfluege-nach-luxor-ab-soma-bay\/#local-main-organization-logo"},"image":{"@id":"https:\/\/egytourpackages.com\/de\/touren\/ausfluege-nach-luxor-ab-soma-bay\/#local-main-organization-logo"},"sameAs":["https:\/\/www.facebook.com\/egytourpackages"],"legalName":"Egy tour packages","address":{"@id":"https:\/\/egytourpackages.com\/de\/touren\/ausfluege-nach-luxor-ab-soma-bay\/#local-main-place-address"},"telephone":["00201000852186","00201028685533"],"contactPoint":{"@type":"ContactPoint","telephone":"00201000852186"},"openingHoursSpecification":[{"@type":"OpeningHoursSpecification","dayOfWeek":["Monday","Tuesday","Wednesday","Thursday","Friday","Saturday","Sunday"],"opens":"00:00","closes":"23:59"}],"email":"info@egytourpackages.com","areaServed":"Cairo, Hurghada, Luxor, Sharm El Sheikh, Marsa Alam, Aswan","priceRange":"$","currenciesAccepted":"euro","paymentAccepted":"Payment links online"},{"@type":"PostalAddress","@id":"https:\/\/egytourpackages.com\/de\/touren\/ausfluege-nach-luxor-ab-soma-bay\/#local-main-place-address","streetAddress":"Mubarak 8, Al Kawthar District, Hurghada","addressLocality":"Hurghada","postalCode":"84511","addressRegion":"Red Sea","addressCountry":"EG"},{"@type":"ImageObject","inLanguage":"de","@id":"https:\/\/egytourpackages.com\/de\/touren\/ausfluege-nach-luxor-ab-soma-bay\/#local-main-organization-logo","url":"https:\/\/egytourpackages.com\/wp-content\/uploads\/2025\/12\/Turquoise-Dahabiya-Nile-Cruise-1.jpeg","contentUrl":"https:\/\/egytourpackages.com\/wp-content\/uploads\/2025\/12\/Turquoise-Dahabiya-Nile-Cruise-1.jpeg","width":1040,"height":694,"caption":"egypt tour packages"}]},"product_brand":"\u00c4gypten Tagestouren","product_price_amount":"150","product_price_currency":"EUR","og_availability":"instock","product_availability":"instock","product_retailer_item_id":"SBE05","product_condition":"new","geo.placename":"Hurghada","geo.region":"\u00c4gypten"},"_links":{"self":[{"href":"https:\/\/egytourpackages.com\/de\/wp-json\/wp\/v2\/product\/5249","targetHints":{"allow":["GET"]}}],"collection":[{"href":"https:\/\/egytourpackages.com\/de\/wp-json\/wp\/v2\/product"}],"about":[{"href":"https:\/\/egytourpackages.com\/de\/wp-json\/wp\/v2\/types\/product"}],"replies":[{"embeddable":true,"href":"https:\/\/egytourpackages.com\/de\/wp-json\/wp\/v2\/comments?post=5249"}],"wp:featuredmedia":[{"embeddable":true,"href":"https:\/\/egytourpackages.com\/de\/wp-json\/wp\/v2\/media\/3249"}],"wp:attachment":[{"href":"https:\/\/egytourpackages.com\/de\/wp-json\/wp\/v2\/media?parent=5249"}],"wp:term":[{"taxonomy":"product_brand","embeddable":true,"href":"https:\/\/egytourpackages.com\/de\/wp-json\/wp\/v2\/product_brand?post=5249"},{"taxonomy":"product_cat","embeddable":true,"href":"https:\/\/egytourpackages.com\/de\/wp-json\/wp\/v2\/product_cat?post=5249"},{"taxonomy":"product_tag","embeddable":true,"href":"https:\/\/egytourpackages.com\/de\/wp-json\/wp\/v2\/product_tag?post=5249"}],"curies":[{"name":"wp","href":"https:\/\/api.w.org\/{rel}","templated":true}]}}