{"id":5266,"date":"2023-07-25T12:33:51","date_gmt":"2023-07-25T12:33:51","guid":{"rendered":"https:\/\/egytourpackages.com\/product\/privater-kairo-tagesausflug-ab-el-gouna-beste-pyramiden-ausfluege\/"},"modified":"2026-01-28T17:32:05","modified_gmt":"2026-01-28T17:32:05","slug":"privater-kairo-tagesausflug-ab-el-gouna-beste-pyramiden-ausfluege","status":"publish","type":"product","link":"https:\/\/egytourpackages.com\/de\/touren\/privater-kairo-tagesausflug-ab-el-gouna-beste-pyramiden-ausfluege\/","title":{"rendered":"Privater Kairo Tagesausflug ab El Gouna | Beste Pyramiden-Ausfl\u00fcge"},"content":{"rendered":"<p><strong><span style=\"color: #ff6600;\">Privater Kairo Tagesausflug ab El Gouna\u00a0<\/span><\/strong><\/p>\n<p>Ein <strong>privater Kairo Tagesausflug ab El Gouna<\/strong> ist eine der <strong>besten Aktivit\u00e4ten in Hurghada<\/strong>, um die <strong>Sehensw\u00fcrdigkeiten Kairos<\/strong> privat zu erkunden. <strong>\u00c4gypten Reisepakete<\/strong> bietet diese <strong>\u00c4gypten Tagesausfl\u00fcge<\/strong> mit luxuri\u00f6sem Service, privatem \u00c4gyptologen-Reiseleiter und privatem Fahrzeug an. Tats\u00e4chlich werden Sie das <strong>Gro\u00dfe \u00c4gyptische Museum<\/strong> entdecken und die <strong>beste Pyramiden Tour<\/strong> ab El Gouna erleben. Im \u00dcbrigen beinhalten diese <strong>El Gouna Ausfl\u00fcge<\/strong> die <strong>Pyramiden von Gizeh<\/strong>, die <strong>Sphinx<\/strong>, den <strong>Taltempel<\/strong>, die <strong>Traumstele<\/strong> und die <strong>Sch\u00e4tze des Tutanchamun<\/strong>. Am Ende Ihrer <strong>Kairo Tagestouren<\/strong> k\u00f6nnen Sie gegen Aufpreis eine kurze Nilkreuzfahrt genie\u00dfen. Kontaktieren Sie uns jetzt, buchen Sie kostenlos und zahlen Sie w\u00e4hrend der Reise.<\/p>\n<h3><span style=\"color: #ff6600;\">Tour Details<\/span><\/h3>\n<ul>\n<li>Dauer: 18 Stunden<\/li>\n<li>Tour Ort: Gizeh &amp; Kairo<\/li>\n<li>Tour Verf\u00fcgbarkeit: T\u00e4glich<\/li>\n<li>Abholung &amp; R\u00fccktransfer: El Gouna Hotels<\/li>\n<li>Tour Typ: Privat<\/li>\n<li>Rollstuhl: Zug\u00e4nglich<\/li>\n<\/ul>\n<h3><span style=\"color: #ff6600;\">Tour Highlights<\/span><\/h3>\n<ul>\n<li>Pyramiden von Gizeh<\/li>\n<li>Die Gro\u00dfe Sphinx<\/li>\n<li>Taltempel<\/li>\n<li>Gr\u00e4ber der Pyramidenbauer<\/li>\n<li>Das Gro\u00dfe \u00c4gyptische Museum<\/li>\n<\/ul>\n<h3><span style=\"color: #ff6600;\">Inbegriffen<\/span><\/h3>\n<ul>\n<li>Hin- und R\u00fccktransfer mit neuem Markenfahrzeug<\/li>\n<li>Eintrittsgelder f\u00fcr alle im Programm genannten Sehensw\u00fcrdigkeiten<\/li>\n<li>Erfahrener \u00c4gyptologen-Reiseleiter<\/li>\n<li>Mittagessen<\/li>\n<\/ul>\n<h3><span style=\"color: #ff6600;\">Nicht Inbegriffen<\/span><\/h3>\n<ul>\n<li>Getr\u00e4nke w\u00e4hrend des Mittagessens<\/li>\n<li>Eintrittsgelder f\u00fcr die Cheops-Pyramide, Menkaure-Pyramide &amp; Chephren-Pyramide<\/li>\n<li>Trinkgelder<\/li>\n<\/ul>\n<h3><span style=\"color: #ff6600;\">Was Sie einpacken sollten<\/span><\/h3>\n<ul>\n<li>Bequeme Schuhe und Kleidung, besonders im Sommer<\/li>\n<li>Warme Kleidung im Winter<\/li>\n<li>Sonnenbrille, Hut oder Schal<\/li>\n<li>Sonnencreme im Sommer<\/li>\n<\/ul>\n<h2><span style=\"color: #ff6600;\">Reiseverlauf<\/span><\/h2>\n<p><span style=\"color: #ff6600;\"><strong>Hotel Abholung 02:15 Uhr<\/strong><\/span><\/p>\n<p>Unser Vertreter holt Sie an der Rezeption Ihres Hotels ab.<\/p>\n<p><span style=\"color: #ff6600;\"><strong>Kaffeepause 06:00 Uhr<\/strong><\/span><\/p>\n<p>Genie\u00dfen Sie eine kurze Pause in der Zaafarana Lounge f\u00fcr Ihr Fr\u00fchst\u00fcck, WC-Benutzung (10 L.E pro Person).<\/p>\n<h3><span style=\"color: #ff6600;\"><strong>Pyramidenkomplex von Gizeh 09:30 Uhr<\/strong><\/span><\/h3>\n<p>Beginnen Sie Ihre <strong>Kairo Tagestour<\/strong> am Westufer des Nils, wo Sie die <strong>Pyramiden von Gizeh<\/strong> und die <strong>Sphinx<\/strong> besuchen werden. Ihr Reiseleiter wird die Tour nach Ihren Interessen gestalten, beginnend mit der <strong>Gro\u00dfen Pyramide von Cheops<\/strong>. Hier werden Sie viele Dinge bestaunen, w\u00e4hrend Sie um die <strong>Gro\u00dfe Pyramide<\/strong> herumgehen, wie die <strong>Gr\u00e4ber der Pyramidenbauer<\/strong>, <strong>K\u00f6niginnenpyramiden<\/strong>, <strong>Bootsgruben<\/strong> mit der M\u00f6glichkeit, eine der K\u00f6niginnenpyramiden kostenlos zu betreten.<\/p>\n<p>\u00d6ffnen Sie Ihr Herz und Ihren Geist, w\u00e4hrend Sie Ihrem Reiseleiter zuh\u00f6ren, der die alten und modernen Meinungen \u00fcber die Pyramiden erkl\u00e4rt, ob sie Gr\u00e4ber, Energieheilungsorte, Astralportale oder Elektrizit\u00e4tsquellen waren. Sp\u00e4ter besuchen Sie die Sphinx und den <strong>Taltempel<\/strong>, wo K\u00f6nige vor ihrer Bestattung in den Pyramiden mumifiziert wurden. Erfahren Sie mehr \u00fcber die <strong>zweite Sphinx<\/strong>, die vor einigen Jahren gefunden wurde, und die <strong>Traumstele<\/strong> von <strong>Thutmosis IV.<\/strong> zwischen den Pfoten der Sphinx. Beenden Sie Ihre Tour am Panorama-Bereich, wo Sie die Pyramiden in einer Reihe fotografieren, bevor Sie zu Ihrem n\u00e4chsten Halt weiterfahren.<\/p>\n<h3><span style=\"color: #ff6600;\">12:00 Uhr Mittagessen<\/span><\/h3>\n<p>Genie\u00dfen Sie Ihr Mittagessen in einem typisch \u00e4gyptischen Restaurant und kosten Sie die \u00e4gyptische K\u00fcche mit vegetarischer Option.<\/p>\n<h3><span style=\"color: #ff6600;\">13:00 Uhr Das Gro\u00dfe \u00c4gyptische Museum<\/span><\/h3>\n<p>Tats\u00e4chlich ist das GEM ein Muss f\u00fcr jeden, der Geschichte, Kultur und architektonische Sch\u00f6nheit liebt. Das <strong>Gro\u00dfe \u00c4gyptische Museum<\/strong> ist das gr\u00f6\u00dfte arch\u00e4ologische Museum der Welt in Gizeh, ganz in der N\u00e4he der <strong>Pyramiden von Gizeh<\/strong>. Sie werden mehr als 100.000 Artefakte von der <strong>Vordynastischen Periode<\/strong> bis zur <strong>Griechisch-R\u00f6mischen Periode<\/strong> erkunden. Dar\u00fcber hinaus werden Sie die vollst\u00e4ndigen <strong>Sch\u00e4tze des Tutanchamun<\/strong> bestaunen, die in seinem Grab im <strong>Tal der K\u00f6nige<\/strong> in Luxor gefunden wurden.<\/p>\n<p>Das GEM zeigt auch viele Artefakte zum ersten Mal, wie k\u00f6nigliche Statuen, St\u00fccke, die die Gesellschaft in alten Zeiten, Religion und sogar Mumien zeigen. Au\u00dferdem erstaunliche <strong>Kanonenkru\u0308ge<\/strong>, t\u00e4gliche Kosmetika, Haarteile, Papyri, <strong>Amarna-Briefe<\/strong> aus der <strong>Echnaton<\/strong>-\u00c4ra. Die Gro\u00dfe Treppe bietet in logischer Chronologie die Mission der Pharaonen in alten Zeiten, vom Bau der Tempel, der Durchf\u00fchrung von Ritualen f\u00fcr G\u00f6tter, bis zu ihrem Tod und ihrer Bestattung in Sarkophagen in den Pyramiden, um wieder auferweckt zu werden. Auf dem Weg nach drau\u00dfen sehen Sie den <strong>h\u00e4ngenden Obelisken<\/strong> und den <strong>Ramesses<\/strong> den gro\u00dfen Stempel an dessen Sockel.<\/p>\n<h3><span style=\"color: #ff6600;\">Kairo nach El Gouna 15:00 Uhr<\/span><\/h3>\n<p>Sobald Sie bereit sind, das Museum zu verlassen, treten Sie die R\u00fcckreise nach Hurghada an, mit einer kurzen Pause unterwegs f\u00fcr die Toilette oder um sich die Beine zu vertreten.<\/p>\n<h3><span style=\"color: #ff6600;\">Privater Kairo Tagesausflug ab El Gouna Preis<\/span><\/h3>\n<ul>\n<li>Erwachsenenpreis = 135 $<\/li>\n<li>Kleinkinder 0-5 Jahre = kostenlos<\/li>\n<li>Kinder 5-11 Jahre = 50% des Erwachsenenpreises<\/li>\n<\/ul>\n<h3><span style=\"color: #ff6600;\">Buchung<\/span><\/h3>\n<p>Sie k\u00f6nnen Ihre <strong>El Gouna Ausfl\u00fcge<\/strong> \u00fcber WhatsApp buchen oder uns eine E-Mail senden, und Sie erhalten die Best\u00e4tigung sofort. Bitte senden Sie uns Ihren Hotelnamen, Zimmernummer, Passkopien.<\/p>\n<p>WhatsApp: +201000852186<\/p>\n<p>info@egytourpackages.com<\/p>\n<h3><span style=\"color: #ff6600;\">Jetzt buchen &amp; vor Ort bezahlen<\/span><\/h3>\n<p>Buchen Sie Ihre Lieblingstour und zahlen Sie am Reisetag.<\/p>\n<h3><span style=\"color: #ff6600;\">Zahlung<\/span><\/h3>\n<p>Sie k\u00f6nnen in \u00e4gyptischen Pfund, $, \u20ac oder \u00a3 bezahlen.<\/p>\n<h3><span style=\"color: #ff6600;\">Stornierungsbedingungen<\/span><\/h3>\n<ul>\n<li>Kostenlose Stornierung bis zu 24 Stunden im Voraus<\/li>\n<li>Morgenstornierung = 50% des Preises<\/li>\n<\/ul>\n","protected":false},"excerpt":{"rendered":"<p>Privater Kairo Tagesausflug ab El Gouna: Entdecken Sie die Pyramiden, Sphinx &amp; das \u00c4gyptische Museum mit Tutanchamun Sch\u00e4tzen. Jetzt buchen!<\/p>\n","protected":false},"featured_media":2894,"comment_status":"open","ping_status":"closed","template":"","meta":[],"product_brand":[],"product_cat":[1494],"product_tag":[1495,1507,1527],"class_list":{"0":"post-5266","1":"product","2":"type-product","3":"status-publish","4":"has-post-thumbnail","6":"product_cat-touren","7":"product_tag-agypten-tagestouren","8":"product_tag-el-gouna-ausfluge","9":"product_tag-pyramiden-von-gizeh","10":"tour_category-agypten-tagestouren","11":"tour_category-el-gouna-ausfluge","12":"tour_category-kairo-rundreisen-ab-hurghada","14":"first","15":"instock","16":"sale","17":"shipping-taxable","18":"purchasable","19":"product-type-tour","20":"has-default-attributes"},"yoast_head":"<!-- This site is optimized with the Yoast SEO Premium plugin v27.2 (Yoast SEO v27.2) - https:\/\/yoast.com\/product\/yoast-seo-premium-wordpress\/ -->\n<title>Privater Kairo Tagesausflug ab El Gouna | Beste Pyramiden-Ausfl\u00fcge<\/title>\n<meta name=\"description\" content=\"Privater Kairo Tagesausflug ab El Gouna: Entdecken Sie die Pyramiden, Sphinx &amp; das \u00c4gyptische Museum mit Tutanchamun Sch\u00e4tzen. Jetzt buchen!\" \/>\n<meta name=\"robots\" content=\"index, follow, max-snippet:-1, max-image-preview:large, max-video-preview:-1\" \/>\n<link rel=\"canonical\" href=\"https:\/\/egytourpackages.com\/de\/touren\/privater-kairo-tagesausflug-ab-el-gouna-beste-pyramiden-ausfluege\/\" \/>\n<meta property=\"og:locale\" content=\"de_DE\" \/>\n<meta property=\"og:type\" content=\"article\" \/>\n<meta property=\"og:title\" content=\"Privater Kairo Tagesausflug ab El Gouna\" \/>\n<meta property=\"og:description\" content=\"Privater Kairo Tagesausflug ab El Gouna: Entdecken Sie die Pyramiden, Sphinx &amp; das \u00c4gyptische Museum mit Tutanchamun Sch\u00e4tzen. Jetzt buchen!\" \/>\n<meta property=\"og:url\" content=\"https:\/\/egytourpackages.com\/de\/touren\/privater-kairo-tagesausflug-ab-el-gouna-beste-pyramiden-ausfluege\/\" \/>\n<meta property=\"og:site_name\" content=\"\u00c4gypten-Reisepakete\" \/>\n<meta property=\"article:publisher\" content=\"https:\/\/www.facebook.com\/egytourpackages\" \/>\n<meta property=\"article:modified_time\" content=\"2026-01-28T17:32:05+00:00\" \/>\n<meta property=\"og:image\" content=\"https:\/\/egytourpackages.com\/wp-content\/uploads\/2023\/07\/Egyptian-Museum-Tutankhamun-throne-1024x768.jpg\" \/>\n<meta name=\"twitter:card\" content=\"summary_large_image\" \/>\n<meta name=\"twitter:title\" content=\"Privater Kairo Tagesausflug ab El Gouna\" \/>\n<meta name=\"twitter:description\" content=\"Privater Kairo Tagesausflug ab El Gouna: Entdecken Sie die Pyramiden, Sphinx &amp; das \u00c4gyptische Museum mit Tutanchamun Sch\u00e4tzen. Jetzt buchen!\" \/>\n<meta name=\"twitter:image\" content=\"https:\/\/egytourpackages.com\/wp-content\/uploads\/2023\/07\/Egyptian-Museum-Tutankhamun-throne-1024x768.jpg\" \/>\n<meta name=\"twitter:label1\" content=\"Preis\" \/>\n\t<meta name=\"twitter:data1\" content=\"&euro;135\" \/>\n\t<meta name=\"twitter:label2\" content=\"Verf\u00fcgbarkeit\" \/>\n\t<meta name=\"twitter:data2\" content=\"Auf Lager\" \/>\n<script type=\"application\/ld+json\" class=\"yoast-schema-graph\">{\"@context\":\"https:\/\/schema.org\",\"@graph\":[{\"@type\":\"WebPage\",\"@id\":\"https:\/\/egytourpackages.com\/de\/touren\/privater-kairo-tagesausflug-ab-el-gouna-beste-pyramiden-ausfluege\/\",\"url\":\"https:\/\/egytourpackages.com\/de\/touren\/privater-kairo-tagesausflug-ab-el-gouna-beste-pyramiden-ausfluege\/\",\"name\":\"Privater Kairo Tagesausflug ab El Gouna | Beste Pyramiden-Ausfl\u00fcge\",\"isPartOf\":{\"@id\":\"https:\/\/egytourpackages.com\/de\/#website\"},\"primaryImageOfPage\":{\"@id\":\"https:\/\/egytourpackages.com\/de\/touren\/privater-kairo-tagesausflug-ab-el-gouna-beste-pyramiden-ausfluege\/#primaryimage\"},\"image\":{\"@id\":\"https:\/\/egytourpackages.com\/de\/touren\/privater-kairo-tagesausflug-ab-el-gouna-beste-pyramiden-ausfluege\/#primaryimage\"},\"thumbnailUrl\":\"https:\/\/egytourpackages.com\/wp-content\/uploads\/2023\/07\/Egyptian-Museum-Tutankhamun-throne.jpg\",\"datePublished\":\"2023-07-25T12:33:51+00:00\",\"dateModified\":\"2026-01-28T17:32:05+00:00\",\"description\":\"Privater Kairo Tagesausflug ab El Gouna: Entdecken Sie die Pyramiden, Sphinx & das \u00c4gyptische Museum mit Tutanchamun Sch\u00e4tzen. Jetzt buchen!\",\"breadcrumb\":{\"@id\":\"https:\/\/egytourpackages.com\/de\/touren\/privater-kairo-tagesausflug-ab-el-gouna-beste-pyramiden-ausfluege\/#breadcrumb\"},\"inLanguage\":\"de\",\"potentialAction\":[{\"@type\":\"ReadAction\",\"target\":[\"https:\/\/egytourpackages.com\/de\/touren\/privater-kairo-tagesausflug-ab-el-gouna-beste-pyramiden-ausfluege\/\"]}]},{\"@type\":\"ImageObject\",\"inLanguage\":\"de\",\"@id\":\"https:\/\/egytourpackages.com\/de\/touren\/privater-kairo-tagesausflug-ab-el-gouna-beste-pyramiden-ausfluege\/#primaryimage\",\"url\":\"https:\/\/egytourpackages.com\/wp-content\/uploads\/2023\/07\/Egyptian-Museum-Tutankhamun-throne.jpg\",\"contentUrl\":\"https:\/\/egytourpackages.com\/wp-content\/uploads\/2023\/07\/Egyptian-Museum-Tutankhamun-throne.jpg\",\"width\":2000,\"height\":1500,\"caption\":\"\u00c4gyptisches Museum, Tutanchamun-Thron\"},{\"@type\":\"BreadcrumbList\",\"@id\":\"https:\/\/egytourpackages.com\/de\/touren\/privater-kairo-tagesausflug-ab-el-gouna-beste-pyramiden-ausfluege\/#breadcrumb\",\"itemListElement\":[{\"@type\":\"ListItem\",\"position\":1,\"name\":\"Startseite\",\"item\":\"https:\/\/egytourpackages.com\/de\/\"},{\"@type\":\"ListItem\",\"position\":2,\"name\":\"Shop\",\"item\":\"https:\/\/egytourpackages.com\/de\/shop\/\"},{\"@type\":\"ListItem\",\"position\":3,\"name\":\"Privater Kairo Tagesausflug ab El Gouna | Beste Pyramiden-Ausfl\u00fcge\"}]},{\"@type\":\"WebSite\",\"@id\":\"https:\/\/egytourpackages.com\/de\/#website\",\"url\":\"https:\/\/egytourpackages.com\/de\/\",\"name\":\"Egy tour packages\",\"description\":\"\",\"publisher\":{\"@id\":\"https:\/\/egytourpackages.com\/de\/#organization\"},\"potentialAction\":[{\"@type\":\"SearchAction\",\"target\":{\"@type\":\"EntryPoint\",\"urlTemplate\":\"https:\/\/egytourpackages.com\/de\/?s={search_term_string}\"},\"query-input\":{\"@type\":\"PropertyValueSpecification\",\"valueRequired\":true,\"valueName\":\"search_term_string\"}}],\"inLanguage\":\"de\"},{\"@type\":[\"Organization\",\"Place\",\"TravelAgency\"],\"@id\":\"https:\/\/egytourpackages.com\/de\/#organization\",\"name\":\"egypt tour packages\",\"alternateName\":\"egypt tour packages\",\"url\":\"https:\/\/egytourpackages.com\/de\/\",\"logo\":{\"@id\":\"https:\/\/egytourpackages.com\/de\/touren\/privater-kairo-tagesausflug-ab-el-gouna-beste-pyramiden-ausfluege\/#local-main-organization-logo\"},\"image\":{\"@id\":\"https:\/\/egytourpackages.com\/de\/touren\/privater-kairo-tagesausflug-ab-el-gouna-beste-pyramiden-ausfluege\/#local-main-organization-logo\"},\"sameAs\":[\"https:\/\/www.facebook.com\/egytourpackages\"],\"legalName\":\"Egy tour packages\",\"address\":{\"@id\":\"https:\/\/egytourpackages.com\/de\/touren\/privater-kairo-tagesausflug-ab-el-gouna-beste-pyramiden-ausfluege\/#local-main-place-address\"},\"telephone\":[\"00201000852186\",\"00201028685533\"],\"contactPoint\":{\"@type\":\"ContactPoint\",\"telephone\":\"00201000852186\"},\"openingHoursSpecification\":[{\"@type\":\"OpeningHoursSpecification\",\"dayOfWeek\":[\"Monday\",\"Tuesday\",\"Wednesday\",\"Thursday\",\"Friday\",\"Saturday\",\"Sunday\"],\"opens\":\"00:00\",\"closes\":\"23:59\"}],\"email\":\"info@egytourpackages.com\",\"areaServed\":\"Cairo, Hurghada, Luxor, Sharm El Sheikh, Marsa Alam, Aswan\",\"priceRange\":\"$\",\"currenciesAccepted\":\"euro\",\"paymentAccepted\":\"Payment links online\"},{\"@type\":\"PostalAddress\",\"@id\":\"https:\/\/egytourpackages.com\/de\/touren\/privater-kairo-tagesausflug-ab-el-gouna-beste-pyramiden-ausfluege\/#local-main-place-address\",\"streetAddress\":\"Mubarak 8, Al Kawthar District, Hurghada\",\"addressLocality\":\"Hurghada\",\"postalCode\":\"84511\",\"addressRegion\":\"Red Sea\",\"addressCountry\":\"EG\"},{\"@type\":\"ImageObject\",\"inLanguage\":\"de\",\"@id\":\"https:\/\/egytourpackages.com\/de\/touren\/privater-kairo-tagesausflug-ab-el-gouna-beste-pyramiden-ausfluege\/#local-main-organization-logo\",\"url\":\"https:\/\/egytourpackages.com\/wp-content\/uploads\/2025\/12\/Turquoise-Dahabiya-Nile-Cruise-1.jpeg\",\"contentUrl\":\"https:\/\/egytourpackages.com\/wp-content\/uploads\/2025\/12\/Turquoise-Dahabiya-Nile-Cruise-1.jpeg\",\"width\":1040,\"height\":694,\"caption\":\"egypt tour packages\"}]}<\/script>\n<meta property=\"product:brand\" content=\"\u00c4gypten Tagestouren\" \/>\n<meta property=\"product:price:amount\" content=\"135\" \/>\n<meta property=\"product:price:currency\" content=\"EUR\" \/>\n<meta property=\"og:availability\" content=\"instock\" \/>\n<meta property=\"product:availability\" content=\"instock\" \/>\n<meta property=\"product:retailer_item_id\" content=\"GDT04\" \/>\n<meta property=\"product:condition\" content=\"new\" \/>\n<meta name=\"geo.placename\" content=\"Hurghada\" \/>\n<meta name=\"geo.region\" content=\"\u00c4gypten\" \/>\n<!-- \/ Yoast SEO Premium plugin. -->","yoast_head_json":{"title":"Privater Kairo Tagesausflug ab El Gouna | Beste Pyramiden-Ausfl\u00fcge","description":"Privater Kairo Tagesausflug ab El Gouna: Entdecken Sie die Pyramiden, Sphinx & das \u00c4gyptische Museum mit Tutanchamun Sch\u00e4tzen. Jetzt buchen!","robots":{"index":"index","follow":"follow","max-snippet":"max-snippet:-1","max-image-preview":"max-image-preview:large","max-video-preview":"max-video-preview:-1"},"canonical":"https:\/\/egytourpackages.com\/de\/touren\/privater-kairo-tagesausflug-ab-el-gouna-beste-pyramiden-ausfluege\/","og_locale":"de_DE","og_type":"article","og_title":"Privater Kairo Tagesausflug ab El Gouna","og_description":"Privater Kairo Tagesausflug ab El Gouna: Entdecken Sie die Pyramiden, Sphinx & das \u00c4gyptische Museum mit Tutanchamun Sch\u00e4tzen. Jetzt buchen!","og_url":"https:\/\/egytourpackages.com\/de\/touren\/privater-kairo-tagesausflug-ab-el-gouna-beste-pyramiden-ausfluege\/","og_site_name":"\u00c4gypten-Reisepakete","article_publisher":"https:\/\/www.facebook.com\/egytourpackages","article_modified_time":"2026-01-28T17:32:05+00:00","og_image":[{"url":"https:\/\/egytourpackages.com\/wp-content\/uploads\/2023\/07\/Egyptian-Museum-Tutankhamun-throne-1024x768.jpg","type":"","width":"","height":""}],"twitter_card":"summary_large_image","twitter_title":"Privater Kairo Tagesausflug ab El Gouna","twitter_description":"Privater Kairo Tagesausflug ab El Gouna: Entdecken Sie die Pyramiden, Sphinx & das \u00c4gyptische Museum mit Tutanchamun Sch\u00e4tzen. Jetzt buchen!","twitter_image":"https:\/\/egytourpackages.com\/wp-content\/uploads\/2023\/07\/Egyptian-Museum-Tutankhamun-throne-1024x768.jpg","twitter_misc":{"Preis":"&euro;135","Verf\u00fcgbarkeit":"Auf Lager"},"schema":{"@context":"https:\/\/schema.org","@graph":[{"@type":"WebPage","@id":"https:\/\/egytourpackages.com\/de\/touren\/privater-kairo-tagesausflug-ab-el-gouna-beste-pyramiden-ausfluege\/","url":"https:\/\/egytourpackages.com\/de\/touren\/privater-kairo-tagesausflug-ab-el-gouna-beste-pyramiden-ausfluege\/","name":"Privater Kairo Tagesausflug ab El Gouna | Beste Pyramiden-Ausfl\u00fcge","isPartOf":{"@id":"https:\/\/egytourpackages.com\/de\/#website"},"primaryImageOfPage":{"@id":"https:\/\/egytourpackages.com\/de\/touren\/privater-kairo-tagesausflug-ab-el-gouna-beste-pyramiden-ausfluege\/#primaryimage"},"image":{"@id":"https:\/\/egytourpackages.com\/de\/touren\/privater-kairo-tagesausflug-ab-el-gouna-beste-pyramiden-ausfluege\/#primaryimage"},"thumbnailUrl":"https:\/\/egytourpackages.com\/wp-content\/uploads\/2023\/07\/Egyptian-Museum-Tutankhamun-throne.jpg","datePublished":"2023-07-25T12:33:51+00:00","dateModified":"2026-01-28T17:32:05+00:00","description":"Privater Kairo Tagesausflug ab El Gouna: Entdecken Sie die Pyramiden, Sphinx & das \u00c4gyptische Museum mit Tutanchamun Sch\u00e4tzen. Jetzt buchen!","breadcrumb":{"@id":"https:\/\/egytourpackages.com\/de\/touren\/privater-kairo-tagesausflug-ab-el-gouna-beste-pyramiden-ausfluege\/#breadcrumb"},"inLanguage":"de","potentialAction":[{"@type":"ReadAction","target":["https:\/\/egytourpackages.com\/de\/touren\/privater-kairo-tagesausflug-ab-el-gouna-beste-pyramiden-ausfluege\/"]}]},{"@type":"ImageObject","inLanguage":"de","@id":"https:\/\/egytourpackages.com\/de\/touren\/privater-kairo-tagesausflug-ab-el-gouna-beste-pyramiden-ausfluege\/#primaryimage","url":"https:\/\/egytourpackages.com\/wp-content\/uploads\/2023\/07\/Egyptian-Museum-Tutankhamun-throne.jpg","contentUrl":"https:\/\/egytourpackages.com\/wp-content\/uploads\/2023\/07\/Egyptian-Museum-Tutankhamun-throne.jpg","width":2000,"height":1500,"caption":"\u00c4gyptisches Museum, Tutanchamun-Thron"},{"@type":"BreadcrumbList","@id":"https:\/\/egytourpackages.com\/de\/touren\/privater-kairo-tagesausflug-ab-el-gouna-beste-pyramiden-ausfluege\/#breadcrumb","itemListElement":[{"@type":"ListItem","position":1,"name":"Startseite","item":"https:\/\/egytourpackages.com\/de\/"},{"@type":"ListItem","position":2,"name":"Shop","item":"https:\/\/egytourpackages.com\/de\/shop\/"},{"@type":"ListItem","position":3,"name":"Privater Kairo Tagesausflug ab El Gouna | Beste Pyramiden-Ausfl\u00fcge"}]},{"@type":"WebSite","@id":"https:\/\/egytourpackages.com\/de\/#website","url":"https:\/\/egytourpackages.com\/de\/","name":"Egy tour packages","description":"","publisher":{"@id":"https:\/\/egytourpackages.com\/de\/#organization"},"potentialAction":[{"@type":"SearchAction","target":{"@type":"EntryPoint","urlTemplate":"https:\/\/egytourpackages.com\/de\/?s={search_term_string}"},"query-input":{"@type":"PropertyValueSpecification","valueRequired":true,"valueName":"search_term_string"}}],"inLanguage":"de"},{"@type":["Organization","Place","TravelAgency"],"@id":"https:\/\/egytourpackages.com\/de\/#organization","name":"egypt tour packages","alternateName":"egypt tour packages","url":"https:\/\/egytourpackages.com\/de\/","logo":{"@id":"https:\/\/egytourpackages.com\/de\/touren\/privater-kairo-tagesausflug-ab-el-gouna-beste-pyramiden-ausfluege\/#local-main-organization-logo"},"image":{"@id":"https:\/\/egytourpackages.com\/de\/touren\/privater-kairo-tagesausflug-ab-el-gouna-beste-pyramiden-ausfluege\/#local-main-organization-logo"},"sameAs":["https:\/\/www.facebook.com\/egytourpackages"],"legalName":"Egy tour packages","address":{"@id":"https:\/\/egytourpackages.com\/de\/touren\/privater-kairo-tagesausflug-ab-el-gouna-beste-pyramiden-ausfluege\/#local-main-place-address"},"telephone":["00201000852186","00201028685533"],"contactPoint":{"@type":"ContactPoint","telephone":"00201000852186"},"openingHoursSpecification":[{"@type":"OpeningHoursSpecification","dayOfWeek":["Monday","Tuesday","Wednesday","Thursday","Friday","Saturday","Sunday"],"opens":"00:00","closes":"23:59"}],"email":"info@egytourpackages.com","areaServed":"Cairo, Hurghada, Luxor, Sharm El Sheikh, Marsa Alam, Aswan","priceRange":"$","currenciesAccepted":"euro","paymentAccepted":"Payment links online"},{"@type":"PostalAddress","@id":"https:\/\/egytourpackages.com\/de\/touren\/privater-kairo-tagesausflug-ab-el-gouna-beste-pyramiden-ausfluege\/#local-main-place-address","streetAddress":"Mubarak 8, Al Kawthar District, Hurghada","addressLocality":"Hurghada","postalCode":"84511","addressRegion":"Red Sea","addressCountry":"EG"},{"@type":"ImageObject","inLanguage":"de","@id":"https:\/\/egytourpackages.com\/de\/touren\/privater-kairo-tagesausflug-ab-el-gouna-beste-pyramiden-ausfluege\/#local-main-organization-logo","url":"https:\/\/egytourpackages.com\/wp-content\/uploads\/2025\/12\/Turquoise-Dahabiya-Nile-Cruise-1.jpeg","contentUrl":"https:\/\/egytourpackages.com\/wp-content\/uploads\/2025\/12\/Turquoise-Dahabiya-Nile-Cruise-1.jpeg","width":1040,"height":694,"caption":"egypt tour packages"}]},"product_brand":"\u00c4gypten Tagestouren","product_price_amount":"135","product_price_currency":"EUR","og_availability":"instock","product_availability":"instock","product_retailer_item_id":"GDT04","product_condition":"new","geo.placename":"Hurghada","geo.region":"\u00c4gypten"},"_links":{"self":[{"href":"https:\/\/egytourpackages.com\/de\/wp-json\/wp\/v2\/product\/5266","targetHints":{"allow":["GET"]}}],"collection":[{"href":"https:\/\/egytourpackages.com\/de\/wp-json\/wp\/v2\/product"}],"about":[{"href":"https:\/\/egytourpackages.com\/de\/wp-json\/wp\/v2\/types\/product"}],"replies":[{"embeddable":true,"href":"https:\/\/egytourpackages.com\/de\/wp-json\/wp\/v2\/comments?post=5266"}],"wp:featuredmedia":[{"embeddable":true,"href":"https:\/\/egytourpackages.com\/de\/wp-json\/wp\/v2\/media\/2894"}],"wp:attachment":[{"href":"https:\/\/egytourpackages.com\/de\/wp-json\/wp\/v2\/media?parent=5266"}],"wp:term":[{"taxonomy":"product_brand","embeddable":true,"href":"https:\/\/egytourpackages.com\/de\/wp-json\/wp\/v2\/product_brand?post=5266"},{"taxonomy":"product_cat","embeddable":true,"href":"https:\/\/egytourpackages.com\/de\/wp-json\/wp\/v2\/product_cat?post=5266"},{"taxonomy":"product_tag","embeddable":true,"href":"https:\/\/egytourpackages.com\/de\/wp-json\/wp\/v2\/product_tag?post=5266"}],"curies":[{"name":"wp","href":"https:\/\/api.w.org\/{rel}","templated":true}]}}