{"id":5272,"date":"2023-07-12T19:36:10","date_gmt":"2023-07-12T19:36:10","guid":{"rendered":"https:\/\/egytourpackages.com\/product\/ganztaegiges-schnorcheln-abu-dabbab-von-marsa-alam\/"},"modified":"2026-01-07T18:25:12","modified_gmt":"2026-01-07T18:25:12","slug":"ganztaegiges-schnorcheln-abu-dabbab-von-marsa-alam","status":"publish","type":"product","link":"https:\/\/egytourpackages.com\/de\/touren\/ganztaegiges-schnorcheln-abu-dabbab-von-marsa-alam\/","title":{"rendered":"Ganzt\u00e4giges Schnorcheln Abu Dabbab von Marsa Alam"},"content":{"rendered":"<p><strong><span style=\"color: #ff6600;\">Ganzt\u00e4giges Schnorcheln Abu Dabbab von Marsa Alam<\/span><\/strong><\/p>\n<p>Machen Sie sich bereit f\u00fcr ein unvergessliches <strong>ganzt\u00e4giges Schnorcheln in Abu Dabbab von Marsa Alam<\/strong>, bekannt als einer der Top-Hotspots f\u00fcr Meereslebewesen am Roten Meer. Dieser immersive <strong>Schnorchelausflug von Marsa Alam<\/strong> bietet eine einzigartige Gelegenheit, die kristallklaren Gew\u00e4sser und lebhaften <strong>Korallenriffe der Abu Dabbab Bucht<\/strong> zu erkunden, die ber\u00fchmt f\u00fcr ihre sanften <strong>Dugongs<\/strong>, <strong>Delfine<\/strong> und majest\u00e4tischen <strong>gr\u00fcnen Meeresschildkr\u00f6ten<\/strong> ist.<\/p>\n<p>Tats\u00e4chlich bietet dieser <strong>Schnorcheltrip nach Abu Dabbab<\/strong> ein intensives Erlebnis der Wunder des <strong>Roten Meeres<\/strong> mit <strong>\u00c4gypten-Touren<\/strong>. Diese <strong>Marsa Alam Touren<\/strong> beinhalten einen Zufluchtsort f\u00fcr Unterwasserwelt- und Naturliebhaber sowie eine lebendige Meereswelt. Buchen Sie Ihr <strong>\u00c4gypten-Paket<\/strong> mit Abu Dabbab und verbringen Sie einen sehr entspannten Tag und unvergessliche Momente unter Wasser.<\/p>\n<h3><span style=\"color: #ff6600;\">Tour Details<\/span><\/h3>\n<ul>\n<li>Dauer: 7 Stunden<\/li>\n<li>Tourort: Marsa Alam<\/li>\n<li>Tourverf\u00fcgbarkeit: T\u00e4glich<\/li>\n<li>Abholung &amp; R\u00fccktransfer: Ihr Hotel in Marsa Alam<\/li>\n<li>Tourtyp: Freizeit-Tour<\/li>\n<li>Rollstuhl: Zug\u00e4nglich<\/li>\n<\/ul>\n<h3><span style=\"color: #ff6600;\">Inklusive im Abu Dabbab Ausflug<\/span><\/h3>\n<ul>\n<li>Hin- und R\u00fccktransfer<\/li>\n<li>Mittagessen<\/li>\n<li>Sonnenschirm und Liege<\/li>\n<li>Wasser w\u00e4hrend des Tages<\/li>\n<\/ul>\n<h3><span style=\"color: #ff6600;\">Exklusive im Abu Dabbab Ausflug<\/span><\/h3>\n<ul>\n<li>Schnorchelausr\u00fcstung<\/li>\n<li>Getr\u00e4nke in den Strandrestaurants und Bars<\/li>\n<li>Tauchen<\/li>\n<\/ul>\n<h3><span style=\"color: #ff6600;\">Was einzupacken<\/span><\/h3>\n<ul>\n<li>Strandtuch vom Hotel<\/li>\n<li>Hut oder Schal<\/li>\n<li>Sonnencreme<\/li>\n<li>Badekleidung<\/li>\n<li>Etwas Wechselgeld<\/li>\n<\/ul>\n<h2><span style=\"color: #ff6600;\">Reiseverlauf<\/span><\/h2>\n<p>Ihr Tag beginnt mit einer bequemen <strong>Hotelabholung von Marsa Alam<\/strong>, gefolgt von einem komfortablen Transfer nach Abu Dabbab. Bei der Ankunft erhalten Sie die bereitgestellte <strong>Schnorchelausr\u00fcstung<\/strong> und tauchen in die ruhigen, flachen Gew\u00e4sser der Bucht ein.<\/p>\n<p>Erfahrene Guides f\u00fchren Sie zu den besten Pl\u00e4tzen und sorgen f\u00fcr unglaubliche Begegnungen mit der vielf\u00e4ltigen <strong>Meereswelt<\/strong>, von bunten Fischen bis zu den ans\u00e4ssigen Dugongs und Schildkr\u00f6ten der Bucht. Dies macht diesen Ausflug zu einer Top-<strong>Marsa Alam Exkursion<\/strong> f\u00fcr Naturliebhaber und einem unverzichtbaren <strong>Schnorchelerlebnis am Roten Meer<\/strong>. Mittagessen und Erfrischungen sind in der Regel inbegriffen und bieten ein entspanntes, ganzt\u00e4giges Eintauchen in \u00c4gyptens Unterwasserparadies.<\/p>\n<h3><span style=\"color: #ff6600;\">Marsa Alam Ausfl\u00fcge<\/span><\/h3>\n<p>zur Schildkr\u00f6tenbucht erm\u00f6glichen es Ihnen, das <strong>Meeresleben im Roten Meer<\/strong>, die <strong>Fische des Roten Meeres<\/strong> und die <strong>Korallenriffe des Roten Meeres<\/strong> zu entdecken. Tats\u00e4chlich ist eine <strong>\u00c4gypten-Tour nach Abu Dabbab<\/strong> eine der <strong>besten Aktivit\u00e4ten in Marsa Alam<\/strong>, mit der M\u00f6glichkeit zum <strong>Tauchen in Abu Dabbab<\/strong> gegen Aufpreis.<\/p>\n<h3><span style=\"color: #ff6600;\">Preis f\u00fcr ganzt\u00e4giges Schnorcheln in Abu Dabbab von Marsa Alam<\/span><\/h3>\n<ul>\n<li>Erwachsenenpreis = 75 \u20ac<\/li>\n<li>Kinder 0-5 Jahre = kostenlos<\/li>\n<li>Kinder 5-11 Jahre = 50% des Erwachsenenpreises<\/li>\n<\/ul>\n<h3><span style=\"color: #ff6600;\">Buchung<\/span><\/h3>\n<p>Sie k\u00f6nnen Ihre Tour \u00fcber WhatsApp oder per E-Mail buchen, und Sie erhalten die Best\u00e4tigung sofort. Bitte senden Sie uns Ihren Hotelnamen, Zimmernummer und Passkopien.<\/p>\n<p>WhatsApp: +201000852186<\/p>\n<p>info@egytourpackages.com<\/p>\n<h3><span style=\"color: #ff6600;\">Jetzt buchen &amp; vor Ort bezahlen<\/span><\/h3>\n<p>Buchen Sie Ihre Lieblingstour und zahlen Sie am Reisetag.<\/p>\n<h3><span style=\"color: #ff6600;\">Zahlung<\/span><\/h3>\n<p>Sie k\u00f6nnen in \u00c4gyptischen Pfund, $, \u20ac oder \u00a3 bezahlen.<\/p>\n<h3><span style=\"color: #ff6600;\">Stornierungsbedingungen<\/span><\/h3>\n<ul>\n<li>Kostenlose Stornierung bis zu 24 Stunden im Voraus<\/li>\n<li>Morgenstornierung ist 50% des Preises<\/li>\n<\/ul>\n","protected":false},"excerpt":{"rendered":"<p>Ganzt\u00e4giges Schnorcheln Abu Dabbab von Marsa Alam: Erleben Sie Dugongs, Schildkr\u00f6ten &amp; Korallenriffe ab Marsa Alam. Ihr bestes Rotes Meer Abenteuer wartet!<\/p>\n","protected":false},"featured_media":2846,"comment_status":"open","ping_status":"closed","template":"","meta":[],"product_brand":[],"product_cat":[1494],"product_tag":[2819,1495,2821,1496,2820],"class_list":{"0":"post-5272","1":"product","2":"type-product","3":"status-publish","4":"has-post-thumbnail","6":"product_cat-touren","7":"product_tag-abu-dabbab-hausriff","8":"product_tag-agypten-tagestouren","9":"product_tag-dugong-bucht","10":"product_tag-marsa-alam-ausfluge","11":"product_tag-tauchen-abu-dabbab","12":"tour_category-agypten-tagestouren","13":"tour_category-marsa-alam-ausfluge","15":"first","16":"instock","17":"sale","18":"shipping-taxable","19":"purchasable","20":"product-type-tour","21":"has-default-attributes"},"yoast_head":"<!-- This site is optimized with the Yoast SEO Premium plugin v27.4 (Yoast SEO v27.4) - https:\/\/yoast.com\/product\/yoast-seo-premium-wordpress\/ -->\n<title>Ganzt\u00e4giges Schnorcheln Abu Dabbab von Marsa Alam<\/title>\n<meta name=\"description\" content=\"Ganzt\u00e4giges Schnorcheln Abu Dabbab von Marsa Alam: Erleben Sie Dugongs, Schildkr\u00f6ten &amp; Korallenriffe ab Marsa Alam. Ihr bestes Rotes Meer Abenteuer wartet!\" \/>\n<meta name=\"robots\" content=\"index, follow, max-snippet:-1, max-image-preview:large, max-video-preview:-1\" \/>\n<link rel=\"canonical\" href=\"https:\/\/egytourpackages.com\/de\/touren\/ganztaegiges-schnorcheln-abu-dabbab-von-marsa-alam\/\" \/>\n<meta property=\"og:locale\" content=\"de_DE\" \/>\n<meta property=\"og:type\" content=\"article\" \/>\n<meta property=\"og:title\" content=\"Ganzt\u00e4giges Schnorcheln Abu Dabbab von Marsa Alam\" \/>\n<meta property=\"og:description\" content=\"Ganzt\u00e4giges Schnorcheln Abu Dabbab von Marsa Alam: Erleben Sie Dugongs, Schildkr\u00f6ten &amp; Korallenriffe ab Marsa Alam. Ihr bestes Rotes Meer Abenteuer wartet!\" \/>\n<meta property=\"og:url\" content=\"https:\/\/egytourpackages.com\/de\/touren\/ganztaegiges-schnorcheln-abu-dabbab-von-marsa-alam\/\" \/>\n<meta property=\"og:site_name\" content=\"\u00c4gypten-Reisepakete\" \/>\n<meta property=\"article:publisher\" content=\"https:\/\/www.facebook.com\/egytourpackages\" \/>\n<meta property=\"article:modified_time\" content=\"2026-01-07T18:25:12+00:00\" \/>\n<meta property=\"og:image\" content=\"https:\/\/egytourpackages.com\/wp-content\/uploads\/2023\/07\/Snorkeling-Abu-Dabbab.jpg\" \/>\n<meta name=\"twitter:card\" content=\"summary_large_image\" \/>\n<meta name=\"twitter:title\" content=\"Ganzt\u00e4giges Schnorcheln Abu Dabbab von Marsa Alam\" \/>\n<meta name=\"twitter:description\" content=\"Ganzt\u00e4giges Schnorcheln Abu Dabbab von Marsa Alam: Erleben Sie Dugongs, Schildkr\u00f6ten &amp; Korallenriffe ab Marsa Alam. Ihr bestes Rotes Meer Abenteuer wartet!\" \/>\n<meta name=\"twitter:image\" content=\"https:\/\/egytourpackages.com\/wp-content\/uploads\/2023\/07\/Snorkeling-Abu-Dabbab.jpg\" \/>\n<meta name=\"twitter:label1\" content=\"Preis\" \/>\n\t<meta name=\"twitter:data1\" content=\"&euro;75\" \/>\n\t<meta name=\"twitter:label2\" content=\"Verf\u00fcgbarkeit\" \/>\n\t<meta name=\"twitter:data2\" content=\"Auf Lager\" \/>\n<script type=\"application\/ld+json\" class=\"yoast-schema-graph\">{\"@context\":\"https:\\\/\\\/schema.org\",\"@graph\":[{\"@type\":\"WebPage\",\"@id\":\"https:\\\/\\\/egytourpackages.com\\\/de\\\/touren\\\/ganztaegiges-schnorcheln-abu-dabbab-von-marsa-alam\\\/\",\"url\":\"https:\\\/\\\/egytourpackages.com\\\/de\\\/touren\\\/ganztaegiges-schnorcheln-abu-dabbab-von-marsa-alam\\\/\",\"name\":\"Ganzt\u00e4giges Schnorcheln Abu Dabbab von Marsa Alam\",\"isPartOf\":{\"@id\":\"https:\\\/\\\/egytourpackages.com\\\/de\\\/#website\"},\"primaryImageOfPage\":{\"@id\":\"https:\\\/\\\/egytourpackages.com\\\/de\\\/touren\\\/ganztaegiges-schnorcheln-abu-dabbab-von-marsa-alam\\\/#primaryimage\"},\"image\":{\"@id\":\"https:\\\/\\\/egytourpackages.com\\\/de\\\/touren\\\/ganztaegiges-schnorcheln-abu-dabbab-von-marsa-alam\\\/#primaryimage\"},\"thumbnailUrl\":\"https:\\\/\\\/egytourpackages.com\\\/wp-content\\\/uploads\\\/2023\\\/07\\\/Snorkeling-Abu-Dabbab.jpg\",\"datePublished\":\"2023-07-12T19:36:10+00:00\",\"dateModified\":\"2026-01-07T18:25:12+00:00\",\"description\":\"Ganzt\u00e4giges Schnorcheln Abu Dabbab von Marsa Alam: Erleben Sie Dugongs, Schildkr\u00f6ten & Korallenriffe ab Marsa Alam. Ihr bestes Rotes Meer Abenteuer wartet!\",\"breadcrumb\":{\"@id\":\"https:\\\/\\\/egytourpackages.com\\\/de\\\/touren\\\/ganztaegiges-schnorcheln-abu-dabbab-von-marsa-alam\\\/#breadcrumb\"},\"inLanguage\":\"de\",\"potentialAction\":[{\"@type\":\"ReadAction\",\"target\":[\"https:\\\/\\\/egytourpackages.com\\\/de\\\/touren\\\/ganztaegiges-schnorcheln-abu-dabbab-von-marsa-alam\\\/\"]}]},{\"@type\":\"ImageObject\",\"inLanguage\":\"de\",\"@id\":\"https:\\\/\\\/egytourpackages.com\\\/de\\\/touren\\\/ganztaegiges-schnorcheln-abu-dabbab-von-marsa-alam\\\/#primaryimage\",\"url\":\"https:\\\/\\\/egytourpackages.com\\\/wp-content\\\/uploads\\\/2023\\\/07\\\/Snorkeling-Abu-Dabbab.jpg\",\"contentUrl\":\"https:\\\/\\\/egytourpackages.com\\\/wp-content\\\/uploads\\\/2023\\\/07\\\/Snorkeling-Abu-Dabbab.jpg\",\"width\":1000,\"height\":750,\"caption\":\"Schnorcheln Abu Dabbab\"},{\"@type\":\"BreadcrumbList\",\"@id\":\"https:\\\/\\\/egytourpackages.com\\\/de\\\/touren\\\/ganztaegiges-schnorcheln-abu-dabbab-von-marsa-alam\\\/#breadcrumb\",\"itemListElement\":[{\"@type\":\"ListItem\",\"position\":1,\"name\":\"Startseite\",\"item\":\"https:\\\/\\\/egytourpackages.com\\\/de\\\/\"},{\"@type\":\"ListItem\",\"position\":2,\"name\":\"Shop\",\"item\":\"https:\\\/\\\/egytourpackages.com\\\/de\\\/shop\\\/\"},{\"@type\":\"ListItem\",\"position\":3,\"name\":\"Ganzt\u00e4giges Schnorcheln Abu Dabbab von Marsa Alam\"}]},{\"@type\":\"WebSite\",\"@id\":\"https:\\\/\\\/egytourpackages.com\\\/de\\\/#website\",\"url\":\"https:\\\/\\\/egytourpackages.com\\\/de\\\/\",\"name\":\"Egy tour packages\",\"description\":\"\",\"publisher\":{\"@id\":\"https:\\\/\\\/egytourpackages.com\\\/de\\\/#organization\"},\"potentialAction\":[{\"@type\":\"SearchAction\",\"target\":{\"@type\":\"EntryPoint\",\"urlTemplate\":\"https:\\\/\\\/egytourpackages.com\\\/de\\\/?s={search_term_string}\"},\"query-input\":{\"@type\":\"PropertyValueSpecification\",\"valueRequired\":true,\"valueName\":\"search_term_string\"}}],\"inLanguage\":\"de\"},{\"@type\":[\"Organization\",\"Place\",\"TravelAgency\"],\"@id\":\"https:\\\/\\\/egytourpackages.com\\\/de\\\/#organization\",\"name\":\"egypt tour packages\",\"alternateName\":\"egypt tour packages\",\"url\":\"https:\\\/\\\/egytourpackages.com\\\/de\\\/\",\"logo\":{\"@id\":\"https:\\\/\\\/egytourpackages.com\\\/de\\\/touren\\\/ganztaegiges-schnorcheln-abu-dabbab-von-marsa-alam\\\/#local-main-organization-logo\"},\"image\":{\"@id\":\"https:\\\/\\\/egytourpackages.com\\\/de\\\/touren\\\/ganztaegiges-schnorcheln-abu-dabbab-von-marsa-alam\\\/#local-main-organization-logo\"},\"sameAs\":[\"https:\\\/\\\/www.facebook.com\\\/egytourpackages\"],\"legalName\":\"Egy tour packages\",\"address\":{\"@id\":\"https:\\\/\\\/egytourpackages.com\\\/de\\\/touren\\\/ganztaegiges-schnorcheln-abu-dabbab-von-marsa-alam\\\/#local-main-place-address\"},\"telephone\":[\"00201000852186\",\"00201028685533\"],\"contactPoint\":{\"@type\":\"ContactPoint\",\"telephone\":\"00201000852186\"},\"openingHoursSpecification\":[{\"@type\":\"OpeningHoursSpecification\",\"dayOfWeek\":[\"Monday\",\"Tuesday\",\"Wednesday\",\"Thursday\",\"Friday\",\"Saturday\",\"Sunday\"],\"opens\":\"00:00\",\"closes\":\"23:59\"}],\"email\":\"info@egytourpackages.com\",\"areaServed\":\"Cairo, Hurghada, Luxor, Sharm El Sheikh, Marsa Alam, Aswan\",\"priceRange\":\"$\",\"currenciesAccepted\":\"euro\",\"paymentAccepted\":\"Payment links online\"},{\"@type\":\"PostalAddress\",\"@id\":\"https:\\\/\\\/egytourpackages.com\\\/de\\\/touren\\\/ganztaegiges-schnorcheln-abu-dabbab-von-marsa-alam\\\/#local-main-place-address\",\"streetAddress\":\"Mubarak 8, Al Kawthar District, Hurghada\",\"addressLocality\":\"Hurghada\",\"postalCode\":\"84511\",\"addressRegion\":\"Red Sea\",\"addressCountry\":\"EG\"},{\"@type\":\"ImageObject\",\"inLanguage\":\"de\",\"@id\":\"https:\\\/\\\/egytourpackages.com\\\/de\\\/touren\\\/ganztaegiges-schnorcheln-abu-dabbab-von-marsa-alam\\\/#local-main-organization-logo\",\"url\":\"https:\\\/\\\/egytourpackages.com\\\/wp-content\\\/uploads\\\/2025\\\/12\\\/Turquoise-Dahabiya-Nile-Cruise-1.jpeg\",\"contentUrl\":\"https:\\\/\\\/egytourpackages.com\\\/wp-content\\\/uploads\\\/2025\\\/12\\\/Turquoise-Dahabiya-Nile-Cruise-1.jpeg\",\"width\":1040,\"height\":694,\"caption\":\"egypt tour packages\"}]}<\/script>\n<meta property=\"product:brand\" content=\"\u00c4gypten Tagestouren\" \/>\n<meta property=\"product:price:amount\" content=\"75\" \/>\n<meta property=\"product:price:currency\" content=\"EUR\" \/>\n<meta property=\"og:availability\" content=\"instock\" \/>\n<meta property=\"product:availability\" content=\"instock\" \/>\n<meta property=\"product:retailer_item_id\" content=\"MAT05\" \/>\n<meta property=\"product:condition\" content=\"new\" \/>\n<meta name=\"geo.placename\" content=\"Hurghada\" \/>\n<meta name=\"geo.region\" content=\"\u00c4gypten\" \/>\n<!-- \/ Yoast SEO Premium plugin. -->","yoast_head_json":{"title":"Ganzt\u00e4giges Schnorcheln Abu Dabbab von Marsa Alam","description":"Ganzt\u00e4giges Schnorcheln Abu Dabbab von Marsa Alam: Erleben Sie Dugongs, Schildkr\u00f6ten & Korallenriffe ab Marsa Alam. Ihr bestes Rotes Meer Abenteuer wartet!","robots":{"index":"index","follow":"follow","max-snippet":"max-snippet:-1","max-image-preview":"max-image-preview:large","max-video-preview":"max-video-preview:-1"},"canonical":"https:\/\/egytourpackages.com\/de\/touren\/ganztaegiges-schnorcheln-abu-dabbab-von-marsa-alam\/","og_locale":"de_DE","og_type":"article","og_title":"Ganzt\u00e4giges Schnorcheln Abu Dabbab von Marsa Alam","og_description":"Ganzt\u00e4giges Schnorcheln Abu Dabbab von Marsa Alam: Erleben Sie Dugongs, Schildkr\u00f6ten & Korallenriffe ab Marsa Alam. Ihr bestes Rotes Meer Abenteuer wartet!","og_url":"https:\/\/egytourpackages.com\/de\/touren\/ganztaegiges-schnorcheln-abu-dabbab-von-marsa-alam\/","og_site_name":"\u00c4gypten-Reisepakete","article_publisher":"https:\/\/www.facebook.com\/egytourpackages","article_modified_time":"2026-01-07T18:25:12+00:00","og_image":[{"url":"https:\/\/egytourpackages.com\/wp-content\/uploads\/2023\/07\/Snorkeling-Abu-Dabbab.jpg","type":"","width":"","height":""}],"twitter_card":"summary_large_image","twitter_title":"Ganzt\u00e4giges Schnorcheln Abu Dabbab von Marsa Alam","twitter_description":"Ganzt\u00e4giges Schnorcheln Abu Dabbab von Marsa Alam: Erleben Sie Dugongs, Schildkr\u00f6ten & Korallenriffe ab Marsa Alam. Ihr bestes Rotes Meer Abenteuer wartet!","twitter_image":"https:\/\/egytourpackages.com\/wp-content\/uploads\/2023\/07\/Snorkeling-Abu-Dabbab.jpg","twitter_misc":{"Preis":"&euro;75","Verf\u00fcgbarkeit":"Auf Lager"},"schema":{"@context":"https:\/\/schema.org","@graph":[{"@type":"WebPage","@id":"https:\/\/egytourpackages.com\/de\/touren\/ganztaegiges-schnorcheln-abu-dabbab-von-marsa-alam\/","url":"https:\/\/egytourpackages.com\/de\/touren\/ganztaegiges-schnorcheln-abu-dabbab-von-marsa-alam\/","name":"Ganzt\u00e4giges Schnorcheln Abu Dabbab von Marsa Alam","isPartOf":{"@id":"https:\/\/egytourpackages.com\/de\/#website"},"primaryImageOfPage":{"@id":"https:\/\/egytourpackages.com\/de\/touren\/ganztaegiges-schnorcheln-abu-dabbab-von-marsa-alam\/#primaryimage"},"image":{"@id":"https:\/\/egytourpackages.com\/de\/touren\/ganztaegiges-schnorcheln-abu-dabbab-von-marsa-alam\/#primaryimage"},"thumbnailUrl":"https:\/\/egytourpackages.com\/wp-content\/uploads\/2023\/07\/Snorkeling-Abu-Dabbab.jpg","datePublished":"2023-07-12T19:36:10+00:00","dateModified":"2026-01-07T18:25:12+00:00","description":"Ganzt\u00e4giges Schnorcheln Abu Dabbab von Marsa Alam: Erleben Sie Dugongs, Schildkr\u00f6ten & Korallenriffe ab Marsa Alam. Ihr bestes Rotes Meer Abenteuer wartet!","breadcrumb":{"@id":"https:\/\/egytourpackages.com\/de\/touren\/ganztaegiges-schnorcheln-abu-dabbab-von-marsa-alam\/#breadcrumb"},"inLanguage":"de","potentialAction":[{"@type":"ReadAction","target":["https:\/\/egytourpackages.com\/de\/touren\/ganztaegiges-schnorcheln-abu-dabbab-von-marsa-alam\/"]}]},{"@type":"ImageObject","inLanguage":"de","@id":"https:\/\/egytourpackages.com\/de\/touren\/ganztaegiges-schnorcheln-abu-dabbab-von-marsa-alam\/#primaryimage","url":"https:\/\/egytourpackages.com\/wp-content\/uploads\/2023\/07\/Snorkeling-Abu-Dabbab.jpg","contentUrl":"https:\/\/egytourpackages.com\/wp-content\/uploads\/2023\/07\/Snorkeling-Abu-Dabbab.jpg","width":1000,"height":750,"caption":"Schnorcheln Abu Dabbab"},{"@type":"BreadcrumbList","@id":"https:\/\/egytourpackages.com\/de\/touren\/ganztaegiges-schnorcheln-abu-dabbab-von-marsa-alam\/#breadcrumb","itemListElement":[{"@type":"ListItem","position":1,"name":"Startseite","item":"https:\/\/egytourpackages.com\/de\/"},{"@type":"ListItem","position":2,"name":"Shop","item":"https:\/\/egytourpackages.com\/de\/shop\/"},{"@type":"ListItem","position":3,"name":"Ganzt\u00e4giges Schnorcheln Abu Dabbab von Marsa Alam"}]},{"@type":"WebSite","@id":"https:\/\/egytourpackages.com\/de\/#website","url":"https:\/\/egytourpackages.com\/de\/","name":"Egy tour packages","description":"","publisher":{"@id":"https:\/\/egytourpackages.com\/de\/#organization"},"potentialAction":[{"@type":"SearchAction","target":{"@type":"EntryPoint","urlTemplate":"https:\/\/egytourpackages.com\/de\/?s={search_term_string}"},"query-input":{"@type":"PropertyValueSpecification","valueRequired":true,"valueName":"search_term_string"}}],"inLanguage":"de"},{"@type":["Organization","Place","TravelAgency"],"@id":"https:\/\/egytourpackages.com\/de\/#organization","name":"egypt tour packages","alternateName":"egypt tour packages","url":"https:\/\/egytourpackages.com\/de\/","logo":{"@id":"https:\/\/egytourpackages.com\/de\/touren\/ganztaegiges-schnorcheln-abu-dabbab-von-marsa-alam\/#local-main-organization-logo"},"image":{"@id":"https:\/\/egytourpackages.com\/de\/touren\/ganztaegiges-schnorcheln-abu-dabbab-von-marsa-alam\/#local-main-organization-logo"},"sameAs":["https:\/\/www.facebook.com\/egytourpackages"],"legalName":"Egy tour packages","address":{"@id":"https:\/\/egytourpackages.com\/de\/touren\/ganztaegiges-schnorcheln-abu-dabbab-von-marsa-alam\/#local-main-place-address"},"telephone":["00201000852186","00201028685533"],"contactPoint":{"@type":"ContactPoint","telephone":"00201000852186"},"openingHoursSpecification":[{"@type":"OpeningHoursSpecification","dayOfWeek":["Monday","Tuesday","Wednesday","Thursday","Friday","Saturday","Sunday"],"opens":"00:00","closes":"23:59"}],"email":"info@egytourpackages.com","areaServed":"Cairo, Hurghada, Luxor, Sharm El Sheikh, Marsa Alam, Aswan","priceRange":"$","currenciesAccepted":"euro","paymentAccepted":"Payment links online"},{"@type":"PostalAddress","@id":"https:\/\/egytourpackages.com\/de\/touren\/ganztaegiges-schnorcheln-abu-dabbab-von-marsa-alam\/#local-main-place-address","streetAddress":"Mubarak 8, Al Kawthar District, Hurghada","addressLocality":"Hurghada","postalCode":"84511","addressRegion":"Red Sea","addressCountry":"EG"},{"@type":"ImageObject","inLanguage":"de","@id":"https:\/\/egytourpackages.com\/de\/touren\/ganztaegiges-schnorcheln-abu-dabbab-von-marsa-alam\/#local-main-organization-logo","url":"https:\/\/egytourpackages.com\/wp-content\/uploads\/2025\/12\/Turquoise-Dahabiya-Nile-Cruise-1.jpeg","contentUrl":"https:\/\/egytourpackages.com\/wp-content\/uploads\/2025\/12\/Turquoise-Dahabiya-Nile-Cruise-1.jpeg","width":1040,"height":694,"caption":"egypt tour packages"}]},"product_brand":"\u00c4gypten Tagestouren","product_price_amount":"75","product_price_currency":"EUR","og_availability":"instock","product_availability":"instock","product_retailer_item_id":"MAT05","product_condition":"new","geo.placename":"Hurghada","geo.region":"\u00c4gypten"},"_links":{"self":[{"href":"https:\/\/egytourpackages.com\/de\/wp-json\/wp\/v2\/product\/5272","targetHints":{"allow":["GET"]}}],"collection":[{"href":"https:\/\/egytourpackages.com\/de\/wp-json\/wp\/v2\/product"}],"about":[{"href":"https:\/\/egytourpackages.com\/de\/wp-json\/wp\/v2\/types\/product"}],"replies":[{"embeddable":true,"href":"https:\/\/egytourpackages.com\/de\/wp-json\/wp\/v2\/comments?post=5272"}],"wp:featuredmedia":[{"embeddable":true,"href":"https:\/\/egytourpackages.com\/de\/wp-json\/wp\/v2\/media\/2846"}],"wp:attachment":[{"href":"https:\/\/egytourpackages.com\/de\/wp-json\/wp\/v2\/media?parent=5272"}],"wp:term":[{"taxonomy":"product_brand","embeddable":true,"href":"https:\/\/egytourpackages.com\/de\/wp-json\/wp\/v2\/product_brand?post=5272"},{"taxonomy":"product_cat","embeddable":true,"href":"https:\/\/egytourpackages.com\/de\/wp-json\/wp\/v2\/product_cat?post=5272"},{"taxonomy":"product_tag","embeddable":true,"href":"https:\/\/egytourpackages.com\/de\/wp-json\/wp\/v2\/product_tag?post=5272"}],"curies":[{"name":"wp","href":"https:\/\/api.w.org\/{rel}","templated":true}]}}