{"id":5287,"date":"2023-08-16T05:08:35","date_gmt":"2023-08-16T05:08:35","guid":{"rendered":"https:\/\/egytourpackages.com\/product\/2-tage-weisse-wueste-und-bahariya-oase-ab-kairo\/"},"modified":"2026-01-27T01:03:30","modified_gmt":"2026-01-27T01:03:30","slug":"2-tage-weisse-wueste-und-bahariya-oase-ab-kairo","status":"publish","type":"product","link":"https:\/\/egytourpackages.com\/de\/touren\/2-tage-weisse-wueste-und-bahariya-oase-ab-kairo\/","title":{"rendered":"2 Tage Wei\u00dfe W\u00fcste und Bahariya Oase ab Kairo"},"content":{"rendered":"<p><strong><span style=\"color: #ff6600;\">2 Tage Wei\u00dfe W\u00fcste und Bahariya Oase ab Kairo<\/span><\/strong><\/p>\n<p>Beginnen Sie Ihr <strong>W\u00fcstensafari in \u00c4gypten<\/strong> mit einem <strong>privaten Transfer<\/strong> in die erstaunlichen Landschaften der <strong>\u00e4gyptischen Westw\u00fcste<\/strong>. Dieses <strong>unvergessliche W\u00fcstenabenteuer<\/strong> verspricht eine einzigartige Mischung aus geologischen Wundern, aufregenden Aktivit\u00e4ten und unber\u00fchrter Natursch\u00f6nheit, was es zu einem unverzichtbaren <strong>\u00c4gypten-Reiseerlebnis<\/strong> f\u00fcr jeden <strong>Abenteurer<\/strong> macht. Tats\u00e4chlich beginnt Ihre Reise in der dramatischen <strong>Schwarzen W\u00fcste<\/strong>, einer vulkanischen Ebene, in der Vulkankegel \u00fcber eine karge, dunkle Landschaft verstreut sind und ein wahrhaft einzigartiges visuelles Spektakel schaffen.<\/p>\n<p>Danach steigen Sie in das ruhige <strong>Dorf El Heiz<\/strong> hinab, ein verstecktes Juwel, das eine erfrischende Erholung an seiner <strong>kalten Quelle<\/strong> bietet, einer wahren Oase in der W\u00fcste. Au\u00dferdem fahren Sie weiter zum schimmernden <strong>Kristallberg<\/strong>, einem nat\u00fcrlichen Bogen aus schillernden Quarzkristallen, einem geologischen Wunder, das man gesehen haben muss.<\/p>\n<p>Wenn Sie tiefer vordringen, erkunden Sie die mystische <strong>Aqabat-Gegend<\/strong>, bekannt als \u201eTal der Hindernisse\u201c, mit ihren faszinierenden Felsformationen. Die Spannung steigt, wenn Sie auf riesige <strong>Sandd\u00fcnen<\/strong> treffen, perfekt f\u00fcr aufregendes <strong>Sandboarding<\/strong> die goldenen H\u00e4nge hinunter \u2013 ein absoluter Nervenkitzel f\u00fcr Adrenalin-Enthusiasten.<\/p>\n<p>Tats\u00e4chlich ist das Highlight Ihrer <strong>W\u00fcstentour<\/strong> zweifellos der <strong>Nationalpark Wei\u00dfe W\u00fcste<\/strong>. Erleben Sie die \u00e4therische Sch\u00f6nheit sowohl der <strong>Alten Wei\u00dfen W\u00fcste<\/strong> als auch der <strong>Neuen Wei\u00dfen W\u00fcste<\/strong>, wo Jahrhunderte der Winderosion kolossale, kreidewei\u00dfe <strong>Steinformationen<\/strong> in fantastische Formen geformt haben, die riesigen Pilzen, Eisbergen und abstrakter Kunst \u00e4hneln. Diese <strong>\u00c4gypten W\u00fcstensafari-Touren<\/strong> bieten unvergleichliche Fotom\u00f6glichkeiten und einen immersiven R\u00fcckzugsort in eines der spektakul\u00e4rsten und unber\u00fchrtesten Naturwunder der Welt.<\/p>\n<h3><span style=\"color: #ff6600;\">Tourdetails<\/span><\/h3>\n<ul>\n<li>Dauer: 2 Tage 1 Nacht<\/li>\n<li>Tourort: Bahariya Oase \/ Farafra Oase<\/li>\n<li>Verf\u00fcgbarkeit der Tour: T\u00e4glich<\/li>\n<li>Abholung &amp; R\u00fcckgabe: Hotels in Kairo &amp; Gizeh<\/li>\n<li>Tourtyp: Privat<\/li>\n<\/ul>\n<h3><span style=\"color: #ff6600;\">Tour-Highlights<\/span><\/h3>\n<ul>\n<li>Schwarze W\u00fcste<\/li>\n<li>El Heiz Dorf und kalte Quelle<\/li>\n<li>Kristallberg<\/li>\n<li>Aqabat-Gebiet<\/li>\n<li>Sandd\u00fcnen und Sandboarding<\/li>\n<li>Alte Wei\u00dfe W\u00fcste<\/li>\n<li>Neue Wei\u00dfe W\u00fcste<\/li>\n<li>Verschiedene Steinformationen<\/li>\n<\/ul>\n<h3><span style=\"color: #ff6600;\">Inklusivleistungen<\/span><\/h3>\n<ul>\n<li>1 Nacht Camping in der Wei\u00dfen W\u00fcste<\/li>\n<li>Alle Steuern und Campinggeb\u00fchren<\/li>\n<li>Transfer von Kairo und zur\u00fcck mit modernem A\/C-Fahrzeug<\/li>\n<li>4&#215;4 Toyota Land Cruiser Tour in der W\u00fcste<\/li>\n<li>Mittagessen, Abendessen, Fr\u00fchst\u00fcck, Mittagessen<\/li>\n<li>W\u00fcstenf\u00fchrer<\/li>\n<\/ul>\n<h3><span style=\"color: #ff6600;\">Exklusivleistungen<\/span><\/h3>\n<ul>\n<li>Trinkgelder<\/li>\n<\/ul>\n<h3><span style=\"color: #ff6600;\">Was Sie einpacken sollten<\/span><\/h3>\n<ul>\n<li>Badekleidung<\/li>\n<li>Handtuch<\/li>\n<li>Sonnencreme und Sonnenbrille<\/li>\n<li>Hut oder Schal<\/li>\n<\/ul>\n<h2><span style=\"color: #ff6600;\">Reiseverlauf<\/span><\/h2>\n<h3><span style=\"color: #ff6600;\">Tag 1: Kairo &#8211; Bahariya<\/span><\/h3>\n<p>Unser Guide trifft Sie nach dem Fr\u00fchst\u00fcck an der Rezeption Ihres Hotels, um Ihre Fahrt zur Bahariya Oase zu beginnen. Die Entfernung zwischen Kairo und der Bahariya Oase betr\u00e4gt 360 km und dauert etwa vier Stunden Fahrt mit einer Kaffeepause unterwegs. Bei der Ankunft in Bahariya werden Sie von Ihrem W\u00fcstenlieferanten empfangen und Ihr W\u00fcstenabenteuer beginnt mit einem Mittagessen in einem lokalen Haus mit Softdrinks und kalten Getr\u00e4nken nach Wahl.<\/p>\n<p>Beginnen Sie Ihre <strong>\u00c4gypten-Tagestour<\/strong> zur Bahariya Oase mit der <strong>Schwarzen W\u00fcste<\/strong> und besteigen Sie den <strong>Gebel El Marsos<\/strong>, wenn Sie m\u00f6chten, und machen Sie sch\u00f6ne Fotos von der Umgebung. Fahren Sie dann weiter zum <strong>Tal von El Heiz<\/strong>, um ein typisches Beduinengetr\u00e4nk zu genie\u00dfen und im kalten Fr\u00fchling zu schwimmen, wenn Sie m\u00f6chten. In der Tat, nach einer Dusche werden Sie frisch und bereit sein, Ihr W\u00fcstensafari-Abenteuer zu beginnen. Sie werden mit dem <strong>Kristallberg<\/strong> beginnen, wo Sie einen sehr energiegeladenen Ort erleben, umgeben von Kristallen verschiedener Farben.<\/p>\n<p>Tats\u00e4chlich ist Ihr n\u00e4chster Halt ein erstaunlicher Ort namens <strong>Tal von Aqabat<\/strong> mit wundersch\u00f6nen Steinformationen. Ihre W\u00fcstenfahrt f\u00fchrt Sie durch eine wundersch\u00f6ne Landschaft zu den Sandd\u00fcnen und Sie k\u00f6nnen mit viel Spa\u00df <strong>Sandboarding<\/strong> genie\u00dfen. Sp\u00e4ter haben Sie die M\u00f6glichkeit, sehr sch\u00f6ne Fotos auf dem Weg zur <strong>alten Wei\u00dfen W\u00fcste<\/strong> zu machen. Sobald Sie mit dem Fotografieren des Panoramas der alten Wei\u00dfen W\u00fcste fertig sind, fahren Sie zum Lagerbereich in der Wei\u00dfen W\u00fcste.<\/p>\n<p>Genie\u00dfen Sie ein Getr\u00e4nk, bis Ihr W\u00fcstenmann das BBQ-Abendessen f\u00fcr Sie zubereitet, mit vielen Getr\u00e4nken und frischem Obst nach Ihrer Wahl. Schlie\u00dflich k\u00f6nnen Sie, wann immer Sie m\u00f6chten, Ihr Zelt mit Schlafsack, Matratze, Kissen und Decke genie\u00dfen.<\/p>\n<h3><span style=\"color: #ff6600;\">Tag 2: Wei\u00dfe W\u00fcste &#8211; Bahariya &#8211; Kairo<\/span><\/h3>\n<p>Ihr W\u00fcstenmann wird eine Stunde vor allen anderen aufwachen, um Ihnen das leckere Fr\u00fchst\u00fcck zuzubereiten. Genie\u00dfen Sie jedoch Ihr Lieblingsgetr\u00e4nk und machen Sie einen kleinen Spaziergang, bis Ihr Fahrer den Lagerbereich herrichtet, um Ihre Tour in der <strong>neuen Wei\u00dfen W\u00fcste<\/strong> zu beginnen. Erkunden Sie den H\u00fchnerstein, den Hasenstein, den Kegelstein und vieles mehr, bevor Sie wieder nach Bahariya zur\u00fcckkehren.<\/p>\n<p>Genie\u00dfen Sie Ihr hausgemachtes Mittagessen, bevor Sie nach einer der <strong>besten Aktivit\u00e4ten in Kairo<\/strong> nach Kairo zur\u00fcckkehren.<\/p>\n<h3><span style=\"color: #ff6600;\">Preis f\u00fcr 2 Tage Wei\u00dfe W\u00fcste und Bahariya Oase ab Kairo<\/span><\/h3>\n<ul>\n<li>Preis f\u00fcr Erwachsene = 150 \u20ac<\/li>\n<li>Kinder 0-5 Jahre = kostenlos<\/li>\n<li>Kinder 5-11 Jahre = 50% des Erwachsenenpreises<\/li>\n<\/ul>\n<h3><span style=\"color: #ff6600;\">Buchung<\/span><\/h3>\n<p>Sie k\u00f6nnen Ihre Tour \u00fcber WhatsApp buchen oder uns eine E-Mail senden und erhalten die Best\u00e4tigung vor Ort.<\/p>\n<p>Bitte senden Sie uns den Namen Ihres Hotels, die Zimmernummer und Kopien Ihrer P\u00e4sse.<\/p>\n<p>WhatsApp: +201000852186<\/p>\n<p>info@egytourpackages.com<\/p>\n<h3><span style=\"color: #ff6600;\">Jetzt buchen &amp; vor Ort bezahlen<\/span><\/h3>\n<p>Buchen Sie Ihre Lieblingstour und bezahlen Sie am Reisetag.<\/p>\n<h3><span style=\"color: #ff6600;\">Stornierungsbedingungen<\/span><\/h3>\n<ul>\n<li>Stornierung ist bis zu 24 Stunden im Voraus kostenlos.<\/li>\n<li>Bei Stornierung am Morgen fallen 50% des Preises an.<\/li>\n<\/ul>\n","protected":false},"excerpt":{"rendered":"<p>2 Tage Wei\u00dfe W\u00fcste und Bahariya Oase ab Kairo. Safari, Sandboarding &amp; einzigartige Felsformationen. Buchen Sie Ihr W\u00fcstenabenteuer!<\/p>\n","protected":false},"featured_media":2921,"comment_status":"open","ping_status":"closed","template":"","meta":[],"product_brand":[],"product_cat":[1494],"product_tag":[2613,2774,1518],"class_list":{"0":"post-5287","1":"product","2":"type-product","3":"status-publish","4":"has-post-thumbnail","6":"product_cat-touren","7":"product_tag-agypten-wustensafari-touren","8":"product_tag-schwarze-wuste","9":"product_tag-tagesausfluge-in-kairo","10":"tour_category-agypten-tagestouren","11":"tour_category-tagesausfluge-in-kairo","13":"first","14":"instock","15":"sale","16":"shipping-taxable","17":"purchasable","18":"product-type-tour","19":"has-default-attributes"},"yoast_head":"<!-- This site is optimized with the Yoast SEO Premium plugin v27.4 (Yoast SEO v27.4) - https:\/\/yoast.com\/product\/yoast-seo-premium-wordpress\/ -->\n<title>2 Tage Wei\u00dfe W\u00fcste und Bahariya Oase ab Kairo<\/title>\n<meta name=\"description\" content=\"2 Tage Wei\u00dfe W\u00fcste und Bahariya Oase ab Kairo. Safari, Sandboarding &amp; einzigartige Felsformationen. Buchen Sie Ihr W\u00fcstenabenteuer!\" \/>\n<meta name=\"robots\" content=\"index, follow, max-snippet:-1, max-image-preview:large, max-video-preview:-1\" \/>\n<link rel=\"canonical\" href=\"https:\/\/egytourpackages.com\/de\/touren\/2-tage-weisse-wueste-und-bahariya-oase-ab-kairo\/\" \/>\n<meta property=\"og:locale\" content=\"de_DE\" \/>\n<meta property=\"og:type\" content=\"article\" \/>\n<meta property=\"og:title\" content=\"2 Tage Wei\u00dfe W\u00fcste und Bahariya Oase ab Kairo\" \/>\n<meta property=\"og:description\" content=\"2 Tage Wei\u00dfe W\u00fcste und Bahariya Oase ab Kairo. Safari, Sandboarding &amp; einzigartige Felsformationen. Buchen Sie Ihr W\u00fcstenabenteuer!\" \/>\n<meta property=\"og:url\" content=\"https:\/\/egytourpackages.com\/de\/touren\/2-tage-weisse-wueste-und-bahariya-oase-ab-kairo\/\" \/>\n<meta property=\"og:site_name\" content=\"\u00c4gypten-Reisepakete\" \/>\n<meta property=\"article:publisher\" content=\"https:\/\/www.facebook.com\/egytourpackages\" \/>\n<meta property=\"article:modified_time\" content=\"2026-01-27T01:03:30+00:00\" \/>\n<meta property=\"og:image\" content=\"https:\/\/egytourpackages.com\/wp-content\/uploads\/2023\/08\/White-desert-and-Bahariya-Oasis-1024x682.jpg\" \/>\n<meta name=\"twitter:card\" content=\"summary_large_image\" \/>\n<meta name=\"twitter:title\" content=\"2 Tage Wei\u00dfe W\u00fcste und Bahariya Oase ab Kairo\" \/>\n<meta name=\"twitter:description\" content=\"2 Tage Wei\u00dfe W\u00fcste und Bahariya Oase ab Kairo. Safari, Sandboarding &amp; einzigartige Felsformationen. Buchen Sie Ihr W\u00fcstenabenteuer!\" \/>\n<meta name=\"twitter:image\" content=\"https:\/\/egytourpackages.com\/wp-content\/uploads\/2023\/08\/White-desert-and-Bahariya-Oasis-1024x682.jpg\" \/>\n<meta name=\"twitter:label1\" content=\"Preis\" \/>\n\t<meta name=\"twitter:data1\" content=\"&euro;150\" \/>\n\t<meta name=\"twitter:label2\" content=\"Verf\u00fcgbarkeit\" \/>\n\t<meta name=\"twitter:data2\" content=\"Auf Lager\" \/>\n<script type=\"application\/ld+json\" class=\"yoast-schema-graph\">{\"@context\":\"https:\\\/\\\/schema.org\",\"@graph\":[{\"@type\":\"WebPage\",\"@id\":\"https:\\\/\\\/egytourpackages.com\\\/de\\\/touren\\\/2-tage-weisse-wueste-und-bahariya-oase-ab-kairo\\\/\",\"url\":\"https:\\\/\\\/egytourpackages.com\\\/de\\\/touren\\\/2-tage-weisse-wueste-und-bahariya-oase-ab-kairo\\\/\",\"name\":\"2 Tage Wei\u00dfe W\u00fcste und Bahariya Oase ab Kairo\",\"isPartOf\":{\"@id\":\"https:\\\/\\\/egytourpackages.com\\\/de\\\/#website\"},\"primaryImageOfPage\":{\"@id\":\"https:\\\/\\\/egytourpackages.com\\\/de\\\/touren\\\/2-tage-weisse-wueste-und-bahariya-oase-ab-kairo\\\/#primaryimage\"},\"image\":{\"@id\":\"https:\\\/\\\/egytourpackages.com\\\/de\\\/touren\\\/2-tage-weisse-wueste-und-bahariya-oase-ab-kairo\\\/#primaryimage\"},\"thumbnailUrl\":\"https:\\\/\\\/egytourpackages.com\\\/wp-content\\\/uploads\\\/2023\\\/08\\\/White-desert-and-Bahariya-Oasis.jpg\",\"datePublished\":\"2023-08-16T05:08:35+00:00\",\"dateModified\":\"2026-01-27T01:03:30+00:00\",\"description\":\"2 Tage Wei\u00dfe W\u00fcste und Bahariya Oase ab Kairo. Safari, Sandboarding & einzigartige Felsformationen. Buchen Sie Ihr W\u00fcstenabenteuer!\",\"breadcrumb\":{\"@id\":\"https:\\\/\\\/egytourpackages.com\\\/de\\\/touren\\\/2-tage-weisse-wueste-und-bahariya-oase-ab-kairo\\\/#breadcrumb\"},\"inLanguage\":\"de\",\"potentialAction\":[{\"@type\":\"ReadAction\",\"target\":[\"https:\\\/\\\/egytourpackages.com\\\/de\\\/touren\\\/2-tage-weisse-wueste-und-bahariya-oase-ab-kairo\\\/\"]}]},{\"@type\":\"ImageObject\",\"inLanguage\":\"de\",\"@id\":\"https:\\\/\\\/egytourpackages.com\\\/de\\\/touren\\\/2-tage-weisse-wueste-und-bahariya-oase-ab-kairo\\\/#primaryimage\",\"url\":\"https:\\\/\\\/egytourpackages.com\\\/wp-content\\\/uploads\\\/2023\\\/08\\\/White-desert-and-Bahariya-Oasis.jpg\",\"contentUrl\":\"https:\\\/\\\/egytourpackages.com\\\/wp-content\\\/uploads\\\/2023\\\/08\\\/White-desert-and-Bahariya-Oasis.jpg\",\"width\":2000,\"height\":1333,\"caption\":\"White desert and Bahariya Oasis\"},{\"@type\":\"BreadcrumbList\",\"@id\":\"https:\\\/\\\/egytourpackages.com\\\/de\\\/touren\\\/2-tage-weisse-wueste-und-bahariya-oase-ab-kairo\\\/#breadcrumb\",\"itemListElement\":[{\"@type\":\"ListItem\",\"position\":1,\"name\":\"Startseite\",\"item\":\"https:\\\/\\\/egytourpackages.com\\\/de\\\/\"},{\"@type\":\"ListItem\",\"position\":2,\"name\":\"Shop\",\"item\":\"https:\\\/\\\/egytourpackages.com\\\/de\\\/shop\\\/\"},{\"@type\":\"ListItem\",\"position\":3,\"name\":\"2 Tage Wei\u00dfe W\u00fcste und Bahariya Oase ab Kairo\"}]},{\"@type\":\"WebSite\",\"@id\":\"https:\\\/\\\/egytourpackages.com\\\/de\\\/#website\",\"url\":\"https:\\\/\\\/egytourpackages.com\\\/de\\\/\",\"name\":\"Egy tour packages\",\"description\":\"\",\"publisher\":{\"@id\":\"https:\\\/\\\/egytourpackages.com\\\/de\\\/#organization\"},\"potentialAction\":[{\"@type\":\"SearchAction\",\"target\":{\"@type\":\"EntryPoint\",\"urlTemplate\":\"https:\\\/\\\/egytourpackages.com\\\/de\\\/?s={search_term_string}\"},\"query-input\":{\"@type\":\"PropertyValueSpecification\",\"valueRequired\":true,\"valueName\":\"search_term_string\"}}],\"inLanguage\":\"de\"},{\"@type\":[\"Organization\",\"Place\",\"TravelAgency\"],\"@id\":\"https:\\\/\\\/egytourpackages.com\\\/de\\\/#organization\",\"name\":\"egypt tour packages\",\"alternateName\":\"egypt tour packages\",\"url\":\"https:\\\/\\\/egytourpackages.com\\\/de\\\/\",\"logo\":{\"@id\":\"https:\\\/\\\/egytourpackages.com\\\/de\\\/touren\\\/2-tage-weisse-wueste-und-bahariya-oase-ab-kairo\\\/#local-main-organization-logo\"},\"image\":{\"@id\":\"https:\\\/\\\/egytourpackages.com\\\/de\\\/touren\\\/2-tage-weisse-wueste-und-bahariya-oase-ab-kairo\\\/#local-main-organization-logo\"},\"sameAs\":[\"https:\\\/\\\/www.facebook.com\\\/egytourpackages\"],\"legalName\":\"Egy tour packages\",\"address\":{\"@id\":\"https:\\\/\\\/egytourpackages.com\\\/de\\\/touren\\\/2-tage-weisse-wueste-und-bahariya-oase-ab-kairo\\\/#local-main-place-address\"},\"telephone\":[\"00201000852186\",\"00201028685533\"],\"contactPoint\":{\"@type\":\"ContactPoint\",\"telephone\":\"00201000852186\"},\"openingHoursSpecification\":[{\"@type\":\"OpeningHoursSpecification\",\"dayOfWeek\":[\"Monday\",\"Tuesday\",\"Wednesday\",\"Thursday\",\"Friday\",\"Saturday\",\"Sunday\"],\"opens\":\"00:00\",\"closes\":\"23:59\"}],\"email\":\"info@egytourpackages.com\",\"areaServed\":\"Cairo, Hurghada, Luxor, Sharm El Sheikh, Marsa Alam, Aswan\",\"priceRange\":\"$\",\"currenciesAccepted\":\"euro\",\"paymentAccepted\":\"Payment links online\"},{\"@type\":\"PostalAddress\",\"@id\":\"https:\\\/\\\/egytourpackages.com\\\/de\\\/touren\\\/2-tage-weisse-wueste-und-bahariya-oase-ab-kairo\\\/#local-main-place-address\",\"streetAddress\":\"Mubarak 8, Al Kawthar District, Hurghada\",\"addressLocality\":\"Hurghada\",\"postalCode\":\"84511\",\"addressRegion\":\"Red Sea\",\"addressCountry\":\"EG\"},{\"@type\":\"ImageObject\",\"inLanguage\":\"de\",\"@id\":\"https:\\\/\\\/egytourpackages.com\\\/de\\\/touren\\\/2-tage-weisse-wueste-und-bahariya-oase-ab-kairo\\\/#local-main-organization-logo\",\"url\":\"https:\\\/\\\/egytourpackages.com\\\/wp-content\\\/uploads\\\/2025\\\/12\\\/Turquoise-Dahabiya-Nile-Cruise-1.jpeg\",\"contentUrl\":\"https:\\\/\\\/egytourpackages.com\\\/wp-content\\\/uploads\\\/2025\\\/12\\\/Turquoise-Dahabiya-Nile-Cruise-1.jpeg\",\"width\":1040,\"height\":694,\"caption\":\"egypt tour packages\"}]}<\/script>\n<meta property=\"product:brand\" content=\"\u00c4gypten Tagestouren\" \/>\n<meta property=\"product:price:amount\" content=\"150\" \/>\n<meta property=\"product:price:currency\" content=\"EUR\" \/>\n<meta property=\"og:availability\" content=\"instock\" \/>\n<meta property=\"product:availability\" content=\"instock\" \/>\n<meta property=\"product:retailer_item_id\" content=\"CDT01\" \/>\n<meta property=\"product:condition\" content=\"new\" \/>\n<meta name=\"geo.placename\" content=\"Hurghada\" \/>\n<meta name=\"geo.region\" content=\"\u00c4gypten\" \/>\n<!-- \/ Yoast SEO Premium plugin. -->","yoast_head_json":{"title":"2 Tage Wei\u00dfe W\u00fcste und Bahariya Oase ab Kairo","description":"2 Tage Wei\u00dfe W\u00fcste und Bahariya Oase ab Kairo. Safari, Sandboarding & einzigartige Felsformationen. Buchen Sie Ihr W\u00fcstenabenteuer!","robots":{"index":"index","follow":"follow","max-snippet":"max-snippet:-1","max-image-preview":"max-image-preview:large","max-video-preview":"max-video-preview:-1"},"canonical":"https:\/\/egytourpackages.com\/de\/touren\/2-tage-weisse-wueste-und-bahariya-oase-ab-kairo\/","og_locale":"de_DE","og_type":"article","og_title":"2 Tage Wei\u00dfe W\u00fcste und Bahariya Oase ab Kairo","og_description":"2 Tage Wei\u00dfe W\u00fcste und Bahariya Oase ab Kairo. Safari, Sandboarding & einzigartige Felsformationen. Buchen Sie Ihr W\u00fcstenabenteuer!","og_url":"https:\/\/egytourpackages.com\/de\/touren\/2-tage-weisse-wueste-und-bahariya-oase-ab-kairo\/","og_site_name":"\u00c4gypten-Reisepakete","article_publisher":"https:\/\/www.facebook.com\/egytourpackages","article_modified_time":"2026-01-27T01:03:30+00:00","og_image":[{"url":"https:\/\/egytourpackages.com\/wp-content\/uploads\/2023\/08\/White-desert-and-Bahariya-Oasis-1024x682.jpg","type":"","width":"","height":""}],"twitter_card":"summary_large_image","twitter_title":"2 Tage Wei\u00dfe W\u00fcste und Bahariya Oase ab Kairo","twitter_description":"2 Tage Wei\u00dfe W\u00fcste und Bahariya Oase ab Kairo. Safari, Sandboarding & einzigartige Felsformationen. Buchen Sie Ihr W\u00fcstenabenteuer!","twitter_image":"https:\/\/egytourpackages.com\/wp-content\/uploads\/2023\/08\/White-desert-and-Bahariya-Oasis-1024x682.jpg","twitter_misc":{"Preis":"&euro;150","Verf\u00fcgbarkeit":"Auf Lager"},"schema":{"@context":"https:\/\/schema.org","@graph":[{"@type":"WebPage","@id":"https:\/\/egytourpackages.com\/de\/touren\/2-tage-weisse-wueste-und-bahariya-oase-ab-kairo\/","url":"https:\/\/egytourpackages.com\/de\/touren\/2-tage-weisse-wueste-und-bahariya-oase-ab-kairo\/","name":"2 Tage Wei\u00dfe W\u00fcste und Bahariya Oase ab Kairo","isPartOf":{"@id":"https:\/\/egytourpackages.com\/de\/#website"},"primaryImageOfPage":{"@id":"https:\/\/egytourpackages.com\/de\/touren\/2-tage-weisse-wueste-und-bahariya-oase-ab-kairo\/#primaryimage"},"image":{"@id":"https:\/\/egytourpackages.com\/de\/touren\/2-tage-weisse-wueste-und-bahariya-oase-ab-kairo\/#primaryimage"},"thumbnailUrl":"https:\/\/egytourpackages.com\/wp-content\/uploads\/2023\/08\/White-desert-and-Bahariya-Oasis.jpg","datePublished":"2023-08-16T05:08:35+00:00","dateModified":"2026-01-27T01:03:30+00:00","description":"2 Tage Wei\u00dfe W\u00fcste und Bahariya Oase ab Kairo. Safari, Sandboarding & einzigartige Felsformationen. Buchen Sie Ihr W\u00fcstenabenteuer!","breadcrumb":{"@id":"https:\/\/egytourpackages.com\/de\/touren\/2-tage-weisse-wueste-und-bahariya-oase-ab-kairo\/#breadcrumb"},"inLanguage":"de","potentialAction":[{"@type":"ReadAction","target":["https:\/\/egytourpackages.com\/de\/touren\/2-tage-weisse-wueste-und-bahariya-oase-ab-kairo\/"]}]},{"@type":"ImageObject","inLanguage":"de","@id":"https:\/\/egytourpackages.com\/de\/touren\/2-tage-weisse-wueste-und-bahariya-oase-ab-kairo\/#primaryimage","url":"https:\/\/egytourpackages.com\/wp-content\/uploads\/2023\/08\/White-desert-and-Bahariya-Oasis.jpg","contentUrl":"https:\/\/egytourpackages.com\/wp-content\/uploads\/2023\/08\/White-desert-and-Bahariya-Oasis.jpg","width":2000,"height":1333,"caption":"White desert and Bahariya Oasis"},{"@type":"BreadcrumbList","@id":"https:\/\/egytourpackages.com\/de\/touren\/2-tage-weisse-wueste-und-bahariya-oase-ab-kairo\/#breadcrumb","itemListElement":[{"@type":"ListItem","position":1,"name":"Startseite","item":"https:\/\/egytourpackages.com\/de\/"},{"@type":"ListItem","position":2,"name":"Shop","item":"https:\/\/egytourpackages.com\/de\/shop\/"},{"@type":"ListItem","position":3,"name":"2 Tage Wei\u00dfe W\u00fcste und Bahariya Oase ab Kairo"}]},{"@type":"WebSite","@id":"https:\/\/egytourpackages.com\/de\/#website","url":"https:\/\/egytourpackages.com\/de\/","name":"Egy tour packages","description":"","publisher":{"@id":"https:\/\/egytourpackages.com\/de\/#organization"},"potentialAction":[{"@type":"SearchAction","target":{"@type":"EntryPoint","urlTemplate":"https:\/\/egytourpackages.com\/de\/?s={search_term_string}"},"query-input":{"@type":"PropertyValueSpecification","valueRequired":true,"valueName":"search_term_string"}}],"inLanguage":"de"},{"@type":["Organization","Place","TravelAgency"],"@id":"https:\/\/egytourpackages.com\/de\/#organization","name":"egypt tour packages","alternateName":"egypt tour packages","url":"https:\/\/egytourpackages.com\/de\/","logo":{"@id":"https:\/\/egytourpackages.com\/de\/touren\/2-tage-weisse-wueste-und-bahariya-oase-ab-kairo\/#local-main-organization-logo"},"image":{"@id":"https:\/\/egytourpackages.com\/de\/touren\/2-tage-weisse-wueste-und-bahariya-oase-ab-kairo\/#local-main-organization-logo"},"sameAs":["https:\/\/www.facebook.com\/egytourpackages"],"legalName":"Egy tour packages","address":{"@id":"https:\/\/egytourpackages.com\/de\/touren\/2-tage-weisse-wueste-und-bahariya-oase-ab-kairo\/#local-main-place-address"},"telephone":["00201000852186","00201028685533"],"contactPoint":{"@type":"ContactPoint","telephone":"00201000852186"},"openingHoursSpecification":[{"@type":"OpeningHoursSpecification","dayOfWeek":["Monday","Tuesday","Wednesday","Thursday","Friday","Saturday","Sunday"],"opens":"00:00","closes":"23:59"}],"email":"info@egytourpackages.com","areaServed":"Cairo, Hurghada, Luxor, Sharm El Sheikh, Marsa Alam, Aswan","priceRange":"$","currenciesAccepted":"euro","paymentAccepted":"Payment links online"},{"@type":"PostalAddress","@id":"https:\/\/egytourpackages.com\/de\/touren\/2-tage-weisse-wueste-und-bahariya-oase-ab-kairo\/#local-main-place-address","streetAddress":"Mubarak 8, Al Kawthar District, Hurghada","addressLocality":"Hurghada","postalCode":"84511","addressRegion":"Red Sea","addressCountry":"EG"},{"@type":"ImageObject","inLanguage":"de","@id":"https:\/\/egytourpackages.com\/de\/touren\/2-tage-weisse-wueste-und-bahariya-oase-ab-kairo\/#local-main-organization-logo","url":"https:\/\/egytourpackages.com\/wp-content\/uploads\/2025\/12\/Turquoise-Dahabiya-Nile-Cruise-1.jpeg","contentUrl":"https:\/\/egytourpackages.com\/wp-content\/uploads\/2025\/12\/Turquoise-Dahabiya-Nile-Cruise-1.jpeg","width":1040,"height":694,"caption":"egypt tour packages"}]},"product_brand":"\u00c4gypten Tagestouren","product_price_amount":"150","product_price_currency":"EUR","og_availability":"instock","product_availability":"instock","product_retailer_item_id":"CDT01","product_condition":"new","geo.placename":"Hurghada","geo.region":"\u00c4gypten"},"_links":{"self":[{"href":"https:\/\/egytourpackages.com\/de\/wp-json\/wp\/v2\/product\/5287","targetHints":{"allow":["GET"]}}],"collection":[{"href":"https:\/\/egytourpackages.com\/de\/wp-json\/wp\/v2\/product"}],"about":[{"href":"https:\/\/egytourpackages.com\/de\/wp-json\/wp\/v2\/types\/product"}],"replies":[{"embeddable":true,"href":"https:\/\/egytourpackages.com\/de\/wp-json\/wp\/v2\/comments?post=5287"}],"wp:featuredmedia":[{"embeddable":true,"href":"https:\/\/egytourpackages.com\/de\/wp-json\/wp\/v2\/media\/2921"}],"wp:attachment":[{"href":"https:\/\/egytourpackages.com\/de\/wp-json\/wp\/v2\/media?parent=5287"}],"wp:term":[{"taxonomy":"product_brand","embeddable":true,"href":"https:\/\/egytourpackages.com\/de\/wp-json\/wp\/v2\/product_brand?post=5287"},{"taxonomy":"product_cat","embeddable":true,"href":"https:\/\/egytourpackages.com\/de\/wp-json\/wp\/v2\/product_cat?post=5287"},{"taxonomy":"product_tag","embeddable":true,"href":"https:\/\/egytourpackages.com\/de\/wp-json\/wp\/v2\/product_tag?post=5287"}],"curies":[{"name":"wp","href":"https:\/\/api.w.org\/{rel}","templated":true}]}}