{"id":5296,"date":"2023-08-16T12:26:05","date_gmt":"2023-08-16T12:26:05","guid":{"rendered":"https:\/\/egytourpackages.com\/product\/halbtaegige-pyramiden-tour-ab-kairo-beste-kairo-tagestouren\/"},"modified":"2026-01-08T11:23:58","modified_gmt":"2026-01-08T11:23:58","slug":"halbtaegige-pyramiden-tour-ab-kairo-beste-kairo-tagestouren","status":"publish","type":"product","link":"https:\/\/egytourpackages.com\/de\/touren\/halbtaegige-pyramiden-tour-ab-kairo-beste-kairo-tagestouren\/","title":{"rendered":"Halbt\u00e4gige Pyramiden Tour ab Kairo | Beste Kairo Tagestouren"},"content":{"rendered":"<p><strong><span style=\"color: #ff6600;\">Halbt\u00e4gige Pyramiden Tour ab Kairo &amp; 30 Minuten Kamelritt<\/span><\/strong><\/p>\n<p>Buchen Sie eine unvergessliche <strong>halbt\u00e4gige Gizeh Pyramiden Tour ab Kairo<\/strong>, eine Top-Wahl f\u00fcr <strong>Kairo Sightseeing<\/strong> und ein essentieller <strong>\u00c4gypten Tagesausflug<\/strong>. Diese private <strong>Kairo Tour<\/strong> bietet eine fesselnde Zeitreise, um die Wunder des <strong>alten \u00c4gypten<\/strong> zu erkunden. Erleben Sie die ikonischen <strong>Gro\u00dfen Pyramiden von Gizeh<\/strong> \u2013 <strong>Cheops<\/strong> (<strong>Khufu<\/strong>), <strong>Chephren<\/strong> (<strong>Khafre<\/strong>) und <strong>Mykerinos<\/strong> (<strong>Menkaure<\/strong>) \u2013 und tauchen Sie ein in die faszinierende Geschichte des <strong>Alten Reiches<\/strong>.<\/p>\n<p>Ihr erfahrener \u00c4gyptologe-Reisef\u00fchrer wird die architektonischen Meisterwerke und die k\u00f6nigliche Bedeutung dieser antiken Bauwerke beleuchten. \u00dcber die Hauptpyramiden hinaus beinhaltet diese umfassende <strong>Gizeh Tour<\/strong> auch Besuche der <strong>K\u00f6niginnenpyramiden<\/strong>, antiker <strong>Bootsgruben<\/strong> und der <strong>Gr\u00e4ber der Pyramidenbauer<\/strong>.<\/p>\n<p>Erleben Sie die W\u00fcstenlandschaft mit einem aufregenden <strong>30-min\u00fctigen Kamelritt an den Gizeh-Pyramiden<\/strong>, der Ihrem <strong>\u00c4gypten Urlaub<\/strong> eine authentische Note verleiht. Genie\u00dfen Sie den Komfort eines privaten Fahrzeugs, personalisierten Service und einen sachkundigen lokalen Reisef\u00fchrer w\u00e4hrend dieser unglaublichen <strong>Pyramiden Tour ab Kairo<\/strong>.<\/p>\n<h3><span style=\"color: #ff6600;\">Tour Details<\/span><\/h3>\n<ul>\n<li>Dauer: Halbtagestour<\/li>\n<li>Standort: Gizeh<\/li>\n<li>Verf\u00fcgbarkeit: T\u00e4glich<\/li>\n<li>Abholung &amp; R\u00fccktransfer: Hotels in Kairo &amp; Gizeh<\/li>\n<li>Tourtyp: Privat<\/li>\n<\/ul>\n<h3><span style=\"color: #ff6600;\">Tour H\u00f6hepunkte<\/span><\/h3>\n<ul>\n<li>Cheops-Pyramide<\/li>\n<li>Chephren-Pyramide<\/li>\n<li>Mykerinos-Pyramide<\/li>\n<li>K\u00f6niginnenpyramiden<\/li>\n<li>Bootsgruben<\/li>\n<li>Gr\u00e4ber der Pyramidenbauer<\/li>\n<li>Panorama<\/li>\n<li>Taltempel<\/li>\n<li>Die Gro\u00dfe Sphinx<\/li>\n<\/ul>\n<h3><span style=\"color: #ff6600;\">Inklusive<\/span><\/h3>\n<ul>\n<li>Hin- und R\u00fccktransfer mit modernem, klimatisiertem Fahrzeug<\/li>\n<li>Experten-Arch\u00e4ologen-Reisef\u00fchrer<\/li>\n<li>Wasser w\u00e4hrend der Tour<\/li>\n<li>30 Minuten Kamelritt am Panorama<\/li>\n<\/ul>\n<h3><span style=\"color: #ff6600;\">Exklusive<\/span><\/h3>\n<ul>\n<li>Trinkgelder<\/li>\n<li>Pers\u00f6nliche Ausgaben<\/li>\n<li>Eintrittsgeb\u00fchren f\u00fcr die Pyramiden (Innenbesichtigung)<\/li>\n<\/ul>\n<h3><span style=\"color: #ff6600;\">Was Sie einpacken sollten<\/span><\/h3>\n<ul>\n<li>Sonnencreme und Sonnenbrille<\/li>\n<li>Hut oder Schal<\/li>\n<\/ul>\n<h2><span style=\"color: #ff6600;\">Reiseroute<\/span><\/h2>\n<p>Genie\u00dfen Sie Ihr Fr\u00fchst\u00fcck im Hotel und treffen Sie dann Ihren Reisef\u00fchrer in der Hotellobby, um Ihre <strong>Kairo Tagestour<\/strong> zu den Top-<strong>\u00c4gypten Sehensw\u00fcrdigkeiten<\/strong>, den <strong>Gizeh-Pyramiden<\/strong>, zu beginnen. Ihr Reisef\u00fchrer wird die drei wichtigsten Fragen beantworten, die Ihnen in den Sinn kommen werden: Wie wurden die Pyramiden gebaut? Warum wurden die Pyramiden gebaut? Und wer baute die Pyramiden?<\/p>\n<p>W\u00e4hrend Ihrer <strong>Pyramiden Tour<\/strong> mit Ihrem Reisef\u00fchrer k\u00f6nnen Sie auf Wunsch und gegen Geb\u00fchr die <strong>Gro\u00dfe Pyramide des Cheops<\/strong> betreten. Au\u00dferdem k\u00f6nnen Sie eine der <strong>K\u00f6niginnenpyramiden<\/strong> kostenlos betreten und die Ruinen des <strong>Totenhauses des Cheops<\/strong> besichtigen.<\/p>\n<p>In der Zwischenzeit k\u00f6nnen Sie mit Ihrem Reisef\u00fchrer die <strong>Chephren-Pyramide<\/strong> und die acht L\u00f6cher des <strong>Mumifizierungszeltes<\/strong> entdecken, die neben seinem Totenhaus gefunden wurden. Zudem k\u00f6nnen Sie vom <strong>Panorama<\/strong> aus sehr sch\u00f6ne Fotos von allen drei Pyramiden machen, die auf Kamelen ausgerichtet sind (im Rahmen der Tour). Sie k\u00f6nnen auch die <strong>Mykerinos-Pyramide<\/strong> mit ihren Granitverkleidungen aus <strong>Assuan<\/strong> n\u00e4her betrachten.<\/p>\n<p>Tats\u00e4chlich beenden Sie Ihre <strong>\u00c4gypten Tagestour<\/strong> zu den <strong>Gizeh-Pyramiden<\/strong> mit dem <strong>Taltempel<\/strong>, wo die <strong>Mund\u00f6ffnungsrituale<\/strong> durchgef\u00fchrt wurden. Schlie\u00dflich erreichen Sie die <strong>Gro\u00dfe Sphinx<\/strong> und k\u00f6nnen die <strong>Traumstele<\/strong> sehen und mehr \u00fcber die sp\u00e4ter entdeckte weibliche Sphinx erfahren. Auf dem Weg aus der Sphinx sehen Sie auf Ihrer rechten Seite die <strong>Gr\u00e4ber der Pyramidenbauer<\/strong>.<\/p>\n<h3><span style=\"color: #ff6600;\">Halbt\u00e4gige Pyramiden Tour ab Kairo Preis<\/span><\/h3>\n<ul>\n<li>Erwachsenenpreis = 60 \u20ac<\/li>\n<li>Kinder 0-5 Jahre = kostenlos<\/li>\n<li>Kinder 5-11 Jahre = 50 % des Erwachsenenpreises<\/li>\n<\/ul>\n<h3><span style=\"color: #ff6600;\">Buchung<\/span><\/h3>\n<p>Sie k\u00f6nnen Ihre Tour \u00fcber WhatsApp buchen oder uns eine E-Mail senden und erhalten sofort eine Best\u00e4tigung. Bitte senden Sie uns Ihren Hotelnamen, Zimmernummer und Passkopien.<\/p>\n<p>WhatsApp: +201000852186<\/p>\n<p>info@egytourpackages.com<\/p>\n<h3><span style=\"color: #ff6600;\">Jetzt buchen &amp; vor Ort bezahlen<\/span><\/h3>\n<p>Buchen Sie Ihre Lieblingstour und bezahlen Sie am Tag der Reise.<\/p>\n<h3><span style=\"color: #ff6600;\">Zahlung<\/span><\/h3>\n<p>Sie k\u00f6nnen in \u00c4gyptischen Pfund, US-Dollar, Euro oder Britischen Pfund bezahlen.<\/p>\n<h3><span style=\"color: #ff6600;\">Stornierungsbedingungen<\/span><\/h3>\n<p>Kostenlose Stornierung bis zu 24 Stunden im Voraus m\u00f6glich.<\/p>\n<h3><span style=\"color: #ff6600;\">Reservierung &amp; Zahlung<\/span><\/h3>\n<ul>\n<li>Der einfachste Weg ist, Ihre Tour \u00fcber WhatsApp zu buchen oder uns eine E-Mail zu senden.<\/li>\n<li>Zahlung vor Ort am Reisetag.<\/li>\n<\/ul>\n","protected":false},"excerpt":{"rendered":"<p>Entdecken Sie die Gizeh-Pyramiden auf einer Halbt\u00e4gige Pyramiden Tour ab Kairo. Inklusive Kamelritt &amp; Expertenguide. Buchen Sie jetzt Ihr \u00c4gypten-Abenteuer!<\/p>\n","protected":false},"featured_media":9809,"comment_status":"open","ping_status":"closed","template":"","meta":[],"product_brand":[],"product_cat":[1494],"product_tag":[1495,1527,1518],"class_list":{"0":"post-5296","1":"product","2":"type-product","3":"status-publish","4":"has-post-thumbnail","6":"product_cat-touren","7":"product_tag-agypten-tagestouren","8":"product_tag-pyramiden-von-gizeh","9":"product_tag-tagesausfluge-in-kairo","10":"tour_category-agypten-tagestouren","11":"tour_category-tagesausfluge-in-kairo","13":"first","14":"instock","15":"sale","16":"shipping-taxable","17":"purchasable","18":"product-type-tour","19":"has-default-attributes"},"yoast_head":"<!-- This site is optimized with the Yoast SEO Premium plugin v27.4 (Yoast SEO v27.4) - https:\/\/yoast.com\/product\/yoast-seo-premium-wordpress\/ -->\n<title>Halbt\u00e4gige Pyramiden Tour ab Kairo | Beste Kairo Tagestouren<\/title>\n<meta name=\"description\" content=\"Entdecken Sie die Gizeh-Pyramiden auf einer Halbt\u00e4gige Pyramiden Tour ab Kairo. Inklusive Kamelritt &amp; Expertenguide. Buchen Sie jetzt Ihr \u00c4gypten-Abenteuer!\" \/>\n<meta name=\"robots\" content=\"index, follow, max-snippet:-1, max-image-preview:large, max-video-preview:-1\" \/>\n<link rel=\"canonical\" href=\"https:\/\/egytourpackages.com\/de\/touren\/halbtaegige-pyramiden-tour-ab-kairo-beste-kairo-tagestouren\/\" \/>\n<meta property=\"og:locale\" content=\"de_DE\" \/>\n<meta property=\"og:type\" content=\"article\" \/>\n<meta property=\"og:title\" content=\"Halbt\u00e4gige Pyramiden Tour ab Kairo\" \/>\n<meta property=\"og:description\" content=\"Entdecken Sie die Gizeh-Pyramiden auf einer Halbt\u00e4gige Pyramiden Tour ab Kairo. Inklusive Kamelritt &amp; Expertenguide. Buchen Sie jetzt Ihr \u00c4gypten-Abenteuer!\" \/>\n<meta property=\"og:url\" content=\"https:\/\/egytourpackages.com\/de\/touren\/halbtaegige-pyramiden-tour-ab-kairo-beste-kairo-tagestouren\/\" \/>\n<meta property=\"og:site_name\" content=\"\u00c4gypten-Reisepakete\" \/>\n<meta property=\"article:publisher\" content=\"https:\/\/www.facebook.com\/egytourpackages\" \/>\n<meta property=\"article:modified_time\" content=\"2026-01-08T11:23:58+00:00\" \/>\n<meta property=\"og:image\" content=\"https:\/\/egytourpackages.com\/wp-content\/uploads\/2023\/07\/Giza-Pyramids-1-1024x768.jpg\" \/>\n<meta name=\"twitter:card\" content=\"summary_large_image\" \/>\n<meta name=\"twitter:title\" content=\"Halbt\u00e4gige Pyramiden Tour ab Kairo\" \/>\n<meta name=\"twitter:description\" content=\"Entdecken Sie die Gizeh-Pyramiden auf einer Halbt\u00e4gige Pyramiden Tour ab Kairo. Inklusive Kamelritt &amp; Expertenguide. Buchen Sie jetzt Ihr \u00c4gypten-Abenteuer!\" \/>\n<meta name=\"twitter:image\" content=\"https:\/\/egytourpackages.com\/wp-content\/uploads\/2023\/07\/Giza-Pyramids-1-1024x768.jpg\" \/>\n<meta name=\"twitter:label1\" content=\"Preis\" \/>\n\t<meta name=\"twitter:data1\" content=\"&euro;70\" \/>\n\t<meta name=\"twitter:label2\" content=\"Verf\u00fcgbarkeit\" \/>\n\t<meta name=\"twitter:data2\" content=\"Auf Lager\" \/>\n<script type=\"application\/ld+json\" class=\"yoast-schema-graph\">{\"@context\":\"https:\\\/\\\/schema.org\",\"@graph\":[{\"@type\":\"WebPage\",\"@id\":\"https:\\\/\\\/egytourpackages.com\\\/de\\\/touren\\\/halbtaegige-pyramiden-tour-ab-kairo-beste-kairo-tagestouren\\\/\",\"url\":\"https:\\\/\\\/egytourpackages.com\\\/de\\\/touren\\\/halbtaegige-pyramiden-tour-ab-kairo-beste-kairo-tagestouren\\\/\",\"name\":\"Halbt\u00e4gige Pyramiden Tour ab Kairo | Beste Kairo Tagestouren\",\"isPartOf\":{\"@id\":\"https:\\\/\\\/egytourpackages.com\\\/de\\\/#website\"},\"primaryImageOfPage\":{\"@id\":\"https:\\\/\\\/egytourpackages.com\\\/de\\\/touren\\\/halbtaegige-pyramiden-tour-ab-kairo-beste-kairo-tagestouren\\\/#primaryimage\"},\"image\":{\"@id\":\"https:\\\/\\\/egytourpackages.com\\\/de\\\/touren\\\/halbtaegige-pyramiden-tour-ab-kairo-beste-kairo-tagestouren\\\/#primaryimage\"},\"thumbnailUrl\":\"https:\\\/\\\/egytourpackages.com\\\/wp-content\\\/uploads\\\/2023\\\/08\\\/Half-Day-Pyramids-Tour-from-Cairo.jpg\",\"datePublished\":\"2023-08-16T12:26:05+00:00\",\"dateModified\":\"2026-01-08T11:23:58+00:00\",\"description\":\"Entdecken Sie die Gizeh-Pyramiden auf einer Halbt\u00e4gige Pyramiden Tour ab Kairo. Inklusive Kamelritt & Expertenguide. Buchen Sie jetzt Ihr \u00c4gypten-Abenteuer!\",\"breadcrumb\":{\"@id\":\"https:\\\/\\\/egytourpackages.com\\\/de\\\/touren\\\/halbtaegige-pyramiden-tour-ab-kairo-beste-kairo-tagestouren\\\/#breadcrumb\"},\"inLanguage\":\"de\",\"potentialAction\":[{\"@type\":\"ReadAction\",\"target\":[\"https:\\\/\\\/egytourpackages.com\\\/de\\\/touren\\\/halbtaegige-pyramiden-tour-ab-kairo-beste-kairo-tagestouren\\\/\"]}]},{\"@type\":\"ImageObject\",\"inLanguage\":\"de\",\"@id\":\"https:\\\/\\\/egytourpackages.com\\\/de\\\/touren\\\/halbtaegige-pyramiden-tour-ab-kairo-beste-kairo-tagestouren\\\/#primaryimage\",\"url\":\"https:\\\/\\\/egytourpackages.com\\\/wp-content\\\/uploads\\\/2023\\\/08\\\/Half-Day-Pyramids-Tour-from-Cairo.jpg\",\"contentUrl\":\"https:\\\/\\\/egytourpackages.com\\\/wp-content\\\/uploads\\\/2023\\\/08\\\/Half-Day-Pyramids-Tour-from-Cairo.jpg\",\"width\":1600,\"height\":1200,\"caption\":\"Half Day Pyramids Tour from Cairo\"},{\"@type\":\"BreadcrumbList\",\"@id\":\"https:\\\/\\\/egytourpackages.com\\\/de\\\/touren\\\/halbtaegige-pyramiden-tour-ab-kairo-beste-kairo-tagestouren\\\/#breadcrumb\",\"itemListElement\":[{\"@type\":\"ListItem\",\"position\":1,\"name\":\"Startseite\",\"item\":\"https:\\\/\\\/egytourpackages.com\\\/de\\\/\"},{\"@type\":\"ListItem\",\"position\":2,\"name\":\"Shop\",\"item\":\"https:\\\/\\\/egytourpackages.com\\\/de\\\/shop\\\/\"},{\"@type\":\"ListItem\",\"position\":3,\"name\":\"Halbt\u00e4gige Pyramiden Tour ab Kairo | Beste Kairo Tagestouren\"}]},{\"@type\":\"WebSite\",\"@id\":\"https:\\\/\\\/egytourpackages.com\\\/de\\\/#website\",\"url\":\"https:\\\/\\\/egytourpackages.com\\\/de\\\/\",\"name\":\"Egy tour packages\",\"description\":\"\",\"publisher\":{\"@id\":\"https:\\\/\\\/egytourpackages.com\\\/de\\\/#organization\"},\"potentialAction\":[{\"@type\":\"SearchAction\",\"target\":{\"@type\":\"EntryPoint\",\"urlTemplate\":\"https:\\\/\\\/egytourpackages.com\\\/de\\\/?s={search_term_string}\"},\"query-input\":{\"@type\":\"PropertyValueSpecification\",\"valueRequired\":true,\"valueName\":\"search_term_string\"}}],\"inLanguage\":\"de\"},{\"@type\":[\"Organization\",\"Place\",\"TravelAgency\"],\"@id\":\"https:\\\/\\\/egytourpackages.com\\\/de\\\/#organization\",\"name\":\"egypt tour packages\",\"alternateName\":\"egypt tour packages\",\"url\":\"https:\\\/\\\/egytourpackages.com\\\/de\\\/\",\"logo\":{\"@id\":\"https:\\\/\\\/egytourpackages.com\\\/de\\\/touren\\\/halbtaegige-pyramiden-tour-ab-kairo-beste-kairo-tagestouren\\\/#local-main-organization-logo\"},\"image\":{\"@id\":\"https:\\\/\\\/egytourpackages.com\\\/de\\\/touren\\\/halbtaegige-pyramiden-tour-ab-kairo-beste-kairo-tagestouren\\\/#local-main-organization-logo\"},\"sameAs\":[\"https:\\\/\\\/www.facebook.com\\\/egytourpackages\"],\"legalName\":\"Egy tour packages\",\"address\":{\"@id\":\"https:\\\/\\\/egytourpackages.com\\\/de\\\/touren\\\/halbtaegige-pyramiden-tour-ab-kairo-beste-kairo-tagestouren\\\/#local-main-place-address\"},\"telephone\":[\"00201000852186\",\"00201028685533\"],\"contactPoint\":{\"@type\":\"ContactPoint\",\"telephone\":\"00201000852186\"},\"openingHoursSpecification\":[{\"@type\":\"OpeningHoursSpecification\",\"dayOfWeek\":[\"Monday\",\"Tuesday\",\"Wednesday\",\"Thursday\",\"Friday\",\"Saturday\",\"Sunday\"],\"opens\":\"00:00\",\"closes\":\"23:59\"}],\"email\":\"info@egytourpackages.com\",\"areaServed\":\"Cairo, Hurghada, Luxor, Sharm El Sheikh, Marsa Alam, Aswan\",\"priceRange\":\"$\",\"currenciesAccepted\":\"euro\",\"paymentAccepted\":\"Payment links online\"},{\"@type\":\"PostalAddress\",\"@id\":\"https:\\\/\\\/egytourpackages.com\\\/de\\\/touren\\\/halbtaegige-pyramiden-tour-ab-kairo-beste-kairo-tagestouren\\\/#local-main-place-address\",\"streetAddress\":\"Mubarak 8, Al Kawthar District, Hurghada\",\"addressLocality\":\"Hurghada\",\"postalCode\":\"84511\",\"addressRegion\":\"Red Sea\",\"addressCountry\":\"EG\"},{\"@type\":\"ImageObject\",\"inLanguage\":\"de\",\"@id\":\"https:\\\/\\\/egytourpackages.com\\\/de\\\/touren\\\/halbtaegige-pyramiden-tour-ab-kairo-beste-kairo-tagestouren\\\/#local-main-organization-logo\",\"url\":\"https:\\\/\\\/egytourpackages.com\\\/wp-content\\\/uploads\\\/2025\\\/12\\\/Turquoise-Dahabiya-Nile-Cruise-1.jpeg\",\"contentUrl\":\"https:\\\/\\\/egytourpackages.com\\\/wp-content\\\/uploads\\\/2025\\\/12\\\/Turquoise-Dahabiya-Nile-Cruise-1.jpeg\",\"width\":1040,\"height\":694,\"caption\":\"egypt tour packages\"}]}<\/script>\n<meta property=\"product:brand\" content=\"\u00c4gypten Tagestouren\" \/>\n<meta property=\"product:price:amount\" content=\"70\" \/>\n<meta property=\"product:price:currency\" content=\"EUR\" \/>\n<meta property=\"og:availability\" content=\"instock\" \/>\n<meta property=\"product:availability\" content=\"instock\" \/>\n<meta property=\"product:retailer_item_id\" content=\"CDT02\" \/>\n<meta property=\"product:condition\" content=\"new\" \/>\n<meta name=\"geo.placename\" content=\"Hurghada\" \/>\n<meta name=\"geo.region\" content=\"\u00c4gypten\" \/>\n<!-- \/ Yoast SEO Premium plugin. -->","yoast_head_json":{"title":"Halbt\u00e4gige Pyramiden Tour ab Kairo | Beste Kairo Tagestouren","description":"Entdecken Sie die Gizeh-Pyramiden auf einer Halbt\u00e4gige Pyramiden Tour ab Kairo. Inklusive Kamelritt & Expertenguide. Buchen Sie jetzt Ihr \u00c4gypten-Abenteuer!","robots":{"index":"index","follow":"follow","max-snippet":"max-snippet:-1","max-image-preview":"max-image-preview:large","max-video-preview":"max-video-preview:-1"},"canonical":"https:\/\/egytourpackages.com\/de\/touren\/halbtaegige-pyramiden-tour-ab-kairo-beste-kairo-tagestouren\/","og_locale":"de_DE","og_type":"article","og_title":"Halbt\u00e4gige Pyramiden Tour ab Kairo","og_description":"Entdecken Sie die Gizeh-Pyramiden auf einer Halbt\u00e4gige Pyramiden Tour ab Kairo. Inklusive Kamelritt & Expertenguide. Buchen Sie jetzt Ihr \u00c4gypten-Abenteuer!","og_url":"https:\/\/egytourpackages.com\/de\/touren\/halbtaegige-pyramiden-tour-ab-kairo-beste-kairo-tagestouren\/","og_site_name":"\u00c4gypten-Reisepakete","article_publisher":"https:\/\/www.facebook.com\/egytourpackages","article_modified_time":"2026-01-08T11:23:58+00:00","og_image":[{"url":"https:\/\/egytourpackages.com\/wp-content\/uploads\/2023\/07\/Giza-Pyramids-1-1024x768.jpg","type":"","width":"","height":""}],"twitter_card":"summary_large_image","twitter_title":"Halbt\u00e4gige Pyramiden Tour ab Kairo","twitter_description":"Entdecken Sie die Gizeh-Pyramiden auf einer Halbt\u00e4gige Pyramiden Tour ab Kairo. Inklusive Kamelritt & Expertenguide. Buchen Sie jetzt Ihr \u00c4gypten-Abenteuer!","twitter_image":"https:\/\/egytourpackages.com\/wp-content\/uploads\/2023\/07\/Giza-Pyramids-1-1024x768.jpg","twitter_misc":{"Preis":"&euro;70","Verf\u00fcgbarkeit":"Auf Lager"},"schema":{"@context":"https:\/\/schema.org","@graph":[{"@type":"WebPage","@id":"https:\/\/egytourpackages.com\/de\/touren\/halbtaegige-pyramiden-tour-ab-kairo-beste-kairo-tagestouren\/","url":"https:\/\/egytourpackages.com\/de\/touren\/halbtaegige-pyramiden-tour-ab-kairo-beste-kairo-tagestouren\/","name":"Halbt\u00e4gige Pyramiden Tour ab Kairo | Beste Kairo Tagestouren","isPartOf":{"@id":"https:\/\/egytourpackages.com\/de\/#website"},"primaryImageOfPage":{"@id":"https:\/\/egytourpackages.com\/de\/touren\/halbtaegige-pyramiden-tour-ab-kairo-beste-kairo-tagestouren\/#primaryimage"},"image":{"@id":"https:\/\/egytourpackages.com\/de\/touren\/halbtaegige-pyramiden-tour-ab-kairo-beste-kairo-tagestouren\/#primaryimage"},"thumbnailUrl":"https:\/\/egytourpackages.com\/wp-content\/uploads\/2023\/08\/Half-Day-Pyramids-Tour-from-Cairo.jpg","datePublished":"2023-08-16T12:26:05+00:00","dateModified":"2026-01-08T11:23:58+00:00","description":"Entdecken Sie die Gizeh-Pyramiden auf einer Halbt\u00e4gige Pyramiden Tour ab Kairo. Inklusive Kamelritt & Expertenguide. Buchen Sie jetzt Ihr \u00c4gypten-Abenteuer!","breadcrumb":{"@id":"https:\/\/egytourpackages.com\/de\/touren\/halbtaegige-pyramiden-tour-ab-kairo-beste-kairo-tagestouren\/#breadcrumb"},"inLanguage":"de","potentialAction":[{"@type":"ReadAction","target":["https:\/\/egytourpackages.com\/de\/touren\/halbtaegige-pyramiden-tour-ab-kairo-beste-kairo-tagestouren\/"]}]},{"@type":"ImageObject","inLanguage":"de","@id":"https:\/\/egytourpackages.com\/de\/touren\/halbtaegige-pyramiden-tour-ab-kairo-beste-kairo-tagestouren\/#primaryimage","url":"https:\/\/egytourpackages.com\/wp-content\/uploads\/2023\/08\/Half-Day-Pyramids-Tour-from-Cairo.jpg","contentUrl":"https:\/\/egytourpackages.com\/wp-content\/uploads\/2023\/08\/Half-Day-Pyramids-Tour-from-Cairo.jpg","width":1600,"height":1200,"caption":"Half Day Pyramids Tour from Cairo"},{"@type":"BreadcrumbList","@id":"https:\/\/egytourpackages.com\/de\/touren\/halbtaegige-pyramiden-tour-ab-kairo-beste-kairo-tagestouren\/#breadcrumb","itemListElement":[{"@type":"ListItem","position":1,"name":"Startseite","item":"https:\/\/egytourpackages.com\/de\/"},{"@type":"ListItem","position":2,"name":"Shop","item":"https:\/\/egytourpackages.com\/de\/shop\/"},{"@type":"ListItem","position":3,"name":"Halbt\u00e4gige Pyramiden Tour ab Kairo | Beste Kairo Tagestouren"}]},{"@type":"WebSite","@id":"https:\/\/egytourpackages.com\/de\/#website","url":"https:\/\/egytourpackages.com\/de\/","name":"Egy tour packages","description":"","publisher":{"@id":"https:\/\/egytourpackages.com\/de\/#organization"},"potentialAction":[{"@type":"SearchAction","target":{"@type":"EntryPoint","urlTemplate":"https:\/\/egytourpackages.com\/de\/?s={search_term_string}"},"query-input":{"@type":"PropertyValueSpecification","valueRequired":true,"valueName":"search_term_string"}}],"inLanguage":"de"},{"@type":["Organization","Place","TravelAgency"],"@id":"https:\/\/egytourpackages.com\/de\/#organization","name":"egypt tour packages","alternateName":"egypt tour packages","url":"https:\/\/egytourpackages.com\/de\/","logo":{"@id":"https:\/\/egytourpackages.com\/de\/touren\/halbtaegige-pyramiden-tour-ab-kairo-beste-kairo-tagestouren\/#local-main-organization-logo"},"image":{"@id":"https:\/\/egytourpackages.com\/de\/touren\/halbtaegige-pyramiden-tour-ab-kairo-beste-kairo-tagestouren\/#local-main-organization-logo"},"sameAs":["https:\/\/www.facebook.com\/egytourpackages"],"legalName":"Egy tour packages","address":{"@id":"https:\/\/egytourpackages.com\/de\/touren\/halbtaegige-pyramiden-tour-ab-kairo-beste-kairo-tagestouren\/#local-main-place-address"},"telephone":["00201000852186","00201028685533"],"contactPoint":{"@type":"ContactPoint","telephone":"00201000852186"},"openingHoursSpecification":[{"@type":"OpeningHoursSpecification","dayOfWeek":["Monday","Tuesday","Wednesday","Thursday","Friday","Saturday","Sunday"],"opens":"00:00","closes":"23:59"}],"email":"info@egytourpackages.com","areaServed":"Cairo, Hurghada, Luxor, Sharm El Sheikh, Marsa Alam, Aswan","priceRange":"$","currenciesAccepted":"euro","paymentAccepted":"Payment links online"},{"@type":"PostalAddress","@id":"https:\/\/egytourpackages.com\/de\/touren\/halbtaegige-pyramiden-tour-ab-kairo-beste-kairo-tagestouren\/#local-main-place-address","streetAddress":"Mubarak 8, Al Kawthar District, Hurghada","addressLocality":"Hurghada","postalCode":"84511","addressRegion":"Red Sea","addressCountry":"EG"},{"@type":"ImageObject","inLanguage":"de","@id":"https:\/\/egytourpackages.com\/de\/touren\/halbtaegige-pyramiden-tour-ab-kairo-beste-kairo-tagestouren\/#local-main-organization-logo","url":"https:\/\/egytourpackages.com\/wp-content\/uploads\/2025\/12\/Turquoise-Dahabiya-Nile-Cruise-1.jpeg","contentUrl":"https:\/\/egytourpackages.com\/wp-content\/uploads\/2025\/12\/Turquoise-Dahabiya-Nile-Cruise-1.jpeg","width":1040,"height":694,"caption":"egypt tour packages"}]},"product_brand":"\u00c4gypten Tagestouren","product_price_amount":"70","product_price_currency":"EUR","og_availability":"instock","product_availability":"instock","product_retailer_item_id":"CDT02","product_condition":"new","geo.placename":"Hurghada","geo.region":"\u00c4gypten"},"_links":{"self":[{"href":"https:\/\/egytourpackages.com\/de\/wp-json\/wp\/v2\/product\/5296","targetHints":{"allow":["GET"]}}],"collection":[{"href":"https:\/\/egytourpackages.com\/de\/wp-json\/wp\/v2\/product"}],"about":[{"href":"https:\/\/egytourpackages.com\/de\/wp-json\/wp\/v2\/types\/product"}],"replies":[{"embeddable":true,"href":"https:\/\/egytourpackages.com\/de\/wp-json\/wp\/v2\/comments?post=5296"}],"wp:featuredmedia":[{"embeddable":true,"href":"https:\/\/egytourpackages.com\/de\/wp-json\/wp\/v2\/media\/9809"}],"wp:attachment":[{"href":"https:\/\/egytourpackages.com\/de\/wp-json\/wp\/v2\/media?parent=5296"}],"wp:term":[{"taxonomy":"product_brand","embeddable":true,"href":"https:\/\/egytourpackages.com\/de\/wp-json\/wp\/v2\/product_brand?post=5296"},{"taxonomy":"product_cat","embeddable":true,"href":"https:\/\/egytourpackages.com\/de\/wp-json\/wp\/v2\/product_cat?post=5296"},{"taxonomy":"product_tag","embeddable":true,"href":"https:\/\/egytourpackages.com\/de\/wp-json\/wp\/v2\/product_tag?post=5296"}],"curies":[{"name":"wp","href":"https:\/\/api.w.org\/{rel}","templated":true}]}}