{"id":5321,"date":"2024-07-03T06:57:12","date_gmt":"2024-07-03T06:57:12","guid":{"rendered":"https:\/\/egytourpackages.com\/product\/tagesausflug-nach-fayoum-von-kairo\/"},"modified":"2026-02-19T22:03:38","modified_gmt":"2026-02-19T22:03:38","slug":"tagesausflug-nach-fayoum-von-kairo","status":"publish","type":"product","link":"https:\/\/egytourpackages.com\/de\/touren\/tagesausflug-nach-fayoum-von-kairo\/","title":{"rendered":"Tagesausflug nach Fayoum von Kairo"},"content":{"rendered":"<p><strong><span style=\"color: #ff6600;\">Tagesausflug nach Fayoum von Kairo<\/span><\/strong><\/p>\n<p>Buchen Sie einen fesselnden <strong>Tagesausflug nach Fayoum<\/strong> von <strong>Kairo<\/strong>, einer einzigartigen Region, die f\u00fcr ihre reiche Geschichte und atemberaubende Naturlandschaften bekannt ist. Diese <strong>private Tour<\/strong> bietet eine perfekte Flucht aus der gesch\u00e4ftigen Stadt und taucht Sie ein in eine Mischung aus alten arch\u00e4ologischen St\u00e4tten und beeindruckender W\u00fcstensch\u00f6nheit.<\/p>\n<p>Ihr <strong>Fayoum-Abenteuer<\/strong> beginnt mit einem Besuch des <strong>Museums von Kom Aushim<\/strong>, das Artefakte aus der <strong>griechisch-r\u00f6mischen<\/strong> Stadt <strong>Karanis<\/strong> pr\u00e4sentiert und unsch\u00e4tzbare Einblicke in das t\u00e4gliche Leben im alten Fayoum bietet. Als N\u00e4chstes erkunden Sie die arch\u00e4ologische St\u00e4tte von <strong>Kiman Fares<\/strong>, einst die alte Hauptstadt von Fayoum und ein bedeutendes Zentrum f\u00fcr die Verehrung des Krokodilgottes <strong>Sobek<\/strong>. Schlendern Sie durch die \u00dcberreste der <strong>Stadt Karanis<\/strong>, einer gut erhaltenen Stadt aus der R\u00f6merzeit mit ihren faszinierenden Ruinen von H\u00e4usern, Tempeln und \u00f6ffentlichen B\u00e4dern.<\/p>\n<p>Tauchen Sie ein in die Ingenieurskunst des <strong>Mittleren Reiches<\/strong> mit einem Halt an den <strong>Hawara-Pyramiden<\/strong>, einer einzigartigen Schlammziegelpyramide, die von <strong>Pharao Amenemhat III<\/strong> erbaut wurde und ber\u00fchmt mit dem legend\u00e4ren Labyrinth in Verbindung gebracht wird. Die Reise kulminiert im malerischen <strong>Wadi El Rayan<\/strong>, einem Schutzgebiet, das f\u00fcr seine ruhigen Seen und die einzigen nat\u00fcrlichen <strong>Wasserf\u00e4lle<\/strong> in \u00c4gypten gefeiert wird. Genie\u00dfen Sie die Ruhe dieser W\u00fcstenoase, bestaunen Sie ihre vielf\u00e4ltige Tierwelt und halten Sie unvergessliche Momente ihrer faszinierenden Landschaften fest. Diese <strong>Fayoum-Tour<\/strong> bietet ein bereicherndes und unvergessliches Erlebnis von \u00c4gyptens verborgenen Sch\u00e4tzen, ideal f\u00fcr Geschichtsliebhaber und Naturliebhaber gleicherma\u00dfen.<\/p>\n<p>Entdecken Sie sechs <strong>\u00e4gyptische Oasen<\/strong> neben <strong>Siwa<\/strong>, <strong>Bahariya<\/strong>, <strong>Farafra<\/strong>, <strong>Dakhla<\/strong> und der <strong>Kharga-Oase<\/strong>. Sie besuchen zwei erstaunliche Orte, die seit 1998 zu Schutzgebieten erkl\u00e4rt wurden: den <strong>Qarun-See<\/strong> und <strong>Wadi El Rayyan<\/strong>. Kontaktieren Sie uns und lassen Sie uns f\u00fcr Sie eines der <strong>besten Dinge zu tun in Kairo<\/strong> und ein W\u00fcstenabenteuer planen.<\/p>\n<h3><span style=\"color: #ff6600;\">Tour Details<\/span><\/h3>\n<ul>\n<li>Dauer: 10 Stunden<\/li>\n<li>Tourort: Fayoum-Oase<\/li>\n<li>Verf\u00fcgbarkeit der Tour: T\u00e4glich<\/li>\n<li>Abholung &amp; R\u00fccktransfer: Hotels in Kairo &amp; Gizeh<\/li>\n<li>Tour-Typ: Privat<\/li>\n<\/ul>\n<h3><span style=\"color: #ff6600;\">Tour-Highlights<\/span><\/h3>\n<ul>\n<li>Wadi El-Hitan<\/li>\n<li>Wadi El Rayan Wasserf\u00e4lle<\/li>\n<li>Qarun-See<\/li>\n<li>Magic Lake<\/li>\n<li>Gebel Al Mudawara<\/li>\n<\/ul>\n<h3><span style=\"color: #ff6600;\">Inklusive Leistungen<\/span><\/h3>\n<ul>\n<li>Hin- und R\u00fccktransfer mit modernem, klimatisiertem Fahrzeug<\/li>\n<li>Erfahrener Arch\u00e4ologenf\u00fchrer<\/li>\n<li>Mittagessen<\/li>\n<li>Wasser w\u00e4hrend der Tour<\/li>\n<li>Eintrittsgelder f\u00fcr alle Sehensw\u00fcrdigkeiten im Programm<\/li>\n<\/ul>\n<h3><span style=\"color: #ff6600;\">Exklusive Leistungen<\/span><\/h3>\n<ul>\n<li>Trinkgelder<\/li>\n<li>Pers\u00f6nliche Ausgaben<\/li>\n<\/ul>\n<h3><span style=\"color: #ff6600;\">Was Sie packen sollten<\/span><\/h3>\n<ul>\n<li>Sonnencreme und Sonnenbrille<\/li>\n<li>Hut oder Schal<\/li>\n<\/ul>\n<h2><span style=\"color: #ff6600;\">Reiseroute<\/span><\/h2>\n<p>Genie\u00dfen Sie Ihr Fr\u00fchst\u00fcck in Ihrem Hotel in <strong>Kairo<\/strong> oder <strong>Gizeh<\/strong> und treffen Sie dann Ihren Reiseleiter in der Lobby Ihres Hotels, um Ihre <strong>Kairo-Tagestour<\/strong> zu einer der sehr ber\u00fchmten <strong>\u00e4gyptischen Oasen<\/strong>, der <strong>Fayoum-Oase<\/strong>, zu beginnen. Die Fahrt dauert etwa anderthalb Stunden und die Oase umfasst eine Fl\u00e4che von etwa 1800 km\u00b2. Fayoum ist sehr bekannt f\u00fcr <strong>Wadi Al-Hitan<\/strong> als UNESCO-Weltkulturerbe, den <strong>Magic Lake<\/strong> und <strong>Gebel Al Mudawara<\/strong>. Bei Ihrer Ankunft beginnen Sie Ihre Tour zu den <strong>Sehensw\u00fcrdigkeiten von Fayoum<\/strong>.<\/p>\n<h3><span style=\"color: #ff6600;\">Reise zu alten Meeren und W\u00fcsten-Oasen<\/span><\/h3>\n<p><strong>08:00 Uhr, Abholung vom Hotel in Kairo<\/strong><\/p>\n<p>Genie\u00dfen Sie Ihr Fr\u00fchst\u00fcck, bevor wir Sie in Ihrem Hotel in <strong>Kairo<\/strong> oder <strong>Gizeh<\/strong> abholen. Nehmen Sie Platz in Ihrem klimatisierten Fahrzeug f\u00fcr die bequeme Fahrt nach S\u00fcdwesten zur <strong>Fayoum-Oase<\/strong>, ca. 2-2,5 Stunden.<\/p>\n<p><strong>10:00 Uhr \u2013 12:30 Uhr, Wadi El-Hitan (Tal der Wale) Erkundung<\/strong><\/p>\n<p>Ihr erster wichtiger Halt ist das <strong>UNESCO-Weltkulturerbe Wadi El-Hitan<\/strong>, auch bekannt als <strong>\u201eTal der Wale\u201c<\/strong>. Dieses unglaubliche Freilichtmuseum in der <strong>westlichen W\u00fcste<\/strong> zeigt Hunderte von exquisit erhaltenen Fossilien von Archaeoceti \u2013 einer ausgestorbenen Unterordnung von Walen, die eine entscheidende Phase in ihrer Evolution von landlebenden zu Meerestieren darstellen. Spazieren Sie zwischen den Skelettresten alter Wale und erfahren Sie mehr \u00fcber die geologische Bedeutung des Gebiets als <strong>pr\u00e4historischer Ozean<\/strong>.<\/p>\n<h3><span style=\"color: #ff6600;\">W\u00fcstenlandschaften und S\u00fc\u00dfwasserkaskaden<\/span><\/h3>\n<p><strong>12:45 Uhr \u2013 13:45 Uhr: Wadi El Rayan Wasserf\u00e4lle<\/strong><\/p>\n<p>Fahren Sie weiter zum <strong>Wadi El Rayan Schutzgebiet<\/strong>, einem atemberaubenden Naturschutzgebiet, das f\u00fcr \u00c4gyptens einzige permanente <strong>Wasserf\u00e4lle<\/strong> bekannt ist. Tats\u00e4chlich k\u00f6nnen Sie diese einzigartigen Kaskaden bestaunen, die durch zwei k\u00fcnstliche Seen gebildet werden, die durch Drainagewasser aus den landwirtschaftlichen Fl\u00e4chen von Fayoum verbunden sind. Der Kontrast des rauschenden Wassers vor der trockenen W\u00fcstenkulisse ist wirklich faszinierend. Dies ist ein perfekter Ort zum Fotografieren und um die ruhige Natur zu genie\u00dfen.<\/p>\n<p><strong>14:00 Uhr \u2013 14:45 Uhr: Mittagspause<\/strong><\/p>\n<p>Genie\u00dfen Sie ein wohlverdientes <strong>Mittagessen<\/strong> in einem lokalen Restaurant, das oft traditionelle \u00e4gyptische K\u00fcche anbietet, in oder in der N\u00e4he des <strong>Qarun-Sees<\/strong>, bevor Sie Ihre Erkundung fortsetzen.<\/p>\n<h3><span style=\"color: #ff6600;\">Panoramablicke &amp; Ruhige Seen<\/span><\/h3>\n<p><strong>15:00 Uhr \u2013 16:00 Uhr: Magic Lake &amp; Sandboarding<\/strong><\/p>\n<p>Erleben Sie den bezaubernden <strong>Magic Lake<\/strong>, benannt nach seinen st\u00e4ndig wechselnden Farben im Laufe des Tages, beeinflusst von Sonnenlicht und Mineralien. Umgeben von goldenen Sandd\u00fcnen bietet dieser malerische Ort M\u00f6glichkeiten zur Entspannung und atemberaubende Fotomotive. F\u00fcr Abenteuerlustige gibt es die M\u00f6glichkeit zum <strong>Sandboarding<\/strong> auf den weichen D\u00fcnen, was Ihrem W\u00fcstenerlebnis eine aufregende Note verleiht.<\/p>\n<p><strong>16:15 Uhr \u2013 17:00 Uhr: Gebel Al Mudawara<\/strong><\/p>\n<p>Erklimmen Sie den <strong>Gebel Al Mudawara<\/strong>, einen markanten kegelf\u00f6rmigen Berg, der atemberaubende Panoramablicke auf die gesamte <strong>Fayoum-Senke<\/strong> bietet, einschlie\u00dflich des ausgedehnten <strong>Qarun-Sees<\/strong> (Birket Qarun) und der umliegenden W\u00fcstenlandschaft. Dieser Aussichtspunkt bietet eine unglaubliche Perspektive auf die Oase.<\/p>\n<h3><span style=\"color: #ff6600;\">R\u00fcckkehr nach Kairo<\/span><\/h3>\n<p><strong>17:15 Uhr: Abfahrt von Fayoum nach Kairo<\/strong> B<\/p>\n<p>eginnen Sie Ihren bequemen <strong>privaten Transfer zur\u00fcck nach Kairo<\/strong>, w\u00e4hrend Sie \u00fcber die unglaubliche nat\u00fcrliche Sch\u00f6nheit und alte Geschichte nachdenken, die Sie w\u00e4hrend Ihres Tages erlebt haben.<\/p>\n<p><strong>19:30 Uhr \u2013 20:00 Uhr: R\u00fccktransfer zum Hotel in Kairo<\/strong><\/p>\n<p>Ankunft zur\u00fcck in Ihrem Hotel, womit Ihre unvergessliche <strong>Fayoum-Tagestour von Kairo<\/strong> endet.<\/p>\n<h3><span style=\"color: #ff6600;\">Tagesausflug zur Fayoum-Oase von Kairo Preis<\/span><\/h3>\n<ul>\n<li>1 Person: 165 \u20ac<\/li>\n<li>2 Personen: je 85 \u20ac<\/li>\n<li>3 Personen: je 60 \u20ac<\/li>\n<li>Maximal 3 Personen<\/li>\n<\/ul>\n<h3><span style=\"color: #ff6600;\">Buchung<\/span><\/h3>\n<p>Sie k\u00f6nnen Ihre Tour \u00fcber WhatsApp buchen oder uns eine E-Mail senden und Sie erhalten die Best\u00e4tigung sofort. Bitte senden Sie uns Ihren Hotelnamen, Zimmernummer und Passkopien.<\/p>\n<p>WhatsApp: +201000852186<\/p>\n<p>E-Mail: info@egytourpackages.com<\/p>\n<h3><span style=\"color: #ff6600;\">Jetzt buchen &amp; vor Ort bezahlen<\/span><\/h3>\n<p>Buchen Sie Ihre Lieblingstour und bezahlen Sie am Tag des Ausflugs.<\/p>\n<h3><span style=\"color: #ff6600;\">Zahlung<\/span><\/h3>\n<p>Sie k\u00f6nnen in \u00c4gyptischen Pfund, $, \u20ac oder \u00a3 bezahlen.<\/p>\n<h3><span style=\"color: #ff6600;\">Stornierungsbedingungen<\/span><\/h3>\n<ul>\n<li>Kostenlose Stornierung bis 24 Stunden im Voraus<\/li>\n<li>Stornierung am Morgen: 50% des Preises<\/li>\n<\/ul>\n","protected":false},"excerpt":{"rendered":"<p>Tagesausflug nach Fayoum von Kairo: Entdecke antike Geschichte, unber\u00fchrte Natur, Pyramiden &amp; Wasserf\u00e4lle. Dein unvergesslicher Tagesausflug ab Kairo wartet<\/p>\n","protected":false},"featured_media":3330,"comment_status":"open","ping_status":"closed","template":"","meta":[],"product_brand":[],"product_cat":[1494],"product_tag":[1495,2852,1518],"class_list":{"0":"post-5321","1":"product","2":"type-product","3":"status-publish","4":"has-post-thumbnail","6":"product_cat-touren","7":"product_tag-agypten-tagestouren","8":"product_tag-fayoum-touren-von-kairo","9":"product_tag-tagesausfluge-in-kairo","10":"tour_category-agypten-tagestouren","11":"tour_category-fayoum-touren-von-kairo","12":"tour_category-tagesausfluge-in-kairo","14":"first","15":"instock","16":"sale","17":"shipping-taxable","18":"purchasable","19":"product-type-tour","20":"has-default-attributes"},"yoast_head":"<!-- This site is optimized with the Yoast SEO Premium plugin v27.4 (Yoast SEO v27.4) - https:\/\/yoast.com\/product\/yoast-seo-premium-wordpress\/ -->\n<title>Tagesausflug nach Fayoum von Kairo | Beste Kairo Tagesausfl\u00fcge<\/title>\n<meta name=\"description\" content=\"Tagesausflug nach Fayoum von Kairo: Entdecke antike Geschichte, unber\u00fchrte Natur, Pyramiden &amp; Wasserf\u00e4lle. Dein unvergesslicher Tagesausflug ab Kairo wartet\" \/>\n<meta name=\"robots\" content=\"index, follow, max-snippet:-1, max-image-preview:large, max-video-preview:-1\" \/>\n<link rel=\"canonical\" href=\"https:\/\/egytourpackages.com\/de\/touren\/tagesausflug-nach-fayoum-von-kairo\/\" \/>\n<meta property=\"og:locale\" content=\"de_DE\" \/>\n<meta property=\"og:type\" content=\"article\" \/>\n<meta property=\"og:title\" content=\"Tagesausflug nach Fayoum von Kairo\" \/>\n<meta property=\"og:description\" content=\"Tagesausflug nach Fayoum von Kairo: Entdecke antike Geschichte, unber\u00fchrte Natur, Pyramiden &amp; Wasserf\u00e4lle. Dein unvergesslicher Tagesausflug ab Kairo wartet\" \/>\n<meta property=\"og:url\" content=\"https:\/\/egytourpackages.com\/de\/touren\/tagesausflug-nach-fayoum-von-kairo\/\" \/>\n<meta property=\"og:site_name\" content=\"\u00c4gypten-Reisepakete\" \/>\n<meta property=\"article:publisher\" content=\"https:\/\/www.facebook.com\/egytourpackages\" \/>\n<meta property=\"article:modified_time\" content=\"2026-02-19T22:03:38+00:00\" \/>\n<meta property=\"og:image\" content=\"https:\/\/egytourpackages.com\/wp-content\/uploads\/2024\/07\/Karanis-Fayoum-Oasis.jpg\" \/>\n<meta name=\"twitter:card\" content=\"summary_large_image\" \/>\n<meta name=\"twitter:title\" content=\"Tagesausflug nach Fayoum von Kairo\" \/>\n<meta name=\"twitter:label1\" content=\"Preis\" \/>\n\t<meta name=\"twitter:data1\" content=\"&euro;100\" \/>\n\t<meta name=\"twitter:label2\" content=\"Verf\u00fcgbarkeit\" \/>\n\t<meta name=\"twitter:data2\" content=\"Auf Lager\" \/>\n<script type=\"application\/ld+json\" class=\"yoast-schema-graph\">{\"@context\":\"https:\\\/\\\/schema.org\",\"@graph\":[{\"@type\":\"WebPage\",\"@id\":\"https:\\\/\\\/egytourpackages.com\\\/de\\\/touren\\\/tagesausflug-nach-fayoum-von-kairo\\\/\",\"url\":\"https:\\\/\\\/egytourpackages.com\\\/de\\\/touren\\\/tagesausflug-nach-fayoum-von-kairo\\\/\",\"name\":\"Tagesausflug nach Fayoum von Kairo | Beste Kairo Tagesausfl\u00fcge\",\"isPartOf\":{\"@id\":\"https:\\\/\\\/egytourpackages.com\\\/de\\\/#website\"},\"primaryImageOfPage\":{\"@id\":\"https:\\\/\\\/egytourpackages.com\\\/de\\\/touren\\\/tagesausflug-nach-fayoum-von-kairo\\\/#primaryimage\"},\"image\":{\"@id\":\"https:\\\/\\\/egytourpackages.com\\\/de\\\/touren\\\/tagesausflug-nach-fayoum-von-kairo\\\/#primaryimage\"},\"thumbnailUrl\":\"https:\\\/\\\/egytourpackages.com\\\/wp-content\\\/uploads\\\/2024\\\/07\\\/Karanis-Fayoum-Oasis.jpg\",\"datePublished\":\"2024-07-03T06:57:12+00:00\",\"dateModified\":\"2026-02-19T22:03:38+00:00\",\"description\":\"Tagesausflug nach Fayoum von Kairo: Entdecke antike Geschichte, unber\u00fchrte Natur, Pyramiden & Wasserf\u00e4lle. Dein unvergesslicher Tagesausflug ab Kairo wartet\",\"breadcrumb\":{\"@id\":\"https:\\\/\\\/egytourpackages.com\\\/de\\\/touren\\\/tagesausflug-nach-fayoum-von-kairo\\\/#breadcrumb\"},\"inLanguage\":\"de\",\"potentialAction\":[{\"@type\":\"ReadAction\",\"target\":[\"https:\\\/\\\/egytourpackages.com\\\/de\\\/touren\\\/tagesausflug-nach-fayoum-von-kairo\\\/\"]}]},{\"@type\":\"ImageObject\",\"inLanguage\":\"de\",\"@id\":\"https:\\\/\\\/egytourpackages.com\\\/de\\\/touren\\\/tagesausflug-nach-fayoum-von-kairo\\\/#primaryimage\",\"url\":\"https:\\\/\\\/egytourpackages.com\\\/wp-content\\\/uploads\\\/2024\\\/07\\\/Karanis-Fayoum-Oasis.jpg\",\"contentUrl\":\"https:\\\/\\\/egytourpackages.com\\\/wp-content\\\/uploads\\\/2024\\\/07\\\/Karanis-Fayoum-Oasis.jpg\",\"width\":800,\"height\":425,\"caption\":\"Tagesausflug nach Fayoum von Kairo\"},{\"@type\":\"BreadcrumbList\",\"@id\":\"https:\\\/\\\/egytourpackages.com\\\/de\\\/touren\\\/tagesausflug-nach-fayoum-von-kairo\\\/#breadcrumb\",\"itemListElement\":[{\"@type\":\"ListItem\",\"position\":1,\"name\":\"Startseite\",\"item\":\"https:\\\/\\\/egytourpackages.com\\\/de\\\/\"},{\"@type\":\"ListItem\",\"position\":2,\"name\":\"Shop\",\"item\":\"https:\\\/\\\/egytourpackages.com\\\/de\\\/shop\\\/\"},{\"@type\":\"ListItem\",\"position\":3,\"name\":\"Tagesausflug nach Fayoum von Kairo\"}]},{\"@type\":\"WebSite\",\"@id\":\"https:\\\/\\\/egytourpackages.com\\\/de\\\/#website\",\"url\":\"https:\\\/\\\/egytourpackages.com\\\/de\\\/\",\"name\":\"Egy tour packages\",\"description\":\"\",\"publisher\":{\"@id\":\"https:\\\/\\\/egytourpackages.com\\\/de\\\/#organization\"},\"potentialAction\":[{\"@type\":\"SearchAction\",\"target\":{\"@type\":\"EntryPoint\",\"urlTemplate\":\"https:\\\/\\\/egytourpackages.com\\\/de\\\/?s={search_term_string}\"},\"query-input\":{\"@type\":\"PropertyValueSpecification\",\"valueRequired\":true,\"valueName\":\"search_term_string\"}}],\"inLanguage\":\"de\"},{\"@type\":[\"Organization\",\"Place\",\"TravelAgency\"],\"@id\":\"https:\\\/\\\/egytourpackages.com\\\/de\\\/#organization\",\"name\":\"egypt tour packages\",\"alternateName\":\"egypt tour packages\",\"url\":\"https:\\\/\\\/egytourpackages.com\\\/de\\\/\",\"logo\":{\"@id\":\"https:\\\/\\\/egytourpackages.com\\\/de\\\/touren\\\/tagesausflug-nach-fayoum-von-kairo\\\/#local-main-organization-logo\"},\"image\":{\"@id\":\"https:\\\/\\\/egytourpackages.com\\\/de\\\/touren\\\/tagesausflug-nach-fayoum-von-kairo\\\/#local-main-organization-logo\"},\"sameAs\":[\"https:\\\/\\\/www.facebook.com\\\/egytourpackages\"],\"legalName\":\"Egy tour packages\",\"address\":{\"@id\":\"https:\\\/\\\/egytourpackages.com\\\/de\\\/touren\\\/tagesausflug-nach-fayoum-von-kairo\\\/#local-main-place-address\"},\"telephone\":[\"00201000852186\",\"00201028685533\"],\"contactPoint\":{\"@type\":\"ContactPoint\",\"telephone\":\"00201000852186\"},\"openingHoursSpecification\":[{\"@type\":\"OpeningHoursSpecification\",\"dayOfWeek\":[\"Monday\",\"Tuesday\",\"Wednesday\",\"Thursday\",\"Friday\",\"Saturday\",\"Sunday\"],\"opens\":\"00:00\",\"closes\":\"23:59\"}],\"email\":\"info@egytourpackages.com\",\"areaServed\":\"Cairo, Hurghada, Luxor, Sharm El Sheikh, Marsa Alam, Aswan\",\"priceRange\":\"$\",\"currenciesAccepted\":\"euro\",\"paymentAccepted\":\"Payment links online\"},{\"@type\":\"PostalAddress\",\"@id\":\"https:\\\/\\\/egytourpackages.com\\\/de\\\/touren\\\/tagesausflug-nach-fayoum-von-kairo\\\/#local-main-place-address\",\"streetAddress\":\"Mubarak 8, Al Kawthar District, Hurghada\",\"addressLocality\":\"Hurghada\",\"postalCode\":\"84511\",\"addressRegion\":\"Red Sea\",\"addressCountry\":\"EG\"},{\"@type\":\"ImageObject\",\"inLanguage\":\"de\",\"@id\":\"https:\\\/\\\/egytourpackages.com\\\/de\\\/touren\\\/tagesausflug-nach-fayoum-von-kairo\\\/#local-main-organization-logo\",\"url\":\"https:\\\/\\\/egytourpackages.com\\\/wp-content\\\/uploads\\\/2025\\\/12\\\/Turquoise-Dahabiya-Nile-Cruise-1.jpeg\",\"contentUrl\":\"https:\\\/\\\/egytourpackages.com\\\/wp-content\\\/uploads\\\/2025\\\/12\\\/Turquoise-Dahabiya-Nile-Cruise-1.jpeg\",\"width\":1040,\"height\":694,\"caption\":\"egypt tour packages\"}]}<\/script>\n<meta property=\"product:brand\" content=\"\u00c4gypten Tagestouren\" \/>\n<meta property=\"product:price:amount\" content=\"100\" \/>\n<meta property=\"product:price:currency\" content=\"EUR\" \/>\n<meta property=\"og:availability\" content=\"instock\" \/>\n<meta property=\"product:availability\" content=\"instock\" \/>\n<meta property=\"product:retailer_item_id\" content=\"CDT05\" \/>\n<meta property=\"product:condition\" content=\"new\" \/>\n<meta name=\"geo.placename\" content=\"Hurghada\" \/>\n<meta name=\"geo.region\" content=\"\u00c4gypten\" \/>\n<!-- \/ Yoast SEO Premium plugin. -->","yoast_head_json":{"title":"Tagesausflug nach Fayoum von Kairo | Beste Kairo Tagesausfl\u00fcge","description":"Tagesausflug nach Fayoum von Kairo: Entdecke antike Geschichte, unber\u00fchrte Natur, Pyramiden & Wasserf\u00e4lle. Dein unvergesslicher Tagesausflug ab Kairo wartet","robots":{"index":"index","follow":"follow","max-snippet":"max-snippet:-1","max-image-preview":"max-image-preview:large","max-video-preview":"max-video-preview:-1"},"canonical":"https:\/\/egytourpackages.com\/de\/touren\/tagesausflug-nach-fayoum-von-kairo\/","og_locale":"de_DE","og_type":"article","og_title":"Tagesausflug nach Fayoum von Kairo","og_description":"Tagesausflug nach Fayoum von Kairo: Entdecke antike Geschichte, unber\u00fchrte Natur, Pyramiden & Wasserf\u00e4lle. Dein unvergesslicher Tagesausflug ab Kairo wartet","og_url":"https:\/\/egytourpackages.com\/de\/touren\/tagesausflug-nach-fayoum-von-kairo\/","og_site_name":"\u00c4gypten-Reisepakete","article_publisher":"https:\/\/www.facebook.com\/egytourpackages","article_modified_time":"2026-02-19T22:03:38+00:00","og_image":[{"url":"https:\/\/egytourpackages.com\/wp-content\/uploads\/2024\/07\/Karanis-Fayoum-Oasis.jpg","type":"","width":"","height":""}],"twitter_card":"summary_large_image","twitter_title":"Tagesausflug nach Fayoum von Kairo","twitter_misc":{"Preis":"&euro;100","Verf\u00fcgbarkeit":"Auf Lager"},"schema":{"@context":"https:\/\/schema.org","@graph":[{"@type":"WebPage","@id":"https:\/\/egytourpackages.com\/de\/touren\/tagesausflug-nach-fayoum-von-kairo\/","url":"https:\/\/egytourpackages.com\/de\/touren\/tagesausflug-nach-fayoum-von-kairo\/","name":"Tagesausflug nach Fayoum von Kairo | Beste Kairo Tagesausfl\u00fcge","isPartOf":{"@id":"https:\/\/egytourpackages.com\/de\/#website"},"primaryImageOfPage":{"@id":"https:\/\/egytourpackages.com\/de\/touren\/tagesausflug-nach-fayoum-von-kairo\/#primaryimage"},"image":{"@id":"https:\/\/egytourpackages.com\/de\/touren\/tagesausflug-nach-fayoum-von-kairo\/#primaryimage"},"thumbnailUrl":"https:\/\/egytourpackages.com\/wp-content\/uploads\/2024\/07\/Karanis-Fayoum-Oasis.jpg","datePublished":"2024-07-03T06:57:12+00:00","dateModified":"2026-02-19T22:03:38+00:00","description":"Tagesausflug nach Fayoum von Kairo: Entdecke antike Geschichte, unber\u00fchrte Natur, Pyramiden & Wasserf\u00e4lle. Dein unvergesslicher Tagesausflug ab Kairo wartet","breadcrumb":{"@id":"https:\/\/egytourpackages.com\/de\/touren\/tagesausflug-nach-fayoum-von-kairo\/#breadcrumb"},"inLanguage":"de","potentialAction":[{"@type":"ReadAction","target":["https:\/\/egytourpackages.com\/de\/touren\/tagesausflug-nach-fayoum-von-kairo\/"]}]},{"@type":"ImageObject","inLanguage":"de","@id":"https:\/\/egytourpackages.com\/de\/touren\/tagesausflug-nach-fayoum-von-kairo\/#primaryimage","url":"https:\/\/egytourpackages.com\/wp-content\/uploads\/2024\/07\/Karanis-Fayoum-Oasis.jpg","contentUrl":"https:\/\/egytourpackages.com\/wp-content\/uploads\/2024\/07\/Karanis-Fayoum-Oasis.jpg","width":800,"height":425,"caption":"Tagesausflug nach Fayoum von Kairo"},{"@type":"BreadcrumbList","@id":"https:\/\/egytourpackages.com\/de\/touren\/tagesausflug-nach-fayoum-von-kairo\/#breadcrumb","itemListElement":[{"@type":"ListItem","position":1,"name":"Startseite","item":"https:\/\/egytourpackages.com\/de\/"},{"@type":"ListItem","position":2,"name":"Shop","item":"https:\/\/egytourpackages.com\/de\/shop\/"},{"@type":"ListItem","position":3,"name":"Tagesausflug nach Fayoum von Kairo"}]},{"@type":"WebSite","@id":"https:\/\/egytourpackages.com\/de\/#website","url":"https:\/\/egytourpackages.com\/de\/","name":"Egy tour packages","description":"","publisher":{"@id":"https:\/\/egytourpackages.com\/de\/#organization"},"potentialAction":[{"@type":"SearchAction","target":{"@type":"EntryPoint","urlTemplate":"https:\/\/egytourpackages.com\/de\/?s={search_term_string}"},"query-input":{"@type":"PropertyValueSpecification","valueRequired":true,"valueName":"search_term_string"}}],"inLanguage":"de"},{"@type":["Organization","Place","TravelAgency"],"@id":"https:\/\/egytourpackages.com\/de\/#organization","name":"egypt tour packages","alternateName":"egypt tour packages","url":"https:\/\/egytourpackages.com\/de\/","logo":{"@id":"https:\/\/egytourpackages.com\/de\/touren\/tagesausflug-nach-fayoum-von-kairo\/#local-main-organization-logo"},"image":{"@id":"https:\/\/egytourpackages.com\/de\/touren\/tagesausflug-nach-fayoum-von-kairo\/#local-main-organization-logo"},"sameAs":["https:\/\/www.facebook.com\/egytourpackages"],"legalName":"Egy tour packages","address":{"@id":"https:\/\/egytourpackages.com\/de\/touren\/tagesausflug-nach-fayoum-von-kairo\/#local-main-place-address"},"telephone":["00201000852186","00201028685533"],"contactPoint":{"@type":"ContactPoint","telephone":"00201000852186"},"openingHoursSpecification":[{"@type":"OpeningHoursSpecification","dayOfWeek":["Monday","Tuesday","Wednesday","Thursday","Friday","Saturday","Sunday"],"opens":"00:00","closes":"23:59"}],"email":"info@egytourpackages.com","areaServed":"Cairo, Hurghada, Luxor, Sharm El Sheikh, Marsa Alam, Aswan","priceRange":"$","currenciesAccepted":"euro","paymentAccepted":"Payment links online"},{"@type":"PostalAddress","@id":"https:\/\/egytourpackages.com\/de\/touren\/tagesausflug-nach-fayoum-von-kairo\/#local-main-place-address","streetAddress":"Mubarak 8, Al Kawthar District, Hurghada","addressLocality":"Hurghada","postalCode":"84511","addressRegion":"Red Sea","addressCountry":"EG"},{"@type":"ImageObject","inLanguage":"de","@id":"https:\/\/egytourpackages.com\/de\/touren\/tagesausflug-nach-fayoum-von-kairo\/#local-main-organization-logo","url":"https:\/\/egytourpackages.com\/wp-content\/uploads\/2025\/12\/Turquoise-Dahabiya-Nile-Cruise-1.jpeg","contentUrl":"https:\/\/egytourpackages.com\/wp-content\/uploads\/2025\/12\/Turquoise-Dahabiya-Nile-Cruise-1.jpeg","width":1040,"height":694,"caption":"egypt tour packages"}]},"product_brand":"\u00c4gypten Tagestouren","product_price_amount":"100","product_price_currency":"EUR","og_availability":"instock","product_availability":"instock","product_retailer_item_id":"CDT05","product_condition":"new","geo.placename":"Hurghada","geo.region":"\u00c4gypten"},"_links":{"self":[{"href":"https:\/\/egytourpackages.com\/de\/wp-json\/wp\/v2\/product\/5321","targetHints":{"allow":["GET"]}}],"collection":[{"href":"https:\/\/egytourpackages.com\/de\/wp-json\/wp\/v2\/product"}],"about":[{"href":"https:\/\/egytourpackages.com\/de\/wp-json\/wp\/v2\/types\/product"}],"replies":[{"embeddable":true,"href":"https:\/\/egytourpackages.com\/de\/wp-json\/wp\/v2\/comments?post=5321"}],"wp:featuredmedia":[{"embeddable":true,"href":"https:\/\/egytourpackages.com\/de\/wp-json\/wp\/v2\/media\/3330"}],"wp:attachment":[{"href":"https:\/\/egytourpackages.com\/de\/wp-json\/wp\/v2\/media?parent=5321"}],"wp:term":[{"taxonomy":"product_brand","embeddable":true,"href":"https:\/\/egytourpackages.com\/de\/wp-json\/wp\/v2\/product_brand?post=5321"},{"taxonomy":"product_cat","embeddable":true,"href":"https:\/\/egytourpackages.com\/de\/wp-json\/wp\/v2\/product_cat?post=5321"},{"taxonomy":"product_tag","embeddable":true,"href":"https:\/\/egytourpackages.com\/de\/wp-json\/wp\/v2\/product_tag?post=5321"}],"curies":[{"name":"wp","href":"https:\/\/api.w.org\/{rel}","templated":true}]}}