{"id":5461,"date":"2023-05-17T19:50:21","date_gmt":"2023-05-17T19:50:21","guid":{"rendered":"https:\/\/egytourpackages.com\/product\/luxor-tagestour-ab-safaga-hafen-landausfluege\/"},"modified":"2026-01-28T21:25:54","modified_gmt":"2026-01-28T21:25:54","slug":"luxor-tagestour-ab-safaga-hafen-landausfluege","status":"publish","type":"product","link":"https:\/\/egytourpackages.com\/de\/touren\/luxor-tagestour-ab-safaga-hafen-landausfluege\/","title":{"rendered":"Luxor Tagestour ab Safaga Hafen | Landausfl\u00fcge"},"content":{"rendered":"<p><strong><span style=\"color: #ff6600;\">Luxor Tagestour ab Safaga Hafen<\/span><\/strong><\/p>\n<p>Die <strong>Luxor Tagestour ab Safaga Hafen<\/strong> ist die erste Wahl f\u00fcr <strong>Kreuzfahrtpassagiere<\/strong>, die in Safaga anlegen, um <strong>\u00c4gypten zu erkunden<\/strong>. W\u00e4hrend Ihrer <strong>\u00c4gypten Tagesausfl\u00fcge<\/strong> nach Luxor besichtigen Sie ber\u00fchmte St\u00e4tten wie das <strong>Tal der K\u00f6nige<\/strong> mit der M\u00f6glichkeit, das ber\u00fchmte <strong>Grab von Tutanchamun<\/strong> zu betreten. Au\u00dferdem besuchen Sie den <strong>Tempel der Hatschepsut<\/strong>, erbaut von ihrem <strong>Chefarchitekten Senenmut<\/strong>. Dar\u00fcber hinaus sehen Sie den <strong>Mentuhotep-Tempel<\/strong> und den <strong>Tempel von Thutmosis III<\/strong> in Deir el-Bahari, gewidmet dem <strong>Gott Amun<\/strong>. Sie besichtigen auch die ber\u00fchmten Statuen von <strong>Amenhotep III<\/strong>, bekannt als die <strong>Memnonkolosse<\/strong>.<\/p>\n<p>Das ist noch nicht alles: Sie genie\u00dfen ein frisch zubereitetes Mittagessen in einem sch\u00f6nen Restaurant zwischen Palmen und eine kurze Fahrt mit einem Motorboot \u00fcber den <strong>Nil<\/strong>. Schlie\u00dflich endet Ihre Tour am <strong>Karnak-Tempel<\/strong>.<\/p>\n<p>Ihr erfahrener \u00c4gyptologe f\u00fchrt Sie in die <strong>Geschichte des alten \u00c4gypten<\/strong> und die <strong>alt\u00e4gyptische Religion<\/strong> ein, um Ihre Reise lehrreich und unvergesslich zu gestalten. W\u00e4hrend Ihrer <strong>Landausfl\u00fcge<\/strong> erfahren Sie mehr \u00fcber ber\u00fchmte <strong>\u00e4gyptische Pharaonen<\/strong> des <strong>Neuen Reiches<\/strong> wie <strong>Ramses der Gro\u00dfe<\/strong>, <strong>Hatschepsut<\/strong>, <strong>Merenptah<\/strong> und <strong>Amenhotep<\/strong>. Sie k\u00f6nnen den ganzen Tag \u00fcber Fotos machen, besonders von den <strong>Hieroglyphen<\/strong> an den W\u00e4nden der <strong>Pharaonengr\u00e4ber<\/strong> im Tal der K\u00f6nige.<\/p>\n<h3><span style=\"color: #ff6600;\">Tourdetails<\/span><\/h3>\n<ul>\n<li>Dauer: 1 Tag<\/li>\n<li>Standort der Tour: Luxor<\/li>\n<li>Verf\u00fcgbarkeit der Tour: Auf Anfrage<\/li>\n<li>Abholung &amp; R\u00fcckgabe: Safaga Hafen<\/li>\n<li>Tourtyp: Privat<\/li>\n<\/ul>\n<h3><span style=\"color: #ff6600;\">H\u00f6hepunkte der Tour<\/span><\/h3>\n<ul>\n<li>Tal der K\u00f6nige<\/li>\n<li>Hatschepsut-Tempel<\/li>\n<li>Memnonkolosse<\/li>\n<li>Karnak-Tempel<\/li>\n<li>Kurze Fahrt mit dem Motorboot<\/li>\n<li>Mittagessen<\/li>\n<\/ul>\n<h2><span style=\"color: #ff6600;\">Reiseverlauf<\/span><\/h2>\n<p>Die Abholzeit am Ausgang des Safaga Hafens richtet sich nach Ihrer Ankunftszeit, um Ihre <strong>Luxor Tagestour ab Safaga<\/strong> zu beginnen. Die Entfernung zwischen Safaga und Luxor betr\u00e4gt etwa 220 km und die Fahrt dauert ungef\u00e4hr 3 Stunden. Nach der Ankunft starten Sie Ihre ganzt\u00e4gige Tour mit Ihrem erfahrenen Guide zu den <strong>Sehensw\u00fcrdigkeiten in Luxor<\/strong>.<\/p>\n<p><strong>Memnonkolosse<\/strong><\/p>\n<p>Der k\u00fcrzeste und einfachste Stopp auf Ihrer <strong>Tagestour nach Luxor<\/strong>. Zwei massive Statuen flankierten einst den Eingang zum Tempel des Amenhotep III. Leider ist der Tempel bis auf die <strong>Memnonkolosse<\/strong>, einige Stelen, B\u00fcsten und Teile von S\u00e4ulen vollst\u00e4ndig verschwunden.<\/p>\n<p><strong>Hatschepsut-Tempel<\/strong><\/p>\n<p>Die <strong>weibliche Pharaonin Hatschepsut<\/strong> w\u00e4hlte den Standort <strong>Deir el-Bahari<\/strong> f\u00fcr ihren Tempel und erlaubte ihren Adligen, Gr\u00e4ber in der N\u00e4he auszuheben. Sie k\u00f6nnen immer noch ihre <strong>Sphinx-Statuen<\/strong>, die <strong>Hathor-Kapelle<\/strong>, die <strong>Anubis-Kapelle<\/strong> und das Allerheiligste des Tempels sehen.<\/p>\n<p><strong>Tal der K\u00f6nige<\/strong><\/p>\n<p>Ihre Tour zum <strong>Tal der K\u00f6nige<\/strong> wird etwas Besonderes sein, da es der Ort ist, an dem die \u00e4gyptischen Pharaonen der <strong>18., 19. und 20. Dynastie<\/strong> ihre letzte Ruhest\u00e4tte in den Bergen aush\u00f6hlten. Erfahren Sie mehr \u00fcber Bestattungsrituale und die religi\u00f6sen Texte, die die W\u00e4nde schm\u00fccken, wie das <strong>Totenbuch<\/strong>, das <strong>Buch vom Tag und der Nacht<\/strong> und das <strong>Letzte Gericht<\/strong>. Falls Sie die Gr\u00e4ber von <strong>Tutanchamun<\/strong>, <strong>Sethos I<\/strong> oder <strong>Ramses V<\/strong> besuchen m\u00f6chten, ist dies gegen Aufpreis m\u00f6glich.<\/p>\n<h3><span style=\"color: #ff6600;\">Mittagessen<\/span><\/h3>\n<p>Genie\u00dfen Sie ein frisch zubereitetes Mittagessen im Tajine in einem sch\u00f6nen Restaurant direkt hinter den <strong>Memnonkolossen<\/strong> zwischen Palmen.<\/p>\n<p><strong>Kurze Motorbootfahrt<\/strong><\/p>\n<p>Sie genie\u00dfen eine kurze <strong>Nilkreuzfahrt<\/strong> von etwa 30 Minuten, um Luxor vom Wasser aus zu sehen. Der <strong>Luxor-Tempel<\/strong> und der <strong>Winterpalast<\/strong> geh\u00f6ren zu den Highlights, die wir vom Wasser aus sehen werden.<\/p>\n<p><strong>Karnak-Tempel<\/strong><\/p>\n<p>Beenden Sie Ihren Tag mit Ihrem Guide am gr\u00f6\u00dften Tempel der Welt, dem <strong>Karnak-Tempel<\/strong>. Bewundern Sie die riesigen Pylone, Schreine, die <strong>Hypostylhalle<\/strong> und den <strong>Heiligen See<\/strong>. Denken Sie daran, den <strong>Skarab\u00e4us<\/strong> 7 Mal zu umrunden, um sich etwas zu w\u00fcnschen, und f\u00fcgen Sie die <strong>Rote Kapelle<\/strong> und die <strong>Wei\u00dfe Kapelle<\/strong> zu Ihrer Liste im Karnak-Tempel hinzu.<\/p>\n<h3><span style=\"color: #ff6600;\">Inklusivleistungen<\/span><\/h3>\n<ul>\n<li>Hin- und R\u00fccktransfer mit einem modernen, klimatisierten Fahrzeug<\/li>\n<li>Eintrittsgeb\u00fchren f\u00fcr alle im Programm genannten Sehensw\u00fcrdigkeiten<\/li>\n<li>Mittagessen in einem lokalen Restaurant<\/li>\n<li>Experten-Guide<\/li>\n<li>Wasser w\u00e4hrend der Tour<\/li>\n<\/ul>\n<h3><span style=\"color: #ff6600;\">Exklusivleistungen<\/span><\/h3>\n<ul>\n<li>Getr\u00e4nke zum Mittagessen<\/li>\n<li>Die zus\u00e4tzlichen Gr\u00e4ber im Tal der K\u00f6nige<\/li>\n<li>Trinkgelder f\u00fcr den Guide und den Fahrer<\/li>\n<\/ul>\n<h3><span style=\"color: #ff6600;\">Was Sie mitnehmen sollten<\/span><\/h3>\n<ul>\n<li>Bequeme Schuhe, da die meisten Wege sandig oder steinig sind<\/li>\n<li>Sonnenbrille<\/li>\n<li>Sonnencreme<\/li>\n<li>Hut<\/li>\n<\/ul>\n<h3><span style=\"color: #ff6600;\">Preis f\u00fcr die Luxor Tagestour ab Safaga Hafen<\/span><\/h3>\n<ul>\n<li>Preis f\u00fcr Erwachsene = 150 \u20ac<\/li>\n<li>Kinder von 0-5 Jahren = kostenlos<\/li>\n<li>Kinder von 5-11 Jahren = 50 % des Erwachsenenpreises<\/li>\n<\/ul>\n<h3><span style=\"color: #ff6600;\">Buchung und Zahlung<\/span><\/h3>\n<p>Sie k\u00f6nnen die Tour per WhatsApp, E-Mail oder Telefon buchen. WhatsApp +201000852186 info@egytourpackages.com<\/p>\n<h3><span style=\"color: #ff6600;\">Stornierungsbedingungen<\/span><\/h3>\n<p>Sie k\u00f6nnen jederzeit bis zu 24 Stunden vor der Reise stornieren.<\/p>\n<h3><span style=\"color: #ff6600;\">Wichtiger Hinweis<\/span><\/h3>\n<p>Bitte beachten Sie, dass wir gem\u00e4\u00df \u00e4gyptischem Gesetz einen Tag vor der Reise die Reisegenehmigung beantragen m\u00fcssen. Senden Sie uns daher bitte mindestens zwei Tage im Voraus Ihre Passkopien, Zimmernummer und den Namen Ihres Kreuzfahrtschiffes.<\/p>\n","protected":false},"excerpt":{"rendered":"<p>Entdecken Sie Luxor Tagestour ab Safaga Hafen. Besuchen Sie das Tal der K\u00f6nige, den Karnak-Tempel und die Memnonkolosse. Buchen Sie jetzt!<\/p>\n","protected":false},"featured_media":2789,"comment_status":"open","ping_status":"closed","template":"","meta":[],"product_brand":[],"product_cat":[1494],"product_tag":[1744,1516],"class_list":{"0":"post-5461","1":"product","2":"type-product","3":"status-publish","4":"has-post-thumbnail","6":"product_cat-touren","7":"product_tag-agypten-touren","8":"product_tag-karnak-tempel","9":"tour_category-agypten-tagestouren","10":"tour_category-luxor-touren-ab-hurghada","11":"tour_category-soma-bay-ausfluge","13":"first","14":"instock","15":"sale","16":"shipping-taxable","17":"purchasable","18":"product-type-tour","19":"has-default-attributes"},"yoast_head":"<!-- This site is optimized with the Yoast SEO Premium plugin v27.4 (Yoast SEO v27.4) - https:\/\/yoast.com\/product\/yoast-seo-premium-wordpress\/ -->\n<title>Luxor Tagestour ab Safaga Hafen | Die besten Aktivit\u00e4ten in Safaga<\/title>\n<meta name=\"description\" content=\"Entdecken Sie Luxor Tagestour ab Safaga Hafen. Besuchen Sie das Tal der K\u00f6nige, den Karnak-Tempel und die Memnonkolosse. Buchen Sie jetzt!\" \/>\n<meta name=\"robots\" content=\"index, follow, max-snippet:-1, max-image-preview:large, max-video-preview:-1\" \/>\n<link rel=\"canonical\" href=\"https:\/\/egytourpackages.com\/de\/touren\/luxor-tagestour-ab-safaga-hafen-landausfluege\/\" \/>\n<meta property=\"og:locale\" content=\"de_DE\" \/>\n<meta property=\"og:type\" content=\"article\" \/>\n<meta property=\"og:title\" content=\"Luxor Tagestour ab Safaga Hafen\" \/>\n<meta property=\"og:description\" content=\"Entdecken Sie Luxor Tagestour ab Safaga Hafen. Besuchen Sie das Tal der K\u00f6nige, den Karnak-Tempel und die Memnonkolosse. Buchen Sie jetzt!\" \/>\n<meta property=\"og:url\" content=\"https:\/\/egytourpackages.com\/de\/touren\/luxor-tagestour-ab-safaga-hafen-landausfluege\/\" \/>\n<meta property=\"og:site_name\" content=\"\u00c4gypten-Reisepakete\" \/>\n<meta property=\"article:publisher\" content=\"https:\/\/www.facebook.com\/egytourpackages\" \/>\n<meta property=\"article:modified_time\" content=\"2026-01-28T21:25:54+00:00\" \/>\n<meta property=\"og:image\" content=\"https:\/\/egytourpackages.com\/wp-content\/uploads\/2023\/05\/Hypostyle-Hall-Karnak-1024x682.jpg\" \/>\n<meta name=\"twitter:card\" content=\"summary_large_image\" \/>\n<meta name=\"twitter:title\" content=\"Luxor Tagestour ab Safaga Hafen | Landausfl\u00fcge\" \/>\n<meta name=\"twitter:label1\" content=\"Preis\" \/>\n\t<meta name=\"twitter:data1\" content=\"&euro;150\" \/>\n\t<meta name=\"twitter:label2\" content=\"Verf\u00fcgbarkeit\" \/>\n\t<meta name=\"twitter:data2\" content=\"Auf Lager\" \/>\n<script type=\"application\/ld+json\" class=\"yoast-schema-graph\">{\"@context\":\"https:\\\/\\\/schema.org\",\"@graph\":[{\"@type\":\"WebPage\",\"@id\":\"https:\\\/\\\/egytourpackages.com\\\/de\\\/touren\\\/luxor-tagestour-ab-safaga-hafen-landausfluege\\\/\",\"url\":\"https:\\\/\\\/egytourpackages.com\\\/de\\\/touren\\\/luxor-tagestour-ab-safaga-hafen-landausfluege\\\/\",\"name\":\"Luxor Tagestour ab Safaga Hafen | Die besten Aktivit\u00e4ten in Safaga\",\"isPartOf\":{\"@id\":\"https:\\\/\\\/egytourpackages.com\\\/de\\\/#website\"},\"primaryImageOfPage\":{\"@id\":\"https:\\\/\\\/egytourpackages.com\\\/de\\\/touren\\\/luxor-tagestour-ab-safaga-hafen-landausfluege\\\/#primaryimage\"},\"image\":{\"@id\":\"https:\\\/\\\/egytourpackages.com\\\/de\\\/touren\\\/luxor-tagestour-ab-safaga-hafen-landausfluege\\\/#primaryimage\"},\"thumbnailUrl\":\"https:\\\/\\\/egytourpackages.com\\\/wp-content\\\/uploads\\\/2023\\\/05\\\/Hypostyle-Hall-Karnak.jpg\",\"datePublished\":\"2023-05-17T19:50:21+00:00\",\"dateModified\":\"2026-01-28T21:25:54+00:00\",\"description\":\"Entdecken Sie Luxor Tagestour ab Safaga Hafen. Besuchen Sie das Tal der K\u00f6nige, den Karnak-Tempel und die Memnonkolosse. Buchen Sie jetzt!\",\"breadcrumb\":{\"@id\":\"https:\\\/\\\/egytourpackages.com\\\/de\\\/touren\\\/luxor-tagestour-ab-safaga-hafen-landausfluege\\\/#breadcrumb\"},\"inLanguage\":\"de\",\"potentialAction\":[{\"@type\":\"ReadAction\",\"target\":[\"https:\\\/\\\/egytourpackages.com\\\/de\\\/touren\\\/luxor-tagestour-ab-safaga-hafen-landausfluege\\\/\"]}]},{\"@type\":\"ImageObject\",\"inLanguage\":\"de\",\"@id\":\"https:\\\/\\\/egytourpackages.com\\\/de\\\/touren\\\/luxor-tagestour-ab-safaga-hafen-landausfluege\\\/#primaryimage\",\"url\":\"https:\\\/\\\/egytourpackages.com\\\/wp-content\\\/uploads\\\/2023\\\/05\\\/Hypostyle-Hall-Karnak.jpg\",\"contentUrl\":\"https:\\\/\\\/egytourpackages.com\\\/wp-content\\\/uploads\\\/2023\\\/05\\\/Hypostyle-Hall-Karnak.jpg\",\"width\":1600,\"height\":1066,\"caption\":\"Luxor Tagestour ab Safaga Hafen\"},{\"@type\":\"BreadcrumbList\",\"@id\":\"https:\\\/\\\/egytourpackages.com\\\/de\\\/touren\\\/luxor-tagestour-ab-safaga-hafen-landausfluege\\\/#breadcrumb\",\"itemListElement\":[{\"@type\":\"ListItem\",\"position\":1,\"name\":\"Startseite\",\"item\":\"https:\\\/\\\/egytourpackages.com\\\/de\\\/\"},{\"@type\":\"ListItem\",\"position\":2,\"name\":\"Shop\",\"item\":\"https:\\\/\\\/egytourpackages.com\\\/de\\\/shop\\\/\"},{\"@type\":\"ListItem\",\"position\":3,\"name\":\"Luxor Tagestour ab Safaga Hafen | Landausfl\u00fcge\"}]},{\"@type\":\"WebSite\",\"@id\":\"https:\\\/\\\/egytourpackages.com\\\/de\\\/#website\",\"url\":\"https:\\\/\\\/egytourpackages.com\\\/de\\\/\",\"name\":\"Egy tour packages\",\"description\":\"\",\"publisher\":{\"@id\":\"https:\\\/\\\/egytourpackages.com\\\/de\\\/#organization\"},\"potentialAction\":[{\"@type\":\"SearchAction\",\"target\":{\"@type\":\"EntryPoint\",\"urlTemplate\":\"https:\\\/\\\/egytourpackages.com\\\/de\\\/?s={search_term_string}\"},\"query-input\":{\"@type\":\"PropertyValueSpecification\",\"valueRequired\":true,\"valueName\":\"search_term_string\"}}],\"inLanguage\":\"de\"},{\"@type\":[\"Organization\",\"Place\",\"TravelAgency\"],\"@id\":\"https:\\\/\\\/egytourpackages.com\\\/de\\\/#organization\",\"name\":\"egypt tour packages\",\"alternateName\":\"egypt tour packages\",\"url\":\"https:\\\/\\\/egytourpackages.com\\\/de\\\/\",\"logo\":{\"@id\":\"https:\\\/\\\/egytourpackages.com\\\/de\\\/touren\\\/luxor-tagestour-ab-safaga-hafen-landausfluege\\\/#local-main-organization-logo\"},\"image\":{\"@id\":\"https:\\\/\\\/egytourpackages.com\\\/de\\\/touren\\\/luxor-tagestour-ab-safaga-hafen-landausfluege\\\/#local-main-organization-logo\"},\"sameAs\":[\"https:\\\/\\\/www.facebook.com\\\/egytourpackages\"],\"legalName\":\"Egy tour packages\",\"address\":{\"@id\":\"https:\\\/\\\/egytourpackages.com\\\/de\\\/touren\\\/luxor-tagestour-ab-safaga-hafen-landausfluege\\\/#local-main-place-address\"},\"telephone\":[\"00201000852186\",\"00201028685533\"],\"contactPoint\":{\"@type\":\"ContactPoint\",\"telephone\":\"00201000852186\"},\"openingHoursSpecification\":[{\"@type\":\"OpeningHoursSpecification\",\"dayOfWeek\":[\"Monday\",\"Tuesday\",\"Wednesday\",\"Thursday\",\"Friday\",\"Saturday\",\"Sunday\"],\"opens\":\"00:00\",\"closes\":\"23:59\"}],\"email\":\"info@egytourpackages.com\",\"areaServed\":\"Cairo, Hurghada, Luxor, Sharm El Sheikh, Marsa Alam, Aswan\",\"priceRange\":\"$\",\"currenciesAccepted\":\"euro\",\"paymentAccepted\":\"Payment links online\"},{\"@type\":\"PostalAddress\",\"@id\":\"https:\\\/\\\/egytourpackages.com\\\/de\\\/touren\\\/luxor-tagestour-ab-safaga-hafen-landausfluege\\\/#local-main-place-address\",\"streetAddress\":\"Mubarak 8, Al Kawthar District, Hurghada\",\"addressLocality\":\"Hurghada\",\"postalCode\":\"84511\",\"addressRegion\":\"Red Sea\",\"addressCountry\":\"EG\"},{\"@type\":\"ImageObject\",\"inLanguage\":\"de\",\"@id\":\"https:\\\/\\\/egytourpackages.com\\\/de\\\/touren\\\/luxor-tagestour-ab-safaga-hafen-landausfluege\\\/#local-main-organization-logo\",\"url\":\"https:\\\/\\\/egytourpackages.com\\\/wp-content\\\/uploads\\\/2025\\\/12\\\/Turquoise-Dahabiya-Nile-Cruise-1.jpeg\",\"contentUrl\":\"https:\\\/\\\/egytourpackages.com\\\/wp-content\\\/uploads\\\/2025\\\/12\\\/Turquoise-Dahabiya-Nile-Cruise-1.jpeg\",\"width\":1040,\"height\":694,\"caption\":\"egypt tour packages\"}]}<\/script>\n<meta property=\"product:brand\" content=\"\u00c4gypten Tagestouren\" \/>\n<meta property=\"product:price:amount\" content=\"150\" \/>\n<meta property=\"product:price:currency\" content=\"EUR\" \/>\n<meta property=\"og:availability\" content=\"instock\" \/>\n<meta property=\"product:availability\" content=\"instock\" \/>\n<meta property=\"product:retailer_item_id\" content=\"SBE06\" \/>\n<meta property=\"product:condition\" content=\"new\" \/>\n<meta name=\"geo.placename\" content=\"Hurghada\" \/>\n<meta name=\"geo.region\" content=\"\u00c4gypten\" \/>\n<!-- \/ Yoast SEO Premium plugin. -->","yoast_head_json":{"title":"Luxor Tagestour ab Safaga Hafen | Die besten Aktivit\u00e4ten in Safaga","description":"Entdecken Sie Luxor Tagestour ab Safaga Hafen. Besuchen Sie das Tal der K\u00f6nige, den Karnak-Tempel und die Memnonkolosse. Buchen Sie jetzt!","robots":{"index":"index","follow":"follow","max-snippet":"max-snippet:-1","max-image-preview":"max-image-preview:large","max-video-preview":"max-video-preview:-1"},"canonical":"https:\/\/egytourpackages.com\/de\/touren\/luxor-tagestour-ab-safaga-hafen-landausfluege\/","og_locale":"de_DE","og_type":"article","og_title":"Luxor Tagestour ab Safaga Hafen","og_description":"Entdecken Sie Luxor Tagestour ab Safaga Hafen. Besuchen Sie das Tal der K\u00f6nige, den Karnak-Tempel und die Memnonkolosse. Buchen Sie jetzt!","og_url":"https:\/\/egytourpackages.com\/de\/touren\/luxor-tagestour-ab-safaga-hafen-landausfluege\/","og_site_name":"\u00c4gypten-Reisepakete","article_publisher":"https:\/\/www.facebook.com\/egytourpackages","article_modified_time":"2026-01-28T21:25:54+00:00","og_image":[{"url":"https:\/\/egytourpackages.com\/wp-content\/uploads\/2023\/05\/Hypostyle-Hall-Karnak-1024x682.jpg","type":"","width":"","height":""}],"twitter_card":"summary_large_image","twitter_title":"Luxor Tagestour ab Safaga Hafen | Landausfl\u00fcge","twitter_misc":{"Preis":"&euro;150","Verf\u00fcgbarkeit":"Auf Lager"},"schema":{"@context":"https:\/\/schema.org","@graph":[{"@type":"WebPage","@id":"https:\/\/egytourpackages.com\/de\/touren\/luxor-tagestour-ab-safaga-hafen-landausfluege\/","url":"https:\/\/egytourpackages.com\/de\/touren\/luxor-tagestour-ab-safaga-hafen-landausfluege\/","name":"Luxor Tagestour ab Safaga Hafen | Die besten Aktivit\u00e4ten in Safaga","isPartOf":{"@id":"https:\/\/egytourpackages.com\/de\/#website"},"primaryImageOfPage":{"@id":"https:\/\/egytourpackages.com\/de\/touren\/luxor-tagestour-ab-safaga-hafen-landausfluege\/#primaryimage"},"image":{"@id":"https:\/\/egytourpackages.com\/de\/touren\/luxor-tagestour-ab-safaga-hafen-landausfluege\/#primaryimage"},"thumbnailUrl":"https:\/\/egytourpackages.com\/wp-content\/uploads\/2023\/05\/Hypostyle-Hall-Karnak.jpg","datePublished":"2023-05-17T19:50:21+00:00","dateModified":"2026-01-28T21:25:54+00:00","description":"Entdecken Sie Luxor Tagestour ab Safaga Hafen. Besuchen Sie das Tal der K\u00f6nige, den Karnak-Tempel und die Memnonkolosse. Buchen Sie jetzt!","breadcrumb":{"@id":"https:\/\/egytourpackages.com\/de\/touren\/luxor-tagestour-ab-safaga-hafen-landausfluege\/#breadcrumb"},"inLanguage":"de","potentialAction":[{"@type":"ReadAction","target":["https:\/\/egytourpackages.com\/de\/touren\/luxor-tagestour-ab-safaga-hafen-landausfluege\/"]}]},{"@type":"ImageObject","inLanguage":"de","@id":"https:\/\/egytourpackages.com\/de\/touren\/luxor-tagestour-ab-safaga-hafen-landausfluege\/#primaryimage","url":"https:\/\/egytourpackages.com\/wp-content\/uploads\/2023\/05\/Hypostyle-Hall-Karnak.jpg","contentUrl":"https:\/\/egytourpackages.com\/wp-content\/uploads\/2023\/05\/Hypostyle-Hall-Karnak.jpg","width":1600,"height":1066,"caption":"Luxor Tagestour ab Safaga Hafen"},{"@type":"BreadcrumbList","@id":"https:\/\/egytourpackages.com\/de\/touren\/luxor-tagestour-ab-safaga-hafen-landausfluege\/#breadcrumb","itemListElement":[{"@type":"ListItem","position":1,"name":"Startseite","item":"https:\/\/egytourpackages.com\/de\/"},{"@type":"ListItem","position":2,"name":"Shop","item":"https:\/\/egytourpackages.com\/de\/shop\/"},{"@type":"ListItem","position":3,"name":"Luxor Tagestour ab Safaga Hafen | Landausfl\u00fcge"}]},{"@type":"WebSite","@id":"https:\/\/egytourpackages.com\/de\/#website","url":"https:\/\/egytourpackages.com\/de\/","name":"Egy tour packages","description":"","publisher":{"@id":"https:\/\/egytourpackages.com\/de\/#organization"},"potentialAction":[{"@type":"SearchAction","target":{"@type":"EntryPoint","urlTemplate":"https:\/\/egytourpackages.com\/de\/?s={search_term_string}"},"query-input":{"@type":"PropertyValueSpecification","valueRequired":true,"valueName":"search_term_string"}}],"inLanguage":"de"},{"@type":["Organization","Place","TravelAgency"],"@id":"https:\/\/egytourpackages.com\/de\/#organization","name":"egypt tour packages","alternateName":"egypt tour packages","url":"https:\/\/egytourpackages.com\/de\/","logo":{"@id":"https:\/\/egytourpackages.com\/de\/touren\/luxor-tagestour-ab-safaga-hafen-landausfluege\/#local-main-organization-logo"},"image":{"@id":"https:\/\/egytourpackages.com\/de\/touren\/luxor-tagestour-ab-safaga-hafen-landausfluege\/#local-main-organization-logo"},"sameAs":["https:\/\/www.facebook.com\/egytourpackages"],"legalName":"Egy tour packages","address":{"@id":"https:\/\/egytourpackages.com\/de\/touren\/luxor-tagestour-ab-safaga-hafen-landausfluege\/#local-main-place-address"},"telephone":["00201000852186","00201028685533"],"contactPoint":{"@type":"ContactPoint","telephone":"00201000852186"},"openingHoursSpecification":[{"@type":"OpeningHoursSpecification","dayOfWeek":["Monday","Tuesday","Wednesday","Thursday","Friday","Saturday","Sunday"],"opens":"00:00","closes":"23:59"}],"email":"info@egytourpackages.com","areaServed":"Cairo, Hurghada, Luxor, Sharm El Sheikh, Marsa Alam, Aswan","priceRange":"$","currenciesAccepted":"euro","paymentAccepted":"Payment links online"},{"@type":"PostalAddress","@id":"https:\/\/egytourpackages.com\/de\/touren\/luxor-tagestour-ab-safaga-hafen-landausfluege\/#local-main-place-address","streetAddress":"Mubarak 8, Al Kawthar District, Hurghada","addressLocality":"Hurghada","postalCode":"84511","addressRegion":"Red Sea","addressCountry":"EG"},{"@type":"ImageObject","inLanguage":"de","@id":"https:\/\/egytourpackages.com\/de\/touren\/luxor-tagestour-ab-safaga-hafen-landausfluege\/#local-main-organization-logo","url":"https:\/\/egytourpackages.com\/wp-content\/uploads\/2025\/12\/Turquoise-Dahabiya-Nile-Cruise-1.jpeg","contentUrl":"https:\/\/egytourpackages.com\/wp-content\/uploads\/2025\/12\/Turquoise-Dahabiya-Nile-Cruise-1.jpeg","width":1040,"height":694,"caption":"egypt tour packages"}]},"product_brand":"\u00c4gypten Tagestouren","product_price_amount":"150","product_price_currency":"EUR","og_availability":"instock","product_availability":"instock","product_retailer_item_id":"SBE06","product_condition":"new","geo.placename":"Hurghada","geo.region":"\u00c4gypten"},"_links":{"self":[{"href":"https:\/\/egytourpackages.com\/de\/wp-json\/wp\/v2\/product\/5461","targetHints":{"allow":["GET"]}}],"collection":[{"href":"https:\/\/egytourpackages.com\/de\/wp-json\/wp\/v2\/product"}],"about":[{"href":"https:\/\/egytourpackages.com\/de\/wp-json\/wp\/v2\/types\/product"}],"replies":[{"embeddable":true,"href":"https:\/\/egytourpackages.com\/de\/wp-json\/wp\/v2\/comments?post=5461"}],"wp:featuredmedia":[{"embeddable":true,"href":"https:\/\/egytourpackages.com\/de\/wp-json\/wp\/v2\/media\/2789"}],"wp:attachment":[{"href":"https:\/\/egytourpackages.com\/de\/wp-json\/wp\/v2\/media?parent=5461"}],"wp:term":[{"taxonomy":"product_brand","embeddable":true,"href":"https:\/\/egytourpackages.com\/de\/wp-json\/wp\/v2\/product_brand?post=5461"},{"taxonomy":"product_cat","embeddable":true,"href":"https:\/\/egytourpackages.com\/de\/wp-json\/wp\/v2\/product_cat?post=5461"},{"taxonomy":"product_tag","embeddable":true,"href":"https:\/\/egytourpackages.com\/de\/wp-json\/wp\/v2\/product_tag?post=5461"}],"curies":[{"name":"wp","href":"https:\/\/api.w.org\/{rel}","templated":true}]}}