{"id":5463,"date":"2023-08-22T11:14:52","date_gmt":"2023-08-22T11:14:52","guid":{"rendered":"https:\/\/egytourpackages.com\/product\/bianca-island-utopia-all-inclusive-schnorcheltour-ab-safaga\/"},"modified":"2026-01-28T02:31:10","modified_gmt":"2026-01-28T02:31:10","slug":"bianca-island-utopia-all-inclusive-schnorcheltour-ab-safaga","status":"publish","type":"product","link":"https:\/\/egytourpackages.com\/de\/touren\/bianca-island-utopia-all-inclusive-schnorcheltour-ab-safaga\/","title":{"rendered":"Bianca Island Utopia All-Inclusive Schnorcheltour ab Safaga"},"content":{"rendered":"<p><span style=\"color: #ff6600;\"><strong>Bianca Island Utopia All-Inclusive Schnorcheltour ab Safaga<\/strong><\/span><\/p>\n<p>Suchen Sie nach den <strong>besten Aktivit\u00e4ten in Safaga<\/strong>? Erleben Sie einen fantastischen <strong>Tagesausflug zur Bianca Island Utopia<\/strong>, eine der top <strong>Hurghada Ausfl\u00fcge<\/strong>, und entdecken Sie das atemberaubende <strong>Rote Meer<\/strong>. Diese <strong>ganzt\u00e4gige Bootstour ab Safaga<\/strong> ist perfekt f\u00fcr alle, die Abenteuer, Entspannung und die M\u00f6glichkeit suchen, die lebendige Unterwasserwelt zu erkunden.<\/p>\n<p>F\u00fcr diejenigen, die einen unvergesslichen Tag erleben m\u00f6chten, ist der <strong>Bianca Island Utopia Ausflug<\/strong> die perfekte Wahl und bietet f\u00fcr jeden etwas. Ob Sie nach <strong>lustigen Aktivit\u00e4ten mit der Familie<\/strong>, einem romantischen <strong>Strandurlaub f\u00fcr Paare<\/strong> oder einem Tag voller Abenteuer mit <strong>Freunden<\/strong> suchen, dieser Ausflug ist ideal.<\/p>\n<p>Dieser Ausflug bietet ein <strong>unvergessliches Familienerlebnis<\/strong>, mit der M\u00f6glichkeit, verschiedene Meeresbewohner wie bunte Fische, Seesterne und Meeresschildkr\u00f6ten zu beobachten. Es ist auch eine ausgezeichnete Option f\u00fcr <strong>Senioren und Menschen mit Behinderung<\/strong>, einschlie\u00dflich Rollstuhlfahrern, um Barrierefreiheit und Komfort f\u00fcr alle zu gew\u00e4hrleisten.<\/p>\n<p>Auf der Insel haben Sie die Flexibilit\u00e4t, bis zu vier Stunden am Strand zu entspannen, oder Sie k\u00f6nnen sich f\u00fcr eine gef\u00fchrte <strong>Schnorcheltour<\/strong> entscheiden, um die lebendige Unterwasserwelt zu erkunden. F\u00fcr eine einzigartige Sicht auf die <strong>Korallenriffe<\/strong>, ohne nass zu werden, k\u00f6nnen Sie eine Fahrt mit einem <strong>Halb-U-Boot<\/strong> unternehmen.<\/p>\n<p><strong>Tour-Highlights<\/strong><\/p>\n<ul>\n<li>Zwei Schnorchelstopps an zwei verschiedenen Orten<\/li>\n<li>Frisch gekochtes Mittagessen an Bord<\/li>\n<li>Wassersportarten wie Banana-Boat und Sofa-Boat<\/li>\n<\/ul>\n<p><strong>Tour-Details<\/strong><\/p>\n<ul>\n<li>Dauer: 8 Stunden<\/li>\n<li>Tour-Ort: Rotes Meer<\/li>\n<li>Verf\u00fcgbarkeit: T\u00e4glich<\/li>\n<li>Tour-Typ: Gruppe<\/li>\n<li>Abholung &amp; R\u00fcckgabe: Ihr Hotel in Safaga<\/li>\n<li>Rollstuhl-Zug\u00e4nglichkeit: Barrierefrei<\/li>\n<\/ul>\n<p><strong>Inklusivleistungen<\/strong><\/p>\n<ul>\n<li>Hin- und R\u00fccktransfer von Ihrem Hotel in Safaga<\/li>\n<li><strong>Schnorchelausr\u00fcstung<\/strong> wie Schwimmweste, Maske und Flossen<\/li>\n<li><strong>Schnorchelguide<\/strong><\/li>\n<li>Frisch gekochtes Mittagessen an Bord<\/li>\n<li>Mineralwasser, hei\u00dfe und kalte Getr\u00e4nke den ganzen Tag<\/li>\n<\/ul>\n<p><strong>Exklusivleistungen<\/strong><\/p>\n<ul>\n<li>DVD und Fotos vom Kameramann<\/li>\n<li>Trinkgelder<\/li>\n<li>Tauchen<\/li>\n<\/ul>\n<p><strong>Was Sie mitnehmen sollten<\/strong><\/p>\n<ul>\n<li>Ihr eigenes Handtuch vom Hotel<\/li>\n<li>Hut oder Schal<\/li>\n<li>Sonnencreme<\/li>\n<li>Sonnenbrille<\/li>\n<li>Bequeme Schuhe<\/li>\n<li>Badeanzug<\/li>\n<li>Etwas Bargeld f\u00fcr pers\u00f6nliche Ausgaben<\/li>\n<\/ul>\n<p><strong>Reiseverlauf<\/strong><\/p>\n<p>Ihr Tag beginnt mit einer bequemen <strong>Hotelabholung<\/strong> gegen 8:00 Uhr, gefolgt von einer malerischen Bootsfahrt zu einem erstklassigen <strong>Schnorchelplatz<\/strong>. Tauchen Sie in das <strong>kristallklare Wasser<\/strong> f\u00fcr eine 45-min\u00fctige <strong>Schnorchelsession<\/strong> und erleben Sie die atemberaubende Unterwasserwelt und die <strong>bunten Korallenriffe<\/strong>.<\/p>\n<p>Anschlie\u00dfend geht Ihre Reise weiter zum privaten Paradies von <strong>Bianca Island Utopia<\/strong>. Bei Ihrer Ankunft haben Sie einen reservierten Platz am Meer, um sich zu entspannen und die Sonne zu genie\u00dfen. Der Ausflug beinhaltet ein <strong>All-Inclusive-Erlebnis<\/strong> mit <strong>unbegrenzten Getr\u00e4nken<\/strong> und Snacks, die den ganzen Tag \u00fcber verf\u00fcgbar sind.<\/p>\n<p>Ein k\u00f6stliches <strong>All-you-can-eat-Buffet-Mittagessen<\/strong> wird auf der Insel von 12:30 Uhr bis 14:00 Uhr serviert. F\u00fcr noch mehr Spa\u00df genie\u00dfen Sie eine <strong>kostenlose Fahrt mit dem Glasbodenboot<\/strong>, um Fische und Korallen zu bewundern, ohne nass zu werden, oder nehmen Sie an der halbst\u00fcndigen <strong>Schaumparty<\/strong> um 14:00 Uhr teil. <strong>Schnorchelausr\u00fcstung<\/strong> wird f\u00fcr diejenigen bereitgestellt, die die Gew\u00e4sser in der N\u00e4he der Insel erkunden m\u00f6chten.<\/p>\n<p>Dieser <strong>familienfreundliche Ausflug<\/strong> ist f\u00fcr Kinder unter 5 Jahren kostenlos, mit 50 % Rabatt f\u00fcr Kinder von 5 bis 7 Jahren. Der ganzt\u00e4gige Ausflug endet mit Ihrer R\u00fcckkehr zum Yachthafen und einem Transfer zur\u00fcck zu Ihrem Hotel gegen 16:30 Uhr. Verpassen Sie nicht die Gelegenheit, unvergessliche Erinnerungen bei einem der beliebtesten <strong>Soma Bay Ausfl\u00fcge<\/strong> zu schaffen.<\/p>\n<p><strong>Preis f\u00fcr Bianca Island Utopia All-Inclusive Schnorcheltour ab Safaga<\/strong><\/p>\n<ul>\n<li>Preis f\u00fcr Erwachsene = 60 \u20ac<\/li>\n<li>Kinder 0-5 Jahre = kostenlos<\/li>\n<li>Kinder 5-11 Jahre = 50 % des Erwachsenenpreises<\/li>\n<\/ul>\n<p><strong>Buchung<\/strong><\/p>\n<p>Sie k\u00f6nnen Ihre Tour \u00fcber WhatsApp oder per E-Mail buchen und erhalten sofort eine Best\u00e4tigung. Bitte senden Sie uns den Namen Ihres Hotels, Ihre Zimmernummer und Kopien Ihrer P\u00e4sse.<\/p>\n<p>WhatsApp: +201000852186<\/p>\n<p>info@egytourpackages.com<\/p>\n<p><strong>Jetzt buchen &amp; vor Ort bezahlen<\/strong><\/p>\n<p>Buchen Sie Ihre Lieblingstour und bezahlen Sie am Tag des Ausflugs.<\/p>\n<p><strong>Stornierungsbedingungen<\/strong><\/p>\n<ul>\n<li>Stornierung ist bis 24 Stunden im Voraus kostenlos<\/li>\n<li>Stornierung am Morgen des Ausflugs kostet 50 % des Preises<\/li>\n<\/ul>\n","protected":false},"excerpt":{"rendered":"<p>Bianca Island Utopia All-Inclusive Schnorcheltour ab Safagal. Entdecken Sie die Unterwasserwelt mit Ausr\u00fcstung, Mittagessen und Getr\u00e4nken.Buchen Sie jetzt!<\/p>\n","protected":false},"featured_media":5445,"comment_status":"open","ping_status":"closed","template":"","meta":[],"product_brand":[],"product_cat":[1494],"product_tag":[2794],"class_list":{"0":"post-5463","1":"product","2":"type-product","3":"status-publish","4":"has-post-thumbnail","6":"product_cat-touren","7":"product_tag-bester-schnorchel-bootsausflug","8":"tour_category-agypten-tagestouren","9":"tour_category-soma-bay-ausfluge","11":"first","12":"instock","13":"sale","14":"shipping-taxable","15":"purchasable","16":"product-type-tour","17":"has-default-attributes"},"yoast_head":"<!-- This site is optimized with the Yoast SEO Premium plugin v27.4 (Yoast SEO v27.4) - https:\/\/yoast.com\/product\/yoast-seo-premium-wordpress\/ -->\n<title>Bianca Island Utopia All-Inclusive Schnorcheltour ab Safaga<\/title>\n<meta name=\"description\" content=\"Bianca Island Utopia All-Inclusive Schnorcheltour ab Safagal. Entdecken Sie die Unterwasserwelt mit Ausr\u00fcstung, Mittagessen und Getr\u00e4nken.Buchen Sie jetzt!\" \/>\n<meta name=\"robots\" content=\"index, follow, max-snippet:-1, max-image-preview:large, max-video-preview:-1\" \/>\n<link rel=\"canonical\" href=\"https:\/\/egytourpackages.com\/de\/touren\/bianca-island-utopia-all-inclusive-schnorcheltour-ab-safaga\/\" \/>\n<meta property=\"og:locale\" content=\"de_DE\" \/>\n<meta property=\"og:type\" content=\"article\" \/>\n<meta property=\"og:title\" content=\"Bianca Island Utopia All-Inclusive Schnorcheltour ab Safaga\" \/>\n<meta property=\"og:description\" content=\"Bianca Island Utopia All-Inclusive Schnorcheltour ab Safagal. Entdecken Sie die Unterwasserwelt mit Ausr\u00fcstung, Mittagessen und Getr\u00e4nken.Buchen Sie jetzt!\" \/>\n<meta property=\"og:url\" content=\"https:\/\/egytourpackages.com\/de\/touren\/bianca-island-utopia-all-inclusive-schnorcheltour-ab-safaga\/\" \/>\n<meta property=\"og:site_name\" content=\"\u00c4gypten-Reisepakete\" \/>\n<meta property=\"article:publisher\" content=\"https:\/\/www.facebook.com\/egytourpackages\" \/>\n<meta property=\"article:modified_time\" content=\"2026-01-28T02:31:10+00:00\" \/>\n<meta property=\"og:image\" content=\"https:\/\/egytourpackages.com\/wp-content\/uploads\/2023\/08\/Safaga-best-Snorkeling-Trip-1024x682.jpg\" \/>\n<meta name=\"twitter:card\" content=\"summary_large_image\" \/>\n<meta name=\"twitter:title\" content=\"Bianca Island Utopia All-Inclusive Schnorcheltour ab Safaga\" \/>\n<meta name=\"twitter:description\" content=\"Bianca Island Utopia All-Inclusive Schnorcheltour ab Safagal. Entdecken Sie die Unterwasserwelt mit Ausr\u00fcstung, Mittagessen und Getr\u00e4nken.Buchen Sie jetzt!\" \/>\n<meta name=\"twitter:image\" content=\"https:\/\/egytourpackages.com\/wp-content\/uploads\/2023\/08\/Safaga-best-Snorkeling-Trip-1024x682.jpg\" \/>\n<meta name=\"twitter:label1\" content=\"Preis\" \/>\n\t<meta name=\"twitter:data1\" content=\"&euro;0\" \/>\n\t<meta name=\"twitter:label2\" content=\"Verf\u00fcgbarkeit\" \/>\n\t<meta name=\"twitter:data2\" content=\"Auf Lager\" \/>\n<script type=\"application\/ld+json\" class=\"yoast-schema-graph\">{\"@context\":\"https:\\\/\\\/schema.org\",\"@graph\":[{\"@type\":\"WebPage\",\"@id\":\"https:\\\/\\\/egytourpackages.com\\\/de\\\/touren\\\/bianca-island-utopia-all-inclusive-schnorcheltour-ab-safaga\\\/\",\"url\":\"https:\\\/\\\/egytourpackages.com\\\/de\\\/touren\\\/bianca-island-utopia-all-inclusive-schnorcheltour-ab-safaga\\\/\",\"name\":\"Bianca Island Utopia All-Inclusive Schnorcheltour ab Safaga\",\"isPartOf\":{\"@id\":\"https:\\\/\\\/egytourpackages.com\\\/de\\\/#website\"},\"primaryImageOfPage\":{\"@id\":\"https:\\\/\\\/egytourpackages.com\\\/de\\\/touren\\\/bianca-island-utopia-all-inclusive-schnorcheltour-ab-safaga\\\/#primaryimage\"},\"image\":{\"@id\":\"https:\\\/\\\/egytourpackages.com\\\/de\\\/touren\\\/bianca-island-utopia-all-inclusive-schnorcheltour-ab-safaga\\\/#primaryimage\"},\"thumbnailUrl\":\"https:\\\/\\\/egytourpackages.com\\\/wp-content\\\/uploads\\\/2023\\\/08\\\/Bianca-Island-Utopia-Safaga.jpeg\",\"datePublished\":\"2023-08-22T11:14:52+00:00\",\"dateModified\":\"2026-01-28T02:31:10+00:00\",\"description\":\"Bianca Island Utopia All-Inclusive Schnorcheltour ab Safagal. Entdecken Sie die Unterwasserwelt mit Ausr\u00fcstung, Mittagessen und Getr\u00e4nken.Buchen Sie jetzt!\",\"breadcrumb\":{\"@id\":\"https:\\\/\\\/egytourpackages.com\\\/de\\\/touren\\\/bianca-island-utopia-all-inclusive-schnorcheltour-ab-safaga\\\/#breadcrumb\"},\"inLanguage\":\"de\",\"potentialAction\":[{\"@type\":\"ReadAction\",\"target\":[\"https:\\\/\\\/egytourpackages.com\\\/de\\\/touren\\\/bianca-island-utopia-all-inclusive-schnorcheltour-ab-safaga\\\/\"]}]},{\"@type\":\"ImageObject\",\"inLanguage\":\"de\",\"@id\":\"https:\\\/\\\/egytourpackages.com\\\/de\\\/touren\\\/bianca-island-utopia-all-inclusive-schnorcheltour-ab-safaga\\\/#primaryimage\",\"url\":\"https:\\\/\\\/egytourpackages.com\\\/wp-content\\\/uploads\\\/2023\\\/08\\\/Bianca-Island-Utopia-Safaga.jpeg\",\"contentUrl\":\"https:\\\/\\\/egytourpackages.com\\\/wp-content\\\/uploads\\\/2023\\\/08\\\/Bianca-Island-Utopia-Safaga.jpeg\",\"width\":1250,\"height\":833,\"caption\":\"Bianca-Insel Utopia, Safaga\"},{\"@type\":\"BreadcrumbList\",\"@id\":\"https:\\\/\\\/egytourpackages.com\\\/de\\\/touren\\\/bianca-island-utopia-all-inclusive-schnorcheltour-ab-safaga\\\/#breadcrumb\",\"itemListElement\":[{\"@type\":\"ListItem\",\"position\":1,\"name\":\"Startseite\",\"item\":\"https:\\\/\\\/egytourpackages.com\\\/de\\\/\"},{\"@type\":\"ListItem\",\"position\":2,\"name\":\"Shop\",\"item\":\"https:\\\/\\\/egytourpackages.com\\\/de\\\/shop\\\/\"},{\"@type\":\"ListItem\",\"position\":3,\"name\":\"Bianca Island Utopia All-Inclusive Schnorcheltour ab Safaga\"}]},{\"@type\":\"WebSite\",\"@id\":\"https:\\\/\\\/egytourpackages.com\\\/de\\\/#website\",\"url\":\"https:\\\/\\\/egytourpackages.com\\\/de\\\/\",\"name\":\"Egy tour packages\",\"description\":\"\",\"publisher\":{\"@id\":\"https:\\\/\\\/egytourpackages.com\\\/de\\\/#organization\"},\"potentialAction\":[{\"@type\":\"SearchAction\",\"target\":{\"@type\":\"EntryPoint\",\"urlTemplate\":\"https:\\\/\\\/egytourpackages.com\\\/de\\\/?s={search_term_string}\"},\"query-input\":{\"@type\":\"PropertyValueSpecification\",\"valueRequired\":true,\"valueName\":\"search_term_string\"}}],\"inLanguage\":\"de\"},{\"@type\":[\"Organization\",\"Place\",\"TravelAgency\"],\"@id\":\"https:\\\/\\\/egytourpackages.com\\\/de\\\/#organization\",\"name\":\"egypt tour packages\",\"alternateName\":\"egypt tour packages\",\"url\":\"https:\\\/\\\/egytourpackages.com\\\/de\\\/\",\"logo\":{\"@id\":\"https:\\\/\\\/egytourpackages.com\\\/de\\\/touren\\\/bianca-island-utopia-all-inclusive-schnorcheltour-ab-safaga\\\/#local-main-organization-logo\"},\"image\":{\"@id\":\"https:\\\/\\\/egytourpackages.com\\\/de\\\/touren\\\/bianca-island-utopia-all-inclusive-schnorcheltour-ab-safaga\\\/#local-main-organization-logo\"},\"sameAs\":[\"https:\\\/\\\/www.facebook.com\\\/egytourpackages\"],\"legalName\":\"Egy tour packages\",\"address\":{\"@id\":\"https:\\\/\\\/egytourpackages.com\\\/de\\\/touren\\\/bianca-island-utopia-all-inclusive-schnorcheltour-ab-safaga\\\/#local-main-place-address\"},\"telephone\":[\"00201000852186\",\"00201028685533\"],\"contactPoint\":{\"@type\":\"ContactPoint\",\"telephone\":\"00201000852186\"},\"openingHoursSpecification\":[{\"@type\":\"OpeningHoursSpecification\",\"dayOfWeek\":[\"Monday\",\"Tuesday\",\"Wednesday\",\"Thursday\",\"Friday\",\"Saturday\",\"Sunday\"],\"opens\":\"00:00\",\"closes\":\"23:59\"}],\"email\":\"info@egytourpackages.com\",\"areaServed\":\"Cairo, Hurghada, Luxor, Sharm El Sheikh, Marsa Alam, Aswan\",\"priceRange\":\"$\",\"currenciesAccepted\":\"euro\",\"paymentAccepted\":\"Payment links online\"},{\"@type\":\"PostalAddress\",\"@id\":\"https:\\\/\\\/egytourpackages.com\\\/de\\\/touren\\\/bianca-island-utopia-all-inclusive-schnorcheltour-ab-safaga\\\/#local-main-place-address\",\"streetAddress\":\"Mubarak 8, Al Kawthar District, Hurghada\",\"addressLocality\":\"Hurghada\",\"postalCode\":\"84511\",\"addressRegion\":\"Red Sea\",\"addressCountry\":\"EG\"},{\"@type\":\"ImageObject\",\"inLanguage\":\"de\",\"@id\":\"https:\\\/\\\/egytourpackages.com\\\/de\\\/touren\\\/bianca-island-utopia-all-inclusive-schnorcheltour-ab-safaga\\\/#local-main-organization-logo\",\"url\":\"https:\\\/\\\/egytourpackages.com\\\/wp-content\\\/uploads\\\/2025\\\/12\\\/Turquoise-Dahabiya-Nile-Cruise-1.jpeg\",\"contentUrl\":\"https:\\\/\\\/egytourpackages.com\\\/wp-content\\\/uploads\\\/2025\\\/12\\\/Turquoise-Dahabiya-Nile-Cruise-1.jpeg\",\"width\":1040,\"height\":694,\"caption\":\"egypt tour packages\"}]}<\/script>\n<meta property=\"product:brand\" content=\"\u00c4gypten Tagestouren\" \/>\n<meta property=\"product:price:amount\" content=\"0\" \/>\n<meta property=\"product:price:currency\" content=\"EUR\" \/>\n<meta property=\"og:availability\" content=\"instock\" \/>\n<meta property=\"product:availability\" content=\"instock\" \/>\n<meta property=\"product:retailer_item_id\" content=\"SBE11\" \/>\n<meta property=\"product:condition\" content=\"new\" \/>\n<meta name=\"geo.placename\" content=\"Hurghada\" \/>\n<meta name=\"geo.region\" content=\"\u00c4gypten\" \/>\n<!-- \/ Yoast SEO Premium plugin. -->","yoast_head_json":{"title":"Bianca Island Utopia All-Inclusive Schnorcheltour ab Safaga","description":"Bianca Island Utopia All-Inclusive Schnorcheltour ab Safagal. Entdecken Sie die Unterwasserwelt mit Ausr\u00fcstung, Mittagessen und Getr\u00e4nken.Buchen Sie jetzt!","robots":{"index":"index","follow":"follow","max-snippet":"max-snippet:-1","max-image-preview":"max-image-preview:large","max-video-preview":"max-video-preview:-1"},"canonical":"https:\/\/egytourpackages.com\/de\/touren\/bianca-island-utopia-all-inclusive-schnorcheltour-ab-safaga\/","og_locale":"de_DE","og_type":"article","og_title":"Bianca Island Utopia All-Inclusive Schnorcheltour ab Safaga","og_description":"Bianca Island Utopia All-Inclusive Schnorcheltour ab Safagal. Entdecken Sie die Unterwasserwelt mit Ausr\u00fcstung, Mittagessen und Getr\u00e4nken.Buchen Sie jetzt!","og_url":"https:\/\/egytourpackages.com\/de\/touren\/bianca-island-utopia-all-inclusive-schnorcheltour-ab-safaga\/","og_site_name":"\u00c4gypten-Reisepakete","article_publisher":"https:\/\/www.facebook.com\/egytourpackages","article_modified_time":"2026-01-28T02:31:10+00:00","og_image":[{"url":"https:\/\/egytourpackages.com\/wp-content\/uploads\/2023\/08\/Safaga-best-Snorkeling-Trip-1024x682.jpg","type":"","width":"","height":""}],"twitter_card":"summary_large_image","twitter_title":"Bianca Island Utopia All-Inclusive Schnorcheltour ab Safaga","twitter_description":"Bianca Island Utopia All-Inclusive Schnorcheltour ab Safagal. Entdecken Sie die Unterwasserwelt mit Ausr\u00fcstung, Mittagessen und Getr\u00e4nken.Buchen Sie jetzt!","twitter_image":"https:\/\/egytourpackages.com\/wp-content\/uploads\/2023\/08\/Safaga-best-Snorkeling-Trip-1024x682.jpg","twitter_misc":{"Preis":"&euro;0","Verf\u00fcgbarkeit":"Auf Lager"},"schema":{"@context":"https:\/\/schema.org","@graph":[{"@type":"WebPage","@id":"https:\/\/egytourpackages.com\/de\/touren\/bianca-island-utopia-all-inclusive-schnorcheltour-ab-safaga\/","url":"https:\/\/egytourpackages.com\/de\/touren\/bianca-island-utopia-all-inclusive-schnorcheltour-ab-safaga\/","name":"Bianca Island Utopia All-Inclusive Schnorcheltour ab Safaga","isPartOf":{"@id":"https:\/\/egytourpackages.com\/de\/#website"},"primaryImageOfPage":{"@id":"https:\/\/egytourpackages.com\/de\/touren\/bianca-island-utopia-all-inclusive-schnorcheltour-ab-safaga\/#primaryimage"},"image":{"@id":"https:\/\/egytourpackages.com\/de\/touren\/bianca-island-utopia-all-inclusive-schnorcheltour-ab-safaga\/#primaryimage"},"thumbnailUrl":"https:\/\/egytourpackages.com\/wp-content\/uploads\/2023\/08\/Bianca-Island-Utopia-Safaga.jpeg","datePublished":"2023-08-22T11:14:52+00:00","dateModified":"2026-01-28T02:31:10+00:00","description":"Bianca Island Utopia All-Inclusive Schnorcheltour ab Safagal. Entdecken Sie die Unterwasserwelt mit Ausr\u00fcstung, Mittagessen und Getr\u00e4nken.Buchen Sie jetzt!","breadcrumb":{"@id":"https:\/\/egytourpackages.com\/de\/touren\/bianca-island-utopia-all-inclusive-schnorcheltour-ab-safaga\/#breadcrumb"},"inLanguage":"de","potentialAction":[{"@type":"ReadAction","target":["https:\/\/egytourpackages.com\/de\/touren\/bianca-island-utopia-all-inclusive-schnorcheltour-ab-safaga\/"]}]},{"@type":"ImageObject","inLanguage":"de","@id":"https:\/\/egytourpackages.com\/de\/touren\/bianca-island-utopia-all-inclusive-schnorcheltour-ab-safaga\/#primaryimage","url":"https:\/\/egytourpackages.com\/wp-content\/uploads\/2023\/08\/Bianca-Island-Utopia-Safaga.jpeg","contentUrl":"https:\/\/egytourpackages.com\/wp-content\/uploads\/2023\/08\/Bianca-Island-Utopia-Safaga.jpeg","width":1250,"height":833,"caption":"Bianca-Insel Utopia, Safaga"},{"@type":"BreadcrumbList","@id":"https:\/\/egytourpackages.com\/de\/touren\/bianca-island-utopia-all-inclusive-schnorcheltour-ab-safaga\/#breadcrumb","itemListElement":[{"@type":"ListItem","position":1,"name":"Startseite","item":"https:\/\/egytourpackages.com\/de\/"},{"@type":"ListItem","position":2,"name":"Shop","item":"https:\/\/egytourpackages.com\/de\/shop\/"},{"@type":"ListItem","position":3,"name":"Bianca Island Utopia All-Inclusive Schnorcheltour ab Safaga"}]},{"@type":"WebSite","@id":"https:\/\/egytourpackages.com\/de\/#website","url":"https:\/\/egytourpackages.com\/de\/","name":"Egy tour packages","description":"","publisher":{"@id":"https:\/\/egytourpackages.com\/de\/#organization"},"potentialAction":[{"@type":"SearchAction","target":{"@type":"EntryPoint","urlTemplate":"https:\/\/egytourpackages.com\/de\/?s={search_term_string}"},"query-input":{"@type":"PropertyValueSpecification","valueRequired":true,"valueName":"search_term_string"}}],"inLanguage":"de"},{"@type":["Organization","Place","TravelAgency"],"@id":"https:\/\/egytourpackages.com\/de\/#organization","name":"egypt tour packages","alternateName":"egypt tour packages","url":"https:\/\/egytourpackages.com\/de\/","logo":{"@id":"https:\/\/egytourpackages.com\/de\/touren\/bianca-island-utopia-all-inclusive-schnorcheltour-ab-safaga\/#local-main-organization-logo"},"image":{"@id":"https:\/\/egytourpackages.com\/de\/touren\/bianca-island-utopia-all-inclusive-schnorcheltour-ab-safaga\/#local-main-organization-logo"},"sameAs":["https:\/\/www.facebook.com\/egytourpackages"],"legalName":"Egy tour packages","address":{"@id":"https:\/\/egytourpackages.com\/de\/touren\/bianca-island-utopia-all-inclusive-schnorcheltour-ab-safaga\/#local-main-place-address"},"telephone":["00201000852186","00201028685533"],"contactPoint":{"@type":"ContactPoint","telephone":"00201000852186"},"openingHoursSpecification":[{"@type":"OpeningHoursSpecification","dayOfWeek":["Monday","Tuesday","Wednesday","Thursday","Friday","Saturday","Sunday"],"opens":"00:00","closes":"23:59"}],"email":"info@egytourpackages.com","areaServed":"Cairo, Hurghada, Luxor, Sharm El Sheikh, Marsa Alam, Aswan","priceRange":"$","currenciesAccepted":"euro","paymentAccepted":"Payment links online"},{"@type":"PostalAddress","@id":"https:\/\/egytourpackages.com\/de\/touren\/bianca-island-utopia-all-inclusive-schnorcheltour-ab-safaga\/#local-main-place-address","streetAddress":"Mubarak 8, Al Kawthar District, Hurghada","addressLocality":"Hurghada","postalCode":"84511","addressRegion":"Red Sea","addressCountry":"EG"},{"@type":"ImageObject","inLanguage":"de","@id":"https:\/\/egytourpackages.com\/de\/touren\/bianca-island-utopia-all-inclusive-schnorcheltour-ab-safaga\/#local-main-organization-logo","url":"https:\/\/egytourpackages.com\/wp-content\/uploads\/2025\/12\/Turquoise-Dahabiya-Nile-Cruise-1.jpeg","contentUrl":"https:\/\/egytourpackages.com\/wp-content\/uploads\/2025\/12\/Turquoise-Dahabiya-Nile-Cruise-1.jpeg","width":1040,"height":694,"caption":"egypt tour packages"}]},"product_brand":"\u00c4gypten Tagestouren","product_price_currency":"EUR","og_availability":"instock","product_availability":"instock","product_retailer_item_id":"SBE11","product_condition":"new","geo.placename":"Hurghada","geo.region":"\u00c4gypten"},"_links":{"self":[{"href":"https:\/\/egytourpackages.com\/de\/wp-json\/wp\/v2\/product\/5463","targetHints":{"allow":["GET"]}}],"collection":[{"href":"https:\/\/egytourpackages.com\/de\/wp-json\/wp\/v2\/product"}],"about":[{"href":"https:\/\/egytourpackages.com\/de\/wp-json\/wp\/v2\/types\/product"}],"replies":[{"embeddable":true,"href":"https:\/\/egytourpackages.com\/de\/wp-json\/wp\/v2\/comments?post=5463"}],"wp:featuredmedia":[{"embeddable":true,"href":"https:\/\/egytourpackages.com\/de\/wp-json\/wp\/v2\/media\/5445"}],"wp:attachment":[{"href":"https:\/\/egytourpackages.com\/de\/wp-json\/wp\/v2\/media?parent=5463"}],"wp:term":[{"taxonomy":"product_brand","embeddable":true,"href":"https:\/\/egytourpackages.com\/de\/wp-json\/wp\/v2\/product_brand?post=5463"},{"taxonomy":"product_cat","embeddable":true,"href":"https:\/\/egytourpackages.com\/de\/wp-json\/wp\/v2\/product_cat?post=5463"},{"taxonomy":"product_tag","embeddable":true,"href":"https:\/\/egytourpackages.com\/de\/wp-json\/wp\/v2\/product_tag?post=5463"}],"curies":[{"name":"wp","href":"https:\/\/api.w.org\/{rel}","templated":true}]}}