{"id":5466,"date":"2023-08-22T17:07:45","date_gmt":"2023-08-22T17:07:45","guid":{"rendered":"https:\/\/egytourpackages.com\/product\/schnorcheltour-mit-dem-boot-ab-sahl-hasheesh\/"},"modified":"2026-01-28T20:43:21","modified_gmt":"2026-01-28T20:43:21","slug":"schnorcheltour-mit-dem-boot-ab-sahl-hasheesh","status":"publish","type":"product","link":"https:\/\/egytourpackages.com\/de\/touren\/schnorcheltour-mit-dem-boot-ab-sahl-hasheesh\/","title":{"rendered":"Schnorcheltour mit dem Boot ab Sahl Hasheesh"},"content":{"rendered":"<p><strong><span style=\"color: #ff6600;\">Schnorcheltour mit dem Boot ab Sahl Hasheesh | <span style=\"color: #993300;\">Beste Schnorcheltouren auf dem Meer<\/span><\/span><\/strong><\/p>\n<p>Bereiten Sie sich auf eine unglaubliche <strong>Schnorcheltour mit dem Boot ab Sahl Hasheesh<\/strong> vor, eine Top-Wahl f\u00fcr jeden, der nach den <strong>besten Aktivit\u00e4ten in Sahl Hasheesh<\/strong> sucht. Diese <strong>Schnorcheltour auf dem Meer<\/strong> bietet eine perfekte Mischung aus Abenteuer und Entspannung und l\u00e4sst Sie in die atemberaubende Sch\u00f6nheit des <strong>Roten Meeres<\/strong> eintauchen. Als erstklassiger <strong>Ausflug ab Sahl Hasheesh<\/strong> bringt Sie dieser All-Inclusive-Trip zu den spektakul\u00e4rsten <strong>Schnorchelpl\u00e4tzen<\/strong> auf einem komfortablen Boot.<\/p>\n<p>Diese Reise ist eine gro\u00dfartige M\u00f6glichkeit, die ber\u00fchmten <strong>Korallenriffe des Roten Meeres<\/strong> zu erkunden. Sie haben die Chance, in das <strong>kristallklare Wasser<\/strong> zu springen und die lebendige Unterwasserwelt zu erleben. Halten Sie Ausschau nach verspielten <strong>Delfinen in \u00c4gypten<\/strong>, die oft neben dem Boot schwimmen und Ihrem Tag eine wahrhaft magische Note verleihen.<\/p>\n<p>Die Tour beinhaltet in der Regel zwei verschiedene Schnorchelstopps, die jeweils einen einzigartigen Einblick in das vielf\u00e4ltige <strong>Meeresleben im Roten Meer<\/strong> bieten. Die gesamte notwendige <strong>Schnorchelausr\u00fcstung<\/strong>, einschlie\u00dflich Masken, Flossen und Schwimmwesten, wird an Bord gestellt. Ein frisch zubereitetes <strong>Mittagessen<\/strong> wird serviert, um Sie f\u00fcr einen Tag voller Erkundungen zu st\u00e4rken. F\u00fcr zus\u00e4tzlichen Nervenkitzel haben Sie m\u00f6glicherweise auch die Option, aufregende <strong>Wassersportarten<\/strong> wie <strong>Banana-Boat<\/strong> und <strong>Sofa-Boat<\/strong> auszuprobieren.<\/p>\n<p>Ihr Tag beginnt mit einer bequemen <strong>Hotelabholung<\/strong> von Ihrem Hotel in Sahl Hasheesh, was einen stressfreien Start in Ihr Abenteuer garantiert. Die Tour ist All-Inclusive, mit einem k\u00f6stlichen Mittagessen, Snacks und unbegrenzten hei\u00dfen und kalten Getr\u00e4nken. Nach einem Tag voller Spa\u00df werden Sie zur\u00fcck zu Ihrem Hotel gebracht, voller unvergesslicher Erinnerungen an Ihre <strong>Schnorcheltour mit dem Boot<\/strong>.<\/p>\n<h3><span style=\"color: #ff6600;\">Tour-Highlights<\/span><\/h3>\n<ul>\n<li>Zwei Schnorchelstopps an zwei verschiedenen Orten<\/li>\n<li>Frisch gekochtes Mittagessen an Bord<\/li>\n<li>Wassersportarten wie Banana-Boat und Sofa-Boat<\/li>\n<\/ul>\n<h3><span style=\"color: #ff6600;\">Tour-Details<\/span><\/h3>\n<ul>\n<li>Dauer: 8 Stunden<\/li>\n<li>Ort: Rotes Meer<\/li>\n<li>Tour-Verf\u00fcgbarkeit: T\u00e4glich<\/li>\n<li>Tour-Typ: Gruppe<\/li>\n<li>Abholung &amp; R\u00fcckgabe: Ihr Hotel in Sahl Hasheesh<\/li>\n<li>Rollstuhl-Zug\u00e4nglichkeit: Barrierefrei<\/li>\n<\/ul>\n<h3><span style=\"color: #ff6600;\">Inklusivleistungen<\/span><\/h3>\n<ul>\n<li>Hin- und R\u00fccktransfer von Ihrem Hotel in Sahl Hasheesh<\/li>\n<li>Schnorchelausr\u00fcstung wie Schwimmweste, Maske, Flossen<\/li>\n<li>Schnorchelguide<\/li>\n<li>Frisch gekochtes Mittagessen an Bord<\/li>\n<li>Mineralwasser, hei\u00dfe und kalte Getr\u00e4nke den ganzen Tag<\/li>\n<\/ul>\n<h3><span style=\"color: #ff6600;\">Exklusivleistungen<\/span><\/h3>\n<ul>\n<li>DVD und Fotos vom Kameramann<\/li>\n<li>Trinkgelder<\/li>\n<li>Tauchen<\/li>\n<\/ul>\n<h3><span style=\"color: #ff6600;\">Was Sie mitnehmen sollten<\/span><\/h3>\n<ul>\n<li>Ihr eigenes Handtuch vom Hotel<\/li>\n<li>Hut oder Schal<\/li>\n<li>Sonnencreme<\/li>\n<li>Sonnenbrille<\/li>\n<li>Bequeme Schuhe<\/li>\n<li>Badeanzug<\/li>\n<li>Etwas Bargeld f\u00fcr pers\u00f6nliche Ausgaben<\/li>\n<\/ul>\n<h3><span style=\"color: #ff6600;\">Preis f\u00fcr Schnorcheltour mit dem Boot ab Sahl Hasheesh<\/span><\/h3>\n<ul>\n<li>Preis f\u00fcr Erwachsene = 30 \u20ac<\/li>\n<li>Kleinkinder 0-5 Jahre = kostenlos<\/li>\n<li>Kinder 5-11 Jahre = 50 % des Erwachsenenpreises<\/li>\n<\/ul>\n<h3><span style=\"color: #ff6600;\">Buchung<\/span><\/h3>\n<p>Sie k\u00f6nnen Ihre Tour \u00fcber WhatsApp oder per E-Mail buchen und erhalten sofort eine Best\u00e4tigung. Bitte senden Sie uns den Namen Ihres Hotels, Ihre Zimmernummer und Kopien Ihrer P\u00e4sse.<\/p>\n<p>WhatsApp: +201000852186<\/p>\n<p>info@egytourpackages.com<\/p>\n<h3><span style=\"color: #ff6600;\">Jetzt buchen &amp; vor Ort bezahlen<\/span><\/h3>\n<p>Buchen Sie Ihre Lieblingstour und bezahlen Sie am Tag des Ausflugs. Sie k\u00f6nnen in \u00e4gyptischen Pfund, $, \u20ac oder \u00a3 bezahlen.<\/p>\n<h3><span style=\"color: #ff6600;\">Stornierungsbedingungen<\/span><\/h3>\n<ul>\n<li>Die Stornierung ist bis 24 Stunden im Voraus kostenlos<\/li>\n<li>Bei Stornierung am Morgen des Ausflugs fallen 50 % des Preises an<\/li>\n<\/ul>\n","protected":false},"excerpt":{"rendered":"<p>Erkunden Sie das Rote Meer Schnorcheltour mit dem Boot ab Sahl Hasheesh. Entdecken Sie farbenfrohe Korallenriffe, Meereslebewesen und Wassersport.<\/p>\n","protected":false},"featured_media":2954,"comment_status":"open","ping_status":"closed","template":"","meta":[],"product_brand":[],"product_cat":[1494],"product_tag":[1495,2879,1546],"class_list":{"0":"post-5466","1":"product","2":"type-product","3":"status-publish","4":"has-post-thumbnail","6":"product_cat-touren","7":"product_tag-agypten-tagestouren","8":"product_tag-die-besten-aktivitaten-in-sahl-hasheesh","9":"product_tag-sahl-hasheesh-ausfluge","10":"tour_category-agypten-tagestouren","11":"tour_category-hurghada-schnorchelausfluge","12":"tour_category-sahl-hasheesh-ausfluge","14":"first","15":"instock","16":"sale","17":"shipping-taxable","18":"purchasable","19":"product-type-tour","20":"has-default-attributes"},"yoast_head":"<!-- This site is optimized with the Yoast SEO Premium plugin v27.2 (Yoast SEO v27.2) - https:\/\/yoast.com\/product\/yoast-seo-premium-wordpress\/ -->\n<title>Schnorcheltour mit dem Boot ab Sahl Hasheesh<\/title>\n<meta name=\"description\" content=\"Erkunden Sie das Rote Meer Schnorcheltour mit dem Boot ab Sahl Hasheesh. Entdecken Sie farbenfrohe Korallenriffe, Meereslebewesen und Wassersport.\" \/>\n<meta name=\"robots\" content=\"index, follow, max-snippet:-1, max-image-preview:large, max-video-preview:-1\" \/>\n<link rel=\"canonical\" href=\"https:\/\/egytourpackages.com\/de\/touren\/schnorcheltour-mit-dem-boot-ab-sahl-hasheesh\/\" \/>\n<meta property=\"og:locale\" content=\"de_DE\" \/>\n<meta property=\"og:type\" content=\"article\" \/>\n<meta property=\"og:title\" content=\"Schnorcheltour mit dem Boot ab Sahl Hasheesh\" \/>\n<meta property=\"og:description\" content=\"Erkunden Sie das Rote Meer Schnorcheltour mit dem Boot ab Sahl Hasheesh. Entdecken Sie farbenfrohe Korallenriffe, Meereslebewesen und Wassersport.\" \/>\n<meta property=\"og:url\" content=\"https:\/\/egytourpackages.com\/de\/touren\/schnorcheltour-mit-dem-boot-ab-sahl-hasheesh\/\" \/>\n<meta property=\"og:site_name\" content=\"\u00c4gypten-Reisepakete\" \/>\n<meta property=\"article:publisher\" content=\"https:\/\/www.facebook.com\/egytourpackages\" \/>\n<meta property=\"article:modified_time\" content=\"2026-01-28T20:43:21+00:00\" \/>\n<meta property=\"og:image\" content=\"https:\/\/egytourpackages.com\/wp-content\/uploads\/2023\/08\/Snorkeling-Boat-Trip-from-Sahl-Hasheesh-1024x682.jpg\" \/>\n<meta name=\"twitter:card\" content=\"summary_large_image\" \/>\n<meta name=\"twitter:title\" content=\"Schnorcheltour mit dem Boot ab Sahl Hasheesh\" \/>\n<meta name=\"twitter:description\" content=\"Erkunden Sie das Rote Meer Schnorcheltour mit dem Boot ab Sahl Hasheesh. Entdecken Sie farbenfrohe Korallenriffe, Meereslebewesen und Wassersport.\" \/>\n<meta name=\"twitter:image\" content=\"https:\/\/egytourpackages.com\/wp-content\/uploads\/2023\/08\/Snorkeling-Boat-Trip-from-Sahl-Hasheesh-1024x682.jpg\" \/>\n<meta name=\"twitter:label1\" content=\"Preis\" \/>\n\t<meta name=\"twitter:data1\" content=\"&euro;30\" \/>\n\t<meta name=\"twitter:label2\" content=\"Verf\u00fcgbarkeit\" \/>\n\t<meta name=\"twitter:data2\" content=\"Auf Lager\" \/>\n<script type=\"application\/ld+json\" class=\"yoast-schema-graph\">{\"@context\":\"https:\/\/schema.org\",\"@graph\":[{\"@type\":\"WebPage\",\"@id\":\"https:\/\/egytourpackages.com\/de\/touren\/schnorcheltour-mit-dem-boot-ab-sahl-hasheesh\/\",\"url\":\"https:\/\/egytourpackages.com\/de\/touren\/schnorcheltour-mit-dem-boot-ab-sahl-hasheesh\/\",\"name\":\"Schnorcheltour mit dem Boot ab Sahl Hasheesh\",\"isPartOf\":{\"@id\":\"https:\/\/egytourpackages.com\/de\/#website\"},\"primaryImageOfPage\":{\"@id\":\"https:\/\/egytourpackages.com\/de\/touren\/schnorcheltour-mit-dem-boot-ab-sahl-hasheesh\/#primaryimage\"},\"image\":{\"@id\":\"https:\/\/egytourpackages.com\/de\/touren\/schnorcheltour-mit-dem-boot-ab-sahl-hasheesh\/#primaryimage\"},\"thumbnailUrl\":\"https:\/\/egytourpackages.com\/wp-content\/uploads\/2023\/08\/Snorkeling-Boat-Trip-from-Sahl-Hasheesh.jpg\",\"datePublished\":\"2023-08-22T17:07:45+00:00\",\"dateModified\":\"2026-01-28T20:43:21+00:00\",\"description\":\"Erkunden Sie das Rote Meer Schnorcheltour mit dem Boot ab Sahl Hasheesh. Entdecken Sie farbenfrohe Korallenriffe, Meereslebewesen und Wassersport.\",\"breadcrumb\":{\"@id\":\"https:\/\/egytourpackages.com\/de\/touren\/schnorcheltour-mit-dem-boot-ab-sahl-hasheesh\/#breadcrumb\"},\"inLanguage\":\"de\",\"potentialAction\":[{\"@type\":\"ReadAction\",\"target\":[\"https:\/\/egytourpackages.com\/de\/touren\/schnorcheltour-mit-dem-boot-ab-sahl-hasheesh\/\"]}]},{\"@type\":\"ImageObject\",\"inLanguage\":\"de\",\"@id\":\"https:\/\/egytourpackages.com\/de\/touren\/schnorcheltour-mit-dem-boot-ab-sahl-hasheesh\/#primaryimage\",\"url\":\"https:\/\/egytourpackages.com\/wp-content\/uploads\/2023\/08\/Snorkeling-Boat-Trip-from-Sahl-Hasheesh.jpg\",\"contentUrl\":\"https:\/\/egytourpackages.com\/wp-content\/uploads\/2023\/08\/Snorkeling-Boat-Trip-from-Sahl-Hasheesh.jpg\",\"width\":2000,\"height\":1333,\"caption\":\"Schnorcheltour mit dem Boot ab Sahl Hasheesh\"},{\"@type\":\"BreadcrumbList\",\"@id\":\"https:\/\/egytourpackages.com\/de\/touren\/schnorcheltour-mit-dem-boot-ab-sahl-hasheesh\/#breadcrumb\",\"itemListElement\":[{\"@type\":\"ListItem\",\"position\":1,\"name\":\"Startseite\",\"item\":\"https:\/\/egytourpackages.com\/de\/\"},{\"@type\":\"ListItem\",\"position\":2,\"name\":\"Shop\",\"item\":\"https:\/\/egytourpackages.com\/de\/shop\/\"},{\"@type\":\"ListItem\",\"position\":3,\"name\":\"Schnorcheltour mit dem Boot ab Sahl Hasheesh\"}]},{\"@type\":\"WebSite\",\"@id\":\"https:\/\/egytourpackages.com\/de\/#website\",\"url\":\"https:\/\/egytourpackages.com\/de\/\",\"name\":\"Egy tour packages\",\"description\":\"\",\"publisher\":{\"@id\":\"https:\/\/egytourpackages.com\/de\/#organization\"},\"potentialAction\":[{\"@type\":\"SearchAction\",\"target\":{\"@type\":\"EntryPoint\",\"urlTemplate\":\"https:\/\/egytourpackages.com\/de\/?s={search_term_string}\"},\"query-input\":{\"@type\":\"PropertyValueSpecification\",\"valueRequired\":true,\"valueName\":\"search_term_string\"}}],\"inLanguage\":\"de\"},{\"@type\":[\"Organization\",\"Place\",\"TravelAgency\"],\"@id\":\"https:\/\/egytourpackages.com\/de\/#organization\",\"name\":\"egypt tour packages\",\"alternateName\":\"egypt tour packages\",\"url\":\"https:\/\/egytourpackages.com\/de\/\",\"logo\":{\"@id\":\"https:\/\/egytourpackages.com\/de\/touren\/schnorcheltour-mit-dem-boot-ab-sahl-hasheesh\/#local-main-organization-logo\"},\"image\":{\"@id\":\"https:\/\/egytourpackages.com\/de\/touren\/schnorcheltour-mit-dem-boot-ab-sahl-hasheesh\/#local-main-organization-logo\"},\"sameAs\":[\"https:\/\/www.facebook.com\/egytourpackages\"],\"legalName\":\"Egy tour packages\",\"address\":{\"@id\":\"https:\/\/egytourpackages.com\/de\/touren\/schnorcheltour-mit-dem-boot-ab-sahl-hasheesh\/#local-main-place-address\"},\"telephone\":[\"00201000852186\",\"00201028685533\"],\"contactPoint\":{\"@type\":\"ContactPoint\",\"telephone\":\"00201000852186\"},\"openingHoursSpecification\":[{\"@type\":\"OpeningHoursSpecification\",\"dayOfWeek\":[\"Monday\",\"Tuesday\",\"Wednesday\",\"Thursday\",\"Friday\",\"Saturday\",\"Sunday\"],\"opens\":\"00:00\",\"closes\":\"23:59\"}],\"email\":\"info@egytourpackages.com\",\"areaServed\":\"Cairo, Hurghada, Luxor, Sharm El Sheikh, Marsa Alam, Aswan\",\"priceRange\":\"$\",\"currenciesAccepted\":\"euro\",\"paymentAccepted\":\"Payment links online\"},{\"@type\":\"PostalAddress\",\"@id\":\"https:\/\/egytourpackages.com\/de\/touren\/schnorcheltour-mit-dem-boot-ab-sahl-hasheesh\/#local-main-place-address\",\"streetAddress\":\"Mubarak 8, Al Kawthar District, Hurghada\",\"addressLocality\":\"Hurghada\",\"postalCode\":\"84511\",\"addressRegion\":\"Red Sea\",\"addressCountry\":\"EG\"},{\"@type\":\"ImageObject\",\"inLanguage\":\"de\",\"@id\":\"https:\/\/egytourpackages.com\/de\/touren\/schnorcheltour-mit-dem-boot-ab-sahl-hasheesh\/#local-main-organization-logo\",\"url\":\"https:\/\/egytourpackages.com\/wp-content\/uploads\/2025\/12\/Turquoise-Dahabiya-Nile-Cruise-1.jpeg\",\"contentUrl\":\"https:\/\/egytourpackages.com\/wp-content\/uploads\/2025\/12\/Turquoise-Dahabiya-Nile-Cruise-1.jpeg\",\"width\":1040,\"height\":694,\"caption\":\"egypt tour packages\"}]}<\/script>\n<meta property=\"product:brand\" content=\"\u00c4gypten Tagestouren\" \/>\n<meta property=\"product:price:amount\" content=\"30\" \/>\n<meta property=\"product:price:currency\" content=\"EUR\" \/>\n<meta property=\"og:availability\" content=\"instock\" \/>\n<meta property=\"product:availability\" content=\"instock\" \/>\n<meta property=\"product:retailer_item_id\" content=\"SHDT03\" \/>\n<meta property=\"product:condition\" content=\"new\" \/>\n<meta name=\"geo.placename\" content=\"Hurghada\" \/>\n<meta name=\"geo.region\" content=\"\u00c4gypten\" \/>\n<!-- \/ Yoast SEO Premium plugin. -->","yoast_head_json":{"title":"Schnorcheltour mit dem Boot ab Sahl Hasheesh","description":"Erkunden Sie das Rote Meer Schnorcheltour mit dem Boot ab Sahl Hasheesh. Entdecken Sie farbenfrohe Korallenriffe, Meereslebewesen und Wassersport.","robots":{"index":"index","follow":"follow","max-snippet":"max-snippet:-1","max-image-preview":"max-image-preview:large","max-video-preview":"max-video-preview:-1"},"canonical":"https:\/\/egytourpackages.com\/de\/touren\/schnorcheltour-mit-dem-boot-ab-sahl-hasheesh\/","og_locale":"de_DE","og_type":"article","og_title":"Schnorcheltour mit dem Boot ab Sahl Hasheesh","og_description":"Erkunden Sie das Rote Meer Schnorcheltour mit dem Boot ab Sahl Hasheesh. Entdecken Sie farbenfrohe Korallenriffe, Meereslebewesen und Wassersport.","og_url":"https:\/\/egytourpackages.com\/de\/touren\/schnorcheltour-mit-dem-boot-ab-sahl-hasheesh\/","og_site_name":"\u00c4gypten-Reisepakete","article_publisher":"https:\/\/www.facebook.com\/egytourpackages","article_modified_time":"2026-01-28T20:43:21+00:00","og_image":[{"url":"https:\/\/egytourpackages.com\/wp-content\/uploads\/2023\/08\/Snorkeling-Boat-Trip-from-Sahl-Hasheesh-1024x682.jpg","type":"","width":"","height":""}],"twitter_card":"summary_large_image","twitter_title":"Schnorcheltour mit dem Boot ab Sahl Hasheesh","twitter_description":"Erkunden Sie das Rote Meer Schnorcheltour mit dem Boot ab Sahl Hasheesh. Entdecken Sie farbenfrohe Korallenriffe, Meereslebewesen und Wassersport.","twitter_image":"https:\/\/egytourpackages.com\/wp-content\/uploads\/2023\/08\/Snorkeling-Boat-Trip-from-Sahl-Hasheesh-1024x682.jpg","twitter_misc":{"Preis":"&euro;30","Verf\u00fcgbarkeit":"Auf Lager"},"schema":{"@context":"https:\/\/schema.org","@graph":[{"@type":"WebPage","@id":"https:\/\/egytourpackages.com\/de\/touren\/schnorcheltour-mit-dem-boot-ab-sahl-hasheesh\/","url":"https:\/\/egytourpackages.com\/de\/touren\/schnorcheltour-mit-dem-boot-ab-sahl-hasheesh\/","name":"Schnorcheltour mit dem Boot ab Sahl Hasheesh","isPartOf":{"@id":"https:\/\/egytourpackages.com\/de\/#website"},"primaryImageOfPage":{"@id":"https:\/\/egytourpackages.com\/de\/touren\/schnorcheltour-mit-dem-boot-ab-sahl-hasheesh\/#primaryimage"},"image":{"@id":"https:\/\/egytourpackages.com\/de\/touren\/schnorcheltour-mit-dem-boot-ab-sahl-hasheesh\/#primaryimage"},"thumbnailUrl":"https:\/\/egytourpackages.com\/wp-content\/uploads\/2023\/08\/Snorkeling-Boat-Trip-from-Sahl-Hasheesh.jpg","datePublished":"2023-08-22T17:07:45+00:00","dateModified":"2026-01-28T20:43:21+00:00","description":"Erkunden Sie das Rote Meer Schnorcheltour mit dem Boot ab Sahl Hasheesh. Entdecken Sie farbenfrohe Korallenriffe, Meereslebewesen und Wassersport.","breadcrumb":{"@id":"https:\/\/egytourpackages.com\/de\/touren\/schnorcheltour-mit-dem-boot-ab-sahl-hasheesh\/#breadcrumb"},"inLanguage":"de","potentialAction":[{"@type":"ReadAction","target":["https:\/\/egytourpackages.com\/de\/touren\/schnorcheltour-mit-dem-boot-ab-sahl-hasheesh\/"]}]},{"@type":"ImageObject","inLanguage":"de","@id":"https:\/\/egytourpackages.com\/de\/touren\/schnorcheltour-mit-dem-boot-ab-sahl-hasheesh\/#primaryimage","url":"https:\/\/egytourpackages.com\/wp-content\/uploads\/2023\/08\/Snorkeling-Boat-Trip-from-Sahl-Hasheesh.jpg","contentUrl":"https:\/\/egytourpackages.com\/wp-content\/uploads\/2023\/08\/Snorkeling-Boat-Trip-from-Sahl-Hasheesh.jpg","width":2000,"height":1333,"caption":"Schnorcheltour mit dem Boot ab Sahl Hasheesh"},{"@type":"BreadcrumbList","@id":"https:\/\/egytourpackages.com\/de\/touren\/schnorcheltour-mit-dem-boot-ab-sahl-hasheesh\/#breadcrumb","itemListElement":[{"@type":"ListItem","position":1,"name":"Startseite","item":"https:\/\/egytourpackages.com\/de\/"},{"@type":"ListItem","position":2,"name":"Shop","item":"https:\/\/egytourpackages.com\/de\/shop\/"},{"@type":"ListItem","position":3,"name":"Schnorcheltour mit dem Boot ab Sahl Hasheesh"}]},{"@type":"WebSite","@id":"https:\/\/egytourpackages.com\/de\/#website","url":"https:\/\/egytourpackages.com\/de\/","name":"Egy tour packages","description":"","publisher":{"@id":"https:\/\/egytourpackages.com\/de\/#organization"},"potentialAction":[{"@type":"SearchAction","target":{"@type":"EntryPoint","urlTemplate":"https:\/\/egytourpackages.com\/de\/?s={search_term_string}"},"query-input":{"@type":"PropertyValueSpecification","valueRequired":true,"valueName":"search_term_string"}}],"inLanguage":"de"},{"@type":["Organization","Place","TravelAgency"],"@id":"https:\/\/egytourpackages.com\/de\/#organization","name":"egypt tour packages","alternateName":"egypt tour packages","url":"https:\/\/egytourpackages.com\/de\/","logo":{"@id":"https:\/\/egytourpackages.com\/de\/touren\/schnorcheltour-mit-dem-boot-ab-sahl-hasheesh\/#local-main-organization-logo"},"image":{"@id":"https:\/\/egytourpackages.com\/de\/touren\/schnorcheltour-mit-dem-boot-ab-sahl-hasheesh\/#local-main-organization-logo"},"sameAs":["https:\/\/www.facebook.com\/egytourpackages"],"legalName":"Egy tour packages","address":{"@id":"https:\/\/egytourpackages.com\/de\/touren\/schnorcheltour-mit-dem-boot-ab-sahl-hasheesh\/#local-main-place-address"},"telephone":["00201000852186","00201028685533"],"contactPoint":{"@type":"ContactPoint","telephone":"00201000852186"},"openingHoursSpecification":[{"@type":"OpeningHoursSpecification","dayOfWeek":["Monday","Tuesday","Wednesday","Thursday","Friday","Saturday","Sunday"],"opens":"00:00","closes":"23:59"}],"email":"info@egytourpackages.com","areaServed":"Cairo, Hurghada, Luxor, Sharm El Sheikh, Marsa Alam, Aswan","priceRange":"$","currenciesAccepted":"euro","paymentAccepted":"Payment links online"},{"@type":"PostalAddress","@id":"https:\/\/egytourpackages.com\/de\/touren\/schnorcheltour-mit-dem-boot-ab-sahl-hasheesh\/#local-main-place-address","streetAddress":"Mubarak 8, Al Kawthar District, Hurghada","addressLocality":"Hurghada","postalCode":"84511","addressRegion":"Red Sea","addressCountry":"EG"},{"@type":"ImageObject","inLanguage":"de","@id":"https:\/\/egytourpackages.com\/de\/touren\/schnorcheltour-mit-dem-boot-ab-sahl-hasheesh\/#local-main-organization-logo","url":"https:\/\/egytourpackages.com\/wp-content\/uploads\/2025\/12\/Turquoise-Dahabiya-Nile-Cruise-1.jpeg","contentUrl":"https:\/\/egytourpackages.com\/wp-content\/uploads\/2025\/12\/Turquoise-Dahabiya-Nile-Cruise-1.jpeg","width":1040,"height":694,"caption":"egypt tour packages"}]},"product_brand":"\u00c4gypten Tagestouren","product_price_amount":"30","product_price_currency":"EUR","og_availability":"instock","product_availability":"instock","product_retailer_item_id":"SHDT03","product_condition":"new","geo.placename":"Hurghada","geo.region":"\u00c4gypten"},"_links":{"self":[{"href":"https:\/\/egytourpackages.com\/de\/wp-json\/wp\/v2\/product\/5466","targetHints":{"allow":["GET"]}}],"collection":[{"href":"https:\/\/egytourpackages.com\/de\/wp-json\/wp\/v2\/product"}],"about":[{"href":"https:\/\/egytourpackages.com\/de\/wp-json\/wp\/v2\/types\/product"}],"replies":[{"embeddable":true,"href":"https:\/\/egytourpackages.com\/de\/wp-json\/wp\/v2\/comments?post=5466"}],"wp:featuredmedia":[{"embeddable":true,"href":"https:\/\/egytourpackages.com\/de\/wp-json\/wp\/v2\/media\/2954"}],"wp:attachment":[{"href":"https:\/\/egytourpackages.com\/de\/wp-json\/wp\/v2\/media?parent=5466"}],"wp:term":[{"taxonomy":"product_brand","embeddable":true,"href":"https:\/\/egytourpackages.com\/de\/wp-json\/wp\/v2\/product_brand?post=5466"},{"taxonomy":"product_cat","embeddable":true,"href":"https:\/\/egytourpackages.com\/de\/wp-json\/wp\/v2\/product_cat?post=5466"},{"taxonomy":"product_tag","embeddable":true,"href":"https:\/\/egytourpackages.com\/de\/wp-json\/wp\/v2\/product_tag?post=5466"}],"curies":[{"name":"wp","href":"https:\/\/api.w.org\/{rel}","templated":true}]}}