{"id":5549,"date":"2025-08-11T21:12:56","date_gmt":"2025-08-11T21:12:56","guid":{"rendered":"https:\/\/egytourpackages.com\/product\/tagesausflug-zum-katharinenkloster-von-sharm-el-sheikh\/"},"modified":"2026-01-03T22:13:53","modified_gmt":"2026-01-03T22:13:53","slug":"tagesausflug-zum-katharinenkloster-von-sharm-el-sheikh","status":"publish","type":"product","link":"https:\/\/egytourpackages.com\/de\/touren\/tagesausflug-zum-katharinenkloster-von-sharm-el-sheikh\/","title":{"rendered":"Tagesausflug zum Katharinenkloster von Sharm El Sheikh"},"content":{"rendered":"<p><strong><span style=\"color: #ff6600;\">Tagesausflug zum Katharinenkloster von Sharm El Sheikh<\/span><\/strong><\/p>\n<p>F\u00fcr Reisende, die eine tiefgreifende spirituelle und historische Erfahrung suchen, ist der <strong>Tagesausflug zum Katharinenkloster von Sharm El Sheikh<\/strong> eine hochprofessionelle und spezialisierte Tour. Die Reise bietet eine einzigartige Gelegenheit, eines der \u00e4ltesten kontinuierlich bewohnten christlichen Kl\u00f6ster der Welt zu erkunden, ein <strong>UNESCO-Weltkulturerbe<\/strong>, das am Fu\u00dfe des <strong>Berg Sinai<\/strong> liegt. Als <strong>orthodoxes griechisches Kloster<\/strong> ist es das \u00e4lteste christliche Kloster der Welt. Ihr Reisef\u00fchrer gibt Ihnen Einblicke in seine tiefgreifende Geschichte, seine Bedeutung im Christentum und im Islam sowie seine unsch\u00e4tzbare Sammlung religi\u00f6ser Artefakte.<\/p>\n<p>Tats\u00e4chlich wird dieser <strong>Tagesausflug von Sharm El Sheikh<\/strong> typischerweise in modernen, klimatisierten Fahrzeugen durchgef\u00fchrt, was einen komfortablen und direkten Transfer zum und vom Kloster gew\u00e4hrleistet. Der Reiseplan ist durchdacht strukturiert, um eine umfassende Erkundung dieses alten Wahrzeichens zu erm\u00f6glichen. Er beinhaltet oft einen optionalen, aber sehr empfehlenswerten, n\u00e4chtlichen Aufstieg auf den <strong>Berg Sinai<\/strong>, um den atemberaubenden Sonnenaufgang vom Gipfel aus zu erleben \u2013 eine wirklich unvergessliche und biblische Erfahrung. F\u00fcr diejenigen, die ein entspannteres Tempo bevorzugen, konzentriert sich der Tagesausflug auf das Kloster selbst und bietet ausreichend Zeit, seine historischen Sch\u00e4tze zu erkunden.<\/p>\n<p>Gef\u00fchrt von einem erfahrenen, <strong>englischsprachigen Reisef\u00fchrer<\/strong>, tauchen die Besucher in die reiche Geschichte des <strong>Katharinenklosters<\/strong> ein. Zu den wichtigsten H\u00f6hepunkten geh\u00f6ren der Besuch der Kapelle des <strong>Brennenden Dornbuschs<\/strong>, der ber\u00fchmten <strong>Verkl\u00e4rungskirche<\/strong> und der unsch\u00e4tzbaren Sammlung alter Manuskripte und religi\u00f6ser Ikonen. Dieser gezielte Reiseplan erm\u00f6glicht eine tiefere Verbindung mit der tiefgreifenden religi\u00f6sen und kulturellen Bedeutung des Ortes.<\/p>\n<p>Die <strong>Ausfl\u00fcge von Sharm El Sheikh<\/strong> sind eine beliebte Wahl f\u00fcr Pilger, Geschichtsliebhaber und alle, die einen ruhigen und bereichernden Ausflug ins Herz der Sinai-Halbinsel suchen.<\/p>\n<h3><span style=\"color: #ff6600;\">Tourdetails<\/span><\/h3>\n<ul>\n<li>Dauer: 11 Stunden<\/li>\n<li>Tourort: S\u00fcd-Sinai \/ Dahab \/ Sharm El Sheikh<\/li>\n<li>Verf\u00fcgbarkeit: T\u00e4glich au\u00dfer freitags<\/li>\n<li>Abholung &amp; R\u00fccktransfer: Hotels in Sharm El Sheikh<\/li>\n<li>Tourtyp: Privat<\/li>\n<li>Geeignet f\u00fcr: Paare, Familien, Senioren<\/li>\n<li>Rollstuhlzugang: Zug\u00e4nglich<\/li>\n<\/ul>\n<h3><span style=\"color: #ff6600;\">Tour-Highlights<\/span><\/h3>\n<ul>\n<li>Katharinenkloster<\/li>\n<li>Mittagessen in Dahab<\/li>\n<\/ul>\n<h3><span style=\"color: #ff6600;\">Inklusivleistungen<\/span><\/h3>\n<ul>\n<li>Hin- und R\u00fccktransfer mit klimatisiertem Fahrzeug<\/li>\n<li>Eintrittsgeb\u00fchren<\/li>\n<li>\u00c4gyptologe als Reisef\u00fchrer<\/li>\n<li>Beduinen-F\u00fchrer<\/li>\n<li>Mittagessen<\/li>\n<\/ul>\n<h3><span style=\"color: #ff6600;\">Exklusivleistungen<\/span><\/h3>\n<ul>\n<li>Eintrittsgeb\u00fchren zum Katharinen-Nationalpark: 10 \u20ac pro Person<\/li>\n<li>Getr\u00e4nke w\u00e4hrend des Mittagessens<\/li>\n<li>Trinkgeld<\/li>\n<\/ul>\n<h3><span style=\"color: #ff6600;\">Was Sie einpacken sollten<\/span><\/h3>\n<ul>\n<li>Bequeme Schuhe und passende Kleidung zum Wandern<\/li>\n<li>Warme Kleidung im Winter<\/li>\n<li>Sonnenbrille, Hut oder Schal<\/li>\n<li>Sonnencreme im Sommer<\/li>\n<\/ul>\n<h2><span style=\"color: #ff6600;\">Reiseroute<\/span><\/h2>\n<p>Ihr Tag beginnt mit einer bequemen Abholung von Ihrem Hotel in Sharm El Sheikh. Sie fahren in einem komfortablen, klimatisierten Fahrzeug auf der malerischen Reise durch die Sinai-W\u00fcste. Die Fahrt nach St. Catherine dauert ca. 2-3 Stunden.<\/p>\n<p>Bei der Ankunft im Kloster beginnen Sie Ihre Tour mit Ihrem professionellen englischsprachigen Reisef\u00fchrer. Er wird Sie dann durch die wichtigsten Bereiche dieses <strong>UNESCO-Weltkulturerbes<\/strong> f\u00fchren. Sie erfahren mehr \u00fcber die Geschichte des Klosters, seine Bedeutung im Christentum und im Islam sowie seine unsch\u00e4tzbare Sammlung religi\u00f6ser Artefakte.<\/p>\n<p>W\u00e4hrend dieser Zeit besuchen Sie die wichtigsten St\u00e4tten innerhalb der Klostermauern. Innerhalb der Mauern des <strong>Katharinenklosters<\/strong> entdecken Sie eine F\u00fclle biblischer und historischer Sch\u00e4tze. Zu den H\u00f6hepunkten der Tour geh\u00f6rt die verehrte <strong>Kapelle des Brennenden Dornbuschs<\/strong>, die als genau der Ort gilt, an dem Gott zu <strong>Moses<\/strong> sprach.<\/p>\n<p>Au\u00dferdem besuchen Sie den <strong>Brunnen des Moses<\/strong>, genau den Brunnen, an dem er seine zuk\u00fcnftige Frau kennengelernt haben soll. Die <strong>Hauptbasilika<\/strong> des Klosters ist ein pr\u00e4chtiges Beispiel antiker Architektur, die sich mit atemberaubenden Mosaiken r\u00fchmt, die Jahrhunderte \u00fcberdauert haben.<\/p>\n<p>Zuletzt erfahren Sie mehr \u00fcber die weltber\u00fchmte Bibliothek des Klosters, die eine der gr\u00f6\u00dften Sammlungen antiker Manuskripte beherbergt, eine Sammlung, die nur die des Vatikans \u00fcbertrifft.<\/p>\n<p>Nach der F\u00fchrung haben Sie Freizeit, um das Gel\u00e4nde auf eigene Faust zu erkunden. W\u00e4hrend dieser Zeit k\u00f6nnen Sie das Klostermuseum besuchen, das eine1gro\u00dfartige Sammlung fr\u00fchchristlicher Ikonen und Manuskripte enth\u00e4lt. Diese Sammlung gilt als die zweitgr\u00f6\u00dfte ihrer Art weltweit nach der des Vatikans.<\/p>\n<p>Nach dem Mittagessen in Dahab beginnen Sie als Teil Ihrer <strong>Tagesausfl\u00fcge in \u00c4gypten<\/strong> die R\u00fcckreise nach Sharm El Sheikh. Mahlzeiten: Mittagessen<\/p>\n<h3><span style=\"color: #ff6600;\">Preis f\u00fcr den Tagesausflug zum Katharinenkloster von Sharm El Sheikh<\/span><\/h3>\n<ul>\n<li>Preis f\u00fcr Erwachsene: 50 \u20ac<\/li>\n<li>Kinder 0-5 Jahre: kostenlos<\/li>\n<li>Kinder 5-11 Jahre: 50 % des Erwachsenenpreises<\/li>\n<\/ul>\n<h3><span style=\"color: #ff6600;\">Buchung<\/span><\/h3>\n<p>Sie k\u00f6nnen Ihre Tour per WhatsApp oder E-Mail buchen und erhalten sofort eine Best\u00e4tigung. Bitte senden Sie uns den Namen Ihres Hotels, Ihre Zimmernummer und Kopien Ihrer P\u00e4sse.<\/p>\n<p>WhatsApp: +201000852186<\/p>\n<p>info@egytourpackages.com<\/p>\n<h3><span style=\"color: #ff6600;\">Jetzt buchen &amp; vor Ort bezahlen<\/span><\/h3>\n<p>Buchen Sie Ihre Lieblingstour und bezahlen Sie am Tag des Ausflugs.<\/p>\n<h3><span style=\"color: #ff6600;\">Bezahlung<\/span><\/h3>\n<p>Sie k\u00f6nnen in \u00e4gyptischen Pfund, $, \u20ac oder \u00a3 bezahlen.<\/p>\n<h3><span style=\"color: #ff6600;\">Stornierungsbedingungen<\/span><\/h3>\n<ul>\n<li>Stornierung ist bis zu 24 Stunden im Voraus kostenlos<\/li>\n<li>Stornierung am Morgen kostet 50 % des Preises<\/li>\n<\/ul>\n","protected":false},"excerpt":{"rendered":"<p>Unvergesslicher Tagesausflug zum Katharinenkloster von Sharm El Sheikh. Entdecken Sie Geschichte, Kultur, Natur und den Berg Sinai.<\/p>\n","protected":false},"featured_media":5545,"comment_status":"closed","ping_status":"closed","template":"","meta":[],"product_brand":[],"product_cat":[1494],"product_tag":[2620,1495,2800],"class_list":{"0":"post-5549","1":"product","2":"type-product","3":"status-publish","4":"has-post-thumbnail","6":"product_cat-touren","7":"product_tag-agypten-rundreisen","8":"product_tag-agypten-tagestouren","9":"product_tag-sharm-el-sheikh-tagestouren","10":"tour_category-agypten-tagestouren","11":"tour_category-tagesausfluge-in-scharm-el-scheich","13":"first","14":"instock","15":"sale","16":"shipping-taxable","17":"purchasable","18":"product-type-tour","19":"has-default-attributes"},"yoast_head":"<!-- This site is optimized with the Yoast SEO Premium plugin v27.4 (Yoast SEO v27.4) - https:\/\/yoast.com\/product\/yoast-seo-premium-wordpress\/ -->\n<title>Tagesausflug zum Katharinenkloster von Sharm El Sheikh<\/title>\n<meta name=\"description\" content=\"Unvergesslicher Tagesausflug zum Katharinenkloster von Sharm El Sheikh. Entdecken Sie Geschichte, Kultur, Natur und den Berg Sinai.\" \/>\n<meta name=\"robots\" content=\"index, follow, max-snippet:-1, max-image-preview:large, max-video-preview:-1\" \/>\n<link rel=\"canonical\" href=\"https:\/\/egytourpackages.com\/de\/touren\/tagesausflug-zum-katharinenkloster-von-sharm-el-sheikh\/\" \/>\n<meta property=\"og:locale\" content=\"de_DE\" \/>\n<meta property=\"og:type\" content=\"article\" \/>\n<meta property=\"og:title\" content=\"Tagesausflug zum Katharinenkloster von Sharm El Sheikh\" \/>\n<meta property=\"og:description\" content=\"Unvergesslicher Tagesausflug zum Katharinenkloster von Sharm El Sheikh. Entdecken Sie Geschichte, Kultur, Natur und den Berg Sinai.\" \/>\n<meta property=\"og:url\" content=\"https:\/\/egytourpackages.com\/de\/touren\/tagesausflug-zum-katharinenkloster-von-sharm-el-sheikh\/\" \/>\n<meta property=\"og:site_name\" content=\"\u00c4gypten-Reisepakete\" \/>\n<meta property=\"article:publisher\" content=\"https:\/\/www.facebook.com\/egytourpackages\" \/>\n<meta property=\"article:modified_time\" content=\"2026-01-03T22:13:53+00:00\" \/>\n<meta property=\"og:image\" content=\"https:\/\/egytourpackages.com\/wp-content\/uploads\/2025\/08\/St.-Catherines-Monastery-South-Sinai.jpeg\" \/>\n\t<meta property=\"og:image:width\" content=\"1800\" \/>\n\t<meta property=\"og:image:height\" content=\"1196\" \/>\n\t<meta property=\"og:image:type\" content=\"image\/jpeg\" \/>\n<meta name=\"twitter:card\" content=\"summary_large_image\" \/>\n<meta name=\"twitter:title\" content=\"Tagesausflug zum Katharinenkloster von Sharm El Sheikh\" \/>\n<meta name=\"twitter:label1\" content=\"Preis\" \/>\n\t<meta name=\"twitter:data1\" content=\"&euro;0\" \/>\n\t<meta name=\"twitter:label2\" content=\"Verf\u00fcgbarkeit\" \/>\n\t<meta name=\"twitter:data2\" content=\"Auf Lager\" \/>\n<script type=\"application\/ld+json\" class=\"yoast-schema-graph\">{\"@context\":\"https:\\\/\\\/schema.org\",\"@graph\":[{\"@type\":\"WebPage\",\"@id\":\"https:\\\/\\\/egytourpackages.com\\\/de\\\/touren\\\/tagesausflug-zum-katharinenkloster-von-sharm-el-sheikh\\\/\",\"url\":\"https:\\\/\\\/egytourpackages.com\\\/de\\\/touren\\\/tagesausflug-zum-katharinenkloster-von-sharm-el-sheikh\\\/\",\"name\":\"Tagesausflug zum Katharinenkloster von Sharm El Sheikh\",\"isPartOf\":{\"@id\":\"https:\\\/\\\/egytourpackages.com\\\/de\\\/#website\"},\"primaryImageOfPage\":{\"@id\":\"https:\\\/\\\/egytourpackages.com\\\/de\\\/touren\\\/tagesausflug-zum-katharinenkloster-von-sharm-el-sheikh\\\/#primaryimage\"},\"image\":{\"@id\":\"https:\\\/\\\/egytourpackages.com\\\/de\\\/touren\\\/tagesausflug-zum-katharinenkloster-von-sharm-el-sheikh\\\/#primaryimage\"},\"thumbnailUrl\":\"https:\\\/\\\/egytourpackages.com\\\/wp-content\\\/uploads\\\/2025\\\/08\\\/St.-Catherines-Monastery-South-Sinai.jpeg\",\"datePublished\":\"2025-08-11T21:12:56+00:00\",\"dateModified\":\"2026-01-03T22:13:53+00:00\",\"description\":\"Unvergesslicher Tagesausflug zum Katharinenkloster von Sharm El Sheikh. Entdecken Sie Geschichte, Kultur, Natur und den Berg Sinai.\",\"breadcrumb\":{\"@id\":\"https:\\\/\\\/egytourpackages.com\\\/de\\\/touren\\\/tagesausflug-zum-katharinenkloster-von-sharm-el-sheikh\\\/#breadcrumb\"},\"inLanguage\":\"de\",\"potentialAction\":[{\"@type\":\"ReadAction\",\"target\":[\"https:\\\/\\\/egytourpackages.com\\\/de\\\/touren\\\/tagesausflug-zum-katharinenkloster-von-sharm-el-sheikh\\\/\"]}]},{\"@type\":\"ImageObject\",\"inLanguage\":\"de\",\"@id\":\"https:\\\/\\\/egytourpackages.com\\\/de\\\/touren\\\/tagesausflug-zum-katharinenkloster-von-sharm-el-sheikh\\\/#primaryimage\",\"url\":\"https:\\\/\\\/egytourpackages.com\\\/wp-content\\\/uploads\\\/2025\\\/08\\\/St.-Catherines-Monastery-South-Sinai.jpeg\",\"contentUrl\":\"https:\\\/\\\/egytourpackages.com\\\/wp-content\\\/uploads\\\/2025\\\/08\\\/St.-Catherines-Monastery-South-Sinai.jpeg\",\"width\":1800,\"height\":1196,\"caption\":\"Tagesausflug zum Katharinenkloster von Sharm El Sheikh\"},{\"@type\":\"BreadcrumbList\",\"@id\":\"https:\\\/\\\/egytourpackages.com\\\/de\\\/touren\\\/tagesausflug-zum-katharinenkloster-von-sharm-el-sheikh\\\/#breadcrumb\",\"itemListElement\":[{\"@type\":\"ListItem\",\"position\":1,\"name\":\"Startseite\",\"item\":\"https:\\\/\\\/egytourpackages.com\\\/de\\\/\"},{\"@type\":\"ListItem\",\"position\":2,\"name\":\"Shop\",\"item\":\"https:\\\/\\\/egytourpackages.com\\\/de\\\/shop\\\/\"},{\"@type\":\"ListItem\",\"position\":3,\"name\":\"Tagesausflug zum Katharinenkloster von Sharm El Sheikh\"}]},{\"@type\":\"WebSite\",\"@id\":\"https:\\\/\\\/egytourpackages.com\\\/de\\\/#website\",\"url\":\"https:\\\/\\\/egytourpackages.com\\\/de\\\/\",\"name\":\"Egy tour packages\",\"description\":\"\",\"publisher\":{\"@id\":\"https:\\\/\\\/egytourpackages.com\\\/de\\\/#organization\"},\"potentialAction\":[{\"@type\":\"SearchAction\",\"target\":{\"@type\":\"EntryPoint\",\"urlTemplate\":\"https:\\\/\\\/egytourpackages.com\\\/de\\\/?s={search_term_string}\"},\"query-input\":{\"@type\":\"PropertyValueSpecification\",\"valueRequired\":true,\"valueName\":\"search_term_string\"}}],\"inLanguage\":\"de\"},{\"@type\":[\"Organization\",\"Place\",\"TravelAgency\"],\"@id\":\"https:\\\/\\\/egytourpackages.com\\\/de\\\/#organization\",\"name\":\"egypt tour packages\",\"alternateName\":\"egypt tour packages\",\"url\":\"https:\\\/\\\/egytourpackages.com\\\/de\\\/\",\"logo\":{\"@id\":\"https:\\\/\\\/egytourpackages.com\\\/de\\\/touren\\\/tagesausflug-zum-katharinenkloster-von-sharm-el-sheikh\\\/#local-main-organization-logo\"},\"image\":{\"@id\":\"https:\\\/\\\/egytourpackages.com\\\/de\\\/touren\\\/tagesausflug-zum-katharinenkloster-von-sharm-el-sheikh\\\/#local-main-organization-logo\"},\"sameAs\":[\"https:\\\/\\\/www.facebook.com\\\/egytourpackages\"],\"legalName\":\"Egy tour packages\",\"address\":{\"@id\":\"https:\\\/\\\/egytourpackages.com\\\/de\\\/touren\\\/tagesausflug-zum-katharinenkloster-von-sharm-el-sheikh\\\/#local-main-place-address\"},\"telephone\":[\"00201000852186\",\"00201028685533\"],\"contactPoint\":{\"@type\":\"ContactPoint\",\"telephone\":\"00201000852186\"},\"openingHoursSpecification\":[{\"@type\":\"OpeningHoursSpecification\",\"dayOfWeek\":[\"Monday\",\"Tuesday\",\"Wednesday\",\"Thursday\",\"Friday\",\"Saturday\",\"Sunday\"],\"opens\":\"00:00\",\"closes\":\"23:59\"}],\"email\":\"info@egytourpackages.com\",\"areaServed\":\"Cairo, Hurghada, Luxor, Sharm El Sheikh, Marsa Alam, Aswan\",\"priceRange\":\"$\",\"currenciesAccepted\":\"euro\",\"paymentAccepted\":\"Payment links online\"},{\"@type\":\"PostalAddress\",\"@id\":\"https:\\\/\\\/egytourpackages.com\\\/de\\\/touren\\\/tagesausflug-zum-katharinenkloster-von-sharm-el-sheikh\\\/#local-main-place-address\",\"streetAddress\":\"Mubarak 8, Al Kawthar District, Hurghada\",\"addressLocality\":\"Hurghada\",\"postalCode\":\"84511\",\"addressRegion\":\"Red Sea\",\"addressCountry\":\"EG\"},{\"@type\":\"ImageObject\",\"inLanguage\":\"de\",\"@id\":\"https:\\\/\\\/egytourpackages.com\\\/de\\\/touren\\\/tagesausflug-zum-katharinenkloster-von-sharm-el-sheikh\\\/#local-main-organization-logo\",\"url\":\"https:\\\/\\\/egytourpackages.com\\\/wp-content\\\/uploads\\\/2025\\\/12\\\/Turquoise-Dahabiya-Nile-Cruise-1.jpeg\",\"contentUrl\":\"https:\\\/\\\/egytourpackages.com\\\/wp-content\\\/uploads\\\/2025\\\/12\\\/Turquoise-Dahabiya-Nile-Cruise-1.jpeg\",\"width\":1040,\"height\":694,\"caption\":\"egypt tour packages\"}]}<\/script>\n<meta property=\"product:brand\" content=\"\u00c4gypten Tagestouren\" \/>\n<meta property=\"product:price:amount\" content=\"0\" \/>\n<meta property=\"product:price:currency\" content=\"EUR\" \/>\n<meta property=\"og:availability\" content=\"instock\" \/>\n<meta property=\"product:availability\" content=\"instock\" \/>\n<meta property=\"product:retailer_item_id\" content=\"SESDT03\" \/>\n<meta property=\"product:condition\" content=\"new\" \/>\n<meta name=\"geo.placename\" content=\"Hurghada\" \/>\n<meta name=\"geo.region\" content=\"\u00c4gypten\" \/>\n<!-- \/ Yoast SEO Premium plugin. -->","yoast_head_json":{"title":"Tagesausflug zum Katharinenkloster von Sharm El Sheikh","description":"Unvergesslicher Tagesausflug zum Katharinenkloster von Sharm El Sheikh. Entdecken Sie Geschichte, Kultur, Natur und den Berg Sinai.","robots":{"index":"index","follow":"follow","max-snippet":"max-snippet:-1","max-image-preview":"max-image-preview:large","max-video-preview":"max-video-preview:-1"},"canonical":"https:\/\/egytourpackages.com\/de\/touren\/tagesausflug-zum-katharinenkloster-von-sharm-el-sheikh\/","og_locale":"de_DE","og_type":"article","og_title":"Tagesausflug zum Katharinenkloster von Sharm El Sheikh","og_description":"Unvergesslicher Tagesausflug zum Katharinenkloster von Sharm El Sheikh. Entdecken Sie Geschichte, Kultur, Natur und den Berg Sinai.","og_url":"https:\/\/egytourpackages.com\/de\/touren\/tagesausflug-zum-katharinenkloster-von-sharm-el-sheikh\/","og_site_name":"\u00c4gypten-Reisepakete","article_publisher":"https:\/\/www.facebook.com\/egytourpackages","article_modified_time":"2026-01-03T22:13:53+00:00","og_image":[{"width":1800,"height":1196,"url":"https:\/\/egytourpackages.com\/wp-content\/uploads\/2025\/08\/St.-Catherines-Monastery-South-Sinai.jpeg","type":"image\/jpeg"}],"twitter_card":"summary_large_image","twitter_title":"Tagesausflug zum Katharinenkloster von Sharm El Sheikh","twitter_misc":{"Preis":"&euro;0","Verf\u00fcgbarkeit":"Auf Lager"},"schema":{"@context":"https:\/\/schema.org","@graph":[{"@type":"WebPage","@id":"https:\/\/egytourpackages.com\/de\/touren\/tagesausflug-zum-katharinenkloster-von-sharm-el-sheikh\/","url":"https:\/\/egytourpackages.com\/de\/touren\/tagesausflug-zum-katharinenkloster-von-sharm-el-sheikh\/","name":"Tagesausflug zum Katharinenkloster von Sharm El Sheikh","isPartOf":{"@id":"https:\/\/egytourpackages.com\/de\/#website"},"primaryImageOfPage":{"@id":"https:\/\/egytourpackages.com\/de\/touren\/tagesausflug-zum-katharinenkloster-von-sharm-el-sheikh\/#primaryimage"},"image":{"@id":"https:\/\/egytourpackages.com\/de\/touren\/tagesausflug-zum-katharinenkloster-von-sharm-el-sheikh\/#primaryimage"},"thumbnailUrl":"https:\/\/egytourpackages.com\/wp-content\/uploads\/2025\/08\/St.-Catherines-Monastery-South-Sinai.jpeg","datePublished":"2025-08-11T21:12:56+00:00","dateModified":"2026-01-03T22:13:53+00:00","description":"Unvergesslicher Tagesausflug zum Katharinenkloster von Sharm El Sheikh. Entdecken Sie Geschichte, Kultur, Natur und den Berg Sinai.","breadcrumb":{"@id":"https:\/\/egytourpackages.com\/de\/touren\/tagesausflug-zum-katharinenkloster-von-sharm-el-sheikh\/#breadcrumb"},"inLanguage":"de","potentialAction":[{"@type":"ReadAction","target":["https:\/\/egytourpackages.com\/de\/touren\/tagesausflug-zum-katharinenkloster-von-sharm-el-sheikh\/"]}]},{"@type":"ImageObject","inLanguage":"de","@id":"https:\/\/egytourpackages.com\/de\/touren\/tagesausflug-zum-katharinenkloster-von-sharm-el-sheikh\/#primaryimage","url":"https:\/\/egytourpackages.com\/wp-content\/uploads\/2025\/08\/St.-Catherines-Monastery-South-Sinai.jpeg","contentUrl":"https:\/\/egytourpackages.com\/wp-content\/uploads\/2025\/08\/St.-Catherines-Monastery-South-Sinai.jpeg","width":1800,"height":1196,"caption":"Tagesausflug zum Katharinenkloster von Sharm El Sheikh"},{"@type":"BreadcrumbList","@id":"https:\/\/egytourpackages.com\/de\/touren\/tagesausflug-zum-katharinenkloster-von-sharm-el-sheikh\/#breadcrumb","itemListElement":[{"@type":"ListItem","position":1,"name":"Startseite","item":"https:\/\/egytourpackages.com\/de\/"},{"@type":"ListItem","position":2,"name":"Shop","item":"https:\/\/egytourpackages.com\/de\/shop\/"},{"@type":"ListItem","position":3,"name":"Tagesausflug zum Katharinenkloster von Sharm El Sheikh"}]},{"@type":"WebSite","@id":"https:\/\/egytourpackages.com\/de\/#website","url":"https:\/\/egytourpackages.com\/de\/","name":"Egy tour packages","description":"","publisher":{"@id":"https:\/\/egytourpackages.com\/de\/#organization"},"potentialAction":[{"@type":"SearchAction","target":{"@type":"EntryPoint","urlTemplate":"https:\/\/egytourpackages.com\/de\/?s={search_term_string}"},"query-input":{"@type":"PropertyValueSpecification","valueRequired":true,"valueName":"search_term_string"}}],"inLanguage":"de"},{"@type":["Organization","Place","TravelAgency"],"@id":"https:\/\/egytourpackages.com\/de\/#organization","name":"egypt tour packages","alternateName":"egypt tour packages","url":"https:\/\/egytourpackages.com\/de\/","logo":{"@id":"https:\/\/egytourpackages.com\/de\/touren\/tagesausflug-zum-katharinenkloster-von-sharm-el-sheikh\/#local-main-organization-logo"},"image":{"@id":"https:\/\/egytourpackages.com\/de\/touren\/tagesausflug-zum-katharinenkloster-von-sharm-el-sheikh\/#local-main-organization-logo"},"sameAs":["https:\/\/www.facebook.com\/egytourpackages"],"legalName":"Egy tour packages","address":{"@id":"https:\/\/egytourpackages.com\/de\/touren\/tagesausflug-zum-katharinenkloster-von-sharm-el-sheikh\/#local-main-place-address"},"telephone":["00201000852186","00201028685533"],"contactPoint":{"@type":"ContactPoint","telephone":"00201000852186"},"openingHoursSpecification":[{"@type":"OpeningHoursSpecification","dayOfWeek":["Monday","Tuesday","Wednesday","Thursday","Friday","Saturday","Sunday"],"opens":"00:00","closes":"23:59"}],"email":"info@egytourpackages.com","areaServed":"Cairo, Hurghada, Luxor, Sharm El Sheikh, Marsa Alam, Aswan","priceRange":"$","currenciesAccepted":"euro","paymentAccepted":"Payment links online"},{"@type":"PostalAddress","@id":"https:\/\/egytourpackages.com\/de\/touren\/tagesausflug-zum-katharinenkloster-von-sharm-el-sheikh\/#local-main-place-address","streetAddress":"Mubarak 8, Al Kawthar District, Hurghada","addressLocality":"Hurghada","postalCode":"84511","addressRegion":"Red Sea","addressCountry":"EG"},{"@type":"ImageObject","inLanguage":"de","@id":"https:\/\/egytourpackages.com\/de\/touren\/tagesausflug-zum-katharinenkloster-von-sharm-el-sheikh\/#local-main-organization-logo","url":"https:\/\/egytourpackages.com\/wp-content\/uploads\/2025\/12\/Turquoise-Dahabiya-Nile-Cruise-1.jpeg","contentUrl":"https:\/\/egytourpackages.com\/wp-content\/uploads\/2025\/12\/Turquoise-Dahabiya-Nile-Cruise-1.jpeg","width":1040,"height":694,"caption":"egypt tour packages"}]},"product_brand":"\u00c4gypten Tagestouren","product_price_currency":"EUR","og_availability":"instock","product_availability":"instock","product_retailer_item_id":"SESDT03","product_condition":"new","geo.placename":"Hurghada","geo.region":"\u00c4gypten"},"_links":{"self":[{"href":"https:\/\/egytourpackages.com\/de\/wp-json\/wp\/v2\/product\/5549","targetHints":{"allow":["GET"]}}],"collection":[{"href":"https:\/\/egytourpackages.com\/de\/wp-json\/wp\/v2\/product"}],"about":[{"href":"https:\/\/egytourpackages.com\/de\/wp-json\/wp\/v2\/types\/product"}],"replies":[{"embeddable":true,"href":"https:\/\/egytourpackages.com\/de\/wp-json\/wp\/v2\/comments?post=5549"}],"wp:featuredmedia":[{"embeddable":true,"href":"https:\/\/egytourpackages.com\/de\/wp-json\/wp\/v2\/media\/5545"}],"wp:attachment":[{"href":"https:\/\/egytourpackages.com\/de\/wp-json\/wp\/v2\/media?parent=5549"}],"wp:term":[{"taxonomy":"product_brand","embeddable":true,"href":"https:\/\/egytourpackages.com\/de\/wp-json\/wp\/v2\/product_brand?post=5549"},{"taxonomy":"product_cat","embeddable":true,"href":"https:\/\/egytourpackages.com\/de\/wp-json\/wp\/v2\/product_cat?post=5549"},{"taxonomy":"product_tag","embeddable":true,"href":"https:\/\/egytourpackages.com\/de\/wp-json\/wp\/v2\/product_tag?post=5549"}],"curies":[{"name":"wp","href":"https:\/\/api.w.org\/{rel}","templated":true}]}}