{"id":5594,"date":"2025-08-12T13:04:19","date_gmt":"2025-08-12T13:04:19","guid":{"rendered":"https:\/\/egytourpackages.com\/product\/2-tages-siwa-oasis-tour-ab-marsa-matruh\/"},"modified":"2026-01-03T22:48:36","modified_gmt":"2026-01-03T22:48:36","slug":"2-tages-siwa-oasis-tour-ab-marsa-matruh","status":"publish","type":"product","link":"https:\/\/egytourpackages.com\/de\/touren\/2-tages-siwa-oasis-tour-ab-marsa-matruh\/","title":{"rendered":"2-Tages Siwa Oasis Tour ab Marsa Matruh"},"content":{"rendered":"<p><strong><span style=\"color: #ff6600;\">2-Tages-Siwa-Oasen-Tour ab Marsa Matruh<\/span><\/strong><\/p>\n<p>Unsere <strong>2-Tages-Tour zur Siwa-Oase ab Marsa Matruh<\/strong> ist die perfekte Flucht f\u00fcr alle, die eine einzigartige Mischung aus Abenteuer, antiker Geschichte und unber\u00fchrter Natur suchen. Dieses speziell konzipierte <strong>\u00c4gypten-Reisepaket<\/strong> bietet ein umfassendes Erlebnis der besten Sehensw\u00fcrdigkeiten der <strong>Siwa-Oase<\/strong> ab dem Moment Ihrer Ankunft. Entdecken Sie die spektakul\u00e4rsten Orte, konzipiert f\u00fcr maximales Vergn\u00fcgen und minimale Reisezeit.<\/p>\n<p>Erleben Sie, warum Siwa als das Juwel der <strong>Westlichen W\u00fcste<\/strong> gilt.<\/p>\n<p>Ihr Abenteuer beginnt mit einer komfortablen Fahrt, die Sie von den K\u00fcstenregionen ins Herz der Sahara bringt. Die folgenden zwei Tage tauchen Sie tief in die Kultur und die Naturwunder von Siwa ein.<\/p>\n<p>Diese <strong>Siwa-Tour<\/strong> ist ideal f\u00fcr Abenteurer, Geschichtsinteressierte und Naturliebhaber. Es ist die ultimative Art, die verborgenen Sch\u00e4tze der \u00e4gyptischen Westlichen W\u00fcste zu erkunden. Die Highlights Ihrer Tour sind eine unvergessliche Mischung aus Abenteuer und Ruhe.<\/p>\n<h3><span style=\"color: #ff6600;\">Sehensw\u00fcrdigkeiten in der Siwa-Oase<\/span><\/h3>\n<p>Beginnen Sie Ihre Tour, indem Sie m\u00fchelos in den surrealen, t\u00fcrkisfarbenen Gew\u00e4ssern der ber\u00fchmten <strong>Salzseen von Siwa<\/strong> schweben, die f\u00fcr ihre therapeutischen Eigenschaften bekannt sind. Anschlie\u00dfend reisen Sie zur\u00fcck in die Zeit mit einem Besuch der ikonischen <strong>Shali-Festung<\/strong>, dem historischen Herzen der Oase.<\/p>\n<p>Sie erkunden au\u00dferdem den heiligen <strong>Tempel des Orakels<\/strong>, wo <strong>Alexander der Gro\u00dfe<\/strong> sein Schicksal suchte, und die alten Grabst\u00e4tten von <strong>Gebel al-Mawta<\/strong> (Berg der Toten).<\/p>\n<p>Um K\u00f6rper und Geist zu erfrischen, nehmen Sie ein entspannendes Bad in der legend\u00e4ren <strong>Kleopatra-Quelle<\/strong>. Am Abend entspannen Sie in einer nat\u00fcrlichen hei\u00dfen Quelle unter einem Sternenhimmel.<\/p>\n<p>Sie beenden den Tag mit einem atemberaubenden Sonnenuntergang von der <strong>Insel Fatnas<\/strong>, wo die Sonne im ruhigen See versinkt. Die Tour endet mit einem <strong>authentischen Beduinen-Erlebnis<\/strong>, bei dem Sie ein traditionelles Abendessen genie\u00dfen und die Nacht in einem komfortablen Hotel verbringen.<\/p>\n<p>Buchen Sie noch heute Ihre <strong>W\u00fcstensafari und Siwa-Tour<\/strong> f\u00fcr ein Abenteuer, das lebenslange Erinnerungen schafft.<\/p>\n<h3><span style=\"color: #ff6600;\">Tourdetails<\/span><\/h3>\n<ul>\n<li>Dauer: 2 Tage \/ 1 Nacht<\/li>\n<li>Tour-Typ: Privat<\/li>\n<li>Verf\u00fcgbarkeit: T\u00e4glich<\/li>\n<li>Gruppengr\u00f6\u00dfe: von 1 bis 10 Personen<\/li>\n<li>Sprachen: Erfahrener Arch\u00e4ologe spricht Ihre Sprache<\/li>\n<li>Buchung: Online-Buchung<\/li>\n<li>Abholung &amp; R\u00fccktransfer: Hotels in Marsa Matruh<\/li>\n<\/ul>\n<h3><span style=\"color: #ff6600;\">Highlights<\/span><\/h3>\n<ul>\n<li>Salzsee<\/li>\n<li>Kleopatra-Bad<\/li>\n<li>Insel Fatnas<\/li>\n<li>Berg der Toten<\/li>\n<li>Berg Dakror<\/li>\n<li>Tempel des Orakels<\/li>\n<li>Shali-Festung<\/li>\n<\/ul>\n<h3><span style=\"color: #ff6600;\">Inklusive<\/span><\/h3>\n<ul>\n<li>Hotelabholung und R\u00fccktransfer mit neuem, klimatisiertem Fahrzeug<\/li>\n<li>Eintrittspreise f\u00fcr alle Sehensw\u00fcrdigkeiten im Programm<\/li>\n<li>Erfahrener Reiseleiter<\/li>\n<li>1 \u00dcbernachtung in einem Siwa-Hotel auf Basis von \u00dcbernachtung mit Fr\u00fchst\u00fcck (B\/B)<\/li>\n<\/ul>\n<h3><span style=\"color: #ff6600;\">Exklusive<\/span><\/h3>\n<ul>\n<li>Trinkgelder<\/li>\n<li>Getr\u00e4nke w\u00e4hrend der Mahlzeiten<\/li>\n<li>Alles, was nicht im Programm erw\u00e4hnt ist<\/li>\n<\/ul>\n<h3><span style=\"color: #ff6600;\">Was Sie mitbringen sollten<\/span><\/h3>\n<ul>\n<li>Reisep\u00e4sse<\/li>\n<li>Hut, Schal<\/li>\n<li>Sonnenbrille &amp; Sonnencreme<\/li>\n<li>Badebekleidung<\/li>\n<li>Warme Kleidung im Winter<\/li>\n<\/ul>\n<h2><span style=\"color: #ff6600;\">Reiseroute<\/span><\/h2>\n<h3><span style=\"color: #ff6600;\">Tag 1: Salzseen, Quellen &amp; Sonnenuntergang in Siwa<\/span><\/h3>\n<p>Ihr Abenteuer beginnt mit einem komfortablen Transfer zur bezaubernden <strong>Siwa-Oase<\/strong>. Bei der Ankunft erwartet Sie ein k\u00f6stliches <strong>Mittagessen in einem lokalen Restaurant<\/strong>, um einen ersten Eindruck von der authentischen Siwa-K\u00fcche zu bekommen, bevor Sie in Ihrem Hotel einchecken. Am Nachmittag beginnt Ihr Programm mit einem Besuch der surrealen und atemberaubenden <strong>Salzseen von Siwa<\/strong>. Sie haben die unvergessliche Gelegenheit, m\u00fchelos in dem hochtherapeutischen, kristallklaren Salzwasser zu schweben, ein Erlebnis, das oft mit dem Toten Meer verglichen wird.<\/p>\n<p>Als N\u00e4chstes besuchen Sie die legend\u00e4re <strong>Kleopatra-Quelle<\/strong> (auch bekannt als <strong>Ain Guba<\/strong>), eine nat\u00fcrliche hei\u00dfe Quelle, in der Sie ein erfrischendes und entspannendes Bad nehmen k\u00f6nnen. Im Laufe des Tages fahren wir zur <strong>Insel Fatnas<\/strong> f\u00fcr ein wahrhaft magisches Erlebnis. Diese kleine Insel, die vor Ort f\u00fcr ihre Sch\u00f6nheit bekannt ist, ist der perfekte Ort, um einen atemberaubenden <strong>Siwa-Sonnenuntergang<\/strong> zu erleben, w\u00e4hrend die Sonne unter den Horizont taucht.<\/p>\n<p>Beenden Sie Ihren Tag mit einem k\u00f6stlichen Abendessen und einer \u00dcbernachtung im Hotel.<\/p>\n<p><strong>Mahlzeiten:<\/strong> Mittagessen, Abendessen<\/p>\n<h3><span style=\"color: #ff6600;\">Tag 2: Historische Sch\u00e4tze &amp; R\u00fcckreise<\/span><\/h3>\n<p>Nach einem k\u00f6stlichen Fr\u00fchst\u00fcck in Ihrem Hotel tauchen wir tiefer in die reiche Vergangenheit von Siwa ein. Unser erster Halt ist die ikonische <strong>Shali-Festung<\/strong>, das historische Epizentrum der Oase.<\/p>\n<p>Als N\u00e4chstes besuchen wir den heiligen <strong>Gebel al-Mawta<\/strong> (Berg der Toten), eine alte Nekropole mit beeindruckenden Grabst\u00e4tten. Anschlie\u00dfend geht es weiter zum einzigartigen <strong>Gebel al-Dakror<\/strong>, einem Berg, dem heilende Kr\u00e4fte zugeschrieben werden.<\/p>\n<p>Der H\u00f6hepunkt des Tages ist ein Besuch des weltweit ber\u00fchmten <strong>Tempels des Orakels<\/strong>, auch bekannt als <strong>Amun-Tempel<\/strong>, wo <strong>Alexander der Gro\u00dfe<\/strong> sein Schicksal suchte. Nach einem letzten <strong>Mittagessen<\/strong>, das in Ihrer Tour enthalten ist, beginnen Sie Ihre malerische R\u00fcckreise zum Hotel in Marsa Matruh, gef\u00fcllt mit unglaublichen Erinnerungen an Ihr <strong>W\u00fcstenabenteuer in Siwa<\/strong>.<\/p>\n<p><strong>Mahlzeiten:<\/strong> Fr\u00fchst\u00fcck, Mittagessen<\/p>\n<h3><span style=\"color: #ff6600;\">Preis f\u00fcr die 2-Tages-Siwa-Oasen-Tour ab Marsa Matruh<\/span><\/h3>\n<ul>\n<li><strong>Preis pro Erwachsener:<\/strong> 150 \u20ac<\/li>\n<li><strong>Kinder 0-5 Jahre:<\/strong> kostenlos<\/li>\n<li><strong>Kinder 5-11 Jahre:<\/strong> 50 % des Erwachsenenpreises<\/li>\n<\/ul>\n<h3><span style=\"color: #ff6600;\">Buchung<\/span><\/h3>\n<p>Sie k\u00f6nnen Ihre Tour per WhatsApp buchen oder uns eine E-Mail senden und erhalten sofort eine Best\u00e4tigung.<\/p>\n<p>Bitte senden Sie uns Ihren Hotelnamen, Ihre Zimmernummer und Kopien Ihrer Reisep\u00e4sse.<\/p>\n<ul>\n<li><strong>WhatsApp:<\/strong> +201000852186<\/li>\n<li><strong>E-Mail:<\/strong> info@egytourpackages.com<\/li>\n<\/ul>\n<h3><span style=\"color: #ff6600;\">Jetzt buchen &amp; vor Ort bezahlen<\/span><\/h3>\n<p>Buchen Sie Ihre Lieblingstour und bezahlen Sie am Tag der Reise.<\/p>\n<h3><span style=\"color: #ff6600;\">Bezahlung<\/span><\/h3>\n<p>Sie k\u00f6nnen in \u00c4gyptischen Pfund, $, \u20ac\u200e oder \u00a3 bezahlen.<\/p>\n<h3><span style=\"color: #ff6600;\">Stornierungsbedingungen<\/span><\/h3>\n<ul>\n<li>Kostenlose Stornierung bis zu 24 Stunden im Voraus<\/li>\n<li>Stornierung am Morgen kostet 50 % des Preises<\/li>\n<\/ul>\n","protected":false},"excerpt":{"rendered":"<p>Entdecken Sie auf einer 2-Tages Siwa Oasis Tour ab Marsa Matruh die Salzsseen, machen Sie eine W\u00fcstensafari und tauchen Sie in Berberkultur ein.<\/p>\n","protected":false},"featured_media":5559,"comment_status":"closed","ping_status":"closed","template":"","meta":[],"product_brand":[],"product_cat":[1494],"product_tag":[1495,2952,2944],"class_list":{"0":"post-5594","1":"product","2":"type-product","3":"status-publish","4":"has-post-thumbnail","6":"product_cat-touren","7":"product_tag-agypten-tagestouren","8":"product_tag-siwa-oasen-touren-ab-marsa-matruh","9":"product_tag-touren-in-marsa-matruh","10":"tour_category-agypten-tagestouren","11":"tour_category-siwa-oasen-touren-ab-marsa-matruh","12":"tour_category-touren-in-marsa-matruh","14":"first","15":"instock","16":"sale","17":"shipping-taxable","18":"purchasable","19":"product-type-tour","20":"has-default-attributes"},"yoast_head":"<!-- This site is optimized with the Yoast SEO Premium plugin v27.2 (Yoast SEO v27.2) - https:\/\/yoast.com\/product\/yoast-seo-premium-wordpress\/ -->\n<title>2-Tages Siwa Oasis Tour ab Marsa Matruh | \u00c4gypten-Reisepakete<\/title>\n<meta name=\"description\" content=\"Entdecken Sie auf einer 2-Tages Siwa Oasis Tour ab Marsa Matruh die Salzsseen, machen Sie eine W\u00fcstensafari und tauchen Sie in Berberkultur ein.\" \/>\n<meta name=\"robots\" content=\"index, follow, max-snippet:-1, max-image-preview:large, max-video-preview:-1\" \/>\n<link rel=\"canonical\" href=\"https:\/\/egytourpackages.com\/de\/touren\/2-tages-siwa-oasis-tour-ab-marsa-matruh\/\" \/>\n<meta property=\"og:locale\" content=\"de_DE\" \/>\n<meta property=\"og:type\" content=\"article\" \/>\n<meta property=\"og:title\" content=\"2-Tages Siwa Oasis Tour ab Marsa Matruh\" \/>\n<meta property=\"og:description\" content=\"Entdecken Sie auf einer 2-Tages Siwa Oasis Tour ab Marsa Matruh die Salzsseen, machen Sie eine W\u00fcstensafari und tauchen Sie in Berberkultur ein.\" \/>\n<meta property=\"og:url\" content=\"https:\/\/egytourpackages.com\/de\/touren\/2-tages-siwa-oasis-tour-ab-marsa-matruh\/\" \/>\n<meta property=\"og:site_name\" content=\"\u00c4gypten-Reisepakete\" \/>\n<meta property=\"article:publisher\" content=\"https:\/\/www.facebook.com\/egytourpackages\" \/>\n<meta property=\"article:modified_time\" content=\"2026-01-03T22:48:36+00:00\" \/>\n<meta property=\"og:image\" content=\"https:\/\/egytourpackages.com\/wp-content\/uploads\/2025\/08\/Siwa-Oasis.jpeg\" \/>\n\t<meta property=\"og:image:width\" content=\"1600\" \/>\n\t<meta property=\"og:image:height\" content=\"1200\" \/>\n\t<meta property=\"og:image:type\" content=\"image\/jpeg\" \/>\n<meta name=\"twitter:card\" content=\"summary_large_image\" \/>\n<meta name=\"twitter:title\" content=\"2-Tages Siwa Oasis Tour ab Marsa Matruh\" \/>\n<meta name=\"twitter:label1\" content=\"Preis\" \/>\n\t<meta name=\"twitter:data1\" content=\"&euro;150\" \/>\n\t<meta name=\"twitter:label2\" content=\"Verf\u00fcgbarkeit\" \/>\n\t<meta name=\"twitter:data2\" content=\"Auf Lager\" \/>\n<script type=\"application\/ld+json\" class=\"yoast-schema-graph\">{\"@context\":\"https:\/\/schema.org\",\"@graph\":[{\"@type\":\"WebPage\",\"@id\":\"https:\/\/egytourpackages.com\/de\/touren\/2-tages-siwa-oasis-tour-ab-marsa-matruh\/\",\"url\":\"https:\/\/egytourpackages.com\/de\/touren\/2-tages-siwa-oasis-tour-ab-marsa-matruh\/\",\"name\":\"2-Tages Siwa Oasis Tour ab Marsa Matruh | \u00c4gypten-Reisepakete\",\"isPartOf\":{\"@id\":\"https:\/\/egytourpackages.com\/de\/#website\"},\"primaryImageOfPage\":{\"@id\":\"https:\/\/egytourpackages.com\/de\/touren\/2-tages-siwa-oasis-tour-ab-marsa-matruh\/#primaryimage\"},\"image\":{\"@id\":\"https:\/\/egytourpackages.com\/de\/touren\/2-tages-siwa-oasis-tour-ab-marsa-matruh\/#primaryimage\"},\"thumbnailUrl\":\"https:\/\/egytourpackages.com\/wp-content\/uploads\/2025\/08\/Siwa-Oasis.jpeg\",\"datePublished\":\"2025-08-12T13:04:19+00:00\",\"dateModified\":\"2026-01-03T22:48:36+00:00\",\"description\":\"Entdecken Sie auf einer 2-Tages Siwa Oasis Tour ab Marsa Matruh die Salzsseen, machen Sie eine W\u00fcstensafari und tauchen Sie in Berberkultur ein.\",\"breadcrumb\":{\"@id\":\"https:\/\/egytourpackages.com\/de\/touren\/2-tages-siwa-oasis-tour-ab-marsa-matruh\/#breadcrumb\"},\"inLanguage\":\"de\",\"potentialAction\":[{\"@type\":\"ReadAction\",\"target\":[\"https:\/\/egytourpackages.com\/de\/touren\/2-tages-siwa-oasis-tour-ab-marsa-matruh\/\"]}]},{\"@type\":\"ImageObject\",\"inLanguage\":\"de\",\"@id\":\"https:\/\/egytourpackages.com\/de\/touren\/2-tages-siwa-oasis-tour-ab-marsa-matruh\/#primaryimage\",\"url\":\"https:\/\/egytourpackages.com\/wp-content\/uploads\/2025\/08\/Siwa-Oasis.jpeg\",\"contentUrl\":\"https:\/\/egytourpackages.com\/wp-content\/uploads\/2025\/08\/Siwa-Oasis.jpeg\",\"width\":1600,\"height\":1200,\"caption\":\"Siwa-Oase\"},{\"@type\":\"BreadcrumbList\",\"@id\":\"https:\/\/egytourpackages.com\/de\/touren\/2-tages-siwa-oasis-tour-ab-marsa-matruh\/#breadcrumb\",\"itemListElement\":[{\"@type\":\"ListItem\",\"position\":1,\"name\":\"Startseite\",\"item\":\"https:\/\/egytourpackages.com\/de\/\"},{\"@type\":\"ListItem\",\"position\":2,\"name\":\"Shop\",\"item\":\"https:\/\/egytourpackages.com\/de\/shop\/\"},{\"@type\":\"ListItem\",\"position\":3,\"name\":\"2-Tages Siwa Oasis Tour ab Marsa Matruh\"}]},{\"@type\":\"WebSite\",\"@id\":\"https:\/\/egytourpackages.com\/de\/#website\",\"url\":\"https:\/\/egytourpackages.com\/de\/\",\"name\":\"Egy tour packages\",\"description\":\"\",\"publisher\":{\"@id\":\"https:\/\/egytourpackages.com\/de\/#organization\"},\"potentialAction\":[{\"@type\":\"SearchAction\",\"target\":{\"@type\":\"EntryPoint\",\"urlTemplate\":\"https:\/\/egytourpackages.com\/de\/?s={search_term_string}\"},\"query-input\":{\"@type\":\"PropertyValueSpecification\",\"valueRequired\":true,\"valueName\":\"search_term_string\"}}],\"inLanguage\":\"de\"},{\"@type\":[\"Organization\",\"Place\",\"TravelAgency\"],\"@id\":\"https:\/\/egytourpackages.com\/de\/#organization\",\"name\":\"egypt tour packages\",\"alternateName\":\"egypt tour packages\",\"url\":\"https:\/\/egytourpackages.com\/de\/\",\"logo\":{\"@id\":\"https:\/\/egytourpackages.com\/de\/touren\/2-tages-siwa-oasis-tour-ab-marsa-matruh\/#local-main-organization-logo\"},\"image\":{\"@id\":\"https:\/\/egytourpackages.com\/de\/touren\/2-tages-siwa-oasis-tour-ab-marsa-matruh\/#local-main-organization-logo\"},\"sameAs\":[\"https:\/\/www.facebook.com\/egytourpackages\"],\"legalName\":\"Egy tour packages\",\"address\":{\"@id\":\"https:\/\/egytourpackages.com\/de\/touren\/2-tages-siwa-oasis-tour-ab-marsa-matruh\/#local-main-place-address\"},\"telephone\":[\"00201000852186\",\"00201028685533\"],\"contactPoint\":{\"@type\":\"ContactPoint\",\"telephone\":\"00201000852186\"},\"openingHoursSpecification\":[{\"@type\":\"OpeningHoursSpecification\",\"dayOfWeek\":[\"Monday\",\"Tuesday\",\"Wednesday\",\"Thursday\",\"Friday\",\"Saturday\",\"Sunday\"],\"opens\":\"00:00\",\"closes\":\"23:59\"}],\"email\":\"info@egytourpackages.com\",\"areaServed\":\"Cairo, Hurghada, Luxor, Sharm El Sheikh, Marsa Alam, Aswan\",\"priceRange\":\"$\",\"currenciesAccepted\":\"euro\",\"paymentAccepted\":\"Payment links online\"},{\"@type\":\"PostalAddress\",\"@id\":\"https:\/\/egytourpackages.com\/de\/touren\/2-tages-siwa-oasis-tour-ab-marsa-matruh\/#local-main-place-address\",\"streetAddress\":\"Mubarak 8, Al Kawthar District, Hurghada\",\"addressLocality\":\"Hurghada\",\"postalCode\":\"84511\",\"addressRegion\":\"Red Sea\",\"addressCountry\":\"EG\"},{\"@type\":\"ImageObject\",\"inLanguage\":\"de\",\"@id\":\"https:\/\/egytourpackages.com\/de\/touren\/2-tages-siwa-oasis-tour-ab-marsa-matruh\/#local-main-organization-logo\",\"url\":\"https:\/\/egytourpackages.com\/wp-content\/uploads\/2025\/12\/Turquoise-Dahabiya-Nile-Cruise-1.jpeg\",\"contentUrl\":\"https:\/\/egytourpackages.com\/wp-content\/uploads\/2025\/12\/Turquoise-Dahabiya-Nile-Cruise-1.jpeg\",\"width\":1040,\"height\":694,\"caption\":\"egypt tour packages\"}]}<\/script>\n<meta property=\"product:brand\" content=\"\u00c4gypten Tagestouren\" \/>\n<meta property=\"product:price:amount\" content=\"150\" \/>\n<meta property=\"product:price:currency\" content=\"EUR\" \/>\n<meta property=\"og:availability\" content=\"instock\" \/>\n<meta property=\"product:availability\" content=\"instock\" \/>\n<meta property=\"product:retailer_item_id\" content=\"MMT01\" \/>\n<meta property=\"product:condition\" content=\"new\" \/>\n<meta name=\"geo.placename\" content=\"Hurghada\" \/>\n<meta name=\"geo.region\" content=\"\u00c4gypten\" \/>\n<!-- \/ Yoast SEO Premium plugin. -->","yoast_head_json":{"title":"2-Tages Siwa Oasis Tour ab Marsa Matruh | \u00c4gypten-Reisepakete","description":"Entdecken Sie auf einer 2-Tages Siwa Oasis Tour ab Marsa Matruh die Salzsseen, machen Sie eine W\u00fcstensafari und tauchen Sie in Berberkultur ein.","robots":{"index":"index","follow":"follow","max-snippet":"max-snippet:-1","max-image-preview":"max-image-preview:large","max-video-preview":"max-video-preview:-1"},"canonical":"https:\/\/egytourpackages.com\/de\/touren\/2-tages-siwa-oasis-tour-ab-marsa-matruh\/","og_locale":"de_DE","og_type":"article","og_title":"2-Tages Siwa Oasis Tour ab Marsa Matruh","og_description":"Entdecken Sie auf einer 2-Tages Siwa Oasis Tour ab Marsa Matruh die Salzsseen, machen Sie eine W\u00fcstensafari und tauchen Sie in Berberkultur ein.","og_url":"https:\/\/egytourpackages.com\/de\/touren\/2-tages-siwa-oasis-tour-ab-marsa-matruh\/","og_site_name":"\u00c4gypten-Reisepakete","article_publisher":"https:\/\/www.facebook.com\/egytourpackages","article_modified_time":"2026-01-03T22:48:36+00:00","og_image":[{"width":1600,"height":1200,"url":"https:\/\/egytourpackages.com\/wp-content\/uploads\/2025\/08\/Siwa-Oasis.jpeg","type":"image\/jpeg"}],"twitter_card":"summary_large_image","twitter_title":"2-Tages Siwa Oasis Tour ab Marsa Matruh","twitter_misc":{"Preis":"&euro;150","Verf\u00fcgbarkeit":"Auf Lager"},"schema":{"@context":"https:\/\/schema.org","@graph":[{"@type":"WebPage","@id":"https:\/\/egytourpackages.com\/de\/touren\/2-tages-siwa-oasis-tour-ab-marsa-matruh\/","url":"https:\/\/egytourpackages.com\/de\/touren\/2-tages-siwa-oasis-tour-ab-marsa-matruh\/","name":"2-Tages Siwa Oasis Tour ab Marsa Matruh | \u00c4gypten-Reisepakete","isPartOf":{"@id":"https:\/\/egytourpackages.com\/de\/#website"},"primaryImageOfPage":{"@id":"https:\/\/egytourpackages.com\/de\/touren\/2-tages-siwa-oasis-tour-ab-marsa-matruh\/#primaryimage"},"image":{"@id":"https:\/\/egytourpackages.com\/de\/touren\/2-tages-siwa-oasis-tour-ab-marsa-matruh\/#primaryimage"},"thumbnailUrl":"https:\/\/egytourpackages.com\/wp-content\/uploads\/2025\/08\/Siwa-Oasis.jpeg","datePublished":"2025-08-12T13:04:19+00:00","dateModified":"2026-01-03T22:48:36+00:00","description":"Entdecken Sie auf einer 2-Tages Siwa Oasis Tour ab Marsa Matruh die Salzsseen, machen Sie eine W\u00fcstensafari und tauchen Sie in Berberkultur ein.","breadcrumb":{"@id":"https:\/\/egytourpackages.com\/de\/touren\/2-tages-siwa-oasis-tour-ab-marsa-matruh\/#breadcrumb"},"inLanguage":"de","potentialAction":[{"@type":"ReadAction","target":["https:\/\/egytourpackages.com\/de\/touren\/2-tages-siwa-oasis-tour-ab-marsa-matruh\/"]}]},{"@type":"ImageObject","inLanguage":"de","@id":"https:\/\/egytourpackages.com\/de\/touren\/2-tages-siwa-oasis-tour-ab-marsa-matruh\/#primaryimage","url":"https:\/\/egytourpackages.com\/wp-content\/uploads\/2025\/08\/Siwa-Oasis.jpeg","contentUrl":"https:\/\/egytourpackages.com\/wp-content\/uploads\/2025\/08\/Siwa-Oasis.jpeg","width":1600,"height":1200,"caption":"Siwa-Oase"},{"@type":"BreadcrumbList","@id":"https:\/\/egytourpackages.com\/de\/touren\/2-tages-siwa-oasis-tour-ab-marsa-matruh\/#breadcrumb","itemListElement":[{"@type":"ListItem","position":1,"name":"Startseite","item":"https:\/\/egytourpackages.com\/de\/"},{"@type":"ListItem","position":2,"name":"Shop","item":"https:\/\/egytourpackages.com\/de\/shop\/"},{"@type":"ListItem","position":3,"name":"2-Tages Siwa Oasis Tour ab Marsa Matruh"}]},{"@type":"WebSite","@id":"https:\/\/egytourpackages.com\/de\/#website","url":"https:\/\/egytourpackages.com\/de\/","name":"Egy tour packages","description":"","publisher":{"@id":"https:\/\/egytourpackages.com\/de\/#organization"},"potentialAction":[{"@type":"SearchAction","target":{"@type":"EntryPoint","urlTemplate":"https:\/\/egytourpackages.com\/de\/?s={search_term_string}"},"query-input":{"@type":"PropertyValueSpecification","valueRequired":true,"valueName":"search_term_string"}}],"inLanguage":"de"},{"@type":["Organization","Place","TravelAgency"],"@id":"https:\/\/egytourpackages.com\/de\/#organization","name":"egypt tour packages","alternateName":"egypt tour packages","url":"https:\/\/egytourpackages.com\/de\/","logo":{"@id":"https:\/\/egytourpackages.com\/de\/touren\/2-tages-siwa-oasis-tour-ab-marsa-matruh\/#local-main-organization-logo"},"image":{"@id":"https:\/\/egytourpackages.com\/de\/touren\/2-tages-siwa-oasis-tour-ab-marsa-matruh\/#local-main-organization-logo"},"sameAs":["https:\/\/www.facebook.com\/egytourpackages"],"legalName":"Egy tour packages","address":{"@id":"https:\/\/egytourpackages.com\/de\/touren\/2-tages-siwa-oasis-tour-ab-marsa-matruh\/#local-main-place-address"},"telephone":["00201000852186","00201028685533"],"contactPoint":{"@type":"ContactPoint","telephone":"00201000852186"},"openingHoursSpecification":[{"@type":"OpeningHoursSpecification","dayOfWeek":["Monday","Tuesday","Wednesday","Thursday","Friday","Saturday","Sunday"],"opens":"00:00","closes":"23:59"}],"email":"info@egytourpackages.com","areaServed":"Cairo, Hurghada, Luxor, Sharm El Sheikh, Marsa Alam, Aswan","priceRange":"$","currenciesAccepted":"euro","paymentAccepted":"Payment links online"},{"@type":"PostalAddress","@id":"https:\/\/egytourpackages.com\/de\/touren\/2-tages-siwa-oasis-tour-ab-marsa-matruh\/#local-main-place-address","streetAddress":"Mubarak 8, Al Kawthar District, Hurghada","addressLocality":"Hurghada","postalCode":"84511","addressRegion":"Red Sea","addressCountry":"EG"},{"@type":"ImageObject","inLanguage":"de","@id":"https:\/\/egytourpackages.com\/de\/touren\/2-tages-siwa-oasis-tour-ab-marsa-matruh\/#local-main-organization-logo","url":"https:\/\/egytourpackages.com\/wp-content\/uploads\/2025\/12\/Turquoise-Dahabiya-Nile-Cruise-1.jpeg","contentUrl":"https:\/\/egytourpackages.com\/wp-content\/uploads\/2025\/12\/Turquoise-Dahabiya-Nile-Cruise-1.jpeg","width":1040,"height":694,"caption":"egypt tour packages"}]},"product_brand":"\u00c4gypten Tagestouren","product_price_amount":"150","product_price_currency":"EUR","og_availability":"instock","product_availability":"instock","product_retailer_item_id":"MMT01","product_condition":"new","geo.placename":"Hurghada","geo.region":"\u00c4gypten"},"_links":{"self":[{"href":"https:\/\/egytourpackages.com\/de\/wp-json\/wp\/v2\/product\/5594","targetHints":{"allow":["GET"]}}],"collection":[{"href":"https:\/\/egytourpackages.com\/de\/wp-json\/wp\/v2\/product"}],"about":[{"href":"https:\/\/egytourpackages.com\/de\/wp-json\/wp\/v2\/types\/product"}],"replies":[{"embeddable":true,"href":"https:\/\/egytourpackages.com\/de\/wp-json\/wp\/v2\/comments?post=5594"}],"wp:featuredmedia":[{"embeddable":true,"href":"https:\/\/egytourpackages.com\/de\/wp-json\/wp\/v2\/media\/5559"}],"wp:attachment":[{"href":"https:\/\/egytourpackages.com\/de\/wp-json\/wp\/v2\/media?parent=5594"}],"wp:term":[{"taxonomy":"product_brand","embeddable":true,"href":"https:\/\/egytourpackages.com\/de\/wp-json\/wp\/v2\/product_brand?post=5594"},{"taxonomy":"product_cat","embeddable":true,"href":"https:\/\/egytourpackages.com\/de\/wp-json\/wp\/v2\/product_cat?post=5594"},{"taxonomy":"product_tag","embeddable":true,"href":"https:\/\/egytourpackages.com\/de\/wp-json\/wp\/v2\/product_tag?post=5594"}],"curies":[{"name":"wp","href":"https:\/\/api.w.org\/{rel}","templated":true}]}}