{"id":5597,"date":"2025-08-12T14:27:14","date_gmt":"2025-08-12T14:27:14","guid":{"rendered":"https:\/\/egytourpackages.com\/product\/3-taegige-siwa-oase-tour-ab-marsa-matruh\/"},"modified":"2026-01-03T22:47:39","modified_gmt":"2026-01-03T22:47:39","slug":"3-taegige-siwa-oase-tour-ab-marsa-matruh","status":"publish","type":"product","link":"https:\/\/egytourpackages.com\/de\/touren\/3-taegige-siwa-oase-tour-ab-marsa-matruh\/","title":{"rendered":"3-T\u00e4gige Siwa-Oase-Tour ab Marsa Matruh"},"content":{"rendered":"<p><strong><span style=\"color: #ff6600;\">3-T\u00e4gige Siwa-Oase-Tour ab Marsa Matruh<\/span><\/strong><\/p>\n<p>Entfliehen Sie dem Alltag und beginnen Sie Ihre atemberaubende <strong>3-t\u00e4gige Siwa-Oase-Tour ab Marsa Matruh<\/strong>, die als beste <strong>Marsa Matruh Ausfl\u00fcge<\/strong> konzipiert wurde, um das Beste von \u00c4gyptens verborgenem W\u00fcstenschmuckst\u00fcck zu erleben. Dieses <strong>Siwa Reisepaket<\/strong> ist ideal f\u00fcr Abenteurer und Kulturbegeisterte gleicherma\u00dfen und verspricht ein Erlebnis, das \u00fcber den typischen \u00e4gyptischen Reisef\u00fchrer hinausgeht. Ihr Abenteuer beginnt mit einem komfortablen privaten Transfer von Ihrem Hotel in <strong>Marsa Matruh<\/strong> zur <strong>Siwa-Oase<\/strong>.<\/p>\n<p>Sie werden am <strong>Siwa-Salzsee<\/strong> anhalten, wo Sie m\u00fchelos in dem surrealen, hochsalzhaltigen Wasser schweben werden, ein wahrhaft therapeutisches Erlebnis, das oft mit dem Toten Meer verglichen wird. Entspannen Sie sich in den legend\u00e4ren Gew\u00e4ssern des <strong>Kleopatra-Bades<\/strong>, einer antiken Quelle, die Besucher seit Jahrhunderten verzaubert. Wenn der Abend hereinbricht, erleben Sie einen atemberaubenden <strong>Siwa-Sonnenuntergang<\/strong> von der friedlichen <strong>Fatnas-Insel<\/strong>, wo sich die lebendigen Farben auf der stillen See spiegeln.<\/p>\n<p>Das Abenteuer geht weiter mit einem aufregenden <strong>W\u00fcstensafari- und Sandboarding-Erlebnis<\/strong> in der riesigen <strong>Gro\u00dfen Sandsee<\/strong>, wo Sie in einem leistungsstarken <strong>Jeep 4&#215;4<\/strong> durch die hohen D\u00fcnen navigieren. Sie werden die verborgenen Sch\u00e4tze der Oase entdecken, von einem erfrischenden S\u00fc\u00dfwassersee bis zur verj\u00fcngenden <strong>Bir Wahed hei\u00dfen Quelle<\/strong>.<\/p>\n<p>Tauchen Sie ein in die Geschichte bei Besuchen der antiken <strong>Shali-Festung<\/strong>, des heiligen <strong>Berges der Toten<\/strong> (Gebel al-Mawta) und des sakralen <strong>Orakeltempels<\/strong> (Tempel des Amun), wo <strong>Alexander der Gro\u00dfe<\/strong> einst sein Schicksal suchte.<\/p>\n<p>Ihre N\u00e4chte sind gef\u00fcllt mit authentischem lokalen Charme, mit einem traditionellen <strong>Beduinen-Abendessen<\/strong> und dem unvergesslichen Erlebnis des <strong>W\u00fcstencampings \u00fcber Nacht<\/strong> unter einem mit Sternen \u00fcbers\u00e4ten Himmel oder der R\u00fcckkehr zum Hotel f\u00fcr eine \u00dcbernachtung.<\/p>\n<h3><span style=\"color: #ff6600;\">Tour-Details<\/span><\/h3>\n<ul>\n<li>Dauer: 3 Tage \/ 2 N\u00e4chte<\/li>\n<li>Tour-Typ: Privat<\/li>\n<li>Verf\u00fcgbarkeit: T\u00e4glich<\/li>\n<li>Gruppengr\u00f6\u00dfe: von 1 bis 10 Personen<\/li>\n<li>Sprachen: Erfahrener Arch\u00e4ologe spricht Ihre Sprache<\/li>\n<li>Zeitplan: Online-Buchung<\/li>\n<li>Abholung &amp; R\u00fccktransfer: Hotels in Marsa Matruh<\/li>\n<\/ul>\n<h3><span style=\"color: #ff6600;\">H\u00f6hepunkte<\/span><\/h3>\n<ul>\n<li>Salzsee<\/li>\n<li>Kleopatra-Bad<\/li>\n<li>Fatnas-Insel<\/li>\n<li>Berg der Toten<\/li>\n<li>Dakror-Berg<\/li>\n<li>Gro\u00dfe Sandsee<\/li>\n<li>4&#215;4 Jeep-Safari-Tour<\/li>\n<li>Orakeltempel<\/li>\n<li>Shali-Festung<\/li>\n<\/ul>\n<h3><span style=\"color: #ff6600;\">Inklusivleistungen<\/span><\/h3>\n<ul>\n<li>Abholung und R\u00fccktransfer vom Hotel mit neuem klimatisiertem Fahrzeug<\/li>\n<li>Eintrittsgeb\u00fchren f\u00fcr alle im Programm genannten Sehensw\u00fcrdigkeiten<\/li>\n<li>Erfahrener Reisef\u00fchrer<\/li>\n<li>2 \u00dcbernachtungen im Siwa-Hotel auf B&amp;B-Basis<\/li>\n<\/ul>\n<h3><span style=\"color: #ff6600;\">Exklusivleistungen<\/span><\/h3>\n<ul>\n<li>Trinkgelder<\/li>\n<li>Getr\u00e4nke w\u00e4hrend der Mahlzeiten<\/li>\n<li>Alles, was nicht im Programm erw\u00e4hnt wird<\/li>\n<\/ul>\n<h3><span style=\"color: #ff6600;\">Was Sie mitbringen sollten<\/span><\/h3>\n<ul>\n<li>Reisep\u00e4sse<\/li>\n<li>Hut, Schal<\/li>\n<li>Sonnenbrille &amp; Sonnencreme<\/li>\n<li>Badesachen<\/li>\n<li>Dicke Kleidung im Winter<\/li>\n<\/ul>\n<h2><span style=\"color: #ff6600;\">Reiseverlauf<\/span><\/h2>\n<h3><span style=\"color: #ff6600;\">Tag 1 Siwa-Oase-Tour<\/span><\/h3>\n<p>Ihr <strong>Siwa-Oase-Abenteuer<\/strong> beginnt mit einem komfortablen privaten Transfer von Ihrem Hotel in <strong>Marsa Matruh<\/strong> zur ruhigen <strong>Siwa-Oase<\/strong>, einer malerischen Fahrt von etwa vier Stunden.<\/p>\n<p>Nach der Ankunft werden Sie mit einem k\u00f6stlichen <strong>Mittagessen in einem lokalen Restaurant<\/strong> begr\u00fc\u00dft, wo Sie authentische Siwan-Aromen genie\u00dfen k\u00f6nnen. Nach dem Einchecken in Ihr Hotel widmet sich der Nachmittag der Erkundung der ber\u00fchmtesten Naturattraktionen der Gegend.<\/p>\n<p>Ihre erste Station sind die surrealen <strong>Siwa-Salzseen<\/strong>, wo der hohe Salzgehalt es Ihnen erm\u00f6glicht, m\u00fchelos in den atemberaubenden, t\u00fcrkisfarbenen Pools zu schweben. Als N\u00e4chstes besuchen Sie das legend\u00e4re <strong>Kleopatra-Bad<\/strong>, eine nat\u00fcrliche Quelle voller Geschichte, perfekt f\u00fcr ein erfrischendes Bad. Wenn der Tag sich dem Ende neigt, machen wir uns auf den Weg zur <strong>Fatnas-Insel<\/strong>, um einen spektakul\u00e4ren <strong>Siwa-Sonnenuntergang<\/strong> zu erleben. Von diesem Aussichtspunkt aus genie\u00dfen Sie einen malerischen Blick auf den ruhigen See mit den atemberaubenden Silhouetten der Berge <strong>Gebel Bayda<\/strong> und <strong>Gebel Hamra<\/strong> im Hintergrund.<\/p>\n<p>Ein ruhiger Spaziergang durch die umliegenden G\u00e4rten enth\u00fcllt eine Vielzahl lokaler B\u00e4ume, darunter Bananen, Datteln und Oliven. Der Abend gipfelt in einem authentischen <strong>Beduinen-Abendessen<\/strong>, einem wahren Vorgeschmack auf die W\u00fcstengastfreundschaft. Danach kehren Sie f\u00fcr eine entspannte <strong>\u00dcbernachtung<\/strong> in der Oase zu Ihrem Hotel zur\u00fcck.<\/p>\n<p><strong>Mahlzeiten<\/strong>: Fr\u00fchst\u00fcck, Mittagessen, Abendessen<\/p>\n<h3><span style=\"color: #ff6600;\">Tag 2 Siwa W\u00fcstenabenteuer &amp; Camping<\/span><\/h3>\n<p>Nach einem k\u00f6stlichen Fr\u00fchst\u00fcck in Ihrem Hotel beginnt Ihr zweiter Tag mit einem tiefen Einblick in das historische und spirituelle Herz der Oase. Wir beginnen mit der Erkundung der antiken Nekropole des <strong>Berges der Toten<\/strong> (Gebel al-Mawta), der faszinierende in den Fels gehauene Gr\u00e4ber beherbergt.<\/p>\n<p>Als N\u00e4chstes besuchen Sie den nahegelegenen <strong>Gebel al-Dakrour<\/strong>, einen Berg, der f\u00fcr seine einzigartigen nat\u00fcrlichen Heileigenschaften bekannt ist. Der H\u00f6hepunkt des Vormittags ist ein Besuch des weltweit ber\u00fchmten <strong>Orakeltempels<\/strong> (Tempel des Amun), wo <strong>Alexander der Gro\u00dfe<\/strong> einst sein Schicksal suchte. Ein k\u00f6stliches <strong>Mittagessen im Abdo Restaurant<\/strong> wird serviert, um weitere lokale Siwan-Aromen zu genie\u00dfen.<\/p>\n<p>Der Nachmittag markiert den Beginn Ihrer aufregenden <strong>Siwa-W\u00fcstensafari<\/strong>. Wir reisen tief in die riesige <strong>Gro\u00dfe Sandsee<\/strong> in einer spannenden <strong>Jeep 4&#215;4<\/strong> Fahrt. Bereiten Sie sich auf ein adrenalingeladenes Erlebnis vor, w\u00e4hrend Sie <strong>Sandboarding<\/strong> die massiven D\u00fcnen hinunter ausprobieren. Das Abenteuer geht weiter mit einem erfrischenden Bad in einem ruhigen <strong>S\u00fc\u00dfwassersee<\/strong>, der in den D\u00fcnen eingebettet ist, gefolgt von einem entspannenden Bad in der therapeutischen <strong>Bir Wahed hei\u00dfen Quelle<\/strong>. Wenn die Sonne beginnt unterzugehen, versammeln wir uns zu einer traditionellen <strong>Beduinen-Teezeremonie<\/strong>, einem perfekten Moment, um den unglaublichen W\u00fcstensonnenuntergang zu beobachten.<\/p>\n<p>Danach haben Sie zwei Optionen. Erstens, ein <strong>W\u00fcstencamping-Erlebnis<\/strong>, bei dem Sie die Nacht an einem der sch\u00f6nsten Campingpl\u00e4tze in Siwa verbringen k\u00f6nnen. Genie\u00dfen Sie ein traditionelles <strong>BBQ-Abendessen<\/strong>, das unter einem spektakul\u00e4ren Sternenhimmel serviert wird.<\/p>\n<p>F\u00fcr diejenigen, die es bevorzugen, gibt es eine alternative Option, nach Siwa zur\u00fcckzukehren, um in einem Hotel zu \u00fcbernachten, wie dem renommierten <strong>Ghaliet Ecolodge<\/strong>.<\/p>\n<p><strong>Mahlzeiten:<\/strong> Fr\u00fchst\u00fcck, Mittagessen, Abendessen<\/p>\n<h3><span style=\"color: #ff6600;\">Tag 3 R\u00fcckreise von Siwa nach Marsa Matruh<\/span><\/h3>\n<p>Ihr letzter Tag in der <strong>Siwa-Oase<\/strong> beginnt mit einem fr\u00fchen Fr\u00fchst\u00fcck in Ihrem W\u00fcstencamp oder Hotel. Danach beginnen Sie die letzte Attraktion, die historische <strong>Shali-Festung<\/strong>. Diese ikonische Lehmziegel-Zitadelle aus dem 13. Jahrhundert, heute eine atemberaubende Ruine, bietet einen letzten Einblick in Siwas antike Vergangenheit.<\/p>\n<p>Nach der Erkundung der Festung und ihrer Panoramablicke beginnen Sie die komfortable <strong>Fahrt nach Marsa Matruh<\/strong>, die das Ende Ihrer unglaublichen <strong>3-t\u00e4gigen Siwa-Tour<\/strong> markiert.<\/p>\n<p><strong>Mahlzeiten<\/strong>: Fr\u00fchst\u00fcck<\/p>\n<h3><span style=\"color: #ff6600;\">Preis f\u00fcr die 3-T\u00e4gige Siwa-Oase-Tour ab Marsa Matruh<\/span><\/h3>\n<ul>\n<li>Preis f\u00fcr Erwachsene = 400 \u20ac<\/li>\n<li>Kinder 0-5 Jahre = kostenlos<\/li>\n<li>Kinder 5-11 Jahre = 50 % des Erwachsenenpreises<\/li>\n<\/ul>\n<h3><span style=\"color: #ff6600;\">Buchung<\/span><\/h3>\n<p>Sie k\u00f6nnen Ihre Tour \u00fcber WhatsApp buchen oder uns eine E-Mail senden und erhalten die Best\u00e4tigung sofort.<\/p>\n<p>Bitte senden Sie uns Ihren Hotelnamen, die Zimmernummer und Kopien der Reisep\u00e4sse.<\/p>\n<p>WhatsApp: +201000852186<\/p>\n<p>info@egytourpackages.com<\/p>\n<h3><span style=\"color: #ff6600;\">Jetzt buchen &amp; vor Ort bezahlen<\/span><\/h3>\n<p>Buchen Sie Ihre Lieblingstour und zahlen Sie am Tag des Ausflugs.<\/p>\n<h3><span style=\"color: #ff6600;\">Zahlung<\/span><\/h3>\n<p>Sie k\u00f6nnen in \u00e4gyptischen Pfund, $, \u20ac oder \u00a3 bezahlen.<\/p>\n<h3><span style=\"color: #ff6600;\">Stornierungsbedingungen<\/span><\/h3>\n<ul>\n<li>Stornierung ist bis zu 24 Stunden im Voraus kostenlos.<\/li>\n<li>Bei einer Stornierung am Morgen werden 50 % des Preises berechnet.<\/li>\n<\/ul>\n","protected":false},"excerpt":{"rendered":"<p>Buchen Sie eine 3-T\u00e4gige Siwa-Oase-Tour ab Marsa Matruh. Entdecken Sie antike Ruinen, schweben Sie in Salzseen und genie\u00dfen Sie eine aufregende W\u00fcstensafari<\/p>\n","protected":false},"featured_media":5567,"comment_status":"closed","ping_status":"closed","template":"","meta":[],"product_brand":[],"product_cat":[1494],"product_tag":[1495,2952,2944],"class_list":{"0":"post-5597","1":"product","2":"type-product","3":"status-publish","4":"has-post-thumbnail","6":"product_cat-touren","7":"product_tag-agypten-tagestouren","8":"product_tag-siwa-oasen-touren-ab-marsa-matruh","9":"product_tag-touren-in-marsa-matruh","10":"tour_category-3-tage-aegypten-rundreisen","11":"tour_category-agypten-tagestouren","12":"tour_category-siwa-oasen-touren-ab-marsa-matruh","13":"tour_category-touren-in-marsa-matruh","15":"first","16":"instock","17":"sale","18":"shipping-taxable","19":"purchasable","20":"product-type-tour","21":"has-default-attributes"},"yoast_head":"<!-- This site is optimized with the Yoast SEO Premium plugin v27.4 (Yoast SEO v27.4) - https:\/\/yoast.com\/product\/yoast-seo-premium-wordpress\/ -->\n<title>3-T\u00e4gige Siwa-Oase-Tour ab Marsa Matruh | \u00c4gypten-Touren<\/title>\n<meta name=\"description\" content=\"Buchen Sie eine 3-T\u00e4gige Siwa-Oase-Tour ab Marsa Matruh. Entdecken Sie antike Ruinen, schweben Sie in Salzseen und genie\u00dfen Sie eine aufregende W\u00fcstensafari\" \/>\n<meta name=\"robots\" content=\"index, follow, max-snippet:-1, max-image-preview:large, max-video-preview:-1\" \/>\n<link rel=\"canonical\" href=\"https:\/\/egytourpackages.com\/de\/touren\/3-taegige-siwa-oase-tour-ab-marsa-matruh\/\" \/>\n<meta property=\"og:locale\" content=\"de_DE\" \/>\n<meta property=\"og:type\" content=\"article\" \/>\n<meta property=\"og:title\" content=\"3-T\u00e4gige Siwa-Oase-Tour ab Marsa Matruh\" \/>\n<meta property=\"og:description\" content=\"Buchen Sie eine 3-T\u00e4gige Siwa-Oase-Tour ab Marsa Matruh. Entdecken Sie antike Ruinen, schweben Sie in Salzseen und genie\u00dfen Sie eine aufregende W\u00fcstensafari\" \/>\n<meta property=\"og:url\" content=\"https:\/\/egytourpackages.com\/de\/touren\/3-taegige-siwa-oase-tour-ab-marsa-matruh\/\" \/>\n<meta property=\"og:site_name\" content=\"\u00c4gypten-Reisepakete\" \/>\n<meta property=\"article:publisher\" content=\"https:\/\/www.facebook.com\/egytourpackages\" \/>\n<meta property=\"article:modified_time\" content=\"2026-01-03T22:47:39+00:00\" \/>\n<meta property=\"og:image\" content=\"https:\/\/egytourpackages.com\/wp-content\/uploads\/2025\/08\/Ancient-Shali-Fortress-Siwa-Oasis.jpeg\" \/>\n\t<meta property=\"og:image:width\" content=\"1850\" \/>\n\t<meta property=\"og:image:height\" content=\"1387\" \/>\n\t<meta property=\"og:image:type\" content=\"image\/jpeg\" \/>\n<meta name=\"twitter:card\" content=\"summary_large_image\" \/>\n<meta name=\"twitter:title\" content=\"3-T\u00e4gige Siwa-Oase-Tour ab Marsa Matruh\" \/>\n<meta name=\"twitter:label1\" content=\"Preis\" \/>\n\t<meta name=\"twitter:data1\" content=\"&euro;400\" \/>\n\t<meta name=\"twitter:label2\" content=\"Verf\u00fcgbarkeit\" \/>\n\t<meta name=\"twitter:data2\" content=\"Auf Lager\" \/>\n<script type=\"application\/ld+json\" class=\"yoast-schema-graph\">{\"@context\":\"https:\\\/\\\/schema.org\",\"@graph\":[{\"@type\":\"WebPage\",\"@id\":\"https:\\\/\\\/egytourpackages.com\\\/de\\\/touren\\\/3-taegige-siwa-oase-tour-ab-marsa-matruh\\\/\",\"url\":\"https:\\\/\\\/egytourpackages.com\\\/de\\\/touren\\\/3-taegige-siwa-oase-tour-ab-marsa-matruh\\\/\",\"name\":\"3-T\u00e4gige Siwa-Oase-Tour ab Marsa Matruh | \u00c4gypten-Touren\",\"isPartOf\":{\"@id\":\"https:\\\/\\\/egytourpackages.com\\\/de\\\/#website\"},\"primaryImageOfPage\":{\"@id\":\"https:\\\/\\\/egytourpackages.com\\\/de\\\/touren\\\/3-taegige-siwa-oase-tour-ab-marsa-matruh\\\/#primaryimage\"},\"image\":{\"@id\":\"https:\\\/\\\/egytourpackages.com\\\/de\\\/touren\\\/3-taegige-siwa-oase-tour-ab-marsa-matruh\\\/#primaryimage\"},\"thumbnailUrl\":\"https:\\\/\\\/egytourpackages.com\\\/wp-content\\\/uploads\\\/2025\\\/08\\\/Ancient-Shali-Fortress-Siwa-Oasis.jpeg\",\"datePublished\":\"2025-08-12T14:27:14+00:00\",\"dateModified\":\"2026-01-03T22:47:39+00:00\",\"description\":\"Buchen Sie eine 3-T\u00e4gige Siwa-Oase-Tour ab Marsa Matruh. Entdecken Sie antike Ruinen, schweben Sie in Salzseen und genie\u00dfen Sie eine aufregende W\u00fcstensafari\",\"breadcrumb\":{\"@id\":\"https:\\\/\\\/egytourpackages.com\\\/de\\\/touren\\\/3-taegige-siwa-oase-tour-ab-marsa-matruh\\\/#breadcrumb\"},\"inLanguage\":\"de\",\"potentialAction\":[{\"@type\":\"ReadAction\",\"target\":[\"https:\\\/\\\/egytourpackages.com\\\/de\\\/touren\\\/3-taegige-siwa-oase-tour-ab-marsa-matruh\\\/\"]}]},{\"@type\":\"ImageObject\",\"inLanguage\":\"de\",\"@id\":\"https:\\\/\\\/egytourpackages.com\\\/de\\\/touren\\\/3-taegige-siwa-oase-tour-ab-marsa-matruh\\\/#primaryimage\",\"url\":\"https:\\\/\\\/egytourpackages.com\\\/wp-content\\\/uploads\\\/2025\\\/08\\\/Ancient-Shali-Fortress-Siwa-Oasis.jpeg\",\"contentUrl\":\"https:\\\/\\\/egytourpackages.com\\\/wp-content\\\/uploads\\\/2025\\\/08\\\/Ancient-Shali-Fortress-Siwa-Oasis.jpeg\",\"width\":1850,\"height\":1387,\"caption\":\"Alte Festung Shali, Oase Siwa\"},{\"@type\":\"BreadcrumbList\",\"@id\":\"https:\\\/\\\/egytourpackages.com\\\/de\\\/touren\\\/3-taegige-siwa-oase-tour-ab-marsa-matruh\\\/#breadcrumb\",\"itemListElement\":[{\"@type\":\"ListItem\",\"position\":1,\"name\":\"Startseite\",\"item\":\"https:\\\/\\\/egytourpackages.com\\\/de\\\/\"},{\"@type\":\"ListItem\",\"position\":2,\"name\":\"Shop\",\"item\":\"https:\\\/\\\/egytourpackages.com\\\/de\\\/shop\\\/\"},{\"@type\":\"ListItem\",\"position\":3,\"name\":\"3-T\u00e4gige Siwa-Oase-Tour ab Marsa Matruh\"}]},{\"@type\":\"WebSite\",\"@id\":\"https:\\\/\\\/egytourpackages.com\\\/de\\\/#website\",\"url\":\"https:\\\/\\\/egytourpackages.com\\\/de\\\/\",\"name\":\"Egy tour packages\",\"description\":\"\",\"publisher\":{\"@id\":\"https:\\\/\\\/egytourpackages.com\\\/de\\\/#organization\"},\"potentialAction\":[{\"@type\":\"SearchAction\",\"target\":{\"@type\":\"EntryPoint\",\"urlTemplate\":\"https:\\\/\\\/egytourpackages.com\\\/de\\\/?s={search_term_string}\"},\"query-input\":{\"@type\":\"PropertyValueSpecification\",\"valueRequired\":true,\"valueName\":\"search_term_string\"}}],\"inLanguage\":\"de\"},{\"@type\":[\"Organization\",\"Place\",\"TravelAgency\"],\"@id\":\"https:\\\/\\\/egytourpackages.com\\\/de\\\/#organization\",\"name\":\"egypt tour packages\",\"alternateName\":\"egypt tour packages\",\"url\":\"https:\\\/\\\/egytourpackages.com\\\/de\\\/\",\"logo\":{\"@id\":\"https:\\\/\\\/egytourpackages.com\\\/de\\\/touren\\\/3-taegige-siwa-oase-tour-ab-marsa-matruh\\\/#local-main-organization-logo\"},\"image\":{\"@id\":\"https:\\\/\\\/egytourpackages.com\\\/de\\\/touren\\\/3-taegige-siwa-oase-tour-ab-marsa-matruh\\\/#local-main-organization-logo\"},\"sameAs\":[\"https:\\\/\\\/www.facebook.com\\\/egytourpackages\"],\"legalName\":\"Egy tour packages\",\"address\":{\"@id\":\"https:\\\/\\\/egytourpackages.com\\\/de\\\/touren\\\/3-taegige-siwa-oase-tour-ab-marsa-matruh\\\/#local-main-place-address\"},\"telephone\":[\"00201000852186\",\"00201028685533\"],\"contactPoint\":{\"@type\":\"ContactPoint\",\"telephone\":\"00201000852186\"},\"openingHoursSpecification\":[{\"@type\":\"OpeningHoursSpecification\",\"dayOfWeek\":[\"Monday\",\"Tuesday\",\"Wednesday\",\"Thursday\",\"Friday\",\"Saturday\",\"Sunday\"],\"opens\":\"00:00\",\"closes\":\"23:59\"}],\"email\":\"info@egytourpackages.com\",\"areaServed\":\"Cairo, Hurghada, Luxor, Sharm El Sheikh, Marsa Alam, Aswan\",\"priceRange\":\"$\",\"currenciesAccepted\":\"euro\",\"paymentAccepted\":\"Payment links online\"},{\"@type\":\"PostalAddress\",\"@id\":\"https:\\\/\\\/egytourpackages.com\\\/de\\\/touren\\\/3-taegige-siwa-oase-tour-ab-marsa-matruh\\\/#local-main-place-address\",\"streetAddress\":\"Mubarak 8, Al Kawthar District, Hurghada\",\"addressLocality\":\"Hurghada\",\"postalCode\":\"84511\",\"addressRegion\":\"Red Sea\",\"addressCountry\":\"EG\"},{\"@type\":\"ImageObject\",\"inLanguage\":\"de\",\"@id\":\"https:\\\/\\\/egytourpackages.com\\\/de\\\/touren\\\/3-taegige-siwa-oase-tour-ab-marsa-matruh\\\/#local-main-organization-logo\",\"url\":\"https:\\\/\\\/egytourpackages.com\\\/wp-content\\\/uploads\\\/2025\\\/12\\\/Turquoise-Dahabiya-Nile-Cruise-1.jpeg\",\"contentUrl\":\"https:\\\/\\\/egytourpackages.com\\\/wp-content\\\/uploads\\\/2025\\\/12\\\/Turquoise-Dahabiya-Nile-Cruise-1.jpeg\",\"width\":1040,\"height\":694,\"caption\":\"egypt tour packages\"}]}<\/script>\n<meta property=\"product:brand\" content=\"3 Tage \u00c4gypten Rundreisen\" \/>\n<meta property=\"product:price:amount\" content=\"400\" \/>\n<meta property=\"product:price:currency\" content=\"EUR\" \/>\n<meta property=\"og:availability\" content=\"instock\" \/>\n<meta property=\"product:availability\" content=\"instock\" \/>\n<meta property=\"product:retailer_item_id\" content=\"MMT02\" \/>\n<meta property=\"product:condition\" content=\"new\" \/>\n<meta name=\"geo.placename\" content=\"Hurghada\" \/>\n<meta name=\"geo.region\" content=\"\u00c4gypten\" \/>\n<!-- \/ Yoast SEO Premium plugin. -->","yoast_head_json":{"title":"3-T\u00e4gige Siwa-Oase-Tour ab Marsa Matruh | \u00c4gypten-Touren","description":"Buchen Sie eine 3-T\u00e4gige Siwa-Oase-Tour ab Marsa Matruh. Entdecken Sie antike Ruinen, schweben Sie in Salzseen und genie\u00dfen Sie eine aufregende W\u00fcstensafari","robots":{"index":"index","follow":"follow","max-snippet":"max-snippet:-1","max-image-preview":"max-image-preview:large","max-video-preview":"max-video-preview:-1"},"canonical":"https:\/\/egytourpackages.com\/de\/touren\/3-taegige-siwa-oase-tour-ab-marsa-matruh\/","og_locale":"de_DE","og_type":"article","og_title":"3-T\u00e4gige Siwa-Oase-Tour ab Marsa Matruh","og_description":"Buchen Sie eine 3-T\u00e4gige Siwa-Oase-Tour ab Marsa Matruh. Entdecken Sie antike Ruinen, schweben Sie in Salzseen und genie\u00dfen Sie eine aufregende W\u00fcstensafari","og_url":"https:\/\/egytourpackages.com\/de\/touren\/3-taegige-siwa-oase-tour-ab-marsa-matruh\/","og_site_name":"\u00c4gypten-Reisepakete","article_publisher":"https:\/\/www.facebook.com\/egytourpackages","article_modified_time":"2026-01-03T22:47:39+00:00","og_image":[{"width":1850,"height":1387,"url":"https:\/\/egytourpackages.com\/wp-content\/uploads\/2025\/08\/Ancient-Shali-Fortress-Siwa-Oasis.jpeg","type":"image\/jpeg"}],"twitter_card":"summary_large_image","twitter_title":"3-T\u00e4gige Siwa-Oase-Tour ab Marsa Matruh","twitter_misc":{"Preis":"&euro;400","Verf\u00fcgbarkeit":"Auf Lager"},"schema":{"@context":"https:\/\/schema.org","@graph":[{"@type":"WebPage","@id":"https:\/\/egytourpackages.com\/de\/touren\/3-taegige-siwa-oase-tour-ab-marsa-matruh\/","url":"https:\/\/egytourpackages.com\/de\/touren\/3-taegige-siwa-oase-tour-ab-marsa-matruh\/","name":"3-T\u00e4gige Siwa-Oase-Tour ab Marsa Matruh | \u00c4gypten-Touren","isPartOf":{"@id":"https:\/\/egytourpackages.com\/de\/#website"},"primaryImageOfPage":{"@id":"https:\/\/egytourpackages.com\/de\/touren\/3-taegige-siwa-oase-tour-ab-marsa-matruh\/#primaryimage"},"image":{"@id":"https:\/\/egytourpackages.com\/de\/touren\/3-taegige-siwa-oase-tour-ab-marsa-matruh\/#primaryimage"},"thumbnailUrl":"https:\/\/egytourpackages.com\/wp-content\/uploads\/2025\/08\/Ancient-Shali-Fortress-Siwa-Oasis.jpeg","datePublished":"2025-08-12T14:27:14+00:00","dateModified":"2026-01-03T22:47:39+00:00","description":"Buchen Sie eine 3-T\u00e4gige Siwa-Oase-Tour ab Marsa Matruh. Entdecken Sie antike Ruinen, schweben Sie in Salzseen und genie\u00dfen Sie eine aufregende W\u00fcstensafari","breadcrumb":{"@id":"https:\/\/egytourpackages.com\/de\/touren\/3-taegige-siwa-oase-tour-ab-marsa-matruh\/#breadcrumb"},"inLanguage":"de","potentialAction":[{"@type":"ReadAction","target":["https:\/\/egytourpackages.com\/de\/touren\/3-taegige-siwa-oase-tour-ab-marsa-matruh\/"]}]},{"@type":"ImageObject","inLanguage":"de","@id":"https:\/\/egytourpackages.com\/de\/touren\/3-taegige-siwa-oase-tour-ab-marsa-matruh\/#primaryimage","url":"https:\/\/egytourpackages.com\/wp-content\/uploads\/2025\/08\/Ancient-Shali-Fortress-Siwa-Oasis.jpeg","contentUrl":"https:\/\/egytourpackages.com\/wp-content\/uploads\/2025\/08\/Ancient-Shali-Fortress-Siwa-Oasis.jpeg","width":1850,"height":1387,"caption":"Alte Festung Shali, Oase Siwa"},{"@type":"BreadcrumbList","@id":"https:\/\/egytourpackages.com\/de\/touren\/3-taegige-siwa-oase-tour-ab-marsa-matruh\/#breadcrumb","itemListElement":[{"@type":"ListItem","position":1,"name":"Startseite","item":"https:\/\/egytourpackages.com\/de\/"},{"@type":"ListItem","position":2,"name":"Shop","item":"https:\/\/egytourpackages.com\/de\/shop\/"},{"@type":"ListItem","position":3,"name":"3-T\u00e4gige Siwa-Oase-Tour ab Marsa Matruh"}]},{"@type":"WebSite","@id":"https:\/\/egytourpackages.com\/de\/#website","url":"https:\/\/egytourpackages.com\/de\/","name":"Egy tour packages","description":"","publisher":{"@id":"https:\/\/egytourpackages.com\/de\/#organization"},"potentialAction":[{"@type":"SearchAction","target":{"@type":"EntryPoint","urlTemplate":"https:\/\/egytourpackages.com\/de\/?s={search_term_string}"},"query-input":{"@type":"PropertyValueSpecification","valueRequired":true,"valueName":"search_term_string"}}],"inLanguage":"de"},{"@type":["Organization","Place","TravelAgency"],"@id":"https:\/\/egytourpackages.com\/de\/#organization","name":"egypt tour packages","alternateName":"egypt tour packages","url":"https:\/\/egytourpackages.com\/de\/","logo":{"@id":"https:\/\/egytourpackages.com\/de\/touren\/3-taegige-siwa-oase-tour-ab-marsa-matruh\/#local-main-organization-logo"},"image":{"@id":"https:\/\/egytourpackages.com\/de\/touren\/3-taegige-siwa-oase-tour-ab-marsa-matruh\/#local-main-organization-logo"},"sameAs":["https:\/\/www.facebook.com\/egytourpackages"],"legalName":"Egy tour packages","address":{"@id":"https:\/\/egytourpackages.com\/de\/touren\/3-taegige-siwa-oase-tour-ab-marsa-matruh\/#local-main-place-address"},"telephone":["00201000852186","00201028685533"],"contactPoint":{"@type":"ContactPoint","telephone":"00201000852186"},"openingHoursSpecification":[{"@type":"OpeningHoursSpecification","dayOfWeek":["Monday","Tuesday","Wednesday","Thursday","Friday","Saturday","Sunday"],"opens":"00:00","closes":"23:59"}],"email":"info@egytourpackages.com","areaServed":"Cairo, Hurghada, Luxor, Sharm El Sheikh, Marsa Alam, Aswan","priceRange":"$","currenciesAccepted":"euro","paymentAccepted":"Payment links online"},{"@type":"PostalAddress","@id":"https:\/\/egytourpackages.com\/de\/touren\/3-taegige-siwa-oase-tour-ab-marsa-matruh\/#local-main-place-address","streetAddress":"Mubarak 8, Al Kawthar District, Hurghada","addressLocality":"Hurghada","postalCode":"84511","addressRegion":"Red Sea","addressCountry":"EG"},{"@type":"ImageObject","inLanguage":"de","@id":"https:\/\/egytourpackages.com\/de\/touren\/3-taegige-siwa-oase-tour-ab-marsa-matruh\/#local-main-organization-logo","url":"https:\/\/egytourpackages.com\/wp-content\/uploads\/2025\/12\/Turquoise-Dahabiya-Nile-Cruise-1.jpeg","contentUrl":"https:\/\/egytourpackages.com\/wp-content\/uploads\/2025\/12\/Turquoise-Dahabiya-Nile-Cruise-1.jpeg","width":1040,"height":694,"caption":"egypt tour packages"}]},"product_brand":"3 Tage \u00c4gypten Rundreisen","product_price_amount":"400","product_price_currency":"EUR","og_availability":"instock","product_availability":"instock","product_retailer_item_id":"MMT02","product_condition":"new","geo.placename":"Hurghada","geo.region":"\u00c4gypten"},"_links":{"self":[{"href":"https:\/\/egytourpackages.com\/de\/wp-json\/wp\/v2\/product\/5597","targetHints":{"allow":["GET"]}}],"collection":[{"href":"https:\/\/egytourpackages.com\/de\/wp-json\/wp\/v2\/product"}],"about":[{"href":"https:\/\/egytourpackages.com\/de\/wp-json\/wp\/v2\/types\/product"}],"replies":[{"embeddable":true,"href":"https:\/\/egytourpackages.com\/de\/wp-json\/wp\/v2\/comments?post=5597"}],"wp:featuredmedia":[{"embeddable":true,"href":"https:\/\/egytourpackages.com\/de\/wp-json\/wp\/v2\/media\/5567"}],"wp:attachment":[{"href":"https:\/\/egytourpackages.com\/de\/wp-json\/wp\/v2\/media?parent=5597"}],"wp:term":[{"taxonomy":"product_brand","embeddable":true,"href":"https:\/\/egytourpackages.com\/de\/wp-json\/wp\/v2\/product_brand?post=5597"},{"taxonomy":"product_cat","embeddable":true,"href":"https:\/\/egytourpackages.com\/de\/wp-json\/wp\/v2\/product_cat?post=5597"},{"taxonomy":"product_tag","embeddable":true,"href":"https:\/\/egytourpackages.com\/de\/wp-json\/wp\/v2\/product_tag?post=5597"}],"curies":[{"name":"wp","href":"https:\/\/api.w.org\/{rel}","templated":true}]}}