{"id":5619,"date":"2025-08-13T04:22:09","date_gmt":"2025-08-13T04:22:09","guid":{"rendered":"https:\/\/egytourpackages.com\/product\/kairo-tagesausflug-ab-marsa-matruh\/"},"modified":"2026-04-07T16:43:20","modified_gmt":"2026-04-07T16:43:20","slug":"kairo-tagesausflug-ab-marsa-matruh","status":"publish","type":"product","link":"https:\/\/egytourpackages.com\/de\/touren\/kairo-tagesausflug-ab-marsa-matruh\/","title":{"rendered":"Kairo-Tagesausflug ab Marsa Matruh"},"content":{"rendered":"<p><strong><span style=\"color: #ff6600;\">Kairo-Tagesausflug ab Marsa Matruh<\/span><\/strong><\/p>\n<p>Buchen Sie Ihren Kairo-Tagesausflug ab Marsa Matruh und begeben Sie sich auf eine immersive Reise in \u00c4gyptens glorreiche Vergangenheit. Unser exklusiver <strong>Kairo Tagesausflug ab Marsa Matruh<\/strong> ist der perfekte Weg, um die weltweit ber\u00fchmtesten Wahrzeichen zu erleben, darunter die legend\u00e4ren <strong>Pyramiden von Gizeh<\/strong>, die r\u00e4tselhafte <strong>Gro\u00dfe Sphinx<\/strong> und das pr\u00e4chtige <strong>Gro\u00dfe \u00c4gyptische Museum (GEM)<\/strong>. Dies ist die <strong>beste Gizeh Pyramiden Tour ab Marsa Matruh<\/strong> f\u00fcr Geschichtsinteressierte und Abenteurer gleicherma\u00dfen.<\/p>\n<h3><span style=\"color: #ff6600;\">Entdecken Sie die Pyramiden von Gizeh und die Gro\u00dfe Sphinx<\/span><\/h3>\n<p>Begeben Sie sich zum <strong>Gizeh-Plateau<\/strong>, der Heimat des letzten erhaltenen Wunders der antiken Welt. Sie stehen den <strong>Pyramiden von Gizeh<\/strong> gegen\u00fcber, einem Zeugnis des Einfallsreichtums und der Macht der Pharaonen. Unser fachkundiger \u00c4gyptologen-Guide erweckt diese monumentalen Bauwerke zum Leben und teilt die Geschichte und Geheimnisse hinter der <strong>Pyramide des Cheops<\/strong>, der <strong>Pyramide des Chephren<\/strong> und der <strong>Pyramide des Mykerinos<\/strong>. Der H\u00f6hepunkt des Erlebnisses ist ein Besuch der r\u00e4tselhaften <strong>Gro\u00dfen Sphinx<\/strong>, dem mythischen W\u00e4chter, der seit Jahrtausenden die Fantasie befl\u00fcgelt. Dies ist die definitive <strong>Gizeh Pyramiden Tour<\/strong>, die Sie gesucht haben.<\/p>\n<h3><span style=\"color: #ff6600;\">Erleben Sie das Gro\u00dfe \u00c4gyptische Museum (GEM)<\/span><\/h3>\n<p>Ihr <strong>Marsa Matruh nach Kairo Tagesausflug<\/strong> f\u00fchrt Sie weiter zum brandneuen, erstklassigen <strong>Gro\u00dfen \u00c4gyptischen Museum (GEM)<\/strong>. Hier geh\u00f6ren Sie zu den Ersten, die die vollst\u00e4ndige, schillernde Sammlung der <strong>Sch\u00e4tze des K\u00f6nigs Tutanchamun<\/strong> zum ersten Mal zusammen ausgestellt sehen. Das <strong>GEM<\/strong> bietet einen unvergleichlichen Einblick in \u00fcber 100.000 Artefakte und verbindet \u00c4gyptens antikes Erbe mit moderner Museumstechnologie. Ein Besuch des GEM ist ein Muss f\u00fcr jeden, der das definitive <strong>Gizeh Museums Erlebnis<\/strong> sucht.<\/p>\n<h3><span style=\"color: #ff6600;\">Nahtloses und stressfreies Reisen<\/span><\/h3>\n<p>Unsere <strong>Marsa Matruh nach Gizeh Touren<\/strong> sind All-inclusive und beinhalten einen privaten, klimatisierten Transport von und zu Ihrem Hotel. Sie genie\u00dfen eine malerische und entspannte Fahrt und wissen, dass jedes Detail, von der professionellen F\u00fchrung bis zu den Eintrittspreisen und einem k\u00f6stlichen lokalen Mittagessen, fachm\u00e4nnisch organisiert ist. Dies ist der beste Weg, die <strong>Top Sehensw\u00fcrdigkeiten in Kairo<\/strong> ohne den Aufwand der Planung zu sehen.<\/p>\n<p>Buchen Sie noch heute Ihren <strong>Kairo Tagesausflug ab Marsa Matruh<\/strong> und begeben Sie sich auf eine au\u00dfergew\u00f6hnliche Zeitreise, die Erinnerungen f\u00fcr das ganze Leben schafft.<\/p>\n<h3><span style=\"color: #ff6600;\">Tour-Details<\/span><\/h3>\n<ul>\n<li>Dauer: 15 Stunden<\/li>\n<li>Ort: Gizeh<\/li>\n<li>Verf\u00fcgbarkeit: T\u00e4glich<\/li>\n<li>Abholung &amp; R\u00fccktransfer: Ihr Hotel in Marsa Matruh<\/li>\n<li>Tour-Typ: Privat<\/li>\n<li>Geeignet f\u00fcr: Paare, Familien, Senioren<\/li>\n<li>Rollstuhl: Zug\u00e4nglich<\/li>\n<\/ul>\n<h3><span style=\"color: #ff6600;\">Tour-Highlights<\/span><\/h3>\n<ul>\n<li>Gro\u00dfes \u00c4gyptisches Museum (GEM)<\/li>\n<li>Pyramiden von Gizeh<\/li>\n<li>Die Gro\u00dfe Sphinx<\/li>\n<li>Taltempel<\/li>\n<\/ul>\n<h3><span style=\"color: #ff6600;\">Inklusivleistungen<\/span><\/h3>\n<ul>\n<li>Hin- und R\u00fccktransfer mit klimatisiertem Fahrzeug<\/li>\n<li>Eintrittspreise f\u00fcr alle Sehensw\u00fcrdigkeiten im Kairo-Programm<\/li>\n<li>\u00c4gyptologe als Reisef\u00fchrer<\/li>\n<li>Mittagessen<\/li>\n<li>Wasser w\u00e4hrend der Tour<\/li>\n<\/ul>\n<h3><span style=\"color: #ff6600;\">Exklusivleistungen<\/span><\/h3>\n<ul>\n<li>Getr\u00e4nke beim Mittagessen<\/li>\n<li>Eintrittspreis f\u00fcr die Cheops-Pyramide 40<\/li>\n<li>Eintrittspreis\u00a8rdy Chephren\u2212Pyramide 7,5<\/li>\n<li>Trinkgelder<\/li>\n<\/ul>\n<h3><span style=\"color: #ff6600;\">Was Sie einpacken sollten<\/span><\/h3>\n<ul>\n<li>Bequeme Schuhe und Kleidung, besonders im Sommer<\/li>\n<li>Warme Kleidung im Winter<\/li>\n<li>Sonnenbrille, Hut oder Schal<\/li>\n<li>Sonnencreme im Sommer<\/li>\n<\/ul>\n<h3><span style=\"color: #ff6600;\">Tagesausflug von Marsa Matruh nach Gizeh: Eine Reiseroute der<\/span><\/h3>\n<p>Antiken Wunder Beginnen Sie Ihre Reise von der K\u00fcstensch\u00f6nheit von Marsa Matruh und fahren Sie etwa 408 Kilometer (255 Meilen) durch die \u00e4gyptische Landschaft nach Kairo. Die malerische Fahrt dauert in der Regel 4 bis 5 Stunden und bietet die M\u00f6glichkeit, die Weiten der westlichen W\u00fcste zu sehen, bevor Sie auf dem Gizeh-Plateau ankommen.<\/p>\n<p>Bei Ihrer Ankunft betreten Sie das <strong>Gizeh-Plateau<\/strong>, ein arch\u00e4ologisches Wunder, das als Zeugnis der architektonischen und ingenieurtechnischen Brillanz des <strong>Alten Reiches<\/strong> dient.<\/p>\n<p>Ihre gef\u00fchrte Tour durch diesen ikonischen Komplex umfasst:<\/p>\n<p>Die <strong>Gro\u00dfe Pyramide des Cheops (Khufu)<\/strong>, die gr\u00f6\u00dfte und \u00e4lteste der drei Pyramiden. Au\u00dferdem haben Sie die M\u00f6glichkeit, ihre Umgebung zu bewundern, die einen Einblick in das t\u00e4gliche Leben und die Todesrituale dieser Zeit gibt.<\/p>\n<p>Dazu geh\u00f6ren die kleineren <strong>K\u00f6niginnenpyramiden<\/strong>, die zeremoniellen <strong>Sonnenbootgruben<\/strong>, die \u00dcberreste des <strong>Reinigungstempels<\/strong> und die <strong>Gr\u00e4ber der Pyramidenbauer<\/strong>: Erkunden Sie die faszinierenden und oft \u00fcbersehenen Gr\u00e4ber der Arbeiter, die diese unglaublichen Monumente gebaut haben. Diese Gr\u00e4ber bieten wertvolle Einblicke in die Sozialstruktur und die organisierte Arbeit, die die Pyramiden m\u00f6glich gemacht haben.<\/p>\n<p>Weiter geht es zum <strong>Taltempel des Chephren<\/strong>, einem gut erhaltenen Bauwerk, in dem die Mumifizierungsrituale f\u00fcr den Pharao durchgef\u00fchrt wurden, und zur nahegelegenen <strong>Gro\u00dfen Sphinx<\/strong>, dem W\u00e4chter der Nekropole von Gizeh.<\/p>\n<h3><span style=\"color: #ff6600;\">Das Innere einer Pyramide betreten<\/span><\/h3>\n<p>F\u00fcr ein wirklich beeindruckendes Erlebnis haben Sie die M\u00f6glichkeit, ein separates Ticket zu kaufen, um das Innere einer der offenen Pyramiden zu besichtigen. Obwohl sich die Verf\u00fcgbarkeit \u00e4ndern kann, haben Sie m\u00f6glicherweise die Gelegenheit, die inneren Kammern der <strong>Pyramide des Mykerinos<\/strong> oder sogar der monumentalen <strong>Gro\u00dfen Pyramide des Cheops<\/strong> zu erkunden, eine Reise in das Herz eines 4.500 Jahre alten Grabes.<\/p>\n<h3><span style=\"color: #ff6600;\">Der Panoramablick<\/span><\/h3>\n<p>Schlie\u00dfen Sie Ihren Besuch des Gizeh-Komplexes mit einem Stopp am <strong>Panorama-Punkt<\/strong> ab, wo Sie mit einem atemberaubenden und klassischen Blick auf alle drei Pyramiden, die Sphinx und die umliegende W\u00fcstenlandschaft in einer grandiosen Aussicht belohnt werden. Dies ist der perfekte Ort f\u00fcr Fotos und um die Pracht des Ortes zu reflektieren.<\/p>\n<h3><span style=\"color: #ff6600;\">Mittagessen<\/span><\/h3>\n<p>Genie\u00dfen Sie das Mittagessen in einem lokalen Restaurant in der N\u00e4he des Gro\u00dfen \u00c4gyptischen Museums. Das ausgew\u00e4hlte Restaurant bietet eine Vielzahl von authentischen \u00e4gyptischen Gerichten, von denen viele von Natur aus vegetarisch sind oder leicht vegan zubereitet werden k\u00f6nnen.<\/p>\n<h3><span style=\"color: #ff6600;\">Gro\u00dfes \u00c4gyptisches Museum (GEM)<\/span><\/h3>\n<p>Am Ende Ihres Tages werden Sie zum pr\u00e4chtigen <strong>Gro\u00dfen \u00c4gyptischen Museum (GEM)<\/strong> transportiert, einem modernen architektonischen Wunderwerk, das die weltweit umfangreichste Sammlung von <strong>antiken \u00e4gyptischen Artefakten<\/strong> beherbergen soll. Das Erlebnis beginnt, bevor Sie \u00fcberhaupt eintreten, denn Sie werden vom atemberaubenden <strong>H\u00e4ngenden Obelisken<\/strong> begr\u00fc\u00dft, einem einzigartigen, der Schwerkraft trotzenden Monument, das <strong>K\u00f6nig Ramses II.<\/strong> gewidmet ist.<\/p>\n<p>Beim Betreten der <strong>Gro\u00dfen Halle<\/strong> wird Ihre Aufmerksamkeit sofort von dem hoch aufragenden <strong>Koloss von Ramses II.<\/strong> gefesselt. Diese monumentale Statue, einst das Herzst\u00fcck eines belebten Platzes, steht nun als m\u00e4chtiger Wachposten, eine passende Hommage an einen der ber\u00fchmtesten Pharaonen \u00c4gyptens.<\/p>\n<p>Wenn Sie die atemberaubende <strong>Gro\u00dfe Treppe<\/strong> hinaufsteigen, begeben Sie sich auf eine Zeitreise, umgeben von einer kuratierten Sammlung von 65 monumentalen St\u00fccken. In den <strong>offenen Galerien<\/strong> haben Sie die M\u00f6glichkeit, in die Kernthemen der <strong>antiken \u00e4gyptischen Zivilisation<\/strong> einzutauchen: <strong>Gesellschaft, Religion und K\u00f6nigtum<\/strong>.<\/p>\n<p>Hier finden Sie Tausende von Artefakten, die durchdacht pr\u00e4sentiert werden, um die Geschichte der Menschen \u00c4gyptens, ihrer \u00dcberzeugungen und der m\u00e4chtigen Herrscher, die ihre Welt pr\u00e4gten, zu erz\u00e4hlen.<\/p>\n<h3><span style=\"color: #ff6600;\">Tutanchamun-Sch\u00e4tze<\/span><\/h3>\n<p>Ein wichtiges Highlight Ihres Besuchs wird die am meisten erwartete Funktion des Museums sein: die gesamte Sammlung von <strong>K\u00f6nig Tutanchamun<\/strong>. Zum ersten Mal seit der Entdeckung des Grabes im Jahr 1922 in Luxor wird die komplette Sammlung von \u00fcber 5.000 unbezahlbaren Sch\u00e4tzen aus dem Grab des Jungenk\u00f6nigs an einem einzigen Ort zusammen ausgestellt.<\/p>\n<h3><span style=\"color: #ff6600;\">Kairo Tagesausflug ab Marsa Matruh Preis<\/span><\/h3>\n<ul>\n<li>Preis f\u00fcr Erwachsene = 150 \u20ac<\/li>\n<li>Kleinkinder 0-5 Jahre = kostenlos<\/li>\n<li>Kinder 5-11 Jahre = 50% des Erwachsenenpreises<\/li>\n<\/ul>\n<h3><span style=\"color: #ff6600;\">Buchung<\/span><\/h3>\n<p>Sie k\u00f6nnen Ihre Tour \u00fcber WhatsApp buchen oder uns eine E-Mail senden und Sie erhalten die Best\u00e4tigung vor Ort. Bitte senden Sie uns Ihren Hotelnamen, Ihre Zimmernummer und Ihre Reisepasskopien.<\/p>\n<p>WhatsApp +201000852186<\/p>\n<p>info@egytourpackages.com<\/p>\n<h3><span style=\"color: #ff6600;\">Jetzt buchen &amp; vor Ort bezahlen<\/span><\/h3>\n<p>Buchen Sie Ihre Lieblingstour und bezahlen Sie am Tag der Reise.<\/p>\n<h3><span style=\"color: #ff6600;\">Zahlung<\/span><\/h3>\n<p>Sie k\u00f6nnen in \u00c4gyptischen Pfund, $, \u20ac oder \u00a3 bezahlen.<\/p>\n<h3><span style=\"color: #ff6600;\">Stornierungsbedingungen<\/span><\/h3>\n<ul>\n<li>Stornierung ist bis zu 24 Stunden im Voraus kostenlos<\/li>\n<li>Morgendliche Stornierung kostet 50% des Preises<\/li>\n<\/ul>\n","protected":false},"excerpt":{"rendered":"<p>Ganzt\u00e4gige Kairo-Tagesausflug ab Marsa Matruh: Entdecken Sie die Giza-Pyramiden, die Sphinx und das Gro\u00dfe \u00c4gyptische Museum (GEM) in einem Tagesausflug.<\/p>\n","protected":false},"featured_media":5616,"comment_status":"closed","ping_status":"closed","template":"","meta":[],"product_brand":[],"product_cat":[1494],"product_tag":[1495,2975,2944],"class_list":{"0":"post-5619","1":"product","2":"type-product","3":"status-publish","4":"has-post-thumbnail","6":"product_cat-touren","7":"product_tag-agypten-tagestouren","8":"product_tag-kairo-touren-ab-marsa-matruh","9":"product_tag-touren-in-marsa-matruh","10":"tour_category-agypten-tagestouren","11":"tour_category-kairo-touren-ab-marsa-matruh","12":"tour_category-touren-in-marsa-matruh","14":"first","15":"instock","16":"sale","17":"shipping-taxable","18":"purchasable","19":"product-type-tour","20":"has-default-attributes"},"yoast_head":"<!-- This site is optimized with the Yoast SEO Premium plugin v27.4 (Yoast SEO v27.4) - https:\/\/yoast.com\/product\/yoast-seo-premium-wordpress\/ -->\n<title>Kairo-Tagesausflug ab Marsa Matruh<\/title>\n<meta name=\"description\" content=\"Ganzt\u00e4gige Kairo-Tagesausflug ab Marsa Matruh: Entdecken Sie die Giza-Pyramiden, die Sphinx und das Gro\u00dfe \u00c4gyptische Museum (GEM) in einem Tagesausflug.\" \/>\n<meta name=\"robots\" content=\"index, follow, max-snippet:-1, max-image-preview:large, max-video-preview:-1\" \/>\n<link rel=\"canonical\" href=\"https:\/\/egytourpackages.com\/de\/touren\/kairo-tagesausflug-ab-marsa-matruh\/\" \/>\n<meta property=\"og:locale\" content=\"de_DE\" \/>\n<meta property=\"og:type\" content=\"article\" \/>\n<meta property=\"og:title\" content=\"Kairo-Tagesausflug ab Marsa Matruh\" \/>\n<meta property=\"og:description\" content=\"Ganzt\u00e4gige Kairo-Tagesausflug ab Marsa Matruh: Entdecken Sie die Giza-Pyramiden, die Sphinx und das Gro\u00dfe \u00c4gyptische Museum (GEM) in einem Tagesausflug.\" \/>\n<meta property=\"og:url\" content=\"https:\/\/egytourpackages.com\/de\/touren\/kairo-tagesausflug-ab-marsa-matruh\/\" \/>\n<meta property=\"og:site_name\" content=\"\u00c4gypten-Reisepakete\" \/>\n<meta property=\"article:publisher\" content=\"https:\/\/www.facebook.com\/egytourpackages\" \/>\n<meta property=\"article:modified_time\" content=\"2026-04-07T16:43:20+00:00\" \/>\n<meta property=\"og:image\" content=\"https:\/\/egytourpackages.com\/wp-content\/uploads\/2025\/08\/Egyptian-Scribe-GEM-1024x768.jpeg\" \/>\n<meta name=\"twitter:card\" content=\"summary_large_image\" \/>\n<meta name=\"twitter:title\" content=\"Kairo-Tagesausflug ab Marsa Matruh\" \/>\n<meta name=\"twitter:label1\" content=\"Preis\" \/>\n\t<meta name=\"twitter:data1\" content=\"&euro;0\" \/>\n\t<meta name=\"twitter:label2\" content=\"Verf\u00fcgbarkeit\" \/>\n\t<meta name=\"twitter:data2\" content=\"Auf Lager\" \/>\n<script type=\"application\/ld+json\" class=\"yoast-schema-graph\">{\"@context\":\"https:\\\/\\\/schema.org\",\"@graph\":[{\"@type\":\"WebPage\",\"@id\":\"https:\\\/\\\/egytourpackages.com\\\/de\\\/touren\\\/kairo-tagesausflug-ab-marsa-matruh\\\/\",\"url\":\"https:\\\/\\\/egytourpackages.com\\\/de\\\/touren\\\/kairo-tagesausflug-ab-marsa-matruh\\\/\",\"name\":\"Kairo-Tagesausflug ab Marsa Matruh\",\"isPartOf\":{\"@id\":\"https:\\\/\\\/egytourpackages.com\\\/de\\\/#website\"},\"primaryImageOfPage\":{\"@id\":\"https:\\\/\\\/egytourpackages.com\\\/de\\\/touren\\\/kairo-tagesausflug-ab-marsa-matruh\\\/#primaryimage\"},\"image\":{\"@id\":\"https:\\\/\\\/egytourpackages.com\\\/de\\\/touren\\\/kairo-tagesausflug-ab-marsa-matruh\\\/#primaryimage\"},\"thumbnailUrl\":\"https:\\\/\\\/egytourpackages.com\\\/wp-content\\\/uploads\\\/2025\\\/08\\\/Egyptian-Scribe-GEM.jpeg\",\"datePublished\":\"2025-08-13T04:22:09+00:00\",\"dateModified\":\"2026-04-07T16:43:20+00:00\",\"description\":\"Ganzt\u00e4gige Kairo-Tagesausflug ab Marsa Matruh: Entdecken Sie die Giza-Pyramiden, die Sphinx und das Gro\u00dfe \u00c4gyptische Museum (GEM) in einem Tagesausflug.\",\"breadcrumb\":{\"@id\":\"https:\\\/\\\/egytourpackages.com\\\/de\\\/touren\\\/kairo-tagesausflug-ab-marsa-matruh\\\/#breadcrumb\"},\"inLanguage\":\"de\",\"potentialAction\":[{\"@type\":\"ReadAction\",\"target\":[\"https:\\\/\\\/egytourpackages.com\\\/de\\\/touren\\\/kairo-tagesausflug-ab-marsa-matruh\\\/\"]}]},{\"@type\":\"ImageObject\",\"inLanguage\":\"de\",\"@id\":\"https:\\\/\\\/egytourpackages.com\\\/de\\\/touren\\\/kairo-tagesausflug-ab-marsa-matruh\\\/#primaryimage\",\"url\":\"https:\\\/\\\/egytourpackages.com\\\/wp-content\\\/uploads\\\/2025\\\/08\\\/Egyptian-Scribe-GEM.jpeg\",\"contentUrl\":\"https:\\\/\\\/egytourpackages.com\\\/wp-content\\\/uploads\\\/2025\\\/08\\\/Egyptian-Scribe-GEM.jpeg\",\"width\":1600,\"height\":1200,\"caption\":\"\u00c4gyptischer Schreiber, GEM\"},{\"@type\":\"BreadcrumbList\",\"@id\":\"https:\\\/\\\/egytourpackages.com\\\/de\\\/touren\\\/kairo-tagesausflug-ab-marsa-matruh\\\/#breadcrumb\",\"itemListElement\":[{\"@type\":\"ListItem\",\"position\":1,\"name\":\"Startseite\",\"item\":\"https:\\\/\\\/egytourpackages.com\\\/de\\\/\"},{\"@type\":\"ListItem\",\"position\":2,\"name\":\"Shop\",\"item\":\"https:\\\/\\\/egytourpackages.com\\\/de\\\/shop\\\/\"},{\"@type\":\"ListItem\",\"position\":3,\"name\":\"Kairo-Tagesausflug ab Marsa Matruh\"}]},{\"@type\":\"WebSite\",\"@id\":\"https:\\\/\\\/egytourpackages.com\\\/de\\\/#website\",\"url\":\"https:\\\/\\\/egytourpackages.com\\\/de\\\/\",\"name\":\"Egy tour packages\",\"description\":\"\",\"publisher\":{\"@id\":\"https:\\\/\\\/egytourpackages.com\\\/de\\\/#organization\"},\"potentialAction\":[{\"@type\":\"SearchAction\",\"target\":{\"@type\":\"EntryPoint\",\"urlTemplate\":\"https:\\\/\\\/egytourpackages.com\\\/de\\\/?s={search_term_string}\"},\"query-input\":{\"@type\":\"PropertyValueSpecification\",\"valueRequired\":true,\"valueName\":\"search_term_string\"}}],\"inLanguage\":\"de\"},{\"@type\":[\"Organization\",\"Place\",\"TravelAgency\"],\"@id\":\"https:\\\/\\\/egytourpackages.com\\\/de\\\/#organization\",\"name\":\"egypt tour packages\",\"alternateName\":\"egypt tour packages\",\"url\":\"https:\\\/\\\/egytourpackages.com\\\/de\\\/\",\"logo\":{\"@id\":\"https:\\\/\\\/egytourpackages.com\\\/de\\\/touren\\\/kairo-tagesausflug-ab-marsa-matruh\\\/#local-main-organization-logo\"},\"image\":{\"@id\":\"https:\\\/\\\/egytourpackages.com\\\/de\\\/touren\\\/kairo-tagesausflug-ab-marsa-matruh\\\/#local-main-organization-logo\"},\"sameAs\":[\"https:\\\/\\\/www.facebook.com\\\/egytourpackages\"],\"legalName\":\"Egy tour packages\",\"address\":{\"@id\":\"https:\\\/\\\/egytourpackages.com\\\/de\\\/touren\\\/kairo-tagesausflug-ab-marsa-matruh\\\/#local-main-place-address\"},\"telephone\":[\"00201000852186\",\"00201028685533\"],\"contactPoint\":{\"@type\":\"ContactPoint\",\"telephone\":\"00201000852186\"},\"openingHoursSpecification\":[{\"@type\":\"OpeningHoursSpecification\",\"dayOfWeek\":[\"Monday\",\"Tuesday\",\"Wednesday\",\"Thursday\",\"Friday\",\"Saturday\",\"Sunday\"],\"opens\":\"00:00\",\"closes\":\"23:59\"}],\"email\":\"info@egytourpackages.com\",\"areaServed\":\"Cairo, Hurghada, Luxor, Sharm El Sheikh, Marsa Alam, Aswan\",\"priceRange\":\"$\",\"currenciesAccepted\":\"euro\",\"paymentAccepted\":\"Payment links online\"},{\"@type\":\"PostalAddress\",\"@id\":\"https:\\\/\\\/egytourpackages.com\\\/de\\\/touren\\\/kairo-tagesausflug-ab-marsa-matruh\\\/#local-main-place-address\",\"streetAddress\":\"Mubarak 8, Al Kawthar District, Hurghada\",\"addressLocality\":\"Hurghada\",\"postalCode\":\"84511\",\"addressRegion\":\"Red Sea\",\"addressCountry\":\"EG\"},{\"@type\":\"ImageObject\",\"inLanguage\":\"de\",\"@id\":\"https:\\\/\\\/egytourpackages.com\\\/de\\\/touren\\\/kairo-tagesausflug-ab-marsa-matruh\\\/#local-main-organization-logo\",\"url\":\"https:\\\/\\\/egytourpackages.com\\\/wp-content\\\/uploads\\\/2025\\\/12\\\/Turquoise-Dahabiya-Nile-Cruise-1.jpeg\",\"contentUrl\":\"https:\\\/\\\/egytourpackages.com\\\/wp-content\\\/uploads\\\/2025\\\/12\\\/Turquoise-Dahabiya-Nile-Cruise-1.jpeg\",\"width\":1040,\"height\":694,\"caption\":\"egypt tour packages\"}]}<\/script>\n<meta property=\"product:brand\" content=\"\u00c4gypten Tagestouren\" \/>\n<meta property=\"product:price:amount\" content=\"0\" \/>\n<meta property=\"product:price:currency\" content=\"EUR\" \/>\n<meta property=\"og:availability\" content=\"instock\" \/>\n<meta property=\"product:availability\" content=\"instock\" \/>\n<meta property=\"product:retailer_item_id\" content=\"MMT04\" \/>\n<meta property=\"product:condition\" content=\"new\" \/>\n<meta name=\"geo.placename\" content=\"Hurghada\" \/>\n<meta name=\"geo.region\" content=\"\u00c4gypten\" \/>\n<!-- \/ Yoast SEO Premium plugin. -->","yoast_head_json":{"title":"Kairo-Tagesausflug ab Marsa Matruh","description":"Ganzt\u00e4gige Kairo-Tagesausflug ab Marsa Matruh: Entdecken Sie die Giza-Pyramiden, die Sphinx und das Gro\u00dfe \u00c4gyptische Museum (GEM) in einem Tagesausflug.","robots":{"index":"index","follow":"follow","max-snippet":"max-snippet:-1","max-image-preview":"max-image-preview:large","max-video-preview":"max-video-preview:-1"},"canonical":"https:\/\/egytourpackages.com\/de\/touren\/kairo-tagesausflug-ab-marsa-matruh\/","og_locale":"de_DE","og_type":"article","og_title":"Kairo-Tagesausflug ab Marsa Matruh","og_description":"Ganzt\u00e4gige Kairo-Tagesausflug ab Marsa Matruh: Entdecken Sie die Giza-Pyramiden, die Sphinx und das Gro\u00dfe \u00c4gyptische Museum (GEM) in einem Tagesausflug.","og_url":"https:\/\/egytourpackages.com\/de\/touren\/kairo-tagesausflug-ab-marsa-matruh\/","og_site_name":"\u00c4gypten-Reisepakete","article_publisher":"https:\/\/www.facebook.com\/egytourpackages","article_modified_time":"2026-04-07T16:43:20+00:00","og_image":[{"url":"https:\/\/egytourpackages.com\/wp-content\/uploads\/2025\/08\/Egyptian-Scribe-GEM-1024x768.jpeg","type":"","width":"","height":""}],"twitter_card":"summary_large_image","twitter_title":"Kairo-Tagesausflug ab Marsa Matruh","twitter_misc":{"Preis":"&euro;0","Verf\u00fcgbarkeit":"Auf Lager"},"schema":{"@context":"https:\/\/schema.org","@graph":[{"@type":"WebPage","@id":"https:\/\/egytourpackages.com\/de\/touren\/kairo-tagesausflug-ab-marsa-matruh\/","url":"https:\/\/egytourpackages.com\/de\/touren\/kairo-tagesausflug-ab-marsa-matruh\/","name":"Kairo-Tagesausflug ab Marsa Matruh","isPartOf":{"@id":"https:\/\/egytourpackages.com\/de\/#website"},"primaryImageOfPage":{"@id":"https:\/\/egytourpackages.com\/de\/touren\/kairo-tagesausflug-ab-marsa-matruh\/#primaryimage"},"image":{"@id":"https:\/\/egytourpackages.com\/de\/touren\/kairo-tagesausflug-ab-marsa-matruh\/#primaryimage"},"thumbnailUrl":"https:\/\/egytourpackages.com\/wp-content\/uploads\/2025\/08\/Egyptian-Scribe-GEM.jpeg","datePublished":"2025-08-13T04:22:09+00:00","dateModified":"2026-04-07T16:43:20+00:00","description":"Ganzt\u00e4gige Kairo-Tagesausflug ab Marsa Matruh: Entdecken Sie die Giza-Pyramiden, die Sphinx und das Gro\u00dfe \u00c4gyptische Museum (GEM) in einem Tagesausflug.","breadcrumb":{"@id":"https:\/\/egytourpackages.com\/de\/touren\/kairo-tagesausflug-ab-marsa-matruh\/#breadcrumb"},"inLanguage":"de","potentialAction":[{"@type":"ReadAction","target":["https:\/\/egytourpackages.com\/de\/touren\/kairo-tagesausflug-ab-marsa-matruh\/"]}]},{"@type":"ImageObject","inLanguage":"de","@id":"https:\/\/egytourpackages.com\/de\/touren\/kairo-tagesausflug-ab-marsa-matruh\/#primaryimage","url":"https:\/\/egytourpackages.com\/wp-content\/uploads\/2025\/08\/Egyptian-Scribe-GEM.jpeg","contentUrl":"https:\/\/egytourpackages.com\/wp-content\/uploads\/2025\/08\/Egyptian-Scribe-GEM.jpeg","width":1600,"height":1200,"caption":"\u00c4gyptischer Schreiber, GEM"},{"@type":"BreadcrumbList","@id":"https:\/\/egytourpackages.com\/de\/touren\/kairo-tagesausflug-ab-marsa-matruh\/#breadcrumb","itemListElement":[{"@type":"ListItem","position":1,"name":"Startseite","item":"https:\/\/egytourpackages.com\/de\/"},{"@type":"ListItem","position":2,"name":"Shop","item":"https:\/\/egytourpackages.com\/de\/shop\/"},{"@type":"ListItem","position":3,"name":"Kairo-Tagesausflug ab Marsa Matruh"}]},{"@type":"WebSite","@id":"https:\/\/egytourpackages.com\/de\/#website","url":"https:\/\/egytourpackages.com\/de\/","name":"Egy tour packages","description":"","publisher":{"@id":"https:\/\/egytourpackages.com\/de\/#organization"},"potentialAction":[{"@type":"SearchAction","target":{"@type":"EntryPoint","urlTemplate":"https:\/\/egytourpackages.com\/de\/?s={search_term_string}"},"query-input":{"@type":"PropertyValueSpecification","valueRequired":true,"valueName":"search_term_string"}}],"inLanguage":"de"},{"@type":["Organization","Place","TravelAgency"],"@id":"https:\/\/egytourpackages.com\/de\/#organization","name":"egypt tour packages","alternateName":"egypt tour packages","url":"https:\/\/egytourpackages.com\/de\/","logo":{"@id":"https:\/\/egytourpackages.com\/de\/touren\/kairo-tagesausflug-ab-marsa-matruh\/#local-main-organization-logo"},"image":{"@id":"https:\/\/egytourpackages.com\/de\/touren\/kairo-tagesausflug-ab-marsa-matruh\/#local-main-organization-logo"},"sameAs":["https:\/\/www.facebook.com\/egytourpackages"],"legalName":"Egy tour packages","address":{"@id":"https:\/\/egytourpackages.com\/de\/touren\/kairo-tagesausflug-ab-marsa-matruh\/#local-main-place-address"},"telephone":["00201000852186","00201028685533"],"contactPoint":{"@type":"ContactPoint","telephone":"00201000852186"},"openingHoursSpecification":[{"@type":"OpeningHoursSpecification","dayOfWeek":["Monday","Tuesday","Wednesday","Thursday","Friday","Saturday","Sunday"],"opens":"00:00","closes":"23:59"}],"email":"info@egytourpackages.com","areaServed":"Cairo, Hurghada, Luxor, Sharm El Sheikh, Marsa Alam, Aswan","priceRange":"$","currenciesAccepted":"euro","paymentAccepted":"Payment links online"},{"@type":"PostalAddress","@id":"https:\/\/egytourpackages.com\/de\/touren\/kairo-tagesausflug-ab-marsa-matruh\/#local-main-place-address","streetAddress":"Mubarak 8, Al Kawthar District, Hurghada","addressLocality":"Hurghada","postalCode":"84511","addressRegion":"Red Sea","addressCountry":"EG"},{"@type":"ImageObject","inLanguage":"de","@id":"https:\/\/egytourpackages.com\/de\/touren\/kairo-tagesausflug-ab-marsa-matruh\/#local-main-organization-logo","url":"https:\/\/egytourpackages.com\/wp-content\/uploads\/2025\/12\/Turquoise-Dahabiya-Nile-Cruise-1.jpeg","contentUrl":"https:\/\/egytourpackages.com\/wp-content\/uploads\/2025\/12\/Turquoise-Dahabiya-Nile-Cruise-1.jpeg","width":1040,"height":694,"caption":"egypt tour packages"}]},"product_brand":"\u00c4gypten Tagestouren","product_price_currency":"EUR","og_availability":"instock","product_availability":"instock","product_retailer_item_id":"MMT04","product_condition":"new","geo.placename":"Hurghada","geo.region":"\u00c4gypten"},"_links":{"self":[{"href":"https:\/\/egytourpackages.com\/de\/wp-json\/wp\/v2\/product\/5619","targetHints":{"allow":["GET"]}}],"collection":[{"href":"https:\/\/egytourpackages.com\/de\/wp-json\/wp\/v2\/product"}],"about":[{"href":"https:\/\/egytourpackages.com\/de\/wp-json\/wp\/v2\/types\/product"}],"replies":[{"embeddable":true,"href":"https:\/\/egytourpackages.com\/de\/wp-json\/wp\/v2\/comments?post=5619"}],"wp:featuredmedia":[{"embeddable":true,"href":"https:\/\/egytourpackages.com\/de\/wp-json\/wp\/v2\/media\/5616"}],"wp:attachment":[{"href":"https:\/\/egytourpackages.com\/de\/wp-json\/wp\/v2\/media?parent=5619"}],"wp:term":[{"taxonomy":"product_brand","embeddable":true,"href":"https:\/\/egytourpackages.com\/de\/wp-json\/wp\/v2\/product_brand?post=5619"},{"taxonomy":"product_cat","embeddable":true,"href":"https:\/\/egytourpackages.com\/de\/wp-json\/wp\/v2\/product_cat?post=5619"},{"taxonomy":"product_tag","embeddable":true,"href":"https:\/\/egytourpackages.com\/de\/wp-json\/wp\/v2\/product_tag?post=5619"}],"curies":[{"name":"wp","href":"https:\/\/api.w.org\/{rel}","templated":true}]}}