{"id":9704,"date":"2025-10-31T23:10:50","date_gmt":"2025-10-31T23:10:50","guid":{"rendered":"https:\/\/egytourpackages.com\/product\/sahl-hasheesh-wuestensafari-mit-sternenbeobachtung\/"},"modified":"2026-01-28T23:57:04","modified_gmt":"2026-01-28T23:57:04","slug":"sahl-hasheesh-wuestensafari-mit-sternenbeobachtung","status":"publish","type":"product","link":"https:\/\/egytourpackages.com\/de\/touren\/sahl-hasheesh-wuestensafari-mit-sternenbeobachtung\/","title":{"rendered":"Sahl Hasheesh W\u00fcstensafari mit Sternenbeobachtung"},"content":{"rendered":"<p><span style=\"color: #ff6600;\"><strong>Sahl Hasheesh W\u00fcstensafari mit Sternenbeobachtung: Quad, Kamelreiten, Reiten &amp; Dinner-Show<\/strong><\/span><\/p>\n<p>Erleben Sie das ultimative <strong>W\u00fcstenabenteuer in Sahl Hasheesh<\/strong> mit dieser All-inclusive-Abendsafari. Dieses Erlebnis kombiniert den Nervenkitzel einer <strong>Quad-Tour<\/strong>, die Gelassenheit eines <strong>Ausritt zu Pferd<\/strong>, die Tradition eines <strong>Kamel-Trekkings<\/strong>, ein k\u00f6stliches <strong>Beduinen-BBQ-Abendessen<\/strong> und das Wunder der <strong>Sternenbeobachtung<\/strong> durch ein leistungsstarkes Teleskop. Es ist die <strong>beste W\u00fcstensafari von Sahl Hasheesh<\/strong> f\u00fcr eine unvergessliche Nacht unter dem Himmel der <strong>\u00c4gyptischen W\u00fcste<\/strong>.<\/p>\n<h3><span style=\"color: #ff6600;\">Details<\/span><\/h3>\n<ul>\n<li>Dauer: Nachmittagsausflug (insgesamt ca. 5\u20136 Stunden)<\/li>\n<li>Aktivit\u00e4ten: 1 Stunde Quad Fahren, 30 Minuten Kamelreiten, 30 Minuten Ausritt<\/li>\n<li>Verf\u00fcgbarkeit: T\u00e4glich<\/li>\n<li>Sprache: Deutsch<\/li>\n<\/ul>\n<h3><span style=\"color: #ff6600;\">Inklusivleistungen<\/span><\/h3>\n<ul>\n<li>Hin- und R\u00fccktransfer von allen Sahl Hasheesh Hotels im klimatisierten Fahrzeug<\/li>\n<li>1 Stunde Quad Fahren Erlebnis.<\/li>\n<li>30 Minuten Kamelreiten Erlebnis<\/li>\n<li>30 Minuten Ausritt Erlebnis.<\/li>\n<li>BBQ Abendessen<\/li>\n<li>Traditioneller Beduinentee<\/li>\n<li>Folkloreshow<\/li>\n<li>Sternenbeobachtung mit einem professionellen Guide und Teleskop<\/li>\n<li>Sicherheitsausr\u00fcstung (Helme f\u00fcr Quad\/Reiten)<\/li>\n<\/ul>\n<h3><span style=\"color: #ff6600;\">Exklusivleistungen<\/span><\/h3>\n<ul>\n<li>Trinkgelder (Gratuities).<\/li>\n<li>Pers\u00f6nliche Ausgaben.<\/li>\n<li>Foto-\/Videopakete (oft vor Ort k\u00e4uflich erwerbbar).<\/li>\n<li>Schal\/Schutzbrille (k\u00f6nnen oft an der Station gemietet oder gekauft werden).<\/li>\n<\/ul>\n<h2><span style=\"color: #ff6600;\">Reiseverlauf<\/span><\/h2>\n<p>Erleben Sie das ultimative <strong>W\u00fcstenabenteuer in Sahl Hasheesh<\/strong> mit dieser abendf\u00fcllenden <strong>Nacht-Safari<\/strong>. Die Tour ist perfekt darauf ausgelegt, Aktivit\u00e4ten mit hoher Energie mit traditioneller Kultur und astronomischen Wundern zu verbinden und bietet ein wahrhaft einzigartiges Erlebnis mit klaren Ausblicken auf den <strong>Nachthimmel<\/strong>.<\/p>\n<p>Ihr Abenteuer beginnt mit einer bequemen <strong>Hotelabholung<\/strong> von Ihren <strong>Sahl Hasheesh Hotels<\/strong> zwischen 14:00 Uhr, gefolgt von der direkten Fahrt zur Safari-Station, um Ihre adrenalingeladenen Aktivit\u00e4ten zu beginnen.<\/p>\n<p>Die erste Aktivit\u00e4t ist die aufregende <strong>1-st\u00fcndige Quad-Tour<\/strong>. Nach einer Sicherheitseinweisung steigen Sie auf ein leistungsstarkes <strong>Quad-Bike<\/strong>. Anschlie\u00dfend fahren Sie mit Ihrem Guide rasant durch die weite Landschaft der <strong>Rotmeer-W\u00fcste<\/strong> und navigieren durch die aufregenden Sandd\u00fcnen und offenen Ebenen.<\/p>\n<p>Nach dem motorisierten Nervenkitzel erleben Sie die traditionelle Art des Reisens in der W\u00fcste mit dem Reit-Teil der Tour. Dazu geh\u00f6rt ein beschauliches <strong>30-min\u00fctiges Kamelreiten<\/strong>, das ein echtes <strong>Kamel-Trekking<\/strong>-Erlebnis bietet. Unmittelbar danach folgt ein anmutiger <strong>30-min\u00fctiger Ausritt<\/strong> auf einem gut trainierten <strong>Arabischen Pferd<\/strong>. Diese Kombination sorgt daf\u00fcr, dass Sie die beste W\u00fcstenmobilit\u00e4t erleben.<\/p>\n<p>Sobald die Sonne untergeht, erreichen Sie ein traditionelles <strong>Beduinenzelt<\/strong>. Hier werden Sie mit authentischem <strong>Beduinentee<\/strong> begr\u00fc\u00dft und haben die Gelegenheit, atemberaubende Fotos vom <strong>W\u00fcsten-Sonnenuntergang<\/strong> zu machen, w\u00e4hrend die Farben die Berge beleuchten.<\/p>\n<p>Der Abend geht weiter mit einem Festmahl und einer Feier. Sie genie\u00dfen ein k\u00f6stliches <strong>Beduinen-BBQ-Abendessen<\/strong> \u2013 ein offenes Buffet mit lokalen Spezialit\u00e4ten \u2013, das unter freiem Himmel serviert wird. Nach dem Abendessen wird eine lebhafte <strong>Folkloreshow<\/strong> aufgef\u00fchrt. Sie pr\u00e4sentiert traditionelle Folklore, Musik und den faszinierenden <strong>Tanoura-Tanz<\/strong>.<\/p>\n<h3><span style=\"color: #ff6600;\">Sternenbeobachtung<\/span><\/h3>\n<p>Der kr\u00f6nende Abschluss ist die <strong>Sternenbeobachtungstour<\/strong>. Weit entfernt von jeglicher Lichtverschmutzung der Stadt leitet ein professioneller <strong>Astronomie-Guide<\/strong> eine Sitzung der Himmelsbeobachtung. Mithilfe eines leistungsstarken <strong>Teleskops<\/strong> beobachten Sie sichtbare Planeten, ferne Sterne und verschiedene <strong>Sternbilder<\/strong>. Erfahren Sie mehr \u00fcber das Universum und die Mythen des <strong>Nachthimmels<\/strong>.<\/p>\n<p>Zum Schluss endet Ihre umfassende <strong>Sahl Hasheesh W\u00fcstensafari<\/strong> mit einem bequemen Transfer zur\u00fcck zu Ihren <strong>Sahl Hasheesh Hotels<\/strong> gegen 21:30 Uhr.<\/p>\n<h2><span style=\"color: #ff6600;\">FAQ<\/span><\/h2>\n<h3><span style=\"color: #ff6600;\">Was macht das Sternenbeobachtungserlebnis in Sahl Hasheesh im Vergleich zur K\u00fcstenansicht so einzigartig?<\/span><\/h3>\n<p>Die Sternenbeobachtungstour wird tief in der W\u00fcste durchgef\u00fchrt, um der Lichtverschmutzung der Resorts zu entfliehen. Dies garantiert einen dramatisch klareren Nachthimmel. Ein erfahrener Astronomie-Guide verwendet ein professionelles Teleskop, um Ihnen bei der Identifizierung von Planeten und Sternbildern zu helfen. Diese sind von der K\u00fcste aus in der Regel unsichtbar. Die Tour bietet einen immersiven Blick in den Kosmos.<\/p>\n<h3><span style=\"color: #ff6600;\">Wie sind die verschiedenen W\u00fcstenaktivit\u00e4ten strukturiert und worauf liegt der Hauptfokus jedes Teils?<\/span><\/h3>\n<p>Die Sahl Hasheesh W\u00fcstensafari balanciert Adrenalin und Tradition. Der erste Teil ist energiereich und beinhaltet eine 1-st\u00fcndige Quad-Tour, bei der Sie auf einem Quad-Bike durch die Sandd\u00fcnen navigieren. Der zweite Teil besteht aus dem authentischen Kamel-Trekking und dem kurzen Ausritt zu Pferd (jeweils 30 Minuten). Dies bietet ein klassisches, gelassenes W\u00fcstenerlebnis, bevor Sie sich f\u00fcr den Abend im Beduinendorf niederlassen.<\/p>\n","protected":false},"excerpt":{"rendered":"<p>Sahl Hasheesh W\u00fcstensafari mit Sternenbeobachtung: Quad, Kamelritt, Reiten und Beduinen BBQ. Buchen Sie das beste W\u00fcstenabenteuer in \u00c4gypten!<\/p>\n","protected":false},"featured_media":8916,"comment_status":"closed","ping_status":"closed","template":"","meta":[],"product_brand":[],"product_cat":[1494],"product_tag":[1495,1546],"class_list":{"0":"post-9704","1":"product","2":"type-product","3":"status-publish","4":"has-post-thumbnail","6":"product_cat-touren","7":"product_tag-agypten-tagestouren","8":"product_tag-sahl-hasheesh-ausfluge","9":"tour_category-agypten-tagestouren","10":"tour_category-hurghada-wustensafari-touren","11":"tour_category-sahl-hasheesh-ausfluge","13":"first","14":"instock","15":"sale","16":"shipping-taxable","17":"purchasable","18":"product-type-tour"},"yoast_head":"<!-- This site is optimized with the Yoast SEO Premium plugin v27.4 (Yoast SEO v27.4) - https:\/\/yoast.com\/product\/yoast-seo-premium-wordpress\/ -->\n<title>Sahl Hasheesh W\u00fcstensafari mit Sternenbeobachtung<\/title>\n<meta name=\"description\" content=\"Sahl Hasheesh W\u00fcstensafari mit Sternenbeobachtung: Quad, Kamelritt, Reiten und Beduinen BBQ. Buchen Sie das beste W\u00fcstenabenteuer in \u00c4gypten!\" \/>\n<meta name=\"robots\" content=\"index, follow, max-snippet:-1, max-image-preview:large, max-video-preview:-1\" \/>\n<link rel=\"canonical\" href=\"https:\/\/egytourpackages.com\/de\/touren\/sahl-hasheesh-wuestensafari-mit-sternenbeobachtung\/\" \/>\n<meta property=\"og:locale\" content=\"de_DE\" \/>\n<meta property=\"og:type\" content=\"article\" \/>\n<meta property=\"og:title\" content=\"Sahl Hasheesh W\u00fcstensafari mit Sternenbeobachtung\" \/>\n<meta property=\"og:description\" content=\"Sahl Hasheesh W\u00fcstensafari mit Sternenbeobachtung: Quad, Kamelritt, Reiten und Beduinen BBQ. Buchen Sie das beste W\u00fcstenabenteuer in \u00c4gypten!\" \/>\n<meta property=\"og:url\" content=\"https:\/\/egytourpackages.com\/de\/touren\/sahl-hasheesh-wuestensafari-mit-sternenbeobachtung\/\" \/>\n<meta property=\"og:site_name\" content=\"\u00c4gypten-Reisepakete\" \/>\n<meta property=\"article:publisher\" content=\"https:\/\/www.facebook.com\/egytourpackages\" \/>\n<meta property=\"article:modified_time\" content=\"2026-01-28T23:57:04+00:00\" \/>\n<meta property=\"og:image\" content=\"https:\/\/egytourpackages.com\/wp-content\/uploads\/2025\/10\/Camel-ride-from-Sahl-Hasheesh.jpeg\" \/>\n\t<meta property=\"og:image:width\" content=\"1550\" \/>\n\t<meta property=\"og:image:height\" content=\"697\" \/>\n\t<meta property=\"og:image:type\" content=\"image\/jpeg\" \/>\n<meta name=\"twitter:card\" content=\"summary_large_image\" \/>\n<meta name=\"twitter:title\" content=\"Sahl Hasheesh W\u00fcstensafari mit Sternenbeobachtung\" \/>\n<meta name=\"twitter:label1\" content=\"Preis\" \/>\n\t<meta name=\"twitter:data1\" content=\"&euro;50\" \/>\n\t<meta name=\"twitter:label2\" content=\"Verf\u00fcgbarkeit\" \/>\n\t<meta name=\"twitter:data2\" content=\"Auf Lager\" \/>\n<script type=\"application\/ld+json\" class=\"yoast-schema-graph\">{\"@context\":\"https:\\\/\\\/schema.org\",\"@graph\":[{\"@type\":\"WebPage\",\"@id\":\"https:\\\/\\\/egytourpackages.com\\\/de\\\/touren\\\/sahl-hasheesh-wuestensafari-mit-sternenbeobachtung\\\/\",\"url\":\"https:\\\/\\\/egytourpackages.com\\\/de\\\/touren\\\/sahl-hasheesh-wuestensafari-mit-sternenbeobachtung\\\/\",\"name\":\"Sahl Hasheesh W\u00fcstensafari mit Sternenbeobachtung\",\"isPartOf\":{\"@id\":\"https:\\\/\\\/egytourpackages.com\\\/de\\\/#website\"},\"primaryImageOfPage\":{\"@id\":\"https:\\\/\\\/egytourpackages.com\\\/de\\\/touren\\\/sahl-hasheesh-wuestensafari-mit-sternenbeobachtung\\\/#primaryimage\"},\"image\":{\"@id\":\"https:\\\/\\\/egytourpackages.com\\\/de\\\/touren\\\/sahl-hasheesh-wuestensafari-mit-sternenbeobachtung\\\/#primaryimage\"},\"thumbnailUrl\":\"https:\\\/\\\/egytourpackages.com\\\/wp-content\\\/uploads\\\/2025\\\/10\\\/Camel-ride-from-Sahl-Hasheesh.jpeg\",\"datePublished\":\"2025-10-31T23:10:50+00:00\",\"dateModified\":\"2026-01-28T23:57:04+00:00\",\"description\":\"Sahl Hasheesh W\u00fcstensafari mit Sternenbeobachtung: Quad, Kamelritt, Reiten und Beduinen BBQ. Buchen Sie das beste W\u00fcstenabenteuer in \u00c4gypten!\",\"breadcrumb\":{\"@id\":\"https:\\\/\\\/egytourpackages.com\\\/de\\\/touren\\\/sahl-hasheesh-wuestensafari-mit-sternenbeobachtung\\\/#breadcrumb\"},\"inLanguage\":\"de\",\"potentialAction\":[{\"@type\":\"ReadAction\",\"target\":[\"https:\\\/\\\/egytourpackages.com\\\/de\\\/touren\\\/sahl-hasheesh-wuestensafari-mit-sternenbeobachtung\\\/\"]}]},{\"@type\":\"ImageObject\",\"inLanguage\":\"de\",\"@id\":\"https:\\\/\\\/egytourpackages.com\\\/de\\\/touren\\\/sahl-hasheesh-wuestensafari-mit-sternenbeobachtung\\\/#primaryimage\",\"url\":\"https:\\\/\\\/egytourpackages.com\\\/wp-content\\\/uploads\\\/2025\\\/10\\\/Camel-ride-from-Sahl-Hasheesh.jpeg\",\"contentUrl\":\"https:\\\/\\\/egytourpackages.com\\\/wp-content\\\/uploads\\\/2025\\\/10\\\/Camel-ride-from-Sahl-Hasheesh.jpeg\",\"width\":1550,\"height\":697,\"caption\":\"Kamelritt von Sahl Hasheesh\"},{\"@type\":\"BreadcrumbList\",\"@id\":\"https:\\\/\\\/egytourpackages.com\\\/de\\\/touren\\\/sahl-hasheesh-wuestensafari-mit-sternenbeobachtung\\\/#breadcrumb\",\"itemListElement\":[{\"@type\":\"ListItem\",\"position\":1,\"name\":\"Startseite\",\"item\":\"https:\\\/\\\/egytourpackages.com\\\/de\\\/\"},{\"@type\":\"ListItem\",\"position\":2,\"name\":\"Shop\",\"item\":\"https:\\\/\\\/egytourpackages.com\\\/de\\\/shop\\\/\"},{\"@type\":\"ListItem\",\"position\":3,\"name\":\"Sahl Hasheesh W\u00fcstensafari mit Sternenbeobachtung\"}]},{\"@type\":\"WebSite\",\"@id\":\"https:\\\/\\\/egytourpackages.com\\\/de\\\/#website\",\"url\":\"https:\\\/\\\/egytourpackages.com\\\/de\\\/\",\"name\":\"Egy tour packages\",\"description\":\"\",\"publisher\":{\"@id\":\"https:\\\/\\\/egytourpackages.com\\\/de\\\/#organization\"},\"potentialAction\":[{\"@type\":\"SearchAction\",\"target\":{\"@type\":\"EntryPoint\",\"urlTemplate\":\"https:\\\/\\\/egytourpackages.com\\\/de\\\/?s={search_term_string}\"},\"query-input\":{\"@type\":\"PropertyValueSpecification\",\"valueRequired\":true,\"valueName\":\"search_term_string\"}}],\"inLanguage\":\"de\"},{\"@type\":[\"Organization\",\"Place\",\"TravelAgency\"],\"@id\":\"https:\\\/\\\/egytourpackages.com\\\/de\\\/#organization\",\"name\":\"egypt tour packages\",\"alternateName\":\"egypt tour packages\",\"url\":\"https:\\\/\\\/egytourpackages.com\\\/de\\\/\",\"logo\":{\"@id\":\"https:\\\/\\\/egytourpackages.com\\\/de\\\/touren\\\/sahl-hasheesh-wuestensafari-mit-sternenbeobachtung\\\/#local-main-organization-logo\"},\"image\":{\"@id\":\"https:\\\/\\\/egytourpackages.com\\\/de\\\/touren\\\/sahl-hasheesh-wuestensafari-mit-sternenbeobachtung\\\/#local-main-organization-logo\"},\"sameAs\":[\"https:\\\/\\\/www.facebook.com\\\/egytourpackages\"],\"legalName\":\"Egy tour packages\",\"address\":{\"@id\":\"https:\\\/\\\/egytourpackages.com\\\/de\\\/touren\\\/sahl-hasheesh-wuestensafari-mit-sternenbeobachtung\\\/#local-main-place-address\"},\"telephone\":[\"00201000852186\",\"00201028685533\"],\"contactPoint\":{\"@type\":\"ContactPoint\",\"telephone\":\"00201000852186\"},\"openingHoursSpecification\":[{\"@type\":\"OpeningHoursSpecification\",\"dayOfWeek\":[\"Monday\",\"Tuesday\",\"Wednesday\",\"Thursday\",\"Friday\",\"Saturday\",\"Sunday\"],\"opens\":\"00:00\",\"closes\":\"23:59\"}],\"email\":\"info@egytourpackages.com\",\"areaServed\":\"Cairo, Hurghada, Luxor, Sharm El Sheikh, Marsa Alam, Aswan\",\"priceRange\":\"$\",\"currenciesAccepted\":\"euro\",\"paymentAccepted\":\"Payment links online\"},{\"@type\":\"PostalAddress\",\"@id\":\"https:\\\/\\\/egytourpackages.com\\\/de\\\/touren\\\/sahl-hasheesh-wuestensafari-mit-sternenbeobachtung\\\/#local-main-place-address\",\"streetAddress\":\"Mubarak 8, Al Kawthar District, Hurghada\",\"addressLocality\":\"Hurghada\",\"postalCode\":\"84511\",\"addressRegion\":\"Red Sea\",\"addressCountry\":\"EG\"},{\"@type\":\"ImageObject\",\"inLanguage\":\"de\",\"@id\":\"https:\\\/\\\/egytourpackages.com\\\/de\\\/touren\\\/sahl-hasheesh-wuestensafari-mit-sternenbeobachtung\\\/#local-main-organization-logo\",\"url\":\"https:\\\/\\\/egytourpackages.com\\\/wp-content\\\/uploads\\\/2025\\\/12\\\/Turquoise-Dahabiya-Nile-Cruise-1.jpeg\",\"contentUrl\":\"https:\\\/\\\/egytourpackages.com\\\/wp-content\\\/uploads\\\/2025\\\/12\\\/Turquoise-Dahabiya-Nile-Cruise-1.jpeg\",\"width\":1040,\"height\":694,\"caption\":\"egypt tour packages\"}]}<\/script>\n<meta property=\"product:brand\" content=\"\u00c4gypten Tagestouren\" \/>\n<meta property=\"product:price:amount\" content=\"50\" \/>\n<meta property=\"product:price:currency\" content=\"EUR\" \/>\n<meta property=\"og:availability\" content=\"instock\" \/>\n<meta property=\"product:availability\" content=\"instock\" \/>\n<meta property=\"product:retailer_item_id\" content=\"SHDT07\" \/>\n<meta property=\"product:condition\" content=\"new\" \/>\n<meta name=\"geo.placename\" content=\"Hurghada\" \/>\n<meta name=\"geo.region\" content=\"\u00c4gypten\" \/>\n<!-- \/ Yoast SEO Premium plugin. -->","yoast_head_json":{"title":"Sahl Hasheesh W\u00fcstensafari mit Sternenbeobachtung","description":"Sahl Hasheesh W\u00fcstensafari mit Sternenbeobachtung: Quad, Kamelritt, Reiten und Beduinen BBQ. Buchen Sie das beste W\u00fcstenabenteuer in \u00c4gypten!","robots":{"index":"index","follow":"follow","max-snippet":"max-snippet:-1","max-image-preview":"max-image-preview:large","max-video-preview":"max-video-preview:-1"},"canonical":"https:\/\/egytourpackages.com\/de\/touren\/sahl-hasheesh-wuestensafari-mit-sternenbeobachtung\/","og_locale":"de_DE","og_type":"article","og_title":"Sahl Hasheesh W\u00fcstensafari mit Sternenbeobachtung","og_description":"Sahl Hasheesh W\u00fcstensafari mit Sternenbeobachtung: Quad, Kamelritt, Reiten und Beduinen BBQ. Buchen Sie das beste W\u00fcstenabenteuer in \u00c4gypten!","og_url":"https:\/\/egytourpackages.com\/de\/touren\/sahl-hasheesh-wuestensafari-mit-sternenbeobachtung\/","og_site_name":"\u00c4gypten-Reisepakete","article_publisher":"https:\/\/www.facebook.com\/egytourpackages","article_modified_time":"2026-01-28T23:57:04+00:00","og_image":[{"width":1550,"height":697,"url":"https:\/\/egytourpackages.com\/wp-content\/uploads\/2025\/10\/Camel-ride-from-Sahl-Hasheesh.jpeg","type":"image\/jpeg"}],"twitter_card":"summary_large_image","twitter_title":"Sahl Hasheesh W\u00fcstensafari mit Sternenbeobachtung","twitter_misc":{"Preis":"&euro;50","Verf\u00fcgbarkeit":"Auf Lager"},"schema":{"@context":"https:\/\/schema.org","@graph":[{"@type":"WebPage","@id":"https:\/\/egytourpackages.com\/de\/touren\/sahl-hasheesh-wuestensafari-mit-sternenbeobachtung\/","url":"https:\/\/egytourpackages.com\/de\/touren\/sahl-hasheesh-wuestensafari-mit-sternenbeobachtung\/","name":"Sahl Hasheesh W\u00fcstensafari mit Sternenbeobachtung","isPartOf":{"@id":"https:\/\/egytourpackages.com\/de\/#website"},"primaryImageOfPage":{"@id":"https:\/\/egytourpackages.com\/de\/touren\/sahl-hasheesh-wuestensafari-mit-sternenbeobachtung\/#primaryimage"},"image":{"@id":"https:\/\/egytourpackages.com\/de\/touren\/sahl-hasheesh-wuestensafari-mit-sternenbeobachtung\/#primaryimage"},"thumbnailUrl":"https:\/\/egytourpackages.com\/wp-content\/uploads\/2025\/10\/Camel-ride-from-Sahl-Hasheesh.jpeg","datePublished":"2025-10-31T23:10:50+00:00","dateModified":"2026-01-28T23:57:04+00:00","description":"Sahl Hasheesh W\u00fcstensafari mit Sternenbeobachtung: Quad, Kamelritt, Reiten und Beduinen BBQ. Buchen Sie das beste W\u00fcstenabenteuer in \u00c4gypten!","breadcrumb":{"@id":"https:\/\/egytourpackages.com\/de\/touren\/sahl-hasheesh-wuestensafari-mit-sternenbeobachtung\/#breadcrumb"},"inLanguage":"de","potentialAction":[{"@type":"ReadAction","target":["https:\/\/egytourpackages.com\/de\/touren\/sahl-hasheesh-wuestensafari-mit-sternenbeobachtung\/"]}]},{"@type":"ImageObject","inLanguage":"de","@id":"https:\/\/egytourpackages.com\/de\/touren\/sahl-hasheesh-wuestensafari-mit-sternenbeobachtung\/#primaryimage","url":"https:\/\/egytourpackages.com\/wp-content\/uploads\/2025\/10\/Camel-ride-from-Sahl-Hasheesh.jpeg","contentUrl":"https:\/\/egytourpackages.com\/wp-content\/uploads\/2025\/10\/Camel-ride-from-Sahl-Hasheesh.jpeg","width":1550,"height":697,"caption":"Kamelritt von Sahl Hasheesh"},{"@type":"BreadcrumbList","@id":"https:\/\/egytourpackages.com\/de\/touren\/sahl-hasheesh-wuestensafari-mit-sternenbeobachtung\/#breadcrumb","itemListElement":[{"@type":"ListItem","position":1,"name":"Startseite","item":"https:\/\/egytourpackages.com\/de\/"},{"@type":"ListItem","position":2,"name":"Shop","item":"https:\/\/egytourpackages.com\/de\/shop\/"},{"@type":"ListItem","position":3,"name":"Sahl Hasheesh W\u00fcstensafari mit Sternenbeobachtung"}]},{"@type":"WebSite","@id":"https:\/\/egytourpackages.com\/de\/#website","url":"https:\/\/egytourpackages.com\/de\/","name":"Egy tour packages","description":"","publisher":{"@id":"https:\/\/egytourpackages.com\/de\/#organization"},"potentialAction":[{"@type":"SearchAction","target":{"@type":"EntryPoint","urlTemplate":"https:\/\/egytourpackages.com\/de\/?s={search_term_string}"},"query-input":{"@type":"PropertyValueSpecification","valueRequired":true,"valueName":"search_term_string"}}],"inLanguage":"de"},{"@type":["Organization","Place","TravelAgency"],"@id":"https:\/\/egytourpackages.com\/de\/#organization","name":"egypt tour packages","alternateName":"egypt tour packages","url":"https:\/\/egytourpackages.com\/de\/","logo":{"@id":"https:\/\/egytourpackages.com\/de\/touren\/sahl-hasheesh-wuestensafari-mit-sternenbeobachtung\/#local-main-organization-logo"},"image":{"@id":"https:\/\/egytourpackages.com\/de\/touren\/sahl-hasheesh-wuestensafari-mit-sternenbeobachtung\/#local-main-organization-logo"},"sameAs":["https:\/\/www.facebook.com\/egytourpackages"],"legalName":"Egy tour packages","address":{"@id":"https:\/\/egytourpackages.com\/de\/touren\/sahl-hasheesh-wuestensafari-mit-sternenbeobachtung\/#local-main-place-address"},"telephone":["00201000852186","00201028685533"],"contactPoint":{"@type":"ContactPoint","telephone":"00201000852186"},"openingHoursSpecification":[{"@type":"OpeningHoursSpecification","dayOfWeek":["Monday","Tuesday","Wednesday","Thursday","Friday","Saturday","Sunday"],"opens":"00:00","closes":"23:59"}],"email":"info@egytourpackages.com","areaServed":"Cairo, Hurghada, Luxor, Sharm El Sheikh, Marsa Alam, Aswan","priceRange":"$","currenciesAccepted":"euro","paymentAccepted":"Payment links online"},{"@type":"PostalAddress","@id":"https:\/\/egytourpackages.com\/de\/touren\/sahl-hasheesh-wuestensafari-mit-sternenbeobachtung\/#local-main-place-address","streetAddress":"Mubarak 8, Al Kawthar District, Hurghada","addressLocality":"Hurghada","postalCode":"84511","addressRegion":"Red Sea","addressCountry":"EG"},{"@type":"ImageObject","inLanguage":"de","@id":"https:\/\/egytourpackages.com\/de\/touren\/sahl-hasheesh-wuestensafari-mit-sternenbeobachtung\/#local-main-organization-logo","url":"https:\/\/egytourpackages.com\/wp-content\/uploads\/2025\/12\/Turquoise-Dahabiya-Nile-Cruise-1.jpeg","contentUrl":"https:\/\/egytourpackages.com\/wp-content\/uploads\/2025\/12\/Turquoise-Dahabiya-Nile-Cruise-1.jpeg","width":1040,"height":694,"caption":"egypt tour packages"}]},"product_brand":"\u00c4gypten Tagestouren","product_price_amount":"50","product_price_currency":"EUR","og_availability":"instock","product_availability":"instock","product_retailer_item_id":"SHDT07","product_condition":"new","geo.placename":"Hurghada","geo.region":"\u00c4gypten"},"_links":{"self":[{"href":"https:\/\/egytourpackages.com\/de\/wp-json\/wp\/v2\/product\/9704","targetHints":{"allow":["GET"]}}],"collection":[{"href":"https:\/\/egytourpackages.com\/de\/wp-json\/wp\/v2\/product"}],"about":[{"href":"https:\/\/egytourpackages.com\/de\/wp-json\/wp\/v2\/types\/product"}],"replies":[{"embeddable":true,"href":"https:\/\/egytourpackages.com\/de\/wp-json\/wp\/v2\/comments?post=9704"}],"wp:featuredmedia":[{"embeddable":true,"href":"https:\/\/egytourpackages.com\/de\/wp-json\/wp\/v2\/media\/8916"}],"wp:attachment":[{"href":"https:\/\/egytourpackages.com\/de\/wp-json\/wp\/v2\/media?parent=9704"}],"wp:term":[{"taxonomy":"product_brand","embeddable":true,"href":"https:\/\/egytourpackages.com\/de\/wp-json\/wp\/v2\/product_brand?post=9704"},{"taxonomy":"product_cat","embeddable":true,"href":"https:\/\/egytourpackages.com\/de\/wp-json\/wp\/v2\/product_cat?post=9704"},{"taxonomy":"product_tag","embeddable":true,"href":"https:\/\/egytourpackages.com\/de\/wp-json\/wp\/v2\/product_tag?post=9704"}],"curies":[{"name":"wp","href":"https:\/\/api.w.org\/{rel}","templated":true}]}}