{"id":10074,"date":"2023-07-27T00:03:11","date_gmt":"2023-07-27T00:03:11","guid":{"rendered":"https:\/\/egytourpackages.com\/product\/excursiones-a-el-cairo-desde-sahl-hasheesh\/"},"modified":"2026-01-28T21:00:30","modified_gmt":"2026-01-28T21:00:30","slug":"excursiones-a-el-cairo-desde-sahl-hasheesh","status":"publish","type":"product","link":"https:\/\/egytourpackages.com\/es\/tours\/excursiones-a-el-cairo-desde-sahl-hasheesh\/","title":{"rendered":"Excursiones a El Cairo desde Sahl Hasheesh"},"content":{"rendered":"<p><span style=\"color: #ff6600;\"><strong>Excursiones a El Cairo desde Sahl Hasheesh: Pir\u00e1mides y Museo Egipcio<\/strong><\/span><\/p>\n<p>Emb\u00e1rquese en una <strong>inolvidable excursi\u00f3n privada de un d\u00eda a El Cairo desde Sahl Hasheesh<\/strong>, considerada una de las <strong>mejores excursiones desde Sahl Hasheesh<\/strong>. Este exclusivo <strong>tour de un d\u00eda a Egipto<\/strong> ofrece una forma de lujo para explorar los <strong>lugares m\u00e1s destacados de El Cairo<\/strong>.<\/p>\n<p>De hecho, el viaje se centra en las <strong>atracciones m\u00e1s ic\u00f3nicas de El Cairo<\/strong>, comenzando con el impresionante <strong>Complejo de las Pir\u00e1mides de Giza<\/strong>.<\/p>\n<p>Marav\u00edllese ante la <strong>Gran Pir\u00e1mide de Keops (Khufu)<\/strong>, la <strong>Pir\u00e1mide de Kefr\u00e9n<\/strong> y la <strong>Pir\u00e1mide de Micerino<\/strong>, verdaderas <strong>maravillas antiguas<\/strong>. P\u00f3ngase de pie frente a la enigm\u00e1tica <strong>Gran Esfinge<\/strong>, guardiana de la meseta.<\/p>\n<p>Despu\u00e9s de su monumental visita, disfrute de un delicioso <strong>almuerzo en un restaurante local<\/strong>. M\u00e1s tarde, contin\u00fae su viaje a la historia en el <strong>Gran Museo Egipcio (GEM)<\/strong>, ahora el <strong>museo arqueol\u00f3gico m\u00e1s grande del mundo<\/strong>.<\/p>\n<p>Aqu\u00ed, quedar\u00e1 cautivado por los <strong>tesoros de Tutankam\u00f3n<\/strong> sin igual, incluida su famosa <strong>M\u00e1scara de Oro del Rey Tut<\/strong>, expuestos en su totalidad. Este <strong>tour privado<\/strong> garantiza una exploraci\u00f3n c\u00f3moda, perspicaz y completa de los <strong>lugares hist\u00f3ricos y culturales<\/strong> m\u00e1s significativos de El Cairo.<\/p>\n<h3><span style=\"color: #ff6600;\">Detalles<\/span><\/h3>\n<ul>\n<li>Duraci\u00f3n: 18 horas<\/li>\n<li>Ubicaci\u00f3n del Tour: Giza y El Cairo<\/li>\n<li>Disponibilidad del Tour:Todos los d\u00edas<\/li>\n<li>Recogida y Regreso: Hoteles de Sahl Hasheesh<\/li>\n<li>Tipo de Tour: Privado<\/li>\n<li>Idioma: Espa\u00f1ol<\/li>\n<li>Silla de Ruedas: Accesible<\/li>\n<\/ul>\n<h3><span style=\"color: #ff6600;\">Puntos Destacados del Tour<\/span><\/h3>\n<ul>\n<li>Pir\u00e1mides de Giza<\/li>\n<li>La Gran Esfinge<\/li>\n<li>Templo del Valle<\/li>\n<li>Tumbas de los Constructores de Pir\u00e1mides<\/li>\n<li>El Gran Museo Egipcio (GEM)<\/li>\n<\/ul>\n<h3><span style=\"color: #ff6600;\">Inclusiones<\/span><\/h3>\n<ul>\n<li>Traslado de ida y vuelta con veh\u00edculo nuevo con aire acondicionado<\/li>\n<li>Entradas a todos los lugares de inter\u00e9s<\/li>\n<li>Gu\u00eda tur\u00edstico egipt\u00f3logo que habla espa\u00f1ol<\/li>\n<li>Almuerzo<\/li>\n<\/ul>\n<h3><span style=\"color: #ff6600;\">Exclusiones<\/span><\/h3>\n<ul>\n<li>Bebidas durante la comida del almuerzo<\/li>\n<li>Entrada a la Pir\u00e1mide de Keops y la Pir\u00e1mide de Kefr\u00e9n<\/li>\n<li>Propinas<\/li>\n<\/ul>\n<h3><span style=\"color: #ff6600;\">Qu\u00e9 Empacar<\/span><\/h3>\n<ul>\n<li>Zapatos y ropa c\u00f3modos, especialmente en verano<\/li>\n<li>Ropa abrigadora en invierno<\/li>\n<li>Gafas de sol. Sombrero o pa\u00f1uelo<\/li>\n<li>Crema solar en verano<\/li>\n<\/ul>\n<h2><span style=\"color: #ff6600;\">Itinerario<\/span><\/h2>\n<h3><span style=\"color: #ff6600;\">Recogida en el Hotel<\/span><\/h3>\n<p><strong>02:00 am<\/strong> Su gu\u00eda lo recoger\u00e1 en la recepci\u00f3n de su hotel.<\/p>\n<h3><span style=\"color: #ff6600;\">Pausa para el Caf\u00e9<\/span><\/h3>\n<p><strong>06:00 am<\/strong> Disfrute de un breve descanso en el sal\u00f3n Zaafarana para tomar su desayuno y usar el ba\u00f1o (10 L.E por persona).<\/p>\n<h3><span style=\"color: #ff6600;\">Complejo de las Pir\u00e1mides de Giza<\/span><\/h3>\n<p><strong>09:00 am<\/strong> Comenzar\u00e1 su <strong>excursi\u00f3n de un d\u00eda a El Cairo<\/strong> en la orilla oeste del Nilo, donde visitar\u00e1 la <strong>meseta de Giza<\/strong>. Las Pir\u00e1mides son la \u00fanica <strong>Maravilla del Mundo Antiguo<\/strong> que queda y un <strong>Sitio de Patrimonio Mundial de la UNESCO<\/strong>, que ofrece una oportunidad inolvidable de explorar los <strong>misterios y lugares emblem\u00e1ticos<\/strong>.<\/p>\n<p>De hecho, su exploraci\u00f3n comienza con la <strong>Gran Pir\u00e1mide de Keops (Khufu)<\/strong>, la m\u00e1s grande y antigua de las tres. Cerca de all\u00ed, se encontrar\u00e1 con la <strong>Pir\u00e1mide de Kefr\u00e9n (Khafre)<\/strong>, distintiva por las piedras de revestimiento que le quedan.<\/p>\n<p>Luego, la <strong>Pir\u00e1mide de Micerino<\/strong>, m\u00e1s peque\u00f1a pero significativa, ambas a\u00f1adiendo al espectacular panorama de la meseta.<\/p>\n<p>Profundice en la <strong>necr\u00f3polis real<\/strong> visitando las <strong>Pir\u00e1mides de las Reinas<\/strong>, en particular el intrigante sitio asociado con la <strong>Pir\u00e1mide de Hetepheres<\/strong>, madre de Khufu, cuyo contenido de la tumba intacta proporcion\u00f3 informaci\u00f3n invaluable sobre las <strong>pr\u00e1cticas funerarias del Reino Antiguo<\/strong>.<\/p>\n<p>Sea testigo de los fascinantes <strong>Fosos de Barcos<\/strong>, donde descubrieron el <strong>Barco de Keops<\/strong> (Barco Solar) notablemente conservado, una embarcaci\u00f3n ceremonial que se cree que transportaba al fara\u00f3n en el m\u00e1s all\u00e1 (ahora albergado en el Gran Museo Egipcio).<\/p>\n<p>Obtenga una perspectiva \u00fanica sobre la construcci\u00f3n monumental explorando las <strong>Tumbas de los Constructores de Pir\u00e1mides<\/strong>, que ofrecen un vistazo a la vida y organizaci\u00f3n de los <strong>artesanos cualificados<\/strong> que construyeron estas maravillas.<\/p>\n<p>A continuaci\u00f3n, visite el <strong>Templo del Valle<\/strong>, tambi\u00e9n conocido como el <strong>Templo de la Momificaci\u00f3n<\/strong>, una parte crucial del complejo funerario donde el cuerpo del fara\u00f3n era preparado para la eternidad.<\/p>\n<p>Finalmente, p\u00f3ngase de pie ante la enigm\u00e1tica <strong>Gran Esfinge<\/strong>, la colosal estatua mitad le\u00f3n, mitad humana que custodia la meseta. Entre sus patas se encuentra la <strong>Estela del Sue\u00f1o de Tutmosis IV<\/strong>, una inscripci\u00f3n significativa que relata el <strong>sue\u00f1o divino<\/strong> del fara\u00f3n que condujo a la restauraci\u00f3n de la Esfinge y solidific\u00f3 su reclamo al trono.<\/p>\n<h3><span style=\"color: #ff6600;\">12:00 pm Almuerzo<\/span><\/h3>\n<p>Disfrute de su <strong>almuerzo en un restaurante local<\/strong> con disponibilidad de una opci\u00f3n vegetariana.<\/p>\n<h3><span style=\"color: #ff6600;\">13:00 pm El Gran Museo Egipcio (GEM)<\/span><\/h3>\n<p>El <strong>Gran Museo Egipcio (GEM)<\/strong> es el <strong>museo arqueol\u00f3gico m\u00e1s grande del mundo<\/strong> y una <strong>atracci\u00f3n imprescindible<\/strong> cerca de las Pir\u00e1mides de Giza.<\/p>\n<p>A su llegada, ser\u00e1 recibido por el impactante <strong>Obelisco Colgante<\/strong>, un testimonio de la ingenier\u00eda moderna que integra bellamente los artefactos antiguos. Una vez que entre, ser\u00e1 bienvenido por el monumental <strong>Coloso de Rams\u00e9s el Grande<\/strong>.<\/p>\n<p>M\u00e1s all\u00e1 del rey dorado, descubra otras <strong>exhibiciones extraordinarias<\/strong>, incluidos los <strong>tesoros del rey de plata Psusenes I<\/strong> de la 21\u00aa Dinast\u00eda. Encuentre la enigm\u00e1tica <strong>Esfinge de Hetepheres<\/strong> y d\u00e9jese fascinar por las intrincadas <strong>Maquetas de Madera<\/strong>, escenas en miniatura que representan la vida y actividades diarias.<\/p>\n<p>Adem\u00e1s, el museo alberga otros <strong>artefactos valiosos<\/strong> como las <strong>cartas de Amarna<\/strong>, antigua correspondencia diplom\u00e1tica, y varios <strong>Papiros<\/strong>, que ofrecen informaci\u00f3n sobre la vida administrativa y religiosa.<\/p>\n<p>Una pieza particularmente significativa es la <strong>Capilla de Hathor del templo de Mentuhotep II<\/strong> en Deir El Bahari, L\u00faxor. El GEM proporciona un <strong>viaje inmersivo<\/strong> a trav\u00e9s de milenios de <strong>civilizaci\u00f3n egipcia<\/strong>, convirti\u00e9ndolo en un <strong>punto culminante esencial de Egipto<\/strong>.<\/p>\n<p>Lo m\u00e1s destacado para muchos es la <strong>colecci\u00f3n completa de los tesoros de Tutankam\u00f3n<\/strong> de su tumba en el Valle de los Reyes en L\u00faxor.<\/p>\n<p>Adem\u00e1s, la <strong>M\u00e1scara de Oro del Rey Tut<\/strong>, su <strong>Sarc\u00f3fago dorado<\/strong>, los <strong>Vasos Canopos<\/strong> que conten\u00edan sus \u00f3rganos y el opulento <strong>Trono de Tutankam\u00f3n<\/strong>.<\/p>\n<h3><span style=\"color: #ff6600;\">El Cairo a Sahl Hasheesh<\/span><\/h3>\n<p><strong>15:00 pm<\/strong> Al final de su <strong>excursi\u00f3n privada de un d\u00eda a El Cairo desde Sahl Hasheesh<\/strong>, comenzar\u00e1 su camino de regreso a Hurgada con un breve descanso en el camino para ir al ba\u00f1o o tomar caf\u00e9.<\/p>\n<h3><span style=\"color: #ff6600;\">Precio Excursiones Privadas a El Cairo desde Sahl Hasheesh<\/span><\/h3>\n<ul>\n<li>Precio Adulto = 140 \u20ac<\/li>\n<li>Beb\u00e9s 0-5 a\u00f1os = gratis<\/li>\n<li>Ni\u00f1os 5-11 a\u00f1os = 50% del precio del adulto<\/li>\n<\/ul>\n<h3><span style=\"color: #ff6600;\">Reserva<\/span><\/h3>\n<p>Puede reservar su tour a trav\u00e9s de WhatsApp o enviarnos un correo electr\u00f3nico y recibir\u00e1 la confirmaci\u00f3n al instante.<\/p>\n<p>Por favor, env\u00edenos el nombre de su hotel, n\u00famero de habitaci\u00f3n, copias del pasaporte<\/p>\n<ul>\n<li>WhatsApp: +201000852186<\/li>\n<li>info@egytourpackages.com<\/li>\n<\/ul>\n<h3><span style=\"color: #ff6600;\">Reserve Ahora y Pague en Destino<\/span><\/h3>\n<p>Reserve sus excursiones favoritas de Sahl Hasheesh y pague el d\u00eda del viaje.<\/p>\n<h3><span style=\"color: #ff6600;\">Pago<\/span><\/h3>\n<p>Puede pagar en libras egipcias, $, \u20ac o \u00a3.<\/p>\n<h3><span style=\"color: #ff6600;\">Pol\u00edtica de Cancelaci\u00f3n<\/span><\/h3>\n<ul>\n<li>La cancelaci\u00f3n es gratuita hasta 24 horas de antelaci\u00f3n<\/li>\n<li>La cancelaci\u00f3n por la ma\u00f1ana es el 50% del precio<\/li>\n<\/ul>\n","protected":false},"excerpt":{"rendered":"<p>Excursiones a El Cairo desde Sahl Hasheesh: Descubre las Pir\u00e1mides de Guiza, el Museo Egipcio y Khan el Khalili. Tours privados y guiados. Mejor precio<\/p>\n","protected":false},"featured_media":8675,"comment_status":"open","ping_status":"closed","template":"","meta":[],"product_brand":[],"product_cat":[3128],"product_tag":[3214,3188,3211,3244],"class_list":{"0":"post-10074","1":"product","2":"type-product","3":"status-publish","4":"has-post-thumbnail","6":"product_cat-tours","7":"product_tag-excursiones-de-sahl-hasheesh","8":"product_tag-excursiones-egipto","9":"product_tag-piramides-de-giza","10":"product_tag-viajes-a-egipto","11":"tour_category-excursiones-a-el-cairo-desde-hurghada","12":"tour_category-excursiones-egipto-es","13":"tour_category-excursiones-en-sahl-hasheesh-es","15":"first","16":"instock","17":"sale","18":"shipping-taxable","19":"purchasable","20":"product-type-tour","21":"has-default-attributes"},"yoast_head":"<!-- This site is optimized with the Yoast SEO Premium plugin v27.2 (Yoast SEO v27.2) - https:\/\/yoast.com\/product\/yoast-seo-premium-wordpress\/ -->\n<title>Excursiones a El Cairo desde Sahl Hasheesh<\/title>\n<meta name=\"description\" content=\"Excursiones a El Cairo desde Sahl Hasheesh: Descubre las Pir\u00e1mides de Guiza, el Museo Egipcio y Khan el Khalili. Tours privados y guiados. Mejor precio\" \/>\n<meta name=\"robots\" content=\"index, follow, max-snippet:-1, max-image-preview:large, max-video-preview:-1\" \/>\n<link rel=\"canonical\" href=\"https:\/\/egytourpackages.com\/es\/tours\/excursiones-a-el-cairo-desde-sahl-hasheesh\/\" \/>\n<meta property=\"og:locale\" content=\"es_ES\" \/>\n<meta property=\"og:type\" content=\"article\" \/>\n<meta property=\"og:title\" content=\"Excursiones a El Cairo desde Sahl Hasheesh\" \/>\n<meta property=\"og:description\" content=\"Excursiones a El Cairo desde Sahl Hasheesh: Descubre las Pir\u00e1mides de Guiza, el Museo Egipcio y Khan el Khalili. Tours privados y guiados. Mejor precio\" \/>\n<meta property=\"og:url\" content=\"https:\/\/egytourpackages.com\/es\/tours\/excursiones-a-el-cairo-desde-sahl-hasheesh\/\" \/>\n<meta property=\"og:site_name\" content=\"Egypt Tour Packages\" \/>\n<meta property=\"article:publisher\" content=\"https:\/\/www.facebook.com\/egytourpackages\" \/>\n<meta property=\"article:modified_time\" content=\"2026-01-28T21:00:30+00:00\" \/>\n<meta property=\"og:image\" content=\"https:\/\/egytourpackages.com\/wp-content\/uploads\/2023\/08\/Giza-Pyramids-1024x768.jpg\" \/>\n<meta name=\"twitter:card\" content=\"summary_large_image\" \/>\n<meta name=\"twitter:title\" content=\"Excursiones a El Cairo desde Sahl Hasheesh\" \/>\n<meta name=\"twitter:description\" content=\"Excursiones a El Cairo desde Sahl Hasheesh: Descubre las Pir\u00e1mides de Guiza, el Museo Egipcio y Khan el Khalili. Tours privados y guiados. Mejor precio\" \/>\n<meta name=\"twitter:label1\" content=\"Precio\" \/>\n\t<meta name=\"twitter:data1\" content=\"&euro;150\" \/>\n\t<meta name=\"twitter:label2\" content=\"Disponibilidad\" \/>\n\t<meta name=\"twitter:data2\" content=\"Disponible\" \/>\n<script type=\"application\/ld+json\" class=\"yoast-schema-graph\">{\"@context\":\"https:\/\/schema.org\",\"@graph\":[{\"@type\":\"WebPage\",\"@id\":\"https:\/\/egytourpackages.com\/es\/tours\/excursiones-a-el-cairo-desde-sahl-hasheesh\/\",\"url\":\"https:\/\/egytourpackages.com\/es\/tours\/excursiones-a-el-cairo-desde-sahl-hasheesh\/\",\"name\":\"Excursiones a El Cairo desde Sahl Hasheesh\",\"isPartOf\":{\"@id\":\"https:\/\/egytourpackages.com\/es\/#website\"},\"primaryImageOfPage\":{\"@id\":\"https:\/\/egytourpackages.com\/es\/tours\/excursiones-a-el-cairo-desde-sahl-hasheesh\/#primaryimage\"},\"image\":{\"@id\":\"https:\/\/egytourpackages.com\/es\/tours\/excursiones-a-el-cairo-desde-sahl-hasheesh\/#primaryimage\"},\"thumbnailUrl\":\"https:\/\/egytourpackages.com\/wp-content\/uploads\/2023\/07\/Giza-Pyramids-1.jpg\",\"datePublished\":\"2023-07-27T00:03:11+00:00\",\"dateModified\":\"2026-01-28T21:00:30+00:00\",\"description\":\"Excursiones a El Cairo desde Sahl Hasheesh: Descubre las Pir\u00e1mides de Guiza, el Museo Egipcio y Khan el Khalili. Tours privados y guiados. Mejor precio\",\"breadcrumb\":{\"@id\":\"https:\/\/egytourpackages.com\/es\/tours\/excursiones-a-el-cairo-desde-sahl-hasheesh\/#breadcrumb\"},\"inLanguage\":\"es\",\"potentialAction\":[{\"@type\":\"ReadAction\",\"target\":[\"https:\/\/egytourpackages.com\/es\/tours\/excursiones-a-el-cairo-desde-sahl-hasheesh\/\"]}]},{\"@type\":\"ImageObject\",\"inLanguage\":\"es\",\"@id\":\"https:\/\/egytourpackages.com\/es\/tours\/excursiones-a-el-cairo-desde-sahl-hasheesh\/#primaryimage\",\"url\":\"https:\/\/egytourpackages.com\/wp-content\/uploads\/2023\/07\/Giza-Pyramids-1.jpg\",\"contentUrl\":\"https:\/\/egytourpackages.com\/wp-content\/uploads\/2023\/07\/Giza-Pyramids-1.jpg\",\"width\":2000,\"height\":1500,\"caption\":\"Tour de Medio D\u00eda a las Pir\u00e1mides de Giza desde El Cairo\"},{\"@type\":\"BreadcrumbList\",\"@id\":\"https:\/\/egytourpackages.com\/es\/tours\/excursiones-a-el-cairo-desde-sahl-hasheesh\/#breadcrumb\",\"itemListElement\":[{\"@type\":\"ListItem\",\"position\":1,\"name\":\"Home\",\"item\":\"https:\/\/egytourpackages.com\/es\/paquetes-de-viaje-a-egipto\/\"},{\"@type\":\"ListItem\",\"position\":2,\"name\":\"Shop\",\"item\":\"https:\/\/egytourpackages.com\/shop\/\"},{\"@type\":\"ListItem\",\"position\":3,\"name\":\"Excursiones a El Cairo desde Sahl Hasheesh\"}]},{\"@type\":\"WebSite\",\"@id\":\"https:\/\/egytourpackages.com\/es\/#website\",\"url\":\"https:\/\/egytourpackages.com\/es\/\",\"name\":\"Egy tour packages\",\"description\":\"\",\"publisher\":{\"@id\":\"https:\/\/egytourpackages.com\/es\/#organization\"},\"potentialAction\":[{\"@type\":\"SearchAction\",\"target\":{\"@type\":\"EntryPoint\",\"urlTemplate\":\"https:\/\/egytourpackages.com\/es\/?s={search_term_string}\"},\"query-input\":{\"@type\":\"PropertyValueSpecification\",\"valueRequired\":true,\"valueName\":\"search_term_string\"}}],\"inLanguage\":\"es\"},{\"@type\":[\"Organization\",\"Place\",\"TravelAgency\"],\"@id\":\"https:\/\/egytourpackages.com\/es\/#organization\",\"name\":\"egypt tour packages\",\"alternateName\":\"egypt tour packages\",\"url\":\"https:\/\/egytourpackages.com\/es\/\",\"logo\":{\"@id\":\"https:\/\/egytourpackages.com\/es\/tours\/excursiones-a-el-cairo-desde-sahl-hasheesh\/#local-main-organization-logo\"},\"image\":{\"@id\":\"https:\/\/egytourpackages.com\/es\/tours\/excursiones-a-el-cairo-desde-sahl-hasheesh\/#local-main-organization-logo\"},\"sameAs\":[\"https:\/\/www.facebook.com\/egytourpackages\"],\"legalName\":\"Egy tour packages\",\"address\":{\"@id\":\"https:\/\/egytourpackages.com\/es\/tours\/excursiones-a-el-cairo-desde-sahl-hasheesh\/#local-main-place-address\"},\"telephone\":[\"00201000852186\",\"00201028685533\"],\"contactPoint\":{\"@type\":\"ContactPoint\",\"telephone\":\"00201000852186\"},\"openingHoursSpecification\":[{\"@type\":\"OpeningHoursSpecification\",\"dayOfWeek\":[\"Monday\",\"Tuesday\",\"Wednesday\",\"Thursday\",\"Friday\",\"Saturday\",\"Sunday\"],\"opens\":\"00:00\",\"closes\":\"23:59\"}],\"email\":\"info@egytourpackages.com\",\"areaServed\":\"Cairo, Hurghada, Luxor, Sharm El Sheikh, Marsa Alam, Aswan\",\"priceRange\":\"$\",\"currenciesAccepted\":\"euro\",\"paymentAccepted\":\"Payment links online\"},{\"@type\":\"PostalAddress\",\"@id\":\"https:\/\/egytourpackages.com\/es\/tours\/excursiones-a-el-cairo-desde-sahl-hasheesh\/#local-main-place-address\",\"streetAddress\":\"Mubarak 8, Al Kawthar District, Hurghada\",\"addressLocality\":\"Hurghada\",\"postalCode\":\"84511\",\"addressRegion\":\"Red Sea\",\"addressCountry\":\"EG\"},{\"@type\":\"ImageObject\",\"inLanguage\":\"es\",\"@id\":\"https:\/\/egytourpackages.com\/es\/tours\/excursiones-a-el-cairo-desde-sahl-hasheesh\/#local-main-organization-logo\",\"url\":\"https:\/\/egytourpackages.com\/wp-content\/uploads\/2025\/12\/Turquoise-Dahabiya-Nile-Cruise-1.jpeg\",\"contentUrl\":\"https:\/\/egytourpackages.com\/wp-content\/uploads\/2025\/12\/Turquoise-Dahabiya-Nile-Cruise-1.jpeg\",\"width\":1040,\"height\":694,\"caption\":\"egypt tour packages\"}]}<\/script>\n<meta property=\"product:brand\" content=\"Excursiones a El Cairo desde Hurghada\" \/>\n<meta property=\"product:price:amount\" content=\"150\" \/>\n<meta property=\"product:price:currency\" content=\"EUR\" \/>\n<meta property=\"og:availability\" content=\"instock\" \/>\n<meta property=\"product:availability\" content=\"instock\" \/>\n<meta property=\"product:retailer_item_id\" content=\"SHDT01\" \/>\n<meta property=\"product:condition\" content=\"new\" \/>\n<meta name=\"geo.placename\" content=\"Hurghada\" \/>\n<meta name=\"geo.region\" content=\"Egipto\" \/>\n<!-- \/ Yoast SEO Premium plugin. -->","yoast_head_json":{"title":"Excursiones a El Cairo desde Sahl Hasheesh","description":"Excursiones a El Cairo desde Sahl Hasheesh: Descubre las Pir\u00e1mides de Guiza, el Museo Egipcio y Khan el Khalili. Tours privados y guiados. Mejor precio","robots":{"index":"index","follow":"follow","max-snippet":"max-snippet:-1","max-image-preview":"max-image-preview:large","max-video-preview":"max-video-preview:-1"},"canonical":"https:\/\/egytourpackages.com\/es\/tours\/excursiones-a-el-cairo-desde-sahl-hasheesh\/","og_locale":"es_ES","og_type":"article","og_title":"Excursiones a El Cairo desde Sahl Hasheesh","og_description":"Excursiones a El Cairo desde Sahl Hasheesh: Descubre las Pir\u00e1mides de Guiza, el Museo Egipcio y Khan el Khalili. Tours privados y guiados. Mejor precio","og_url":"https:\/\/egytourpackages.com\/es\/tours\/excursiones-a-el-cairo-desde-sahl-hasheesh\/","og_site_name":"Egypt Tour Packages","article_publisher":"https:\/\/www.facebook.com\/egytourpackages","article_modified_time":"2026-01-28T21:00:30+00:00","og_image":[{"url":"https:\/\/egytourpackages.com\/wp-content\/uploads\/2023\/08\/Giza-Pyramids-1024x768.jpg","type":"","width":"","height":""}],"twitter_card":"summary_large_image","twitter_title":"Excursiones a El Cairo desde Sahl Hasheesh","twitter_description":"Excursiones a El Cairo desde Sahl Hasheesh: Descubre las Pir\u00e1mides de Guiza, el Museo Egipcio y Khan el Khalili. Tours privados y guiados. Mejor precio","twitter_misc":{"Precio":"&euro;150","Disponibilidad":"Disponible"},"schema":{"@context":"https:\/\/schema.org","@graph":[{"@type":"WebPage","@id":"https:\/\/egytourpackages.com\/es\/tours\/excursiones-a-el-cairo-desde-sahl-hasheesh\/","url":"https:\/\/egytourpackages.com\/es\/tours\/excursiones-a-el-cairo-desde-sahl-hasheesh\/","name":"Excursiones a El Cairo desde Sahl Hasheesh","isPartOf":{"@id":"https:\/\/egytourpackages.com\/es\/#website"},"primaryImageOfPage":{"@id":"https:\/\/egytourpackages.com\/es\/tours\/excursiones-a-el-cairo-desde-sahl-hasheesh\/#primaryimage"},"image":{"@id":"https:\/\/egytourpackages.com\/es\/tours\/excursiones-a-el-cairo-desde-sahl-hasheesh\/#primaryimage"},"thumbnailUrl":"https:\/\/egytourpackages.com\/wp-content\/uploads\/2023\/07\/Giza-Pyramids-1.jpg","datePublished":"2023-07-27T00:03:11+00:00","dateModified":"2026-01-28T21:00:30+00:00","description":"Excursiones a El Cairo desde Sahl Hasheesh: Descubre las Pir\u00e1mides de Guiza, el Museo Egipcio y Khan el Khalili. Tours privados y guiados. Mejor precio","breadcrumb":{"@id":"https:\/\/egytourpackages.com\/es\/tours\/excursiones-a-el-cairo-desde-sahl-hasheesh\/#breadcrumb"},"inLanguage":"es","potentialAction":[{"@type":"ReadAction","target":["https:\/\/egytourpackages.com\/es\/tours\/excursiones-a-el-cairo-desde-sahl-hasheesh\/"]}]},{"@type":"ImageObject","inLanguage":"es","@id":"https:\/\/egytourpackages.com\/es\/tours\/excursiones-a-el-cairo-desde-sahl-hasheesh\/#primaryimage","url":"https:\/\/egytourpackages.com\/wp-content\/uploads\/2023\/07\/Giza-Pyramids-1.jpg","contentUrl":"https:\/\/egytourpackages.com\/wp-content\/uploads\/2023\/07\/Giza-Pyramids-1.jpg","width":2000,"height":1500,"caption":"Tour de Medio D\u00eda a las Pir\u00e1mides de Giza desde El Cairo"},{"@type":"BreadcrumbList","@id":"https:\/\/egytourpackages.com\/es\/tours\/excursiones-a-el-cairo-desde-sahl-hasheesh\/#breadcrumb","itemListElement":[{"@type":"ListItem","position":1,"name":"Home","item":"https:\/\/egytourpackages.com\/es\/paquetes-de-viaje-a-egipto\/"},{"@type":"ListItem","position":2,"name":"Shop","item":"https:\/\/egytourpackages.com\/shop\/"},{"@type":"ListItem","position":3,"name":"Excursiones a El Cairo desde Sahl Hasheesh"}]},{"@type":"WebSite","@id":"https:\/\/egytourpackages.com\/es\/#website","url":"https:\/\/egytourpackages.com\/es\/","name":"Egy tour packages","description":"","publisher":{"@id":"https:\/\/egytourpackages.com\/es\/#organization"},"potentialAction":[{"@type":"SearchAction","target":{"@type":"EntryPoint","urlTemplate":"https:\/\/egytourpackages.com\/es\/?s={search_term_string}"},"query-input":{"@type":"PropertyValueSpecification","valueRequired":true,"valueName":"search_term_string"}}],"inLanguage":"es"},{"@type":["Organization","Place","TravelAgency"],"@id":"https:\/\/egytourpackages.com\/es\/#organization","name":"egypt tour packages","alternateName":"egypt tour packages","url":"https:\/\/egytourpackages.com\/es\/","logo":{"@id":"https:\/\/egytourpackages.com\/es\/tours\/excursiones-a-el-cairo-desde-sahl-hasheesh\/#local-main-organization-logo"},"image":{"@id":"https:\/\/egytourpackages.com\/es\/tours\/excursiones-a-el-cairo-desde-sahl-hasheesh\/#local-main-organization-logo"},"sameAs":["https:\/\/www.facebook.com\/egytourpackages"],"legalName":"Egy tour packages","address":{"@id":"https:\/\/egytourpackages.com\/es\/tours\/excursiones-a-el-cairo-desde-sahl-hasheesh\/#local-main-place-address"},"telephone":["00201000852186","00201028685533"],"contactPoint":{"@type":"ContactPoint","telephone":"00201000852186"},"openingHoursSpecification":[{"@type":"OpeningHoursSpecification","dayOfWeek":["Monday","Tuesday","Wednesday","Thursday","Friday","Saturday","Sunday"],"opens":"00:00","closes":"23:59"}],"email":"info@egytourpackages.com","areaServed":"Cairo, Hurghada, Luxor, Sharm El Sheikh, Marsa Alam, Aswan","priceRange":"$","currenciesAccepted":"euro","paymentAccepted":"Payment links online"},{"@type":"PostalAddress","@id":"https:\/\/egytourpackages.com\/es\/tours\/excursiones-a-el-cairo-desde-sahl-hasheesh\/#local-main-place-address","streetAddress":"Mubarak 8, Al Kawthar District, Hurghada","addressLocality":"Hurghada","postalCode":"84511","addressRegion":"Red Sea","addressCountry":"EG"},{"@type":"ImageObject","inLanguage":"es","@id":"https:\/\/egytourpackages.com\/es\/tours\/excursiones-a-el-cairo-desde-sahl-hasheesh\/#local-main-organization-logo","url":"https:\/\/egytourpackages.com\/wp-content\/uploads\/2025\/12\/Turquoise-Dahabiya-Nile-Cruise-1.jpeg","contentUrl":"https:\/\/egytourpackages.com\/wp-content\/uploads\/2025\/12\/Turquoise-Dahabiya-Nile-Cruise-1.jpeg","width":1040,"height":694,"caption":"egypt tour packages"}]},"product_brand":"Excursiones a El Cairo desde Hurghada","product_price_amount":"150","product_price_currency":"EUR","og_availability":"instock","product_availability":"instock","product_retailer_item_id":"SHDT01","product_condition":"new","geo.placename":"Hurghada","geo.region":"Egipto"},"_links":{"self":[{"href":"https:\/\/egytourpackages.com\/es\/wp-json\/wp\/v2\/product\/10074","targetHints":{"allow":["GET"]}}],"collection":[{"href":"https:\/\/egytourpackages.com\/es\/wp-json\/wp\/v2\/product"}],"about":[{"href":"https:\/\/egytourpackages.com\/es\/wp-json\/wp\/v2\/types\/product"}],"replies":[{"embeddable":true,"href":"https:\/\/egytourpackages.com\/es\/wp-json\/wp\/v2\/comments?post=10074"}],"wp:featuredmedia":[{"embeddable":true,"href":"https:\/\/egytourpackages.com\/es\/wp-json\/wp\/v2\/media\/8675"}],"wp:attachment":[{"href":"https:\/\/egytourpackages.com\/es\/wp-json\/wp\/v2\/media?parent=10074"}],"wp:term":[{"taxonomy":"product_brand","embeddable":true,"href":"https:\/\/egytourpackages.com\/es\/wp-json\/wp\/v2\/product_brand?post=10074"},{"taxonomy":"product_cat","embeddable":true,"href":"https:\/\/egytourpackages.com\/es\/wp-json\/wp\/v2\/product_cat?post=10074"},{"taxonomy":"product_tag","embeddable":true,"href":"https:\/\/egytourpackages.com\/es\/wp-json\/wp\/v2\/product_tag?post=10074"}],"curies":[{"name":"wp","href":"https:\/\/api.w.org\/{rel}","templated":true}]}}