{"id":10167,"date":"2023-07-12T15:57:51","date_gmt":"2023-07-12T15:57:51","guid":{"rendered":"https:\/\/egytourpackages.com\/product\/excursion-a-dendera-y-abydos-desde-marsa-alam\/"},"modified":"2026-01-07T16:43:30","modified_gmt":"2026-01-07T16:43:30","slug":"excursion-a-dendera-y-abydos-desde-marsa-alam","status":"publish","type":"product","link":"https:\/\/egytourpackages.com\/es\/tours\/excursion-a-dendera-y-abydos-desde-marsa-alam\/","title":{"rendered":"Excursi\u00f3n a Dendera y Abydos desde Marsa Alam"},"content":{"rendered":"<p><span style=\"color: #ff6600;\"><strong>Excursi\u00f3n a Dendera y Abydos desde Marsa Alam | Mejores Tours de Marsa Alam<\/strong><\/span><\/p>\n<p>La <strong>excursi\u00f3n a Dendera y Abydos<\/strong> desde <strong>Marsa Alam<\/strong> es la <strong>mejor manera<\/strong> de explorar el <strong>templo mejor conservado de Egipto<\/strong>, el <strong>Templo de Dendera<\/strong>, con <strong>Egypt Tours<\/strong>.<\/p>\n<p>De hecho, los <strong>tours desde Marsa Alam<\/strong> ofrecen este viaje \u00fanico a dos de los templos m\u00e1s <strong>coloridos<\/strong> de Egipto, el <strong>Templo de Abydos<\/strong> y el <strong>Templo de Dendera<\/strong>.<\/p>\n<p>Reserve las <strong>mejores excursiones de un d\u00eda en Egipto<\/strong> desde Marsa Alam y <strong>marav\u00edllese<\/strong> con el <strong>Zod\u00edaco de Dendera<\/strong>, la <strong>L\u00e1mpara de Dendera<\/strong>, el Mammisi, el techo celestial y los <strong>impresionantes relieves<\/strong>.<\/p>\n<p>Adem\u00e1s, visitar\u00e1 el <strong>Templo de Seti I<\/strong> en Abydos con su singular <strong>Lista de Reyes de Abydos<\/strong> y el misterioso <strong>Osireion<\/strong>. <strong>Cont\u00e1ctenos<\/strong> y organizaremos este <strong>tour privado<\/strong> para usted con un <strong>gu\u00eda egipt\u00f3logo<\/strong> talentoso y un <strong>coche privado<\/strong> con los <strong>mejores servicios<\/strong>.<\/p>\n<h3><span style=\"color: #ff6600;\">Detalles<\/span><\/h3>\n<ul>\n<li>Duraci\u00f3n: 1 D\u00eda<\/li>\n<li>Ubicaci\u00f3n del Tour: Dendera \/ Abydos<\/li>\n<li>Disponibilidad del Tour: Todos los d\u00edas<\/li>\n<li>Recogida y Regreso: Su Hotel en Marsa Alam<\/li>\n<li>Tipo de Tour: Privado<\/li>\n<li>Silla de Ruedas: Accesible<\/li>\n<\/ul>\n<h3><span style=\"color: #ff6600;\">Inclusiones<\/span><\/h3>\n<ul>\n<li>Traslado de ida y vuelta con veh\u00edculo privado nuevo<\/li>\n<li>Gu\u00eda egipt\u00f3logo experto<\/li>\n<li>Tarifa de entrada a todos los lugares de inter\u00e9s<\/li>\n<li>Almuerzo en un restaurante local<\/li>\n<li>Agua durante el d\u00eda<\/li>\n<\/ul>\n<h3><span style=\"color: #ff6600;\">Exclusiones<\/span><\/h3>\n<ul>\n<li>Bebidas durante el almuerzo<\/li>\n<li>Propinas<\/li>\n<\/ul>\n<h3><span style=\"color: #ff6600;\">Qu\u00e9 llevar<\/span><\/h3>\n<ul>\n<li>Sombrero, Gafas de sol y Crema solar<\/li>\n<li>Zapatos y ropa c\u00f3moda<\/li>\n<\/ul>\n<h3><span style=\"color: #ff6600;\">Itinerario<\/span><\/h3>\n<p>Su gu\u00eda le recibir\u00e1 en la recepci\u00f3n de su hotel para ayudarle a recoger las <strong>cajas de desayuno<\/strong> que pidi\u00f3 el d\u00eda anterior.<\/p>\n<p>Luego, comenzar\u00e1 su <strong>excursi\u00f3n desde Marsa Alam<\/strong> a <strong>Dendera<\/strong> y <strong>Abydos<\/strong> con un breve descanso en el camino para desayunar e ir al ba\u00f1o. Al llegar a Qena, comenzar\u00e1 su <strong>viaje de un d\u00eda<\/strong> con el <strong>Templo de Hathor<\/strong> en la orilla oeste del r\u00edo Nilo.<\/p>\n<h3><span style=\"color: #ff6600;\">Complejo del Templo de Dendera: El Santuario de Hathor<\/span><\/h3>\n<p>Al llegar a Qena, su primera parada es el <strong>magn\u00edfico Complejo del Templo de Dendera<\/strong>, dedicado a la <strong>diosa Hathor<\/strong>, <strong>diosa del amor<\/strong>, la <strong>belleza<\/strong> y la <strong>alegr\u00eda<\/strong>.<\/p>\n<p>Este <strong>templo ptolemaico<\/strong> es famoso por ser uno de los templos <strong>mejor conservados<\/strong> y m\u00e1s <strong>completos arquitect\u00f3nicamente<\/strong> de todo Egipto. De hecho, aqu\u00ed podr\u00e1 explorar muchos rincones \u00fanicos que no ver\u00e1 en ning\u00fan otro <strong>templo egipcio<\/strong>.<\/p>\n<p>Por ejemplo, dos <strong>Mammisi<\/strong>, uno que se remonta a <strong>Nectanebo<\/strong> de la <strong>Dinast\u00eda 30<\/strong> y otro que data de la <strong>\u00c9poca Romana<\/strong>. Adem\u00e1s, una Iglesia Copta que sigue el estilo Basilical como todas las iglesias egipcias.<\/p>\n<p>Adem\u00e1s, dado que Dendera fue el <strong>templo Chakra del Coraz\u00f3n<\/strong> y un famoso <strong>centro de curaci\u00f3n<\/strong> en aquella \u00e9poca, el <strong>sanatorio<\/strong> es una caracter\u00edstica principal aqu\u00ed.<\/p>\n<p>Un <strong>Nil\u00f3metro<\/strong> todav\u00eda se encuentra cerca del <strong>Lago Sagrado<\/strong> y el \u00fanico relieve de <strong>Cleopatra<\/strong> y su hijo en la pared exterior del templo.<\/p>\n<p>Adem\u00e1s, la <strong>Capilla de Isis<\/strong> es famosa por su <strong>atm\u00f3sfera energ\u00e9tica<\/strong> y todas las coronas egipcias se dise\u00f1aron aqu\u00ed por primera y \u00faltima vez.<\/p>\n<p>Dentro del templo, podr\u00e1 admirar la primera <strong>Sala Hip\u00f3stila<\/strong> con todos los <strong>signos del Zod\u00edaco<\/strong>, las <strong>horas del d\u00eda y la noche<\/strong>, las <strong>fases de la Luna<\/strong> y las constelaciones.<\/p>\n<p>En lo profundo del templo, podr\u00e1 ingresar a algunas de las <strong>Criptas<\/strong> del templo, la sala de Nut y el <strong>Santo de los Santos<\/strong>. En el techo, podr\u00e1 maravillarse con el famoso <strong>Zod\u00edaco de Dendera<\/strong> dentro de sus <strong>techos astron\u00f3micos<\/strong> y el <strong>Mito de Osiris<\/strong> en la sala de <strong>Osiris<\/strong>.<\/p>\n<p>Finalmente, podr\u00e1 tomar <strong>fotograf\u00edas impresionantes<\/strong> antes de continuar a la siguiente parada.<\/p>\n<h3><span style=\"color: #ff6600;\">Templo de Abydos y el Osireion<\/span><\/h3>\n<p>El siguiente es el <strong>sitio sagrado de Abydos<\/strong>, hogar del majestuoso <strong>Templo de Seti I<\/strong>. Este templo es famoso por la <strong>calidad excepcional<\/strong> de sus <strong>bajorrelieves<\/strong>, a menudo considerados entre los <strong>m\u00e1s finos<\/strong> del <strong>antiguo Egipto<\/strong>.<\/p>\n<p>Explore sus <strong>siete capillas<\/strong>, cada una dedicada a diferentes deidades y al propio <strong>Seti I<\/strong>, y contemple la famosa <strong>Lista de Reyes de Abydos<\/strong>, un <strong>registro hist\u00f3rico crucial<\/strong> de los <strong>faraones egipcios<\/strong>.<\/p>\n<p>Adem\u00e1s, no se perder\u00e1 las partes a\u00f1adidas por <strong>Rams\u00e9s<\/strong> al templo y la lista de sus hijos e hijas. Adem\u00e1s, podr\u00e1 comparar entre sus escenas de altorrelieve y las escenas de bajorrelieve de su padre. Finalmente, observe lo que se llama el <strong>Helic\u00f3ptero de Abydos<\/strong> y el <strong>Submarino<\/strong> antes de completar su recorrido hacia la siguiente parada.<\/p>\n<h3><span style=\"color: #ff6600;\">Osireion<\/span><\/h3>\n<p>Ahora es el momento de visitar el misterioso <strong>Osireion<\/strong> desde el exterior, una enigm\u00e1tica <strong>estructura antigua<\/strong> asociada con <strong>Osiris<\/strong>, el <strong>dios del m\u00e1s all\u00e1<\/strong>.<\/p>\n<p>Este edificio \u00fanico est\u00e1 unos 15 metros m\u00e1s abajo que el templo y tiene la famosa <strong>flor de la vida<\/strong> tallada en el granito, uno de los <strong>problemas sin resolver<\/strong> hasta ahora.<\/p>\n<h3><span style=\"color: #ff6600;\">Templo de Rams\u00e9s II<\/span><\/h3>\n<p>Un corto paseo por el paisaje arqueol\u00f3gico le llevar\u00e1 luego a las <strong>impresionantes ruinas<\/strong> del <strong>Templo de Rams\u00e9s II<\/strong>, donde podr\u00e1 ver algunos de los hermosos <strong>colores<\/strong> y <strong>relieves<\/strong> del <strong>Imperio Nuevo<\/strong>.<\/p>\n<p><strong>Almuerzo<\/strong><\/p>\n<p>Prep\u00e1rese para un <strong>almuerzo casero<\/strong> en una casa local antes de su c\u00f3modo viaje de regreso.<\/p>\n<h3><span style=\"color: #ff6600;\">Precio de la Excursi\u00f3n a Dendera y Abydos desde Marsa Alam<\/span><\/h3>\n<ul>\n<li>Precio Adulto = 160 \u20ac<\/li>\n<li>Ni\u00f1os 0-5 a\u00f1os = Gratis<\/li>\n<li>Ni\u00f1os 5 -11 a\u00f1os = 50% del precio adulto<\/li>\n<\/ul>\n<h3><span style=\"color: #ff6600;\">Reserva<\/span><\/h3>\n<p>Puede reservar su excursi\u00f3n en Makadi Bay a trav\u00e9s de WhatsApp o enviarnos un correo electr\u00f3nico y recibir\u00e1 la confirmaci\u00f3n al instante.<\/p>\n<p>Por favor, env\u00edenos el nombre de su hotel, n\u00famero de habitaci\u00f3n y copias de pasaporte.<\/p>\n<ul>\n<li>WhatsApp +201000852186<\/li>\n<li>Email: info@egytourpackages.com<\/li>\n<\/ul>\n<h3><span style=\"color: #ff6600;\">\u00a1Reserve Ahora y Pague en Destino!<\/span><\/h3>\n<p>Reserve su tour favorito y pague el d\u00eda del viaje.<\/p>\n<h3><span style=\"color: #ff6600;\">Pago<\/span><\/h3>\n<p>Puede pagar en Libras Egipcias, $ (d\u00f3lares), \u20ac\u200e (euros) o \u00a3 (libras esterlinas).<\/p>\n<h3><span style=\"color: #ff6600;\">Pol\u00edtica de Cancelaci\u00f3n<\/span><\/h3>\n<ul>\n<li>La cancelaci\u00f3n es gratuita hasta 24 horas de antelaci\u00f3n.<\/li>\n<li>La cancelaci\u00f3n por la ma\u00f1ana (del d\u00eda del tour) es el 50% del precio.<\/li>\n<\/ul>\n","protected":false},"excerpt":{"rendered":"<p>Reserve la excursi\u00f3n a Dendera y Abydos desde Marsa Alam. Descubra el Templo de Hathor, el Zod\u00edaco de Dendera y la Lista de Reyes de Abydos de Seti I.<\/p>\n","protected":false},"featured_media":10168,"comment_status":"open","ping_status":"closed","template":"","meta":[],"product_brand":[],"product_cat":[3128],"product_tag":[3280,3188,3244,3217],"class_list":{"0":"post-10167","1":"product","2":"type-product","3":"status-publish","4":"has-post-thumbnail","6":"product_cat-tours","7":"product_tag-excursiones-a-marsa-alam","8":"product_tag-excursiones-egipto","9":"product_tag-viajes-a-egipto","10":"product_tag-viajes-de-vacaciones-a-egipto","11":"tour_category-excursiones-egipto-es","12":"tour_category-excursiones-en-marsa-alam-es","14":"first","15":"instock","16":"sale","17":"shipping-taxable","18":"purchasable","19":"product-type-tour","20":"has-default-attributes"},"yoast_head":"<!-- This site is optimized with the Yoast SEO Premium plugin v27.4 (Yoast SEO v27.4) - https:\/\/yoast.com\/product\/yoast-seo-premium-wordpress\/ -->\n<title>Excursi\u00f3n a Dendera y Abydos desde Marsa Alam<\/title>\n<meta name=\"description\" content=\"Reserve la excursi\u00f3n a Dendera y Abydos desde Marsa Alam. Descubra el Templo de Hathor, el Zod\u00edaco de Dendera y la Lista de Reyes de Abydos de Seti I.\" \/>\n<meta name=\"robots\" content=\"index, follow, max-snippet:-1, max-image-preview:large, max-video-preview:-1\" \/>\n<link rel=\"canonical\" href=\"https:\/\/egytourpackages.com\/es\/tours\/excursion-a-dendera-y-abydos-desde-marsa-alam\/\" \/>\n<meta property=\"og:locale\" content=\"es_ES\" \/>\n<meta property=\"og:type\" content=\"article\" \/>\n<meta property=\"og:title\" content=\"Excursi\u00f3n a Dendera y Abydos desde Marsa Alam\" \/>\n<meta property=\"og:description\" content=\"Reserve la excursi\u00f3n a Dendera y Abydos desde Marsa Alam. Descubra el Templo de Hathor, el Zod\u00edaco de Dendera y la Lista de Reyes de Abydos de Seti I.\" \/>\n<meta property=\"og:url\" content=\"https:\/\/egytourpackages.com\/es\/tours\/excursion-a-dendera-y-abydos-desde-marsa-alam\/\" \/>\n<meta property=\"og:site_name\" content=\"Egypt Tour Packages\" \/>\n<meta property=\"article:publisher\" content=\"https:\/\/www.facebook.com\/egytourpackages\" \/>\n<meta property=\"article:modified_time\" content=\"2026-01-07T16:43:30+00:00\" \/>\n<meta property=\"og:image\" content=\"https:\/\/egytourpackages.com\/wp-content\/uploads\/2023\/07\/Dendera-temple-Qena.jpg\" \/>\n\t<meta property=\"og:image:width\" content=\"2000\" \/>\n\t<meta property=\"og:image:height\" content=\"1333\" \/>\n\t<meta property=\"og:image:type\" content=\"image\/jpeg\" \/>\n<meta name=\"twitter:card\" content=\"summary_large_image\" \/>\n<meta name=\"twitter:title\" content=\"Excursi\u00f3n a Dendera y Abydos desde Marsa Alam\" \/>\n<meta name=\"twitter:description\" content=\"Reserve la excursi\u00f3n a Dendera y Abydos desde Marsa Alam. Descubra el Templo de Hathor, el Zod\u00edaco de Dendera y la Lista de Reyes de Abydos de Seti I.\" \/>\n<meta name=\"twitter:label1\" content=\"Precio\" \/>\n\t<meta name=\"twitter:data1\" content=\"&euro;150\" \/>\n\t<meta name=\"twitter:label2\" content=\"Disponibilidad\" \/>\n\t<meta name=\"twitter:data2\" content=\"Disponible\" \/>\n<script type=\"application\/ld+json\" class=\"yoast-schema-graph\">{\"@context\":\"https:\\\/\\\/schema.org\",\"@graph\":[{\"@type\":\"WebPage\",\"@id\":\"https:\\\/\\\/egytourpackages.com\\\/es\\\/tours\\\/excursion-a-dendera-y-abydos-desde-marsa-alam\\\/\",\"url\":\"https:\\\/\\\/egytourpackages.com\\\/es\\\/tours\\\/excursion-a-dendera-y-abydos-desde-marsa-alam\\\/\",\"name\":\"Excursi\u00f3n a Dendera y Abydos desde Marsa Alam\",\"isPartOf\":{\"@id\":\"https:\\\/\\\/egytourpackages.com\\\/es\\\/#website\"},\"primaryImageOfPage\":{\"@id\":\"https:\\\/\\\/egytourpackages.com\\\/es\\\/tours\\\/excursion-a-dendera-y-abydos-desde-marsa-alam\\\/#primaryimage\"},\"image\":{\"@id\":\"https:\\\/\\\/egytourpackages.com\\\/es\\\/tours\\\/excursion-a-dendera-y-abydos-desde-marsa-alam\\\/#primaryimage\"},\"thumbnailUrl\":\"https:\\\/\\\/egytourpackages.com\\\/wp-content\\\/uploads\\\/2023\\\/07\\\/Dendera-temple-Qena.jpg\",\"datePublished\":\"2023-07-12T15:57:51+00:00\",\"dateModified\":\"2026-01-07T16:43:30+00:00\",\"description\":\"Reserve la excursi\u00f3n a Dendera y Abydos desde Marsa Alam. Descubra el Templo de Hathor, el Zod\u00edaco de Dendera y la Lista de Reyes de Abydos de Seti I.\",\"breadcrumb\":{\"@id\":\"https:\\\/\\\/egytourpackages.com\\\/es\\\/tours\\\/excursion-a-dendera-y-abydos-desde-marsa-alam\\\/#breadcrumb\"},\"inLanguage\":\"es\",\"potentialAction\":[{\"@type\":\"ReadAction\",\"target\":[\"https:\\\/\\\/egytourpackages.com\\\/es\\\/tours\\\/excursion-a-dendera-y-abydos-desde-marsa-alam\\\/\"]}]},{\"@type\":\"ImageObject\",\"inLanguage\":\"es\",\"@id\":\"https:\\\/\\\/egytourpackages.com\\\/es\\\/tours\\\/excursion-a-dendera-y-abydos-desde-marsa-alam\\\/#primaryimage\",\"url\":\"https:\\\/\\\/egytourpackages.com\\\/wp-content\\\/uploads\\\/2023\\\/07\\\/Dendera-temple-Qena.jpg\",\"contentUrl\":\"https:\\\/\\\/egytourpackages.com\\\/wp-content\\\/uploads\\\/2023\\\/07\\\/Dendera-temple-Qena.jpg\",\"width\":2000,\"height\":1333,\"caption\":\"Excursi\u00f3n a Dendera y Abydos desde Marsa Alam\"},{\"@type\":\"BreadcrumbList\",\"@id\":\"https:\\\/\\\/egytourpackages.com\\\/es\\\/tours\\\/excursion-a-dendera-y-abydos-desde-marsa-alam\\\/#breadcrumb\",\"itemListElement\":[{\"@type\":\"ListItem\",\"position\":1,\"name\":\"Home\",\"item\":\"https:\\\/\\\/egytourpackages.com\\\/es\\\/paquetes-de-viaje-a-egipto\\\/\"},{\"@type\":\"ListItem\",\"position\":2,\"name\":\"Shop\",\"item\":\"https:\\\/\\\/egytourpackages.com\\\/shop\\\/\"},{\"@type\":\"ListItem\",\"position\":3,\"name\":\"Excursi\u00f3n a Dendera y Abydos desde Marsa Alam\"}]},{\"@type\":\"WebSite\",\"@id\":\"https:\\\/\\\/egytourpackages.com\\\/es\\\/#website\",\"url\":\"https:\\\/\\\/egytourpackages.com\\\/es\\\/\",\"name\":\"Egy tour packages\",\"description\":\"\",\"publisher\":{\"@id\":\"https:\\\/\\\/egytourpackages.com\\\/es\\\/#organization\"},\"potentialAction\":[{\"@type\":\"SearchAction\",\"target\":{\"@type\":\"EntryPoint\",\"urlTemplate\":\"https:\\\/\\\/egytourpackages.com\\\/es\\\/?s={search_term_string}\"},\"query-input\":{\"@type\":\"PropertyValueSpecification\",\"valueRequired\":true,\"valueName\":\"search_term_string\"}}],\"inLanguage\":\"es\"},{\"@type\":[\"Organization\",\"Place\",\"TravelAgency\"],\"@id\":\"https:\\\/\\\/egytourpackages.com\\\/es\\\/#organization\",\"name\":\"egypt tour packages\",\"alternateName\":\"egypt tour packages\",\"url\":\"https:\\\/\\\/egytourpackages.com\\\/es\\\/\",\"logo\":{\"@id\":\"https:\\\/\\\/egytourpackages.com\\\/es\\\/tours\\\/excursion-a-dendera-y-abydos-desde-marsa-alam\\\/#local-main-organization-logo\"},\"image\":{\"@id\":\"https:\\\/\\\/egytourpackages.com\\\/es\\\/tours\\\/excursion-a-dendera-y-abydos-desde-marsa-alam\\\/#local-main-organization-logo\"},\"sameAs\":[\"https:\\\/\\\/www.facebook.com\\\/egytourpackages\"],\"legalName\":\"Egy tour packages\",\"address\":{\"@id\":\"https:\\\/\\\/egytourpackages.com\\\/es\\\/tours\\\/excursion-a-dendera-y-abydos-desde-marsa-alam\\\/#local-main-place-address\"},\"telephone\":[\"00201000852186\",\"00201028685533\"],\"contactPoint\":{\"@type\":\"ContactPoint\",\"telephone\":\"00201000852186\"},\"openingHoursSpecification\":[{\"@type\":\"OpeningHoursSpecification\",\"dayOfWeek\":[\"Monday\",\"Tuesday\",\"Wednesday\",\"Thursday\",\"Friday\",\"Saturday\",\"Sunday\"],\"opens\":\"00:00\",\"closes\":\"23:59\"}],\"email\":\"info@egytourpackages.com\",\"areaServed\":\"Cairo, Hurghada, Luxor, Sharm El Sheikh, Marsa Alam, Aswan\",\"priceRange\":\"$\",\"currenciesAccepted\":\"euro\",\"paymentAccepted\":\"Payment links online\"},{\"@type\":\"PostalAddress\",\"@id\":\"https:\\\/\\\/egytourpackages.com\\\/es\\\/tours\\\/excursion-a-dendera-y-abydos-desde-marsa-alam\\\/#local-main-place-address\",\"streetAddress\":\"Mubarak 8, Al Kawthar District, Hurghada\",\"addressLocality\":\"Hurghada\",\"postalCode\":\"84511\",\"addressRegion\":\"Red Sea\",\"addressCountry\":\"EG\"},{\"@type\":\"ImageObject\",\"inLanguage\":\"es\",\"@id\":\"https:\\\/\\\/egytourpackages.com\\\/es\\\/tours\\\/excursion-a-dendera-y-abydos-desde-marsa-alam\\\/#local-main-organization-logo\",\"url\":\"https:\\\/\\\/egytourpackages.com\\\/wp-content\\\/uploads\\\/2025\\\/12\\\/Turquoise-Dahabiya-Nile-Cruise-1.jpeg\",\"contentUrl\":\"https:\\\/\\\/egytourpackages.com\\\/wp-content\\\/uploads\\\/2025\\\/12\\\/Turquoise-Dahabiya-Nile-Cruise-1.jpeg\",\"width\":1040,\"height\":694,\"caption\":\"egypt tour packages\"}]}<\/script>\n<meta property=\"product:brand\" content=\"Excursiones Egipto\" \/>\n<meta property=\"product:price:amount\" content=\"150\" \/>\n<meta property=\"product:price:currency\" content=\"EUR\" \/>\n<meta property=\"og:availability\" content=\"instock\" \/>\n<meta property=\"product:availability\" content=\"instock\" \/>\n<meta property=\"product:retailer_item_id\" content=\"MAT04\" \/>\n<meta property=\"product:condition\" content=\"new\" \/>\n<meta name=\"geo.placename\" content=\"Hurghada\" \/>\n<meta name=\"geo.region\" content=\"Egipto\" \/>\n<!-- \/ Yoast SEO Premium plugin. -->","yoast_head_json":{"title":"Excursi\u00f3n a Dendera y Abydos desde Marsa Alam","description":"Reserve la excursi\u00f3n a Dendera y Abydos desde Marsa Alam. Descubra el Templo de Hathor, el Zod\u00edaco de Dendera y la Lista de Reyes de Abydos de Seti I.","robots":{"index":"index","follow":"follow","max-snippet":"max-snippet:-1","max-image-preview":"max-image-preview:large","max-video-preview":"max-video-preview:-1"},"canonical":"https:\/\/egytourpackages.com\/es\/tours\/excursion-a-dendera-y-abydos-desde-marsa-alam\/","og_locale":"es_ES","og_type":"article","og_title":"Excursi\u00f3n a Dendera y Abydos desde Marsa Alam","og_description":"Reserve la excursi\u00f3n a Dendera y Abydos desde Marsa Alam. Descubra el Templo de Hathor, el Zod\u00edaco de Dendera y la Lista de Reyes de Abydos de Seti I.","og_url":"https:\/\/egytourpackages.com\/es\/tours\/excursion-a-dendera-y-abydos-desde-marsa-alam\/","og_site_name":"Egypt Tour Packages","article_publisher":"https:\/\/www.facebook.com\/egytourpackages","article_modified_time":"2026-01-07T16:43:30+00:00","og_image":[{"width":2000,"height":1333,"url":"https:\/\/egytourpackages.com\/wp-content\/uploads\/2023\/07\/Dendera-temple-Qena.jpg","type":"image\/jpeg"}],"twitter_card":"summary_large_image","twitter_title":"Excursi\u00f3n a Dendera y Abydos desde Marsa Alam","twitter_description":"Reserve la excursi\u00f3n a Dendera y Abydos desde Marsa Alam. Descubra el Templo de Hathor, el Zod\u00edaco de Dendera y la Lista de Reyes de Abydos de Seti I.","twitter_misc":{"Precio":"&euro;150","Disponibilidad":"Disponible"},"schema":{"@context":"https:\/\/schema.org","@graph":[{"@type":"WebPage","@id":"https:\/\/egytourpackages.com\/es\/tours\/excursion-a-dendera-y-abydos-desde-marsa-alam\/","url":"https:\/\/egytourpackages.com\/es\/tours\/excursion-a-dendera-y-abydos-desde-marsa-alam\/","name":"Excursi\u00f3n a Dendera y Abydos desde Marsa Alam","isPartOf":{"@id":"https:\/\/egytourpackages.com\/es\/#website"},"primaryImageOfPage":{"@id":"https:\/\/egytourpackages.com\/es\/tours\/excursion-a-dendera-y-abydos-desde-marsa-alam\/#primaryimage"},"image":{"@id":"https:\/\/egytourpackages.com\/es\/tours\/excursion-a-dendera-y-abydos-desde-marsa-alam\/#primaryimage"},"thumbnailUrl":"https:\/\/egytourpackages.com\/wp-content\/uploads\/2023\/07\/Dendera-temple-Qena.jpg","datePublished":"2023-07-12T15:57:51+00:00","dateModified":"2026-01-07T16:43:30+00:00","description":"Reserve la excursi\u00f3n a Dendera y Abydos desde Marsa Alam. Descubra el Templo de Hathor, el Zod\u00edaco de Dendera y la Lista de Reyes de Abydos de Seti I.","breadcrumb":{"@id":"https:\/\/egytourpackages.com\/es\/tours\/excursion-a-dendera-y-abydos-desde-marsa-alam\/#breadcrumb"},"inLanguage":"es","potentialAction":[{"@type":"ReadAction","target":["https:\/\/egytourpackages.com\/es\/tours\/excursion-a-dendera-y-abydos-desde-marsa-alam\/"]}]},{"@type":"ImageObject","inLanguage":"es","@id":"https:\/\/egytourpackages.com\/es\/tours\/excursion-a-dendera-y-abydos-desde-marsa-alam\/#primaryimage","url":"https:\/\/egytourpackages.com\/wp-content\/uploads\/2023\/07\/Dendera-temple-Qena.jpg","contentUrl":"https:\/\/egytourpackages.com\/wp-content\/uploads\/2023\/07\/Dendera-temple-Qena.jpg","width":2000,"height":1333,"caption":"Excursi\u00f3n a Dendera y Abydos desde Marsa Alam"},{"@type":"BreadcrumbList","@id":"https:\/\/egytourpackages.com\/es\/tours\/excursion-a-dendera-y-abydos-desde-marsa-alam\/#breadcrumb","itemListElement":[{"@type":"ListItem","position":1,"name":"Home","item":"https:\/\/egytourpackages.com\/es\/paquetes-de-viaje-a-egipto\/"},{"@type":"ListItem","position":2,"name":"Shop","item":"https:\/\/egytourpackages.com\/shop\/"},{"@type":"ListItem","position":3,"name":"Excursi\u00f3n a Dendera y Abydos desde Marsa Alam"}]},{"@type":"WebSite","@id":"https:\/\/egytourpackages.com\/es\/#website","url":"https:\/\/egytourpackages.com\/es\/","name":"Egy tour packages","description":"","publisher":{"@id":"https:\/\/egytourpackages.com\/es\/#organization"},"potentialAction":[{"@type":"SearchAction","target":{"@type":"EntryPoint","urlTemplate":"https:\/\/egytourpackages.com\/es\/?s={search_term_string}"},"query-input":{"@type":"PropertyValueSpecification","valueRequired":true,"valueName":"search_term_string"}}],"inLanguage":"es"},{"@type":["Organization","Place","TravelAgency"],"@id":"https:\/\/egytourpackages.com\/es\/#organization","name":"egypt tour packages","alternateName":"egypt tour packages","url":"https:\/\/egytourpackages.com\/es\/","logo":{"@id":"https:\/\/egytourpackages.com\/es\/tours\/excursion-a-dendera-y-abydos-desde-marsa-alam\/#local-main-organization-logo"},"image":{"@id":"https:\/\/egytourpackages.com\/es\/tours\/excursion-a-dendera-y-abydos-desde-marsa-alam\/#local-main-organization-logo"},"sameAs":["https:\/\/www.facebook.com\/egytourpackages"],"legalName":"Egy tour packages","address":{"@id":"https:\/\/egytourpackages.com\/es\/tours\/excursion-a-dendera-y-abydos-desde-marsa-alam\/#local-main-place-address"},"telephone":["00201000852186","00201028685533"],"contactPoint":{"@type":"ContactPoint","telephone":"00201000852186"},"openingHoursSpecification":[{"@type":"OpeningHoursSpecification","dayOfWeek":["Monday","Tuesday","Wednesday","Thursday","Friday","Saturday","Sunday"],"opens":"00:00","closes":"23:59"}],"email":"info@egytourpackages.com","areaServed":"Cairo, Hurghada, Luxor, Sharm El Sheikh, Marsa Alam, Aswan","priceRange":"$","currenciesAccepted":"euro","paymentAccepted":"Payment links online"},{"@type":"PostalAddress","@id":"https:\/\/egytourpackages.com\/es\/tours\/excursion-a-dendera-y-abydos-desde-marsa-alam\/#local-main-place-address","streetAddress":"Mubarak 8, Al Kawthar District, Hurghada","addressLocality":"Hurghada","postalCode":"84511","addressRegion":"Red Sea","addressCountry":"EG"},{"@type":"ImageObject","inLanguage":"es","@id":"https:\/\/egytourpackages.com\/es\/tours\/excursion-a-dendera-y-abydos-desde-marsa-alam\/#local-main-organization-logo","url":"https:\/\/egytourpackages.com\/wp-content\/uploads\/2025\/12\/Turquoise-Dahabiya-Nile-Cruise-1.jpeg","contentUrl":"https:\/\/egytourpackages.com\/wp-content\/uploads\/2025\/12\/Turquoise-Dahabiya-Nile-Cruise-1.jpeg","width":1040,"height":694,"caption":"egypt tour packages"}]},"product_brand":"Excursiones Egipto","product_price_amount":"150","product_price_currency":"EUR","og_availability":"instock","product_availability":"instock","product_retailer_item_id":"MAT04","product_condition":"new","geo.placename":"Hurghada","geo.region":"Egipto"},"_links":{"self":[{"href":"https:\/\/egytourpackages.com\/es\/wp-json\/wp\/v2\/product\/10167","targetHints":{"allow":["GET"]}}],"collection":[{"href":"https:\/\/egytourpackages.com\/es\/wp-json\/wp\/v2\/product"}],"about":[{"href":"https:\/\/egytourpackages.com\/es\/wp-json\/wp\/v2\/types\/product"}],"replies":[{"embeddable":true,"href":"https:\/\/egytourpackages.com\/es\/wp-json\/wp\/v2\/comments?post=10167"}],"wp:featuredmedia":[{"embeddable":true,"href":"https:\/\/egytourpackages.com\/es\/wp-json\/wp\/v2\/media\/10168"}],"wp:attachment":[{"href":"https:\/\/egytourpackages.com\/es\/wp-json\/wp\/v2\/media?parent=10167"}],"wp:term":[{"taxonomy":"product_brand","embeddable":true,"href":"https:\/\/egytourpackages.com\/es\/wp-json\/wp\/v2\/product_brand?post=10167"},{"taxonomy":"product_cat","embeddable":true,"href":"https:\/\/egytourpackages.com\/es\/wp-json\/wp\/v2\/product_cat?post=10167"},{"taxonomy":"product_tag","embeddable":true,"href":"https:\/\/egytourpackages.com\/es\/wp-json\/wp\/v2\/product_tag?post=10167"}],"curies":[{"name":"wp","href":"https:\/\/api.w.org\/{rel}","templated":true}]}}