{"id":10169,"date":"2023-07-13T02:26:31","date_gmt":"2023-07-13T02:26:31","guid":{"rendered":"https:\/\/egytourpackages.com\/product\/snorkel-en-marsa-mubarak-desde-marsa-alam\/"},"modified":"2026-01-07T16:34:43","modified_gmt":"2026-01-07T16:34:43","slug":"snorkel-en-marsa-mubarak-desde-marsa-alam","status":"publish","type":"product","link":"https:\/\/egytourpackages.com\/es\/tours\/snorkel-en-marsa-mubarak-desde-marsa-alam\/","title":{"rendered":"Snorkel en Marsa Mubarak desde Marsa Alam"},"content":{"rendered":"<p><span style=\"color: #ff6600;\"><strong>Snorkel en Marsa Mubarak desde Marsa Alam | Avistamiento de Dugongo<\/strong><\/span><\/p>\n<p>La <strong>excursi\u00f3n de snorkel a Marsa Mubarak desde Marsa Alam<\/strong> ofrece la oportunidad de presenciar la <strong>belleza de la vida marina virgen<\/strong> de cerca con <strong>Egypt Tours<\/strong>.<\/p>\n<p>De hecho, <strong>Marsa Mubarak<\/strong> es un lugar <strong>ideal<\/strong> tanto para <strong>practicantes de snorkel<\/strong> como para <strong>buceadores<\/strong>. Este <strong>tour de un d\u00eda en Egipto<\/strong> es su v\u00eda para reconectar con la naturaleza, descubrir nuevas <strong>especies marinas<\/strong> y un <strong>ecosistema marino extraordinario<\/strong>.<\/p>\n<p>De hecho, es una de las <strong>mejores cosas que hacer en Marsa Alam<\/strong> para <strong>nadar con delfines<\/strong>, observar las <strong>tortugas verdes<\/strong> y el <strong>dugongo<\/strong>.<\/p>\n<h3><span style=\"color: #ff6600;\">Detalles del Tour<\/span><\/h3>\n<ul>\n<li>Duraci\u00f3n: 8 horas<\/li>\n<li>Ubicaci\u00f3n del Tour: Puerto Ghalib, Marsa Alam<\/li>\n<li>Disponibilidad del Tour: Todos los d\u00edas<\/li>\n<li>Recogida y Regreso: Su Hotel en Marsa Alam<\/li>\n<li>Tipo de Tour: Tour Recreativo<\/li>\n<li>Silla de Ruedas: No accesible<\/li>\n<\/ul>\n<h3><span style=\"color: #ff6600;\">Incluido en este Viaje<\/span><\/h3>\n<ul>\n<li>Traslado de ida y vuelta<\/li>\n<li>Almuerzo a bordo del Yate de lujo<\/li>\n<li>Equipo de snorkel<\/li>\n<li>Gu\u00eda de snorkel<\/li>\n<li>Bebidas fr\u00edas y calientes<\/li>\n<\/ul>\n<h3><span style=\"color: #ff6600;\">Excluido en la Excursi\u00f3n a Marsa Mubarak<\/span><\/h3>\n<ul>\n<li>DVD y fotos por el camar\u00f3grafo<\/li>\n<li>Buceo (<em>Scuba Diving<\/em>)<\/li>\n<li>Propinas<\/li>\n<li>Tasa de Reserva Natural de 5 USD por persona<\/li>\n<\/ul>\n<h3><span style=\"color: #ff6600;\">Qu\u00e9 empacar<\/span><\/h3>\n<ul>\n<li>Toalla de playa del hotel<\/li>\n<li>Sombrero o Pa\u00f1uelo<\/li>\n<li>Crema solar<\/li>\n<li>Traje de ba\u00f1o<\/li>\n<li>Copia de su pasaporte<\/li>\n<\/ul>\n<h2><span style=\"color: #ff6600;\">Itinerario<\/span><\/h2>\n<p>Comience el inolvidable <strong>Snorkel de D\u00eda Completo en Marsa Mubarak desde Marsa Alam<\/strong>, una <strong>experiencia de snorkel en el Mar Rojo<\/strong> verdaderamente excepcional.<\/p>\n<p>Su aventura comienza con una conveniente <strong>recogida en su hotel de Marsa Alam<\/strong>, traslad\u00e1ndole al muelle donde le espera su barco. Zarpe hacia las <strong>aguas cristalinas<\/strong> de la <strong>Bah\u00eda de Marsa Mubarak<\/strong>, famosa por su <strong>incre\u00edble biodiversidad marina<\/strong>.<\/p>\n<p>A lo largo del d\u00eda, disfrutar\u00e1 de <strong>m\u00faltiples paradas para hacer snorkel<\/strong>, guiado por <strong>instructores expertos<\/strong> que le conducir\u00e1n a los <strong>mejores puntos<\/strong>.<\/p>\n<p>Sum\u00e9rjase en las <strong>aguas turquesas<\/strong> y <strong>cristalinas<\/strong> para descubrir <strong>vibrantes arrecifes de coral<\/strong> repletos de <strong>peces de colores<\/strong>. El <strong>punto culminante<\/strong> de esta <strong>excursi\u00f3n de Marsa Alam<\/strong> es la oportunidad de <strong>nadar con dugongos<\/strong> y encontrarse con las majestuosas <strong>tortugas marinas verdes<\/strong> en su <strong>h\u00e1bitat natural<\/strong>.<\/p>\n<p>Se servir\u00e1 un delicioso <strong>almuerzo a bordo<\/strong> y refrescos, lo que le permitir\u00e1 relajarse y disfrutar de las <strong>impresionantes vistas costeras<\/strong>. Adem\u00e1s, <strong>Marsa Shouni<\/strong> es muy famosa por sus <strong>arrecifes de coral<\/strong> y diferentes tipos de peces.<\/p>\n<p>Por lo tanto, es un lugar incre\u00edble para el <strong>buceo<\/strong> (<em>scuba diving<\/em>) tanto para <strong>principiantes<\/strong> como para <strong>profesionales<\/strong>. Despu\u00e9s de un d\u00eda completo de <strong>exploraci\u00f3n acu\u00e1tica<\/strong>, regresar\u00e1 al muelle y ser\u00e1 trasladado de vuelta a su <strong>hotel en Marsa Alam<\/strong>, habiendo experimentado lo <strong>mejor de la vida marina de Marsa Mubarak<\/strong>.<\/p>\n<h3><span style=\"color: #ff6600;\">Precio Snorkel en Marsa Mubarak desde Marsa Alam<\/span><\/h3>\n<ul>\n<li>Precio Adulto = 50 \u20ac<\/li>\n<li>Ni\u00f1os 0-5 a\u00f1os = Gratis<\/li>\n<li>Ni\u00f1os 5 -11 a\u00f1os = 50% del precio adulto<\/li>\n<\/ul>\n<h3><span style=\"color: #ff6600;\">Reserva<\/span><\/h3>\n<p>Puede reservar su tour a trav\u00e9s de WhatsApp o enviarnos un correo electr\u00f3nico y recibir\u00e1 la confirmaci\u00f3n al instante en el acto.<\/p>\n<p>Por favor, env\u00edenos el nombre de su hotel, n\u00famero de habitaci\u00f3n y copias de pasaporte.<\/p>\n<ul>\n<li>WhatsApp: +201000852186<\/li>\n<li>Email: info@egytourpackages.com<\/li>\n<\/ul>\n<h3><span style=\"color: #ff6600;\">\u00a1Reserve Ahora y Pague en Destino!<\/span><\/h3>\n<p>Reserve su tour favorito y pague el d\u00eda del viaje.<\/p>\n<h3><span style=\"color: #ff6600;\">Pago<\/span><\/h3>\n<p>Puede pagar en Libras Egipcias, $ (d\u00f3lares), \u20ac\u200e (euros) o \u00a3 (libras esterlinas).<\/p>\n<h3><span style=\"color: #ff6600;\">Pol\u00edtica de Cancelaci\u00f3n<\/span><\/h3>\n<ul>\n<li>La cancelaci\u00f3n es gratuita hasta 24 horas de antelaci\u00f3n.<\/li>\n<\/ul>\n","protected":false},"excerpt":{"rendered":"<p>Snorkel en Marsa Mubarak desde Marsa Alam. Tour de d\u00eda completo para nadar con tortugas marinas y ver al dugongo en la Casa de los Delfines.\u00a1Reservar Ahora!<\/p>\n","protected":false},"featured_media":10171,"comment_status":"open","ping_status":"closed","template":"","meta":[],"product_brand":[],"product_cat":[3128],"product_tag":[3280,3188,3483],"class_list":{"0":"post-10169","1":"product","2":"type-product","3":"status-publish","4":"has-post-thumbnail","6":"product_cat-tours","7":"product_tag-excursiones-a-marsa-alam","8":"product_tag-excursiones-egipto","9":"product_tag-marsa-mubarak","10":"tour_category-excursiones-egipto-es","11":"tour_category-excursiones-en-marsa-alam-es","13":"first","14":"instock","15":"sale","16":"shipping-taxable","17":"purchasable","18":"product-type-tour","19":"has-default-attributes"},"yoast_head":"<!-- This site is optimized with the Yoast SEO Premium plugin v27.4 (Yoast SEO v27.4) - https:\/\/yoast.com\/product\/yoast-seo-premium-wordpress\/ -->\n<title>Snorkel en Marsa Mubarak desde Marsa Alam<\/title>\n<meta name=\"description\" content=\"Snorkel en Marsa Mubarak desde Marsa Alam. Tour de d\u00eda completo para nadar con tortugas marinas y ver al dugongo en la Casa de los Delfines.\u00a1Reservar Ahora!\" \/>\n<meta name=\"robots\" content=\"index, follow, max-snippet:-1, max-image-preview:large, max-video-preview:-1\" \/>\n<link rel=\"canonical\" href=\"https:\/\/egytourpackages.com\/es\/tours\/snorkel-en-marsa-mubarak-desde-marsa-alam\/\" \/>\n<meta property=\"og:locale\" content=\"es_ES\" \/>\n<meta property=\"og:type\" content=\"article\" \/>\n<meta property=\"og:title\" content=\"Snorkel en Marsa Mubarak desde Marsa Alam\" \/>\n<meta property=\"og:description\" content=\"Snorkel en Marsa Mubarak desde Marsa Alam. Tour de d\u00eda completo para nadar con tortugas marinas y ver al dugongo en la Casa de los Delfines.\u00a1Reservar Ahora!\" \/>\n<meta property=\"og:url\" content=\"https:\/\/egytourpackages.com\/es\/tours\/snorkel-en-marsa-mubarak-desde-marsa-alam\/\" \/>\n<meta property=\"og:site_name\" content=\"Egypt Tour Packages\" \/>\n<meta property=\"article:publisher\" content=\"https:\/\/www.facebook.com\/egytourpackages\" \/>\n<meta property=\"article:modified_time\" content=\"2026-01-07T16:34:43+00:00\" \/>\n<meta property=\"og:image\" content=\"https:\/\/egytourpackages.com\/wp-content\/uploads\/2023\/07\/Marsa-Mubarak-Snorkeling-trip.jpeg\" \/>\n<meta name=\"twitter:card\" content=\"summary_large_image\" \/>\n<meta name=\"twitter:title\" content=\"Snorkel en Marsa Mubarak desde Marsa Alam\" \/>\n<meta name=\"twitter:description\" content=\"Snorkel en Marsa Mubarak desde Marsa Alam. Tour de d\u00eda completo para nadar con tortugas marinas y ver al dugongo en la Casa de los Delfines.\u00a1Reservar Ahora!\" \/>\n<meta name=\"twitter:image\" content=\"https:\/\/egytourpackages.com\/wp-content\/uploads\/2023\/07\/Marsa-Mubarak-Snorkeling-trip.jpeg\" \/>\n<meta name=\"twitter:label1\" content=\"Precio\" \/>\n\t<meta name=\"twitter:data1\" content=\"&euro;50\" \/>\n\t<meta name=\"twitter:label2\" content=\"Disponibilidad\" \/>\n\t<meta name=\"twitter:data2\" content=\"Disponible\" \/>\n<script type=\"application\/ld+json\" class=\"yoast-schema-graph\">{\"@context\":\"https:\\\/\\\/schema.org\",\"@graph\":[{\"@type\":\"WebPage\",\"@id\":\"https:\\\/\\\/egytourpackages.com\\\/es\\\/tours\\\/snorkel-en-marsa-mubarak-desde-marsa-alam\\\/\",\"url\":\"https:\\\/\\\/egytourpackages.com\\\/es\\\/tours\\\/snorkel-en-marsa-mubarak-desde-marsa-alam\\\/\",\"name\":\"Snorkel en Marsa Mubarak desde Marsa Alam\",\"isPartOf\":{\"@id\":\"https:\\\/\\\/egytourpackages.com\\\/es\\\/#website\"},\"primaryImageOfPage\":{\"@id\":\"https:\\\/\\\/egytourpackages.com\\\/es\\\/tours\\\/snorkel-en-marsa-mubarak-desde-marsa-alam\\\/#primaryimage\"},\"image\":{\"@id\":\"https:\\\/\\\/egytourpackages.com\\\/es\\\/tours\\\/snorkel-en-marsa-mubarak-desde-marsa-alam\\\/#primaryimage\"},\"thumbnailUrl\":\"https:\\\/\\\/egytourpackages.com\\\/wp-content\\\/uploads\\\/2023\\\/07\\\/Marsa-Mubarak-Snorkeling-trip.jpeg\",\"datePublished\":\"2023-07-13T02:26:31+00:00\",\"dateModified\":\"2026-01-07T16:34:43+00:00\",\"description\":\"Snorkel en Marsa Mubarak desde Marsa Alam. Tour de d\u00eda completo para nadar con tortugas marinas y ver al dugongo en la Casa de los Delfines.\u00a1Reservar Ahora!\",\"breadcrumb\":{\"@id\":\"https:\\\/\\\/egytourpackages.com\\\/es\\\/tours\\\/snorkel-en-marsa-mubarak-desde-marsa-alam\\\/#breadcrumb\"},\"inLanguage\":\"es\",\"potentialAction\":[{\"@type\":\"ReadAction\",\"target\":[\"https:\\\/\\\/egytourpackages.com\\\/es\\\/tours\\\/snorkel-en-marsa-mubarak-desde-marsa-alam\\\/\"]}]},{\"@type\":\"ImageObject\",\"inLanguage\":\"es\",\"@id\":\"https:\\\/\\\/egytourpackages.com\\\/es\\\/tours\\\/snorkel-en-marsa-mubarak-desde-marsa-alam\\\/#primaryimage\",\"url\":\"https:\\\/\\\/egytourpackages.com\\\/wp-content\\\/uploads\\\/2023\\\/07\\\/Marsa-Mubarak-Snorkeling-trip.jpeg\",\"contentUrl\":\"https:\\\/\\\/egytourpackages.com\\\/wp-content\\\/uploads\\\/2023\\\/07\\\/Marsa-Mubarak-Snorkeling-trip.jpeg\",\"width\":960,\"height\":864,\"caption\":\"Snorkel en Marsa Mubarak desde Marsa Alam\"},{\"@type\":\"BreadcrumbList\",\"@id\":\"https:\\\/\\\/egytourpackages.com\\\/es\\\/tours\\\/snorkel-en-marsa-mubarak-desde-marsa-alam\\\/#breadcrumb\",\"itemListElement\":[{\"@type\":\"ListItem\",\"position\":1,\"name\":\"Home\",\"item\":\"https:\\\/\\\/egytourpackages.com\\\/es\\\/paquetes-de-viaje-a-egipto\\\/\"},{\"@type\":\"ListItem\",\"position\":2,\"name\":\"Shop\",\"item\":\"https:\\\/\\\/egytourpackages.com\\\/shop\\\/\"},{\"@type\":\"ListItem\",\"position\":3,\"name\":\"Snorkel en Marsa Mubarak desde Marsa Alam\"}]},{\"@type\":\"WebSite\",\"@id\":\"https:\\\/\\\/egytourpackages.com\\\/es\\\/#website\",\"url\":\"https:\\\/\\\/egytourpackages.com\\\/es\\\/\",\"name\":\"Egy tour packages\",\"description\":\"\",\"publisher\":{\"@id\":\"https:\\\/\\\/egytourpackages.com\\\/es\\\/#organization\"},\"potentialAction\":[{\"@type\":\"SearchAction\",\"target\":{\"@type\":\"EntryPoint\",\"urlTemplate\":\"https:\\\/\\\/egytourpackages.com\\\/es\\\/?s={search_term_string}\"},\"query-input\":{\"@type\":\"PropertyValueSpecification\",\"valueRequired\":true,\"valueName\":\"search_term_string\"}}],\"inLanguage\":\"es\"},{\"@type\":[\"Organization\",\"Place\",\"TravelAgency\"],\"@id\":\"https:\\\/\\\/egytourpackages.com\\\/es\\\/#organization\",\"name\":\"egypt tour packages\",\"alternateName\":\"egypt tour packages\",\"url\":\"https:\\\/\\\/egytourpackages.com\\\/es\\\/\",\"logo\":{\"@id\":\"https:\\\/\\\/egytourpackages.com\\\/es\\\/tours\\\/snorkel-en-marsa-mubarak-desde-marsa-alam\\\/#local-main-organization-logo\"},\"image\":{\"@id\":\"https:\\\/\\\/egytourpackages.com\\\/es\\\/tours\\\/snorkel-en-marsa-mubarak-desde-marsa-alam\\\/#local-main-organization-logo\"},\"sameAs\":[\"https:\\\/\\\/www.facebook.com\\\/egytourpackages\"],\"legalName\":\"Egy tour packages\",\"address\":{\"@id\":\"https:\\\/\\\/egytourpackages.com\\\/es\\\/tours\\\/snorkel-en-marsa-mubarak-desde-marsa-alam\\\/#local-main-place-address\"},\"telephone\":[\"00201000852186\",\"00201028685533\"],\"contactPoint\":{\"@type\":\"ContactPoint\",\"telephone\":\"00201000852186\"},\"openingHoursSpecification\":[{\"@type\":\"OpeningHoursSpecification\",\"dayOfWeek\":[\"Monday\",\"Tuesday\",\"Wednesday\",\"Thursday\",\"Friday\",\"Saturday\",\"Sunday\"],\"opens\":\"00:00\",\"closes\":\"23:59\"}],\"email\":\"info@egytourpackages.com\",\"areaServed\":\"Cairo, Hurghada, Luxor, Sharm El Sheikh, Marsa Alam, Aswan\",\"priceRange\":\"$\",\"currenciesAccepted\":\"euro\",\"paymentAccepted\":\"Payment links online\"},{\"@type\":\"PostalAddress\",\"@id\":\"https:\\\/\\\/egytourpackages.com\\\/es\\\/tours\\\/snorkel-en-marsa-mubarak-desde-marsa-alam\\\/#local-main-place-address\",\"streetAddress\":\"Mubarak 8, Al Kawthar District, Hurghada\",\"addressLocality\":\"Hurghada\",\"postalCode\":\"84511\",\"addressRegion\":\"Red Sea\",\"addressCountry\":\"EG\"},{\"@type\":\"ImageObject\",\"inLanguage\":\"es\",\"@id\":\"https:\\\/\\\/egytourpackages.com\\\/es\\\/tours\\\/snorkel-en-marsa-mubarak-desde-marsa-alam\\\/#local-main-organization-logo\",\"url\":\"https:\\\/\\\/egytourpackages.com\\\/wp-content\\\/uploads\\\/2025\\\/12\\\/Turquoise-Dahabiya-Nile-Cruise-1.jpeg\",\"contentUrl\":\"https:\\\/\\\/egytourpackages.com\\\/wp-content\\\/uploads\\\/2025\\\/12\\\/Turquoise-Dahabiya-Nile-Cruise-1.jpeg\",\"width\":1040,\"height\":694,\"caption\":\"egypt tour packages\"}]}<\/script>\n<meta property=\"product:brand\" content=\"Excursiones Egipto\" \/>\n<meta property=\"product:price:amount\" content=\"50\" \/>\n<meta property=\"product:price:currency\" content=\"EUR\" \/>\n<meta property=\"og:availability\" content=\"instock\" \/>\n<meta property=\"product:availability\" content=\"instock\" \/>\n<meta property=\"product:retailer_item_id\" content=\"MAT10\" \/>\n<meta property=\"product:condition\" content=\"new\" \/>\n<meta name=\"geo.placename\" content=\"Hurghada\" \/>\n<meta name=\"geo.region\" content=\"Egipto\" \/>\n<!-- \/ Yoast SEO Premium plugin. -->","yoast_head_json":{"title":"Snorkel en Marsa Mubarak desde Marsa Alam","description":"Snorkel en Marsa Mubarak desde Marsa Alam. Tour de d\u00eda completo para nadar con tortugas marinas y ver al dugongo en la Casa de los Delfines.\u00a1Reservar Ahora!","robots":{"index":"index","follow":"follow","max-snippet":"max-snippet:-1","max-image-preview":"max-image-preview:large","max-video-preview":"max-video-preview:-1"},"canonical":"https:\/\/egytourpackages.com\/es\/tours\/snorkel-en-marsa-mubarak-desde-marsa-alam\/","og_locale":"es_ES","og_type":"article","og_title":"Snorkel en Marsa Mubarak desde Marsa Alam","og_description":"Snorkel en Marsa Mubarak desde Marsa Alam. Tour de d\u00eda completo para nadar con tortugas marinas y ver al dugongo en la Casa de los Delfines.\u00a1Reservar Ahora!","og_url":"https:\/\/egytourpackages.com\/es\/tours\/snorkel-en-marsa-mubarak-desde-marsa-alam\/","og_site_name":"Egypt Tour Packages","article_publisher":"https:\/\/www.facebook.com\/egytourpackages","article_modified_time":"2026-01-07T16:34:43+00:00","og_image":[{"url":"https:\/\/egytourpackages.com\/wp-content\/uploads\/2023\/07\/Marsa-Mubarak-Snorkeling-trip.jpeg","type":"","width":"","height":""}],"twitter_card":"summary_large_image","twitter_title":"Snorkel en Marsa Mubarak desde Marsa Alam","twitter_description":"Snorkel en Marsa Mubarak desde Marsa Alam. Tour de d\u00eda completo para nadar con tortugas marinas y ver al dugongo en la Casa de los Delfines.\u00a1Reservar Ahora!","twitter_image":"https:\/\/egytourpackages.com\/wp-content\/uploads\/2023\/07\/Marsa-Mubarak-Snorkeling-trip.jpeg","twitter_misc":{"Precio":"&euro;50","Disponibilidad":"Disponible"},"schema":{"@context":"https:\/\/schema.org","@graph":[{"@type":"WebPage","@id":"https:\/\/egytourpackages.com\/es\/tours\/snorkel-en-marsa-mubarak-desde-marsa-alam\/","url":"https:\/\/egytourpackages.com\/es\/tours\/snorkel-en-marsa-mubarak-desde-marsa-alam\/","name":"Snorkel en Marsa Mubarak desde Marsa Alam","isPartOf":{"@id":"https:\/\/egytourpackages.com\/es\/#website"},"primaryImageOfPage":{"@id":"https:\/\/egytourpackages.com\/es\/tours\/snorkel-en-marsa-mubarak-desde-marsa-alam\/#primaryimage"},"image":{"@id":"https:\/\/egytourpackages.com\/es\/tours\/snorkel-en-marsa-mubarak-desde-marsa-alam\/#primaryimage"},"thumbnailUrl":"https:\/\/egytourpackages.com\/wp-content\/uploads\/2023\/07\/Marsa-Mubarak-Snorkeling-trip.jpeg","datePublished":"2023-07-13T02:26:31+00:00","dateModified":"2026-01-07T16:34:43+00:00","description":"Snorkel en Marsa Mubarak desde Marsa Alam. Tour de d\u00eda completo para nadar con tortugas marinas y ver al dugongo en la Casa de los Delfines.\u00a1Reservar Ahora!","breadcrumb":{"@id":"https:\/\/egytourpackages.com\/es\/tours\/snorkel-en-marsa-mubarak-desde-marsa-alam\/#breadcrumb"},"inLanguage":"es","potentialAction":[{"@type":"ReadAction","target":["https:\/\/egytourpackages.com\/es\/tours\/snorkel-en-marsa-mubarak-desde-marsa-alam\/"]}]},{"@type":"ImageObject","inLanguage":"es","@id":"https:\/\/egytourpackages.com\/es\/tours\/snorkel-en-marsa-mubarak-desde-marsa-alam\/#primaryimage","url":"https:\/\/egytourpackages.com\/wp-content\/uploads\/2023\/07\/Marsa-Mubarak-Snorkeling-trip.jpeg","contentUrl":"https:\/\/egytourpackages.com\/wp-content\/uploads\/2023\/07\/Marsa-Mubarak-Snorkeling-trip.jpeg","width":960,"height":864,"caption":"Snorkel en Marsa Mubarak desde Marsa Alam"},{"@type":"BreadcrumbList","@id":"https:\/\/egytourpackages.com\/es\/tours\/snorkel-en-marsa-mubarak-desde-marsa-alam\/#breadcrumb","itemListElement":[{"@type":"ListItem","position":1,"name":"Home","item":"https:\/\/egytourpackages.com\/es\/paquetes-de-viaje-a-egipto\/"},{"@type":"ListItem","position":2,"name":"Shop","item":"https:\/\/egytourpackages.com\/shop\/"},{"@type":"ListItem","position":3,"name":"Snorkel en Marsa Mubarak desde Marsa Alam"}]},{"@type":"WebSite","@id":"https:\/\/egytourpackages.com\/es\/#website","url":"https:\/\/egytourpackages.com\/es\/","name":"Egy tour packages","description":"","publisher":{"@id":"https:\/\/egytourpackages.com\/es\/#organization"},"potentialAction":[{"@type":"SearchAction","target":{"@type":"EntryPoint","urlTemplate":"https:\/\/egytourpackages.com\/es\/?s={search_term_string}"},"query-input":{"@type":"PropertyValueSpecification","valueRequired":true,"valueName":"search_term_string"}}],"inLanguage":"es"},{"@type":["Organization","Place","TravelAgency"],"@id":"https:\/\/egytourpackages.com\/es\/#organization","name":"egypt tour packages","alternateName":"egypt tour packages","url":"https:\/\/egytourpackages.com\/es\/","logo":{"@id":"https:\/\/egytourpackages.com\/es\/tours\/snorkel-en-marsa-mubarak-desde-marsa-alam\/#local-main-organization-logo"},"image":{"@id":"https:\/\/egytourpackages.com\/es\/tours\/snorkel-en-marsa-mubarak-desde-marsa-alam\/#local-main-organization-logo"},"sameAs":["https:\/\/www.facebook.com\/egytourpackages"],"legalName":"Egy tour packages","address":{"@id":"https:\/\/egytourpackages.com\/es\/tours\/snorkel-en-marsa-mubarak-desde-marsa-alam\/#local-main-place-address"},"telephone":["00201000852186","00201028685533"],"contactPoint":{"@type":"ContactPoint","telephone":"00201000852186"},"openingHoursSpecification":[{"@type":"OpeningHoursSpecification","dayOfWeek":["Monday","Tuesday","Wednesday","Thursday","Friday","Saturday","Sunday"],"opens":"00:00","closes":"23:59"}],"email":"info@egytourpackages.com","areaServed":"Cairo, Hurghada, Luxor, Sharm El Sheikh, Marsa Alam, Aswan","priceRange":"$","currenciesAccepted":"euro","paymentAccepted":"Payment links online"},{"@type":"PostalAddress","@id":"https:\/\/egytourpackages.com\/es\/tours\/snorkel-en-marsa-mubarak-desde-marsa-alam\/#local-main-place-address","streetAddress":"Mubarak 8, Al Kawthar District, Hurghada","addressLocality":"Hurghada","postalCode":"84511","addressRegion":"Red Sea","addressCountry":"EG"},{"@type":"ImageObject","inLanguage":"es","@id":"https:\/\/egytourpackages.com\/es\/tours\/snorkel-en-marsa-mubarak-desde-marsa-alam\/#local-main-organization-logo","url":"https:\/\/egytourpackages.com\/wp-content\/uploads\/2025\/12\/Turquoise-Dahabiya-Nile-Cruise-1.jpeg","contentUrl":"https:\/\/egytourpackages.com\/wp-content\/uploads\/2025\/12\/Turquoise-Dahabiya-Nile-Cruise-1.jpeg","width":1040,"height":694,"caption":"egypt tour packages"}]},"product_brand":"Excursiones Egipto","product_price_amount":"50","product_price_currency":"EUR","og_availability":"instock","product_availability":"instock","product_retailer_item_id":"MAT10","product_condition":"new","geo.placename":"Hurghada","geo.region":"Egipto"},"_links":{"self":[{"href":"https:\/\/egytourpackages.com\/es\/wp-json\/wp\/v2\/product\/10169","targetHints":{"allow":["GET"]}}],"collection":[{"href":"https:\/\/egytourpackages.com\/es\/wp-json\/wp\/v2\/product"}],"about":[{"href":"https:\/\/egytourpackages.com\/es\/wp-json\/wp\/v2\/types\/product"}],"replies":[{"embeddable":true,"href":"https:\/\/egytourpackages.com\/es\/wp-json\/wp\/v2\/comments?post=10169"}],"wp:featuredmedia":[{"embeddable":true,"href":"https:\/\/egytourpackages.com\/es\/wp-json\/wp\/v2\/media\/10171"}],"wp:attachment":[{"href":"https:\/\/egytourpackages.com\/es\/wp-json\/wp\/v2\/media?parent=10169"}],"wp:term":[{"taxonomy":"product_brand","embeddable":true,"href":"https:\/\/egytourpackages.com\/es\/wp-json\/wp\/v2\/product_brand?post=10169"},{"taxonomy":"product_cat","embeddable":true,"href":"https:\/\/egytourpackages.com\/es\/wp-json\/wp\/v2\/product_cat?post=10169"},{"taxonomy":"product_tag","embeddable":true,"href":"https:\/\/egytourpackages.com\/es\/wp-json\/wp\/v2\/product_tag?post=10169"}],"curies":[{"name":"wp","href":"https:\/\/api.w.org\/{rel}","templated":true}]}}