{"id":10172,"date":"2023-07-12T19:36:10","date_gmt":"2023-07-12T19:36:10","guid":{"rendered":"https:\/\/egytourpackages.com\/product\/snorkel-de-dia-completo-en-abu-dabbab-desde-marsa-alam\/"},"modified":"2026-01-07T18:22:06","modified_gmt":"2026-01-07T18:22:06","slug":"snorkel-de-dia-completo-en-abu-dabbab-desde-marsa-alam","status":"publish","type":"product","link":"https:\/\/egytourpackages.com\/es\/tours\/snorkel-de-dia-completo-en-abu-dabbab-desde-marsa-alam\/","title":{"rendered":"Snorkel de D\u00eda Completo en Abu Dabbab desde Marsa Alam"},"content":{"rendered":"<p><span style=\"color: #ff6600;\"><strong>Snorkel de D\u00eda Completo en Abu Dabbab desde Marsa Alam | Mejores Excursiones<\/strong><\/span><\/p>\n<p>Prep\u00e1rese para un inolvidable <strong>Snorkel de D\u00eda Completo en Abu Dabbab desde Marsa Alam<\/strong>, reconocido como uno de los <strong>mejores puntos marinos<\/strong> del Mar Rojo.<\/p>\n<p>Esta inmersiva <strong>excursi\u00f3n de snorkel en Marsa Alam<\/strong> ofrece una oportunidad \u00fanica para explorar las <strong>aguas cristalinas<\/strong> y los <strong>vibrantes arrecifes de coral<\/strong> de la <strong>Bah\u00eda de Abu Dabbab<\/strong>, famosa por ser el hogar de los d\u00f3ciles <strong>dugongos<\/strong>, <strong>delfines<\/strong> y las majestuosas <strong>tortugas marinas verdes<\/strong>.<\/p>\n<p>De hecho, este <strong>viaje de snorkel a Abu Dabbab<\/strong> ofrece una experiencia inmersiva en las maravillas del <strong>Mar Rojo<\/strong> con <strong>Egypt Tours<\/strong>. En realidad, los <strong>tours de Marsa Alam<\/strong> incluyen un refugio para los <strong>amantes del mundo submarino<\/strong> y la <strong>vida marina<\/strong> vibrante. Reserve su <strong>paquete a Egipto<\/strong> con Abu Dabbab y pase un d\u00eda muy relajante e <strong>momentos inolvidables<\/strong> bajo el agua.<\/p>\n<h3><span style=\"color: #ff6600;\">Detalles del Tour<\/span><\/h3>\n<ul>\n<li>Duraci\u00f3n: 7 horas<\/li>\n<li>Ubicaci\u00f3n del Tour: Marsa Alam<\/li>\n<li>Disponibilidad del Tour: Todos los d\u00edas<\/li>\n<li>Recogida y Regreso: Su Hotel en Marsa Alam<\/li>\n<li>Tipo de Tour: Tour Recreativo<\/li>\n<li>Silla de Ruedas: Accesible<\/li>\n<\/ul>\n<h3><span style=\"color: #ff6600;\">Incluido en el Viaje a Abu Dabbab<\/span><\/h3>\n<ul>\n<li>Traslado de ida y vuelta<\/li>\n<li>Almuerzo<\/li>\n<li>Sombrilla y tumbona<\/li>\n<li>Agua durante el d\u00eda<\/li>\n<\/ul>\n<h3><span style=\"color: #ff6600;\">Excluido en el Viaje a Abu Dabbab<\/span><\/h3>\n<ul>\n<li>Equipo de snorkel<\/li>\n<li>Bebidas en los restaurantes y bares de la playa<\/li>\n<li>Buceo (<em>Scuba Diving<\/em>)<\/li>\n<\/ul>\n<h3><span style=\"color: #ff6600;\">Qu\u00e9 empacar<\/span><\/h3>\n<ul>\n<li>Toalla de playa del hotel<\/li>\n<li>Sombrero o Pa\u00f1uelo<\/li>\n<li>Crema solar<\/li>\n<li>Traje de ba\u00f1o<\/li>\n<li>Algo de cambio (dinero en efectivo)<\/li>\n<\/ul>\n<h2><span style=\"color: #ff6600;\">Itinerario<\/span><\/h2>\n<p>Su d\u00eda comienza con una c\u00f3moda <strong>recogida en su hotel de Marsa Alam<\/strong>, seguida de un confortable traslado a Abu Dabbab. Al llegar, se equipar\u00e1 con el <strong>equipo de snorkel<\/strong> provisto y se sumergir\u00e1 en las <strong>aguas tranquilas y poco profundas<\/strong> de la bah\u00eda.<\/p>\n<p><strong>Gu\u00edas expertos<\/strong> le llevar\u00e1n a los <strong>mejores puntos<\/strong>, asegurando incre\u00edbles encuentros con una <strong>vida marina diversa<\/strong>, desde peces de colores hasta los <strong>dugongos<\/strong> y <strong>tortugas<\/strong> residentes de la bah\u00eda. De hecho, esto la convierte en una de las <strong>mejores excursiones de Marsa Alam<\/strong> para los <strong>amantes de la naturaleza<\/strong> y una <strong>experiencia de snorkel en el Mar Rojo<\/strong> esencial.<\/p>\n<p>El <strong>almuerzo<\/strong> y los refrigerios suelen estar incluidos, ofreciendo una inmersi\u00f3n relajante de d\u00eda completo en el <strong>para\u00edso submarino de Egipto<\/strong>.<\/p>\n<p>Las <strong>excursiones desde Marsa Alam<\/strong> a la <strong>bah\u00eda de las tortugas<\/strong> le permiten descubrir la <strong>vida marina en el Mar Rojo<\/strong>, los <strong>peces del Mar Rojo<\/strong> y los <strong>arrecifes de coral del Mar Rojo<\/strong>. De hecho, los tours de Egipto a Abu Dabbab son una de las <strong>mejores cosas que hacer en Marsa Alam<\/strong>, con la posibilidad de hacer <strong>buceo en Abu Dabbab<\/strong> con cargo adicional.<\/p>\n<h3><span style=\"color: #ff6600;\">Precio Snorkel de D\u00eda Completo en Abu Dabbab desde Marsa Alam<\/span><\/h3>\n<ul>\n<li>Precio Adulto = 75 \u20ac<\/li>\n<li>Ni\u00f1os 0-5 a\u00f1os = Gratis<\/li>\n<li>Ni\u00f1os 5 -11 a\u00f1os = 50% del precio adulto<\/li>\n<\/ul>\n<h3><span style=\"color: #ff6600;\">Reserva<\/span><\/h3>\n<p>Puede reservar su tour a trav\u00e9s de WhatsApp o enviarnos un correo electr\u00f3nico y recibir\u00e1 la confirmaci\u00f3n al instante.<\/p>\n<p>Por favor, env\u00edenos el nombre de su hotel, n\u00famero de habitaci\u00f3n y copias de pasaporte.<\/p>\n<ul>\n<li>WhatsApp: +201000852186<\/li>\n<li>Email: info@egytourpackages.com<\/li>\n<\/ul>\n<h3><span style=\"color: #ff6600;\">\u00a1Reserve Ahora y Pague en Destino!<\/span><\/h3>\n<p>Reserve su tour favorito y pague el d\u00eda del viaje.<\/p>\n<h3><span style=\"color: #ff6600;\">Pago<\/span><\/h3>\n<p>Puede pagar en Libras Egipcias, $ (d\u00f3lares), \u20ac\u200e (euros) o \u00a3 (libras esterlinas).<\/p>\n<h3><span style=\"color: #ff6600;\">Pol\u00edtica de Cancelaci\u00f3n<\/span><\/h3>\n<ul>\n<li>La cancelaci\u00f3n es gratuita hasta 24 horas de antelaci\u00f3n.<\/li>\n<li>La cancelaci\u00f3n por la ma\u00f1ana (del d\u00eda del tour) es el 50% del precio<\/li>\n<\/ul>\n","protected":false},"excerpt":{"rendered":"<p>Snorkel de D\u00eda Completo en Abu Dabbab desde Marsa Alam. Excursi\u00f3n para nadar con tortugas marinas verdes y buscar al dugongo en la bah\u00eda.\u00a1El mejor snorkel!<\/p>\n","protected":false},"featured_media":10173,"comment_status":"open","ping_status":"closed","template":"","meta":[],"product_brand":[],"product_cat":[3128],"product_tag":[3484,3486,3485,3280,3188],"class_list":{"0":"post-10172","1":"product","2":"type-product","3":"status-publish","4":"has-post-thumbnail","6":"product_cat-tours","7":"product_tag-arrecife-de-la-casa-abu-dabbab","8":"product_tag-bahia-dugong","9":"product_tag-buceo-en-abu-dabbab","10":"product_tag-excursiones-a-marsa-alam","11":"product_tag-excursiones-egipto","12":"tour_category-excursiones-egipto-es","13":"tour_category-excursiones-en-marsa-alam-es","15":"first","16":"instock","17":"sale","18":"shipping-taxable","19":"purchasable","20":"product-type-tour","21":"has-default-attributes"},"yoast_head":"<!-- This site is optimized with the Yoast SEO Premium plugin v27.4 (Yoast SEO v27.4) - https:\/\/yoast.com\/product\/yoast-seo-premium-wordpress\/ -->\n<title>Snorkel de D\u00eda Completo en Abu Dabbab desde Marsa Alam<\/title>\n<meta name=\"description\" content=\"Snorkel de D\u00eda Completo en Abu Dabbab desde Marsa Alam. Excursi\u00f3n para nadar con tortugas marinas verdes y buscar al dugongo en la bah\u00eda.\u00a1El mejor snorkel!\" \/>\n<meta name=\"robots\" content=\"index, follow, max-snippet:-1, max-image-preview:large, max-video-preview:-1\" \/>\n<link rel=\"canonical\" href=\"https:\/\/egytourpackages.com\/es\/tours\/snorkel-de-dia-completo-en-abu-dabbab-desde-marsa-alam\/\" \/>\n<meta property=\"og:locale\" content=\"es_ES\" \/>\n<meta property=\"og:type\" content=\"article\" \/>\n<meta property=\"og:title\" content=\"Snorkel de D\u00eda Completo en Abu Dabbab desde Marsa Alam\" \/>\n<meta property=\"og:description\" content=\"Snorkel de D\u00eda Completo en Abu Dabbab desde Marsa Alam. Excursi\u00f3n para nadar con tortugas marinas verdes y buscar al dugongo en la bah\u00eda.\u00a1El mejor snorkel!\" \/>\n<meta property=\"og:url\" content=\"https:\/\/egytourpackages.com\/es\/tours\/snorkel-de-dia-completo-en-abu-dabbab-desde-marsa-alam\/\" \/>\n<meta property=\"og:site_name\" content=\"Egypt Tour Packages\" \/>\n<meta property=\"article:publisher\" content=\"https:\/\/www.facebook.com\/egytourpackages\" \/>\n<meta property=\"article:modified_time\" content=\"2026-01-07T18:22:06+00:00\" \/>\n<meta property=\"og:image\" content=\"https:\/\/egytourpackages.com\/wp-content\/uploads\/2023\/07\/Snorkeling-Abu-Dabbab.jpg\" \/>\n<meta name=\"twitter:card\" content=\"summary_large_image\" \/>\n<meta name=\"twitter:title\" content=\"Snorkel de D\u00eda Completo en Abu Dabbab desde Marsa Alam\" \/>\n<meta name=\"twitter:description\" content=\"Snorkel de D\u00eda Completo en Abu Dabbab desde Marsa Alam. Excursi\u00f3n para nadar con tortugas marinas verdes y buscar al dugongo en la bah\u00eda.\u00a1El mejor snorkel!\" \/>\n<meta name=\"twitter:image\" content=\"https:\/\/egytourpackages.com\/wp-content\/uploads\/2023\/07\/Snorkeling-Abu-Dabbab.jpg\" \/>\n<meta name=\"twitter:label1\" content=\"Precio\" \/>\n\t<meta name=\"twitter:data1\" content=\"&euro;75\" \/>\n\t<meta name=\"twitter:label2\" content=\"Disponibilidad\" \/>\n\t<meta name=\"twitter:data2\" content=\"Disponible\" \/>\n<script type=\"application\/ld+json\" class=\"yoast-schema-graph\">{\"@context\":\"https:\\\/\\\/schema.org\",\"@graph\":[{\"@type\":\"WebPage\",\"@id\":\"https:\\\/\\\/egytourpackages.com\\\/es\\\/tours\\\/snorkel-de-dia-completo-en-abu-dabbab-desde-marsa-alam\\\/\",\"url\":\"https:\\\/\\\/egytourpackages.com\\\/es\\\/tours\\\/snorkel-de-dia-completo-en-abu-dabbab-desde-marsa-alam\\\/\",\"name\":\"Snorkel de D\u00eda Completo en Abu Dabbab desde Marsa Alam\",\"isPartOf\":{\"@id\":\"https:\\\/\\\/egytourpackages.com\\\/es\\\/#website\"},\"primaryImageOfPage\":{\"@id\":\"https:\\\/\\\/egytourpackages.com\\\/es\\\/tours\\\/snorkel-de-dia-completo-en-abu-dabbab-desde-marsa-alam\\\/#primaryimage\"},\"image\":{\"@id\":\"https:\\\/\\\/egytourpackages.com\\\/es\\\/tours\\\/snorkel-de-dia-completo-en-abu-dabbab-desde-marsa-alam\\\/#primaryimage\"},\"thumbnailUrl\":\"https:\\\/\\\/egytourpackages.com\\\/wp-content\\\/uploads\\\/2023\\\/07\\\/Snorkeling-Abu-Dabbab.jpg\",\"datePublished\":\"2023-07-12T19:36:10+00:00\",\"dateModified\":\"2026-01-07T18:22:06+00:00\",\"description\":\"Snorkel de D\u00eda Completo en Abu Dabbab desde Marsa Alam. Excursi\u00f3n para nadar con tortugas marinas verdes y buscar al dugongo en la bah\u00eda.\u00a1El mejor snorkel!\",\"breadcrumb\":{\"@id\":\"https:\\\/\\\/egytourpackages.com\\\/es\\\/tours\\\/snorkel-de-dia-completo-en-abu-dabbab-desde-marsa-alam\\\/#breadcrumb\"},\"inLanguage\":\"es\",\"potentialAction\":[{\"@type\":\"ReadAction\",\"target\":[\"https:\\\/\\\/egytourpackages.com\\\/es\\\/tours\\\/snorkel-de-dia-completo-en-abu-dabbab-desde-marsa-alam\\\/\"]}]},{\"@type\":\"ImageObject\",\"inLanguage\":\"es\",\"@id\":\"https:\\\/\\\/egytourpackages.com\\\/es\\\/tours\\\/snorkel-de-dia-completo-en-abu-dabbab-desde-marsa-alam\\\/#primaryimage\",\"url\":\"https:\\\/\\\/egytourpackages.com\\\/wp-content\\\/uploads\\\/2023\\\/07\\\/Snorkeling-Abu-Dabbab.jpg\",\"contentUrl\":\"https:\\\/\\\/egytourpackages.com\\\/wp-content\\\/uploads\\\/2023\\\/07\\\/Snorkeling-Abu-Dabbab.jpg\",\"width\":1000,\"height\":750,\"caption\":\"Esn\u00f3rquel en Abu Dabbab\"},{\"@type\":\"BreadcrumbList\",\"@id\":\"https:\\\/\\\/egytourpackages.com\\\/es\\\/tours\\\/snorkel-de-dia-completo-en-abu-dabbab-desde-marsa-alam\\\/#breadcrumb\",\"itemListElement\":[{\"@type\":\"ListItem\",\"position\":1,\"name\":\"Home\",\"item\":\"https:\\\/\\\/egytourpackages.com\\\/es\\\/paquetes-de-viaje-a-egipto\\\/\"},{\"@type\":\"ListItem\",\"position\":2,\"name\":\"Shop\",\"item\":\"https:\\\/\\\/egytourpackages.com\\\/shop\\\/\"},{\"@type\":\"ListItem\",\"position\":3,\"name\":\"Snorkel de D\u00eda Completo en Abu Dabbab desde Marsa Alam\"}]},{\"@type\":\"WebSite\",\"@id\":\"https:\\\/\\\/egytourpackages.com\\\/es\\\/#website\",\"url\":\"https:\\\/\\\/egytourpackages.com\\\/es\\\/\",\"name\":\"Egy tour packages\",\"description\":\"\",\"publisher\":{\"@id\":\"https:\\\/\\\/egytourpackages.com\\\/es\\\/#organization\"},\"potentialAction\":[{\"@type\":\"SearchAction\",\"target\":{\"@type\":\"EntryPoint\",\"urlTemplate\":\"https:\\\/\\\/egytourpackages.com\\\/es\\\/?s={search_term_string}\"},\"query-input\":{\"@type\":\"PropertyValueSpecification\",\"valueRequired\":true,\"valueName\":\"search_term_string\"}}],\"inLanguage\":\"es\"},{\"@type\":[\"Organization\",\"Place\",\"TravelAgency\"],\"@id\":\"https:\\\/\\\/egytourpackages.com\\\/es\\\/#organization\",\"name\":\"egypt tour packages\",\"alternateName\":\"egypt tour packages\",\"url\":\"https:\\\/\\\/egytourpackages.com\\\/es\\\/\",\"logo\":{\"@id\":\"https:\\\/\\\/egytourpackages.com\\\/es\\\/tours\\\/snorkel-de-dia-completo-en-abu-dabbab-desde-marsa-alam\\\/#local-main-organization-logo\"},\"image\":{\"@id\":\"https:\\\/\\\/egytourpackages.com\\\/es\\\/tours\\\/snorkel-de-dia-completo-en-abu-dabbab-desde-marsa-alam\\\/#local-main-organization-logo\"},\"sameAs\":[\"https:\\\/\\\/www.facebook.com\\\/egytourpackages\"],\"legalName\":\"Egy tour packages\",\"address\":{\"@id\":\"https:\\\/\\\/egytourpackages.com\\\/es\\\/tours\\\/snorkel-de-dia-completo-en-abu-dabbab-desde-marsa-alam\\\/#local-main-place-address\"},\"telephone\":[\"00201000852186\",\"00201028685533\"],\"contactPoint\":{\"@type\":\"ContactPoint\",\"telephone\":\"00201000852186\"},\"openingHoursSpecification\":[{\"@type\":\"OpeningHoursSpecification\",\"dayOfWeek\":[\"Monday\",\"Tuesday\",\"Wednesday\",\"Thursday\",\"Friday\",\"Saturday\",\"Sunday\"],\"opens\":\"00:00\",\"closes\":\"23:59\"}],\"email\":\"info@egytourpackages.com\",\"areaServed\":\"Cairo, Hurghada, Luxor, Sharm El Sheikh, Marsa Alam, Aswan\",\"priceRange\":\"$\",\"currenciesAccepted\":\"euro\",\"paymentAccepted\":\"Payment links online\"},{\"@type\":\"PostalAddress\",\"@id\":\"https:\\\/\\\/egytourpackages.com\\\/es\\\/tours\\\/snorkel-de-dia-completo-en-abu-dabbab-desde-marsa-alam\\\/#local-main-place-address\",\"streetAddress\":\"Mubarak 8, Al Kawthar District, Hurghada\",\"addressLocality\":\"Hurghada\",\"postalCode\":\"84511\",\"addressRegion\":\"Red Sea\",\"addressCountry\":\"EG\"},{\"@type\":\"ImageObject\",\"inLanguage\":\"es\",\"@id\":\"https:\\\/\\\/egytourpackages.com\\\/es\\\/tours\\\/snorkel-de-dia-completo-en-abu-dabbab-desde-marsa-alam\\\/#local-main-organization-logo\",\"url\":\"https:\\\/\\\/egytourpackages.com\\\/wp-content\\\/uploads\\\/2025\\\/12\\\/Turquoise-Dahabiya-Nile-Cruise-1.jpeg\",\"contentUrl\":\"https:\\\/\\\/egytourpackages.com\\\/wp-content\\\/uploads\\\/2025\\\/12\\\/Turquoise-Dahabiya-Nile-Cruise-1.jpeg\",\"width\":1040,\"height\":694,\"caption\":\"egypt tour packages\"}]}<\/script>\n<meta property=\"product:brand\" content=\"Excursiones Egipto\" \/>\n<meta property=\"product:price:amount\" content=\"75\" \/>\n<meta property=\"product:price:currency\" content=\"EUR\" \/>\n<meta property=\"og:availability\" content=\"instock\" \/>\n<meta property=\"product:availability\" content=\"instock\" \/>\n<meta property=\"product:retailer_item_id\" content=\"MAT05\" \/>\n<meta property=\"product:condition\" content=\"new\" \/>\n<meta name=\"geo.placename\" content=\"Hurghada\" \/>\n<meta name=\"geo.region\" content=\"Egipto\" \/>\n<!-- \/ Yoast SEO Premium plugin. -->","yoast_head_json":{"title":"Snorkel de D\u00eda Completo en Abu Dabbab desde Marsa Alam","description":"Snorkel de D\u00eda Completo en Abu Dabbab desde Marsa Alam. Excursi\u00f3n para nadar con tortugas marinas verdes y buscar al dugongo en la bah\u00eda.\u00a1El mejor snorkel!","robots":{"index":"index","follow":"follow","max-snippet":"max-snippet:-1","max-image-preview":"max-image-preview:large","max-video-preview":"max-video-preview:-1"},"canonical":"https:\/\/egytourpackages.com\/es\/tours\/snorkel-de-dia-completo-en-abu-dabbab-desde-marsa-alam\/","og_locale":"es_ES","og_type":"article","og_title":"Snorkel de D\u00eda Completo en Abu Dabbab desde Marsa Alam","og_description":"Snorkel de D\u00eda Completo en Abu Dabbab desde Marsa Alam. Excursi\u00f3n para nadar con tortugas marinas verdes y buscar al dugongo en la bah\u00eda.\u00a1El mejor snorkel!","og_url":"https:\/\/egytourpackages.com\/es\/tours\/snorkel-de-dia-completo-en-abu-dabbab-desde-marsa-alam\/","og_site_name":"Egypt Tour Packages","article_publisher":"https:\/\/www.facebook.com\/egytourpackages","article_modified_time":"2026-01-07T18:22:06+00:00","og_image":[{"url":"https:\/\/egytourpackages.com\/wp-content\/uploads\/2023\/07\/Snorkeling-Abu-Dabbab.jpg","type":"","width":"","height":""}],"twitter_card":"summary_large_image","twitter_title":"Snorkel de D\u00eda Completo en Abu Dabbab desde Marsa Alam","twitter_description":"Snorkel de D\u00eda Completo en Abu Dabbab desde Marsa Alam. Excursi\u00f3n para nadar con tortugas marinas verdes y buscar al dugongo en la bah\u00eda.\u00a1El mejor snorkel!","twitter_image":"https:\/\/egytourpackages.com\/wp-content\/uploads\/2023\/07\/Snorkeling-Abu-Dabbab.jpg","twitter_misc":{"Precio":"&euro;75","Disponibilidad":"Disponible"},"schema":{"@context":"https:\/\/schema.org","@graph":[{"@type":"WebPage","@id":"https:\/\/egytourpackages.com\/es\/tours\/snorkel-de-dia-completo-en-abu-dabbab-desde-marsa-alam\/","url":"https:\/\/egytourpackages.com\/es\/tours\/snorkel-de-dia-completo-en-abu-dabbab-desde-marsa-alam\/","name":"Snorkel de D\u00eda Completo en Abu Dabbab desde Marsa Alam","isPartOf":{"@id":"https:\/\/egytourpackages.com\/es\/#website"},"primaryImageOfPage":{"@id":"https:\/\/egytourpackages.com\/es\/tours\/snorkel-de-dia-completo-en-abu-dabbab-desde-marsa-alam\/#primaryimage"},"image":{"@id":"https:\/\/egytourpackages.com\/es\/tours\/snorkel-de-dia-completo-en-abu-dabbab-desde-marsa-alam\/#primaryimage"},"thumbnailUrl":"https:\/\/egytourpackages.com\/wp-content\/uploads\/2023\/07\/Snorkeling-Abu-Dabbab.jpg","datePublished":"2023-07-12T19:36:10+00:00","dateModified":"2026-01-07T18:22:06+00:00","description":"Snorkel de D\u00eda Completo en Abu Dabbab desde Marsa Alam. Excursi\u00f3n para nadar con tortugas marinas verdes y buscar al dugongo en la bah\u00eda.\u00a1El mejor snorkel!","breadcrumb":{"@id":"https:\/\/egytourpackages.com\/es\/tours\/snorkel-de-dia-completo-en-abu-dabbab-desde-marsa-alam\/#breadcrumb"},"inLanguage":"es","potentialAction":[{"@type":"ReadAction","target":["https:\/\/egytourpackages.com\/es\/tours\/snorkel-de-dia-completo-en-abu-dabbab-desde-marsa-alam\/"]}]},{"@type":"ImageObject","inLanguage":"es","@id":"https:\/\/egytourpackages.com\/es\/tours\/snorkel-de-dia-completo-en-abu-dabbab-desde-marsa-alam\/#primaryimage","url":"https:\/\/egytourpackages.com\/wp-content\/uploads\/2023\/07\/Snorkeling-Abu-Dabbab.jpg","contentUrl":"https:\/\/egytourpackages.com\/wp-content\/uploads\/2023\/07\/Snorkeling-Abu-Dabbab.jpg","width":1000,"height":750,"caption":"Esn\u00f3rquel en Abu Dabbab"},{"@type":"BreadcrumbList","@id":"https:\/\/egytourpackages.com\/es\/tours\/snorkel-de-dia-completo-en-abu-dabbab-desde-marsa-alam\/#breadcrumb","itemListElement":[{"@type":"ListItem","position":1,"name":"Home","item":"https:\/\/egytourpackages.com\/es\/paquetes-de-viaje-a-egipto\/"},{"@type":"ListItem","position":2,"name":"Shop","item":"https:\/\/egytourpackages.com\/shop\/"},{"@type":"ListItem","position":3,"name":"Snorkel de D\u00eda Completo en Abu Dabbab desde Marsa Alam"}]},{"@type":"WebSite","@id":"https:\/\/egytourpackages.com\/es\/#website","url":"https:\/\/egytourpackages.com\/es\/","name":"Egy tour packages","description":"","publisher":{"@id":"https:\/\/egytourpackages.com\/es\/#organization"},"potentialAction":[{"@type":"SearchAction","target":{"@type":"EntryPoint","urlTemplate":"https:\/\/egytourpackages.com\/es\/?s={search_term_string}"},"query-input":{"@type":"PropertyValueSpecification","valueRequired":true,"valueName":"search_term_string"}}],"inLanguage":"es"},{"@type":["Organization","Place","TravelAgency"],"@id":"https:\/\/egytourpackages.com\/es\/#organization","name":"egypt tour packages","alternateName":"egypt tour packages","url":"https:\/\/egytourpackages.com\/es\/","logo":{"@id":"https:\/\/egytourpackages.com\/es\/tours\/snorkel-de-dia-completo-en-abu-dabbab-desde-marsa-alam\/#local-main-organization-logo"},"image":{"@id":"https:\/\/egytourpackages.com\/es\/tours\/snorkel-de-dia-completo-en-abu-dabbab-desde-marsa-alam\/#local-main-organization-logo"},"sameAs":["https:\/\/www.facebook.com\/egytourpackages"],"legalName":"Egy tour packages","address":{"@id":"https:\/\/egytourpackages.com\/es\/tours\/snorkel-de-dia-completo-en-abu-dabbab-desde-marsa-alam\/#local-main-place-address"},"telephone":["00201000852186","00201028685533"],"contactPoint":{"@type":"ContactPoint","telephone":"00201000852186"},"openingHoursSpecification":[{"@type":"OpeningHoursSpecification","dayOfWeek":["Monday","Tuesday","Wednesday","Thursday","Friday","Saturday","Sunday"],"opens":"00:00","closes":"23:59"}],"email":"info@egytourpackages.com","areaServed":"Cairo, Hurghada, Luxor, Sharm El Sheikh, Marsa Alam, Aswan","priceRange":"$","currenciesAccepted":"euro","paymentAccepted":"Payment links online"},{"@type":"PostalAddress","@id":"https:\/\/egytourpackages.com\/es\/tours\/snorkel-de-dia-completo-en-abu-dabbab-desde-marsa-alam\/#local-main-place-address","streetAddress":"Mubarak 8, Al Kawthar District, Hurghada","addressLocality":"Hurghada","postalCode":"84511","addressRegion":"Red Sea","addressCountry":"EG"},{"@type":"ImageObject","inLanguage":"es","@id":"https:\/\/egytourpackages.com\/es\/tours\/snorkel-de-dia-completo-en-abu-dabbab-desde-marsa-alam\/#local-main-organization-logo","url":"https:\/\/egytourpackages.com\/wp-content\/uploads\/2025\/12\/Turquoise-Dahabiya-Nile-Cruise-1.jpeg","contentUrl":"https:\/\/egytourpackages.com\/wp-content\/uploads\/2025\/12\/Turquoise-Dahabiya-Nile-Cruise-1.jpeg","width":1040,"height":694,"caption":"egypt tour packages"}]},"product_brand":"Excursiones Egipto","product_price_amount":"75","product_price_currency":"EUR","og_availability":"instock","product_availability":"instock","product_retailer_item_id":"MAT05","product_condition":"new","geo.placename":"Hurghada","geo.region":"Egipto"},"_links":{"self":[{"href":"https:\/\/egytourpackages.com\/es\/wp-json\/wp\/v2\/product\/10172","targetHints":{"allow":["GET"]}}],"collection":[{"href":"https:\/\/egytourpackages.com\/es\/wp-json\/wp\/v2\/product"}],"about":[{"href":"https:\/\/egytourpackages.com\/es\/wp-json\/wp\/v2\/types\/product"}],"replies":[{"embeddable":true,"href":"https:\/\/egytourpackages.com\/es\/wp-json\/wp\/v2\/comments?post=10172"}],"wp:featuredmedia":[{"embeddable":true,"href":"https:\/\/egytourpackages.com\/es\/wp-json\/wp\/v2\/media\/10173"}],"wp:attachment":[{"href":"https:\/\/egytourpackages.com\/es\/wp-json\/wp\/v2\/media?parent=10172"}],"wp:term":[{"taxonomy":"product_brand","embeddable":true,"href":"https:\/\/egytourpackages.com\/es\/wp-json\/wp\/v2\/product_brand?post=10172"},{"taxonomy":"product_cat","embeddable":true,"href":"https:\/\/egytourpackages.com\/es\/wp-json\/wp\/v2\/product_cat?post=10172"},{"taxonomy":"product_tag","embeddable":true,"href":"https:\/\/egytourpackages.com\/es\/wp-json\/wp\/v2\/product_tag?post=10172"}],"curies":[{"name":"wp","href":"https:\/\/api.w.org\/{rel}","templated":true}]}}