{"id":10174,"date":"2023-07-12T20:20:51","date_gmt":"2023-07-12T20:20:51","guid":{"rendered":"https:\/\/egytourpackages.com\/product\/nadar-con-delfines-en-arrecife-sataya-egipto\/"},"modified":"2026-01-07T18:24:25","modified_gmt":"2026-01-07T18:24:25","slug":"nadar-con-delfines-en-arrecife-sataya-egipto","status":"publish","type":"product","link":"https:\/\/egytourpackages.com\/es\/tours\/nadar-con-delfines-en-arrecife-sataya-egipto\/","title":{"rendered":"Nadar con Delfines en Arrecife Sataya, Egipto"},"content":{"rendered":"<p><span style=\"color: #ff6600;\"><strong>Nadar con Delfines en Arrecife Sataya, Egipto | Mejores Excursiones<\/strong><\/span><\/p>\n<p>Sum\u00e9rjase en un inigualable <strong>Nado con Delfines en el Arrecife Sataya<\/strong> desde <strong>Marsa Alam<\/strong>, una experiencia verdaderamente m\u00e1gica en el <strong>Mar Rojo<\/strong>.<\/p>\n<p>De hecho, la <strong>\u00abCasa de los Delfines\u00bb<\/strong>, el <strong>Arrecife Sataya<\/strong>, es uno de los h\u00e1bitats naturales m\u00e1s reconocidos del mundo para <strong>grandes manadas de delfines giradores<\/strong> (<strong>Spinner dolphins<\/strong>) salvajes, ofreciendo un <strong>encuentro con delfines<\/strong> \u00e9tico e inolvidable desde <strong>Marsa Alam<\/strong>.<\/p>\n<p>Esta <strong>excursi\u00f3n en barco de d\u00eda completo desde Marsa Alam<\/strong> brinda una oportunidad incre\u00edble para <strong>nadar con delfines salvajes en Egipto<\/strong>, observando a estas <strong>magn\u00edficas criaturas<\/strong> en su entorno natural.<\/p>\n<p>M\u00e1s all\u00e1 del emocionante <strong>nado con delfines<\/strong>, los hu\u00e9spedes pueden disfrutar de un excepcional <strong>snorkel en el Arrecife Sataya<\/strong> en medio de <strong>vibrantes jardines de coral<\/strong> y <strong>diversa vida marina<\/strong>.<\/p>\n<p>Perfecto para <strong>amantes de la naturaleza<\/strong> y <strong>buscadores de aventura<\/strong>, un <strong>tour de delfines en el Arrecife Sataya<\/strong> desde Marsa Alam promete un recuerdo para toda la vida de interactuar con delfines en las <strong>pr\u00edstinas aguas<\/strong> del <strong>Mar Rojo egipcio<\/strong>, lo que lo convierte en una de las <strong>excursiones mejor valoradas de Marsa Alam<\/strong>.<\/p>\n<h3><span style=\"color: #ff6600;\">Detalles<\/span><\/h3>\n<ul>\n<li>Duraci\u00f3n: 1 D\u00eda<\/li>\n<li>Ubicaci\u00f3n del Tour: Marsa Alam<\/li>\n<li>Disponibilidad del Tour: S\u00e1bado \u2013 Lunes \u2013 Mi\u00e9rcoles<\/li>\n<li>Recogida y Regreso: Su Hotel en Marsa Alam<\/li>\n<li>Tipo de Tour: Tour Recreativo<\/li>\n<li>Silla de Ruedas: Accesible<\/li>\n<\/ul>\n<h3><span style=\"color: #ff6600;\">Inclusiones<\/span><\/h3>\n<ul>\n<li>Traslado de ida y vuelta desde su hotel<\/li>\n<li>Almuerzo a bordo<\/li>\n<li>Equipo de snorkel<\/li>\n<li>Gu\u00eda de snorkel<\/li>\n<\/ul>\n<h3><span style=\"color: #ff6600;\">Exclusiones<\/span><\/h3>\n<ul>\n<li>Propinas<\/li>\n<li>DVD y Fotos por el camar\u00f3grafo<\/li>\n<li>Buceo (<em>Scuba Diving<\/em>)<\/li>\n<\/ul>\n<h3><span style=\"color: #ff6600;\">Qu\u00e9 empacar<\/span><\/h3>\n<ul>\n<li>Toalla de playa del hotel<\/li>\n<li>Sombrero o Pa\u00f1uelo<\/li>\n<li>Crema solar<\/li>\n<li>Traje de ba\u00f1o<\/li>\n<li>Algo de cambio (dinero en efectivo)<\/li>\n<\/ul>\n<h2><span style=\"color: #ff6600;\">Itinerario<\/span><\/h2>\n<p><em>Nadar con Delfines en el Arrecife Sataya, Egipto<\/em><em> | Mejores viajes de snorkel en Egipto | Reserve un paseo en barco de snorkel a buen precio desde Marsa Alam a la Casa de Delfines del Arrecife Sataya<\/em><\/p>\n<p><strong>Nadar con delfines en el Arrecife Sataya, Egipto<\/strong>, es una <strong>experiencia de por vida<\/strong> que nunca olvidar\u00e1. De hecho, la <strong>Casa de Delfines del Arrecife Sataya<\/strong> es famosa por los <strong>delfines giradores<\/strong> que consideran la <strong>laguna de Sataya<\/strong> su hogar.<\/p>\n<p>Sin duda, este <strong>viaje de snorkel a la Casa de Delfines de Sataya<\/strong> est\u00e1 en la cima de las <strong>atracciones tur\u00edsticas de Marsa Alam<\/strong>. Imagine pasar todo el d\u00eda <strong>nadando con delfines<\/strong> en su hogar y jugando con estos <strong>mam\u00edferos marinos<\/strong>.<\/p>\n<p>Explore la <strong>vida marina en el Mar Rojo<\/strong>, los <strong>corales del Mar Rojo<\/strong>, los <strong>peces del Mar Rojo<\/strong> y <strong>nade con delfines<\/strong> para aprender m\u00e1s sobre los <strong>delfines en Egipto<\/strong> como nunca antes.<\/p>\n<p>Adem\u00e1s, si desea probar el <strong>buceo en el Mar Rojo<\/strong>, puede hacerlo con cargo adicional.<\/p>\n<h3><span style=\"color: #ff6600;\">Precio Nadar con Delfines en el Arrecife Sataya, Egipto<\/span><\/h3>\n<ul>\n<li>Precio total 70 \u20ac\u200e por persona<\/li>\n<\/ul>\n<h3><span style=\"color: #ff6600;\">Reserva<\/span><\/h3>\n<ul>\n<li>Puede reservar su tour a trav\u00e9s de WhatsApp o enviarnos un correo electr\u00f3nico y recibir\u00e1 la confirmaci\u00f3n al instante en el acto.<\/li>\n<li>Por favor, env\u00edenos el nombre de su hotel, n\u00famero de habitaci\u00f3n y copias de pasaporte.<\/li>\n<li>WhatsApp: +201000852186<\/li>\n<li>Email: info@egytourpackages.com<\/li>\n<\/ul>\n<h3><span style=\"color: #ff6600;\">\u00a1Reserve Ahora y Pague en Destino!<\/span><\/h3>\n<p>Reserve su tour favorito y pague el d\u00eda del viaje.<\/p>\n<h3><span style=\"color: #ff6600;\">Pago<\/span><\/h3>\n<p>Puede pagar en Libras Egipcias, $ (d\u00f3lares), \u20ac\u200e (euros) o \u00a3 (libras esterlinas).<\/p>\n<h3><span style=\"color: #ff6600;\">Pol\u00edtica de Cancelaci\u00f3n<\/span><\/h3>\n<ul>\n<li>La cancelaci\u00f3n es gratuita hasta 24 horas de antelaci\u00f3n.<\/li>\n<li>La cancelaci\u00f3n por la ma\u00f1ana (del d\u00eda del tour) es el 50% del precio.<\/li>\n<\/ul>\n","protected":false},"excerpt":{"rendered":"<p>Nadar con Delfines salvajes en el Arrecife Sataya desde Marsa Alam. Excursi\u00f3n en barco de d\u00eda completo a la Casa de los Delfines en el Mar Rojo.<\/p>\n","protected":false},"featured_media":10175,"comment_status":"open","ping_status":"closed","template":"","meta":[],"product_brand":[],"product_cat":[3128],"product_tag":[3939,3280,3188,3816],"class_list":{"0":"post-10174","1":"product","2":"type-product","3":"status-publish","4":"has-post-thumbnail","6":"product_cat-tours","7":"product_tag-buceo-en-el-mar-rojo","8":"product_tag-excursiones-a-marsa-alam","9":"product_tag-excursiones-egipto","10":"product_tag-vacaciones-en-marsa-alam","11":"tour_category-excursiones-egipto-es","12":"tour_category-excursiones-en-marsa-alam-es","14":"first","15":"instock","16":"sale","17":"shipping-taxable","18":"purchasable","19":"product-type-tour","20":"has-default-attributes"},"yoast_head":"<!-- This site is optimized with the Yoast SEO Premium plugin v27.2 (Yoast SEO v27.2) - https:\/\/yoast.com\/product\/yoast-seo-premium-wordpress\/ -->\n<title>Nadar con Delfines en Arrecife Sataya, Egipto: Egy tour packages<\/title>\n<meta name=\"description\" content=\"Nadar con Delfines salvajes en el Arrecife Sataya desde Marsa Alam. Excursi\u00f3n en barco de d\u00eda completo a la Casa de los Delfines en el Mar Rojo.\" \/>\n<meta name=\"robots\" content=\"index, follow, max-snippet:-1, max-image-preview:large, max-video-preview:-1\" \/>\n<link rel=\"canonical\" href=\"https:\/\/egytourpackages.com\/es\/tours\/nadar-con-delfines-en-arrecife-sataya-egipto\/\" \/>\n<meta property=\"og:locale\" content=\"es_ES\" \/>\n<meta property=\"og:type\" content=\"article\" \/>\n<meta property=\"og:title\" content=\"Nadar con Delfines en Arrecife Sataya, Egipto\" \/>\n<meta property=\"og:description\" content=\"Nadar con Delfines salvajes en el Arrecife Sataya desde Marsa Alam. Excursi\u00f3n en barco de d\u00eda completo a la Casa de los Delfines en el Mar Rojo.\" \/>\n<meta property=\"og:url\" content=\"https:\/\/egytourpackages.com\/es\/tours\/nadar-con-delfines-en-arrecife-sataya-egipto\/\" \/>\n<meta property=\"og:site_name\" content=\"Egypt Tour Packages\" \/>\n<meta property=\"article:publisher\" content=\"https:\/\/www.facebook.com\/egytourpackages\" \/>\n<meta property=\"article:modified_time\" content=\"2026-01-07T18:24:25+00:00\" \/>\n<meta property=\"og:image\" content=\"https:\/\/egytourpackages.com\/wp-content\/uploads\/2023\/07\/Dolphins-in-Sataya-Reef.jpg\" \/>\n<meta name=\"twitter:card\" content=\"summary_large_image\" \/>\n<meta name=\"twitter:title\" content=\"Nadar con Delfines en Arrecife Sataya, Egipto\" \/>\n<meta name=\"twitter:description\" content=\"Nadar con Delfines salvajes en el Arrecife Sataya desde Marsa Alam. Excursi\u00f3n en barco de d\u00eda completo a la Casa de los Delfines en el Mar Rojo.\" \/>\n<meta name=\"twitter:image\" content=\"https:\/\/egytourpackages.com\/wp-content\/uploads\/2023\/07\/Dolphins-in-Sataya-Reef.jpg\" \/>\n<meta name=\"twitter:label1\" content=\"Precio\" \/>\n\t<meta name=\"twitter:data1\" content=\"&euro;60\" \/>\n\t<meta name=\"twitter:label2\" content=\"Disponibilidad\" \/>\n\t<meta name=\"twitter:data2\" content=\"Disponible\" \/>\n<script type=\"application\/ld+json\" class=\"yoast-schema-graph\">{\"@context\":\"https:\/\/schema.org\",\"@graph\":[{\"@type\":\"WebPage\",\"@id\":\"https:\/\/egytourpackages.com\/es\/tours\/nadar-con-delfines-en-arrecife-sataya-egipto\/\",\"url\":\"https:\/\/egytourpackages.com\/es\/tours\/nadar-con-delfines-en-arrecife-sataya-egipto\/\",\"name\":\"Nadar con Delfines en Arrecife Sataya, Egipto: Egy tour packages\",\"isPartOf\":{\"@id\":\"https:\/\/egytourpackages.com\/es\/#website\"},\"primaryImageOfPage\":{\"@id\":\"https:\/\/egytourpackages.com\/es\/tours\/nadar-con-delfines-en-arrecife-sataya-egipto\/#primaryimage\"},\"image\":{\"@id\":\"https:\/\/egytourpackages.com\/es\/tours\/nadar-con-delfines-en-arrecife-sataya-egipto\/#primaryimage\"},\"thumbnailUrl\":\"https:\/\/egytourpackages.com\/wp-content\/uploads\/2023\/07\/Sataya-Dolphin-House.jpg\",\"datePublished\":\"2023-07-12T20:20:51+00:00\",\"dateModified\":\"2026-01-07T18:24:25+00:00\",\"description\":\"Nadar con Delfines salvajes en el Arrecife Sataya desde Marsa Alam. Excursi\u00f3n en barco de d\u00eda completo a la Casa de los Delfines en el Mar Rojo.\",\"breadcrumb\":{\"@id\":\"https:\/\/egytourpackages.com\/es\/tours\/nadar-con-delfines-en-arrecife-sataya-egipto\/#breadcrumb\"},\"inLanguage\":\"es\",\"potentialAction\":[{\"@type\":\"ReadAction\",\"target\":[\"https:\/\/egytourpackages.com\/es\/tours\/nadar-con-delfines-en-arrecife-sataya-egipto\/\"]}]},{\"@type\":\"ImageObject\",\"inLanguage\":\"es\",\"@id\":\"https:\/\/egytourpackages.com\/es\/tours\/nadar-con-delfines-en-arrecife-sataya-egipto\/#primaryimage\",\"url\":\"https:\/\/egytourpackages.com\/wp-content\/uploads\/2023\/07\/Sataya-Dolphin-House.jpg\",\"contentUrl\":\"https:\/\/egytourpackages.com\/wp-content\/uploads\/2023\/07\/Sataya-Dolphin-House.jpg\",\"width\":1000,\"height\":659,\"caption\":\"Casa de delfines de Sataya\"},{\"@type\":\"BreadcrumbList\",\"@id\":\"https:\/\/egytourpackages.com\/es\/tours\/nadar-con-delfines-en-arrecife-sataya-egipto\/#breadcrumb\",\"itemListElement\":[{\"@type\":\"ListItem\",\"position\":1,\"name\":\"Home\",\"item\":\"https:\/\/egytourpackages.com\/es\/paquetes-de-viaje-a-egipto\/\"},{\"@type\":\"ListItem\",\"position\":2,\"name\":\"Shop\",\"item\":\"https:\/\/egytourpackages.com\/shop\/\"},{\"@type\":\"ListItem\",\"position\":3,\"name\":\"Nadar con Delfines en Arrecife Sataya, Egipto\"}]},{\"@type\":\"WebSite\",\"@id\":\"https:\/\/egytourpackages.com\/es\/#website\",\"url\":\"https:\/\/egytourpackages.com\/es\/\",\"name\":\"Egy tour packages\",\"description\":\"\",\"publisher\":{\"@id\":\"https:\/\/egytourpackages.com\/es\/#organization\"},\"potentialAction\":[{\"@type\":\"SearchAction\",\"target\":{\"@type\":\"EntryPoint\",\"urlTemplate\":\"https:\/\/egytourpackages.com\/es\/?s={search_term_string}\"},\"query-input\":{\"@type\":\"PropertyValueSpecification\",\"valueRequired\":true,\"valueName\":\"search_term_string\"}}],\"inLanguage\":\"es\"},{\"@type\":[\"Organization\",\"Place\",\"TravelAgency\"],\"@id\":\"https:\/\/egytourpackages.com\/es\/#organization\",\"name\":\"egypt tour packages\",\"alternateName\":\"egypt tour packages\",\"url\":\"https:\/\/egytourpackages.com\/es\/\",\"logo\":{\"@id\":\"https:\/\/egytourpackages.com\/es\/tours\/nadar-con-delfines-en-arrecife-sataya-egipto\/#local-main-organization-logo\"},\"image\":{\"@id\":\"https:\/\/egytourpackages.com\/es\/tours\/nadar-con-delfines-en-arrecife-sataya-egipto\/#local-main-organization-logo\"},\"sameAs\":[\"https:\/\/www.facebook.com\/egytourpackages\"],\"legalName\":\"Egy tour packages\",\"address\":{\"@id\":\"https:\/\/egytourpackages.com\/es\/tours\/nadar-con-delfines-en-arrecife-sataya-egipto\/#local-main-place-address\"},\"telephone\":[\"00201000852186\",\"00201028685533\"],\"contactPoint\":{\"@type\":\"ContactPoint\",\"telephone\":\"00201000852186\"},\"openingHoursSpecification\":[{\"@type\":\"OpeningHoursSpecification\",\"dayOfWeek\":[\"Monday\",\"Tuesday\",\"Wednesday\",\"Thursday\",\"Friday\",\"Saturday\",\"Sunday\"],\"opens\":\"00:00\",\"closes\":\"23:59\"}],\"email\":\"info@egytourpackages.com\",\"areaServed\":\"Cairo, Hurghada, Luxor, Sharm El Sheikh, Marsa Alam, Aswan\",\"priceRange\":\"$\",\"currenciesAccepted\":\"euro\",\"paymentAccepted\":\"Payment links online\"},{\"@type\":\"PostalAddress\",\"@id\":\"https:\/\/egytourpackages.com\/es\/tours\/nadar-con-delfines-en-arrecife-sataya-egipto\/#local-main-place-address\",\"streetAddress\":\"Mubarak 8, Al Kawthar District, Hurghada\",\"addressLocality\":\"Hurghada\",\"postalCode\":\"84511\",\"addressRegion\":\"Red Sea\",\"addressCountry\":\"EG\"},{\"@type\":\"ImageObject\",\"inLanguage\":\"es\",\"@id\":\"https:\/\/egytourpackages.com\/es\/tours\/nadar-con-delfines-en-arrecife-sataya-egipto\/#local-main-organization-logo\",\"url\":\"https:\/\/egytourpackages.com\/wp-content\/uploads\/2025\/12\/Turquoise-Dahabiya-Nile-Cruise-1.jpeg\",\"contentUrl\":\"https:\/\/egytourpackages.com\/wp-content\/uploads\/2025\/12\/Turquoise-Dahabiya-Nile-Cruise-1.jpeg\",\"width\":1040,\"height\":694,\"caption\":\"egypt tour packages\"}]}<\/script>\n<meta property=\"product:brand\" content=\"Excursiones Egipto\" \/>\n<meta property=\"product:price:amount\" content=\"60\" \/>\n<meta property=\"product:price:currency\" content=\"EUR\" \/>\n<meta property=\"og:availability\" content=\"instock\" \/>\n<meta property=\"product:availability\" content=\"instock\" \/>\n<meta property=\"product:retailer_item_id\" content=\"MAT14\" \/>\n<meta property=\"product:condition\" content=\"new\" \/>\n<meta name=\"geo.placename\" content=\"Hurghada\" \/>\n<meta name=\"geo.region\" content=\"Egipto\" \/>\n<!-- \/ Yoast SEO Premium plugin. -->","yoast_head_json":{"title":"Nadar con Delfines en Arrecife Sataya, Egipto: Egy tour packages","description":"Nadar con Delfines salvajes en el Arrecife Sataya desde Marsa Alam. Excursi\u00f3n en barco de d\u00eda completo a la Casa de los Delfines en el Mar Rojo.","robots":{"index":"index","follow":"follow","max-snippet":"max-snippet:-1","max-image-preview":"max-image-preview:large","max-video-preview":"max-video-preview:-1"},"canonical":"https:\/\/egytourpackages.com\/es\/tours\/nadar-con-delfines-en-arrecife-sataya-egipto\/","og_locale":"es_ES","og_type":"article","og_title":"Nadar con Delfines en Arrecife Sataya, Egipto","og_description":"Nadar con Delfines salvajes en el Arrecife Sataya desde Marsa Alam. Excursi\u00f3n en barco de d\u00eda completo a la Casa de los Delfines en el Mar Rojo.","og_url":"https:\/\/egytourpackages.com\/es\/tours\/nadar-con-delfines-en-arrecife-sataya-egipto\/","og_site_name":"Egypt Tour Packages","article_publisher":"https:\/\/www.facebook.com\/egytourpackages","article_modified_time":"2026-01-07T18:24:25+00:00","og_image":[{"url":"https:\/\/egytourpackages.com\/wp-content\/uploads\/2023\/07\/Dolphins-in-Sataya-Reef.jpg","type":"","width":"","height":""}],"twitter_card":"summary_large_image","twitter_title":"Nadar con Delfines en Arrecife Sataya, Egipto","twitter_description":"Nadar con Delfines salvajes en el Arrecife Sataya desde Marsa Alam. Excursi\u00f3n en barco de d\u00eda completo a la Casa de los Delfines en el Mar Rojo.","twitter_image":"https:\/\/egytourpackages.com\/wp-content\/uploads\/2023\/07\/Dolphins-in-Sataya-Reef.jpg","twitter_misc":{"Precio":"&euro;60","Disponibilidad":"Disponible"},"schema":{"@context":"https:\/\/schema.org","@graph":[{"@type":"WebPage","@id":"https:\/\/egytourpackages.com\/es\/tours\/nadar-con-delfines-en-arrecife-sataya-egipto\/","url":"https:\/\/egytourpackages.com\/es\/tours\/nadar-con-delfines-en-arrecife-sataya-egipto\/","name":"Nadar con Delfines en Arrecife Sataya, Egipto: Egy tour packages","isPartOf":{"@id":"https:\/\/egytourpackages.com\/es\/#website"},"primaryImageOfPage":{"@id":"https:\/\/egytourpackages.com\/es\/tours\/nadar-con-delfines-en-arrecife-sataya-egipto\/#primaryimage"},"image":{"@id":"https:\/\/egytourpackages.com\/es\/tours\/nadar-con-delfines-en-arrecife-sataya-egipto\/#primaryimage"},"thumbnailUrl":"https:\/\/egytourpackages.com\/wp-content\/uploads\/2023\/07\/Sataya-Dolphin-House.jpg","datePublished":"2023-07-12T20:20:51+00:00","dateModified":"2026-01-07T18:24:25+00:00","description":"Nadar con Delfines salvajes en el Arrecife Sataya desde Marsa Alam. Excursi\u00f3n en barco de d\u00eda completo a la Casa de los Delfines en el Mar Rojo.","breadcrumb":{"@id":"https:\/\/egytourpackages.com\/es\/tours\/nadar-con-delfines-en-arrecife-sataya-egipto\/#breadcrumb"},"inLanguage":"es","potentialAction":[{"@type":"ReadAction","target":["https:\/\/egytourpackages.com\/es\/tours\/nadar-con-delfines-en-arrecife-sataya-egipto\/"]}]},{"@type":"ImageObject","inLanguage":"es","@id":"https:\/\/egytourpackages.com\/es\/tours\/nadar-con-delfines-en-arrecife-sataya-egipto\/#primaryimage","url":"https:\/\/egytourpackages.com\/wp-content\/uploads\/2023\/07\/Sataya-Dolphin-House.jpg","contentUrl":"https:\/\/egytourpackages.com\/wp-content\/uploads\/2023\/07\/Sataya-Dolphin-House.jpg","width":1000,"height":659,"caption":"Casa de delfines de Sataya"},{"@type":"BreadcrumbList","@id":"https:\/\/egytourpackages.com\/es\/tours\/nadar-con-delfines-en-arrecife-sataya-egipto\/#breadcrumb","itemListElement":[{"@type":"ListItem","position":1,"name":"Home","item":"https:\/\/egytourpackages.com\/es\/paquetes-de-viaje-a-egipto\/"},{"@type":"ListItem","position":2,"name":"Shop","item":"https:\/\/egytourpackages.com\/shop\/"},{"@type":"ListItem","position":3,"name":"Nadar con Delfines en Arrecife Sataya, Egipto"}]},{"@type":"WebSite","@id":"https:\/\/egytourpackages.com\/es\/#website","url":"https:\/\/egytourpackages.com\/es\/","name":"Egy tour packages","description":"","publisher":{"@id":"https:\/\/egytourpackages.com\/es\/#organization"},"potentialAction":[{"@type":"SearchAction","target":{"@type":"EntryPoint","urlTemplate":"https:\/\/egytourpackages.com\/es\/?s={search_term_string}"},"query-input":{"@type":"PropertyValueSpecification","valueRequired":true,"valueName":"search_term_string"}}],"inLanguage":"es"},{"@type":["Organization","Place","TravelAgency"],"@id":"https:\/\/egytourpackages.com\/es\/#organization","name":"egypt tour packages","alternateName":"egypt tour packages","url":"https:\/\/egytourpackages.com\/es\/","logo":{"@id":"https:\/\/egytourpackages.com\/es\/tours\/nadar-con-delfines-en-arrecife-sataya-egipto\/#local-main-organization-logo"},"image":{"@id":"https:\/\/egytourpackages.com\/es\/tours\/nadar-con-delfines-en-arrecife-sataya-egipto\/#local-main-organization-logo"},"sameAs":["https:\/\/www.facebook.com\/egytourpackages"],"legalName":"Egy tour packages","address":{"@id":"https:\/\/egytourpackages.com\/es\/tours\/nadar-con-delfines-en-arrecife-sataya-egipto\/#local-main-place-address"},"telephone":["00201000852186","00201028685533"],"contactPoint":{"@type":"ContactPoint","telephone":"00201000852186"},"openingHoursSpecification":[{"@type":"OpeningHoursSpecification","dayOfWeek":["Monday","Tuesday","Wednesday","Thursday","Friday","Saturday","Sunday"],"opens":"00:00","closes":"23:59"}],"email":"info@egytourpackages.com","areaServed":"Cairo, Hurghada, Luxor, Sharm El Sheikh, Marsa Alam, Aswan","priceRange":"$","currenciesAccepted":"euro","paymentAccepted":"Payment links online"},{"@type":"PostalAddress","@id":"https:\/\/egytourpackages.com\/es\/tours\/nadar-con-delfines-en-arrecife-sataya-egipto\/#local-main-place-address","streetAddress":"Mubarak 8, Al Kawthar District, Hurghada","addressLocality":"Hurghada","postalCode":"84511","addressRegion":"Red Sea","addressCountry":"EG"},{"@type":"ImageObject","inLanguage":"es","@id":"https:\/\/egytourpackages.com\/es\/tours\/nadar-con-delfines-en-arrecife-sataya-egipto\/#local-main-organization-logo","url":"https:\/\/egytourpackages.com\/wp-content\/uploads\/2025\/12\/Turquoise-Dahabiya-Nile-Cruise-1.jpeg","contentUrl":"https:\/\/egytourpackages.com\/wp-content\/uploads\/2025\/12\/Turquoise-Dahabiya-Nile-Cruise-1.jpeg","width":1040,"height":694,"caption":"egypt tour packages"}]},"product_brand":"Excursiones Egipto","product_price_amount":"60","product_price_currency":"EUR","og_availability":"instock","product_availability":"instock","product_retailer_item_id":"MAT14","product_condition":"new","geo.placename":"Hurghada","geo.region":"Egipto"},"_links":{"self":[{"href":"https:\/\/egytourpackages.com\/es\/wp-json\/wp\/v2\/product\/10174","targetHints":{"allow":["GET"]}}],"collection":[{"href":"https:\/\/egytourpackages.com\/es\/wp-json\/wp\/v2\/product"}],"about":[{"href":"https:\/\/egytourpackages.com\/es\/wp-json\/wp\/v2\/types\/product"}],"replies":[{"embeddable":true,"href":"https:\/\/egytourpackages.com\/es\/wp-json\/wp\/v2\/comments?post=10174"}],"wp:featuredmedia":[{"embeddable":true,"href":"https:\/\/egytourpackages.com\/es\/wp-json\/wp\/v2\/media\/10175"}],"wp:attachment":[{"href":"https:\/\/egytourpackages.com\/es\/wp-json\/wp\/v2\/media?parent=10174"}],"wp:term":[{"taxonomy":"product_brand","embeddable":true,"href":"https:\/\/egytourpackages.com\/es\/wp-json\/wp\/v2\/product_brand?post=10174"},{"taxonomy":"product_cat","embeddable":true,"href":"https:\/\/egytourpackages.com\/es\/wp-json\/wp\/v2\/product_cat?post=10174"},{"taxonomy":"product_tag","embeddable":true,"href":"https:\/\/egytourpackages.com\/es\/wp-json\/wp\/v2\/product_tag?post=10174"}],"curies":[{"name":"wp","href":"https:\/\/api.w.org\/{rel}","templated":true}]}}