{"id":10181,"date":"2023-07-13T16:37:24","date_gmt":"2023-07-13T16:37:24","guid":{"rendered":"https:\/\/egytourpackages.com\/product\/excursion-privada-al-cairo-desde-makadi-bay\/"},"modified":"2026-01-28T21:39:13","modified_gmt":"2026-01-28T21:39:13","slug":"excursion-privada-al-cairo-desde-makadi-bay","status":"publish","type":"product","link":"https:\/\/egytourpackages.com\/es\/tours\/excursion-privada-al-cairo-desde-makadi-bay\/","title":{"rendered":"Excursi\u00f3n Privada al Cairo desde Makadi Bay"},"content":{"rendered":"<p><span style=\"color: #ff6600;\"><strong>Excursi\u00f3n Privada al Cairo desde Makadi Bay | Mejor Tour a las Pir\u00e1mides<\/strong><\/span><\/p>\n<p>La <strong>excursi\u00f3n privada de un d\u00eda al Cairo desde Makadi Bay<\/strong> es la <strong>mejor manera<\/strong> de explorar las <strong>Pir\u00e1mides de Guiza<\/strong> y el <strong>Gran Museo Egipcio<\/strong> en privado.<\/p>\n<p>Su aventura comienza con un <strong>traslado privado<\/strong> en veh\u00edculo con aire acondicionado desde su hotel en Makadi Bay, asegurando un c\u00f3modo viaje de aproximadamente <strong>5 a 6 horas<\/strong> hasta El Cairo.<\/p>\n<p>A su llegada, su <strong>gu\u00eda egipt\u00f3logo dedicado<\/strong> le llevar\u00e1 al magn\u00edfico <strong>Complejo de las Pir\u00e1mides de Guiza<\/strong>. Contemple la ic\u00f3nica <strong>Gran Pir\u00e1mide de Guiza<\/strong>, la <strong>Esfinge<\/strong> y las <strong>Pir\u00e1mides de Kefr\u00e9n<\/strong> y <strong>Micerino<\/strong>, verdaderas <strong>maravillas antiguas<\/strong>.<\/p>\n<p>Luego, profundice en la vasta colecci\u00f3n de artefactos en el <strong>Gran Museo Egipcio<\/strong>, donde descubrir\u00e1 los <strong>tesoros de Tutankam\u00f3n<\/strong> y milenios de historia.<\/p>\n<p>Disfrute de un delicioso <strong>almuerzo en un restaurante local<\/strong> cerca de las Pir\u00e1mides, antes de un relajante regreso a Makadi Bay. Este <strong>tour privado<\/strong> garantiza una <strong>experiencia excepcional<\/strong> y enriquecedora, destacando los <strong>sitios hist\u00f3ricos<\/strong> m\u00e1s significativos de El Cairo.<\/p>\n<h3><span style=\"color: #ff6600;\">Detalles del Tour<\/span><\/h3>\n<ul>\n<li>Duraci\u00f3n: 18 horas<\/li>\n<li>Ubicaci\u00f3n del Tour: Guiza y El Cairo<\/li>\n<li>Disponibilidad del Tour: Todos los d\u00edas<\/li>\n<li>Recogida y Regreso: Hotel en Makadi Bay<\/li>\n<li>Tipo de Tour: Privado<\/li>\n<li>Ideal para: Parejas, Familias, Personas Mayores<\/li>\n<li>Silla de Ruedas: Accesible<\/li>\n<\/ul>\n<h3><span style=\"color: #ff6600;\">Puntos Destacados del Tour<\/span><\/h3>\n<ul>\n<li>Pir\u00e1mides de Guiza<\/li>\n<li>La Gran Esfinge<\/li>\n<li>Templo del Valle<\/li>\n<li>Tumbas de los Constructores de las Pir\u00e1mides<\/li>\n<li>El Gran Museo Egipcio<\/li>\n<\/ul>\n<h3><span style=\"color: #ff6600;\">Inclusiones<\/span><\/h3>\n<ul>\n<li>Traslado de ida y vuelta con veh\u00edculo A\/C<\/li>\n<li>Tasas de entrada a todos los lugares de inter\u00e9s en el programa de El Cairo<\/li>\n<li>Gu\u00eda egipt\u00f3logo<\/li>\n<li>Almuerzo<\/li>\n<\/ul>\n<h3><span style=\"color: #ff6600;\">Exclusiones<\/span><\/h3>\n<ul>\n<li>Bebidas durante el almuerzo<\/li>\n<li>Tasa de entrada para la Pir\u00e1mide de Keops y la Pir\u00e1mide de Kefr\u00e9n<\/li>\n<li>Propinas<\/li>\n<\/ul>\n<h3><span style=\"color: #ff6600;\">Qu\u00e9 llevar<\/span><\/h3>\n<ul>\n<li>Zapatos y ropa c\u00f3moda, especialmente en verano<\/li>\n<li>Ropa de abrigo en invierno<\/li>\n<li>Gafas de sol. Sombrero o Pa\u00f1uelo<\/li>\n<li>Crema solar en verano<\/li>\n<\/ul>\n<h2><span style=\"color: #ff6600;\">Itinerario<\/span><\/h2>\n<p>Descubra un <strong>viaje privado exclusivo<\/strong> desde Makadi Bay a El Cairo, dise\u00f1ado para viajeros que buscan una <strong>exploraci\u00f3n profunda<\/strong> de los <strong>lugares emblem\u00e1ticos<\/strong> del <strong>antiguo Egipto<\/strong>.<\/p>\n<h3><span style=\"color: #ff6600;\">GEM<\/span><\/h3>\n<p>Experimente una <strong>visita verdaderamente \u00fanica<\/strong> al <strong>Gran Museo Egipcio (GEM)<\/strong>, el <strong>museo arqueol\u00f3gico m\u00e1s grande del mundo<\/strong> dedicado a una sola civilizaci\u00f3n. Situado a solo <strong>2 kil\u00f3metros de las Pir\u00e1mides de Guiza<\/strong>.<\/p>\n<p>De hecho, el GEM cuenta con m\u00e1s de <strong>100,000 artefactos<\/strong> que abarcan la <strong>rica historia de Egipto<\/strong>, desde <strong>tiempos prehist\u00f3ricos<\/strong> hasta el <strong>per\u00edodo grecorromano<\/strong>. Pasee por las vastas <strong>salas de exposiciones<\/strong>, ascienda la impresionante <strong>Gran Escalera<\/strong> adornada con <strong>estatuas monumentales<\/strong>.<\/p>\n<p>El GEM promete ser un <strong>centro cultural vibrante<\/strong> y una <strong>verdadera puerta de entrada al antiguo Egipto<\/strong> con una sorprendente <strong>vista panor\u00e1mica de las Pir\u00e1mides<\/strong>.<\/p>\n<p>Adem\u00e1s, prep\u00e1rese para quedar hipnotizado por la <strong>colecci\u00f3n completa de Tutankam\u00f3n<\/strong>, con muchos de sus <strong>5,000 artefactos de incalculable valor<\/strong> exhibidos juntos por primera vez. Desde la ic\u00f3nica <strong>m\u00e1scara de oro<\/strong> hasta los carros y posesiones personales del <strong>fara\u00f3n ni\u00f1o<\/strong>, junto con el fascinante <strong>Museo de la Barca Solar<\/strong> que alberga la embarcaci\u00f3n de 4,600 a\u00f1os de antig\u00fcedad del <strong>Rey Keops<\/strong> (con cargo adicional).<\/p>\n<h3><span style=\"color: #ff6600;\">Comida del Almuerzo<\/span><\/h3>\n<p>Tomar\u00e1 su <strong>almuerzo<\/strong> en un <strong>restaurante local<\/strong> cerca de la zona de las Pir\u00e1mides.<\/p>\n<h3><span style=\"color: #ff6600;\">Complejo de las Pir\u00e1mides de Guiza<\/span><\/h3>\n<p>Su exploraci\u00f3n comienza con la impresionante <strong>Pir\u00e1mide de Keops<\/strong>, tambi\u00e9n conocida como la <strong>Gran Pir\u00e1mide de Guiza<\/strong>.<\/p>\n<p>Como la m\u00e1s grande y antigua de las tres, es la \u00fanica <strong>maravilla<\/strong> que queda del <strong>mundo antiguo<\/strong>. Se maravillar\u00e1 con su inmensa escala y reflexionar\u00e1 sobre los <strong>misterios de su construcci\u00f3n<\/strong>.<\/p>\n<p>Justo al suroeste se encuentra la <strong>Pir\u00e1mide de Kefr\u00e9n<\/strong>, que parece casi tan alta como Keops debido a su base de roca elevada y los restos de su <strong>revestimiento original de piedra caliza<\/strong> en el \u00e1pice. Su complejo circundante, incluido su <strong>Templo del Valle<\/strong> bien conservado, ofrece perspectivas \u00fanicas sobre los <strong>rituales funerarios reales<\/strong>.<\/p>\n<p>M\u00e1s adelante en la meseta se encuentra la <strong>Pir\u00e1mide de Micerino<\/strong>, la m\u00e1s peque\u00f1a de las tres, que se distingue por sus <strong>piedras de granito originales<\/strong> en la base.<\/p>\n<p>Adyacentes a las pir\u00e1mides principales, descubrir\u00e1 las <strong>Pir\u00e1mides de las Reinas<\/strong>, estructuras sat\u00e9lite m\u00e1s peque\u00f1as que se cree que fueron los <strong>lugares de enterramiento<\/strong> de las esposas y mujeres de alto rango de la <strong>familia real<\/strong> de los faraones. Estas proporcionan una visi\u00f3n fascinante de las vidas y roles de las <strong>mujeres reales<\/strong> en el <strong>antiguo Egipto<\/strong>.<\/p>\n<p>Para una perspectiva humana m\u00e1s profunda, una visita a las <strong>Tumbas de los Constructores de las Pir\u00e1mides<\/strong> es esencial. Estas <strong>humildes tumbas<\/strong> de ladrillos de barro y piedra, descubiertas en la aldea de los trabajadores, revelan la <strong>vida diaria<\/strong>, la <strong>atenci\u00f3n m\u00e9dica<\/strong> y la <strong>organizaci\u00f3n social<\/strong> de los <strong>artesanos<\/strong> y <strong>trabajadores cualificados<\/strong> que construyeron estas haza\u00f1as monumentales.<\/p>\n<p>Finalmente, custodiando todo el complejo se encuentra la majestuosa <strong>Gran Esfinge<\/strong>, una <strong>colosal estatua de piedra caliza<\/strong> con el cuerpo de un le\u00f3n y la cabeza de un humano, que se cree que representa al <strong>Fara\u00f3n Kefr\u00e9n<\/strong>.<\/p>\n<p>Al final de su d\u00eda, su conductor regresar\u00e1 a su hotel en <strong>Makadi Bay<\/strong>.<\/p>\n<p><em><strong>Comidas:<\/strong> Desayuno, almuerzo<\/em><\/p>\n<h3><span style=\"color: #ff6600;\">Precio Excursi\u00f3n Privada de un D\u00eda al Cairo desde Makadi Bay<\/span><\/h3>\n<ul>\n<li>Precio Adulto: 150 \u20ac<\/li>\n<li>Beb\u00e9s 0-5 a\u00f1os: Gratis<\/li>\n<li>Ni\u00f1os 5 -11 a\u00f1os: 50% del precio adulto<\/li>\n<\/ul>\n<h3><span style=\"color: #ff6600;\">Reserva<\/span><\/h3>\n<p>Puede reservar sus excursiones desde Makadi Bay a trav\u00e9s de WhatsApp o enviarnos un correo electr\u00f3nico y recibir\u00e1 la confirmaci\u00f3n al instante en el acto.<\/p>\n<p>Por favor, env\u00edenos el nombre de su hotel, n\u00famero de habitaci\u00f3n y copias de pasaporte.<\/p>\n<ul>\n<li>WhatsApp: +201000852186<\/li>\n<li>Email: info@egytourpackages.com<\/li>\n<\/ul>\n<h3><span style=\"color: #ff6600;\">\u00a1Reserve Ahora y Pague en Destino!<\/span><\/h3>\n<p>Reserve su tour favorito y pague el d\u00eda del viaje.<\/p>\n<h3><span style=\"color: #ff6600;\">Pago<\/span><\/h3>\n<p>Puede pagar en Libras Egipcias, $ (d\u00f3lares), \u20ac\u200e (euros) o \u00a3 (libras esterlinas).<\/p>\n<h3><span style=\"color: #ff6600;\">Pol\u00edtica de Cancelaci\u00f3n<\/span><\/h3>\n<ul>\n<li>La cancelaci\u00f3n es gratuita hasta 24 horas de antelaci\u00f3n.<\/li>\n<li>La cancelaci\u00f3n por la ma\u00f1ana (del d\u00eda del tour) es el 50% del precio.<\/li>\n<\/ul>\n","protected":false},"excerpt":{"rendered":"<p>Excursi\u00f3n privada de un d\u00eda al Cairo desde Makadi Bay. Visite las Pir\u00e1mides de Guiza, la Esfinge y los Tesoro de Tutankam\u00f3n en el GEM. Tour Hist\u00f3rico<\/p>\n","protected":false},"featured_media":10182,"comment_status":"open","ping_status":"closed","template":"","meta":[],"product_brand":[],"product_cat":[3128],"product_tag":[3341,3211],"class_list":{"0":"post-10181","1":"product","2":"type-product","3":"status-publish","4":"has-post-thumbnail","6":"product_cat-tours","7":"product_tag-excursiones-a-la-bahia-de-makadi","8":"product_tag-piramides-de-giza","9":"tour_category-excursiones-a-el-cairo-desde-hurghada","10":"tour_category-excursiones-egipto-es","11":"tour_category-excursiones-en-makadi-bay-es","13":"first","14":"instock","15":"sale","16":"shipping-taxable","17":"purchasable","18":"product-type-tour","19":"has-default-attributes"},"yoast_head":"<!-- This site is optimized with the Yoast SEO Premium plugin v27.2 (Yoast SEO v27.2) - https:\/\/yoast.com\/product\/yoast-seo-premium-wordpress\/ -->\n<title>Excursi\u00f3n Privada al Cairo desde Makadi Bay<\/title>\n<meta name=\"description\" content=\"Excursi\u00f3n privada de un d\u00eda al Cairo desde Makadi Bay. Visite las Pir\u00e1mides de Guiza, la Esfinge y los Tesoro de Tutankam\u00f3n en el GEM. Tour Hist\u00f3rico\" \/>\n<meta name=\"robots\" content=\"index, follow, max-snippet:-1, max-image-preview:large, max-video-preview:-1\" \/>\n<link rel=\"canonical\" href=\"https:\/\/egytourpackages.com\/es\/tours\/excursion-privada-al-cairo-desde-makadi-bay\/\" \/>\n<meta property=\"og:locale\" content=\"es_ES\" \/>\n<meta property=\"og:type\" content=\"article\" \/>\n<meta property=\"og:title\" content=\"Excursi\u00f3n Privada al Cairo desde Makadi Bay\" \/>\n<meta property=\"og:description\" content=\"Excursi\u00f3n privada de un d\u00eda al Cairo desde Makadi Bay. Visite las Pir\u00e1mides de Guiza, la Esfinge y los Tesoro de Tutankam\u00f3n en el GEM. Tour Hist\u00f3rico\" \/>\n<meta property=\"og:url\" content=\"https:\/\/egytourpackages.com\/es\/tours\/excursion-privada-al-cairo-desde-makadi-bay\/\" \/>\n<meta property=\"og:site_name\" content=\"Egypt Tour Packages\" \/>\n<meta property=\"article:publisher\" content=\"https:\/\/www.facebook.com\/egytourpackages\" \/>\n<meta property=\"article:modified_time\" content=\"2026-01-28T21:39:13+00:00\" \/>\n<meta property=\"og:image\" content=\"https:\/\/egytourpackages.com\/wp-content\/uploads\/2023\/07\/Cheops-Pyramid.jpg\" \/>\n\t<meta property=\"og:image:width\" content=\"2000\" \/>\n\t<meta property=\"og:image:height\" content=\"1333\" \/>\n\t<meta property=\"og:image:type\" content=\"image\/jpeg\" \/>\n<meta name=\"twitter:card\" content=\"summary_large_image\" \/>\n<meta name=\"twitter:description\" content=\"Excursi\u00f3n privada de un d\u00eda al Cairo desde Makadi Bay. Visite las Pir\u00e1mides de Guiza, la Esfinge y los Tesoro de Tutankam\u00f3n en el GEM. Tour Hist\u00f3rico\" \/>\n<meta name=\"twitter:label1\" content=\"Precio\" \/>\n\t<meta name=\"twitter:data1\" content=\"&euro;150\" \/>\n\t<meta name=\"twitter:label2\" content=\"Disponibilidad\" \/>\n\t<meta name=\"twitter:data2\" content=\"Disponible\" \/>\n<script type=\"application\/ld+json\" class=\"yoast-schema-graph\">{\"@context\":\"https:\/\/schema.org\",\"@graph\":[{\"@type\":\"WebPage\",\"@id\":\"https:\/\/egytourpackages.com\/es\/tours\/excursion-privada-al-cairo-desde-makadi-bay\/\",\"url\":\"https:\/\/egytourpackages.com\/es\/tours\/excursion-privada-al-cairo-desde-makadi-bay\/\",\"name\":\"Excursi\u00f3n Privada al Cairo desde Makadi Bay\",\"isPartOf\":{\"@id\":\"https:\/\/egytourpackages.com\/es\/#website\"},\"primaryImageOfPage\":{\"@id\":\"https:\/\/egytourpackages.com\/es\/tours\/excursion-privada-al-cairo-desde-makadi-bay\/#primaryimage\"},\"image\":{\"@id\":\"https:\/\/egytourpackages.com\/es\/tours\/excursion-privada-al-cairo-desde-makadi-bay\/#primaryimage\"},\"thumbnailUrl\":\"https:\/\/egytourpackages.com\/wp-content\/uploads\/2023\/07\/Cheops-Pyramid.jpg\",\"datePublished\":\"2023-07-13T16:37:24+00:00\",\"dateModified\":\"2026-01-28T21:39:13+00:00\",\"description\":\"Excursi\u00f3n privada de un d\u00eda al Cairo desde Makadi Bay. Visite las Pir\u00e1mides de Guiza, la Esfinge y los Tesoro de Tutankam\u00f3n en el GEM. Tour Hist\u00f3rico\",\"breadcrumb\":{\"@id\":\"https:\/\/egytourpackages.com\/es\/tours\/excursion-privada-al-cairo-desde-makadi-bay\/#breadcrumb\"},\"inLanguage\":\"es\",\"potentialAction\":[{\"@type\":\"ReadAction\",\"target\":[\"https:\/\/egytourpackages.com\/es\/tours\/excursion-privada-al-cairo-desde-makadi-bay\/\"]}]},{\"@type\":\"ImageObject\",\"inLanguage\":\"es\",\"@id\":\"https:\/\/egytourpackages.com\/es\/tours\/excursion-privada-al-cairo-desde-makadi-bay\/#primaryimage\",\"url\":\"https:\/\/egytourpackages.com\/wp-content\/uploads\/2023\/07\/Cheops-Pyramid.jpg\",\"contentUrl\":\"https:\/\/egytourpackages.com\/wp-content\/uploads\/2023\/07\/Cheops-Pyramid.jpg\",\"width\":2000,\"height\":1333,\"caption\":\"Pir\u00e1mide de Keops\"},{\"@type\":\"BreadcrumbList\",\"@id\":\"https:\/\/egytourpackages.com\/es\/tours\/excursion-privada-al-cairo-desde-makadi-bay\/#breadcrumb\",\"itemListElement\":[{\"@type\":\"ListItem\",\"position\":1,\"name\":\"Home\",\"item\":\"https:\/\/egytourpackages.com\/es\/paquetes-de-viaje-a-egipto\/\"},{\"@type\":\"ListItem\",\"position\":2,\"name\":\"Shop\",\"item\":\"https:\/\/egytourpackages.com\/shop\/\"},{\"@type\":\"ListItem\",\"position\":3,\"name\":\"Excursi\u00f3n Privada al Cairo desde Makadi Bay\"}]},{\"@type\":\"WebSite\",\"@id\":\"https:\/\/egytourpackages.com\/es\/#website\",\"url\":\"https:\/\/egytourpackages.com\/es\/\",\"name\":\"Egy tour packages\",\"description\":\"\",\"publisher\":{\"@id\":\"https:\/\/egytourpackages.com\/es\/#organization\"},\"potentialAction\":[{\"@type\":\"SearchAction\",\"target\":{\"@type\":\"EntryPoint\",\"urlTemplate\":\"https:\/\/egytourpackages.com\/es\/?s={search_term_string}\"},\"query-input\":{\"@type\":\"PropertyValueSpecification\",\"valueRequired\":true,\"valueName\":\"search_term_string\"}}],\"inLanguage\":\"es\"},{\"@type\":[\"Organization\",\"Place\",\"TravelAgency\"],\"@id\":\"https:\/\/egytourpackages.com\/es\/#organization\",\"name\":\"egypt tour packages\",\"alternateName\":\"egypt tour packages\",\"url\":\"https:\/\/egytourpackages.com\/es\/\",\"logo\":{\"@id\":\"https:\/\/egytourpackages.com\/es\/tours\/excursion-privada-al-cairo-desde-makadi-bay\/#local-main-organization-logo\"},\"image\":{\"@id\":\"https:\/\/egytourpackages.com\/es\/tours\/excursion-privada-al-cairo-desde-makadi-bay\/#local-main-organization-logo\"},\"sameAs\":[\"https:\/\/www.facebook.com\/egytourpackages\"],\"legalName\":\"Egy tour packages\",\"address\":{\"@id\":\"https:\/\/egytourpackages.com\/es\/tours\/excursion-privada-al-cairo-desde-makadi-bay\/#local-main-place-address\"},\"telephone\":[\"00201000852186\",\"00201028685533\"],\"contactPoint\":{\"@type\":\"ContactPoint\",\"telephone\":\"00201000852186\"},\"openingHoursSpecification\":[{\"@type\":\"OpeningHoursSpecification\",\"dayOfWeek\":[\"Monday\",\"Tuesday\",\"Wednesday\",\"Thursday\",\"Friday\",\"Saturday\",\"Sunday\"],\"opens\":\"00:00\",\"closes\":\"23:59\"}],\"email\":\"info@egytourpackages.com\",\"areaServed\":\"Cairo, Hurghada, Luxor, Sharm El Sheikh, Marsa Alam, Aswan\",\"priceRange\":\"$\",\"currenciesAccepted\":\"euro\",\"paymentAccepted\":\"Payment links online\"},{\"@type\":\"PostalAddress\",\"@id\":\"https:\/\/egytourpackages.com\/es\/tours\/excursion-privada-al-cairo-desde-makadi-bay\/#local-main-place-address\",\"streetAddress\":\"Mubarak 8, Al Kawthar District, Hurghada\",\"addressLocality\":\"Hurghada\",\"postalCode\":\"84511\",\"addressRegion\":\"Red Sea\",\"addressCountry\":\"EG\"},{\"@type\":\"ImageObject\",\"inLanguage\":\"es\",\"@id\":\"https:\/\/egytourpackages.com\/es\/tours\/excursion-privada-al-cairo-desde-makadi-bay\/#local-main-organization-logo\",\"url\":\"https:\/\/egytourpackages.com\/wp-content\/uploads\/2025\/12\/Turquoise-Dahabiya-Nile-Cruise-1.jpeg\",\"contentUrl\":\"https:\/\/egytourpackages.com\/wp-content\/uploads\/2025\/12\/Turquoise-Dahabiya-Nile-Cruise-1.jpeg\",\"width\":1040,\"height\":694,\"caption\":\"egypt tour packages\"}]}<\/script>\n<meta property=\"product:brand\" content=\"Excursiones a El Cairo desde Hurghada\" \/>\n<meta property=\"product:price:amount\" content=\"150\" \/>\n<meta property=\"product:price:currency\" content=\"EUR\" \/>\n<meta property=\"og:availability\" content=\"instock\" \/>\n<meta property=\"product:availability\" content=\"instock\" \/>\n<meta property=\"product:retailer_item_id\" content=\"MBE06\" \/>\n<meta property=\"product:condition\" content=\"new\" \/>\n<meta name=\"geo.placename\" content=\"Hurghada\" \/>\n<meta name=\"geo.region\" content=\"Egipto\" \/>\n<!-- \/ Yoast SEO Premium plugin. -->","yoast_head_json":{"title":"Excursi\u00f3n Privada al Cairo desde Makadi Bay","description":"Excursi\u00f3n privada de un d\u00eda al Cairo desde Makadi Bay. Visite las Pir\u00e1mides de Guiza, la Esfinge y los Tesoro de Tutankam\u00f3n en el GEM. Tour Hist\u00f3rico","robots":{"index":"index","follow":"follow","max-snippet":"max-snippet:-1","max-image-preview":"max-image-preview:large","max-video-preview":"max-video-preview:-1"},"canonical":"https:\/\/egytourpackages.com\/es\/tours\/excursion-privada-al-cairo-desde-makadi-bay\/","og_locale":"es_ES","og_type":"article","og_title":"Excursi\u00f3n Privada al Cairo desde Makadi Bay","og_description":"Excursi\u00f3n privada de un d\u00eda al Cairo desde Makadi Bay. Visite las Pir\u00e1mides de Guiza, la Esfinge y los Tesoro de Tutankam\u00f3n en el GEM. Tour Hist\u00f3rico","og_url":"https:\/\/egytourpackages.com\/es\/tours\/excursion-privada-al-cairo-desde-makadi-bay\/","og_site_name":"Egypt Tour Packages","article_publisher":"https:\/\/www.facebook.com\/egytourpackages","article_modified_time":"2026-01-28T21:39:13+00:00","og_image":[{"width":2000,"height":1333,"url":"https:\/\/egytourpackages.com\/wp-content\/uploads\/2023\/07\/Cheops-Pyramid.jpg","type":"image\/jpeg"}],"twitter_card":"summary_large_image","twitter_description":"Excursi\u00f3n privada de un d\u00eda al Cairo desde Makadi Bay. Visite las Pir\u00e1mides de Guiza, la Esfinge y los Tesoro de Tutankam\u00f3n en el GEM. Tour Hist\u00f3rico","twitter_misc":{"Precio":"&euro;150","Disponibilidad":"Disponible"},"schema":{"@context":"https:\/\/schema.org","@graph":[{"@type":"WebPage","@id":"https:\/\/egytourpackages.com\/es\/tours\/excursion-privada-al-cairo-desde-makadi-bay\/","url":"https:\/\/egytourpackages.com\/es\/tours\/excursion-privada-al-cairo-desde-makadi-bay\/","name":"Excursi\u00f3n Privada al Cairo desde Makadi Bay","isPartOf":{"@id":"https:\/\/egytourpackages.com\/es\/#website"},"primaryImageOfPage":{"@id":"https:\/\/egytourpackages.com\/es\/tours\/excursion-privada-al-cairo-desde-makadi-bay\/#primaryimage"},"image":{"@id":"https:\/\/egytourpackages.com\/es\/tours\/excursion-privada-al-cairo-desde-makadi-bay\/#primaryimage"},"thumbnailUrl":"https:\/\/egytourpackages.com\/wp-content\/uploads\/2023\/07\/Cheops-Pyramid.jpg","datePublished":"2023-07-13T16:37:24+00:00","dateModified":"2026-01-28T21:39:13+00:00","description":"Excursi\u00f3n privada de un d\u00eda al Cairo desde Makadi Bay. Visite las Pir\u00e1mides de Guiza, la Esfinge y los Tesoro de Tutankam\u00f3n en el GEM. Tour Hist\u00f3rico","breadcrumb":{"@id":"https:\/\/egytourpackages.com\/es\/tours\/excursion-privada-al-cairo-desde-makadi-bay\/#breadcrumb"},"inLanguage":"es","potentialAction":[{"@type":"ReadAction","target":["https:\/\/egytourpackages.com\/es\/tours\/excursion-privada-al-cairo-desde-makadi-bay\/"]}]},{"@type":"ImageObject","inLanguage":"es","@id":"https:\/\/egytourpackages.com\/es\/tours\/excursion-privada-al-cairo-desde-makadi-bay\/#primaryimage","url":"https:\/\/egytourpackages.com\/wp-content\/uploads\/2023\/07\/Cheops-Pyramid.jpg","contentUrl":"https:\/\/egytourpackages.com\/wp-content\/uploads\/2023\/07\/Cheops-Pyramid.jpg","width":2000,"height":1333,"caption":"Pir\u00e1mide de Keops"},{"@type":"BreadcrumbList","@id":"https:\/\/egytourpackages.com\/es\/tours\/excursion-privada-al-cairo-desde-makadi-bay\/#breadcrumb","itemListElement":[{"@type":"ListItem","position":1,"name":"Home","item":"https:\/\/egytourpackages.com\/es\/paquetes-de-viaje-a-egipto\/"},{"@type":"ListItem","position":2,"name":"Shop","item":"https:\/\/egytourpackages.com\/shop\/"},{"@type":"ListItem","position":3,"name":"Excursi\u00f3n Privada al Cairo desde Makadi Bay"}]},{"@type":"WebSite","@id":"https:\/\/egytourpackages.com\/es\/#website","url":"https:\/\/egytourpackages.com\/es\/","name":"Egy tour packages","description":"","publisher":{"@id":"https:\/\/egytourpackages.com\/es\/#organization"},"potentialAction":[{"@type":"SearchAction","target":{"@type":"EntryPoint","urlTemplate":"https:\/\/egytourpackages.com\/es\/?s={search_term_string}"},"query-input":{"@type":"PropertyValueSpecification","valueRequired":true,"valueName":"search_term_string"}}],"inLanguage":"es"},{"@type":["Organization","Place","TravelAgency"],"@id":"https:\/\/egytourpackages.com\/es\/#organization","name":"egypt tour packages","alternateName":"egypt tour packages","url":"https:\/\/egytourpackages.com\/es\/","logo":{"@id":"https:\/\/egytourpackages.com\/es\/tours\/excursion-privada-al-cairo-desde-makadi-bay\/#local-main-organization-logo"},"image":{"@id":"https:\/\/egytourpackages.com\/es\/tours\/excursion-privada-al-cairo-desde-makadi-bay\/#local-main-organization-logo"},"sameAs":["https:\/\/www.facebook.com\/egytourpackages"],"legalName":"Egy tour packages","address":{"@id":"https:\/\/egytourpackages.com\/es\/tours\/excursion-privada-al-cairo-desde-makadi-bay\/#local-main-place-address"},"telephone":["00201000852186","00201028685533"],"contactPoint":{"@type":"ContactPoint","telephone":"00201000852186"},"openingHoursSpecification":[{"@type":"OpeningHoursSpecification","dayOfWeek":["Monday","Tuesday","Wednesday","Thursday","Friday","Saturday","Sunday"],"opens":"00:00","closes":"23:59"}],"email":"info@egytourpackages.com","areaServed":"Cairo, Hurghada, Luxor, Sharm El Sheikh, Marsa Alam, Aswan","priceRange":"$","currenciesAccepted":"euro","paymentAccepted":"Payment links online"},{"@type":"PostalAddress","@id":"https:\/\/egytourpackages.com\/es\/tours\/excursion-privada-al-cairo-desde-makadi-bay\/#local-main-place-address","streetAddress":"Mubarak 8, Al Kawthar District, Hurghada","addressLocality":"Hurghada","postalCode":"84511","addressRegion":"Red Sea","addressCountry":"EG"},{"@type":"ImageObject","inLanguage":"es","@id":"https:\/\/egytourpackages.com\/es\/tours\/excursion-privada-al-cairo-desde-makadi-bay\/#local-main-organization-logo","url":"https:\/\/egytourpackages.com\/wp-content\/uploads\/2025\/12\/Turquoise-Dahabiya-Nile-Cruise-1.jpeg","contentUrl":"https:\/\/egytourpackages.com\/wp-content\/uploads\/2025\/12\/Turquoise-Dahabiya-Nile-Cruise-1.jpeg","width":1040,"height":694,"caption":"egypt tour packages"}]},"product_brand":"Excursiones a El Cairo desde Hurghada","product_price_amount":"150","product_price_currency":"EUR","og_availability":"instock","product_availability":"instock","product_retailer_item_id":"MBE06","product_condition":"new","geo.placename":"Hurghada","geo.region":"Egipto"},"_links":{"self":[{"href":"https:\/\/egytourpackages.com\/es\/wp-json\/wp\/v2\/product\/10181","targetHints":{"allow":["GET"]}}],"collection":[{"href":"https:\/\/egytourpackages.com\/es\/wp-json\/wp\/v2\/product"}],"about":[{"href":"https:\/\/egytourpackages.com\/es\/wp-json\/wp\/v2\/types\/product"}],"replies":[{"embeddable":true,"href":"https:\/\/egytourpackages.com\/es\/wp-json\/wp\/v2\/comments?post=10181"}],"wp:featuredmedia":[{"embeddable":true,"href":"https:\/\/egytourpackages.com\/es\/wp-json\/wp\/v2\/media\/10182"}],"wp:attachment":[{"href":"https:\/\/egytourpackages.com\/es\/wp-json\/wp\/v2\/media?parent=10181"}],"wp:term":[{"taxonomy":"product_brand","embeddable":true,"href":"https:\/\/egytourpackages.com\/es\/wp-json\/wp\/v2\/product_brand?post=10181"},{"taxonomy":"product_cat","embeddable":true,"href":"https:\/\/egytourpackages.com\/es\/wp-json\/wp\/v2\/product_cat?post=10181"},{"taxonomy":"product_tag","embeddable":true,"href":"https:\/\/egytourpackages.com\/es\/wp-json\/wp\/v2\/product_tag?post=10181"}],"curies":[{"name":"wp","href":"https:\/\/api.w.org\/{rel}","templated":true}]}}