{"id":10183,"date":"2023-07-15T00:02:49","date_gmt":"2023-07-15T00:02:49","guid":{"rendered":"https:\/\/egytourpackages.com\/product\/excursion-a-dendera-y-abydos-desde-makadi-bay\/"},"modified":"2026-01-28T17:37:05","modified_gmt":"2026-01-28T17:37:05","slug":"excursion-a-dendera-y-abydos-desde-makadi-bay","status":"publish","type":"product","link":"https:\/\/egytourpackages.com\/es\/tours\/excursion-a-dendera-y-abydos-desde-makadi-bay\/","title":{"rendered":"Excursi\u00f3n a Dendera y Abydos desde Makadi Bay"},"content":{"rendered":"<p><span style=\"color: #ff6600;\"><strong>Excursi\u00f3n a Dendera y Abydos desde Makadi Bay | Tours Culturales Egipto<\/strong><\/span><\/p>\n<p>Explore lo mejor de la <strong>historia del antiguo Egipto<\/strong> con nuestra exclusiva <strong>excursi\u00f3n a Dendera y Abydos desde Makadi Bay<\/strong>.<\/p>\n<p>Este cautivador <strong>tour privado<\/strong> ofrece una oportunidad \u00fanica para descubrir <strong>dos de los templos mejor conservados de Egipto<\/strong>, ubicados fuera de la principal ruta tur\u00edstica, asegurando una <strong>experiencia m\u00e1s \u00edntima<\/strong> y <strong>serena<\/strong>.<\/p>\n<p>Su <strong>excursi\u00f3n desde Makadi Bay<\/strong> comienza con un c\u00f3modo <strong>traslado privado<\/strong> a trav\u00e9s del pintoresco <strong>Valle del Nilo<\/strong>, ofreciendo vistas esc\u00e9nicas mientras viaja a estos <strong>sitios sagrados<\/strong>.<\/p>\n<p>Primero, llegue al magn\u00edfico <strong>Complejo del Templo de Dendera<\/strong>, dedicado a la <strong>diosa Hathor<\/strong>. Aqu\u00ed, marav\u00edllese con sus <strong>relieves vibrantes<\/strong> y bien conservados, el famoso <strong>Zod\u00edaco de Dendera<\/strong>, las <strong>Criptas<\/strong> e incluso acceda al techo del templo para disfrutar de impresionantes <strong>vistas panor\u00e1micas<\/strong>.<\/p>\n<p>Contin\u00fae su <strong>tour por Egipto<\/strong> hacia la <strong>ciudad sagrada de Abydos<\/strong>, hogar del venerado <strong>Templo de Seti I<\/strong>. Este sitio es fundamental para la <strong>mitolog\u00eda del antiguo Egipto<\/strong> como centro de culto de <strong>Osiris<\/strong>.<\/p>\n<p>Contemple la asombrosamente detallada <strong>Lista de Reyes de Abydos<\/strong> y los <strong>intrincados relieves en alto<\/strong> que se consideran entre los <strong>m\u00e1s finos de Egipto<\/strong>.<\/p>\n<p>Este <strong>tour de d\u00eda completo<\/strong> desde su <strong>hotel en Makadi Bay<\/strong> lo conecta con milenios de historia y significado espiritual, proporcionando una <strong>experiencia cultural inolvidable<\/strong> lejos de las multitudes. Asegure su <strong>tour a Dendera y Abydos<\/strong> para una visi\u00f3n verdaderamente \u00fanica de los <strong>tesoros ocultos de Egipto<\/strong>.<\/p>\n<h3><span style=\"color: #ff6600;\">Detalles del Tour<\/span><\/h3>\n<ul>\n<li>Duraci\u00f3n: 1 D\u00eda<\/li>\n<li>Ubicaci\u00f3n del Tour: Dendera \/ Abydos<\/li>\n<li>Disponibilidad del Tour: Todos los d\u00edas<\/li>\n<li>Recogida y Regreso: Su Hotel en Makadi Bay<\/li>\n<li>Tipo de Tour: Privado<\/li>\n<li>Ideal para: Parejas, Familias, Personas Mayores<\/li>\n<li>Silla de Ruedas: Accesible<\/li>\n<\/ul>\n<h3><span style=\"color: #ff6600;\">Incluido<\/span><\/h3>\n<ul>\n<li>Traslado de ida y vuelta con veh\u00edculo privado nuevo<\/li>\n<li>Gu\u00eda egipt\u00f3logo experto<\/li>\n<li>Tarifa de entrada a todos los lugares de inter\u00e9s<\/li>\n<li>Almuerzo en un restaurante local<\/li>\n<li>Agua durante el d\u00eda<\/li>\n<\/ul>\n<h3><span style=\"color: #ff6600;\">Excluido<\/span><\/h3>\n<ul>\n<li>Bebidas durante el almuerzo<\/li>\n<li>Propinas<\/li>\n<\/ul>\n<h3><span style=\"color: #ff6600;\">Qu\u00e9 llevar<\/span><\/h3>\n<ul>\n<li>Sombrero, Gafas de sol y Crema solar<\/li>\n<li>Zapatos y ropa c\u00f3moda<\/li>\n<\/ul>\n<h2><span style=\"color: #ff6600;\">Itinerario<\/span><\/h2>\n<p>Re\u00fanase con su gu\u00eda en el lobby de su hotel alrededor de las 05:00 a.m. para comenzar su <strong>tour de d\u00eda completo<\/strong> al <strong>Templo de Dendera<\/strong> y al <strong>Templo de Abydos<\/strong>.<\/p>\n<p>La distancia entre Makadi Bay y el Templo de Dendera es de aproximadamente <strong>200 km<\/strong> y se tarda unas <strong>3 horas<\/strong> en coche con un breve descanso en el camino.<\/p>\n<p>De hecho, comenzar\u00e1 su <strong>excursi\u00f3n desde Hurghada<\/strong> (Makadi Bay) con uno de los <strong>templos mejor conservados de Egipto<\/strong> junto con el Templo de Horus en <strong>Edfu<\/strong>, el <strong>Templo de Dendera<\/strong>.<\/p>\n<h3><span style=\"color: #ff6600;\">Templo de Dendera (Templo de Hathor)<\/span><\/h3>\n<p>Explore la <strong>historia del antiguo Egipto<\/strong>, la <strong>rica civilizaci\u00f3n egipcia antigua<\/strong> y la <strong>religi\u00f3n egipcia antigua<\/strong> durante el <strong>per\u00edodo grecorromano<\/strong>.<\/p>\n<p>Descubra el <strong>Mammisi Romano<\/strong>, el <strong>Mammisi Fara\u00f3nico<\/strong>, el <strong>Sanatorio<\/strong>, la <strong>Capilla de Isis<\/strong>, la <strong>Capilla de Osiris<\/strong> y la <strong>Capilla de Hathor<\/strong>.<\/p>\n<p>Adem\u00e1s, visite las <strong>Criptas de Dendera<\/strong>, vea la <strong>L\u00e1mpara de Dendera<\/strong> y aprenda sobre los <strong>Festivales en el antiguo Egipto<\/strong>, especialmente la <strong>Buena Uni\u00f3n<\/strong> entre <strong>Hathor<\/strong> y <strong>Horus de Edfu<\/strong>.<\/p>\n<p>Al finalizar el tour por el <strong>Templo de Dendera<\/strong>, se dirigir\u00e1 al <strong>Templo de Abydos<\/strong> en la Gobernaci\u00f3n de Sohag.<\/p>\n<h3><span style=\"color: #ff6600;\">Templo de Abydos<\/span><\/h3>\n<p>El <strong>Templo de Abydos<\/strong> es otro asombroso <strong>templo fara\u00f3nico<\/strong> en Egipto y uno de los <strong>templos m\u00e1s coloridos<\/strong>. De hecho, el <strong>rey Seti I<\/strong> dedic\u00f3 el templo principalmente al <strong>Dios Osiris<\/strong>, <strong>Isis<\/strong>, <strong>Horus<\/strong>, <strong>Ra-Horajti<\/strong> y <strong>Ptah<\/strong>.<\/p>\n<p>M\u00e1s tarde, su hijo <strong>Rams\u00e9s II<\/strong> y <strong>Merenptah<\/strong> completaron el templo. Los <strong>templos de Abydos<\/strong> son una de nuestras fuentes sobre las <strong>leyendas del antiguo Egipto<\/strong>, como la famosa <strong>Leyenda de Isis y Osiris<\/strong>.<\/p>\n<p>Adem\u00e1s, el templo tiene una de las <strong>famosas Listas de Reyes<\/strong> que incluye <strong>64 nombres<\/strong> de los <strong>ancestros de Seti I<\/strong>, comenzando con <strong>Menes<\/strong> y terminando con el propio Seti. Mientras est\u00e9 en la zona, no se pierda el <strong>Osireion<\/strong>, <strong>Shunet El Zebib<\/strong>, la <strong>Tumba de Om Seti<\/strong>, las <strong>tumbas del per\u00edodo din\u00e1stico temprano<\/strong>, <strong>Kom El Sultan<\/strong> y el <strong>Templo de Rams\u00e9s el Grande<\/strong>.<\/p>\n<p>Al final de su tour, le llevaremos de regreso a su hotel en Makadi Bay\/Hurghada.<\/p>\n<h3><span style=\"color: #ff6600;\">Precio Excursi\u00f3n a Dendera y Abydos desde Makadi Bay<\/span><\/h3>\n<ul>\n<li>Precio Adulto = 140 \u20ac<\/li>\n<li>Beb\u00e9s 0-5 a\u00f1os = Gratis<\/li>\n<li>Ni\u00f1os 5 -11 a\u00f1os = 50% del precio adulto<\/li>\n<\/ul>\n<h3><span style=\"color: #ff6600;\">Reserva<\/span><\/h3>\n<p>Puede reservar sus excursiones desde Makadi Bay a trav\u00e9s de WhatsApp o enviarnos un correo electr\u00f3nico y recibir\u00e1 la confirmaci\u00f3n al instante en el acto.<\/p>\n<p>Por favor, env\u00edenos el nombre de su hotel, n\u00famero de habitaci\u00f3n y copias de pasaporte.<\/p>\n<ul>\n<li>WhatsApp: +201000852186<\/li>\n<li>Email: info@egytourpackages.com<\/li>\n<\/ul>\n<h3><span style=\"color: #ff6600;\">\u00a1Reserve Ahora y Pague en Destino!<\/span><\/h3>\n<p>Reserve su tour favorito y pague el d\u00eda del viaje.<\/p>\n<h3><span style=\"color: #ff6600;\">Pago<\/span><\/h3>\n<p>Puede pagar en Libras Egipcias, $ (d\u00f3lares), \u20ac\u200e (euros) o \u00a3 (libras esterlinas).<\/p>\n<h3><span style=\"color: #ff6600;\">Pol\u00edtica de Cancelaci\u00f3n<\/span><\/h3>\n<ul>\n<li>La cancelaci\u00f3n es gratuita hasta 24 horas de antelaci\u00f3n.<\/li>\n<li>La cancelaci\u00f3n por la ma\u00f1ana (del d\u00eda del tour) es el 50% del precio.<\/li>\n<\/ul>\n","protected":false},"excerpt":{"rendered":"<p>Reserve la Excursi\u00f3n a Dendera y Abydos desde Makadi Bay. Descubra el Templo de Hathor, el Zod\u00edaco de Dendera y la Lista de Reyes de Abydos.\u00a1Tours culturale<\/p>\n","protected":false},"featured_media":10184,"comment_status":"open","ping_status":"closed","template":"","meta":[],"product_brand":[],"product_cat":[3128],"product_tag":[3487,3261],"class_list":{"0":"post-10183","1":"product","2":"type-product","3":"status-publish","4":"has-post-thumbnail","6":"product_cat-tours","7":"product_tag-templo-de-abidos","8":"product_tag-templo-de-dendera","9":"tour_category-excursiones-a-luxor-desde-hurghada","10":"tour_category-excursiones-egipto-es","11":"tour_category-excursiones-en-makadi-bay-es","13":"first","14":"instock","15":"sale","16":"shipping-taxable","17":"purchasable","18":"product-type-tour","19":"has-default-attributes"},"yoast_head":"<!-- This site is optimized with the Yoast SEO Premium plugin v27.4 (Yoast SEO v27.4) - https:\/\/yoast.com\/product\/yoast-seo-premium-wordpress\/ -->\n<title>Excursi\u00f3n a Dendera y Abydos desde Makadi Bay<\/title>\n<meta name=\"description\" content=\"Reserve la Excursi\u00f3n a Dendera y Abydos desde Makadi Bay. Descubra el Templo de Hathor, el Zod\u00edaco de Dendera y la Lista de Reyes de Abydos.\u00a1Tours culturale\" \/>\n<meta name=\"robots\" content=\"index, follow, max-snippet:-1, max-image-preview:large, max-video-preview:-1\" \/>\n<link rel=\"canonical\" href=\"https:\/\/egytourpackages.com\/es\/tours\/excursion-a-dendera-y-abydos-desde-makadi-bay\/\" \/>\n<meta property=\"og:locale\" content=\"es_ES\" \/>\n<meta property=\"og:type\" content=\"article\" \/>\n<meta property=\"og:title\" content=\"Excursi\u00f3n a Dendera y Abydos desde Makadi Bay\" \/>\n<meta property=\"og:description\" content=\"Reserve la Excursi\u00f3n a Dendera y Abydos desde Makadi Bay. Descubra el Templo de Hathor, el Zod\u00edaco de Dendera y la Lista de Reyes de Abydos.\u00a1Tours culturale\" \/>\n<meta property=\"og:url\" content=\"https:\/\/egytourpackages.com\/es\/tours\/excursion-a-dendera-y-abydos-desde-makadi-bay\/\" \/>\n<meta property=\"og:site_name\" content=\"Egypt Tour Packages\" \/>\n<meta property=\"article:publisher\" content=\"https:\/\/www.facebook.com\/egytourpackages\" \/>\n<meta property=\"article:modified_time\" content=\"2026-01-28T17:37:05+00:00\" \/>\n<meta property=\"og:image\" content=\"https:\/\/egytourpackages.com\/wp-content\/uploads\/2023\/07\/Dendera-temple-1024x682.jpg\" \/>\n<meta name=\"twitter:card\" content=\"summary_large_image\" \/>\n<meta name=\"twitter:title\" content=\"Excursi\u00f3n a Dendera y Abydos desde Makadi Bay\" \/>\n<meta name=\"twitter:description\" content=\"Reserve la Excursi\u00f3n a Dendera y Abydos desde Makadi Bay. Descubra el Templo de Hathor, el Zod\u00edaco de Dendera y la Lista de Reyes de Abydos.\u00a1Tours culturale\" \/>\n<meta name=\"twitter:image\" content=\"https:\/\/egytourpackages.com\/wp-content\/uploads\/2023\/07\/Dendera-Mammisi-1024x682.jpg\" \/>\n<meta name=\"twitter:label1\" content=\"Precio\" \/>\n\t<meta name=\"twitter:data1\" content=\"&euro;140\" \/>\n\t<meta name=\"twitter:label2\" content=\"Disponibilidad\" \/>\n\t<meta name=\"twitter:data2\" content=\"Disponible\" \/>\n<script type=\"application\/ld+json\" class=\"yoast-schema-graph\">{\"@context\":\"https:\\\/\\\/schema.org\",\"@graph\":[{\"@type\":\"WebPage\",\"@id\":\"https:\\\/\\\/egytourpackages.com\\\/es\\\/tours\\\/excursion-a-dendera-y-abydos-desde-makadi-bay\\\/\",\"url\":\"https:\\\/\\\/egytourpackages.com\\\/es\\\/tours\\\/excursion-a-dendera-y-abydos-desde-makadi-bay\\\/\",\"name\":\"Excursi\u00f3n a Dendera y Abydos desde Makadi Bay\",\"isPartOf\":{\"@id\":\"https:\\\/\\\/egytourpackages.com\\\/es\\\/#website\"},\"primaryImageOfPage\":{\"@id\":\"https:\\\/\\\/egytourpackages.com\\\/es\\\/tours\\\/excursion-a-dendera-y-abydos-desde-makadi-bay\\\/#primaryimage\"},\"image\":{\"@id\":\"https:\\\/\\\/egytourpackages.com\\\/es\\\/tours\\\/excursion-a-dendera-y-abydos-desde-makadi-bay\\\/#primaryimage\"},\"thumbnailUrl\":\"https:\\\/\\\/egytourpackages.com\\\/wp-content\\\/uploads\\\/2023\\\/07\\\/Dendera-temple.jpg\",\"datePublished\":\"2023-07-15T00:02:49+00:00\",\"dateModified\":\"2026-01-28T17:37:05+00:00\",\"description\":\"Reserve la Excursi\u00f3n a Dendera y Abydos desde Makadi Bay. Descubra el Templo de Hathor, el Zod\u00edaco de Dendera y la Lista de Reyes de Abydos.\u00a1Tours culturale\",\"breadcrumb\":{\"@id\":\"https:\\\/\\\/egytourpackages.com\\\/es\\\/tours\\\/excursion-a-dendera-y-abydos-desde-makadi-bay\\\/#breadcrumb\"},\"inLanguage\":\"es\",\"potentialAction\":[{\"@type\":\"ReadAction\",\"target\":[\"https:\\\/\\\/egytourpackages.com\\\/es\\\/tours\\\/excursion-a-dendera-y-abydos-desde-makadi-bay\\\/\"]}]},{\"@type\":\"ImageObject\",\"inLanguage\":\"es\",\"@id\":\"https:\\\/\\\/egytourpackages.com\\\/es\\\/tours\\\/excursion-a-dendera-y-abydos-desde-makadi-bay\\\/#primaryimage\",\"url\":\"https:\\\/\\\/egytourpackages.com\\\/wp-content\\\/uploads\\\/2023\\\/07\\\/Dendera-temple.jpg\",\"contentUrl\":\"https:\\\/\\\/egytourpackages.com\\\/wp-content\\\/uploads\\\/2023\\\/07\\\/Dendera-temple.jpg\",\"width\":2000,\"height\":1333,\"caption\":\"Excursi\u00f3n a Dendera y Abydos desde Makadi Bay\"},{\"@type\":\"BreadcrumbList\",\"@id\":\"https:\\\/\\\/egytourpackages.com\\\/es\\\/tours\\\/excursion-a-dendera-y-abydos-desde-makadi-bay\\\/#breadcrumb\",\"itemListElement\":[{\"@type\":\"ListItem\",\"position\":1,\"name\":\"Home\",\"item\":\"https:\\\/\\\/egytourpackages.com\\\/es\\\/paquetes-de-viaje-a-egipto\\\/\"},{\"@type\":\"ListItem\",\"position\":2,\"name\":\"Shop\",\"item\":\"https:\\\/\\\/egytourpackages.com\\\/shop\\\/\"},{\"@type\":\"ListItem\",\"position\":3,\"name\":\"Excursi\u00f3n a Dendera y Abydos desde Makadi Bay\"}]},{\"@type\":\"WebSite\",\"@id\":\"https:\\\/\\\/egytourpackages.com\\\/es\\\/#website\",\"url\":\"https:\\\/\\\/egytourpackages.com\\\/es\\\/\",\"name\":\"Egy tour packages\",\"description\":\"\",\"publisher\":{\"@id\":\"https:\\\/\\\/egytourpackages.com\\\/es\\\/#organization\"},\"potentialAction\":[{\"@type\":\"SearchAction\",\"target\":{\"@type\":\"EntryPoint\",\"urlTemplate\":\"https:\\\/\\\/egytourpackages.com\\\/es\\\/?s={search_term_string}\"},\"query-input\":{\"@type\":\"PropertyValueSpecification\",\"valueRequired\":true,\"valueName\":\"search_term_string\"}}],\"inLanguage\":\"es\"},{\"@type\":[\"Organization\",\"Place\",\"TravelAgency\"],\"@id\":\"https:\\\/\\\/egytourpackages.com\\\/es\\\/#organization\",\"name\":\"egypt tour packages\",\"alternateName\":\"egypt tour packages\",\"url\":\"https:\\\/\\\/egytourpackages.com\\\/es\\\/\",\"logo\":{\"@id\":\"https:\\\/\\\/egytourpackages.com\\\/es\\\/tours\\\/excursion-a-dendera-y-abydos-desde-makadi-bay\\\/#local-main-organization-logo\"},\"image\":{\"@id\":\"https:\\\/\\\/egytourpackages.com\\\/es\\\/tours\\\/excursion-a-dendera-y-abydos-desde-makadi-bay\\\/#local-main-organization-logo\"},\"sameAs\":[\"https:\\\/\\\/www.facebook.com\\\/egytourpackages\"],\"legalName\":\"Egy tour packages\",\"address\":{\"@id\":\"https:\\\/\\\/egytourpackages.com\\\/es\\\/tours\\\/excursion-a-dendera-y-abydos-desde-makadi-bay\\\/#local-main-place-address\"},\"telephone\":[\"00201000852186\",\"00201028685533\"],\"contactPoint\":{\"@type\":\"ContactPoint\",\"telephone\":\"00201000852186\"},\"openingHoursSpecification\":[{\"@type\":\"OpeningHoursSpecification\",\"dayOfWeek\":[\"Monday\",\"Tuesday\",\"Wednesday\",\"Thursday\",\"Friday\",\"Saturday\",\"Sunday\"],\"opens\":\"00:00\",\"closes\":\"23:59\"}],\"email\":\"info@egytourpackages.com\",\"areaServed\":\"Cairo, Hurghada, Luxor, Sharm El Sheikh, Marsa Alam, Aswan\",\"priceRange\":\"$\",\"currenciesAccepted\":\"euro\",\"paymentAccepted\":\"Payment links online\"},{\"@type\":\"PostalAddress\",\"@id\":\"https:\\\/\\\/egytourpackages.com\\\/es\\\/tours\\\/excursion-a-dendera-y-abydos-desde-makadi-bay\\\/#local-main-place-address\",\"streetAddress\":\"Mubarak 8, Al Kawthar District, Hurghada\",\"addressLocality\":\"Hurghada\",\"postalCode\":\"84511\",\"addressRegion\":\"Red Sea\",\"addressCountry\":\"EG\"},{\"@type\":\"ImageObject\",\"inLanguage\":\"es\",\"@id\":\"https:\\\/\\\/egytourpackages.com\\\/es\\\/tours\\\/excursion-a-dendera-y-abydos-desde-makadi-bay\\\/#local-main-organization-logo\",\"url\":\"https:\\\/\\\/egytourpackages.com\\\/wp-content\\\/uploads\\\/2025\\\/12\\\/Turquoise-Dahabiya-Nile-Cruise-1.jpeg\",\"contentUrl\":\"https:\\\/\\\/egytourpackages.com\\\/wp-content\\\/uploads\\\/2025\\\/12\\\/Turquoise-Dahabiya-Nile-Cruise-1.jpeg\",\"width\":1040,\"height\":694,\"caption\":\"egypt tour packages\"}]}<\/script>\n<meta property=\"product:brand\" content=\"Excursiones a Luxor desde Hurghada\" \/>\n<meta property=\"product:price:amount\" content=\"140\" \/>\n<meta property=\"product:price:currency\" content=\"EUR\" \/>\n<meta property=\"og:availability\" content=\"instock\" \/>\n<meta property=\"product:availability\" content=\"instock\" \/>\n<meta property=\"product:retailer_item_id\" content=\"MBE04\" \/>\n<meta property=\"product:condition\" content=\"new\" \/>\n<meta name=\"geo.placename\" content=\"Hurghada\" \/>\n<meta name=\"geo.region\" content=\"Egipto\" \/>\n<!-- \/ Yoast SEO Premium plugin. -->","yoast_head_json":{"title":"Excursi\u00f3n a Dendera y Abydos desde Makadi Bay","description":"Reserve la Excursi\u00f3n a Dendera y Abydos desde Makadi Bay. Descubra el Templo de Hathor, el Zod\u00edaco de Dendera y la Lista de Reyes de Abydos.\u00a1Tours culturale","robots":{"index":"index","follow":"follow","max-snippet":"max-snippet:-1","max-image-preview":"max-image-preview:large","max-video-preview":"max-video-preview:-1"},"canonical":"https:\/\/egytourpackages.com\/es\/tours\/excursion-a-dendera-y-abydos-desde-makadi-bay\/","og_locale":"es_ES","og_type":"article","og_title":"Excursi\u00f3n a Dendera y Abydos desde Makadi Bay","og_description":"Reserve la Excursi\u00f3n a Dendera y Abydos desde Makadi Bay. Descubra el Templo de Hathor, el Zod\u00edaco de Dendera y la Lista de Reyes de Abydos.\u00a1Tours culturale","og_url":"https:\/\/egytourpackages.com\/es\/tours\/excursion-a-dendera-y-abydos-desde-makadi-bay\/","og_site_name":"Egypt Tour Packages","article_publisher":"https:\/\/www.facebook.com\/egytourpackages","article_modified_time":"2026-01-28T17:37:05+00:00","og_image":[{"url":"https:\/\/egytourpackages.com\/wp-content\/uploads\/2023\/07\/Dendera-temple-1024x682.jpg","type":"","width":"","height":""}],"twitter_card":"summary_large_image","twitter_title":"Excursi\u00f3n a Dendera y Abydos desde Makadi Bay","twitter_description":"Reserve la Excursi\u00f3n a Dendera y Abydos desde Makadi Bay. Descubra el Templo de Hathor, el Zod\u00edaco de Dendera y la Lista de Reyes de Abydos.\u00a1Tours culturale","twitter_image":"https:\/\/egytourpackages.com\/wp-content\/uploads\/2023\/07\/Dendera-Mammisi-1024x682.jpg","twitter_misc":{"Precio":"&euro;140","Disponibilidad":"Disponible"},"schema":{"@context":"https:\/\/schema.org","@graph":[{"@type":"WebPage","@id":"https:\/\/egytourpackages.com\/es\/tours\/excursion-a-dendera-y-abydos-desde-makadi-bay\/","url":"https:\/\/egytourpackages.com\/es\/tours\/excursion-a-dendera-y-abydos-desde-makadi-bay\/","name":"Excursi\u00f3n a Dendera y Abydos desde Makadi Bay","isPartOf":{"@id":"https:\/\/egytourpackages.com\/es\/#website"},"primaryImageOfPage":{"@id":"https:\/\/egytourpackages.com\/es\/tours\/excursion-a-dendera-y-abydos-desde-makadi-bay\/#primaryimage"},"image":{"@id":"https:\/\/egytourpackages.com\/es\/tours\/excursion-a-dendera-y-abydos-desde-makadi-bay\/#primaryimage"},"thumbnailUrl":"https:\/\/egytourpackages.com\/wp-content\/uploads\/2023\/07\/Dendera-temple.jpg","datePublished":"2023-07-15T00:02:49+00:00","dateModified":"2026-01-28T17:37:05+00:00","description":"Reserve la Excursi\u00f3n a Dendera y Abydos desde Makadi Bay. Descubra el Templo de Hathor, el Zod\u00edaco de Dendera y la Lista de Reyes de Abydos.\u00a1Tours culturale","breadcrumb":{"@id":"https:\/\/egytourpackages.com\/es\/tours\/excursion-a-dendera-y-abydos-desde-makadi-bay\/#breadcrumb"},"inLanguage":"es","potentialAction":[{"@type":"ReadAction","target":["https:\/\/egytourpackages.com\/es\/tours\/excursion-a-dendera-y-abydos-desde-makadi-bay\/"]}]},{"@type":"ImageObject","inLanguage":"es","@id":"https:\/\/egytourpackages.com\/es\/tours\/excursion-a-dendera-y-abydos-desde-makadi-bay\/#primaryimage","url":"https:\/\/egytourpackages.com\/wp-content\/uploads\/2023\/07\/Dendera-temple.jpg","contentUrl":"https:\/\/egytourpackages.com\/wp-content\/uploads\/2023\/07\/Dendera-temple.jpg","width":2000,"height":1333,"caption":"Excursi\u00f3n a Dendera y Abydos desde Makadi Bay"},{"@type":"BreadcrumbList","@id":"https:\/\/egytourpackages.com\/es\/tours\/excursion-a-dendera-y-abydos-desde-makadi-bay\/#breadcrumb","itemListElement":[{"@type":"ListItem","position":1,"name":"Home","item":"https:\/\/egytourpackages.com\/es\/paquetes-de-viaje-a-egipto\/"},{"@type":"ListItem","position":2,"name":"Shop","item":"https:\/\/egytourpackages.com\/shop\/"},{"@type":"ListItem","position":3,"name":"Excursi\u00f3n a Dendera y Abydos desde Makadi Bay"}]},{"@type":"WebSite","@id":"https:\/\/egytourpackages.com\/es\/#website","url":"https:\/\/egytourpackages.com\/es\/","name":"Egy tour packages","description":"","publisher":{"@id":"https:\/\/egytourpackages.com\/es\/#organization"},"potentialAction":[{"@type":"SearchAction","target":{"@type":"EntryPoint","urlTemplate":"https:\/\/egytourpackages.com\/es\/?s={search_term_string}"},"query-input":{"@type":"PropertyValueSpecification","valueRequired":true,"valueName":"search_term_string"}}],"inLanguage":"es"},{"@type":["Organization","Place","TravelAgency"],"@id":"https:\/\/egytourpackages.com\/es\/#organization","name":"egypt tour packages","alternateName":"egypt tour packages","url":"https:\/\/egytourpackages.com\/es\/","logo":{"@id":"https:\/\/egytourpackages.com\/es\/tours\/excursion-a-dendera-y-abydos-desde-makadi-bay\/#local-main-organization-logo"},"image":{"@id":"https:\/\/egytourpackages.com\/es\/tours\/excursion-a-dendera-y-abydos-desde-makadi-bay\/#local-main-organization-logo"},"sameAs":["https:\/\/www.facebook.com\/egytourpackages"],"legalName":"Egy tour packages","address":{"@id":"https:\/\/egytourpackages.com\/es\/tours\/excursion-a-dendera-y-abydos-desde-makadi-bay\/#local-main-place-address"},"telephone":["00201000852186","00201028685533"],"contactPoint":{"@type":"ContactPoint","telephone":"00201000852186"},"openingHoursSpecification":[{"@type":"OpeningHoursSpecification","dayOfWeek":["Monday","Tuesday","Wednesday","Thursday","Friday","Saturday","Sunday"],"opens":"00:00","closes":"23:59"}],"email":"info@egytourpackages.com","areaServed":"Cairo, Hurghada, Luxor, Sharm El Sheikh, Marsa Alam, Aswan","priceRange":"$","currenciesAccepted":"euro","paymentAccepted":"Payment links online"},{"@type":"PostalAddress","@id":"https:\/\/egytourpackages.com\/es\/tours\/excursion-a-dendera-y-abydos-desde-makadi-bay\/#local-main-place-address","streetAddress":"Mubarak 8, Al Kawthar District, Hurghada","addressLocality":"Hurghada","postalCode":"84511","addressRegion":"Red Sea","addressCountry":"EG"},{"@type":"ImageObject","inLanguage":"es","@id":"https:\/\/egytourpackages.com\/es\/tours\/excursion-a-dendera-y-abydos-desde-makadi-bay\/#local-main-organization-logo","url":"https:\/\/egytourpackages.com\/wp-content\/uploads\/2025\/12\/Turquoise-Dahabiya-Nile-Cruise-1.jpeg","contentUrl":"https:\/\/egytourpackages.com\/wp-content\/uploads\/2025\/12\/Turquoise-Dahabiya-Nile-Cruise-1.jpeg","width":1040,"height":694,"caption":"egypt tour packages"}]},"product_brand":"Excursiones a Luxor desde Hurghada","product_price_amount":"140","product_price_currency":"EUR","og_availability":"instock","product_availability":"instock","product_retailer_item_id":"MBE04","product_condition":"new","geo.placename":"Hurghada","geo.region":"Egipto"},"_links":{"self":[{"href":"https:\/\/egytourpackages.com\/es\/wp-json\/wp\/v2\/product\/10183","targetHints":{"allow":["GET"]}}],"collection":[{"href":"https:\/\/egytourpackages.com\/es\/wp-json\/wp\/v2\/product"}],"about":[{"href":"https:\/\/egytourpackages.com\/es\/wp-json\/wp\/v2\/types\/product"}],"replies":[{"embeddable":true,"href":"https:\/\/egytourpackages.com\/es\/wp-json\/wp\/v2\/comments?post=10183"}],"wp:featuredmedia":[{"embeddable":true,"href":"https:\/\/egytourpackages.com\/es\/wp-json\/wp\/v2\/media\/10184"}],"wp:attachment":[{"href":"https:\/\/egytourpackages.com\/es\/wp-json\/wp\/v2\/media?parent=10183"}],"wp:term":[{"taxonomy":"product_brand","embeddable":true,"href":"https:\/\/egytourpackages.com\/es\/wp-json\/wp\/v2\/product_brand?post=10183"},{"taxonomy":"product_cat","embeddable":true,"href":"https:\/\/egytourpackages.com\/es\/wp-json\/wp\/v2\/product_cat?post=10183"},{"taxonomy":"product_tag","embeddable":true,"href":"https:\/\/egytourpackages.com\/es\/wp-json\/wp\/v2\/product_tag?post=10183"}],"curies":[{"name":"wp","href":"https:\/\/api.w.org\/{rel}","templated":true}]}}