{"id":10204,"date":"2023-07-24T23:22:58","date_gmt":"2023-07-24T23:22:58","guid":{"rendered":"https:\/\/egytourpackages.com\/product\/tour-2-dias-a-el-cairo-desde-el-gouna\/"},"modified":"2026-01-28T23:51:21","modified_gmt":"2026-01-28T23:51:21","slug":"tour-2-dias-a-el-cairo-desde-el-gouna","status":"publish","type":"product","link":"https:\/\/egytourpackages.com\/es\/tours\/tour-2-dias-a-el-cairo-desde-el-gouna\/","title":{"rendered":"Tour 2 D\u00edas a El Cairo desde El Gouna"},"content":{"rendered":"<p><span style=\"color: #ff6600;\"><strong>Tour 2 D\u00edas a El Cairo desde El Gouna: Pir\u00e1mides, Museos y El Cairo Antiguo<\/strong><\/span><\/p>\n<p>\u00bfListo para ir m\u00e1s all\u00e1 del Mar Rojo y <strong>descubrir las maravillas del Antiguo Egipto<\/strong>? Este exclusivo <strong>Tour de 2 D\u00edas a El Cairo desde El Gouna<\/strong> est\u00e1 dise\u00f1ado para sumergirte en los sitios arqueol\u00f3gicos m\u00e1s famosos del mundo.<\/p>\n<p>El itinerario generalmente cubre los <strong>lugares hist\u00f3ricos m\u00e1s ic\u00f3nicos<\/strong>, incluyendo las <strong>Pir\u00e1mides de Guiza y la Gran Esfinge<\/strong>, el <strong>Gran Museo Egipcio (GEM)<\/strong>, y el <strong>Museo Nacional de la Civilizaci\u00f3n Egipcia (NMEC)<\/strong>.<\/p>\n<p>Tambi\u00e9n se incluye el complejo religioso del Viejo Cairo, con la <strong>Iglesia Colgante<\/strong>, la <strong>Iglesia de San Sergio y Baco<\/strong>, y la <strong>Sinagoga de Ben Ezra<\/strong>.<\/p>\n<p>El viaje generalmente incluye <strong>transporte de ida y vuelta<\/strong>, una noche de alojamiento en El Cairo, un <strong>gu\u00eda egipt\u00f3logo experto<\/strong>, las entradas a los sitios y almuerzos diarios, proporcionando una forma estructurada y conveniente de experimentar la rica historia y cultura de El Cairo.<\/p>\n<h3><span style=\"color: #ff6600;\">Detalles del Viaje<\/span><\/h3>\n<p>Este tour tiene una Duraci\u00f3n de 2 D\u00edas y 1 Noche y se lleva a cabo en El Cairo \/ Guiza. Est\u00e1 disponible Todos los d\u00edas. Ofrecemos Recogida y Regreso en todos los Hoteles en El Gouna. Se trata de un Tour Privado para garantizar tu comodidad.<\/p>\n<h3><span style=\"color: #ff6600;\">Puntos Destacados del Tour<\/span><\/h3>\n<ul>\n<li>Las Pir\u00e1mides de Guiza<\/li>\n<li>La Gran Esfinge<\/li>\n<li>El Templo del Valle<\/li>\n<li>El Gran Museo Egipcio (GEM)<\/li>\n<li>El Museo Nacional de la Civilizaci\u00f3n Egipcia (NMEC)<\/li>\n<li>La Iglesia Colgante<\/li>\n<li>La Iglesia de Abu Serga y Sinagoga de Ben Ezra<\/li>\n<li>El Bazar Khan El Khalili<\/li>\n<\/ul>\n<h3><span style=\"color: #ff6600;\">Inclusiones<\/span><\/h3>\n<ul>\n<li>1 noche de hotel en El Cairo en r\u00e9gimen de Alojamiento y Desayuno (A\/D).<\/li>\n<li>Entradas a todos los lugares de inter\u00e9s mencionados en el programa.<\/li>\n<li>Gu\u00eda egipt\u00f3logo experto y con gran conocimiento.<\/li>\n<li>Almuerzo en Guiza (D\u00eda 1).<\/li>\n<li>Almuerzo en El Cairo (D\u00eda 2).<\/li>\n<li>Traslado de ida y vuelta con veh\u00edculo nuevo y confortable.<\/li>\n<\/ul>\n<h3><span style=\"color: #ff6600;\">Exclusiones<\/span><\/h3>\n<ul>\n<li>Bebidas durante los almuerzos.<\/li>\n<li>Tarifa de entrada al interior de la Pir\u00e1mide de Keops y a la Pir\u00e1mide de Kefr\u00e9n (si deseas entrar).<\/li>\n<li>Propinas (<em>Tipping<\/em>).<\/li>\n<\/ul>\n<h2><span style=\"color: #ff6600;\">Itinerario Detallado<\/span><\/h2>\n<h3><span style=\"color: #ff6600;\">D\u00eda 1: Exploraci\u00f3n de las Pir\u00e1mides de Guiza y el Gran Museo Egipcio<\/span><\/h3>\n<p>Tu visita al ic\u00f3nico <strong>Complejo de las Pir\u00e1mides de Guiza<\/strong> es un viaje a trav\u00e9s de una civilizaci\u00f3n perdida. Este vasto sitio funerario, una ciudad para los muertos, fue dise\u00f1ado para el viaje eterno de los faraones.<\/p>\n<p>Te maravillar\u00e1s con las tres colosales pir\u00e1mides principales: la <strong>Gran Pir\u00e1mide de Khufu (Keops)<\/strong>, la <strong>Pir\u00e1mide de Khafre (Kefr\u00e9n)<\/strong> y la <strong>Pir\u00e1mide de Menkaure (Micerinos)<\/strong>, cada una una tumba monumental construida para un fara\u00f3n de la <strong>Cuarta Dinast\u00eda<\/strong>.<\/p>\n<p>Tu gu\u00eda te proporcionar\u00e1 informaci\u00f3n sobre la arquitectura y las historias de estas incre\u00edbles estructuras, incluyendo las m\u00e1s peque\u00f1as <strong>Pir\u00e1mides de las Reinas<\/strong>, que resaltan la sofisticada estructura social y religiosa del <strong>Imperio Antiguo<\/strong>.<\/p>\n<p>Aprender\u00e1s sobre el prop\u00f3sito de las <strong>barcas solares<\/strong> y ver\u00e1s las cercanas <strong>tumbas de los constructores de las Pir\u00e1mides<\/strong>, que desaf\u00edan los antiguos mitos sobre la mano de obra esclava.<\/p>\n<p>Luego, explora el <strong>Templo del Valle<\/strong>, donde se realizaban los rituales de <strong>momificaci\u00f3n<\/strong>, y detente ante la majestuosa <strong>Gran Esfinge<\/strong>. Aprende los mitos y la historia que rodean a este colosal guardi\u00e1n de la <strong>Meseta de Guiza<\/strong> y captura la foto perfecta.<\/p>\n<p>Disfruta de un <strong>Almuerzo<\/strong> reci\u00e9n preparado en un restaurante local cerca de las Pir\u00e1mides.<\/p>\n<p>Por la tarde, te dirigir\u00e1s al espectacular <strong>Gran Museo Egipcio (GEM)<\/strong>, el museo m\u00e1s grande del mundo dedicado a una sola civilizaci\u00f3n. Tu gu\u00eda te mostrar\u00e1 el magn\u00edfico <strong>Obelisco Colgante<\/strong>, el poderoso <strong>coloso de Rams\u00e9s II<\/strong> y la impresionante <strong>Gran Escalera<\/strong>.<\/p>\n<p>Explorar\u00e1s las doce salas de exhibici\u00f3n, que abarcan desde <strong>tiempos prehist\u00f3ricos<\/strong> hasta la <strong>\u00e9poca romana<\/strong>, y tendr\u00e1s la oportunidad de ver la <strong>colecci\u00f3n completa de m\u00e1s de 5,000 artefactos<\/strong> de la <strong>tumba de Tutankam\u00f3n<\/strong>, una parte esencial de cualquier <strong>tour por El Cairo<\/strong>.<\/p>\n<p><strong>Comidas:<\/strong> Desayuno, Almuerzo.<\/p>\n<h3><span style=\"color: #ff6600;\">D\u00eda 2: El Cairo Hist\u00f3rico<\/span><\/h3>\n<p>Comienza tu d\u00eda con el desayuno en tu hotel, haz el <em>check-out<\/em> y prep\u00e1rate para un viaje centrado en la rica historia de la ciudad, desde sus ra\u00edces <strong>cristianas coptas<\/strong> hasta su vibrante <strong>herencia isl\u00e1mica<\/strong>.<\/p>\n<p>Tu primera parada ser\u00e1 el <strong>Museo Nacional de la Civilizaci\u00f3n Egipcia (NMEC)<\/strong>. Este moderno museo ofrece una visi\u00f3n completa de la historia de Egipto.<\/p>\n<p>La atracci\u00f3n principal es la <strong>Sala de las Momias Reales<\/strong>, donde podr\u00e1s ver los restos momificados de faraones legendarios como el <strong>Rey Rams\u00e9s II<\/strong> y la <strong>Reina Hatshepsut<\/strong>. Esta es una visita obligada para los interesados en el pasado fara\u00f3nico.<\/p>\n<p>A continuaci\u00f3n, explora las calles atmosf\u00e9ricas del <strong>Cairo Antiguo Hist\u00f3rico<\/strong> (Barrio Copto), un complejo multirreligioso. Visitar\u00e1s la famosa <strong>Iglesia Colgante<\/strong>, una de las m\u00e1s antiguas, construida sobre la <strong>Fortaleza de Babilonia<\/strong>.<\/p>\n<p>Tambi\u00e9n, la <strong>Iglesia de San Sergio y Baco (Abu Serga)<\/strong>, donde se cree que descans\u00f3 la Sagrada Familia, y la <strong>Sinagoga de Ben Ezra<\/strong>, famosa por el descubrimiento de la <strong>Geniza de El Cairo<\/strong>.<\/p>\n<p>Disfruta de un <strong>Almuerzo<\/strong> reci\u00e9n preparado en un restaurante local de El Cairo para probar la <strong>aut\u00e9ntica cocina egipcia<\/strong>.<\/p>\n<p>El destino final de tu <strong>excursi\u00f3n a El Cairo desde El Gouna<\/strong> es el bullicioso <strong>Bazar Khan El Khalili<\/strong>. Este hist\u00f3rico zoco, que data del siglo XIV, es un deleite sensorial.<\/p>\n<p>Tu gu\u00eda te ayudar\u00e1 a navegar por los estrechos callejones para encontrar artesan\u00eda, especias y joyas \u00fanicas. Es el lugar perfecto para practicar tus <strong>habilidades de regateo<\/strong> y encontrar un recuerdo.<\/p>\n<p>Al concluir tu memorable tour, ser\u00e1s <strong>trasladado de regreso a tu hotel en El Gouna<\/strong>.<\/p>\n<p><strong>Comidas:<\/strong> Almuerzo.<\/p>\n<h3><span style=\"color: #ff6600;\">Precio del Tour<\/span><\/h3>\n<ul>\n<li>Precio Adulto = 250 \u20ac<\/li>\n<li>Beb\u00e9s (0-5 a\u00f1os) = gratis<\/li>\n<li>Ni\u00f1os (5-11 a\u00f1os) = 50% del precio de adulto<\/li>\n<\/ul>\n<h3><span style=\"color: #ff6600;\">C\u00f3mo Reservar<\/span><\/h3>\n<p>Puedes reservar tus Excursiones El Gouna a trav\u00e9s de WhatsApp o envi\u00e1ndonos un correo electr\u00f3nico y recibir\u00e1s la confirmaci\u00f3n al instante.<\/p>\n<p>Por favor, env\u00edanos el nombre de tu hotel, n\u00famero de habitaci\u00f3n y copias del pasaporte.<\/p>\n<ul>\n<li>WhatsApp: +201000852186<\/li>\n<li>info@egytourpackages.com<\/li>\n<\/ul>\n<h3><span style=\"color: #ff6600;\">Paga en Destino<\/span><\/h3>\n<p>\u00a1Reserva Ahora y Paga en Destino! Reserva tu tour favorito y paga el d\u00eda del viaje. Puedes pagar en Libras Egipcias, $, \u20ac o \u00a3.<\/p>\n<h3><span style=\"color: #ff6600;\">Pol\u00edtica de Cancelaci\u00f3n<\/span><\/h3>\n<ul>\n<li>Cancelaci\u00f3n gratuita hasta 24 horas de antelaci\u00f3n.<\/li>\n<li>Cancelaci\u00f3n por la ma\u00f1ana (el mismo d\u00eda) es el 50% del precio.<\/li>\n<\/ul>\n","protected":false},"excerpt":{"rendered":"<p>Tour 2 D\u00edas a El Cairo desde El Gouna. Visita Pir\u00e1mides de Guiza, Esfinge, GEM (o Museo Egipcio) y Barrio Copto con gu\u00eda experto. \u00a1Reserva ya!<\/p>\n","protected":false},"featured_media":10205,"comment_status":"open","ping_status":"closed","template":"","meta":[],"product_brand":[],"product_cat":[3128],"product_tag":[3360,3188,3131,3211],"class_list":{"0":"post-10204","1":"product","2":"type-product","3":"status-publish","4":"has-post-thumbnail","6":"product_cat-tours","7":"product_tag-excursiones-a-el-gouna","8":"product_tag-excursiones-egipto","9":"product_tag-paquetes-de-viaje-a-egipto","10":"product_tag-piramides-de-giza","11":"tour_category-excursiones-a-el-cairo-desde-hurghada","12":"tour_category-excursiones-egipto-es","13":"tour_category-excursiones-en-el-gouna-es","15":"first","16":"instock","17":"sale","18":"shipping-taxable","19":"purchasable","20":"product-type-tour","21":"has-default-attributes"},"yoast_head":"<!-- This site is optimized with the Yoast SEO Premium plugin v27.2 (Yoast SEO v27.2) - https:\/\/yoast.com\/product\/yoast-seo-premium-wordpress\/ -->\n<title>Tour 2 D\u00edas a El Cairo desde El Gouna: Egy tour packages<\/title>\n<meta name=\"description\" content=\"Tour 2 D\u00edas a El Cairo desde El Gouna. Visita Pir\u00e1mides de Guiza, Esfinge, GEM (o Museo Egipcio) y Barrio Copto con gu\u00eda experto. \u00a1Reserva ya!\" \/>\n<meta name=\"robots\" content=\"index, follow, max-snippet:-1, max-image-preview:large, max-video-preview:-1\" \/>\n<link rel=\"canonical\" href=\"https:\/\/egytourpackages.com\/es\/tours\/tour-2-dias-a-el-cairo-desde-el-gouna\/\" \/>\n<meta property=\"og:locale\" content=\"es_ES\" \/>\n<meta property=\"og:type\" content=\"article\" \/>\n<meta property=\"og:title\" content=\"Tour 2 D\u00edas a El Cairo desde El Gouna\" \/>\n<meta property=\"og:description\" content=\"Tour 2 D\u00edas a El Cairo desde El Gouna. Visita Pir\u00e1mides de Guiza, Esfinge, GEM (o Museo Egipcio) y Barrio Copto con gu\u00eda experto. \u00a1Reserva ya!\" \/>\n<meta property=\"og:url\" content=\"https:\/\/egytourpackages.com\/es\/tours\/tour-2-dias-a-el-cairo-desde-el-gouna\/\" \/>\n<meta property=\"og:site_name\" content=\"Egypt Tour Packages\" \/>\n<meta property=\"article:publisher\" content=\"https:\/\/www.facebook.com\/egytourpackages\" \/>\n<meta property=\"article:modified_time\" content=\"2026-01-28T23:51:21+00:00\" \/>\n<meta property=\"og:image\" content=\"https:\/\/egytourpackages.com\/wp-content\/uploads\/2023\/07\/The-Great-Sphinx-Cairo.jpg\" \/>\n\t<meta property=\"og:image:width\" content=\"2000\" \/>\n\t<meta property=\"og:image:height\" content=\"1333\" \/>\n\t<meta property=\"og:image:type\" content=\"image\/jpeg\" \/>\n<meta name=\"twitter:card\" content=\"summary_large_image\" \/>\n<meta name=\"twitter:title\" content=\"Tour 2 D\u00edas a El Cairo desde El Gouna\" \/>\n<meta name=\"twitter:description\" content=\"Tour 2 D\u00edas a El Cairo desde El Gouna. Visita Pir\u00e1mides de Guiza, Esfinge, GEM (o Museo Egipcio) y Barrio Copto con gu\u00eda experto. \u00a1Reserva ya!\" \/>\n<meta name=\"twitter:label1\" content=\"Precio\" \/>\n\t<meta name=\"twitter:data1\" content=\"&euro;250\" \/>\n\t<meta name=\"twitter:label2\" content=\"Disponibilidad\" \/>\n\t<meta name=\"twitter:data2\" content=\"Disponible\" \/>\n<script type=\"application\/ld+json\" class=\"yoast-schema-graph\">{\"@context\":\"https:\/\/schema.org\",\"@graph\":[{\"@type\":\"WebPage\",\"@id\":\"https:\/\/egytourpackages.com\/es\/tours\/tour-2-dias-a-el-cairo-desde-el-gouna\/\",\"url\":\"https:\/\/egytourpackages.com\/es\/tours\/tour-2-dias-a-el-cairo-desde-el-gouna\/\",\"name\":\"Tour 2 D\u00edas a El Cairo desde El Gouna: Egy tour packages\",\"isPartOf\":{\"@id\":\"https:\/\/egytourpackages.com\/es\/#website\"},\"primaryImageOfPage\":{\"@id\":\"https:\/\/egytourpackages.com\/es\/tours\/tour-2-dias-a-el-cairo-desde-el-gouna\/#primaryimage\"},\"image\":{\"@id\":\"https:\/\/egytourpackages.com\/es\/tours\/tour-2-dias-a-el-cairo-desde-el-gouna\/#primaryimage\"},\"thumbnailUrl\":\"https:\/\/egytourpackages.com\/wp-content\/uploads\/2023\/07\/The-Great-Sphinx-Cairo.jpg\",\"datePublished\":\"2023-07-24T23:22:58+00:00\",\"dateModified\":\"2026-01-28T23:51:21+00:00\",\"description\":\"Tour 2 D\u00edas a El Cairo desde El Gouna. Visita Pir\u00e1mides de Guiza, Esfinge, GEM (o Museo Egipcio) y Barrio Copto con gu\u00eda experto. \u00a1Reserva ya!\",\"breadcrumb\":{\"@id\":\"https:\/\/egytourpackages.com\/es\/tours\/tour-2-dias-a-el-cairo-desde-el-gouna\/#breadcrumb\"},\"inLanguage\":\"es\",\"potentialAction\":[{\"@type\":\"ReadAction\",\"target\":[\"https:\/\/egytourpackages.com\/es\/tours\/tour-2-dias-a-el-cairo-desde-el-gouna\/\"]}]},{\"@type\":\"ImageObject\",\"inLanguage\":\"es\",\"@id\":\"https:\/\/egytourpackages.com\/es\/tours\/tour-2-dias-a-el-cairo-desde-el-gouna\/#primaryimage\",\"url\":\"https:\/\/egytourpackages.com\/wp-content\/uploads\/2023\/07\/The-Great-Sphinx-Cairo.jpg\",\"contentUrl\":\"https:\/\/egytourpackages.com\/wp-content\/uploads\/2023\/07\/The-Great-Sphinx-Cairo.jpg\",\"width\":2000,\"height\":1333,\"caption\":\"La Gran Esfinge de El Cairo\"},{\"@type\":\"BreadcrumbList\",\"@id\":\"https:\/\/egytourpackages.com\/es\/tours\/tour-2-dias-a-el-cairo-desde-el-gouna\/#breadcrumb\",\"itemListElement\":[{\"@type\":\"ListItem\",\"position\":1,\"name\":\"Home\",\"item\":\"https:\/\/egytourpackages.com\/es\/paquetes-de-viaje-a-egipto\/\"},{\"@type\":\"ListItem\",\"position\":2,\"name\":\"Shop\",\"item\":\"https:\/\/egytourpackages.com\/shop\/\"},{\"@type\":\"ListItem\",\"position\":3,\"name\":\"Tour 2 D\u00edas a El Cairo desde El Gouna\"}]},{\"@type\":\"WebSite\",\"@id\":\"https:\/\/egytourpackages.com\/es\/#website\",\"url\":\"https:\/\/egytourpackages.com\/es\/\",\"name\":\"Egy tour packages\",\"description\":\"\",\"publisher\":{\"@id\":\"https:\/\/egytourpackages.com\/es\/#organization\"},\"potentialAction\":[{\"@type\":\"SearchAction\",\"target\":{\"@type\":\"EntryPoint\",\"urlTemplate\":\"https:\/\/egytourpackages.com\/es\/?s={search_term_string}\"},\"query-input\":{\"@type\":\"PropertyValueSpecification\",\"valueRequired\":true,\"valueName\":\"search_term_string\"}}],\"inLanguage\":\"es\"},{\"@type\":[\"Organization\",\"Place\",\"TravelAgency\"],\"@id\":\"https:\/\/egytourpackages.com\/es\/#organization\",\"name\":\"egypt tour packages\",\"alternateName\":\"egypt tour packages\",\"url\":\"https:\/\/egytourpackages.com\/es\/\",\"logo\":{\"@id\":\"https:\/\/egytourpackages.com\/es\/tours\/tour-2-dias-a-el-cairo-desde-el-gouna\/#local-main-organization-logo\"},\"image\":{\"@id\":\"https:\/\/egytourpackages.com\/es\/tours\/tour-2-dias-a-el-cairo-desde-el-gouna\/#local-main-organization-logo\"},\"sameAs\":[\"https:\/\/www.facebook.com\/egytourpackages\"],\"legalName\":\"Egy tour packages\",\"address\":{\"@id\":\"https:\/\/egytourpackages.com\/es\/tours\/tour-2-dias-a-el-cairo-desde-el-gouna\/#local-main-place-address\"},\"telephone\":[\"00201000852186\",\"00201028685533\"],\"contactPoint\":{\"@type\":\"ContactPoint\",\"telephone\":\"00201000852186\"},\"openingHoursSpecification\":[{\"@type\":\"OpeningHoursSpecification\",\"dayOfWeek\":[\"Monday\",\"Tuesday\",\"Wednesday\",\"Thursday\",\"Friday\",\"Saturday\",\"Sunday\"],\"opens\":\"00:00\",\"closes\":\"23:59\"}],\"email\":\"info@egytourpackages.com\",\"areaServed\":\"Cairo, Hurghada, Luxor, Sharm El Sheikh, Marsa Alam, Aswan\",\"priceRange\":\"$\",\"currenciesAccepted\":\"euro\",\"paymentAccepted\":\"Payment links online\"},{\"@type\":\"PostalAddress\",\"@id\":\"https:\/\/egytourpackages.com\/es\/tours\/tour-2-dias-a-el-cairo-desde-el-gouna\/#local-main-place-address\",\"streetAddress\":\"Mubarak 8, Al Kawthar District, Hurghada\",\"addressLocality\":\"Hurghada\",\"postalCode\":\"84511\",\"addressRegion\":\"Red Sea\",\"addressCountry\":\"EG\"},{\"@type\":\"ImageObject\",\"inLanguage\":\"es\",\"@id\":\"https:\/\/egytourpackages.com\/es\/tours\/tour-2-dias-a-el-cairo-desde-el-gouna\/#local-main-organization-logo\",\"url\":\"https:\/\/egytourpackages.com\/wp-content\/uploads\/2025\/12\/Turquoise-Dahabiya-Nile-Cruise-1.jpeg\",\"contentUrl\":\"https:\/\/egytourpackages.com\/wp-content\/uploads\/2025\/12\/Turquoise-Dahabiya-Nile-Cruise-1.jpeg\",\"width\":1040,\"height\":694,\"caption\":\"egypt tour packages\"}]}<\/script>\n<meta property=\"product:brand\" content=\"Excursiones a El Cairo desde Hurghada\" \/>\n<meta property=\"product:price:amount\" content=\"250\" \/>\n<meta property=\"product:price:currency\" content=\"EUR\" \/>\n<meta property=\"og:availability\" content=\"instock\" \/>\n<meta property=\"product:availability\" content=\"instock\" \/>\n<meta property=\"product:retailer_item_id\" content=\"GDT01\" \/>\n<meta property=\"product:condition\" content=\"new\" \/>\n<meta name=\"geo.placename\" content=\"Hurghada\" \/>\n<meta name=\"geo.region\" content=\"Egipto\" \/>\n<!-- \/ Yoast SEO Premium plugin. -->","yoast_head_json":{"title":"Tour 2 D\u00edas a El Cairo desde El Gouna: Egy tour packages","description":"Tour 2 D\u00edas a El Cairo desde El Gouna. Visita Pir\u00e1mides de Guiza, Esfinge, GEM (o Museo Egipcio) y Barrio Copto con gu\u00eda experto. \u00a1Reserva ya!","robots":{"index":"index","follow":"follow","max-snippet":"max-snippet:-1","max-image-preview":"max-image-preview:large","max-video-preview":"max-video-preview:-1"},"canonical":"https:\/\/egytourpackages.com\/es\/tours\/tour-2-dias-a-el-cairo-desde-el-gouna\/","og_locale":"es_ES","og_type":"article","og_title":"Tour 2 D\u00edas a El Cairo desde El Gouna","og_description":"Tour 2 D\u00edas a El Cairo desde El Gouna. Visita Pir\u00e1mides de Guiza, Esfinge, GEM (o Museo Egipcio) y Barrio Copto con gu\u00eda experto. \u00a1Reserva ya!","og_url":"https:\/\/egytourpackages.com\/es\/tours\/tour-2-dias-a-el-cairo-desde-el-gouna\/","og_site_name":"Egypt Tour Packages","article_publisher":"https:\/\/www.facebook.com\/egytourpackages","article_modified_time":"2026-01-28T23:51:21+00:00","og_image":[{"width":2000,"height":1333,"url":"https:\/\/egytourpackages.com\/wp-content\/uploads\/2023\/07\/The-Great-Sphinx-Cairo.jpg","type":"image\/jpeg"}],"twitter_card":"summary_large_image","twitter_title":"Tour 2 D\u00edas a El Cairo desde El Gouna","twitter_description":"Tour 2 D\u00edas a El Cairo desde El Gouna. Visita Pir\u00e1mides de Guiza, Esfinge, GEM (o Museo Egipcio) y Barrio Copto con gu\u00eda experto. \u00a1Reserva ya!","twitter_misc":{"Precio":"&euro;250","Disponibilidad":"Disponible"},"schema":{"@context":"https:\/\/schema.org","@graph":[{"@type":"WebPage","@id":"https:\/\/egytourpackages.com\/es\/tours\/tour-2-dias-a-el-cairo-desde-el-gouna\/","url":"https:\/\/egytourpackages.com\/es\/tours\/tour-2-dias-a-el-cairo-desde-el-gouna\/","name":"Tour 2 D\u00edas a El Cairo desde El Gouna: Egy tour packages","isPartOf":{"@id":"https:\/\/egytourpackages.com\/es\/#website"},"primaryImageOfPage":{"@id":"https:\/\/egytourpackages.com\/es\/tours\/tour-2-dias-a-el-cairo-desde-el-gouna\/#primaryimage"},"image":{"@id":"https:\/\/egytourpackages.com\/es\/tours\/tour-2-dias-a-el-cairo-desde-el-gouna\/#primaryimage"},"thumbnailUrl":"https:\/\/egytourpackages.com\/wp-content\/uploads\/2023\/07\/The-Great-Sphinx-Cairo.jpg","datePublished":"2023-07-24T23:22:58+00:00","dateModified":"2026-01-28T23:51:21+00:00","description":"Tour 2 D\u00edas a El Cairo desde El Gouna. Visita Pir\u00e1mides de Guiza, Esfinge, GEM (o Museo Egipcio) y Barrio Copto con gu\u00eda experto. \u00a1Reserva ya!","breadcrumb":{"@id":"https:\/\/egytourpackages.com\/es\/tours\/tour-2-dias-a-el-cairo-desde-el-gouna\/#breadcrumb"},"inLanguage":"es","potentialAction":[{"@type":"ReadAction","target":["https:\/\/egytourpackages.com\/es\/tours\/tour-2-dias-a-el-cairo-desde-el-gouna\/"]}]},{"@type":"ImageObject","inLanguage":"es","@id":"https:\/\/egytourpackages.com\/es\/tours\/tour-2-dias-a-el-cairo-desde-el-gouna\/#primaryimage","url":"https:\/\/egytourpackages.com\/wp-content\/uploads\/2023\/07\/The-Great-Sphinx-Cairo.jpg","contentUrl":"https:\/\/egytourpackages.com\/wp-content\/uploads\/2023\/07\/The-Great-Sphinx-Cairo.jpg","width":2000,"height":1333,"caption":"La Gran Esfinge de El Cairo"},{"@type":"BreadcrumbList","@id":"https:\/\/egytourpackages.com\/es\/tours\/tour-2-dias-a-el-cairo-desde-el-gouna\/#breadcrumb","itemListElement":[{"@type":"ListItem","position":1,"name":"Home","item":"https:\/\/egytourpackages.com\/es\/paquetes-de-viaje-a-egipto\/"},{"@type":"ListItem","position":2,"name":"Shop","item":"https:\/\/egytourpackages.com\/shop\/"},{"@type":"ListItem","position":3,"name":"Tour 2 D\u00edas a El Cairo desde El Gouna"}]},{"@type":"WebSite","@id":"https:\/\/egytourpackages.com\/es\/#website","url":"https:\/\/egytourpackages.com\/es\/","name":"Egy tour packages","description":"","publisher":{"@id":"https:\/\/egytourpackages.com\/es\/#organization"},"potentialAction":[{"@type":"SearchAction","target":{"@type":"EntryPoint","urlTemplate":"https:\/\/egytourpackages.com\/es\/?s={search_term_string}"},"query-input":{"@type":"PropertyValueSpecification","valueRequired":true,"valueName":"search_term_string"}}],"inLanguage":"es"},{"@type":["Organization","Place","TravelAgency"],"@id":"https:\/\/egytourpackages.com\/es\/#organization","name":"egypt tour packages","alternateName":"egypt tour packages","url":"https:\/\/egytourpackages.com\/es\/","logo":{"@id":"https:\/\/egytourpackages.com\/es\/tours\/tour-2-dias-a-el-cairo-desde-el-gouna\/#local-main-organization-logo"},"image":{"@id":"https:\/\/egytourpackages.com\/es\/tours\/tour-2-dias-a-el-cairo-desde-el-gouna\/#local-main-organization-logo"},"sameAs":["https:\/\/www.facebook.com\/egytourpackages"],"legalName":"Egy tour packages","address":{"@id":"https:\/\/egytourpackages.com\/es\/tours\/tour-2-dias-a-el-cairo-desde-el-gouna\/#local-main-place-address"},"telephone":["00201000852186","00201028685533"],"contactPoint":{"@type":"ContactPoint","telephone":"00201000852186"},"openingHoursSpecification":[{"@type":"OpeningHoursSpecification","dayOfWeek":["Monday","Tuesday","Wednesday","Thursday","Friday","Saturday","Sunday"],"opens":"00:00","closes":"23:59"}],"email":"info@egytourpackages.com","areaServed":"Cairo, Hurghada, Luxor, Sharm El Sheikh, Marsa Alam, Aswan","priceRange":"$","currenciesAccepted":"euro","paymentAccepted":"Payment links online"},{"@type":"PostalAddress","@id":"https:\/\/egytourpackages.com\/es\/tours\/tour-2-dias-a-el-cairo-desde-el-gouna\/#local-main-place-address","streetAddress":"Mubarak 8, Al Kawthar District, Hurghada","addressLocality":"Hurghada","postalCode":"84511","addressRegion":"Red Sea","addressCountry":"EG"},{"@type":"ImageObject","inLanguage":"es","@id":"https:\/\/egytourpackages.com\/es\/tours\/tour-2-dias-a-el-cairo-desde-el-gouna\/#local-main-organization-logo","url":"https:\/\/egytourpackages.com\/wp-content\/uploads\/2025\/12\/Turquoise-Dahabiya-Nile-Cruise-1.jpeg","contentUrl":"https:\/\/egytourpackages.com\/wp-content\/uploads\/2025\/12\/Turquoise-Dahabiya-Nile-Cruise-1.jpeg","width":1040,"height":694,"caption":"egypt tour packages"}]},"product_brand":"Excursiones a El Cairo desde Hurghada","product_price_amount":"250","product_price_currency":"EUR","og_availability":"instock","product_availability":"instock","product_retailer_item_id":"GDT01","product_condition":"new","geo.placename":"Hurghada","geo.region":"Egipto"},"_links":{"self":[{"href":"https:\/\/egytourpackages.com\/es\/wp-json\/wp\/v2\/product\/10204","targetHints":{"allow":["GET"]}}],"collection":[{"href":"https:\/\/egytourpackages.com\/es\/wp-json\/wp\/v2\/product"}],"about":[{"href":"https:\/\/egytourpackages.com\/es\/wp-json\/wp\/v2\/types\/product"}],"replies":[{"embeddable":true,"href":"https:\/\/egytourpackages.com\/es\/wp-json\/wp\/v2\/comments?post=10204"}],"wp:featuredmedia":[{"embeddable":true,"href":"https:\/\/egytourpackages.com\/es\/wp-json\/wp\/v2\/media\/10205"}],"wp:attachment":[{"href":"https:\/\/egytourpackages.com\/es\/wp-json\/wp\/v2\/media?parent=10204"}],"wp:term":[{"taxonomy":"product_brand","embeddable":true,"href":"https:\/\/egytourpackages.com\/es\/wp-json\/wp\/v2\/product_brand?post=10204"},{"taxonomy":"product_cat","embeddable":true,"href":"https:\/\/egytourpackages.com\/es\/wp-json\/wp\/v2\/product_cat?post=10204"},{"taxonomy":"product_tag","embeddable":true,"href":"https:\/\/egytourpackages.com\/es\/wp-json\/wp\/v2\/product_tag?post=10204"}],"curies":[{"name":"wp","href":"https:\/\/api.w.org\/{rel}","templated":true}]}}