{"id":10219,"date":"2023-07-25T02:43:22","date_gmt":"2023-07-25T02:43:22","guid":{"rendered":"https:\/\/egytourpackages.com\/product\/excursion-a-dendera-y-abidos-desde-el-gouna\/"},"modified":"2026-01-28T21:01:47","modified_gmt":"2026-01-28T21:01:47","slug":"excursion-a-dendera-y-abidos-desde-el-gouna","status":"publish","type":"product","link":"https:\/\/egytourpackages.com\/es\/tours\/excursion-a-dendera-y-abidos-desde-el-gouna\/","title":{"rendered":"Excursi\u00f3n a Dendera y Abidos desde El Gouna"},"content":{"rendered":"<p><span style=\"color: #ff6600;\"><strong>Excursi\u00f3n a Dendera y Abidos desde El Gouna | Tours El Gouna (Alto Volumen de B\u00fasqueda)<\/strong><\/span><\/p>\n<p>Reserva ahora tu lujoso <strong>Tour privado a Dendera y Abidos desde El Gouna<\/strong> con veh\u00edculo privado, gu\u00eda personal y el mejor servicio con Egypt tours. Esta <strong>excursi\u00f3n desde El Gouna a Dendera y Abidos<\/strong> promete una exploraci\u00f3n inolvidable del patrimonio cultural de Egipto.<\/p>\n<p>Disfruta de tu coche privado, gu\u00eda experto y los mejores servicios para explorar los misterios de <strong>Dendera<\/strong>, el <strong>Templo de Hathor<\/strong>. Marav\u00edllate con el <strong>Zod\u00edaco de Dendera<\/strong>, las <strong>Fases Lunares<\/strong>, la <strong>L\u00e1mpara de Dendera<\/strong>, las <strong>Criptas<\/strong> y el <strong>Mammisi<\/strong>.<\/p>\n<p>Despu\u00e9s, visitar\u00e1s el majestuoso <strong>Templo de Seti I en Abidos<\/strong>, repleto de representaciones de la mitolog\u00eda egipcia, la <strong>Lista de Reyes de Abidos<\/strong> y los santuarios sagrados. Tu <strong>viaje de un d\u00eda a Dendera y Abidos<\/strong> ser\u00e1 tu oportunidad para profundizar en los misterios de estos sitios ancestrales.<\/p>\n<h3><span style=\"color: #ff6600;\">Detalles del Tour<\/span><\/h3>\n<ul>\n<li>Duraci\u00f3n: 1 D\u00eda<\/li>\n<li>Ubicaci\u00f3n del Tour: Dendera \/ Abidos<\/li>\n<li>Disponibilidad: Todos los d\u00edas<\/li>\n<li>Recogida y Regreso: Hoteles en El Gouna<\/li>\n<li>Tipo de Tour: Privado<\/li>\n<li>Silla de Ruedas: Accesible<\/li>\n<\/ul>\n<h3><span style=\"color: #ff6600;\">Inclusiones<\/span><\/h3>\n<ul>\n<li>Traslado de ida y vuelta con veh\u00edculo privado nuevo y confortable.<\/li>\n<li>Gu\u00eda egipt\u00f3logo experto.<\/li>\n<li>Entrada a todos los lugares de inter\u00e9s.<\/li>\n<li>Almuerzo en un restaurante local.<\/li>\n<li>Agua durante el d\u00eda.<\/li>\n<\/ul>\n<h3><span style=\"color: #ff6600;\">Exclusiones<\/span><\/h3>\n<ul>\n<li>Bebidas durante el almuerzo.<\/li>\n<li>Propinas (<em>Tipping<\/em>).<\/li>\n<\/ul>\n<h3><span style=\"color: #ff6600;\">Qu\u00e9 Llevar Contigo<\/span><\/h3>\n<ul>\n<li>Sombrero, Gafas de sol y Crema solar<\/li>\n<li>Calzado y Ropa c\u00f3modos<\/li>\n<\/ul>\n<h2><span style=\"color: #ff6600;\">Itinerario<\/span><\/h2>\n<p>Te encontrar\u00e1s con tu gu\u00eda en el <em>lobby<\/em> de tu <strong>hotel en El Gouna<\/strong> despu\u00e9s de recoger tus cajas de desayuno en la recepci\u00f3n.<\/p>\n<p>Luego, comenzar\u00e1s tu <strong>excursi\u00f3n desde El Gouna a los templos de Dendera y Abidos<\/strong>, con una breve parada en el camino para desayunar y usar los ba\u00f1os. Empezar\u00e1s tu <strong>tour de un d\u00eda desde El Gouna<\/strong> con el <strong>Templo de Hathor<\/strong> en la orilla oeste del r\u00edo Nilo.<\/p>\n<h3><span style=\"color: #ff6600;\">Templo de Dendera | Templo de Hathor<\/span><\/h3>\n<p>Una vez que llegues al <strong>Templo de Dendera<\/strong>, ten la seguridad de que est\u00e1s entrando en el mundo m\u00edstico de uno de los <strong>templos mejor conservados de Egipto<\/strong>.<\/p>\n<p>De hecho, el Templo de Dendera es el <strong>templo del chakra del coraz\u00f3n<\/strong> y el \u00fanico donde puedes descender a algunas de sus <strong>criptas<\/strong>. Comienza con la Puerta de Trajano antes de visitar el <em>Mammisi<\/em> romano, el fara\u00f3nico de Nectanebo y la Iglesia Copta ubicada entre ambos.<\/p>\n<p>Si empiezas tu recorrido por el templo desde el exterior, ver\u00e1s muchos edificios interesantes como el <strong>Sanatorio<\/strong>, donde se manten\u00eda a personas con enfermedades mentales por un tiempo.<\/p>\n<p>Luego, pasar\u00e1s por el antiguo <strong>Nil\u00f3metro<\/strong> y el <strong>Lago Sagrado<\/strong>, donde los sacerdotes se purificaban en aquella \u00e9poca. Despu\u00e9s, visitar\u00e1s la m\u00e1gica capilla de <strong>Isis<\/strong> y la energ\u00eda que la gente siente all\u00ed.<\/p>\n<p>Frente a esa Capilla, se encuentra la \u00fanica escena de <strong>Cleopatra VII Philopator y su hijo Ptolomeo XV Cesari\u00f3n<\/strong>. Completa tu recorrido alrededor del templo para ver la incre\u00edble escena de todas las antiguas <strong>Coronas de Egipto<\/strong> de ese tiempo.<\/p>\n<p>Ahora es el momento de entrar al templo, comenzando con la <strong>sala hip\u00f3stila<\/strong> y su vibrante <strong>techo celestial<\/strong>, donde se aprecian los signos de las estrellas, las 15 <strong>fases lunares<\/strong> y las horas del d\u00eda y la noche.<\/p>\n<p>Adem\u00e1s, ver\u00e1s las <strong>Criptas<\/strong> y la <strong>L\u00e1mpara de Dendera<\/strong> antes de subir la escalera hasta el tejado del templo, donde ver\u00e1s el relieve de <strong>Nut<\/strong> (la diosa del cielo) y la <strong>Capilla de Osiris<\/strong>.<\/p>\n<p>Despu\u00e9s de tomar tus fotos, te dirigir\u00e1s con tu gu\u00eda al <strong>Templo de Abidos<\/strong>.<\/p>\n<h3><span style=\"color: #ff6600;\">Almuerzo<\/span><\/h3>\n<p>Disfrutar\u00e1s de tu <strong>almuerzo<\/strong> en una casa local con comida <strong>casera<\/strong> aut\u00e9ntica.<\/p>\n<h3><span style=\"color: #ff6600;\">Templo de Abidos | La Ciudad de Peregrinaci\u00f3n<\/span><\/h3>\n<p>El <strong>Templo de Abidos<\/strong> en Sohag es uno de los templos con m\u00e1s <strong>color<\/strong> en todo Egipto. Su construcci\u00f3n fue iniciada por <strong>Seti I<\/strong> y fue completada por <strong>Rams\u00e9s II<\/strong> y <strong>Merenptah<\/strong>. El templo tiene algunas escenas que todav\u00eda confunden a la mayor\u00eda de la gente, como el <strong>helic\u00f3ptero de Abidos<\/strong>, el <strong>submarino<\/strong> y el <strong>avi\u00f3n<\/strong>.<\/p>\n<p>El templo tambi\u00e9n cuenta con <strong>siete santuarios<\/strong> \u00fanicos dedicados a <strong>Horus, Isis, Osiris, Am\u00f3n Ra, Rahorakhty, Ptah y Seti I<\/strong> (este \u00faltimo deificado). De hecho, el templo alberga la <strong>Lista de Reyes de Abidos<\/strong>, que es una gran fuente para conocer a los reyes egipcios desde Meni hasta el propio Seti.<\/p>\n<p>Una vez que salgas del templo, ver\u00e1s el <strong>Osireion<\/strong>, uno de los lugares m\u00e1s <strong>m\u00edticos<\/strong> de Egipto. M\u00e1s tarde, comenzar\u00e1s tu camino de regreso a tu <strong>hotel en El Gouna<\/strong>.<\/p>\n<h3><span style=\"color: #ff6600;\">Precio del Tour a Dendera y Abidos desde El Gouna<\/span><\/h3>\n<ul>\n<li>Precio Adulto = 150 \u20ac<\/li>\n<li>Beb\u00e9s (0-5 a\u00f1os) = gratis<\/li>\n<li>Ni\u00f1os (5-11 a\u00f1os) = 50% del precio de adulto<\/li>\n<\/ul>\n<h3><span style=\"color: #ff6600;\">Reserva<\/span><\/h3>\n<p>Puedes reservar tus Excursiones El Gouna a trav\u00e9s de WhatsApp o envi\u00e1ndonos un correo electr\u00f3nico y recibir\u00e1s la confirmaci\u00f3n al instante.<\/p>\n<p>Por favor, env\u00edanos el nombre de tu hotel, n\u00famero de habitaci\u00f3n y copias del pasaporte.<\/p>\n<ul>\n<li>WhatsApp: +201000852186<\/li>\n<li>info@egytourpackages.com<\/li>\n<\/ul>\n<h3><span style=\"color: #ff6600;\">Reserva Ahora y Paga en Destino<\/span><\/h3>\n<p>Reserva tu tour favorito y paga el d\u00eda del viaje.<\/p>\n<h3><span style=\"color: #ff6600;\">Pago<\/span><\/h3>\n<p>Puedes pagar en Libras Egipcias, $, \u20ac o \u00a3.<\/p>\n<h3><span style=\"color: #ff6600;\">Pol\u00edtica de Cancelaci\u00f3n<\/span><\/h3>\n<ul>\n<li>Cancelaci\u00f3n gratuita hasta 24 horas de antelaci\u00f3n.<\/li>\n<li>Cancelaci\u00f3n por la ma\u00f1ana (el mismo d\u00eda) es el 50% del precio.<\/li>\n<\/ul>\n","protected":false},"excerpt":{"rendered":"<p>Excursi\u00f3n a Dendera y Abidos desde El Gouna: Reserva tu Tour a los Templos de Dendera y Abidos. Explora las Criptas de Dendera y la Lista de Reyes de Abidos<\/p>\n","protected":false},"featured_media":10220,"comment_status":"open","ping_status":"closed","template":"","meta":[],"product_brand":[],"product_cat":[3128],"product_tag":[3487,3261],"class_list":{"0":"post-10219","1":"product","2":"type-product","3":"status-publish","4":"has-post-thumbnail","6":"product_cat-tours","7":"product_tag-templo-de-abidos","8":"product_tag-templo-de-dendera","9":"tour_category-excursiones-a-luxor-desde-hurghada","10":"tour_category-excursiones-egipto-es","11":"tour_category-excursiones-en-el-gouna-es","13":"first","14":"instock","15":"sale","16":"shipping-taxable","17":"purchasable","18":"product-type-tour","19":"has-default-attributes"},"yoast_head":"<!-- This site is optimized with the Yoast SEO Premium plugin v27.4 (Yoast SEO v27.4) - https:\/\/yoast.com\/product\/yoast-seo-premium-wordpress\/ -->\n<title>Excursi\u00f3n a Dendera y Abidos desde El Gouna<\/title>\n<meta name=\"description\" content=\"Excursi\u00f3n a Dendera y Abidos desde El Gouna. Tour privado al Templo de Hathor y Seti I. \u00a1Reserva ya! Historia y monumentos.\" \/>\n<meta name=\"robots\" content=\"index, follow, max-snippet:-1, max-image-preview:large, max-video-preview:-1\" \/>\n<link rel=\"canonical\" href=\"https:\/\/egytourpackages.com\/es\/tours\/excursion-a-dendera-y-abidos-desde-el-gouna\/\" \/>\n<meta property=\"og:locale\" content=\"es_ES\" \/>\n<meta property=\"og:type\" content=\"article\" \/>\n<meta property=\"og:title\" content=\"Excursi\u00f3n a Dendera y Abidos desde El Gouna\" \/>\n<meta property=\"og:description\" content=\"Excursi\u00f3n a Dendera y Abidos desde El Gouna. Tour privado al Templo de Hathor y Seti I. \u00a1Reserva ya! Historia y monumentos.\" \/>\n<meta property=\"og:url\" content=\"https:\/\/egytourpackages.com\/es\/tours\/excursion-a-dendera-y-abidos-desde-el-gouna\/\" \/>\n<meta property=\"og:site_name\" content=\"Egypt Tour Packages\" \/>\n<meta property=\"article:publisher\" content=\"https:\/\/www.facebook.com\/egytourpackages\" \/>\n<meta property=\"article:modified_time\" content=\"2026-01-28T21:01:47+00:00\" \/>\n<meta property=\"og:image\" content=\"https:\/\/egytourpackages.com\/wp-content\/uploads\/2023\/07\/Dendera-temple-1.jpg\" \/>\n\t<meta property=\"og:image:width\" content=\"2000\" \/>\n\t<meta property=\"og:image:height\" content=\"1333\" \/>\n\t<meta property=\"og:image:type\" content=\"image\/jpeg\" \/>\n<meta name=\"twitter:card\" content=\"summary_large_image\" \/>\n<meta name=\"twitter:title\" content=\"Excursi\u00f3n a Dendera y Abidos desde El Gouna\" \/>\n<meta name=\"twitter:description\" content=\"Excursi\u00f3n a Dendera y Abidos desde El Gouna. Tour privado al Templo de Hathor y Seti I. \u00a1Reserva ya! Historia y monumentos.\" \/>\n<meta name=\"twitter:label1\" content=\"Precio\" \/>\n\t<meta name=\"twitter:data1\" content=\"&euro;150\" \/>\n\t<meta name=\"twitter:label2\" content=\"Disponibilidad\" \/>\n\t<meta name=\"twitter:data2\" content=\"Disponible\" \/>\n<script type=\"application\/ld+json\" class=\"yoast-schema-graph\">{\"@context\":\"https:\\\/\\\/schema.org\",\"@graph\":[{\"@type\":\"WebPage\",\"@id\":\"https:\\\/\\\/egytourpackages.com\\\/es\\\/tours\\\/excursion-a-dendera-y-abidos-desde-el-gouna\\\/\",\"url\":\"https:\\\/\\\/egytourpackages.com\\\/es\\\/tours\\\/excursion-a-dendera-y-abidos-desde-el-gouna\\\/\",\"name\":\"Excursi\u00f3n a Dendera y Abidos desde El Gouna\",\"isPartOf\":{\"@id\":\"https:\\\/\\\/egytourpackages.com\\\/es\\\/#website\"},\"primaryImageOfPage\":{\"@id\":\"https:\\\/\\\/egytourpackages.com\\\/es\\\/tours\\\/excursion-a-dendera-y-abidos-desde-el-gouna\\\/#primaryimage\"},\"image\":{\"@id\":\"https:\\\/\\\/egytourpackages.com\\\/es\\\/tours\\\/excursion-a-dendera-y-abidos-desde-el-gouna\\\/#primaryimage\"},\"thumbnailUrl\":\"https:\\\/\\\/egytourpackages.com\\\/wp-content\\\/uploads\\\/2023\\\/07\\\/Dendera-temple-1.jpg\",\"datePublished\":\"2023-07-25T02:43:22+00:00\",\"dateModified\":\"2026-01-28T21:01:47+00:00\",\"description\":\"Excursi\u00f3n a Dendera y Abidos desde El Gouna. Tour privado al Templo de Hathor y Seti I. \u00a1Reserva ya! Historia y monumentos.\",\"breadcrumb\":{\"@id\":\"https:\\\/\\\/egytourpackages.com\\\/es\\\/tours\\\/excursion-a-dendera-y-abidos-desde-el-gouna\\\/#breadcrumb\"},\"inLanguage\":\"es\",\"potentialAction\":[{\"@type\":\"ReadAction\",\"target\":[\"https:\\\/\\\/egytourpackages.com\\\/es\\\/tours\\\/excursion-a-dendera-y-abidos-desde-el-gouna\\\/\"]}]},{\"@type\":\"ImageObject\",\"inLanguage\":\"es\",\"@id\":\"https:\\\/\\\/egytourpackages.com\\\/es\\\/tours\\\/excursion-a-dendera-y-abidos-desde-el-gouna\\\/#primaryimage\",\"url\":\"https:\\\/\\\/egytourpackages.com\\\/wp-content\\\/uploads\\\/2023\\\/07\\\/Dendera-temple-1.jpg\",\"contentUrl\":\"https:\\\/\\\/egytourpackages.com\\\/wp-content\\\/uploads\\\/2023\\\/07\\\/Dendera-temple-1.jpg\",\"width\":2000,\"height\":1333,\"caption\":\"Excursi\u00f3n a Dendera y Abidos desde El Gouna\"},{\"@type\":\"BreadcrumbList\",\"@id\":\"https:\\\/\\\/egytourpackages.com\\\/es\\\/tours\\\/excursion-a-dendera-y-abidos-desde-el-gouna\\\/#breadcrumb\",\"itemListElement\":[{\"@type\":\"ListItem\",\"position\":1,\"name\":\"Home\",\"item\":\"https:\\\/\\\/egytourpackages.com\\\/es\\\/paquetes-de-viaje-a-egipto\\\/\"},{\"@type\":\"ListItem\",\"position\":2,\"name\":\"Shop\",\"item\":\"https:\\\/\\\/egytourpackages.com\\\/shop\\\/\"},{\"@type\":\"ListItem\",\"position\":3,\"name\":\"Excursi\u00f3n a Dendera y Abidos desde El Gouna\"}]},{\"@type\":\"WebSite\",\"@id\":\"https:\\\/\\\/egytourpackages.com\\\/es\\\/#website\",\"url\":\"https:\\\/\\\/egytourpackages.com\\\/es\\\/\",\"name\":\"Egy tour packages\",\"description\":\"\",\"publisher\":{\"@id\":\"https:\\\/\\\/egytourpackages.com\\\/es\\\/#organization\"},\"potentialAction\":[{\"@type\":\"SearchAction\",\"target\":{\"@type\":\"EntryPoint\",\"urlTemplate\":\"https:\\\/\\\/egytourpackages.com\\\/es\\\/?s={search_term_string}\"},\"query-input\":{\"@type\":\"PropertyValueSpecification\",\"valueRequired\":true,\"valueName\":\"search_term_string\"}}],\"inLanguage\":\"es\"},{\"@type\":[\"Organization\",\"Place\",\"TravelAgency\"],\"@id\":\"https:\\\/\\\/egytourpackages.com\\\/es\\\/#organization\",\"name\":\"egypt tour packages\",\"alternateName\":\"egypt tour packages\",\"url\":\"https:\\\/\\\/egytourpackages.com\\\/es\\\/\",\"logo\":{\"@id\":\"https:\\\/\\\/egytourpackages.com\\\/es\\\/tours\\\/excursion-a-dendera-y-abidos-desde-el-gouna\\\/#local-main-organization-logo\"},\"image\":{\"@id\":\"https:\\\/\\\/egytourpackages.com\\\/es\\\/tours\\\/excursion-a-dendera-y-abidos-desde-el-gouna\\\/#local-main-organization-logo\"},\"sameAs\":[\"https:\\\/\\\/www.facebook.com\\\/egytourpackages\"],\"legalName\":\"Egy tour packages\",\"address\":{\"@id\":\"https:\\\/\\\/egytourpackages.com\\\/es\\\/tours\\\/excursion-a-dendera-y-abidos-desde-el-gouna\\\/#local-main-place-address\"},\"telephone\":[\"00201000852186\",\"00201028685533\"],\"contactPoint\":{\"@type\":\"ContactPoint\",\"telephone\":\"00201000852186\"},\"openingHoursSpecification\":[{\"@type\":\"OpeningHoursSpecification\",\"dayOfWeek\":[\"Monday\",\"Tuesday\",\"Wednesday\",\"Thursday\",\"Friday\",\"Saturday\",\"Sunday\"],\"opens\":\"00:00\",\"closes\":\"23:59\"}],\"email\":\"info@egytourpackages.com\",\"areaServed\":\"Cairo, Hurghada, Luxor, Sharm El Sheikh, Marsa Alam, Aswan\",\"priceRange\":\"$\",\"currenciesAccepted\":\"euro\",\"paymentAccepted\":\"Payment links online\"},{\"@type\":\"PostalAddress\",\"@id\":\"https:\\\/\\\/egytourpackages.com\\\/es\\\/tours\\\/excursion-a-dendera-y-abidos-desde-el-gouna\\\/#local-main-place-address\",\"streetAddress\":\"Mubarak 8, Al Kawthar District, Hurghada\",\"addressLocality\":\"Hurghada\",\"postalCode\":\"84511\",\"addressRegion\":\"Red Sea\",\"addressCountry\":\"EG\"},{\"@type\":\"ImageObject\",\"inLanguage\":\"es\",\"@id\":\"https:\\\/\\\/egytourpackages.com\\\/es\\\/tours\\\/excursion-a-dendera-y-abidos-desde-el-gouna\\\/#local-main-organization-logo\",\"url\":\"https:\\\/\\\/egytourpackages.com\\\/wp-content\\\/uploads\\\/2025\\\/12\\\/Turquoise-Dahabiya-Nile-Cruise-1.jpeg\",\"contentUrl\":\"https:\\\/\\\/egytourpackages.com\\\/wp-content\\\/uploads\\\/2025\\\/12\\\/Turquoise-Dahabiya-Nile-Cruise-1.jpeg\",\"width\":1040,\"height\":694,\"caption\":\"egypt tour packages\"}]}<\/script>\n<meta property=\"product:brand\" content=\"Excursiones a Luxor desde Hurghada\" \/>\n<meta property=\"product:price:amount\" content=\"150\" \/>\n<meta property=\"product:price:currency\" content=\"EUR\" \/>\n<meta property=\"og:availability\" content=\"instock\" \/>\n<meta property=\"product:availability\" content=\"instock\" \/>\n<meta property=\"product:retailer_item_id\" content=\"GDT03\" \/>\n<meta property=\"product:condition\" content=\"new\" \/>\n<meta name=\"geo.placename\" content=\"Hurghada\" \/>\n<meta name=\"geo.region\" content=\"Egipto\" \/>\n<!-- \/ Yoast SEO Premium plugin. -->","yoast_head_json":{"title":"Excursi\u00f3n a Dendera y Abidos desde El Gouna","description":"Excursi\u00f3n a Dendera y Abidos desde El Gouna. Tour privado al Templo de Hathor y Seti I. \u00a1Reserva ya! Historia y monumentos.","robots":{"index":"index","follow":"follow","max-snippet":"max-snippet:-1","max-image-preview":"max-image-preview:large","max-video-preview":"max-video-preview:-1"},"canonical":"https:\/\/egytourpackages.com\/es\/tours\/excursion-a-dendera-y-abidos-desde-el-gouna\/","og_locale":"es_ES","og_type":"article","og_title":"Excursi\u00f3n a Dendera y Abidos desde El Gouna","og_description":"Excursi\u00f3n a Dendera y Abidos desde El Gouna. Tour privado al Templo de Hathor y Seti I. \u00a1Reserva ya! Historia y monumentos.","og_url":"https:\/\/egytourpackages.com\/es\/tours\/excursion-a-dendera-y-abidos-desde-el-gouna\/","og_site_name":"Egypt Tour Packages","article_publisher":"https:\/\/www.facebook.com\/egytourpackages","article_modified_time":"2026-01-28T21:01:47+00:00","og_image":[{"width":2000,"height":1333,"url":"https:\/\/egytourpackages.com\/wp-content\/uploads\/2023\/07\/Dendera-temple-1.jpg","type":"image\/jpeg"}],"twitter_card":"summary_large_image","twitter_title":"Excursi\u00f3n a Dendera y Abidos desde El Gouna","twitter_description":"Excursi\u00f3n a Dendera y Abidos desde El Gouna. Tour privado al Templo de Hathor y Seti I. \u00a1Reserva ya! Historia y monumentos.","twitter_misc":{"Precio":"&euro;150","Disponibilidad":"Disponible"},"schema":{"@context":"https:\/\/schema.org","@graph":[{"@type":"WebPage","@id":"https:\/\/egytourpackages.com\/es\/tours\/excursion-a-dendera-y-abidos-desde-el-gouna\/","url":"https:\/\/egytourpackages.com\/es\/tours\/excursion-a-dendera-y-abidos-desde-el-gouna\/","name":"Excursi\u00f3n a Dendera y Abidos desde El Gouna","isPartOf":{"@id":"https:\/\/egytourpackages.com\/es\/#website"},"primaryImageOfPage":{"@id":"https:\/\/egytourpackages.com\/es\/tours\/excursion-a-dendera-y-abidos-desde-el-gouna\/#primaryimage"},"image":{"@id":"https:\/\/egytourpackages.com\/es\/tours\/excursion-a-dendera-y-abidos-desde-el-gouna\/#primaryimage"},"thumbnailUrl":"https:\/\/egytourpackages.com\/wp-content\/uploads\/2023\/07\/Dendera-temple-1.jpg","datePublished":"2023-07-25T02:43:22+00:00","dateModified":"2026-01-28T21:01:47+00:00","description":"Excursi\u00f3n a Dendera y Abidos desde El Gouna. Tour privado al Templo de Hathor y Seti I. \u00a1Reserva ya! Historia y monumentos.","breadcrumb":{"@id":"https:\/\/egytourpackages.com\/es\/tours\/excursion-a-dendera-y-abidos-desde-el-gouna\/#breadcrumb"},"inLanguage":"es","potentialAction":[{"@type":"ReadAction","target":["https:\/\/egytourpackages.com\/es\/tours\/excursion-a-dendera-y-abidos-desde-el-gouna\/"]}]},{"@type":"ImageObject","inLanguage":"es","@id":"https:\/\/egytourpackages.com\/es\/tours\/excursion-a-dendera-y-abidos-desde-el-gouna\/#primaryimage","url":"https:\/\/egytourpackages.com\/wp-content\/uploads\/2023\/07\/Dendera-temple-1.jpg","contentUrl":"https:\/\/egytourpackages.com\/wp-content\/uploads\/2023\/07\/Dendera-temple-1.jpg","width":2000,"height":1333,"caption":"Excursi\u00f3n a Dendera y Abidos desde El Gouna"},{"@type":"BreadcrumbList","@id":"https:\/\/egytourpackages.com\/es\/tours\/excursion-a-dendera-y-abidos-desde-el-gouna\/#breadcrumb","itemListElement":[{"@type":"ListItem","position":1,"name":"Home","item":"https:\/\/egytourpackages.com\/es\/paquetes-de-viaje-a-egipto\/"},{"@type":"ListItem","position":2,"name":"Shop","item":"https:\/\/egytourpackages.com\/shop\/"},{"@type":"ListItem","position":3,"name":"Excursi\u00f3n a Dendera y Abidos desde El Gouna"}]},{"@type":"WebSite","@id":"https:\/\/egytourpackages.com\/es\/#website","url":"https:\/\/egytourpackages.com\/es\/","name":"Egy tour packages","description":"","publisher":{"@id":"https:\/\/egytourpackages.com\/es\/#organization"},"potentialAction":[{"@type":"SearchAction","target":{"@type":"EntryPoint","urlTemplate":"https:\/\/egytourpackages.com\/es\/?s={search_term_string}"},"query-input":{"@type":"PropertyValueSpecification","valueRequired":true,"valueName":"search_term_string"}}],"inLanguage":"es"},{"@type":["Organization","Place","TravelAgency"],"@id":"https:\/\/egytourpackages.com\/es\/#organization","name":"egypt tour packages","alternateName":"egypt tour packages","url":"https:\/\/egytourpackages.com\/es\/","logo":{"@id":"https:\/\/egytourpackages.com\/es\/tours\/excursion-a-dendera-y-abidos-desde-el-gouna\/#local-main-organization-logo"},"image":{"@id":"https:\/\/egytourpackages.com\/es\/tours\/excursion-a-dendera-y-abidos-desde-el-gouna\/#local-main-organization-logo"},"sameAs":["https:\/\/www.facebook.com\/egytourpackages"],"legalName":"Egy tour packages","address":{"@id":"https:\/\/egytourpackages.com\/es\/tours\/excursion-a-dendera-y-abidos-desde-el-gouna\/#local-main-place-address"},"telephone":["00201000852186","00201028685533"],"contactPoint":{"@type":"ContactPoint","telephone":"00201000852186"},"openingHoursSpecification":[{"@type":"OpeningHoursSpecification","dayOfWeek":["Monday","Tuesday","Wednesday","Thursday","Friday","Saturday","Sunday"],"opens":"00:00","closes":"23:59"}],"email":"info@egytourpackages.com","areaServed":"Cairo, Hurghada, Luxor, Sharm El Sheikh, Marsa Alam, Aswan","priceRange":"$","currenciesAccepted":"euro","paymentAccepted":"Payment links online"},{"@type":"PostalAddress","@id":"https:\/\/egytourpackages.com\/es\/tours\/excursion-a-dendera-y-abidos-desde-el-gouna\/#local-main-place-address","streetAddress":"Mubarak 8, Al Kawthar District, Hurghada","addressLocality":"Hurghada","postalCode":"84511","addressRegion":"Red Sea","addressCountry":"EG"},{"@type":"ImageObject","inLanguage":"es","@id":"https:\/\/egytourpackages.com\/es\/tours\/excursion-a-dendera-y-abidos-desde-el-gouna\/#local-main-organization-logo","url":"https:\/\/egytourpackages.com\/wp-content\/uploads\/2025\/12\/Turquoise-Dahabiya-Nile-Cruise-1.jpeg","contentUrl":"https:\/\/egytourpackages.com\/wp-content\/uploads\/2025\/12\/Turquoise-Dahabiya-Nile-Cruise-1.jpeg","width":1040,"height":694,"caption":"egypt tour packages"}]},"product_brand":"Excursiones a Luxor desde Hurghada","product_price_amount":"150","product_price_currency":"EUR","og_availability":"instock","product_availability":"instock","product_retailer_item_id":"GDT03","product_condition":"new","geo.placename":"Hurghada","geo.region":"Egipto"},"_links":{"self":[{"href":"https:\/\/egytourpackages.com\/es\/wp-json\/wp\/v2\/product\/10219","targetHints":{"allow":["GET"]}}],"collection":[{"href":"https:\/\/egytourpackages.com\/es\/wp-json\/wp\/v2\/product"}],"about":[{"href":"https:\/\/egytourpackages.com\/es\/wp-json\/wp\/v2\/types\/product"}],"replies":[{"embeddable":true,"href":"https:\/\/egytourpackages.com\/es\/wp-json\/wp\/v2\/comments?post=10219"}],"wp:featuredmedia":[{"embeddable":true,"href":"https:\/\/egytourpackages.com\/es\/wp-json\/wp\/v2\/media\/10220"}],"wp:attachment":[{"href":"https:\/\/egytourpackages.com\/es\/wp-json\/wp\/v2\/media?parent=10219"}],"wp:term":[{"taxonomy":"product_brand","embeddable":true,"href":"https:\/\/egytourpackages.com\/es\/wp-json\/wp\/v2\/product_brand?post=10219"},{"taxonomy":"product_cat","embeddable":true,"href":"https:\/\/egytourpackages.com\/es\/wp-json\/wp\/v2\/product_cat?post=10219"},{"taxonomy":"product_tag","embeddable":true,"href":"https:\/\/egytourpackages.com\/es\/wp-json\/wp\/v2\/product_tag?post=10219"}],"curies":[{"name":"wp","href":"https:\/\/api.w.org\/{rel}","templated":true}]}}