{"id":10221,"date":"2023-07-25T12:33:51","date_gmt":"2023-07-25T12:33:51","guid":{"rendered":"https:\/\/egytourpackages.com\/product\/excursion-privada-de-un-dia-a-el-cairo-desde-el-gouna\/"},"modified":"2026-01-28T17:36:13","modified_gmt":"2026-01-28T17:36:13","slug":"excursion-privada-de-un-dia-a-el-cairo-desde-el-gouna","status":"publish","type":"product","link":"https:\/\/egytourpackages.com\/es\/tours\/excursion-privada-de-un-dia-a-el-cairo-desde-el-gouna\/","title":{"rendered":"Excursi\u00f3n Privada de un D\u00eda a El Cairo desde El Gouna"},"content":{"rendered":"<p><span style=\"color: #ff6600;\"><strong>Excursi\u00f3n Privada de un D\u00eda a El Cairo desde El Gouna | Tour a Pir\u00e1mides y GEM (Alto Volumen de B\u00fasqueda)<\/strong><\/span><\/p>\n<p>La <strong>Excursi\u00f3n Privada de un D\u00eda a El Cairo desde El Gouna<\/strong> es una de las <strong>mejores cosas que hacer desde Hurgada<\/strong> para explorar las <strong>atracciones de El Cairo<\/strong> de forma privada. Egy tour packages ofrece este <strong>tour de un d\u00eda en Egipto<\/strong> con servicios de lujo, un <strong>gu\u00eda egipt\u00f3logo privado<\/strong> y veh\u00edculo particular.<\/p>\n<p>De hecho, descubrir\u00e1s el <strong>Gran Museo Egipcio (GEM)<\/strong> y tendr\u00e1s el <strong>mejor tour a las Pir\u00e1mides<\/strong> desde El Gouna. Esta <strong>excursi\u00f3n desde El Gouna<\/strong> incluye las <strong>Pir\u00e1mides de Guiza<\/strong>, la <strong>Esfinge<\/strong>, el <strong>Templo del Valle<\/strong>, la <strong>Estela del Sue\u00f1o<\/strong> y los <strong>tesoros de Tutankam\u00f3n<\/strong>.<\/p>\n<p>Al final de tu <strong>tour de un d\u00eda en El Cairo<\/strong>, puedes disfrutar de un breve <strong>Crucero por el Nilo<\/strong> con cargo adicional. \u00a1Cont\u00e1ctanos ahora, <strong>reserva gratis<\/strong> y paga durante el viaje!<\/p>\n<h3><span style=\"color: #ff6600;\">Detalles del Tour<\/span><\/h3>\n<ul>\n<li>Duraci\u00f3n: 18 horas<\/li>\n<li>Ubicaci\u00f3n del Tour: Guiza y El Cairo<\/li>\n<li>Disponibilidad: Todos los d\u00edas<\/li>\n<li>Recogida y Regreso: Hoteles en El Gouna<\/li>\n<li>Tipo de Tour: Privado<\/li>\n<li>Silla de Ruedas: Accesible<\/li>\n<\/ul>\n<h3><span style=\"color: #ff6600;\">Puntos Destacados del Tour<\/span><\/h3>\n<ul>\n<li>Pir\u00e1mides de Guiza<\/li>\n<li>La Gran Esfinge<\/li>\n<li>Templo del Valle<\/li>\n<li>Tumbas de los Constructores de las Pir\u00e1mides<\/li>\n<li>El Gran Museo Egipcio (GEM)<\/li>\n<\/ul>\n<h3><span style=\"color: #ff6600;\">Incluye<\/span><\/h3>\n<ul>\n<li>Traslado de ida y vuelta con veh\u00edculo nuevo y confortable.<\/li>\n<li>Entradas a todos los lugares de inter\u00e9s mencionados en el programa.<\/li>\n<li>Gu\u00eda egipt\u00f3logo experto y con gran conocimiento.<\/li>\n<li>Almuerzo en un restaurante local.<\/li>\n<\/ul>\n<h3><span style=\"color: #ff6600;\">Excluye<\/span><\/h3>\n<ul>\n<li>Bebidas durante el almuerzo.<\/li>\n<li>Tarifa de entrada al interior de la Pir\u00e1mide de Keops, Pir\u00e1mide de Micerinos y Pir\u00e1mide de Kefr\u00e9n (si deseas entrar).<\/li>\n<li>Propinas (<em>Tipping<\/em>).<\/li>\n<\/ul>\n<h3><span style=\"color: #ff6600;\">Qu\u00e9 Empacar (Qu\u00e9 llevar)<\/span><\/h3>\n<ul>\n<li>Calzado y Ropa c\u00f3modos, especialmente en verano.<\/li>\n<li>Ropa abrigadora en invierno.<\/li>\n<li>Gafas de sol, Sombrero o Pa\u00f1uelo.<\/li>\n<li>Crema solar en verano.<\/li>\n<\/ul>\n<h2><span style=\"color: #ff6600;\">Itinerario<\/span><\/h2>\n<h3><span style=\"color: #ff6600;\">Recogida en el Hotel<\/span><\/h3>\n<p><strong>02:15 am:<\/strong> Nuestro representante te recoger\u00e1 en la recepci\u00f3n de tu hotel.<\/p>\n<h3><span style=\"color: #ff6600;\">Pausa para Caf\u00e9 y Desayuno<\/span><\/h3>\n<p><strong>06:00 am:<\/strong> Disfruta de una breve parada en la sala de descanso de Zaafarana para tomar tu desayuno y usar el ba\u00f1o (10 L.E por persona).<\/p>\n<h3><span style=\"color: #ff6600;\">Complejo de las Pir\u00e1mides de Guiza<\/span><\/h3>\n<p><strong>09:30 am:<\/strong> Comenzar\u00e1s tu <strong>tour de un d\u00eda en El Cairo<\/strong> en la orilla oeste del Nilo, donde visitar\u00e1s las <strong>Pir\u00e1mides de Guiza<\/strong> y la <strong>Esfinge<\/strong>. Tu gu\u00eda organizar\u00e1 el recorrido seg\u00fan tus intereses, comenzando con la <strong>Gran Pir\u00e1mide de Keops<\/strong>.<\/p>\n<p>Aqu\u00ed, te maravillar\u00e1s con muchas cosas mientras caminas alrededor de la <strong>Gran Pir\u00e1mide<\/strong>, como las <strong>Tumbas de los Constructores de las Pir\u00e1mides<\/strong>, las <strong>Pir\u00e1mides de las Reinas<\/strong> y los <strong>Pozos de Barcas<\/strong>, con la oportunidad de entrar gratis en una de las Pir\u00e1mides de las Reinas.<\/p>\n<p>Abre tu coraz\u00f3n y mente mientras escuchas a tu gu\u00eda explicar las opiniones antiguas y modernas sobre las Pir\u00e1mides: si fueron tumbas, lugares de curaci\u00f3n energ\u00e9tica, portales astrales o fuentes de electricidad.<\/p>\n<p>M\u00e1s tarde, visitar\u00e1s la <strong>Esfinge<\/strong> y el <strong>Templo del Valle<\/strong>, donde momificaban a los reyes antes de enterrarlos dentro de las Pir\u00e1mides. Aprende sobre la <strong>segunda Esfinge<\/strong> (encontrada hace unos a\u00f1os) y la <strong>Estela del Sue\u00f1o<\/strong> de <strong>Tutmosis IV<\/strong> entre las patas de la Esfinge. Finaliza tu recorrido por el \u00e1rea de Panorama, donde tomar\u00e1s fotos de las Pir\u00e1mides en una sola l\u00ednea antes de continuar a tu pr\u00f3xima parada.<\/p>\n<h3><span style=\"color: #ff6600;\">12:00 pm: Almuerzo<\/span><\/h3>\n<p>Disfruta de tu <strong>almuerzo<\/strong> en un <strong>restaurante egipcio t\u00edpico<\/strong> para saborear la <strong>cocina egipcia<\/strong>, con opci\u00f3n vegetariana.<\/p>\n<h3><span style=\"color: #ff6600;\">13:00 pm: El Gran Museo Egipcio (GEM)<\/span><\/h3>\n<p>De hecho, el <strong>GEM<\/strong> es una visita obligada para cualquiera que ame la historia, la cultura y la belleza arquitect\u00f3nica. El <strong>Gran Museo Egipcio<\/strong> es el <strong>museo arqueol\u00f3gico m\u00e1s grande del mundo<\/strong>, ubicado en Guiza, muy cerca de las <strong>Pir\u00e1mides de Guiza<\/strong>.<\/p>\n<p>Explorar\u00e1s m\u00e1s de <strong>100,000 artefactos<\/strong> desde el <strong>Per\u00edodo Predin\u00e1stico<\/strong> hasta el <strong>Per\u00edodo Greco-Romano<\/strong>. Adem\u00e1s, te maravillar\u00e1s con los <strong>tesoros completos de Tutankam\u00f3n<\/strong>, encontrados en su tumba en el <strong>Valle de los Reyes<\/strong> en L\u00faxor.<\/p>\n<p>El GEM tambi\u00e9n exhibe por primera vez estatuas reales, piezas que muestran la sociedad, la religi\u00f3n e incluso momias del antiguo Egipto. Adem\u00e1s, incre\u00edbles <strong>Vasos Canopos<\/strong>, cosm\u00e9ticos diarios, pelucas, papiros y las <strong>Cartas de Amarna<\/strong> de la era de <strong>Akenat\u00f3n<\/strong>.<\/p>\n<p>La <strong>Gran Escalera<\/strong> ofrece una cronolog\u00eda l\u00f3gica de la misi\u00f3n de los Faraones en la antig\u00fcedad, desde la construcci\u00f3n de templos y la pr\u00e1ctica de rituales para los dioses hasta su muerte y entierro en sarc\u00f3fagos dentro de las Pir\u00e1mides para resucitar de nuevo. Al salir, ver\u00e1s el <strong>Obelisco Colgante<\/strong> y el sello de <strong>Rams\u00e9s el Grande<\/strong> en su base.<\/p>\n<h3><span style=\"color: #ff6600;\">De El Cairo a El Gouna<\/span><\/h3>\n<p><strong>15:00 pm:<\/strong> Una vez que est\u00e9s listo para dejar el Museo, comenzar\u00e1s tu camino de regreso a Hurgada, con una breve parada en el camino para ir al ba\u00f1o o estirar las piernas.<\/p>\n<h3><span style=\"color: #ff6600;\">Precio y Reserva<\/span><\/h3>\n<h3><span style=\"color: #ff6600;\">Precio Excursi\u00f3n Privada de un D\u00eda a El Cairo desde El Gouna<\/span><\/h3>\n<ul>\n<li>Precio Adulto = 135 $<\/li>\n<li>Beb\u00e9s (0-5 a\u00f1os) = gratis<\/li>\n<li>Ni\u00f1os (5-11 a\u00f1os) = 50% del precio de adulto<\/li>\n<\/ul>\n<h3><span style=\"color: #ff6600;\">Reserva<\/span><\/h3>\n<p>Puedes reservar tu Excursi\u00f3n desde El Gouna a trav\u00e9s de WhatsApp o envi\u00e1ndonos un correo electr\u00f3nico y recibir\u00e1s la confirmaci\u00f3n al instante.<\/p>\n<p>Por favor, env\u00edanos el nombre de tu hotel, n\u00famero de habitaci\u00f3n y copias del pasaporte.<\/p>\n<ul>\n<li>WhatsApp: +201000852186<\/li>\n<li>info@egytourpackages.com<\/li>\n<\/ul>\n<h3><span style=\"color: #ff6600;\">\u00a1Reserva Ahora y Paga en Destino! <\/span><\/h3>\n<p>Reserva tu tour favorito y paga el d\u00eda del viaje.<\/p>\n<h3><span style=\"color: #ff6600;\">Pago<\/span><\/h3>\n<p>Puedes pagar en Libras Egipcias, $, \u20ac o \u00a3.<\/p>\n<h3><span style=\"color: #ff6600;\">Pol\u00edtica de Cancelaci\u00f3n<\/span><\/h3>\n<ul>\n<li>Cancelaci\u00f3n gratuita hasta 24 horas de antelaci\u00f3n.<\/li>\n<li>Cancelaci\u00f3n por la ma\u00f1ana (el mismo d\u00eda) es el 50% del precio.<\/li>\n<\/ul>\n","protected":false},"excerpt":{"rendered":"<p>Excursi\u00f3n Privada de un D\u00eda a El Cairo desde El Gouna. Visita Pir\u00e1mides de Guiza, Esfinge y Gran Museo Egipcio (GEM). \u00a1Paga al llegar!<\/p>\n","protected":false},"featured_media":10222,"comment_status":"open","ping_status":"closed","template":"","meta":[],"product_brand":[],"product_cat":[3128],"product_tag":[3360,3188,3211],"class_list":{"0":"post-10221","1":"product","2":"type-product","3":"status-publish","4":"has-post-thumbnail","6":"product_cat-tours","7":"product_tag-excursiones-a-el-gouna","8":"product_tag-excursiones-egipto","9":"product_tag-piramides-de-giza","10":"tour_category-excursiones-a-el-cairo-desde-hurghada","11":"tour_category-excursiones-egipto-es","12":"tour_category-excursiones-en-el-gouna-es","14":"first","15":"instock","16":"sale","17":"shipping-taxable","18":"purchasable","19":"product-type-tour","20":"has-default-attributes"},"yoast_head":"<!-- This site is optimized with the Yoast SEO Premium plugin v27.4 (Yoast SEO v27.4) - https:\/\/yoast.com\/product\/yoast-seo-premium-wordpress\/ -->\n<title>Excursi\u00f3n Privada de un D\u00eda a El Cairo desde El Gouna<\/title>\n<meta name=\"description\" content=\"Excursi\u00f3n Privada de un D\u00eda a El Cairo desde El Gouna. Visita Pir\u00e1mides de Guiza, Esfinge y Gran Museo Egipcio (GEM). \u00a1Paga al llegar!\" \/>\n<meta name=\"robots\" content=\"index, follow, max-snippet:-1, max-image-preview:large, max-video-preview:-1\" \/>\n<link rel=\"canonical\" href=\"https:\/\/egytourpackages.com\/es\/tours\/excursion-privada-de-un-dia-a-el-cairo-desde-el-gouna\/\" \/>\n<meta property=\"og:locale\" content=\"es_ES\" \/>\n<meta property=\"og:type\" content=\"article\" \/>\n<meta property=\"og:title\" content=\"Excursi\u00f3n Privada de un D\u00eda a El Cairo desde El Gouna\" \/>\n<meta property=\"og:description\" content=\"Excursi\u00f3n Privada de un D\u00eda a El Cairo desde El Gouna. Visita Pir\u00e1mides de Guiza, Esfinge y Gran Museo Egipcio (GEM). \u00a1Paga al llegar!\" \/>\n<meta property=\"og:url\" content=\"https:\/\/egytourpackages.com\/es\/tours\/excursion-privada-de-un-dia-a-el-cairo-desde-el-gouna\/\" \/>\n<meta property=\"og:site_name\" content=\"Egypt Tour Packages\" \/>\n<meta property=\"article:publisher\" content=\"https:\/\/www.facebook.com\/egytourpackages\" \/>\n<meta property=\"article:modified_time\" content=\"2026-01-28T17:36:13+00:00\" \/>\n<meta property=\"og:image\" content=\"https:\/\/egytourpackages.com\/wp-content\/uploads\/2023\/07\/Egyptian-Museum-Tutankhamun-throne-1024x768.jpg\" \/>\n<meta name=\"twitter:card\" content=\"summary_large_image\" \/>\n<meta name=\"twitter:title\" content=\"Excursi\u00f3n Privada de un D\u00eda a El Cairo desde El Gouna\" \/>\n<meta name=\"twitter:description\" content=\"Excursi\u00f3n Privada de un D\u00eda a El Cairo desde El Gouna. Visita Pir\u00e1mides de Guiza, Esfinge y Gran Museo Egipcio (GEM). \u00a1Paga al llegar!\" \/>\n<meta name=\"twitter:image\" content=\"https:\/\/egytourpackages.com\/wp-content\/uploads\/2023\/07\/Egyptian-Museum-Tutankhamun-throne-1024x768.jpg\" \/>\n<meta name=\"twitter:label1\" content=\"Precio\" \/>\n\t<meta name=\"twitter:data1\" content=\"&euro;135\" \/>\n\t<meta name=\"twitter:label2\" content=\"Disponibilidad\" \/>\n\t<meta name=\"twitter:data2\" content=\"Disponible\" \/>\n<script type=\"application\/ld+json\" class=\"yoast-schema-graph\">{\"@context\":\"https:\\\/\\\/schema.org\",\"@graph\":[{\"@type\":\"WebPage\",\"@id\":\"https:\\\/\\\/egytourpackages.com\\\/es\\\/tours\\\/excursion-privada-de-un-dia-a-el-cairo-desde-el-gouna\\\/\",\"url\":\"https:\\\/\\\/egytourpackages.com\\\/es\\\/tours\\\/excursion-privada-de-un-dia-a-el-cairo-desde-el-gouna\\\/\",\"name\":\"Excursi\u00f3n Privada de un D\u00eda a El Cairo desde El Gouna\",\"isPartOf\":{\"@id\":\"https:\\\/\\\/egytourpackages.com\\\/es\\\/#website\"},\"primaryImageOfPage\":{\"@id\":\"https:\\\/\\\/egytourpackages.com\\\/es\\\/tours\\\/excursion-privada-de-un-dia-a-el-cairo-desde-el-gouna\\\/#primaryimage\"},\"image\":{\"@id\":\"https:\\\/\\\/egytourpackages.com\\\/es\\\/tours\\\/excursion-privada-de-un-dia-a-el-cairo-desde-el-gouna\\\/#primaryimage\"},\"thumbnailUrl\":\"https:\\\/\\\/egytourpackages.com\\\/wp-content\\\/uploads\\\/2023\\\/07\\\/Egyptian-Museum-Tutankhamun-throne.jpg\",\"datePublished\":\"2023-07-25T12:33:51+00:00\",\"dateModified\":\"2026-01-28T17:36:13+00:00\",\"description\":\"Excursi\u00f3n Privada de un D\u00eda a El Cairo desde El Gouna. Visita Pir\u00e1mides de Guiza, Esfinge y Gran Museo Egipcio (GEM). \u00a1Paga al llegar!\",\"breadcrumb\":{\"@id\":\"https:\\\/\\\/egytourpackages.com\\\/es\\\/tours\\\/excursion-privada-de-un-dia-a-el-cairo-desde-el-gouna\\\/#breadcrumb\"},\"inLanguage\":\"es\",\"potentialAction\":[{\"@type\":\"ReadAction\",\"target\":[\"https:\\\/\\\/egytourpackages.com\\\/es\\\/tours\\\/excursion-privada-de-un-dia-a-el-cairo-desde-el-gouna\\\/\"]}]},{\"@type\":\"ImageObject\",\"inLanguage\":\"es\",\"@id\":\"https:\\\/\\\/egytourpackages.com\\\/es\\\/tours\\\/excursion-privada-de-un-dia-a-el-cairo-desde-el-gouna\\\/#primaryimage\",\"url\":\"https:\\\/\\\/egytourpackages.com\\\/wp-content\\\/uploads\\\/2023\\\/07\\\/Egyptian-Museum-Tutankhamun-throne.jpg\",\"contentUrl\":\"https:\\\/\\\/egytourpackages.com\\\/wp-content\\\/uploads\\\/2023\\\/07\\\/Egyptian-Museum-Tutankhamun-throne.jpg\",\"width\":2000,\"height\":1500,\"caption\":\"Museo Egipcio, Trono de Tutankam\u00f3n\"},{\"@type\":\"BreadcrumbList\",\"@id\":\"https:\\\/\\\/egytourpackages.com\\\/es\\\/tours\\\/excursion-privada-de-un-dia-a-el-cairo-desde-el-gouna\\\/#breadcrumb\",\"itemListElement\":[{\"@type\":\"ListItem\",\"position\":1,\"name\":\"Home\",\"item\":\"https:\\\/\\\/egytourpackages.com\\\/es\\\/paquetes-de-viaje-a-egipto\\\/\"},{\"@type\":\"ListItem\",\"position\":2,\"name\":\"Shop\",\"item\":\"https:\\\/\\\/egytourpackages.com\\\/shop\\\/\"},{\"@type\":\"ListItem\",\"position\":3,\"name\":\"Excursi\u00f3n Privada de un D\u00eda a El Cairo desde El Gouna\"}]},{\"@type\":\"WebSite\",\"@id\":\"https:\\\/\\\/egytourpackages.com\\\/es\\\/#website\",\"url\":\"https:\\\/\\\/egytourpackages.com\\\/es\\\/\",\"name\":\"Egy tour packages\",\"description\":\"\",\"publisher\":{\"@id\":\"https:\\\/\\\/egytourpackages.com\\\/es\\\/#organization\"},\"potentialAction\":[{\"@type\":\"SearchAction\",\"target\":{\"@type\":\"EntryPoint\",\"urlTemplate\":\"https:\\\/\\\/egytourpackages.com\\\/es\\\/?s={search_term_string}\"},\"query-input\":{\"@type\":\"PropertyValueSpecification\",\"valueRequired\":true,\"valueName\":\"search_term_string\"}}],\"inLanguage\":\"es\"},{\"@type\":[\"Organization\",\"Place\",\"TravelAgency\"],\"@id\":\"https:\\\/\\\/egytourpackages.com\\\/es\\\/#organization\",\"name\":\"egypt tour packages\",\"alternateName\":\"egypt tour packages\",\"url\":\"https:\\\/\\\/egytourpackages.com\\\/es\\\/\",\"logo\":{\"@id\":\"https:\\\/\\\/egytourpackages.com\\\/es\\\/tours\\\/excursion-privada-de-un-dia-a-el-cairo-desde-el-gouna\\\/#local-main-organization-logo\"},\"image\":{\"@id\":\"https:\\\/\\\/egytourpackages.com\\\/es\\\/tours\\\/excursion-privada-de-un-dia-a-el-cairo-desde-el-gouna\\\/#local-main-organization-logo\"},\"sameAs\":[\"https:\\\/\\\/www.facebook.com\\\/egytourpackages\"],\"legalName\":\"Egy tour packages\",\"address\":{\"@id\":\"https:\\\/\\\/egytourpackages.com\\\/es\\\/tours\\\/excursion-privada-de-un-dia-a-el-cairo-desde-el-gouna\\\/#local-main-place-address\"},\"telephone\":[\"00201000852186\",\"00201028685533\"],\"contactPoint\":{\"@type\":\"ContactPoint\",\"telephone\":\"00201000852186\"},\"openingHoursSpecification\":[{\"@type\":\"OpeningHoursSpecification\",\"dayOfWeek\":[\"Monday\",\"Tuesday\",\"Wednesday\",\"Thursday\",\"Friday\",\"Saturday\",\"Sunday\"],\"opens\":\"00:00\",\"closes\":\"23:59\"}],\"email\":\"info@egytourpackages.com\",\"areaServed\":\"Cairo, Hurghada, Luxor, Sharm El Sheikh, Marsa Alam, Aswan\",\"priceRange\":\"$\",\"currenciesAccepted\":\"euro\",\"paymentAccepted\":\"Payment links online\"},{\"@type\":\"PostalAddress\",\"@id\":\"https:\\\/\\\/egytourpackages.com\\\/es\\\/tours\\\/excursion-privada-de-un-dia-a-el-cairo-desde-el-gouna\\\/#local-main-place-address\",\"streetAddress\":\"Mubarak 8, Al Kawthar District, Hurghada\",\"addressLocality\":\"Hurghada\",\"postalCode\":\"84511\",\"addressRegion\":\"Red Sea\",\"addressCountry\":\"EG\"},{\"@type\":\"ImageObject\",\"inLanguage\":\"es\",\"@id\":\"https:\\\/\\\/egytourpackages.com\\\/es\\\/tours\\\/excursion-privada-de-un-dia-a-el-cairo-desde-el-gouna\\\/#local-main-organization-logo\",\"url\":\"https:\\\/\\\/egytourpackages.com\\\/wp-content\\\/uploads\\\/2025\\\/12\\\/Turquoise-Dahabiya-Nile-Cruise-1.jpeg\",\"contentUrl\":\"https:\\\/\\\/egytourpackages.com\\\/wp-content\\\/uploads\\\/2025\\\/12\\\/Turquoise-Dahabiya-Nile-Cruise-1.jpeg\",\"width\":1040,\"height\":694,\"caption\":\"egypt tour packages\"}]}<\/script>\n<meta property=\"product:brand\" content=\"Excursiones a El Cairo desde Hurghada\" \/>\n<meta property=\"product:price:amount\" content=\"135\" \/>\n<meta property=\"product:price:currency\" content=\"EUR\" \/>\n<meta property=\"og:availability\" content=\"instock\" \/>\n<meta property=\"product:availability\" content=\"instock\" \/>\n<meta property=\"product:retailer_item_id\" content=\"GDT04\" \/>\n<meta property=\"product:condition\" content=\"new\" \/>\n<meta name=\"geo.placename\" content=\"Hurghada\" \/>\n<meta name=\"geo.region\" content=\"Egipto\" \/>\n<!-- \/ Yoast SEO Premium plugin. -->","yoast_head_json":{"title":"Excursi\u00f3n Privada de un D\u00eda a El Cairo desde El Gouna","description":"Excursi\u00f3n Privada de un D\u00eda a El Cairo desde El Gouna. Visita Pir\u00e1mides de Guiza, Esfinge y Gran Museo Egipcio (GEM). \u00a1Paga al llegar!","robots":{"index":"index","follow":"follow","max-snippet":"max-snippet:-1","max-image-preview":"max-image-preview:large","max-video-preview":"max-video-preview:-1"},"canonical":"https:\/\/egytourpackages.com\/es\/tours\/excursion-privada-de-un-dia-a-el-cairo-desde-el-gouna\/","og_locale":"es_ES","og_type":"article","og_title":"Excursi\u00f3n Privada de un D\u00eda a El Cairo desde El Gouna","og_description":"Excursi\u00f3n Privada de un D\u00eda a El Cairo desde El Gouna. Visita Pir\u00e1mides de Guiza, Esfinge y Gran Museo Egipcio (GEM). \u00a1Paga al llegar!","og_url":"https:\/\/egytourpackages.com\/es\/tours\/excursion-privada-de-un-dia-a-el-cairo-desde-el-gouna\/","og_site_name":"Egypt Tour Packages","article_publisher":"https:\/\/www.facebook.com\/egytourpackages","article_modified_time":"2026-01-28T17:36:13+00:00","og_image":[{"url":"https:\/\/egytourpackages.com\/wp-content\/uploads\/2023\/07\/Egyptian-Museum-Tutankhamun-throne-1024x768.jpg","type":"","width":"","height":""}],"twitter_card":"summary_large_image","twitter_title":"Excursi\u00f3n Privada de un D\u00eda a El Cairo desde El Gouna","twitter_description":"Excursi\u00f3n Privada de un D\u00eda a El Cairo desde El Gouna. Visita Pir\u00e1mides de Guiza, Esfinge y Gran Museo Egipcio (GEM). \u00a1Paga al llegar!","twitter_image":"https:\/\/egytourpackages.com\/wp-content\/uploads\/2023\/07\/Egyptian-Museum-Tutankhamun-throne-1024x768.jpg","twitter_misc":{"Precio":"&euro;135","Disponibilidad":"Disponible"},"schema":{"@context":"https:\/\/schema.org","@graph":[{"@type":"WebPage","@id":"https:\/\/egytourpackages.com\/es\/tours\/excursion-privada-de-un-dia-a-el-cairo-desde-el-gouna\/","url":"https:\/\/egytourpackages.com\/es\/tours\/excursion-privada-de-un-dia-a-el-cairo-desde-el-gouna\/","name":"Excursi\u00f3n Privada de un D\u00eda a El Cairo desde El Gouna","isPartOf":{"@id":"https:\/\/egytourpackages.com\/es\/#website"},"primaryImageOfPage":{"@id":"https:\/\/egytourpackages.com\/es\/tours\/excursion-privada-de-un-dia-a-el-cairo-desde-el-gouna\/#primaryimage"},"image":{"@id":"https:\/\/egytourpackages.com\/es\/tours\/excursion-privada-de-un-dia-a-el-cairo-desde-el-gouna\/#primaryimage"},"thumbnailUrl":"https:\/\/egytourpackages.com\/wp-content\/uploads\/2023\/07\/Egyptian-Museum-Tutankhamun-throne.jpg","datePublished":"2023-07-25T12:33:51+00:00","dateModified":"2026-01-28T17:36:13+00:00","description":"Excursi\u00f3n Privada de un D\u00eda a El Cairo desde El Gouna. Visita Pir\u00e1mides de Guiza, Esfinge y Gran Museo Egipcio (GEM). \u00a1Paga al llegar!","breadcrumb":{"@id":"https:\/\/egytourpackages.com\/es\/tours\/excursion-privada-de-un-dia-a-el-cairo-desde-el-gouna\/#breadcrumb"},"inLanguage":"es","potentialAction":[{"@type":"ReadAction","target":["https:\/\/egytourpackages.com\/es\/tours\/excursion-privada-de-un-dia-a-el-cairo-desde-el-gouna\/"]}]},{"@type":"ImageObject","inLanguage":"es","@id":"https:\/\/egytourpackages.com\/es\/tours\/excursion-privada-de-un-dia-a-el-cairo-desde-el-gouna\/#primaryimage","url":"https:\/\/egytourpackages.com\/wp-content\/uploads\/2023\/07\/Egyptian-Museum-Tutankhamun-throne.jpg","contentUrl":"https:\/\/egytourpackages.com\/wp-content\/uploads\/2023\/07\/Egyptian-Museum-Tutankhamun-throne.jpg","width":2000,"height":1500,"caption":"Museo Egipcio, Trono de Tutankam\u00f3n"},{"@type":"BreadcrumbList","@id":"https:\/\/egytourpackages.com\/es\/tours\/excursion-privada-de-un-dia-a-el-cairo-desde-el-gouna\/#breadcrumb","itemListElement":[{"@type":"ListItem","position":1,"name":"Home","item":"https:\/\/egytourpackages.com\/es\/paquetes-de-viaje-a-egipto\/"},{"@type":"ListItem","position":2,"name":"Shop","item":"https:\/\/egytourpackages.com\/shop\/"},{"@type":"ListItem","position":3,"name":"Excursi\u00f3n Privada de un D\u00eda a El Cairo desde El Gouna"}]},{"@type":"WebSite","@id":"https:\/\/egytourpackages.com\/es\/#website","url":"https:\/\/egytourpackages.com\/es\/","name":"Egy tour packages","description":"","publisher":{"@id":"https:\/\/egytourpackages.com\/es\/#organization"},"potentialAction":[{"@type":"SearchAction","target":{"@type":"EntryPoint","urlTemplate":"https:\/\/egytourpackages.com\/es\/?s={search_term_string}"},"query-input":{"@type":"PropertyValueSpecification","valueRequired":true,"valueName":"search_term_string"}}],"inLanguage":"es"},{"@type":["Organization","Place","TravelAgency"],"@id":"https:\/\/egytourpackages.com\/es\/#organization","name":"egypt tour packages","alternateName":"egypt tour packages","url":"https:\/\/egytourpackages.com\/es\/","logo":{"@id":"https:\/\/egytourpackages.com\/es\/tours\/excursion-privada-de-un-dia-a-el-cairo-desde-el-gouna\/#local-main-organization-logo"},"image":{"@id":"https:\/\/egytourpackages.com\/es\/tours\/excursion-privada-de-un-dia-a-el-cairo-desde-el-gouna\/#local-main-organization-logo"},"sameAs":["https:\/\/www.facebook.com\/egytourpackages"],"legalName":"Egy tour packages","address":{"@id":"https:\/\/egytourpackages.com\/es\/tours\/excursion-privada-de-un-dia-a-el-cairo-desde-el-gouna\/#local-main-place-address"},"telephone":["00201000852186","00201028685533"],"contactPoint":{"@type":"ContactPoint","telephone":"00201000852186"},"openingHoursSpecification":[{"@type":"OpeningHoursSpecification","dayOfWeek":["Monday","Tuesday","Wednesday","Thursday","Friday","Saturday","Sunday"],"opens":"00:00","closes":"23:59"}],"email":"info@egytourpackages.com","areaServed":"Cairo, Hurghada, Luxor, Sharm El Sheikh, Marsa Alam, Aswan","priceRange":"$","currenciesAccepted":"euro","paymentAccepted":"Payment links online"},{"@type":"PostalAddress","@id":"https:\/\/egytourpackages.com\/es\/tours\/excursion-privada-de-un-dia-a-el-cairo-desde-el-gouna\/#local-main-place-address","streetAddress":"Mubarak 8, Al Kawthar District, Hurghada","addressLocality":"Hurghada","postalCode":"84511","addressRegion":"Red Sea","addressCountry":"EG"},{"@type":"ImageObject","inLanguage":"es","@id":"https:\/\/egytourpackages.com\/es\/tours\/excursion-privada-de-un-dia-a-el-cairo-desde-el-gouna\/#local-main-organization-logo","url":"https:\/\/egytourpackages.com\/wp-content\/uploads\/2025\/12\/Turquoise-Dahabiya-Nile-Cruise-1.jpeg","contentUrl":"https:\/\/egytourpackages.com\/wp-content\/uploads\/2025\/12\/Turquoise-Dahabiya-Nile-Cruise-1.jpeg","width":1040,"height":694,"caption":"egypt tour packages"}]},"product_brand":"Excursiones a El Cairo desde Hurghada","product_price_amount":"135","product_price_currency":"EUR","og_availability":"instock","product_availability":"instock","product_retailer_item_id":"GDT04","product_condition":"new","geo.placename":"Hurghada","geo.region":"Egipto"},"_links":{"self":[{"href":"https:\/\/egytourpackages.com\/es\/wp-json\/wp\/v2\/product\/10221","targetHints":{"allow":["GET"]}}],"collection":[{"href":"https:\/\/egytourpackages.com\/es\/wp-json\/wp\/v2\/product"}],"about":[{"href":"https:\/\/egytourpackages.com\/es\/wp-json\/wp\/v2\/types\/product"}],"replies":[{"embeddable":true,"href":"https:\/\/egytourpackages.com\/es\/wp-json\/wp\/v2\/comments?post=10221"}],"wp:featuredmedia":[{"embeddable":true,"href":"https:\/\/egytourpackages.com\/es\/wp-json\/wp\/v2\/media\/10222"}],"wp:attachment":[{"href":"https:\/\/egytourpackages.com\/es\/wp-json\/wp\/v2\/media?parent=10221"}],"wp:term":[{"taxonomy":"product_brand","embeddable":true,"href":"https:\/\/egytourpackages.com\/es\/wp-json\/wp\/v2\/product_brand?post=10221"},{"taxonomy":"product_cat","embeddable":true,"href":"https:\/\/egytourpackages.com\/es\/wp-json\/wp\/v2\/product_cat?post=10221"},{"taxonomy":"product_tag","embeddable":true,"href":"https:\/\/egytourpackages.com\/es\/wp-json\/wp\/v2\/product_tag?post=10221"}],"curies":[{"name":"wp","href":"https:\/\/api.w.org\/{rel}","templated":true}]}}