{"id":10233,"date":"2022-12-24T11:41:04","date_gmt":"2022-12-24T11:41:04","guid":{"rendered":"https:\/\/egytourpackages.com\/product\/paquete-de-viajes-a-el-cairo-y-asuan-4-dias\/"},"modified":"2026-01-20T22:38:35","modified_gmt":"2026-01-20T22:38:35","slug":"paquete-de-viajes-a-el-cairo-y-asuan-4-dias","status":"publish","type":"product","link":"https:\/\/egytourpackages.com\/es\/tours\/paquete-de-viajes-a-el-cairo-y-asuan-4-dias\/","title":{"rendered":"Paquete de Viajes a El Cairo y Asu\u00e1n 4 D\u00edas"},"content":{"rendered":"<p><span style=\"color: #ff6600;\"><strong>Paquete de Viajes a El Cairo y Asu\u00e1n 4 D\u00edas: Lo Mejor de Egipto<\/strong><\/span><\/p>\n<p>Descubra nuestro <strong>paquete de viajes a El Cairo y Asu\u00e1n 4 d\u00edas<\/strong>, unas <strong>vacaciones en Egipto<\/strong> dise\u00f1adas por expertos que resaltan lo mejor de las maravillas antiguas.<\/p>\n<p>Este <strong>tour cl\u00e1sico por Egipto<\/strong> es una de las <strong>mejores cosas que hacer en El Cairo<\/strong> y ofrece un viaje inolvidable por las principales atracciones tur\u00edsticas de <strong>El Cairo<\/strong>, <strong>Giza<\/strong> y <strong>Asu\u00e1n<\/strong>.<\/p>\n<p>Explore el <strong>turismo en El Cairo y Giza<\/strong>, maravill\u00e1ndose con los iconos de Egipto. Su <strong>tour a las Pir\u00e1mides de Egipto<\/strong> incluye las magn\u00edficas <strong>Pir\u00e1mides de Giza<\/strong>, con la colosal <strong>Pir\u00e1mide de Keops<\/strong> (Gran Pir\u00e1mide de Giza) y la enigm\u00e1tica <strong>Gran Esfinge de Giza<\/strong>.<\/p>\n<p>Adem\u00e1s, tendr\u00e1 acceso exclusivo a las fascinantes <strong>Tumbas de los Trabajadores en la meseta de Giza<\/strong> y al antiguo <strong>Templo del Valle de Kefr\u00e9n<\/strong>. Una visita al <strong>Gran Museo Egipcio<\/strong> en Giza le permitir\u00e1 profundizar en la rica historia del pa\u00eds, que alberga una vasta colecci\u00f3n de antig\u00fcedades fara\u00f3nicas.<\/p>\n<p>Este incre\u00edble <strong>paquete vacacional en Egipto<\/strong> se extiende a la cautivadora ciudad de Asu\u00e1n, donde los <strong>tours de un d\u00eda en Asu\u00e1n<\/strong> revelan m\u00e1s tesoros hist\u00f3ricos. Explore el <strong>Templo de Philae<\/strong> en la <strong>isla de Agilkia<\/strong>, dedicado a la <strong>diosa Isis<\/strong>, y admire el esplendor del <strong>Templo de Hathor<\/strong>, el antiguo <strong>Nil\u00f3metro<\/strong> y el <strong>Mammisi de Philae<\/strong>.<\/p>\n<p>Por otra parte, las maravillas modernas tambi\u00e9n est\u00e1n en el itinerario, con una visita a la impresionante <strong>Alta Presa de Asu\u00e1n<\/strong> y al monumental <strong>Obelisco Inacabado de Hatshepsut<\/strong>.<\/p>\n<p>Contacte con <strong>Egy Tour Packages<\/strong> hoy mismo para que nuestro equipo de expertos planifique su <strong>Tour Cl\u00e1sico por Egipto<\/strong> ideal o un <strong>paquete de vacaciones familiares<\/strong> excepcional.<\/p>\n<p>Nuestros <strong>paquetes de viajes a El Cairo y Asu\u00e1n<\/strong> cuentan con gu\u00edas arque\u00f3logos expertos, alojamientos de lujo y todas las entradas incluidas para un <strong>tour privado por Egipto<\/strong> perfecto.<\/p>\n<h3><span style=\"color: #ff6600;\">Lo m\u00e1s destacado del tour<\/span><\/h3>\n<ul>\n<li>Alta Presa de Asu\u00e1n<\/li>\n<li>Obelisco Inacabado<\/li>\n<li>Templo de Philae<\/li>\n<li>Pir\u00e1mides de Giza<\/li>\n<li>Esfinge<\/li>\n<li>Templo del Valle<\/li>\n<li>Gran Museo Egipcio<\/li>\n<li>Accesible para sillas de ruedas<\/li>\n<\/ul>\n<h3><span style=\"color: #ff6600;\">Informaci\u00f3n del Tour<\/span><\/h3>\n<ul>\n<li>Duraci\u00f3n: 4 D\u00edas \/ 3 Noches<\/li>\n<li>Recogida y Regreso: El Cairo<\/li>\n<li>Idioma: Espa\u00f1ol \/ Ingl\u00e9s<\/li>\n<li>Tipo de Tour: Tour Cl\u00e1sico por Egipto<\/li>\n<li>Disponibilidad: Diario bajo petici\u00f3n<\/li>\n<li>Ubicaci\u00f3n: El Cairo, Giza, Asu\u00e1n<\/li>\n<\/ul>\n<h3><span style=\"color: #ff6600;\">Incluye<\/span><\/h3>\n<ul>\n<li>Asistencia en el aeropuerto de El Cairo<\/li>\n<li>3 Noches en hotel de 4 estrellas en El Cairo con desayuno<\/li>\n<li>1 Noche en hotel de 4 estrellas en Asu\u00e1n con desayuno<\/li>\n<li>Traslados en veh\u00edculos modernos en El Cairo y Asu\u00e1n<\/li>\n<li>Entradas a todos los sitios mencionados<\/li>\n<li>Gu\u00eda egipt\u00f3logo experto<\/li>\n<li>Vuelos dom\u00e9sticos El Cairo &#8211; Asu\u00e1n &#8211; El Cairo<\/li>\n<li>Todos los impuestos y servicios<\/li>\n<\/ul>\n<h3><span style=\"color: #ff6600;\">Excluye<\/span><\/h3>\n<ul>\n<li>Vuelos internacionales<\/li>\n<li>Visado de entrada a Egipto ($25)<\/li>\n<li>Excursiones opcionales<\/li>\n<li>Propinas para gu\u00eda y conductor<\/li>\n<li>Bebidas durante las comidas<\/li>\n<\/ul>\n<h2><span style=\"color: #ff6600;\">Itinerario<\/span><\/h2>\n<h3><span style=\"color: #ff6600;\">D\u00eda 1: Llegada al aeropuerto de El Cairo<\/span><\/h3>\n<p>\u00a1Bienvenido a Egipto! Comience su <strong>paquete de viaje a El Cairo y Asu\u00e1n<\/strong> con una c\u00e1lida bienvenida de su gu\u00eda. Traslado en veh\u00edculo de lujo a su hotel en El Cairo.<\/p>\n<p><strong>Comidas incluidas:<\/strong> Cena<\/p>\n<h3><span style=\"color: #ff6600;\">D\u00eda 2: Maravillas antiguas de El Cairo y vuelo a Asu\u00e1n<\/span><\/h3>\n<p>Desayuno en el hotel. Su exploraci\u00f3n de las <strong>atracciones del antiguo Egipto<\/strong> comienza en las <strong>Pir\u00e1mides de Giza<\/strong>. Estas estructuras de la <strong>Cuarta Dinast\u00eda<\/strong> (2600 a.C.) siguen siendo un misterio profundo de la <strong>historia egipcia<\/strong>.<\/p>\n<p>Admire la <strong>Gran Pir\u00e1mide de Giza (Pir\u00e1mide de Keops)<\/strong>, una de las <strong>Siete Maravillas del Mundo Antiguo<\/strong>. Su gu\u00eda le explicar\u00e1 por qu\u00e9 el <strong>Rey Keops<\/strong> eligi\u00f3 Giza. Tendr\u00e1 la oportunidad de <strong>entrar a la Gran Pir\u00e1mide<\/strong> (opcional).<\/p>\n<p><strong>Segunda Pir\u00e1mide de Kefr\u00e9n:<\/strong> Descubra la <strong>Pir\u00e1mide de Kefr\u00e9n<\/strong>, la segunda m\u00e1s grande, que a\u00fan conserva parte de su revestimiento original. Visite el <strong>Templo Mortuorio<\/strong> y el <strong>Templo del Valle<\/strong>.<\/p>\n<p>Suba al <strong>Punto Panor\u00e1mico<\/strong> para capturar la mejor foto de las tres pir\u00e1mides.<\/p>\n<h3><span style=\"color: #ff6600;\">Esfinge y Templo de Momificaci\u00f3n: <\/span><\/h3>\n<p>Encuentre la ic\u00f3nica <strong>Gran Esfinge de Giza<\/strong>, que representa al Rey Kefr\u00e9n. Concluya en el <strong>Templo del Valle de Kefr\u00e9n<\/strong>, el mejor conservado para rituales de <strong>momificaci\u00f3n<\/strong>.<\/p>\n<h3><span style=\"color: #ff6600;\">Almuerzo: <\/span><\/h3>\n<p>Disfrute de <strong>comida t\u00edpica egipcia<\/strong> en un restaurante local.<\/p>\n<p>Luego, visite el <strong>Gran Museo Egipcio (GEM)<\/strong>. Vea los <strong>tesoros de Tutankam\u00f3n<\/strong>, su <strong>m\u00e1scara de oro<\/strong> y la estatua de <strong>Rams\u00e9s II<\/strong>. Al finalizar, traslado al aeropuerto para su vuelo a <strong>Asu\u00e1n<\/strong>.<\/p>\n<p><strong>Comidas:<\/strong> Desayuno, Almuerzo, Cena<\/p>\n<h3><span style=\"color: #ff6600;\">D\u00eda 3: Atracciones de Asu\u00e1n y Templos Antiguos \u2013 Regreso a El Cairo<\/span><\/h3>\n<p>Desayuno y tour por la <strong>Alta Presa de Asu\u00e1n<\/strong>, una obra maestra de la ingenier\u00eda moderna que cre\u00f3 el <strong>Lago Nasser<\/strong>.<\/p>\n<p>Luego, visite el <strong>Obelisco Inacabado<\/strong> en las canteras de granito, que muestra c\u00f3mo los antiguos egipcios trabajaban la piedra.<\/p>\n<h3><span style=\"color: #ff6600;\">Almuerzo: <\/span><\/h3>\n<p>En un restaurante nubio con vistas a la presa baja.<\/p>\n<p>Finalice con el <strong>Templo de Philae<\/strong>, dedicado a la <strong>diosa Isis<\/strong>. Disfrute de un paseo en lancha hacia la <strong>isla de Agilkia<\/strong>. Aprenda sobre la <strong>mitolog\u00eda egipcia<\/strong>, el mito de Osiris y contemple el \u00faltimo <strong>texto jerogl\u00edfico<\/strong> escrito en Egipto.<\/p>\n<p>Vea el <strong>Quiosco de Trajano<\/strong> y el <strong>Mammisi<\/strong>. Traslado al aeropuerto para volar de regreso a El Cairo. <strong>Comidas:<\/strong> Desayuno, Almuerzo, Cena<\/p>\n<h3><span style=\"color: #ff6600;\">D\u00eda 4: Salida de El Cairo \u2013 Extensiones Opcionales<\/span><\/h3>\n<p>Desayuno y tiempo libre. Traslado al <strong>Aeropuerto Internacional de El Cairo<\/strong> para su salida final. <strong>Opcional (antes del vuelo):<\/strong><\/p>\n<p>Museo Nacional de la Civilizaci\u00f3n Egipcia (NMEC) y las Momias Reales.<\/p>\n<p>Ciudadela de Saladino y Mezquita de Alabastro.<\/p>\n<p>Barrio Copto (Iglesia Colgante).<\/p>\n<p><strong>Comidas<\/strong>: Desayuno<\/p>\n<h3><span style=\"color: #ff6600;\">Precios del paquete<\/span><\/h3>\n<ul>\n<li>Precio Adulto: 850 \u20ac<\/li>\n<li>Ni\u00f1os (0-5 a\u00f1os): Gratis<\/li>\n<li>Ni\u00f1os (5-11 a\u00f1os): 50% de descuento<\/li>\n<\/ul>\n<h3><span style=\"color: #ff6600;\"><em>Nota: <\/em><\/span><\/h3>\n<p><em>Tarifas fijas, excepto en Navidad, A\u00f1o Nuevo y Semana Santa (35% extra).<\/em><\/p>\n<h3><span style=\"color: #ff6600;\">Reservas y pagos<\/span><\/h3>\n<p>Reserve v\u00eda<\/p>\n<p>WhatsApp : +20 1000852186<\/p>\n<p>info@egytourpackages.com<\/p>\n<p>Aceptamos pagos en libras egipcias, $, \u20ac o \u00a3.<\/p>\n<p>Cancelaci\u00f3n gratuita hasta 2 d\u00edas antes.<\/p>\n<h2><span style=\"color: #ff6600;\">FAQ<\/span><\/h2>\n<h3><span style=\"color: #ff6600;\">\u00bfQu\u00e9 llevar? <\/span><\/h3>\n<p>Ropa ligera en verano, abrigo en invierno y calzado c\u00f3modo.<\/p>\n<h3><span style=\"color: #ff6600;\">\u00bfSeguro de viaje? <\/span><\/h3>\n<p>No est\u00e1 incluido, recomendamos adquirir uno independiente.<\/p>\n<h3><span style=\"color: #ff6600;\">\u00bfMoneda? <\/span><\/h3>\n<p>La Libra Egipcia (EGP). Se recomienda llevar efectivo para mercados locales.<\/p>\n","protected":false},"excerpt":{"rendered":"<p>Reserva nuestro Paquete de Viajes a El Cairo y Asu\u00e1n 4 D\u00edas. Incluye Pir\u00e1mides de Giza, Gran Museo Egipcio, templos antiguos y vuelos. \u00a1Reserva hoy tu tour!<\/p>\n","protected":false},"featured_media":10234,"comment_status":"open","ping_status":"closed","template":"","meta":[],"product_brand":[],"product_cat":[3128],"product_tag":[3489,3236,3131,3211,3210],"class_list":{"0":"post-10233","1":"product","2":"type-product","3":"status-publish","4":"has-post-thumbnail","6":"product_cat-tours","7":"product_tag-las-mejores-cosas-que-hacer-en-el-cairo","8":"product_tag-paquete-de-viaje-a-egipto","9":"product_tag-paquetes-de-viaje-a-egipto","10":"product_tag-piramides-de-giza","11":"product_tag-tours-clasicos-de-egipto","12":"tour_category-paquetes-de-tours-en-egipto-de-4-dias","13":"tour_category-paquetes-de-viaje-a-egipto-es","14":"tour_category-tours-clasicos-de-egipto-es","16":"first","17":"instock","18":"sale","19":"shipping-taxable","20":"purchasable","21":"product-type-tour","22":"has-default-attributes"},"yoast_head":"<!-- This site is optimized with the Yoast SEO Premium plugin v27.4 (Yoast SEO v27.4) - https:\/\/yoast.com\/product\/yoast-seo-premium-wordpress\/ -->\n<title>Paquete de Viajes a El Cairo y Asu\u00e1n 4 D\u00edas<\/title>\n<meta name=\"description\" content=\"Reserva nuestro Paquete de Viajes a El Cairo y Asu\u00e1n 4 D\u00edas. Incluye Pir\u00e1mides de Giza, Gran Museo Egipcio, templos antiguos y vuelos. \u00a1Reserva hoy tu tour!\" \/>\n<meta name=\"robots\" content=\"index, follow, max-snippet:-1, max-image-preview:large, max-video-preview:-1\" \/>\n<link rel=\"canonical\" href=\"https:\/\/egytourpackages.com\/es\/tours\/paquete-de-viajes-a-el-cairo-y-asuan-4-dias\/\" \/>\n<meta property=\"og:locale\" content=\"es_ES\" \/>\n<meta property=\"og:type\" content=\"article\" \/>\n<meta property=\"og:title\" content=\"Paquete de Viajes a El Cairo y Asu\u00e1n 4 D\u00edas\" \/>\n<meta property=\"og:description\" content=\"Reserva nuestro Paquete de Viajes a El Cairo y Asu\u00e1n 4 D\u00edas. Incluye Pir\u00e1mides de Giza, Gran Museo Egipcio, templos antiguos y vuelos. \u00a1Reserva hoy tu tour!\" \/>\n<meta property=\"og:url\" content=\"https:\/\/egytourpackages.com\/es\/tours\/paquete-de-viajes-a-el-cairo-y-asuan-4-dias\/\" \/>\n<meta property=\"og:site_name\" content=\"Egypt Tour Packages\" \/>\n<meta property=\"article:publisher\" content=\"https:\/\/www.facebook.com\/egytourpackages\" \/>\n<meta property=\"article:modified_time\" content=\"2026-01-20T22:38:35+00:00\" \/>\n<meta property=\"og:image\" content=\"https:\/\/egytourpackages.com\/wp-content\/uploads\/2022\/12\/4-Days-Cairo-and-Aswan-Tour-Package-1024x683.jpg\" \/>\n<meta name=\"twitter:card\" content=\"summary_large_image\" \/>\n<meta name=\"twitter:title\" content=\"Paquete de Viajes a El Cairo y Asu\u00e1n 4 D\u00edas\" \/>\n<meta name=\"twitter:description\" content=\"Reserva nuestro Paquete de Viajes a El Cairo y Asu\u00e1n 4 D\u00edas. Incluye Pir\u00e1mides de Giza, Gran Museo Egipcio, templos antiguos y vuelos. \u00a1Reserva hoy tu tour!\" \/>\n<meta name=\"twitter:image\" content=\"https:\/\/egytourpackages.com\/wp-content\/uploads\/2022\/12\/4-Days-Cairo-and-Aswan-Tour-Package-1024x683.jpg\" \/>\n<meta name=\"twitter:label1\" content=\"Precio\" \/>\n\t<meta name=\"twitter:data1\" content=\"&euro;0\" \/>\n\t<meta name=\"twitter:label2\" content=\"Disponibilidad\" \/>\n\t<meta name=\"twitter:data2\" content=\"Disponible\" \/>\n<script type=\"application\/ld+json\" class=\"yoast-schema-graph\">{\"@context\":\"https:\\\/\\\/schema.org\",\"@graph\":[{\"@type\":\"WebPage\",\"@id\":\"https:\\\/\\\/egytourpackages.com\\\/es\\\/tours\\\/paquete-de-viajes-a-el-cairo-y-asuan-4-dias\\\/\",\"url\":\"https:\\\/\\\/egytourpackages.com\\\/es\\\/tours\\\/paquete-de-viajes-a-el-cairo-y-asuan-4-dias\\\/\",\"name\":\"Paquete de Viajes a El Cairo y Asu\u00e1n 4 D\u00edas\",\"isPartOf\":{\"@id\":\"https:\\\/\\\/egytourpackages.com\\\/es\\\/#website\"},\"primaryImageOfPage\":{\"@id\":\"https:\\\/\\\/egytourpackages.com\\\/es\\\/tours\\\/paquete-de-viajes-a-el-cairo-y-asuan-4-dias\\\/#primaryimage\"},\"image\":{\"@id\":\"https:\\\/\\\/egytourpackages.com\\\/es\\\/tours\\\/paquete-de-viajes-a-el-cairo-y-asuan-4-dias\\\/#primaryimage\"},\"thumbnailUrl\":\"https:\\\/\\\/egytourpackages.com\\\/wp-content\\\/uploads\\\/2022\\\/12\\\/4-Days-Cairo-and-Aswan-Tour-Package.jpg\",\"datePublished\":\"2022-12-24T11:41:04+00:00\",\"dateModified\":\"2026-01-20T22:38:35+00:00\",\"description\":\"Reserva nuestro Paquete de Viajes a El Cairo y Asu\u00e1n 4 D\u00edas. Incluye Pir\u00e1mides de Giza, Gran Museo Egipcio, templos antiguos y vuelos. \u00a1Reserva hoy tu tour!\",\"breadcrumb\":{\"@id\":\"https:\\\/\\\/egytourpackages.com\\\/es\\\/tours\\\/paquete-de-viajes-a-el-cairo-y-asuan-4-dias\\\/#breadcrumb\"},\"inLanguage\":\"es\",\"potentialAction\":[{\"@type\":\"ReadAction\",\"target\":[\"https:\\\/\\\/egytourpackages.com\\\/es\\\/tours\\\/paquete-de-viajes-a-el-cairo-y-asuan-4-dias\\\/\"]}]},{\"@type\":\"ImageObject\",\"inLanguage\":\"es\",\"@id\":\"https:\\\/\\\/egytourpackages.com\\\/es\\\/tours\\\/paquete-de-viajes-a-el-cairo-y-asuan-4-dias\\\/#primaryimage\",\"url\":\"https:\\\/\\\/egytourpackages.com\\\/wp-content\\\/uploads\\\/2022\\\/12\\\/4-Days-Cairo-and-Aswan-Tour-Package.jpg\",\"contentUrl\":\"https:\\\/\\\/egytourpackages.com\\\/wp-content\\\/uploads\\\/2022\\\/12\\\/4-Days-Cairo-and-Aswan-Tour-Package.jpg\",\"width\":1800,\"height\":1200,\"caption\":\"Paquete de Viajes a El Cairo y Asu\u00e1n 4 D\u00edas\"},{\"@type\":\"BreadcrumbList\",\"@id\":\"https:\\\/\\\/egytourpackages.com\\\/es\\\/tours\\\/paquete-de-viajes-a-el-cairo-y-asuan-4-dias\\\/#breadcrumb\",\"itemListElement\":[{\"@type\":\"ListItem\",\"position\":1,\"name\":\"Home\",\"item\":\"https:\\\/\\\/egytourpackages.com\\\/es\\\/paquetes-de-viaje-a-egipto\\\/\"},{\"@type\":\"ListItem\",\"position\":2,\"name\":\"Shop\",\"item\":\"https:\\\/\\\/egytourpackages.com\\\/shop\\\/\"},{\"@type\":\"ListItem\",\"position\":3,\"name\":\"Paquete de Viajes a El Cairo y Asu\u00e1n 4 D\u00edas\"}]},{\"@type\":\"WebSite\",\"@id\":\"https:\\\/\\\/egytourpackages.com\\\/es\\\/#website\",\"url\":\"https:\\\/\\\/egytourpackages.com\\\/es\\\/\",\"name\":\"Egy tour packages\",\"description\":\"\",\"publisher\":{\"@id\":\"https:\\\/\\\/egytourpackages.com\\\/es\\\/#organization\"},\"potentialAction\":[{\"@type\":\"SearchAction\",\"target\":{\"@type\":\"EntryPoint\",\"urlTemplate\":\"https:\\\/\\\/egytourpackages.com\\\/es\\\/?s={search_term_string}\"},\"query-input\":{\"@type\":\"PropertyValueSpecification\",\"valueRequired\":true,\"valueName\":\"search_term_string\"}}],\"inLanguage\":\"es\"},{\"@type\":[\"Organization\",\"Place\",\"TravelAgency\"],\"@id\":\"https:\\\/\\\/egytourpackages.com\\\/es\\\/#organization\",\"name\":\"egypt tour packages\",\"alternateName\":\"egypt tour packages\",\"url\":\"https:\\\/\\\/egytourpackages.com\\\/es\\\/\",\"logo\":{\"@id\":\"https:\\\/\\\/egytourpackages.com\\\/es\\\/tours\\\/paquete-de-viajes-a-el-cairo-y-asuan-4-dias\\\/#local-main-organization-logo\"},\"image\":{\"@id\":\"https:\\\/\\\/egytourpackages.com\\\/es\\\/tours\\\/paquete-de-viajes-a-el-cairo-y-asuan-4-dias\\\/#local-main-organization-logo\"},\"sameAs\":[\"https:\\\/\\\/www.facebook.com\\\/egytourpackages\"],\"legalName\":\"Egy tour packages\",\"address\":{\"@id\":\"https:\\\/\\\/egytourpackages.com\\\/es\\\/tours\\\/paquete-de-viajes-a-el-cairo-y-asuan-4-dias\\\/#local-main-place-address\"},\"telephone\":[\"00201000852186\",\"00201028685533\"],\"contactPoint\":{\"@type\":\"ContactPoint\",\"telephone\":\"00201000852186\"},\"openingHoursSpecification\":[{\"@type\":\"OpeningHoursSpecification\",\"dayOfWeek\":[\"Monday\",\"Tuesday\",\"Wednesday\",\"Thursday\",\"Friday\",\"Saturday\",\"Sunday\"],\"opens\":\"00:00\",\"closes\":\"23:59\"}],\"email\":\"info@egytourpackages.com\",\"areaServed\":\"Cairo, Hurghada, Luxor, Sharm El Sheikh, Marsa Alam, Aswan\",\"priceRange\":\"$\",\"currenciesAccepted\":\"euro\",\"paymentAccepted\":\"Payment links online\"},{\"@type\":\"PostalAddress\",\"@id\":\"https:\\\/\\\/egytourpackages.com\\\/es\\\/tours\\\/paquete-de-viajes-a-el-cairo-y-asuan-4-dias\\\/#local-main-place-address\",\"streetAddress\":\"Mubarak 8, Al Kawthar District, Hurghada\",\"addressLocality\":\"Hurghada\",\"postalCode\":\"84511\",\"addressRegion\":\"Red Sea\",\"addressCountry\":\"EG\"},{\"@type\":\"ImageObject\",\"inLanguage\":\"es\",\"@id\":\"https:\\\/\\\/egytourpackages.com\\\/es\\\/tours\\\/paquete-de-viajes-a-el-cairo-y-asuan-4-dias\\\/#local-main-organization-logo\",\"url\":\"https:\\\/\\\/egytourpackages.com\\\/wp-content\\\/uploads\\\/2025\\\/12\\\/Turquoise-Dahabiya-Nile-Cruise-1.jpeg\",\"contentUrl\":\"https:\\\/\\\/egytourpackages.com\\\/wp-content\\\/uploads\\\/2025\\\/12\\\/Turquoise-Dahabiya-Nile-Cruise-1.jpeg\",\"width\":1040,\"height\":694,\"caption\":\"egypt tour packages\"}]}<\/script>\n<meta property=\"product:brand\" content=\"Paquetes de Tours en Egipto de 4 D\u00edas\" \/>\n<meta property=\"product:price:amount\" content=\"0\" \/>\n<meta property=\"product:price:currency\" content=\"EUR\" \/>\n<meta property=\"og:availability\" content=\"instock\" \/>\n<meta property=\"product:availability\" content=\"instock\" \/>\n<meta property=\"product:retailer_item_id\" content=\"ECT01\" \/>\n<meta property=\"product:condition\" content=\"new\" \/>\n<meta name=\"geo.placename\" content=\"Hurghada\" \/>\n<meta name=\"geo.region\" content=\"Egipto\" \/>\n<!-- \/ Yoast SEO Premium plugin. -->","yoast_head_json":{"title":"Paquete de Viajes a El Cairo y Asu\u00e1n 4 D\u00edas","description":"Reserva nuestro Paquete de Viajes a El Cairo y Asu\u00e1n 4 D\u00edas. Incluye Pir\u00e1mides de Giza, Gran Museo Egipcio, templos antiguos y vuelos. \u00a1Reserva hoy tu tour!","robots":{"index":"index","follow":"follow","max-snippet":"max-snippet:-1","max-image-preview":"max-image-preview:large","max-video-preview":"max-video-preview:-1"},"canonical":"https:\/\/egytourpackages.com\/es\/tours\/paquete-de-viajes-a-el-cairo-y-asuan-4-dias\/","og_locale":"es_ES","og_type":"article","og_title":"Paquete de Viajes a El Cairo y Asu\u00e1n 4 D\u00edas","og_description":"Reserva nuestro Paquete de Viajes a El Cairo y Asu\u00e1n 4 D\u00edas. Incluye Pir\u00e1mides de Giza, Gran Museo Egipcio, templos antiguos y vuelos. \u00a1Reserva hoy tu tour!","og_url":"https:\/\/egytourpackages.com\/es\/tours\/paquete-de-viajes-a-el-cairo-y-asuan-4-dias\/","og_site_name":"Egypt Tour Packages","article_publisher":"https:\/\/www.facebook.com\/egytourpackages","article_modified_time":"2026-01-20T22:38:35+00:00","og_image":[{"url":"https:\/\/egytourpackages.com\/wp-content\/uploads\/2022\/12\/4-Days-Cairo-and-Aswan-Tour-Package-1024x683.jpg","type":"","width":"","height":""}],"twitter_card":"summary_large_image","twitter_title":"Paquete de Viajes a El Cairo y Asu\u00e1n 4 D\u00edas","twitter_description":"Reserva nuestro Paquete de Viajes a El Cairo y Asu\u00e1n 4 D\u00edas. Incluye Pir\u00e1mides de Giza, Gran Museo Egipcio, templos antiguos y vuelos. \u00a1Reserva hoy tu tour!","twitter_image":"https:\/\/egytourpackages.com\/wp-content\/uploads\/2022\/12\/4-Days-Cairo-and-Aswan-Tour-Package-1024x683.jpg","twitter_misc":{"Precio":"&euro;0","Disponibilidad":"Disponible"},"schema":{"@context":"https:\/\/schema.org","@graph":[{"@type":"WebPage","@id":"https:\/\/egytourpackages.com\/es\/tours\/paquete-de-viajes-a-el-cairo-y-asuan-4-dias\/","url":"https:\/\/egytourpackages.com\/es\/tours\/paquete-de-viajes-a-el-cairo-y-asuan-4-dias\/","name":"Paquete de Viajes a El Cairo y Asu\u00e1n 4 D\u00edas","isPartOf":{"@id":"https:\/\/egytourpackages.com\/es\/#website"},"primaryImageOfPage":{"@id":"https:\/\/egytourpackages.com\/es\/tours\/paquete-de-viajes-a-el-cairo-y-asuan-4-dias\/#primaryimage"},"image":{"@id":"https:\/\/egytourpackages.com\/es\/tours\/paquete-de-viajes-a-el-cairo-y-asuan-4-dias\/#primaryimage"},"thumbnailUrl":"https:\/\/egytourpackages.com\/wp-content\/uploads\/2022\/12\/4-Days-Cairo-and-Aswan-Tour-Package.jpg","datePublished":"2022-12-24T11:41:04+00:00","dateModified":"2026-01-20T22:38:35+00:00","description":"Reserva nuestro Paquete de Viajes a El Cairo y Asu\u00e1n 4 D\u00edas. Incluye Pir\u00e1mides de Giza, Gran Museo Egipcio, templos antiguos y vuelos. \u00a1Reserva hoy tu tour!","breadcrumb":{"@id":"https:\/\/egytourpackages.com\/es\/tours\/paquete-de-viajes-a-el-cairo-y-asuan-4-dias\/#breadcrumb"},"inLanguage":"es","potentialAction":[{"@type":"ReadAction","target":["https:\/\/egytourpackages.com\/es\/tours\/paquete-de-viajes-a-el-cairo-y-asuan-4-dias\/"]}]},{"@type":"ImageObject","inLanguage":"es","@id":"https:\/\/egytourpackages.com\/es\/tours\/paquete-de-viajes-a-el-cairo-y-asuan-4-dias\/#primaryimage","url":"https:\/\/egytourpackages.com\/wp-content\/uploads\/2022\/12\/4-Days-Cairo-and-Aswan-Tour-Package.jpg","contentUrl":"https:\/\/egytourpackages.com\/wp-content\/uploads\/2022\/12\/4-Days-Cairo-and-Aswan-Tour-Package.jpg","width":1800,"height":1200,"caption":"Paquete de Viajes a El Cairo y Asu\u00e1n 4 D\u00edas"},{"@type":"BreadcrumbList","@id":"https:\/\/egytourpackages.com\/es\/tours\/paquete-de-viajes-a-el-cairo-y-asuan-4-dias\/#breadcrumb","itemListElement":[{"@type":"ListItem","position":1,"name":"Home","item":"https:\/\/egytourpackages.com\/es\/paquetes-de-viaje-a-egipto\/"},{"@type":"ListItem","position":2,"name":"Shop","item":"https:\/\/egytourpackages.com\/shop\/"},{"@type":"ListItem","position":3,"name":"Paquete de Viajes a El Cairo y Asu\u00e1n 4 D\u00edas"}]},{"@type":"WebSite","@id":"https:\/\/egytourpackages.com\/es\/#website","url":"https:\/\/egytourpackages.com\/es\/","name":"Egy tour packages","description":"","publisher":{"@id":"https:\/\/egytourpackages.com\/es\/#organization"},"potentialAction":[{"@type":"SearchAction","target":{"@type":"EntryPoint","urlTemplate":"https:\/\/egytourpackages.com\/es\/?s={search_term_string}"},"query-input":{"@type":"PropertyValueSpecification","valueRequired":true,"valueName":"search_term_string"}}],"inLanguage":"es"},{"@type":["Organization","Place","TravelAgency"],"@id":"https:\/\/egytourpackages.com\/es\/#organization","name":"egypt tour packages","alternateName":"egypt tour packages","url":"https:\/\/egytourpackages.com\/es\/","logo":{"@id":"https:\/\/egytourpackages.com\/es\/tours\/paquete-de-viajes-a-el-cairo-y-asuan-4-dias\/#local-main-organization-logo"},"image":{"@id":"https:\/\/egytourpackages.com\/es\/tours\/paquete-de-viajes-a-el-cairo-y-asuan-4-dias\/#local-main-organization-logo"},"sameAs":["https:\/\/www.facebook.com\/egytourpackages"],"legalName":"Egy tour packages","address":{"@id":"https:\/\/egytourpackages.com\/es\/tours\/paquete-de-viajes-a-el-cairo-y-asuan-4-dias\/#local-main-place-address"},"telephone":["00201000852186","00201028685533"],"contactPoint":{"@type":"ContactPoint","telephone":"00201000852186"},"openingHoursSpecification":[{"@type":"OpeningHoursSpecification","dayOfWeek":["Monday","Tuesday","Wednesday","Thursday","Friday","Saturday","Sunday"],"opens":"00:00","closes":"23:59"}],"email":"info@egytourpackages.com","areaServed":"Cairo, Hurghada, Luxor, Sharm El Sheikh, Marsa Alam, Aswan","priceRange":"$","currenciesAccepted":"euro","paymentAccepted":"Payment links online"},{"@type":"PostalAddress","@id":"https:\/\/egytourpackages.com\/es\/tours\/paquete-de-viajes-a-el-cairo-y-asuan-4-dias\/#local-main-place-address","streetAddress":"Mubarak 8, Al Kawthar District, Hurghada","addressLocality":"Hurghada","postalCode":"84511","addressRegion":"Red Sea","addressCountry":"EG"},{"@type":"ImageObject","inLanguage":"es","@id":"https:\/\/egytourpackages.com\/es\/tours\/paquete-de-viajes-a-el-cairo-y-asuan-4-dias\/#local-main-organization-logo","url":"https:\/\/egytourpackages.com\/wp-content\/uploads\/2025\/12\/Turquoise-Dahabiya-Nile-Cruise-1.jpeg","contentUrl":"https:\/\/egytourpackages.com\/wp-content\/uploads\/2025\/12\/Turquoise-Dahabiya-Nile-Cruise-1.jpeg","width":1040,"height":694,"caption":"egypt tour packages"}]},"product_brand":"Paquetes de Tours en Egipto de 4 D\u00edas","product_price_currency":"EUR","og_availability":"instock","product_availability":"instock","product_retailer_item_id":"ECT01","product_condition":"new","geo.placename":"Hurghada","geo.region":"Egipto"},"_links":{"self":[{"href":"https:\/\/egytourpackages.com\/es\/wp-json\/wp\/v2\/product\/10233","targetHints":{"allow":["GET"]}}],"collection":[{"href":"https:\/\/egytourpackages.com\/es\/wp-json\/wp\/v2\/product"}],"about":[{"href":"https:\/\/egytourpackages.com\/es\/wp-json\/wp\/v2\/types\/product"}],"replies":[{"embeddable":true,"href":"https:\/\/egytourpackages.com\/es\/wp-json\/wp\/v2\/comments?post=10233"}],"wp:featuredmedia":[{"embeddable":true,"href":"https:\/\/egytourpackages.com\/es\/wp-json\/wp\/v2\/media\/10234"}],"wp:attachment":[{"href":"https:\/\/egytourpackages.com\/es\/wp-json\/wp\/v2\/media?parent=10233"}],"wp:term":[{"taxonomy":"product_brand","embeddable":true,"href":"https:\/\/egytourpackages.com\/es\/wp-json\/wp\/v2\/product_brand?post=10233"},{"taxonomy":"product_cat","embeddable":true,"href":"https:\/\/egytourpackages.com\/es\/wp-json\/wp\/v2\/product_cat?post=10233"},{"taxonomy":"product_tag","embeddable":true,"href":"https:\/\/egytourpackages.com\/es\/wp-json\/wp\/v2\/product_tag?post=10233"}],"curies":[{"name":"wp","href":"https:\/\/api.w.org\/{rel}","templated":true}]}}