{"id":10238,"date":"2022-12-27T12:42:09","date_gmt":"2022-12-27T12:42:09","guid":{"rendered":"https:\/\/egytourpackages.com\/product\/viaje-a-egipto-4-dias-el-cairo-y-luxor\/"},"modified":"2026-01-06T22:30:20","modified_gmt":"2026-01-06T22:30:20","slug":"viaje-a-egipto-4-dias-el-cairo-y-luxor","status":"publish","type":"product","link":"https:\/\/egytourpackages.com\/es\/tours\/viaje-a-egipto-4-dias-el-cairo-y-luxor\/","title":{"rendered":"Viaje a Egipto 4 D\u00edas: El Cairo y Luxor"},"content":{"rendered":"<p><span style=\"color: #ff6600;\"><strong>Viaje a Egipto 4 D\u00edas: El Cairo y Luxor (Paquete Completo)<\/strong><\/span><\/p>\n<p>Reserve su inolvidable <strong>paquete de viaje a El Cairo y Luxor de 4 d\u00edas<\/strong>, dise\u00f1ado para descubrir las atracciones tur\u00edsticas m\u00e1s ic\u00f3nicas de <strong>El Cairo, Giza y Luxor<\/strong>.<\/p>\n<p>Este es el <strong>mejor paquete tur\u00edstico en Egipto<\/strong> para quienes nos visitan por primera vez y buscan una introducci\u00f3n completa a las maravillas del <strong>Antiguo Egipto<\/strong>.<\/p>\n<p>Su <strong>gu\u00eda egipt\u00f3logo privado<\/strong> lo llevar\u00e1 a trav\u00e9s de un itinerario curado para maximizar su <strong>experiencia de viaje en Egipto<\/strong>.<\/p>\n<p>En El Cairo, explorar\u00e1 <strong>lo mejor de El Cairo y Giza<\/strong>, incluyendo las imponentes <strong>Pir\u00e1mides de Giza<\/strong> (la <strong>Gran Pir\u00e1mide de Keops<\/strong>), la majestuosa <strong>Gran Esfinge<\/strong>, el antiguo <strong>Templo del Valle de Kefr\u00e9n<\/strong> y el <strong>Gran Museo Egipcio<\/strong>, lleno de tesoros.<\/p>\n<h3><span style=\"color: #ff6600;\">Estos <strong>tours de un d\u00eda en El Cairo<\/strong> ofrecen una visi\u00f3n profunda del rico legado fara\u00f3nico.<\/span><\/h3>\n<p>Contin\u00fae su viaje con cautivadores <strong>tours en Luxor<\/strong>, explorando sitios de la <strong>civilizaci\u00f3n egipcia antigua<\/strong>. Sea testigo del asombroso <strong>Templo de Karnak<\/strong>, el elegante <strong>Templo de Hatshepsut<\/strong> (Deir el-Bahari), los <strong>Colosos de Memn\u00f3n<\/strong> y sum\u00e9rjase en los misterios del <strong>Valle de los Reyes<\/strong>, incluyendo la legendaria <strong>Tumba de Tutankam\u00f3n<\/strong>.<\/p>\n<p>Este <strong>tour cl\u00e1sico por Egipto de 4 d\u00edas<\/strong> est\u00e1 planeado para garantizar una aventura fluida y enriquecedora.<\/p>\n<p>Incluye <strong>entradas a todos los sitios<\/strong> mencionados, <strong>gu\u00edas arque\u00f3logos<\/strong>, alojamiento de lujo y <strong>tours privados<\/strong> para una experiencia personalizada. \u00a1Cont\u00e1ctenos hoy para <strong>personalizar el mejor tour por Egipto<\/strong> y disfrutar de sus vacaciones so\u00f1adas!<\/p>\n<h3><span style=\"color: #ff6600;\">Lo m\u00e1s destacado del tour<\/span><\/h3>\n<ul>\n<li>Museo Egipcio<\/li>\n<li>Pir\u00e1mides de Giza<\/li>\n<li>Esfinge<\/li>\n<li>Templo del Valle<\/li>\n<li>Complejo del Templo de Karnak<\/li>\n<li>Valle de los Reyes<\/li>\n<li>Templo de Hatshepsut<\/li>\n<li>Colosos de Memn\u00f3n<\/li>\n<\/ul>\n<h3><span style=\"color: #ff6600;\">Informaci\u00f3n del Tour<\/span><\/h3>\n<ul>\n<li>Duraci\u00f3n: 4 D\u00edas \/ 3 Noches<\/li>\n<li>Recogida y Regreso: El Cairo<\/li>\n<li>Tipo de Tour: Tour Cl\u00e1sico por Egipto<\/li>\n<li>Idioma: Espa\u00f1ol \/ Ingl\u00e9s<\/li>\n<li>Disponibilidad: Diario bajo petici\u00f3n<\/li>\n<li>Ubicaci\u00f3n: El Cairo, Giza, Luxor<\/li>\n<\/ul>\n<h3><span style=\"color: #ff6600;\">Incluye<\/span><\/h3>\n<ul>\n<li>Asistencia en el aeropuerto de El Cairo<\/li>\n<li>3 Noches en hotel de 4 estrellas en El Cairo (Desayuno incluido)<\/li>\n<li>1 Noche en hotel de 4 estrellas en Luxor (Desayuno incluido)<\/li>\n<li>Todos los traslados en veh\u00edculos modernos y privados<\/li>\n<li>Entradas a todos los lugares mencionados en el programa<\/li>\n<li>Gu\u00eda egipt\u00f3logo experto de habla hispana\/inglesa<\/li>\n<li>Vuelos nacionales El Cairo &#8211; Luxor &#8211; El Cairo<\/li>\n<li>Todos los impuestos y cargos por servicio<\/li>\n<\/ul>\n<h3><span style=\"color: #ff6600;\">No Incluye<\/span><\/h3>\n<ul>\n<li>Vuelos internacionales<\/li>\n<li>Visado de entrada a Egipto ($25)<\/li>\n<li>Tours opcionales<\/li>\n<li>Entrada al interior de las pir\u00e1mides<\/li>\n<li>Tumba de Tutankam\u00f3n ($12 aprox.), Seti I ($70) o Rams\u00e9s V\/VI ($4)<\/li>\n<li>Propinas y bebidas<\/li>\n<\/ul>\n<h3><span style=\"color: #ff6600;\">\u00bfQu\u00e9 llevar a Egipto? (Imprescindibles)<\/span><\/h3>\n<ul>\n<li>Sombrero o gorra y gafas de sol<\/li>\n<li>Protector solar de alta protecci\u00f3n<\/li>\n<li>Pa\u00f1uelo o pashmina<\/li>\n<li>Mochila peque\u00f1a para excursiones<\/li>\n<li>Calzado c\u00f3modo para caminar<\/li>\n<li>Botella de agua reutilizable<\/li>\n<li>Ropa ligera (algod\u00f3n\/lino) y algo de abrigo para las noches o aire acondicionado<\/li>\n<\/ul>\n<h3><span style=\"color: #ff6600;\">Itinerario<\/span><\/h3>\n<h3><span style=\"color: #ff6600;\">D\u00eda 1: Llegada a El Cairo \u2013 \u00a1Bienvenidos a Egipto!<\/span><\/h3>\n<p>Nuestro representante lo asistir\u00e1 con los tr\u00e1mites de inmigraci\u00f3n en el aeropuerto. Traslado privado a su <strong>hotel en El Cairo<\/strong>. Disfrute de la <strong>cena<\/strong> en el hotel para comenzar sus <strong>vacaciones en Egipto<\/strong> con buen pie. <strong>Comidas:<\/strong> Cena<\/p>\n<h3><span style=\"color: #ff6600;\">D\u00eda 2: Maravillas de El Cairo y vuelo a Luxor<\/span><\/h3>\n<p>Desayuno y salida hacia la <strong>Meseta de Giza<\/strong>.<\/p>\n<ul>\n<li><strong>Gran Pir\u00e1mide de Keops:<\/strong> La \u00fanica de las <strong>Siete Maravillas del Mundo Antiguo<\/strong> que sigue en pie.<\/li>\n<li><strong>Pir\u00e1mide de Kefr\u00e9n:<\/strong> Famosa por conservar parte de su revestimiento original.<\/li>\n<li><strong>Punto Panor\u00e1mico:<\/strong> El mejor lugar para fotos de las tres pir\u00e1mides.<\/li>\n<li><strong>Gran Esfinge y Templo del Valle:<\/strong> Descubra el guardi\u00e1n de piedra y el lugar donde se realizaba la <strong>momificaci\u00f3n<\/strong>.<\/li>\n<\/ul>\n<h3><span style=\"color: #ff6600;\">Almuerzo: <\/span><\/h3>\n<p>En un restaurante local con <strong>comida t\u00edpica egipcia<\/strong>.<\/p>\n<h3><span style=\"color: #ff6600;\">Gran Museo Egipcio (GEM): <\/span><\/h3>\n<p>Explore los <strong>tesoros de Tutankam\u00f3n<\/strong> y la estatua de granito de <strong>Rams\u00e9s II<\/strong>. Al finalizar, traslado al aeropuerto para su vuelo a <strong>Luxor<\/strong>. Recepci\u00f3n y traslado al hotel.<\/p>\n<p><strong>Comidas:<\/strong> Desayuno, Almuerzo, Cena<\/p>\n<h3><span style=\"color: #ff6600;\">D\u00eda 3: Maravillas de Luxor (Ribera Occidental y Oriental)<\/span><\/h3>\n<p>Desayuno y exploraci\u00f3n de la antigua Tebas.<\/p>\n<ul>\n<li><strong>Ribera Occidental:<\/strong> Visite el <strong>Templo de Hatshepsut<\/strong>, conociendo el papel de las mujeres gobernantes. Luego, el <strong>Valle de los Reyes<\/strong>, donde podr\u00e1 entrar en la <strong>Tumba de Tutankam\u00f3n<\/strong> (opcional). Incluimos 3 tumbas reales adicionales. Finalmente, admire los <strong>Colosos de Memn\u00f3n<\/strong>.<\/li>\n<\/ul>\n<h3><span style=\"color: #ff6600;\">Almuerzo: <\/span><\/h3>\n<p>En un restaurante local.<\/p>\n<h3><span style=\"color: #ff6600;\">Ribera Oriental<\/span><\/h3>\n<p>Explore el <strong>Templo de Karnak<\/strong>, el complejo religioso m\u00e1s grande del mundo, dedicado al <strong>dios Am\u00f3n<\/strong>.<\/p>\n<p>Vuelo de regreso a El Cairo y traslado al hotel.<\/p>\n<p><strong>Comidas:<\/strong> Desayuno, Almuerzo, Cena<\/p>\n<h3><span style=\"color: #ff6600;\">D\u00eda 4: Salida de El Cairo \u2013 Extensiones Opcionales<\/span><\/h3>\n<p>Desayuno y tiempo libre hasta su traslado al <strong>Aeropuerto de El Cairo (CAI)<\/strong>. <strong>Opcional:<\/strong> Tour por el <strong>Museo de la Civilizaci\u00f3n (Momias Reales)<\/strong>, la <strong>Ciudadela de Saladino<\/strong> o el <strong>Barrio Copto<\/strong>. <strong>Comidas:<\/strong> Desayuno<\/p>\n<h3><span style=\"color: #ff6600;\">Precios y Reservas<\/span><\/h3>\n<ul>\n<li>Los precios se cotizan en D\u00f3lares Americanos por persona.<\/li>\n<li>Aceptamos pagos en efectivo ($), Euros (\u20ac) o Libras (\u00a3) seg\u00fan el cambio del d\u00eda.<\/li>\n<li><em>Nota: Suplemento del 35% en fechas especiales (Navidad, A\u00f1o Nuevo y Semana Santa).<\/em><\/li>\n<\/ul>\n<h3><span style=\"color: #ff6600;\">\u00bfPor qu\u00e9 reservar con Egy Tour Packages?<\/span><\/h3>\n<p>Nuestro objetivo es su satisfacci\u00f3n total, ofreciendo asistencia v\u00eda WhatsApp 24\/7 y gu\u00edas expertos para que su viaje sea perfecto de principio a fin.<\/p>\n<h3><span style=\"color: #ff6600;\">Preguntas Frecuentes<\/span><\/h3>\n<ul>\n<li>\u00bfIncluye seguro de viaje? No, recomendamos contratar uno de forma independiente.<\/li>\n<li>\u00bfC\u00f3mo pagar? Aceptamos tarjetas en hoteles, pero es vital llevar efectivo (Libras Egipcias) para mercados y propinas.<\/li>\n<\/ul>\n","protected":false},"excerpt":{"rendered":"<p>Reserva tu Viaje a Egipto 4 D\u00edas: El Cairo y Luxor. Incluye Pir\u00e1mides de Giza, Valle de los Reyes, vuelos y gu\u00eda experto. \u00a1Vive una aventura fara\u00f3nica hoy!<\/p>\n","protected":false},"featured_media":10241,"comment_status":"open","ping_status":"closed","template":"","meta":[],"product_brand":[],"product_cat":[3128],"product_tag":[3131,3212,3210,3244],"class_list":{"0":"post-10238","1":"product","2":"type-product","3":"status-publish","4":"has-post-thumbnail","6":"product_cat-tours","7":"product_tag-paquetes-de-viaje-a-egipto","8":"product_tag-paquetes-vacacionales-a-egipto","9":"product_tag-tours-clasicos-de-egipto","10":"product_tag-viajes-a-egipto","11":"tour_category-paquetes-de-tours-en-egipto-de-4-dias","12":"tour_category-paquetes-de-viaje-a-egipto-es","13":"tour_category-tours-clasicos-de-egipto-es","15":"first","16":"instock","17":"sale","18":"shipping-taxable","19":"purchasable","20":"product-type-tour","21":"has-default-attributes"},"yoast_head":"<!-- This site is optimized with the Yoast SEO Premium plugin v27.4 (Yoast SEO v27.4) - https:\/\/yoast.com\/product\/yoast-seo-premium-wordpress\/ -->\n<title>Viaje a Egipto 4 D\u00edas: El Cairo y Luxor: Egy tour packages<\/title>\n<meta name=\"description\" content=\"Reserva tu Viaje a Egipto 4 D\u00edas: El Cairo y Luxor. Incluye Pir\u00e1mides de Giza, Valle de los Reyes, vuelos y gu\u00eda experto. \u00a1Vive una aventura fara\u00f3nica hoy!\" \/>\n<meta name=\"robots\" content=\"index, follow, max-snippet:-1, max-image-preview:large, max-video-preview:-1\" \/>\n<link rel=\"canonical\" href=\"https:\/\/egytourpackages.com\/es\/tours\/viaje-a-egipto-4-dias-el-cairo-y-luxor\/\" \/>\n<meta property=\"og:locale\" content=\"es_ES\" \/>\n<meta property=\"og:type\" content=\"article\" \/>\n<meta property=\"og:title\" content=\"Viaje a Egipto 4 D\u00edas: El Cairo y Luxor\" \/>\n<meta property=\"og:description\" content=\"Reserva tu Viaje a Egipto 4 D\u00edas: El Cairo y Luxor. Incluye Pir\u00e1mides de Giza, Valle de los Reyes, vuelos y gu\u00eda experto. \u00a1Vive una aventura fara\u00f3nica hoy!\" \/>\n<meta property=\"og:url\" content=\"https:\/\/egytourpackages.com\/es\/tours\/viaje-a-egipto-4-dias-el-cairo-y-luxor\/\" \/>\n<meta property=\"og:site_name\" content=\"Egypt Tour Packages\" \/>\n<meta property=\"article:publisher\" content=\"https:\/\/www.facebook.com\/egytourpackages\" \/>\n<meta property=\"article:modified_time\" content=\"2026-01-06T22:30:20+00:00\" \/>\n<meta property=\"og:image\" content=\"https:\/\/egytourpackages.com\/wp-content\/uploads\/2022\/12\/Luxor-temple.jpg\" \/>\n<meta name=\"twitter:card\" content=\"summary_large_image\" \/>\n<meta name=\"twitter:title\" content=\"Viaje a Egipto 4 D\u00edas: El Cairo y Luxor\" \/>\n<meta name=\"twitter:label1\" content=\"Precio\" \/>\n\t<meta name=\"twitter:data1\" content=\"&euro;0\" \/>\n\t<meta name=\"twitter:label2\" content=\"Disponibilidad\" \/>\n\t<meta name=\"twitter:data2\" content=\"Disponible\" \/>\n<script type=\"application\/ld+json\" class=\"yoast-schema-graph\">{\"@context\":\"https:\\\/\\\/schema.org\",\"@graph\":[{\"@type\":\"WebPage\",\"@id\":\"https:\\\/\\\/egytourpackages.com\\\/es\\\/tours\\\/viaje-a-egipto-4-dias-el-cairo-y-luxor\\\/\",\"url\":\"https:\\\/\\\/egytourpackages.com\\\/es\\\/tours\\\/viaje-a-egipto-4-dias-el-cairo-y-luxor\\\/\",\"name\":\"Viaje a Egipto 4 D\u00edas: El Cairo y Luxor: Egy tour packages\",\"isPartOf\":{\"@id\":\"https:\\\/\\\/egytourpackages.com\\\/es\\\/#website\"},\"primaryImageOfPage\":{\"@id\":\"https:\\\/\\\/egytourpackages.com\\\/es\\\/tours\\\/viaje-a-egipto-4-dias-el-cairo-y-luxor\\\/#primaryimage\"},\"image\":{\"@id\":\"https:\\\/\\\/egytourpackages.com\\\/es\\\/tours\\\/viaje-a-egipto-4-dias-el-cairo-y-luxor\\\/#primaryimage\"},\"thumbnailUrl\":\"https:\\\/\\\/egytourpackages.com\\\/wp-content\\\/uploads\\\/2022\\\/12\\\/Luxor-temple.jpg\",\"datePublished\":\"2022-12-27T12:42:09+00:00\",\"dateModified\":\"2026-01-06T22:30:20+00:00\",\"description\":\"Reserva tu Viaje a Egipto 4 D\u00edas: El Cairo y Luxor. Incluye Pir\u00e1mides de Giza, Valle de los Reyes, vuelos y gu\u00eda experto. \u00a1Vive una aventura fara\u00f3nica hoy!\",\"breadcrumb\":{\"@id\":\"https:\\\/\\\/egytourpackages.com\\\/es\\\/tours\\\/viaje-a-egipto-4-dias-el-cairo-y-luxor\\\/#breadcrumb\"},\"inLanguage\":\"es\",\"potentialAction\":[{\"@type\":\"ReadAction\",\"target\":[\"https:\\\/\\\/egytourpackages.com\\\/es\\\/tours\\\/viaje-a-egipto-4-dias-el-cairo-y-luxor\\\/\"]}]},{\"@type\":\"ImageObject\",\"inLanguage\":\"es\",\"@id\":\"https:\\\/\\\/egytourpackages.com\\\/es\\\/tours\\\/viaje-a-egipto-4-dias-el-cairo-y-luxor\\\/#primaryimage\",\"url\":\"https:\\\/\\\/egytourpackages.com\\\/wp-content\\\/uploads\\\/2022\\\/12\\\/Luxor-temple.jpg\",\"contentUrl\":\"https:\\\/\\\/egytourpackages.com\\\/wp-content\\\/uploads\\\/2022\\\/12\\\/Luxor-temple.jpg\",\"width\":1000,\"height\":667,\"caption\":\"Viaje a Egipto 4 D\u00edas: El Cairo y Luxor\"},{\"@type\":\"BreadcrumbList\",\"@id\":\"https:\\\/\\\/egytourpackages.com\\\/es\\\/tours\\\/viaje-a-egipto-4-dias-el-cairo-y-luxor\\\/#breadcrumb\",\"itemListElement\":[{\"@type\":\"ListItem\",\"position\":1,\"name\":\"Home\",\"item\":\"https:\\\/\\\/egytourpackages.com\\\/es\\\/paquetes-de-viaje-a-egipto\\\/\"},{\"@type\":\"ListItem\",\"position\":2,\"name\":\"Shop\",\"item\":\"https:\\\/\\\/egytourpackages.com\\\/shop\\\/\"},{\"@type\":\"ListItem\",\"position\":3,\"name\":\"Viaje a Egipto 4 D\u00edas: El Cairo y Luxor\"}]},{\"@type\":\"WebSite\",\"@id\":\"https:\\\/\\\/egytourpackages.com\\\/es\\\/#website\",\"url\":\"https:\\\/\\\/egytourpackages.com\\\/es\\\/\",\"name\":\"Egy tour packages\",\"description\":\"\",\"publisher\":{\"@id\":\"https:\\\/\\\/egytourpackages.com\\\/es\\\/#organization\"},\"potentialAction\":[{\"@type\":\"SearchAction\",\"target\":{\"@type\":\"EntryPoint\",\"urlTemplate\":\"https:\\\/\\\/egytourpackages.com\\\/es\\\/?s={search_term_string}\"},\"query-input\":{\"@type\":\"PropertyValueSpecification\",\"valueRequired\":true,\"valueName\":\"search_term_string\"}}],\"inLanguage\":\"es\"},{\"@type\":[\"Organization\",\"Place\",\"TravelAgency\"],\"@id\":\"https:\\\/\\\/egytourpackages.com\\\/es\\\/#organization\",\"name\":\"egypt tour packages\",\"alternateName\":\"egypt tour packages\",\"url\":\"https:\\\/\\\/egytourpackages.com\\\/es\\\/\",\"logo\":{\"@id\":\"https:\\\/\\\/egytourpackages.com\\\/es\\\/tours\\\/viaje-a-egipto-4-dias-el-cairo-y-luxor\\\/#local-main-organization-logo\"},\"image\":{\"@id\":\"https:\\\/\\\/egytourpackages.com\\\/es\\\/tours\\\/viaje-a-egipto-4-dias-el-cairo-y-luxor\\\/#local-main-organization-logo\"},\"sameAs\":[\"https:\\\/\\\/www.facebook.com\\\/egytourpackages\"],\"legalName\":\"Egy tour packages\",\"address\":{\"@id\":\"https:\\\/\\\/egytourpackages.com\\\/es\\\/tours\\\/viaje-a-egipto-4-dias-el-cairo-y-luxor\\\/#local-main-place-address\"},\"telephone\":[\"00201000852186\",\"00201028685533\"],\"contactPoint\":{\"@type\":\"ContactPoint\",\"telephone\":\"00201000852186\"},\"openingHoursSpecification\":[{\"@type\":\"OpeningHoursSpecification\",\"dayOfWeek\":[\"Monday\",\"Tuesday\",\"Wednesday\",\"Thursday\",\"Friday\",\"Saturday\",\"Sunday\"],\"opens\":\"00:00\",\"closes\":\"23:59\"}],\"email\":\"info@egytourpackages.com\",\"areaServed\":\"Cairo, Hurghada, Luxor, Sharm El Sheikh, Marsa Alam, Aswan\",\"priceRange\":\"$\",\"currenciesAccepted\":\"euro\",\"paymentAccepted\":\"Payment links online\"},{\"@type\":\"PostalAddress\",\"@id\":\"https:\\\/\\\/egytourpackages.com\\\/es\\\/tours\\\/viaje-a-egipto-4-dias-el-cairo-y-luxor\\\/#local-main-place-address\",\"streetAddress\":\"Mubarak 8, Al Kawthar District, Hurghada\",\"addressLocality\":\"Hurghada\",\"postalCode\":\"84511\",\"addressRegion\":\"Red Sea\",\"addressCountry\":\"EG\"},{\"@type\":\"ImageObject\",\"inLanguage\":\"es\",\"@id\":\"https:\\\/\\\/egytourpackages.com\\\/es\\\/tours\\\/viaje-a-egipto-4-dias-el-cairo-y-luxor\\\/#local-main-organization-logo\",\"url\":\"https:\\\/\\\/egytourpackages.com\\\/wp-content\\\/uploads\\\/2025\\\/12\\\/Turquoise-Dahabiya-Nile-Cruise-1.jpeg\",\"contentUrl\":\"https:\\\/\\\/egytourpackages.com\\\/wp-content\\\/uploads\\\/2025\\\/12\\\/Turquoise-Dahabiya-Nile-Cruise-1.jpeg\",\"width\":1040,\"height\":694,\"caption\":\"egypt tour packages\"}]}<\/script>\n<meta property=\"product:brand\" content=\"Paquetes de Tours en Egipto de 4 D\u00edas\" \/>\n<meta property=\"product:price:amount\" content=\"0\" \/>\n<meta property=\"product:price:currency\" content=\"EUR\" \/>\n<meta property=\"og:availability\" content=\"instock\" \/>\n<meta property=\"product:availability\" content=\"instock\" \/>\n<meta property=\"product:retailer_item_id\" content=\"ECT02\" \/>\n<meta property=\"product:condition\" content=\"new\" \/>\n<meta name=\"geo.placename\" content=\"Hurghada\" \/>\n<meta name=\"geo.region\" content=\"Egipto\" \/>\n<!-- \/ Yoast SEO Premium plugin. -->","yoast_head_json":{"title":"Viaje a Egipto 4 D\u00edas: El Cairo y Luxor: Egy tour packages","description":"Reserva tu Viaje a Egipto 4 D\u00edas: El Cairo y Luxor. Incluye Pir\u00e1mides de Giza, Valle de los Reyes, vuelos y gu\u00eda experto. \u00a1Vive una aventura fara\u00f3nica hoy!","robots":{"index":"index","follow":"follow","max-snippet":"max-snippet:-1","max-image-preview":"max-image-preview:large","max-video-preview":"max-video-preview:-1"},"canonical":"https:\/\/egytourpackages.com\/es\/tours\/viaje-a-egipto-4-dias-el-cairo-y-luxor\/","og_locale":"es_ES","og_type":"article","og_title":"Viaje a Egipto 4 D\u00edas: El Cairo y Luxor","og_description":"Reserva tu Viaje a Egipto 4 D\u00edas: El Cairo y Luxor. Incluye Pir\u00e1mides de Giza, Valle de los Reyes, vuelos y gu\u00eda experto. \u00a1Vive una aventura fara\u00f3nica hoy!","og_url":"https:\/\/egytourpackages.com\/es\/tours\/viaje-a-egipto-4-dias-el-cairo-y-luxor\/","og_site_name":"Egypt Tour Packages","article_publisher":"https:\/\/www.facebook.com\/egytourpackages","article_modified_time":"2026-01-06T22:30:20+00:00","og_image":[{"url":"https:\/\/egytourpackages.com\/wp-content\/uploads\/2022\/12\/Luxor-temple.jpg","type":"","width":"","height":""}],"twitter_card":"summary_large_image","twitter_title":"Viaje a Egipto 4 D\u00edas: El Cairo y Luxor","twitter_misc":{"Precio":"&euro;0","Disponibilidad":"Disponible"},"schema":{"@context":"https:\/\/schema.org","@graph":[{"@type":"WebPage","@id":"https:\/\/egytourpackages.com\/es\/tours\/viaje-a-egipto-4-dias-el-cairo-y-luxor\/","url":"https:\/\/egytourpackages.com\/es\/tours\/viaje-a-egipto-4-dias-el-cairo-y-luxor\/","name":"Viaje a Egipto 4 D\u00edas: El Cairo y Luxor: Egy tour packages","isPartOf":{"@id":"https:\/\/egytourpackages.com\/es\/#website"},"primaryImageOfPage":{"@id":"https:\/\/egytourpackages.com\/es\/tours\/viaje-a-egipto-4-dias-el-cairo-y-luxor\/#primaryimage"},"image":{"@id":"https:\/\/egytourpackages.com\/es\/tours\/viaje-a-egipto-4-dias-el-cairo-y-luxor\/#primaryimage"},"thumbnailUrl":"https:\/\/egytourpackages.com\/wp-content\/uploads\/2022\/12\/Luxor-temple.jpg","datePublished":"2022-12-27T12:42:09+00:00","dateModified":"2026-01-06T22:30:20+00:00","description":"Reserva tu Viaje a Egipto 4 D\u00edas: El Cairo y Luxor. Incluye Pir\u00e1mides de Giza, Valle de los Reyes, vuelos y gu\u00eda experto. \u00a1Vive una aventura fara\u00f3nica hoy!","breadcrumb":{"@id":"https:\/\/egytourpackages.com\/es\/tours\/viaje-a-egipto-4-dias-el-cairo-y-luxor\/#breadcrumb"},"inLanguage":"es","potentialAction":[{"@type":"ReadAction","target":["https:\/\/egytourpackages.com\/es\/tours\/viaje-a-egipto-4-dias-el-cairo-y-luxor\/"]}]},{"@type":"ImageObject","inLanguage":"es","@id":"https:\/\/egytourpackages.com\/es\/tours\/viaje-a-egipto-4-dias-el-cairo-y-luxor\/#primaryimage","url":"https:\/\/egytourpackages.com\/wp-content\/uploads\/2022\/12\/Luxor-temple.jpg","contentUrl":"https:\/\/egytourpackages.com\/wp-content\/uploads\/2022\/12\/Luxor-temple.jpg","width":1000,"height":667,"caption":"Viaje a Egipto 4 D\u00edas: El Cairo y Luxor"},{"@type":"BreadcrumbList","@id":"https:\/\/egytourpackages.com\/es\/tours\/viaje-a-egipto-4-dias-el-cairo-y-luxor\/#breadcrumb","itemListElement":[{"@type":"ListItem","position":1,"name":"Home","item":"https:\/\/egytourpackages.com\/es\/paquetes-de-viaje-a-egipto\/"},{"@type":"ListItem","position":2,"name":"Shop","item":"https:\/\/egytourpackages.com\/shop\/"},{"@type":"ListItem","position":3,"name":"Viaje a Egipto 4 D\u00edas: El Cairo y Luxor"}]},{"@type":"WebSite","@id":"https:\/\/egytourpackages.com\/es\/#website","url":"https:\/\/egytourpackages.com\/es\/","name":"Egy tour packages","description":"","publisher":{"@id":"https:\/\/egytourpackages.com\/es\/#organization"},"potentialAction":[{"@type":"SearchAction","target":{"@type":"EntryPoint","urlTemplate":"https:\/\/egytourpackages.com\/es\/?s={search_term_string}"},"query-input":{"@type":"PropertyValueSpecification","valueRequired":true,"valueName":"search_term_string"}}],"inLanguage":"es"},{"@type":["Organization","Place","TravelAgency"],"@id":"https:\/\/egytourpackages.com\/es\/#organization","name":"egypt tour packages","alternateName":"egypt tour packages","url":"https:\/\/egytourpackages.com\/es\/","logo":{"@id":"https:\/\/egytourpackages.com\/es\/tours\/viaje-a-egipto-4-dias-el-cairo-y-luxor\/#local-main-organization-logo"},"image":{"@id":"https:\/\/egytourpackages.com\/es\/tours\/viaje-a-egipto-4-dias-el-cairo-y-luxor\/#local-main-organization-logo"},"sameAs":["https:\/\/www.facebook.com\/egytourpackages"],"legalName":"Egy tour packages","address":{"@id":"https:\/\/egytourpackages.com\/es\/tours\/viaje-a-egipto-4-dias-el-cairo-y-luxor\/#local-main-place-address"},"telephone":["00201000852186","00201028685533"],"contactPoint":{"@type":"ContactPoint","telephone":"00201000852186"},"openingHoursSpecification":[{"@type":"OpeningHoursSpecification","dayOfWeek":["Monday","Tuesday","Wednesday","Thursday","Friday","Saturday","Sunday"],"opens":"00:00","closes":"23:59"}],"email":"info@egytourpackages.com","areaServed":"Cairo, Hurghada, Luxor, Sharm El Sheikh, Marsa Alam, Aswan","priceRange":"$","currenciesAccepted":"euro","paymentAccepted":"Payment links online"},{"@type":"PostalAddress","@id":"https:\/\/egytourpackages.com\/es\/tours\/viaje-a-egipto-4-dias-el-cairo-y-luxor\/#local-main-place-address","streetAddress":"Mubarak 8, Al Kawthar District, Hurghada","addressLocality":"Hurghada","postalCode":"84511","addressRegion":"Red Sea","addressCountry":"EG"},{"@type":"ImageObject","inLanguage":"es","@id":"https:\/\/egytourpackages.com\/es\/tours\/viaje-a-egipto-4-dias-el-cairo-y-luxor\/#local-main-organization-logo","url":"https:\/\/egytourpackages.com\/wp-content\/uploads\/2025\/12\/Turquoise-Dahabiya-Nile-Cruise-1.jpeg","contentUrl":"https:\/\/egytourpackages.com\/wp-content\/uploads\/2025\/12\/Turquoise-Dahabiya-Nile-Cruise-1.jpeg","width":1040,"height":694,"caption":"egypt tour packages"}]},"product_brand":"Paquetes de Tours en Egipto de 4 D\u00edas","product_price_currency":"EUR","og_availability":"instock","product_availability":"instock","product_retailer_item_id":"ECT02","product_condition":"new","geo.placename":"Hurghada","geo.region":"Egipto"},"_links":{"self":[{"href":"https:\/\/egytourpackages.com\/es\/wp-json\/wp\/v2\/product\/10238","targetHints":{"allow":["GET"]}}],"collection":[{"href":"https:\/\/egytourpackages.com\/es\/wp-json\/wp\/v2\/product"}],"about":[{"href":"https:\/\/egytourpackages.com\/es\/wp-json\/wp\/v2\/types\/product"}],"replies":[{"embeddable":true,"href":"https:\/\/egytourpackages.com\/es\/wp-json\/wp\/v2\/comments?post=10238"}],"wp:featuredmedia":[{"embeddable":true,"href":"https:\/\/egytourpackages.com\/es\/wp-json\/wp\/v2\/media\/10241"}],"wp:attachment":[{"href":"https:\/\/egytourpackages.com\/es\/wp-json\/wp\/v2\/media?parent=10238"}],"wp:term":[{"taxonomy":"product_brand","embeddable":true,"href":"https:\/\/egytourpackages.com\/es\/wp-json\/wp\/v2\/product_brand?post=10238"},{"taxonomy":"product_cat","embeddable":true,"href":"https:\/\/egytourpackages.com\/es\/wp-json\/wp\/v2\/product_cat?post=10238"},{"taxonomy":"product_tag","embeddable":true,"href":"https:\/\/egytourpackages.com\/es\/wp-json\/wp\/v2\/product_tag?post=10238"}],"curies":[{"name":"wp","href":"https:\/\/api.w.org\/{rel}","templated":true}]}}